{"id":230,"date":"2025-11-24T09:48:04","date_gmt":"2025-11-24T09:48:04","guid":{"rendered":"https:\/\/square-balers.com\/?post_type=product&#038;p=230"},"modified":"2025-12-18T03:02:34","modified_gmt":"2025-12-18T03:02:34","slug":"4byh-3-25-kidneybonner-oprydningsmaskine","status":"publish","type":"product","link":"https:\/\/square-balers.com\/da\/vare\/4byh-3-25-kidneybonner-oprydningsmaskine\/","title":{"rendered":"Type 4BYH-3.25 Kidneyb\u00f8nneroprydningsmaskine (5 kamme)"},"content":{"rendered":"<p data-start=\"306\" data-end=\"335\">Type 4BYH-3.25 kidneyb\u00f8nneroprydningsmaskine (5 riller) er en avanceret landbrugsmaskine designet til at forbedre effektiviteten af \u200b\u200bb\u00f8nneh\u00f8st. Denne maskine er specielt designet til h\u00f8st af kidneyb\u00f8nner, hvilket minimerer skader p\u00e5 afgr\u00f8den og g\u00f8r den ideel til storskala landbrugsdrift. Den har fem furer for at sikre optimal ydeevne under en r\u00e6kke forskellige markforhold.<\/p>\n<h2 data-start=\"306\" data-end=\"335\">Tekniske specifikationer<\/h2>\n<div class=\"_tableContainer_1rjym_1\">\n<div class=\"group _tableWrapper_1rjym_13 flex w-fit flex-col-reverse\" tabindex=\"-1\">\n<table class=\"w-fit min-w-(--thread-content-width)\" style=\"border-color: #000000;\" data-start=\"337\" data-end=\"1514\">\n<thead data-start=\"337\" data-end=\"418\">\n<tr data-start=\"337\" data-end=\"418\">\n<th data-start=\"337\" data-end=\"367\" data-col-size=\"sm\">Punkt<\/th>\n<th data-start=\"367\" data-end=\"384\" data-col-size=\"sm\">Enhed<\/th>\n<th data-start=\"384\" data-end=\"418\" data-col-size=\"md\">Specifikation<\/th>\n<\/tr>\n<\/thead>\n<tbody data-start=\"501\" data-end=\"1514\">\n<tr data-start=\"501\" data-end=\"603\">\n<td data-start=\"501\" data-end=\"532\" data-col-size=\"sm\">Modelnavn<\/td>\n<td data-col-size=\"sm\" data-start=\"532\" data-end=\"549\">–<\/td>\n<td data-col-size=\"md\" data-start=\"549\" data-end=\"603\">4BYH-3.25 Kidneyb\u00f8nneroprydningsmaskine (5 kamme)<\/td>\n<\/tr>\n<tr data-start=\"604\" data-end=\"685\">\n<td data-start=\"604\" data-end=\"635\" data-col-size=\"sm\">Forbindelsesmetode<\/td>\n<td data-col-size=\"sm\" data-start=\"635\" data-end=\"652\">–<\/td>\n<td data-col-size=\"md\" data-start=\"652\" data-end=\"685\">Tr\u00e6kkrafttype<\/td>\n<\/tr>\n<tr data-start=\"686\" data-end=\"767\">\n<td data-start=\"686\" data-end=\"717\" data-col-size=\"sm\">Opsamlingsmekanisme<\/td>\n<td data-col-size=\"sm\" data-start=\"717\" data-end=\"734\">–<\/td>\n<td data-col-size=\"md\" data-start=\"734\" data-end=\"767\">Fjedertype<\/td>\n<\/tr>\n<tr data-start=\"768\" data-end=\"850\">\n<td data-start=\"768\" data-end=\"799\" data-col-size=\"sm\">Arbejdsbredde<\/td>\n<td data-col-size=\"sm\" data-start=\"799\" data-end=\"816\">m<\/td>\n<td data-col-size=\"md\" data-start=\"816\" data-end=\"850\">3.25<\/td>\n<\/tr>\n<tr data-start=\"851\" data-end=\"933\">\n<td data-start=\"851\" data-end=\"882\" data-col-size=\"sm\">Str\u00f8mforsyningsomr\u00e5de<\/td>\n<td data-col-size=\"sm\" data-start=\"882\" data-end=\"899\">kW<\/td>\n<td data-col-size=\"md\" data-start=\"899\" data-end=\"933\">103-132<\/td>\n<\/tr>\n<tr data-start=\"934\" data-end=\"1016\">\n<td data-start=\"934\" data-end=\"965\" data-col-size=\"sm\">Arbejdshastighedsomr\u00e5de<\/td>\n<td data-col-size=\"sm\" data-start=\"965\" data-end=\"982\">km\/t<\/td>\n<td data-col-size=\"md\" data-start=\"982\" data-end=\"1016\">6-10<\/td>\n<\/tr>\n<tr data-start=\"1017\" data-end=\"1099\">\n<td data-start=\"1017\" data-end=\"1048\" data-col-size=\"sm\">Samlede dimensioner<\/td>\n<td data-col-size=\"sm\" data-start=\"1048\" data-end=\"1065\">mm<\/td>\n<td data-col-size=\"md\" data-start=\"1065\" data-end=\"1099\">3800\u00d73400\u00d71500<\/td>\n<\/tr>\n<tr data-start=\"1100\" data-end=\"1182\">\n<td data-start=\"1100\" data-end=\"1131\" data-col-size=\"sm\">Udgangseffekt Hastighed<\/td>\n<td data-col-size=\"sm\" data-start=\"1131\" data-end=\"1148\">omdr.\/min.<\/td>\n<td data-col-size=\"md\" data-start=\"1148\" data-end=\"1182\">540<\/td>\n<\/tr>\n<tr data-start=\"1183\" data-end=\"1265\">\n<td data-start=\"1183\" data-end=\"1214\" data-col-size=\"sm\">Hjulafstand<\/td>\n<td data-col-size=\"sm\" data-start=\"1214\" data-end=\"1231\">mm<\/td>\n<td data-col-size=\"md\" data-start=\"1231\" data-end=\"1265\">3250<\/td>\n<\/tr>\n<tr data-start=\"1266\" data-end=\"1348\">\n<td data-start=\"1266\" data-end=\"1297\" data-col-size=\"sm\">Produktionseffektivitet<\/td>\n<td data-col-size=\"sm\" data-start=\"1297\" data-end=\"1314\">hm\u00b2\/t<\/td>\n<td data-col-size=\"md\" data-start=\"1314\" data-end=\"1348\">1.95-3.25<\/td>\n<\/tr>\n<tr data-start=\"1349\" data-end=\"1431\">\n<td data-start=\"1349\" data-end=\"1380\" data-col-size=\"sm\">Antal operat\u00f8rer<\/td>\n<td data-col-size=\"sm\" data-start=\"1380\" data-end=\"1397\">mennesker<\/td>\n<td data-col-size=\"md\" data-start=\"1397\" data-end=\"1431\">1<\/td>\n<\/tr>\n<tr data-start=\"1432\" data-end=\"1514\">\n<td data-start=\"1432\" data-end=\"1463\" data-col-size=\"sm\">Samlet maskinv\u00e6gt<\/td>\n<td data-col-size=\"sm\" data-start=\"1463\" data-end=\"1480\">kg<\/td>\n<td data-col-size=\"md\" data-start=\"1480\" data-end=\"1514\">1540<\/td>\n<\/tr>\n<\/tbody>\n<\/table>\n<h2>Produktdefinition<\/h2>\n<\/div>\n<\/div>\n<p>Type 4BYH-3.25 kidneyb\u00f8nneroprydningsmaskine (5 riller) er et yderst effektivt landbrugsredskab til oprydning af kidneyb\u00f8nner. Dens unikke femrillede design hj\u00e6lper med at adskille og h\u00f8ste b\u00f8nner, samtidig med at afgr\u00f8deskader minimeres. Denne maskine er ideel til storstilet landbrugsproduktion med det form\u00e5l at forbedre h\u00f8steffektiviteten og reducere l\u00f8nomkostningerne.<\/p>\n<h2>Probleml\u00f8sning og anvendelser<\/h2>\n<p>Oprydning af kidneyb\u00f8nner er en tidskr\u00e6vende og arbejdsintensiv opgave, is\u00e6r p\u00e5 store g\u00e5rde. 4BYH-3.25 l\u00f8ser dette problem ved at automatisere h\u00f8stprocessen, hvilket forbedrer hastighed og effektivitet betydeligt. Denne maskine er designet til at h\u00e5ndtere uj\u00e6vnt terr\u00e6n og leverer ensartet ydeevne p\u00e5 tv\u00e6rs af forskellige jordtyper. Den reducerer ogs\u00e5 l\u00f8nomkostningerne betydeligt, der er forbundet med traditionelle manuelle h\u00f8stmetoder.<\/p>\n<p>Maskinens prim\u00e6re form\u00e5l er automatisk at h\u00f8ste kidneyb\u00f8nner, hvilket g\u00f8r det muligt for landm\u00e6nd at h\u00f8ste afgr\u00f8der effektivt med minimal menneskelig indgriben. Den er designet til storskala landbrugsdrift, reducerer h\u00e5ndteringstiden for afgr\u00f8der og muligg\u00f8r en mere str\u00f8mlinet landbrugsproduktionsproces.<\/p>\n<h2>Produktfordele<\/h2>\n<h3>1. H\u00f8j effektivitet<\/h3>\n<p>Kidneyb\u00f8nneroprydningsmaskinen type 4BYH-3.25 (5 kamme) er designet til at forbedre h\u00f8sthastigheden betydeligt. Den kan bearbejde store marker p\u00e5 en br\u00f8kdel af den tid, det ville kr\u00e6ve manuelt arbejde, hvilket drastisk reducerer den tid, der er n\u00f8dvendig for at h\u00f8ste kidneyb\u00f8nner.<\/p>\n<h3>2. Minimerer afgr\u00f8deskader<\/h3>\n<p>Denne maskine bruger et sofistikeret system til forsigtigt at oprykke kidneyb\u00f8nner uden at beskadige planten eller b\u00f8nnerne, hvilket sikrer en h\u00f8st af h\u00f8jere kvalitet. I mods\u00e6tning til manuel h\u00f8st, som kan for\u00e5rsage skade p\u00e5 sarte b\u00f8nner, garanterer maskinen, at afgr\u00f8derne forbliver intakte og bevarer deres v\u00e6rdi.<\/p>\n<h3>3. Alsidigt design<\/h3>\n<p>5-kammet design muligg\u00f8r nem navigation p\u00e5 tv\u00e6rs af forskellige markforhold, herunder uj\u00e6vnt eller uj\u00e6vnt terr\u00e6n. Denne alsidighed g\u00f8r den velegnet til forskellige typer landbrugsmilj\u00f8er, hvilket g\u00f8r den til en v\u00e6rdifuld investering for landm\u00e6nd med varierede markforhold.<\/p>\n<h3>4. Holdbar konstruktion<\/h3>\n<p>Maskinen Type 4BYH-3.25 er bygget med materialer af h\u00f8j kvalitet og designet til at modst\u00e5 kontinuerlig brug i barske landbrugsmilj\u00f8er. Dens robuste konstruktion sikrer en lang levetid, selv under kr\u00e6vende forhold, hvilket minimerer behovet for hyppige reparationer.<\/p>\n<h3>5. Omkostningseffektiv<\/h3>\n<p>Selvom den oprindelige investering i denne maskine kan v\u00e6re h\u00f8jere end manuel arbejdskraft, betaler den sig hurtigt af ved at reducere l\u00f8nomkostningerne, \u00f8ge h\u00f8sthastigheden og forbedre effektiviteten af \u200b\u200bhele h\u00f8stprocessen. Dette resulterer i langsigtede besparelser for store landbrug.<\/p>\n<p style=\"text-align: center;\"><img loading=\"lazy\" decoding=\"async\" class=\"alignnone size-medium wp-image-283\" src=\"https:\/\/square-balers.com\/wp-content\/uploads\/2025\/11\/ep-Type-4BYH-3.25-Kidney-Bean-Uprooting-Machine-5-Ridges-31-300x300.webp\" alt=\"Oprydningsmaskine\" width=\"300\" height=\"300\" srcset=\"https:\/\/square-balers.com\/wp-content\/uploads\/2025\/11\/ep-Type-4BYH-3.25-Kidney-Bean-Uprooting-Machine-5-Ridges-31-300x300.webp 300w, https:\/\/square-balers.com\/wp-content\/uploads\/2025\/11\/ep-Type-4BYH-3.25-Kidney-Bean-Uprooting-Machine-5-Ridges-31-150x150.webp 150w, https:\/\/square-balers.com\/wp-content\/uploads\/2025\/11\/ep-Type-4BYH-3.25-Kidney-Bean-Uprooting-Machine-5-Ridges-31-12x12.webp 12w, https:\/\/square-balers.com\/wp-content\/uploads\/2025\/11\/ep-Type-4BYH-3.25-Kidney-Bean-Uprooting-Machine-5-Ridges-31-100x100.webp 100w, https:\/\/square-balers.com\/wp-content\/uploads\/2025\/11\/ep-Type-4BYH-3.25-Kidney-Bean-Uprooting-Machine-5-Ridges-31.webp 348w\" sizes=\"(max-width: 300px) 100vw, 300px\" \/><\/p>\n<h2>S\u00e5dan fungerer typen 4BYH-3.25 kidneyb\u00f8nnerudrydningsmaskine<\/h2>\n<p>Type 4BYH-3.25 kidneyb\u00f8nneroprydningsmaskinen (5 riller) anvender et system af riller, der er designet til effektivt at adskille og oprydde kidneyb\u00f8nner fra jorden. Maskinens konvekse riller gennemborer jorden og tr\u00e6kker forsigtigt b\u00f8nnerne op fra deres r\u00f8dder uden at for\u00e5rsage nogen skade. Systemet ryster forsigtigt planten for at l\u00f8sne b\u00f8nnerne og sikrer, at de opsamles og transporteres til et opsamlingsomr\u00e5de til videre forarbejdning.<\/p>\n<h2>Vigtigste anvendelser<\/h2>\n<p>Kidneyb\u00f8nneroprydningsmaskinen type 4BYH-3.25 er velegnet til en r\u00e6kke forskellige landbrugsscenarier, is\u00e6r dem, der kr\u00e6ver storstilet h\u00f8st af kidneyb\u00f8nner. Nedenfor er dens prim\u00e6re anvendelser:<\/p>\n<h3>1. Storskala b\u00f8nnedyrkning<\/h3>\n<p>Maskinen er ideel til g\u00e5rde, der producerer kidneyb\u00f8nner i kommerciel skala, og den kan h\u00e5ndtere store marker og forbedre den samlede effektivitet af h\u00f8sten.<\/p>\n<h3>2. \u00d8kologisk landbrug<\/h3>\n<p>For \u00f8kologiske landbrug, hvor minimal jordforstyrrelse er afg\u00f8rende, tilbyder denne maskine en effektiv m\u00e5de at oprykke b\u00f8nner uden at skade det omgivende milj\u00f8 eller jordstrukturen.<\/p>\n<h3>3. S\u00e6dskiftesystemer<\/h3>\n<p>Maskinen er yderst effektiv i s\u00e6dskiftesystemer, hvor rettidig h\u00f8st er afg\u00f8rende for at overholde planteplanerne for efterf\u00f8lgende afgr\u00f8der.<\/p>\n<h3>4. B\u00f8nneforarbejdningsanl\u00e6g<\/h3>\n<p>B\u00f8nneforarbejdningsanl\u00e6g kan bruge Type 4BYH-3.25 til at fremskynde h\u00f8stfasen og \u00f8ge genneml\u00f8bshastigheden af \u200b\u200bb\u00f8nner fra mark til fabrik til forarbejdning.<\/p>\n<h3>5. Fors\u00f8gslandbrug<\/h3>\n<p>Fors\u00f8gslandbrug, der udf\u00f8rer eksperimenter med b\u00f8nnesorter og h\u00f8sttidspunkter, kan bruge maskinen til at standardisere oprydningsprocessen og dermed sikre ensartede resultater til analyse.<\/p>\n<h3>6. Familieg\u00e5rde<\/h3>\n<p>Mindre familiedrevne landbrug kan ogs\u00e5 drage fordel af denne maskines muligheder, s\u00e5 de kan h\u00f8ste b\u00f8nner mere effektivt og reducere behovet for arbejdskraft, hvilket ofte er en begr\u00e6nsende faktor.<\/p>\n<h2>S\u00e5dan v\u00e6lger du den rigtige type 4BYH-3.25 kidneyb\u00f8nnerudrydningsmaskine (5 riller)<\/h2>\n<p>Valg af den rigtige maskine afh\u00e6nger af flere faktorer. Nedenfor er nogle vigtige overvejelser, der kan hj\u00e6lpe dig med at tr\u00e6ffe en informeret beslutning:<\/p>\n<h3>1. Feltst\u00f8rrelse<\/h3>\n<p>Hvis du har en stor g\u00e5rd, vil Type 4BYH-3.25 maskinens h\u00f8je kapacitet sikre, at du kan h\u00f8ste b\u00f8nner hurtigt og effektivt. Til mindre marker kan en mindre kraftig maskine v\u00e6re tilstr\u00e6kkelig.<\/p>\n<h3>2. Terr\u00e6ntype<\/h3>\n<p>S\u00f8rg for, at den maskine, du v\u00e6lger, er egnet til den type terr\u00e6n, du har. 5-kants designet g\u00f8r det muligt for maskinen at arbejde effektivt p\u00e5 uj\u00e6vnt terr\u00e6n, hvilket g\u00f8r den ideel til forskellige jordforhold.<\/p>\n<h3>3. B\u00f8nnesort<\/h3>\n<p>Forskellige sorter af kidneyb\u00f8nne kan have unikke h\u00f8stkrav. S\u00f8rg for, at type 4BYH-3.25 er kompatibel med den specifikke sort, du dyrker, for at sikre optimal h\u00e5ndtering af afgr\u00f8den.<\/p>\n<h3>4. Budget<\/h3>\n<p>Selvom den oprindelige pris kan v\u00e6re h\u00f8jere, g\u00f8r de langsigtede besparelser i arbejdskraft og den \u00f8gede h\u00f8steffektivitet denne maskine til en omkostningseffektiv l\u00f8sning til store landbrugsaktiviteter.<\/p>\n<h3>5. Vedligeholdelseskrav<\/h3>\n<p>Overvej den nemme vedligeholdelse, n\u00e5r du v\u00e6lger din maskine. Type 4BYH-3.25 er bygget til holdbarhed, men det er vigtigt at tage h\u00f8jde for n\u00f8dvendig service for optimal langsigtet ydeevne.<\/p>\n<h3>6. Eftersalgssupport<\/h3>\n<p>V\u00e6lg en leverand\u00f8r, der tilbyder omfattende eftersalgssupport, herunder tr\u00e6ning og hj\u00e6lp til fejlfinding. Dette sikrer, at du f\u00e5r mest muligt ud af din maskine i hele dens levetid.<\/p>\n<p style=\"text-align: center;\"><img loading=\"lazy\" decoding=\"async\" class=\"alignnone size-medium wp-image-284\" src=\"https:\/\/square-balers.com\/wp-content\/uploads\/2025\/11\/ep-Type-4BYH-3.25-Kidney-Bean-Uprooting-Machine-5-Ridges-41-300x300.webp\" alt=\"Oprydningsmaskine\" width=\"300\" height=\"300\" srcset=\"https:\/\/square-balers.com\/wp-content\/uploads\/2025\/11\/ep-Type-4BYH-3.25-Kidney-Bean-Uprooting-Machine-5-Ridges-41-300x300.webp 300w, https:\/\/square-balers.com\/wp-content\/uploads\/2025\/11\/ep-Type-4BYH-3.25-Kidney-Bean-Uprooting-Machine-5-Ridges-41-150x150.webp 150w, https:\/\/square-balers.com\/wp-content\/uploads\/2025\/11\/ep-Type-4BYH-3.25-Kidney-Bean-Uprooting-Machine-5-Ridges-41-12x12.webp 12w, https:\/\/square-balers.com\/wp-content\/uploads\/2025\/11\/ep-Type-4BYH-3.25-Kidney-Bean-Uprooting-Machine-5-Ridges-41-100x100.webp 100w, https:\/\/square-balers.com\/wp-content\/uploads\/2025\/11\/ep-Type-4BYH-3.25-Kidney-Bean-Uprooting-Machine-5-Ridges-41.webp 357w\" sizes=\"(max-width: 300px) 100vw, 300px\" \/><\/p>\n<h2>Vedligeholdelsestips til type 4BYH-3.25 kidneyb\u00f8nnerudrydningsmaskine<\/h2>\n<p>For at sikre levetiden og ydeevnen af \u200b\u200bdin type 4BYH-3.25 kidneyb\u00f8nneoprydningsmaskine er regelm\u00e6ssig vedligeholdelse afg\u00f8rende. Her er et par vigtige vedligeholdelsestips:<\/p>\n<ul>\n<li>Kontroll\u00e9r regelm\u00e6ssigt riller og t\u00e6nder for slitage. Udskift dem efter behov for at opretholde optimal ydeevne.<\/li>\n<li>Hold maskinen ren for at undg\u00e5 ophobning af snavs eller affald, som kan hindre maskinens drift.<\/li>\n<li>Sm\u00f8r de bev\u00e6gelige dele regelm\u00e6ssigt for at sikre problemfri drift og forhindre rust eller korrosion.<\/li>\n<li>Unders\u00f8g motoren og andre mekaniske dele regelm\u00e6ssigt for tegn p\u00e5 skader eller slid, og udf\u00f8r n\u00f8dvendige reparationer omg\u00e5ende.<\/li>\n<li>F\u00f8lg producentens vedligeholdelsesplan for at sikre, at alle dele serviceres med de passende intervaller for at opn\u00e5 maksimal effektivitet.<\/li>\n<\/ul>\n<h2>Kundeanmeldelser<\/h2>\n<p>Kundeanmeldelser er en vigtig del af at forst\u00e5 de praktiske fordele ved et produkt. Nedenfor er nogle erfaringer fra kunder, der har brugt Type 4BYH-3.25. <a href=\"https:\/\/square-balers.com\/wp-admin\/post.php?post=231&amp;action=edit\">Kidney b\u00f8nne oprydningsmaskine<\/a>.<\/p>\n<p>\"Denne maskine har revolutioneret vores arbejde. Vores g\u00e5rd var tidligere meget afh\u00e6ngig af manuelt arbejde til h\u00f8st af kidneyb\u00f8nner, hvilket var ekstremt tidskr\u00e6vende og dyrt. Type 4BYH-3.25 har reduceret vores l\u00f8nomkostninger betydeligt og forbedret effektiviteten. Vi kan nu h\u00f8ste en meget st\u00f8rre mark p\u00e5 en br\u00f8kdel af tiden. Kan varmt anbefales!\"<\/p>\n<p>\u2013 <strong>John, USA<\/strong><\/p>\n<p>\"Som en \u00f8kologisk g\u00e5rd havde vi brug for en maskine, der ikke forstyrrede jorden for meget. Type 4BYH-3.25 g\u00f8r et fremragende stykke arbejde med forsigtigt at rykke b\u00f8nnerne op med rode, samtidig med at jorden bevares. Den er blevet en essentiel del af vores h\u00f8stproces.\"<\/p>\n<p>\u2013 <strong>Maria, Spanien<\/strong><\/p>\n<p>\"Vi k\u00f8bte denne maskine til vores store g\u00e5rd, og den har overg\u00e5et vores forventninger. Den h\u00e5ndterer det uj\u00e6vne terr\u00e6n p\u00e5 vores jord uden problemer, og den hastighed, den arbejder med, har \u00f8get vores produktivitet betydeligt. Hver en \u00f8re v\u00e6rd!\"<\/p>\n<p>\u2013 <strong>Michael, Australien<\/strong><\/p>\n<p>\"Jeg var i starten t\u00f8vende p\u00e5 grund af prisen, men efter at have brugt denne maskine i en s\u00e6son, kan jeg med sikkerhed sige, at den er investeringen v\u00e6rd. Type 4BYH-3.25 sparede os utallige timer og reducerede vores arbejdsstyrke betydeligt. Fantastisk v\u00e6rdi!\"<\/p>\n<p>\u2013 <strong>Alice, Storbritannien<\/strong><\/p>\n<p>\"Vi driver en fors\u00f8gsg\u00e5rd, og vi havde brug for en maskine, der kunne levere ensartede resultater. Type 4BYH-3.25 har leveret pr\u00e6cis, hvad vi havde brug for. Den er nem at betjene og giver pr\u00e6cis oprydning, hvilket er afg\u00f8rende for vores eksperimenter.\"<\/p>\n<p>\u2013 <strong>Carlos, Brasilien<\/strong><\/p>\n<h2>Hvorfor v\u00e6lge vores produkt?<\/h2>\n<p>Vi tilbyder Type 4BYH-3.25 kidneyb\u00f8nnerudryddelsesmaskinen med hurtige tilpasningsmuligheder, s\u00e5 du kan skr\u00e6ddersy maskinen til dine specifikke behov. Vores robuste eftersalgssupport sikrer, at du f\u00e5r hj\u00e6lp, n\u00e5r du har brug for det. En tre \u00e5rs garanti giver dig ro i sindet, og vores eftersalgsservice sikrer, at dine maskiner altid k\u00f8rer problemfrit. Vi tilbyder ogs\u00e5 hurtig global forsendelse for effektivt og hurtigt at opfylde dine ordrebehov og sikre, at din landbrugsproduktion ikke forstyrres.<\/p>\n<p>Vi er forpligtet til at levere produkter af h\u00f8j kvalitet, overkommelige priser og fremragende kundeservice, hvilket g\u00f8r os til det bedste valg til dine behov inden for landbrugsudstyr. Ud over Type 4BYH-3.25 kidneyb\u00f8nneoprydningsmaskinen tilbyder vi ogs\u00e5 andet relateret tilbeh\u00f8r og produkter, der underst\u00f8tter din drift. Udforsk hele vores produktsortiment, og kontakt os i dag for at komme i gang!<\/p>\n<p style=\"text-align: center;\"><img loading=\"lazy\" decoding=\"async\" class=\"size-medium wp-image-282 aligncenter\" src=\"https:\/\/square-balers.com\/wp-content\/uploads\/2025\/11\/ep-Type-4BYH-3.25-Kidney-Bean-Uprooting-Machine-5-Ridges-21-300x300.webp\" alt=\"Oprydningsmaskine\" width=\"300\" height=\"300\" srcset=\"https:\/\/square-balers.com\/wp-content\/uploads\/2025\/11\/ep-Type-4BYH-3.25-Kidney-Bean-Uprooting-Machine-5-Ridges-21-300x300.webp 300w, https:\/\/square-balers.com\/wp-content\/uploads\/2025\/11\/ep-Type-4BYH-3.25-Kidney-Bean-Uprooting-Machine-5-Ridges-21-150x150.webp 150w, https:\/\/square-balers.com\/wp-content\/uploads\/2025\/11\/ep-Type-4BYH-3.25-Kidney-Bean-Uprooting-Machine-5-Ridges-21-12x12.webp 12w, https:\/\/square-balers.com\/wp-content\/uploads\/2025\/11\/ep-Type-4BYH-3.25-Kidney-Bean-Uprooting-Machine-5-Ridges-21-100x100.webp 100w, https:\/\/square-balers.com\/wp-content\/uploads\/2025\/11\/ep-Type-4BYH-3.25-Kidney-Bean-Uprooting-Machine-5-Ridges-21.webp 370w\" sizes=\"(max-width: 300px) 100vw, 300px\" \/><\/p>\n<h2>Ofte stillede sp\u00f8rgsm\u00e5l<\/h2>\n<p><strong>1. Hvad er den maksimale markst\u00f8rrelse, som type 4BYH-3.25 kidneyb\u00f8nneoprydningsmaskinen kan h\u00e5ndtere?<\/strong><\/p>\n<p>Type 4BYH-3.25 er designet til store landbrug og kan h\u00e5ndtere marker p\u00e5 op til 100 hektar eller mere, afh\u00e6ngigt af jordforhold og terr\u00e6n.<\/p>\n<p><strong>2. Hvor lang tid tager det at h\u00f8ste en hektar kidneyb\u00f8nner med Type 4BYH-3.25?<\/strong><\/p>\n<p>I gennemsnit kan maskinen h\u00f8ste en hektar kidneyb\u00f8nner p\u00e5 blot et par timer, afh\u00e6ngigt af terr\u00e6net og afgr\u00f8dernes t\u00e6thed.<\/p>\n<p><strong>3. Er type 4BYH-3.25 egnet til sm\u00e5 landbrug?<\/strong><\/p>\n<p>Selvom maskinen er optimeret til store landbrug, kan mindre landbrug drage fordel af dens effektivitet, hvis de har mellemstore til store marker. For mindre marker kan en mindre kraftfuld maskine v\u00e6re mere \u00f8konomisk.<\/p>\n<p><strong>4. Hvordan minimerer maskinen skader p\u00e5 kidneyb\u00f8nnerne under oprykning?<\/strong><\/p>\n<p>5-rillet design sikrer, at b\u00f8nnerne forsigtigt rykkes op med rode uden overdreven kraft, hvilket reducerer risikoen for at beskadige afgr\u00f8derne.<\/p>\n<p><strong>5. Kan type 4BYH-3.25 bruges i \u00f8kologisk landbrug?<\/strong><\/p>\n<p>Ja, denne maskine er ideel til \u00f8kologisk landbrug, da den minimerer jordforstyrrelser, samtidig med at den effektivt h\u00f8ster kidneyb\u00f8nner.<\/p>\n<p><strong>6. Hvilken type vedligeholdelse kr\u00e6ver type 4BYH-3.25?<\/strong><\/p>\n<p>Regelm\u00e6ssig vedligeholdelse omfatter sm\u00f8ring af de bev\u00e6gelige dele, reng\u00f8ring af maskinen og kontrol af slid p\u00e5 riller og t\u00e6nder. F\u00f8lg producentens tidsplan for optimal ydeevne.<\/p>\n<p><strong>7. Kan Type 4BYH-3.25 h\u00e5ndtere forskellige jordtyper?<\/strong><\/p>\n<p>Ja, maskinen er designet til at arbejde effektivt i forskellige jordforhold, herunder ler-, ler- og sandjord.<\/p>\n<p><strong>8. Er der garanti p\u00e5 type 4BYH-3.25?<\/strong><\/p>\n<p>Ja, Type 4BYH-3.25 leveres med 3 \u00e5rs garanti for at sikre dens levetid og ydeevne. Vi tilbyder ogs\u00e5 eftersalgssupport for at l\u00f8se eventuelle problemer, der m\u00e5tte opst\u00e5.<\/p>\n<p><strong>9. Hvor hurtig er leveringen af \u200b\u200binternationale ordrer?<\/strong><\/p>\n<p>Vi tilbyder hurtig global forsendelse, hvilket sikrer, at din ordre ankommer inden for et par uger, afh\u00e6ngigt af din placering.<\/p>\n<p><strong>10. Kan type 4BYH-3.25 tilpasses til specifikke behov?<\/strong><\/p>\n<p>Ja, vi tilbyder tilpasningsmuligheder for at skr\u00e6ddersy maskinen til din specifikke g\u00e5rds behov og sikre den bedste ydeevne for dine afgr\u00f8der.<\/p>\n<p><strong>11. Hvad koster en type 4BYH-3.25 kidneyb\u00f8nnerudrydningsmaskine?<\/strong><\/p>\n<p>Prisen p\u00e5 maskinen afh\u00e6nger af specifikationerne og tilpasningsmulighederne. Kontakt os venligst for et detaljeret tilbud baseret p\u00e5 dine krav.<\/p>\n<p><strong>12. Hvor nemt er det at betjene Type 4BYH-3.25?<\/strong><\/p>\n<p>Maskinen er brugervenlig med enkle betjeningselementer, der g\u00f8r det nemt for operat\u00f8rer at komme i gang uden specialiseret tr\u00e6ning.<\/p>\n<p><strong>13. Fungerer Type 4BYH-3.25 i v\u00e5de jordforhold?<\/strong><\/p>\n<p>Selvom maskinen fungerer bedst i t\u00f8rre til moderat fugtige jordforhold, kan den stadig h\u00e5ndtere v\u00e5d jord, men den skal muligvis justeres for optimal ydeevne.<\/p>\n<p><strong>14. Kan type 4BYH-3.25 bruges til andre afgr\u00f8der udover kidneyb\u00f8nner?<\/strong><\/p>\n<p>Selvom maskinen prim\u00e6rt er designet til kidneyb\u00f8nner, kan den tilpasses til brug med andre typer b\u00e6lgfrugter og sm\u00e5 afgr\u00f8der, der kr\u00e6ver sk\u00e5nsom oprykning.<\/p>\n<p><strong>15. Har type 4BYH-3.25 et h\u00f8jt br\u00e6ndstofforbrug?<\/strong><\/p>\n<p>Nej, maskinen er designet til at v\u00e6re br\u00e6ndstofeffektiv, hvilket minimerer driftsomkostningerne og maksimerer produktiviteten i marken.<\/p>\n<p>redigeret af gzl<\/p>\n<p>&nbsp;<\/p>","protected":false},"excerpt":{"rendered":"<p>Opdag Type 4BYH-3.25 kidneyb\u00f8nnerudrydningsmaskinen med et 5-rillet design for hurtigere og mere effektiv h\u00f8st. Maksimer produktiviteten og minimer l\u00f8nomkostningerne med dette h\u00f8jtydende udstyr. Perfekt til landm\u00e6nd, der s\u00f8ger p\u00e5lidelighed og pr\u00e6cision. K\u00f8b nu og \u00f8g din h\u00f8steffektivitet!<\/p>","protected":false},"featured_media":285,"template":"","meta":{"_et_pb_use_builder":"","_et_pb_old_content":"","_et_gb_content_width":""},"product_brand":[],"product_cat":[22],"product_tag":[],"class_list":{"0":"post-230","1":"product","2":"type-product","3":"status-publish","4":"has-post-thumbnail","6":"product_cat-kidney-bean-puller","8":"first","9":"instock","10":"shipping-taxable","11":"product-type-simple"},"_links":{"self":[{"href":"https:\/\/square-balers.com\/da\/wp-json\/wp\/v2\/product\/230","targetHints":{"allow":["GET"]}}],"collection":[{"href":"https:\/\/square-balers.com\/da\/wp-json\/wp\/v2\/product"}],"about":[{"href":"https:\/\/square-balers.com\/da\/wp-json\/wp\/v2\/types\/product"}],"wp:featuredmedia":[{"embeddable":true,"href":"https:\/\/square-balers.com\/da\/wp-json\/wp\/v2\/media\/285"}],"wp:attachment":[{"href":"https:\/\/square-balers.com\/da\/wp-json\/wp\/v2\/media?parent=230"}],"wp:term":[{"taxonomy":"product_brand","embeddable":true,"href":"https:\/\/square-balers.com\/da\/wp-json\/wp\/v2\/product_brand?post=230"},{"taxonomy":"product_cat","embeddable":true,"href":"https:\/\/square-balers.com\/da\/wp-json\/wp\/v2\/product_cat?post=230"},{"taxonomy":"product_tag","embeddable":true,"href":"https:\/\/square-balers.com\/da\/wp-json\/wp\/v2\/product_tag?post=230"}],"curies":[{"name":"wp","href":"https:\/\/api.w.org\/{rel}","templated":true}]}}