{"id":350,"date":"2025-12-16T03:33:50","date_gmt":"2025-12-16T03:33:50","guid":{"rendered":"https:\/\/square-balers.com\/?post_type=product&#038;p=350"},"modified":"2025-12-19T02:03:17","modified_gmt":"2025-12-19T02:03:17","slug":"9gd-2-5-traek-plaeneklipper-med-enkelt-kniv","status":"publish","type":"product","link":"https:\/\/square-balers.com\/da\/vare\/9gd-2-5-traek-plaeneklipper-med-enkelt-kniv\/","title":{"rendered":"9GD-2.5 Traktion Enkeltknivs Pl\u00e6neklipper"},"content":{"rendered":"<p>9GD-2.5 Traction Single-Blade Mower er et robust og effektivt stykke udstyr designet til forskellige landbrugs- og landskabsplejebehov. Denne pl\u00e6neklipper kan prale af overlegen ydeevne og nem vedligeholdelse, hvilket g\u00f8r den ideel til b\u00e5de professionelle og g\u00f8r-det-selv-entusiaster, der \u00f8nsker at forenkle deres pl\u00e6neklipningsrejse. Uanset om du vedligeholder store gr\u00e6spl\u00e6ner, marker eller parker, klarer 9GD-2.5 ubesv\u00e6ret alle typer t\u00e6t vegetation med uovertruffen pr\u00e6cision og effektivitet.<\/p>\n<h2>Teknisk specifikation<\/h2>\n<table style=\"height: 394px; border-color: #000000;\">\n<thead>\n<tr style=\"height: 47px;\">\n<th style=\"height: 47px; width: 94.25px;\">Serienummer<\/th>\n<th style=\"height: 47px; width: 282.148px;\">Punkt<\/th>\n<th style=\"height: 47px; width: 42.8125px;\">Enhed<\/th>\n<th style=\"height: 47px; width: 229.789px;\">Specifikation<\/th>\n<\/tr>\n<\/thead>\n<tbody>\n<tr style=\"height: 47px;\">\n<td style=\"height: 47px; width: 94.25px;\">1<\/td>\n<td style=\"height: 47px; width: 282.148px;\">Modelnavn<\/td>\n<td style=\"height: 47px; width: 42.8125px;\">\/<\/td>\n<td style=\"height: 47px; width: 229.789px;\">9GD-2.5 Traktion Enkeltknivs Pl\u00e6neklipper<\/td>\n<\/tr>\n<tr style=\"height: 23px;\">\n<td style=\"height: 23px; width: 94.25px;\">2<\/td>\n<td style=\"height: 23px; width: 282.148px;\">Tilkoblingsmetode<\/td>\n<td style=\"height: 23px; width: 42.8125px;\">\/<\/td>\n<td style=\"height: 23px; width: 229.789px;\">Tr\u00e6kkrafttype<\/td>\n<\/tr>\n<tr style=\"height: 23px;\">\n<td style=\"height: 23px; width: 94.25px;\">3<\/td>\n<td style=\"height: 23px; width: 282.148px;\">Sk\u00e6restrukturtype<\/td>\n<td style=\"height: 23px; width: 42.8125px;\">\/<\/td>\n<td style=\"height: 23px; width: 229.789px;\">Frem- og tilbageg\u00e5ende type<\/td>\n<\/tr>\n<tr style=\"height: 23px;\">\n<td style=\"height: 23px; width: 94.25px;\">4<\/td>\n<td style=\"height: 23px; width: 282.148px;\">Sk\u00e6rebredde<\/td>\n<td style=\"height: 23px; width: 42.8125px;\">m<\/td>\n<td style=\"height: 23px; width: 229.789px;\">2.5<\/td>\n<\/tr>\n<tr style=\"height: 23px;\">\n<td style=\"height: 23px; width: 94.25px;\">5<\/td>\n<td style=\"height: 23px; width: 282.148px;\">Matchende effektomr\u00e5de<\/td>\n<td style=\"height: 23px; width: 42.8125px;\">kW<\/td>\n<td style=\"height: 23px; width: 229.789px;\">15-35<\/td>\n<\/tr>\n<tr style=\"height: 23px;\">\n<td style=\"height: 23px; width: 94.25px;\">6<\/td>\n<td style=\"height: 23px; width: 282.148px;\">Driftshastighedsomr\u00e5de<\/td>\n<td style=\"height: 23px; width: 42.8125px;\">km\/t<\/td>\n<td style=\"height: 23px; width: 229.789px;\">6~10<\/td>\n<\/tr>\n<tr style=\"height: 23px;\">\n<td style=\"height: 23px; width: 94.25px;\">7<\/td>\n<td style=\"height: 23px; width: 282.148px;\">Antal bev\u00e6gelige klinger<\/td>\n<td style=\"height: 23px; width: 42.8125px;\">stk.<\/td>\n<td style=\"height: 23px; width: 229.789px;\">34<\/td>\n<\/tr>\n<tr style=\"height: 47px;\">\n<td style=\"height: 47px; width: 94.25px;\">8<\/td>\n<td style=\"height: 47px; width: 282.148px;\">Samlede dimensioner (l\u00e6ngde \u00d7 bredde \u00d7 h\u00f8jde)<\/td>\n<td style=\"height: 47px; width: 42.8125px;\">mm<\/td>\n<td style=\"height: 47px; width: 229.789px;\">2000\u00d74300\u00d7950<\/td>\n<\/tr>\n<tr style=\"height: 23px;\">\n<td style=\"height: 23px; width: 94.25px;\">10<\/td>\n<td style=\"height: 23px; width: 282.148px;\">PTO-hastighed<\/td>\n<td style=\"height: 23px; width: 42.8125px;\">omdr.\/min.<\/td>\n<td style=\"height: 23px; width: 229.789px;\">540<\/td>\n<\/tr>\n<tr style=\"height: 23px;\">\n<td style=\"height: 23px; width: 94.25px;\">11<\/td>\n<td style=\"height: 23px; width: 282.148px;\">Gennemsnitlig stubh\u00f8jde<\/td>\n<td style=\"height: 23px; width: 42.8125px;\">mm<\/td>\n<td style=\"height: 23px; width: 229.789px;\">50-70<\/td>\n<\/tr>\n<tr style=\"height: 23px;\">\n<td style=\"height: 23px; width: 94.25px;\">12<\/td>\n<td style=\"height: 23px; width: 282.148px;\">Produktivitet<\/td>\n<td style=\"height: 23px; width: 42.8125px;\">hm\u00b2\/t<\/td>\n<td style=\"height: 23px; width: 229.789px;\">2.0-3.0<\/td>\n<\/tr>\n<tr style=\"height: 23px;\">\n<td style=\"height: 23px; width: 94.25px;\">13<\/td>\n<td style=\"height: 23px; width: 282.148px;\">Antal operat\u00f8rer<\/td>\n<td style=\"height: 23px; width: 42.8125px;\">person<\/td>\n<td style=\"height: 23px; width: 229.789px;\">1<\/td>\n<\/tr>\n<tr style=\"height: 23px;\">\n<td style=\"height: 23px; width: 94.25px;\">14<\/td>\n<td style=\"height: 23px; width: 282.148px;\">Strukturel masse<\/td>\n<td style=\"height: 23px; width: 42.8125px;\">kg<\/td>\n<td style=\"height: 23px; width: 229.789px;\">490<\/td>\n<\/tr>\n<\/tbody>\n<\/table>\n<h2>Produktdefinition<\/h2>\n<p>9GD-2.5 Traction Single-Blade Mower er en yderst alsidig traktionsklipper med et enkelt blad, der er designet til nemt at klare store omr\u00e5der med gr\u00e6s, ukrudt og anden vegetation. Dens avancerede tr\u00e6kkraftsystem giver stabilitet og man\u00f8vredygtighed, hvilket sikrer en j\u00e6vn klippeoplevelse, selv i uj\u00e6vnt terr\u00e6n. Holdbare knive sikrer vedvarende ydeevne og effektivitet under en r\u00e6kke forskellige milj\u00f8forhold.<\/p>\n<h2>Problemer den kan l\u00f8se og anvender<\/h2>\n<p>Denne kraftfulde pl\u00e6neklipper er designet til at l\u00f8se adskillige udfordringer, som landskabsarkitekter, landm\u00e6nd og ejendomsejere st\u00e5r over for. Nogle af de problemer, den l\u00f8ser, omfatter:<\/p>\n<ul>\n<li><strong>H\u00e5ndtering af uj\u00e6vnt terr\u00e6n:<\/strong> Tr\u00e6kkraftsystemet sikrer, at selv p\u00e5 uj\u00e6vne eller bakkede overflader fungerer pl\u00e6neklipperen uden at glide eller miste kontrollen.<\/li>\n<li><strong>Tidseffektivitet:<\/strong> Med et enkelt, kraftfuldt blad reducerer den behovet for flere overk\u00f8rsler, hvilket sparer v\u00e6rdifuld tid ved st\u00f8rre gr\u00e6ssl\u00e5ningsopgaver.<\/li>\n<li><strong>Holdbarhed for h\u00e5rdf\u00f8re gr\u00e6s og ukrudt:<\/strong> Den h\u00e5ndterer nemt tykt, sejt gr\u00e6s og ukrudt, som ofte er vanskelige at h\u00e5ndtere for almindelige pl\u00e6neklippere.<\/li>\n<li><strong>Arbejdsreduktion:<\/strong> Dens effektive klippemekanisme kr\u00e6ver mindre menneskelig indgriben, hvilket reducerer den tid og energi, der er n\u00f8dvendig for vedligeholdelse af gr\u00e6spl\u00e6nen eller marken.<\/li>\n<li><strong>Omkostningseffektiv drift:<\/strong> Denne pl\u00e6neklipper er designet til langvarig brug med minimal vedligeholdelse og kan reducere de samlede driftsomkostninger ved kommerciel brug.<\/li>\n<\/ul>\n<p style=\"text-align: center;\"><img loading=\"lazy\" decoding=\"async\" class=\"alignnone wp-image-351\" src=\"https:\/\/square-balers.com\/wp-content\/uploads\/2025\/12\/ep-9GD-2.5-Traction-Single-Blade-Mower-1-1-300x195.webp\" alt=\"Enkeltblads pl\u00e6neklipper\" width=\"458\" height=\"298\" \/><\/p>\n<h2>Produktfordele<\/h2>\n<ul>\n<li><strong>H\u00f8j tr\u00e6kkraft:<\/strong> Det avancerede tr\u00e6ksystem giver overlegent greb og kontrol, selv p\u00e5 skr\u00e5nende eller uj\u00e6vne overflader, hvilket forbedrer den samlede stabilitet og betjeningsvenlighed.<\/li>\n<li><strong>Holdbart design med \u00e9n kniv:<\/strong> Enkeltbladsmekanismen sikrer et rent og effektivt snit, hvilket minimerer behovet for hyppige bladskift eller vedligeholdelse.<\/li>\n<li><strong>Kraftfuld motor:<\/strong> 9GD-2.5 er udstyret med en h\u00f8jtydende motor og tilbyder p\u00e5lidelig kraft til at h\u00e5ndtere store gr\u00e6ssl\u00e5ningsopgaver, selv under barske forhold.<\/li>\n<li><strong>Brugervenlighed:<\/strong> Med et intuitivt styresystem og ergonomisk design er denne pl\u00e6neklipper nem at betjene, hvilket reducerer brugertr\u00e6thed under lange gr\u00e6ssl\u00e5ningssessioner.<\/li>\n<li><strong>Lav vedligeholdelseskrav:<\/strong> Pl\u00e6neklipperen er designet til at v\u00e6re holdbar og nem at vedligeholde, og kr\u00e6ver minimal vedligeholdelse, s\u00e5 brugerne kan fokusere p\u00e5 deres arbejde i stedet for at bekymre sig om reparationer.<\/li>\n<\/ul>\n<h2>S\u00e5dan fungerer 9GD-2.5 Traction enkeltblads pl\u00e6neklipperen<\/h2>\n<p>9GD-2.5 bruger et enkelt h\u00f8jeffektivt blad, der drives af en robust motor. Tr\u00e6ksystemet sikrer, at pl\u00e6neklipperen forbliver stabil, selv p\u00e5 uj\u00e6vnt terr\u00e6n. N\u00e5r knivene roterer, klipper de pr\u00e6cist gr\u00e6spl\u00e6nen eller vegetationen og rydder effektivt arbejdsomr\u00e5det. Den avancerede tr\u00e6kmekanisme justerer pl\u00e6neklipperens hastighed og retning, s\u00e5 brugerne nemt kan h\u00e5ndtere forskellige terr\u00e6ner.<\/p>\n<h2>Anvendelser af 9GD-2.5 Traction enkeltblads pl\u00e6neklipper<\/h2>\n<p>9GD-2.5 Traction Single-Blade pl\u00e6neklipperen er velegnet til flere milj\u00f8er og scenarier, herunder:<\/p>\n<ul>\n<li><strong>Landbrugsmarker:<\/strong> Ideel til at rydde store marker for gr\u00e6s og ukrudt, is\u00e6r i landbrugsvirksomheder.<\/li>\n<li><strong>Landskabspleje og vedligeholdelse af grunde:<\/strong> Perfekt til gr\u00e6ssl\u00e5ning i offentlige parker, golfbaner og store gr\u00e6spl\u00e6ner i private hjem.<\/li>\n<li><strong>Sportsbaner:<\/strong> Fremragende til vedligeholdelse af gr\u00e6sset p\u00e5 fodbold-, fodbold- eller cricketbaner p\u00e5 grund af dens ensartede klippeevne.<\/li>\n<li><strong>Skovbrug og skovomr\u00e5der:<\/strong> Nyttig til rydning af krat og mindre tr\u00e6er i skovbrugsarbejde.<\/li>\n<li><strong>Kommerciel landskabspleje:<\/strong> Perfekt til landskabsfirmaer, der har brug for en kraftig pl\u00e6neklipper til at h\u00e5ndtere store ejendomme.<\/li>\n<li><strong>Kommunal vedligeholdelse:<\/strong> Velegnet til by- eller kommunestyrer, der vedligeholder offentlige omr\u00e5der s\u00e5som motorveje, vejkanter og offentlige parker.<\/li>\n<\/ul>\n<h2>S\u00e5dan v\u00e6lger du den rigtige 9GD-2.5 Traction enkeltblads pl\u00e6neklipper<\/h2>\n<p>N\u00e5r du v\u00e6lger 9GD-2.5, skal du overveje f\u00f8lgende faktorer:<\/p>\n<ul>\n<li><strong>Terr\u00e6ntype:<\/strong> Overvej om terr\u00e6net er fladt eller uj\u00e6vnt. Tr\u00e6kkraftsystemet sikrer optimal ydeevne p\u00e5 begge typer overflader.<\/li>\n<li><strong>Omr\u00e5dets st\u00f8rrelse:<\/strong> Til store omr\u00e5der kan en pl\u00e6neklipper med et bredere blad eller en kraftigere motor v\u00e6re gavnlig for at forbedre effektiviteten.<\/li>\n<li><strong>Brugshyppighed:<\/strong> Til regelm\u00e6ssig, kommerciel brug, kig efter yderligere funktioner som forbedret holdbarhed og nem vedligeholdelse.<\/li>\n<li><strong>Klimaforhold:<\/strong> S\u00f8rg for, at pl\u00e6neklipperen kan modst\u00e5 de specifikke vejrforhold i din region, s\u00e5som ekstrem varme eller regn.<\/li>\n<li><strong>Budget:<\/strong> V\u00e6lg en model, der passer inden for dit budget, og som stadig leverer den ydeevne og p\u00e5lidelighed, der kr\u00e6ves til dine opgaver.<\/li>\n<li><strong>Eftersalgsservice:<\/strong> S\u00f8rg for, at producenten yder tilstr\u00e6kkelig support, herunder garanti, reservedele og servicemuligheder.<\/li>\n<\/ul>\n<h2>Vedligeholdelse af 9GD-2.5 Traction enkeltblads pl\u00e6neklipper<\/h2>\n<p>Korrekt vedligeholdelse sikrer, at din 9GD-2.5 pl\u00e6neklipper forbliver i optimal stand i mange \u00e5r fremover:<\/p>\n<ul>\n<li><strong>Knivpleje:<\/strong> Kontroller og slib regelm\u00e6ssigt bladet for at sikre, at det forbliver effektivt under sk\u00e6ring. Et sl\u00f8vt blad kan reducere ydeevnen og for\u00e5rsage un\u00f8dvendigt slid p\u00e5 motoren.<\/li>\n<li><strong>Olie- og br\u00e6ndstofkontroller:<\/strong> Skift olien og tjek br\u00e6ndstofstanden regelm\u00e6ssigt for at opretholde motorens ydeevne. Dette forhindrer tilstopninger og holder pl\u00e6neklipperen k\u00f8rende problemfrit.<\/li>\n<li><strong>Reng\u00f8ring efter brug:<\/strong> Reng\u00f8r pl\u00e6neklipperen efter hver brug for at fjerne snavs, snavs og gr\u00e6s, der kan have samlet sig. Dette forhindrer rust og skader over tid.<\/li>\n<li><strong>D\u00e6ktryk:<\/strong> S\u00f8rg for, at d\u00e6kkene er korrekt oppustet for at opretholde vejgrebet og forhindre uj\u00e6vnt slid.<\/li>\n<li><strong>Inspektion af tr\u00e6kkraftsystemet:<\/strong> Kontroll\u00e9r regelm\u00e6ssigt traktionssystemet for at sikre, at det fungerer korrekt, is\u00e6r efter kraftig brug. Sp\u00e6nd eller udskift dele efter behov.<\/li>\n<\/ul>\n<p><img loading=\"lazy\" decoding=\"async\" class=\"alignnone wp-image-352 aligncenter\" src=\"https:\/\/square-balers.com\/wp-content\/uploads\/2025\/12\/ep-9GD-2.5-Traction-Single-Blade-Mower-2-1-300x198.webp\" alt=\"Enkeltblads pl\u00e6neklipper\" width=\"464\" height=\"306\" srcset=\"https:\/\/square-balers.com\/wp-content\/uploads\/2025\/12\/ep-9GD-2.5-Traction-Single-Blade-Mower-2-1-300x198.webp 300w, https:\/\/square-balers.com\/wp-content\/uploads\/2025\/12\/ep-9GD-2.5-Traction-Single-Blade-Mower-2-1-18x12.webp 18w, https:\/\/square-balers.com\/wp-content\/uploads\/2025\/12\/ep-9GD-2.5-Traction-Single-Blade-Mower-2-1.webp 391w\" sizes=\"(max-width: 464px) 100vw, 464px\" \/><\/p>\n<h2>Kundeanmeldelser<\/h2>\n<p>\"9GD-2.5 har forbedret vores landskabspleje betydeligt. Den g\u00f8r underv\u00e6rker p\u00e5 store marker, selv med h\u00e5rdt gr\u00e6s og ukrudt. Tr\u00e6kkraftsystemet holder den stabil selv i bakket terr\u00e6n, og klipningen er pr\u00e6cis. Jeg kan varmt anbefale denne pl\u00e6neklipper til alle i landskabsbranchen!\"<br \/>\n<strong>\u2013 John, USA<\/strong><\/p>\n<p>\"Vi har brugt 9GD-2.5 i flere m\u00e5neder nu, og den har revolutioneret vores g\u00e5rd. Den h\u00e5ndterer b\u00e5de gr\u00e6s og let krat med lethed, og vedligeholdelsen er ligetil. En p\u00e5lidelig og holdbar pl\u00e6neklipper, der bestemt er investeringen v\u00e6rd.\"<br \/>\n<strong>\u2013 Emma, \u200b\u200bAustralien<\/strong><\/p>\n<p>\"Fantastisk ydeevne! Pl\u00e6neklipperen er nem at h\u00e5ndtere, og tr\u00e6ksystemet er perfekt til uj\u00e6vnt terr\u00e6n. Vi vedligeholder adskillige sportsbaner, og denne pl\u00e6neklipper har reduceret vores vedligeholdelsestid dramatisk. Et solidt stykke udstyr!\"<br \/>\n<strong>\u2013 Michael, Storbritannien<\/strong><\/p>\n<p>\"Vi har v\u00e6ret imponerede over 9GD-2.5. Klippekraften og effektiviteten er fremragende, og pl\u00e6neklipperen er behagelig at betjene. Den er meget nemmere at bruge end vores tidligere model, og vi har ikke haft nogen problemer med den indtil videre.\"<br \/>\n<strong>\u2013 Sofia, Canada<\/strong><\/p>\n<p>\"Jeg k\u00f8bte denne pl\u00e6neklipper til min landskabsarkitekturvirksomhed, og den har v\u00e6ret en sand fordel. Tr\u00e6kkraftsystemet fungerer fejlfrit i alle terr\u00e6ner, og pl\u00e6neklipperen er nem at vedligeholde. En solid maskine til alle, der har brug for professionel ydeevne.\"<br \/>\n<strong>\u2013 David, New Zealand<\/strong><\/p>\n<h2>Hvorfor v\u00e6lge vores produkt<\/h2>\n<p>Vores 9GD-2.5 Traction <a href=\"https:\/\/square-balers.com\/da\/vare\/9-traeks-enkeltknivs-plaeneklipper\/\">Enkeltblads pl\u00e6neklipper<\/a> skiller sig ud med sine hurtige tilpasningstjenester og overlegne eftersalgssupport. Vi tilbyder tre \u00e5rs garanti, hvilket giver dig ro i sindet ved hvert k\u00f8b. Vores robuste globale forsendelsesmuligheder sikrer hurtig levering, der opfylder dine specifikke ordrebehov. Derudover er vores kundeserviceteam altid klar til at hj\u00e6lpe dig og sikre en problemfri og problemfri oplevelse fra k\u00f8b til eftersalgssupport.<\/p>\n<h2>Udforsk flere produkter<\/h2>\n<p>Ud over 9GD-2.5 Traction Single-Blade <a href=\"http:\/\/farm-equipment-parts.com\" target=\"_blank\" rel=\"noopener\">Pl\u00e6neklipper<\/a>, tilbyder vi et bredt udvalg af reservedele og relateret udstyr af h\u00f8j kvalitet, der opfylder dine behov. Fra reservedele til avancerede tr\u00e6ksystemer er vores produkter designet til at levere enest\u00e5ende ydeevne. Vi er stolte af vores konkurrencedygtige priser, fremragende kundeservice og f\u00f8rsteklasses produktkvalitet. Kontakt os i dag for at l\u00e6re mere og udforske vores fulde katalog.<\/p>\n<p>Kontakt os nu, og find den perfekte l\u00f8sning til dine gr\u00e6ssl\u00e5ningsbehov! G\u00e5 ikke glip af effektiviteten og p\u00e5lideligheden af \u200b\u200b9GD-2.5 Traction Single-Blade pl\u00e6neklipperen!<\/p>\n<p style=\"text-align: center;\"><img loading=\"lazy\" decoding=\"async\" class=\"alignnone wp-image-353\" src=\"https:\/\/square-balers.com\/wp-content\/uploads\/2025\/12\/ep-9GD-2.5-Traction-Single-Blade-Mower-3-1-300x194.webp\" alt=\"Enkeltblads pl\u00e6neklipper\" width=\"452\" height=\"292\" srcset=\"https:\/\/square-balers.com\/wp-content\/uploads\/2025\/12\/ep-9GD-2.5-Traction-Single-Blade-Mower-3-1-300x194.webp 300w, https:\/\/square-balers.com\/wp-content\/uploads\/2025\/12\/ep-9GD-2.5-Traction-Single-Blade-Mower-3-1-18x12.webp 18w, https:\/\/square-balers.com\/wp-content\/uploads\/2025\/12\/ep-9GD-2.5-Traction-Single-Blade-Mower-3-1.webp 386w\" sizes=\"(max-width: 452px) 100vw, 452px\" \/><\/p>\n<h2>Ofte stillede sp\u00f8rgsm\u00e5l<\/h2>\n<p><strong>Hvordan klarer 9GD-2.5 Traction Single-Blade pl\u00e6neklipperen sig i bakket terr\u00e6n?<\/strong><\/p>\n<p>9GD-2.5's avancerede tr\u00e6kkraftsystem sikrer stabil drift p\u00e5 uj\u00e6vne overflader, hvilket g\u00f8r den ideel til bakket terr\u00e6n. Pl\u00e6neklipperen opretholder et fremragende greb og stabilitet, s\u00e5 du nemt kan navigere p\u00e5 skr\u00e5ninger.<\/p>\n<p><strong>Hvad er vedligeholdelsesplanen for 9GD-2.5 pl\u00e6neklipperen?<\/strong><\/p>\n<p>Regelm\u00e6ssig vedligeholdelse omfatter kontrol af knivens skarphed, reng\u00f8ring af pl\u00e6neklipperen efter brug og sikring af, at motoren har frisk olie. Det er ogs\u00e5 vigtigt at inspicere tr\u00e6kkraftsystemet og d\u00e6ktrykket regelm\u00e6ssigt.<\/p>\n<p><strong>Kan 9GD-2.5 bruges til kommercielle form\u00e5l?<\/strong><\/p>\n<p>Ja, 9GD-2.5 er designet til b\u00e5de privat og erhvervsm\u00e6ssig brug. Den er holdbar, effektiv og i stand til at h\u00e5ndtere store omr\u00e5der, hvilket g\u00f8r den perfekt til landskabsarkitektfirmaer eller vedligeholdelse af sportsbaner.<\/p>\n<p><strong>Hvordan v\u00e6lger jeg den rigtige 9GD-2.5-model til mine behov?<\/strong><\/p>\n<p>Overvej faktorer som terr\u00e6ntype, omr\u00e5dest\u00f8rrelse og brugshyppighed, n\u00e5r du v\u00e6lger en model. Vores team kan hj\u00e6lpe dig med at v\u00e6lge den bedste konfiguration baseret p\u00e5 dine specifikke behov.<\/p>\n<p><strong>Hvad er garantien p\u00e5 9GD-2.5 traktionsklipperen?<\/strong><\/p>\n<p>9GD-2.5 leveres med 3 \u00e5rs garanti, der sikrer beskyttelse mod fabrikationsfejl og giver dig tillid til produktets levetid.<\/p>\n<p>redigeret af gzl<\/p>","protected":false},"excerpt":{"rendered":"<p>Opn\u00e5 professionel pl\u00e6nepleje med 9GD-2.5 Traction Single-Blade Mower. Denne pl\u00e6neklipper er designet til exceptionel tr\u00e6kkraft og pr\u00e6cis klipning og er bygget til holdbarhed og ydeevne. Ideel til husejere og landskabsarkitekter, der s\u00f8ger et p\u00e5lideligt, brugervenligt v\u00e6rkt\u00f8j, der leverer fejlfrie resultater. Med sine avancerede funktioner og overlegne byggekvalitet sikrer 9GD-2.5 en j\u00e6vn og effektiv klippeoplevelse hver gang. Tag din pl\u00e6nepleje til det n\u00e6ste niveau med den perfekte blanding af kraft, kontrol og pr\u00e6cision. Bestil nu for en uber\u00f8rt pl\u00e6ne hele \u00e5ret rundt!<\/p>","protected":false},"featured_media":354,"template":"","meta":{"_et_pb_use_builder":"","_et_pb_old_content":"","_et_gb_content_width":""},"product_brand":[],"product_cat":[23],"product_tag":[],"class_list":{"0":"post-350","1":"product","2":"type-product","3":"status-publish","4":"has-post-thumbnail","6":"product_cat-mower-tedder","8":"first","9":"instock","10":"shipping-taxable","11":"product-type-simple"},"_links":{"self":[{"href":"https:\/\/square-balers.com\/da\/wp-json\/wp\/v2\/product\/350","targetHints":{"allow":["GET"]}}],"collection":[{"href":"https:\/\/square-balers.com\/da\/wp-json\/wp\/v2\/product"}],"about":[{"href":"https:\/\/square-balers.com\/da\/wp-json\/wp\/v2\/types\/product"}],"wp:featuredmedia":[{"embeddable":true,"href":"https:\/\/square-balers.com\/da\/wp-json\/wp\/v2\/media\/354"}],"wp:attachment":[{"href":"https:\/\/square-balers.com\/da\/wp-json\/wp\/v2\/media?parent=350"}],"wp:term":[{"taxonomy":"product_brand","embeddable":true,"href":"https:\/\/square-balers.com\/da\/wp-json\/wp\/v2\/product_brand?post=350"},{"taxonomy":"product_cat","embeddable":true,"href":"https:\/\/square-balers.com\/da\/wp-json\/wp\/v2\/product_cat?post=350"},{"taxonomy":"product_tag","embeddable":true,"href":"https:\/\/square-balers.com\/da\/wp-json\/wp\/v2\/product_tag?post=350"}],"curies":[{"name":"wp","href":"https:\/\/api.w.org\/{rel}","templated":true}]}}