{"id":356,"date":"2025-12-16T03:54:11","date_gmt":"2025-12-16T03:54:11","guid":{"rendered":"https:\/\/square-balers.com\/?post_type=product&#038;p=356"},"modified":"2025-12-18T02:59:31","modified_gmt":"2025-12-18T02:59:31","slug":"9yg-10-rundballepresser","status":"publish","type":"product","link":"https:\/\/square-balers.com\/da\/vare\/9yg-10-rundballepresser\/","title":{"rendered":"9YG-1.0 rundballepresser"},"content":{"rendered":"<p>9YG-1.0 rundballepresseren er en avanceret landbrugsmaskine designet til at komprimere og pakke halm, h\u00f8 og andre foderingredienser til ensartede rundballer. Denne maskine er essentiel for landbrugsdrift, der kr\u00e6ver effektiv presning af h\u00f8 eller halm, og forbedrer produktiviteten betydeligt og forenkler driften. Med sit holdbare design og innovative funktioner er den velegnet til landbrugsdrift i alle st\u00f8rrelser, fra sm\u00e5 til store.<\/p>\n<h2>Teknisk specifikation<\/h2>\n<table style=\"border-color: black;\">\n<thead>\n<tr>\n<th style=\"width: 26.5234px;\">Ingen.<\/th>\n<th style=\"width: 200.133px;\">Punkt<\/th>\n<th style=\"width: 51.8281px;\">Enhed<\/th>\n<th style=\"width: 152.516px;\">Specifikation<\/th>\n<\/tr>\n<\/thead>\n<tbody>\n<tr>\n<td style=\"width: 26.5234px;\">1<\/td>\n<td style=\"width: 200.133px;\">Modelnavn<\/td>\n<td style=\"width: 51.8281px;\">\/<\/td>\n<td style=\"width: 152.516px;\">9YG-1.0 rundballepresser<\/td>\n<\/tr>\n<tr>\n<td style=\"width: 26.5234px;\">2<\/td>\n<td style=\"width: 200.133px;\">Tilkoblingsmetode<\/td>\n<td style=\"width: 51.8281px;\">\/<\/td>\n<td style=\"width: 152.516px;\">Tr\u00e6kkrafttype<\/td>\n<\/tr>\n<tr>\n<td style=\"width: 26.5234px;\">3<\/td>\n<td style=\"width: 200.133px;\">Plukbredde<\/td>\n<td style=\"width: 51.8281px;\">mm<\/td>\n<td style=\"width: 152.516px;\">1900<\/td>\n<\/tr>\n<tr>\n<td style=\"width: 26.5234px;\">4<\/td>\n<td style=\"width: 200.133px;\">V\u00e6lgerstrukturtype<\/td>\n<td style=\"width: 51.8281px;\">\/<\/td>\n<td style=\"width: 152.516px;\">Fjedertandtype<\/td>\n<\/tr>\n<tr>\n<td style=\"width: 26.5234px;\">5<\/td>\n<td style=\"width: 200.133px;\">Feederstrukturtype<\/td>\n<td style=\"width: 51.8281px;\">\/<\/td>\n<td style=\"width: 152.516px;\">Fingerhjul + Rulletype<\/td>\n<\/tr>\n<tr>\n<td style=\"width: 26.5234px;\">6<\/td>\n<td style=\"width: 200.133px;\">Kompressionskammerballepresserstrukturtype<\/td>\n<td style=\"width: 51.8281px;\">\/<\/td>\n<td style=\"width: 152.516px;\">Rulletype<\/td>\n<\/tr>\n<tr>\n<td style=\"width: 26.5234px;\">7<\/td>\n<td style=\"width: 200.133px;\">Kompressionskammerets bredde<\/td>\n<td style=\"width: 51.8281px;\">mm<\/td>\n<td style=\"width: 152.516px;\">1000<\/td>\n<\/tr>\n<tr>\n<td style=\"width: 26.5234px;\">8<\/td>\n<td style=\"width: 200.133px;\">Diameter af kompressionskammeret<\/td>\n<td style=\"width: 51.8281px;\">mm<\/td>\n<td style=\"width: 152.516px;\">\u03a61000<\/td>\n<\/tr>\n<tr>\n<td style=\"width: 26.5234px;\">9<\/td>\n<td style=\"width: 200.133px;\">Antal rullende arbejdskomponenter<\/td>\n<td style=\"width: 51.8281px;\">stk.<\/td>\n<td style=\"width: 152.516px;\">16 (Ruller)<\/td>\n<\/tr>\n<tr>\n<td style=\"width: 26.5234px;\">10<\/td>\n<td style=\"width: 200.133px;\">Rullevalsens diameter<\/td>\n<td style=\"width: 51.8281px;\">mm<\/td>\n<td style=\"width: 152.516px;\">\u03a6222<\/td>\n<\/tr>\n<tr>\n<td style=\"width: 26.5234px;\">11<\/td>\n<td style=\"width: 200.133px;\">Ballemetode<\/td>\n<td style=\"width: 51.8281px;\">\/<\/td>\n<td style=\"width: 152.516px;\">Netindpakning<\/td>\n<\/tr>\n<tr>\n<td style=\"width: 26.5234px;\">12<\/td>\n<td style=\"width: 200.133px;\">Matchende kraft<\/td>\n<td style=\"width: 51.8281px;\">kW<\/td>\n<td style=\"width: 152.516px;\">48~80<\/td>\n<\/tr>\n<tr>\n<td style=\"width: 26.5234px;\">13<\/td>\n<td style=\"width: 200.133px;\">Strukturel masse<\/td>\n<td style=\"width: 51.8281px;\">kg<\/td>\n<td style=\"width: 152.516px;\">2640<\/td>\n<\/tr>\n<tr>\n<td style=\"width: 26.5234px;\">14<\/td>\n<td style=\"width: 200.133px;\">PTO-hastighed<\/td>\n<td style=\"width: 51.8281px;\">omdr.\/min.<\/td>\n<td style=\"width: 152.516px;\">720<\/td>\n<\/tr>\n<tr>\n<td style=\"width: 26.5234px;\">15<\/td>\n<td style=\"width: 200.133px;\">Samlede dimensioner (arbejdstilstand, L\u00d7B\u00d7H)<\/td>\n<td style=\"width: 51.8281px;\">mm<\/td>\n<td style=\"width: 152.516px;\">3750\u00d72300\u00d72020<\/td>\n<\/tr>\n<tr>\n<td style=\"width: 26.5234px;\">16<\/td>\n<td style=\"width: 200.133px;\">Kontrol af ballet\u00e6thed<\/td>\n<td style=\"width: 51.8281px;\">\/<\/td>\n<td style=\"width: 152.516px;\">Sensorstyring<\/td>\n<\/tr>\n<tr>\n<td style=\"width: 26.5234px;\">17<\/td>\n<td style=\"width: 200.133px;\">Ballest\u00f8rrelse (diameter \u00d7 bredde)<\/td>\n<td style=\"width: 51.8281px;\">mm<\/td>\n<td style=\"width: 152.516px;\">\u03a61100\u00d71000<\/td>\n<\/tr>\n<tr>\n<td style=\"width: 26.5234px;\">18<\/td>\n<td style=\"width: 200.133px;\">Ballet\u00e6thed<\/td>\n<td style=\"width: 51.8281px;\">kg\/m\u00b3<\/td>\n<td style=\"width: 152.516px;\">115~200<\/td>\n<\/tr>\n<tr>\n<td style=\"width: 26.5234px;\">19<\/td>\n<td style=\"width: 200.133px;\">Produktivitet<\/td>\n<td style=\"width: 51.8281px;\">baller\/t<\/td>\n<td style=\"width: 152.516px;\">40~100<\/td>\n<\/tr>\n<tr>\n<td style=\"width: 26.5234px;\">20<\/td>\n<td style=\"width: 200.133px;\">Hjulspor<\/td>\n<td style=\"width: 51.8281px;\">mm<\/td>\n<td style=\"width: 152.516px;\">2045<\/td>\n<\/tr>\n<tr>\n<td style=\"width: 26.5234px;\">21<\/td>\n<td style=\"width: 200.133px;\">Driftshastighed<\/td>\n<td style=\"width: 51.8281px;\">km\/t<\/td>\n<td style=\"width: 152.516px;\">5-20<\/td>\n<\/tr>\n<tr>\n<td style=\"width: 26.5234px;\">22<\/td>\n<td style=\"width: 200.133px;\">Specifikation for ballenet (l\u00e6ngde \u00d7 bredde)<\/td>\n<td style=\"width: 51.8281px;\">m<\/td>\n<td style=\"width: 152.516px;\">2000\u00d71,0 m\/balle<\/td>\n<\/tr>\n<\/tbody>\n<\/table>\n<h2>Produktdefinition<\/h2>\n<p>9YG-1.0 rundballepresseren er en robust og holdbar landbrugsmaskine designet til at presse halm, h\u00f8 og andre afgr\u00f8der til rundballer. Den komprimerer og bundter disse materialer, hvilket letter opbevaring, transport og h\u00e5ndtering. Dens alsidighed og effektivitet g\u00f8r den til et vigtigt valg for landm\u00e6nd, der \u00f8nsker at optimere deres ballepresningsproces.<\/p>\n<h2>L\u00f8ste udfordringer og anvendelser<\/h2>\n<p>9YG-1.0 rundballepresseren l\u00f8ser mange udfordringer, som landm\u00e6nd st\u00e5r over for, herunder ineffektiv manuel ballepresning, tidskr\u00e6vende drift og vanskeligheden ved at h\u00e5ndtere store m\u00e6ngder foderingredienser. Den er ideel til at producere ensartede baller i forskellige st\u00f8rrelser, hvilket sikrer ensartet kvalitet og reducerer spild. Anvendelserne omfatter:<\/p>\n<ul>\n<li>Effektiv presning af h\u00f8 og halm til husdyrfoder<\/li>\n<li>Reduktion af l\u00f8nomkostninger og forbedring af driftseffektiviteten<\/li>\n<li>Str\u00f8mlining af opbevaring og transport af foderafgr\u00f8der<\/li>\n<li>Leverer baller med h\u00f8j densitet for nemmere h\u00e5ndtering<\/li>\n<li>Optimering af landbrugsressourcer ved at reducere spild<\/li>\n<\/ul>\n<p style=\"text-align: center;\"><img loading=\"lazy\" decoding=\"async\" class=\"alignnone wp-image-360\" src=\"https:\/\/square-balers.com\/wp-content\/uploads\/2025\/12\/ep-9YG-1.0-Round-Baler1-3-1.webp\" alt=\"Rundballepresser\" width=\"421\" height=\"421\" srcset=\"https:\/\/square-balers.com\/wp-content\/uploads\/2025\/12\/ep-9YG-1.0-Round-Baler1-3-1.webp 250w, https:\/\/square-balers.com\/wp-content\/uploads\/2025\/12\/ep-9YG-1.0-Round-Baler1-3-1-150x150.webp 150w, https:\/\/square-balers.com\/wp-content\/uploads\/2025\/12\/ep-9YG-1.0-Round-Baler1-3-1-12x12.webp 12w, https:\/\/square-balers.com\/wp-content\/uploads\/2025\/12\/ep-9YG-1.0-Round-Baler1-3-1-100x100.webp 100w\" sizes=\"(max-width: 421px) 100vw, 421px\" \/><\/p>\n<h2>Produktfordele<\/h2>\n<ul>\n<li><strong>\u00d8get produktivitet:<\/strong> 9YG-1.0 rundballepresseren g\u00f8r det muligt for landm\u00e6nd at presse store m\u00e6ngder materiale p\u00e5 kortere tid, hvilket forbedrer den samlede produktivitet. Dens avancerede mekanik sikrer, at ballerne formes ensartet og komprimeres t\u00e6t, hvilket reducerer behovet for manuelt arbejde.<\/li>\n<li><strong>Holdbarhed:<\/strong> 9YG-1.0 rundballepresseren er bygget med materialer af h\u00f8j kvalitet og designet til at modst\u00e5 barske landbrugsforhold. Dens robuste konstruktion sikrer en lang levetid, hvilket minimerer vedligeholdelsesbehov og nedetid.<\/li>\n<li><strong>Alsidighed:<\/strong> Denne maskine er i stand til at presse en bred vifte af afgr\u00f8der, herunder h\u00f8, halm og ensilage, hvilket g\u00f8r den velegnet til forskellige landbrugsm\u00e6ssige anvendelser. Dens justerbare indstillinger giver brugerne mulighed for at skr\u00e6ddersy den til specifikke behov og sikre optimal ydeevne under forskellige forhold.<\/li>\n<li><strong>Brugervenlighed:<\/strong> Med brugervenlig betjening og et intuitivt design er 9YG-1.0 rundballepresseren nem at betjene, selv for mindre erfarne brugere. Dens automatiserede funktioner reducerer behovet for konstant overv\u00e5gning, s\u00e5 landm\u00e6ndene kan fokusere p\u00e5 andre aspekter af deres drift.<\/li>\n<li><strong>Omkostningseffektivitet:<\/strong> Ved at \u00f8ge effektiviteten, reducere l\u00f8nomkostninger og minimere spild tilbyder 9YG-1.0 rundballepresseren fremragende v\u00e6rdi for pengene. Dens p\u00e5lidelige ydeevne og lave vedligeholdelsesomkostninger sikrer, at landm\u00e6ndene f\u00e5r et h\u00f8jt investeringsafkast.<\/li>\n<\/ul>\n<h2>Arbejdsprincip for 9YG-1.0 rundballepresser<\/h2>\n<p>9YG-1.0 rundballepresseren fungerer ved at opsamle foder gennem en opsamlingsmekanisme og f\u00f8res ind i et kompressionskammer. Materialet komprimeres derefter til rundballer af et rullesystem. N\u00e5r ballerne n\u00e5r den \u00f8nskede st\u00f8rrelse, sikres de med net eller reb. Denne automatiserede ballepresningsproces reducerer manuelt arbejde, forbedrer ballernes konsistens og g\u00f8r dem nemmere at opbevare og transportere.<\/p>\n<h2>Vigtigste anvendelser af 9YG-1.0 rundballepresseren<\/h2>\n<ul>\n<li><strong>H\u00f8produktion:<\/strong> Ideel til at lave h\u00f8baller, sikre et ensartet fugtindhold og forhindre ford\u00e6rv under opbevaring.<\/li>\n<li><strong>Halmpresning:<\/strong> Perfekt til komprimering af halm til ensartede baller for nem h\u00e5ndtering og opbevaring efter h\u00f8st.<\/li>\n<li><strong>Ensilagepressning:<\/strong> Nyttig til at lave t\u00e6tpakkede ensilageballer, der bevarer kvaliteten af \u200b\u200bfoderet til dyrefoder.<\/li>\n<li><strong>Opbevaring af foder:<\/strong> Forbedrer opbevaring og konservering af foder, reducerer ford\u00e6rv og forl\u00e6nger holdbarheden.<\/li>\n<li><strong>Husdyrfoder:<\/strong> Forenkler processen med at lave baller, der kan bruges direkte som dyrefoder i vinterm\u00e5nederne.<\/li>\n<li><strong>G\u00e5rdens effektivitet:<\/strong> \u00d8ger effektiviteten af \u200b\u200blandbrugsdriften ved at reducere arbejdskraftbehovet og fremskynde ballepresningsprocessen.<\/li>\n<\/ul>\n<p style=\"text-align: center;\"><img loading=\"lazy\" decoding=\"async\" class=\"alignnone wp-image-359\" src=\"https:\/\/square-balers.com\/wp-content\/uploads\/2025\/12\/ep-9YG-1.0-Round-Baler1-2-1.webp\" alt=\"Rundballepresser\" width=\"429\" height=\"429\" srcset=\"https:\/\/square-balers.com\/wp-content\/uploads\/2025\/12\/ep-9YG-1.0-Round-Baler1-2-1.webp 262w, https:\/\/square-balers.com\/wp-content\/uploads\/2025\/12\/ep-9YG-1.0-Round-Baler1-2-1-150x150.webp 150w, https:\/\/square-balers.com\/wp-content\/uploads\/2025\/12\/ep-9YG-1.0-Round-Baler1-2-1-12x12.webp 12w, https:\/\/square-balers.com\/wp-content\/uploads\/2025\/12\/ep-9YG-1.0-Round-Baler1-2-1-100x100.webp 100w\" sizes=\"(max-width: 429px) 100vw, 429px\" \/><\/p>\n<h2>S\u00e5dan v\u00e6lger du den rigtige 9YG-1.0 rundballepresser<\/h2>\n<p>Det er vigtigt at v\u00e6lge den rigtige ballepresser for at opn\u00e5 optimale resultater p\u00e5 din g\u00e5rd. Her er nogle vigtige faktorer, du skal overveje, n\u00e5r du v\u00e6lger en 9YG-1.0 rundballepresser:<\/p>\n<ul>\n<li><strong>Overvej afgr\u00f8detype:<\/strong> S\u00f8rg for, at ballepresseren er kompatibel med den type afgr\u00f8de, du presser, uanset om det er h\u00f8, halm eller ensilage. Forskellige materialer kr\u00e6ver forskellige komprimerings- og h\u00e5ndteringsindstillinger.<\/li>\n<li><strong>Kontroller krav til ballest\u00f8rrelse:<\/strong> Kontroller den ballest\u00f8rrelse, som maskinen kan producere, da dette vil p\u00e5virke dine opbevarings- og transportmetoder. Nogle operationer kan kr\u00e6ve mindre eller st\u00f8rre baller, afh\u00e6ngigt af deres behov.<\/li>\n<li><strong>Vurder markforholdene:<\/strong> V\u00e6lg en ballepresser, der passer til terr\u00e6net og arbejdsforholdene p\u00e5 din g\u00e5rd. Maskiner designet til uj\u00e6vnt terr\u00e6n kan give bedre ydeevne i udfordrende milj\u00f8er.<\/li>\n<li><strong>Evaluer maskinens funktioner:<\/strong> Kig efter funktioner, der forbedrer brugervenligheden, s\u00e5som automatisk ballebinding og justerbare indstillinger for ballet\u00e6thed.<\/li>\n<li><strong>Overvej holdbarhed:<\/strong> S\u00f8rg for, at maskinen er bygget til at holde, is\u00e6r hvis din g\u00e5rd arbejder under barske vejrforhold eller med tunge arbejdsbyrder.<\/li>\n<li><strong>Gennemg\u00e5 vedligeholdelseskrav:<\/strong> V\u00e6lg en ballepresser, der er nem at vedligeholde og reparere, med tilg\u00e6ngelige servicepunkter og let tilg\u00e6ngelige reservedele.<\/li>\n<\/ul>\n<h2>Vedligeholdelsestips til 9YG-1.0 rundballepresseren<\/h2>\n<p>Regelm\u00e6ssig vedligeholdelse er afg\u00f8rende for at sikre din 9YG-1.0 rundballepressers levetid og effektivitet. F\u00f8lg disse vedligeholdelsestips for at holde din maskine i optimal stand:<\/p>\n<ul>\n<li><strong>Regelm\u00e6ssig inspektion:<\/strong> Inspicer ballepresseren f\u00f8r og efter hver brug for at identificere eventuelle problemer, s\u00e5som slidte dele eller blokeringer.<\/li>\n<li><strong>Reng\u00f8r maskinen:<\/strong> Fjern eventuelle rester af materiale, snavs eller st\u00f8v fra maskinen efter brug for at forhindre ophobning, der kan p\u00e5virke dens ydeevne.<\/li>\n<li><strong>Sm\u00f8r bev\u00e6gelige dele:<\/strong> Sm\u00f8r ruller, k\u00e6der og andre bev\u00e6gelige dele regelm\u00e6ssigt for at reducere friktion og slid.<\/li>\n<li><strong>Kontroller ballebindingsmekanismen:<\/strong> S\u00f8rg for, at net- eller garnbindingssystemet fungerer korrekt, og juster det efter behov for at undg\u00e5 funktionsfejl.<\/li>\n<li><strong>Udskift slidte dele:<\/strong> Udskift alle slidte eller beskadigede dele omg\u00e5ende for at undg\u00e5 yderligere skader og sikre, at ballepresseren fungerer problemfrit.<\/li>\n<\/ul>\n<h2>Kundeanmeldelser<\/h2>\n<div>\n<p>\"Jeg har brugt 9YG-1.0 rundballepresseren i flere s\u00e6soner, og den har revolutioneret min g\u00e5rd. Maskinen h\u00e5ndterer store m\u00e6ngder h\u00f8 med lethed, og ballernes kvalitet er ensartet. Justeringen af \u200b\u200bballest\u00f8rrelsen er enkel, og det automatiske bindingssystem har sparet mig en masse tid. Den er holdbar, og vedligeholdelsen er ligetil. Jeg kan varmt anbefale den til storskala h\u00f8produktion.\"<\/p>\n<p><strong>\u2013 John, USA<\/strong><\/p>\n<p>\"Vi k\u00f8bte 9YG-1.0 rundballepresseren til vores halmpresning, og den har overg\u00e5et vores forventninger. Ballerne er kompakte og ensartede, hvilket g\u00f8r opbevaring meget nemmere. Maskinen er nem at betjene og meget effektiv, hvilket reducerer den tid, der bruges p\u00e5 ballepresning. En solid investering for enhver g\u00e5rd.\"<\/p>\n<p><strong>\u2013 Maria, Argentina<\/strong><\/p>\n<p>\"Som ejer af en lille g\u00e5rd havde jeg brug for en ballepresser, der var kompakt, men kraftfuld. 9YG-1.0 rundballepresseren passer perfekt til mine opgaver. Den fungerer problemfrit, selv i uj\u00e6vnt terr\u00e6n, og ballerne kommer ud t\u00e6t bundet. Det er en p\u00e5lidelig og omkostningseffektiv l\u00f8sning til mine behov for h\u00f8ballepresning.\"<\/p>\n<p><strong>\u2013 Ahmed, Egypten<\/strong><\/p>\n<p>\"9YG-1.0 rundballepresseren har hjulpet med at str\u00f8mline vores ensilageballepresningsproces. Maskinen er hurtig, effektiv og producerer baller af h\u00f8j kvalitet, der holder sig godt under opbevaring. Det er et godt valg for mellemstore landbrug, der \u00f8nsker at \u00f8ge produktiviteten.\"<\/p>\n<p><strong>\u2013 Li, Kina<\/strong><\/p>\n<p>\"Vi har for nylig k\u00f8bt denne maskine til vores kv\u00e6gg\u00e5rd, og den har v\u00e6ret fantastisk. Den reducerer den tid, der bruges p\u00e5 ballepresning, og sikrer, at ballerne er ensartede og nemme at h\u00e5ndtere. Kundeservicen var fantastisk, og leveringen var hurtig. Meget tilfreds med dette k\u00f8b.\"<\/p>\n<p><strong>\u2013 Marco, Italien<\/strong><\/p>\n<\/div>\n<h2>Hvorfor v\u00e6lge vores produkt<\/h2>\n<p>N\u00e5r du v\u00e6lger 9YG-1.0 rundballepresseren, v\u00e6lger du landbrugsudstyr af h\u00f8j kvalitet og holdbarhed, der bakkes op af enest\u00e5ende kundeservice. Vi tilbyder:<\/p>\n<ul>\n<li>Hurtige tilpasninger, der opfylder dine specifikke behov<\/li>\n<li>St\u00e6rk eftersalgssupport og 3 \u00e5rs garanti<\/li>\n<li>Globale forsendelseskapaciteter til at im\u00f8dekomme presserende behov<\/li>\n<li>Omfattende vedligeholdelse og support<\/li>\n<\/ul>\n<p>Vores engagement i at levere udstyr i topklasse, overkommelige priser og fremragende kundeservice g\u00f8r os til det bedste valg til dine landbrugsbehov. Udforsk 9YG-1.0 rundballepresseren i dag, og kontakt os for at afgive din ordre.<\/p>\n<p style=\"text-align: center;\"><strong><img loading=\"lazy\" decoding=\"async\" class=\"alignnone wp-image-357\" src=\"https:\/\/square-balers.com\/wp-content\/uploads\/2025\/12\/ep-9YG-1.0-Round-Baler1-1-1.webp\" alt=\"Rundballepresser\" width=\"462\" height=\"462\" srcset=\"https:\/\/square-balers.com\/wp-content\/uploads\/2025\/12\/ep-9YG-1.0-Round-Baler1-1-1.webp 259w, https:\/\/square-balers.com\/wp-content\/uploads\/2025\/12\/ep-9YG-1.0-Round-Baler1-1-1-150x150.webp 150w, https:\/\/square-balers.com\/wp-content\/uploads\/2025\/12\/ep-9YG-1.0-Round-Baler1-1-1-12x12.webp 12w, https:\/\/square-balers.com\/wp-content\/uploads\/2025\/12\/ep-9YG-1.0-Round-Baler1-1-1-100x100.webp 100w\" sizes=\"(max-width: 462px) 100vw, 462px\" \/><\/strong><\/p>\n<h2>Udforsk vores andre produkter<\/h2>\n<p>Udover 9YG-1.0 rundballepresseren tilbyder vi ogs\u00e5 et bredt udvalg af landbrugsudstyr og tilbeh\u00f8r, herunder reservedele til ballepressere, h\u00f8stmaskiner og andre maskiner. Vores produkter er designet til at forbedre din landbrugsproduktivitet. Kontakt os for mere produktinformation og for at k\u00f8be nu.<\/p>\n<h2>Ofte stillede sp\u00f8rgsm\u00e5l (FAQ)<\/h2>\n<ol>\n<li><strong>Hvad er kapaciteten af \u200b\u200b9YG-1.0 rundballepresseren?<\/strong><br \/>\n9YG-1.0 rundballepresseren har en ballekapacitet p\u00e5 op til 1,0 meter i diameter, hvilket g\u00f8r den velegnet til b\u00e5de sm\u00e5 og mellemstore landbrug.<\/li>\n<li><strong>Kan 9YG-1.0 rundballepresseren bruges under v\u00e5de forhold?<\/strong><br \/>\nJa, maskinen er designet til at fungere under forskellige vejrforhold, herunder v\u00e5de forhold. Det er dog vigtigt at justere indstillingerne for optimal ydeevne ved presning af v\u00e5dt materiale.<\/li>\n<li><strong>Hvor nemt er det at vedligeholde 9YG-1.0 rundballepresseren?<\/strong><br \/>\n9YG-1.0 rundballepresseren er designet til nem vedligeholdelse. Rutinem\u00e6ssig kontrol, sm\u00f8ring og reng\u00f8ring er afg\u00f8rende for at holde maskinen k\u00f8rende problemfrit.<\/li>\n<li><strong>Hvad er prisintervallet for 9YG-1.0 rundballepresseren?<\/strong><br \/>\nPrisen varierer afh\u00e6ngigt af den tilpasning og de ekstra funktioner, du v\u00e6lger. Kontakt vores salgsteam direkte for at f\u00e5 et pr\u00e6cist tilbud.<\/li>\n<li><strong>Er der nogen garanti p\u00e5 9YG-1.0 rundballepresseren?<\/strong><br \/>\nJa, vi tilbyder 3 \u00e5rs garanti p\u00e5 9YG-1.0 rundballepresseren, hvilket sikrer dig ro i sindet ved dit k\u00f8b.<\/li>\n<li><strong>Hvor lang tid tager det at modtage en 9YG-1.0 rundballepresser efter bestilling?<\/strong><br \/>\nLeveringstiden afh\u00e6nger af din placering og specifikke ordreoplysninger, men typisk kan 9YG-1.0 rundballepresseren leveres inden for 2-4 uger efter ordrebekr\u00e6ftelse.<\/li>\n<li><strong>Kan jeg bruge 9YG-1.0 rundballepresseren til ensilage?<\/strong><br \/>\nJa, 9YG-1.0 rundballepresseren er i stand til at presse ensilage og tilbyder fremragende komprimering og ensartethed for bedre opbevaring og nemmere h\u00e5ndtering.<\/li>\n<li><strong>Hvilken slags vedligeholdelse kr\u00e6ver 9YG-1.0 rundballepresseren?<\/strong><br \/>\nVedligeholdelse omfatter regelm\u00e6ssig reng\u00f8ring, sm\u00f8ring af bev\u00e6gelige dele, kontrol af garn- eller netsystemet og sikring af, at alle komponenter er fri for snavs. Dette vil bidrage til at holde maskinen i god stand.<\/li>\n<li><strong>Kan ballest\u00f8rrelsen justeres p\u00e5 9YG-1.0 rundballepresseren?<\/strong><br \/>\nJa, 9YG-1.0 rundballepresseren giver mulighed for justerbare ballest\u00f8rrelser, hvilket giver landm\u00e6ndene fleksibilitet til at tilpasse ballest\u00f8rrelsen efter deres behov.<\/li>\n<li><strong>Er 9YG-1.0 rundballepresseren kompatibel med andre landbrugsmaskiner?<\/strong><br \/>\nJa, 9YG-1.0 rundballepresseren er kompatibel med en bred vifte af landbrugsudstyr. Den kan nemt integreres i dit eksisterende landbrugsanl\u00e6g for at forbedre produktiviteten.<\/li>\n<li><strong>Hvordan klarer 9YG-1.0 rundballepresseren sig i forhold til andre ballepressere p\u00e5 markedet?<\/strong><br \/>\n9YG-1.0 rundballepresseren skiller sig ud p\u00e5 grund af sin p\u00e5lidelighed, holdbarhed og omkostningseffektivitet. Den tilbyder h\u00f8j ydeevne til en konkurrencedygtig pris, hvilket sikrer landm\u00e6ndene god v\u00e6rdi for pengene.<\/li>\n<li><strong>Hvilke sikkerhedsfunktioner er inkluderet i 9YG-1.0 rundballepresseren?<\/strong><br \/>\n9YG-1.0 rundballepresseren er udstyret med sikkerhedsfunktioner s\u00e5som n\u00f8dstopmekanismer, sikre d\u00e6ksler og et robust design, der sikrer sikker drift under brug.<\/li>\n<li><strong>Er 9YG-1.0 rundballepresseren nem at betjene?<\/strong><br \/>\nJa, 9YG-1.0 rundballepresseren er designet til brugervenlighed med intuitive betjeningselementer og automatiske funktioner, der reducerer behovet for manuel indgriben.<\/li>\n<li><strong>Hvad er den forventede levetid for 9YG-1.0 rundballepresseren?<\/strong><br \/>\nMed korrekt vedligeholdelse kan 9YG-1.0 rundballepresseren holde i mange \u00e5r. I gennemsnit har den en levetid p\u00e5 10-15 \u00e5r afh\u00e6ngigt af brug og pleje.<\/li>\n<li><strong>Kan jeg k\u00f8be reservedele til 9YG-1.0 rundballepresseren?<\/strong><br \/>\nJa, reservedele til 9YG-1.0 rundballepresseren er let tilg\u00e6ngelige og kan bestilles via vores kundeserviceteam for at sikre fortsat drift uden nedetid.<\/li>\n<\/ol>\n<p>redigeret af gzl<\/p>","protected":false},"excerpt":{"rendered":"<p>Oplev 9YG-1.0 rundballepresseren \u2013 den ultimative l\u00f8sning til effektiv h\u00f8- og halmpresning. Den er bygget med avanceret teknologi for h\u00f8j holdbarhed og ydeevne og sikrer overlegen balleformning og nem betjening. Perfekt til landm\u00e6nd, der s\u00f8ger p\u00e5lidelighed og produktivitet. Bestil din i dag og optimer din landbrugsdrift!<\/p>","protected":false},"featured_media":358,"template":"","meta":{"_et_pb_use_builder":"","_et_pb_old_content":"","_et_gb_content_width":""},"product_brand":[],"product_cat":[21],"product_tag":[],"class_list":{"0":"post-356","1":"product","2":"type-product","3":"status-publish","4":"has-post-thumbnail","6":"product_cat-round-baler-rake","8":"first","9":"instock","10":"shipping-taxable","11":"product-type-simple"},"_links":{"self":[{"href":"https:\/\/square-balers.com\/da\/wp-json\/wp\/v2\/product\/356","targetHints":{"allow":["GET"]}}],"collection":[{"href":"https:\/\/square-balers.com\/da\/wp-json\/wp\/v2\/product"}],"about":[{"href":"https:\/\/square-balers.com\/da\/wp-json\/wp\/v2\/types\/product"}],"wp:featuredmedia":[{"embeddable":true,"href":"https:\/\/square-balers.com\/da\/wp-json\/wp\/v2\/media\/358"}],"wp:attachment":[{"href":"https:\/\/square-balers.com\/da\/wp-json\/wp\/v2\/media?parent=356"}],"wp:term":[{"taxonomy":"product_brand","embeddable":true,"href":"https:\/\/square-balers.com\/da\/wp-json\/wp\/v2\/product_brand?post=356"},{"taxonomy":"product_cat","embeddable":true,"href":"https:\/\/square-balers.com\/da\/wp-json\/wp\/v2\/product_cat?post=356"},{"taxonomy":"product_tag","embeddable":true,"href":"https:\/\/square-balers.com\/da\/wp-json\/wp\/v2\/product_tag?post=356"}],"curies":[{"name":"wp","href":"https:\/\/api.w.org\/{rel}","templated":true}]}}