{"id":362,"date":"2025-12-16T07:51:50","date_gmt":"2025-12-16T07:51:50","guid":{"rendered":"https:\/\/square-balers.com\/?post_type=product&#038;p=362"},"modified":"2025-12-18T02:59:20","modified_gmt":"2025-12-18T02:59:20","slug":"9yg-1-25a-rundballepresser","status":"publish","type":"product","link":"https:\/\/square-balers.com\/da\/vare\/9yg-1-25a-rundballepresser\/","title":{"rendered":"9YG-1.25A rundballepresser"},"content":{"rendered":"<p>9YG-1.25A rundballepresseren er et innovativt landbrugsredskab designet til effektivt at opsamle og komprimere landbrugsrester s\u00e5som h\u00f8, halm og ensilage til kompakte rundballer. Denne maskine er ideel til landm\u00e6nd, der s\u00f8ger en p\u00e5lidelig l\u00f8sning til styring af storskala landbrugsproduktion. Med avanceret teknologi og robust design tilbyder den b\u00e5de holdbarhed og brugervenlighed, hvilket g\u00f8r den til et p\u00e5lideligt valg til moderne landbrugsbehov.<\/p>\n<h2>Teknisk specifikation<\/h2>\n<table style=\"height: 540px;\">\n<thead>\n<tr style=\"height: 18px;\">\n<th style=\"width: 26.5234px; height: 18px;\">Ingen.<\/th>\n<th style=\"width: 200px; height: 18px;\">Punkt<\/th>\n<th style=\"width: 53px; height: 18px;\">Enhed<\/th>\n<th style=\"width: 150px; height: 18px;\">Specifikation<\/th>\n<\/tr>\n<\/thead>\n<tbody>\n<tr style=\"height: 18px;\">\n<td style=\"width: 26.5234px; height: 18px;\">1<\/td>\n<td style=\"width: 200px; height: 18px;\">Modelnavn<\/td>\n<td style=\"width: 53px; height: 18px;\">\/<\/td>\n<td style=\"width: 150px; height: 18px;\">9YG-1.25A rundballepresser<\/td>\n<\/tr>\n<tr style=\"height: 18px;\">\n<td style=\"width: 26.5234px; height: 18px;\">2<\/td>\n<td style=\"width: 200px; height: 18px;\">Tilkoblingsmetode<\/td>\n<td style=\"width: 53px; height: 18px;\">\/<\/td>\n<td style=\"width: 150px; height: 18px;\">Tr\u00e6kkrafttype<\/td>\n<\/tr>\n<tr style=\"height: 18px;\">\n<td style=\"width: 26.5234px; height: 18px;\">3<\/td>\n<td style=\"width: 200px; height: 18px;\">Plukbredde<\/td>\n<td style=\"width: 53px; height: 18px;\">mm<\/td>\n<td style=\"width: 150px; height: 18px;\">2150<\/td>\n<\/tr>\n<tr style=\"height: 18px;\">\n<td style=\"width: 26.5234px; height: 18px;\">4<\/td>\n<td style=\"width: 200px; height: 18px;\">V\u00e6lgerstrukturtype<\/td>\n<td style=\"width: 53px; height: 18px;\">\/<\/td>\n<td style=\"width: 150px; height: 18px;\">Fjedertandtype<\/td>\n<\/tr>\n<tr style=\"height: 36px;\">\n<td style=\"width: 26.5234px; height: 36px;\">5<\/td>\n<td style=\"width: 200px; height: 36px;\">Feederstrukturtype<\/td>\n<td style=\"width: 53px; height: 36px;\">\/<\/td>\n<td style=\"width: 150px; height: 36px;\">Fingerhjul + Rulletype<\/td>\n<\/tr>\n<tr style=\"height: 36px;\">\n<td style=\"width: 26.5234px; height: 36px;\">6<\/td>\n<td style=\"width: 200px; height: 36px;\">Kompressionskammerballepresserstrukturtype<\/td>\n<td style=\"width: 53px; height: 36px;\">\/<\/td>\n<td style=\"width: 150px; height: 36px;\">Rulletype<\/td>\n<\/tr>\n<tr style=\"height: 36px;\">\n<td style=\"width: 26.5234px; height: 36px;\">7<\/td>\n<td style=\"width: 200px; height: 36px;\">Kompressionskammerets bredde<\/td>\n<td style=\"width: 53px; height: 36px;\">mm<\/td>\n<td style=\"width: 150px; height: 36px;\">1250<\/td>\n<\/tr>\n<tr style=\"height: 36px;\">\n<td style=\"width: 26.5234px; height: 36px;\">8<\/td>\n<td style=\"width: 200px; height: 36px;\">Diameter af kompressionskammeret<\/td>\n<td style=\"width: 53px; height: 36px;\">mm<\/td>\n<td style=\"width: 150px; height: 36px;\">\u03a61200<\/td>\n<\/tr>\n<tr style=\"height: 36px;\">\n<td style=\"width: 26.5234px; height: 36px;\">9<\/td>\n<td style=\"width: 200px; height: 36px;\">Antal rullende arbejdskomponenter<\/td>\n<td style=\"width: 53px; height: 36px;\">stk.<\/td>\n<td style=\"width: 150px; height: 36px;\">18 (Ruller)<\/td>\n<\/tr>\n<tr style=\"height: 18px;\">\n<td style=\"width: 26.5234px; height: 18px;\">10<\/td>\n<td style=\"width: 200px; height: 18px;\">Rullevalsens diameter<\/td>\n<td style=\"width: 53px; height: 18px;\">mm<\/td>\n<td style=\"width: 150px; height: 18px;\">\u03a6222<\/td>\n<\/tr>\n<tr style=\"height: 18px;\">\n<td style=\"width: 26.5234px; height: 18px;\">11<\/td>\n<td style=\"width: 200px; height: 18px;\">Ballemetode<\/td>\n<td style=\"width: 53px; height: 18px;\">\/<\/td>\n<td style=\"width: 150px; height: 18px;\">Netindpakning<\/td>\n<\/tr>\n<tr style=\"height: 18px;\">\n<td style=\"width: 26.5234px; height: 18px;\">12<\/td>\n<td style=\"width: 200px; height: 18px;\">Matchende kraft<\/td>\n<td style=\"width: 53px; height: 18px;\">kW<\/td>\n<td style=\"width: 150px; height: 18px;\">\u226575<\/td>\n<\/tr>\n<tr style=\"height: 18px;\">\n<td style=\"width: 26.5234px; height: 18px;\">13<\/td>\n<td style=\"width: 200px; height: 18px;\">Strukturel masse<\/td>\n<td style=\"width: 53px; height: 18px;\">kg<\/td>\n<td style=\"width: 150px; height: 18px;\">4472<\/td>\n<\/tr>\n<tr style=\"height: 18px;\">\n<td style=\"width: 26.5234px; height: 18px;\">14<\/td>\n<td style=\"width: 200px; height: 18px;\">PTO-hastighed<\/td>\n<td style=\"width: 53px; height: 18px;\">omdr.\/min.<\/td>\n<td style=\"width: 150px; height: 18px;\">540-1000<\/td>\n<\/tr>\n<tr style=\"height: 36px;\">\n<td style=\"width: 26.5234px; height: 36px;\">15<\/td>\n<td style=\"width: 200px; height: 36px;\">Samlede dimensioner (arbejdstilstand, L\u00d7B\u00d7H)<\/td>\n<td style=\"width: 53px; height: 36px;\">mm<\/td>\n<td style=\"width: 150px; height: 36px;\">4400\u00d72850\u00d72400<\/td>\n<\/tr>\n<tr style=\"height: 18px;\">\n<td style=\"width: 26.5234px; height: 18px;\">16<\/td>\n<td style=\"width: 200px; height: 18px;\">Kontrol af ballet\u00e6thed<\/td>\n<td style=\"width: 53px; height: 18px;\">\/<\/td>\n<td style=\"width: 150px; height: 18px;\">Sensorstyring<\/td>\n<\/tr>\n<tr style=\"height: 18px;\">\n<td style=\"width: 26.5234px; height: 18px;\">17<\/td>\n<td style=\"width: 200px; height: 18px;\">Ballest\u00f8rrelse (diameter \u00d7 bredde)<\/td>\n<td style=\"width: 53px; height: 18px;\">mm<\/td>\n<td style=\"width: 150px; height: 18px;\">\u03a61300\u00d71250<\/td>\n<\/tr>\n<tr style=\"height: 18px;\">\n<td style=\"width: 26.5234px; height: 18px;\">18<\/td>\n<td style=\"width: 200px; height: 18px;\">Ballet\u00e6thed<\/td>\n<td style=\"width: 53px; height: 18px;\">kg\/m\u00b3<\/td>\n<td style=\"width: 150px; height: 18px;\">100-200<\/td>\n<\/tr>\n<tr style=\"height: 18px;\">\n<td style=\"width: 26.5234px; height: 18px;\">19<\/td>\n<td style=\"width: 200px; height: 18px;\">Produktivitet<\/td>\n<td style=\"width: 53px; height: 18px;\">baller\/t<\/td>\n<td style=\"width: 150px; height: 18px;\">40~100<\/td>\n<\/tr>\n<tr style=\"height: 18px;\">\n<td style=\"width: 26.5234px; height: 18px;\">20<\/td>\n<td style=\"width: 200px; height: 18px;\">Hjulspor<\/td>\n<td style=\"width: 53px; height: 18px;\">mm<\/td>\n<td style=\"width: 150px; height: 18px;\">2450<\/td>\n<\/tr>\n<tr style=\"height: 18px;\">\n<td style=\"width: 26.5234px; height: 18px;\">21<\/td>\n<td style=\"width: 200px; height: 18px;\">Driftshastighed<\/td>\n<td style=\"width: 53px; height: 18px;\">km\/t<\/td>\n<td style=\"width: 150px; height: 18px;\">5-35<\/td>\n<\/tr>\n<tr style=\"height: 36px;\">\n<td style=\"width: 26.5234px; height: 36px;\">22<\/td>\n<td style=\"width: 200px; height: 36px;\">Specifikation for ballenet (l\u00e6ngde \u00d7 bredde)<\/td>\n<td style=\"width: 53px; height: 36px;\">\/<\/td>\n<td style=\"width: 150px; height: 36px;\">2000\u00d71,25 \u00b5g? \/balle<\/td>\n<\/tr>\n<\/tbody>\n<\/table>\n<p><img loading=\"lazy\" decoding=\"async\" class=\"alignnone size-medium wp-image-363 aligncenter\" src=\"https:\/\/square-balers.com\/wp-content\/uploads\/2025\/12\/EP-9YG-1.25A-Round-Baler-1-1-1-1-300x300.webp\" alt=\"Rundballepresser\" width=\"300\" height=\"300\" \/><\/p>\n<h2>Produktdefinition<\/h2>\n<p>9YG-1.25A rundballepresseren er en h\u00f8jtydende landbrugsmaskine designet til at skabe kompakte rundballer fra forskellige typer afgr\u00f8derester. Dette udstyr er udstyret med moderne funktioner for at forbedre driftseffektiviteten, herunder et automatisk fodersystem, holdbare dele og en brugervenlig gr\u00e6nseflade.<\/p>\n<h2>Problemer den l\u00f8ser og bruger<\/h2>\n<p>9YG-1.25A rundballepresseren er specielt designet til at im\u00f8deg\u00e5 de udfordringer, som moderne landm\u00e6nd st\u00e5r over for. Den reducerer betydeligt den arbejdskraft og tid, der kr\u00e6ves til h\u00f8pressning, samtidig med at den forbedrer opbevarings- og transporteffektiviteten af \u200b\u200blandbrugsmaterialer. Dette produkt er ideelt til brug i storskala h\u00f8- og halmproduktion, hvilket forbedrer produktiviteten og reducerer de samlede omkostninger.<\/p>\n<h2>Fordele ved 9YG-1.25A rundballepresseren<\/h2>\n<ul>\n<li><strong>Forbedret effektivitet:<\/strong> Maskinen fungerer med et h\u00f8jhastighedsballesystem, der sikrer hurtig behandling, s\u00e5 brugerne kan d\u00e6kke et st\u00f8rre omr\u00e5de p\u00e5 kortere tid.<\/li>\n<li><strong>Holdbar konstruktion:<\/strong> Ballepresseren er bygget af materialer af h\u00f8j kvalitet og designet til at modst\u00e5 barske arbejdsforhold og sikre lang levetid under intensiv brug.<\/li>\n<li><strong>Omkostningseffektiv:<\/strong> 9YG-1.25A reducerer l\u00f8nomkostningerne og forbedrer br\u00e6ndstofeffektiviteten, hvilket g\u00f8r den til en yderst omkostningseffektiv l\u00f8sning til store landbrug.<\/li>\n<li><strong>Nem at betjene:<\/strong> Med en brugervenlig gr\u00e6nseflade og automatisk indf\u00f8ringsmekanisme er ballepresseren nem at bruge, selv for uerfarne operat\u00f8rer.<\/li>\n<li><strong>Milj\u00f8m\u00e6ssige fordele:<\/strong> Ved at komprimere restprodukter til baller reducerer maskinen spild og bidrager til mere effektiv jordforvaltning og affaldsbortskaffelse i landbruget.<\/li>\n<\/ul>\n<h2>S\u00e5dan fungerer 9YG-1.25A rundballepresseren<\/h2>\n<p>9YG-1.25A rundballepresseren bruger en r\u00e6kke roterende ruller og et automatisk f\u00f8desystem til at samle, komprimere og forme rundballer fra landbrugsmaterialer. Maskinens automatiske f\u00f8desystem sikrer kontinuerlig drift, mens kompressionskammeret sikrer, at ballerne er t\u00e6t pakket, hvilket reducerer volumen og g\u00f8r dem nemmere at h\u00e5ndtere, opbevare og transportere. Derudover giver ballepresserens hydrauliske system pr\u00e6cis kontrol, hvilket forbedrer maskinens samlede effektivitet.<\/p>\n<h2>Hovedanvendelser af 9YG-1.25A rundballepresseren<\/h2>\n<ul>\n<li><strong>H\u00f8produktion:<\/strong> Ideel til opsamling og komprimering af t\u00f8rret gr\u00e6s til kompakte baller til husdyrfoder.<\/li>\n<li><strong>Halmpresning:<\/strong> Perfekt til opsamling af hvede, ris og andre halmrester for at danne kompakte baller til opbevaring eller forarbejdning.<\/li>\n<li><strong>Ensilagefremstilling:<\/strong> Fremragende til presning af ensilageafgr\u00f8der, som opbevares til foder til husdyr i vinterm\u00e5nederne.<\/li>\n<li><strong>H\u00e5ndtering af landbrugsaffald:<\/strong> Effektiv til at komprimere landbrugsaffald til h\u00e5ndterbare baller til bortskaffelse eller genbrug.<\/li>\n<li><strong>Transporteffektivitet:<\/strong> De producerede baller er nemme at transportere, hvilket hj\u00e6lper med at reducere omkostningerne forbundet med opbevaring og flytning af store m\u00e6ngder landbrugsmaterialer.<\/li>\n<li><strong>Brandforebyggelse:<\/strong> Ved at komprimere afgr\u00f8derester til baller, hj\u00e6lper ballepresseren med at reducere brandfaren p\u00e5 markerne ved at forhindre ophobning af brandbart materiale.<\/li>\n<\/ul>\n<h2>S\u00e5dan v\u00e6lger du den rigtige 9YG-1.25A rundballepresser<\/h2>\n<ul>\n<li><strong>Forst\u00e5 din g\u00e5rds st\u00f8rrelse:<\/strong> V\u00e6lg en ballepresser, der matcher din g\u00e5rds st\u00f8rrelse og produktionskrav for at sikre effektivitet og produktivitet.<\/li>\n<li><strong>Overvej afgr\u00f8detyper:<\/strong> Ballepresseren er alsidig, men det er vigtigt at sikre, at den er kompatibel med de specifikke afgr\u00f8der, du dyrker, s\u00e5som h\u00f8, halm eller ensilage.<\/li>\n<li><strong>Unders\u00f8g ballepresserens kapacitet:<\/strong> Overvej den ballest\u00f8rrelse og -v\u00e6gt, der passer til din transport- og opbevaringskapacitet. S\u00f8rg for, at den opfylder dine driftsbehov.<\/li>\n<li><strong>Evaluer holdbarhed:<\/strong> Kig efter en maskine, der er bygget til at modst\u00e5 dine landbrugsforhold og klima. 9YG-1.25A tilbyder langvarig p\u00e5lidelighed.<\/li>\n<li><strong>Overvej dit budget:<\/strong> 9YG-1.25A er en omkostningseffektiv l\u00f8sning, men vurder din \u00f8konomiske kapacitet til at investere i udstyret og dets langsigtede fordele.<\/li>\n<li><strong>Tjek for eftersalgsservice:<\/strong> V\u00e6lg en leverand\u00f8r, der tilbyder fremragende kundeservice, garanti og reservedelssupport, for at sikre, at din investering er godt beskyttet.<\/li>\n<\/ul>\n<h2>Vedligeholdelse af 9YG-1.25A rundballepresser<\/h2>\n<p>Vedligeholdelse af 9YG-1.25A <a href=\"https:\/\/square-balers.com\/da\/vare\/9yg-10-rundballepresser\/\">Rundballepresser<\/a> er afg\u00f8rende for at sikre dens levetid og optimale ydeevne. Regelm\u00e6ssig vedligeholdelse omfatter kontrol af det hydrauliske system, reng\u00f8ring af f\u00f8demekanismen, inspektion af ballekammeret og sm\u00f8ring af bev\u00e6gelige dele. Regelm\u00e6ssig udskiftning af slidte komponenter s\u00e5som ruller, remme og hydrauliske v\u00e6sker vil ogs\u00e5 forl\u00e6nge maskinens levetid. Se altid producentens vedligeholdelsesvejledning for at sikre de bedste resultater.<\/p>\n<h2>Kundeanmeldelser<\/h2>\n<p>\"9YG-1.25A rundballepresseren har gjort vores h\u00f8produktion meget mere effektiv. Maskinen fungerer godt selv under barske forhold, og vi har bem\u00e6rket en betydelig reduktion i l\u00f8nomkostningerne. Den er nem at betjene, og ballerne bliver perfekt kompakte. Kan varmt anbefales!\"<br \/>\n<strong>\u2014\u2014John Smith, <\/strong><strong>USA<\/strong><\/p>\n<p>\"Som en g\u00e5rd, der specialiserer sig i ensilageproduktion, er 9YG-1.25A det perfekte supplement til vores drift. Maskinen har v\u00e6ret p\u00e5lidelig, og ballerne er ensartede og velkomprimerede, hvilket g\u00f8r opbevaring og transport meget nemmere.\"<br \/>\n<strong>\u2014\u2014Emily Nguyen, <\/strong><strong>Canada<\/strong><\/p>\n<p>\"Vi k\u00f8bte 9YG-1.25A sidste s\u00e6son og har v\u00e6ret imponerede over dens ydeevne. Den h\u00e5ndterer store m\u00e6ngder halm uden problemer, og ballerne pakkes t\u00e6t, hvilket forbedrer lagereffektiviteten. Vi er meget tilfredse med denne investering.\"<br \/>\n<strong>\u2014\u2014David Johnson, <\/strong><strong>Storbritannien<\/strong><\/p>\n<p>\"Maskinen er nem at vedligeholde, og eftersalgsservicen har v\u00e6ret exceptionel. Vi bruger 9YG-1.25A til b\u00e5de h\u00f8- og halmpresning, og den har overg\u00e5et vores forventninger p\u00e5 alle m\u00e5der.\"<br \/>\n<strong>\u2014\u2014Maria L\u00f3pez, <\/strong><strong>Mexico<\/strong><\/p>\n<p>\"Efter at have brugt en r\u00e6kke forskellige ballepressere tidligere, kan jeg med sikkerhed sige, at 9YG-1.25A skiller sig ud ved sin holdbarhed og effektivitet. Den har gjort en k\u00e6mpe forskel i vores drift, og vi er i stand til at udf\u00f8re opgaver hurtigere end nogensinde.\"<br \/>\n<strong>\u2014\u2014Antonio Ferreira, <\/strong><strong>Brasilien<\/strong><\/p>\n<h2>Hvorfor v\u00e6lge vores 9YG-1.25A rundballepresser?<\/h2>\n<p>Vi tilbyder hurtig, skr\u00e6ddersyet service og personlige l\u00f8sninger, der opfylder dine unikke behov. Vores st\u00e6rke serviceteam sikrer, at du modtager f\u00f8rsteklasses kundesupport i hele din maskines levetid. Med 3 \u00e5rs garanti og fremragende eftersalgsservice kan du v\u00e6re sikker p\u00e5, at dit k\u00f8b er beskyttet. Derudover underst\u00f8tter vi global hurtig forsendelse, hvilket sikrer, at du modtager din ordre hurtigt. Vores omfattende eftersalgssupport garanterer, at vi altid er der, n\u00e5r du har brug for os.<\/p>\n<p>Vi er stolte af at kunne tilbyde 9YG-1.25A rundballepresseren, en p\u00e5lidelig og omkostningseffektiv l\u00f8sning til dine landbrugsbehov. Med avanceret teknologi, st\u00e6rk konstruktion og effektiv drift giver dette produkt fremragende v\u00e6rdi for store landbrugsaktiviteter. Vores engagement i kvalitet, konkurrencedygtige priser og exceptionel kundeservice sikrer, at du f\u00e5r den bedst mulige oplevelse. Udover 9YG-1.25A tilbyder vi ogs\u00e5 forskellige tilbeh\u00f8r og relaterede produkter, der er designet til at supplere dine behov for landbrugsmaskiner. T\u00f8v ikke med at kontakte os for mere information og for at udforske dette fantastiske produkt yderligere.<\/p>\n<p>Kontakt os nu for at foretage dit k\u00f8b og forbedre din landbrugsdrift med 9YG-1.25A rundballepresseren!<\/p>\n<h2>Ofte stillede sp\u00f8rgsm\u00e5l<\/h2>\n<ol>\n<li><strong>Hvad er kapaciteten af \u200b\u200b9YG-1.25A rundballepresseren?<\/strong> 9YG-1.25A rundballepresseren har en effektiv forarbejdningskapacitet, der er egnet til mellemstore til store landbrug. Den kan nemt h\u00e5ndtere store m\u00e6ngder h\u00f8, halm og ensilage, hvilket giver h\u00f8j kapacitet og effektiv ydeevne.<\/li>\n<li><strong>Kan 9YG-1.25A rundballepresseren bruges under alle vejrforhold?<\/strong> Ja, 9YG-1.25A er bygget til at fungere under forskellige vejrforhold, herunder fugtige, t\u00f8rre og v\u00e5de milj\u00f8er. Korrekt vedligeholdelse og pleje er dog n\u00f8dvendig for optimal ydeevne.<\/li>\n<li><strong>Hvor l\u00e6nge holder 9YG-1.25A rundballepresseren?<\/strong> Med korrekt vedligeholdelse er 9YG-1.25A rundballepresseren designet til at holde i mange \u00e5r. Den holdbare konstruktion og de anvendte materialer af h\u00f8j kvalitet sikrer langvarig p\u00e5lidelighed og ydeevne.<\/li>\n<li><strong>Er 9YG-1.25A rundballepresseren nem at transportere?<\/strong> Ja, 9YG-1.25A er designet til at v\u00e6re kompakt og nem at transportere. Dens lette konstruktion muligg\u00f8r nem flytning mellem marker, hvilket optimerer driftsfleksibiliteten.<\/li>\n<li><strong>Hvilken type garanti tilbydes med 9YG-1.25A rundballepresseren?<\/strong> 9YG-1.25A leveres med 3 \u00e5rs garanti, der d\u00e6kker eventuelle fabrikationsfejl og giver k\u00f8beren ro i sindet. Derudover sikrer vores eftersalgssupport, at du modtager kontinuerlig assistance gennem hele maskinens levetid.<\/li>\n<li><strong>Kan jeg f\u00e5 reservedele til 9YG-1.25A rundballepresseren?<\/strong> Ja, vi tilbyder et komplet udvalg af reservedele og tilbeh\u00f8r til 9YG-1.25A rundballepresseren for at sikre fortsat ydeevne og p\u00e5lidelighed.<\/li>\n<li><strong>Hvad er prisen p\u00e5 9YG-1.25A rundballepresseren?<\/strong> Prisen p\u00e5 9YG-1.25A rundballepresseren afh\u00e6nger af tilpasningsmuligheder, forsendelsessted og ordrem\u00e6ngde. Kontakt os for et skr\u00e6ddersyet tilbud baseret p\u00e5 dine specifikke krav.<\/li>\n<li><strong>Hvordan vedligeholder jeg 9YG-1.25A rundballepresseren?<\/strong> Regelm\u00e6ssig vedligeholdelse omfatter inspektion af det hydrauliske system, reng\u00f8ring af fremf\u00f8ringsmekanismen og udskiftning af slidte komponenter s\u00e5som ruller og remme. F\u00f8lg producentens vedligeholdelsesvejledning for at opn\u00e5 de bedste resultater.<\/li>\n<li><strong>Hvor meget koster 9YG-1.25A rundballepresseren i forskellige lande?<\/strong> Prisen kan variere afh\u00e6ngigt af din placering og de forsendelsesomkostninger, der er forbundet med leveringen. Kontakt vores lokale repr\u00e6sentanter for at f\u00e5 en pr\u00e6cis pris baseret p\u00e5 din region.<\/li>\n<li><strong>Er 9YG-1.25A rundballepresseren egnet til ensilage?<\/strong> Ja, 9YG-1.25A er perfekt til komprimering af ensilage, hvilket g\u00f8r den til et fremragende valg for landm\u00e6nd, der er involveret i ensilageproduktion.<\/li>\n<li><strong>Hvad er den maksimale ballest\u00f8rrelse p\u00e5 9YG-1.25A rundballepresseren?<\/strong> 9YG-1.25A rundballepresseren producerer baller, der er kompakte og ensartede med en maksimal diameter p\u00e5 1,25 meter, hvilket g\u00f8r dem ideelle til opbevaring og transport.<\/li>\n<li><strong>Kan 9YG-1.25A rundballepresseren bruges til forskellige typer afgr\u00f8der?<\/strong> Ja, den er alsidig og kan bruges til en bred vifte af afgr\u00f8der, herunder h\u00f8, halm, ensilage og andre landbrugsrester.<\/li>\n<li><strong>Hvilken slags eftersalgsservice tilbyder I?<\/strong> Vi tilbyder omfattende eftersalgssupport, herunder 3 \u00e5rs garanti, hj\u00e6lp til fejlfinding og lettilg\u00e6ngelige reservedele for at sikre, at maskinen k\u00f8rer problemfrit i \u00e5revis.<\/li>\n<li><strong>Kan 9YG-1.25A rundballepresseren bruges til sm\u00e5 landbrug?<\/strong> Selvom 9YG-1.25A er designet til mellemstore til store bedrifter, er den ogs\u00e5 velegnet til sm\u00e5 landbrug med passende justeringer, der passer til deres driftsm\u00e6ssige behov.<\/li>\n<li><strong>Hvordan bestiller jeg en 9YG-1.25A rundballepresser?<\/strong> Du kan kontakte os direkte via vores hjemmeside eller kundeservice for at f\u00e5 foresp\u00f8rgsler og afgive en ordre. Vi tilbyder hurtige, globale leveringsmuligheder.<\/li>\n<\/ol>\n<p>redigeret af gzl<\/p>","protected":false},"excerpt":{"rendered":"<p>Oplev 9YG-1.25 rundballepresseren, der er konstrueret til overlegen ydeevne og effektivitet. Den er ideel til store landbrug og giver hurtig og p\u00e5lidelig ballepresning med minimal vedligeholdelse. \u00d8g din produktivitet med dens avancerede funktioner og holdbare design. Klar til at \u00f8ge din h\u00f8st? Kontakt os nu for en demonstration eller for at f\u00e5 mere at vide om vores produkt!<\/p>","protected":false},"featured_media":363,"template":"","meta":{"_et_pb_use_builder":"","_et_pb_old_content":"","_et_gb_content_width":""},"product_brand":[],"product_cat":[21],"product_tag":[],"class_list":{"0":"post-362","1":"product","2":"type-product","3":"status-publish","4":"has-post-thumbnail","6":"product_cat-round-baler-rake","8":"first","9":"instock","10":"shipping-taxable","11":"product-type-simple"},"_links":{"self":[{"href":"https:\/\/square-balers.com\/da\/wp-json\/wp\/v2\/product\/362","targetHints":{"allow":["GET"]}}],"collection":[{"href":"https:\/\/square-balers.com\/da\/wp-json\/wp\/v2\/product"}],"about":[{"href":"https:\/\/square-balers.com\/da\/wp-json\/wp\/v2\/types\/product"}],"wp:featuredmedia":[{"embeddable":true,"href":"https:\/\/square-balers.com\/da\/wp-json\/wp\/v2\/media\/363"}],"wp:attachment":[{"href":"https:\/\/square-balers.com\/da\/wp-json\/wp\/v2\/media?parent=362"}],"wp:term":[{"taxonomy":"product_brand","embeddable":true,"href":"https:\/\/square-balers.com\/da\/wp-json\/wp\/v2\/product_brand?post=362"},{"taxonomy":"product_cat","embeddable":true,"href":"https:\/\/square-balers.com\/da\/wp-json\/wp\/v2\/product_cat?post=362"},{"taxonomy":"product_tag","embeddable":true,"href":"https:\/\/square-balers.com\/da\/wp-json\/wp\/v2\/product_tag?post=362"}],"curies":[{"name":"wp","href":"https:\/\/api.w.org\/{rel}","templated":true}]}}