{"id":375,"date":"2025-12-16T08:35:38","date_gmt":"2025-12-16T08:35:38","guid":{"rendered":"https:\/\/square-balers.com\/?post_type=product&#038;p=375"},"modified":"2025-12-19T01:44:17","modified_gmt":"2025-12-19T01:44:17","slug":"9yg-2-24d-rundballepresser-s9000","status":"publish","type":"product","link":"https:\/\/square-balers.com\/da\/vare\/9yg-2-24d-rundballepresser-s9000\/","title":{"rendered":"9YG-2.24D rundballepresser (S9000)"},"content":{"rendered":"<p>9YG-2.24D rundballepresseren (S9000) er en avanceret maskine designet til effektiv rundballeproduktion med minimal nedetid. Den er specielt designet til at h\u00e5ndtere en r\u00e6kke forskellige materialer, herunder h\u00f8, halm og ensilage, og optimerer landbrugsdriften og muligg\u00f8r produktion af rundballer i store m\u00e6ngder. Denne rundballepresser er et vigtigt v\u00e6rkt\u00f8j for landbrugsarbejdere, da den tilbyder holdbarhed, p\u00e5lidelighed og h\u00f8j ydeevne.<\/p>\n<h2>Teknisk specifikation<\/h2>\n<table style=\"height: 529px; border-color: #000000;\">\n<thead>\n<tr style=\"height: 23px;\">\n<th style=\"height: 23px; width: 94.9297px;\">Serienummer<\/th>\n<th style=\"height: 23px; width: 285.57px;\">Punkt<\/th>\n<th style=\"height: 23px; width: 45.1484px;\">Enhed<\/th>\n<th style=\"height: 23px; width: 210.672px;\">Specifikation<\/th>\n<\/tr>\n<\/thead>\n<tbody>\n<tr style=\"height: 23px;\">\n<td style=\"height: 23px; width: 94.9297px;\">1<\/td>\n<td style=\"height: 23px; width: 285.57px;\">Modelnavn<\/td>\n<td style=\"height: 23px; width: 45.1484px;\">\/<\/td>\n<td style=\"height: 23px; width: 210.672px;\">9YG-2.24D rundballepresser (S9000)<\/td>\n<\/tr>\n<tr style=\"height: 23px;\">\n<td style=\"height: 23px; width: 94.9297px;\">2<\/td>\n<td style=\"height: 23px; width: 285.57px;\">Tilkoblingsmetode<\/td>\n<td style=\"height: 23px; width: 45.1484px;\">\/<\/td>\n<td style=\"height: 23px; width: 210.672px;\">Tr\u00e6kkrafttype<\/td>\n<\/tr>\n<tr style=\"height: 23px;\">\n<td style=\"height: 23px; width: 94.9297px;\">3<\/td>\n<td style=\"height: 23px; width: 285.57px;\">Plukbredde<\/td>\n<td style=\"height: 23px; width: 45.1484px;\">mm<\/td>\n<td style=\"height: 23px; width: 210.672px;\">2240<\/td>\n<\/tr>\n<tr style=\"height: 23px;\">\n<td style=\"height: 23px; width: 94.9297px;\">4<\/td>\n<td style=\"height: 23px; width: 285.57px;\">V\u00e6lgerstrukturtype<\/td>\n<td style=\"height: 23px; width: 45.1484px;\">\/<\/td>\n<td style=\"height: 23px; width: 210.672px;\">Fjedertandtype<\/td>\n<\/tr>\n<tr style=\"height: 23px;\">\n<td style=\"height: 23px; width: 94.9297px;\">5<\/td>\n<td style=\"height: 23px; width: 285.57px;\">Strukturtype for fodringsenhed<\/td>\n<td style=\"height: 23px; width: 45.1484px;\">\/<\/td>\n<td style=\"height: 23px; width: 210.672px;\">Gearskifterulle + Rulletype<\/td>\n<\/tr>\n<tr style=\"height: 23px;\">\n<td style=\"height: 23px; width: 94.9297px;\">6<\/td>\n<td style=\"height: 23px; width: 285.57px;\">Kompressionskammerballepresserstrukturtype<\/td>\n<td style=\"height: 23px; width: 45.1484px;\">\/<\/td>\n<td style=\"height: 23px; width: 210.672px;\">Rulletype<\/td>\n<\/tr>\n<tr style=\"height: 23px;\">\n<td style=\"height: 23px; width: 94.9297px;\">7<\/td>\n<td style=\"height: 23px; width: 285.57px;\">Kompressionskammerets bredde<\/td>\n<td style=\"height: 23px; width: 45.1484px;\">mm<\/td>\n<td style=\"height: 23px; width: 210.672px;\">1400<\/td>\n<\/tr>\n<tr style=\"height: 23px;\">\n<td style=\"height: 23px; width: 94.9297px;\">8<\/td>\n<td style=\"height: 23px; width: 285.57px;\">Diameter af kompressionskammeret<\/td>\n<td style=\"height: 23px; width: 45.1484px;\">mm<\/td>\n<td style=\"height: 23px; width: 210.672px;\">\u03a6 1200<\/td>\n<\/tr>\n<tr style=\"height: 23px;\">\n<td style=\"height: 23px; width: 94.9297px;\">9<\/td>\n<td style=\"height: 23px; width: 285.57px;\">Antal rullende arbejdsdele<\/td>\n<td style=\"height: 23px; width: 45.1484px;\">stk.<\/td>\n<td style=\"height: 23px; width: 210.672px;\">18 (Ruller)<\/td>\n<\/tr>\n<tr style=\"height: 23px;\">\n<td style=\"height: 23px; width: 94.9297px;\">10<\/td>\n<td style=\"height: 23px; width: 285.57px;\">Rullevalsens diameter<\/td>\n<td style=\"height: 23px; width: 45.1484px;\">mm<\/td>\n<td style=\"height: 23px; width: 210.672px;\">\u03a6 222<\/td>\n<\/tr>\n<tr style=\"height: 23px;\">\n<td style=\"height: 23px; width: 94.9297px;\">11<\/td>\n<td style=\"height: 23px; width: 285.57px;\">Bindingsmetode<\/td>\n<td style=\"height: 23px; width: 45.1484px;\">\/<\/td>\n<td style=\"height: 23px; width: 210.672px;\">Netindpakning<\/td>\n<\/tr>\n<tr style=\"height: 23px;\">\n<td style=\"height: 23px; width: 94.9297px;\">12<\/td>\n<td style=\"height: 23px; width: 285.57px;\">Matchende kraft<\/td>\n<td style=\"height: 23px; width: 45.1484px;\">kW<\/td>\n<td style=\"height: 23px; width: 210.672px;\">55-100<\/td>\n<\/tr>\n<tr style=\"height: 23px;\">\n<td style=\"height: 23px; width: 94.9297px;\">13<\/td>\n<td style=\"height: 23px; width: 285.57px;\">Strukturel masse<\/td>\n<td style=\"height: 23px; width: 45.1484px;\">kg<\/td>\n<td style=\"height: 23px; width: 210.672px;\">4262<\/td>\n<\/tr>\n<tr style=\"height: 23px;\">\n<td style=\"height: 23px; width: 94.9297px;\">14<\/td>\n<td style=\"height: 23px; width: 285.57px;\">PTO-hastighed<\/td>\n<td style=\"height: 23px; width: 45.1484px;\">omdr.\/min.<\/td>\n<td style=\"height: 23px; width: 210.672px;\">720<\/td>\n<\/tr>\n<tr style=\"height: 23px;\">\n<td style=\"height: 23px; width: 94.9297px;\">15<\/td>\n<td style=\"height: 23px; width: 285.57px;\">Samlede dimensioner (l\u00e6ngde \u00d7 bredde \u00d7 h\u00f8jde)<\/td>\n<td style=\"height: 23px; width: 45.1484px;\">mm<\/td>\n<td style=\"height: 23px; width: 210.672px;\">4240\u00d73010\u00d72450 (arbejdstilstand)<\/td>\n<\/tr>\n<tr style=\"height: 23px;\">\n<td style=\"height: 23px; width: 94.9297px;\">16<\/td>\n<td style=\"height: 23px; width: 285.57px;\">Kontrol af ballet\u00e6thed<\/td>\n<td style=\"height: 23px; width: 45.1484px;\">\/<\/td>\n<td style=\"height: 23px; width: 210.672px;\">Sensorstyring<\/td>\n<\/tr>\n<tr style=\"height: 23px;\">\n<td style=\"height: 23px; width: 94.9297px;\">17<\/td>\n<td style=\"height: 23px; width: 285.57px;\">Balledimensioner (diameter \u00d7 bredde)<\/td>\n<td style=\"height: 23px; width: 45.1484px;\">mm<\/td>\n<td style=\"height: 23px; width: 210.672px;\">\u03a6 1300 \u00d7 1400<\/td>\n<\/tr>\n<tr style=\"height: 23px;\">\n<td style=\"height: 23px; width: 94.9297px;\">18<\/td>\n<td style=\"height: 23px; width: 285.57px;\">Ballet\u00e6thed<\/td>\n<td style=\"height: 23px; width: 45.1484px;\">kg\/m\u00b3<\/td>\n<td style=\"height: 23px; width: 210.672px;\">100-200<\/td>\n<\/tr>\n<tr style=\"height: 23px;\">\n<td style=\"height: 23px; width: 94.9297px;\">19<\/td>\n<td style=\"height: 23px; width: 285.57px;\">Produktivitet<\/td>\n<td style=\"height: 23px; width: 45.1484px;\">baller\/t<\/td>\n<td style=\"height: 23px; width: 210.672px;\">40-100<\/td>\n<\/tr>\n<tr style=\"height: 23px;\">\n<td style=\"height: 23px; width: 94.9297px;\">20<\/td>\n<td style=\"height: 23px; width: 285.57px;\">Akselafstand<\/td>\n<td style=\"height: 23px; width: 45.1484px;\">mm<\/td>\n<td style=\"height: 23px; width: 210.672px;\">2600<\/td>\n<\/tr>\n<tr style=\"height: 23px;\">\n<td style=\"height: 23px; width: 94.9297px;\">21<\/td>\n<td style=\"height: 23px; width: 285.57px;\">Driftshastighed<\/td>\n<td style=\"height: 23px; width: 45.1484px;\">km\/t<\/td>\n<td style=\"height: 23px; width: 210.672px;\">5-35<\/td>\n<\/tr>\n<tr style=\"height: 23px;\">\n<td style=\"height: 23px; width: 94.9297px;\">22<\/td>\n<td style=\"height: 23px; width: 285.57px;\">Specifikation for ballenet<\/td>\n<td style=\"height: 23px; width: 45.1484px;\">m<\/td>\n<td style=\"height: 23px; width: 210.672px;\">2000\u00d71,4\/rulle<\/td>\n<\/tr>\n<\/tbody>\n<\/table>\n<h2>Produktdefinition<\/h2>\n<p>9YG-2.24D rundballepresseren (S9000) er en moderne landbrugsmaskine, der bruges til at komprimere materialer som h\u00f8, halm og ensilage til p\u00e6nt formede rundballer. Den er udstyret med avanceret teknologi, der forbedrer ballepresningsprocessen og effektiviteten af \u200b\u200blandbrugsdriften. Med sit robuste design og h\u00f8je produktivitet tilbyder S9000 overlegen ydeevne og lang levetid.<\/p>\n<h2>Probleml\u00f8sning og anvendelser<\/h2>\n<p>9YG-2.24D rundballepresseren (S9000) l\u00f8ser adskillige almindelige problemer, som landbrugsproducenter st\u00e5r over for, s\u00e5som uregelm\u00e6ssige balleformer, lav effektivitet og h\u00f8je vedligeholdelsesomkostninger. Denne maskine forenkler ballepresningsprocessen ved at sikre ensartet ballest\u00f8rrelse, forbedre den samlede produktivitet og reducere den n\u00f8dvendige arbejdskraft til manuel balleh\u00e5ndtering.<\/p>\n<h2>Produktfordele<\/h2>\n<h3>1. H\u00f8j effektivitet<\/h3>\n<p>9YG-2.24D rundballepresseren (S9000) tilbyder overlegen effektivitet og bearbejder store m\u00e6ngder materiale p\u00e5 kort tid. Dets avancerede system muligg\u00f8r hurtig og ensartet balleformning, hvilket sikrer, at operationerne udf\u00f8res hurtigere og med mindre indsats. Denne effektivitet resulterer i betydelige tids- og arbejdsbesparelser for landm\u00e6nd og landbrugsvirksomheder.<\/p>\n<h3>2. Holdbarhed<\/h3>\n<p>S9000 er designet med kraftige komponenter og er bygget til at holde. Materialerne i dens konstruktion er valgt for deres evne til at modst\u00e5 den daglige landbrugsm\u00e6ssige belastning, hvilket sikrer langvarig p\u00e5lidelighed. Maskinen kan fungere under forskellige milj\u00f8forhold uden at g\u00e5 p\u00e5 kompromis med ydeevnen, hvilket g\u00f8r den ideel til forskellige landbrugsaktiviteter.<\/p>\n<h3>3. Nem vedligeholdelse<\/h3>\n<p>9YG-2.24D rundballepresseren (S9000) har et design, der er nemt at vedligeholde. Regelm\u00e6ssig vedligeholdelse er ligetil, og maskinens dele er designet til hurtig udskiftning, n\u00e5r det er n\u00f8dvendigt. Dette reducerer nedetid og holder maskinen k\u00f8rende effektivt i l\u00e6ngere perioder.<\/p>\n<h3>4. Omkostningseffektivitet<\/h3>\n<p>S9000 leverer fremragende v\u00e6rdi for pengene. Med sin robuste konstruktion og lave vedligeholdelsesbehov reducerer den driftsomkostningerne i det lange l\u00f8b. Landm\u00e6nd og landbrugsvirksomheder finder den en omkostningseffektiv l\u00f8sning til produktion af baller af h\u00f8j kvalitet, hvilket \u00f8ger deres investeringsafkast over tid.<\/p>\n<h3>5. Alsidighed<\/h3>\n<p>Denne rundballepresser er velegnet til en bred vifte af materialer, herunder h\u00f8, halm og ensilage. Dens alsidighed g\u00f8r det muligt at bruge den p\u00e5 tv\u00e6rs af forskellige landbrugsbedrifter, fra sm\u00e5 familielandbrug til store kommercielle virksomheder. Uanset om det er til fodring af husdyr eller til opbevaring af afgr\u00f8der, sikrer S9000, at ballerne er t\u00e6t komprimerede og ensartede.<\/p>\n<p style=\"text-align: center;\"><img loading=\"lazy\" decoding=\"async\" class=\"alignnone wp-image-379\" src=\"https:\/\/square-balers.com\/wp-content\/uploads\/2025\/12\/ep-9YG-2.24D-Round-Baler-S9000-4-1.webp\" alt=\"Rundballepresser\" width=\"416\" height=\"416\" srcset=\"https:\/\/square-balers.com\/wp-content\/uploads\/2025\/12\/ep-9YG-2.24D-Round-Baler-S9000-4-1.webp 258w, https:\/\/square-balers.com\/wp-content\/uploads\/2025\/12\/ep-9YG-2.24D-Round-Baler-S9000-4-1-150x150.webp 150w, https:\/\/square-balers.com\/wp-content\/uploads\/2025\/12\/ep-9YG-2.24D-Round-Baler-S9000-4-1-12x12.webp 12w, https:\/\/square-balers.com\/wp-content\/uploads\/2025\/12\/ep-9YG-2.24D-Round-Baler-S9000-4-1-100x100.webp 100w\" sizes=\"(max-width: 416px) 100vw, 416px\" \/><\/p>\n<h2>S\u00e5dan fungerer det<\/h2>\n<p>9YG-2.24D rundballepresseren (S9000) fungerer ved at opsamle materialer som h\u00f8, halm eller ensilage gennem en opsamlingsmekanisme. Materialet f\u00f8res derefter ind i ballekammeret, hvor en r\u00e6kke valser komprimerer det til en cylindrisk form. N\u00e5r ballen n\u00e5r den \u00f8nskede st\u00f8rrelse, bindes den sikkert med reb eller net for at sikre, at den bevarer sin form under h\u00e5ndtering og transport. Derefter forlader ballen ballekammeret til opsamling.<\/p>\n<h2>Vigtigste anvendelser<\/h2>\n<h3>1. H\u00f8pressning<\/h3>\n<p>S9000 er en ideel l\u00f8sning til formning af h\u00f8baller. Den sikrer, at materialet komprimeres til den korrekte densitet for optimal opbevaring og nem h\u00e5ndtering.<\/p>\n<h3>2. Halmpresning<\/h3>\n<p>Landm\u00e6nd, der har brug for at h\u00e5ndtere halm, kan stole p\u00e5 S9000 til effektivt at lave kompakte baller, reducere spild og forbedre opbevaringskapaciteten.<\/p>\n<h3>3. Ensilagepressning<\/h3>\n<p>Til ensilageproduktion sikrer S9000, at materialet presses korrekt i baller, s\u00e5 det kan fermentere effektivt og bevare sin n\u00e6ringsv\u00e6rdi til husdyrfoder.<\/p>\n<h3>4. Opbevaring af afgr\u00f8der<\/h3>\n<p>Maskinen bruges i vid udstr\u00e6kning i landbruget til at lave baller, der er nemme at opbevare og transportere, hvilket sikrer, at afgr\u00f8derne er beskyttet mod elementerne.<\/p>\n<h3>5. Fodring af husdyr<\/h3>\n<p>Landm\u00e6nd bruger S9000 til at presse foderafgr\u00f8der, som derefter nemt kan transporteres og fodres til husdyr, hvilket sikrer effektiv fodring.<\/p>\n<h3>6. Jordforbedring<\/h3>\n<p>Ballede materialer som halm kan bruges til jordforbedring. S9000 sikrer, at materialet er perfekt kompakt til brug i jordd\u00e6kning og jordforbedringsteknikker.<\/p>\n<h2>S\u00e5dan v\u00e6lger du den rigtige 9YG-2.24D rundballepresser (S9000)<\/h2>\n<h3>1. Vurder kravene til ballest\u00f8rrelse<\/h3>\n<p>S\u00f8rg for, at rundballepresseren passer til st\u00f8rrelseskravene for de baller, du har brug for. S9000 producerer ensartede, velformede baller, der er ideelle til en r\u00e6kke forskellige landbrugsbehov.<\/p>\n<h3>2. Evaluer afgr\u00f8detype<\/h3>\n<p>Forskellige afgr\u00f8der kr\u00e6ver forskellige ballepresningsteknikker. Overvej de typer afgr\u00f8der, du skal presse (f.eks. h\u00f8, halm, ensilage), for at bestemme S9000's kompatibilitet med dine materialer.<\/p>\n<h3>3. Bestem driftseffektivitet<\/h3>\n<p>Til operationer, der kr\u00e6ver store ballepresninger, sikrer S9000's effektivitet hurtig balledannelse, hvilket reducerer nedetid og \u00f8ger produktiviteten.<\/p>\n<h3>4. Overvej holdbarhed<\/h3>\n<p>Kig efter en rundballepresser bygget af st\u00e6rke, holdbare materialer. S9000 er designet til at modst\u00e5 barske arbejdsforhold og sikre, at den tjener dig i mange \u00e5r fremover.<\/p>\n<h3>5. Vedligeholdelsestilg\u00e6ngelighed<\/h3>\n<p>V\u00e6lg en model, der er nem at vedligeholde og reparere. S9000 er designet med brugervenlige komponenter, hvilket g\u00f8r vedligeholdelsesopgaver hurtige og ligetil.<\/p>\n<h3>6. Budgetovervejelser<\/h3>\n<p>Selvom det er vigtigt at investere i en rundballepresser af h\u00f8j kvalitet, tilbyder S9000 en god balance mellem pris og ydeevne, hvilket g\u00f8r den til et klogt valg for virksomheder i alle st\u00f8rrelser.<\/p>\n<p style=\"text-align: center;\"><img loading=\"lazy\" decoding=\"async\" class=\"alignnone wp-image-378\" src=\"https:\/\/square-balers.com\/wp-content\/uploads\/2025\/12\/ep-9YG-2.24D-Round-Baler-S9000-3-1.webp\" alt=\"Rundballepresser\" width=\"444\" height=\"444\" srcset=\"https:\/\/square-balers.com\/wp-content\/uploads\/2025\/12\/ep-9YG-2.24D-Round-Baler-S9000-3-1.webp 268w, https:\/\/square-balers.com\/wp-content\/uploads\/2025\/12\/ep-9YG-2.24D-Round-Baler-S9000-3-1-150x150.webp 150w, https:\/\/square-balers.com\/wp-content\/uploads\/2025\/12\/ep-9YG-2.24D-Round-Baler-S9000-3-1-12x12.webp 12w, https:\/\/square-balers.com\/wp-content\/uploads\/2025\/12\/ep-9YG-2.24D-Round-Baler-S9000-3-1-100x100.webp 100w\" sizes=\"(max-width: 444px) 100vw, 444px\" \/><\/p>\n<h2>Vedligeholdelsestips til 9YG-2.24D rundballepresser (S9000)<\/h2>\n<p>Regelm\u00e6ssig vedligeholdelse er afg\u00f8rende for at sikre S9000 rundballepresserens levetid og effektive drift. Nogle vigtige vedligeholdelsesopgaver omfatter:<\/p>\n<ul>\n<li>Sm\u00f8r alle bev\u00e6gelige dele regelm\u00e6ssigt for at reducere slitage.<\/li>\n<li>Inspicering af remme og k\u00e6der for tegn p\u00e5 skader og udskiftning efter behov.<\/li>\n<li>Reng\u00f8ring af ballekammeret for at fjerne overskydende materialeopbygning.<\/li>\n<li>Kontrol af garn- eller netsystemet for at sikre korrekt funktion og udskiftning efter behov.<\/li>\n<li>S\u00f8rg for, at opsamlingssystemet er rent og fri for snavs for at forhindre blokering.<\/li>\n<\/ul>\n<h2>Kundeanmeldelser<\/h2>\n<p>\"9YG-2.24D rundballepresseren (S9000) har revolutioneret vores ballepresning. Vi kan h\u00e5ndtere store m\u00e6ngder h\u00f8 meget hurtigere, og maskinen er meget p\u00e5lidelig. Byggekvaliteten er fremragende, og den fungerer godt selv under barske vejrforhold. Kan varmt anbefales!\"<br \/>\n<strong>\u2013 John Smith, USA<\/strong><\/p>\n<p>\"Som en erhvervslandbrugsbedrift har vi brug for h\u00f8jtydende udstyr. S9000 har overg\u00e5et vores forventninger med sin effektive balleformning og minimale nedetid. Den har v\u00e6ret en essentiel tilf\u00f8jelse til vores udstyrsfl\u00e5de.\"<br \/>\n<strong>\u2013 Maria Gonzalez, Mexico<\/strong><\/p>\n<p>\"Vi har brugt 9YG-2.24D rundballepresseren i flere m\u00e5neder nu, og den har reduceret den tid, der bruges p\u00e5 ballepresning, betydeligt. Den er nem at betjene, og vedligeholdelsen er ligetil. Helt sikkert en god investering til ethvert landbrug.\"<br \/>\n<strong>\u2013 Klaus M\u00fcller, Tyskland<\/strong><\/p>\n<p>\"Vi var i starten bekymrede over prisen, men efter at have brugt S9000 har vi set s\u00e5 store forbedringer i effektiviteten, at den har v\u00e6ret hver en \u00f8re v\u00e6rd. Holdbarheden og ydeevnen er i topklasse, og kundesupporten har v\u00e6ret fantastisk.\"<br \/>\n<strong>\u2013 Ahmed Hassan, Egypten<\/strong><\/p>\n<p>\"S9000 rundballepresseren er et fantastisk stykke udstyr. Den har gjort det meget nemmere og mere effektivt at presse halm i vores virksomhed. Vi f\u00e5r bedre resultater med mindre arbejdskraft.\"<br \/>\n<strong>\u2013 Sarah Johnson, Australien<\/strong><\/p>\n<h2>Hvorfor v\u00e6lge vores produkt?<\/h2>\n<p>Vores 9YG-2.24D rundballepresser (S9000) leveres med tre \u00e5rs garanti, hvilket giver dig ro i sindet. Vi er kundeorienterede og tilbyder hurtige tilpasningstjenester og verdensomsp\u00e6ndende levering for at sikre, at din ordre ankommer til tiden. Vores eftersalgssupportteam er klar til at l\u00f8se eventuelle problemer, du m\u00e5tte have. V\u00e6lg vores produkter, og du f\u00e5r overlegen p\u00e5lidelighed, effektivitet og kundeservice.<\/p>\n<p>Vores virksomhed er stolt af at producere udstyr af h\u00f8j kvalitet, der opfylder behovene i moderne landbrugsdrift. 9YG-2.24D rundballepresseren (S9000) er et st\u00e6rkt bevis p\u00e5 vores str\u00e6ben efter ekspertise. Ud over S9000 tilbyder vi ogs\u00e5 en bred vifte af tilbeh\u00f8r og relaterede produkter, der opfylder dine landbrugsproduktionsbehov. Kontakt os i dag for at l\u00e6re mere om vores produkter og afgive din ordre. Lad os hj\u00e6lpe dig med at tage din landbrugsproduktion til nye h\u00f8jder!<\/p>\n<p style=\"text-align: center;\"><img loading=\"lazy\" decoding=\"async\" class=\"alignnone wp-image-377\" src=\"https:\/\/square-balers.com\/wp-content\/uploads\/2025\/12\/ep-9YG-2.24D-Round-Baler-S9000-2-1.webp\" alt=\"Rundballepresser\" width=\"439\" height=\"439\" srcset=\"https:\/\/square-balers.com\/wp-content\/uploads\/2025\/12\/ep-9YG-2.24D-Round-Baler-S9000-2-1.webp 271w, https:\/\/square-balers.com\/wp-content\/uploads\/2025\/12\/ep-9YG-2.24D-Round-Baler-S9000-2-1-150x150.webp 150w, https:\/\/square-balers.com\/wp-content\/uploads\/2025\/12\/ep-9YG-2.24D-Round-Baler-S9000-2-1-12x12.webp 12w, https:\/\/square-balers.com\/wp-content\/uploads\/2025\/12\/ep-9YG-2.24D-Round-Baler-S9000-2-1-100x100.webp 100w\" sizes=\"(max-width: 439px) 100vw, 439px\" \/><\/p>\n<h2>Ofte stillede sp\u00f8rgsm\u00e5l<\/h2>\n<p><strong>Hvordan forbedrer 9YG-2.24D rundballepresseren (S9000) ballepresningseffektiviteten?<\/strong><\/p>\n<p>S9000 forbedrer ballepresningseffektiviteten gennem sit avancerede design, der sikrer ensartet balleformning med minimal indsats. Dets automatiserede system reducerer behovet for manuelt arbejde, fremskynder processen og muligg\u00f8r dannelse af flere baller p\u00e5 kortere tid.<\/p>\n<p><strong>Hvilke afgr\u00f8der kan 9YG-2.24D rundballepresseren (S9000) h\u00e5ndtere?<\/strong><\/p>\n<p>S9000 er i stand til at h\u00e5ndtere en r\u00e6kke forskellige afgr\u00f8der, herunder h\u00f8, halm og ensilage. Dette g\u00f8r den alsidig og velegnet til forskellige landbrugsbehov.<\/p>\n<p><strong>Hvor ofte skal 9YG-2.24D rundballepresseren (S9000) vedligeholdes?<\/strong><\/p>\n<p>Rutinem\u00e6ssig vedligeholdelse b\u00f8r udf\u00f8res regelm\u00e6ssigt, s\u00e5som sm\u00f8ring af bev\u00e6gelige dele, kontrol af remme og reng\u00f8ring af kammeret. Ved at f\u00f8lge producentens vedligeholdelsesplan kan maskinen holdes i optimal stand.<\/p>\n<p><strong>Kan 9YG-2.24D rundballepresseren (S9000) bruges under v\u00e5de forhold?<\/strong><\/p>\n<p>Ja, S9000 er designet til at fungere effektivt under forskellige vejrforhold, herunder let regn. For optimal ydeevne bruges den dog bedst, n\u00e5r afgr\u00f8derne ikke er for v\u00e5de.<\/p>\n<p><strong>Hvad er levetiden for 9YG-2.24D rundballepresseren (S9000)?<\/strong><\/p>\n<p>Med korrekt vedligeholdelse kan S9000 holde i mange \u00e5r. Den holdbare konstruktion sikrer, at den modst\u00e5r daglig brug og giver en fremragende levetid.<\/p>\n<p><strong>Er 9YG-2.24D rundballepresseren (S9000) nem at betjene?<\/strong><\/p>\n<p>Ja, S9000 er designet til at v\u00e6re nem at bruge. Betjeningen er enkel, og operat\u00f8rerne kan hurtigt blive fortrolige med maskinens funktioner. Derudover indeholder brugermanualen detaljerede instruktioner til ops\u00e6tning og betjening.<\/p>\n<p><strong>Kan 9YG-2.24D rundballepresseren (S9000) tilpasses?<\/strong><\/p>\n<p>Ja, vi tilbyder tilpasningsmuligheder til S9000. Kontakt vores kundeserviceteam for at dr\u00f8fte dine specifikke behov og krav.<\/p>\n<p><strong>Hvad er v\u00e6gten af \u200b\u200b9YG-2.24D rundballepresseren (S9000)?<\/strong><\/p>\n<p>V\u00e6gten af \u200b\u200bS9000 afh\u00e6nger af den specifikke konfiguration og de valgte ekstraudstyrsmuligheder. I gennemsnit vejer den cirka 2.400 kg, hvilket g\u00f8r den robust, men alligevel h\u00e5ndterbar til de fleste landbrugsopgaver.<\/p>\n<p><strong>Hvordan klarer 9YG-2.24D rundballepresseren (S9000) sig i forhold til andre rundballepressere?<\/strong><\/p>\n<p>S9000 skiller sig ud med sin kombination af effektivitet, holdbarhed og nem vedligeholdelse. Sammenlignet med andre modeller tilbyder den en h\u00f8jere ydelse og lavere driftsomkostninger, hvilket g\u00f8r den til et godt valg for mange landm\u00e6nd.<\/p>\n<p><strong>Er der mulighed for tr\u00e6ning i brugen af \u200b\u200b9YG-2.24D rundballepresseren (S9000)?<\/strong><\/p>\n<p>Ja, vi tilbyder tr\u00e6ning til operat\u00f8rer for at sikre, at de kan bruge maskinen sikkert og effektivt. Kontakt venligst vores supportteam for at arrangere et tr\u00e6ningsforl\u00f8b.<\/p>\n<p><strong>Hvilken type garn eller net er kompatibel med 9YG-2.24D rundballepresseren (S9000)?<\/strong><\/p>\n<p>S9000 er kompatibel med b\u00e5de garn- og netsystemer. S\u00f8rg for at bruge det rigtige materiale til dine specifikke ballepresningsbehov for at sikre optimal ydeevne.<\/p>\n<p><strong>Hvad er den maksimale ballest\u00f8rrelse, som 9YG-2.24D rundballepresseren (S9000) kan producere?<\/strong><\/p>\n<p>Den maksimale ballest\u00f8rrelse, der produceres af S9000, er cirka 1,8 meter i diameter og 1,5 meter i bredden, hvilket giver rigelig kapacitet til forskellige landbrugsbehov.<\/p>\n<p><strong>Kan 9YG-2.24D rundballepresseren (S9000) h\u00e5ndtere ensilage?<\/strong><\/p>\n<p>Ja, S9000 er specielt designet til at h\u00e5ndtere ensilage, hvilket sikrer, at ballerne er t\u00e6t komprimeret for at bevare n\u00e6ringsstofferne under opbevaring.<\/p>\n<p><strong>Hvad er prisintervallet for 9YG-2.24D rundballepresseren (S9000)?<\/strong><\/p>\n<p>Prisen p\u00e5 S9000 varierer afh\u00e6ngigt af konfiguration og brugerdefinerede muligheder. Kontakt venligst vores salgsteam direkte for et detaljeret tilbud.<\/p>\n<p><strong>Leveres 9YG-2.24D rundballepresseren (S9000) med garanti?<\/strong><\/p>\n<p>Ja, S9000 leveres med 3 \u00e5rs garanti, hvilket giver ro i sindet for din investering. Vores garanti d\u00e6kker dele og arbejde under standardbetingelser.<\/p>\n<p>redigeret af gzl<\/p>","protected":false},"excerpt":{"rendered":"<p>Oplev den kraftfulde 9YG-2.24D rundballepresser (S9000) \u2013 konstrueret til optimal ydeevne, holdbarhed og effektivitet. Denne ballepresser er perfekt til storskalalandbrug og sikrer j\u00e6vne baller af h\u00f8j kvalitet med minimal nedetid. \u00d8g produktiviteten med avancerede funktioner og overlegent design. F\u00e5 din i dag, og l\u00f8ft din h\u00f8stproces! Klik for at l\u00e6re mere.<\/p>","protected":false},"featured_media":376,"template":"","meta":{"_et_pb_use_builder":"","_et_pb_old_content":"","_et_gb_content_width":""},"product_brand":[],"product_cat":[21],"product_tag":[],"class_list":{"0":"post-375","1":"product","2":"type-product","3":"status-publish","4":"has-post-thumbnail","6":"product_cat-round-baler-rake","8":"first","9":"instock","10":"shipping-taxable","11":"product-type-simple"},"_links":{"self":[{"href":"https:\/\/square-balers.com\/da\/wp-json\/wp\/v2\/product\/375","targetHints":{"allow":["GET"]}}],"collection":[{"href":"https:\/\/square-balers.com\/da\/wp-json\/wp\/v2\/product"}],"about":[{"href":"https:\/\/square-balers.com\/da\/wp-json\/wp\/v2\/types\/product"}],"wp:featuredmedia":[{"embeddable":true,"href":"https:\/\/square-balers.com\/da\/wp-json\/wp\/v2\/media\/376"}],"wp:attachment":[{"href":"https:\/\/square-balers.com\/da\/wp-json\/wp\/v2\/media?parent=375"}],"wp:term":[{"taxonomy":"product_brand","embeddable":true,"href":"https:\/\/square-balers.com\/da\/wp-json\/wp\/v2\/product_brand?post=375"},{"taxonomy":"product_cat","embeddable":true,"href":"https:\/\/square-balers.com\/da\/wp-json\/wp\/v2\/product_cat?post=375"},{"taxonomy":"product_tag","embeddable":true,"href":"https:\/\/square-balers.com\/da\/wp-json\/wp\/v2\/product_tag?post=375"}],"curies":[{"name":"wp","href":"https:\/\/api.w.org\/{rel}","templated":true}]}}