{"id":229,"date":"2025-11-24T09:51:24","date_gmt":"2025-11-24T09:51:24","guid":{"rendered":"https:\/\/square-balers.com\/?post_type=product&#038;p=229"},"modified":"2025-12-18T03:02:00","modified_gmt":"2025-12-18T03:02:00","slug":"4byq-2-6-kidneybohnen-rausreismaschine","status":"publish","type":"product","link":"https:\/\/square-balers.com\/de\/produkt\/4byq-2-6-kidneybohnen-rausreismaschine\/","title":{"rendered":"Kidneybohnen-Entwurzelungsmaschine Typ 4BYQ-2.6 (4-reihiger Vorw\u00e4rtsschub)"},"content":{"rendered":"<p>Die Kidneybohnen-Rupturmaschine Typ 4BYQ-2.6 (4-reihiger Vorw\u00e4rtsschub) ist ein hochmodernes Landwirtschaftsger\u00e4t, das die effiziente Ernte von Kidneybohnen unterst\u00fctzt. Dank fortschrittlicher Technologie gew\u00e4hrleistet sie eine hohe Ausbeute bei gleichzeitiger Erhaltung der Erntequalit\u00e4t. Die Maschine minimiert den manuellen Arbeitsaufwand und bietet eine schnellere und effizientere L\u00f6sung f\u00fcr die gro\u00dffl\u00e4chige landwirtschaftliche Produktion. Das 4-reihige Vorw\u00e4rtsschubsystem steigert die Produktivit\u00e4t und macht die Maschine zu einem unverzichtbaren Werkzeug in der modernen Landwirtschaft.<\/p>\n<h2 data-start=\"304\" data-end=\"333\">Technische Spezifikationen<\/h2>\n<div class=\"_tableContainer_1rjym_1\">\n<div class=\"group _tableWrapper_1rjym_13 flex w-fit flex-col-reverse\" tabindex=\"-1\">\n<table class=\"w-fit min-w-(--thread-content-width)\" style=\"border-color: #000000;\" data-start=\"335\" data-end=\"1523\">\n<thead data-start=\"335\" data-end=\"416\">\n<tr data-start=\"335\" data-end=\"416\">\n<th data-start=\"335\" data-end=\"365\" data-col-size=\"sm\">Artikel<\/th>\n<th data-start=\"365\" data-end=\"382\" data-col-size=\"sm\">Einheit<\/th>\n<th data-start=\"382\" data-end=\"416\" data-col-size=\"md\">Spezifikation<\/th>\n<\/tr>\n<\/thead>\n<tbody data-start=\"499\" data-end=\"1523\">\n<tr data-start=\"499\" data-end=\"612\">\n<td data-start=\"499\" data-end=\"530\" data-col-size=\"sm\">Modellname<\/td>\n<td data-col-size=\"sm\" data-start=\"530\" data-end=\"547\">–<\/td>\n<td data-col-size=\"md\" data-start=\"547\" data-end=\"612\">4BYQ-2.6 Kidneybohnen-Raustriebsmaschine (4-reihiger Vorw\u00e4rtsschub)<\/td>\n<\/tr>\n<tr data-start=\"613\" data-end=\"694\">\n<td data-start=\"613\" data-end=\"644\" data-col-size=\"sm\">Verbindungsmethode<\/td>\n<td data-col-size=\"sm\" data-start=\"644\" data-end=\"661\">–<\/td>\n<td data-col-size=\"md\" data-start=\"661\" data-end=\"694\">Traktionstyp<\/td>\n<\/tr>\n<tr data-start=\"695\" data-end=\"776\">\n<td data-start=\"695\" data-end=\"726\" data-col-size=\"sm\">Aufnahmemechanismus<\/td>\n<td data-col-size=\"sm\" data-start=\"726\" data-end=\"743\">–<\/td>\n<td data-col-size=\"md\" data-start=\"743\" data-end=\"776\">Federtyp<\/td>\n<\/tr>\n<tr data-start=\"777\" data-end=\"859\">\n<td data-start=\"777\" data-end=\"808\" data-col-size=\"sm\">Arbeitsbreite<\/td>\n<td data-col-size=\"sm\" data-start=\"808\" data-end=\"825\">M<\/td>\n<td data-col-size=\"md\" data-start=\"825\" data-end=\"859\">2.6<\/td>\n<\/tr>\n<tr data-start=\"860\" data-end=\"942\">\n<td data-start=\"860\" data-end=\"891\" data-col-size=\"sm\">Netzteilbereich<\/td>\n<td data-col-size=\"sm\" data-start=\"891\" data-end=\"908\">kW<\/td>\n<td data-col-size=\"md\" data-start=\"908\" data-end=\"942\">66-88<\/td>\n<\/tr>\n<tr data-start=\"943\" data-end=\"1025\">\n<td data-start=\"943\" data-end=\"974\" data-col-size=\"sm\">Arbeitsgeschwindigkeitsbereich<\/td>\n<td data-col-size=\"sm\" data-start=\"974\" data-end=\"991\">km\/h<\/td>\n<td data-col-size=\"md\" data-start=\"991\" data-end=\"1025\">6-10<\/td>\n<\/tr>\n<tr data-start=\"1026\" data-end=\"1108\">\n<td data-start=\"1026\" data-end=\"1057\" data-col-size=\"sm\">Gesamtabmessungen<\/td>\n<td data-col-size=\"sm\" data-start=\"1057\" data-end=\"1074\">mm<\/td>\n<td data-col-size=\"md\" data-start=\"1074\" data-end=\"1108\">2333\u00d72870\u00d71182<\/td>\n<\/tr>\n<tr data-start=\"1109\" data-end=\"1191\">\n<td data-start=\"1109\" data-end=\"1140\" data-col-size=\"sm\">Leistungsabgabegeschwindigkeit<\/td>\n<td data-col-size=\"sm\" data-start=\"1140\" data-end=\"1157\">r\/min<\/td>\n<td data-col-size=\"md\" data-start=\"1157\" data-end=\"1191\">540<\/td>\n<\/tr>\n<tr data-start=\"1192\" data-end=\"1274\">\n<td data-start=\"1192\" data-end=\"1223\" data-col-size=\"sm\">Radabstand<\/td>\n<td data-col-size=\"sm\" data-start=\"1223\" data-end=\"1240\">mm<\/td>\n<td data-col-size=\"md\" data-start=\"1240\" data-end=\"1274\">2600<\/td>\n<\/tr>\n<tr data-start=\"1275\" data-end=\"1357\">\n<td data-start=\"1275\" data-end=\"1306\" data-col-size=\"sm\">Produktionseffizienz<\/td>\n<td data-col-size=\"sm\" data-start=\"1306\" data-end=\"1323\">hm\u00b2\/h<\/td>\n<td data-col-size=\"md\" data-start=\"1323\" data-end=\"1357\">1.56-2.6<\/td>\n<\/tr>\n<tr data-start=\"1358\" data-end=\"1440\">\n<td data-start=\"1358\" data-end=\"1389\" data-col-size=\"sm\">Bedieneranzahl<\/td>\n<td data-col-size=\"sm\" data-start=\"1389\" data-end=\"1406\">Menschen<\/td>\n<td data-col-size=\"md\" data-start=\"1406\" data-end=\"1440\">1<\/td>\n<\/tr>\n<tr data-start=\"1441\" data-end=\"1523\">\n<td data-start=\"1441\" data-end=\"1472\" data-col-size=\"sm\">Strukturelle Qualit\u00e4t<\/td>\n<td data-col-size=\"sm\" data-start=\"1472\" data-end=\"1489\">kg<\/td>\n<td data-col-size=\"md\" data-start=\"1489\" data-end=\"1523\">1100<\/td>\n<\/tr>\n<\/tbody>\n<\/table>\n<\/div>\n<\/div>\n<h2>Produktdefinition<\/h2>\n<p>Die Kidneybohnen-Rupturmaschine Typ 4BYQ-2.6 (4-reihiger Vorw\u00e4rtsschub) ist ein innovatives Landwirtschaftsger\u00e4t zur pr\u00e4zisen Ausrottung von Kidneybohnen. Sie ist so konstruiert, dass sie die Pflanzen vorw\u00e4rts schiebt und schonend ausrei\u00dft, wodurch die Effizienz gesteigert und die H\u00fclsen f\u00fcr die Ernte erhalten bleiben. Diese Maschine eignet sich ideal f\u00fcr den gro\u00dffl\u00e4chigen Anbau von Kidneybohnen, da sie die Produktionsgeschwindigkeit optimiert und gleichzeitig den Arbeitsaufwand reduziert.<\/p>\n<h2>Probleml\u00f6sung und Anwendungen<\/h2>\n<p>Diese Maschine l\u00f6st mehrere g\u00e4ngige Probleme im Bohnenanbau. Traditionelle Erntemethoden erfordern in der Regel manuelle Arbeit, was zeitaufwendig und arbeitsintensiv ist. Mit der 4BYQ-2.6 k\u00f6nnen Landwirte Bohnen schnell und effizient ernten, Arbeitskosten senken und Ertr\u00e4ge steigern. Dar\u00fcber hinaus minimiert die Maschine Besch\u00e4digungen der Pflanzen w\u00e4hrend der Ernte und gew\u00e4hrleistet so eine h\u00f6here Bohnenqualit\u00e4t f\u00fcr den Markt.<\/p>\n<h2>Produktvorteile<\/h2>\n<h3>1. Effizienter Entwurzelungsprozess<\/h3>\n<p>Die Kidneybohnen-Rupturmaschine Typ 4BYQ-2.6 verf\u00fcgt \u00fcber einen 4-reihigen Vorw\u00e4rtsschiebemechanismus, der die Bohnen schonend und effektiv ausrei\u00dft. Dieses Verfahren optimiert den Rupturvorgang und erm\u00f6glicht Landwirten, ihre Arbeit schneller zu erledigen und gleichzeitig die Arbeitskosten zu senken.<\/p>\n<h3>2. Haltbarkeit<\/h3>\n<p>Diese aus hochwertigen Materialien gefertigte Maschine ist f\u00fcr die harten Bedingungen in der Landwirtschaft ausgelegt. Sie ist verschlei\u00dffest und gew\u00e4hrleistet so eine lange Lebensdauer bei minimalem Wartungsaufwand.<\/p>\n<h3>3. Einfache Bedienung<\/h3>\n<p>Ausgestattet mit einer benutzerfreundlichen Oberfl\u00e4che und Bedienelementen ist der Typ 4BYQ-2.6 einfach zu bedienen. Landwirte k\u00f6nnen den Umgang mit der Maschine schnell erlernen, was Zeit bei der Schulung spart und ihnen erm\u00f6glicht, sich auf die Produktivit\u00e4t zu konzentrieren.<\/p>\n<h3>4. Geringer Wartungsaufwand<\/h3>\n<p>Der Wartungsaufwand ist minimal, was die Maschine zu einer kosteng\u00fcnstigen L\u00f6sung f\u00fcr den Anbau von Kidneybohnen macht. Sie ist so konstruiert, dass seltener Reparaturen und Teileaustausch erforderlich sind, wodurch Betriebsunterbrechungen reduziert und eine gleichbleibende Leistung gew\u00e4hrleistet wird.<\/p>\n<h3>5. Umweltfreundlich<\/h3>\n<p>Die Maschine 4BYQ-2.6 reduziert den Bedarf an Chemikalien und anderen sch\u00e4dlichen Betriebsmitteln und ist somit eine umweltfreundliche L\u00f6sung f\u00fcr die moderne Landwirtschaft. Ihr Design tr\u00e4gt zum Schutz der Umwelt bei und unterst\u00fctzt nachhaltige Anbaumethoden.<\/p>\n<p style=\"text-align: center;\"><img loading=\"lazy\" decoding=\"async\" class=\"alignnone wp-image-272\" src=\"https:\/\/square-balers.com\/wp-content\/uploads\/2025\/11\/ep-Type-4BYQ-2.6-Kidney-Bean-Uprooting-Machine-4-Ridge-Forward-Push-41-300x300.webp\" alt=\"Ausrei\u00dfmaschine\" width=\"475\" height=\"475\" srcset=\"https:\/\/square-balers.com\/wp-content\/uploads\/2025\/11\/ep-Type-4BYQ-2.6-Kidney-Bean-Uprooting-Machine-4-Ridge-Forward-Push-41-300x300.webp 300w, https:\/\/square-balers.com\/wp-content\/uploads\/2025\/11\/ep-Type-4BYQ-2.6-Kidney-Bean-Uprooting-Machine-4-Ridge-Forward-Push-41-150x150.webp 150w, https:\/\/square-balers.com\/wp-content\/uploads\/2025\/11\/ep-Type-4BYQ-2.6-Kidney-Bean-Uprooting-Machine-4-Ridge-Forward-Push-41-12x12.webp 12w, https:\/\/square-balers.com\/wp-content\/uploads\/2025\/11\/ep-Type-4BYQ-2.6-Kidney-Bean-Uprooting-Machine-4-Ridge-Forward-Push-41-100x100.webp 100w, https:\/\/square-balers.com\/wp-content\/uploads\/2025\/11\/ep-Type-4BYQ-2.6-Kidney-Bean-Uprooting-Machine-4-Ridge-Forward-Push-41.webp 358w\" sizes=\"(max-width: 475px) 100vw, 475px\" \/><\/p>\n<h2>Funktionsweise des Typs 4BYQ-2.6<\/h2>\n<p>Die Kidneybohnen-Rupturmaschine Typ 4BYQ-2.6 arbeitet mit einem einzigartigen 4-Rippen-Vorw\u00e4rtsschiebesystem. Die rippenartige Struktur der Maschine schiebt die Pflanze vorw\u00e4rts und zieht die Bohnen schonend aus dem Boden. Diese Vorw\u00e4rtsbewegung minimiert die Besch\u00e4digung der Bohnen und erh\u00e4lt so deren Unversehrtheit und Qualit\u00e4t f\u00fcr eine einfache Ernte. Dar\u00fcber hinaus nutzt die Maschine fortschrittliche Technologie zur Steuerung von Tiefe und Winkel des Schubs und optimiert so den Ernteprozess. Dieser Mechanismus reduziert au\u00dferdem die Bodenst\u00f6rung und macht die Arbeit dadurch reibungsloser und effizienter.<\/p>\n<h2>Hauptanwendungen der Kidneybohnen-Raustriebsmaschine Typ 4BYQ-2.6<\/h2>\n<p>Die Kidneybohnen-Rausrei\u00dfmaschine Typ 4BYQ-2.6 ist vielseitig einsetzbar und eignet sich f\u00fcr verschiedene landwirtschaftliche Anwendungen. Im Folgenden werden sechs Haupteinsatzgebiete dieser Maschine aufgef\u00fchrt:<\/p>\n<h3>1. Gro\u00dffl\u00e4chige Kidneybohnenfarmen<\/h3>\n<p>Die Maschine eignet sich perfekt f\u00fcr gro\u00dffl\u00e4chige Kidneybohnen-Anbaubetriebe, da sie ein effizientes Ausrei\u00dfen der Bohnen erm\u00f6glicht, die Arbeitskosten senkt und die Gesamtproduktivit\u00e4t steigert.<\/p>\n<h3>2. \u00d6kologischer Landbau<\/h3>\n<p>Da die Maschine nur minimale Bodenst\u00f6rungen verursacht, ist sie ideal f\u00fcr \u00f6kologische Landwirtschaftsmethoden, bei denen die Erhaltung der Bodengesundheit h\u00f6chste Priorit\u00e4t hat.<\/p>\n<h3>3. Saatgutproduktion<\/h3>\n<p>Die Maschine eignet sich gut f\u00fcr landwirtschaftliche Betriebe, die sich auf die Produktion von Kidneybohnensamen konzentrieren, da sie sicherstellt, dass die Bohnen schonend ausgegraben werden und somit die Saatgutqualit\u00e4t erhalten bleibt.<\/p>\n<h3>4. Ernte von Kidneybohnen unter trockenen Bedingungen<\/h3>\n<p>Die 4BYQ-2.6 ist besonders effektiv bei der Ernte von Kidneybohnen unter trockenen Bedingungen, wo das manuelle Ausrei\u00dfen schwieriger ist.<\/p>\n<h3>5. Landwirtschaftliche Forschungseinrichtungen<\/h3>\n<p>Forschungseinrichtungen und landwirtschaftliche Testeinrichtungen k\u00f6nnen diese Maschine f\u00fcr Experimente zur Ernte von Kidneybohnen nutzen, um pr\u00e4zise und konsistente Ergebnisse zu gew\u00e4hrleisten.<\/p>\n<h3>6. Lohnarbeiten in der Landwirtschaft<\/h3>\n<p>Landwirtschaftliche Dienstleister k\u00f6nnen diese Maschine nutzen, um mehreren landwirtschaftlichen Betrieben effiziente Rodungsdienste anzubieten und so die Produktivit\u00e4t kleinerer Betriebe zu steigern, ohne dass daf\u00fcr erhebliche Investitionen erforderlich sind.<\/p>\n<h2>Wie man die richtige Kidneybohnen-Entwurzelungsmaschine vom Typ 4BYQ-2.6 ausw\u00e4hlt<\/h2>\n<p>Die Wahl der richtigen Maschine erfordert die Ber\u00fccksichtigung mehrerer Faktoren, um eine optimale Leistung f\u00fcr Ihre spezifischen Bed\u00fcrfnisse zu gew\u00e4hrleisten. So treffen Sie die beste Wahl:<\/p>\n<h3>1. Gr\u00f6\u00dfe des Bauernhofs<\/h3>\n<p>Ber\u00fccksichtigen Sie die Gr\u00f6\u00dfe Ihres landwirtschaftlichen Betriebs. Gr\u00f6\u00dfere Betriebe ben\u00f6tigen m\u00f6glicherweise eine leistungsst\u00e4rkere Version der Maschine, um umfangreiche Ernten effizient zu bew\u00e4ltigen.<\/p>\n<h3>2. Bodentyp<\/h3>\n<p>Unterschiedliche Bodentypen erfordern m\u00f6glicherweise unterschiedliche Maschineneinstellungen. Stellen Sie sicher, dass der 4BYQ-2.6 mit den Bodenverh\u00e4ltnissen Ihres Betriebs kompatibel ist, um optimale Ergebnisse zu erzielen.<\/p>\n<h3>3. Bohnensorte<\/h3>\n<p>Verschiedene Kidneybohnensorten k\u00f6nnen unterschiedliche Wurzelstrukturen aufweisen. W\u00e4hlen Sie die Maschine, die mit dem Wurzelsystem der von Ihnen angebauten Bohnen kompatibel ist.<\/p>\n<h3>4. Budget<\/h3>\n<p>Stellen Sie sicher, dass die Maschine in Ihr Budget passt und gleichzeitig die betrieblichen Anforderungen Ihres Hofes erf\u00fcllt. Ber\u00fccksichtigen Sie langfristige Einsparungen bei Arbeits- und Wartungskosten.<\/p>\n<h3>5. Wartungsunterst\u00fctzung<\/h3>\n<p>W\u00e4hlen Sie eine Maschine von einem Lieferanten, der umfassenden Wartungssupport und einfachen Zugang zu Ersatzteilen bietet, um Ausfallzeiten zu minimieren.<\/p>\n<h3>6. Anpassungsoptionen<\/h3>\n<p>Pr\u00fcfen Sie, ob die Maschine an Ihre spezifischen Bed\u00fcrfnisse angepasst werden kann. Manche Betriebe ben\u00f6tigen aufgrund ihrer betrieblichen Anforderungen m\u00f6glicherweise spezielle Anpassungen.<\/p>\n<p style=\"text-align: center;\"><img loading=\"lazy\" decoding=\"async\" class=\"alignnone wp-image-271\" src=\"https:\/\/square-balers.com\/wp-content\/uploads\/2025\/11\/ep-Type-4BYQ-2.6-Kidney-Bean-Uprooting-Machine-4-Ridge-Forward-Push-31-300x300.webp\" alt=\"Ausrei\u00dfmaschine\" width=\"462\" height=\"462\" srcset=\"https:\/\/square-balers.com\/wp-content\/uploads\/2025\/11\/ep-Type-4BYQ-2.6-Kidney-Bean-Uprooting-Machine-4-Ridge-Forward-Push-31-300x300.webp 300w, https:\/\/square-balers.com\/wp-content\/uploads\/2025\/11\/ep-Type-4BYQ-2.6-Kidney-Bean-Uprooting-Machine-4-Ridge-Forward-Push-31-150x150.webp 150w, https:\/\/square-balers.com\/wp-content\/uploads\/2025\/11\/ep-Type-4BYQ-2.6-Kidney-Bean-Uprooting-Machine-4-Ridge-Forward-Push-31-12x12.webp 12w, https:\/\/square-balers.com\/wp-content\/uploads\/2025\/11\/ep-Type-4BYQ-2.6-Kidney-Bean-Uprooting-Machine-4-Ridge-Forward-Push-31-100x100.webp 100w, https:\/\/square-balers.com\/wp-content\/uploads\/2025\/11\/ep-Type-4BYQ-2.6-Kidney-Bean-Uprooting-Machine-4-Ridge-Forward-Push-31.webp 351w\" sizes=\"(max-width: 462px) 100vw, 462px\" \/><\/p>\n<h2>Wartungsmethoden f\u00fcr die Kidneybohnen-Rupturmaschine Typ 4BYQ-2.6<\/h2>\n<p>Eine ordnungsgem\u00e4\u00dfe Wartung gew\u00e4hrleistet die Langlebigkeit und Leistungsf\u00e4higkeit des Typs 4BYQ-2.6. Hier einige wichtige Wartungstipps:<\/p>\n<h3>1. Regelm\u00e4\u00dfige Reinigung<\/h3>\n<p>Reinigen Sie die Maschine nach jedem Gebrauch, um Schmutz und Ablagerungen zu entfernen und so Verstopfungen und Verschlei\u00df an den beweglichen Teilen zu vermeiden.<\/p>\n<h3>2. Schmierung<\/h3>\n<p>Schmieren Sie die beweglichen Teile der Maschine regelm\u00e4\u00dfig, um die Reibung zu verringern und Sch\u00e4den an den Bauteilen zu vermeiden.<\/p>\n<h3>3. Pr\u00fcfung der Verschlei\u00dfteile<\/h3>\n<p>Pr\u00fcfen Sie den Zustand von Teilen wie Rippen und Klingen auf Verschlei\u00dferscheinungen. Tauschen Sie diese gegebenenfalls aus, um einen einwandfreien Betrieb zu gew\u00e4hrleisten.<\/p>\n<h3>4. Kalibrierung<\/h3>\n<p>Stellen Sie sicher, dass die Maschine korrekt auf die spezifischen Boden- und Bohnenbedingungen Ihres Betriebs kalibriert ist. Dies verbessert die Gesamteffizienz.<\/p>\n<h3>5. Einlagern der Maschine<\/h3>\n<p>Lagern Sie das Ger\u00e4t bei Nichtgebrauch an einem trockenen, gesch\u00fctzten Ort, um es vor witterungsbedingten Sch\u00e4den zu sch\u00fctzen.<\/p>\n<h2>Kundenrezensionen<\/h2>\n<p>\u201eWir haben k\u00fcrzlich in den Typ 4BYQ-2.6 f\u00fcr unsere gro\u00dfe Kidneybohnenfarm investiert und sind mit den Ergebnissen sehr zufrieden. Er ist schnell, effizient und einfach zu bedienen. Unsere Erntezeiten haben sich deutlich verk\u00fcrzt, und wir erzielen h\u00f6here Ertr\u00e4ge, da die Bohnen weniger besch\u00e4digt werden. F\u00fcr jeden, der Kidneybohnen anbaut, ist er eine hervorragende Investition.\u201c<\/p>\n<p><strong>\u2013 John Doe, USA<\/strong><\/p>\n<p>\u201eAls kleiner Bio-Bauernhof brauchten wir eine L\u00f6sung, die schonend zu unserem Boden und unseren Bohnen ist. Das Produkt vom Typ 4BYQ-2.6 hat unsere Erwartungen erf\u00fcllt. Es ist umweltfreundlich und hilft uns, die Qualit\u00e4t unserer Ernte zu erhalten und gleichzeitig die Produktivit\u00e4t zu steigern. Absolut empfehlenswert!\u201c<\/p>\n<p><strong>\u2013 Emma Lee, Australien<\/strong><\/p>\n<p>\u201eWir nutzen den 4BYQ-2.6 nun schon seit einigen Monaten und er hat sich als zuverl\u00e4ssig und langlebig erwiesen. Die Maschine funktioniert selbst unter trockensten Bedingungen und ist damit ideal f\u00fcr unser lokales Klima. Die Einsparungen bei den Arbeitskosten sind betr\u00e4chtlich.\u201c<\/p>\n<p><strong>\u2013 Carlos Mendoza, Mexiko<\/strong><\/p>\n<p>\u201eDer Support des Herstellers war hervorragend. Die Maschine ist robust gebaut und einfach zu bedienen. Sie erm\u00f6glicht uns eine deutlich effizientere Ernte von Kidneybohnen. Die Garantie und der Kundendienst geben uns Sicherheit.\u201c<\/p>\n<p><strong>\u2013 Marie Dupont, Frankreich<\/strong><\/p>\n<p>\u201eSeit wir den Typ 4BYQ-2.6 einsetzen, haben wir eine deutliche Effizienzsteigerung erzielt. Er ist robust, wartungsarm und kosteng\u00fcnstig. Wenn Sie eine zuverl\u00e4ssige L\u00f6sung f\u00fcr gro\u00dfe Bohnenfarmen suchen, ist dies genau das Richtige!\u201c<\/p>\n<p><strong>\u2013 Li Wei, China<\/strong><\/p>\n<h2>Warum sollten Sie sich f\u00fcr unsere Produkte entscheiden?<\/h2>\n<p>Wir bieten schnelle Anpassungsm\u00f6glichkeiten, kompetenten Kundenservice und 3 Jahre Garantie f\u00fcr ein sorgenfreies Einkaufserlebnis. Unsere Produkte werden weltweit schnell versendet, und unser zuverl\u00e4ssiger Kundendienst ist f\u00fcr Sie da, egal wo Sie sich befinden. Dank unserer \u00fcber 20-j\u00e4hrigen Erfahrung in der Herstellung von Landmaschinen garantieren wir h\u00f6chste Produktqualit\u00e4t zu wettbewerbsf\u00e4higen Preisen.<\/p>\n<h2>Entdecken Sie mehr und nehmen Sie Kontakt auf<\/h2>\n<p>Zus\u00e4tzlich zur Kidneybohne vom Typ 4BYQ-2.6 <a href=\"https:\/\/square-balers.com\/de\/produkt\/type-9jyy-2-5-round-bale-picking-and-transporting-machine\/\">Ausrei\u00dfmaschine<\/a>Wir bieten Ihnen eine Vielzahl an Produkten und Zubeh\u00f6r, mit denen Sie die Effizienz Ihres landwirtschaftlichen Betriebs steigern k\u00f6nnen. Unser engagiertes Kundenservice-Team steht Ihnen jederzeit f\u00fcr Fragen und individuelle Anpassungsw\u00fcnsche zur Verf\u00fcgung. Entdecken Sie unser Produktsortiment und kontaktieren Sie uns noch heute, um Ihre Bestellung aufzugeben und Ihre landwirtschaftlichen Abl\u00e4ufe zu optimieren.<\/p>\n<h2 style=\"text-align: center;\"><img loading=\"lazy\" decoding=\"async\" class=\"alignnone wp-image-273\" src=\"https:\/\/square-balers.com\/wp-content\/uploads\/2025\/11\/ep-Type-4BYQ-2.6-Kidney-Bean-Uprooting-Machine-4-Ridge-Forward-Push-51-300x300.webp\" alt=\"Ausrei\u00dfmaschine\" width=\"486\" height=\"486\" srcset=\"https:\/\/square-balers.com\/wp-content\/uploads\/2025\/11\/ep-Type-4BYQ-2.6-Kidney-Bean-Uprooting-Machine-4-Ridge-Forward-Push-51-300x300.webp 300w, https:\/\/square-balers.com\/wp-content\/uploads\/2025\/11\/ep-Type-4BYQ-2.6-Kidney-Bean-Uprooting-Machine-4-Ridge-Forward-Push-51-150x150.webp 150w, https:\/\/square-balers.com\/wp-content\/uploads\/2025\/11\/ep-Type-4BYQ-2.6-Kidney-Bean-Uprooting-Machine-4-Ridge-Forward-Push-51-12x12.webp 12w, https:\/\/square-balers.com\/wp-content\/uploads\/2025\/11\/ep-Type-4BYQ-2.6-Kidney-Bean-Uprooting-Machine-4-Ridge-Forward-Push-51-100x100.webp 100w, https:\/\/square-balers.com\/wp-content\/uploads\/2025\/11\/ep-Type-4BYQ-2.6-Kidney-Bean-Uprooting-Machine-4-Ridge-Forward-Push-51.webp 340w\" sizes=\"(max-width: 486px) 100vw, 486px\" \/><\/h2>\n<h2>H\u00e4ufig gestellte Fragen (FAQ)<\/h2>\n<ol>\n<li><strong>Was ist die Hauptfunktion des Typs 4BYQ-2.6? <a href=\"http:\/\/farm-baler.com\" target=\"_blank\" rel=\"noopener\">Kidneybohnen-Ausrei\u00dfmaschine<\/a>?<\/strong><br \/>\nDie Hauptfunktion dieser Maschine besteht darin, Kidneybohnen effizient aus dem Boden zu ernten. Sie verwendet ein 4-reihiges Vorw\u00e4rtsschiebesystem, das die Besch\u00e4digung der Bohnen minimiert und die Erntegeschwindigkeit erh\u00f6ht.<\/li>\n<li><strong>Wie funktioniert der 4-Rippen-Vorw\u00e4rtsdr\u00fcckmechanismus?<\/strong><br \/>\nDer 4-reihige Vorschubmechanismus schiebt die Kidneybohnen vorsichtig durch den Boden und entfernt sie dabei schonend, ohne ihre Qualit\u00e4t und Struktur zu beeintr\u00e4chtigen. Diese Technik reduziert Pflanzensch\u00e4den und gew\u00e4hrleistet eine bessere Erntequalit\u00e4t.<\/li>\n<li><strong>Kann der Typ 4BYQ-2.6 auch f\u00fcr andere Pflanzenarten verwendet werden?<\/strong><br \/>\nObwohl der Typ 4BYQ-2.6 f\u00fcr Kidneybohnen optimiert ist, kann er auch f\u00fcr andere Kulturen mit \u00e4hnlicher Wurzelstruktur angepasst werden. Spezifische Anpassungen entnehmen Sie bitte dem Hersteller.<\/li>\n<li><strong>Ist der Typ 4BYQ-2.6 wartungsfreundlich?<\/strong><br \/>\nJa, die Maschine ben\u00f6tigt nur minimalen Wartungsaufwand: regelm\u00e4\u00dfige Reinigung, Schmierung und gelegentlicher Teileaustausch gen\u00fcgen. Dies gew\u00e4hrleistet einen reibungslosen und zuverl\u00e4ssigen Betrieb \u00fcber die gesamte Lebensdauer.<\/li>\n<li><strong>Wie lange betr\u00e4gt die Garantiezeit f\u00fcr die Kidneybohnen-Entwurzelungsmaschine Typ 4BYQ-2.6?<\/strong><br \/>\nDie Maschine wird mit einer 3-j\u00e4hrigen Garantie geliefert, die Schutz vor Herstellungsfehlern bietet und den K\u00e4ufern Sicherheit gibt.<\/li>\n<li><strong>Wie lange dauert es nach der Bestellung, bis ich die Maschine erhalte?<\/strong><br \/>\nDie Lieferzeiten variieren je nach Standort, aber wir bieten einen schnellen weltweiten Versand an, um sicherzustellen, dass Ihre Maschine in k\u00fcrzester Zeit bei Ihnen eintrifft.<\/li>\n<li><strong>Ist die Maschine f\u00fcr den \u00f6kologischen Landbau geeignet?<\/strong><br \/>\nJa, der Typ 4BYQ-2.6 ist perfekt f\u00fcr den \u00f6kologischen Landbau geeignet, da er die Bodenbearbeitung minimiert, die Bodenintegrit\u00e4t erh\u00e4lt und nachhaltige Anbaumethoden unterst\u00fctzt.<\/li>\n<li><strong>Kann der Typ 4BYQ-2.6 auch auf kleinen landwirtschaftlichen Betrieben eingesetzt werden?<\/strong><br \/>\nJa, die Maschine ist vielseitig und kann sowohl auf kleinen landwirtschaftlichen Betrieben als auch in gro\u00dfen Anlagen effektiv eingesetzt werden.<\/li>\n<li><strong>Welche Kapazit\u00e4t hat der Typ 4BYQ-2.6?<\/strong><br \/>\nDie Maschine ist in der Lage, gro\u00dfe Fl\u00e4chen effizient zu bearbeiten und eignet sich daher ideal f\u00fcr den gro\u00dffl\u00e4chigen Bohnenanbau.<\/li>\n<li><strong>Was soll ich tun, wenn die Maschine eine Fehlfunktion aufweist?<\/strong><br \/>\nBei einer Fehlfunktion des Ger\u00e4ts k\u00f6nnen Sie sich zur Fehlerbehebung und Unterst\u00fctzung an unseren Kundendienst wenden. Wir bieten au\u00dferdem Reparatur- und Ersatzteilservice an.<\/li>\n<li><strong>Was kostet der Typ 4BYQ-2.6?<\/strong><br \/>\nDie Kosten f\u00fcr den Typ 4BYQ-2.6 variieren je nach Anpassung und Standort. Kontaktieren Sie uns f\u00fcr ein individuelles Angebot.<\/li>\n<li><strong>L\u00e4sst sich die Maschine an spezifische Bed\u00fcrfnisse anpassen?<\/strong><br \/>\nJa, wir bieten Anpassungsm\u00f6glichkeiten f\u00fcr den Typ 4BYQ-2.6 an, um den spezifischen Anforderungen und Bedingungen des landwirtschaftlichen Betriebs gerecht zu werden.<\/li>\n<li><strong>Wie lange ist die Lieferzeit?<\/strong><br \/>\nDie Lieferzeit variiert je nach Standort, wir garantieren jedoch einen schnellen Versand in alle L\u00e4nder, in der Regel innerhalb weniger Wochen.<\/li>\n<li><strong>Wird eine Schulung f\u00fcr die Verwendung des Typs 4BYQ-2.6 angeboten?<\/strong><br \/>\nJa, wir bieten Schulungen zur effektiven Bedienung der Maschine an, um maximale Produktivit\u00e4t zu gew\u00e4hrleisten.<\/li>\n<\/ol>\n<p>bearbeitet von gzl<\/p>","protected":false},"excerpt":{"rendered":"<p>Die Kidneybohnen-Rupturmaschine 4BYQ-2.6 ist ein leistungsstarkes Landwirtschaftsger\u00e4t f\u00fcr die effiziente Ernte von Kidneybohnen. Mit einer Arbeitsbreite von 2,6 Metern und einer Leistung von 66\u201388 kW bearbeitet diese Maschine gro\u00dfe Fl\u00e4chen schnell und effektiv. Ihr federgelagerter Aufnahmemechanismus minimiert Besch\u00e4digungen der Pflanzen, w\u00e4hrend die einstellbare Arbeitsgeschwindigkeit (6\u201310 km\/h) und die hohe Produktivit\u00e4t (1,56\u20132,6 Hektar pro Stunde) die Ausbeute maximieren. Die 4BYQ-2.6 ist f\u00fcr den Ein-Mann-Betrieb konzipiert und ideal f\u00fcr Bohnenbetriebe. Sie bietet Langlebigkeit, einfache Bedienung und schnelle Arbeitsabl\u00e4ufe f\u00fcr einen optimierten Ernteprozess.<\/p>","protected":false},"featured_media":274,"template":"","meta":{"_et_pb_use_builder":"","_et_pb_old_content":"","_et_gb_content_width":""},"product_brand":[],"product_cat":[22],"product_tag":[],"class_list":{"0":"post-229","1":"product","2":"type-product","3":"status-publish","4":"has-post-thumbnail","6":"product_cat-kidney-bean-puller","8":"first","9":"instock","10":"shipping-taxable","11":"product-type-simple"},"_links":{"self":[{"href":"https:\/\/square-balers.com\/de\/wp-json\/wp\/v2\/product\/229","targetHints":{"allow":["GET"]}}],"collection":[{"href":"https:\/\/square-balers.com\/de\/wp-json\/wp\/v2\/product"}],"about":[{"href":"https:\/\/square-balers.com\/de\/wp-json\/wp\/v2\/types\/product"}],"wp:featuredmedia":[{"embeddable":true,"href":"https:\/\/square-balers.com\/de\/wp-json\/wp\/v2\/media\/274"}],"wp:attachment":[{"href":"https:\/\/square-balers.com\/de\/wp-json\/wp\/v2\/media?parent=229"}],"wp:term":[{"taxonomy":"product_brand","embeddable":true,"href":"https:\/\/square-balers.com\/de\/wp-json\/wp\/v2\/product_brand?post=229"},{"taxonomy":"product_cat","embeddable":true,"href":"https:\/\/square-balers.com\/de\/wp-json\/wp\/v2\/product_cat?post=229"},{"taxonomy":"product_tag","embeddable":true,"href":"https:\/\/square-balers.com\/de\/wp-json\/wp\/v2\/product_tag?post=229"}],"curies":[{"name":"wp","href":"https:\/\/api.w.org\/{rel}","templated":true}]}}