{"id":230,"date":"2025-11-24T09:48:04","date_gmt":"2025-11-24T09:48:04","guid":{"rendered":"https:\/\/square-balers.com\/?post_type=product&#038;p=230"},"modified":"2025-12-18T03:02:34","modified_gmt":"2025-12-18T03:02:34","slug":"4byh-3-25-kidneybohnen-rupturmaschine","status":"publish","type":"product","link":"https:\/\/square-balers.com\/de\/produkt\/4byh-3-25-kidneybohnen-rupturmaschine\/","title":{"rendered":"Kidneybohnen-Entwurzelungsmaschine Typ 4BYH-3.25 (5 Reihen)"},"content":{"rendered":"<p data-start=\"306\" data-end=\"335\">Die Kidneybohnen-Rohrschneidemaschine Typ 4BYH-3.25 (5 Reihen) ist eine moderne Landmaschine, die die Effizienz der Bohnenernte steigert. Sie wurde speziell f\u00fcr die Ernte von Kidneybohnen entwickelt, minimiert Erntesch\u00e4den und eignet sich daher ideal f\u00fcr gro\u00dffl\u00e4chige landwirtschaftliche Betriebe. F\u00fcnf Reihen gew\u00e4hrleisten optimale Leistung unter verschiedenen Feldbedingungen.<\/p>\n<h2 data-start=\"306\" data-end=\"335\">Technische Spezifikationen<\/h2>\n<div class=\"_tableContainer_1rjym_1\">\n<div class=\"group _tableWrapper_1rjym_13 flex w-fit flex-col-reverse\" tabindex=\"-1\">\n<table class=\"w-fit min-w-(--thread-content-width)\" style=\"border-color: #000000;\" data-start=\"337\" data-end=\"1514\">\n<thead data-start=\"337\" data-end=\"418\">\n<tr data-start=\"337\" data-end=\"418\">\n<th data-start=\"337\" data-end=\"367\" data-col-size=\"sm\">Artikel<\/th>\n<th data-start=\"367\" data-end=\"384\" data-col-size=\"sm\">Einheit<\/th>\n<th data-start=\"384\" data-end=\"418\" data-col-size=\"md\">Spezifikation<\/th>\n<\/tr>\n<\/thead>\n<tbody data-start=\"501\" data-end=\"1514\">\n<tr data-start=\"501\" data-end=\"603\">\n<td data-start=\"501\" data-end=\"532\" data-col-size=\"sm\">Modellname<\/td>\n<td data-col-size=\"sm\" data-start=\"532\" data-end=\"549\">–<\/td>\n<td data-col-size=\"md\" data-start=\"549\" data-end=\"603\">4BYH-3.25 Kidneybohnen-Entwurzelungsmaschine (5 Reihen)<\/td>\n<\/tr>\n<tr data-start=\"604\" data-end=\"685\">\n<td data-start=\"604\" data-end=\"635\" data-col-size=\"sm\">Verbindungsmethode<\/td>\n<td data-col-size=\"sm\" data-start=\"635\" data-end=\"652\">–<\/td>\n<td data-col-size=\"md\" data-start=\"652\" data-end=\"685\">Traktionstyp<\/td>\n<\/tr>\n<tr data-start=\"686\" data-end=\"767\">\n<td data-start=\"686\" data-end=\"717\" data-col-size=\"sm\">Aufnahmemechanismus<\/td>\n<td data-col-size=\"sm\" data-start=\"717\" data-end=\"734\">–<\/td>\n<td data-col-size=\"md\" data-start=\"734\" data-end=\"767\">Federtyp<\/td>\n<\/tr>\n<tr data-start=\"768\" data-end=\"850\">\n<td data-start=\"768\" data-end=\"799\" data-col-size=\"sm\">Arbeitsbreite<\/td>\n<td data-col-size=\"sm\" data-start=\"799\" data-end=\"816\">M<\/td>\n<td data-col-size=\"md\" data-start=\"816\" data-end=\"850\">3.25<\/td>\n<\/tr>\n<tr data-start=\"851\" data-end=\"933\">\n<td data-start=\"851\" data-end=\"882\" data-col-size=\"sm\">Netzteilbereich<\/td>\n<td data-col-size=\"sm\" data-start=\"882\" data-end=\"899\">kW<\/td>\n<td data-col-size=\"md\" data-start=\"899\" data-end=\"933\">103-132<\/td>\n<\/tr>\n<tr data-start=\"934\" data-end=\"1016\">\n<td data-start=\"934\" data-end=\"965\" data-col-size=\"sm\">Arbeitsgeschwindigkeitsbereich<\/td>\n<td data-col-size=\"sm\" data-start=\"965\" data-end=\"982\">km\/h<\/td>\n<td data-col-size=\"md\" data-start=\"982\" data-end=\"1016\">6-10<\/td>\n<\/tr>\n<tr data-start=\"1017\" data-end=\"1099\">\n<td data-start=\"1017\" data-end=\"1048\" data-col-size=\"sm\">Gesamtabmessungen<\/td>\n<td data-col-size=\"sm\" data-start=\"1048\" data-end=\"1065\">mm<\/td>\n<td data-col-size=\"md\" data-start=\"1065\" data-end=\"1099\">3800\u00d73400\u00d71500<\/td>\n<\/tr>\n<tr data-start=\"1100\" data-end=\"1182\">\n<td data-start=\"1100\" data-end=\"1131\" data-col-size=\"sm\">Leistungsabgabegeschwindigkeit<\/td>\n<td data-col-size=\"sm\" data-start=\"1131\" data-end=\"1148\">r\/min<\/td>\n<td data-col-size=\"md\" data-start=\"1148\" data-end=\"1182\">540<\/td>\n<\/tr>\n<tr data-start=\"1183\" data-end=\"1265\">\n<td data-start=\"1183\" data-end=\"1214\" data-col-size=\"sm\">Radabstand<\/td>\n<td data-col-size=\"sm\" data-start=\"1214\" data-end=\"1231\">mm<\/td>\n<td data-col-size=\"md\" data-start=\"1231\" data-end=\"1265\">3250<\/td>\n<\/tr>\n<tr data-start=\"1266\" data-end=\"1348\">\n<td data-start=\"1266\" data-end=\"1297\" data-col-size=\"sm\">Produktionseffizienz<\/td>\n<td data-col-size=\"sm\" data-start=\"1297\" data-end=\"1314\">hm\u00b2\/h<\/td>\n<td data-col-size=\"md\" data-start=\"1314\" data-end=\"1348\">1.95-3.25<\/td>\n<\/tr>\n<tr data-start=\"1349\" data-end=\"1431\">\n<td data-start=\"1349\" data-end=\"1380\" data-col-size=\"sm\">Bedieneranzahl<\/td>\n<td data-col-size=\"sm\" data-start=\"1380\" data-end=\"1397\">Menschen<\/td>\n<td data-col-size=\"md\" data-start=\"1397\" data-end=\"1431\">1<\/td>\n<\/tr>\n<tr data-start=\"1432\" data-end=\"1514\">\n<td data-start=\"1432\" data-end=\"1463\" data-col-size=\"sm\">Gesamtgewicht der Maschine<\/td>\n<td data-col-size=\"sm\" data-start=\"1463\" data-end=\"1480\">kg<\/td>\n<td data-col-size=\"md\" data-start=\"1480\" data-end=\"1514\">1540<\/td>\n<\/tr>\n<\/tbody>\n<\/table>\n<h2>Produktdefinition<\/h2>\n<\/div>\n<\/div>\n<p>Die Kidneybohnen-Rupturmaschine Typ 4BYH-3.25 (5-reihig) ist ein hocheffizientes landwirtschaftliches Ger\u00e4t zur Ernte von Kidneybohnen. Ihre einzigartige F\u00fcnf-Reih-Konstruktion erm\u00f6glicht das Trennen und Ernten der Bohnen bei minimaler Besch\u00e4digung der Pflanzen. Diese Maschine eignet sich ideal f\u00fcr die gro\u00dffl\u00e4chige landwirtschaftliche Produktion mit dem Ziel, die Ernteeffizienz zu steigern und die Arbeitskosten zu senken.<\/p>\n<h2>Probleml\u00f6sung &amp; Anwendungsbereiche<\/h2>\n<p>Das Ausrei\u00dfen von Kidneybohnen ist eine zeitaufw\u00e4ndige und arbeitsintensive Aufgabe, insbesondere auf gro\u00dfen Betrieben. Der 4BYH-3.25 l\u00f6st dieses Problem durch die Automatisierung des Ernteprozesses und steigert so Geschwindigkeit und Effizienz deutlich. Die Maschine ist f\u00fcr unwegsames Gel\u00e4nde konzipiert und liefert auf verschiedenen Bodentypen gleichbleibende Ergebnisse. Zudem reduziert sie die Arbeitskosten im Vergleich zu herk\u00f6mmlichen manuellen Erntemethoden erheblich.<\/p>\n<p>Die Maschine dient prim\u00e4r der automatischen Ernte von Kidneybohnen und erm\u00f6glicht Landwirten so eine effiziente Ernte mit minimalem menschlichen Eingriff. Sie ist f\u00fcr gro\u00dffl\u00e4chige landwirtschaftliche Betriebe konzipiert, verk\u00fcrzt die Bearbeitungszeit und optimiert den Produktionsprozess.<\/p>\n<h2>Produktvorteile<\/h2>\n<h3>1. Hohe Effizienz<\/h3>\n<p>Die Kidneybohnen-Rupturmaschine Typ 4BYH-3.25 (5 Reihen) wurde entwickelt, um die Erntegeschwindigkeit deutlich zu steigern. Sie kann gro\u00dfe Felder in einem Bruchteil der Zeit bearbeiten, die f\u00fcr manuelle Arbeit ben\u00f6tigt w\u00fcrde, und reduziert so den Zeitaufwand f\u00fcr die Kidneybohnenernte drastisch.<\/p>\n<h3>2. Minimiert Erntesch\u00e4den<\/h3>\n<p>Diese Maschine nutzt ein ausgekl\u00fcgeltes System, um Kidneybohnen schonend auszugraben, ohne die Pflanze oder die Bohnen zu besch\u00e4digen und so eine qualitativ hochwertige Ernte zu gew\u00e4hrleisten. Im Gegensatz zur manuellen Ernte, die die empfindlichen Bohnen besch\u00e4digen kann, garantiert die Maschine, dass die Ernte unversehrt bleibt und ihren Wert beh\u00e4lt.<\/p>\n<h3>3. Vielseitiges Design<\/h3>\n<p>Das 5-Rippen-Design erm\u00f6glicht ein einfaches Man\u00f6vrieren auf unterschiedlichem Gel\u00e4nde, auch auf unebenem oder unwegsamem Terrain. Diese Vielseitigkeit macht es f\u00fcr verschiedene landwirtschaftliche Umgebungen geeignet und somit zu einer wertvollen Investition f\u00fcr Landwirte mit unterschiedlichen Feldbedingungen.<\/p>\n<h3>4. Langlebige Konstruktion<\/h3>\n<p>Die aus hochwertigen Materialien gefertigte Maschine vom Typ 4BYH-3.25 ist f\u00fcr den Dauereinsatz unter rauen landwirtschaftlichen Bedingungen ausgelegt. Ihre robuste Konstruktion gew\u00e4hrleistet eine lange Lebensdauer, selbst unter starker Beanspruchung, und minimiert so den Reparaturaufwand.<\/p>\n<h3>5. Kosteneffektiv<\/h3>\n<p>Die anf\u00e4ngliche Investition in diese Maschine mag zwar h\u00f6her sein als die f\u00fcr manuelle Arbeit, amortisiert sich aber schnell durch geringere Arbeitskosten, h\u00f6here Erntegeschwindigkeit und eine verbesserte Effizienz des gesamten Ernteprozesses. Dies f\u00fchrt zu langfristigen Einsparungen f\u00fcr gro\u00dfe landwirtschaftliche Betriebe.<\/p>\n<p style=\"text-align: center;\"><img loading=\"lazy\" decoding=\"async\" class=\"alignnone size-medium wp-image-283\" src=\"https:\/\/square-balers.com\/wp-content\/uploads\/2025\/11\/ep-Type-4BYH-3.25-Kidney-Bean-Uprooting-Machine-5-Ridges-31-300x300.webp\" alt=\"Ausrei\u00dfmaschine\" width=\"300\" height=\"300\" srcset=\"https:\/\/square-balers.com\/wp-content\/uploads\/2025\/11\/ep-Type-4BYH-3.25-Kidney-Bean-Uprooting-Machine-5-Ridges-31-300x300.webp 300w, https:\/\/square-balers.com\/wp-content\/uploads\/2025\/11\/ep-Type-4BYH-3.25-Kidney-Bean-Uprooting-Machine-5-Ridges-31-150x150.webp 150w, https:\/\/square-balers.com\/wp-content\/uploads\/2025\/11\/ep-Type-4BYH-3.25-Kidney-Bean-Uprooting-Machine-5-Ridges-31-12x12.webp 12w, https:\/\/square-balers.com\/wp-content\/uploads\/2025\/11\/ep-Type-4BYH-3.25-Kidney-Bean-Uprooting-Machine-5-Ridges-31-100x100.webp 100w, https:\/\/square-balers.com\/wp-content\/uploads\/2025\/11\/ep-Type-4BYH-3.25-Kidney-Bean-Uprooting-Machine-5-Ridges-31.webp 348w\" sizes=\"(max-width: 300px) 100vw, 300px\" \/><\/p>\n<h2>Funktionsweise der Kidneybohnen-Raustriebsmaschine Typ 4BYH-3.25<\/h2>\n<p>Die Kidneybohnen-Entwurzelungsmaschine Typ 4BYH-3.25 (5 Stege) nutzt ein Stegsystem, das Kidneybohnen effektiv vom Boden trennt und entwurzelt. Die konvexen Stege der Maschine durchdringen den Boden und ziehen die Bohnen schonend und ohne Besch\u00e4digung von ihren Wurzeln. Das System r\u00fcttelt die Pflanze leicht, um die Bohnen zu l\u00f6sen und sie anschlie\u00dfend zur Weiterverarbeitung in einen Sammelbereich zu transportieren.<\/p>\n<h2>Hauptanwendungen<\/h2>\n<p>Die Kidneybohnen-Rupturmaschine Typ 4BYH-3.25 eignet sich f\u00fcr eine Vielzahl landwirtschaftlicher Einsatzgebiete, insbesondere f\u00fcr solche, die eine gro\u00dffl\u00e4chige Kidneybohnenernte erfordern. Im Folgenden sind ihre Hauptanwendungsgebiete aufgef\u00fchrt:<\/p>\n<h3>1. Gro\u00dffl\u00e4chiger Bohnenanbau<\/h3>\n<p>Die Maschine eignet sich ideal f\u00fcr landwirtschaftliche Betriebe, die Kidneybohnen im kommerziellen Ma\u00dfstab produzieren, kann gro\u00dfe Felder bearbeiten und die Gesamteffizienz der Erntearbeiten verbessern.<\/p>\n<h3>2. \u00d6kologischer Landbau<\/h3>\n<p>F\u00fcr Bio-Bauernh\u00f6fe, wo eine minimale Bodenbearbeitung von entscheidender Bedeutung ist, bietet diese Maschine eine effiziente M\u00f6glichkeit, Bohnen auszurei\u00dfen, ohne die umliegende Umwelt oder die Bodenstruktur zu sch\u00e4digen.<\/p>\n<h3>3. Fruchtfolgesysteme<\/h3>\n<p>Die Maschine ist in Fruchtfolgesystemen, in denen rechtzeitige Ernten entscheidend f\u00fcr die Einhaltung der Pflanzpl\u00e4ne f\u00fcr die nachfolgenden Kulturen sind, \u00e4u\u00dferst effektiv.<\/p>\n<h3>4. Bohnenverarbeitungsbetriebe<\/h3>\n<p>Bohnenverarbeitungsbetriebe k\u00f6nnen den Typ 4BYH-3.25 nutzen, um die Erntephase zu beschleunigen und so den Durchsatz der Bohnen vom Feld zur Weiterverarbeitung in der Fabrik zu erh\u00f6hen.<\/p>\n<h3>5. Forschungsfarmen<\/h3>\n<p>Forschungsbetriebe, die Experimente mit Bohnensorten und Erntezeitpunkten durchf\u00fchren, k\u00f6nnen die Maschine nutzen, um den Ausrei\u00dfprozess zu standardisieren und so konsistente Ergebnisse f\u00fcr die Analyse zu gew\u00e4hrleisten.<\/p>\n<h3>6. Familienbetriebe<\/h3>\n<p>Auch kleinere, familiengef\u00fchrte Betriebe k\u00f6nnen von den F\u00e4higkeiten dieser Maschine profitieren, da sie dadurch Bohnen effizienter ernten und den Arbeitsaufwand reduzieren k\u00f6nnen, der oft ein begrenzender Faktor ist.<\/p>\n<h2>Wie man die richtige Kidneybohnen-Entwurzelungsmaschine vom Typ 4BYH-3.25 (5 Rillen) ausw\u00e4hlt<\/h2>\n<p>Die Wahl der richtigen Maschine h\u00e4ngt von verschiedenen Faktoren ab. Nachfolgend finden Sie einige wichtige \u00dcberlegungen, die Ihnen helfen sollen, eine fundierte Entscheidung zu treffen:<\/p>\n<h3>1. Feldgr\u00f6\u00dfe<\/h3>\n<p>Bei gro\u00dfen landwirtschaftlichen Betrieben sorgt die hohe Kapazit\u00e4t der Maschine vom Typ 4BYH-3.25 f\u00fcr eine schnelle und effiziente Bohnenernte. F\u00fcr kleinere Felder reicht unter Umst\u00e4nden eine weniger leistungsstarke Maschine aus.<\/p>\n<h3>2. Gel\u00e4ndetyp<\/h3>\n<p>Achten Sie darauf, dass die gew\u00e4hlte Maschine f\u00fcr Ihr Gel\u00e4nde geeignet ist. Dank der 5-Rippen-Konstruktion arbeitet die Maschine auch auf unebenem Untergrund effizient und ist somit ideal f\u00fcr verschiedene Bodenverh\u00e4ltnisse.<\/p>\n<h3>3. Bohnensorte<\/h3>\n<p>Verschiedene Kidneybohnensorten k\u00f6nnen unterschiedliche Ernteanforderungen haben. Stellen Sie sicher, dass der Typ 4BYH-3.25 mit der von Ihnen angebauten Sorte kompatibel ist, um eine optimale Ernte zu gew\u00e4hrleisten.<\/p>\n<h3>4. Budget<\/h3>\n<p>Auch wenn die Anschaffungskosten h\u00f6her sein m\u00f6gen, machen die langfristigen Einsparungen bei der Arbeitsleistung und die gesteigerte Ernteeffizienz diese Maschine zu einer kosteneffizienten L\u00f6sung f\u00fcr landwirtschaftliche Gro\u00dfbetriebe.<\/p>\n<h3>5. Wartungsanforderungen<\/h3>\n<p>Ber\u00fccksichtigen Sie bei der Auswahl Ihrer Maschine die Wartungsfreundlichkeit. Das Modell 4BYH-3.25 ist auf Langlebigkeit ausgelegt, aber es ist wichtig, alle erforderlichen Wartungsarbeiten f\u00fcr eine optimale Langzeitleistung einzuplanen.<\/p>\n<h3>6. Kundendienst<\/h3>\n<p>W\u00e4hlen Sie einen Lieferanten, der umfassenden Kundendienst inklusive Schulungen und Unterst\u00fctzung bei der Fehlerbehebung bietet. So stellen Sie sicher, dass Sie Ihre Maschine \u00fcber ihre gesamte Lebensdauer optimal nutzen k\u00f6nnen.<\/p>\n<p style=\"text-align: center;\"><img loading=\"lazy\" decoding=\"async\" class=\"alignnone size-medium wp-image-284\" src=\"https:\/\/square-balers.com\/wp-content\/uploads\/2025\/11\/ep-Type-4BYH-3.25-Kidney-Bean-Uprooting-Machine-5-Ridges-41-300x300.webp\" alt=\"Ausrei\u00dfmaschine\" width=\"300\" height=\"300\" srcset=\"https:\/\/square-balers.com\/wp-content\/uploads\/2025\/11\/ep-Type-4BYH-3.25-Kidney-Bean-Uprooting-Machine-5-Ridges-41-300x300.webp 300w, https:\/\/square-balers.com\/wp-content\/uploads\/2025\/11\/ep-Type-4BYH-3.25-Kidney-Bean-Uprooting-Machine-5-Ridges-41-150x150.webp 150w, https:\/\/square-balers.com\/wp-content\/uploads\/2025\/11\/ep-Type-4BYH-3.25-Kidney-Bean-Uprooting-Machine-5-Ridges-41-12x12.webp 12w, https:\/\/square-balers.com\/wp-content\/uploads\/2025\/11\/ep-Type-4BYH-3.25-Kidney-Bean-Uprooting-Machine-5-Ridges-41-100x100.webp 100w, https:\/\/square-balers.com\/wp-content\/uploads\/2025\/11\/ep-Type-4BYH-3.25-Kidney-Bean-Uprooting-Machine-5-Ridges-41.webp 357w\" sizes=\"(max-width: 300px) 100vw, 300px\" \/><\/p>\n<h2>Wartungstipps f\u00fcr die Kidneybohnen-Routingmaschine Typ 4BYH-3.25<\/h2>\n<p>Um die Langlebigkeit und Leistungsf\u00e4higkeit Ihrer Kidneybohnen-Rupturmaschine Typ 4BYH-3.25 zu gew\u00e4hrleisten, ist regelm\u00e4\u00dfige Wartung unerl\u00e4sslich. Hier einige wichtige Wartungstipps:<\/p>\n<ul>\n<li>\u00dcberpr\u00fcfen Sie regelm\u00e4\u00dfig die Rillen und Z\u00e4hne auf Abnutzung. Ersetzen Sie diese gegebenenfalls, um eine optimale Leistung zu gew\u00e4hrleisten.<\/li>\n<li>Halten Sie die Maschine sauber, um die Ansammlung von Schmutz oder Ablagerungen zu vermeiden, die den Betrieb der Maschine beeintr\u00e4chtigen k\u00f6nnten.<\/li>\n<li>Schmieren Sie die beweglichen Teile regelm\u00e4\u00dfig, um einen reibungslosen Betrieb zu gew\u00e4hrleisten und Rost oder Korrosion vorzubeugen.<\/li>\n<li>\u00dcberpr\u00fcfen Sie den Motor und andere mechanische Teile regelm\u00e4\u00dfig auf Anzeichen von Besch\u00e4digung oder Verschlei\u00df und f\u00fchren Sie notwendige Reparaturen umgehend durch.<\/li>\n<li>Halten Sie sich an den Wartungsplan des Herstellers, um sicherzustellen, dass alle Teile in den entsprechenden Abst\u00e4nden gewartet werden und somit eine maximale Effizienz gew\u00e4hrleistet ist.<\/li>\n<\/ul>\n<h2>Kundenrezensionen<\/h2>\n<p>Kundenrezensionen sind ein wesentlicher Bestandteil, um die praktischen Vorteile eines Produkts zu verstehen. Nachfolgend finden Sie einige Erfahrungsberichte von Kunden, die das Produkt vom Typ 4BYH-3.25 verwendet haben. <a href=\"https:\/\/square-balers.com\/wp-admin\/post.php?post=231&amp;action=edit\">Kidneybohnen-Ausrei\u00dfmaschine<\/a>.<\/p>\n<p>\u201eDiese Maschine hat unsere Landwirtschaft revolutioniert. Fr\u00fcher waren wir bei der Ernte unserer Kidneybohnen stark auf Handarbeit angewiesen, was extrem zeitaufwendig und kostspielig war. Der Typ 4BYH-3.25 hat unsere Arbeitskosten deutlich gesenkt und die Effizienz gesteigert. Wir k\u00f6nnen jetzt ein viel gr\u00f6\u00dferes Feld in einem Bruchteil der Zeit ernten. Absolut empfehlenswert!\u201c<\/p>\n<p>\u2013 <strong>John, USA<\/strong><\/p>\n<p>\u201eAls Bio-Bauernhof brauchten wir eine Maschine, die den Boden nicht zu sehr beeintr\u00e4chtigt. Die Typ 4BYH-3.25 leistet hervorragende Arbeit beim schonenden Ausgraben der Bohnen und erh\u00e4lt dabei die Bodenstruktur. Sie ist zu einem unverzichtbaren Bestandteil unseres Ernteprozesses geworden.\u201c<\/p>\n<p>\u2013 <strong>Maria, Spanien<\/strong><\/p>\n<p>\u201eWir haben diese Maschine f\u00fcr unseren gro\u00dfen landwirtschaftlichen Betrieb gekauft und sie hat unsere Erwartungen \u00fcbertroffen. Sie bew\u00e4ltigt das unwegsame Gel\u00e4nde auf unserem Land problemlos, und ihre Arbeitsgeschwindigkeit hat unsere Produktivit\u00e4t erheblich gesteigert. Jeden Cent wert!\u201c<\/p>\n<p>\u2013 <strong>Michael, Australien<\/strong><\/p>\n<p>\u201eAnfangs war ich wegen des Preises etwas skeptisch, aber nach einer Saison im Einsatz kann ich mit voller \u00dcberzeugung sagen, dass sich die Investition gelohnt hat. Der Typ 4BYH-3.25 hat uns unz\u00e4hlige Arbeitsstunden erspart und unseren Personalaufwand deutlich reduziert. Ein fantastisches Preis-Leistungs-Verh\u00e4ltnis!\u201c<\/p>\n<p>\u2013 <strong>Alice, Gro\u00dfbritannien<\/strong><\/p>\n<p>\u201eWir betreiben einen Versuchsbetrieb und brauchten eine Maschine, die verl\u00e4ssliche Ergebnisse liefert. Der Typ 4BYH-3.25 hat genau unsere Anforderungen erf\u00fcllt. Er ist einfach zu bedienen und erm\u00f6glicht ein pr\u00e4zises Ausrei\u00dfen der Pflanzen, was f\u00fcr unsere Experimente unerl\u00e4sslich ist.\u201c<\/p>\n<p>\u2013 <strong>Carlos, Brasilien<\/strong><\/p>\n<h2>Warum sollten Sie sich f\u00fcr unser Produkt entscheiden?<\/h2>\n<p>Wir bieten die Kidneybohnen-Entwurzelungsmaschine Typ 4BYH-3.25 mit flexiblen Anpassungsm\u00f6glichkeiten, damit Sie die Maschine optimal an Ihre Bed\u00fcrfnisse anpassen k\u00f6nnen. Unser zuverl\u00e4ssiger Kundendienst sorgt daf\u00fcr, dass Sie jederzeit Unterst\u00fctzung erhalten. Drei Jahre Garantie geben Ihnen Sicherheit, und unser Kundendienst gew\u00e4hrleistet den reibungslosen Betrieb Ihrer Maschinen. Dank unseres schnellen weltweiten Versands k\u00f6nnen wir Ihre Bestellungen effizient und z\u00fcgig abwickeln und so Unterbrechungen Ihrer landwirtschaftlichen Produktion vermeiden.<\/p>\n<p>Wir bieten Ihnen hochwertige Produkte, g\u00fcnstige Preise und exzellenten Kundenservice \u2013 damit sind wir die beste Wahl f\u00fcr Ihre Landwirtschaftsmaschinen. Neben der Kidneybohnen-Rupturmaschine Typ 4BYH-3.25 bieten wir Ihnen weiteres Zubeh\u00f6r und Produkte f\u00fcr Ihren Betrieb. Entdecken Sie unser gesamtes Sortiment und kontaktieren Sie uns noch heute!<\/p>\n<p style=\"text-align: center;\"><img loading=\"lazy\" decoding=\"async\" class=\"size-medium wp-image-282 aligncenter\" src=\"https:\/\/square-balers.com\/wp-content\/uploads\/2025\/11\/ep-Type-4BYH-3.25-Kidney-Bean-Uprooting-Machine-5-Ridges-21-300x300.webp\" alt=\"Ausrei\u00dfmaschine\" width=\"300\" height=\"300\" srcset=\"https:\/\/square-balers.com\/wp-content\/uploads\/2025\/11\/ep-Type-4BYH-3.25-Kidney-Bean-Uprooting-Machine-5-Ridges-21-300x300.webp 300w, https:\/\/square-balers.com\/wp-content\/uploads\/2025\/11\/ep-Type-4BYH-3.25-Kidney-Bean-Uprooting-Machine-5-Ridges-21-150x150.webp 150w, https:\/\/square-balers.com\/wp-content\/uploads\/2025\/11\/ep-Type-4BYH-3.25-Kidney-Bean-Uprooting-Machine-5-Ridges-21-12x12.webp 12w, https:\/\/square-balers.com\/wp-content\/uploads\/2025\/11\/ep-Type-4BYH-3.25-Kidney-Bean-Uprooting-Machine-5-Ridges-21-100x100.webp 100w, https:\/\/square-balers.com\/wp-content\/uploads\/2025\/11\/ep-Type-4BYH-3.25-Kidney-Bean-Uprooting-Machine-5-Ridges-21.webp 370w\" sizes=\"(max-width: 300px) 100vw, 300px\" \/><\/p>\n<h2>H\u00e4ufig gestellte Fragen<\/h2>\n<p><strong>1. Welche maximale Feldgr\u00f6\u00dfe kann die Kidneybohnen-Rupturmaschine vom Typ 4BYH-3.25 bearbeiten?<\/strong><\/p>\n<p>Der Typ 4BYH-3.25 ist f\u00fcr gro\u00dffl\u00e4chige landwirtschaftliche Betriebe konzipiert und kann je nach Bodenbeschaffenheit und Gel\u00e4nde Felder von bis zu 100 Acres oder mehr bearbeiten.<\/p>\n<p><strong>2. Wie lange dauert die Ernte eines Acres Kidneybohnen mit dem Typ 4BYH-3.25?<\/strong><\/p>\n<p>Im Durchschnitt kann die Maschine je nach Gel\u00e4ndebeschaffenheit und Pflanzendichte einen Hektar Kidneybohnen in nur wenigen Stunden ernten.<\/p>\n<p><strong>3. Ist der Typ 4BYH-3.25 f\u00fcr kleine landwirtschaftliche Betriebe geeignet?<\/strong><\/p>\n<p>Die Maschine ist zwar f\u00fcr gro\u00dfe landwirtschaftliche Betriebe optimiert, doch auch kleinere Betriebe mit mittelgro\u00dfen bis gro\u00dfen Feldern k\u00f6nnen von ihrer Effizienz profitieren. F\u00fcr kleinere Felder kann eine weniger leistungsstarke Maschine wirtschaftlicher sein.<\/p>\n<p><strong>4. Wie minimiert die Maschine Besch\u00e4digungen der Kidneybohnen beim Ausrei\u00dfen?<\/strong><\/p>\n<p>Die 5-Rillen-Konstruktion sorgt daf\u00fcr, dass die Bohnen schonend und ohne \u00fcberm\u00e4\u00dfige Krafteinwirkung ausgegraben werden, wodurch das Risiko einer Besch\u00e4digung der Ernte verringert wird.<\/p>\n<p><strong>5. Kann der Typ 4BYH-3.25 im \u00f6kologischen Landbau eingesetzt werden?<\/strong><\/p>\n<p>Ja, diese Maschine ist ideal f\u00fcr den \u00f6kologischen Landbau, da sie die Bodenbearbeitung minimiert und gleichzeitig Kidneybohnen effizient erntet.<\/p>\n<p><strong>6. Welche Art von Wartung ist beim Typ 4BYH-3.25 erforderlich?<\/strong><\/p>\n<p>Zur regelm\u00e4\u00dfigen Wartung geh\u00f6ren das Schmieren der beweglichen Teile, die Reinigung der Maschine und die \u00dcberpr\u00fcfung der Z\u00e4hne und Rippen auf Verschlei\u00df. Halten Sie sich f\u00fcr optimale Leistung an den Wartungsplan des Herstellers.<\/p>\n<p><strong>7. Kann der Typ 4BYH-3.25 mit verschiedenen Bodentypen umgehen?<\/strong><\/p>\n<p>Ja, die Maschine ist so konzipiert, dass sie in verschiedenen Bodenarten, einschlie\u00dflich Lehm-, Ton- und Sandb\u00f6den, effektiv arbeiten kann.<\/p>\n<p><strong>8. Gibt es eine Garantie f\u00fcr den Typ 4BYH-3.25?<\/strong><\/p>\n<p>Ja, der Typ 4BYH-3.25 wird mit einer 3-j\u00e4hrigen Garantie geliefert, um seine Langlebigkeit und Leistungsf\u00e4higkeit zu gew\u00e4hrleisten. Wir bieten au\u00dferdem Kundendienst an, um eventuell auftretende Probleme zu l\u00f6sen.<\/p>\n<p><strong>9. Wie schnell erfolgt die Lieferung bei internationalen Bestellungen?<\/strong><\/p>\n<p>Wir bieten einen schnellen weltweiten Versand an, sodass Ihre Bestellung je nach Standort innerhalb weniger Wochen bei Ihnen eintrifft.<\/p>\n<p><strong>10. Kann der Typ 4BYH-3.25 an spezielle Bed\u00fcrfnisse angepasst werden?<\/strong><\/p>\n<p>Ja, wir bieten Anpassungsm\u00f6glichkeiten an, um die Maschine optimal auf die spezifischen Anforderungen Ihres landwirtschaftlichen Betriebs abzustimmen und so die beste Leistung f\u00fcr Ihre Ernte zu gew\u00e4hrleisten.<\/p>\n<p><strong>11. Wie hoch sind die Kosten der Kidneybohnen-Rupturmaschine vom Typ 4BYH-3.25?<\/strong><\/p>\n<p>Der Preis der Maschine richtet sich nach den Spezifikationen und den gew\u00fcnschten Anpassungsm\u00f6glichkeiten. Bitte kontaktieren Sie uns f\u00fcr ein detailliertes Angebot, das auf Ihre Anforderungen zugeschnitten ist.<\/p>\n<p><strong>12. Wie einfach ist die Bedienung des Typs 4BYH-3.25?<\/strong><\/p>\n<p>Die Maschine ist benutzerfreundlich und verf\u00fcgt \u00fcber einfache Bedienelemente, die es den Bedienern erm\u00f6glichen, ohne spezielle Schulung sofort loszulegen.<\/p>\n<p><strong>13. Funktioniert der Typ 4BYH-3.25 auch bei nassen Bodenverh\u00e4ltnissen?<\/strong><\/p>\n<p>Die Maschine arbeitet am besten bei trockenen bis m\u00e4\u00dfig feuchten Bodenverh\u00e4ltnissen, kann aber auch mit nassen B\u00f6den zurechtkommen, muss dann jedoch f\u00fcr eine optimale Leistung gegebenenfalls angepasst werden.<\/p>\n<p><strong>14. Kann der Typ 4BYH-3.25 auch f\u00fcr andere Nutzpflanzen als Kidneybohnen verwendet werden?<\/strong><\/p>\n<p>Obwohl die Maschine prim\u00e4r f\u00fcr Kidneybohnen konzipiert wurde, kann sie auch f\u00fcr andere H\u00fclsenfruchtarten und kleine Kulturpflanzen, die ein schonendes Ausgraben erfordern, angepasst werden.<\/p>\n<p><strong>15. Hat der Typ 4BYH-3.25 einen hohen Kraftstoffverbrauch?<\/strong><\/p>\n<p>Nein, die Maschine ist auf Kraftstoffeffizienz ausgelegt, um die Betriebskosten zu minimieren und gleichzeitig die Produktivit\u00e4t im Feld zu maximieren.<\/p>\n<p>bearbeitet von gzl<\/p>\n<p>&nbsp;<\/p>","protected":false},"excerpt":{"rendered":"<p>Entdecken Sie die Kidneybohnen-Rupturmaschine Typ 4BYH-3.25 mit ihrem 5-reihigen Design f\u00fcr eine schnellere und effizientere Ernte. Maximieren Sie Ihre Produktivit\u00e4t und minimieren Sie Ihre Arbeitskosten mit dieser Hochleistungsmaschine. Ideal f\u00fcr Landwirte, die Wert auf Zuverl\u00e4ssigkeit und Pr\u00e4zision legen. Jetzt kaufen und Ihre Ernteeffizienz steigern!<\/p>","protected":false},"featured_media":285,"template":"","meta":{"_et_pb_use_builder":"","_et_pb_old_content":"","_et_gb_content_width":""},"product_brand":[],"product_cat":[22],"product_tag":[],"class_list":{"0":"post-230","1":"product","2":"type-product","3":"status-publish","4":"has-post-thumbnail","6":"product_cat-kidney-bean-puller","8":"first","9":"instock","10":"shipping-taxable","11":"product-type-simple"},"_links":{"self":[{"href":"https:\/\/square-balers.com\/de\/wp-json\/wp\/v2\/product\/230","targetHints":{"allow":["GET"]}}],"collection":[{"href":"https:\/\/square-balers.com\/de\/wp-json\/wp\/v2\/product"}],"about":[{"href":"https:\/\/square-balers.com\/de\/wp-json\/wp\/v2\/types\/product"}],"wp:featuredmedia":[{"embeddable":true,"href":"https:\/\/square-balers.com\/de\/wp-json\/wp\/v2\/media\/285"}],"wp:attachment":[{"href":"https:\/\/square-balers.com\/de\/wp-json\/wp\/v2\/media?parent=230"}],"wp:term":[{"taxonomy":"product_brand","embeddable":true,"href":"https:\/\/square-balers.com\/de\/wp-json\/wp\/v2\/product_brand?post=230"},{"taxonomy":"product_cat","embeddable":true,"href":"https:\/\/square-balers.com\/de\/wp-json\/wp\/v2\/product_cat?post=230"},{"taxonomy":"product_tag","embeddable":true,"href":"https:\/\/square-balers.com\/de\/wp-json\/wp\/v2\/product_tag?post=230"}],"curies":[{"name":"wp","href":"https:\/\/api.w.org\/{rel}","templated":true}]}}