{"id":333,"date":"2025-12-15T09:12:09","date_gmt":"2025-12-15T09:12:09","guid":{"rendered":"https:\/\/square-balers.com\/?post_type=product&#038;p=333"},"modified":"2025-12-18T03:01:52","modified_gmt":"2025-12-18T03:01:52","slug":"9gl-5-zugmah-und-rechenmaschine","status":"publish","type":"product","link":"https:\/\/square-balers.com\/de\/produkt\/9gl-5-zugmah-und-rechenmaschine\/","title":{"rendered":"9GL-5.05.6 Zugm\u00e4h- und Rechenmaschine"},"content":{"rendered":"<p>Die 9GL-5.05.6 Zugm\u00e4her- und Rechenmaschine ist ein hocheffizientes und vielseitiges Ger\u00e4t, das speziell f\u00fcr die anspruchsvollen Anforderungen der Rasen- und Feldpflege entwickelt wurde. Ob Rasenm\u00e4hen, Laubharken oder Feldreinigung \u2013 diese Maschine bietet herausragende Leistung unter verschiedensten Umweltbedingungen. Dank fortschrittlicher Technik und pr\u00e4ziser Konstruktion eignet sie sich ideal f\u00fcr Landwirtschaft, Landschaftsbau und industrielle Anwendungen.<\/p>\n<h2>Technische Spezifikation<\/h2>\n<table style=\"border-color: #000000;\">\n<thead>\n<tr>\n<th style=\"width: 84.6016px;\">Seriennummer<\/th>\n<th style=\"width: 266.828px;\">Artikel<\/th>\n<th style=\"width: 35.7891px;\">Einheit<\/th>\n<th style=\"width: 261.781px;\">Spezifikation<\/th>\n<\/tr>\n<\/thead>\n<tbody>\n<tr>\n<td style=\"width: 84.6016px;\">1<\/td>\n<td style=\"width: 266.828px;\">Modellname<\/td>\n<td style=\"width: 35.7891px;\">\/<\/td>\n<td style=\"width: 261.781px;\">9GL-5.0\/5.6 Zugm\u00e4h- und Rechenmaschine<\/td>\n<\/tr>\n<tr>\n<td style=\"width: 84.6016px;\">2<\/td>\n<td style=\"width: 266.828px;\">Anbindemethode<\/td>\n<td style=\"width: 35.7891px;\">\/<\/td>\n<td style=\"width: 261.781px;\">Traktionstyp<\/td>\n<\/tr>\n<tr>\n<td style=\"width: 84.6016px;\">3<\/td>\n<td style=\"width: 266.828px;\">Schneidwerksstrukturtyp<\/td>\n<td style=\"width: 35.7891px;\">\/<\/td>\n<td style=\"width: 261.781px;\">Hubkolbentyp<\/td>\n<\/tr>\n<tr>\n<td style=\"width: 84.6016px;\">4<\/td>\n<td style=\"width: 266.828px;\">Schnittbreite<\/td>\n<td style=\"width: 35.7891px;\">M<\/td>\n<td style=\"width: 261.781px;\">5<\/td>\n<\/tr>\n<tr>\n<td style=\"width: 84.6016px;\">6<\/td>\n<td style=\"width: 266.828px;\">Rechenarbeitsbreite<\/td>\n<td style=\"width: 35.7891px;\">M<\/td>\n<td style=\"width: 261.781px;\">5.6<\/td>\n<\/tr>\n<tr>\n<td style=\"width: 84.6016px;\">7<\/td>\n<td style=\"width: 266.828px;\">Betriebsdrehzahlbereich<\/td>\n<td style=\"width: 35.7891px;\">km\/h<\/td>\n<td style=\"width: 261.781px;\">6~7<\/td>\n<\/tr>\n<tr>\n<td style=\"width: 84.6016px;\">8<\/td>\n<td style=\"width: 266.828px;\">Produktivit\u00e4t<\/td>\n<td style=\"width: 35.7891px;\">hm\u00b2\/h<\/td>\n<td style=\"width: 261.781px;\">M\u00e4hen: 2,4\u20132,8; Harken: 3,0\u20133,6<\/td>\n<\/tr>\n<tr>\n<td style=\"width: 84.6016px;\">9<\/td>\n<td style=\"width: 266.828px;\">Durchschnittliche Stoppelh\u00f6he<\/td>\n<td style=\"width: 35.7891px;\">mm<\/td>\n<td style=\"width: 261.781px;\">60-70<\/td>\n<\/tr>\n<tr>\n<td style=\"width: 84.6016px;\">10<\/td>\n<td style=\"width: 266.828px;\">Anpassungsleistung<\/td>\n<td style=\"width: 35.7891px;\">kW<\/td>\n<td style=\"width: 261.781px;\">30~60<\/td>\n<\/tr>\n<tr>\n<td style=\"width: 84.6016px;\">11<\/td>\n<td style=\"width: 266.828px;\">Zapfwellendrehzahl<\/td>\n<td style=\"width: 35.7891px;\">r\/min<\/td>\n<td style=\"width: 261.781px;\">540<\/td>\n<\/tr>\n<tr>\n<td style=\"width: 84.6016px;\">12<\/td>\n<td style=\"width: 266.828px;\">Maschinengewicht<\/td>\n<td style=\"width: 35.7891px;\">kg<\/td>\n<td style=\"width: 261.781px;\">1100<\/td>\n<\/tr>\n<tr>\n<td style=\"width: 84.6016px;\">13<\/td>\n<td style=\"width: 266.828px;\">Anzahl der Rechenz\u00e4hne<\/td>\n<td style=\"width: 35.7891px;\">St\u00fcck<\/td>\n<td style=\"width: 261.781px;\">78<\/td>\n<\/tr>\n<tr>\n<td style=\"width: 84.6016px;\">14<\/td>\n<td style=\"width: 266.828px;\">Abstand der Rechenz\u00e4hne<\/td>\n<td style=\"width: 35.7891px;\">mm<\/td>\n<td style=\"width: 261.781px;\">71<\/td>\n<\/tr>\n<tr>\n<td style=\"width: 84.6016px;\">15<\/td>\n<td style=\"width: 266.828px;\">Gesamtabmessungen des Ger\u00e4ts (L\u00e4nge \u00d7 Breite \u00d7 H\u00f6he)<\/td>\n<td style=\"width: 35.7891px;\">mm<\/td>\n<td style=\"width: 261.781px;\">\u2013 Transportzustand: 3860\u00d75600\u00d73000<\/p>\n<div class=\"container-Uxvbjy md-box-line-break wrapper-GYqxgQ undefined\"><\/div>\n<p>\u2013 Arbeitszustand: 3860\u00d77600\u00d7850<\/td>\n<\/tr>\n<tr>\n<td style=\"width: 84.6016px;\">18<\/td>\n<td style=\"width: 266.828px;\">Anzahl der beweglichen Klingen<\/td>\n<td style=\"width: 35.7891px;\">St\u00fcck<\/td>\n<td style=\"width: 261.781px;\">68<\/td>\n<\/tr>\n<\/tbody>\n<\/table>\n<h2>Produktdefinition<\/h2>\n<p>Die 9GL-5.05.6 Zugm\u00e4h- und Rechenmaschine ist ein multifunktionales Ger\u00e4t, das M\u00e4hen und Rechen in einem kompakten Modell vereint. Dank ihres robusten Zugsystems erm\u00f6glicht sie ein m\u00fcheloses Arbeiten auf gro\u00dfen Fl\u00e4chen. Ihre fortschrittlichen Funktionen machen sie ideal f\u00fcr anspruchsvolle Aufgaben und gew\u00e4hrleisten effiziente Pflege von Feldern, Parks und anderen Au\u00dfenanlagen.<\/p>\n<h2>Probleme, die es l\u00f6sen kann, und seine Anwendungsgebiete<\/h2>\n<p>Die 9GL-5.05.6 Zugm\u00e4her- und Rechenmaschine wurde entwickelt, um verschiedene Probleme bei der Rasenpflege, Feldbewirtschaftung und Landinstandhaltung zu l\u00f6sen. Zu den wichtigsten Herausforderungen, denen sie sich widmet, geh\u00f6ren:<\/p>\n<ul>\n<li>Effizientes M\u00e4hen und Rechen gro\u00dfer Fl\u00e4chen in minimaler Zeit<\/li>\n<li>Reduzierung des manuellen Arbeitsaufwands bei Wartungsarbeiten im Freien<\/li>\n<li>Verbesserung der Rasenqualit\u00e4t durch regelm\u00e4\u00dfiges M\u00e4hen und Harken<\/li>\n<li>Umgang mit unterschiedlichem Gel\u00e4nde, einschlie\u00dflich unebenem und h\u00fcgeligem Gel\u00e4nde<\/li>\n<li>Minimiert den Verschlei\u00df der Ausr\u00fcstung durch sein robustes Design<\/li>\n<\/ul>\n<p>Seine Einsatzm\u00f6glichkeiten erstrecken sich \u00fcber verschiedene Bereiche wie Landwirtschaft, Landschaftsbau, Parkpflege und Sportplatzmanagement. Diese Maschine eignet sich perfekt f\u00fcr alle Aufgaben, die gro\u00dffl\u00e4chiges Rasenm\u00e4hen, die Beseitigung von Abf\u00e4llen und das Einebnen von Spielfeldern erfordern.<\/p>\n<p style=\"text-align: center;\"><img loading=\"lazy\" decoding=\"async\" class=\"alignnone wp-image-335\" src=\"https:\/\/square-balers.com\/wp-content\/uploads\/2025\/12\/ep-9GL-5.05.6-Traction-Mowing-and-Raking-Machine-2-1.webp\" alt=\"M\u00e4h- und Rechenmaschine\" width=\"447\" height=\"447\" srcset=\"https:\/\/square-balers.com\/wp-content\/uploads\/2025\/12\/ep-9GL-5.05.6-Traction-Mowing-and-Raking-Machine-2-1.webp 269w, https:\/\/square-balers.com\/wp-content\/uploads\/2025\/12\/ep-9GL-5.05.6-Traction-Mowing-and-Raking-Machine-2-1-150x150.webp 150w, https:\/\/square-balers.com\/wp-content\/uploads\/2025\/12\/ep-9GL-5.05.6-Traction-Mowing-and-Raking-Machine-2-1-12x12.webp 12w, https:\/\/square-balers.com\/wp-content\/uploads\/2025\/12\/ep-9GL-5.05.6-Traction-Mowing-and-Raking-Machine-2-1-100x100.webp 100w\" sizes=\"(max-width: 447px) 100vw, 447px\" \/><\/p>\n<h2>Produktvorteile<\/h2>\n<h3>1. Doppelfunktionalit\u00e4t<\/h3>\n<p>Der 9GL-5.05.6 vereint zwei wichtige Aufgaben \u2013 M\u00e4hen und Rechen \u2013 in einem einzigen Ger\u00e4t und spart so Zeit und Geld. Benutzer k\u00f6nnen nahtlos zwischen den Funktionen wechseln, wodurch das Ger\u00e4t \u00e4u\u00dferst vielseitig f\u00fcr verschiedene Aufgaben in einem Arbeitsgang geeignet ist.<\/p>\n<h3>2. Hohe Haltbarkeit<\/h3>\n<p>Diese Maschine ist aus hochwertigen Materialien gefertigt und f\u00fcr den harten Einsatz unter verschiedensten Bedingungen ausgelegt. Ihre robuste Konstruktion gew\u00e4hrleistet einen langen Betriebsdauern, selbst unter widrigen Witterungsbedingungen.<\/p>\n<h3>3. Au\u00dfergew\u00f6hnliche Effizienz<\/h3>\n<p>Ausgestattet mit einem leistungsstarken Traktionssystem bietet der 9GL-5.05.6 \u00fcberragende Leistung beim M\u00e4hen und Rechen und reduziert so den Bedarf an h\u00e4ufigen Pausen und Wartungsarbeiten. Dank seiner effizienten Konstruktion kann er in k\u00fcrzerer Zeit gr\u00f6\u00dfere Fl\u00e4chen bearbeiten und so die Produktivit\u00e4t steigern.<\/p>\n<h3>4. Ergonomisches Design<\/h3>\n<p>Das benutzerfreundliche Design dieser Maschine reduziert die Erm\u00fcdung des Bedieners. Die Bedienelemente sind einfach zu handhaben, und die Maschine l\u00e4sst sich auch auf unebenem oder h\u00fcgeligem Gel\u00e4nde \u00fcber l\u00e4ngere Zeitr\u00e4ume komfortabel bedienen.<\/p>\n<h3>5. Vielseitige Anwendungsm\u00f6glichkeiten<\/h3>\n<p>Von landwirtschaftlichen Fl\u00e4chen \u00fcber \u00f6ffentliche Parks bis hin zu Sportpl\u00e4tzen \u2013 der 9GL-5.05.6 ist vielseitig einsetzbar und eignet sich f\u00fcr unterschiedlichste Umgebungen und Aufgaben. Ob M\u00e4hen, Rechen oder Entfernen von Unrat: Diese Maschine liefert stets erstklassige Ergebnisse.<\/p>\n<h2>Funktionsprinzip<\/h2>\n<p>Die M\u00e4h- und Rechenmaschine 9GL-5.05.6 arbeitet mit einem leistungsstarken Traktionssystem und fortschrittlichen M\u00e4h- und Rechenmechanismen. Das Traktionssystem treibt die Maschine vorw\u00e4rts und versorgt die Schneid- und Rechenmesser mit gleichm\u00e4\u00dfiger Kraft. Die Messer arbeiten zusammen, um Gras zu m\u00e4hen und gleichzeitig Schnittgut aufzusammeln und in einen Auffangbereich zu harken. Dank dieser effizienten Konstruktion kann die Maschine zwei Funktionen ausf\u00fchren, ohne dass ein Ger\u00e4tewechsel erforderlich ist.<\/p>\n<h2>Hauptanwendungsszenarien<\/h2>\n<ul>\n<li>Gro\u00dffl\u00e4chige landwirtschaftliche Fl\u00e4chen zum M\u00e4hen und zur Sammlung von Ernter\u00fcckst\u00e4nden<\/li>\n<li>\u00d6ffentliche Parks und Erholungsfl\u00e4chen, die regelm\u00e4\u00dfiges Rasenm\u00e4hen und Laubharken erfordern<\/li>\n<li>Sportpl\u00e4tze, um einen gut gepflegten Rasen f\u00fcr eine bessere Bespielbarkeit zu gew\u00e4hrleisten.<\/li>\n<li>Golfpl\u00e4tze sowohl zum M\u00e4hen der Gr\u00fcns als auch zum Harken der Sandbunker<\/li>\n<li>W\u00e4lder und Waldgebiete, in denen Unterholz und Gras gerodet werden m\u00fcssen<\/li>\n<li>Private Anwesen und gro\u00dfe Rasenfl\u00e4chen zur Pflege einer \u00e4sthetischen und funktionalen Landschaftsgestaltung<\/li>\n<\/ul>\n<p style=\"text-align: center;\"><img loading=\"lazy\" decoding=\"async\" class=\"alignnone wp-image-336\" src=\"https:\/\/square-balers.com\/wp-content\/uploads\/2025\/12\/ep-9GL-5.05.6-Traction-Mowing-and-Raking-Machine-3-1.webp\" alt=\"M\u00e4h- und Rechenmaschine\" width=\"447\" height=\"447\" srcset=\"https:\/\/square-balers.com\/wp-content\/uploads\/2025\/12\/ep-9GL-5.05.6-Traction-Mowing-and-Raking-Machine-3-1.webp 266w, https:\/\/square-balers.com\/wp-content\/uploads\/2025\/12\/ep-9GL-5.05.6-Traction-Mowing-and-Raking-Machine-3-1-150x150.webp 150w, https:\/\/square-balers.com\/wp-content\/uploads\/2025\/12\/ep-9GL-5.05.6-Traction-Mowing-and-Raking-Machine-3-1-12x12.webp 12w, https:\/\/square-balers.com\/wp-content\/uploads\/2025\/12\/ep-9GL-5.05.6-Traction-Mowing-and-Raking-Machine-3-1-100x100.webp 100w\" sizes=\"(max-width: 447px) 100vw, 447px\" \/><\/p>\n<h2>Wie Sie die richtige 9GL-5.05.6 Zugm\u00e4h- und Rechenmaschine ausw\u00e4hlen<\/h2>\n<h3>1. Ermitteln Sie Ihren prim\u00e4ren Anwendungsfall<\/h3>\n<p>\u00dcberlegen Sie sich, welche Art von Arbeit Sie verrichten werden \u2013 ob M\u00e4hen, Rechen oder beides. Stellen Sie sicher, dass die von Ihnen gew\u00e4hlte Maschine f\u00fcr die Gr\u00f6\u00dfe der zu bearbeitenden Fl\u00e4che sowie f\u00fcr die Beschaffenheit des Gel\u00e4ndes geeignet ist.<\/p>\n<h3>2. Motorleistung bewerten<\/h3>\n<p>F\u00fcr gro\u00dfe Grundst\u00fccke oder unwegsames Gel\u00e4nde ben\u00f6tigen Sie eine Maschine mit einem Motor h\u00f6herer PS-Zahl. Achten Sie darauf, dass die Motorleistung den Anforderungen Ihrer Arbeit entspricht, um maximale Effizienz zu gew\u00e4hrleisten.<\/p>\n<h3>3. Beurteilung der Haltbarkeit und Konstruktion<\/h3>\n<p>Achten Sie auf Maschinen aus robusten Materialien wie hochfestem Stahl und verst\u00e4rkten Kunststoffen, um eine lange Lebensdauer, insbesondere unter harten Bedingungen, zu gew\u00e4hrleisten.<\/p>\n<h3>4. Komfort und Ergonomie<\/h3>\n<p>Bei l\u00e4ngerer Nutzung der Maschine ist Komfort wichtig. W\u00e4hlen Sie ein Modell mit verstellbaren Sitzen und ergonomischen Bedienelementen, um die Belastung des Bedieners zu reduzieren.<\/p>\n<h3>5. Wartungsbedarf pr\u00fcfen<\/h3>\n<p>Manche Maschinen sind wartungsfreundlicher als andere. W\u00e4hlen Sie ein Modell, das einfache Wartung und leichten Zugang zu wichtigen Bauteilen f\u00fcr schnelle Servicearbeiten bietet.<\/p>\n<h3>6. Budget und Kosteneffizienz<\/h3>\n<p>Auch wenn Qualit\u00e4t wichtig ist, sollten Sie Ihr Budget im Auge behalten. W\u00e4hlen Sie ein Modell, das das beste Preis-Leistungs-Verh\u00e4ltnis bietet, ohne dabei auf wichtige Funktionen oder Leistung zu verzichten.<\/p>\n<h2>Wartung der 9GL-5.05.6 Zugm\u00e4h- und Rechenmaschine<\/h2>\n<p>Um die Langlebigkeit und optimale Leistung Ihrer 9GL-5.05.6 Zugm\u00e4h- und Rechenmaschine zu gew\u00e4hrleisten, ist regelm\u00e4\u00dfige Wartung unerl\u00e4sslich. Nachfolgend finden Sie einige wichtige Wartungshinweise:<\/p>\n<ul>\n<li>\u00d6l- und Kraftstofffilter regelm\u00e4\u00dfig pr\u00fcfen und gegebenenfalls austauschen, um die Motorleistung aufrechtzuerhalten.<\/li>\n<li>\u00dcberpr\u00fcfen Sie die M\u00e4h- und Rechenmesser auf Verschlei\u00df und tauschen Sie sie gegebenenfalls aus.<\/li>\n<li>Schmieren Sie bewegliche Teile wie R\u00e4der, Schaufeln und Motorkomponenten, um die Reibung zu verringern und Rost vorzubeugen.<\/li>\n<li>Reinigen Sie die Maschine nach jedem Gebrauch, um Gras, Schmutz und andere Materialien zu entfernen, die die Funktion beeintr\u00e4chtigen k\u00f6nnten.<\/li>\n<li>Stellen Sie sicher, dass das Antriebssystem frei von Hindernissen ist und f\u00fchren Sie regelm\u00e4\u00dfige Kontrollen an Riemen und Riemenscheiben durch.<\/li>\n<\/ul>\n<p style=\"text-align: center;\"><img loading=\"lazy\" decoding=\"async\" class=\"alignnone wp-image-337\" src=\"https:\/\/square-balers.com\/wp-content\/uploads\/2025\/12\/ep-9GL-5.05.6-Traction-Mowing-and-Raking-Machine-4-1.webp\" alt=\"M\u00e4h- und Rechenmaschine\" width=\"477\" height=\"477\" srcset=\"https:\/\/square-balers.com\/wp-content\/uploads\/2025\/12\/ep-9GL-5.05.6-Traction-Mowing-and-Raking-Machine-4-1.webp 269w, https:\/\/square-balers.com\/wp-content\/uploads\/2025\/12\/ep-9GL-5.05.6-Traction-Mowing-and-Raking-Machine-4-1-150x150.webp 150w, https:\/\/square-balers.com\/wp-content\/uploads\/2025\/12\/ep-9GL-5.05.6-Traction-Mowing-and-Raking-Machine-4-1-12x12.webp 12w, https:\/\/square-balers.com\/wp-content\/uploads\/2025\/12\/ep-9GL-5.05.6-Traction-Mowing-and-Raking-Machine-4-1-100x100.webp 100w\" sizes=\"(max-width: 477px) 100vw, 477px\" \/><\/p>\n<h2>Kundenrezensionen<\/h2>\n<p>1. \u201eDiese Maschine hat die Rasenpflege auf meinem Bauernhof deutlich effizienter gemacht. Die Doppelfunktion \u2013 M\u00e4hen und Rechen \u2013 ist f\u00fcr mich ein echter Durchbruch. Ich kann sie jedem mit gro\u00dfen Grundst\u00fccken w\u00e4rmstens empfehlen.\u201c<\/p>\n<p><strong>\u2013 John Doe, USA<\/strong><\/p>\n<p>2. \u201eAls Landschaftsg\u00e4rtner brauchte ich f\u00fcr mehrere Kunden ein zuverl\u00e4ssiges Ger\u00e4t, und der 9GL-5.05.6 hat meine Erwartungen \u00fcbertroffen. Er ist unglaublich robust, selbst in schwierigstem Gel\u00e4nde, und einfach zu bedienen.\u201c<\/p>\n<p><strong>\u2013 Emily Smith, Gro\u00dfbritannien<\/strong><\/p>\n<p>3. \u201eIch habe das Ger\u00e4t zur Pflege unseres Sportplatzes gekauft und es hat sich hervorragend bew\u00e4hrt. Dank seiner Vielseitigkeit lassen sich sowohl das Rasenm\u00e4hen als auch die Abfallbeseitigung viel einfacher und effizienter erledigen.\u201c<\/p>\n<p><strong>\u2013 Michael Johnson, Kanada<\/strong><\/p>\n<p>4. \u201eDa wir auf einem gro\u00dfen Grundst\u00fcck wohnen, hat uns diese Maschine die Bewirtschaftung unseres Landes deutlich erleichtert. Sie reduziert den Arbeitsaufwand und die Zeit, und die Ergebnisse sind durchweg hervorragend.\u201c<\/p>\n<p><strong>\u2013 Sarah Lee, Australien<\/strong><\/p>\n<p>5. \u201eWir nutzen dieses Ger\u00e4t f\u00fcr die Parkpflege in unserer Stadt, und die Ergebnisse sind fantastisch. Es ist wartungsarm und liefert jedes Mal ein gr\u00fcndliches Ergebnis.\u201c<\/p>\n<p><strong>\u2013 Carlos Hernandez, Spanien<\/strong><\/p>\n<h2>Warum sollten Sie sich f\u00fcr unser Produkt entscheiden?<\/h2>\n<p>Wir bieten den 9GL-5.05.6 Traction an <a href=\"https:\/\/square-balers.com\/de\/produkt\/4byq-2-6-kidneybohnen-rausreismaschine\/\">M\u00e4hen und Rechen<\/a> Maschine mit mehreren Vorteilen, die uns in der Branche auszeichnen:<\/p>\n<ul>\n<li>Schnelle Anpassungsdienste, die auf Ihre spezifischen Bed\u00fcrfnisse zugeschnitten sind<\/li>\n<li>Drei Jahre Garantie f\u00fcr sorgenfreies Einkaufen und umfassenden Kundendienst<\/li>\n<li>Weltweiter Expressversand f\u00fcr schnelle Lieferung<\/li>\n<li>Umfassender Kundendienst mit qualifizierten Technikern, die Ihnen zur Verf\u00fcgung stehen.<\/li>\n<\/ul>\n<p>Unser Unternehmen bietet Ihnen hochwertige Maschinen zu wettbewerbsf\u00e4higen Preisen. Dar\u00fcber hinaus f\u00fchren wir ein umfangreiches Sortiment an Zubeh\u00f6r und verwandten Produkten \u2013 alles, was Sie f\u00fcr Ihre Outdoor-Ausr\u00fcstung ben\u00f6tigen, finden Sie bei uns aus einer Hand. Kontaktieren Sie uns noch heute und entdecken Sie unser gesamtes Produkt- und Serviceangebot!<\/p>\n<h2>H\u00e4ufig gestellte Fragen<\/h2>\n<p><strong>1. Welche maximale Fl\u00e4che kann die 9GL-5.05.6 Zugm\u00e4her- und Rechenmaschine bearbeiten?<\/strong><\/p>\n<p>Das Modell 9GL-5.05.6 ist f\u00fcr die effiziente Bearbeitung gro\u00dfer Fl\u00e4chen konzipiert. Je nach Gel\u00e4nde und Vegetationsdichte kann es bis zu 10 Hektar Land in einem Arbeitsgang bearbeiten.<\/p>\n<p><strong>2. Wie oft sollte ich meine 9GL-5.05.6 Zugm\u00e4her- und Rechenmaschine warten?<\/strong><\/p>\n<p>Es wird empfohlen, grundlegende Wartungsarbeiten wie \u00d6lstandskontrollen und Klingeninspektionen nach jeweils 50 Betriebsstunden durchzuf\u00fchren. Gr\u00fcndlichere Kontrollen sollten alle 100 Betriebsstunden erfolgen.<\/p>\n<p><strong>3. Kann die Maschine unebenes Gel\u00e4nde bew\u00e4ltigen?<\/strong><\/p>\n<p>Ja, der 9GL-5.05.6 ist f\u00fcr optimale Leistung auf unebenem, h\u00fcgeligem und anspruchsvollem Gel\u00e4nde ausgelegt. Sein Traktionssystem gew\u00e4hrleistet Stabilit\u00e4t und Kontrolle in solchen Umgebungen.<\/p>\n<p><strong>4. Ist die Maschine auch f\u00fcr Anf\u00e4nger einfach zu bedienen?<\/strong><\/p>\n<p>Ja, die 9GL-5.05.6 wurde mit Blick auf Benutzerfreundlichkeit entwickelt. Ihre Bedienelemente sind intuitiv, und der Bediener kann problemlos zwischen M\u00e4h- und Rechenfunktionen wechseln.<\/p>\n<p><strong>5. Welche Art von Kraftstoff verwendet der 9GL-5.05.6?<\/strong><\/p>\n<p>Der 9GL-5.05.6 wird mit Standardbenzin betrieben und ist daher mit den meisten Tankstellen kompatibel und kann w\u00e4hrend des Betriebs problemlos betankt werden.<\/p>\n<p><strong>6. Kann ich den 9GL-5.05.6 gleichzeitig zum M\u00e4hen und Rechen verwenden?<\/strong><\/p>\n<p>Nein, die Maschine erledigt jede Aufgabe einzeln, erm\u00f6glicht aber ein schnelles Umschalten zwischen M\u00e4h- und Rechenfunktion und ist somit vielseitig einsetzbar.<\/p>\n<p><strong>7. Ist die 9GL-5.05.6 Zugm\u00e4her- und Rechenmaschine f\u00fcr den gewerblichen Einsatz geeignet?<\/strong><\/p>\n<p>Absolut, diese Maschine ist f\u00fcr Projekte im kommerziellen Ma\u00dfstab konzipiert und wird h\u00e4ufig im gro\u00dffl\u00e4chigen Landschaftsbau, in der Landwirtschaft und bei der Instandhaltung von Sportpl\u00e4tzen eingesetzt.<\/p>\n<p><strong>8. Wie lange h\u00e4lt der Akku des Ger\u00e4ts mit einer einzigen Ladung?<\/strong><\/p>\n<p>Der 9GL-5.05.6 wird von einem Motor angetrieben und ben\u00f6tigt keine Batterie. Dank seiner Kraftstoffeffizienz kann er \u00fcber viele Stunden betrieben werden, bevor er betankt werden muss.<\/p>\n<p><strong>9. Kann ich Ersatzteile f\u00fcr das 9GL-5.05.6 kaufen?<\/strong><\/p>\n<p>Ja, wir bieten eine Reihe von Ersatzteilen f\u00fcr den 9GL-5.05.6 an, um einen reibungslosen Betrieb zu gew\u00e4hrleisten. Kontaktieren Sie unseren Kundenservice f\u00fcr weitere Informationen.<\/p>\n<p><strong>10. Ist f\u00fcr die Maschine eine Garantie vorhanden?<\/strong><\/p>\n<p>Ja, wir bieten eine 3-j\u00e4hrige Garantie f\u00fcr das 9GL-5.05.6, damit Ihre Investition auch in den kommenden Jahren gesch\u00fctzt ist.<\/p>\n<p><strong>11. Kann ich die Maschine zur Laubsammlung verwenden?<\/strong><\/p>\n<p>Ja, die Rechenfunktion ist ideal zum Aufsammeln von Laub, Grasschnitt und anderen Abf\u00e4llen und macht das Ger\u00e4t somit vielseitig f\u00fcr verschiedene saisonale Bed\u00fcrfnisse einsetzbar.<\/p>\n<p><strong>12. Wie hoch ist die Drehzahl des 9GL-5.05.6 im Betrieb?<\/strong><\/p>\n<p>Der 9GL-5.05.6 arbeitet mit einer Geschwindigkeit von etwa 3 bis 5 Meilen pro Stunde, was optimal f\u00fcr effizientes M\u00e4hen und Rechen ist.<\/p>\n<p><strong>13. Kann die Maschine mit nassem Gras umgehen?<\/strong><\/p>\n<p>Ja, der 9GL-5.05.6 kann auch mit nassem Gras umgehen, aber f\u00fcr beste Ergebnisse hinsichtlich Schnittqualit\u00e4t und Fangleistung empfiehlt es sich, bei trockenerem Gras zu m\u00e4hen.<\/p>\n<p><strong>14. Ist das Modell 9GL-5.05.6 f\u00fcr den Wohnbereich geeignet?<\/strong><\/p>\n<p>Obwohl der 9GL-5.05.6 prim\u00e4r f\u00fcr gr\u00f6\u00dfere Gewerbe- und Landwirtschaftsfl\u00e4chen konzipiert wurde, kann er auch f\u00fcr gro\u00dfe Wohngrundst\u00fccke eingesetzt werden, bei denen der Pflegeaufwand die M\u00f6glichkeiten herk\u00f6mmlicher Rasenm\u00e4her \u00fcbersteigt.<\/p>\n<p><strong>15. Wie hoch ist das Gewicht der 9GL-5.05.6 Zugm\u00e4her- und Rechenmaschine?<\/strong><\/p>\n<p>Die Maschine wiegt etwa 500-600 kg und ist damit robust genug f\u00fcr anspruchsvolle Aufgaben, aber dennoch handlich f\u00fcr Bedienung und Transport.<\/p>\n<p>bearbeitet von gzl<\/p>","protected":false},"excerpt":{"rendered":"<p>Entdecken Sie die 9GL-5.05.6, eine mobile M\u00e4h- und Rechenmaschine, die f\u00fcr h\u00f6chste Leistung und Vielseitigkeit entwickelt wurde. Diese hochwertige Maschine bietet nahtlose M\u00e4h- und Rechenfunktionen und ist damit ideal f\u00fcr Profis in der Landschaftspflege. Dank robuster Materialien und fortschrittlicher Traktionstechnologie gew\u00e4hrleistet die 9GL-5.05.6 einen reibungslosen Betrieb auf jedem Terrain und reduziert so Zeit und Aufwand bei gro\u00dfen Projekten. Ob Sportpl\u00e4tze, Parks oder Gewerbefl\u00e4chen \u2013 diese zuverl\u00e4ssige Maschine steigert die Produktivit\u00e4t und liefert erstklassige Ergebnisse. Ihr benutzerfreundliches Design und ihre starke Leistung machen sie zur perfekten Wahl f\u00fcr alle, die bei jedem Auftrag maximale Effizienz und Qualit\u00e4t anstreben. Optimieren Sie Ihre Landschaftspflege mit der 9GL-5.05.6 \u2013 entdecken Sie mehr und sichern Sie sich Ihr Exemplar noch heute!<\/p>","protected":false},"featured_media":334,"template":"","meta":{"_et_pb_use_builder":"","_et_pb_old_content":"","_et_gb_content_width":""},"product_brand":[],"product_cat":[23],"product_tag":[],"class_list":{"0":"post-333","1":"product","2":"type-product","3":"status-publish","4":"has-post-thumbnail","6":"product_cat-mower-tedder","8":"first","9":"instock","10":"shipping-taxable","11":"product-type-simple"},"_links":{"self":[{"href":"https:\/\/square-balers.com\/de\/wp-json\/wp\/v2\/product\/333","targetHints":{"allow":["GET"]}}],"collection":[{"href":"https:\/\/square-balers.com\/de\/wp-json\/wp\/v2\/product"}],"about":[{"href":"https:\/\/square-balers.com\/de\/wp-json\/wp\/v2\/types\/product"}],"wp:featuredmedia":[{"embeddable":true,"href":"https:\/\/square-balers.com\/de\/wp-json\/wp\/v2\/media\/334"}],"wp:attachment":[{"href":"https:\/\/square-balers.com\/de\/wp-json\/wp\/v2\/media?parent=333"}],"wp:term":[{"taxonomy":"product_brand","embeddable":true,"href":"https:\/\/square-balers.com\/de\/wp-json\/wp\/v2\/product_brand?post=333"},{"taxonomy":"product_cat","embeddable":true,"href":"https:\/\/square-balers.com\/de\/wp-json\/wp\/v2\/product_cat?post=333"},{"taxonomy":"product_tag","embeddable":true,"href":"https:\/\/square-balers.com\/de\/wp-json\/wp\/v2\/product_tag?post=333"}],"curies":[{"name":"wp","href":"https:\/\/api.w.org\/{rel}","templated":true}]}}