{"id":338,"date":"2025-12-15T09:18:21","date_gmt":"2025-12-15T09:18:21","guid":{"rendered":"https:\/\/square-balers.com\/?post_type=product&#038;p=338"},"modified":"2025-12-18T03:01:43","modified_gmt":"2025-12-18T03:01:43","slug":"9gl-2-zugmah-und-rechenmaschine","status":"publish","type":"product","link":"https:\/\/square-balers.com\/de\/produkt\/9gl-2-zugmah-und-rechenmaschine\/","title":{"rendered":"9GL-2.52.9 Zugm\u00e4her und Rechenmaschine"},"content":{"rendered":"<p>Die Zugm\u00e4h- und Rechenmaschine 9GL-2.52.9 ist ein hocheffizientes Ger\u00e4t, das das M\u00e4hen und Rechen von Gras in verschiedenen landwirtschaftlichen und landschaftsg\u00e4rtnerischen Bereichen deutlich vereinfacht. Diese vielseitige Maschine kombiniert starke Zugkraft mit pr\u00e4zisen M\u00e4h- und Rechenfunktionen und eignet sich daher ideal f\u00fcr eine Vielzahl von Aufgaben in Landwirtschaft, Rasenpflege und Landschaftsbau.<\/p>\n<h2>Technische Spezifikation<\/h2>\n<table style=\"border-color: #000000;\">\n<thead>\n<tr>\n<th>Seriennummer<\/th>\n<th>Artikel<\/th>\n<th>Einheit<\/th>\n<th>Spezifikation<\/th>\n<\/tr>\n<\/thead>\n<tbody>\n<tr>\n<td>1<\/td>\n<td>Modellname<\/td>\n<td>\/<\/td>\n<td>9GL-2.5\/2.9 Zugm\u00e4her und Rechenmaschine<\/td>\n<\/tr>\n<tr>\n<td>2<\/td>\n<td>Anbindemethode<\/td>\n<td>\/<\/td>\n<td>Traktionstyp<\/td>\n<\/tr>\n<tr>\n<td>3<\/td>\n<td>Schneidwerksstrukturtyp<\/td>\n<td>\/<\/td>\n<td>Hubkolbentyp<\/td>\n<\/tr>\n<tr>\n<td>4<\/td>\n<td>Schnittbreite<\/td>\n<td>M<\/td>\n<td>2.5<\/td>\n<\/tr>\n<tr>\n<td>6<\/td>\n<td>Rechenarbeitsbreite<\/td>\n<td>M<\/td>\n<td>2.9<\/td>\n<\/tr>\n<tr>\n<td>7<\/td>\n<td>Betriebsdrehzahlbereich<\/td>\n<td>km\/h<\/td>\n<td>6~7<\/td>\n<\/tr>\n<tr>\n<td>8<\/td>\n<td>Produktivit\u00e4t<\/td>\n<td>hm\u00b2\/h<\/td>\n<td>M\u00e4hen: 1,2\u20131,44; Harken: 1,5\u20131,8<\/td>\n<\/tr>\n<tr>\n<td>9<\/td>\n<td>Durchschnittliche Stoppelh\u00f6he<\/td>\n<td>mm<\/td>\n<td>60-70<\/td>\n<\/tr>\n<tr>\n<td>10<\/td>\n<td>Anpassungsleistung<\/td>\n<td>kW<\/td>\n<td>25~55<\/td>\n<\/tr>\n<tr>\n<td>11<\/td>\n<td>Zapfwellendrehzahl<\/td>\n<td>r\/min<\/td>\n<td>540<\/td>\n<\/tr>\n<tr>\n<td>12<\/td>\n<td>Maschinengewicht<\/td>\n<td>kg<\/td>\n<td>920<\/td>\n<\/tr>\n<tr>\n<td>13<\/td>\n<td>Anzahl der Rechenz\u00e4hne<\/td>\n<td>St\u00fcck<\/td>\n<td>42<\/td>\n<\/tr>\n<tr>\n<td>14<\/td>\n<td>Abstand der Rechenz\u00e4hne<\/td>\n<td>mm<\/td>\n<td>71<\/td>\n<\/tr>\n<tr>\n<td>15<\/td>\n<td>Gesamtabmessungen des Ger\u00e4ts (L\u00e4nge \u00d7 Breite \u00d7 H\u00f6he)<\/td>\n<td>mm<\/td>\n<td>\u2013 Transportzustand: 3100\u00d72920\u00d72900<\/p>\n<div class=\"container-Uxvbjy md-box-line-break wrapper-GYqxgQ undefined\"><\/div>\n<p>\u2013 Arbeitszustand: 3100\u00d75000\u00d7950<\/td>\n<\/tr>\n<tr>\n<td>18<\/td>\n<td>Anzahl der beweglichen Klingen<\/td>\n<td>St\u00fcck<\/td>\n<td>34<\/td>\n<\/tr>\n<\/tbody>\n<\/table>\n<h2>Produktdefinition<\/h2>\n<p>Die 9GL-2.52.9 Zugm\u00e4h- und Rechenmaschine ist eine robuste Maschine, die f\u00fcr das gleichzeitige M\u00e4hen und Rechen konzipiert wurde. Sie bew\u00e4ltigt m\u00fchelos unterschiedliches Gel\u00e4nde und bietet Vielseitigkeit und Effizienz. Diese Maschine wird h\u00e4ufig in der Landwirtschaft, der Rasenpflege und f\u00fcr andere gro\u00dffl\u00e4chige Au\u00dfenarbeiten eingesetzt und erm\u00f6glicht es dem Bediener, gro\u00dfe Rasenfl\u00e4chen mit minimalem Aufwand und hoher Pr\u00e4zision zu bearbeiten.<\/p>\n<p style=\"text-align: center;\">\u00a0<img loading=\"lazy\" decoding=\"async\" class=\"alignnone size-full wp-image-341\" src=\"https:\/\/square-balers.com\/wp-content\/uploads\/2025\/12\/ep-9GL-2.52.9-Traction-Mowing-and-Raking-Machine-3-1.webp\" alt=\"M\u00e4h- und Rechenmaschine\" width=\"250\" height=\"250\" srcset=\"https:\/\/square-balers.com\/wp-content\/uploads\/2025\/12\/ep-9GL-2.52.9-Traction-Mowing-and-Raking-Machine-3-1.webp 250w, https:\/\/square-balers.com\/wp-content\/uploads\/2025\/12\/ep-9GL-2.52.9-Traction-Mowing-and-Raking-Machine-3-1-150x150.webp 150w, https:\/\/square-balers.com\/wp-content\/uploads\/2025\/12\/ep-9GL-2.52.9-Traction-Mowing-and-Raking-Machine-3-1-12x12.webp 12w, https:\/\/square-balers.com\/wp-content\/uploads\/2025\/12\/ep-9GL-2.52.9-Traction-Mowing-and-Raking-Machine-3-1-100x100.webp 100w\" sizes=\"(max-width: 250px) 100vw, 250px\" \/><\/p>\n<h2>Behandelte Probleme und Anwendungsbereiche<\/h2>\n<p>Die 9GL-2.52.9 Zugm\u00e4her- und Rechenmaschine geht auf verschiedene Herausforderungen ein, denen sich Grundst\u00fccksbesitzer, Landwirte und Landschaftsg\u00e4rtner gegen\u00fcbersehen:<\/p>\n<ul>\n<li><strong>Zeiteffizienz:<\/strong> Herk\u00f6mmliche M\u00e4h- und Rechenmethoden sind zeitaufw\u00e4ndig. Diese Maschine vereint beide Arbeitsschritte in einem Ger\u00e4t und reduziert so den Zeitaufwand bei gro\u00dffl\u00e4chigen Landschaftspflege- oder Landwirtschaftsarbeiten erheblich.<\/li>\n<li><strong>Arbeitskosten:<\/strong> Durch die Automatisierung zweier kritischer Aufgaben reduziert der 9GL-2.52.9 den Bedarf an mehreren Mitarbeitern, was die gesamten Arbeitskosten senkt.<\/li>\n<li><strong>Pr\u00e4zision und Konsistenz:<\/strong> Die Maschine liefert gleichm\u00e4\u00dfige Ergebnisse und gew\u00e4hrleistet einen gleichm\u00e4\u00dfigen Schnitt und eine gleichm\u00e4\u00dfige Harke, was f\u00fcr eine \u00e4sthetische Rasenpflege oder eine effiziente Pflanzenbewirtschaftung unerl\u00e4sslich ist.<\/li>\n<li><strong>Vielseitigkeit:<\/strong> Das Modell 9GL-2.52.9 ist f\u00fcr den Einsatz in unterschiedlichem Gel\u00e4nde konzipiert und eignet sich daher f\u00fcr vielf\u00e4ltige Anwendungen, von flachen Feldern bis hin zu leicht geneigten Bereichen.<\/li>\n<li><strong>Haltbarkeit:<\/strong> Diese Maschine wurde f\u00fcr den Einsatz unter h\u00e4rtesten Bedingungen entwickelt und eignet sich ideal f\u00fcr anspruchsvolle landwirtschaftliche und landschaftsbauliche Arbeiten.<\/li>\n<\/ul>\n<h2>Produktvorteile<\/h2>\n<p>Die 9GL-2.52.9 Zugm\u00e4her- und Rechenmaschine bietet eine Reihe von Vorteilen, die sie zu einem unverzichtbaren Werkzeug f\u00fcr moderne Landwirtschafts- und Landschaftspflegearbeiten machen:<\/p>\n<ul>\n<li><strong>Hohe Zugkraft:<\/strong> Ausgestattet mit einer starken Traktion gew\u00e4hrleistet die Maschine einen stabilen Betrieb auch auf unebenem oder schwierigem Gel\u00e4nde. Sie liefert eine konstante Leistung f\u00fcr M\u00e4h- und Rechenmechanismus und reduziert so den Bedarf an manuellen Eingriffen.<\/li>\n<li><strong>Doppelfunktionalit\u00e4t:<\/strong> Im Gegensatz zu herk\u00f6mmlichen Maschinen m\u00e4ht und harkt dieses Modell gleichzeitig, was Zeit spart und die Effizienz steigert. Dank dieser Doppelfunktion ist es eine Komplettl\u00f6sung f\u00fcr die Rasenpflege und die Feldbewirtschaftung.<\/li>\n<li><strong>Anpassbare Einstellungen:<\/strong> Die Bediener k\u00f6nnen die Einstellungen f\u00fcr H\u00f6he und Geschwindigkeit an die jeweiligen Anforderungen anpassen und so Flexibilit\u00e4t f\u00fcr verschiedene Aufgaben wie Rasenm\u00e4hen, Heuharken oder allgemeine Rasenpflege gew\u00e4hrleisten.<\/li>\n<li><strong>Robuste Konstruktion:<\/strong> Das Modell 9GL-2.52.9 ist aus hochwertigen Materialien gefertigt und h\u00e4lt auch rauen Bedingungen stand, wodurch eine dauerhafte Leistungsf\u00e4higkeit selbst in anspruchsvollen Umgebungen gew\u00e4hrleistet wird.<\/li>\n<li><strong>Umweltfreundlich:<\/strong> Diese Maschine ist auf Energieeffizienz ausgelegt und verbraucht weniger Kraftstoff bei gleichzeitig hoher Produktivit\u00e4t, wodurch sie eine umweltfreundlichere Option f\u00fcr die Landbewirtschaftung darstellt.<\/li>\n<\/ul>\n<h2>Funktionsweise der 9GL-2.52.9 Zugm\u00e4h- und Rechenmaschine<\/h2>\n<p>Der 9GL-2.52.9 arbeitet mit einem hocheffizienten System, das Traktion, M\u00e4hwerk und Rechenmechanismus integriert. Das Traktionssystem sorgt f\u00fcr einen reibungslosen Vortrieb und erm\u00f6glicht so ein m\u00fcheloses Arbeiten auf unterschiedlichen Untergr\u00fcnden. Gleichzeitig schneiden die scharfen und langlebigen Messer des M\u00e4hdecks das Gras effizient. Der Rechenmechanismus sammelt mit rotierenden Zinken das Schnittgut \u2013 Gras, Heu oder sonstige Abf\u00e4lle \u2013 in ordentlichen Reihen, sodass es leicht aufgenommen oder entsorgt werden kann. Dieses integrierte System reduziert Zeit und Aufwand bei gleichzeitig hoher Qualit\u00e4t der Ergebnisse.<\/p>\n<h2>Haupteinsatzgebiete der 9GL-2.52.9 Zugm\u00e4her- und Rechenmaschine<\/h2>\n<p>Das Modell 9GL-2.52.9 ist vielseitig einsetzbar und eignet sich daher f\u00fcr verschiedene Anwendungsbereiche:<\/p>\n<ul>\n<li><strong>Landwirtschaftliche Nutzung:<\/strong> Diese Maschine eignet sich ideal zum M\u00e4hen und Rechen von Gras oder Heu auf gro\u00dfen Feldern und tr\u00e4gt zur Steigerung der Produktivit\u00e4t in landwirtschaftlichen Betrieben bei.<\/li>\n<li><strong>Rasenpflege:<\/strong> Ideal f\u00fcr die Pflege gro\u00dfer Rasenfl\u00e4chen, Parks und Erholungsgebiete, sorgt f\u00fcr einen gleichm\u00e4\u00dfigen Schnitt und ein ordentlich geharktes Gras.<\/li>\n<li><strong>Sportplatzpflege:<\/strong> Ideal f\u00fcr Sportpl\u00e4tze, wo Pr\u00e4zision und gleichm\u00e4\u00dfige Grash\u00f6he f\u00fcr Bespielbarkeit und Aussehen entscheidend sind.<\/li>\n<li><strong>Golfplatzmanagement:<\/strong> Die schonende, aber dennoch effektive M\u00e4h- und Rechenfunktion der Maschine macht sie perfekt f\u00fcr die Golfplatzpflege.<\/li>\n<li><strong>Landschaftsgestaltung:<\/strong> Bauunternehmer und Landschaftsg\u00e4rtner nutzen diese Maschine, um private und gewerbliche Landschaftsbauprojekte effizient zu verwalten und instand zu halten.<\/li>\n<li><strong>Forstwirtschaft:<\/strong> Es kann auch zur Rodung von Gras oder anderer Vegetation in der Forstwirtschaft eingesetzt werden, um die Bodenvorbereitung f\u00fcr die Anpflanzung oder andere Aktivit\u00e4ten zu verbessern.<\/li>\n<\/ul>\n<p style=\"text-align: center;\"><img loading=\"lazy\" decoding=\"async\" class=\"alignnone wp-image-342\" src=\"https:\/\/square-balers.com\/wp-content\/uploads\/2025\/12\/ep-9GL-2.52.9-Traction-Mowing-and-Raking-Machine-4-1.webp\" alt=\"M\u00e4h- und Rechenmaschine\" width=\"430\" height=\"430\" srcset=\"https:\/\/square-balers.com\/wp-content\/uploads\/2025\/12\/ep-9GL-2.52.9-Traction-Mowing-and-Raking-Machine-4-1.webp 242w, https:\/\/square-balers.com\/wp-content\/uploads\/2025\/12\/ep-9GL-2.52.9-Traction-Mowing-and-Raking-Machine-4-1-150x150.webp 150w, https:\/\/square-balers.com\/wp-content\/uploads\/2025\/12\/ep-9GL-2.52.9-Traction-Mowing-and-Raking-Machine-4-1-12x12.webp 12w, https:\/\/square-balers.com\/wp-content\/uploads\/2025\/12\/ep-9GL-2.52.9-Traction-Mowing-and-Raking-Machine-4-1-100x100.webp 100w\" sizes=\"(max-width: 430px) 100vw, 430px\" \/><\/p>\n<h2>Wie Sie die richtige 9GL-2.52.9 Zugm\u00e4h- und Rechenmaschine ausw\u00e4hlen<\/h2>\n<p>Bei der Auswahl des richtigen 9GL-2.52.9 m\u00fcssen unbedingt folgende Faktoren ber\u00fccksichtigt werden:<\/p>\n<ul>\n<li><strong>Gel\u00e4ndetyp:<\/strong> Wenn Sie auf unebenem oder h\u00fcgeligem Gel\u00e4nde arbeiten, suchen Sie nach einem Modell mit starker Traktion.<\/li>\n<li><strong>Gr\u00f6\u00dfe des Arbeitsbereichs:<\/strong> F\u00fcr gr\u00f6\u00dfere Fl\u00e4chen wird eine Maschine mit gr\u00f6\u00dferer Schnittbreite und effizientem Rechenmechanismus ben\u00f6tigt.<\/li>\n<li><strong>Kraftstoffeffizienz:<\/strong> Stellen Sie sicher, dass die Maschine einen effizienten Kraftstoffverbrauch aufweist, um langfristig Kosten zu sparen.<\/li>\n<li><strong>Wartungsanforderungen:<\/strong> Ziehen Sie Maschinen in Betracht, die weniger Wartung ben\u00f6tigen oder leicht zug\u00e4ngliche Ersatzteile f\u00fcr Reparaturen bieten.<\/li>\n<li><strong>Bedienerkomfort:<\/strong> Achten Sie auf Modelle, die eine einfache Handhabung, verstellbare Funktionen und Bedienersicherheit bieten, um den Komfort bei l\u00e4ngerem Einsatz zu erh\u00f6hen.<\/li>\n<li><strong>Budget:<\/strong> W\u00e4hlen Sie ein Modell, das in Ihr Budget passt und gleichzeitig die erforderlichen Leistungs- und Haltbarkeitsanforderungen erf\u00fcllt.<\/li>\n<\/ul>\n<h2>Wartung der 9GL-2.52.9 Zugm\u00e4h- und Rechenmaschine<\/h2>\n<p>Eine ordnungsgem\u00e4\u00dfe Wartung gew\u00e4hrleistet die Langlebigkeit und optimale Leistung des 9GL-2.52.9:<\/p>\n<ul>\n<li><strong>Regelm\u00e4\u00dfige Reinigung:<\/strong> Reinigen Sie nach jedem Gebrauch das M\u00e4hdeck und die Rechenzinken, um Grasansammlungen zu vermeiden, die zu Verstopfungen und verminderter Leistungsf\u00e4higkeit f\u00fchren k\u00f6nnen.<\/li>\n<li><strong>Auf Verschlei\u00df pr\u00fcfen:<\/strong> \u00dcberpr\u00fcfen Sie die Klingen und Zinken regelm\u00e4\u00dfig auf Verschlei\u00dferscheinungen. Ersetzen Sie alle Teile, die erhebliche Besch\u00e4digungen oder Abnutzungserscheinungen aufweisen.<\/li>\n<li><strong>Schmierung:<\/strong> Alle beweglichen Teile sollten gut geschmiert sein, um die Reibung zu verringern und vorzeitigen Verschlei\u00df an kritischen Bauteilen zu verhindern.<\/li>\n<li><strong>Kraftstoff- und \u00d6lstand pr\u00fcfen:<\/strong> Achten Sie stets darauf, dass der Kraftstofftank mit dem geeigneten Kraftstoff bef\u00fcllt ist und der \u00d6lstand im empfohlenen Bereich liegt.<\/li>\n<li><strong>Reifen pr\u00fcfen:<\/strong> Stellen Sie sicher, dass die Reifen in gutem Zustand sind und den richtigen Reifendruck haben, um Stabilit\u00e4t und Traktion zu gew\u00e4hrleisten.<\/li>\n<\/ul>\n<h2>Kundenrezensionen<\/h2>\n<p>Hier einige Stimmen von Kunden aus verschiedenen Teilen der Welt zur 9GL-2.52.9 Traktionsm\u00e4her- und Rechenmaschine:<\/p>\n<p>\u201eDiese Maschine hat mir die Arbeit auf dem Bauernhof sehr erleichtert. Ich kann gleichzeitig m\u00e4hen und rechen, was mir viel Zeit spart. Sie kommt gut mit unebenem Gel\u00e4nde zurecht und ist einfach zu bedienen.\u201c<\/p>\n<p>– <strong>John Doe, USA<\/strong><\/p>\n<p>\u201eF\u00fcr mich als Landschaftsg\u00e4rtner ist dies das perfekte Werkzeug zur Pflege gro\u00dfer Grundst\u00fccke. Es ist langlebig, effizient und reduziert die Arbeitskosten erheblich. Ich empfehle es jedem, der in der Rasenpflegebranche t\u00e4tig ist.\u201c<\/p>\n<p>– <strong>Jane Smith, Vereinigtes K\u00f6nigreich<\/strong><\/p>\n<p>\u201eIch benutze diese Maschine jetzt seit einigen Monaten und bin von ihrer Leistung sehr beeindruckt. Sie kommt selbst mit dem widerstandsf\u00e4higsten Gras problemlos zurecht.\u201c<\/p>\n<p>– <strong>Alex Wang, Australien<\/strong><\/p>\n<p>\u201eDer 9GL-2.52.9 ist zu einem unverzichtbaren Bestandteil meiner landwirtschaftlichen Ausr\u00fcstung geworden. Ich kann m\u00e4hen und rechen in einem Arbeitsgang, und der Kraftstoffverbrauch ist hervorragend. Er spart mir wirklich viel Zeit.\u201c<\/p>\n<p>– <strong>Maria Lopez, Mexiko<\/strong><\/p>\n<p>\u201eDieses Produkt ist ein echter Wendepunkt f\u00fcr mein Golfplatz-Pflegeteam. Das gleichm\u00e4\u00dfig geschnittene und geharkte Gras ist entscheidend f\u00fcr die \u00c4sthetik und Bespielbarkeit des Platzes.\u201c<\/p>\n<p>– <strong>Kevin Brown, Kanada<\/strong><\/p>\n<p style=\"text-align: center;\"><img loading=\"lazy\" decoding=\"async\" class=\"wp-image-340 aligncenter\" src=\"https:\/\/square-balers.com\/wp-content\/uploads\/2025\/12\/ep-9GL-2.52.9-Traction-Mowing-and-Raking-Machine-2-1.webp\" alt=\"M\u00e4h- und Rechenmaschine\" width=\"476\" height=\"476\" srcset=\"https:\/\/square-balers.com\/wp-content\/uploads\/2025\/12\/ep-9GL-2.52.9-Traction-Mowing-and-Raking-Machine-2-1.webp 254w, https:\/\/square-balers.com\/wp-content\/uploads\/2025\/12\/ep-9GL-2.52.9-Traction-Mowing-and-Raking-Machine-2-1-150x150.webp 150w, https:\/\/square-balers.com\/wp-content\/uploads\/2025\/12\/ep-9GL-2.52.9-Traction-Mowing-and-Raking-Machine-2-1-12x12.webp 12w, https:\/\/square-balers.com\/wp-content\/uploads\/2025\/12\/ep-9GL-2.52.9-Traction-Mowing-and-Raking-Machine-2-1-100x100.webp 100w\" sizes=\"(max-width: 476px) 100vw, 476px\" \/><\/p>\n<h2>Warum Sie sich f\u00fcr unsere Produkte entscheiden sollten<\/h2>\n<p>Wahl unseres 9GL-2.52.9 Traction <a href=\"https:\/\/square-balers.com\/de\/produkt\/4byq-2-6-kidneybohnen-rausreismaschine\/\">M\u00e4h- und Rechenmaschine<\/a> Das bedeutet schnelle Anpassungsm\u00f6glichkeiten, erstklassigen Service und absolute Sicherheit. Wir bieten 3 Jahre Garantie und sorgen f\u00fcr unkomplizierten Kundendienst. Dank unseres weltweiten Versands k\u00f6nnen wir Ihre Bestellung schnell bearbeiten, egal wo Sie sich befinden \u2013 und bieten Ihnen exzellenten Kundenservice f\u00fcr jeden Kauf. Bei uns erhalten Sie garantiert hochwertige Produkte zu wettbewerbsf\u00e4higen Preisen und einen engagierten Kundendienst.<\/p>\n<p>Wir sind ein f\u00fchrender Hersteller von Land- und Landschaftsbaumaschinen und spezialisiert auf leistungsstarke, langlebige und vielseitige Ger\u00e4te. Qualit\u00e4t und Kundenzufriedenheit stehen bei uns an erster Stelle. Neben der 9GL-2.52.9 Zugm\u00e4h- und Rechenmaschine bieten wir Ihnen auch eine Reihe kompatibler Zubeh\u00f6rteile und verwandter Produkte zur Optimierung Ihrer Arbeitsabl\u00e4ufe. Kontaktieren Sie uns noch heute, um die besten Angebote zu entdecken und sorgenfrei zu kaufen!<\/p>\n<h2>H\u00e4ufig gestellte Fragen<\/h2>\n<ol>\n<li><strong>Was macht die 9GL-2.52.9 so einzigartig?<\/strong><br \/>\nDer 9GL-2.52.9 vereint M\u00e4h- und Rechenfunktionen in einer Maschine, wodurch der Bedarf an mehreren Ger\u00e4ten reduziert und die betriebliche Effizienz gesteigert wird.<\/li>\n<li><strong>Kann diese Maschine unterschiedliche Gel\u00e4ndearten bew\u00e4ltigen?<\/strong><br \/>\nJa, der 9GL-2.52.9 ist dank seines leistungsstarken Traktionssystems f\u00fcr den Einsatz auf unterschiedlichem Terrain ausgelegt, von flachen Feldern bis hin zu leicht geneigten Gebieten.<\/li>\n<li><strong>Wie viel Kraftstoff verbraucht der 9GL-2.52.9?<\/strong><br \/>\nDer Kraftstoffverbrauch h\u00e4ngt vom Gel\u00e4nde und der Nutzungsintensit\u00e4t ab, aber die Maschine ist auf Kraftstoffeffizienz ausgelegt, wodurch Sie langfristig Kosten sparen.<\/li>\n<li><strong>Ist das 9GL-2.52.9 einfach zu bedienen?<\/strong><br \/>\nJa, das Modell 9GL-2.52.9 ist benutzerfreundlich und verf\u00fcgt \u00fcber einstellbare Parameter f\u00fcr H\u00f6he und Geschwindigkeit, wodurch es sich leicht an spezifische Aufgaben anpassen l\u00e4sst.<\/li>\n<li><strong>Wie warte ich die Version 9GL-2.52.9?<\/strong><br \/>\nDie regelm\u00e4\u00dfige Reinigung, Schmierung und Inspektion von Teilen wie Klingen und Reifen ist unerl\u00e4sslich, um die optimale Leistung der Maschine aufrechtzuerhalten.<\/li>\n<li><strong>Welche Schnittbreite hat die 9GL-2.52.9?<\/strong><br \/>\nDer 9GL-2.52.9 verf\u00fcgt \u00fcber eine einstellbare Schnittbreite, sodass der Bediener ihn optimal f\u00fcr kleine und gro\u00dfe Gras- oder Heufl\u00e4chen einsetzen kann.<\/li>\n<li><strong>Kann ich diese Maschine sowohl f\u00fcr nasse als auch f\u00fcr trockene Bedingungen verwenden?<\/strong><br \/>\nJa, der 9GL-2.52.9 funktioniert sowohl bei trockenen als auch bei m\u00e4\u00dfig feuchten Bedingungen gut. Es wird jedoch empfohlen, stark verschmutzte Gebiete zu meiden.<\/li>\n<li><strong>Welche Art von Klingen verwendet das Modell 9GL-2.52.9?<\/strong><br \/>\nDie Maschine verwendet langlebige Stahlklingen, die so konstruiert sind, dass sie \u00fcber einen l\u00e4ngeren Zeitraum scharf bleiben und so saubere und pr\u00e4zise Schnitte f\u00fcr Gras und Heu erm\u00f6glichen.<\/li>\n<li><strong>Wie oft sollte ich das \u00d6l im 9GL-2.52.9 wechseln?<\/strong><br \/>\nEs wird empfohlen, das \u00d6l nach jeweils 100 Betriebsstunden zu wechseln, um eine optimale Motorleistung zu gew\u00e4hrleisten.<\/li>\n<li><strong>Gibt es eine Garantie f\u00fcr das 9GL-2.52.9?<\/strong><br \/>\nJa, wir gew\u00e4hren eine 3-j\u00e4hrige Garantie auf die 9GL-2.52.9 Traktionsm\u00e4her- und Rechenmaschine und gew\u00e4hrleisten so Qualit\u00e4t und Unterst\u00fctzung f\u00fcr Ihre Investition.<\/li>\n<li><strong>Kann diese Maschine f\u00fcr kommerzielle Zwecke genutzt werden?<\/strong><br \/>\nJa, das Modell 9GL-2.52.9 eignet sich hervorragend f\u00fcr gewerbliche Anwendungen wie Landschaftsbau und gro\u00dffl\u00e4chige Landwirtschaft.<\/li>\n<li><strong>Woran erkenne ich, ob das 9GL-2.52.9 f\u00fcr meine Bed\u00fcrfnisse geeignet ist?<\/strong><br \/>\nErmitteln Sie anhand der Gr\u00f6\u00dfe Ihres Arbeitsbereichs, der Beschaffenheit des Gel\u00e4ndes und der Nutzungsh\u00e4ufigkeit, ob dieses Modell Ihren Anforderungen entspricht.<\/li>\n<li><strong>Ist das 9GL-2.52.9 leicht zu transportieren?<\/strong><br \/>\nJa, der 9GL-2.52.9 ist so konzipiert, dass er leicht zu transportieren ist und dank seiner kompakten Bauweise auf verschiedenen Anh\u00e4ngern oder Fahrzeugen transportiert werden kann.<\/li>\n<li><strong>Ist f\u00fcr die Bedienung der Maschine eine spezielle Schulung erforderlich?<\/strong><br \/>\nDas Ger\u00e4t ist zwar benutzerfreundlich, dennoch tr\u00e4gt ein grundlegendes Verst\u00e4ndnis von Maschinen und ihren Funktionen zu mehr Sicherheit und Effizienz bei. Bedienungsanleitungen sind zur Orientierung beigef\u00fcgt.<\/li>\n<li><strong>Wo kann ich die 9GL-2.52.9 kaufen?<\/strong><br \/>\nSie k\u00f6nnen das 9GL-2.52.9 direkt bei uns oder \u00fcber autorisierte H\u00e4ndler weltweit erwerben. Bitte kontaktieren Sie uns f\u00fcr weitere Informationen.<\/li>\n<\/ol>\n<p>bearbeitet von gzl<\/p>","protected":false},"excerpt":{"rendered":"<p>Wir pr\u00e4sentieren die 9GL-2.52.9 \u2013 die ultimative L\u00f6sung f\u00fcr effiziente Rasenpflege und Landschaftsgestaltung. Diese pr\u00e4zise konstruierte, leistungsstarke Maschine vereint M\u00e4hen und Rechen in einem Ger\u00e4t und spart Ihnen so Zeit und M\u00fche. Ihre robuste Bauweise garantiert Langlebigkeit und Zuverl\u00e4ssigkeit, w\u00e4hrend das fortschrittliche Traktionssystem f\u00fcr reibungsloses Arbeiten auf unterschiedlichem Terrain sorgt. Die 9GL-2.52.9 ist ideal f\u00fcr Profis und Landschaftsg\u00e4rtner und bietet au\u00dfergew\u00f6hnliche Leistung \u2013 eine unverzichtbare Erg\u00e4nzung f\u00fcr Ihren Ger\u00e4tepark. Steigern Sie Ihre Produktivit\u00e4t und erzielen Sie m\u00fchelos erstklassige Ergebnisse. Entdecken Sie noch heute die Vorteile der 9GL-2.52.9 und revolutionieren Sie Ihre Landschaftspflege!<\/p>","protected":false},"featured_media":339,"template":"","meta":{"_et_pb_use_builder":"","_et_pb_old_content":"","_et_gb_content_width":""},"product_brand":[],"product_cat":[23],"product_tag":[],"class_list":{"0":"post-338","1":"product","2":"type-product","3":"status-publish","4":"has-post-thumbnail","6":"product_cat-mower-tedder","8":"first","9":"instock","10":"shipping-taxable","11":"product-type-simple"},"_links":{"self":[{"href":"https:\/\/square-balers.com\/de\/wp-json\/wp\/v2\/product\/338","targetHints":{"allow":["GET"]}}],"collection":[{"href":"https:\/\/square-balers.com\/de\/wp-json\/wp\/v2\/product"}],"about":[{"href":"https:\/\/square-balers.com\/de\/wp-json\/wp\/v2\/types\/product"}],"wp:featuredmedia":[{"embeddable":true,"href":"https:\/\/square-balers.com\/de\/wp-json\/wp\/v2\/media\/339"}],"wp:attachment":[{"href":"https:\/\/square-balers.com\/de\/wp-json\/wp\/v2\/media?parent=338"}],"wp:term":[{"taxonomy":"product_brand","embeddable":true,"href":"https:\/\/square-balers.com\/de\/wp-json\/wp\/v2\/product_brand?post=338"},{"taxonomy":"product_cat","embeddable":true,"href":"https:\/\/square-balers.com\/de\/wp-json\/wp\/v2\/product_cat?post=338"},{"taxonomy":"product_tag","embeddable":true,"href":"https:\/\/square-balers.com\/de\/wp-json\/wp\/v2\/product_tag?post=338"}],"curies":[{"name":"wp","href":"https:\/\/api.w.org\/{rel}","templated":true}]}}