{"id":230,"date":"2025-11-24T09:48:04","date_gmt":"2025-11-24T09:48:04","guid":{"rendered":"https:\/\/square-balers.com\/?post_type=product&#038;p=230"},"modified":"2025-12-18T03:02:34","modified_gmt":"2025-12-18T03:02:34","slug":"maquina-para-arrancar-frijoles-rojos-4byh-3-25","status":"publish","type":"product","link":"https:\/\/square-balers.com\/es\/producto\/maquina-para-arrancar-frijoles-rojos-4byh-3-25\/","title":{"rendered":"Desbrozadora de frijoles tipo 4BYH-3.25 (5 surcos)"},"content":{"rendered":"<p data-start=\"306\" data-end=\"335\">La desarraigadora de frijol rojo tipo 4BYH-3.25 (5 surcos) es una m\u00e1quina agr\u00edcola avanzada dise\u00f1ada para optimizar la eficiencia de la cosecha de frijol. Esta m\u00e1quina est\u00e1 dise\u00f1ada espec\u00edficamente para la cosecha de frijol rojo, minimizando los da\u00f1os al cultivo y haci\u00e9ndola ideal para operaciones agr\u00edcolas a gran escala. Cuenta con cinco surcos para garantizar un rendimiento \u00f3ptimo en diversas condiciones de campo.<\/p>\n<h2 data-start=\"306\" data-end=\"335\">Especificaciones t\u00e9cnicas<\/h2>\n<div class=\"_tableContainer_1rjym_1\">\n<div class=\"group _tableWrapper_1rjym_13 flex w-fit flex-col-reverse\" tabindex=\"-1\">\n<table class=\"w-fit min-w-(--thread-content-width)\" style=\"border-color: #000000;\" data-start=\"337\" data-end=\"1514\">\n<thead data-start=\"337\" data-end=\"418\">\n<tr data-start=\"337\" data-end=\"418\">\n<th data-start=\"337\" data-end=\"367\" data-col-size=\"sm\">Art\u00edculo<\/th>\n<th data-start=\"367\" data-end=\"384\" data-col-size=\"sm\">Unidad<\/th>\n<th data-start=\"384\" data-end=\"418\" data-col-size=\"md\">Especificaci\u00f3n<\/th>\n<\/tr>\n<\/thead>\n<tbody data-start=\"501\" data-end=\"1514\">\n<tr data-start=\"501\" data-end=\"603\">\n<td data-start=\"501\" data-end=\"532\" data-col-size=\"sm\">Nombre del modelo<\/td>\n<td data-col-size=\"sm\" data-start=\"532\" data-end=\"549\">–<\/td>\n<td data-col-size=\"md\" data-start=\"549\" data-end=\"603\">Desbrozadora de frijoles 4BYH-3.25 (5 surcos)<\/td>\n<\/tr>\n<tr data-start=\"604\" data-end=\"685\">\n<td data-start=\"604\" data-end=\"635\" data-col-size=\"sm\">M\u00e9todo de conexi\u00f3n<\/td>\n<td data-col-size=\"sm\" data-start=\"635\" data-end=\"652\">–<\/td>\n<td data-col-size=\"md\" data-start=\"652\" data-end=\"685\">Tipo de tracci\u00f3n<\/td>\n<\/tr>\n<tr data-start=\"686\" data-end=\"767\">\n<td data-start=\"686\" data-end=\"717\" data-col-size=\"sm\">Mecanismo de recogida<\/td>\n<td data-col-size=\"sm\" data-start=\"717\" data-end=\"734\">–<\/td>\n<td data-col-size=\"md\" data-start=\"734\" data-end=\"767\">Tipo resorte<\/td>\n<\/tr>\n<tr data-start=\"768\" data-end=\"850\">\n<td data-start=\"768\" data-end=\"799\" data-col-size=\"sm\">Ancho de trabajo<\/td>\n<td data-col-size=\"sm\" data-start=\"799\" data-end=\"816\">metro<\/td>\n<td data-col-size=\"md\" data-start=\"816\" data-end=\"850\">3.25<\/td>\n<\/tr>\n<tr data-start=\"851\" data-end=\"933\">\n<td data-start=\"851\" data-end=\"882\" data-col-size=\"sm\">Gama de fuentes de alimentaci\u00f3n<\/td>\n<td data-col-size=\"sm\" data-start=\"882\" data-end=\"899\">kW<\/td>\n<td data-col-size=\"md\" data-start=\"899\" data-end=\"933\">103-132<\/td>\n<\/tr>\n<tr data-start=\"934\" data-end=\"1016\">\n<td data-start=\"934\" data-end=\"965\" data-col-size=\"sm\">Rango de velocidad de trabajo<\/td>\n<td data-col-size=\"sm\" data-start=\"965\" data-end=\"982\">kil\u00f3metros por hora<\/td>\n<td data-col-size=\"md\" data-start=\"982\" data-end=\"1016\">6-10<\/td>\n<\/tr>\n<tr data-start=\"1017\" data-end=\"1099\">\n<td data-start=\"1017\" data-end=\"1048\" data-col-size=\"sm\">Dimensiones generales<\/td>\n<td data-col-size=\"sm\" data-start=\"1048\" data-end=\"1065\">mm<\/td>\n<td data-col-size=\"md\" data-start=\"1065\" data-end=\"1099\">3800\u00d73400\u00d71500<\/td>\n<\/tr>\n<tr data-start=\"1100\" data-end=\"1182\">\n<td data-start=\"1100\" data-end=\"1131\" data-col-size=\"sm\">Velocidad de salida de potencia<\/td>\n<td data-col-size=\"sm\" data-start=\"1131\" data-end=\"1148\">r\/min<\/td>\n<td data-col-size=\"md\" data-start=\"1148\" data-end=\"1182\">540<\/td>\n<\/tr>\n<tr data-start=\"1183\" data-end=\"1265\">\n<td data-start=\"1183\" data-end=\"1214\" data-col-size=\"sm\">Distancia entre ruedas<\/td>\n<td data-col-size=\"sm\" data-start=\"1214\" data-end=\"1231\">mm<\/td>\n<td data-col-size=\"md\" data-start=\"1231\" data-end=\"1265\">3250<\/td>\n<\/tr>\n<tr data-start=\"1266\" data-end=\"1348\">\n<td data-start=\"1266\" data-end=\"1297\" data-col-size=\"sm\">Eficiencia de producci\u00f3n<\/td>\n<td data-col-size=\"sm\" data-start=\"1297\" data-end=\"1314\">hm\u00b2\/h<\/td>\n<td data-col-size=\"md\" data-start=\"1314\" data-end=\"1348\">1.95-3.25<\/td>\n<\/tr>\n<tr data-start=\"1349\" data-end=\"1431\">\n<td data-start=\"1349\" data-end=\"1380\" data-col-size=\"sm\">Conteo de operadores<\/td>\n<td data-col-size=\"sm\" data-start=\"1380\" data-end=\"1397\">gente<\/td>\n<td data-col-size=\"md\" data-start=\"1397\" data-end=\"1431\">1<\/td>\n<\/tr>\n<tr data-start=\"1432\" data-end=\"1514\">\n<td data-start=\"1432\" data-end=\"1463\" data-col-size=\"sm\">Peso total de la m\u00e1quina<\/td>\n<td data-col-size=\"sm\" data-start=\"1463\" data-end=\"1480\">kilogramo<\/td>\n<td data-col-size=\"md\" data-start=\"1480\" data-end=\"1514\">1540<\/td>\n<\/tr>\n<\/tbody>\n<\/table>\n<h2>Definici\u00f3n del producto<\/h2>\n<\/div>\n<\/div>\n<p>La desgranadora de frijol rojo tipo 4BYH-3.25 (5 surcos) es una herramienta agr\u00edcola altamente eficiente para el desgranado de frijol rojo. Su exclusivo dise\u00f1o de cinco surcos facilita la separaci\u00f3n y cosecha del frijol, minimizando los da\u00f1os al cultivo. Esta m\u00e1quina es ideal para la producci\u00f3n agr\u00edcola a gran escala, con el objetivo de mejorar la eficiencia de la cosecha y reducir los costos de mano de obra.<\/p>\n<h2>Resoluci\u00f3n de problemas y usos<\/h2>\n<p>El desarraigo de frijoles rojos es una tarea laboriosa y laboriosa, especialmente en fincas grandes. La 4BYH-3.25 soluciona este problema automatizando el proceso de cosecha, mejorando significativamente la velocidad y la eficiencia. Dise\u00f1ada para terrenos accidentados, esta m\u00e1quina ofrece un rendimiento constante en diversos tipos de suelo. Adem\u00e1s, reduce significativamente los costos de mano de obra asociados con los m\u00e9todos tradicionales de cosecha manual.<\/p>\n<p>El prop\u00f3sito principal de la m\u00e1quina es cosechar autom\u00e1ticamente frijoles rojos, lo que permite a los agricultores cosechar eficientemente con m\u00ednima intervenci\u00f3n humana. Dise\u00f1ada para operaciones agr\u00edcolas a gran escala, reduce el tiempo de manipulaci\u00f3n de los cultivos y facilita un proceso de producci\u00f3n agr\u00edcola m\u00e1s eficiente.<\/p>\n<h2>Ventajas del producto<\/h2>\n<h3>1. Alta eficiencia<\/h3>\n<p>La desarraigadora de frijol rojo tipo 4BYH-3.25 (5 surcos) est\u00e1 dise\u00f1ada para mejorar significativamente la velocidad de cosecha. Puede procesar grandes campos en mucho menos tiempo que el trabajo manual, reduciendo dr\u00e1sticamente el tiempo necesario para la cosecha de frijol rojo.<\/p>\n<h3>2. Minimiza el da\u00f1o a los cultivos<\/h3>\n<p>Esta m\u00e1quina utiliza un sistema sofisticado para arrancar suavemente los frijoles rojos sin da\u00f1ar la planta ni los frijoles, garantizando una cosecha de mayor calidad. A diferencia de la cosecha manual, que puede da\u00f1ar los delicados frijoles, la m\u00e1quina garantiza que los cultivos permanezcan intactos, preservando as\u00ed su valor.<\/p>\n<h3>3. Dise\u00f1o vers\u00e1til<\/h3>\n<p>El dise\u00f1o de 5 crestas facilita la navegaci\u00f3n en diferentes condiciones de campo, incluyendo terrenos irregulares o accidentados. Esta versatilidad lo hace adecuado para diversos entornos agr\u00edcolas, lo que lo convierte en una valiosa inversi\u00f3n para agricultores con diversas condiciones de campo.<\/p>\n<h3>4. Construcci\u00f3n duradera<\/h3>\n<p>Fabricada con materiales de alta calidad, la m\u00e1quina Tipo 4BYH-3.25 est\u00e1 dise\u00f1ada para soportar un uso continuo en entornos agr\u00edcolas hostiles. Su robusta construcci\u00f3n garantiza una larga vida \u00fatil, incluso en condiciones de trabajo exigentes, minimizando la necesidad de reparaciones frecuentes.<\/p>\n<h3>5. Rentable<\/h3>\n<p>Si bien la inversi\u00f3n inicial en esta m\u00e1quina puede ser mayor que la mano de obra, se amortiza r\u00e1pidamente al reducir los costos de mano de obra, aumentar la velocidad de cosecha y mejorar la eficiencia de todo el proceso. Esto se traduce en ahorros a largo plazo para las grandes explotaciones agr\u00edcolas.<\/p>\n<p style=\"text-align: center;\"><img loading=\"lazy\" decoding=\"async\" class=\"alignnone size-medium wp-image-283\" src=\"https:\/\/square-balers.com\/wp-content\/uploads\/2025\/11\/ep-Type-4BYH-3.25-Kidney-Bean-Uprooting-Machine-5-Ridges-31-300x300.webp\" alt=\"M\u00e1quina de desarraigo\" width=\"300\" height=\"300\" srcset=\"https:\/\/square-balers.com\/wp-content\/uploads\/2025\/11\/ep-Type-4BYH-3.25-Kidney-Bean-Uprooting-Machine-5-Ridges-31-300x300.webp 300w, https:\/\/square-balers.com\/wp-content\/uploads\/2025\/11\/ep-Type-4BYH-3.25-Kidney-Bean-Uprooting-Machine-5-Ridges-31-150x150.webp 150w, https:\/\/square-balers.com\/wp-content\/uploads\/2025\/11\/ep-Type-4BYH-3.25-Kidney-Bean-Uprooting-Machine-5-Ridges-31-12x12.webp 12w, https:\/\/square-balers.com\/wp-content\/uploads\/2025\/11\/ep-Type-4BYH-3.25-Kidney-Bean-Uprooting-Machine-5-Ridges-31-100x100.webp 100w, https:\/\/square-balers.com\/wp-content\/uploads\/2025\/11\/ep-Type-4BYH-3.25-Kidney-Bean-Uprooting-Machine-5-Ridges-31.webp 348w\" sizes=\"(max-width: 300px) 100vw, 300px\" \/><\/p>\n<h2>C\u00f3mo funciona la desgranadora de frijoles tipo 4BYH-3.25<\/h2>\n<p>La desarraigadora de frijoles rojos tipo 4BYH-3.25 (5 surcos) utiliza un sistema de surcos dise\u00f1ado para separar y arrancar eficazmente los frijoles rojos del suelo. Los surcos convexos de la m\u00e1quina perforan el suelo, arrancando cuidadosamente los frijoles de sus ra\u00edces sin causar da\u00f1os. El sistema sacude suavemente la planta para desalojar los frijoles, asegurando su recolecci\u00f3n y transporte a un \u00e1rea de recolecci\u00f3n para su posterior procesamiento.<\/p>\n<h2>Aplicaciones principales<\/h2>\n<p>La desarraigadora de frijol tipo 4BYH-3.25 es adecuada para diversos usos agr\u00edcolas, especialmente para la cosecha a gran escala. Sus principales aplicaciones son:<\/p>\n<h3>1. Cultivo de frijoles a gran escala<\/h3>\n<p>Ideal para granjas que producen frijoles a escala comercial, la m\u00e1quina puede manejar campos grandes y mejorar la eficiencia general de las operaciones de cosecha.<\/p>\n<h3>2. Agricultura ecol\u00f3gica<\/h3>\n<p>Para las granjas org\u00e1nicas donde la m\u00ednima alteraci\u00f3n del suelo es crucial, esta m\u00e1quina proporciona una forma eficiente de arrancar los frijoles sin da\u00f1ar el medio ambiente circundante ni la estructura del suelo.<\/p>\n<h3>3. Sistemas de rotaci\u00f3n de cultivos<\/h3>\n<p>La m\u00e1quina es muy eficaz en sistemas de rotaci\u00f3n de cultivos, donde las cosechas oportunas son fundamentales para mantener los cronogramas de siembra de los cultivos posteriores.<\/p>\n<h3>4. Plantas procesadoras de frijoles<\/h3>\n<p>Las plantas de procesamiento de frijoles pueden utilizar el Tipo 4BYH-3.25 para acelerar la fase de cosecha, aumentando el rendimiento de los frijoles desde el campo hasta la f\u00e1brica para su procesamiento.<\/p>\n<h3>5. Granjas de investigaci\u00f3n<\/h3>\n<p>Las granjas de investigaci\u00f3n que realizan experimentos sobre variedades de frijoles y tiempos de cosecha pueden usar la m\u00e1quina para estandarizar el proceso de desarraigo, garantizando resultados consistentes para el an\u00e1lisis.<\/p>\n<h3>6. Granjas familiares<\/h3>\n<p>Las granjas familiares m\u00e1s peque\u00f1as tambi\u00e9n pueden beneficiarse de las capacidades de esta m\u00e1quina, lo que les permite cosechar frijoles de manera m\u00e1s eficiente y reducir la necesidad de mano de obra, que a menudo es un factor limitante.<\/p>\n<h2>C\u00f3mo elegir la desbrozadora de frijoles 4BYH-3.25 (5 surcos) adecuada<\/h2>\n<p>Elegir la m\u00e1quina adecuada depende de varios factores. A continuaci\u00f3n, se presentan algunas consideraciones clave para ayudarle a tomar una decisi\u00f3n informada:<\/p>\n<h3>1. Tama\u00f1o del campo<\/h3>\n<p>Si tiene una finca grande, la alta capacidad de la m\u00e1quina Tipo 4BYH-3.25 le permitir\u00e1 cosechar frijoles de forma r\u00e1pida y eficiente. Para fincas m\u00e1s peque\u00f1as, una m\u00e1quina menos potente podr\u00eda ser suficiente.<\/p>\n<h3>2. Tipo de terreno<\/h3>\n<p>Aseg\u00farese de que la m\u00e1quina que seleccione sea adecuada para su tipo de terreno. El dise\u00f1o de 5 crestas permite que la m\u00e1quina trabaje eficientemente en terrenos irregulares, lo que la hace ideal para diversas condiciones de suelo.<\/p>\n<h3>3. Variedad de frijoles<\/h3>\n<p>Las diferentes variedades de frijol rojo pueden tener requisitos de cosecha espec\u00edficos. Aseg\u00farese de que el Tipo 4BYH-3.25 sea compatible con la variedad que cultiva para garantizar un manejo \u00f3ptimo del cultivo.<\/p>\n<h3>4. Presupuesto<\/h3>\n<p>Si bien el costo inicial puede ser m\u00e1s alto, el ahorro a largo plazo en mano de obra y la mayor eficiencia de la cosecha hacen de esta m\u00e1quina una soluci\u00f3n rentable para operaciones agr\u00edcolas a gran escala.<\/p>\n<h3>5. Requisitos de mantenimiento<\/h3>\n<p>Al elegir su m\u00e1quina, considere la facilidad de mantenimiento. El modelo 4BYH-3.25 est\u00e1 dise\u00f1ado para durar, pero es importante considerar cualquier mantenimiento necesario para un rendimiento \u00f3ptimo a largo plazo.<\/p>\n<h3>6. Soporte posventa<\/h3>\n<p>Elija un proveedor que ofrezca un servicio posventa integral, que incluya formaci\u00f3n y asistencia para la resoluci\u00f3n de problemas. Esto le garantiza sacar el m\u00e1ximo provecho de su m\u00e1quina durante toda su vida \u00fatil.<\/p>\n<p style=\"text-align: center;\"><img loading=\"lazy\" decoding=\"async\" class=\"alignnone size-medium wp-image-284\" src=\"https:\/\/square-balers.com\/wp-content\/uploads\/2025\/11\/ep-Type-4BYH-3.25-Kidney-Bean-Uprooting-Machine-5-Ridges-41-300x300.webp\" alt=\"M\u00e1quina de desarraigo\" width=\"300\" height=\"300\" srcset=\"https:\/\/square-balers.com\/wp-content\/uploads\/2025\/11\/ep-Type-4BYH-3.25-Kidney-Bean-Uprooting-Machine-5-Ridges-41-300x300.webp 300w, https:\/\/square-balers.com\/wp-content\/uploads\/2025\/11\/ep-Type-4BYH-3.25-Kidney-Bean-Uprooting-Machine-5-Ridges-41-150x150.webp 150w, https:\/\/square-balers.com\/wp-content\/uploads\/2025\/11\/ep-Type-4BYH-3.25-Kidney-Bean-Uprooting-Machine-5-Ridges-41-12x12.webp 12w, https:\/\/square-balers.com\/wp-content\/uploads\/2025\/11\/ep-Type-4BYH-3.25-Kidney-Bean-Uprooting-Machine-5-Ridges-41-100x100.webp 100w, https:\/\/square-balers.com\/wp-content\/uploads\/2025\/11\/ep-Type-4BYH-3.25-Kidney-Bean-Uprooting-Machine-5-Ridges-41.webp 357w\" sizes=\"(max-width: 300px) 100vw, 300px\" \/><\/p>\n<h2>Consejos de mantenimiento para la desbrozadora de frijoles tipo 4BYH-3.25<\/h2>\n<p>Para garantizar la longevidad y el rendimiento de su m\u00e1quina desarrancadora de frijoles tipo 4BYH-3.25, es fundamental realizar un mantenimiento regular. A continuaci\u00f3n, se ofrecen algunos consejos clave de mantenimiento:<\/p>\n<ul>\n<li>Revise peri\u00f3dicamente las crestas y los dientes para detectar desgaste. Reempl\u00e1celos seg\u00fan sea necesario para mantener un rendimiento \u00f3ptimo.<\/li>\n<li>Mantenga la m\u00e1quina limpia para evitar la acumulaci\u00f3n de suciedad o residuos que puedan dificultar su funcionamiento.<\/li>\n<li>Lubrique las piezas m\u00f3viles peri\u00f3dicamente para garantizar un funcionamiento suave y evitar la oxidaci\u00f3n o la corrosi\u00f3n.<\/li>\n<li>Inspeccione peri\u00f3dicamente el motor y otras partes mec\u00e1nicas para detectar signos de da\u00f1o o desgaste y realice las reparaciones necesarias r\u00e1pidamente.<\/li>\n<li>Siga el programa de mantenimiento del fabricante para garantizar que todas las piezas reciban servicio en los intervalos adecuados para lograr la m\u00e1xima eficiencia.<\/li>\n<\/ul>\n<h2>Opiniones de clientes<\/h2>\n<p>Las opiniones de los clientes son esenciales para comprender las ventajas pr\u00e1cticas de un producto. A continuaci\u00f3n, se presentan algunas experiencias reales de clientes que han utilizado el modelo 4BYH-3.25. <a href=\"https:\/\/square-balers.com\/wp-admin\/post.php?post=231&amp;action=edit\">M\u00e1quina para arrancar frijoles<\/a>.<\/p>\n<p>Esta m\u00e1quina ha sido revolucionaria para nosotros. Nuestra finca depend\u00eda en gran medida de la mano de obra para cosechar frijoles rojos, lo cual requer\u00eda mucho tiempo y era muy costoso. La 4BYH-3.25 ha reducido significativamente nuestros costos de mano de obra y mejorado la eficiencia. Ahora podemos cosechar un campo mucho m\u00e1s grande en mucho menos tiempo. \u00a1La recomiendo ampliamente!<\/p>\n<p>\u2013 <strong>John, Estados Unidos<\/strong><\/p>\n<p>Como granja org\u00e1nica, necesit\u00e1bamos una m\u00e1quina que no perturbara demasiado el suelo. La 4BYH-3.25 realiza un excelente trabajo arrancando suavemente los granos, manteniendo la integridad del suelo. Se ha convertido en una parte esencial de nuestro proceso de cosecha.<\/p>\n<p>\u2013 <strong>Mar\u00eda, Espa\u00f1a<\/strong><\/p>\n<p>Compramos esta m\u00e1quina para nuestra gran finca y ha superado nuestras expectativas. Se adapta a terrenos dif\u00edciles sin problemas, y su velocidad ha aumentado considerablemente nuestra productividad. \u00a1Vale cada centavo!<\/p>\n<p>\u2013 <strong>Michael, Australia<\/strong><\/p>\n<p>Al principio ten\u00eda dudas por el precio, pero despu\u00e9s de usar esta m\u00e1quina durante una temporada, puedo afirmar con seguridad que la inversi\u00f3n merece la pena. El modelo 4BYH-3.25 nos ahorr\u00f3 incontables horas y redujo significativamente nuestra plantilla. \u00a1Una relaci\u00f3n calidad-precio fant\u00e1stica!<\/p>\n<p>\u2013 <strong>Alice, Reino Unido<\/strong><\/p>\n<p>Operamos una granja de investigaci\u00f3n y necesit\u00e1bamos una m\u00e1quina que ofreciera resultados consistentes. El Tipo 4BYH-3.25 nos ha proporcionado justo lo que necesit\u00e1bamos. Es f\u00e1cil de operar y permite un desarraigo preciso, esencial para nuestros experimentos.<\/p>\n<p>\u2013 <strong>Carlos, Brasil<\/strong><\/p>\n<h2>\u00bfPor qu\u00e9 elegir nuestro producto?<\/h2>\n<p>Ofrecemos la desarraigadora de frijol tipo 4BYH-3.25 con opciones de personalizaci\u00f3n r\u00e1pidas, lo que le permite adaptarla a sus necesidades espec\u00edficas. Nuestro s\u00f3lido servicio posventa le garantiza ayuda siempre que la necesite. Una garant\u00eda de tres a\u00f1os le brinda tranquilidad, y nuestro servicio posventa garantizar\u00e1 el correcto funcionamiento de sus m\u00e1quinas. Tambi\u00e9n ofrecemos env\u00edos internacionales r\u00e1pidos para satisfacer sus pedidos de forma eficiente y r\u00e1pida, garantizando as\u00ed que sus operaciones de producci\u00f3n agr\u00edcola no se vean interrumpidas.<\/p>\n<p>Nos comprometemos a ofrecer productos de alta calidad, precios asequibles y un excelente servicio al cliente, lo que nos convierte en la mejor opci\u00f3n para sus necesidades de maquinaria agr\u00edcola. Adem\u00e1s de la desarraigadora de jud\u00edas rojas tipo 4BYH-3.25, ofrecemos otros accesorios y productos relacionados para apoyar sus operaciones. \u00a1Explore nuestra gama completa de productos y cont\u00e1ctenos hoy mismo para empezar!<\/p>\n<p style=\"text-align: center;\"><img loading=\"lazy\" decoding=\"async\" class=\"size-medium wp-image-282 aligncenter\" src=\"https:\/\/square-balers.com\/wp-content\/uploads\/2025\/11\/ep-Type-4BYH-3.25-Kidney-Bean-Uprooting-Machine-5-Ridges-21-300x300.webp\" alt=\"M\u00e1quina de desarraigo\" width=\"300\" height=\"300\" srcset=\"https:\/\/square-balers.com\/wp-content\/uploads\/2025\/11\/ep-Type-4BYH-3.25-Kidney-Bean-Uprooting-Machine-5-Ridges-21-300x300.webp 300w, https:\/\/square-balers.com\/wp-content\/uploads\/2025\/11\/ep-Type-4BYH-3.25-Kidney-Bean-Uprooting-Machine-5-Ridges-21-150x150.webp 150w, https:\/\/square-balers.com\/wp-content\/uploads\/2025\/11\/ep-Type-4BYH-3.25-Kidney-Bean-Uprooting-Machine-5-Ridges-21-12x12.webp 12w, https:\/\/square-balers.com\/wp-content\/uploads\/2025\/11\/ep-Type-4BYH-3.25-Kidney-Bean-Uprooting-Machine-5-Ridges-21-100x100.webp 100w, https:\/\/square-balers.com\/wp-content\/uploads\/2025\/11\/ep-Type-4BYH-3.25-Kidney-Bean-Uprooting-Machine-5-Ridges-21.webp 370w\" sizes=\"(max-width: 300px) 100vw, 300px\" \/><\/p>\n<h2>Preguntas frecuentes<\/h2>\n<p><strong>1. \u00bfCu\u00e1l es el tama\u00f1o m\u00e1ximo de campo que puede manejar la m\u00e1quina desarraigadora de frijoles tipo 4BYH-3.25?<\/strong><\/p>\n<p>El tipo 4BYH-3.25 est\u00e1 dise\u00f1ado para granjas de gran escala, capaz de manejar campos de hasta 100 acres o m\u00e1s, dependiendo de las condiciones del suelo y el terreno.<\/p>\n<p><strong>2. \u00bfCu\u00e1nto tiempo se tarda en cosechar un acre de frijoles con el tipo 4BYH-3.25?<\/strong><\/p>\n<p>En promedio, la m\u00e1quina puede cosechar un acre de frijoles en solo unas pocas horas, dependiendo del terreno y la densidad de los cultivos.<\/p>\n<p><strong>3. \u00bfEl tipo 4BYH-3.25 es adecuado para peque\u00f1as explotaciones?<\/strong><\/p>\n<p>Si bien la m\u00e1quina est\u00e1 optimizada para explotaciones agr\u00edcolas a gran escala, las explotaciones m\u00e1s peque\u00f1as pueden beneficiarse de su eficiencia si cuentan con campos de tama\u00f1o mediano a grande. Para campos m\u00e1s peque\u00f1os, una m\u00e1quina menos potente podr\u00eda resultar m\u00e1s econ\u00f3mica.<\/p>\n<p><strong>4. \u00bfC\u00f3mo minimiza la m\u00e1quina los da\u00f1os a los frijoles durante el desarraigo?<\/strong><\/p>\n<p>El dise\u00f1o de 5 crestas garantiza que los granos se arranquen suavemente sin fuerza excesiva, lo que reduce las posibilidades de da\u00f1ar los cultivos.<\/p>\n<p><strong>5. \u00bfSe puede utilizar el tipo 4BYH-3.25 en agricultura ecol\u00f3gica?<\/strong><\/p>\n<p>S\u00ed, esta m\u00e1quina es ideal para la agricultura org\u00e1nica, ya que minimiza la alteraci\u00f3n del suelo al tiempo que cosecha eficientemente los frijoles.<\/p>\n<p><strong>6. \u00bfQu\u00e9 tipo de mantenimiento requiere el Tipo 4BYH-3.25?<\/strong><\/p>\n<p>El mantenimiento regular incluye la lubricaci\u00f3n de las piezas m\u00f3viles, la limpieza de la m\u00e1quina y la revisi\u00f3n del desgaste de las crestas y los dientes. Siga el programa del fabricante para un rendimiento \u00f3ptimo.<\/p>\n<p><strong>7. \u00bfEl modelo 4BYH-3.25 puede manipular diferentes tipos de suelo?<\/strong><\/p>\n<p>S\u00ed, la m\u00e1quina est\u00e1 dise\u00f1ada para trabajar eficazmente en diversas condiciones de suelo, incluidos suelos arcillosos, francos y arenosos.<\/p>\n<p><strong>8. \u00bfExiste garant\u00eda para el Tipo 4BYH-3.25?<\/strong><\/p>\n<p>S\u00ed, el modelo 4BYH-3.25 cuenta con una garant\u00eda de 3 a\u00f1os para garantizar su durabilidad y rendimiento. Tambi\u00e9n ofrecemos soporte posventa para resolver cualquier problema que surja.<\/p>\n<p><strong>9. \u00bfQu\u00e9 tan r\u00e1pida es la entrega para pedidos internacionales?<\/strong><\/p>\n<p>Ofrecemos env\u00edo global r\u00e1pido, lo que garantiza que su pedido llegue en unas pocas semanas, dependiendo de su ubicaci\u00f3n.<\/p>\n<p><strong>10. \u00bfSe puede personalizar el tipo 4BYH-3.25 para necesidades espec\u00edficas?<\/strong><\/p>\n<p>S\u00ed, ofrecemos opciones de personalizaci\u00f3n para adaptar la m\u00e1quina a los requisitos espec\u00edficos de su granja, garantizando el mejor rendimiento para sus cultivos.<\/p>\n<p><strong>11. \u00bfCu\u00e1l es el costo de la m\u00e1quina desarraigadora de frijoles tipo 4BYH-3.25?<\/strong><\/p>\n<p>El precio de la m\u00e1quina depende de las especificaciones y las opciones de personalizaci\u00f3n. Cont\u00e1ctenos para obtener un presupuesto detallado seg\u00fan sus necesidades.<\/p>\n<p><strong>12. \u00bfQu\u00e9 tan f\u00e1cil es operar el Tipo 4BYH-3.25?<\/strong><\/p>\n<p>La m\u00e1quina es f\u00e1cil de usar, con controles simples que permiten que los operadores puedan comenzar a utilizarla f\u00e1cilmente sin necesidad de capacitaci\u00f3n especializada.<\/p>\n<p><strong>13. \u00bfEl tipo 4BYH-3.25 funciona en condiciones de suelo h\u00famedo?<\/strong><\/p>\n<p>Si bien la m\u00e1quina funciona mejor en condiciones de suelo seco a moderadamente h\u00famedo, tambi\u00e9n puede manejar suelo h\u00famedo, pero es posible que sea necesario ajustarla para lograr un rendimiento \u00f3ptimo.<\/p>\n<p><strong>14. \u00bfSe puede utilizar el tipo 4BYH-3.25 para otros cultivos adem\u00e1s del frijol?<\/strong><\/p>\n<p>Aunque est\u00e1 dise\u00f1ada principalmente para frijoles, la m\u00e1quina se puede adaptar para su uso con otros tipos de legumbres y cultivos peque\u00f1os que requieren un desarraigo suave.<\/p>\n<p><strong>15. \u00bfEl Tipo 4BYH-3.25 tiene un alto \u00edndice de consumo de combustible?<\/strong><\/p>\n<p>No, la m\u00e1quina est\u00e1 dise\u00f1ada para ahorrar combustible, minimizando los costos operativos y maximizando la productividad en el campo.<\/p>\n<p>editado por gzl<\/p>\n<p>&nbsp;<\/p>","protected":false},"excerpt":{"rendered":"<p>Descubra la desarraigadora de frijol tipo 4BYH-3.25, con un dise\u00f1o de 5 surcos para una cosecha m\u00e1s r\u00e1pida y eficiente. Maximice la productividad y minimice los costos de mano de obra con este equipo de alto rendimiento. Ideal para agricultores que buscan confiabilidad y precisi\u00f3n. \u00a1Compre ahora y aumente la eficiencia de su cosecha!<\/p>","protected":false},"featured_media":285,"template":"","meta":{"_et_pb_use_builder":"","_et_pb_old_content":"","_et_gb_content_width":""},"product_brand":[],"product_cat":[22],"product_tag":[],"class_list":{"0":"post-230","1":"product","2":"type-product","3":"status-publish","4":"has-post-thumbnail","6":"product_cat-kidney-bean-puller","8":"first","9":"instock","10":"shipping-taxable","11":"product-type-simple"},"_links":{"self":[{"href":"https:\/\/square-balers.com\/es\/wp-json\/wp\/v2\/product\/230","targetHints":{"allow":["GET"]}}],"collection":[{"href":"https:\/\/square-balers.com\/es\/wp-json\/wp\/v2\/product"}],"about":[{"href":"https:\/\/square-balers.com\/es\/wp-json\/wp\/v2\/types\/product"}],"wp:featuredmedia":[{"embeddable":true,"href":"https:\/\/square-balers.com\/es\/wp-json\/wp\/v2\/media\/285"}],"wp:attachment":[{"href":"https:\/\/square-balers.com\/es\/wp-json\/wp\/v2\/media?parent=230"}],"wp:term":[{"taxonomy":"product_brand","embeddable":true,"href":"https:\/\/square-balers.com\/es\/wp-json\/wp\/v2\/product_brand?post=230"},{"taxonomy":"product_cat","embeddable":true,"href":"https:\/\/square-balers.com\/es\/wp-json\/wp\/v2\/product_cat?post=230"},{"taxonomy":"product_tag","embeddable":true,"href":"https:\/\/square-balers.com\/es\/wp-json\/wp\/v2\/product_tag?post=230"}],"curies":[{"name":"wp","href":"https:\/\/api.w.org\/{rel}","templated":true}]}}