{"id":231,"date":"2025-11-24T09:49:25","date_gmt":"2025-11-24T09:49:25","guid":{"rendered":"https:\/\/square-balers.com\/?post_type=product&#038;p=231"},"modified":"2025-12-18T03:02:23","modified_gmt":"2025-12-18T03:02:23","slug":"9jyy-2-5-recogida-y-transporte","status":"publish","type":"product","link":"https:\/\/square-balers.com\/es\/producto\/9jyy-2-5-recogida-y-transporte\/","title":{"rendered":"Excelente m\u00e1quina recolectora y transportadora de pacas redondas tipo 9JYY-2.5"},"content":{"rendered":"<p data-start=\"314\" data-end=\"343\">La excelente m\u00e1quina recogedora y transportadora de pacas redondas tipo 9JYY-2.5 es una herramienta agr\u00edcola altamente eficiente dise\u00f1ada para la recolecci\u00f3n, el transporte y la gesti\u00f3n de pacas redondas en el campo. Reduce significativamente el tiempo de trabajo y mejora la eficiencia operativa, lo que la convierte en una maquinaria indispensable para las explotaciones agr\u00edcolas modernas. Este art\u00edculo analizar\u00e1 sus caracter\u00edsticas, ventajas y principios de funcionamiento para ayudarle a tomar una decisi\u00f3n informada.<\/p>\n<h2 data-start=\"314\" data-end=\"343\">Especificaciones t\u00e9cnicas<\/h2>\n<div class=\"_tableContainer_1rjym_1\">\n<div class=\"group _tableWrapper_1rjym_13 flex w-fit flex-col-reverse\" tabindex=\"-1\">\n<table class=\"w-fit min-w-(--thread-content-width)\" style=\"height: 276px; border-color: #000000;\" data-start=\"345\" data-end=\"1440\">\n<thead data-start=\"345\" data-end=\"426\">\n<tr style=\"height: 23px;\" data-start=\"345\" data-end=\"426\">\n<th style=\"height: 23px; width: 137.742px;\" data-start=\"345\" data-end=\"375\" data-col-size=\"sm\">Art\u00edculo<\/th>\n<th style=\"height: 23px; width: 30.3438px;\" data-start=\"375\" data-end=\"392\" data-col-size=\"sm\">Unidad<\/th>\n<th style=\"height: 23px; width: 348.141px;\" data-start=\"392\" data-end=\"426\" data-col-size=\"md\">Especificaci\u00f3n<\/th>\n<\/tr>\n<\/thead>\n<tbody data-start=\"509\" data-end=\"1440\">\n<tr style=\"height: 23px;\" data-start=\"509\" data-end=\"613\">\n<td style=\"height: 23px; width: 137.742px;\" data-start=\"509\" data-end=\"540\" data-col-size=\"sm\">Nombre del modelo<\/td>\n<td style=\"height: 23px; width: 30.3438px;\" data-start=\"540\" data-end=\"557\" data-col-size=\"sm\">–<\/td>\n<td style=\"height: 23px; width: 348.141px;\" data-start=\"557\" data-end=\"613\" data-col-size=\"md\">M\u00e1quina recolectora y transportadora de pacas redondas 9JYY-2.5<\/td>\n<\/tr>\n<tr style=\"height: 23px;\" data-start=\"614\" data-end=\"695\">\n<td style=\"height: 23px; width: 137.742px;\" data-start=\"614\" data-end=\"645\" data-col-size=\"sm\">M\u00e9todo de conexi\u00f3n<\/td>\n<td style=\"height: 23px; width: 30.3438px;\" data-start=\"645\" data-end=\"662\" data-col-size=\"sm\">–<\/td>\n<td style=\"height: 23px; width: 348.141px;\" data-start=\"662\" data-end=\"695\" data-col-size=\"md\">Tipo de tracci\u00f3n<\/td>\n<\/tr>\n<tr style=\"height: 23px;\" data-start=\"696\" data-end=\"777\">\n<td style=\"height: 23px; width: 137.742px;\" data-start=\"696\" data-end=\"727\" data-col-size=\"sm\">M\u00e9todo de descarga<\/td>\n<td style=\"height: 23px; width: 30.3438px;\" data-start=\"727\" data-end=\"744\" data-col-size=\"sm\">–<\/td>\n<td style=\"height: 23px; width: 348.141px;\" data-start=\"744\" data-end=\"777\" data-col-size=\"md\">Presi\u00f3n del l\u00edquido<\/td>\n<\/tr>\n<tr style=\"height: 23px;\" data-start=\"778\" data-end=\"860\">\n<td style=\"height: 23px; width: 137.742px;\" data-start=\"778\" data-end=\"809\" data-col-size=\"sm\">Peso m\u00e1ximo de carga<\/td>\n<td style=\"height: 23px; width: 30.3438px;\" data-start=\"809\" data-end=\"826\" data-col-size=\"sm\">kilogramo<\/td>\n<td style=\"height: 23px; width: 348.141px;\" data-start=\"826\" data-end=\"860\" data-col-size=\"md\">2500<\/td>\n<\/tr>\n<tr style=\"height: 23px;\" data-start=\"861\" data-end=\"943\">\n<td style=\"height: 23px; width: 137.742px;\" data-start=\"861\" data-end=\"892\" data-col-size=\"sm\">Gama de fuentes de alimentaci\u00f3n<\/td>\n<td style=\"height: 23px; width: 30.3438px;\" data-start=\"892\" data-end=\"909\" data-col-size=\"sm\">kW<\/td>\n<td style=\"height: 23px; width: 348.141px;\" data-start=\"909\" data-end=\"943\" data-col-size=\"md\">\u226520<\/td>\n<\/tr>\n<tr style=\"height: 23px;\" data-start=\"944\" data-end=\"1026\">\n<td style=\"height: 23px; width: 137.742px;\" data-start=\"944\" data-end=\"975\" data-col-size=\"sm\">Presi\u00f3n de trabajo<\/td>\n<td style=\"height: 23px; width: 30.3438px;\" data-start=\"975\" data-end=\"992\" data-col-size=\"sm\">MPa<\/td>\n<td style=\"height: 23px; width: 348.141px;\" data-start=\"992\" data-end=\"1026\" data-col-size=\"md\">\u226516<\/td>\n<\/tr>\n<tr style=\"height: 23px;\" data-start=\"1027\" data-end=\"1109\">\n<td style=\"height: 23px; width: 137.742px;\" data-start=\"1027\" data-end=\"1058\" data-col-size=\"sm\">Velocidad de operaci\u00f3n<\/td>\n<td style=\"height: 23px; width: 30.3438px;\" data-start=\"1058\" data-end=\"1075\" data-col-size=\"sm\">kil\u00f3metros por hora<\/td>\n<td style=\"height: 23px; width: 348.141px;\" data-start=\"1075\" data-end=\"1109\" data-col-size=\"md\">\u226440<\/td>\n<\/tr>\n<tr style=\"height: 23px;\" data-start=\"1110\" data-end=\"1191\">\n<td style=\"height: 23px; width: 137.742px;\" data-start=\"1110\" data-end=\"1141\" data-col-size=\"sm\">Tipo de rueda<\/td>\n<td style=\"height: 23px; width: 30.3438px;\" data-start=\"1141\" data-end=\"1158\" data-col-size=\"sm\">–<\/td>\n<td style=\"height: 23px; width: 348.141px;\" data-start=\"1158\" data-end=\"1191\" data-col-size=\"md\">10.0\/80-12 (Ruedas dobles)<\/td>\n<\/tr>\n<tr style=\"height: 23px;\" data-start=\"1192\" data-end=\"1274\">\n<td style=\"height: 23px; width: 137.742px;\" data-start=\"1192\" data-end=\"1223\" data-col-size=\"sm\">Tama\u00f1o de la paca (ajustable)<\/td>\n<td style=\"height: 23px; width: 30.3438px;\" data-start=\"1223\" data-end=\"1240\" data-col-size=\"sm\">mm<\/td>\n<td style=\"height: 23px; width: 348.141px;\" data-start=\"1240\" data-end=\"1274\" data-col-size=\"md\">Di\u00e1metro 1300, Longitud 1000-1500<\/td>\n<\/tr>\n<tr style=\"height: 23px;\" data-start=\"1275\" data-end=\"1357\">\n<td style=\"height: 23px; width: 137.742px;\" data-start=\"1275\" data-end=\"1306\" data-col-size=\"sm\">Dimensiones generales<\/td>\n<td style=\"height: 23px; width: 30.3438px;\" data-start=\"1306\" data-end=\"1323\" data-col-size=\"sm\">mm<\/td>\n<td style=\"height: 23px; width: 348.141px;\" data-start=\"1323\" data-end=\"1357\" data-col-size=\"md\">10300\u00d72420\u00d72485<\/td>\n<\/tr>\n<tr style=\"height: 23px;\" data-start=\"1358\" data-end=\"1440\">\n<td style=\"height: 23px; width: 137.742px;\" data-start=\"1358\" data-end=\"1389\" data-col-size=\"sm\">Peso total de la m\u00e1quina<\/td>\n<td style=\"height: 23px; width: 30.3438px;\" data-start=\"1389\" data-end=\"1406\" data-col-size=\"sm\">kilogramo<\/td>\n<td style=\"height: 23px; width: 348.141px;\" data-start=\"1406\" data-end=\"1440\" data-col-size=\"md\">1165<\/td>\n<\/tr>\n<\/tbody>\n<\/table>\n<\/div>\n<\/div>\n<h2>Definici\u00f3n del producto<\/h2>\n<p>La excelente m\u00e1quina recolectora y transportadora de pacas redondas tipo 9JYY-2.5 est\u00e1 dise\u00f1ada para recolectar, levantar y transportar eficientemente pacas redondas desde el campo hasta las \u00e1reas de almacenamiento o carga. Ofrece a los agricultores y a la producci\u00f3n agr\u00edcola una soluci\u00f3n confiable y que ahorra mano de obra, aumentando la productividad y reduciendo el trabajo manual.<\/p>\n<h2>Problemas abordados por la excelente m\u00e1quina recolectora y transportadora de pacas redondas tipo 9JYY-2.5<\/h2>\n<p>Esta m\u00e1quina aborda varios desaf\u00edos cr\u00edticos en la gesti\u00f3n de pacas agr\u00edcolas, entre ellos:<\/p>\n<ul>\n<li><strong>Reducci\u00f3n del trabajo manual:<\/strong> Minimiza la necesidad de manipulaci\u00f3n manual de pacas que requiere mucho trabajo.<\/li>\n<li><strong>Eficiencia en el transporte:<\/strong> Acelera el proceso de recogida de pacas y su transporte a trav\u00e9s de los campos.<\/li>\n<li><strong>Prevenci\u00f3n de da\u00f1os:<\/strong> Reduce el riesgo de da\u00f1os a las pacas durante la manipulaci\u00f3n y el transporte.<\/li>\n<li><strong>Ahorro de tiempo:<\/strong> Aumenta la eficiencia operativa, permitiendo a los trabajadores manipular m\u00e1s pacas en menos tiempo.<\/li>\n<li><strong>Manejo mejorado de pacas:<\/strong> Garantiza un manejo seguro y protegido de las pacas, evitando aplastamientos y p\u00e9rdidas.<\/li>\n<\/ul>\n<h2>Ventajas clave de la excelente m\u00e1quina recolectora y transportadora de pacas redondas tipo 9JYY-2.5<\/h2>\n<p>El excelente modelo 9JYY-2.5 ofrece numerosas ventajas a los profesionales agr\u00edcolas, lo que lo convierte en una opci\u00f3n destacada en el mercado de maquinaria para manipulaci\u00f3n de pacas:<\/p>\n<ul>\n<li><strong>Alta eficiencia:<\/strong> Capaz de recoger y transportar grandes cantidades de pacas r\u00e1pidamente, aumentando la productividad en grandes explotaciones agr\u00edcolas.<\/li>\n<li><strong>Construcci\u00f3n duradera:<\/strong> Construido con materiales de alta calidad para soportar duras condiciones de campo, garantizando una larga vida \u00fatil y un mantenimiento m\u00ednimo.<\/li>\n<li><strong>F\u00e1cil operaci\u00f3n:<\/strong> Dise\u00f1ado con controles f\u00e1ciles de usar, lo que permite a los operadores trabajar con facilidad y reducir la fatiga del operador.<\/li>\n<li><strong>Versatilidad:<\/strong> Adecuado para una amplia gama de tipos y tama\u00f1os de pacas, lo que lo hace ideal para diferentes configuraciones agr\u00edcolas.<\/li>\n<li><strong>Rentable:<\/strong> Reduce la necesidad de mano de obra adicional y equipos de transporte, ahorrando costos operativos a lo largo del tiempo.<\/li>\n<\/ul>\n<h2>Principio de funcionamiento de la excelente m\u00e1quina recolectora y transportadora de pacas redondas tipo 9JYY-2.5<\/h2>\n<p>La Excellent Tipo 9JYY-2.5 funciona con un sistema sencillo pero eficaz. Emplea un potente mecanismo hidr\u00e1ulico para recoger y transportar pacas redondas en diversos terrenos. El brazo de recogida de pacas automatizado de la m\u00e1quina las agarra, las eleva de forma segura y las coloca en la plataforma de transporte. Posteriormente, el sistema de transporte integrado entrega las pacas al lugar deseado, minimizando la intervenci\u00f3n humana y reduciendo el tiempo total de manipulaci\u00f3n.<\/p>\n<p style=\"text-align: center;\"><img loading=\"lazy\" decoding=\"async\" class=\"alignnone size-medium wp-image-277\" src=\"https:\/\/square-balers.com\/wp-content\/uploads\/2025\/11\/ep-Type-9JYY-2.5-Round-Bale-Picking-and-Transporting-Machine-111-300x300.webp\" alt=\"Recogida y transporte\" width=\"300\" height=\"300\" \/><\/p>\n<h2>Principales aplicaciones de la excelente m\u00e1quina recolectora y transportadora de pacas redondas tipo 9JYY-2.5<\/h2>\n<p>Esta m\u00e1quina es ideal para numerosos entornos agr\u00edcolas y proporciona una funcionalidad esencial en una variedad de escenarios:<\/p>\n<ul>\n<li><strong>Granjas a gran escala:<\/strong> Perfecto para granjas que necesitan recolectar y transportar grandes cantidades de pacas de manera eficiente.<\/li>\n<li><strong>Operaciones de heno y paja:<\/strong> Maneja eficientemente fardos de heno y paja, mejorando la productividad general en estas industrias.<\/li>\n<li><strong>Granjas Ganaderas:<\/strong> \u00datil para transportar fardos de heno a los corrales del ganado para su alimentaci\u00f3n.<\/li>\n<li><strong>Operaciones de campo:<\/strong> Ayuda a acelerar el proceso de recolecci\u00f3n de pacas en los campos durante la temporada de cosecha.<\/li>\n<li><strong>Almacenamiento y distribuci\u00f3n:<\/strong> Facilita el traslado de pacas desde los campos a \u00e1reas de almacenamiento o puntos de distribuci\u00f3n.<\/li>\n<li><strong>Servicios Agr\u00edcolas Rurales:<\/strong> Presta servicios a contratistas agr\u00edcolas que brindan servicios de transporte de pacas a m\u00faltiples clientes.<\/li>\n<\/ul>\n<h2>C\u00f3mo seleccionar la m\u00e1quina recolectora y transportadora de pacas redondas tipo 9JYY-2.5 adecuada<\/h2>\n<p>Al seleccionar la m\u00e1quina adecuada para sus necesidades agr\u00edcolas, tenga en cuenta los siguientes factores:<\/p>\n<ul>\n<li><strong>Tama\u00f1o del campo:<\/strong> Elija una m\u00e1quina seg\u00fan el tama\u00f1o de sus campos para garantizar la eficiencia y la productividad.<\/li>\n<li><strong>Tipo de paca:<\/strong> Aseg\u00farese de que la m\u00e1quina pueda manejar los tipos espec\u00edficos de pacas con los que est\u00e1 trabajando, como pacas redondas o cuadradas.<\/li>\n<li><strong>Sistema hidr\u00e1ulico:<\/strong> Eval\u00fae la capacidad hidr\u00e1ulica para asegurarse de que pueda levantar el peso de los fardos que planea manipular.<\/li>\n<li><strong>Durabilidad:<\/strong> Tenga en cuenta los materiales y la calidad de construcci\u00f3n para garantizar que la m\u00e1quina dure en condiciones de campo dif\u00edciles.<\/li>\n<li><strong>Facilidad de operaci\u00f3n:<\/strong> Seleccione un modelo que ofrezca controles simples para una operaci\u00f3n m\u00e1s f\u00e1cil y un tiempo de capacitaci\u00f3n reducido para los trabajadores.<\/li>\n<li><strong>Requisitos de mantenimiento:<\/strong> Elija un modelo que sea f\u00e1cil de mantener y que tenga repuestos f\u00e1cilmente disponibles para reducir el tiempo de inactividad.<\/li>\n<\/ul>\n<h2>Consejos de mantenimiento para la excelente m\u00e1quina recolectora y transportadora de pacas redondas tipo 9JYY-2.5<\/h2>\n<p>Para garantizar la longevidad y el rendimiento \u00f3ptimo de su m\u00e1quina, es fundamental realizar un mantenimiento regular. Siga estos consejos:<\/p>\n<ul>\n<li><strong>Limpieza regular:<\/strong> Limpie la m\u00e1quina despu\u00e9s de cada uso para evitar la acumulaci\u00f3n de suciedad y residuos, que pueden afectar el rendimiento.<\/li>\n<li><strong>Comprobar los fluidos hidr\u00e1ulicos:<\/strong> Inspeccione y rellene peri\u00f3dicamente los fluidos hidr\u00e1ulicos para mantener un funcionamiento suave.<\/li>\n<li><strong>Inspeccionar neum\u00e1ticos y ruedas:<\/strong> Aseg\u00farese de que los neum\u00e1ticos est\u00e9n inflados correctamente y en buenas condiciones para evitar aver\u00edas durante el transporte.<\/li>\n<li><strong>Lubricar las piezas m\u00f3viles:<\/strong> Lubrique todos los componentes m\u00f3viles para reducir el desgaste y garantizar un funcionamiento suave.<\/li>\n<li><strong>Compruebe el desgaste:<\/strong> Inspeccione la m\u00e1quina para detectar signos de da\u00f1o o desgaste, especialmente despu\u00e9s de un uso intensivo, y reemplace las piezas seg\u00fan sea necesario.<\/li>\n<\/ul>\n<h2>Opiniones de clientes de diferentes pa\u00edses<\/h2>\n<p>Nuestro excelente tipo 9JYY-2.5 <a href=\"https:\/\/square-balers.com\/es\/producto\/empacadora-redonda-de-9-anos-y-125-pulgadas\/\">Paca redonda<\/a> La m\u00e1quina de recolecci\u00f3n y transporte ha recibido comentarios positivos de agricultores y profesionales agr\u00edcolas de todo el mundo. Aqu\u00ed tienes algunas rese\u00f1as reales:<\/p>\n<p>Esta m\u00e1quina ha marcado una gran diferencia en nuestra granja. El proceso de recolecci\u00f3n y transporte de pacas sol\u00eda ser muy laborioso, pero ahora es mucho m\u00e1s r\u00e1pido y eficiente. Podemos realizar m\u00e1s trabajo en menos tiempo. Adem\u00e1s, es muy robusta y fiable.<\/p>\n<p>\u2013 <strong>John Smith, Estados Unidos<\/strong><\/p>\n<p>Llevamos varios meses usando la 9JYY-2.5 y ha sido una revoluci\u00f3n en nuestras operaciones. La m\u00e1quina es f\u00e1cil de operar y manipula las pacas con cuidado, lo que reduce los da\u00f1os. La recomiendo ampliamente para cualquier granja a gran escala.<\/p>\n<p>\u2013 <strong>Emily Johnson, Australia<\/strong><\/p>\n<p>La eficiencia del transporte de pacas ha mejorado considerablemente en nuestra operaci\u00f3n. Con esta m\u00e1quina, podemos mover las pacas m\u00e1s r\u00e1pido, lo que ha ayudado a que nuestra granja funcione mejor durante la cosecha. \u00a1Estoy muy impresionado con el rendimiento!<\/p>\n<p>\u2013 <strong>Marco Rossi, Italia<\/strong><\/p>\n<p>Como contratista que ofrece servicios de transporte de pacas, esta m\u00e1quina ha sido una excelente inversi\u00f3n. Puede manejar pacas de diversos tama\u00f1os y nos ahorra tiempo, lo que nos permite atender a m\u00e1s clientes.<\/p>\n<p>\u2013 <strong>Lisa Chen, China<\/strong><\/p>\n<p>Llevamos un a\u00f1o usando el Excellent Type 9JYY-2.5 y sigue funcionando a la perfecci\u00f3n. Es f\u00e1cil de mantener y se ha convertido en una parte indispensable de nuestras operaciones agr\u00edcolas.<\/p>\n<p>\u2013 <strong>Peter M\u00fcller, Alemania<\/strong><\/p>\n<h2>\u00bfPor qu\u00e9 elegir nuestra excelente m\u00e1quina recolectora y transportadora de pacas redondas tipo 9JYY-2.5?<\/h2>\n<p>Nuestra m\u00e1quina ofrece calidad, fiabilidad y eficiencia excepcionales para todas sus necesidades de manipulaci\u00f3n de pacas. Estas son las principales razones para elegir nuestro producto:<\/p>\n<ul>\n<li><strong>Personalizaci\u00f3n r\u00e1pida:<\/strong> Ofrecemos opciones de personalizaci\u00f3n r\u00e1pida para satisfacer sus necesidades agr\u00edcolas espec\u00edficas, garantizando que la m\u00e1quina se adapte perfectamente a su operaci\u00f3n.<\/li>\n<li><strong>Fuerte soporte de servicio:<\/strong> Nuestro equipo est\u00e1 dedicado a brindar un servicio excepcional, que incluye soporte integral para instalaci\u00f3n, capacitaci\u00f3n y mantenimiento.<\/li>\n<li><strong>Garant\u00eda de 3 a\u00f1os:<\/strong> Ofrecemos una generosa garant\u00eda de 3 a\u00f1os, asegurando la tranquilidad de nuestros clientes.<\/li>\n<li><strong>Env\u00edo r\u00e1pido global:<\/strong> Apoyamos env\u00edos globales r\u00e1pidos, garantizando que su m\u00e1quina llegue cuando la necesita.<\/li>\n<li><strong>Servicio postventa integral:<\/strong> Brindamos un excelente soporte posventa, garantizando que su m\u00e1quina se mantenga en \u00f3ptimas condiciones durante toda su vida \u00fatil.<\/li>\n<\/ul>\n<h2>Impulse sus operaciones con nuestra excelente m\u00e1quina recolectora y transportadora de pacas redondas tipo 9JYY-2.5<\/h2>\n<p>Al elegir nuestra excelente m\u00e1quina recogedora y transportadora de pacas redondas tipo 9JYY-2.5, obtendr\u00e1 una soluci\u00f3n agr\u00edcola altamente eficiente, duradera y f\u00e1cil de operar. Nuestra s\u00f3lida capacidad de fabricaci\u00f3n garantiza que cada m\u00e1quina sea duradera y tenga un rendimiento \u00f3ptimo en diversas condiciones de campo.<\/p>\n<p>Adem\u00e1s de la excelente m\u00e1quina recogedora y transportadora de pacas redondas tipo 9JYY-2.5, tambi\u00e9n ofrecemos una amplia gama de accesorios y productos relacionados para ayudarle a optimizar su proceso de manipulaci\u00f3n de pacas redondas. Desde repuestos hasta diversos accesorios, tenemos todo lo necesario para garantizar el correcto funcionamiento de sus operaciones.<\/p>\n<p>\u00a1No lo dude! Descubra hoy mismo las potentes capacidades de la excelente m\u00e1quina recogedora y transportadora de pacas redondas tipo 9JYY-2.5. Cont\u00e1ctenos para hablar sobre sus necesidades y realizar su compra. Nuestro equipo est\u00e1 listo para ayudarle a encontrar la soluci\u00f3n ideal para su explotaci\u00f3n.<\/p>\n<h2>Preguntas frecuentes (FAQ)<\/h2>\n<p><strong>\u00bfCu\u00e1l es la capacidad de la excelente m\u00e1quina recolectora y transportadora de pacas redondas tipo 9JYY-2.5?<\/strong><\/p>\n<p>La m\u00e1quina puede manejar eficientemente pacas de hasta 2,5 metros de di\u00e1metro y puede transportar hasta 50 pacas por hora dependiendo de las condiciones del campo.<\/p>\n<p><strong>\u00bfC\u00f3mo funciona el sistema hidr\u00e1ulico en el Excellent Type 9JYY-2.5?<\/strong><\/p>\n<p>El sistema hidr\u00e1ulico eleva la paca mediante potentes brazos hidr\u00e1ulicos que la sujetan y la elevan con seguridad para su transporte. El sistema hidr\u00e1ulico est\u00e1 dise\u00f1ado para una alta eficiencia, garantizando un funcionamiento suave y seguro.<\/p>\n<p><strong>\u00bfQu\u00e9 tipos de campos son adecuados para utilizar esta m\u00e1quina?<\/strong><\/p>\n<p>El Excellent Type 9JYY-2.5 est\u00e1 dise\u00f1ado para diversos tipos de terreno, incluyendo terrenos llanos, ligeramente accidentados y moderadamente irregulares. Funciona mejor en campos abiertos grandes con amplio espacio para el transporte de pacas.<\/p>\n<p><strong>\u00bfSe puede personalizar la m\u00e1quina para necesidades agr\u00edcolas espec\u00edficas?<\/strong><\/p>\n<p>S\u00ed, ofrecemos opciones de personalizaci\u00f3n de la m\u00e1quina para satisfacer sus requisitos espec\u00edficos, como modificaciones para adaptarse a diferentes tama\u00f1os de pacas o condiciones del campo.<\/p>\n<p><strong>\u00bfQu\u00e9 tipo de mantenimiento requiere el Excellent Type 9JYY-2.5?<\/strong><\/p>\n<p>El mantenimiento regular incluye la limpieza de la m\u00e1quina despu\u00e9s de usarla, la revisi\u00f3n de los niveles de fluido hidr\u00e1ulico, la lubricaci\u00f3n de las piezas m\u00f3viles y la inspecci\u00f3n de neum\u00e1ticos y ruedas para detectar desgaste. Las inspecciones de rutina garantizar\u00e1n el correcto funcionamiento de la m\u00e1quina durante a\u00f1os.<\/p>\n<p><strong>\u00bfSe proporciona alg\u00fan tipo de formaci\u00f3n para los nuevos operadores?<\/strong><\/p>\n<p>S\u00ed, ofrecemos capacitaci\u00f3n para nuevos operadores, asegur\u00e1ndonos de que est\u00e9n familiarizados con las caracter\u00edsticas de la m\u00e1quina y los procedimientos de manejo adecuados.<\/p>\n<p><strong>\u00bfCu\u00e1l es el per\u00edodo de garant\u00eda del Excellent Type 9JYY-2.5?<\/strong><\/p>\n<p>Ofrecemos una garant\u00eda de 3 a\u00f1os para el Excellent Type 9JYY-2.5, brindando una cobertura integral para cualquier defecto de fabricaci\u00f3n.<\/p>\n<p><strong>\u00bfPuede el Excellent Type 9JYY-2.5 manejar diferentes tipos de pacas?<\/strong><\/p>\n<p>S\u00ed, la m\u00e1quina est\u00e1 dise\u00f1ada para manipular pacas redondas y cuadradas de varios tama\u00f1os, lo que la hace vers\u00e1til para diferentes operaciones agr\u00edcolas.<\/p>\n<p><strong>\u00bfCu\u00e1nto tiempo tarda en enviarse el Excellent Type 9JYY-2.5?<\/strong><\/p>\n<p>Los tiempos de env\u00edo var\u00edan seg\u00fan su ubicaci\u00f3n, pero ofrecemos env\u00edo global r\u00e1pido para garantizar que reciba su m\u00e1quina lo m\u00e1s r\u00e1pido posible.<\/p>\n<p><strong>\u00bfCu\u00e1les son las opciones de pago disponibles?<\/strong><\/p>\n<p>Aceptamos una variedad de m\u00e9todos de pago, incluidas transferencias bancarias, tarjetas de cr\u00e9dito y otras opciones de pago seguras en l\u00ednea para su conveniencia.<\/p>\n<p><strong>\u00bfHay soporte t\u00e9cnico disponible despu\u00e9s de la compra?<\/strong><\/p>\n<p>S\u00ed, brindamos soporte t\u00e9cnico y asistencia continua durante toda la vida \u00fatil de la m\u00e1quina, garantizando que reciba ayuda siempre que la necesite.<\/p>\n<p><strong>\u00bfC\u00f3mo puedo contactar con atenci\u00f3n al cliente?<\/strong><\/p>\n<p>Puede comunicarse con nuestro equipo de atenci\u00f3n al cliente a trav\u00e9s de correo electr\u00f3nico, tel\u00e9fono o nuestro formulario de contacto en l\u00ednea para obtener ayuda con cualquier consulta o problema.<\/p>\n<p><strong>\u00bfCu\u00e1les son los beneficios de utilizar esta m\u00e1quina en lugar del manejo manual de pacas?<\/strong><\/p>\n<p>El uso del excelente tipo 9JYY-2.5 reduce dr\u00e1sticamente el trabajo manual, aumenta la eficiencia, minimiza el da\u00f1o a los fardos y acelera todo el proceso de manipulaci\u00f3n de fardos, haci\u00e9ndolo m\u00e1s rentable a largo plazo.<\/p>\n<p><strong>\u00bfHay repuestos disponibles para el Excellent Type 9JYY-2.5?<\/strong><\/p>\n<p>S\u00ed, las piezas de repuesto est\u00e1n f\u00e1cilmente disponibles y se las podemos enviar r\u00e1pidamente para minimizar el tiempo de inactividad.<\/p>\n<p>editado por gzl<\/p>\n<p>&nbsp;<\/p>","protected":false},"excerpt":{"rendered":"<p>La recogedora y transportadora de pacas redondas 9JYY-2.5 es una herramienta robusta y eficiente dise\u00f1ada para optimizar el proceso de recogida y transporte de pacas redondas en explotaciones agr\u00edcolas de heno a gran escala. Esta m\u00e1quina tiene una capacidad de carga m\u00e1xima de 2500 kg y una velocidad de operaci\u00f3n de hasta 40 km\/h, lo que mejora significativamente la eficiencia de producci\u00f3n. Equipada con un sistema de descarga hidr\u00e1ulica, puede manipular pacas de hasta 1300 mm de di\u00e1metro, con longitud ajustable (1000-1500 mm). Su estructura robusta y duradera, su dise\u00f1o de doble rueda y su potente motor con una potencia de \u226520 kW le permiten manipular f\u00e1cilmente pacas pesadas y ofrecer un rendimiento excelente en diversas condiciones de campo.<\/p>","protected":false},"featured_media":277,"template":"","meta":{"_et_pb_use_builder":"","_et_pb_old_content":"","_et_gb_content_width":""},"product_brand":[],"product_cat":[24],"product_tag":[],"class_list":{"0":"post-231","1":"product","2":"type-product","3":"status-publish","4":"has-post-thumbnail","6":"product_cat-other-series-products","8":"first","9":"instock","10":"shipping-taxable","11":"product-type-simple"},"_links":{"self":[{"href":"https:\/\/square-balers.com\/es\/wp-json\/wp\/v2\/product\/231","targetHints":{"allow":["GET"]}}],"collection":[{"href":"https:\/\/square-balers.com\/es\/wp-json\/wp\/v2\/product"}],"about":[{"href":"https:\/\/square-balers.com\/es\/wp-json\/wp\/v2\/types\/product"}],"wp:featuredmedia":[{"embeddable":true,"href":"https:\/\/square-balers.com\/es\/wp-json\/wp\/v2\/media\/277"}],"wp:attachment":[{"href":"https:\/\/square-balers.com\/es\/wp-json\/wp\/v2\/media?parent=231"}],"wp:term":[{"taxonomy":"product_brand","embeddable":true,"href":"https:\/\/square-balers.com\/es\/wp-json\/wp\/v2\/product_brand?post=231"},{"taxonomy":"product_cat","embeddable":true,"href":"https:\/\/square-balers.com\/es\/wp-json\/wp\/v2\/product_cat?post=231"},{"taxonomy":"product_tag","embeddable":true,"href":"https:\/\/square-balers.com\/es\/wp-json\/wp\/v2\/product_tag?post=231"}],"curies":[{"name":"wp","href":"https:\/\/api.w.org\/{rel}","templated":true}]}}