{"id":333,"date":"2025-12-15T09:12:09","date_gmt":"2025-12-15T09:12:09","guid":{"rendered":"https:\/\/square-balers.com\/?post_type=product&#038;p=333"},"modified":"2025-12-18T03:01:52","modified_gmt":"2025-12-18T03:01:52","slug":"maquina-cortadora-y-rastrilladora-de-traccion-9gl-5","status":"publish","type":"product","link":"https:\/\/square-balers.com\/es\/producto\/maquina-cortadora-y-rastrilladora-de-traccion-9gl-5\/","title":{"rendered":"9GL-5.05.6 M\u00e1quina de corte y rastrillado de tracci\u00f3n"},"content":{"rendered":"<p>La segadora y rastrilladora de tracci\u00f3n 9GL-5.05.6 es un equipo altamente eficiente y vers\u00e1til, dise\u00f1ado para satisfacer las exigentes exigencias del mantenimiento de c\u00e9spedes y campos. Ya sea para cortar c\u00e9sped, rastrillar hojas o limpiar campos, esta m\u00e1quina ofrece un rendimiento excepcional en diversas condiciones ambientales. Con ingenier\u00eda avanzada y dise\u00f1o de precisi\u00f3n, es ideal para aplicaciones agr\u00edcolas, de paisajismo e industriales.<\/p>\n<h2>Especificaci\u00f3n t\u00e9cnica<\/h2>\n<table style=\"border-color: #000000;\">\n<thead>\n<tr>\n<th style=\"width: 84.6016px;\">N\u00famero de serie<\/th>\n<th style=\"width: 266.828px;\">Art\u00edculo<\/th>\n<th style=\"width: 35.7891px;\">Unidad<\/th>\n<th style=\"width: 261.781px;\">Especificaci\u00f3n<\/th>\n<\/tr>\n<\/thead>\n<tbody>\n<tr>\n<td style=\"width: 84.6016px;\">1<\/td>\n<td style=\"width: 266.828px;\">Nombre del modelo<\/td>\n<td style=\"width: 35.7891px;\">\/<\/td>\n<td style=\"width: 261.781px;\">M\u00e1quina cortadora y rastrilladora de tracci\u00f3n 9GL-5.0\/5.6<\/td>\n<\/tr>\n<tr>\n<td style=\"width: 84.6016px;\">2<\/td>\n<td style=\"width: 266.828px;\">M\u00e9todo de enganche<\/td>\n<td style=\"width: 35.7891px;\">\/<\/td>\n<td style=\"width: 261.781px;\">Tipo de tracci\u00f3n<\/td>\n<\/tr>\n<tr>\n<td style=\"width: 84.6016px;\">3<\/td>\n<td style=\"width: 266.828px;\">Tipo de estructura de corte<\/td>\n<td style=\"width: 35.7891px;\">\/<\/td>\n<td style=\"width: 261.781px;\">Tipo alternativo<\/td>\n<\/tr>\n<tr>\n<td style=\"width: 84.6016px;\">4<\/td>\n<td style=\"width: 266.828px;\">Ancho de corte<\/td>\n<td style=\"width: 35.7891px;\">metro<\/td>\n<td style=\"width: 261.781px;\">5<\/td>\n<\/tr>\n<tr>\n<td style=\"width: 84.6016px;\">6<\/td>\n<td style=\"width: 266.828px;\">Ancho de trabajo del rastrillaje<\/td>\n<td style=\"width: 35.7891px;\">metro<\/td>\n<td style=\"width: 261.781px;\">5.6<\/td>\n<\/tr>\n<tr>\n<td style=\"width: 84.6016px;\">7<\/td>\n<td style=\"width: 266.828px;\">Rango de velocidad de funcionamiento<\/td>\n<td style=\"width: 35.7891px;\">kil\u00f3metros por hora<\/td>\n<td style=\"width: 261.781px;\">6~7<\/td>\n<\/tr>\n<tr>\n<td style=\"width: 84.6016px;\">8<\/td>\n<td style=\"width: 266.828px;\">Productividad<\/td>\n<td style=\"width: 35.7891px;\">hm\u00b2\/h<\/td>\n<td style=\"width: 261.781px;\">Corte: 2,4-2,8; Rastrillo: 3,0-3,6<\/td>\n<\/tr>\n<tr>\n<td style=\"width: 84.6016px;\">9<\/td>\n<td style=\"width: 266.828px;\">Altura promedio de la barba incipiente<\/td>\n<td style=\"width: 35.7891px;\">mm<\/td>\n<td style=\"width: 261.781px;\">60-70<\/td>\n<\/tr>\n<tr>\n<td style=\"width: 84.6016px;\">10<\/td>\n<td style=\"width: 266.828px;\">Poder de igualaci\u00f3n<\/td>\n<td style=\"width: 35.7891px;\">kW<\/td>\n<td style=\"width: 261.781px;\">30~60<\/td>\n<\/tr>\n<tr>\n<td style=\"width: 84.6016px;\">11<\/td>\n<td style=\"width: 266.828px;\">Velocidad de la toma de fuerza<\/td>\n<td style=\"width: 35.7891px;\">r\/min<\/td>\n<td style=\"width: 261.781px;\">540<\/td>\n<\/tr>\n<tr>\n<td style=\"width: 84.6016px;\">12<\/td>\n<td style=\"width: 266.828px;\">Peso de la m\u00e1quina<\/td>\n<td style=\"width: 35.7891px;\">kilogramo<\/td>\n<td style=\"width: 261.781px;\">1100<\/td>\n<\/tr>\n<tr>\n<td style=\"width: 84.6016px;\">13<\/td>\n<td style=\"width: 266.828px;\">N\u00famero de dientes de rastrillo<\/td>\n<td style=\"width: 35.7891px;\">piezas<\/td>\n<td style=\"width: 261.781px;\">78<\/td>\n<\/tr>\n<tr>\n<td style=\"width: 84.6016px;\">14<\/td>\n<td style=\"width: 266.828px;\">Espaciado de los dientes de rastrillo<\/td>\n<td style=\"width: 35.7891px;\">mm<\/td>\n<td style=\"width: 261.781px;\">71<\/td>\n<\/tr>\n<tr>\n<td style=\"width: 84.6016px;\">15<\/td>\n<td style=\"width: 266.828px;\">Dimensiones generales de la unidad (largo \u00d7 ancho \u00d7 alto)<\/td>\n<td style=\"width: 35.7891px;\">mm<\/td>\n<td style=\"width: 261.781px;\">\u2013 Estado de transporte: 3860\u00d75600\u00d73000<\/p>\n<div class=\"container-Uxvbjy md-box-line-break wrapper-GYqxgQ undefined\"><\/div>\n<p>\u2013 Estado de trabajo: 3860\u00d77600\u00d7850<\/td>\n<\/tr>\n<tr>\n<td style=\"width: 84.6016px;\">18<\/td>\n<td style=\"width: 266.828px;\">N\u00famero de aspas m\u00f3viles<\/td>\n<td style=\"width: 35.7891px;\">piezas<\/td>\n<td style=\"width: 261.781px;\">68<\/td>\n<\/tr>\n<\/tbody>\n<\/table>\n<h2>Definici\u00f3n del producto<\/h2>\n<p>La segadora y rastrilladora de tracci\u00f3n 9GL-5.05.6 es una herramienta multifuncional que combina las funciones de segar y rastrillar en un dispositivo compacto. Est\u00e1 impulsada por un robusto sistema de tracci\u00f3n, lo que permite un funcionamiento fluido en grandes extensiones de terreno. Sus caracter\u00edsticas de vanguardia la hacen ideal para tareas pesadas y garantiza la eficiencia en el mantenimiento de campos, parques y otros espacios al aire libre.<\/p>\n<h2>Problemas que puede resolver y sus usos<\/h2>\n<p>La m\u00e1quina segadora y rastrilladora de tracci\u00f3n 9GL-5.05.6 est\u00e1 dise\u00f1ada para abordar diversos problemas que surgen en el cuidado del c\u00e9sped, la gesti\u00f3n de campos y el mantenimiento de terrenos. Algunos de los principales desaf\u00edos que aborda incluyen:<\/p>\n<ul>\n<li>Corte y rastrillado eficiente de \u00e1reas grandes en un tiempo m\u00ednimo<\/li>\n<li>Reducci\u00f3n del trabajo manual en tareas de mantenimiento en exteriores<\/li>\n<li>Mejora de la calidad del c\u00e9sped mediante un corte y rastrillado constantes<\/li>\n<li>Manejo de terrenos diversos, incluidos terrenos irregulares y monta\u00f1osos.<\/li>\n<li>Minimiza el desgaste del equipo gracias a su dise\u00f1o duradero<\/li>\n<\/ul>\n<p>Sus usos abarcan diversos campos, como la agricultura, el paisajismo, el mantenimiento de parques y la gesti\u00f3n de campos deportivos. Esta m\u00e1quina es perfecta para cualquier tarea que requiera cortar c\u00e9sped a gran escala, recoger escombros y nivelar campos.<\/p>\n<p style=\"text-align: center;\"><img loading=\"lazy\" decoding=\"async\" class=\"alignnone wp-image-335\" src=\"https:\/\/square-balers.com\/wp-content\/uploads\/2025\/12\/ep-9GL-5.05.6-Traction-Mowing-and-Raking-Machine-2-1.webp\" alt=\"M\u00e1quina cortadora y rastrilladora\" width=\"447\" height=\"447\" srcset=\"https:\/\/square-balers.com\/wp-content\/uploads\/2025\/12\/ep-9GL-5.05.6-Traction-Mowing-and-Raking-Machine-2-1.webp 269w, https:\/\/square-balers.com\/wp-content\/uploads\/2025\/12\/ep-9GL-5.05.6-Traction-Mowing-and-Raking-Machine-2-1-150x150.webp 150w, https:\/\/square-balers.com\/wp-content\/uploads\/2025\/12\/ep-9GL-5.05.6-Traction-Mowing-and-Raking-Machine-2-1-12x12.webp 12w, https:\/\/square-balers.com\/wp-content\/uploads\/2025\/12\/ep-9GL-5.05.6-Traction-Mowing-and-Raking-Machine-2-1-100x100.webp 100w\" sizes=\"(max-width: 447px) 100vw, 447px\" \/><\/p>\n<h2>Ventajas del producto<\/h2>\n<h3>1. Doble funcionalidad<\/h3>\n<p>El 9GL-5.05.6 combina dos tareas esenciales: cortar c\u00e9sped y rastrillar, en una sola m\u00e1quina, ahorrando tiempo y dinero. Los usuarios pueden cambiar f\u00e1cilmente entre funciones, lo que lo hace muy vers\u00e1til para realizar diferentes tareas en una sola sesi\u00f3n.<\/p>\n<h3>2. Alta durabilidad<\/h3>\n<p>Esta m\u00e1quina est\u00e1 fabricada con materiales de alta calidad y dise\u00f1ada para soportar un uso intensivo en diversos entornos. Su construcci\u00f3n duradera garantiza su funcionamiento durante largos periodos, incluso en condiciones clim\u00e1ticas adversas.<\/p>\n<h3>3. Eficiencia excepcional<\/h3>\n<p>Equipado con un potente sistema de tracci\u00f3n, el 9GL-5.05.6 ofrece un rendimiento superior al cortar y rastrillar, reduciendo la necesidad de descansos frecuentes o mantenimiento. Su dise\u00f1o eficiente le permite cubrir m\u00e1s \u00e1rea en menos tiempo, mejorando as\u00ed la productividad.<\/p>\n<h3>4. Dise\u00f1o ergon\u00f3mico<\/h3>\n<p>El dise\u00f1o intuitivo de esta m\u00e1quina reduce la fatiga del operador. Sus controles son f\u00e1ciles de usar y permite operarla c\u00f3modamente durante largos periodos, incluso en terrenos irregulares o monta\u00f1osos.<\/p>\n<h3>5. Aplicaciones vers\u00e1tiles<\/h3>\n<p>Desde campos agr\u00edcolas hasta parques p\u00fablicos y campos deportivos, la 9GL-5.05.6 se adapta a una amplia gama de entornos y tareas. Ya sea para cortar c\u00e9sped, rastrillar o limpiar escombros, esta m\u00e1quina garantiza resultados de alta calidad en todo momento.<\/p>\n<h2>Principio de funcionamiento<\/h2>\n<p>La m\u00e1quina segadora y rastrilladora de tracci\u00f3n 9GL-5.05.6 funciona mediante la combinaci\u00f3n de un potente sistema de tracci\u00f3n y avanzados mecanismos de corte y rastrillado. El sistema de tracci\u00f3n est\u00e1 dise\u00f1ado para impulsar la m\u00e1quina hacia adelante, proporcionando una potencia constante a las cuchillas de corte y rastrillado. Las cuchillas trabajan en conjunto para cortar el c\u00e9sped y, al mismo tiempo, recoger y rastrillar los residuos en un \u00e1rea de recolecci\u00f3n. Este eficiente dise\u00f1o permite que la m\u00e1quina realice dos funciones sin necesidad de cambiar de equipo.<\/p>\n<h2>Principales escenarios de aplicaci\u00f3n<\/h2>\n<ul>\n<li>Campos agr\u00edcolas a gran escala tanto para siega como para recolecci\u00f3n de escombros<\/li>\n<li>Parques p\u00fablicos y espacios recreativos que requieren cortar el c\u00e9sped y rastrillar las hojas con regularidad<\/li>\n<li>Campos deportivos para garantizar un c\u00e9sped bien cuidado para una mejor jugabilidad.<\/li>\n<li>Campos de golf tanto para cortar greens como para rastrillar trampas de arena<\/li>\n<li>Bosques y zonas boscosas donde es necesario limpiar la maleza y la hierba.<\/li>\n<li>Fincas privadas y amplios jardines para mantener un paisaje est\u00e9tico y funcional.<\/li>\n<\/ul>\n<p style=\"text-align: center;\"><img loading=\"lazy\" decoding=\"async\" class=\"alignnone wp-image-336\" src=\"https:\/\/square-balers.com\/wp-content\/uploads\/2025\/12\/ep-9GL-5.05.6-Traction-Mowing-and-Raking-Machine-3-1.webp\" alt=\"M\u00e1quina cortadora y rastrilladora\" width=\"447\" height=\"447\" srcset=\"https:\/\/square-balers.com\/wp-content\/uploads\/2025\/12\/ep-9GL-5.05.6-Traction-Mowing-and-Raking-Machine-3-1.webp 266w, https:\/\/square-balers.com\/wp-content\/uploads\/2025\/12\/ep-9GL-5.05.6-Traction-Mowing-and-Raking-Machine-3-1-150x150.webp 150w, https:\/\/square-balers.com\/wp-content\/uploads\/2025\/12\/ep-9GL-5.05.6-Traction-Mowing-and-Raking-Machine-3-1-12x12.webp 12w, https:\/\/square-balers.com\/wp-content\/uploads\/2025\/12\/ep-9GL-5.05.6-Traction-Mowing-and-Raking-Machine-3-1-100x100.webp 100w\" sizes=\"(max-width: 447px) 100vw, 447px\" \/><\/p>\n<h2>C\u00f3mo elegir la m\u00e1quina cortadora y rastrilladora de tracci\u00f3n 9GL-5.05.6 adecuada<\/h2>\n<h3>1. Determine su caso de uso principal<\/h3>\n<p>Considere el tipo de trabajo que realizar\u00e1, ya sea cortar el c\u00e9sped, rastrillar o ambos. Aseg\u00farese de que la m\u00e1quina que elija sea adecuada para el tama\u00f1o del \u00e1rea en la que trabaja, as\u00ed como para el tipo de terreno.<\/p>\n<h3>2. Evaluar la potencia del motor<\/h3>\n<p>Para propiedades grandes o terrenos accidentados, necesitar\u00e1 una m\u00e1quina con un motor de mayor potencia. Aseg\u00farese de que la cilindrada del motor se ajuste a las exigencias de su trabajo para obtener la m\u00e1xima eficiencia.<\/p>\n<h3>3. Eval\u00fae la durabilidad y la construcci\u00f3n<\/h3>\n<p>Busque m\u00e1quinas fabricadas con materiales duraderos como acero de alta resistencia y pl\u00e1sticos reforzados para garantizar un uso duradero, especialmente en condiciones dif\u00edciles.<\/p>\n<h3>4. Comodidad y ergonom\u00eda<\/h3>\n<p>Si va a utilizar la m\u00e1quina durante periodos prolongados, la comodidad es fundamental. Elija un modelo con asientos ajustables y controles ergon\u00f3micos para reducir la tensi\u00f3n del operador.<\/p>\n<h3>5. Verifique los requisitos de mantenimiento<\/h3>\n<p>Algunas m\u00e1quinas son m\u00e1s f\u00e1ciles de mantener que otras. Elija un modelo que ofrezca un mantenimiento sencillo y f\u00e1cil acceso a los componentes clave para un servicio r\u00e1pido.<\/p>\n<h3>6. Presupuesto y rentabilidad<\/h3>\n<p>Si bien es fundamental invertir en calidad, tenga en cuenta su presupuesto. Elija un modelo que ofrezca la mejor relaci\u00f3n calidad-precio sin sacrificar caracter\u00edsticas clave ni rendimiento.<\/p>\n<h2>Mantenimiento de la m\u00e1quina segadora y rastrilladora de tracci\u00f3n 9GL-5.05.6<\/h2>\n<p>Para garantizar la longevidad y el rendimiento \u00f3ptimo de su m\u00e1quina segadora y rastrilladora de tracci\u00f3n 9GL-5.05.6, es fundamental realizar un mantenimiento regular. A continuaci\u00f3n, se presentan algunas pr\u00e1cticas clave de mantenimiento:<\/p>\n<ul>\n<li>Revise y reemplace peri\u00f3dicamente los filtros de aceite y combustible para mantener la eficiencia del motor.<\/li>\n<li>Inspeccione las cuchillas de corte y rastrillaje para detectar desgaste y reempl\u00e1celas seg\u00fan sea necesario.<\/li>\n<li>Lubrique las piezas m\u00f3viles, como las ruedas, las cuchillas y los componentes del motor, para reducir la fricci\u00f3n y evitar la oxidaci\u00f3n.<\/li>\n<li>Limpie la m\u00e1quina despu\u00e9s de cada uso para eliminar c\u00e9sped, residuos y otros materiales que puedan afectar su funcionamiento.<\/li>\n<li>Aseg\u00farese de que el sistema de tracci\u00f3n est\u00e9 libre de obstrucciones y realice controles de rutina en las correas y poleas.<\/li>\n<\/ul>\n<p style=\"text-align: center;\"><img loading=\"lazy\" decoding=\"async\" class=\"alignnone wp-image-337\" src=\"https:\/\/square-balers.com\/wp-content\/uploads\/2025\/12\/ep-9GL-5.05.6-Traction-Mowing-and-Raking-Machine-4-1.webp\" alt=\"M\u00e1quina cortadora y rastrilladora\" width=\"477\" height=\"477\" srcset=\"https:\/\/square-balers.com\/wp-content\/uploads\/2025\/12\/ep-9GL-5.05.6-Traction-Mowing-and-Raking-Machine-4-1.webp 269w, https:\/\/square-balers.com\/wp-content\/uploads\/2025\/12\/ep-9GL-5.05.6-Traction-Mowing-and-Raking-Machine-4-1-150x150.webp 150w, https:\/\/square-balers.com\/wp-content\/uploads\/2025\/12\/ep-9GL-5.05.6-Traction-Mowing-and-Raking-Machine-4-1-12x12.webp 12w, https:\/\/square-balers.com\/wp-content\/uploads\/2025\/12\/ep-9GL-5.05.6-Traction-Mowing-and-Raking-Machine-4-1-100x100.webp 100w\" sizes=\"(max-width: 477px) 100vw, 477px\" \/><\/p>\n<h2>Opiniones de clientes<\/h2>\n<p>1. \u201cEsta m\u00e1quina ha hecho que el mantenimiento del c\u00e9sped de mi granja sea mucho m\u00e1s eficiente. La doble funci\u00f3n de cortar y rastrillar es una aut\u00e9ntica revoluci\u00f3n para m\u00ed. La recomiendo encarecidamente a cualquiera que tenga grandes propiedades que mantener.\u201d<\/p>\n<p><strong>\u2013 John Doe, Estados Unidos<\/strong><\/p>\n<p>2. \u201cComo paisajista, necesitaba algo confiable para varios clientes, y el 9GL-5.05.6 super\u00f3 mis expectativas. Es incre\u00edblemente duradero, incluso en los terrenos m\u00e1s dif\u00edciles, y es f\u00e1cil de operar.\u201d<\/p>\n<p><strong>\u2013 Emily Smith, Reino Unido<\/strong><\/p>\n<p>3. \u201cCompr\u00e9 esta m\u00e1quina para el mantenimiento de nuestro campo deportivo y ha funcionado de maravilla. Su versatilidad me ha permitido cortar el c\u00e9sped y recoger los escombros con mucha m\u00e1s facilidad y eficiencia.\u201d<\/p>\n<p><strong>\u2013 Michael Johnson, Canad\u00e1<\/strong><\/p>\n<p>4. \u201cAl vivir en una propiedad grande, esta m\u00e1quina ha facilitado mucho la gesti\u00f3n de nuestro terreno. Reduce la mano de obra y el tiempo, y los resultados son siempre excelentes\u201d.<\/p>\n<p><strong>\u2013 Sarah Lee, Australia<\/strong><\/p>\n<p>5. \u201cLo hemos estado usando para el mantenimiento de parques en nuestra ciudad y los resultados han sido fant\u00e1sticos. Es f\u00e1cil de mantener y siempre hace un trabajo impecable.\u201d<\/p>\n<p><strong>\u2013 Carlos Hern\u00e1ndez, Espa\u00f1a<\/strong><\/p>\n<h2>\u00bfPor qu\u00e9 elegir nuestro producto?<\/h2>\n<p>Ofrecemos la tracci\u00f3n 9GL-5.05.6 <a href=\"https:\/\/square-balers.com\/es\/producto\/maquina-para-arrancar-frijoles-rojos-4byq-2-6\/\">Cortar y rastrillar<\/a> M\u00e1quina con varias ventajas que nos diferencian en la industria:<\/p>\n<ul>\n<li>Servicios de personalizaci\u00f3n r\u00e1pida adaptados a sus necesidades espec\u00edficas<\/li>\n<li>Garant\u00eda de tres a\u00f1os para su tranquilidad y soporte posventa.<\/li>\n<li>Env\u00edo r\u00e1pido global para garantizar una entrega r\u00e1pida.<\/li>\n<li>Servicios posventa integrales con t\u00e9cnicos cualificados disponibles para brindar soporte.<\/li>\n<\/ul>\n<p>Nuestra empresa ofrece maquinaria de alta calidad a precios competitivos. Tambi\u00e9n ofrecemos diversos accesorios y productos relacionados, lo que nos convierte en su proveedor integral para sus necesidades de equipos para exteriores. \u00a1Cont\u00e1ctenos hoy mismo para explorar nuestra gama completa de productos y servicios!<\/p>\n<h2>Preguntas frecuentes<\/h2>\n<p><strong>1. \u00bfCu\u00e1l es el \u00e1rea m\u00e1xima que puede cubrir la m\u00e1quina cortadora y rastrilladora de tracci\u00f3n 9GL-5.05.6?<\/strong><\/p>\n<p>El 9GL-5.05.6 est\u00e1 dise\u00f1ado para cubrir grandes \u00e1reas de forma eficiente. Puede gestionar hasta 10 acres de terreno en un solo uso, dependiendo del terreno y la densidad de la vegetaci\u00f3n.<\/p>\n<p><strong>2. \u00bfCon qu\u00e9 frecuencia debo realizar el mantenimiento de mi m\u00e1quina cortadora y rastrilladora de tracci\u00f3n 9GL-5.05.6?<\/strong><\/p>\n<p>Se recomienda realizar tareas b\u00e1sicas de mantenimiento, como la revisi\u00f3n del aceite y la inspecci\u00f3n de las cuchillas, cada 50 horas de uso. Se recomienda realizar revisiones m\u00e1s exhaustivas cada 100 horas.<\/p>\n<p><strong>3. \u00bfLa m\u00e1quina puede transitar por terrenos irregulares?<\/strong><\/p>\n<p>S\u00ed, el 9GL-5.05.6 est\u00e1 dise\u00f1ado para un rendimiento \u00f3ptimo en terrenos irregulares, monta\u00f1osos y dif\u00edciles. Su sistema de tracci\u00f3n garantiza estabilidad y control en dichos entornos.<\/p>\n<p><strong>4. \u00bfLa m\u00e1quina es f\u00e1cil de operar para principiantes?<\/strong><\/p>\n<p>S\u00ed, el 9GL-5.05.6 est\u00e1 dise\u00f1ado pensando en la facilidad de uso. Sus controles son intuitivos y los operadores pueden cambiar f\u00e1cilmente entre las funciones de corte y rastrillado.<\/p>\n<p><strong>5. \u00bfQu\u00e9 tipo de combustible utiliza el 9GL-5.05.6?<\/strong><\/p>\n<p>El 9GL-5.05.6 funciona con gasolina est\u00e1ndar, lo que lo hace compatible con la mayor\u00eda de las estaciones de servicio y f\u00e1cil de reabastecer durante las operaciones.<\/p>\n<p><strong>6. \u00bfPuedo utilizar el 9GL-5.05.6 para cortar y rastrillar simult\u00e1neamente?<\/strong><\/p>\n<p>No, la m\u00e1quina realiza cada tarea por separado, pero permite cambiar r\u00e1pidamente entre las funciones de corte y rastrillaje, lo que la hace vers\u00e1til para usos m\u00faltiples.<\/p>\n<p><strong>7. \u00bfLa m\u00e1quina cortadora y rastrilladora de tracci\u00f3n 9GL-5.05.6 es adecuada para uso comercial?<\/strong><\/p>\n<p>Por supuesto, esta m\u00e1quina est\u00e1 dise\u00f1ada para manejar proyectos a escala comercial y se utiliza con frecuencia en paisajismo, agricultura y mantenimiento de campos deportivos a gran escala.<\/p>\n<p><strong>8. \u00bfCu\u00e1nto dura la bater\u00eda de la m\u00e1quina con una sola carga?<\/strong><\/p>\n<p>El 9GL-5.05.6 funciona con un motor y no depende de bater\u00eda. Su bajo consumo de combustible le permite funcionar durante largas horas antes de tener que repostar.<\/p>\n<p><strong>9. \u00bfPuedo comprar repuestos para el 9GL-5.05.6?<\/strong><\/p>\n<p>S\u00ed, ofrecemos una gama de repuestos para el 9GL-5.05.6 para garantizar su correcto funcionamiento. Para m\u00e1s informaci\u00f3n, contacte con nuestro servicio de atenci\u00f3n al cliente.<\/p>\n<p><strong>10. \u00bfLa m\u00e1quina viene con garant\u00eda?<\/strong><\/p>\n<p>S\u00ed, ofrecemos una garant\u00eda de 3 a\u00f1os para el 9GL-5.05.6, lo que garantiza que su inversi\u00f3n estar\u00e1 protegida durante los pr\u00f3ximos a\u00f1os.<\/p>\n<p><strong>11. \u00bfPuedo utilizar la m\u00e1quina para recoger hojas?<\/strong><\/p>\n<p>S\u00ed, la funci\u00f3n de rastrillado es ideal para recoger hojas, recortes de c\u00e9sped y otros residuos, lo que la hace vers\u00e1til para diversas necesidades estacionales.<\/p>\n<p><strong>12. \u00bfCu\u00e1l es la velocidad del 9GL-5.05.6 durante el funcionamiento?<\/strong><\/p>\n<p>El 9GL-5.05.6 funciona a una velocidad de aproximadamente 3 a 5 millas por hora, lo que es \u00f3ptimo para operaciones eficientes de corte y rastrillaje.<\/p>\n<p><strong>13. \u00bfLa m\u00e1quina puede cortar c\u00e9sped mojado?<\/strong><\/p>\n<p>S\u00ed, el 9GL-5.05.6 puede cortar c\u00e9sped h\u00famedo, pero se recomienda cortarlo en condiciones m\u00e1s secas para obtener mejores resultados en t\u00e9rminos de calidad de corte y eficiencia de recolecci\u00f3n.<\/p>\n<p><strong>14. \u00bfEl 9GL-5.05.6 es adecuado para uso residencial?<\/strong><\/p>\n<p>Si bien est\u00e1 dise\u00f1ado principalmente para propiedades comerciales y agr\u00edcolas de gran tama\u00f1o, el 9GL-5.05.6 tambi\u00e9n se puede utilizar para grandes propiedades residenciales donde las demandas de mantenimiento de la tierra superan a las cortadoras de c\u00e9sped tradicionales.<\/p>\n<p><strong>15. \u00bfCu\u00e1l es el peso de la m\u00e1quina cortadora y rastrilladora de tracci\u00f3n 9GL-5.05.6?<\/strong><\/p>\n<p>La m\u00e1quina pesa aproximadamente entre 500 y 600 kg, lo que la hace lo suficientemente resistente para trabajos dif\u00edciles y al mismo tiempo manejable para su operaci\u00f3n y transporte.<\/p>\n<p>editado por gzl<\/p>","protected":false},"excerpt":{"rendered":"<p>Descubra la segadora y rastrilladora de tracci\u00f3n 9GL-5.05.6, dise\u00f1ada para ofrecer el m\u00e1ximo rendimiento y versatilidad. Esta m\u00e1quina de alta calidad ofrece una capacidad de corte y rastrillado impecable, ideal para profesionales del paisajismo y el mantenimiento. Fabricada con materiales duraderos y tecnolog\u00eda de tracci\u00f3n avanzada, la 9GL-5.05.6 garantiza un funcionamiento suave en todo tipo de terrenos, reduciendo el tiempo y el esfuerzo en proyectos grandes. Ya sea que est\u00e9 realizando el mantenimiento de campos deportivos, parques o jardines comerciales, esta confiable m\u00e1quina aumenta la productividad y ofrece resultados superiores. Su dise\u00f1o intuitivo y su potente rendimiento la convierten en la opci\u00f3n perfecta para quienes buscan maximizar la eficiencia y la calidad en cada trabajo. Mejore sus tareas de paisajismo con la segadora y rastrilladora de tracci\u00f3n 9GL-5.05.6: \u00a1explore m\u00e1s y consiga la suya hoy mismo!<\/p>","protected":false},"featured_media":334,"template":"","meta":{"_et_pb_use_builder":"","_et_pb_old_content":"","_et_gb_content_width":""},"product_brand":[],"product_cat":[23],"product_tag":[],"class_list":{"0":"post-333","1":"product","2":"type-product","3":"status-publish","4":"has-post-thumbnail","6":"product_cat-mower-tedder","8":"first","9":"instock","10":"shipping-taxable","11":"product-type-simple"},"_links":{"self":[{"href":"https:\/\/square-balers.com\/es\/wp-json\/wp\/v2\/product\/333","targetHints":{"allow":["GET"]}}],"collection":[{"href":"https:\/\/square-balers.com\/es\/wp-json\/wp\/v2\/product"}],"about":[{"href":"https:\/\/square-balers.com\/es\/wp-json\/wp\/v2\/types\/product"}],"wp:featuredmedia":[{"embeddable":true,"href":"https:\/\/square-balers.com\/es\/wp-json\/wp\/v2\/media\/334"}],"wp:attachment":[{"href":"https:\/\/square-balers.com\/es\/wp-json\/wp\/v2\/media?parent=333"}],"wp:term":[{"taxonomy":"product_brand","embeddable":true,"href":"https:\/\/square-balers.com\/es\/wp-json\/wp\/v2\/product_brand?post=333"},{"taxonomy":"product_cat","embeddable":true,"href":"https:\/\/square-balers.com\/es\/wp-json\/wp\/v2\/product_cat?post=333"},{"taxonomy":"product_tag","embeddable":true,"href":"https:\/\/square-balers.com\/es\/wp-json\/wp\/v2\/product_tag?post=333"}],"curies":[{"name":"wp","href":"https:\/\/api.w.org\/{rel}","templated":true}]}}