{"id":362,"date":"2025-12-16T07:51:50","date_gmt":"2025-12-16T07:51:50","guid":{"rendered":"https:\/\/square-balers.com\/?post_type=product&#038;p=362"},"modified":"2025-12-18T02:59:20","modified_gmt":"2025-12-18T02:59:20","slug":"empacadora-redonda-de-9-anos-y-125-amperios","status":"publish","type":"product","link":"https:\/\/square-balers.com\/es\/producto\/empacadora-redonda-de-9-anos-y-125-amperios\/","title":{"rendered":"Empacadora redonda 9YG-1.25A"},"content":{"rendered":"<p>La empacadora de pacas redondas 9YG-1.25A es una innovadora herramienta agr\u00edcola dise\u00f1ada para recolectar y compactar eficientemente residuos agr\u00edcolas como heno, paja y ensilado en pacas redondas compactas. Esta m\u00e1quina es ideal para agricultores que buscan una soluci\u00f3n fiable para la gesti\u00f3n de la producci\u00f3n agr\u00edcola a gran escala. Con tecnolog\u00eda avanzada y un dise\u00f1o robusto, ofrece durabilidad y facilidad de uso, lo que la convierte en una opci\u00f3n fiable para las necesidades de la agricultura moderna.<\/p>\n<h2>Especificaci\u00f3n t\u00e9cnica<\/h2>\n<table style=\"height: 540px;\">\n<thead>\n<tr style=\"height: 18px;\">\n<th style=\"width: 26.5234px; height: 18px;\">No.<\/th>\n<th style=\"width: 200px; height: 18px;\">Art\u00edculo<\/th>\n<th style=\"width: 53px; height: 18px;\">Unidad<\/th>\n<th style=\"width: 150px; height: 18px;\">Especificaci\u00f3n<\/th>\n<\/tr>\n<\/thead>\n<tbody>\n<tr style=\"height: 18px;\">\n<td style=\"width: 26.5234px; height: 18px;\">1<\/td>\n<td style=\"width: 200px; height: 18px;\">Nombre del modelo<\/td>\n<td style=\"width: 53px; height: 18px;\">\/<\/td>\n<td style=\"width: 150px; height: 18px;\">Empacadora redonda 9YG-1.25A<\/td>\n<\/tr>\n<tr style=\"height: 18px;\">\n<td style=\"width: 26.5234px; height: 18px;\">2<\/td>\n<td style=\"width: 200px; height: 18px;\">M\u00e9todo de enganche<\/td>\n<td style=\"width: 53px; height: 18px;\">\/<\/td>\n<td style=\"width: 150px; height: 18px;\">Tipo de tracci\u00f3n<\/td>\n<\/tr>\n<tr style=\"height: 18px;\">\n<td style=\"width: 26.5234px; height: 18px;\">3<\/td>\n<td style=\"width: 200px; height: 18px;\">Ancho de selecci\u00f3n<\/td>\n<td style=\"width: 53px; height: 18px;\">mm<\/td>\n<td style=\"width: 150px; height: 18px;\">2150<\/td>\n<\/tr>\n<tr style=\"height: 18px;\">\n<td style=\"width: 26.5234px; height: 18px;\">4<\/td>\n<td style=\"width: 200px; height: 18px;\">Tipo de estructura del selector<\/td>\n<td style=\"width: 53px; height: 18px;\">\/<\/td>\n<td style=\"width: 150px; height: 18px;\">Tipo de diente de resorte<\/td>\n<\/tr>\n<tr style=\"height: 36px;\">\n<td style=\"width: 26.5234px; height: 36px;\">5<\/td>\n<td style=\"width: 200px; height: 36px;\">Tipo de estructura del alimentador<\/td>\n<td style=\"width: 53px; height: 36px;\">\/<\/td>\n<td style=\"width: 150px; height: 36px;\">Rueda de dedo + tipo rodillo<\/td>\n<\/tr>\n<tr style=\"height: 36px;\">\n<td style=\"width: 26.5234px; height: 36px;\">6<\/td>\n<td style=\"width: 200px; height: 36px;\">Tipo de estructura de la empacadora de c\u00e1mara de compresi\u00f3n<\/td>\n<td style=\"width: 53px; height: 36px;\">\/<\/td>\n<td style=\"width: 150px; height: 36px;\">Tipo de rodillo<\/td>\n<\/tr>\n<tr style=\"height: 36px;\">\n<td style=\"width: 26.5234px; height: 36px;\">7<\/td>\n<td style=\"width: 200px; height: 36px;\">Ancho de la c\u00e1mara de compresi\u00f3n<\/td>\n<td style=\"width: 53px; height: 36px;\">mm<\/td>\n<td style=\"width: 150px; height: 36px;\">1250<\/td>\n<\/tr>\n<tr style=\"height: 36px;\">\n<td style=\"width: 26.5234px; height: 36px;\">8<\/td>\n<td style=\"width: 200px; height: 36px;\">Di\u00e1metro de la c\u00e1mara de compresi\u00f3n<\/td>\n<td style=\"width: 53px; height: 36px;\">mm<\/td>\n<td style=\"width: 150px; height: 36px;\">\u03a61200<\/td>\n<\/tr>\n<tr style=\"height: 36px;\">\n<td style=\"width: 26.5234px; height: 36px;\">9<\/td>\n<td style=\"width: 200px; height: 36px;\">N\u00famero de componentes de trabajo rodantes<\/td>\n<td style=\"width: 53px; height: 36px;\">piezas<\/td>\n<td style=\"width: 150px; height: 36px;\">18 (Rodillos)<\/td>\n<\/tr>\n<tr style=\"height: 18px;\">\n<td style=\"width: 26.5234px; height: 18px;\">10<\/td>\n<td style=\"width: 200px; height: 18px;\">Di\u00e1metro del rodillo de laminaci\u00f3n<\/td>\n<td style=\"width: 53px; height: 18px;\">mm<\/td>\n<td style=\"width: 150px; height: 18px;\">\u03a6222<\/td>\n<\/tr>\n<tr style=\"height: 18px;\">\n<td style=\"width: 26.5234px; height: 18px;\">11<\/td>\n<td style=\"width: 200px; height: 18px;\">M\u00e9todo de empacado<\/td>\n<td style=\"width: 53px; height: 18px;\">\/<\/td>\n<td style=\"width: 150px; height: 18px;\">Envoltura de red<\/td>\n<\/tr>\n<tr style=\"height: 18px;\">\n<td style=\"width: 26.5234px; height: 18px;\">12<\/td>\n<td style=\"width: 200px; height: 18px;\">Poder de igualaci\u00f3n<\/td>\n<td style=\"width: 53px; height: 18px;\">kilovatios<\/td>\n<td style=\"width: 150px; height: 18px;\">\u226575<\/td>\n<\/tr>\n<tr style=\"height: 18px;\">\n<td style=\"width: 26.5234px; height: 18px;\">13<\/td>\n<td style=\"width: 200px; height: 18px;\">Masa estructural<\/td>\n<td style=\"width: 53px; height: 18px;\">kilogramo<\/td>\n<td style=\"width: 150px; height: 18px;\">4472<\/td>\n<\/tr>\n<tr style=\"height: 18px;\">\n<td style=\"width: 26.5234px; height: 18px;\">14<\/td>\n<td style=\"width: 200px; height: 18px;\">Velocidad de la toma de fuerza<\/td>\n<td style=\"width: 53px; height: 18px;\">r\/min<\/td>\n<td style=\"width: 150px; height: 18px;\">540-1000<\/td>\n<\/tr>\n<tr style=\"height: 36px;\">\n<td style=\"width: 26.5234px; height: 36px;\">15<\/td>\n<td style=\"width: 200px; height: 36px;\">Dimensiones generales (estado de funcionamiento, L\u00d7An\u00d7Al)<\/td>\n<td style=\"width: 53px; height: 36px;\">mm<\/td>\n<td style=\"width: 150px; height: 36px;\">4400\u00d72850\u00d72400<\/td>\n<\/tr>\n<tr style=\"height: 18px;\">\n<td style=\"width: 26.5234px; height: 18px;\">16<\/td>\n<td style=\"width: 200px; height: 18px;\">Control de densidad de pacas<\/td>\n<td style=\"width: 53px; height: 18px;\">\/<\/td>\n<td style=\"width: 150px; height: 18px;\">Control de sensores<\/td>\n<\/tr>\n<tr style=\"height: 18px;\">\n<td style=\"width: 26.5234px; height: 18px;\">17<\/td>\n<td style=\"width: 200px; height: 18px;\">Tama\u00f1o de la paca (di\u00e1metro \u00d7 ancho)<\/td>\n<td style=\"width: 53px; height: 18px;\">mm<\/td>\n<td style=\"width: 150px; height: 18px;\">\u03a61300\u00d71250<\/td>\n<\/tr>\n<tr style=\"height: 18px;\">\n<td style=\"width: 26.5234px; height: 18px;\">18<\/td>\n<td style=\"width: 200px; height: 18px;\">Densidad de pacas<\/td>\n<td style=\"width: 53px; height: 18px;\">kg\/m\u00b3<\/td>\n<td style=\"width: 150px; height: 18px;\">100-200<\/td>\n<\/tr>\n<tr style=\"height: 18px;\">\n<td style=\"width: 26.5234px; height: 18px;\">19<\/td>\n<td style=\"width: 200px; height: 18px;\">Productividad<\/td>\n<td style=\"width: 53px; height: 18px;\">pacas\/h<\/td>\n<td style=\"width: 150px; height: 18px;\">40~100<\/td>\n<\/tr>\n<tr style=\"height: 18px;\">\n<td style=\"width: 26.5234px; height: 18px;\">20<\/td>\n<td style=\"width: 200px; height: 18px;\">Pista de rueda<\/td>\n<td style=\"width: 53px; height: 18px;\">mm<\/td>\n<td style=\"width: 150px; height: 18px;\">2450<\/td>\n<\/tr>\n<tr style=\"height: 18px;\">\n<td style=\"width: 26.5234px; height: 18px;\">21<\/td>\n<td style=\"width: 200px; height: 18px;\">Velocidad de operaci\u00f3n<\/td>\n<td style=\"width: 53px; height: 18px;\">kil\u00f3metros por hora<\/td>\n<td style=\"width: 150px; height: 18px;\">5-35<\/td>\n<\/tr>\n<tr style=\"height: 36px;\">\n<td style=\"width: 26.5234px; height: 36px;\">22<\/td>\n<td style=\"width: 200px; height: 36px;\">Especificaci\u00f3n de la red de pacas (largo \u00d7 ancho)<\/td>\n<td style=\"width: 53px; height: 36px;\">\/<\/td>\n<td style=\"width: 150px; height: 36px;\">2000\u00d71,25 \u00bf? \/bala<\/td>\n<\/tr>\n<\/tbody>\n<\/table>\n<p><img loading=\"lazy\" decoding=\"async\" class=\"alignnone size-medium wp-image-363 aligncenter\" src=\"https:\/\/square-balers.com\/wp-content\/uploads\/2025\/12\/EP-9YG-1.25A-Round-Baler-1-1-1-1-300x300.webp\" alt=\"Empacadora redonda\" width=\"300\" height=\"300\" \/><\/p>\n<h2>Definici\u00f3n del producto<\/h2>\n<p>La empacadora de pacas redondas 9YG-1.25A es una m\u00e1quina agr\u00edcola de alto rendimiento dise\u00f1ada para crear pacas redondas compactas a partir de diversos tipos de residuos de cultivos. Este equipo est\u00e1 equipado con caracter\u00edsticas modernas para mejorar la eficiencia operativa, incluyendo un sistema de alimentaci\u00f3n autom\u00e1tico, piezas duraderas y una interfaz f\u00e1cil de usar.<\/p>\n<h2>Problemas que resuelve y utiliza<\/h2>\n<p>La empacadora de heno 9YG-1.25A est\u00e1 dise\u00f1ada espec\u00edficamente para abordar los desaf\u00edos de los agricultores modernos. Reduce significativamente la mano de obra y el tiempo necesarios para empacar heno, a la vez que mejora la eficiencia del almacenamiento y el transporte de los materiales agr\u00edcolas. Este producto es ideal para la producci\u00f3n de heno y paja a gran escala, mejorando la productividad y reduciendo los costos generales.<\/p>\n<h2>Ventajas de la empacadora redonda 9YG-1.25A<\/h2>\n<ul>\n<li><strong>Mayor eficiencia:<\/strong> La m\u00e1quina funciona con un sistema de empacado de alta velocidad que garantiza un procesamiento r\u00e1pido, permitiendo a los usuarios cubrir m\u00e1s \u00e1rea en menos tiempo.<\/li>\n<li><strong>Construcci\u00f3n duradera:<\/strong> Construida con materiales de alta calidad, la empacadora est\u00e1 dise\u00f1ada para soportar duras condiciones de trabajo y garantizar la longevidad bajo un uso intensivo.<\/li>\n<li><strong>Rentable:<\/strong> El 9YG-1.25A reduce los costos de mano de obra y mejora la eficiencia del combustible, lo que lo convierte en una soluci\u00f3n altamente rentable para granjas grandes.<\/li>\n<li><strong>F\u00e1cil de operar:<\/strong> Con una interfaz f\u00e1cil de usar y un mecanismo de alimentaci\u00f3n autom\u00e1tico, la empacadora es f\u00e1cil de usar, incluso para operadores sin experiencia.<\/li>\n<li><strong>Beneficios ambientales:<\/strong> Al compactar los residuos en pacas, la m\u00e1quina reduce el desperdicio y contribuye a una gesti\u00f3n m\u00e1s eficiente de la tierra y la eliminaci\u00f3n de desechos en las operaciones agr\u00edcolas.<\/li>\n<\/ul>\n<h2>C\u00f3mo funciona la empacadora redonda 9YG-1.25A<\/h2>\n<p>La empacadora de pacas redondas 9YG-1.25A utiliza una serie de rodillos giratorios y un sistema de alimentaci\u00f3n autom\u00e1tico para reunir, comprimir y formar pacas redondas de materiales agr\u00edcolas. El sistema de alimentaci\u00f3n autom\u00e1tico de la m\u00e1quina garantiza un funcionamiento continuo, mientras que la c\u00e1mara de compresi\u00f3n asegura que las pacas est\u00e9n compactadas, reduciendo el volumen y facilitando su manipulaci\u00f3n, almacenamiento y transporte. Adem\u00e1s, el sistema hidr\u00e1ulico de la empacadora proporciona un control preciso, lo que mejora la eficiencia general de la m\u00e1quina.<\/p>\n<h2>Principales aplicaciones de la empacadora cil\u00edndrica 9YG-1.25A<\/h2>\n<ul>\n<li><strong>Producci\u00f3n de heno:<\/strong> Ideal para recolectar y comprimir pasto seco en pacas compactas para alimentar al ganado.<\/li>\n<li><strong>Empacado de paja:<\/strong> Perfecto para recolectar trigo, arroz y otros residuos de paja para formar pacas compactas para almacenamiento o procesamiento.<\/li>\n<li><strong>Fabricaci\u00f3n de ensilaje:<\/strong> Excelente para empacar cultivos de ensilaje, que se almacenan para la alimentaci\u00f3n del ganado durante los meses de invierno.<\/li>\n<li><strong>Gesti\u00f3n de residuos agr\u00edcolas:<\/strong> Eficaz para comprimir residuos agr\u00edcolas en pacas manejables para su eliminaci\u00f3n o reciclaje.<\/li>\n<li><strong>Eficiencia del transporte:<\/strong> Los fardos producidos son f\u00e1ciles de transportar, lo que ayuda a reducir los costos asociados con el almacenamiento y el movimiento de grandes cantidades de materiales agr\u00edcolas.<\/li>\n<li><strong>Prevenci\u00f3n de incendios:<\/strong> Al comprimir los residuos de cultivos en pacas, la empacadora ayuda a reducir los riesgos de incendio en los campos al evitar la acumulaci\u00f3n de material combustible.<\/li>\n<\/ul>\n<h2>C\u00f3mo elegir la empacadora redonda 9YG-1.25A adecuada<\/h2>\n<ul>\n<li><strong>Comprenda el tama\u00f1o de su granja:<\/strong> Elija una empacadora que se adapte a la escala de su granja y a los requisitos de producci\u00f3n para garantizar la eficiencia y la productividad.<\/li>\n<li><strong>Considere los tipos de cultivos:<\/strong> La empacadora es vers\u00e1til, pero es importante asegurarse de que sea compatible con los cultivos espec\u00edficos que usted cultiva, como heno, paja o ensilaje.<\/li>\n<li><strong>Examinar la capacidad de la empacadora:<\/strong> Considere el tama\u00f1o y el peso de la paca que mejor se adapte a su capacidad de transporte y almacenamiento. Aseg\u00farese de que satisfaga sus necesidades operativas.<\/li>\n<li><strong>Evaluar la durabilidad:<\/strong> Busque una m\u00e1quina dise\u00f1ada para soportar las condiciones clim\u00e1ticas y agr\u00edcolas. El 9YG-1.25A ofrece fiabilidad a largo plazo.<\/li>\n<li><strong>Considere su presupuesto:<\/strong> El 9YG-1.25A es una soluci\u00f3n rentable, pero eval\u00fae su capacidad financiera para invertir en el equipo y sus beneficios a largo plazo.<\/li>\n<li><strong>Consultar servicio posventa:<\/strong> Elija un proveedor que ofrezca excelente servicio al cliente, garant\u00eda y soporte de repuestos para garantizar que su inversi\u00f3n est\u00e9 bien protegida.<\/li>\n<\/ul>\n<h2>Mantenimiento de la empacadora redonda 9YG-1.25A<\/h2>\n<p>Mantenimiento del 9YG-1.25A <a href=\"https:\/\/square-balers.com\/es\/producto\/empacadora-redonda-de-9-anos-y-10-pulgadas\/\">Empacadora redonda<\/a> Es crucial para garantizar su longevidad y un rendimiento \u00f3ptimo. El mantenimiento regular incluye la revisi\u00f3n del sistema hidr\u00e1ulico, la limpieza del mecanismo de alimentaci\u00f3n, la inspecci\u00f3n de la c\u00e1mara de empacado y la lubricaci\u00f3n de las piezas m\u00f3viles. Reemplazar regularmente los componentes desgastados, como rodillos, correas y fluidos hidr\u00e1ulicos, tambi\u00e9n prolongar\u00e1 la vida \u00fatil de la m\u00e1quina. Consulte siempre las instrucciones de mantenimiento del fabricante para obtener los mejores resultados.<\/p>\n<h2>Opiniones de clientes<\/h2>\n<p>La empacadora redonda 9YG-1.25A ha mejorado enormemente nuestra producci\u00f3n de heno. La m\u00e1quina funciona bien incluso en condiciones dif\u00edciles y hemos notado una reducci\u00f3n significativa en los costos de mano de obra. Es f\u00e1cil de operar y las pacas salen perfectamente compactas. \u00a1La recomiendo ampliamente!<br \/>\n<strong>\u2014Juan Smith, <\/strong><strong>EE.UU<\/strong><\/p>\n<p>Como granja especializada en la producci\u00f3n de ensilado, la 9YG-1.25A es la incorporaci\u00f3n perfecta a nuestras operaciones. La m\u00e1quina ha sido fiable y las pacas son uniformes y est\u00e1n bien compactadas, lo que facilita enormemente el almacenamiento y el transporte.<br \/>\n<strong>\u2014Emily Nguyen, <\/strong><strong>Canad\u00e1<\/strong><\/p>\n<p>Compramos la 9YG-1.25A la temporada pasada y su rendimiento nos impresion\u00f3. Maneja grandes vol\u00famenes de paja sin dificultad y las pacas quedan compactas, lo que mejora la eficiencia del almacenamiento. Estamos muy satisfechos con esta inversi\u00f3n.<br \/>\n<strong>\u2014David Johnson, <\/strong><strong>Reino Unido<\/strong><\/p>\n<p>La m\u00e1quina es f\u00e1cil de mantener y el servicio posventa ha sido excepcional. Usamos la 9YG-1.25A tanto para empacar heno como paja, y ha superado nuestras expectativas en todos los sentidos.<br \/>\n<strong>\u2014\u2014Mar\u00eda L\u00f3pez, <\/strong><strong>M\u00e9xico<\/strong><\/p>\n<p>Tras haber utilizado diversas empacadoras, puedo afirmar con seguridad que la 9YG-1.25A destaca por su durabilidad y eficiencia. Ha marcado una gran diferencia en nuestras operaciones y ahora podemos completar las tareas m\u00e1s r\u00e1pido que nunca.<br \/>\n<strong>\u2014Antonio Ferreira, <\/strong><strong>Brasil<\/strong><\/p>\n<h2>\u00bfPor qu\u00e9 elegir nuestra empacadora redonda 9YG-1.25A?<\/h2>\n<p>Ofrecemos un servicio r\u00e1pido y personalizado, con soluciones a medida para satisfacer sus necesidades espec\u00edficas. Nuestro s\u00f3lido equipo de servicio le garantiza una atenci\u00f3n al cliente de primera clase durante toda la vida \u00fatil de su m\u00e1quina. Con una garant\u00eda de 3 a\u00f1os y un excelente servicio posventa, puede estar seguro de que su compra est\u00e1 protegida. Adem\u00e1s, ofrecemos env\u00edos r\u00e1pidos a nivel mundial, lo que garantiza que recibir\u00e1 su pedido r\u00e1pidamente. Nuestro completo servicio posventa le garantiza que siempre estaremos ah\u00ed cuando nos necesite.<\/p>\n<p>Nos enorgullece ofrecer la empacadora redonda 9YG-1.25A, una soluci\u00f3n confiable y rentable para sus necesidades agr\u00edcolas. Con tecnolog\u00eda avanzada, construcci\u00f3n robusta y operaci\u00f3n eficiente, este producto ofrece una excelente relaci\u00f3n calidad-precio para operaciones agr\u00edcolas a gran escala. Nuestro compromiso con la calidad, precios competitivos y un servicio al cliente excepcional le garantizan la mejor experiencia posible. Adem\u00e1s de la 9YG-1.25A, tambi\u00e9n ofrecemos diversos accesorios y productos relacionados dise\u00f1ados para complementar sus necesidades de maquinaria agr\u00edcola. No dude en contactarnos para obtener m\u00e1s informaci\u00f3n y explorar este incre\u00edble producto en profundidad.<\/p>\n<p>\u00a1Cont\u00e1ctenos ahora para realizar su compra y mejorar las operaciones de su granja con la empacadora redonda 9YG-1.25A!<\/p>\n<h2>Preguntas frecuentes<\/h2>\n<ol>\n<li><strong>\u00bfCu\u00e1l es la capacidad de la empacadora redonda 9YG-1.25A?<\/strong> La empacadora de pacas redondas 9YG-1.25A ofrece una eficiente capacidad de procesamiento, ideal para granjas medianas y grandes. Puede procesar grandes vol\u00famenes de heno, paja y ensilado con facilidad, ofreciendo un alto rendimiento y un rendimiento eficiente.<\/li>\n<li><strong>\u00bfSe puede utilizar la empacadora redonda 9YG-1.25A en todas las condiciones clim\u00e1ticas?<\/strong> S\u00ed, el 9YG-1.25A est\u00e1 dise\u00f1ado para funcionar en diversas condiciones clim\u00e1ticas, incluyendo ambientes h\u00famedos, secos y mojados. Sin embargo, es necesario un mantenimiento y cuidado adecuados para un rendimiento \u00f3ptimo.<\/li>\n<li><strong>\u00bfCu\u00e1nto tiempo durar\u00e1 la empacadora redonda 9YG-1.25A?<\/strong> Con un mantenimiento adecuado, la empacadora de pacas redondas 9YG-1.25A est\u00e1 dise\u00f1ada para durar muchos a\u00f1os. Su construcci\u00f3n duradera y los materiales de alta calidad garantizan fiabilidad y rendimiento a largo plazo.<\/li>\n<li><strong>\u00bfEs f\u00e1cil transportar la empacadora redonda 9YG-1.25A?<\/strong> S\u00ed, el 9YG-1.25A est\u00e1 dise\u00f1ado para ser compacto y f\u00e1cil de transportar. Su construcci\u00f3n ligera permite reubicarlo f\u00e1cilmente entre campos, optimizando la flexibilidad operativa.<\/li>\n<li><strong>\u00bfQu\u00e9 tipo de garant\u00eda se ofrece con la empacadora redonda 9YG-1.25A?<\/strong> La 9YG-1.25A cuenta con una garant\u00eda de 3 a\u00f1os que cubre cualquier defecto de fabricaci\u00f3n y ofrece tranquilidad al comprador. Adem\u00e1s, nuestro servicio posventa le garantiza asistencia continua durante toda la vida \u00fatil de la m\u00e1quina.<\/li>\n<li><strong>\u00bfPuedo obtener piezas de repuesto para la empacadora redonda 9YG-1.25A?<\/strong> S\u00ed, ofrecemos una gama completa de piezas de repuesto y accesorios para la empacadora redonda 9YG-1.25A para garantizar un rendimiento y una confiabilidad continuos.<\/li>\n<li><strong>\u00bfCu\u00e1l es el precio de la empacadora redonda 9YG-1.25A?<\/strong> El precio de la empacadora de pacas redondas 9YG-1.25A depende de las opciones de personalizaci\u00f3n, el lugar de env\u00edo y la cantidad del pedido. Cont\u00e1ctenos para obtener un presupuesto personalizado seg\u00fan sus necesidades.<\/li>\n<li><strong>\u00bfC\u00f3mo realizo el mantenimiento de la empacadora redonda 9YG-1.25A?<\/strong> El mantenimiento regular incluye la inspecci\u00f3n del sistema hidr\u00e1ulico, la limpieza del mecanismo de alimentaci\u00f3n y la sustituci\u00f3n de componentes desgastados, como rodillos y correas. Siga las instrucciones de mantenimiento del fabricante para obtener los mejores resultados.<\/li>\n<li><strong>\u00bfCuanto cuesta la empacadora redonda 9YG-1.25A en diferentes pa\u00edses?<\/strong> El costo puede variar seg\u00fan tu ubicaci\u00f3n y los gastos de env\u00edo. Contacta con nuestros representantes locales para obtener un precio exacto seg\u00fan tu regi\u00f3n.<\/li>\n<li><strong>\u00bfLa empacadora redonda 9YG-1.25A es adecuada para ensilaje?<\/strong> S\u00ed, el 9YG-1.25A es perfecto para comprimir ensilaje, lo que lo convierte en una excelente opci\u00f3n para los agricultores involucrados en la producci\u00f3n de ensilaje.<\/li>\n<li><strong>\u00bfCu\u00e1l es el tama\u00f1o m\u00e1ximo de paca de la empacadora redonda 9YG-1.25A?<\/strong> La empacadora redonda 9YG-1.25A produce pacas compactas y uniformes, con un di\u00e1metro m\u00e1ximo de 1,25 metros, lo que las hace ideales para el almacenamiento y el transporte.<\/li>\n<li><strong>\u00bfSe puede utilizar la empacadora redonda 9YG-1.25A para diferentes tipos de cultivos?<\/strong> S\u00ed, es vers\u00e1til y se puede utilizar para una amplia variedad de cultivos, incluidos heno, paja, ensilaje y otros residuos agr\u00edcolas.<\/li>\n<li><strong>\u00bfQu\u00e9 tipo de servicio postventa ofrece?<\/strong> Brindamos soporte posventa integral, que incluye una garant\u00eda de 3 a\u00f1os, asistencia para la resoluci\u00f3n de problemas y repuestos f\u00e1cilmente disponibles para garantizar que la m\u00e1quina funcione sin problemas durante a\u00f1os.<\/li>\n<li><strong>\u00bfSe puede utilizar la empacadora redonda 9YG-1.25A en granjas peque\u00f1as?<\/strong> Si bien el 9YG-1.25A est\u00e1 dise\u00f1ado para operaciones de mediana a gran escala, tambi\u00e9n es adecuado para granjas peque\u00f1as con ajustes apropiados para adaptarse a sus necesidades operativas.<\/li>\n<li><strong>\u00bfC\u00f3mo puedo solicitar una empacadora redonda 9YG-1.25A?<\/strong> Puede contactarnos directamente a trav\u00e9s de nuestro sitio web o de nuestro servicio de atenci\u00f3n al cliente para consultas y realizar pedidos. Ofrecemos opciones de env\u00edo r\u00e1pido a todo el mundo.<\/li>\n<\/ol>\n<p>editado por gzl<\/p>","protected":false},"excerpt":{"rendered":"<p>Descubra la empacadora redonda 9YG-1.25, dise\u00f1ada para un rendimiento y una eficiencia superiores. Ideal para granjas de gran tama\u00f1o, proporciona un empacado r\u00e1pido y fiable con un mantenimiento m\u00ednimo. Aumente su productividad con sus caracter\u00edsticas avanzadas y su dise\u00f1o duradero. \u00bfListo para aumentar su cosecha? \u00a1Cont\u00e1ctenos ahora para una demostraci\u00f3n o para obtener m\u00e1s informaci\u00f3n sobre nuestro producto!<\/p>","protected":false},"featured_media":363,"template":"","meta":{"_et_pb_use_builder":"","_et_pb_old_content":"","_et_gb_content_width":""},"product_brand":[],"product_cat":[21],"product_tag":[],"class_list":{"0":"post-362","1":"product","2":"type-product","3":"status-publish","4":"has-post-thumbnail","6":"product_cat-round-baler-rake","8":"first","9":"instock","10":"shipping-taxable","11":"product-type-simple"},"_links":{"self":[{"href":"https:\/\/square-balers.com\/es\/wp-json\/wp\/v2\/product\/362","targetHints":{"allow":["GET"]}}],"collection":[{"href":"https:\/\/square-balers.com\/es\/wp-json\/wp\/v2\/product"}],"about":[{"href":"https:\/\/square-balers.com\/es\/wp-json\/wp\/v2\/types\/product"}],"wp:featuredmedia":[{"embeddable":true,"href":"https:\/\/square-balers.com\/es\/wp-json\/wp\/v2\/media\/363"}],"wp:attachment":[{"href":"https:\/\/square-balers.com\/es\/wp-json\/wp\/v2\/media?parent=362"}],"wp:term":[{"taxonomy":"product_brand","embeddable":true,"href":"https:\/\/square-balers.com\/es\/wp-json\/wp\/v2\/product_brand?post=362"},{"taxonomy":"product_cat","embeddable":true,"href":"https:\/\/square-balers.com\/es\/wp-json\/wp\/v2\/product_cat?post=362"},{"taxonomy":"product_tag","embeddable":true,"href":"https:\/\/square-balers.com\/es\/wp-json\/wp\/v2\/product_tag?post=362"}],"curies":[{"name":"wp","href":"https:\/\/api.w.org\/{rel}","templated":true}]}}