{"id":370,"date":"2025-12-16T08:23:45","date_gmt":"2025-12-16T08:23:45","guid":{"rendered":"https:\/\/square-balers.com\/?post_type=product&#038;p=370"},"modified":"2025-12-18T02:58:56","modified_gmt":"2025-12-18T02:58:56","slug":"empacadora-redonda-9yg-2-24d-s9000-clasica","status":"publish","type":"product","link":"https:\/\/square-balers.com\/es\/producto\/empacadora-redonda-9yg-2-24d-s9000-clasica\/","title":{"rendered":"Empacadora redonda 9YG-2.24D (S9000 Classic)"},"content":{"rendered":"<p>La empacadora de pacas redondas 9YG-2.24D (S9000 Classic) es una innovadora m\u00e1quina agr\u00edcola dise\u00f1ada para empacar heno y forraje de forma eficiente. Utiliza tecnolog\u00eda avanzada para optimizar el rendimiento, la facilidad de uso y la durabilidad. Ideal para las explotaciones agr\u00edcolas modernas, garantiza un empacado de pacas redondas de alta calidad con una inversi\u00f3n m\u00ednima y la m\u00e1xima eficiencia. La S9000 Classic cuenta con una construcci\u00f3n robusta para soportar entornos operativos exigentes, ofreciendo un valor excepcional a las empresas agr\u00edcolas de todo el mundo.<\/p>\n<h2>Especificaci\u00f3n t\u00e9cnica<\/h2>\n<table>\n<thead>\n<tr>\n<th>N\u00famero de serie<\/th>\n<th>Art\u00edculo<\/th>\n<th>Unidad<\/th>\n<th>Especificaci\u00f3n<\/th>\n<\/tr>\n<\/thead>\n<tbody>\n<tr>\n<td>1<\/td>\n<td>Nombre del modelo<\/td>\n<td>\/<\/td>\n<td>Empacadora redonda 9YG-2.24D (S9000 Classic)<\/td>\n<\/tr>\n<tr>\n<td>2<\/td>\n<td>M\u00e9todo de enganche<\/td>\n<td>\/<\/td>\n<td>Tipo de tracci\u00f3n<\/td>\n<\/tr>\n<tr>\n<td>3<\/td>\n<td>Ancho de selecci\u00f3n<\/td>\n<td>mm<\/td>\n<td>2240<\/td>\n<\/tr>\n<tr>\n<td>4<\/td>\n<td>Tipo de estructura del selector<\/td>\n<td>\/<\/td>\n<td>Tipo de diente de resorte<\/td>\n<\/tr>\n<tr>\n<td>5<\/td>\n<td>Tipo de estructura del dispositivo de alimentaci\u00f3n<\/td>\n<td>\/<\/td>\n<td>Palanca de cambios tipo palanca + rodillo<\/td>\n<\/tr>\n<tr>\n<td>6<\/td>\n<td>Tipo de estructura de la empacadora de c\u00e1mara de compresi\u00f3n<\/td>\n<td>\/<\/td>\n<td>Tipo de rodillo<\/td>\n<\/tr>\n<tr>\n<td>7<\/td>\n<td>Ancho de la c\u00e1mara de compresi\u00f3n<\/td>\n<td>mm<\/td>\n<td>1400<\/td>\n<\/tr>\n<tr>\n<td>8<\/td>\n<td>Di\u00e1metro de la c\u00e1mara de compresi\u00f3n<\/td>\n<td>mm<\/td>\n<td>\u03a6 1200<\/td>\n<\/tr>\n<tr>\n<td>9<\/td>\n<td>N\u00famero de piezas de trabajo rodantes<\/td>\n<td>piezas<\/td>\n<td>18 (Rodillos)<\/td>\n<\/tr>\n<tr>\n<td>10<\/td>\n<td>Di\u00e1metro del rodillo de laminaci\u00f3n<\/td>\n<td>mm<\/td>\n<td>\u03a6 222<\/td>\n<\/tr>\n<tr>\n<td>11<\/td>\n<td>M\u00e9todo de encuadernaci\u00f3n<\/td>\n<td>\/<\/td>\n<td>Envoltura de red<\/td>\n<\/tr>\n<tr>\n<td>12<\/td>\n<td>Poder de igualaci\u00f3n<\/td>\n<td>kilovatios<\/td>\n<td>55-100<\/td>\n<\/tr>\n<tr>\n<td>13<\/td>\n<td>Masa estructural<\/td>\n<td>kilogramo<\/td>\n<td>4312<\/td>\n<\/tr>\n<tr>\n<td>14<\/td>\n<td>Velocidad de la toma de fuerza<\/td>\n<td>r\/min<\/td>\n<td>720<\/td>\n<\/tr>\n<tr>\n<td>15<\/td>\n<td>Dimensiones generales (largo \u00d7 ancho \u00d7 alto)<\/td>\n<td>mm<\/td>\n<td>4470\u00d73010\u00d72370 (estado de trabajo)<\/td>\n<\/tr>\n<tr>\n<td>16<\/td>\n<td>Control de densidad de pacas<\/td>\n<td>\/<\/td>\n<td>Control de sensores<\/td>\n<\/tr>\n<tr>\n<td>17<\/td>\n<td>Dimensiones de la paca (di\u00e1metro \u00d7 ancho)<\/td>\n<td>mm<\/td>\n<td>\u03a6 1300\u00d71400<\/td>\n<\/tr>\n<tr>\n<td>18<\/td>\n<td>Densidad de pacas<\/td>\n<td>kg\/m\u00b3<\/td>\n<td>100-200<\/td>\n<\/tr>\n<tr>\n<td>19<\/td>\n<td>Productividad<\/td>\n<td>pacas\/h<\/td>\n<td>40~100<\/td>\n<\/tr>\n<tr>\n<td>20<\/td>\n<td>Distancia entre ejes<\/td>\n<td>mm<\/td>\n<td>2600<\/td>\n<\/tr>\n<tr>\n<td>21<\/td>\n<td>Velocidad de operaci\u00f3n<\/td>\n<td>kil\u00f3metros por hora<\/td>\n<td>5-35<\/td>\n<\/tr>\n<tr>\n<td>22<\/td>\n<td>Especificaci\u00f3n de la red de pacas (largo \u00d7 ancho)<\/td>\n<td>\/<\/td>\n<td>2000\u00d71,4 m\/rollo<\/td>\n<\/tr>\n<\/tbody>\n<\/table>\n<h2>Definici\u00f3n del producto<\/h2>\n<p>La rotoempacadora 9YG-2.24D (S9000 Classic) es robusta y duradera, capaz de agrupar heno, paja y otros cultivos en pacas compactas y resistentes. Es una m\u00e1quina de alto rendimiento que integra tecnolog\u00eda de empacado avanzada, lo que proporciona una experiencia operativa precisa y fiable para la producci\u00f3n agr\u00edcola a gran escala. La S9000 Classic permite a los agricultores producir pacas bien formadas y de tama\u00f1o uniforme, mejorando as\u00ed la eficiencia operativa y la productividad general.<\/p>\n<h2>Problemas que puede resolver y sus usos<\/h2>\n<p>La empacadora de pacas redondas 9YG-2.24D (S9000 Classic) aborda varios desaf\u00edos clave de la agricultura moderna, como la necesidad de un empacado de alta eficiencia, facilidad de uso y adaptabilidad a diferentes tipos de cultivos. Sus aplicaciones incluyen:<\/p>\n<ul>\n<li><strong>Cosecha eficiente:<\/strong> Recoge r\u00e1pidamente heno y paja, reduciendo el tiempo de cosecha.<\/li>\n<li><strong>Producci\u00f3n de pacas uniformes:<\/strong> Garantiza tama\u00f1os y formas de pacas uniformes, esenciales para el almacenamiento y el transporte.<\/li>\n<li><strong>Durabilidad:<\/strong> La construcci\u00f3n robusta de la m\u00e1quina garantiza un rendimiento duradero en entornos agr\u00edcolas dif\u00edciles.<\/li>\n<li><strong>Almacenamiento mejorado:<\/strong> Los fardos formados correctamente mejoran la eficiencia del almacenamiento y evitan el deterioro.<\/li>\n<li><strong>Rentable:<\/strong> Reduce los costos laborales y aumenta la productividad mediante la automatizaci\u00f3n y la tecnolog\u00eda avanzada.<\/li>\n<\/ul>\n<p style=\"text-align: center;\">\u00a0<img loading=\"lazy\" decoding=\"async\" class=\"alignnone size-full wp-image-373\" src=\"https:\/\/square-balers.com\/wp-content\/uploads\/2025\/12\/ep-9YG-2.24D-Round-Baler-S9000-classic-3-1.webp\" alt=\"Empacadora redonda\" width=\"244\" height=\"244\" srcset=\"https:\/\/square-balers.com\/wp-content\/uploads\/2025\/12\/ep-9YG-2.24D-Round-Baler-S9000-classic-3-1.webp 244w, https:\/\/square-balers.com\/wp-content\/uploads\/2025\/12\/ep-9YG-2.24D-Round-Baler-S9000-classic-3-1-150x150.webp 150w, https:\/\/square-balers.com\/wp-content\/uploads\/2025\/12\/ep-9YG-2.24D-Round-Baler-S9000-classic-3-1-12x12.webp 12w, https:\/\/square-balers.com\/wp-content\/uploads\/2025\/12\/ep-9YG-2.24D-Round-Baler-S9000-classic-3-1-100x100.webp 100w\" sizes=\"(max-width: 244px) 100vw, 244px\" \/><\/p>\n<h2>Ventajas de la empacadora redonda 9YG-2.24D (S9000 Classic)<\/h2>\n<p>La empacadora redonda 9YG-2.24D (S9000 Classic) ofrece varias ventajas clave que la convierten en la opci\u00f3n preferida de los agricultores y las empresas agr\u00edcolas:<\/p>\n<ul>\n<li><strong>Alta eficiencia:<\/strong> Con mecanismos de empacado avanzados y un sistema de alimentaci\u00f3n optimizado, el S9000 Classic opera a velocidades m\u00e1s altas, lo que reduce el tiempo necesario para empacar.<\/li>\n<li><strong>Mayor durabilidad:<\/strong> Construida con materiales de alta calidad, esta empacadora est\u00e1 dise\u00f1ada para durar con un uso prolongado en diversas condiciones clim\u00e1ticas.<\/li>\n<li><strong>F\u00e1cil operaci\u00f3n:<\/strong> Los controles f\u00e1ciles de usar y el dise\u00f1o intuitivo hacen que la empacadora sea f\u00e1cil de operar, incluso para operadores menos experimentados.<\/li>\n<li><strong>Consistencia en la calidad de las pacas:<\/strong> La S9000 Classic produce de forma constante pacas uniformes y bien empaquetadas, lo que facilita el almacenamiento y el transporte.<\/li>\n<li><strong>Bajo mantenimiento:<\/strong> La empacadora est\u00e1 dise\u00f1ada con requisitos de bajo mantenimiento, lo que reduce el costo y la frecuencia de las reparaciones.<\/li>\n<\/ul>\n<h2>C\u00f3mo funciona la empacadora redonda 9YG-2.24D (S9000 Classic)<\/h2>\n<p>El 9YG-2.24D <a href=\"https:\/\/square-balers.com\/es\/producto\/empacadora-redonda-de-9-anos-y-125-amperios\/\">Empacadora redonda<\/a> La m\u00e1quina (S9000 Classic) funciona mediante una serie de componentes bien integrados. Recoge heno o paja y lo introduce en la c\u00e1mara de empacado. Utiliza rodillos de alta presi\u00f3n para comprimir los materiales en pacas compactas. Sus avanzados mecanismos de corte y empacado garantizan un tama\u00f1o uniforme de las pacas y un atado seguro, lo que facilita el transporte y el almacenamiento. Equipada con un potente motor, la m\u00e1quina alcanza una alta velocidad de funcionamiento y una alta eficiencia energ\u00e9tica.<\/p>\n<h2>Principales aplicaciones de la empacadora cil\u00edndrica 9YG-2.24D (S9000 Classic)<\/h2>\n<p>La empacadora de pacas redondas 9YG-2.24D (S9000 Classic) es ideal para una amplia gama de aplicaciones agr\u00edcolas. A continuaci\u00f3n, se detallan los principales escenarios en los que destaca:<\/p>\n<ul>\n<li><strong>Cosecha de heno:<\/strong> Perfecto para empacar heno para alimentaci\u00f3n del ganado, proporcionando un producto consistente que se puede almacenar f\u00e1cilmente.<\/li>\n<li><strong>Colecci\u00f3n de paja:<\/strong> Ideal para cosechar paja, que se utiliza com\u00fanmente para cama en graneros o como mantillo en campos.<\/li>\n<li><strong>Producci\u00f3n de ensilaje:<\/strong> Se utiliza para compactar ensilaje para almacenamiento y alimentaci\u00f3n de animales, garantizando pacas de ensilaje de alta calidad.<\/li>\n<li><strong>Recolecci\u00f3n de forrajes:<\/strong> Re\u00fane y compacta eficientemente varios tipos de forrajes, optimizando la gesti\u00f3n de la alimentaci\u00f3n.<\/li>\n<li><strong>Gesti\u00f3n de residuos de cultivos:<\/strong> Ideal para limpiar residuos de cultivos despu\u00e9s de la cosecha, ayudando a preparar los campos para la pr\u00f3xima temporada de siembra.<\/li>\n<li><strong>Pr\u00e1cticas ecol\u00f3gicas:<\/strong> La empacadora ayuda a reducir los residuos al comprimir los subproductos agr\u00edcolas en formas reutilizables, lo que contribuye a las pr\u00e1cticas agr\u00edcolas sostenibles.<\/li>\n<\/ul>\n<p style=\"text-align: center;\"><img loading=\"lazy\" decoding=\"async\" class=\"alignnone size-full wp-image-374\" src=\"https:\/\/square-balers.com\/wp-content\/uploads\/2025\/12\/ep-9YG-2.24D-Round-Baler-S9000-classic-4-1.webp\" alt=\"Empacadora redonda\" width=\"257\" height=\"257\" srcset=\"https:\/\/square-balers.com\/wp-content\/uploads\/2025\/12\/ep-9YG-2.24D-Round-Baler-S9000-classic-4-1.webp 257w, https:\/\/square-balers.com\/wp-content\/uploads\/2025\/12\/ep-9YG-2.24D-Round-Baler-S9000-classic-4-1-150x150.webp 150w, https:\/\/square-balers.com\/wp-content\/uploads\/2025\/12\/ep-9YG-2.24D-Round-Baler-S9000-classic-4-1-12x12.webp 12w, https:\/\/square-balers.com\/wp-content\/uploads\/2025\/12\/ep-9YG-2.24D-Round-Baler-S9000-classic-4-1-100x100.webp 100w\" sizes=\"(max-width: 257px) 100vw, 257px\" \/><\/p>\n<h2>C\u00f3mo elegir la empacadora cil\u00edndrica 9YG-2.24D adecuada (S9000 Classic)<\/h2>\n<p>Elegir la empacadora de pacas redondas adecuada depende de varios factores. A continuaci\u00f3n, le explicamos c\u00f3mo hacer la mejor selecci\u00f3n:<\/p>\n<ul>\n<li><strong>Tama\u00f1o de la operaci\u00f3n:<\/strong> Considere el tama\u00f1o de su explotaci\u00f3n y la cantidad de material a empacar. Las operaciones m\u00e1s grandes pueden beneficiarse de un modelo m\u00e1s robusto y de mayor capacidad.<\/li>\n<li><strong>Tipo de cultivo:<\/strong> Cada cultivo puede requerir empacadoras espec\u00edficas. La S9000 Classic es vers\u00e1til, pero aseg\u00farese de que cumpla con los requisitos espec\u00edficos de sus cultivos.<\/li>\n<li><strong>Condiciones de empacado:<\/strong> Si trabaja en condiciones dif\u00edciles (por ejemplo, heno h\u00famedo o denso), aseg\u00farese de que la empacadora pueda manipular el material con facilidad.<\/li>\n<li><strong>Facilidad de operaci\u00f3n:<\/strong> Seleccione un modelo que ofrezca controles f\u00e1ciles de usar, especialmente si los operadores no tienen mucha experiencia.<\/li>\n<li><strong>Necesidades de mantenimiento:<\/strong> Aseg\u00farese de que el modelo que elija tenga un dise\u00f1o de bajo mantenimiento para minimizar el tiempo de inactividad y los costos de reparaci\u00f3n.<\/li>\n<li><strong>Presupuesto:<\/strong> Si bien el rendimiento es clave, aseg\u00farese de que la empacadora se ajuste a su presupuesto y al mismo tiempo ofrezca las caracter\u00edsticas que necesita para lograr la m\u00e1xima productividad.<\/li>\n<\/ul>\n<h2>Mantenimiento de la empacadora redonda 9YG-2.24D (S9000 Classic)<\/h2>\n<p>Para garantizar la longevidad y eficiencia de su empacadora de pacas redondas 9YG-2.24D (S9000 Classic), es fundamental realizar un mantenimiento regular. Estos son los pasos clave:<\/p>\n<ul>\n<li><strong>Inspecci\u00f3n diaria:<\/strong> Antes de cada uso, revise la empacadora para detectar cualquier signo visible de desgaste o da\u00f1o. Preste especial atenci\u00f3n a los rodillos y las correas.<\/li>\n<li><strong>Lubricaci\u00f3n:<\/strong> Lubrique peri\u00f3dicamente todas las partes m\u00f3viles para reducir la fricci\u00f3n y evitar el desgaste.<\/li>\n<li><strong>Limpieza:<\/strong> Despu\u00e9s de cada uso, limpie la m\u00e1quina para eliminar heno, paja y residuos que puedan obstruir su funcionamiento.<\/li>\n<li><strong>Afilado de las herramientas de corte:<\/strong> Aseg\u00farese de que las cuchillas de corte permanezcan afiladas para un funcionamiento eficiente y una formaci\u00f3n uniforme de la paca.<\/li>\n<li><strong>Mantenimiento de rutina:<\/strong> Haga que un profesional revise la empacadora al menos una vez por temporada para verificar si hay problemas subyacentes que puedan afectar el rendimiento.<\/li>\n<\/ul>\n<h2>Opiniones de clientes<\/h2>\n<p><strong>Rese\u00f1a 1:<\/strong> La empacadora redonda 9YG-2.24D (S9000 Classic) ha transformado por completo nuestra forma de cosechar heno. Es incre\u00edblemente r\u00e1pida y eficiente, lo que nos permite recolectar y empacar grandes cantidades de heno en muy poco tiempo. La m\u00e1quina es robusta y f\u00e1cil de usar. Hemos observado una mejora significativa en la calidad de las pacas y ha reducido nuestros costos laborales. La recomiendo ampliamente a todos los profesionales del sector agr\u00edcola.<br \/>\n<strong>John Smith \u2013 Estados Unidos<\/strong><\/p>\n<p><strong>Rese\u00f1a 2:<\/strong> Llevamos dos temporadas usando la empacadora redonda 9YG-2.24D y ha superado nuestras expectativas. Maneja heno y paja sin esfuerzo, produciendo pacas uniformes que se almacenan bien y son f\u00e1ciles de transportar. El mantenimiento es sencillo y la atenci\u00f3n al cliente del fabricante ha sido excepcional.<br \/>\n<strong>Anne-Marie Dupont \u2013 Francia<\/strong><\/p>\n<p><strong>Rese\u00f1a 3:<\/strong> Como granja mediana, necesitamos equipos que ofrezcan calidad y una excelente relaci\u00f3n calidad-precio. Esta empacadora cumple precisamente eso. Es f\u00e1cil de instalar y operar, y hemos notado una reducci\u00f3n en el consumo de combustible en comparaci\u00f3n con nuestra empacadora anterior. Las pacas salen perfectamente redondas y compactas, lo que ha mejorado nuestra capacidad de almacenamiento.<br \/>\n<strong>Marcus Weber \u2013 Alemania<\/strong><\/p>\n<p><strong>Rese\u00f1a 4:<\/strong> La empacadora de pacas redondas 9YG-2.24D (S9000 Classic) ha sido una excelente inversi\u00f3n. Su fiabilidad y rendimiento son impresionantes. La hemos estado usando para ensilar y los resultados han sido fant\u00e1sticos. Las pacas quedan perfectamente compactadas, lo que facilita enormemente la alimentaci\u00f3n de los animales. El equipo de atenci\u00f3n al cliente tambi\u00e9n es muy servicial cuando tenemos preguntas.<br \/>\n<strong>Pedro Oliveira \u2013 Brasil<\/strong><\/p>\n<p><strong>Rese\u00f1a 5:<\/strong> Tras a\u00f1os utilizando equipos obsoletos, la empacadora de pacas redondas 9YG-2.24D ha sido una revoluci\u00f3n para nuestra granja. Maneja grandes vol\u00famenes de heno y paja con facilidad y ofrece excelentes resultados en todo momento. Nos ha permitido mejorar la eficiencia y las pacas son de alta calidad de forma constante.<br \/>\n<strong>David Lee \u2013 Canad\u00e1<\/strong><\/p>\n<h2>\u00bfPor qu\u00e9 elegir nuestro producto?<\/h2>\n<p>Elegir la empacadora de pacas redondas 9YG-2.24D (S9000 Classic) significa elegir eficiencia, fiabilidad y satisfacci\u00f3n del cliente. Ofrecemos:<\/p>\n<ul>\n<li><strong>Personalizaci\u00f3n r\u00e1pida:<\/strong> Obtenga las especificaciones exactas que necesita con nuestras soluciones personalizadas.<\/li>\n<li><strong>Fuerte soporte de servicio:<\/strong> Nuestro equipo de atenci\u00f3n al cliente est\u00e1 dedicado a brindar asistencia oportuna siempre que sea necesario.<\/li>\n<li><strong>Garant\u00eda de 3 a\u00f1os:<\/strong> Disfrute de la tranquilidad que le ofrece una garant\u00eda integral de 3 a\u00f1os, que le garantiza que no tendr\u00e1 que preocuparse por el mantenimiento ni las reparaciones.<\/li>\n<li><strong>Env\u00edo r\u00e1pido global:<\/strong> No importa d\u00f3nde se encuentre, garantizamos una entrega r\u00e1pida para satisfacer sus necesidades.<\/li>\n<li><strong>Servicio postventa completo:<\/strong> Brindamos soporte completo incluso despu\u00e9s de su compra, garantizando el mejor rendimiento a largo plazo de su equipo.<\/li>\n<\/ul>\n<h2>Promocionar el producto y nuestra empresa<\/h2>\n<p>Explore las potentes capacidades de la empacadora de pacas redondas 9YG-2.24D (S9000 Classic) y descubra c\u00f3mo puede revolucionar su producci\u00f3n agr\u00edcola. Nuestros avanzados procesos de fabricaci\u00f3n ofrecen equipos agr\u00edcolas duraderos y de alta calidad a precios competitivos. Nuestro excepcional servicio posventa garantiza un soporte integral durante toda la vida \u00fatil del producto.<\/p>\n<p>Tambi\u00e9n ofrecemos una amplia gama de accesorios y productos relacionados que complementan a la perfecci\u00f3n la empacadora de pacas redondas 9YG-2.24D (S9000 Classic). Cont\u00e1ctenos en cualquier momento para obtener m\u00e1s informaci\u00f3n o realizar un pedido. Disfrute de las numerosas ventajas de asociarse con un l\u00edder de confianza en maquinaria agr\u00edcola.<\/p>\n<p style=\"text-align: center;\"><img loading=\"lazy\" decoding=\"async\" class=\"alignnone size-full wp-image-372\" src=\"https:\/\/square-balers.com\/wp-content\/uploads\/2025\/12\/ep-9YG-2.24D-Round-Baler-S9000-classic-2-1.webp\" alt=\"Empacadora redonda\" width=\"255\" height=\"255\" srcset=\"https:\/\/square-balers.com\/wp-content\/uploads\/2025\/12\/ep-9YG-2.24D-Round-Baler-S9000-classic-2-1.webp 255w, https:\/\/square-balers.com\/wp-content\/uploads\/2025\/12\/ep-9YG-2.24D-Round-Baler-S9000-classic-2-1-150x150.webp 150w, https:\/\/square-balers.com\/wp-content\/uploads\/2025\/12\/ep-9YG-2.24D-Round-Baler-S9000-classic-2-1-12x12.webp 12w, https:\/\/square-balers.com\/wp-content\/uploads\/2025\/12\/ep-9YG-2.24D-Round-Baler-S9000-classic-2-1-100x100.webp 100w\" sizes=\"(max-width: 255px) 100vw, 255px\" \/><\/p>\n<h2>Preguntas frecuentes<\/h2>\n<ol>\n<li><strong>\u00bfCu\u00e1l es la capacidad \u00f3ptima de la empacadora redonda 9YG-2.24D (S9000 Classic)?<\/strong><br \/>\nLa capacidad \u00f3ptima de esta empacadora depende del tipo de cultivo y de las condiciones de su finca, pero est\u00e1 dise\u00f1ada para manejar grandes vol\u00famenes de material de manera eficiente.<\/li>\n<li><strong>\u00bfQu\u00e9 tan f\u00e1cil es operar la empacadora redonda 9YG-2.24D (S9000 Classic)?<\/strong><br \/>\nLa empacadora est\u00e1 equipada con controles f\u00e1ciles de usar y un dise\u00f1o intuitivo, lo que hace que sea f\u00e1cil de operar, incluso para trabajadores menos experimentados.<\/li>\n<li><strong>\u00bfPuede la empacadora redonda 9YG-2.24D (S9000 Classic) manipular heno h\u00famedo?<\/strong><br \/>\nS\u00ed, esta empacadora es capaz de manipular heno h\u00famedo, aunque siempre es mejor trabajar con material que est\u00e9 adecuadamente acondicionado para garantizar un empacado \u00f3ptimo.<\/li>\n<li><strong>\u00bfCu\u00e1l es el per\u00edodo de garant\u00eda de la empacadora redonda 9YG-2.24D (S9000 Classic)?<\/strong><br \/>\nLa empacadora viene con una garant\u00eda de 3 a\u00f1os que cubre defectos de fabricaci\u00f3n y ciertas fallas operativas, lo que le permite operar con tranquilidad.<\/li>\n<li><strong>\u00bfSe puede utilizar la empacadora para ensilaje?<\/strong><br \/>\nS\u00ed, la empacadora redonda 9YG-2.24D (S9000 Classic) es excelente para empacar ensilaje, produciendo pacas compactas y bien formadas, ideales para el almacenamiento y la alimentaci\u00f3n animal.<\/li>\n<li><strong>\u00bfQu\u00e9 tipo de mantenimiento requiere la empacadora redonda 9YG-2.24D (S9000 Classic)?<\/strong><br \/>\nEl mantenimiento regular incluye la revisi\u00f3n del desgaste, la lubricaci\u00f3n de las piezas m\u00f3viles y la limpieza de la m\u00e1quina. El mantenimiento peri\u00f3dico garantizar\u00e1 un rendimiento duradero.<\/li>\n<li><strong>\u00bfCu\u00e1les son los principales beneficios de utilizar la empacadora redonda 9YG-2.24D (S9000 Classic)?<\/strong><br \/>\nLos beneficios clave incluyen un empacado m\u00e1s r\u00e1pido, mayor eficiencia, calidad de paca constante y menores costos laborales, lo que lo hace ideal para operaciones agr\u00edcolas a gran escala.<\/li>\n<li><strong>\u00bfC\u00f3mo puedo garantizar que la m\u00e1quina funcione al m\u00e1ximo rendimiento?<\/strong><br \/>\nAseg\u00farese de que la m\u00e1quina reciba mantenimiento regular, que las cuchillas est\u00e9n afiladas y que se tenga el cuidado adecuado para mantener el sistema de alimentaci\u00f3n libre de residuos.<\/li>\n<li><strong>\u00bfQu\u00e9 cultivos son los m\u00e1s adecuados para la empacadora redonda 9YG-2.24D (S9000 Classic)?<\/strong><br \/>\nEsta empacadora es adecuada para una amplia gama de cultivos, incluidos heno, paja, ensilaje y otros materiales forrajeros.<\/li>\n<li><strong>\u00bfPuedo pedir piezas de repuesto para la empacadora redonda 9YG-2.24D (S9000 Classic)?<\/strong><br \/>\nS\u00ed, ofrecemos una gama completa de piezas de repuesto y accesorios para mantener su m\u00e1quina funcionando sin problemas.<\/li>\n<li><strong>\u00bfC\u00f3mo almaceno las pacas producidas por la empacadora redonda 9YG-2.24D (S9000 Classic)?<\/strong><br \/>\nLos fardos compactados son f\u00e1ciles de almacenar y transportar, lo que garantiza que se optimice la eficiencia y la conservaci\u00f3n del espacio.<\/li>\n<li><strong>\u00bfLa empacadora redonda 9YG-2.24D (S9000 Classic) es adecuada para granjas peque\u00f1as?<\/strong><br \/>\nSi bien est\u00e1 dise\u00f1ada para operaciones a gran escala, la empacadora redonda 9YG-2.24D puede ser utilizada por granjas m\u00e1s peque\u00f1as seg\u00fan sus necesidades espec\u00edficas y la capacidad que requieran.<\/li>\n<li><strong>\u00bfQu\u00e9 tipo de potencia necesita la empacadora redonda 9YG-2.24D (S9000 Classic)?<\/strong><br \/>\nLa empacadora est\u00e1 equipada con un motor robusto que puede manejar el empacado a alta presi\u00f3n de manera eficiente, brindando un rendimiento constante en diversas condiciones.<\/li>\n<li><strong>\u00bfSe puede personalizar la empacadora redonda 9YG-2.24D (S9000 Classic) para adaptarla a mis necesidades espec\u00edficas?<\/strong><br \/>\nS\u00ed, ofrecemos opciones de personalizaci\u00f3n para garantizar que la empacadora cumpla con sus requisitos operativos espec\u00edficos.<\/li>\n<\/ol>\n<p>editado por gzl<\/p>","protected":false},"excerpt":{"rendered":"<p>Descubra la empacadora redonda 9YG-2.24D (S9000 Classic), dise\u00f1ada para un rendimiento y una eficiencia superiores. Con su dise\u00f1o duradero y tecnolog\u00eda de vanguardia, ofrece resultados precisos y de alta calidad para su explotaci\u00f3n agr\u00edcola. Esta empacadora es ideal para optimizar la productividad, garantizando un funcionamiento suave y fiable, y una larga durabilidad. \u00a1Inf\u00f3rmese hoy mismo y actualice su equipo agr\u00edcola!<\/p>","protected":false},"featured_media":371,"template":"","meta":{"_et_pb_use_builder":"","_et_pb_old_content":"","_et_gb_content_width":""},"product_brand":[],"product_cat":[21],"product_tag":[],"class_list":{"0":"post-370","1":"product","2":"type-product","3":"status-publish","4":"has-post-thumbnail","6":"product_cat-round-baler-rake","8":"first","9":"instock","10":"shipping-taxable","11":"product-type-simple"},"_links":{"self":[{"href":"https:\/\/square-balers.com\/es\/wp-json\/wp\/v2\/product\/370","targetHints":{"allow":["GET"]}}],"collection":[{"href":"https:\/\/square-balers.com\/es\/wp-json\/wp\/v2\/product"}],"about":[{"href":"https:\/\/square-balers.com\/es\/wp-json\/wp\/v2\/types\/product"}],"wp:featuredmedia":[{"embeddable":true,"href":"https:\/\/square-balers.com\/es\/wp-json\/wp\/v2\/media\/371"}],"wp:attachment":[{"href":"https:\/\/square-balers.com\/es\/wp-json\/wp\/v2\/media?parent=370"}],"wp:term":[{"taxonomy":"product_brand","embeddable":true,"href":"https:\/\/square-balers.com\/es\/wp-json\/wp\/v2\/product_brand?post=370"},{"taxonomy":"product_cat","embeddable":true,"href":"https:\/\/square-balers.com\/es\/wp-json\/wp\/v2\/product_cat?post=370"},{"taxonomy":"product_tag","embeddable":true,"href":"https:\/\/square-balers.com\/es\/wp-json\/wp\/v2\/product_tag?post=370"}],"curies":[{"name":"wp","href":"https:\/\/api.w.org\/{rel}","templated":true}]}}