{"id":229,"date":"2025-11-24T09:51:24","date_gmt":"2025-11-24T09:51:24","guid":{"rendered":"https:\/\/square-balers.com\/?post_type=product&#038;p=229"},"modified":"2025-12-18T03:02:00","modified_gmt":"2025-12-18T03:02:00","slug":"4byq-2-6-munuaispapujen-juurimiskone","status":"publish","type":"product","link":"https:\/\/square-balers.com\/fi\/tuote\/4byq-2-6-munuaispapujen-juurimiskone\/","title":{"rendered":"Tyyppi 4BYQ-2.6 Munuaispapujen juurinpoistokone (4 harjaa eteenp\u00e4in ty\u00f6nt\u00e4v\u00e4ll\u00e4)"},"content":{"rendered":"<p>Tyypin 4BYQ-2.6 kidneypapujen nostolaite (4-harjainen eteenp\u00e4in ty\u00f6nt\u00e4v\u00e4) on huippuluokan maatalousty\u00f6kalu, joka on suunniteltu auttamaan kidneypapujen tehokkaassa nostossa. Se hy\u00f6dynt\u00e4\u00e4 edistynytt\u00e4 teknologiaa varmistaakseen papujen tehokkaan uuton ja samalla s\u00e4ilytt\u00e4\u00e4kseen sadon laadun. T\u00e4m\u00e4 kone minimoi manuaalisen ty\u00f6n tarpeen ja tarjoaa nopeamman ja tehokkaamman ratkaisun laajamittaiseen maataloustuotantoon. Nelj\u00e4n harjan eteenp\u00e4in ty\u00f6nt\u00e4v\u00e4 j\u00e4rjestelm\u00e4 parantaa tuottavuutta, mik\u00e4 tekee siit\u00e4 olennaisen ty\u00f6kalun nykyaikaisessa maataloudessa.<\/p>\n<h2 data-start=\"304\" data-end=\"333\">Tekniset tiedot<\/h2>\n<div class=\"_tableContainer_1rjym_1\">\n<div class=\"group _tableWrapper_1rjym_13 flex w-fit flex-col-reverse\" tabindex=\"-1\">\n<table class=\"w-fit min-w-(--thread-content-width)\" style=\"border-color: #000000;\" data-start=\"335\" data-end=\"1523\">\n<thead data-start=\"335\" data-end=\"416\">\n<tr data-start=\"335\" data-end=\"416\">\n<th data-start=\"335\" data-end=\"365\" data-col-size=\"sm\">Tuote<\/th>\n<th data-start=\"365\" data-end=\"382\" data-col-size=\"sm\">Yksikk\u00f6<\/th>\n<th data-start=\"382\" data-end=\"416\" data-col-size=\"md\">Tekniset tiedot<\/th>\n<\/tr>\n<\/thead>\n<tbody data-start=\"499\" data-end=\"1523\">\n<tr data-start=\"499\" data-end=\"612\">\n<td data-start=\"499\" data-end=\"530\" data-col-size=\"sm\">Mallin nimi<\/td>\n<td data-col-size=\"sm\" data-start=\"530\" data-end=\"547\">–<\/td>\n<td data-col-size=\"md\" data-start=\"547\" data-end=\"612\">4BYQ-2.6 Munuaispapujen juurien irrottamiskone (4 harjanteen eteenp\u00e4in ty\u00f6nt\u00f6)<\/td>\n<\/tr>\n<tr data-start=\"613\" data-end=\"694\">\n<td data-start=\"613\" data-end=\"644\" data-col-size=\"sm\">Yhteystapa<\/td>\n<td data-col-size=\"sm\" data-start=\"644\" data-end=\"661\">–<\/td>\n<td data-col-size=\"md\" data-start=\"661\" data-end=\"694\">Vetotyyppinen<\/td>\n<\/tr>\n<tr data-start=\"695\" data-end=\"776\">\n<td data-start=\"695\" data-end=\"726\" data-col-size=\"sm\">Noutomekanismi<\/td>\n<td data-col-size=\"sm\" data-start=\"726\" data-end=\"743\">–<\/td>\n<td data-col-size=\"md\" data-start=\"743\" data-end=\"776\">Jousityyppinen<\/td>\n<\/tr>\n<tr data-start=\"777\" data-end=\"859\">\n<td data-start=\"777\" data-end=\"808\" data-col-size=\"sm\">Ty\u00f6leveys<\/td>\n<td data-col-size=\"sm\" data-start=\"808\" data-end=\"825\">m<\/td>\n<td data-col-size=\"md\" data-start=\"825\" data-end=\"859\">2.6<\/td>\n<\/tr>\n<tr data-start=\"860\" data-end=\"942\">\n<td data-start=\"860\" data-end=\"891\" data-col-size=\"sm\">Virtal\u00e4hteen alue<\/td>\n<td data-col-size=\"sm\" data-start=\"891\" data-end=\"908\">kW<\/td>\n<td data-col-size=\"md\" data-start=\"908\" data-end=\"942\">66-88<\/td>\n<\/tr>\n<tr data-start=\"943\" data-end=\"1025\">\n<td data-start=\"943\" data-end=\"974\" data-col-size=\"sm\">Ty\u00f6skentelynopeusalue<\/td>\n<td data-col-size=\"sm\" data-start=\"974\" data-end=\"991\">km\/h<\/td>\n<td data-col-size=\"md\" data-start=\"991\" data-end=\"1025\">6-10<\/td>\n<\/tr>\n<tr data-start=\"1026\" data-end=\"1108\">\n<td data-start=\"1026\" data-end=\"1057\" data-col-size=\"sm\">Kokonaismitat<\/td>\n<td data-col-size=\"sm\" data-start=\"1057\" data-end=\"1074\">mm<\/td>\n<td data-col-size=\"md\" data-start=\"1074\" data-end=\"1108\">2333 \u00d7 2870 \u00d7 1182<\/td>\n<\/tr>\n<tr data-start=\"1109\" data-end=\"1191\">\n<td data-start=\"1109\" data-end=\"1140\" data-col-size=\"sm\">Teho L\u00e4ht\u00f6nopeus<\/td>\n<td data-col-size=\"sm\" data-start=\"1140\" data-end=\"1157\">kierrosta minuutissa<\/td>\n<td data-col-size=\"md\" data-start=\"1157\" data-end=\"1191\">540<\/td>\n<\/tr>\n<tr data-start=\"1192\" data-end=\"1274\">\n<td data-start=\"1192\" data-end=\"1223\" data-col-size=\"sm\">Py\u00f6r\u00e4n et\u00e4isyys<\/td>\n<td data-col-size=\"sm\" data-start=\"1223\" data-end=\"1240\">mm<\/td>\n<td data-col-size=\"md\" data-start=\"1240\" data-end=\"1274\">2600<\/td>\n<\/tr>\n<tr data-start=\"1275\" data-end=\"1357\">\n<td data-start=\"1275\" data-end=\"1306\" data-col-size=\"sm\">Tuotantotehokkuus<\/td>\n<td data-col-size=\"sm\" data-start=\"1306\" data-end=\"1323\">hm\u00b2\/h<\/td>\n<td data-col-size=\"md\" data-start=\"1323\" data-end=\"1357\">1.56-2.6<\/td>\n<\/tr>\n<tr data-start=\"1358\" data-end=\"1440\">\n<td data-start=\"1358\" data-end=\"1389\" data-col-size=\"sm\">Operaattorien m\u00e4\u00e4r\u00e4<\/td>\n<td data-col-size=\"sm\" data-start=\"1389\" data-end=\"1406\">ihmiset<\/td>\n<td data-col-size=\"md\" data-start=\"1406\" data-end=\"1440\">1<\/td>\n<\/tr>\n<tr data-start=\"1441\" data-end=\"1523\">\n<td data-start=\"1441\" data-end=\"1472\" data-col-size=\"sm\">Rakenteellinen laatu<\/td>\n<td data-col-size=\"sm\" data-start=\"1472\" data-end=\"1489\">kg<\/td>\n<td data-col-size=\"md\" data-start=\"1489\" data-end=\"1523\">1100<\/td>\n<\/tr>\n<\/tbody>\n<\/table>\n<\/div>\n<\/div>\n<h2>Tuotteen m\u00e4\u00e4ritelm\u00e4<\/h2>\n<p>Tyypin 4BYQ-2.6 kidneypapujen juurinyskone (4-harjainen eteenp\u00e4in ty\u00f6nt\u00e4v\u00e4) on innovatiivinen maatalouslaite, joka on suunniteltu juurimaan kidneypapuja tarkasti. Se on huolellisesti suunniteltu ty\u00f6nt\u00e4m\u00e4\u00e4n kasveja eteenp\u00e4in ja nyht\u00e4m\u00e4\u00e4n niit\u00e4 juurineen aiheuttamatta merkitt\u00e4vi\u00e4 vaurioita, mik\u00e4 lis\u00e4\u00e4 tehokkuutta ja s\u00e4ilytt\u00e4\u00e4 palot satoa varten. T\u00e4m\u00e4 kone sopii erinomaisesti laajamittaiseen kidneypapujen viljelyyn, optimoiden tuotantonopeuden ja v\u00e4hent\u00e4en samalla manuaalista ty\u00f6t\u00e4.<\/p>\n<h2>Ongelmanratkaisu ja sovellukset<\/h2>\n<p>T\u00e4m\u00e4 kone ratkaisee useita yleisi\u00e4 papuviljelyn ongelmia. Perinteiset papujen korjuumenetelm\u00e4t vaativat yleens\u00e4 manuaalista k\u00e4ytt\u00f6\u00e4, mik\u00e4 on sek\u00e4 aikaa viev\u00e4\u00e4 ett\u00e4 ty\u00f6voimavaltaista. 4BYQ-2.6:n avulla viljelij\u00e4t voivat korjata papuja nopeasti ja tehokkaasti, mik\u00e4 v\u00e4hent\u00e4\u00e4 ty\u00f6voimakustannuksia ja lis\u00e4\u00e4 satoa. Lis\u00e4ksi kone minimoi kasvien vauriot sadonkorjuun aikana varmistaen korkeamman laatutason papujen saatavuuden markkinoille.<\/p>\n<h2>Tuotteen edut<\/h2>\n<h3>1. Tehokas juurien irrottamisprosessi<\/h3>\n<p>Tyypin 4BYQ-2.6 kidneypapujen nostokoneessa on neliharjainen eteenp\u00e4in ty\u00f6nt\u00e4v\u00e4 mekanismi, joka nostaa pavut tehokkaasti juurineen vahingoittamatta niit\u00e4. T\u00e4m\u00e4 menetelm\u00e4 parantaa nostoprosessin tehokkuutta, jolloin viljelij\u00e4t voivat suorittaa teht\u00e4v\u00e4t nopeammin ja samalla v\u00e4hent\u00e4\u00e4 ty\u00f6voimakustannuksia.<\/p>\n<h3>2. Kest\u00e4vyys<\/h3>\n<p>Korkealaatuisista materiaaleista valmistettu kone on suunniteltu kest\u00e4m\u00e4\u00e4n maatalousymp\u00e4rist\u00f6jen ankarat vaatimukset. Se on kulutusta kest\u00e4v\u00e4, mik\u00e4 varmistaa koneen pitk\u00e4n k\u00e4ytt\u00f6i\u00e4n ja minimaalisen huollon tarpeen.<\/p>\n<h3>3. Helppo k\u00e4ytt\u00e4\u00e4<\/h3>\n<p>K\u00e4ytt\u00e4j\u00e4yst\u00e4v\u00e4llisen k\u00e4ytt\u00f6liittym\u00e4n ja ohjainten ansiosta Type 4BYQ-2.6 on helppok\u00e4ytt\u00f6inen. Viljelij\u00e4t oppivat koneen k\u00e4yt\u00f6n nopeasti, mik\u00e4 s\u00e4\u00e4st\u00e4\u00e4 aikaa koulutuksen aikana ja antaa heille mahdollisuuden keskitty\u00e4 tuottavuuteen.<\/p>\n<h3>4. V\u00e4h\u00e4iset huoltovaatimukset<\/h3>\n<p>Huoltovapaiden tarve on v\u00e4h\u00e4inen, mik\u00e4 tekee siit\u00e4 kustannustehokkaan ratkaisun kidneypapujen viljelyyn. Kone on suunniteltu vaatimaan harvempia korjauksia ja osien vaihtoa, mik\u00e4 v\u00e4hent\u00e4\u00e4 seisokkiaikoja ja varmistaa tasaisen suorituskyvyn.<\/p>\n<h3>5. Ymp\u00e4rist\u00f6yst\u00e4v\u00e4llinen<\/h3>\n<p>4BYQ-2.6-kone v\u00e4hent\u00e4\u00e4 kemikaalien ja muiden haitallisten tuotantopanosten tarvetta, mik\u00e4 tekee siit\u00e4 ymp\u00e4rist\u00f6yst\u00e4v\u00e4llisen ratkaisun nykyaikaiseen maatalouteen. Sen suunnittelu auttaa suojelemaan ymp\u00e4r\u00f6iv\u00e4\u00e4 ymp\u00e4rist\u00f6\u00e4 ja tukee kest\u00e4vi\u00e4 viljelyk\u00e4yt\u00e4nt\u00f6j\u00e4.<\/p>\n<p style=\"text-align: center;\"><img loading=\"lazy\" decoding=\"async\" class=\"alignnone wp-image-272\" src=\"https:\/\/square-balers.com\/wp-content\/uploads\/2025\/11\/ep-Type-4BYQ-2.6-Kidney-Bean-Uprooting-Machine-4-Ridge-Forward-Push-41-300x300.webp\" alt=\"Juurinpoistokone\" width=\"475\" height=\"475\" srcset=\"https:\/\/square-balers.com\/wp-content\/uploads\/2025\/11\/ep-Type-4BYQ-2.6-Kidney-Bean-Uprooting-Machine-4-Ridge-Forward-Push-41-300x300.webp 300w, https:\/\/square-balers.com\/wp-content\/uploads\/2025\/11\/ep-Type-4BYQ-2.6-Kidney-Bean-Uprooting-Machine-4-Ridge-Forward-Push-41-150x150.webp 150w, https:\/\/square-balers.com\/wp-content\/uploads\/2025\/11\/ep-Type-4BYQ-2.6-Kidney-Bean-Uprooting-Machine-4-Ridge-Forward-Push-41-12x12.webp 12w, https:\/\/square-balers.com\/wp-content\/uploads\/2025\/11\/ep-Type-4BYQ-2.6-Kidney-Bean-Uprooting-Machine-4-Ridge-Forward-Push-41-100x100.webp 100w, https:\/\/square-balers.com\/wp-content\/uploads\/2025\/11\/ep-Type-4BYQ-2.6-Kidney-Bean-Uprooting-Machine-4-Ridge-Forward-Push-41.webp 358w\" sizes=\"(max-width: 475px) 100vw, 475px\" \/><\/p>\n<h2>Miten tyyppi 4BYQ-2.6 toimii<\/h2>\n<p>Tyypin 4BYQ-2.6 kidneypapujen nostokone toimii ainutlaatuisen neliharjaisen eteenp\u00e4in ty\u00f6nt\u00f6j\u00e4rjestelm\u00e4n avulla. Koneen harjantemainen rakenne ty\u00f6nt\u00e4\u00e4 kasvia eteenp\u00e4in ja vet\u00e4\u00e4 pavut varovasti maasta. T\u00e4m\u00e4 eteenp\u00e4in suuntautuva liike minimoi papujen h\u00e4iri\u00f6t, s\u00e4ilytt\u00e4en niiden eheyden ja laadun helppoa sadonkorjuuta varten. Lis\u00e4ksi kone k\u00e4ytt\u00e4\u00e4 edistynytt\u00e4 teknologiaa ty\u00f6nt\u00f6syvyyden ja -kulman s\u00e4\u00e4t\u00e4miseen, mik\u00e4 optimoi sadonkorjuuprosessin. T\u00e4m\u00e4 mekanismi v\u00e4hent\u00e4\u00e4 my\u00f6s maaper\u00e4n h\u00e4iri\u00f6ist\u00e4 aiheutuvia h\u00e4iri\u00f6j\u00e4, mik\u00e4 tekee toiminnasta sujuvampaa ja tehokkaampaa.<\/p>\n<h2>Tyypin 4BYQ-2.6 munuaispapujen juurimiskoneen t\u00e4rkeimm\u00e4t k\u00e4ytt\u00f6kohteet<\/h2>\n<p>Tyypin 4BYQ-2.6 kidneypapujen juuristuskone on monipuolinen ja sit\u00e4 voidaan k\u00e4ytt\u00e4\u00e4 erilaisissa maatalousymp\u00e4rist\u00f6iss\u00e4. Alla on kuusi keskeist\u00e4 k\u00e4ytt\u00f6tarkoitusta:<\/p>\n<h3>1. Suuret kidneypapuviljelm\u00e4t<\/h3>\n<p>T\u00e4ydellinen suurille kidneypapuviljelmille, kone auttaa tehokkaasti kitkem\u00e4\u00e4n papuja, mik\u00e4 v\u00e4hent\u00e4\u00e4 ty\u00f6voimakustannuksia ja lis\u00e4\u00e4 kokonaistuottavuutta.<\/p>\n<h3>2. Luomuviljely<\/h3>\n<p>Koska kone aiheuttaa vain v\u00e4h\u00e4n maaper\u00e4n h\u00e4iri\u00f6it\u00e4, se sopii erinomaisesti luomuviljelyyn, jossa maaper\u00e4n terveyden yll\u00e4pit\u00e4minen on etusijalla.<\/p>\n<h3>3. Siementuotanto<\/h3>\n<p>Kone sopii hyvin kidneypapujen siementen tuotantoon keskittyville tiloille, sill\u00e4 se varmistaa, ett\u00e4 pavut irrotetaan hell\u00e4varaisesti ja siementen laatu s\u00e4ilyy.<\/p>\n<h3>4. Munuaispapujen korjuu kuivissa olosuhteissa<\/h3>\n<p>4BYQ-2.6 on eritt\u00e4in tehokas kidneypapujen korjuuseen kuivissa olosuhteissa, joissa manuaalinen juurien irrottaminen on haastavampaa.<\/p>\n<h3>5. Maatalouden tutkimuslaitokset<\/h3>\n<p>Tutkimuslaitokset ja maatalouden testauslaitokset voivat k\u00e4ytt\u00e4\u00e4 t\u00e4t\u00e4 konetta munuaispapujen korjuuseen liittyviss\u00e4 kokeissa varmistaen tarkat ja johdonmukaiset tulokset.<\/p>\n<h3>6. R\u00e4\u00e4t\u00e4l\u00f6idyt maatalouspalvelut<\/h3>\n<p>Maatalouspalvelujen tarjoajat voivat k\u00e4ytt\u00e4\u00e4 t\u00e4t\u00e4 konetta tarjotakseen tehokkaita juurien poistopalveluita useille tiloille, mik\u00e4 parantaa pienempien tilojen tuottavuutta ilman merkitt\u00e4vi\u00e4 investointeja.<\/p>\n<h2>Kuinka valita oikean tyyppinen 4BYQ-2.6 munuaispapujen juurimiskone<\/h2>\n<p>Oikean koneen valintaan liittyy useiden tekij\u00f6iden huomioon ottaminen, jotka varmistavat optimaalisen suorituskyvyn juuri sinun tarpeisiisi. N\u00e4in teet parhaan valinnan:<\/p>\n<h3>1. Tilan koko<\/h3>\n<p>Ota huomioon tilasi koko. Suuremmat tilat saattavat tarvita tehokkaamman version koneesta laajamittaisen sadonkorjuun tehokkaaseen hoitamiseen.<\/p>\n<h3>2. Maaper\u00e4tyyppi<\/h3>\n<p>Erilaiset maaper\u00e4tyypit saattavat vaatia koneen erilaisia \u200b\u200bkokoonpanoja. Varmista, ett\u00e4 4BYQ-2.6 on yhteensopiva tilasi maaper\u00e4n kanssa parhaan suorituskyvyn saavuttamiseksi.<\/p>\n<h3>3. Papulajike<\/h3>\n<p>Eri kidneypapulajikkeilla voi olla erilaiset juuristot. Valitse kone, joka on yhteensopiva viljelmiesi papujen juuriston kanssa.<\/p>\n<h3>4. Budjetti<\/h3>\n<p>Varmista, ett\u00e4 kone sopii budjettiisi ja t\u00e4ytt\u00e4\u00e4 samalla tilasi toimintavaatimukset. Harkitse pitk\u00e4n aikav\u00e4lin s\u00e4\u00e4st\u00f6j\u00e4 ty\u00f6voima- ja yll\u00e4pitokustannuksissa.<\/p>\n<h3>5. Yll\u00e4pitotuki<\/h3>\n<p>Valitse kone toimittajalta, joka tarjoaa kattavan huoltotuen ja helpon varaosien saatavuuden seisokkiaikojen minimoimiseksi.<\/p>\n<h3>6. Mukautusvaihtoehdot<\/h3>\n<p>Tarkista, voidaanko kone mukauttaa vastaamaan erityistarpeitasi. Jotkin tilat saattavat vaatia erityisi\u00e4 s\u00e4\u00e4t\u00f6j\u00e4 toiminnallisten vaatimustensa perusteella.<\/p>\n<p style=\"text-align: center;\"><img loading=\"lazy\" decoding=\"async\" class=\"alignnone wp-image-271\" src=\"https:\/\/square-balers.com\/wp-content\/uploads\/2025\/11\/ep-Type-4BYQ-2.6-Kidney-Bean-Uprooting-Machine-4-Ridge-Forward-Push-31-300x300.webp\" alt=\"Juurinpoistokone\" width=\"462\" height=\"462\" srcset=\"https:\/\/square-balers.com\/wp-content\/uploads\/2025\/11\/ep-Type-4BYQ-2.6-Kidney-Bean-Uprooting-Machine-4-Ridge-Forward-Push-31-300x300.webp 300w, https:\/\/square-balers.com\/wp-content\/uploads\/2025\/11\/ep-Type-4BYQ-2.6-Kidney-Bean-Uprooting-Machine-4-Ridge-Forward-Push-31-150x150.webp 150w, https:\/\/square-balers.com\/wp-content\/uploads\/2025\/11\/ep-Type-4BYQ-2.6-Kidney-Bean-Uprooting-Machine-4-Ridge-Forward-Push-31-12x12.webp 12w, https:\/\/square-balers.com\/wp-content\/uploads\/2025\/11\/ep-Type-4BYQ-2.6-Kidney-Bean-Uprooting-Machine-4-Ridge-Forward-Push-31-100x100.webp 100w, https:\/\/square-balers.com\/wp-content\/uploads\/2025\/11\/ep-Type-4BYQ-2.6-Kidney-Bean-Uprooting-Machine-4-Ridge-Forward-Push-31.webp 351w\" sizes=\"(max-width: 462px) 100vw, 462px\" \/><\/p>\n<h2>Tyypin 4BYQ-2.6 munuaispapujen juurimiskoneen huoltomenetelm\u00e4t<\/h2>\n<p>Asianmukainen huolto varmistaa tyypin 4BYQ-2.6 pitk\u00e4n k\u00e4ytt\u00f6i\u00e4n ja suorituskyvyn. T\u00e4ss\u00e4 on joitakin t\u00e4rkeit\u00e4 huoltovinkkej\u00e4:<\/p>\n<h3>1. S\u00e4\u00e4nn\u00f6llinen puhdistus<\/h3>\n<p>Puhdista laite jokaisen k\u00e4ytt\u00f6kerran j\u00e4lkeen liasta ja roskista, jotta v\u00e4lt\u00e4t tukkeutumisen ja liikkuvien osien kulumisen.<\/p>\n<h3>2. Voitelu<\/h3>\n<p>Voitele koneen liikkuvat osat s\u00e4\u00e4nn\u00f6llisesti kitkan v\u00e4hent\u00e4miseksi ja komponenttien vaurioitumisen est\u00e4miseksi.<\/p>\n<h3>3. Kuluvien osien tarkastus<\/h3>\n<p>Tarkista osien, kuten harjanteiden ja terien, kunto kulumisen merkkien varalta. Vaihda ne tarvittaessa tehokkaan toiminnan yll\u00e4pit\u00e4miseksi.<\/p>\n<h3>4. Kalibrointi<\/h3>\n<p>Varmista, ett\u00e4 kone on kalibroitu oikein vastaamaan tilasi maaper\u00e4- ja papuolosuhteita. T\u00e4m\u00e4 parantaa kokonaistehokkuutta.<\/p>\n<h3>5. Koneen s\u00e4ilytys<\/h3>\n<p>S\u00e4ilyt\u00e4 konetta kuivassa ja suojatussa paikassa, kun sit\u00e4 ei k\u00e4ytet\u00e4, suojataksesi sit\u00e4 s\u00e4\u00e4n aiheuttamilta vaurioilta.<\/p>\n<h2>Asiakasarvostelut<\/h2>\n<p>\u201dInvestoimme hiljattain tyypin 4BYQ-2.6 koneeseen suurelle kidneypapuviljelm\u00e4llemme, ja tulokset ovat olleet fantastisia. Se on nopea, tehokas ja helppok\u00e4ytt\u00f6inen. Sadonkorjuuaikamme ovat lyhentyneet merkitt\u00e4v\u00e4sti, ja sadot ovat parantuneet, koska pavut ovat vaurioituneet v\u00e4hemm\u00e4n. Se on loistava sijoitus kaikille kidneypapualalla toimiville.\u201d<\/p>\n<p><strong>\u2013 John Doe, Yhdysvallat<\/strong><\/p>\n<p>\u201dPienimuotoisena luomutilana tarvitsimme ratkaisun, joka olisi hell\u00e4varainen maaper\u00e4llemme ja pavuillemme. Tyypin 4BYQ-2.6 malli t\u00e4ytti odotuksemme. Se on ymp\u00e4rist\u00f6yst\u00e4v\u00e4llinen ja auttaa meit\u00e4 s\u00e4ilytt\u00e4m\u00e4\u00e4n sadon laadun samalla kun se lis\u00e4\u00e4 tuottavuutta. Suosittelen l\u00e4mpim\u00e4sti!\u201d<\/p>\n<p><strong>\u2013 Emma Lee, Australia<\/strong><\/p>\n<p>\u201dOlemme k\u00e4ytt\u00e4neet 4BYQ-2.6:ta jo useiden kuukausien ajan, ja se on osoittautunut luotettavaksi ja kest\u00e4v\u00e4ksi. Kone toimii jopa kuivimmissakin olosuhteissa, mik\u00e4 tekee siit\u00e4 ihanteellisen paikalliseen ilmastoomme. Ty\u00f6voimakustannusten s\u00e4\u00e4st\u00f6t ovat olleet huomattavia.\u201d<\/p>\n<p><strong>\u2013 Carlos Mendoza, Meksiko<\/strong><\/p>\n<p>\u201dValmistajan tuki oli erinomaista. Kone on hyvin rakennettu ja helppok\u00e4ytt\u00f6inen. Sen avulla olemme voineet korjata kidneypapuja paljon tehokkaammin. Takuu ja huoltopalvelu antavat meille mielenrauhaa.\u201d<\/p>\n<p><strong>\u2013 Marie Dupont, Ranska<\/strong><\/p>\n<p>\u201dOlemme n\u00e4hneet merkitt\u00e4v\u00e4\u00e4 tehokkuuden kasvua siit\u00e4 l\u00e4htien, kun aloimme k\u00e4ytt\u00e4\u00e4 tyyppi\u00e4 4BYQ-2.6. Se on kest\u00e4v\u00e4, v\u00e4h\u00e4n huoltoa vaativa ja kustannustehokas. Jos etsit luotettavaa ratkaisua suurille paputiloille, t\u00e4m\u00e4 on se!\u201d<\/p>\n<p><strong>\u2013 Li Wei, Kiina<\/strong><\/p>\n<h2>Miksi valita juuri meid\u00e4n tuotteemme?<\/h2>\n<p>Tarjoamme nopeita r\u00e4\u00e4t\u00e4l\u00f6intipalveluita, vahvaa asiakastukea ja 3 vuoden takuun, jotka takaavat huolettoman ostokokemuksen. Tuotteidemme toimitus on nopeaa maailmanlaajuisesti, ja j\u00e4lkimarkkinointipalvelumme on vankkaa ja vastaa asiakkaiden tarpeisiin sijainnista riippumatta. Yli 20 vuoden kokemuksella maatalouskoneiden valmistuksesta varmistamme huippulaadukkaat tuotteet kilpailukykyiseen hintaan.<\/p>\n<h2>Tutustu lis\u00e4\u00e4 ja ota yhteytt\u00e4<\/h2>\n<p>Tyypin 4BYQ-2.6 munuaispavun lis\u00e4ksi <a href=\"https:\/\/square-balers.com\/fi\/tuote\/type-9jyy-2-5-round-bale-picking-and-transporting-machine\/\">Juurinpoistokone<\/a>Tarjoamme laajan valikoiman tuotteita ja lis\u00e4varusteita, jotka voivat parantaa maatilasi tehokkuutta. Omistautunut asiakastukitiimimme on aina valmiina auttamaan kaikissa tiedusteluissa tai r\u00e4\u00e4t\u00e4l\u00f6intitarpeissa. Tutustu tuotevalikoimaamme ja ota meihin yhteytt\u00e4 jo t\u00e4n\u00e4\u00e4n tehd\u00e4ksesi tilauksen ja parantaaksesi maataloustoimintaasi.<\/p>\n<h2 style=\"text-align: center;\"><img loading=\"lazy\" decoding=\"async\" class=\"alignnone wp-image-273\" src=\"https:\/\/square-balers.com\/wp-content\/uploads\/2025\/11\/ep-Type-4BYQ-2.6-Kidney-Bean-Uprooting-Machine-4-Ridge-Forward-Push-51-300x300.webp\" alt=\"Juurinpoistokone\" width=\"486\" height=\"486\" srcset=\"https:\/\/square-balers.com\/wp-content\/uploads\/2025\/11\/ep-Type-4BYQ-2.6-Kidney-Bean-Uprooting-Machine-4-Ridge-Forward-Push-51-300x300.webp 300w, https:\/\/square-balers.com\/wp-content\/uploads\/2025\/11\/ep-Type-4BYQ-2.6-Kidney-Bean-Uprooting-Machine-4-Ridge-Forward-Push-51-150x150.webp 150w, https:\/\/square-balers.com\/wp-content\/uploads\/2025\/11\/ep-Type-4BYQ-2.6-Kidney-Bean-Uprooting-Machine-4-Ridge-Forward-Push-51-12x12.webp 12w, https:\/\/square-balers.com\/wp-content\/uploads\/2025\/11\/ep-Type-4BYQ-2.6-Kidney-Bean-Uprooting-Machine-4-Ridge-Forward-Push-51-100x100.webp 100w, https:\/\/square-balers.com\/wp-content\/uploads\/2025\/11\/ep-Type-4BYQ-2.6-Kidney-Bean-Uprooting-Machine-4-Ridge-Forward-Push-51.webp 340w\" sizes=\"(max-width: 486px) 100vw, 486px\" \/><\/h2>\n<h2>Usein kysytyt kysymykset (UKK)<\/h2>\n<ol>\n<li><strong>Mik\u00e4 on tyypin 4BYQ-2.6 ensisijainen teht\u00e4v\u00e4? <a href=\"http:\/\/farm-baler.com\" target=\"_blank\" rel=\"noopener\">Munuaispapujen juurimiskone<\/a>?<\/strong><br \/>\nT\u00e4m\u00e4n koneen ensisijainen teht\u00e4v\u00e4 on nostaa kidneypavut tehokkaasti maasta. Se k\u00e4ytt\u00e4\u00e4 neliharjaista eteenp\u00e4in ty\u00f6nt\u00f6j\u00e4rjestelm\u00e4\u00e4, joka minimoi papujen vauriot ja lis\u00e4\u00e4 sadonkorjuunopeutta.<\/li>\n<li><strong>Miten neliharjainen eteenp\u00e4in ty\u00f6nt\u00f6mekanismi toimii?<\/strong><br \/>\nNelj\u00e4harjainen eteenp\u00e4in ty\u00f6nt\u00f6mekanismi ty\u00f6nt\u00e4\u00e4 kidneypapuja eteenp\u00e4in maaper\u00e4ss\u00e4 ja irrottaa ne varovasti juuriltaan s\u00e4ilytt\u00e4en samalla niiden laadun ja rakenteen. T\u00e4m\u00e4 tekniikka v\u00e4hent\u00e4\u00e4 kasvien vaurioita ja varmistaa laadukkaamman sadon.<\/li>\n<li><strong>Voidaanko tyyppi\u00e4 4BYQ-2.6 k\u00e4ytt\u00e4\u00e4 muuntyyppisille viljelykasveille?<\/strong><br \/>\nVaikka tyyppi 4BYQ-2.6 on optimoitu kidneypavuille, sit\u00e4 voidaan soveltaa my\u00f6s muille samanlaisella juurirakenteella varustetuille viljelykasveille. Kysy valmistajalta lis\u00e4tietoja erityisist\u00e4 s\u00e4\u00e4d\u00f6ist\u00e4.<\/li>\n<li><strong>Onko tyyppi\u00e4 4BYQ-2.6 helppo huoltaa?<\/strong><br \/>\nKyll\u00e4, kone vaatii vain v\u00e4h\u00e4n huoltoa, ja se vaatii s\u00e4\u00e4nn\u00f6llist\u00e4 puhdistusta, voitelua ja satunnaisia \u200b\u200bosien vaihtoja. T\u00e4m\u00e4 varmistaa sujuvan ja luotettavan toiminnan koko sen k\u00e4ytt\u00f6i\u00e4n ajan.<\/li>\n<li><strong>Mik\u00e4 on tyypin 4BYQ-2.6 munuaispapujen juurimiskoneen takuuaika?<\/strong><br \/>\nKoneella on 3 vuoden takuu, joka suojaa valmistusvirheilt\u00e4 ja tarjoaa ostajille mielenrauhaa.<\/li>\n<li><strong>Kuinka kauan koneen vastaanottaminen kest\u00e4\u00e4 tilauksen tekemisen j\u00e4lkeen?<\/strong><br \/>\nToimitusajat vaihtelevat sijainnin mukaan, mutta tarjoamme nopeaa maailmanlaajuista toimitusta varmistaen, ett\u00e4 koneesi saapuu mahdollisimman lyhyess\u00e4 ajassa.<\/li>\n<li><strong>Sopiiko kone luomuviljelyyn?<\/strong><br \/>\nKyll\u00e4, tyyppi 4BYQ-2.6 sopii t\u00e4ydellisesti luomuviljelyyn, koska se minimoi maaper\u00e4n h\u00e4iriintymisen, s\u00e4ilytt\u00e4\u00e4 maaper\u00e4n eheyden ja tukee kest\u00e4vi\u00e4 k\u00e4yt\u00e4nt\u00f6j\u00e4.<\/li>\n<li><strong>Voidaanko tyyppi\u00e4 4BYQ-2.6 k\u00e4ytt\u00e4\u00e4 pienimuotoisilla tiloilla?<\/strong><br \/>\nKyll\u00e4, kone on monipuolinen ja sit\u00e4 voidaan k\u00e4ytt\u00e4\u00e4 tehokkaasti niin pienill\u00e4 tiloilla kuin suurissakin toiminnoissa.<\/li>\n<li><strong>Mik\u00e4 on tyypin 4BYQ-2.6 kapasiteetti?<\/strong><br \/>\nKone pystyy k\u00e4sittelem\u00e4\u00e4n tehokkaasti suuria alueita, mik\u00e4 tekee siit\u00e4 ihanteellisen laajamittaiseen papuviljelyyn.<\/li>\n<li><strong>Mit\u00e4 minun pit\u00e4isi tehd\u00e4, jos koneessa on toimintah\u00e4iri\u00f6?<\/strong><br \/>\nJos koneessa on toimintah\u00e4iri\u00f6, voit ottaa yhteytt\u00e4 asiakaspalveluumme vianm\u00e4\u00e4rityksen ja avun saamiseksi. Tarjoamme my\u00f6s korjaus- ja varaosapalveluita.<\/li>\n<li><strong>Paljonko tyyppi 4BYQ-2.6 maksaa?<\/strong><br \/>\nTyypin 4BYQ-2.6 hinta vaihtelee r\u00e4\u00e4t\u00e4l\u00f6innin ja sijainnin mukaan. Ota yhteytt\u00e4 saadaksesi henkil\u00f6kohtaisen tarjouksen.<\/li>\n<li><strong>Voiko konetta mukauttaa tiettyihin tarpeisiin?<\/strong><br \/>\nKyll\u00e4, tarjoamme r\u00e4\u00e4t\u00e4l\u00f6intivaihtoehtoja tyypille 4BYQ-2.6 maatilan erityisvaatimusten ja -olosuhteiden t\u00e4ytt\u00e4miseksi.<\/li>\n<li><strong>Kuinka pitk\u00e4 on toimitusaika?<\/strong><br \/>\nToimitusaika vaihtelee sijainnista riippuen, mutta takaamme nopean toimituksen kaikkiin maihin, tyypillisesti muutamassa viikossa.<\/li>\n<li><strong>Onko tyypin 4BYQ-2.6 k\u00e4ytt\u00f6\u00f6n saatavilla koulutusta?<\/strong><br \/>\nKyll\u00e4, tarjoamme koulutusta koneen tehokkaaseen k\u00e4ytt\u00f6\u00f6n varmistaen maksimaalisen tuottavuuden.<\/li>\n<\/ol>\n<p>gzl:n muokkaama<\/p>","protected":false},"excerpt":{"rendered":"<p>4BYQ-2.6 kidneypapujen nostolaite on tehokas maatalousty\u00f6kalu, joka on suunniteltu tehokkaaseen kidneypapujen korjuuseen. 2,6 metrin ty\u00f6leveydell\u00e4\u00e4n ja 66\u201388 kW:n tehoalueellaan t\u00e4m\u00e4 kone pystyy kattamaan laajoja alueita nopeasti ja tehokkaasti. Sen jousitettu noukinmekanismi minimoi kasvien vauriot, ja s\u00e4\u00e4dett\u00e4v\u00e4 ty\u00f6nopeus (6\u201310 km\/h) ja korkea tuotantotehokkuus (1,56\u20132,6 hehtaaria tunnissa) maksimoivat tuottavuuden. Yhden k\u00e4ytt\u00e4j\u00e4n k\u00e4ytt\u00f6\u00f6n suunniteltu 4BYQ-2.6 sopii erinomaisesti paputiloille, sill\u00e4 se tarjoaa kest\u00e4vyytt\u00e4, helppok\u00e4ytt\u00f6isyytt\u00e4 ja nopeaa toimintaa kidneypapujen korjuuprosessin virtaviivaistamiseksi.<\/p>","protected":false},"featured_media":274,"template":"","meta":{"_et_pb_use_builder":"","_et_pb_old_content":"","_et_gb_content_width":""},"product_brand":[],"product_cat":[22],"product_tag":[],"class_list":{"0":"post-229","1":"product","2":"type-product","3":"status-publish","4":"has-post-thumbnail","6":"product_cat-kidney-bean-puller","8":"first","9":"instock","10":"shipping-taxable","11":"product-type-simple"},"_links":{"self":[{"href":"https:\/\/square-balers.com\/fi\/wp-json\/wp\/v2\/product\/229","targetHints":{"allow":["GET"]}}],"collection":[{"href":"https:\/\/square-balers.com\/fi\/wp-json\/wp\/v2\/product"}],"about":[{"href":"https:\/\/square-balers.com\/fi\/wp-json\/wp\/v2\/types\/product"}],"wp:featuredmedia":[{"embeddable":true,"href":"https:\/\/square-balers.com\/fi\/wp-json\/wp\/v2\/media\/274"}],"wp:attachment":[{"href":"https:\/\/square-balers.com\/fi\/wp-json\/wp\/v2\/media?parent=229"}],"wp:term":[{"taxonomy":"product_brand","embeddable":true,"href":"https:\/\/square-balers.com\/fi\/wp-json\/wp\/v2\/product_brand?post=229"},{"taxonomy":"product_cat","embeddable":true,"href":"https:\/\/square-balers.com\/fi\/wp-json\/wp\/v2\/product_cat?post=229"},{"taxonomy":"product_tag","embeddable":true,"href":"https:\/\/square-balers.com\/fi\/wp-json\/wp\/v2\/product_tag?post=229"}],"curies":[{"name":"wp","href":"https:\/\/api.w.org\/{rel}","templated":true}]}}