{"id":231,"date":"2025-11-24T09:49:25","date_gmt":"2025-11-24T09:49:25","guid":{"rendered":"https:\/\/square-balers.com\/?post_type=product&#038;p=231"},"modified":"2025-12-18T03:02:23","modified_gmt":"2025-12-18T03:02:23","slug":"9jyy-2-5-keraily-ja-kuljetus","status":"publish","type":"product","link":"https:\/\/square-balers.com\/fi\/tuote\/9jyy-2-5-keraily-ja-kuljetus\/","title":{"rendered":"Erinomainen tyyppi 9JYY-2.5 py\u00f6r\u00f6paalien ker\u00e4ily- ja kuljetuskone"},"content":{"rendered":"<p data-start=\"314\" data-end=\"343\">Excellent Type 9JYY-2.5 -py\u00f6r\u00f6paalien ker\u00e4ily- ja kuljetuskone on eritt\u00e4in tehokas maatalousty\u00f6kalu, joka on suunniteltu py\u00f6reiden paalien ker\u00e4\u00e4miseen, kuljetukseen ja hallintaan pellolla. Se voi merkitt\u00e4v\u00e4sti v\u00e4hent\u00e4\u00e4 ty\u00f6aikaa ja parantaa toiminnan tehokkuutta, mik\u00e4 tekee siit\u00e4 v\u00e4ltt\u00e4m\u00e4tt\u00f6m\u00e4n koneen nykyaikaisille maatiloille. T\u00e4ss\u00e4 artikkelissa tarkastellaan koneen ominaisuuksia, etuja ja toimintaperiaatteita, jotta voit tehd\u00e4 tietoon perustuvan valinnan.<\/p>\n<h2 data-start=\"314\" data-end=\"343\">Tekniset tiedot<\/h2>\n<div class=\"_tableContainer_1rjym_1\">\n<div class=\"group _tableWrapper_1rjym_13 flex w-fit flex-col-reverse\" tabindex=\"-1\">\n<table class=\"w-fit min-w-(--thread-content-width)\" style=\"height: 276px; border-color: #000000;\" data-start=\"345\" data-end=\"1440\">\n<thead data-start=\"345\" data-end=\"426\">\n<tr style=\"height: 23px;\" data-start=\"345\" data-end=\"426\">\n<th style=\"height: 23px; width: 137.742px;\" data-start=\"345\" data-end=\"375\" data-col-size=\"sm\">Tuote<\/th>\n<th style=\"height: 23px; width: 30.3438px;\" data-start=\"375\" data-end=\"392\" data-col-size=\"sm\">Yksikk\u00f6<\/th>\n<th style=\"height: 23px; width: 348.141px;\" data-start=\"392\" data-end=\"426\" data-col-size=\"md\">Tekniset tiedot<\/th>\n<\/tr>\n<\/thead>\n<tbody data-start=\"509\" data-end=\"1440\">\n<tr style=\"height: 23px;\" data-start=\"509\" data-end=\"613\">\n<td style=\"height: 23px; width: 137.742px;\" data-start=\"509\" data-end=\"540\" data-col-size=\"sm\">Mallin nimi<\/td>\n<td style=\"height: 23px; width: 30.3438px;\" data-start=\"540\" data-end=\"557\" data-col-size=\"sm\">–<\/td>\n<td style=\"height: 23px; width: 348.141px;\" data-start=\"557\" data-end=\"613\" data-col-size=\"md\">9JYY-2.5 Py\u00f6r\u00f6paalien ker\u00e4ily- ja kuljetuskone<\/td>\n<\/tr>\n<tr style=\"height: 23px;\" data-start=\"614\" data-end=\"695\">\n<td style=\"height: 23px; width: 137.742px;\" data-start=\"614\" data-end=\"645\" data-col-size=\"sm\">Yhteystapa<\/td>\n<td style=\"height: 23px; width: 30.3438px;\" data-start=\"645\" data-end=\"662\" data-col-size=\"sm\">–<\/td>\n<td style=\"height: 23px; width: 348.141px;\" data-start=\"662\" data-end=\"695\" data-col-size=\"md\">Vetotyyppinen<\/td>\n<\/tr>\n<tr style=\"height: 23px;\" data-start=\"696\" data-end=\"777\">\n<td style=\"height: 23px; width: 137.742px;\" data-start=\"696\" data-end=\"727\" data-col-size=\"sm\">Purkausmenetelm\u00e4<\/td>\n<td style=\"height: 23px; width: 30.3438px;\" data-start=\"727\" data-end=\"744\" data-col-size=\"sm\">–<\/td>\n<td style=\"height: 23px; width: 348.141px;\" data-start=\"744\" data-end=\"777\" data-col-size=\"md\">Nesteen paine<\/td>\n<\/tr>\n<tr style=\"height: 23px;\" data-start=\"778\" data-end=\"860\">\n<td style=\"height: 23px; width: 137.742px;\" data-start=\"778\" data-end=\"809\" data-col-size=\"sm\">Maksimikuorma<\/td>\n<td style=\"height: 23px; width: 30.3438px;\" data-start=\"809\" data-end=\"826\" data-col-size=\"sm\">kg<\/td>\n<td style=\"height: 23px; width: 348.141px;\" data-start=\"826\" data-end=\"860\" data-col-size=\"md\">2500<\/td>\n<\/tr>\n<tr style=\"height: 23px;\" data-start=\"861\" data-end=\"943\">\n<td style=\"height: 23px; width: 137.742px;\" data-start=\"861\" data-end=\"892\" data-col-size=\"sm\">Virtal\u00e4hteen alue<\/td>\n<td style=\"height: 23px; width: 30.3438px;\" data-start=\"892\" data-end=\"909\" data-col-size=\"sm\">kW<\/td>\n<td style=\"height: 23px; width: 348.141px;\" data-start=\"909\" data-end=\"943\" data-col-size=\"md\">\u226520<\/td>\n<\/tr>\n<tr style=\"height: 23px;\" data-start=\"944\" data-end=\"1026\">\n<td style=\"height: 23px; width: 137.742px;\" data-start=\"944\" data-end=\"975\" data-col-size=\"sm\">Ty\u00f6paine<\/td>\n<td style=\"height: 23px; width: 30.3438px;\" data-start=\"975\" data-end=\"992\" data-col-size=\"sm\">MPa<\/td>\n<td style=\"height: 23px; width: 348.141px;\" data-start=\"992\" data-end=\"1026\" data-col-size=\"md\">\u226516<\/td>\n<\/tr>\n<tr style=\"height: 23px;\" data-start=\"1027\" data-end=\"1109\">\n<td style=\"height: 23px; width: 137.742px;\" data-start=\"1027\" data-end=\"1058\" data-col-size=\"sm\">K\u00e4ytt\u00f6nopeus<\/td>\n<td style=\"height: 23px; width: 30.3438px;\" data-start=\"1058\" data-end=\"1075\" data-col-size=\"sm\">km\/h<\/td>\n<td style=\"height: 23px; width: 348.141px;\" data-start=\"1075\" data-end=\"1109\" data-col-size=\"md\">\u226440<\/td>\n<\/tr>\n<tr style=\"height: 23px;\" data-start=\"1110\" data-end=\"1191\">\n<td style=\"height: 23px; width: 137.742px;\" data-start=\"1110\" data-end=\"1141\" data-col-size=\"sm\">Py\u00f6r\u00e4n tyyppi<\/td>\n<td style=\"height: 23px; width: 30.3438px;\" data-start=\"1141\" data-end=\"1158\" data-col-size=\"sm\">–<\/td>\n<td style=\"height: 23px; width: 348.141px;\" data-start=\"1158\" data-end=\"1191\" data-col-size=\"md\">10.0\/80-12 (Paripy\u00f6r\u00e4t)<\/td>\n<\/tr>\n<tr style=\"height: 23px;\" data-start=\"1192\" data-end=\"1274\">\n<td style=\"height: 23px; width: 137.742px;\" data-start=\"1192\" data-end=\"1223\" data-col-size=\"sm\">Paalin koko (s\u00e4\u00e4dett\u00e4v\u00e4)<\/td>\n<td style=\"height: 23px; width: 30.3438px;\" data-start=\"1223\" data-end=\"1240\" data-col-size=\"sm\">mm<\/td>\n<td style=\"height: 23px; width: 348.141px;\" data-start=\"1240\" data-end=\"1274\" data-col-size=\"md\">Halkaisija 1300, pituus 1000-1500<\/td>\n<\/tr>\n<tr style=\"height: 23px;\" data-start=\"1275\" data-end=\"1357\">\n<td style=\"height: 23px; width: 137.742px;\" data-start=\"1275\" data-end=\"1306\" data-col-size=\"sm\">Kokonaismitat<\/td>\n<td style=\"height: 23px; width: 30.3438px;\" data-start=\"1306\" data-end=\"1323\" data-col-size=\"sm\">mm<\/td>\n<td style=\"height: 23px; width: 348.141px;\" data-start=\"1323\" data-end=\"1357\" data-col-size=\"md\">10300 \u00d7 2420 \u00d7 2485<\/td>\n<\/tr>\n<tr style=\"height: 23px;\" data-start=\"1358\" data-end=\"1440\">\n<td style=\"height: 23px; width: 137.742px;\" data-start=\"1358\" data-end=\"1389\" data-col-size=\"sm\">Koneen kokonaispaino<\/td>\n<td style=\"height: 23px; width: 30.3438px;\" data-start=\"1389\" data-end=\"1406\" data-col-size=\"sm\">kg<\/td>\n<td style=\"height: 23px; width: 348.141px;\" data-start=\"1406\" data-end=\"1440\" data-col-size=\"md\">1165<\/td>\n<\/tr>\n<\/tbody>\n<\/table>\n<\/div>\n<\/div>\n<h2>Tuotteen m\u00e4\u00e4ritelm\u00e4<\/h2>\n<p>Excellent Type 9JYY-2.5 -py\u00f6r\u00f6paalien ker\u00e4ily- ja kuljetuskone on suunniteltu ker\u00e4\u00e4m\u00e4\u00e4n, nostamaan ja kuljettamaan py\u00f6r\u00f6paaleja tehokkaasti pellolta varastointi- tai lastausalueille. Se tarjoaa maanviljelij\u00f6ille ja maataloustuotannolle luotettavan ja ty\u00f6voimaa s\u00e4\u00e4st\u00e4v\u00e4n ratkaisun, joka lis\u00e4\u00e4 tuottavuutta ja v\u00e4hent\u00e4\u00e4 manuaalista ty\u00f6t\u00e4.<\/p>\n<h2>Ongelmat, joihin Excellent Type 9JYY-2.5 -py\u00f6r\u00f6paalien ker\u00e4ily- ja kuljetuskoneen avulla voidaan puuttua<\/h2>\n<p>T\u00e4m\u00e4 kone ratkaisee useita kriittisi\u00e4 haasteita maatalouden paalien hallinnassa, mukaan lukien:<\/p>\n<ul>\n<li><strong>Ty\u00f6voiman v\u00e4hent\u00e4minen:<\/strong> Minimoi paalien ty\u00f6l\u00e4st\u00e4 manuaalista k\u00e4sittely\u00e4.<\/li>\n<li><strong>Tehokkuus liikenteess\u00e4:<\/strong> Nopeuttaa paalien ker\u00e4\u00e4mist\u00e4 ja kuljetusta pelloilla.<\/li>\n<li><strong>Vahinkojen ehk\u00e4isy:<\/strong> V\u00e4hent\u00e4\u00e4 paalien vaurioitumisriski\u00e4 k\u00e4sittelyn ja kuljetuksen aikana.<\/li>\n<li><strong>Aikaa s\u00e4\u00e4st\u00e4v\u00e4:<\/strong> Lis\u00e4\u00e4 toiminnan tehokkuutta, jolloin ty\u00f6ntekij\u00e4t voivat k\u00e4sitell\u00e4 enemm\u00e4n paaleja lyhyemm\u00e4ss\u00e4 ajassa.<\/li>\n<li><strong>Parannettu paalink\u00e4sittely:<\/strong> Varmistaa paalien turvallisen ja varman k\u00e4sittelyn est\u00e4en murskaantumisen ja h\u00e4vikin.<\/li>\n<\/ul>\n<h2>Excellent Type 9JYY-2.5 -py\u00f6r\u00f6paalien ker\u00e4ily- ja kuljetuskoneen t\u00e4rkeimm\u00e4t edut<\/h2>\n<p>Excellent Type 9JYY-2.5 tarjoaa lukuisia etuja maatalousalan ammattilaisille, mik\u00e4 tekee siit\u00e4 erinomaisen valinnan paalienk\u00e4sittelykoneiden markkinoilla:<\/p>\n<ul>\n<li><strong>Korkea hy\u00f6tysuhde:<\/strong> Pystyy ker\u00e4\u00e4m\u00e4\u00e4n ja kuljettamaan suuria m\u00e4\u00e4ri\u00e4 paaleja nopeasti, mik\u00e4 parantaa tuottavuutta suurilla tiloilla.<\/li>\n<li><strong>Kest\u00e4v\u00e4 rakenne:<\/strong> Valmistettu korkealaatuisista materiaaleista kest\u00e4m\u00e4\u00e4n vaativia kentt\u00e4olosuhteita, mik\u00e4 takaa pitk\u00e4n k\u00e4ytt\u00f6i\u00e4n ja minimaalisen huollon tarpeen.<\/li>\n<li><strong>Helppo k\u00e4ytt\u00f6:<\/strong> Suunniteltu k\u00e4ytt\u00e4j\u00e4yst\u00e4v\u00e4llisill\u00e4 ohjaimilla, jotka mahdollistavat k\u00e4ytt\u00e4jien ty\u00f6skentelyn vaivattomuuden ja v\u00e4hent\u00e4v\u00e4t k\u00e4ytt\u00e4j\u00e4n v\u00e4symist\u00e4.<\/li>\n<li><strong>Monipuolisuus:<\/strong> Sopii monenlaisille paalityypeille ja -kokoille, joten se on ihanteellinen erilaisiin maatalousymp\u00e4rist\u00f6ihin.<\/li>\n<li><strong>Kustannustehokas:<\/strong> V\u00e4hent\u00e4\u00e4 lis\u00e4ty\u00f6voiman ja kuljetuskaluston tarvetta, mik\u00e4 s\u00e4\u00e4st\u00e4\u00e4 k\u00e4ytt\u00f6kustannuksissa ajan my\u00f6t\u00e4.<\/li>\n<\/ul>\n<h2>Excellent Type 9JYY-2.5 -py\u00f6r\u00f6paalien ker\u00e4ily- ja kuljetuskoneen toimintaperiaate<\/h2>\n<p>Excellent Type 9JYY-2.5 toimii yksinkertaisella mutta tehokkaalla j\u00e4rjestelm\u00e4ll\u00e4. Se k\u00e4ytt\u00e4\u00e4 tehokasta hydraulista mekanismia py\u00f6reiden paalien nostamiseen ja kuljettamiseen erilaisissa maastoissa. Koneen automaattinen paalinker\u00e4ysvarsi tarttuu paaleihin, nostaa ne turvallisesti ja asettaa ne kuljetusalustalle. T\u00e4m\u00e4n j\u00e4lkeen integroitu kuljetusj\u00e4rjestelm\u00e4 toimittaa paalit haluttuun paikkaan, mik\u00e4 minimoi ihmisen puuttumisen asiaan ja lyhent\u00e4\u00e4 kokonaisk\u00e4sittelyaikaa.<\/p>\n<p style=\"text-align: center;\"><img loading=\"lazy\" decoding=\"async\" class=\"alignnone size-medium wp-image-277\" src=\"https:\/\/square-balers.com\/wp-content\/uploads\/2025\/11\/ep-Type-9JYY-2.5-Round-Bale-Picking-and-Transporting-Machine-111-300x300.webp\" alt=\"Ker\u00e4ily ja kuljetus\" width=\"300\" height=\"300\" \/><\/p>\n<h2>Excellent Type 9JYY-2.5 -py\u00f6r\u00f6paalien ker\u00e4ily- ja kuljetuskoneen t\u00e4rkeimm\u00e4t k\u00e4ytt\u00f6kohteet<\/h2>\n<p>T\u00e4m\u00e4 kone sopii erinomaisesti lukuisiin maatalousymp\u00e4rist\u00f6ihin, ja se tarjoaa olennaisia \u200b\u200btoimintoja erilaisissa tilanteissa:<\/p>\n<ul>\n<li><strong>Suuret maatilat:<\/strong> T\u00e4ydellinen maatiloille, joiden on ker\u00e4tt\u00e4v\u00e4 ja kuljetettava suuria m\u00e4\u00e4ri\u00e4 paaleja tehokkaasti.<\/li>\n<li><strong>Hein\u00e4- ja olkitoiminnot:<\/strong> K\u00e4sittelee tehokkaasti hein\u00e4- ja olkipaaleja parantaen n\u00e4iden teollisuudenalojen kokonaistuottavuutta.<\/li>\n<li><strong>Karjatilat:<\/strong> Hy\u00f6dyllinen hein\u00e4paalien kuljettamiseen karjatarhoihin ruokintaa varten.<\/li>\n<li><strong>Kentt\u00e4toiminnot:<\/strong> Auttaa nopeuttamaan paalien ker\u00e4\u00e4mist\u00e4 pelloilla sadonkorjuukauden aikana.<\/li>\n<li><strong>Varastointi ja jakelu:<\/strong> Helpottaa paalien siirtoa pellolta varastoalueille tai jakelupisteisiin.<\/li>\n<li><strong>Maaseudun maatalouspalvelut:<\/strong> Palvelee maatalousurakoitsijoita, jotka tarjoavat paalien kuljetuspalveluita useille asiakkaille.<\/li>\n<\/ul>\n<h2>Kuinka valita oikea Excellent Type 9JYY-2.5 -py\u00f6r\u00f6paalien ker\u00e4ily- ja kuljetuskone<\/h2>\n<p>Kun valitset oikean koneen maataloustarpeisiisi, ota huomioon seuraavat tekij\u00e4t:<\/p>\n<ul>\n<li><strong>Kent\u00e4n koko:<\/strong> Valitse kone peltojesi koon mukaan varmistaaksesi tehokkuuden ja tuottavuuden.<\/li>\n<li><strong>Paalin tyyppi:<\/strong> Varmista, ett\u00e4 kone pystyy k\u00e4sittelem\u00e4\u00e4n k\u00e4ytt\u00e4mi\u00e4si paalityyppej\u00e4, kuten py\u00f6reit\u00e4 tai neli\u00f6paaleja.<\/li>\n<li><strong>Hydraulij\u00e4rjestelm\u00e4:<\/strong> Arvioi hydraulinen kapasiteetti varmistaaksesi, ett\u00e4 se pystyy nostamaan k\u00e4sitelt\u00e4viksi tarkoitettujen paalien painon.<\/li>\n<li><strong>Kest\u00e4vyys:<\/strong> Huomioi materiaalit ja rakennelaatu varmistaaksesi, ett\u00e4 kone kest\u00e4\u00e4 vaativissa pelto-olosuhteissa.<\/li>\n<li><strong>K\u00e4yt\u00f6n helppous:<\/strong> Valitse malli, jossa on yksinkertaiset s\u00e4\u00e4timet helpottavat k\u00e4ytt\u00f6\u00e4 ja v\u00e4hent\u00e4v\u00e4t ty\u00f6ntekij\u00f6iden koulutusaikaa.<\/li>\n<li><strong>Huoltovaatimukset:<\/strong> Valitse malli, jota on helppo huoltaa ja josta on helposti saatavilla varaosia seisokkiaikojen minimoimiseksi.<\/li>\n<\/ul>\n<h2>Huoltovinkkej\u00e4 Excellent Type 9JYY-2.5 -py\u00f6r\u00f6paalien ker\u00e4ily- ja kuljetuskoneelle<\/h2>\n<p>Koneen pitk\u00e4n k\u00e4ytt\u00f6i\u00e4n ja optimaalisen suorituskyvyn varmistamiseksi s\u00e4\u00e4nn\u00f6llinen huolto on v\u00e4ltt\u00e4m\u00e4t\u00f6nt\u00e4. Noudata n\u00e4it\u00e4 vinkkej\u00e4:<\/p>\n<ul>\n<li><strong>S\u00e4\u00e4nn\u00f6llinen puhdistus:<\/strong> Puhdista laite jokaisen k\u00e4ytt\u00f6kerran j\u00e4lkeen, jotta lika ja roskat eiv\u00e4t kerry, sill\u00e4 ne voivat vaikuttaa laitteen suorituskykyyn.<\/li>\n<li><strong>Tarkista hydraulinesteet:<\/strong> Tarkista ja lis\u00e4\u00e4 hydraulinesteit\u00e4 s\u00e4\u00e4nn\u00f6llisesti varmistaaksesi moitteettoman toiminnan.<\/li>\n<li><strong>Tarkista renkaat ja vanteet:<\/strong> Varmista, ett\u00e4 renkaat ovat oikein t\u00e4ytetyt ja hyv\u00e4ss\u00e4 kunnossa, jotta v\u00e4ltyt rikkoutumisilta kuljetuksen aikana.<\/li>\n<li><strong>Voitele liikkuvat osat:<\/strong> Voitele kaikki liikkuvat osat kulumisen v\u00e4hent\u00e4miseksi ja sujuvan toiminnan varmistamiseksi.<\/li>\n<li><strong>Tarkista kuluminen ja repe\u00e4m\u00e4t:<\/strong> Tarkasta kone vaurioiden tai kulumisen varalta, erityisesti raskaan k\u00e4yt\u00f6n j\u00e4lkeen, ja vaihda osat tarvittaessa.<\/li>\n<\/ul>\n<h2>Asiakasarvosteluja eri maista<\/h2>\n<p>Erinomainen tyyppimme 9JYY-2.5 <a href=\"https:\/\/square-balers.com\/fi\/tuote\/9yg-1-25-pyoropaalain\/\">Py\u00f6re\u00e4 paali<\/a> Poiminta- ja kuljetuskone on saanut positiivista palautetta maanviljelij\u00f6ilt\u00e4 ja maatalousalan ammattilaisilta ymp\u00e4ri maailmaa. T\u00e4ss\u00e4 on joitakin tosiel\u00e4m\u00e4n arvosteluja:<\/p>\n<p>\u201dT\u00e4m\u00e4 kone on tehnyt valtavan eron maatilallamme. Paalien ker\u00e4\u00e4minen ja kuljettaminen oli ennen niin ty\u00f6l\u00e4st\u00e4, mutta nyt se on paljon nopeampaa ja tehokkaampaa. Pystymme saamaan enemm\u00e4n ty\u00f6t\u00e4 tehty\u00e4 lyhyemm\u00e4ss\u00e4 ajassa. Se on my\u00f6s eritt\u00e4in tukeva ja luotettava.\u201d<\/p>\n<p>\u2013 <strong>John Smith, Yhdysvallat<\/strong><\/p>\n<p>\u201dOlemme k\u00e4ytt\u00e4neet 9JYY-2.5:t\u00e4 nyt muutaman kuukauden ajan, ja se on mullistanut toimintamme. Konetta on helppo k\u00e4ytt\u00e4\u00e4 ja se k\u00e4sittelee paaleja huolellisesti, mik\u00e4 v\u00e4hent\u00e4\u00e4 vaurioita. Suosittelen sit\u00e4 l\u00e4mpim\u00e4sti kaikille suurille maatiloille.\u201d<\/p>\n<p>\u2013 <strong>Emily Johnson, Australia<\/strong><\/p>\n<p>\u201dPaalien kuljetuksen tehokkuus on parantunut huomattavasti toiminnassamme. T\u00e4ll\u00e4 koneella voimme siirt\u00e4\u00e4 paaleja nopeammin, mik\u00e4 on auttanut maatilaamme toimimaan tasaisemmin sadonkorjuuaikana. Olen eritt\u00e4in vaikuttunut suorituskyvyst\u00e4!\u201d<\/p>\n<p>\u2013 <strong>Marco Rossi, Italia<\/strong><\/p>\n<p>\u201dPaalikuljetuspalveluita tarjoavana urakoitsijana t\u00e4m\u00e4 kone on ollut loistava sijoitus. Se pystyy k\u00e4sittelem\u00e4\u00e4n monenlaisia \u200b\u200bpaalikokoja ja s\u00e4\u00e4st\u00e4\u00e4 aikaamme, mik\u00e4 tarkoittaa, ett\u00e4 voimme ottaa hoitaaksemme enemm\u00e4n asiakkaita.\u201d<\/p>\n<p>\u2013 <strong>Lisa Chen, Kiina<\/strong><\/p>\n<p>\u201dOlemme k\u00e4ytt\u00e4neet Excellent Type 9JYY-2.5 -traktoria nyt vuoden ajan, ja se toimii edelleen moitteettomasti. Se on helppo huoltaa ja siit\u00e4 on tullut v\u00e4ltt\u00e4m\u00e4t\u00f6n osa maataloustoimintaamme.\u201d<\/p>\n<p>\u2013 <strong>Peter M\u00fcller, Saksa<\/strong><\/p>\n<h2>Miksi valita erinomainen tyypin 9JYY-2.5 py\u00f6r\u00f6paalien ker\u00e4ily- ja kuljetuskoneemme?<\/h2>\n<p>Koneemme tarjoaa poikkeuksellista laatua, luotettavuutta ja tehokkuutta kaikkiin paalien k\u00e4sittelytarpeisiisi. T\u00e4ss\u00e4 ovat t\u00e4rkeimm\u00e4t syyt valita tuotteemme:<\/p>\n<ul>\n<li><strong>Nopea mukauttaminen:<\/strong> Tarjoamme nopeita r\u00e4\u00e4t\u00e4l\u00f6intivaihtoehtoja vastaamaan maatalouden erityistarpeitasi varmistaen, ett\u00e4 kone sopii t\u00e4ydellisesti toimintaasi.<\/li>\n<li><strong>Vahva palvelutuki:<\/strong> Tiimimme on omistautunut tarjoamaan erinomaista palvelua, mukaan lukien kattava asennus-, koulutus- ja huoltotuki.<\/li>\n<li><strong>3 vuoden takuu:<\/strong> Tarjoamme asiakkaillemme runsaan 3 vuoden takuun, joka takaa mielenrauhan.<\/li>\n<li><strong>Maailmanlaajuinen nopea toimitus:<\/strong> Tuemme nopeita toimituksia maailmanlaajuisesti varmistaen, ett\u00e4 koneesi saapuu silloin, kun tarvitset sit\u00e4.<\/li>\n<li><strong>Kattava j\u00e4lkimarkkinointipalvelu:<\/strong> Tarjoamme erinomaista huolto- ja korjauspalvelua varmistaen, ett\u00e4 koneesi pysyy huippukunnossa koko k\u00e4ytt\u00f6ik\u00e4ns\u00e4 ajan.<\/li>\n<\/ul>\n<h2>Edist\u00e4 toimintaasi erinomaisella tyypin 9JYY-2.5 py\u00f6r\u00f6paalien ker\u00e4ily- ja kuljetuskoneellamme<\/h2>\n<p>Valitsemalla Excellent Type 9JYY-2.5 -py\u00f6r\u00f6paalien poiminta- ja kuljetuskoneemme saat eritt\u00e4in tehokkaan, kest\u00e4v\u00e4n ja helppok\u00e4ytt\u00f6isen ratkaisun maatalousty\u00f6h\u00f6n. Vahva valmistusosaamisemme varmistaa, ett\u00e4 jokainen kone on kest\u00e4v\u00e4 ja toimii optimaalisesti erilaisissa pelto-olosuhteissa.<\/p>\n<p>Excellent Type 9JYY-2.5 -py\u00f6r\u00f6paalien ker\u00e4ily- ja kuljetuskoneen lis\u00e4ksi tarjoamme laajan valikoiman lis\u00e4varusteita ja niihin liittyvi\u00e4 tuotteita, jotka auttavat sinua optimoimaan py\u00f6r\u00f6paalien k\u00e4sittelyprosessiasi. Varaosista erilaisiin lis\u00e4laitteisiin, meill\u00e4 on kaikki tarvittava varmistaaksesi toimintasi sujuvuuden.<\/p>\n<p>\u00c4l\u00e4 ep\u00e4r\u00f6i! Tutustu Excellent Type 9JYY-2.5 -py\u00f6r\u00f6paalien ker\u00e4ily- ja kuljetuskoneen tehokkaisiin ominaisuuksiin jo t\u00e4n\u00e4\u00e4n. Ota yhteytt\u00e4 keskustellaksesi tarpeistasi ja tehd\u00e4ksesi ostoksen. Tiimimme on valmiina auttamaan sinua l\u00f6yt\u00e4m\u00e4\u00e4n maatilallesi parhaiten sopivan ratkaisun.<\/p>\n<h2>Usein kysytyt kysymykset (UKK)<\/h2>\n<p><strong>Mik\u00e4 on Excellent Type 9JYY-2.5 -py\u00f6r\u00f6paalien ker\u00e4ily- ja kuljetuskoneen kapasiteetti?<\/strong><\/p>\n<p>Kone pystyy k\u00e4sittelem\u00e4\u00e4n tehokkaasti jopa 2,5 metrin l\u00e4pimittaisia \u200b\u200bpaaleja ja kuljettamaan jopa 50 paalia tunnissa pelto-olosuhteista riippuen.<\/p>\n<p><strong>Miten hydrauliikkaj\u00e4rjestelm\u00e4 toimii Excellent Type 9JYY-2.5 -mallissa?<\/strong><\/p>\n<p>Hydraulij\u00e4rjestelm\u00e4 nostaa paalin tehokkailla hydraulisilla varsilla, jotka tarttuvat paaliin ja nostavat sen turvallisesti kuljetusta varten. Hydraulij\u00e4rjestelm\u00e4 on suunniteltu eritt\u00e4in tehokkaaksi, mik\u00e4 varmistaa sujuvan ja turvallisen toiminnan.<\/p>\n<p><strong>Mink\u00e4 tyyppisill\u00e4 pelloilla t\u00e4m\u00e4 laite soveltuu k\u00e4ytett\u00e4v\u00e4ksi?<\/strong><\/p>\n<p>Excellent Type 9JYY-2.5 on suunniteltu erilaisille peltotyypeille, mukaan lukien tasainen, hieman m\u00e4kinen ja kohtalaisen ep\u00e4tasainen maasto. Se toimii parhaiten suurilla avoimilla pelloilla, joissa on runsaasti tilaa paalien kuljetukseen.<\/p>\n<p><strong>Voidaanko konetta mukauttaa tiettyihin maatalouden tarpeisiin?<\/strong><\/p>\n<p>Kyll\u00e4, tarjoamme koneelle r\u00e4\u00e4t\u00e4l\u00f6intivaihtoehtoja erityisvaatimustesi t\u00e4ytt\u00e4miseksi, kuten muutoksia eri paalikokojen tai pelto-olosuhteiden mukaan.<\/p>\n<p><strong>Millaista huoltoa Excellent Type 9JYY-2.5 vaatii?<\/strong><\/p>\n<p>S\u00e4\u00e4nn\u00f6lliseen huoltoon kuuluu koneen puhdistaminen k\u00e4yt\u00f6n j\u00e4lkeen, hydraulinesteen m\u00e4\u00e4r\u00e4n tarkistaminen, liikkuvien osien voitelu sek\u00e4 renkaiden ja vanteiden kulumisen ja repeytymisen tarkastus. Rutiinitarkastukset varmistavat koneen sujuvan toiminnan vuosien ajan.<\/p>\n<p><strong>Onko uusille operaattoreille j\u00e4rjestetty koulutusta?<\/strong><\/p>\n<p>Kyll\u00e4, tarjoamme koulutusta uusille k\u00e4ytt\u00e4jille varmistaaksemme, ett\u00e4 he tuntevat koneen ominaisuudet ja asianmukaiset k\u00e4sittelytavat.<\/p>\n<p><strong>Mik\u00e4 on Excellent Type 9JYY-2.5:n takuuaika?<\/strong><\/p>\n<p>Tarjoamme Excellent Type 9JYY-2.5 -laitteelle 3 vuoden takuun, joka kattaa kaikki valmistusvirheet.<\/p>\n<p><strong>Pystyyk\u00f6 Excellent Type 9JYY-2.5 k\u00e4sittelem\u00e4\u00e4n erityyppisi\u00e4 paaleja?<\/strong><\/p>\n<p>Kyll\u00e4, kone on suunniteltu k\u00e4sittelem\u00e4\u00e4n erikokoisia py\u00f6reit\u00e4 ja neli\u00f6m\u00e4isi\u00e4 paaleja, mik\u00e4 tekee siit\u00e4 monipuolisen erilaisiin maatalousteht\u00e4viin.<\/p>\n<p><strong>Kuinka kauan Excellent Type 9JYY-2.5:n toimitus kest\u00e4\u00e4?<\/strong><\/p>\n<p>Toimitusajat vaihtelevat sijainnistasi riippuen, mutta tarjoamme nopeaa maailmanlaajuista toimitusta varmistaaksemme, ett\u00e4 saat koneesi mahdollisimman nopeasti.<\/p>\n<p><strong>Mit\u00e4 maksuvaihtoehtoja on saatavilla?<\/strong><\/p>\n<p>Hyv\u00e4ksymme useita maksutapoja, kuten tilisiirrot, luottokortit ja muut turvalliset verkkomaksuvaihtoehdot mukavuutesi takaamiseksi.<\/p>\n<p><strong>Onko teknist\u00e4 tukea saatavilla oston j\u00e4lkeen?<\/strong><\/p>\n<p>Kyll\u00e4, tarjoamme jatkuvaa teknist\u00e4 tukea ja apua koneen koko k\u00e4ytt\u00f6i\u00e4n ajan, varmistaen, ett\u00e4 saat apua aina tarvittaessa.<\/p>\n<p><strong>Miten voin ottaa yhteytt\u00e4 asiakastukeen?<\/strong><\/p>\n<p>Voit ottaa yhteytt\u00e4 asiakastukitiimiimme s\u00e4hk\u00f6postitse, puhelimitse tai online-yhteydenottolomakkeemme kautta, jos sinulla on kysytt\u00e4v\u00e4\u00e4 tai tarvitset apua kysymyksiisi.<\/p>\n<p><strong>Mit\u00e4 etuja t\u00e4m\u00e4n koneen k\u00e4ytt\u00e4misess\u00e4 on manuaaliseen paalien k\u00e4sittelyyn verrattuna?<\/strong><\/p>\n<p>Excellent Type 9JYY-2.5 -paalin k\u00e4ytt\u00f6 v\u00e4hent\u00e4\u00e4 merkitt\u00e4v\u00e4sti manuaalista ty\u00f6t\u00e4, lis\u00e4\u00e4 tehokkuutta, minimoi paalivauriot ja nopeuttaa koko paalien k\u00e4sittelyprosessia, mik\u00e4 tekee siit\u00e4 pitk\u00e4ll\u00e4 aikav\u00e4lill\u00e4 kustannustehokkaampaa.<\/p>\n<p><strong>Onko Excellent Type 9JYY-2.5 -malliin helposti saatavilla varaosia?<\/strong><\/p>\n<p>Kyll\u00e4, varaosia on helposti saatavilla ja ne voidaan toimittaa sinulle nopeasti seisokkiajan minimoimiseksi.<\/p>\n<p>gzl:n muokkaama<\/p>\n<p>&nbsp;<\/p>","protected":false},"excerpt":{"rendered":"<p>9JYY-2.5 py\u00f6r\u00f6paalien ker\u00e4ily- ja kuljetuskone on kest\u00e4v\u00e4 ja tehokas ty\u00f6kalu, joka on suunniteltu tehostamaan py\u00f6r\u00f6paalien ker\u00e4ily\u00e4 ja kuljetusta laajamittaisissa hein\u00e4paalien viljelyoperaatioissa. Koneen enimm\u00e4iskantavuus on 2500 kg ja ajonopeus jopa 40 km\/h, mik\u00e4 parantaa merkitt\u00e4v\u00e4sti tuotantotehokkuutta. Hydraulisella tyhjennysj\u00e4rjestelm\u00e4ll\u00e4 varustettu kone pystyy k\u00e4sittelem\u00e4\u00e4n jopa 1300 mm halkaisijaltaan olevia paaleja, ja paalin pituus on s\u00e4\u00e4dett\u00e4v\u00e4 (1000\u20131500 mm). Sen kest\u00e4v\u00e4 ja kest\u00e4v\u00e4 rakenne, kaksoispy\u00f6r\u00e4inen rakenne ja tehokas moottori, jonka teho on \u226520 kW, mahdollistavat raskaiden paalien helpon k\u00e4sittelyn ja erinomaisen suorituskyvyn erilaisissa pelto-olosuhteissa.<\/p>","protected":false},"featured_media":277,"template":"","meta":{"_et_pb_use_builder":"","_et_pb_old_content":"","_et_gb_content_width":""},"product_brand":[],"product_cat":[24],"product_tag":[],"class_list":{"0":"post-231","1":"product","2":"type-product","3":"status-publish","4":"has-post-thumbnail","6":"product_cat-other-series-products","8":"first","9":"instock","10":"shipping-taxable","11":"product-type-simple"},"_links":{"self":[{"href":"https:\/\/square-balers.com\/fi\/wp-json\/wp\/v2\/product\/231","targetHints":{"allow":["GET"]}}],"collection":[{"href":"https:\/\/square-balers.com\/fi\/wp-json\/wp\/v2\/product"}],"about":[{"href":"https:\/\/square-balers.com\/fi\/wp-json\/wp\/v2\/types\/product"}],"wp:featuredmedia":[{"embeddable":true,"href":"https:\/\/square-balers.com\/fi\/wp-json\/wp\/v2\/media\/277"}],"wp:attachment":[{"href":"https:\/\/square-balers.com\/fi\/wp-json\/wp\/v2\/media?parent=231"}],"wp:term":[{"taxonomy":"product_brand","embeddable":true,"href":"https:\/\/square-balers.com\/fi\/wp-json\/wp\/v2\/product_brand?post=231"},{"taxonomy":"product_cat","embeddable":true,"href":"https:\/\/square-balers.com\/fi\/wp-json\/wp\/v2\/product_cat?post=231"},{"taxonomy":"product_tag","embeddable":true,"href":"https:\/\/square-balers.com\/fi\/wp-json\/wp\/v2\/product_tag?post=231"}],"curies":[{"name":"wp","href":"https:\/\/api.w.org\/{rel}","templated":true}]}}