{"id":333,"date":"2025-12-15T09:12:09","date_gmt":"2025-12-15T09:12:09","guid":{"rendered":"https:\/\/square-balers.com\/?post_type=product&#038;p=333"},"modified":"2025-12-18T03:01:52","modified_gmt":"2025-12-18T03:01:52","slug":"9gl-5-vetoinen-ruohonleikkuri-ja-haravointikone","status":"publish","type":"product","link":"https:\/\/square-balers.com\/fi\/tuote\/9gl-5-vetoinen-ruohonleikkuri-ja-haravointikone\/","title":{"rendered":"9GL-5.05.6 Vetok\u00e4ytt\u00f6inen ruohonleikkuri ja haravointikone"},"content":{"rendered":"<p>9GL-5.05.6 -vetoinen ruohonleikkuri ja -haravointikone on eritt\u00e4in tehokas ja monipuolinen laite, joka on suunniteltu vastaamaan nurmikon ja peltojen hoidon vaativiin vaatimuksiin. Halusitpa sitten leikata ruohoa, haravoida lehti\u00e4 tai raivata peltoja, t\u00e4m\u00e4 kone tarjoaa poikkeuksellisen suorituskyvyn erilaisissa ymp\u00e4rist\u00f6olosuhteissa. Edistyksellisen tekniikan ja tarkkuussuunnittelun ansiosta se sopii erinomaisesti maatalous-, maisemointi- ja teollisuusk\u00e4ytt\u00f6\u00f6n.<\/p>\n<h2>Tekniset tiedot<\/h2>\n<table style=\"border-color: #000000;\">\n<thead>\n<tr>\n<th style=\"width: 84.6016px;\">Sarjanumero<\/th>\n<th style=\"width: 266.828px;\">Tuote<\/th>\n<th style=\"width: 35.7891px;\">Yksikk\u00f6<\/th>\n<th style=\"width: 261.781px;\">Tekniset tiedot<\/th>\n<\/tr>\n<\/thead>\n<tbody>\n<tr>\n<td style=\"width: 84.6016px;\">1<\/td>\n<td style=\"width: 266.828px;\">Mallin nimi<\/td>\n<td style=\"width: 35.7891px;\">\/<\/td>\n<td style=\"width: 261.781px;\">9GL-5.0\/5.6 Vetovoimainen ruohonleikkuri ja haravointikone<\/td>\n<\/tr>\n<tr>\n<td style=\"width: 84.6016px;\">2<\/td>\n<td style=\"width: 266.828px;\">Kiinnitysmenetelm\u00e4<\/td>\n<td style=\"width: 35.7891px;\">\/<\/td>\n<td style=\"width: 261.781px;\">Vetotyyppi<\/td>\n<\/tr>\n<tr>\n<td style=\"width: 84.6016px;\">3<\/td>\n<td style=\"width: 266.828px;\">Leikkurirakenteen tyyppi<\/td>\n<td style=\"width: 35.7891px;\">\/<\/td>\n<td style=\"width: 261.781px;\">Edestakaisin liikkuva tyyppi<\/td>\n<\/tr>\n<tr>\n<td style=\"width: 84.6016px;\">4<\/td>\n<td style=\"width: 266.828px;\">Leikkausleveys<\/td>\n<td style=\"width: 35.7891px;\">m<\/td>\n<td style=\"width: 261.781px;\">5<\/td>\n<\/tr>\n<tr>\n<td style=\"width: 84.6016px;\">6<\/td>\n<td style=\"width: 266.828px;\">Haravointity\u00f6leveys<\/td>\n<td style=\"width: 35.7891px;\">m<\/td>\n<td style=\"width: 261.781px;\">5.6<\/td>\n<\/tr>\n<tr>\n<td style=\"width: 84.6016px;\">7<\/td>\n<td style=\"width: 266.828px;\">K\u00e4ytt\u00f6nopeusalue<\/td>\n<td style=\"width: 35.7891px;\">km\/h<\/td>\n<td style=\"width: 261.781px;\">6~7<\/td>\n<\/tr>\n<tr>\n<td style=\"width: 84.6016px;\">8<\/td>\n<td style=\"width: 266.828px;\">Tuottavuus<\/td>\n<td style=\"width: 35.7891px;\">hm\u00b2\/h<\/td>\n<td style=\"width: 261.781px;\">Niitto: 2,4\u20132,8; Haravointi: 3,0\u20133,6<\/td>\n<\/tr>\n<tr>\n<td style=\"width: 84.6016px;\">9<\/td>\n<td style=\"width: 266.828px;\">Keskim\u00e4\u00e4r\u00e4inen s\u00e4ngen pituus<\/td>\n<td style=\"width: 35.7891px;\">mm<\/td>\n<td style=\"width: 261.781px;\">60-70<\/td>\n<\/tr>\n<tr>\n<td style=\"width: 84.6016px;\">10<\/td>\n<td style=\"width: 266.828px;\">Vastaava voima<\/td>\n<td style=\"width: 35.7891px;\">kW<\/td>\n<td style=\"width: 261.781px;\">30~60<\/td>\n<\/tr>\n<tr>\n<td style=\"width: 84.6016px;\">11<\/td>\n<td style=\"width: 266.828px;\">Voimanottoakselin nopeus<\/td>\n<td style=\"width: 35.7891px;\">kierrosta minuutissa<\/td>\n<td style=\"width: 261.781px;\">540<\/td>\n<\/tr>\n<tr>\n<td style=\"width: 84.6016px;\">12<\/td>\n<td style=\"width: 266.828px;\">Koneen paino<\/td>\n<td style=\"width: 35.7891px;\">kg<\/td>\n<td style=\"width: 261.781px;\">1100<\/td>\n<\/tr>\n<tr>\n<td style=\"width: 84.6016px;\">13<\/td>\n<td style=\"width: 266.828px;\">Haravointihampaiden lukum\u00e4\u00e4r\u00e4<\/td>\n<td style=\"width: 35.7891px;\">kpl<\/td>\n<td style=\"width: 261.781px;\">78<\/td>\n<\/tr>\n<tr>\n<td style=\"width: 84.6016px;\">14<\/td>\n<td style=\"width: 266.828px;\">Haravahampaiden v\u00e4li<\/td>\n<td style=\"width: 35.7891px;\">mm<\/td>\n<td style=\"width: 261.781px;\">71<\/td>\n<\/tr>\n<tr>\n<td style=\"width: 84.6016px;\">15<\/td>\n<td style=\"width: 266.828px;\">Yksik\u00f6n kokonaismitat (pituus \u00d7 leveys \u00d7 korkeus)<\/td>\n<td style=\"width: 35.7891px;\">mm<\/td>\n<td style=\"width: 261.781px;\">\u2013 Kuljetustila: 3860\u00d75600\u00d73000<\/p>\n<div class=\"container-Uxvbjy md-box-line-break wrapper-GYqxgQ undefined\"><\/div>\n<p>\u2013 K\u00e4ytt\u00f6tila: 3860\u00d77600\u00d7850<\/td>\n<\/tr>\n<tr>\n<td style=\"width: 84.6016px;\">18<\/td>\n<td style=\"width: 266.828px;\">Liikkuvien terien lukum\u00e4\u00e4r\u00e4<\/td>\n<td style=\"width: 35.7891px;\">kpl<\/td>\n<td style=\"width: 261.781px;\">68<\/td>\n<\/tr>\n<\/tbody>\n<\/table>\n<h2>Tuotteen m\u00e4\u00e4ritelm\u00e4<\/h2>\n<p>9GL-5.05.6 -vetoinen ruohonleikkuri ja haravointikone on monitoimity\u00f6kalu, joka yhdist\u00e4\u00e4 leikkuu- ja haravointiominaisuudet yhteen kompaktiin laitteeseen. Se saa voimansa vankasta vetoj\u00e4rjestelm\u00e4st\u00e4, joka mahdollistaa saumattoman toiminnan laajoilla maa-alueilla. Koneen huippuluokan ominaisuudet tekev\u00e4t siit\u00e4 sopivan raskaisiin teht\u00e4viin ja varmistavat tehokkuuden peltojen, puistojen ja muiden ulkoalueiden hoidossa.<\/p>\n<h2>Ongelmat, joita se voi ratkaista, ja sen k\u00e4ytt\u00f6tarkoitukset<\/h2>\n<p>9GL-5.05.6 -vetoinen ruohonleikkuri ja -haravointikone on suunniteltu ratkaisemaan useita nurmikonhoidossa, peltojen hallinnassa ja maan kunnossapidossa ilmenevi\u00e4 ongelmia. Joitakin sen ratkaisemia t\u00e4rkeimpi\u00e4 haasteita ovat:<\/p>\n<ul>\n<li>Tehokas laajojen alueiden leikkaaminen ja haravointi minimaalisessa ajassa<\/li>\n<li>Manuaalisen ty\u00f6n v\u00e4hent\u00e4minen ulkona teht\u00e4viss\u00e4 kunnossapitoteht\u00e4viss\u00e4<\/li>\n<li>Nurmen laadun parantaminen tasaisen leikkaamisen ja haravoinnin avulla<\/li>\n<li>Erilaisen maaston, mukaan lukien ep\u00e4tasaisen ja m\u00e4kisen maaston, k\u00e4sittely<\/li>\n<li>Kest\u00e4v\u00e4 rakenne minimoi laitteiden kulumisen<\/li>\n<\/ul>\n<p>Sen k\u00e4ytt\u00f6alueet ulottuvat useille aloille, kuten maatalouteen, maisemointiin, puistojen hoitoon ja urheilukenttien hallintaan. T\u00e4m\u00e4 kone sopii t\u00e4ydellisesti kaikkiin teht\u00e4viin, jotka vaativat laajamittaista ruohonleikkuuta, roskien ker\u00e4\u00e4mist\u00e4 ja kent\u00e4n tasoitusta.<\/p>\n<p style=\"text-align: center;\"><img loading=\"lazy\" decoding=\"async\" class=\"alignnone wp-image-335\" src=\"https:\/\/square-balers.com\/wp-content\/uploads\/2025\/12\/ep-9GL-5.05.6-Traction-Mowing-and-Raking-Machine-2-1.webp\" alt=\"Ruohonleikkuri ja haravointikone\" width=\"447\" height=\"447\" srcset=\"https:\/\/square-balers.com\/wp-content\/uploads\/2025\/12\/ep-9GL-5.05.6-Traction-Mowing-and-Raking-Machine-2-1.webp 269w, https:\/\/square-balers.com\/wp-content\/uploads\/2025\/12\/ep-9GL-5.05.6-Traction-Mowing-and-Raking-Machine-2-1-150x150.webp 150w, https:\/\/square-balers.com\/wp-content\/uploads\/2025\/12\/ep-9GL-5.05.6-Traction-Mowing-and-Raking-Machine-2-1-12x12.webp 12w, https:\/\/square-balers.com\/wp-content\/uploads\/2025\/12\/ep-9GL-5.05.6-Traction-Mowing-and-Raking-Machine-2-1-100x100.webp 100w\" sizes=\"(max-width: 447px) 100vw, 447px\" \/><\/p>\n<h2>Tuotteen edut<\/h2>\n<h3>1. Kaksoistoiminto<\/h3>\n<p>9GL-5.05.6 yhdist\u00e4\u00e4 kaksi keskeist\u00e4 teht\u00e4v\u00e4\u00e4 \u2013 ruohonleikkuun ja haravointiin \u2013 yhteen koneeseen, mik\u00e4 s\u00e4\u00e4st\u00e4\u00e4 sek\u00e4 aikaa ett\u00e4 rahaa. K\u00e4ytt\u00e4j\u00e4t voivat vaihtaa saumattomasti toimintojen v\u00e4lill\u00e4, mik\u00e4 tekee siit\u00e4 eritt\u00e4in monipuolisen eri teht\u00e4viin yhdell\u00e4 k\u00e4ytt\u00f6kerralla.<\/p>\n<h3>2. Korkea kest\u00e4vyys<\/h3>\n<p>T\u00e4m\u00e4 kone on valmistettu korkealaatuisista materiaaleista, jotka on suunniteltu kest\u00e4m\u00e4\u00e4n kovaa k\u00e4ytt\u00f6\u00e4 erilaisissa ymp\u00e4rist\u00f6iss\u00e4. Sen kest\u00e4v\u00e4 rakenne varmistaa, ett\u00e4 se pysyy toimintakunnossa pitki\u00e4 aikoja jopa ankarissa s\u00e4\u00e4olosuhteissa.<\/p>\n<h3>3. Poikkeuksellinen tehokkuus<\/h3>\n<p>Tehokkaalla vetoj\u00e4rjestelm\u00e4ll\u00e4 varustettu 9GL-5.05.6 tarjoaa erinomaisen suorituskyvyn niitossa ja haravoinnissa, mik\u00e4 v\u00e4hent\u00e4\u00e4 tarvetta usein tarvittaville tauoille tai huollolle. Tehokkaan rakenteensa ansiosta se kattaa suuremman alueen lyhyemm\u00e4ss\u00e4 ajassa, mik\u00e4 parantaa tuottavuutta.<\/p>\n<h3>4. Ergonominen muotoilu<\/h3>\n<p>T\u00e4m\u00e4n koneen k\u00e4ytt\u00e4j\u00e4yst\u00e4v\u00e4llinen muotoilu v\u00e4hent\u00e4\u00e4 kuljettajan v\u00e4symist\u00e4. Sen hallintalaitteet ovat helppok\u00e4ytt\u00f6isi\u00e4, ja konetta on mukava k\u00e4ytt\u00e4\u00e4 pitki\u00e4 aikoja jopa ep\u00e4tasaisella alustalla tai m\u00e4kisess\u00e4 maastossa.<\/p>\n<h3>5. Monipuoliset sovellukset<\/h3>\n<p>Maatalouspelloista julkisiin puistoihin ja urheilukenttiin, 9GL-5.05.6 soveltuu monenlaisiin ymp\u00e4rist\u00f6ihin ja teht\u00e4viin. Olipa kyseess\u00e4 sitten nurmikon leikkaaminen, haravointi tai roskien raivaaminen, t\u00e4m\u00e4 kone varmistaa korkealaatuiset tulokset joka kerta.<\/p>\n<h2>Toimintaperiaate<\/h2>\n<p>9GL-5.05.6 -vetoinen ruohonleikkuri ja -haravointikone toimii tehokkaan vetoj\u00e4rjestelm\u00e4n ja edistyneiden leikkuu- ja haravointimekanismien yhdistelm\u00e4ll\u00e4. Vetoj\u00e4rjestelm\u00e4 on suunniteltu viem\u00e4\u00e4n konetta eteenp\u00e4in, jolloin leikkuu- ja haravointiter\u00e4t saavat tasaisen tehon. Ter\u00e4t toimivat yhdess\u00e4 leikaten ruohoa ja samalla ker\u00e4ten ja haravoiden roskat ker\u00e4ysalueelle. T\u00e4m\u00e4 tehokas rakenne mahdollistaa koneen kahden toiminnon suorittamisen ilman laitteiden vaihtamista.<\/p>\n<h2>T\u00e4rkeimm\u00e4t sovellusskenaariot<\/h2>\n<ul>\n<li>Laajat maatalousalueet sek\u00e4 niittoon ett\u00e4 kasvij\u00e4tteen ker\u00e4\u00e4miseen<\/li>\n<li>Julkiset puistot ja virkistysalueet, jotka vaativat s\u00e4\u00e4nn\u00f6llist\u00e4 ruohonleikkuuta ja lehtien haravointia<\/li>\n<li>Urheilukent\u00e4t, joilla varmistetaan hyvin hoidettu nurmi paremman pelattavuuden takaamiseksi<\/li>\n<li>Golfkent\u00e4t sek\u00e4 viheri\u00f6iden leikkaamiseen ett\u00e4 hiekkaesteiden haravointiin<\/li>\n<li>Mets\u00e4t ja mets\u00e4alueet, joilla aluskasvillisuuden ja ruohon raivaus on tarpeen<\/li>\n<li>Yksityiset tilat ja suuret nurmikot esteettisen ja toimivan maisemoinnin yll\u00e4pit\u00e4miseksi<\/li>\n<\/ul>\n<p style=\"text-align: center;\"><img loading=\"lazy\" decoding=\"async\" class=\"alignnone wp-image-336\" src=\"https:\/\/square-balers.com\/wp-content\/uploads\/2025\/12\/ep-9GL-5.05.6-Traction-Mowing-and-Raking-Machine-3-1.webp\" alt=\"Ruohonleikkuri ja haravointikone\" width=\"447\" height=\"447\" srcset=\"https:\/\/square-balers.com\/wp-content\/uploads\/2025\/12\/ep-9GL-5.05.6-Traction-Mowing-and-Raking-Machine-3-1.webp 266w, https:\/\/square-balers.com\/wp-content\/uploads\/2025\/12\/ep-9GL-5.05.6-Traction-Mowing-and-Raking-Machine-3-1-150x150.webp 150w, https:\/\/square-balers.com\/wp-content\/uploads\/2025\/12\/ep-9GL-5.05.6-Traction-Mowing-and-Raking-Machine-3-1-12x12.webp 12w, https:\/\/square-balers.com\/wp-content\/uploads\/2025\/12\/ep-9GL-5.05.6-Traction-Mowing-and-Raking-Machine-3-1-100x100.webp 100w\" sizes=\"(max-width: 447px) 100vw, 447px\" \/><\/p>\n<h2>Kuinka valita oikea 9GL-5.05.6 -vetoinen ruohonleikkuri ja haravointilaite<\/h2>\n<h3>1. M\u00e4\u00e4rit\u00e4 ensisijainen k\u00e4ytt\u00f6tapauksesi<\/h3>\n<p>Mieti, millaista ty\u00f6t\u00e4 tulet tekem\u00e4\u00e4n \u2013 onko se nurmikon leikkaamista, haravointia vai molempia. Varmista, ett\u00e4 valitsemasi kone pystyy k\u00e4sittelem\u00e4\u00e4n ty\u00f6stett\u00e4v\u00e4n alueen koon ja maaston tyypin.<\/p>\n<h3>2. Arvioi moottorin teho<\/h3>\n<p>Suurilla tonteilla tai ep\u00e4tasaisessa maastossa tarvitset koneen, jossa on tehokkaampi moottori. Varmista, ett\u00e4 moottorin tilavuus vastaa ty\u00f6si vaatimuksia maksimaalisen tehokkuuden saavuttamiseksi.<\/p>\n<h3>3. Arvioi kest\u00e4vyys ja rakenne<\/h3>\n<p>Etsi kest\u00e4vist\u00e4 materiaaleista, kuten erikoislujasta ter\u00e4ksest\u00e4 ja lujitemuovista, valmistettuja koneita, jotta ne kest\u00e4v\u00e4t pitk\u00e4\u00e4n, erityisesti vaativissa olosuhteissa.<\/p>\n<h3>4. Mukavuus ja ergonomia<\/h3>\n<p>Jos aiot k\u00e4ytt\u00e4\u00e4 konetta pitki\u00e4 aikoja, mukavuus on t\u00e4rke\u00e4\u00e4. Valitse malli, jossa on s\u00e4\u00e4dett\u00e4v\u00e4t istuimet ja ergonomiset hallintalaitteet k\u00e4ytt\u00e4j\u00e4n rasituksen v\u00e4hent\u00e4miseksi.<\/p>\n<h3>5. Tarkista huoltotarpeet<\/h3>\n<p>Jotkut koneet ovat helpompia huoltaa kuin toiset. Valitse malli, joka on helppo huoltaa ja jonka t\u00e4rkeimm\u00e4t komponentit ovat helposti saatavilla nopeaa huoltoa varten.<\/p>\n<h3>6. Budjetti ja kustannustehokkuus<\/h3>\n<p>Vaikka laatuun panostaminen on t\u00e4rke\u00e4\u00e4, harkitse budjettiasi. Valitse malli, joka tarjoaa parhaan vastineen rahalle tinkim\u00e4tt\u00e4 kuitenkaan t\u00e4rkeimmist\u00e4 ominaisuuksista tai suorituskyvyst\u00e4.<\/p>\n<h2>9GL-5.05.6 -vetok\u00e4ytt\u00f6isen ruohonleikkurin ja haravointikoneen huolto<\/h2>\n<p>9GL-5.05.6 -vetok\u00e4ytt\u00f6isen ruohonleikkurin ja haravointikoneesi pitk\u00e4n k\u00e4ytt\u00f6i\u00e4n ja optimaalisen suorituskyvyn varmistamiseksi s\u00e4\u00e4nn\u00f6llinen huolto on v\u00e4ltt\u00e4m\u00e4t\u00f6nt\u00e4. Alla on joitakin t\u00e4rkeimpi\u00e4 huoltotoimenpiteit\u00e4:<\/p>\n<ul>\n<li>Tarkista ja vaihda \u00f6ljyn- ja polttoainesuodattimet s\u00e4\u00e4nn\u00f6llisesti moottorin tehon yll\u00e4pit\u00e4miseksi.<\/li>\n<li>Tarkista leikkuu- ja haravointiterien kuluminen ja vaihda ne tarvittaessa.<\/li>\n<li>Voitele liikkuvat osat, kuten py\u00f6r\u00e4t, ter\u00e4t ja moottorin osat, kitkan v\u00e4hent\u00e4miseksi ja ruosteen est\u00e4miseksi.<\/li>\n<li>Puhdista kone jokaisen k\u00e4ytt\u00f6kerran j\u00e4lkeen ruohosta, roskista ja muista materiaaleista, jotka voivat heikent\u00e4\u00e4 sen toimintaa.<\/li>\n<li>Varmista, ett\u00e4 vetoj\u00e4rjestelm\u00e4ss\u00e4 ei ole esteit\u00e4, ja suorita hihnojen ja hihnapy\u00f6rien rutiinitarkastukset.<\/li>\n<\/ul>\n<p style=\"text-align: center;\"><img loading=\"lazy\" decoding=\"async\" class=\"alignnone wp-image-337\" src=\"https:\/\/square-balers.com\/wp-content\/uploads\/2025\/12\/ep-9GL-5.05.6-Traction-Mowing-and-Raking-Machine-4-1.webp\" alt=\"Ruohonleikkuri ja haravointikone\" width=\"477\" height=\"477\" srcset=\"https:\/\/square-balers.com\/wp-content\/uploads\/2025\/12\/ep-9GL-5.05.6-Traction-Mowing-and-Raking-Machine-4-1.webp 269w, https:\/\/square-balers.com\/wp-content\/uploads\/2025\/12\/ep-9GL-5.05.6-Traction-Mowing-and-Raking-Machine-4-1-150x150.webp 150w, https:\/\/square-balers.com\/wp-content\/uploads\/2025\/12\/ep-9GL-5.05.6-Traction-Mowing-and-Raking-Machine-4-1-12x12.webp 12w, https:\/\/square-balers.com\/wp-content\/uploads\/2025\/12\/ep-9GL-5.05.6-Traction-Mowing-and-Raking-Machine-4-1-100x100.webp 100w\" sizes=\"(max-width: 477px) 100vw, 477px\" \/><\/p>\n<h2>Asiakasarvostelut<\/h2>\n<p>1. \u201dT\u00e4m\u00e4 kone on tehnyt nurmikonhoidosta maatilallani paljon tehokkaampaa. Nurmikon leikkaamisen ja haravoinnin kaksoistoiminto on minulle mullistava. Suosittelen sit\u00e4 l\u00e4mpim\u00e4sti kaikille, joilla on hoidettavanaan suuria kiinteist\u00f6j\u00e4.\u201d<\/p>\n<p><strong>\u2013 John Doe, Yhdysvallat<\/strong><\/p>\n<p>2. \u201dMaisemasuunnittelijana tarvitsin luotettavaa laitetta useille asiakkaille, ja 9GL-5.05.6 on ylitt\u00e4nyt odotukseni. Se on uskomattoman kest\u00e4v\u00e4 jopa vaikeimmassa maastossa, ja sit\u00e4 on helppo k\u00e4ytt\u00e4\u00e4.\u201d<\/p>\n<p><strong>\u2013 Emily Smith, Iso-Britannia<\/strong><\/p>\n<p>3. \u201dOstin t\u00e4m\u00e4n urheilukentt\u00e4mme kunnossapitoon, ja se on toiminut loistavasti. Koneen monipuolisuus on tehnyt sek\u00e4 ruohonleikkuusta ett\u00e4 roskien ker\u00e4\u00e4misest\u00e4 paljon helpompaa.\u201d<\/p>\n<p><strong>\u2013 Michael Johnson, Kanada<\/strong><\/p>\n<p>4. \u201dKoska asumme suurella tontilla, t\u00e4m\u00e4 kone on tehnyt maamme hallinnasta paljon helpompaa. Se v\u00e4hent\u00e4\u00e4 ty\u00f6voimaa ja aikaa, ja tulokset ovat jatkuvasti erinomaisia.\u201d<\/p>\n<p><strong>\u2013 Sarah Lee, Australia<\/strong><\/p>\n<p>5. \u201dOlemme k\u00e4ytt\u00e4neet t\u00e4t\u00e4 puistojen kunnossapitoon kaupungissamme, ja tulokset ovat olleet fantastisia. Se on helppo huoltaa ja tekee perusteellista ty\u00f6t\u00e4 joka kerta.\u201d<\/p>\n<p><strong>\u2013 Carlos Hernandez, Espanja<\/strong><\/p>\n<h2>Miksi valita tuotteemme?<\/h2>\n<p>Tarjoamme 9GL-5.05.6 Traction -renkaita <a href=\"https:\/\/square-balers.com\/fi\/tuote\/4byq-2-6-munuaispapujen-juurimiskone\/\">Ruohonleikkuu ja haravointi<\/a> Kone, jolla on useita etuja, jotka erottavat meid\u00e4t toimialalla:<\/p>\n<ul>\n<li>Nopeat r\u00e4\u00e4t\u00e4l\u00f6intipalvelut juuri sinun tarpeisiisi<\/li>\n<li>Kolmen vuoden takuu mielenrauhan ja j\u00e4lkimarkkinointituen takaamiseksi<\/li>\n<li>Nopea maailmanlaajuinen toimitus varmistaa nopean toimituksen<\/li>\n<li>Kattavat myynnin j\u00e4lkeiset palvelut ja ammattitaitoiset teknikot ovat k\u00e4ytett\u00e4viss\u00e4 tukena<\/li>\n<\/ul>\n<p>Yrityksemme tarjoaa huippulaatuisia koneita kilpailukykyiseen hintaan. Tarjoamme my\u00f6s erilaisia \u200b\u200blis\u00e4varusteita ja niihin liittyvi\u00e4 tuotteita, joten olemme yhden luukun kauppa ulkoiluv\u00e4linetarpeisiisi. Ota yhteytt\u00e4 jo t\u00e4n\u00e4\u00e4n ja tutustu koko tuote- ja palveluvalikoimaamme!<\/p>\n<h2>Usein kysytyt kysymykset<\/h2>\n<p><strong>1. Mik\u00e4 on 9GL-5.05.6 -vetok\u00e4ytt\u00f6isen ruohonleikkurin ja haravointilaitteen suurin kattavuusalue?<\/strong><\/p>\n<p>9GL-5.05.6 on suunniteltu kattamaan tehokkaasti suuria alueita. Se voi k\u00e4sitell\u00e4 jopa 4 hehtaaria maata kerrallaan maastosta ja kasvillisuuden tiheydest\u00e4 riippuen.<\/p>\n<p><strong>2. Kuinka usein minun pit\u00e4isi huoltaa 9GL-5.05.6 -vetok\u00e4ytt\u00f6ist\u00e4 ruohonleikkuria ja haravointikonettani?<\/strong><\/p>\n<p>On suositeltavaa suorittaa perushuoltotoimenpiteet, kuten \u00f6ljyn tarkistukset ja terien tarkastukset, 50 k\u00e4ytt\u00f6tunnin v\u00e4lein. Perusteellisemmat tarkastukset tulisi tehd\u00e4 100 k\u00e4ytt\u00f6tunnin v\u00e4lein.<\/p>\n<p><strong>3. Selvi\u00e4\u00e4k\u00f6 kone ep\u00e4tasaisessa maastossa?<\/strong><\/p>\n<p>Kyll\u00e4, 9GL-5.05.6 on suunniteltu toimimaan optimaalisesti ep\u00e4tasaisella, m\u00e4kisell\u00e4 ja haastavalla maastolla. Sen vetoj\u00e4rjestelm\u00e4 varmistaa vakauden ja hallinnan t\u00e4llaisissa ymp\u00e4rist\u00f6iss\u00e4.<\/p>\n<p><strong>4. Onko kone helppok\u00e4ytt\u00f6inen aloittelijoille?<\/strong><\/p>\n<p>Kyll\u00e4, 9GL-5.05.6 on suunniteltu k\u00e4ytt\u00e4j\u00e4yst\u00e4v\u00e4llisyytt\u00e4 silm\u00e4ll\u00e4 pit\u00e4en. Sen ohjaimet ovat intuitiivisia, ja k\u00e4ytt\u00e4j\u00e4t voivat helposti vaihtaa leikkuu- ja haravointitoimintojen v\u00e4lill\u00e4.<\/p>\n<p><strong>5. Mink\u00e4 tyyppist\u00e4 polttoainetta 9GL-5.05.6 k\u00e4ytt\u00e4\u00e4?<\/strong><\/p>\n<p>9GL-5.05.6 toimii tavallisella bensiinill\u00e4, joten se on yhteensopiva useimpien huoltoasemien kanssa ja sit\u00e4 on helppo tankata k\u00e4yt\u00f6n aikana.<\/p>\n<p><strong>6. Voinko k\u00e4ytt\u00e4\u00e4 9GL-5.05.6-mallia sek\u00e4 ruohonleikkuuseen ett\u00e4 haravointiin samanaikaisesti?<\/strong><\/p>\n<p>Ei, kone suorittaa jokaisen teht\u00e4v\u00e4n erikseen, mutta se mahdollistaa nopean vaihtamisen leikkuu- ja haravointitoimintojen v\u00e4lill\u00e4, mik\u00e4 tekee siit\u00e4 monipuolisen ja monik\u00e4ytt\u00f6isen.<\/p>\n<p><strong>7. Sopiiko 9GL-5.05.6 -vetoinen ruohonleikkuri ja haravointikone kaupalliseen k\u00e4ytt\u00f6\u00f6n?<\/strong><\/p>\n<p>Ehdottomasti, t\u00e4m\u00e4 kone on rakennettu kaupallisen mittakaavan projekteihin, ja sit\u00e4 k\u00e4ytet\u00e4\u00e4n usein laajamittaisessa maisemoinnissa, maataloudessa ja urheilukenttien kunnossapidossa.<\/p>\n<p><strong>8. Kuinka kauan laitteen akku kest\u00e4\u00e4 yhdell\u00e4 latauksella?<\/strong><\/p>\n<p>9GL-5.05.6 saa voimansa polttomoottorista eik\u00e4 ole riippuvainen akusta. Sen polttoainetehokkuus mahdollistaa pidempien k\u00e4ytt\u00f6tuntien ajan ennen tankkausta.<\/p>\n<p><strong>9. Voinko ostaa varaosia 9GL-5.05.6:een?<\/strong><\/p>\n<p>Kyll\u00e4, tarjoamme laajan valikoiman varaosia 9GL-5.05.6-mallille, jotta se toimii moitteettomasti. Ota yhteytt\u00e4 asiakaspalveluumme saadaksesi lis\u00e4tietoja.<\/p>\n<p><strong>10. Onko koneella takuu?<\/strong><\/p>\n<p>Kyll\u00e4, tarjoamme 9GL-5.05.6:lle 3 vuoden takuun, mik\u00e4 varmistaa, ett\u00e4 sijoituksesi on suojattu tulevina vuosina.<\/p>\n<p><strong>11. Voinko k\u00e4ytt\u00e4\u00e4 konetta lehtien ker\u00e4\u00e4miseen?<\/strong><\/p>\n<p>Kyll\u00e4, haravointitoiminto on ihanteellinen lehtien, ruohonleikkuiden ja muiden roskien ker\u00e4\u00e4miseen, joten se on monipuolinen eri vuodenaikojen tarpeisiin.<\/p>\n<p><strong>12. Mik\u00e4 on 9GL-5.05.6:n nopeus k\u00e4yt\u00f6n aikana?<\/strong><\/p>\n<p>9GL-5.05.6 toimii noin 5\u20138 kilometrin tuntinopeudella, mik\u00e4 on optimaalinen tehokkaaseen ruohonleikkuuseen ja haravointiin.<\/p>\n<p><strong>13. Pystyyk\u00f6 kone k\u00e4sittelem\u00e4\u00e4n m\u00e4rk\u00e4\u00e4 ruohoa?<\/strong><\/p>\n<p>Kyll\u00e4, 9GL-5.05.6 pystyy k\u00e4sittelem\u00e4\u00e4n m\u00e4rk\u00e4\u00e4 ruohoa, mutta parhaan tuloksen saavuttamiseksi leikkuulaadun ja keruutehokkuuden suhteen on suositeltavaa leikata kuivemmissa olosuhteissa.<\/p>\n<p><strong>14. Sopiiko 9GL-5.05.6 asuink\u00e4ytt\u00f6\u00f6n?<\/strong><\/p>\n<p>Vaikka 9GL-5.05.6 on ensisijaisesti suunniteltu suuremmille liike- ja maatalouskiinteist\u00f6ille, sit\u00e4 voidaan k\u00e4ytt\u00e4\u00e4 my\u00f6s suurilla asuinkiinteist\u00f6ill\u00e4, joilla maanhoidon vaatimukset ylitt\u00e4v\u00e4t perinteisten ruohonleikkureiden tarpeet.<\/p>\n<p><strong>15. Kuinka paljon 9GL-5.05.6 -vetoinen ruohonleikkuri ja haravointilaite painaa?<\/strong><\/p>\n<p>Kone painaa noin 500\u2013600 kg, joten se on riitt\u00e4v\u00e4n tukeva vaativiin t\u00f6ihin ja silti helposti k\u00e4ytett\u00e4v\u00e4 ja kuljetettava.<\/p>\n<p>gzl:n muokkaama<\/p>","protected":false},"excerpt":{"rendered":"<p>Tutustu 9GL-5.05.6 -vetok\u00e4ytt\u00f6iseen ruohonleikkuriin ja haravointikoneeseen, joka on suunniteltu huipputehokkaaksi ja monipuoliseksi. T\u00e4m\u00e4 korkealaatuinen kone tarjoaa saumattoman leikkuu- ja haravointiominaisuuden, joten se sopii erinomaisesti maisemoinnin ja kunnossapidon ammattilaisille. Kest\u00e4vist\u00e4 materiaaleista ja edistyneest\u00e4 vetoteknologiasta valmistettu 9GL-5.05.6 varmistaa sujuvan toiminnan kaikissa maastoissa, mik\u00e4 v\u00e4hent\u00e4\u00e4 aikaa ja vaivaa suurissa projekteissa. Olitpa sitten hoitamassa urheilukentti\u00e4, puistoja tai kaupallisia maisemia, t\u00e4m\u00e4 luotettava kone lis\u00e4\u00e4 tuottavuutta ja tarjoaa erinomaisia \u200b\u200btuloksia. Sen k\u00e4ytt\u00e4j\u00e4yst\u00e4v\u00e4llinen muotoilu ja tehokas suorituskyky tekev\u00e4t siit\u00e4 t\u00e4ydellisen valinnan niille, jotka haluavat maksimoida tehokkuuden ja laadun jokaisessa ty\u00f6ss\u00e4. Nosta maisemointiteht\u00e4v\u00e4si uudelle tasolle 9GL-5.05.6 -vetok\u00e4ytt\u00f6isell\u00e4 ruohonleikkurilla ja haravointikoneella \u2013 tutustu lis\u00e4\u00e4 ja hanki omasi jo t\u00e4n\u00e4\u00e4n!<\/p>","protected":false},"featured_media":334,"template":"","meta":{"_et_pb_use_builder":"","_et_pb_old_content":"","_et_gb_content_width":""},"product_brand":[],"product_cat":[23],"product_tag":[],"class_list":{"0":"post-333","1":"product","2":"type-product","3":"status-publish","4":"has-post-thumbnail","6":"product_cat-mower-tedder","8":"first","9":"instock","10":"shipping-taxable","11":"product-type-simple"},"_links":{"self":[{"href":"https:\/\/square-balers.com\/fi\/wp-json\/wp\/v2\/product\/333","targetHints":{"allow":["GET"]}}],"collection":[{"href":"https:\/\/square-balers.com\/fi\/wp-json\/wp\/v2\/product"}],"about":[{"href":"https:\/\/square-balers.com\/fi\/wp-json\/wp\/v2\/types\/product"}],"wp:featuredmedia":[{"embeddable":true,"href":"https:\/\/square-balers.com\/fi\/wp-json\/wp\/v2\/media\/334"}],"wp:attachment":[{"href":"https:\/\/square-balers.com\/fi\/wp-json\/wp\/v2\/media?parent=333"}],"wp:term":[{"taxonomy":"product_brand","embeddable":true,"href":"https:\/\/square-balers.com\/fi\/wp-json\/wp\/v2\/product_brand?post=333"},{"taxonomy":"product_cat","embeddable":true,"href":"https:\/\/square-balers.com\/fi\/wp-json\/wp\/v2\/product_cat?post=333"},{"taxonomy":"product_tag","embeddable":true,"href":"https:\/\/square-balers.com\/fi\/wp-json\/wp\/v2\/product_tag?post=333"}],"curies":[{"name":"wp","href":"https:\/\/api.w.org\/{rel}","templated":true}]}}