{"id":338,"date":"2025-12-15T09:18:21","date_gmt":"2025-12-15T09:18:21","guid":{"rendered":"https:\/\/square-balers.com\/?post_type=product&#038;p=338"},"modified":"2025-12-18T03:01:43","modified_gmt":"2025-12-18T03:01:43","slug":"9gl-2-vetoinen-ruohonleikkuri-ja-haravointikone","status":"publish","type":"product","link":"https:\/\/square-balers.com\/fi\/tuote\/9gl-2-vetoinen-ruohonleikkuri-ja-haravointikone\/","title":{"rendered":"9GL-2.52.9 Vetolaite ruohonleikkurille ja haravointikoneelle"},"content":{"rendered":"<p>9GL-2.52.9 -vetoinen ruohonleikkuri ja -haravointikone on eritt\u00e4in tehokas laite, joka on suunniteltu virtaviivaistamaan ruohonleikkuuta ja haravointia erilaisissa maatalous- ja maisemointiymp\u00e4rist\u00f6iss\u00e4. T\u00e4m\u00e4 monipuolinen kone yhdist\u00e4\u00e4 tehokkaan vetokyvyn tarkkaan leikkuu- ja haravointitoimintoon, mik\u00e4 tekee siit\u00e4 ihanteellisen monenlaisiin maatalous-, nurmikonhoito- ja maisemointiteht\u00e4viin.<\/p>\n<h2>Tekniset tiedot<\/h2>\n<table style=\"border-color: #000000;\">\n<thead>\n<tr>\n<th>Sarjanumero<\/th>\n<th>Tuote<\/th>\n<th>Yksikk\u00f6<\/th>\n<th>Tekniset tiedot<\/th>\n<\/tr>\n<\/thead>\n<tbody>\n<tr>\n<td>1<\/td>\n<td>Mallin nimi<\/td>\n<td>\/<\/td>\n<td>9GL-2.5\/2.9 Vetovoimainen ruohonleikkuri ja haravointikone<\/td>\n<\/tr>\n<tr>\n<td>2<\/td>\n<td>Kiinnitysmenetelm\u00e4<\/td>\n<td>\/<\/td>\n<td>Vetotyyppi<\/td>\n<\/tr>\n<tr>\n<td>3<\/td>\n<td>Leikkurirakenteen tyyppi<\/td>\n<td>\/<\/td>\n<td>Edestakaisin liikkuva tyyppi<\/td>\n<\/tr>\n<tr>\n<td>4<\/td>\n<td>Leikkausleveys<\/td>\n<td>m<\/td>\n<td>2.5<\/td>\n<\/tr>\n<tr>\n<td>6<\/td>\n<td>Haravointity\u00f6leveys<\/td>\n<td>m<\/td>\n<td>2.9<\/td>\n<\/tr>\n<tr>\n<td>7<\/td>\n<td>K\u00e4ytt\u00f6nopeusalue<\/td>\n<td>km\/h<\/td>\n<td>6~7<\/td>\n<\/tr>\n<tr>\n<td>8<\/td>\n<td>Tuottavuus<\/td>\n<td>hm\u00b2\/h<\/td>\n<td>Niitto: 1,2\u20131,44; Haravointi: 1,5\u20131,8<\/td>\n<\/tr>\n<tr>\n<td>9<\/td>\n<td>Keskim\u00e4\u00e4r\u00e4inen s\u00e4ngen pituus<\/td>\n<td>mm<\/td>\n<td>60-70<\/td>\n<\/tr>\n<tr>\n<td>10<\/td>\n<td>Vastaava voima<\/td>\n<td>kW<\/td>\n<td>25~55<\/td>\n<\/tr>\n<tr>\n<td>11<\/td>\n<td>Voimanottoakselin nopeus<\/td>\n<td>kierrosta minuutissa<\/td>\n<td>540<\/td>\n<\/tr>\n<tr>\n<td>12<\/td>\n<td>Koneen paino<\/td>\n<td>kg<\/td>\n<td>920<\/td>\n<\/tr>\n<tr>\n<td>13<\/td>\n<td>Haravointihampaiden lukum\u00e4\u00e4r\u00e4<\/td>\n<td>kpl<\/td>\n<td>42<\/td>\n<\/tr>\n<tr>\n<td>14<\/td>\n<td>Haravahampaiden v\u00e4li<\/td>\n<td>mm<\/td>\n<td>71<\/td>\n<\/tr>\n<tr>\n<td>15<\/td>\n<td>Yksik\u00f6n kokonaismitat (pituus \u00d7 leveys \u00d7 korkeus)<\/td>\n<td>mm<\/td>\n<td>\u2013 Kuljetustila: 3100 \u00d7 2920 \u00d7 2900<\/p>\n<div class=\"container-Uxvbjy md-box-line-break wrapper-GYqxgQ undefined\"><\/div>\n<p>\u2013 K\u00e4ytt\u00f6tila: 3100\u00d75000\u00d7950<\/td>\n<\/tr>\n<tr>\n<td>18<\/td>\n<td>Liikkuvien terien lukum\u00e4\u00e4r\u00e4<\/td>\n<td>kpl<\/td>\n<td>34<\/td>\n<\/tr>\n<\/tbody>\n<\/table>\n<h2>Tuotteen m\u00e4\u00e4ritelm\u00e4<\/h2>\n<p>9GL-2.52.9 -vetoinen ruohonleikkuri ja -haravointikone on kest\u00e4v\u00e4 kone, joka on suunniteltu suorittamaan sek\u00e4 leikkaamista ett\u00e4 haravointia samanaikaisesti. Se on suunniteltu selviytym\u00e4\u00e4n erilaisista maastoista helposti, ja se tarjoaa sek\u00e4 monipuolisuutta ett\u00e4 tehokkuutta. T\u00e4t\u00e4 konetta k\u00e4ytet\u00e4\u00e4n yleisesti maatalouspelloilla, nurmikonhoidossa ja muissa laaja-alaisissa ulkot\u00f6iss\u00e4, ja se tarjoaa k\u00e4ytt\u00e4jille mahdollisuuden hallita suuria nurmialueita minimaalisella vaivalla ja suurella tarkkuudella.<\/p>\n<p style=\"text-align: center;\">\u00a0<img loading=\"lazy\" decoding=\"async\" class=\"alignnone size-full wp-image-341\" src=\"https:\/\/square-balers.com\/wp-content\/uploads\/2025\/12\/ep-9GL-2.52.9-Traction-Mowing-and-Raking-Machine-3-1.webp\" alt=\"Ruohonleikkuri ja haravointikone\" width=\"250\" height=\"250\" srcset=\"https:\/\/square-balers.com\/wp-content\/uploads\/2025\/12\/ep-9GL-2.52.9-Traction-Mowing-and-Raking-Machine-3-1.webp 250w, https:\/\/square-balers.com\/wp-content\/uploads\/2025\/12\/ep-9GL-2.52.9-Traction-Mowing-and-Raking-Machine-3-1-150x150.webp 150w, https:\/\/square-balers.com\/wp-content\/uploads\/2025\/12\/ep-9GL-2.52.9-Traction-Mowing-and-Raking-Machine-3-1-12x12.webp 12w, https:\/\/square-balers.com\/wp-content\/uploads\/2025\/12\/ep-9GL-2.52.9-Traction-Mowing-and-Raking-Machine-3-1-100x100.webp 100w\" sizes=\"(max-width: 250px) 100vw, 250px\" \/><\/p>\n<h2>K\u00e4sitellyt ongelmat ja sovellukset<\/h2>\n<p>9GL-2.52.9 -vetoinen ruohonleikkuri ja haravointikone vastaa useisiin maanomistajien, maanviljelij\u00f6iden ja maisemasuunnittelijoiden kohtaamiin haasteisiin:<\/p>\n<ul>\n<li><strong>Ajan tehokkuus:<\/strong> Perinteiset ruohonleikkuu- ja haravointimenetelm\u00e4t ovat aikaa vievi\u00e4. T\u00e4m\u00e4 kone yhdist\u00e4\u00e4 molemmat teht\u00e4v\u00e4t yhdeksi, mik\u00e4 v\u00e4hent\u00e4\u00e4 merkitt\u00e4v\u00e4sti laajamittaiseen maisemointiin tai maanviljelyyn kuluvaa aikaa.<\/li>\n<li><strong>Ty\u00f6voimakustannukset:<\/strong> Automatisoimalla kaksi kriittist\u00e4 teht\u00e4v\u00e4\u00e4 9GL-2.52.9 v\u00e4hent\u00e4\u00e4 useiden ty\u00f6ntekij\u00f6iden tarvetta, mik\u00e4 alentaa kokonaisty\u00f6voimakustannuksia.<\/li>\n<li><strong>Tarkkuus ja johdonmukaisuus:<\/strong> Kone tarjoaa tasaisen leikkuuj\u00e4ljen ja haravoinnin, mik\u00e4 on olennaista nurmikon esteettisen hoidon tai tehokkaan sadonhallinnan kannalta.<\/li>\n<li><strong>Monipuolisuus:<\/strong> 9GL-2.52.9 on suunniteltu k\u00e4ytett\u00e4v\u00e4ksi erilaisissa maastoissa, joten se sopii useisiin k\u00e4ytt\u00f6tarkoituksiin tasaisista pelloista hieman kalteviin alueisiin.<\/li>\n<li><strong>Kest\u00e4vyys:<\/strong> T\u00e4m\u00e4 kone on rakennettu kest\u00e4m\u00e4\u00e4n vaativia olosuhteita, ja se sopii erinomaisesti vaativiin maatalous- ja maisemointiteht\u00e4viin.<\/li>\n<\/ul>\n<h2>Tuotteen edut<\/h2>\n<p>9GL-2.52.9 -vetoinen ruohonleikkuri ja haravointikone tarjoaa useita etuja, jotka tekev\u00e4t siit\u00e4 v\u00e4ltt\u00e4m\u00e4tt\u00f6m\u00e4n ty\u00f6kalun nykyaikaisissa maatalous- ja maisemointit\u00f6iss\u00e4:<\/p>\n<ul>\n<li><strong>Suuri vetovoima:<\/strong> Tehokkaiden veto-ominaisuuksien ansiosta kone varmistaa vakaan toiminnan my\u00f6s ep\u00e4tasaisella tai vaikealla maastolla. Se tarjoaa tasaista tehoa sek\u00e4 leikkuu- ett\u00e4 haravointimekanismeille, mik\u00e4 v\u00e4hent\u00e4\u00e4 manuaalisten toimenpiteiden tarvetta.<\/li>\n<li><strong>Kaksoistoiminto:<\/strong> Toisin kuin perinteiset koneet, t\u00e4m\u00e4 malli suorittaa sek\u00e4 leikkaamisen ett\u00e4 haravoinnin samanaikaisesti, mik\u00e4 s\u00e4\u00e4st\u00e4\u00e4 aikaa ja parantaa tehokkuutta. T\u00e4m\u00e4 kaksoistoiminto tekee siit\u00e4 monipuolisen ratkaisun nurmikonhoitoon ja peltojen hallintaan.<\/li>\n<li><strong>Mukautettavat asetukset:<\/strong> K\u00e4ytt\u00e4j\u00e4t voivat s\u00e4\u00e4t\u00e4\u00e4 korkeus- ja nopeusasetuksia erityisvaatimusten mukaan, mik\u00e4 varmistaa joustavuuden erilaisissa teht\u00e4viss\u00e4, kuten ruohonleikkuussa, hein\u00e4n haravoinnissa tai yleisess\u00e4 nurmikonhoidossa.<\/li>\n<li><strong>Kest\u00e4v\u00e4 rakenne:<\/strong> Korkealaatuisista materiaaleista valmistettu 9GL-2.52.9 kest\u00e4\u00e4 ankaria olosuhteita ja varmistaa pitk\u00e4kestoisen suorituskyvyn vaativissakin ymp\u00e4rist\u00f6iss\u00e4.<\/li>\n<li><strong>Ymp\u00e4rist\u00f6yst\u00e4v\u00e4llinen:<\/strong> T\u00e4m\u00e4 kone on suunniteltu energiatehokkaaksi, sill\u00e4 se k\u00e4ytt\u00e4\u00e4 v\u00e4hemm\u00e4n polttoainetta s\u00e4ilytt\u00e4en samalla korkean tuottavuuden, mik\u00e4 tekee siit\u00e4 ymp\u00e4rist\u00f6yst\u00e4v\u00e4llisemm\u00e4n vaihtoehdon maank\u00e4ytt\u00f6\u00f6n.<\/li>\n<\/ul>\n<h2>N\u00e4in 9GL-2.52.9 -vetoinen ruohonleikkuri ja haravointilaite toimii<\/h2>\n<p>9GL-2.52.9 toimii eritt\u00e4in tehokkaan j\u00e4rjestelm\u00e4n avulla, joka yhdist\u00e4\u00e4 veto-, leikkuu- ja haravointimekanismit. Kone k\u00e4ytt\u00e4\u00e4 vetovoimaj\u00e4rjestelm\u00e4\u00e4, joka ty\u00f6nt\u00e4\u00e4 sit\u00e4 eteenp\u00e4in varmistaen tasaisen liikkeen erilaisilla pinnoilla. Samalla sen leikkuulaitteessa on ter\u00e4v\u00e4t ja kest\u00e4v\u00e4t ter\u00e4t, jotka leikkaavat ruohon tehokkaasti. Haravointimekanismi k\u00e4ytt\u00e4\u00e4 py\u00f6rivi\u00e4 piikkej\u00e4 ker\u00e4t\u00e4kseen leikatun ruohon, hein\u00e4n tai roskat siisteiksi riveiksi helppoa ker\u00e4\u00e4mist\u00e4 tai h\u00e4vitt\u00e4mist\u00e4 varten. T\u00e4m\u00e4 integroitu j\u00e4rjestelm\u00e4 v\u00e4hent\u00e4\u00e4 aikaa ja vaivaa ja saavuttaa samalla korkealaatuisia tuloksia.<\/p>\n<h2>9GL-2.52.9 -vetok\u00e4ytt\u00f6isen ruohonleikkurin ja haravointilaitteen p\u00e4\u00e4asialliset k\u00e4ytt\u00f6kohteet<\/h2>\n<p>9GL-2.52.9 on monipuolinen, joten se sopii erilaisiin k\u00e4ytt\u00f6tarkoituksiin:<\/p>\n<ul>\n<li><strong>Maatalousk\u00e4ytt\u00f6:<\/strong> Ihanteellinen ruohon tai hein\u00e4n leikkaamiseen ja haravointiin suurilla pelloilla, t\u00e4m\u00e4 kone auttaa lis\u00e4\u00e4m\u00e4\u00e4n maataloustoiminnan tuottavuutta.<\/li>\n<li><strong>Nurmikon hoito:<\/strong> T\u00e4ydellinen suurten nurmikoiden, puistojen ja virkistysalueiden hoitoon varmistaen tasaisen leikkuun ja siistin haravoinnin.<\/li>\n<li><strong>Urheilukent\u00e4n kunnossapito:<\/strong> Ihanteellinen urheilukentille, joilla tarkkuus ja tasainen nurmikon korkeus ovat ratkaisevan t\u00e4rkeit\u00e4 pelattavuuden ja ulkon\u00e4\u00f6n kannalta.<\/li>\n<li><strong>Golfkent\u00e4n hallinta:<\/strong> Koneen hell\u00e4varainen mutta tehokas leikkuu- ja haravointitoiminto tekee siit\u00e4 t\u00e4ydellisen golfkent\u00e4n kunnossapitoon.<\/li>\n<li><strong>Maisemointi:<\/strong> Urakoitsijat ja maisemasuunnittelijat k\u00e4ytt\u00e4v\u00e4t t\u00e4t\u00e4 konetta asuin- ja liikekiinteist\u00f6jen maisemasuunnitteluprojektien tehokkaaseen hallintaan ja yll\u00e4pitoon.<\/li>\n<li><strong>Mets\u00e4talous:<\/strong> Sit\u00e4 voidaan k\u00e4ytt\u00e4\u00e4 my\u00f6s ruohon tai muun kasvillisuuden raivaamiseen mets\u00e4taloussovelluksissa, parantaen maan valmistelua istutuksia tai muita toimintoja varten.<\/li>\n<\/ul>\n<p style=\"text-align: center;\"><img loading=\"lazy\" decoding=\"async\" class=\"alignnone wp-image-342\" src=\"https:\/\/square-balers.com\/wp-content\/uploads\/2025\/12\/ep-9GL-2.52.9-Traction-Mowing-and-Raking-Machine-4-1.webp\" alt=\"Ruohonleikkuri ja haravointikone\" width=\"430\" height=\"430\" srcset=\"https:\/\/square-balers.com\/wp-content\/uploads\/2025\/12\/ep-9GL-2.52.9-Traction-Mowing-and-Raking-Machine-4-1.webp 242w, https:\/\/square-balers.com\/wp-content\/uploads\/2025\/12\/ep-9GL-2.52.9-Traction-Mowing-and-Raking-Machine-4-1-150x150.webp 150w, https:\/\/square-balers.com\/wp-content\/uploads\/2025\/12\/ep-9GL-2.52.9-Traction-Mowing-and-Raking-Machine-4-1-12x12.webp 12w, https:\/\/square-balers.com\/wp-content\/uploads\/2025\/12\/ep-9GL-2.52.9-Traction-Mowing-and-Raking-Machine-4-1-100x100.webp 100w\" sizes=\"(max-width: 430px) 100vw, 430px\" \/><\/p>\n<h2>Kuinka valita oikea 9GL-2.52.9 -vetoinen ruohonleikkuri ja haravointilaite<\/h2>\n<p>Oikean 9GL-2.52.9:n valinnassa on t\u00e4rke\u00e4\u00e4 ottaa huomioon seuraavat tekij\u00e4t:<\/p>\n<ul>\n<li><strong>Maastotyyppi:<\/strong> Jos ty\u00f6skentelet ep\u00e4tasaisessa tai m\u00e4kisess\u00e4 maastossa, etsi malli, jolla on hyv\u00e4t veto-ominaisuudet.<\/li>\n<li><strong>Ty\u00f6alueen koko:<\/strong> Suuremmat alueet vaativat koneen, jossa on suurempi leikkuuleveys ja tehokas haravointimekanismi.<\/li>\n<li><strong>Polttoainetehokkuus:<\/strong> Varmista, ett\u00e4 koneen polttoaineenkulutus on tehokasta kustannusten s\u00e4\u00e4st\u00e4miseksi pitk\u00e4ll\u00e4 aikav\u00e4lill\u00e4.<\/li>\n<li><strong>Huoltovaatimukset:<\/strong> Harkitse koneita, jotka vaativat v\u00e4hemm\u00e4n huoltoa tai joissa on helposti saatavilla olevia osia korjauksia varten.<\/li>\n<li><strong>Kuljettajan mukavuus:<\/strong> Etsi malleja, jotka tarjoavat helppok\u00e4ytt\u00f6isyytt\u00e4, s\u00e4\u00e4dett\u00e4vi\u00e4 ominaisuuksia ja k\u00e4ytt\u00e4j\u00e4n turvallisuutta parantaakseen mukavuutta pitkien k\u00e4ytt\u00f6tuntien aikana.<\/li>\n<li><strong>Budjetti:<\/strong> Valitse malli, joka sopii budjettiisi ja t\u00e4ytt\u00e4\u00e4 samalla suorituskyky- ja kest\u00e4vyysvaatimukset.<\/li>\n<\/ul>\n<h2>9GL-2.52.9 -vetok\u00e4ytt\u00f6isen ruohonleikkurin ja haravointikoneen huolto<\/h2>\n<p>Asianmukainen huolto varmistaa 9GL-2.52.9:n pitk\u00e4n k\u00e4ytt\u00f6i\u00e4n ja huippusuorituskyvyn:<\/p>\n<ul>\n<li><strong>S\u00e4\u00e4nn\u00f6llinen puhdistus:<\/strong> Puhdista leikkuup\u00f6yt\u00e4 ja haravointipiikit jokaisen k\u00e4ytt\u00f6kerran j\u00e4lkeen ruohon kertymisen est\u00e4miseksi, mik\u00e4 voi johtaa tukkeutumiseen ja tehokkuuden heikkenemiseen.<\/li>\n<li><strong>Tarkista kuluminen ja repe\u00e4m\u00e4t:<\/strong> Tarkista ter\u00e4t ja piikit s\u00e4\u00e4nn\u00f6llisesti kulumisen varalta. Vaihda kaikki osat, joissa on merkitt\u00e4vi\u00e4 vaurioita tai kulumia.<\/li>\n<li><strong>Voitelu:<\/strong> Pid\u00e4 kaikki liikkuvat osat hyvin voideltuina kitkan v\u00e4hent\u00e4miseksi ja kriittisten komponenttien ennenaikaisen kulumisen est\u00e4miseksi.<\/li>\n<li><strong>Tarkista polttoaine- ja \u00f6ljytasot:<\/strong> Varmista aina, ett\u00e4 polttoaines\u00e4ili\u00f6ss\u00e4 on oikeanlaista polttoainetta ja ett\u00e4 \u00f6ljynpinta on suositellulla alueella.<\/li>\n<li><strong>Tarkista renkaat:<\/strong> Varmista, ett\u00e4 renkaat ovat hyv\u00e4ss\u00e4 kunnossa ja ett\u00e4 niiden paine on oikea vakauden ja pidon s\u00e4ilytt\u00e4miseksi.<\/li>\n<\/ul>\n<h2>Asiakasarvostelut<\/h2>\n<p>Asiakkaiden kokemuksia eri puolilta maailmaa 9GL-2.52.9 -ruohonleikkurista ja -haravointikoneesta:<\/p>\n<p>\u201dT\u00e4m\u00e4 kone on helpottanut ty\u00f6t\u00e4ni maatilalla paljon. Voin leikata ja haravoida samanaikaisesti, mik\u00e4 s\u00e4\u00e4st\u00e4\u00e4 paljon aikaa. Se selviytyy hyvin ep\u00e4tasaisesta maastosta ja on helppok\u00e4ytt\u00f6inen.\u201d<\/p>\n<p>– <strong>John Doe, Yhdysvallat<\/strong><\/p>\n<p>\u201dPihasuunnittelijana t\u00e4m\u00e4 on t\u00e4ydellinen ty\u00f6kalu suurten kiinteist\u00f6jen hoitoon. Se on kest\u00e4v\u00e4, tehokas ja v\u00e4hent\u00e4\u00e4 ty\u00f6voimakustannuksia merkitt\u00e4v\u00e4sti. Suosittelen sit\u00e4 kaikille nurmikonhoitoalalla toimiville.\u201d<\/p>\n<p>– <strong>Jane Smith, Iso-Britannia<\/strong><\/p>\n<p>\"Olen k\u00e4ytt\u00e4nyt t\u00e4t\u00e4 konetta nyt muutaman kuukauden, ja olen eritt\u00e4in vaikuttunut sen suorituskyvyst\u00e4. Se pystyy k\u00e4sittelem\u00e4\u00e4n jopa kovimman ruohon ilman ongelmia.\"<\/p>\n<p>– <strong>Alex Wang, Australia<\/strong><\/p>\n<p>\u201d9GL-2.52.9:st\u00e4 on tullut maatalouskoneitteni vakiovaruste. Voin leikata ja haravoida yhdell\u00e4 kertaa, ja polttoainetehokkuus on erinomainen. Se s\u00e4\u00e4st\u00e4\u00e4 todella paljon aikaa.\u201d<\/p>\n<p>– <strong>Maria L\u00f3pez, Meksiko<\/strong><\/p>\n<p>\u201dT\u00e4m\u00e4 tuote on mullistava tekij\u00e4 golfkent\u00e4n kunnossapitotiimilleni. Tasaisesti leikattu ja haravoitu nurmikko on ratkaisevan t\u00e4rke\u00e4\u00e4 kent\u00e4n estetiikan ja pelattavuuden kannalta.\u201d<\/p>\n<p>– <strong>Kevin Brown, Kanada<\/strong><\/p>\n<p style=\"text-align: center;\"><img loading=\"lazy\" decoding=\"async\" class=\"wp-image-340 aligncenter\" src=\"https:\/\/square-balers.com\/wp-content\/uploads\/2025\/12\/ep-9GL-2.52.9-Traction-Mowing-and-Raking-Machine-2-1.webp\" alt=\"Ruohonleikkuri ja haravointikone\" width=\"476\" height=\"476\" srcset=\"https:\/\/square-balers.com\/wp-content\/uploads\/2025\/12\/ep-9GL-2.52.9-Traction-Mowing-and-Raking-Machine-2-1.webp 254w, https:\/\/square-balers.com\/wp-content\/uploads\/2025\/12\/ep-9GL-2.52.9-Traction-Mowing-and-Raking-Machine-2-1-150x150.webp 150w, https:\/\/square-balers.com\/wp-content\/uploads\/2025\/12\/ep-9GL-2.52.9-Traction-Mowing-and-Raking-Machine-2-1-12x12.webp 12w, https:\/\/square-balers.com\/wp-content\/uploads\/2025\/12\/ep-9GL-2.52.9-Traction-Mowing-and-Raking-Machine-2-1-100x100.webp 100w\" sizes=\"(max-width: 476px) 100vw, 476px\" \/><\/p>\n<h2>Miksi valita tuotteemme<\/h2>\n<p>Valitsemalla 9GL-2.52.9 -pidon <a href=\"https:\/\/square-balers.com\/fi\/tuote\/4byq-2-6-munuaispapujen-juurimiskone\/\">Ruohonleikkuri ja haravointikone<\/a> tarkoittaa nopeaa r\u00e4\u00e4t\u00e4l\u00f6inti\u00e4, erinomaista palvelua ja mielenrauhaa. Tarjoamme 3 vuoden takuun, joka takaa vaivattoman myynninj\u00e4lkeisen tuen. Lis\u00e4ksi maailmanlaajuinen toimituksemme varmistaa, ett\u00e4 voimme toimittaa tilaukset nopeasti sijainnistasi riippumatta, ja erinomainen asiakaspalvelu tukee jokaista ostosta. Kanssamme voit olla varma, ett\u00e4 saat korkealaatuisia tuotteita kilpailukykyiseen hintaan, ja sit\u00e4 tukee omistautunut myynninj\u00e4lkeinen tuki.<\/p>\n<p>Olemme johtava maatalous- ja maisemointikoneiden valmistaja, joka on erikoistunut tehokkaisiin, kest\u00e4viin ja monipuolisiin koneisiin. Sitoutumisemme laatuun ja asiakastyytyv\u00e4isyyteen on kaiken toimintamme ytimess\u00e4. 9GL-2.52.9 -vetotraktorin ja -haravan lis\u00e4ksi tarjoamme my\u00f6s laajan valikoiman yhteensopivia lis\u00e4varusteita ja niihin liittyvi\u00e4 tuotteita ty\u00f6prosessiesi parantamiseksi. Ota yhteytt\u00e4 jo t\u00e4n\u00e4\u00e4n, niin l\u00f6yd\u00e4t parhaat tarjoukset ja voit tehd\u00e4 ostoksesi luottavaisin mielin!<\/p>\n<h2>Usein kysytyt kysymykset<\/h2>\n<ol>\n<li><strong>Mik\u00e4 tekee 9GL-2.52.9:st\u00e4 ainutlaatuisen?<\/strong><br \/>\n9GL-2.52.9 yhdist\u00e4\u00e4 sek\u00e4 ruohonleikkuu- ett\u00e4 haravointitoiminnot yhteen koneeseen, mik\u00e4 v\u00e4hent\u00e4\u00e4 useiden ty\u00f6kalujen tarvetta ja parantaa toiminnan tehokkuutta.<\/li>\n<li><strong>P\u00e4rj\u00e4\u00e4k\u00f6 t\u00e4m\u00e4 kone erityyppisill\u00e4 maastoilla?<\/strong><br \/>\nKyll\u00e4, 9GL-2.52.9 on suunniteltu toimimaan erilaisissa maastoissa, tasaisista pelloista hieman kalteviin alueisiin, tehokkaan vetoj\u00e4rjestelm\u00e4n ansiosta.<\/li>\n<li><strong>Kuinka paljon polttoainetta 9GL-2.52.9 kuluttaa?<\/strong><br \/>\nPolttoaineenkulutus riippuu maastosta ja k\u00e4ytt\u00f6intensiteetist\u00e4, mutta kone on suunniteltu polttoainetehokkaaksi, mik\u00e4 s\u00e4\u00e4st\u00e4\u00e4 kustannuksia pitk\u00e4ll\u00e4 aikav\u00e4lill\u00e4.<\/li>\n<li><strong>Onko 9GL-2.52.9 helppok\u00e4ytt\u00f6inen?<\/strong><br \/>\nKyll\u00e4, 9GL-2.52.9 on k\u00e4ytt\u00e4j\u00e4yst\u00e4v\u00e4llinen ja siin\u00e4 on s\u00e4\u00e4dett\u00e4v\u00e4t korkeus- ja nopeusasetukset, joten sit\u00e4 on helppo mukauttaa tiettyihin teht\u00e4viin.<\/li>\n<li><strong>Miten yll\u00e4pid\u00e4n 9GL-2.52.9:\u00e4\u00e4?<\/strong><br \/>\nOsien, kuten terien ja renkaiden, s\u00e4\u00e4nn\u00f6llinen puhdistus, voitelu ja tarkastus on v\u00e4ltt\u00e4m\u00e4t\u00f6nt\u00e4 koneen optimaalisen suorituskyvyn yll\u00e4pit\u00e4miseksi.<\/li>\n<li><strong>Mik\u00e4 on 9GL-2.52.9:n leikkausleveys?<\/strong><br \/>\n9GL-2.52.9 -mallissa on s\u00e4\u00e4dett\u00e4v\u00e4 leikkuuleveys, jonka avulla k\u00e4ytt\u00e4j\u00e4t voivat optimoida sen k\u00e4yt\u00f6n sek\u00e4 pienille ett\u00e4 suurille nurmikko- tai hein\u00e4alueille.<\/li>\n<li><strong>Voinko k\u00e4ytt\u00e4\u00e4 t\u00e4t\u00e4 konetta sek\u00e4 m\u00e4riss\u00e4 ett\u00e4 kuivissa olosuhteissa?<\/strong><br \/>\nKyll\u00e4, 9GL-2.52.9 toimii hyvin sek\u00e4 kuivissa ett\u00e4 kohtalaisen m\u00e4riss\u00e4 olosuhteissa. Liian mutaisia \u200b\u200balueita on kuitenkin suositeltavaa v\u00e4ltt\u00e4\u00e4.<\/li>\n<li><strong>Mink\u00e4 tyyppisi\u00e4 teri\u00e4 9GL-2.52.9 k\u00e4ytt\u00e4\u00e4?<\/strong><br \/>\nKoneessa on kest\u00e4v\u00e4t ter\u00e4ster\u00e4t, jotka on suunniteltu pysym\u00e4\u00e4n ter\u00e4vin\u00e4 pitk\u00e4\u00e4n, tarjoten siistin ja tarkan leikkuun ruoholle ja hein\u00e4lle.<\/li>\n<li><strong>Kuinka usein minun pit\u00e4isi vaihtaa \u00f6ljy 9GL-2.52.9 -moottorissa?<\/strong><br \/>\n\u00d6ljynvaihtoa suositellaan 100 k\u00e4ytt\u00f6tunnin v\u00e4lein moottorin optimaalisen suorituskyvyn yll\u00e4pit\u00e4miseksi.<\/li>\n<li><strong>Onko 9GL-2.52.9:lle takuuta?<\/strong><br \/>\nKyll\u00e4, tarjoamme 9GL-2.52.9 -veto ruohonleikkurille ja haravointikoneelle 3 vuoden takuun, mik\u00e4 takaa laadun ja tuen investoinnillesi.<\/li>\n<li><strong>Voiko t\u00e4t\u00e4 konetta k\u00e4ytt\u00e4\u00e4 kaupallisiin tarkoituksiin?<\/strong><br \/>\nKyll\u00e4, 9GL-2.52.9 sopii hyvin kaupallisiin sovelluksiin, kuten maisemointiin ja laajamittaiseen maatalouteen.<\/li>\n<li><strong>Mist\u00e4 tied\u00e4n, sopiiko 9GL-2.52.9 tarpeisiini?<\/strong><br \/>\nArvioi ty\u00f6alueesi koko, maaston tyyppi ja k\u00e4ytt\u00f6tiheys m\u00e4\u00e4ritt\u00e4\u00e4ksesi, vastaako t\u00e4m\u00e4 malli vaatimuksiasi.<\/li>\n<li><strong>Onko 9GL-2.52.9 helppo kuljettaa?<\/strong><br \/>\nKyll\u00e4, 9GL-2.52.9 on suunniteltu helposti kuljetettavaksi, ja sen kompakti rakenne mahdollistaa siirt\u00e4misen erilaisilla per\u00e4vaunuilla tai ajoneuvoilla.<\/li>\n<li><strong>Vaatiiko koneen k\u00e4ytt\u00f6 erityiskoulutusta?<\/strong><br \/>\nVaikka se on k\u00e4ytt\u00e4j\u00e4yst\u00e4v\u00e4llinen, koneiden ja niiden toimintojen perusymm\u00e4rrys auttaa varmistamaan turvallisuuden ja tehokkuuden. K\u00e4ytt\u00f6oppaat ovat saatavilla opastukseksi.<\/li>\n<li><strong>Mist\u00e4 voin ostaa 9GL-2.52.9:n?<\/strong><br \/>\nVoit ostaa 9GL-2.52.9:n suoraan meilt\u00e4 tai valtuutetuilta j\u00e4lleenmyyjilt\u00e4 maailmanlaajuisesti. Ota yhteytt\u00e4 saadaksesi lis\u00e4tietoja.<\/li>\n<\/ol>\n<p>gzl:n muokkaama<\/p>","protected":false},"excerpt":{"rendered":"<p>Esittelyss\u00e4 9GL-2.52.9 -vetoinen ruohonleikkuri ja haravointikone \u2013 paras ratkaisu tehokkaaseen nurmikonhoitoon ja maisemointiin. Tarkkuudella suunniteltu tehokas kone yhdist\u00e4\u00e4 leikkuu- ja haravointitoiminnot yhteen, mik\u00e4 s\u00e4\u00e4st\u00e4\u00e4 aikaa ja vaivaa. Sen vankka rakenne takaa kest\u00e4vyyden ja luotettavuuden, kun taas edistynyt vetoj\u00e4rjestelm\u00e4 tarjoaa sujuvan k\u00e4yt\u00f6n erilaisilla maastoilla. T\u00e4ydellinen ammattilaisille ja maisemanhoitajille, 9GL-2.52.9 tarjoaa poikkeuksellista suorituskyky\u00e4, mik\u00e4 tekee siit\u00e4 v\u00e4ltt\u00e4m\u00e4tt\u00f6m\u00e4n lis\u00e4n laitevalikoimaasi. Nosta tuottavuuttasi ja saavuta erinomaisia \u200b\u200btuloksia helposti. Tutustu 9GL-2.52.9 -vetoisen ruohonleikkurin ja haravointikoneen etuihin jo t\u00e4n\u00e4\u00e4n ja mullista maisemointiteht\u00e4v\u00e4si!<\/p>","protected":false},"featured_media":339,"template":"","meta":{"_et_pb_use_builder":"","_et_pb_old_content":"","_et_gb_content_width":""},"product_brand":[],"product_cat":[23],"product_tag":[],"class_list":{"0":"post-338","1":"product","2":"type-product","3":"status-publish","4":"has-post-thumbnail","6":"product_cat-mower-tedder","8":"first","9":"instock","10":"shipping-taxable","11":"product-type-simple"},"_links":{"self":[{"href":"https:\/\/square-balers.com\/fi\/wp-json\/wp\/v2\/product\/338","targetHints":{"allow":["GET"]}}],"collection":[{"href":"https:\/\/square-balers.com\/fi\/wp-json\/wp\/v2\/product"}],"about":[{"href":"https:\/\/square-balers.com\/fi\/wp-json\/wp\/v2\/types\/product"}],"wp:featuredmedia":[{"embeddable":true,"href":"https:\/\/square-balers.com\/fi\/wp-json\/wp\/v2\/media\/339"}],"wp:attachment":[{"href":"https:\/\/square-balers.com\/fi\/wp-json\/wp\/v2\/media?parent=338"}],"wp:term":[{"taxonomy":"product_brand","embeddable":true,"href":"https:\/\/square-balers.com\/fi\/wp-json\/wp\/v2\/product_brand?post=338"},{"taxonomy":"product_cat","embeddable":true,"href":"https:\/\/square-balers.com\/fi\/wp-json\/wp\/v2\/product_cat?post=338"},{"taxonomy":"product_tag","embeddable":true,"href":"https:\/\/square-balers.com\/fi\/wp-json\/wp\/v2\/product_tag?post=338"}],"curies":[{"name":"wp","href":"https:\/\/api.w.org\/{rel}","templated":true}]}}