{"id":343,"date":"2025-12-15T09:38:35","date_gmt":"2025-12-15T09:38:35","guid":{"rendered":"https:\/\/square-balers.com\/?post_type=product&#038;p=343"},"modified":"2025-12-18T02:59:58","modified_gmt":"2025-12-18T02:59:58","slug":"9-vetoinen-yksiterainen-ruohonleikkuri","status":"publish","type":"product","link":"https:\/\/square-balers.com\/fi\/tuote\/9-vetoinen-yksiterainen-ruohonleikkuri\/","title":{"rendered":"9GD-2.5 Vetoakselilla varustettu yksiter\u00e4inen ruohonleikkuri (p\u00e4ivitetty versio)"},"content":{"rendered":"<p>9GD-2.5 Traction -yksiter\u00e4inen ruohonleikkuri (p\u00e4ivitetty versio) on edistynyt ja tehokas ruohonleikkuri, joka on suunniteltu ammattimaisille maisemanhoitajille ja kaupalliseen k\u00e4ytt\u00f6\u00f6n. Kest\u00e4v\u00e4ksi rakennettu leikkuri tarjoaa erinomaisen leikkuutehon ja pidon varmistaen siistin nurmikon kaikissa olosuhteissa. P\u00e4ivitetyn muotoilunsa ansiosta se on optimoitu kest\u00e4vyytt\u00e4 ja toimivuutta parantamaan, mik\u00e4 tekee siit\u00e4 t\u00e4ydellisen ty\u00f6kalun laaja-alaiseen nurmikonhoitoon.<\/p>\n<table style=\"border-color: #000000;\">\n<thead>\n<tr>\n<th>Sarjanumero<\/th>\n<th>Tuote<\/th>\n<th>Yksikk\u00f6<\/th>\n<th>Tekniset tiedot<\/th>\n<\/tr>\n<\/thead>\n<tbody>\n<tr>\n<td>1<\/td>\n<td>Mallin nimi<\/td>\n<td>\/<\/td>\n<td>9GD-2.5 Vetoinen yksiter\u00e4inen ruohonleikkuri<\/td>\n<\/tr>\n<tr>\n<td>2<\/td>\n<td>Kiinnitysmenetelm\u00e4<\/td>\n<td>\/<\/td>\n<td>Vetotyyppi<\/td>\n<\/tr>\n<tr>\n<td>3<\/td>\n<td>Leikkurirakenteen tyyppi<\/td>\n<td>\/<\/td>\n<td>Edestakaisin liikkuva tyyppi<\/td>\n<\/tr>\n<tr>\n<td>4<\/td>\n<td>Leikkausleveys<\/td>\n<td>m<\/td>\n<td>2.5<\/td>\n<\/tr>\n<tr>\n<td>5<\/td>\n<td>Vastaava tehoalue<\/td>\n<td>kW<\/td>\n<td>15-35<\/td>\n<\/tr>\n<tr>\n<td>6<\/td>\n<td>K\u00e4ytt\u00f6nopeusalue<\/td>\n<td>km\/h<\/td>\n<td>6~10<\/td>\n<\/tr>\n<tr>\n<td>7<\/td>\n<td>Liikkuvien terien lukum\u00e4\u00e4r\u00e4<\/td>\n<td>kpl<\/td>\n<td>34<\/td>\n<\/tr>\n<tr>\n<td>8<\/td>\n<td>Kokonaismitat (pituus \u00d7 leveys \u00d7 korkeus)<\/td>\n<td>mm<\/td>\n<td>2000 \u00d7 4300 \u00d7 950<\/td>\n<\/tr>\n<tr>\n<td>10<\/td>\n<td>Voimanottoakselin nopeus<\/td>\n<td>kierrosta minuutissa<\/td>\n<td>540<\/td>\n<\/tr>\n<tr>\n<td>11<\/td>\n<td>Keskim\u00e4\u00e4r\u00e4inen s\u00e4ngen pituus<\/td>\n<td>mm<\/td>\n<td>50-70<\/td>\n<\/tr>\n<tr>\n<td>12<\/td>\n<td>Tuottavuus<\/td>\n<td>hm\u00b2\/h<\/td>\n<td>2.0-3.0<\/td>\n<\/tr>\n<tr>\n<td>13<\/td>\n<td>Operaattoreiden lukum\u00e4\u00e4r\u00e4<\/td>\n<td>henkil\u00f6<\/td>\n<td>1<\/td>\n<\/tr>\n<tr>\n<td>14<\/td>\n<td>Rakenteellinen massa<\/td>\n<td>kg<\/td>\n<td>490<\/td>\n<\/tr>\n<\/tbody>\n<\/table>\n<p>9GD-2.5 Traction -yksiter\u00e4inen ruohonleikkuri (p\u00e4ivitetty versio) on tehokas, vetok\u00e4ytt\u00f6inen ruohonleikkuri, joka on suunniteltu monenlaisille maastoille. T\u00e4ss\u00e4 leikkurissa on yksi ter\u00e4, joka leikkaa ruohon tehokkaasti ja tarjoaa samalla erinomaisen pidon, joten se sopii erinomaisesti k\u00e4ytett\u00e4v\u00e4ksi suurilla nurmikoilla ja vaikeassa maastossa. Se yhdist\u00e4\u00e4 tehon ja tarkkuuden saumattoman leikkuukokemuksen takaamiseksi ja tarjoaa poikkeuksellisia tuloksia joka kerta.<\/p>\n<h2>Yleisi\u00e4 ongelmia ja k\u00e4ytt\u00f6tapauksia<\/h2>\n<p>Yleisi\u00e4 ongelmia, joihin t\u00e4m\u00e4 tuote ratkaisee, ovat ep\u00e4tasainen leikkuuj\u00e4lki, vaikeudet ohjattavuudessa rinteiss\u00e4 tai ep\u00e4tasaisella alustalla sek\u00e4 tarve leikkurille, joka pystyy hoitamaan suuren m\u00e4\u00e4r\u00e4n nurmikonhoitoa. 9GD-2.5 on suunniteltu suurille nurmikoille, liikekiinteist\u00f6ille ja alueille, joilla hyv\u00e4 pito ja tasainen leikkuuteho ovat olennaisia. T\u00e4m\u00e4 leikkuri sopii erinomaisesti:<\/p>\n<h2>Kaupalliset maisemointiyritykset<\/h2>\n<ol>\n<li>Suuret asuinkiinteist\u00f6t laajoine nurmikkoineen<\/li>\n<li>Urheilukent\u00e4t ja golfkent\u00e4t<\/li>\n<li>Julkiset puistot ja virkistysalueet<\/li>\n<li>Kunnalliset kunnossapitopalvelut<\/li>\n<li>Maataloussovellukset, jotka vaativat tasaista ruohonleikkuuta<\/li>\n<\/ol>\n<h2>Tuotteen edut<\/h2>\n<h3>1. Erinomainen pito ja vakaus<\/h3>\n<p>P\u00e4ivitetty vetoj\u00e4rjestelm\u00e4 varmistaa vakauden erilaisilla pinnoilla, jopa jyrkiss\u00e4 rinteiss\u00e4 tai ep\u00e4tasaisessa maastossa. T\u00e4m\u00e4 mahdollistaa turvallisemman k\u00e4yt\u00f6n ja tasaisemmat tulokset haastavissa ymp\u00e4rist\u00f6iss\u00e4.<\/p>\n<h3>2. Tehokas leikkausteho<\/h3>\n<p>Yhdell\u00e4 tehokkaalla ter\u00e4ll\u00e4 varustettu 9GD-2.5 varmistaa siistin ja tarkan leikkuun joka kerta. Ter\u00e4n muotoilu minimoi ruohon paakkuuntumisen ja parantaa leikkuutehokkuutta jopa tihe\u00e4ss\u00e4 kasvillisuudessa.<\/p>\n<h3>3. Parannettu kest\u00e4vyys<\/h3>\n<p>Kest\u00e4vist\u00e4 ja korkealaatuisista materiaaleista valmistettu ruohonleikkuri on suunniteltu kest\u00e4m\u00e4\u00e4n s\u00e4\u00e4nn\u00f6llisen kaupallisen k\u00e4yt\u00f6n vaatimukset. P\u00e4ivitetty versio sis\u00e4lt\u00e4\u00e4 parannettuja komponentteja pitk\u00e4ik\u00e4ist\u00e4 suorituskyky\u00e4 varten, mik\u00e4 v\u00e4hent\u00e4\u00e4 korjausten ja huollon tarvetta.<\/p>\n<h3>4. Helppo ohjattavuus<\/h3>\n<p>Tehokkaasta rakenteestaan \u200b\u200bhuolimatta 9GD-2.5 on eritt\u00e4in helposti ohjattava ergonomisen muotoilunsa ja k\u00e4ytt\u00e4j\u00e4yst\u00e4v\u00e4llisten hallintalaitteidensa ansiosta. T\u00e4m\u00e4 varmistaa helpon k\u00e4yt\u00f6n my\u00f6s pitki\u00e4 aikoja k\u00e4ytett\u00e4ess\u00e4 ja v\u00e4hent\u00e4\u00e4 v\u00e4symyst\u00e4 k\u00e4yt\u00f6n aikana.<\/p>\n<h3>5. Monipuolinen ja mukautuva<\/h3>\n<p>Hoiditpa sitten suuria tiluksia, julkisia puistoja tai golfkentti\u00e4, t\u00e4m\u00e4 ruohonleikkuri mukautuu erilaisiin ruohotyyppeihin ja maastoihin. Se pystyy k\u00e4sittelem\u00e4\u00e4n kaikkea paksusta, korkeasta ruohosta herkempiin nurmikkoihin, joten se on monipuolinen valinta ammattimaiseen nurmikonhoitoon.<\/p>\n<p style=\"text-align: center;\"><img loading=\"lazy\" decoding=\"async\" class=\"alignnone wp-image-346\" src=\"https:\/\/square-balers.com\/wp-content\/uploads\/2025\/12\/5-1.webp\" alt=\"Yksiter\u00e4inen ruohonleikkuri\" width=\"431\" height=\"431\" srcset=\"https:\/\/square-balers.com\/wp-content\/uploads\/2025\/12\/5-1.webp 259w, https:\/\/square-balers.com\/wp-content\/uploads\/2025\/12\/5-1-150x150.webp 150w, https:\/\/square-balers.com\/wp-content\/uploads\/2025\/12\/5-1-12x12.webp 12w, https:\/\/square-balers.com\/wp-content\/uploads\/2025\/12\/5-1-100x100.webp 100w\" sizes=\"(max-width: 431px) 100vw, 431px\" \/><\/p>\n<h2>N\u00e4in 9GD-2.5 -vetoinen yksiter\u00e4inen ruohonleikkuri toimii<\/h2>\n<p>9GD-2.5 k\u00e4ytt\u00e4\u00e4 tehokasta, vetovoimaista mekanismia hallinnan ja vakauden yll\u00e4pit\u00e4miseksi k\u00e4yt\u00f6n aikana. Ruohonleikkurin moottori k\u00e4ytt\u00e4\u00e4 yht\u00e4 leikkuuter\u00e4\u00e4, joka on optimoitu tehokkuutta ja tarkkuutta varten. Edistyksellinen vetoj\u00e4rjestelm\u00e4 on suunniteltu varmistamaan, ett\u00e4 leikkuri pysyy vakaana my\u00f6s vaikeilla rinteill\u00e4, tarjoten tasaisen leikkuutehon erilaisissa maastoissa. P\u00e4ivitetyss\u00e4 versiossa on edistyksellist\u00e4 tekniikkaa, joka tarjoaa tasaisemman k\u00e4sittelyn ja paremman kest\u00e4vyyden ammattitason nurmikonhoitoon.<\/p>\n<h2>Sopivat k\u00e4ytt\u00f6tapaukset<\/h2>\n<p>9GD-2.5 sopii erinomaisesti seuraaviin tilanteisiin:<\/p>\n<ul>\n<li><strong>Suuret kiinteist\u00f6n nurmikot:<\/strong> Ihanteellinen leveille nurmikoille, tarjoaa tasaisen leikkuun ja tehokkaan peiton.<\/li>\n<li><strong>Kaupallinen maisemointi:<\/strong> T\u00e4ydellinen ammattimaisille maisemasuunnittelijoille, jotka tarvitsevat luotettavaa laitteistoa suurten kiinteist\u00f6jen hallintaan.<\/li>\n<li><strong>Urheilukent\u00e4t:<\/strong> Varmistaa tarkan leikkauksen my\u00f6s haastavissa olosuhteissa, sopii jalkapallokentille ja muille urheilukentille.<\/li>\n<li><strong>Golfkent\u00e4t:<\/strong> Auttaa yll\u00e4pit\u00e4m\u00e4\u00e4n golfkenttien tarkkuutta ja suorituskyky\u00e4, mukaan lukien viheri\u00f6t ja v\u00e4yl\u00e4t.<\/li>\n<li><strong>Puistot ja virkistysalueet:<\/strong> Ensisijainen vaihtoehto julkisten tilojen yll\u00e4pitoon, joissa sek\u00e4 ulkon\u00e4k\u00f6 ett\u00e4 toimivuus ovat avainasemassa.<\/li>\n<li><strong>Maatalouden asetukset:<\/strong> Sopii hyvin ruohon tai maanpeitekasvien leikkaamiseen maaseudulla tai maatalousymp\u00e4rist\u00f6iss\u00e4, joissa muut ruohonleikkurit saattaisivat kamppailla.<\/li>\n<\/ul>\n<h2>Kuinka valita oikea 9GD-2.5 -vetoinen yksiter\u00e4inen ruohonleikkuri<\/h2>\n<p>Kun valitset ruohonleikkuria, ota huomioon seuraavat tekij\u00e4t:<\/p>\n<ul>\n<li><strong>Maasto:<\/strong> Arvioi maasto, jossa aiot k\u00e4ytt\u00e4\u00e4 ruohonleikkuria. Jos sinun on leikattava nurmikkoa jyrkill\u00e4 rinteill\u00e4, varmista, ett\u00e4 ruohonleikkurin pito on riitt\u00e4v\u00e4.<\/li>\n<li><strong>Ruohon tyyppi:<\/strong> Erilaiset ruohotyypit vaativat erilaisia \u200b\u200bleikkuumenetelmi\u00e4. 9GD-2.5 on riitt\u00e4v\u00e4n monipuolinen erilaisille ruohotyypeille, mutta on t\u00e4rke\u00e4\u00e4 sovittaa leikkuri omiin tarpeisiisi.<\/li>\n<li><strong>K\u00e4ytt\u00f6tiheys:<\/strong> Kaupallisiin sovelluksiin tai suurtaajuusk\u00e4ytt\u00f6\u00f6n valitse malli, jolla on parannettu kest\u00e4vyys ja helppohoitoisuus.<\/li>\n<li><strong>Leikkausleveys:<\/strong> Mieti leikattavien alueiden kokoa. Leve\u00e4mpi leikkuuter\u00e4 voi lyhent\u00e4\u00e4 suurten nurmikoiden tai peltojen leikkaamiseen tarvittavaa aikaa.<\/li>\n<li><strong>K\u00e4sittely ja mukavuus:<\/strong> Varmista, ett\u00e4 ruohonleikkurissa on ergonomiset hallintalaitteet helppok\u00e4ytt\u00f6isyytt\u00e4 varten pitki\u00e4 aikoja, varsinkin jos aiot k\u00e4ytt\u00e4\u00e4 sit\u00e4 usein.<\/li>\n<li><strong>Budjetti:<\/strong> Varmista, ett\u00e4 ruohonleikkuri sopii budjettiisi ja t\u00e4ytt\u00e4\u00e4 k\u00e4ytt\u00f6vaatimuksesi. 9GD-2.5 tarjoaa erinomaisen tasapainon suorituskyvyn ja edullisuuden v\u00e4lill\u00e4.<\/li>\n<\/ul>\n<p style=\"text-align: center;\"><img loading=\"lazy\" decoding=\"async\" class=\"alignnone wp-image-345\" src=\"https:\/\/square-balers.com\/wp-content\/uploads\/2025\/12\/4-1.webp\" alt=\"Yksiter\u00e4inen ruohonleikkuri\" width=\"441\" height=\"441\" srcset=\"https:\/\/square-balers.com\/wp-content\/uploads\/2025\/12\/4-1.webp 260w, https:\/\/square-balers.com\/wp-content\/uploads\/2025\/12\/4-1-150x150.webp 150w, https:\/\/square-balers.com\/wp-content\/uploads\/2025\/12\/4-1-12x12.webp 12w, https:\/\/square-balers.com\/wp-content\/uploads\/2025\/12\/4-1-100x100.webp 100w\" sizes=\"(max-width: 441px) 100vw, 441px\" \/><\/p>\n<h2>9GD-2.5 -vetoisen yksiter\u00e4isen ruohonleikkurin huoltovinkkej\u00e4<\/h2>\n<p>Asianmukainen huolto on ratkaisevan t\u00e4rke\u00e4\u00e4 sen varmistamiseksi, ett\u00e4 9GD-2.5-leikkurisi toimii tehokkaasti tulevina vuosina. Noudata n\u00e4it\u00e4 vinkkej\u00e4:<\/p>\n<ul>\n<li><strong>S\u00e4\u00e4nn\u00f6llinen puhdistus:<\/strong> Puhdista ruohonleikkuri jokaisen k\u00e4ytt\u00f6kerran j\u00e4lkeen roskista, ruohonleikkuuj\u00e4tteest\u00e4 tai kertyneest\u00e4 liasta.<\/li>\n<li><strong>Ter\u00e4n teroitus:<\/strong> Teroita leikkuuter\u00e4 s\u00e4\u00e4nn\u00f6llisesti, jotta se pysyy toiminnassa ja leikkuuj\u00e4lki on siisti. Tyls\u00e4t ter\u00e4t voivat vaikeuttaa leikkurin toimintaa ja johtaa ep\u00e4tasaiseen leikkuuj\u00e4lkeen.<\/li>\n<li><strong>Moottorin hoito:<\/strong> Pid\u00e4 moottori puhtaana ja hyvin voideltuna. Tarkista \u00f6ljym\u00e4\u00e4r\u00e4t s\u00e4\u00e4nn\u00f6llisesti ja vaihda \u00f6ljy tarvittaessa optimaalisen suorituskyvyn varmistamiseksi.<\/li>\n<li><strong>Tarkasta vetoj\u00e4rjestelm\u00e4:<\/strong> Varmista, ett\u00e4 vetoj\u00e4rjestelm\u00e4 toimii oikein, sill\u00e4 sill\u00e4 on t\u00e4rke\u00e4 rooli ruohonleikkurin kyvyss\u00e4 selviyty\u00e4 rinteist\u00e4 ja ep\u00e4tasaisesta maastosta.<\/li>\n<li><strong>S\u00e4ilytys:<\/strong> S\u00e4ilyt\u00e4 ruohonleikkuria kuivassa ja puhtaassa paikassa suojassa s\u00e4\u00e4lt\u00e4, kun sit\u00e4 ei k\u00e4ytet\u00e4. T\u00e4m\u00e4 pident\u00e4\u00e4 sen k\u00e4ytt\u00f6ik\u00e4\u00e4 ja est\u00e4\u00e4 tarpeetonta kulumista.<\/li>\n<\/ul>\n<h2>Asiakasarvostelut<\/h2>\n<p>T\u00e4ss\u00e4 on joitakin arvosteluja asiakkailta ymp\u00e4ri maailmaa:<\/p>\n<p>\u201dOlen k\u00e4ytt\u00e4nyt 9GD-2.5-leikkuria maisemointiyrityksess\u00e4ni muutaman kuukauden ajan, ja olen eritt\u00e4in vaikuttunut sen suorituskyvyst\u00e4. Se selviytyy rinteist\u00e4 ja ep\u00e4tasaisesta maastosta helposti, mik\u00e4 oli vanhan ruohonleikkurini ongelma. Se on tehokas, luotettava ja tulokset ovat aina t\u00e4ydellisi\u00e4.\u201d<\/p>\n<p><strong>\u2013 John, Yhdysvallat<\/strong><\/p>\n<p>\u201dGolfkent\u00e4n kunnossapitop\u00e4\u00e4llikk\u00f6n\u00e4 olen kokeillut useita ruohonleikkureita, mutta yksik\u00e4\u00e4n ei ole ved\u00e4 vertoja 9GD-2.5:n tehokkuudelle ja pidolle. Se antaa viheri\u00f6illemme tasaisen ja yhdenmukaisen leikkuun joka kerta. Joka pennin arvoinen.\u201d<\/p>\n<p><strong>\u2013 Lisa, Iso-Britannia<\/strong><\/p>\n<p>\u201dK\u00e4yt\u00e4mme t\u00e4t\u00e4 ruohonleikkuria julkisten puistojen kunnossapitoon, ja se on s\u00e4\u00e4st\u00e4nyt meilt\u00e4 paljon aikaa. Kest\u00e4vyys on erinomainen, ja se toimii hyvin my\u00f6s raskaan k\u00e4yt\u00f6n j\u00e4lkeen. Suosittelen l\u00e4mpim\u00e4sti kaikille, jotka hoitavat suuria alueita.\u201d<\/p>\n<p><strong>\u2013 Mark, Kanada<\/strong><\/p>\n<p>\u201dHallin suurta maatilaa, ja t\u00e4m\u00e4 ruohonleikkuri on mullistanut kaiken. Sit\u00e4 on niin helppo k\u00e4sitell\u00e4, ja leikkuuj\u00e4lki on aina siisti\u00e4 ja ammattimaista. Olen eritt\u00e4in tyytyv\u00e4inen ostokseeni.\u201d<\/p>\n<p><strong>\u2013 Anna, Australia<\/strong><\/p>\n<p>\u201dT\u00e4m\u00e4 ruohonleikkuri on loistava maatalouteen. Se k\u00e4sittelee paksua ruohoa vaivattomasti ja on helppo huoltaa. Suorituskyky on erinomainen, ja voin sanoa, ett\u00e4 se kest\u00e4\u00e4 pitk\u00e4\u00e4n.\u201d<\/p>\n<p><strong>\u2013 Michael, Saksa<\/strong><\/p>\n<p style=\"text-align: center;\"><img loading=\"lazy\" decoding=\"async\" class=\"alignnone wp-image-344\" src=\"https:\/\/square-balers.com\/wp-content\/uploads\/2025\/12\/3-1.webp\" alt=\"\" width=\"420\" height=\"420\" srcset=\"https:\/\/square-balers.com\/wp-content\/uploads\/2025\/12\/3-1.webp 246w, https:\/\/square-balers.com\/wp-content\/uploads\/2025\/12\/3-1-150x150.webp 150w, https:\/\/square-balers.com\/wp-content\/uploads\/2025\/12\/3-1-12x12.webp 12w, https:\/\/square-balers.com\/wp-content\/uploads\/2025\/12\/3-1-100x100.webp 100w\" sizes=\"(max-width: 420px) 100vw, 420px\" \/><\/p>\n<h2>Miksi valita tuotteemme<\/h2>\n<p>Tarjoamme nopeita r\u00e4\u00e4t\u00e4l\u00f6intipalveluita vastataksemme erityistarpeisiisi varmistaen, ett\u00e4 saat tuotteen, joka t\u00e4ytt\u00e4\u00e4 vaatimuksesi. Kolmen vuoden takuun ja huippuluokan j\u00e4lkimarkkinointituen ansiosta tarjoamme huolettoman kokemuksen. Nopea maailmanlaajuinen toimituksemme varmistaa, ett\u00e4 tilauksesi toimitetaan ajoissa sijainnistasi riippumatta. Laaja tuotevalikoimamme sis\u00e4lt\u00e4\u00e4 my\u00f6s muita ostostasi t\u00e4ydent\u00e4vi\u00e4 lis\u00e4varusteita ja laitteita.<\/p>\n<h2>Mainosta 9GD-2.5 -vetoyksiter\u00e4ist\u00e4 ruohonleikkuria<\/h2>\n<p>\u00c4l\u00e4 missaa tilaisuutta p\u00e4ivitt\u00e4\u00e4 nurmikonhoitolaitteitasi 9GD-2.5 -vetoisella yksiter\u00e4isell\u00e4 ruohonleikkurilla (p\u00e4ivitetty versio). Valmistuskykymme, poikkeuksellisen tuotelaadun, kilpailukykyisten hintojemme ja erinomaisen asiakaspalvelumme ansiosta varmistamme, ett\u00e4 saat parhaan vastineen investoinnillesi. Lis\u00e4ksi tarjoamme laajan valikoiman lis\u00e4varusteita ja muita tuotteita kaikkiin nurmikonhoitotarpeisiisi. Ota yhteytt\u00e4 jo t\u00e4n\u00e4\u00e4n, niin saat lis\u00e4tietoja ja voit tehd\u00e4 tilauksen!<\/p>\n<h2>Usein kysytyt kysymykset<\/h2>\n<p><strong>Mik\u00e4 on 9GD-2.5 -vetoisen yksiter\u00e4isen ruohonleikkurin (p\u00e4ivitetty versio) leikkuuleveys?<\/strong><\/p>\n<p>9GD-2.5:n leikkuuleveys on 2,5 metri\u00e4, mik\u00e4 mahdollistaa suurten alueiden tehokkaan ja nopean leikkaamisen ja v\u00e4hent\u00e4\u00e4 tarvittavien ajokertojen m\u00e4\u00e4r\u00e4\u00e4 leveill\u00e4 nurmikoilla tai pelloilla. T\u00e4m\u00e4 leikkuuleveys tekee siit\u00e4 ihanteellisen sek\u00e4 kaupallisille ett\u00e4 suurille asuinkiinteist\u00f6ille.<\/p>\n<p><strong>Miten vetoj\u00e4rjestelm\u00e4 toimii 9GD-2.5-leikkurissa?<\/strong><\/p>\n<p>9GD-2.5:n vetoj\u00e4rjestelm\u00e4 toimii v\u00e4litt\u00e4m\u00e4ll\u00e4 tasaista tehoa takapy\u00f6rille, mik\u00e4 varmistaa vakauden ja hallinnan leikattaessa ep\u00e4tasaisilla pinnoilla tai jyrkill\u00e4 rinteill\u00e4. P\u00e4ivitetty versio tarjoaa parannetun pidon ja erinomaisen suorituskyvyn haastavassa maastossa, joten se sopii t\u00e4ydellisesti k\u00e4ytett\u00e4v\u00e4ksi golfkentill\u00e4, puistoissa ja muilla suurilla tonteilla.<\/p>\n<p><strong>Voinko k\u00e4ytt\u00e4\u00e4 9GD-2.5-leikkuria m\u00e4r\u00e4n ruohon leikkaamiseen?<\/strong><\/p>\n<p>Vaikka 9GD-2.5 toimii hyvin useimmissa olosuhteissa, m\u00e4r\u00e4n ruohon leikkaamista ei suositella optimaalisen suorituskyvyn saavuttamiseksi. M\u00e4rk\u00e4 ruoho voi tukkia leikkurin, mik\u00e4 vaikuttaa leikkuutehokkuuteen ja mahdollisesti vahingoittaa ter\u00e4\u00e4. Parhaan tuloksen saavuttamiseksi leikkaa nurmikko, kun ruoho on kuivaa tai hieman kosteaa.<\/p>\n<p><strong>Mik\u00e4 on 9GD-2.5 -vetoisen yksiter\u00e4isen ruohonleikkurin takuuaika?<\/strong><\/p>\n<p>9GD-2.5:ll\u00e4 on kolmen vuoden takuu, mik\u00e4 varmistaa, ett\u00e4 voit k\u00e4ytt\u00e4\u00e4 ruohonleikkuria mielenrauhalla. T\u00e4n\u00e4 aikana mahdolliset valmistusvirheet korjataan ja tarvittaessa toimitetaan varaosia, joten se on loistava sijoitus pitk\u00e4aikaisiin nurmikonhoitoratkaisuihin.<\/p>\n<p><strong>Miten huollan 9GD-2.5-ruohonleikkuria optimaalisen suorituskyvyn varmistamiseksi?<\/strong><\/p>\n<p>9GD-2.5:n huolto on yksinkertaista ja vaatii s\u00e4\u00e4nn\u00f6llisi\u00e4 teht\u00e4vi\u00e4, kuten ruohonleikkurin puhdistamisen k\u00e4yt\u00f6n j\u00e4lkeen, ter\u00e4n teroituksen 25\u201330 k\u00e4ytt\u00f6tunnin v\u00e4lein sek\u00e4 \u00f6ljyn ja vetoj\u00e4rjestelm\u00e4n tarkistamisen. Asianmukainen huolto varmistaa, ett\u00e4 ruohonleikkuri pysyy huippukunnossa ja tarjoaa luotettavaa suorituskyky\u00e4 vuosia.<\/p>\n<p><strong>Voinko k\u00e4ytt\u00e4\u00e4 9GD-2.5-leikkuria m\u00e4kisess\u00e4 tai ep\u00e4tasaisessa maastossa?<\/strong><\/p>\n<p>Kyll\u00e4, 9GD-2.5 on suunniteltu erityisesti k\u00e4ytett\u00e4v\u00e4ksi m\u00e4kisess\u00e4 tai ep\u00e4tasaisessa maastossa. Sen p\u00e4ivitetty vetoj\u00e4rjestelm\u00e4 tarjoaa paremman vakauden ja pidon, mink\u00e4 ansiosta se selviytyy helposti rinteist\u00e4 ja haastavista maasto-olosuhteista leikkuutehosta tinkim\u00e4tt\u00e4.<\/p>\n<p><strong>Mink\u00e4 tyyppisi\u00e4 ruohoja 9GD-2.5 pystyy k\u00e4sittelem\u00e4\u00e4n?<\/strong><\/p>\n<p>9GD-2.5 sopii useille erilaisille nurmikoille tihe\u00e4st\u00e4 ja paksusta ruohosta hienoon ja herkk\u00e4\u00e4n lajikkeeseen. Sen tehokas yksiter\u00e4inen leikkuuj\u00e4rjestelm\u00e4 varmistaa tasaisen ja siistin leikkauksen erilaisissa nurmikko-olosuhteissa, joten se sopii erinomaisesti golfkentille, urheilukentille ja kaupalliseen maisemointiin.<\/p>\n<p><strong>Onko 9GD-2.5-ruohonleikkuria helppo k\u00e4sitell\u00e4?<\/strong><\/p>\n<p>Suuresta koostaan \u200b\u200bja tehokkaasta rakenteestaan \u200b\u200bhuolimatta 9GD-2.5 on yll\u00e4tt\u00e4v\u00e4n helppo ohjata. Kahvojen ergonominen muotoilu yhdistettyn\u00e4 edistyneeseen vetoj\u00e4rjestelm\u00e4\u00e4n mahdollistaa tarkan hallinnan my\u00f6s pitk\u00e4aikaisessa k\u00e4yt\u00f6ss\u00e4. Se on suunniteltu minimoimaan k\u00e4ytt\u00e4j\u00e4n v\u00e4symyst\u00e4 ja maksimoimaan tehokkuuden.<\/p>\n<p><strong>Millaista huoltoa 9GD-2.5 vaatii sesongin ulkopuolella?<\/strong><\/p>\n<p>Varmista, ett\u00e4 ruohonleikkuri s\u00e4ilytet\u00e4\u00e4n sesongin ulkopuolella kuivassa ja puhtaassa paikassa. Suorita perushuolto, kuten ter\u00e4n kulumisen tarkistaminen ja teroitus tarvittaessa. On my\u00f6s t\u00e4rke\u00e4\u00e4 tarkistaa moottori\u00f6ljy ja puhdistaa ruohonleikkurin osiin mahdollisesti kertynyt ruohonj\u00e4\u00e4nn\u00f6s tai lika.<\/p>\n<p><strong>Kuinka nopeasti 9GD-2.5 leikkaa suuria nurmikoita tai peltoja?<\/strong><\/p>\n<p>9GD-2.5 kattaa nopeasti laajat alueet 2,5 metrin leikkuuleveytens\u00e4 ansiosta. Ammattimaisiin maisemointit\u00f6ihin tai suurille asuinalueiden nurmikoille se tarjoaa tehokkaan ratkaisun, joka lyhent\u00e4\u00e4 leikkuuaikaa ja varmistaa silti korkealaatuisen leikkuun.<\/p>\n<p><strong>Pystyyk\u00f6 9GD-2.5 leikkaamaan eri ruohonkorkeuksia tehokkaasti?<\/strong><\/p>\n<p>Kyll\u00e4, 9GD-2.5 on varustettu s\u00e4\u00e4dett\u00e4v\u00e4ll\u00e4 leikkuukorkeudella, joten se pystyy leikkaamaan erikokoisia nurmikoita. Leikkasitpa sitten lyhytt\u00e4, siististi leikattua nurmikkoa tai korkeita, ylikasvaneita alueita, leikkuri tarjoaa siistin ja tarkan leikkauksen, joka sopii erityyppisille nurmikoille ja hoitotarpeille.<\/p>\n<p><strong>Mitk\u00e4 ovat 9GD-2.5-leikkurin p\u00e4ivitetyn version t\u00e4rkeimm\u00e4t ominaisuudet?<\/strong><\/p>\n<p>9GD-2.5:n p\u00e4ivitetyss\u00e4 versiossa on useita parannuksia, kuten vankempi vetoj\u00e4rjestelm\u00e4, parannettu ter\u00e4n muotoilu tasaisempaan leikkaukseen ja vahvemmat rakennemateriaalit kest\u00e4vyyden parantamiseksi. N\u00e4m\u00e4 parannukset takaavat tehokkaamman ja pitk\u00e4ik\u00e4isemm\u00e4n leikkuukokemuksen my\u00f6s vaativissa olosuhteissa.<\/p>\n<p><strong>Kuinka kauan 9GD-2.5-ruohonleikkuri kest\u00e4\u00e4 s\u00e4\u00e4nn\u00f6llisess\u00e4 k\u00e4yt\u00f6ss\u00e4?<\/strong><\/p>\n<p>Asianmukaisella huollolla 9GD-2.5 voi kest\u00e4\u00e4 useita vuosia. Sen korkealaatuiset materiaalit, kuten kest\u00e4v\u00e4t metallikomponentit ja vahva moottori, on suunniteltu kest\u00e4m\u00e4\u00e4n s\u00e4\u00e4nn\u00f6llist\u00e4 k\u00e4ytt\u00f6\u00e4. S\u00e4\u00e4nn\u00f6llinen huolto, kuten \u00f6ljynvaihto ja ter\u00e4n teroitus, voi pident\u00e4\u00e4 sen k\u00e4ytt\u00f6ik\u00e4\u00e4 merkitt\u00e4v\u00e4sti.<\/p>\n<p><strong>Vaatiiko 9GD-2.5:n k\u00e4ytt\u00f6 erityiskoulutusta?<\/strong><\/p>\n<p>9GD-2.5 on suunniteltu k\u00e4ytt\u00e4j\u00e4yst\u00e4v\u00e4lliseksi, ja siin\u00e4 on intuitiiviset s\u00e4\u00e4timet ja ergonominen muotoilu. Vaikka erityiskoulutusta ei tarvita, on t\u00e4rke\u00e4\u00e4 lukea k\u00e4ytt\u00f6ohje huolellisesti turvallisen ja tehokkaan k\u00e4yt\u00f6n varmistamiseksi, erityisesti niille, jotka eiv\u00e4t ole tottuneet ammattimaisiin ruohonleikkureihin.<\/p>\n<p><strong>Voinko ostaa varaosia 9GD-2.5-leikkuriin?<\/strong><\/p>\n<p>Kyll\u00e4, 9GD-2.5-mallin varaosia on helposti saatavilla. N\u00e4m\u00e4 osat voi tilata suoraan huolto-osastoltamme yhteensopivuuden ja suorituskyvyn varmistamiseksi. Osien, kuten leikkuuter\u00e4n, vetopy\u00f6rien ja suodattimien, s\u00e4\u00e4nn\u00f6llinen vaihto varmistaa, ett\u00e4 ruohonleikkuri toimii edelleen optimaalisesti.<\/p>\n<p>gzl:n muokkaama<\/p>","protected":false},"excerpt":{"rendered":"<p>Esittelyss\u00e4 9GD-2.5 -vetoinen yksiter\u00e4inen ruohonleikkuri (p\u00e4ivitetty versio), joka on suunniteltu tarkkaa, tehokasta ja kest\u00e4v\u00e4\u00e4 ruohoa ajatellen. T\u00e4ss\u00e4 edistyneess\u00e4 ruohonleikkurissa on yksiter\u00e4inen rakenne, joka leikkaa siististi ja tasaisesti kaikenlaisia \u200b\u200bnurmikoita varmistaen ammattimaisen lopputuloksen joka kerta. Parannetun pidon ja kest\u00e4vyyden ansiosta se toimii sujuvasti my\u00f6s haastavissa maastoissa, joten se sopii t\u00e4ydellisesti sek\u00e4 asuin- ett\u00e4 kaupalliseen maisemointiin. P\u00e4ivitetty versio tarjoaa enemm\u00e4n tehoa, v\u00e4hemm\u00e4n huoltoa ja k\u00e4ytt\u00e4j\u00e4yst\u00e4v\u00e4llisi\u00e4 hallintalaitteita, joten se on ihanteellinen valinta niille, jotka etsiv\u00e4t luotettavaa suorituskyky\u00e4 ja helppok\u00e4ytt\u00f6isyytt\u00e4. Leikkaatpa sitten suuria nurmikoita tai monimutkaisia \u200b\u200bmaisemia, 9GD-2.5 -vetoinen ruohonleikkuri on oikea valinta virheett\u00f6mien tulosten saavuttamiseen. Nosta leikkuukokemustasi ja tehosta tuottavuuttasi \u2013 tutustu etuihin jo t\u00e4n\u00e4\u00e4n!<\/p>","protected":false},"featured_media":347,"template":"","meta":{"_et_pb_use_builder":"","_et_pb_old_content":"","_et_gb_content_width":""},"product_brand":[],"product_cat":[23],"product_tag":[],"class_list":{"0":"post-343","1":"product","2":"type-product","3":"status-publish","4":"has-post-thumbnail","6":"product_cat-mower-tedder","8":"first","9":"instock","10":"shipping-taxable","11":"product-type-simple"},"_links":{"self":[{"href":"https:\/\/square-balers.com\/fi\/wp-json\/wp\/v2\/product\/343","targetHints":{"allow":["GET"]}}],"collection":[{"href":"https:\/\/square-balers.com\/fi\/wp-json\/wp\/v2\/product"}],"about":[{"href":"https:\/\/square-balers.com\/fi\/wp-json\/wp\/v2\/types\/product"}],"wp:featuredmedia":[{"embeddable":true,"href":"https:\/\/square-balers.com\/fi\/wp-json\/wp\/v2\/media\/347"}],"wp:attachment":[{"href":"https:\/\/square-balers.com\/fi\/wp-json\/wp\/v2\/media?parent=343"}],"wp:term":[{"taxonomy":"product_brand","embeddable":true,"href":"https:\/\/square-balers.com\/fi\/wp-json\/wp\/v2\/product_brand?post=343"},{"taxonomy":"product_cat","embeddable":true,"href":"https:\/\/square-balers.com\/fi\/wp-json\/wp\/v2\/product_cat?post=343"},{"taxonomy":"product_tag","embeddable":true,"href":"https:\/\/square-balers.com\/fi\/wp-json\/wp\/v2\/product_tag?post=343"}],"curies":[{"name":"wp","href":"https:\/\/api.w.org\/{rel}","templated":true}]}}