{"id":362,"date":"2025-12-16T07:51:50","date_gmt":"2025-12-16T07:51:50","guid":{"rendered":"https:\/\/square-balers.com\/?post_type=product&#038;p=362"},"modified":"2025-12-18T02:59:20","modified_gmt":"2025-12-18T02:59:20","slug":"9yg-1-25a-pyoropaalain","status":"publish","type":"product","link":"https:\/\/square-balers.com\/fi\/tuote\/9yg-1-25a-pyoropaalain\/","title":{"rendered":"9YG-1.25A py\u00f6r\u00f6paalain"},"content":{"rendered":"<p>9YG-1.25A -py\u00f6r\u00f6paalain on innovatiivinen maatalousty\u00f6kalu, joka on suunniteltu ker\u00e4\u00e4m\u00e4\u00e4n ja tiivist\u00e4m\u00e4\u00e4n tehokkaasti maatalousj\u00e4tteit\u00e4, kuten hein\u00e4\u00e4, olkea ja s\u00e4il\u00f6rehua, kompakteiksi py\u00f6r\u00f6paaleiksi. T\u00e4m\u00e4 kone on ihanteellinen maanviljelij\u00f6ille, jotka etsiv\u00e4t luotettavaa ratkaisua laajamittaisen maataloustuotannon hallintaan. Edistyksellisen teknologian ja vankan rakenteensa ansiosta se tarjoaa sek\u00e4 kest\u00e4vyytt\u00e4 ett\u00e4 helppok\u00e4ytt\u00f6isyytt\u00e4, mik\u00e4 tekee siit\u00e4 luotettavan valinnan nykyaikaisen maatalouden tarpeisiin.<\/p>\n<h2>Tekniset tiedot<\/h2>\n<table style=\"height: 540px;\">\n<thead>\n<tr style=\"height: 18px;\">\n<th style=\"width: 26.5234px; height: 18px;\">Ei.<\/th>\n<th style=\"width: 200px; height: 18px;\">Tuote<\/th>\n<th style=\"width: 53px; height: 18px;\">Yksikk\u00f6<\/th>\n<th style=\"width: 150px; height: 18px;\">Tekniset tiedot<\/th>\n<\/tr>\n<\/thead>\n<tbody>\n<tr style=\"height: 18px;\">\n<td style=\"width: 26.5234px; height: 18px;\">1<\/td>\n<td style=\"width: 200px; height: 18px;\">Mallin nimi<\/td>\n<td style=\"width: 53px; height: 18px;\">\/<\/td>\n<td style=\"width: 150px; height: 18px;\">9YG-1.25A py\u00f6r\u00f6paalain<\/td>\n<\/tr>\n<tr style=\"height: 18px;\">\n<td style=\"width: 26.5234px; height: 18px;\">2<\/td>\n<td style=\"width: 200px; height: 18px;\">Kiinnitysmenetelm\u00e4<\/td>\n<td style=\"width: 53px; height: 18px;\">\/<\/td>\n<td style=\"width: 150px; height: 18px;\">Vetotyyppi<\/td>\n<\/tr>\n<tr style=\"height: 18px;\">\n<td style=\"width: 26.5234px; height: 18px;\">3<\/td>\n<td style=\"width: 200px; height: 18px;\">Ker\u00e4ilyleveys<\/td>\n<td style=\"width: 53px; height: 18px;\">mm<\/td>\n<td style=\"width: 150px; height: 18px;\">2150<\/td>\n<\/tr>\n<tr style=\"height: 18px;\">\n<td style=\"width: 26.5234px; height: 18px;\">4<\/td>\n<td style=\"width: 200px; height: 18px;\">Poimijan rakennetyyppi<\/td>\n<td style=\"width: 53px; height: 18px;\">\/<\/td>\n<td style=\"width: 150px; height: 18px;\">Jousihampaiden tyyppi<\/td>\n<\/tr>\n<tr style=\"height: 36px;\">\n<td style=\"width: 26.5234px; height: 36px;\">5<\/td>\n<td style=\"width: 200px; height: 36px;\">Sy\u00f6tt\u00f6laitteen rakennetyyppi<\/td>\n<td style=\"width: 53px; height: 36px;\">\/<\/td>\n<td style=\"width: 150px; height: 36px;\">Sormipy\u00f6r\u00e4 + rullatyyppi<\/td>\n<\/tr>\n<tr style=\"height: 36px;\">\n<td style=\"width: 26.5234px; height: 36px;\">6<\/td>\n<td style=\"width: 200px; height: 36px;\">Puristuskammiopaalaimen rakennetyyppi<\/td>\n<td style=\"width: 53px; height: 36px;\">\/<\/td>\n<td style=\"width: 150px; height: 36px;\">Rullan tyyppi<\/td>\n<\/tr>\n<tr style=\"height: 36px;\">\n<td style=\"width: 26.5234px; height: 36px;\">7<\/td>\n<td style=\"width: 200px; height: 36px;\">Puristuskammion leveys<\/td>\n<td style=\"width: 53px; height: 36px;\">mm<\/td>\n<td style=\"width: 150px; height: 36px;\">1250<\/td>\n<\/tr>\n<tr style=\"height: 36px;\">\n<td style=\"width: 26.5234px; height: 36px;\">8<\/td>\n<td style=\"width: 200px; height: 36px;\">Puristuskammion halkaisija<\/td>\n<td style=\"width: 53px; height: 36px;\">mm<\/td>\n<td style=\"width: 150px; height: 36px;\">\u03a61200<\/td>\n<\/tr>\n<tr style=\"height: 36px;\">\n<td style=\"width: 26.5234px; height: 36px;\">9<\/td>\n<td style=\"width: 200px; height: 36px;\">Liukuvia ty\u00f6komponentteja<\/td>\n<td style=\"width: 53px; height: 36px;\">kpl<\/td>\n<td style=\"width: 150px; height: 36px;\">18 (Rullat)<\/td>\n<\/tr>\n<tr style=\"height: 18px;\">\n<td style=\"width: 26.5234px; height: 18px;\">10<\/td>\n<td style=\"width: 200px; height: 18px;\">Vierint\u00e4rullan halkaisija<\/td>\n<td style=\"width: 53px; height: 18px;\">mm<\/td>\n<td style=\"width: 150px; height: 18px;\">\u03a6222<\/td>\n<\/tr>\n<tr style=\"height: 18px;\">\n<td style=\"width: 26.5234px; height: 18px;\">11<\/td>\n<td style=\"width: 200px; height: 18px;\">Paalausmenetelm\u00e4<\/td>\n<td style=\"width: 53px; height: 18px;\">\/<\/td>\n<td style=\"width: 150px; height: 18px;\">Verkkosidonta<\/td>\n<\/tr>\n<tr style=\"height: 18px;\">\n<td style=\"width: 26.5234px; height: 18px;\">12<\/td>\n<td style=\"width: 200px; height: 18px;\">Vastaava voima<\/td>\n<td style=\"width: 53px; height: 18px;\">kW<\/td>\n<td style=\"width: 150px; height: 18px;\">\u226575<\/td>\n<\/tr>\n<tr style=\"height: 18px;\">\n<td style=\"width: 26.5234px; height: 18px;\">13<\/td>\n<td style=\"width: 200px; height: 18px;\">Rakenteellinen massa<\/td>\n<td style=\"width: 53px; height: 18px;\">kg<\/td>\n<td style=\"width: 150px; height: 18px;\">4472<\/td>\n<\/tr>\n<tr style=\"height: 18px;\">\n<td style=\"width: 26.5234px; height: 18px;\">14<\/td>\n<td style=\"width: 200px; height: 18px;\">Voimanottoakselin nopeus<\/td>\n<td style=\"width: 53px; height: 18px;\">kierrosta minuutissa<\/td>\n<td style=\"width: 150px; height: 18px;\">540-1000<\/td>\n<\/tr>\n<tr style=\"height: 36px;\">\n<td style=\"width: 26.5234px; height: 36px;\">15<\/td>\n<td style=\"width: 200px; height: 36px;\">Kokonaismitat (k\u00e4ytt\u00f6tilassa, P \u00d7 L \u00d7 K)<\/td>\n<td style=\"width: 53px; height: 36px;\">mm<\/td>\n<td style=\"width: 150px; height: 36px;\">4400 \u00d7 2850 \u00d7 2400<\/td>\n<\/tr>\n<tr style=\"height: 18px;\">\n<td style=\"width: 26.5234px; height: 18px;\">16<\/td>\n<td style=\"width: 200px; height: 18px;\">Paalin tiheyden s\u00e4\u00e4t\u00f6<\/td>\n<td style=\"width: 53px; height: 18px;\">\/<\/td>\n<td style=\"width: 150px; height: 18px;\">Anturiohjaus<\/td>\n<\/tr>\n<tr style=\"height: 18px;\">\n<td style=\"width: 26.5234px; height: 18px;\">17<\/td>\n<td style=\"width: 200px; height: 18px;\">Paalin koko (halkaisija \u00d7 leveys)<\/td>\n<td style=\"width: 53px; height: 18px;\">mm<\/td>\n<td style=\"width: 150px; height: 18px;\">\u03a61300 \u00d7 1250<\/td>\n<\/tr>\n<tr style=\"height: 18px;\">\n<td style=\"width: 26.5234px; height: 18px;\">18<\/td>\n<td style=\"width: 200px; height: 18px;\">Paalitiheys<\/td>\n<td style=\"width: 53px; height: 18px;\">Kg\/m\u00b3<\/td>\n<td style=\"width: 150px; height: 18px;\">100-200<\/td>\n<\/tr>\n<tr style=\"height: 18px;\">\n<td style=\"width: 26.5234px; height: 18px;\">19<\/td>\n<td style=\"width: 200px; height: 18px;\">Tuottavuus<\/td>\n<td style=\"width: 53px; height: 18px;\">paalia\/h<\/td>\n<td style=\"width: 150px; height: 18px;\">40~100<\/td>\n<\/tr>\n<tr style=\"height: 18px;\">\n<td style=\"width: 26.5234px; height: 18px;\">20<\/td>\n<td style=\"width: 200px; height: 18px;\">Py\u00f6r\u00e4nj\u00e4lki<\/td>\n<td style=\"width: 53px; height: 18px;\">mm<\/td>\n<td style=\"width: 150px; height: 18px;\">2450<\/td>\n<\/tr>\n<tr style=\"height: 18px;\">\n<td style=\"width: 26.5234px; height: 18px;\">21<\/td>\n<td style=\"width: 200px; height: 18px;\">K\u00e4ytt\u00f6nopeus<\/td>\n<td style=\"width: 53px; height: 18px;\">km\/h<\/td>\n<td style=\"width: 150px; height: 18px;\">5-35<\/td>\n<\/tr>\n<tr style=\"height: 36px;\">\n<td style=\"width: 26.5234px; height: 36px;\">22<\/td>\n<td style=\"width: 200px; height: 36px;\">Paaliverkon tiedot (pituus \u00d7 leveys)<\/td>\n<td style=\"width: 53px; height: 36px;\">\/<\/td>\n<td style=\"width: 150px; height: 36px;\">2000 \u00d7 1,25 \u7eeb? \/paali<\/td>\n<\/tr>\n<\/tbody>\n<\/table>\n<p><img loading=\"lazy\" decoding=\"async\" class=\"alignnone size-medium wp-image-363 aligncenter\" src=\"https:\/\/square-balers.com\/wp-content\/uploads\/2025\/12\/EP-9YG-1.25A-Round-Baler-1-1-1-1-300x300.webp\" alt=\"Py\u00f6r\u00f6paalain\" width=\"300\" height=\"300\" \/><\/p>\n<h2>Tuotteen m\u00e4\u00e4ritelm\u00e4<\/h2>\n<p>9YG-1.25A -py\u00f6r\u00f6paalain on tehokas maatalouskone, joka on suunniteltu luomaan kompakteja py\u00f6r\u00f6paaleja erilaisista kasvij\u00e4tteist\u00e4. Laite on varustettu moderneilla ominaisuuksilla, jotka parantavat toiminnan tehokkuutta, kuten automaattisella sy\u00f6tt\u00f6j\u00e4rjestelm\u00e4ll\u00e4, kest\u00e4vill\u00e4 osilla ja helppok\u00e4ytt\u00f6isell\u00e4 k\u00e4ytt\u00f6liittym\u00e4ll\u00e4.<\/p>\n<h2>Ongelmat, joita se ratkaisee ja k\u00e4ytt\u00e4\u00e4<\/h2>\n<p>9YG-1.25A -py\u00f6r\u00f6paalain on suunniteltu erityisesti vastaamaan nykyaikaisten maanviljelij\u00f6iden kohtaamiin haasteisiin. Se v\u00e4hent\u00e4\u00e4 merkitt\u00e4v\u00e4sti hein\u00e4n paalaamiseen tarvittavaa ty\u00f6voimaa ja aikaa sek\u00e4 parantaa samalla maatalousmateriaalien varastointi- ja kuljetustehokkuutta. T\u00e4m\u00e4 tuote sopii erinomaisesti laajamittaiseen hein\u00e4n ja oljen tuotantoon, sill\u00e4 se parantaa tuottavuutta ja v\u00e4hent\u00e4\u00e4 kokonaiskustannuksia.<\/p>\n<h2>9YG-1.25A-py\u00f6r\u00f6paalaimen edut<\/h2>\n<ul>\n<li><strong>Parannettu tehokkuus:<\/strong> Kone toimii nopealla paalainj\u00e4rjestelm\u00e4ll\u00e4, joka varmistaa nopean k\u00e4sittelyn ja antaa k\u00e4ytt\u00e4jille mahdollisuuden k\u00e4sitell\u00e4 suuremman alueen lyhyemm\u00e4ss\u00e4 ajassa.<\/li>\n<li><strong>Kest\u00e4v\u00e4 rakenne:<\/strong> Korkealaatuisista materiaaleista valmistettu paalain on suunniteltu kest\u00e4m\u00e4\u00e4n vaativia ty\u00f6olosuhteita ja varmistamaan pitk\u00e4ik\u00e4isyyden intensiivisess\u00e4 k\u00e4yt\u00f6ss\u00e4.<\/li>\n<li><strong>Kustannustehokas:<\/strong> 9YG-1.25A alentaa ty\u00f6voimakustannuksia ja parantaa polttoainetehokkuutta, mik\u00e4 tekee siit\u00e4 eritt\u00e4in kustannustehokkaan ratkaisun suurille maatiloille.<\/li>\n<li><strong>Helppo k\u00e4ytt\u00e4\u00e4:<\/strong> K\u00e4ytt\u00e4j\u00e4yst\u00e4v\u00e4llisen k\u00e4ytt\u00f6liittym\u00e4n ja automaattisen sy\u00f6tt\u00f6mekanismin ansiosta paalain on helppok\u00e4ytt\u00f6inen jopa kokemattomille k\u00e4ytt\u00e4jille.<\/li>\n<li><strong>Ymp\u00e4rist\u00f6hy\u00f6dyt:<\/strong> Puristamalla kasvij\u00e4tteet paaleiksi kone v\u00e4hent\u00e4\u00e4 j\u00e4tett\u00e4 ja edist\u00e4\u00e4 tehokkaampaa maank\u00e4ytt\u00f6\u00e4 ja j\u00e4tteenk\u00e4sittely\u00e4 maataloustoiminnassa.<\/li>\n<\/ul>\n<h2>9YG-1.25A-py\u00f6r\u00f6paalaimen toimintaperiaate<\/h2>\n<p>9YG-1.25A-py\u00f6r\u00f6paalain k\u00e4ytt\u00e4\u00e4 py\u00f6rivi\u00e4 teloja ja automaattista sy\u00f6tt\u00f6j\u00e4rjestelm\u00e4\u00e4 maatalousmateriaalien py\u00f6reiden paalien ker\u00e4\u00e4miseen, puristamiseen ja muodostamiseen. Koneen automaattinen sy\u00f6tt\u00f6j\u00e4rjestelm\u00e4 varmistaa jatkuvan toiminnan, kun taas puristuskammio varmistaa, ett\u00e4 paalit pakataan tiiviisti, mik\u00e4 v\u00e4hent\u00e4\u00e4 tilavuutta ja helpottaa niiden k\u00e4sittely\u00e4, varastointia ja kuljetusta. Lis\u00e4ksi paalaimen hydrauliikkaj\u00e4rjestelm\u00e4 tarjoaa tarkan ohjauksen, mik\u00e4 parantaa koneen kokonaistehokkuutta.<\/p>\n<h2>9YG-1.25A-py\u00f6r\u00f6paalaimen t\u00e4rkeimm\u00e4t k\u00e4ytt\u00f6kohteet<\/h2>\n<ul>\n<li><strong>Hein\u00e4ntuotanto:<\/strong> Ihanteellinen kuivatun ruohon ker\u00e4\u00e4miseen ja puristamiseen tiiviiksi paaleiksi karjanrehua varten.<\/li>\n<li><strong>Olkipaalaukset:<\/strong> T\u00e4ydellinen vehn\u00e4n, riisin ja muiden olkij\u00e4tteiden ker\u00e4\u00e4miseen tiiviiksi paaleiksi varastointia tai k\u00e4sittely\u00e4 varten.<\/li>\n<li><strong>S\u00e4il\u00f6rehun valmistus:<\/strong> Erinomainen s\u00e4il\u00f6rehun paalaamiseen, jota varastoidaan karjan ruokintaan talvikuukausina.<\/li>\n<li><strong>Maatilan j\u00e4tteenk\u00e4sittely:<\/strong> Tehokas maatalousj\u00e4tteen puristamiseen hallittaviksi paaleiksi h\u00e4vitt\u00e4mist\u00e4 tai kierr\u00e4tyst\u00e4 varten.<\/li>\n<li><strong>Kuljetustehokkuus:<\/strong> Tuotettuja paaleja on helppo kuljettaa, mik\u00e4 auttaa v\u00e4hent\u00e4m\u00e4\u00e4n suurten maatalousmateriaalim\u00e4\u00e4rien varastointiin ja kuljetukseen liittyvi\u00e4 kustannuksia.<\/li>\n<li><strong>Palontorjunta:<\/strong> Puristamalla kasvij\u00e4tteet paaleiksi paalain auttaa v\u00e4hent\u00e4m\u00e4\u00e4n palovaaraa pelloilla est\u00e4m\u00e4ll\u00e4 palavan materiaalin kertymisen.<\/li>\n<\/ul>\n<h2>Kuinka valita oikea 9YG-1.25A py\u00f6r\u00f6paalain<\/h2>\n<ul>\n<li><strong>Ymm\u00e4rr\u00e4 tilasi koko:<\/strong> Valitse paalain, joka sopii tilasi kokoon ja tuotantovaatimuksiin varmistaaksesi tehokkuuden ja tuottavuuden.<\/li>\n<li><strong>Harkitse satotyyppej\u00e4:<\/strong> Paalain on monipuolinen, mutta on t\u00e4rke\u00e4\u00e4 varmistaa, ett\u00e4 se sopii viljelemillesi kasveille, kuten hein\u00e4lle, oljelle tai s\u00e4il\u00f6rehulle.<\/li>\n<li><strong>Tarkista paalaimen kapasiteetti:<\/strong> Mieti kuljetus- ja varastointikapasiteettiisi sopivaa paalin kokoa ja painoa. Varmista, ett\u00e4 se vastaa toimintatarpeitasi.<\/li>\n<li><strong>Kest\u00e4vyyden arviointi:<\/strong> Etsi kone, joka on rakennettu kest\u00e4m\u00e4\u00e4n viljelyolosuhteet ja ilmaston. 9YG-1.25A tarjoaa pitk\u00e4aikaista luotettavuutta.<\/li>\n<li><strong>Mieti budjettiasi:<\/strong> 9YG-1.25A on kustannustehokas ratkaisu, mutta arvioi taloudellinen kykysi investoida laitteeseen ja sen pitk\u00e4n aikav\u00e4lin hy\u00f6dyt.<\/li>\n<li><strong>Tarkista huoltopalvelu:<\/strong> Valitse toimittaja, joka tarjoaa erinomaista asiakaspalvelua, takuun ja varaosatuen varmistaaksesi, ett\u00e4 sijoituksesi on hyvin suojattu.<\/li>\n<\/ul>\n<h2>9YG-1.25A-py\u00f6r\u00f6paalaimen huolto<\/h2>\n<p>9YG-1.25A:n yll\u00e4pito <a href=\"https:\/\/square-balers.com\/fi\/tuote\/9yg-1-0-pyoropaalain\/\">Py\u00f6r\u00f6paalain<\/a> on ratkaisevan t\u00e4rke\u00e4\u00e4 sen pitk\u00e4ik\u00e4isyyden ja optimaalisen suorituskyvyn varmistamiseksi. S\u00e4\u00e4nn\u00f6llinen huolto sis\u00e4lt\u00e4\u00e4 hydraulij\u00e4rjestelm\u00e4n tarkistamisen, sy\u00f6tt\u00f6mekanismin puhdistamisen, paalauskammion tarkastamisen ja liikkuvien osien voitelun. Kuluneiden osien, kuten rullien, hihnojen ja hydraulinesteiden, s\u00e4\u00e4nn\u00f6llinen vaihtaminen pident\u00e4\u00e4 my\u00f6s koneen k\u00e4ytt\u00f6ik\u00e4\u00e4. Noudata aina valmistajan huolto-ohjeita parhaan tuloksen varmistamiseksi.<\/p>\n<h2>Asiakasarvostelut<\/h2>\n<p>\u201d9YG-1.25A-py\u00f6r\u00f6paalain on tehnyt hein\u00e4ntuotannostamme paljon tehokkaampaa. Kone toimii hyvin my\u00f6s vaikeissa olosuhteissa, ja olemme huomanneet merkitt\u00e4v\u00e4n ty\u00f6voimakustannusten laskun. Sit\u00e4 on helppo k\u00e4ytt\u00e4\u00e4 ja paalit tulevat t\u00e4ydellisen tiiviiksi. Suosittelen sit\u00e4 l\u00e4mpim\u00e4sti!\u201d<br \/>\n<strong>\u2014\u2014John Smith, <\/strong><strong>Yhdysvallat<\/strong><\/p>\n<p>\u201dSiilontuotantoon erikoistuneena tilana 9YG-1.25A on t\u00e4ydellinen lis\u00e4 toimintaamme. Kone on ollut luotettava, ja paalit ovat tasalaatuisia ja hyvin tiivistettyj\u00e4, mik\u00e4 helpottaa varastointia ja kuljetusta huomattavasti.\u201d<br \/>\n<strong>\u2014\u2014Emily Nguyen, <\/strong><strong>Kanada<\/strong><\/p>\n<p>\u201dHankimme 9YG-1.25A:n viime kaudella ja olemme olleet vaikuttuneita sen suorituskyvyst\u00e4. Se k\u00e4sittelee suuria olkim\u00e4\u00e4ri\u00e4 vaikeuksitta, ja paalit pakataan tiiviisti, mik\u00e4 parantaa varastointitehokkuutta. Olemme eritt\u00e4in tyytyv\u00e4isi\u00e4 t\u00e4h\u00e4n investointiin.\u201d<br \/>\n<strong>\u2014\u2014David Johnson, <\/strong><strong>Iso-Britannia<\/strong><\/p>\n<p>\u201dKonetta on helppo huoltaa ja j\u00e4lkimarkkinointipalvelu on ollut poikkeuksellisen hyv\u00e4\u00e4. K\u00e4yt\u00e4mme 9YG-1.25A-konetta sek\u00e4 hein\u00e4n ett\u00e4 oljen paalaamiseen, ja se on ylitt\u00e4nyt odotuksemme joka suhteessa.\u201d<br \/>\n<strong>\u2014\u2014Maria L\u00f3pez, <\/strong><strong>Meksiko<\/strong><\/p>\n<p>\u201dK\u00e4ytetty\u00e4ni aiemmin useita erilaisia \u200b\u200bpaalaimia voin luottavaisin mielin sanoa, ett\u00e4 9YG-1.25A erottuu edukseen kest\u00e4vyydell\u00e4\u00e4n ja tehokkuudellaan. Se on tehnyt valtavan eron toimintaamme, ja pystymme suorittamaan teht\u00e4vi\u00e4 nopeammin kuin koskaan.\u201d<br \/>\n<strong>\u2014\u2014Antonio Ferreira, <\/strong><strong>Brasilia<\/strong><\/p>\n<h2>Miksi valita 9YG-1.25A py\u00f6r\u00f6paalaimemme?<\/h2>\n<p>Tarjoamme nopeaa r\u00e4\u00e4t\u00e4l\u00f6ity\u00e4 palvelua ja yksil\u00f6llisi\u00e4 ratkaisuja ainutlaatuisten tarpeidesi t\u00e4ytt\u00e4miseksi. Vahva huoltotiimimme varmistaa, ett\u00e4 saat huippuluokan asiakastukea koko koneesi k\u00e4ytt\u00f6i\u00e4n ajan. Kolmen vuoden takuun ja erinomaisen j\u00e4lkimarkkinointipalvelun ansiosta voit olla varma, ett\u00e4 ostoksesi on suojattu. Lis\u00e4ksi tuemme maailmanlaajuista nopeaa toimitusta, jotta saat tilauksesi nopeasti. Kattava j\u00e4lkimarkkinointitukemme takaa, ett\u00e4 olemme aina paikalla, kun tarvitset meit\u00e4.<\/p>\n<p>Olemme ylpeit\u00e4 voidessamme tarjota 9YG-1.25A-py\u00f6r\u00f6paalaimen, luotettavan ja kustannustehokkaan ratkaisun maatalouden tarpeisiisi. Edistyksellisen teknologian, vahvan rakenteen ja tehokkaan toiminnan ansiosta t\u00e4m\u00e4 tuote tarjoaa erinomaista vastinetta rahalle laajamittaiseen maatalouteen. Sitoutumisemme laatuun, kilpailukykyiseen hinnoitteluun ja poikkeukselliseen asiakaspalveluun takaavat parhaan mahdollisen kokemuksen. 9YG-1.25A:n lis\u00e4ksi tarjoamme my\u00f6s erilaisia \u200b\u200blis\u00e4varusteita ja niihin liittyvi\u00e4 tuotteita, jotka on suunniteltu t\u00e4ydent\u00e4m\u00e4\u00e4n maatalouskoneidesi tarpeita. Ota rohkeasti yhteytt\u00e4 saadaksesi lis\u00e4tietoja ja tutustuaksesi t\u00e4h\u00e4n upeaan tuotteeseen tarkemmin.<\/p>\n<p>Ota meihin yhteytt\u00e4 nyt tehd\u00e4ksesi ostoksesi ja parantaaksesi maatilasi toimintaa 9YG-1.25A-py\u00f6r\u00f6paalaimella!<\/p>\n<h2>Usein kysytyt kysymykset<\/h2>\n<ol>\n<li><strong>Mik\u00e4 on 9YG-1.25A-py\u00f6r\u00f6paalaimen kapasiteetti?<\/strong> 9YG-1.25A-py\u00f6r\u00f6paalaimella on tehokas k\u00e4sittelykapasiteetti, joka sopii keskikokoisille ja suurille maatiloille. Se pystyy k\u00e4sittelem\u00e4\u00e4n helposti suuria m\u00e4\u00e4ri\u00e4 hein\u00e4\u00e4, olkea ja s\u00e4il\u00f6rehua, mik\u00e4 tarjoaa suuren l\u00e4pimenon ja tehokkaan suorituskyvyn.<\/li>\n<li><strong>Voiko 9YG-1.25A-py\u00f6r\u00f6paalainta k\u00e4ytt\u00e4\u00e4 kaikissa s\u00e4\u00e4olosuhteissa?<\/strong> Kyll\u00e4, 9YG-1.25A on rakennettu toimimaan erilaisissa s\u00e4\u00e4olosuhteissa, kuten kosteissa, kuivissa ja m\u00e4riss\u00e4 ymp\u00e4rist\u00f6iss\u00e4. Optimaalisen suorituskyvyn saavuttamiseksi tarvitaan kuitenkin asianmukaista huoltoa ja huolenpitoa.<\/li>\n<li><strong>Kuinka kauan 9YG-1.25A py\u00f6r\u00f6paalain kest\u00e4\u00e4?<\/strong> Asianmukaisella huollolla 9YG-1.25A-py\u00f6r\u00f6paalain on suunniteltu kest\u00e4m\u00e4\u00e4n useita vuosia. Kest\u00e4v\u00e4 rakenne ja korkealaatuiset materiaalit takaavat pitk\u00e4aikaisen luotettavuuden ja suorituskyvyn.<\/li>\n<li><strong>Onko 9YG-1.25A -py\u00f6r\u00f6paalainta helppo kuljettaa?<\/strong> Kyll\u00e4, 9YG-1.25A on suunniteltu kompaktiksi ja helposti kuljetettavaksi. Sen kevyt rakenne mahdollistaa helpon siirt\u00e4misen peltojen v\u00e4lill\u00e4, mik\u00e4 optimoi toiminnan joustavuuden.<\/li>\n<li><strong>Mink\u00e4 tyyppinen takuu 9YG-1.25A-py\u00f6r\u00f6paalaimeen sis\u00e4ltyy?<\/strong> 9YG-1.25A:lla on kolmen vuoden takuu, joka kattaa kaikki valmistusvirheet ja tarjoaa ostajalle mielenrauhaa. Lis\u00e4ksi j\u00e4lkimarkkinointitukemme varmistaa, ett\u00e4 saat jatkuvaa tukea koneen koko elinkaaren ajan.<\/li>\n<li><strong>Voinko saada varaosia 9YG-1.25A-py\u00f6r\u00f6paalaimeen?<\/strong> Kyll\u00e4, tarjoamme t\u00e4yden valikoiman varaosia ja lis\u00e4varusteita 9YG-1.25A-py\u00f6r\u00f6paalaimeen jatkuvan suorituskyvyn ja luotettavuuden varmistamiseksi.<\/li>\n<li><strong>Mik\u00e4 on 9YG-1.25A-py\u00f6r\u00f6paalaimen hinta?<\/strong> 9YG-1.25A -py\u00f6r\u00f6paalaimen hinta riippuu r\u00e4\u00e4t\u00e4l\u00f6intivaihtoehdoista, toimituspaikasta ja tilausm\u00e4\u00e4r\u00e4st\u00e4. Ota yhteytt\u00e4 saadaksesi r\u00e4\u00e4t\u00e4l\u00f6idyn tarjouksen erityistarpeidesi mukaan.<\/li>\n<li><strong>Miten huollan 9YG-1.25A-py\u00f6r\u00f6paalainta?<\/strong> S\u00e4\u00e4nn\u00f6llinen huolto sis\u00e4lt\u00e4\u00e4 hydraulij\u00e4rjestelm\u00e4n tarkastuksen, sy\u00f6tt\u00f6mekanismin puhdistamisen ja kuluneiden osien, kuten rullien ja hihnojen, vaihtamisen. Noudata valmistajan huolto-ohjeita parhaan tuloksen saavuttamiseksi.<\/li>\n<li><strong>Paljonko 9YG-1.25A py\u00f6r\u00f6paalain maksaa eri maissa?<\/strong> Hinta voi vaihdella sijaintisi ja toimitukseen liittyvien toimituskulujen mukaan. Ota yhteytt\u00e4 paikallisiin edustajiimme saadaksesi tarkan hinnan alueesi perusteella.<\/li>\n<li><strong>Sopiiko 9YG-1.25A py\u00f6r\u00f6paalain s\u00e4il\u00f6rehun paalaamiseen?<\/strong> Kyll\u00e4, 9YG-1.25A sopii t\u00e4ydellisesti s\u00e4il\u00f6rehun puristamiseen, joten se on erinomainen valinta s\u00e4il\u00f6rehun tuotantoa harjoittaville viljelij\u00f6ille.<\/li>\n<li><strong>Mik\u00e4 on 9YG-1.25A-py\u00f6r\u00f6paalaimen suurin paalikoko?<\/strong> 9YG-1.25A-py\u00f6r\u00f6paalain tuottaa kompakteja ja tasalaatuisia paaleja, joiden enimm\u00e4ishalkaisija on 1,25 metri\u00e4, mik\u00e4 tekee niist\u00e4 ihanteellisia varastointiin ja kuljetukseen.<\/li>\n<li><strong>Voiko 9YG-1.25A-py\u00f6r\u00f6paalainta k\u00e4ytt\u00e4\u00e4 erityyppisille viljelykasveille?<\/strong> Kyll\u00e4, se on monipuolinen ja sit\u00e4 voidaan k\u00e4ytt\u00e4\u00e4 monenlaisille viljelykasveille, kuten hein\u00e4lle, oljelle, s\u00e4il\u00f6rehulle ja muille maatalousj\u00e4tteille.<\/li>\n<li><strong>Millaista j\u00e4lkimarkkinointipalvelua tarjoatte?<\/strong> Tarjoamme kattavaa myynnin j\u00e4lkeist\u00e4 tukea, mukaan lukien 3 vuoden takuun, vianetsint\u00e4apua ja helposti saatavilla olevia varaosia varmistaaksemme, ett\u00e4 kone toimii moitteettomasti vuosien ajan.<\/li>\n<li><strong>Voiko 9YG-1.25A-py\u00f6r\u00f6paalainta k\u00e4ytt\u00e4\u00e4 pienill\u00e4 tiloilla?<\/strong> Vaikka 9YG-1.25A on suunniteltu keskikokoiseen ja laajaan toimintaan, se sopii my\u00f6s pienille tiloille asianmukaisilla s\u00e4\u00e4d\u00f6ill\u00e4, jotka vastaavat niiden toiminnan tarpeita.<\/li>\n<li><strong>Miten tilaan 9YG-1.25A-py\u00f6r\u00f6paalaimen?<\/strong> Voit ottaa meihin yhteytt\u00e4 suoraan verkkosivustomme tai asiakaspalvelumme kautta tiedusteluja ja tilauksen tekemist\u00e4 varten. Tarjoamme nopeita ja maailmanlaajuisia toimitusvaihtoehtoja.<\/li>\n<\/ol>\n<p>gzl:n muokkaama<\/p>","protected":false},"excerpt":{"rendered":"<p>Tutustu 9YG-1.25-py\u00f6r\u00f6paalaimeen, joka on suunniteltu erinomaiseen suorituskykyyn ja tehokkuuteen. Se on ihanteellinen suurille maatiloille, ja se tarjoaa nopean ja luotettavan paalauksen minimaalisella huollontarpeella. Paranna tuottavuuttasi sen edistyneill\u00e4 ominaisuuksilla ja kest\u00e4v\u00e4ll\u00e4 rakenteella. Oletko valmis tehostamaan satoa? Ota yhteytt\u00e4 nyt saadaksesi demon tai lis\u00e4tietoja tuotteestamme!<\/p>","protected":false},"featured_media":363,"template":"","meta":{"_et_pb_use_builder":"","_et_pb_old_content":"","_et_gb_content_width":""},"product_brand":[],"product_cat":[21],"product_tag":[],"class_list":{"0":"post-362","1":"product","2":"type-product","3":"status-publish","4":"has-post-thumbnail","6":"product_cat-round-baler-rake","8":"first","9":"instock","10":"shipping-taxable","11":"product-type-simple"},"_links":{"self":[{"href":"https:\/\/square-balers.com\/fi\/wp-json\/wp\/v2\/product\/362","targetHints":{"allow":["GET"]}}],"collection":[{"href":"https:\/\/square-balers.com\/fi\/wp-json\/wp\/v2\/product"}],"about":[{"href":"https:\/\/square-balers.com\/fi\/wp-json\/wp\/v2\/types\/product"}],"wp:featuredmedia":[{"embeddable":true,"href":"https:\/\/square-balers.com\/fi\/wp-json\/wp\/v2\/media\/363"}],"wp:attachment":[{"href":"https:\/\/square-balers.com\/fi\/wp-json\/wp\/v2\/media?parent=362"}],"wp:term":[{"taxonomy":"product_brand","embeddable":true,"href":"https:\/\/square-balers.com\/fi\/wp-json\/wp\/v2\/product_brand?post=362"},{"taxonomy":"product_cat","embeddable":true,"href":"https:\/\/square-balers.com\/fi\/wp-json\/wp\/v2\/product_cat?post=362"},{"taxonomy":"product_tag","embeddable":true,"href":"https:\/\/square-balers.com\/fi\/wp-json\/wp\/v2\/product_tag?post=362"}],"curies":[{"name":"wp","href":"https:\/\/api.w.org\/{rel}","templated":true}]}}