{"id":364,"date":"2025-12-16T08:04:33","date_gmt":"2025-12-16T08:04:33","guid":{"rendered":"https:\/\/square-balers.com\/?post_type=product&#038;p=364"},"modified":"2025-12-19T01:46:23","modified_gmt":"2025-12-19T01:46:23","slug":"9yg-2-24d-pyoropaalain-s9000-beyond","status":"publish","type":"product","link":"https:\/\/square-balers.com\/fi\/tuote\/9yg-2-24d-pyoropaalain-s9000-beyond\/","title":{"rendered":"9YG-2.24D py\u00f6r\u00f6paalain (S9000 Beyond)"},"content":{"rendered":"<p>9YG-2.24D-py\u00f6r\u00f6paalain (S9000 Beyond) on huippuluokan maatalouskone, joka on suunniteltu tiivist\u00e4m\u00e4\u00e4n ja paalaamaan tehokkaasti olkea, hein\u00e4\u00e4 ja muita orgaanisia materiaaleja tasakokoisiksi py\u00f6reiksi paaleiksi. T\u00e4m\u00e4 kest\u00e4v\u00e4 paalain on varustettu edistyneill\u00e4 ominaisuuksilla, jotka varmistavat vakaan suorituskyvyn, alhaiset yll\u00e4pitokustannukset ja korkean tuottavuuden. Olitpa sitten suurviljelij\u00e4 tai maatalouspalvelujen tarjoaja, t\u00e4m\u00e4 kone selviytyy vaativimmistakin k\u00e4ytt\u00f6ymp\u00e4rist\u00f6ist\u00e4.<\/p>\n<h2>Tekniset tiedot<\/h2>\n<table style=\"border-color: #000000;\">\n<thead>\n<tr>\n<th>Sarjanumero<\/th>\n<th>Tuote<\/th>\n<th>Yksikk\u00f6<\/th>\n<th>Tekniset tiedot<\/th>\n<\/tr>\n<\/thead>\n<tbody>\n<tr>\n<td>1<\/td>\n<td>Mallin nimi<\/td>\n<td>\/<\/td>\n<td>9YG-2.24D py\u00f6r\u00f6paalain (S9000 Beyond)<\/td>\n<\/tr>\n<tr>\n<td>2<\/td>\n<td>Kiinnitysmenetelm\u00e4<\/td>\n<td>\/<\/td>\n<td>Vetotyyppi<\/td>\n<\/tr>\n<tr>\n<td>3<\/td>\n<td>Ker\u00e4ilyleveys<\/td>\n<td>mm<\/td>\n<td>2240<\/td>\n<\/tr>\n<tr>\n<td>4<\/td>\n<td>Poimijan rakennetyyppi<\/td>\n<td>\/<\/td>\n<td>Jousihampaiden tyyppi<\/td>\n<\/tr>\n<tr>\n<td>5<\/td>\n<td>Sy\u00f6tt\u00f6laitteen rakennetyyppi<\/td>\n<td>\/<\/td>\n<td>Hammastettu tanko + rullatyyppi<\/td>\n<\/tr>\n<tr>\n<td>6<\/td>\n<td>Puristuskammiopaalaimen rakennetyyppi<\/td>\n<td>\/<\/td>\n<td>Rullan tyyppi<\/td>\n<\/tr>\n<tr>\n<td>7<\/td>\n<td>Puristuskammion leveys<\/td>\n<td>mm<\/td>\n<td>1400<\/td>\n<\/tr>\n<tr>\n<td>8<\/td>\n<td>Puristuskammion halkaisija<\/td>\n<td>mm<\/td>\n<td>\u03a6 1200<\/td>\n<\/tr>\n<tr>\n<td>9<\/td>\n<td>Puristuskammion ty\u00f6osien lukum\u00e4\u00e4r\u00e4<\/td>\n<td>kpl<\/td>\n<td>18 (Rullat)<\/td>\n<\/tr>\n<tr>\n<td>10<\/td>\n<td>Valssausrullan halkaisija<\/td>\n<td>mm<\/td>\n<td>\u03a6 222<\/td>\n<\/tr>\n<tr>\n<td>11<\/td>\n<td>Sidontamenetelm\u00e4<\/td>\n<td>\/<\/td>\n<td>Verkkosidonta<\/td>\n<\/tr>\n<tr>\n<td>12<\/td>\n<td>Vastaava voima<\/td>\n<td>kW<\/td>\n<td>55-100<\/td>\n<\/tr>\n<tr>\n<td>13<\/td>\n<td>Rakenteellinen massa<\/td>\n<td>kg<\/td>\n<td>4570<\/td>\n<\/tr>\n<tr>\n<td>14<\/td>\n<td>Voimanottoakselin nopeus<\/td>\n<td>kierrosta minuutissa<\/td>\n<td>720<\/td>\n<\/tr>\n<tr>\n<td>15<\/td>\n<td>Kokonaismitat (pituus \u00d7 leveys \u00d7 korkeus)<\/td>\n<td>mm<\/td>\n<td>4600 \u00d7 3010 \u00d7 2370 (k\u00e4ytt\u00f6tilassa)<\/td>\n<\/tr>\n<tr>\n<td>16<\/td>\n<td>Paalin tiheyden s\u00e4\u00e4t\u00f6<\/td>\n<td>\/<\/td>\n<td>Anturiohjaus<\/td>\n<\/tr>\n<tr>\n<td>17<\/td>\n<td>Paalin mitat (halkaisija \u00d7 leveys)<\/td>\n<td>mm<\/td>\n<td>\u03a6 1300 \u00d7 1400<\/td>\n<\/tr>\n<tr>\n<td>18<\/td>\n<td>Paalitiheys<\/td>\n<td>Kg\/m\u00b3<\/td>\n<td>100-200<\/td>\n<\/tr>\n<tr>\n<td>19<\/td>\n<td>Tuottavuus<\/td>\n<td>paalia\/h<\/td>\n<td>40~100<\/td>\n<\/tr>\n<tr>\n<td>20<\/td>\n<td>Akseliv\u00e4li<\/td>\n<td>mm<\/td>\n<td>2600<\/td>\n<\/tr>\n<tr>\n<td>21<\/td>\n<td>K\u00e4ytt\u00f6nopeus<\/td>\n<td>km\/h<\/td>\n<td>5-35<\/td>\n<\/tr>\n<tr>\n<td>22<\/td>\n<td>Paaliverkon tiedot (pituus \u00d7 leveys)<\/td>\n<td>\/<\/td>\n<td>2000 \u00d7 1,4 m\/rulla<\/td>\n<\/tr>\n<\/tbody>\n<\/table>\n<h2>Tuotteen m\u00e4\u00e4ritelm\u00e4<\/h2>\n<p>9YG-2.24D-py\u00f6r\u00f6paalain (S9000 Beyond) on edistynyt py\u00f6r\u00f6paalain, joka on suunniteltu erityisesti maatalousk\u00e4ytt\u00f6\u00f6n. Se puristaa tehokkaasti kasvij\u00e4tteet, kuten hein\u00e4n, oljen ja s\u00e4il\u00f6rehun, py\u00f6r\u00f6paaleiksi optimoiden varastointi- ja kuljetusprosesseja. Edistyksellisen teknologiansa ansiosta se varmistaa sujuvan ja luotettavan toiminnan my\u00f6s ankarissa ty\u00f6olosuhteissa.<\/p>\n<h2>Ratkaistut ongelmat ja k\u00e4ytt\u00f6tarkoitukset<\/h2>\n<p>9YG-2.24D-py\u00f6r\u00f6paalain (S9000 Beyond) ratkaisee useita yleisi\u00e4 ongelmia, joita nykyaikaisissa maataloustoiminnoissa kohtaavat. N\u00e4it\u00e4 ovat:<\/p>\n<ul>\n<li>Ep\u00e4johdonmukainen paalin koko ja laatu<\/li>\n<li>Vaikeuksia hallita suuria m\u00e4\u00e4ri\u00e4 kasvij\u00e4tteit\u00e4<\/li>\n<li>Aikaa viev\u00e4t manuaaliset paalaukset<\/li>\n<li>Lis\u00e4\u00e4ntynyt k\u00e4ytt\u00f6katkosaika laitevikojen vuoksi<\/li>\n<li>Rajoitettu sopeutumiskyky eri viljelykasveihin ja ymp\u00e4rist\u00f6olosuhteisiin<\/li>\n<\/ul>\n<p>T\u00e4m\u00e4 tuote sopii erinomaisesti k\u00e4ytett\u00e4v\u00e4ksi erilaisissa maataloustilanteissa, mukaan lukien:<\/p>\n<ul>\n<li>Hein\u00e4n ja oljen paalaaminen<\/li>\n<li>S\u00e4il\u00f6rehun ker\u00e4\u00e4minen ja paalaaminen<\/li>\n<li>Laajamittainen maataloustoiminta<\/li>\n<li>Karjanrehun tuotanto<\/li>\n<li>J\u00e4tteiden k\u00e4sittely maatalousymp\u00e4rist\u00f6iss\u00e4<\/li>\n<li>Tehokas hein\u00e4n varastointi ja kuljetus<\/li>\n<\/ul>\n<p style=\"text-align: center;\"><img loading=\"lazy\" decoding=\"async\" class=\"alignnone wp-image-367\" src=\"https:\/\/square-balers.com\/wp-content\/uploads\/2025\/12\/6-1-1.webp\" alt=\"Py\u00f6r\u00f6paalain\" width=\"447\" height=\"447\" srcset=\"https:\/\/square-balers.com\/wp-content\/uploads\/2025\/12\/6-1-1.webp 285w, https:\/\/square-balers.com\/wp-content\/uploads\/2025\/12\/6-1-1-150x150.webp 150w, https:\/\/square-balers.com\/wp-content\/uploads\/2025\/12\/6-1-1-12x12.webp 12w, https:\/\/square-balers.com\/wp-content\/uploads\/2025\/12\/6-1-1-100x100.webp 100w\" sizes=\"(max-width: 447px) 100vw, 447px\" \/><\/p>\n<h2>Tuotteen edut<\/h2>\n<h3>1. Korkea hy\u00f6tysuhde<\/h3>\n<p>9YG-2.24D-py\u00f6r\u00f6paalain (S9000 Beyond) on suunniteltu tehokkaaseen paalaukseen, mik\u00e4 varmistaa, ett\u00e4 voit suorittaa suuria paalaust\u00f6it\u00e4 lyhyemm\u00e4ss\u00e4 ajassa. Sen tehokas moottori ja edistynyt hydrauliikkaj\u00e4rjestelm\u00e4 toimivat yhdess\u00e4 maksimoidakseen tuoton ja v\u00e4hent\u00e4\u00e4kseen toistuvien pys\u00e4hdysten tarvetta.<\/p>\n<h3>2. Kest\u00e4v\u00e4 rakenne<\/h3>\n<p>T\u00e4m\u00e4 paalain on rakennettu kest\u00e4m\u00e4\u00e4n vaativia olosuhteita, ja siin\u00e4 on vahva ja kest\u00e4v\u00e4 runko, joka kest\u00e4\u00e4 raskaita ty\u00f6kuormia. Vahvistettu rakenne varmistaa pitk\u00e4n k\u00e4ytt\u00f6i\u00e4n, v\u00e4hent\u00e4\u00e4 rikkoutumisriski\u00e4 ja parantaa koneen kokonaisk\u00e4ytt\u00f6ik\u00e4\u00e4.<\/p>\n<h3>3. Helppo k\u00e4ytt\u00f6<\/h3>\n<p>K\u00e4ytt\u00e4j\u00e4yst\u00e4v\u00e4llisill\u00e4 ohjaimilla varustettu 9YG-2.24D-py\u00f6r\u00f6paalain (S9000 Beyond) tarjoaa saumattoman k\u00e4yt\u00f6n kaiken tasoisille k\u00e4ytt\u00e4jille. Intuitiivinen k\u00e4ytt\u00f6liittym\u00e4 helpottaa asetusten s\u00e4\u00e4t\u00e4mist\u00e4 ja paalausprosessin seurantaa.<\/p>\n<h3>4. Monipuolisuus<\/h3>\n<p>T\u00e4m\u00e4 paalain on suunniteltu toimimaan tehokkaasti erilaisten satotyyppien, kuten hein\u00e4n, oljen ja s\u00e4il\u00f6rehun, kanssa. Se mukautuu erilaisiin viljelyymp\u00e4rist\u00f6ihin, joten se on erinomainen valinta monipuolisiin maatalouden tarpeisiin.<\/p>\n<h3>5. V\u00e4h\u00e4inen huoltotarve<\/h3>\n<p>Korkealaatuisten materiaalien ja suunnittelun ansiosta 9YG-2.24D-py\u00f6r\u00f6paalain (S9000 Beyond) vaatii vain v\u00e4h\u00e4n huoltoa. Sen innovatiivinen muotoilu v\u00e4hent\u00e4\u00e4 kulumista, mik\u00e4 s\u00e4\u00e4st\u00e4\u00e4 korjauksiin ja osien vaihtoon liittyv\u00e4\u00e4 aikaa ja kustannuksia.<\/p>\n<h2>9YG-2.24D-py\u00f6r\u00f6paalaimen (S9000 Beyond) toimintaperiaate<\/h2>\n<p>9YG-2.24D-py\u00f6r\u00f6paalain (S9000 Beyond) k\u00e4ytt\u00e4\u00e4 edistynytt\u00e4 hydraulij\u00e4rjestelm\u00e4\u00e4 sy\u00f6tt\u00e4\u00e4kseen sadon tarkasti ohjattuun paalauskammioon, jossa se puristetaan sylinterim\u00e4iseksi. Paalain muodostaa py\u00f6reit\u00e4 paaleja useiden rullien ja kuljetinhihnojen avulla. Paalit sidotaan sitten automaattisesti yhteen kest\u00e4vill\u00e4 k\u00f6ysill\u00e4 tai verkoilla. T\u00e4m\u00e4 jatkuva prosessi varmistaa tasaisen paalin koon, mik\u00e4 tekee varastoinnista ja kuljetuksesta k\u00e4tev\u00e4mp\u00e4\u00e4 ja tehokkaampaa.<\/p>\n<h2>T\u00e4rkeimm\u00e4t sovellukset<\/h2>\n<p>9YG-2.24D py\u00f6r\u00f6paalain (S9000 Beyond) on suunniteltu erilaisiin maatalousalan k\u00e4ytt\u00f6tarkoituksiin:<\/p>\n<ul>\n<li>Tehokas hein\u00e4nkeruu ja paalaaminen karjanrehuksi<\/li>\n<li>Olkipaalien tuotanto kuivikemateriaaliksi<\/li>\n<li>S\u00e4il\u00f6rehun paalaaminen pitk\u00e4aikaista varastointia ja ruokintaa varten<\/li>\n<li>Kasvij\u00e4tteiden k\u00e4sittely maaper\u00e4n parantamiseksi<\/li>\n<li>Peltoj\u00e4tteen ja -j\u00e4tteen v\u00e4hent\u00e4minen<\/li>\n<li>Tilan optimointi suurten materiaalim\u00e4\u00e4rien helpompaa varastointia ja kuljetusta varten<\/li>\n<\/ul>\n<h2>Oikean 9YG-2.24D-py\u00f6r\u00f6paalaimen valinta (S9000 Beyond)<\/h2>\n<h3>1. Harkitse tilasi kokoa<\/h3>\n<p>Jos harjoitat suurta maatilaa, tarvitset paalaimen, joka pystyy k\u00e4sittelem\u00e4\u00e4n suuria m\u00e4\u00e4ri\u00e4 tehokkaasti. 9YG-2.24D sopii t\u00e4ydellisesti suurille tiloille suuren kapasiteettinsa ja nopean toimintansa ansiosta.<\/p>\n<h3>2. Arvioi satotyypit<\/h3>\n<p>9YG-2.24D-py\u00f6r\u00f6paalain (S9000 Beyond) sopii monenlaisille viljelykasveille. Varmista, ett\u00e4 koneen asetukset ja ominaisuudet vastaavat useimmin k\u00e4sittelemi\u00e4si viljelykasveja, kuten hein\u00e4\u00e4, olkea tai s\u00e4il\u00f6rehua.<\/p>\n<h3>3. Etsi kest\u00e4vyytt\u00e4<\/h3>\n<p>Valitse paalain, joka kest\u00e4\u00e4 tilasi ankarat olosuhteet. 9YG-2.24D-mallissa on tukeva runko ja korkealaatuiset materiaalit, joten se sopii erinomaisesti haastavissa olosuhteissa toimiville tiloille.<\/p>\n<h3>4. Tarkista huollon helppous<\/h3>\n<p>Ota huomioon huollon helppous paalainta valitessasi. 9YG-2.24D on suunniteltu minimaalista huoltoa vaativaksi, mik\u00e4 varmistaa, ett\u00e4 k\u00e4yt\u00e4t enemm\u00e4n aikaa koneen k\u00e4ytt\u00f6\u00f6n ja v\u00e4hemm\u00e4n aikaa korjauksiin.<\/p>\n<h3>5. Varmista k\u00e4ytt\u00e4j\u00e4n mukavuus<\/h3>\n<p>Paalaimen tulee olla helppok\u00e4ytt\u00f6inen, ja siin\u00e4 on oltava intuitiiviset hallintalaitteet ja ergonomiset ominaisuudet. 9YG-2.24D tarjoaa mukavan ty\u00f6ymp\u00e4rist\u00f6n, joka varmistaa, ett\u00e4 k\u00e4ytt\u00e4j\u00e4t voivat ty\u00f6skennell\u00e4 tehokkaasti ja rasittumatta.<\/p>\n<h3>6. Tarkista huolto- ja takuuvaihtoehdot<\/h3>\n<p>Varmista, ett\u00e4 valitsemaasi paalaimeen kuuluu vahva huolto ja takuu. 9YG-2.24D tarjoaa 3 vuoden takuun, mik\u00e4 takaa mielenrauhan myynnin j\u00e4lkeisen tuen ja avun avulla.<\/p>\n<p style=\"text-align: center;\"><img loading=\"lazy\" decoding=\"async\" class=\"alignnone wp-image-366\" src=\"https:\/\/square-balers.com\/wp-content\/uploads\/2025\/12\/5-1-1.webp\" alt=\"Py\u00f6r\u00f6paalain\" width=\"435\" height=\"435\" srcset=\"https:\/\/square-balers.com\/wp-content\/uploads\/2025\/12\/5-1-1.webp 289w, https:\/\/square-balers.com\/wp-content\/uploads\/2025\/12\/5-1-1-150x150.webp 150w, https:\/\/square-balers.com\/wp-content\/uploads\/2025\/12\/5-1-1-12x12.webp 12w, https:\/\/square-balers.com\/wp-content\/uploads\/2025\/12\/5-1-1-100x100.webp 100w\" sizes=\"(max-width: 435px) 100vw, 435px\" \/><\/p>\n<h2>9YG-2.24D-py\u00f6r\u00f6paalaimen (S9000 Beyond) huolto-ohjeet<\/h2>\n<p>9YG-2.24D-py\u00f6r\u00f6paalaimen (S9000 Beyond) huolto on ratkaisevan t\u00e4rke\u00e4\u00e4 sen pitk\u00e4n k\u00e4ytt\u00f6i\u00e4n ja suorituskyvyn varmistamiseksi. T\u00e4ss\u00e4 on muutamia huoltovinkkej\u00e4:<\/p>\n<ul>\n<li>Tarkista ja voitele liikkuvat osat s\u00e4\u00e4nn\u00f6llisesti kulumisen est\u00e4miseksi.<\/li>\n<li>Tarkista hihnat ja rullat varmistaaksesi, ett\u00e4 ne ovat oikein linjassa ja kire\u00e4ll\u00e4.<\/li>\n<li>Puhdista laite jokaisen k\u00e4ytt\u00f6kerran j\u00e4lkeen est\u00e4\u00e4ksesi roskien kertymisen, joka voi heikent\u00e4\u00e4 sen suorituskyky\u00e4.<\/li>\n<li>Vaihda kuluneet osat, kuten naru- tai verkkoohjaimet, varmistaaksesi sujuvan toiminnan.<\/li>\n<li>Tarkista hydraulinesteen tasot ja varmista, ettei j\u00e4rjestelm\u00e4ss\u00e4 ole vuotoja.<\/li>\n<\/ul>\n<h2>Asiakasarvostelut<\/h2>\n<p>T\u00e4ss\u00e4 on tyytyv\u00e4isten asiakkaiden arvosteluja ymp\u00e4ri maailmaa:<\/p>\n<p>\u201d9YG-2.24D-py\u00f6r\u00f6paalain on mullistanut tilan toimintamme. Se on uskomattoman nopea ja tehokas, mik\u00e4 tekee paalauksesta paljon nopeampaa ja sujuvampaa. Paalien laatu on parantunut merkitt\u00e4v\u00e4sti, ja seisokkiajat ovat l\u00e4hes olemattomat.\u201d<\/p>\n<p><strong>\u2013 John, Yhdysvallat<\/strong><\/p>\n<p>\u201dOlen k\u00e4ytt\u00e4nyt 9YG-2.24D-paalainta jo yli vuoden, ja se on osoittautunut yhdeksi parhaista investoinneista tilallemme. Se k\u00e4sittelee vaivattomasti erilaisia \u200b\u200bsatoja ja pit\u00e4\u00e4 paalit samankokoisina. Suosittelen l\u00e4mpim\u00e4sti!\u201d<\/p>\n<p><strong>\u2013 Maria, Brasilia<\/strong><\/p>\n<p>\u201d9YG-2.24D-py\u00f6r\u00f6paalaimen kest\u00e4vyys ja luotettavuus ovat vertaansa vailla. Se toimii ilman suurempia ongelmia jopa haastavissa olosuhteissa. Se on my\u00f6s eritt\u00e4in helppok\u00e4ytt\u00f6inen, joten se on loistava valinta kaiken tasoisille viljelij\u00f6ille.\u201d<\/p>\n<p><strong>\u2013 Stefan, Saksa<\/strong><\/p>\n<p>\u201dOlemme kokeilleet useita paalaimia aiemmin, mutta yksik\u00e4\u00e4n ei ved\u00e4 vertoja 9YG-2.24D:lle. Se on nopea, tehokas ja vaatii hyvin v\u00e4h\u00e4n huoltoa. Toimintamme on virtaviivaistunut paljon ja olemme v\u00e4hent\u00e4neet kustannuksia merkitt\u00e4v\u00e4sti.\u201d<\/p>\n<p><strong>\u2013 Ahmed, Egypti<\/strong><\/p>\n<p>\u201dT\u00e4m\u00e4 paalain on ylitt\u00e4nyt odotuksemme. Se on kompakti, mutta tehokas. Py\u00f6r\u00f6paalit ovat t\u00e4ydellisesti muotoiltuja, ja koneen laatu on vaikuttava. En voisi olla tyytyv\u00e4isempi t\u00e4h\u00e4n ostokseen.\u201d<\/p>\n<p><strong>\u2013 Paul, Australia<\/strong><\/p>\n<h2>Miksi valita tuotteemme?<\/h2>\n<p>9YG-2.24D:n valitseminen <a href=\"https:\/\/square-balers.com\/fi\/tuote\/9yg-1-25a-pyoropaalain\/\">Py\u00f6r\u00f6paalain<\/a> (S9000 Beyond) varmistaa, ett\u00e4 investoit korkealaatuiseen tuotteeseen, jolla on vertaansa vailla oleva kest\u00e4vyys ja tehokkuus. Olemme sitoutuneet asiakastyytyv\u00e4isyyteen, mik\u00e4 n\u00e4kyy nopeissa r\u00e4\u00e4t\u00e4l\u00f6intipalveluissamme, vahvassa j\u00e4lkimarkkinointituessamme ja kattavassa kolmen vuoden takuussamme. Tarjoamme my\u00f6s maailmanlaajuisen pikatoimituksen varmistaaksemme, ett\u00e4 tuotteesi saapuvat ajoissa sijainnista riippumatta. Laajan palveluverkostomme ansiosta saat jatkuvaa tukea koko tuotteen elinkaaren ajan.<\/p>\n<p>Lue lis\u00e4\u00e4 9YG-2.24D-py\u00f6r\u00f6paalaimesta (S9000 Beyond) ja katso, miten se voi mullistaa maataloustuotantosi. Edistykselliset tuotantolaitoksemme ja horjumaton sitoutumisemme laatuun takaavat, ett\u00e4 saat parhaat laitteet eritt\u00e4in kilpailukykyiseen hintaan. 9YG-2.24D:n lis\u00e4ksi tarjoamme my\u00f6s t\u00e4yden valikoiman lis\u00e4varusteita ja niihin liittyvi\u00e4 tuotteita, jotka vastaavat erilaisiin maatalouskonetarpeisiisi. Ota yhteytt\u00e4 jo t\u00e4n\u00e4\u00e4n saadaksesi lis\u00e4tietoja tai ostaaksesi tuotteen!<\/p>\n<p style=\"text-align: center;\"><img loading=\"lazy\" decoding=\"async\" class=\"alignnone wp-image-365\" src=\"https:\/\/square-balers.com\/wp-content\/uploads\/2025\/12\/4-1-1.webp\" alt=\"Py\u00f6r\u00f6paalain\" width=\"450\" height=\"450\" srcset=\"https:\/\/square-balers.com\/wp-content\/uploads\/2025\/12\/4-1-1.webp 282w, https:\/\/square-balers.com\/wp-content\/uploads\/2025\/12\/4-1-1-150x150.webp 150w, https:\/\/square-balers.com\/wp-content\/uploads\/2025\/12\/4-1-1-12x12.webp 12w, https:\/\/square-balers.com\/wp-content\/uploads\/2025\/12\/4-1-1-100x100.webp 100w\" sizes=\"(max-width: 450px) 100vw, 450px\" \/><\/p>\n<h2>Usein kysytyt kysymykset (UKK)<\/h2>\n<ol>\n<li><strong>Mitk\u00e4 ovat 9YG-2.24D-py\u00f6r\u00f6paalaimen (S9000 Beyond) t\u00e4rkeimm\u00e4t ominaisuudet?<\/strong><br \/>\n9YG-2.24D-py\u00f6r\u00f6paalaimessa (S9000 Beyond) on tehokas paalain, kest\u00e4v\u00e4 rakenne, helppok\u00e4ytt\u00f6isyys, monipuolisuus eri viljelykasveille ja v\u00e4h\u00e4inen huoltotarve. N\u00e4m\u00e4 ominaisuudet varmistavat, ett\u00e4 se toimii hyvin vaativissa maatalousymp\u00e4rist\u00f6iss\u00e4 ja tuottaa jatkuvasti korkealaatuisia paaleja.<\/li>\n<li><strong>Miten 9YG-2.24D py\u00f6r\u00f6paalain toimii?<\/strong><br \/>\n9YG-2.24D-py\u00f6r\u00f6paalaimessa on edistynyt hydraulinen j\u00e4rjestelm\u00e4, joka sy\u00f6tt\u00e4\u00e4 ja puristaa satomateriaalin sylinterim\u00e4iseksi. Materiaali k\u00e4\u00e4rit\u00e4\u00e4n narulla tai verkolla turvallisen sidonnan takaamiseksi, ja kone toimii jatkuvasti tuottaen tasalaatuisia paaleja.<\/li>\n<li><strong>Mink\u00e4 tyyppisi\u00e4 satoja 9YG-2.24D-py\u00f6r\u00f6paalain pystyy k\u00e4sittelem\u00e4\u00e4n?<\/strong><br \/>\n9YG-2.24D on monipuolinen ja pystyy k\u00e4sittelem\u00e4\u00e4n erilaisia \u200b\u200b\u200b\u200bkasveja, kuten hein\u00e4\u00e4, olkea ja s\u00e4il\u00f6rehua. Se on suunniteltu tarjoamaan korkeaa suorituskyky\u00e4 erilaisten materiaalien kanssa, mik\u00e4 varmistaa tehokkaan paalauksen kaikissa maatalousymp\u00e4rist\u00f6iss\u00e4.<\/li>\n<li><strong>Mit\u00e4 huoltoa t\u00e4m\u00e4 paalain vaatii?<\/strong><br \/>\nS\u00e4\u00e4nn\u00f6llinen huolto sis\u00e4lt\u00e4\u00e4 liikkuvien osien tarkistamisen ja voitelun, hihnojen ja telojen tarkastuksen, koneen puhdistamisen k\u00e4yt\u00f6n j\u00e4lkeen ja hydraulinesteen m\u00e4\u00e4r\u00e4n seurannan. N\u00e4m\u00e4 toimenpiteet auttavat varmistamaan, ett\u00e4 paalain toimii parhaalla mahdollisella tavalla.<\/li>\n<li><strong>Voiko 9YG-2.24D-py\u00f6r\u00f6paalainta k\u00e4ytt\u00e4\u00e4 ankarissa s\u00e4\u00e4olosuhteissa?<\/strong><br \/>\nKyll\u00e4, 9YG-2.24D on suunniteltu kest\u00e4m\u00e4\u00e4n vaativia maatalousymp\u00e4rist\u00f6j\u00e4, mukaan lukien ankaria s\u00e4\u00e4olosuhteita. Sen vankka runko ja kest\u00e4v\u00e4t komponentit takaavat luotettavan toiminnan my\u00f6s \u00e4\u00e4rimm\u00e4isiss\u00e4 olosuhteissa.<\/li>\n<li><strong>Millainen takuu 9YG-2.24D-py\u00f6r\u00f6paalaimeen kuuluu?<\/strong><br \/>\n9YG-2.24D:ll\u00e4 on kattava 3 vuoden takuu, joka kattaa valmistusvirheet ja tarjoaa mielenrauhaa myynnin j\u00e4lkeisen tuen ja huollon avulla.<\/li>\n<li><strong>Kuinka nopea paalaaminen t\u00e4ll\u00e4 koneella on?<\/strong><br \/>\n9YG-2.24D on suunniteltu tehokkaaseen paalaukseen. Sen nopea toimintanopeus varmistaa, ett\u00e4 suuret materiaalim\u00e4\u00e4r\u00e4t voidaan paalata nopeasti, mik\u00e4 s\u00e4\u00e4st\u00e4\u00e4 arvokasta aikaa sadonkorjuukaudella.<\/li>\n<li><strong>Onko 9YG-2.24D helppok\u00e4ytt\u00f6inen?<\/strong><br \/>\nKyll\u00e4, 9YG-2.24D:ss\u00e4 on k\u00e4ytt\u00e4j\u00e4yst\u00e4v\u00e4lliset s\u00e4\u00e4timet, jotka helpottavat k\u00e4ytt\u00f6\u00e4 kaiken tasoisille k\u00e4ytt\u00e4jille. Intuitiivinen k\u00e4ytt\u00f6liittym\u00e4 mahdollistaa asetusten nopean s\u00e4\u00e4t\u00e4misen k\u00e4yt\u00f6n aikana.<\/li>\n<li><strong>Vaatiiko t\u00e4m\u00e4n paalaimen k\u00e4ytt\u00f6 erityiskoulutusta?<\/strong><br \/>\nVaikka 9YG-2.24D on suunniteltu helppok\u00e4ytt\u00f6iseksi, paalaimen k\u00e4ytt\u00f6\u00e4 ja turvallisuusk\u00e4yt\u00e4nt\u00f6j\u00e4 koskeva peruskoulutus on suositeltavaa optimaalisen suorituskyvyn ja turvallisen k\u00e4yt\u00f6n varmistamiseksi.<\/li>\n<li><strong>Voiko 9YG-2.24D-py\u00f6r\u00f6paalainta k\u00e4ytt\u00e4\u00e4 s\u00e4il\u00f6rehun korjuuseen?<\/strong><br \/>\nKyll\u00e4, 9YG-2.24D soveltuu s\u00e4il\u00f6rehun paalaamiseen. S\u00e4\u00e4dett\u00e4vien asetusten ansiosta se on tehokas erityyppisille orgaanisille materiaaleille, kuten s\u00e4il\u00f6rehulle, hein\u00e4lle ja oljelle.<\/li>\n<li><strong>Mik\u00e4 on 9YG-2.24D-py\u00f6r\u00f6paalaimen odotettu k\u00e4ytt\u00f6ik\u00e4?<\/strong><br \/>\nS\u00e4\u00e4nn\u00f6llisell\u00e4 huollolla ja asianmukaisella k\u00e4yt\u00f6ll\u00e4 9YG-2.24D voi kest\u00e4\u00e4 useita vuosia. Korkealaatuinen rakenne ja kest\u00e4v\u00e4t komponentit takaavat pitk\u00e4n k\u00e4ytt\u00f6i\u00e4n.<\/li>\n<li><strong>Mist\u00e4 voin hankkia varaosia 9YG-2.24D-py\u00f6r\u00f6paalaimeen?<\/strong><br \/>\nTarjoamme kattavan varaosaverkoston. Voit ottaa yhteytt\u00e4 asiakaspalveluumme saadaksesi apua paalaimesi osien tilaamisessa ja varmistaaksesi, ett\u00e4 koneesi pysyy huippukunnossa.<\/li>\n<li><strong>Voinko mukauttaa 9YG-2.24D-py\u00f6r\u00f6paalaimen omiin tarpeisiini?<\/strong><br \/>\nKyll\u00e4, tarjoamme r\u00e4\u00e4t\u00e4l\u00f6intivaihtoehtoja 9YG-2.24D:n r\u00e4\u00e4t\u00e4l\u00f6imiseksi juuri sinun maatalouden tarpeisiisi. Tiimimme voi auttaa sinua s\u00e4\u00e4t\u00e4m\u00e4\u00e4n koneen vastaamaan toiminnallisia tarpeitasi.<\/li>\n<li><strong>Kuinka helppoa 9YG-2.24D-py\u00f6r\u00f6paalainta on kuljettaa?<\/strong><br \/>\n9YG-2.24D on suunniteltu helppoa kuljetusta varten. Sen kompakti muotoilu ja vankka rakenne helpottavat siirt\u00e4mist\u00e4 maatilan eri paikkojen v\u00e4lill\u00e4, erityisesti oikeilla vetolaitteilla.<\/li>\n<\/ol>\n<p>gzl:n muokkaama<\/p>","protected":false},"excerpt":{"rendered":"<p>Tutustu 9YG-2.24D-py\u00f6r\u00f6paalaimeen (S9000 Beyond) \u2013 t\u00e4m\u00e4 \u00e4\u00e4rimm\u00e4ist\u00e4 tehokkuutta ja kest\u00e4vyytt\u00e4 ajatellen suunniteltu paalain sopii erinomaisesti suurille maatiloille. Sen erinomainen suorituskyky takaa suuremmat sadot ja v\u00e4hemm\u00e4n huoltoa. P\u00e4ivit\u00e4 maatalouskoneesi nyt sujuvamman toiminnan ja paremman tuottavuuden saavuttamiseksi. Hanki se jo t\u00e4n\u00e4\u00e4n ja koe huipputeknologian teho!<\/p>","protected":false},"featured_media":368,"template":"","meta":{"_et_pb_use_builder":"","_et_pb_old_content":"","_et_gb_content_width":""},"product_brand":[],"product_cat":[21],"product_tag":[],"class_list":{"0":"post-364","1":"product","2":"type-product","3":"status-publish","4":"has-post-thumbnail","6":"product_cat-round-baler-rake","8":"first","9":"instock","10":"shipping-taxable","11":"product-type-simple"},"_links":{"self":[{"href":"https:\/\/square-balers.com\/fi\/wp-json\/wp\/v2\/product\/364","targetHints":{"allow":["GET"]}}],"collection":[{"href":"https:\/\/square-balers.com\/fi\/wp-json\/wp\/v2\/product"}],"about":[{"href":"https:\/\/square-balers.com\/fi\/wp-json\/wp\/v2\/types\/product"}],"wp:featuredmedia":[{"embeddable":true,"href":"https:\/\/square-balers.com\/fi\/wp-json\/wp\/v2\/media\/368"}],"wp:attachment":[{"href":"https:\/\/square-balers.com\/fi\/wp-json\/wp\/v2\/media?parent=364"}],"wp:term":[{"taxonomy":"product_brand","embeddable":true,"href":"https:\/\/square-balers.com\/fi\/wp-json\/wp\/v2\/product_brand?post=364"},{"taxonomy":"product_cat","embeddable":true,"href":"https:\/\/square-balers.com\/fi\/wp-json\/wp\/v2\/product_cat?post=364"},{"taxonomy":"product_tag","embeddable":true,"href":"https:\/\/square-balers.com\/fi\/wp-json\/wp\/v2\/product_tag?post=364"}],"curies":[{"name":"wp","href":"https:\/\/api.w.org\/{rel}","templated":true}]}}