{"id":451,"date":"2025-12-22T03:32:57","date_gmt":"2025-12-22T03:32:57","guid":{"rendered":"https:\/\/square-balers.com\/?post_type=product&#038;p=451"},"modified":"2025-12-22T03:45:07","modified_gmt":"2025-12-22T03:45:07","slug":"4byh-d4byhs-3-9-kidneypavun-nyppiminen6-rivi","status":"publish","type":"product","link":"https:\/\/square-balers.com\/fi\/tuote\/4byh-d4byhs-3-9-kidneypavun-nyppiminen6-rivi\/","title":{"rendered":"4BYH\/D4BYHS-3.9 Munuaispavun ulosvet\u00e4j\u00e4 (6-rivinen)"},"content":{"rendered":"<p>4BYH\/D4BYHS-3.9 -munnuaispavun nostin (6-rivinen) on huippuluokan maatalouskone, joka on suunniteltu tehokkaaseen munnuaispapujen korjuuseen. Kone on suunniteltu optimoimaan nostoprosessia, mik\u00e4 minimoi ty\u00f6ajan ja lis\u00e4\u00e4 tuottavuutta. Se sopii erityisen hyvin suurille maatiloille ja kaupallisille papusadonkorjuulle, sill\u00e4 se tehostaa munnuaispapujen keruuta tarkasti ja helposti.<\/p>\n<h2>Tekniset tiedot<\/h2>\n<table style=\"border-color: #000000;\">\n<thead>\n<tr>\n<th>Sarjanumero<\/th>\n<th>Tuote<\/th>\n<th>Yksikk\u00f6<\/th>\n<th>Tekniset tiedot<\/th>\n<\/tr>\n<\/thead>\n<tbody>\n<tr>\n<td>1<\/td>\n<td>Mallin nimi<\/td>\n<td>\/<\/td>\n<td>4BYHD\/4BYHS-3.9 -tyyppinen munuaispapujen nostin<\/td>\n<\/tr>\n<tr>\n<td>2<\/td>\n<td>Kiinnitysmenetelm\u00e4<\/td>\n<td>\/<\/td>\n<td>Asennettu tyyppi<\/td>\n<\/tr>\n<tr>\n<td>3<\/td>\n<td>Poimijan tyyppi<\/td>\n<td>\/<\/td>\n<td>Jousihammastyyppi<\/td>\n<\/tr>\n<tr>\n<td>4<\/td>\n<td>Ty\u00f6leveys<\/td>\n<td>m<\/td>\n<td>3.9<\/td>\n<\/tr>\n<tr>\n<td>5<\/td>\n<td>Vastaava tehoalue<\/td>\n<td>kW<\/td>\n<td>132-147<\/td>\n<\/tr>\n<tr>\n<td>6<\/td>\n<td>K\u00e4ytt\u00f6nopeusalue<\/td>\n<td>km\/h<\/td>\n<td>6\u201310<\/td>\n<\/tr>\n<tr>\n<td>7<\/td>\n<td>Kokonaismitat (P \u00d7 L \u00d7 K)<\/td>\n<td>mm<\/td>\n<td>4760 \u00d7 4280 \u00d7 1300<\/td>\n<\/tr>\n<tr>\n<td>8<\/td>\n<td>Voimanottoakselin nopeus<\/td>\n<td>kierrosta minuutissa<\/td>\n<td>540<\/td>\n<\/tr>\n<tr>\n<td>9<\/td>\n<td>Py\u00f6r\u00e4nj\u00e4lki<\/td>\n<td>mm<\/td>\n<td>3900<\/td>\n<\/tr>\n<tr>\n<td>10<\/td>\n<td>Tuottavuus<\/td>\n<td>hm\u00b2\/h<\/td>\n<td>2.34-3.9<\/td>\n<\/tr>\n<tr>\n<td>11<\/td>\n<td>Operaattorien m\u00e4\u00e4r\u00e4<\/td>\n<td>henkil\u00f6<\/td>\n<td>1<\/td>\n<\/tr>\n<tr>\n<td>12<\/td>\n<td>Rakenteellinen paino<\/td>\n<td>kg<\/td>\n<td>1675\/1780<\/td>\n<\/tr>\n<\/tbody>\n<\/table>\n<h2>Tuotteen m\u00e4\u00e4ritelm\u00e4<\/h2>\n<p>4BYH\/D4BYHS-3.9 -munnupapujen nostin (6-rivinen) on tehokas papujen noutokone, jossa on kuusi rivi\u00e4 kidneypapujen samanaikaiseen nostamiseen pellolta. Sen edistyksellinen rakenne minimoi satovahingot ja maksimoi sadonkorjuun tehokkuuden, mik\u00e4 tekee siit\u00e4 v\u00e4ltt\u00e4m\u00e4tt\u00f6m\u00e4n ty\u00f6kalun laajamittaiseen viljelyyn.<\/p>\n<h2>Haasteet ja sovellukset<\/h2>\n<p>Viljelij\u00e4t kohtaavat usein haasteita, kuten korkeita ty\u00f6voimakustannuksia ja tehottomuutta kidneypapujen manuaalisessa korjaamisessa. Perinteiset menetelm\u00e4t ovat aikaa vievi\u00e4 ja alttiita virheille, mik\u00e4 johtaa sadon menetykseen. 4BYH\/D4BYHS-3.9 kidneypapujen nyht\u00f6kone ratkaisee n\u00e4m\u00e4 ongelmat tarjoamalla ratkaisun, joka automatisoi nyp\u00e4isyprosessin, parantaen merkitt\u00e4v\u00e4sti sadon tuottavuutta ja sadon laatua.<\/p>\n<h2>Tuotteen edut<\/h2>\n<h3>1. Tehokkuuden lis\u00e4\u00e4ntyminen<\/h3>\n<p>Kuusirivinen rakenne mahdollistaa koneen nopean laajan alueen k\u00e4sittelyn, mik\u00e4 lyhent\u00e4\u00e4 sadonkorjuuseen tarvittavaa aikaa. T\u00e4m\u00e4 tekee siit\u00e4 ihanteellisen laajamittaisiin viljelyoperaatioihin, joissa kidneypavut on korjattava lyhyess\u00e4 ajassa.<\/p>\n<h3>2. Alennetut ty\u00f6voimakustannukset<\/h3>\n<p>Automatisoimalla sadonkorjuuprosessin 4BYH\/D4BYHS-3.9 -munaispavunpoiminta minimoi manuaalisen ty\u00f6voiman tarpeen, mik\u00e4 johtaa merkitt\u00e4v\u00e4\u00e4n ty\u00f6voimakustannusten alenemiseen ajan my\u00f6t\u00e4.<\/p>\n<h3>3. Tarkkuuskorjuu<\/h3>\n<p>Kone on suunniteltu nostamaan pavut satoa vahingoittamatta sit\u00e4 niin paljon kuin mahdollista, mik\u00e4 varmistaa tarkan korjaamisen. T\u00e4m\u00e4 parantaa korjattujen papujen yleist\u00e4 laatua ja satoa.<\/p>\n<h3>4. Monipuolinen k\u00e4ytt\u00f6<\/h3>\n<p>Ty\u00f6skenteletp\u00e4 sitten pienell\u00e4 perhetilalla tai kaupallisessa yrityksess\u00e4, 4BYH\/D4BYHS-3.9 -munuaispavun ulosvet\u00e4j\u00e4 sopii erikokoisille tiloille ja vaatimuksiin, joten se on monipuolinen ty\u00f6kalu kaikkiin maatalousj\u00e4rjestelmiin.<\/p>\n<h3>5. Kest\u00e4v\u00e4 ja luotettava<\/h3>\n<p>Korkealaatuisista materiaaleista ja edistyneell\u00e4 suunnittelulla valmistettu 4BYH\/D4BYHS-3.9 -munaispavunpoiminta on suunniteltu kest\u00e4m\u00e4\u00e4n useita sadonkorjuukausia. Sen kest\u00e4v\u00e4 rakenne takaa pitk\u00e4aikaisen luotettavuuden ja v\u00e4hent\u00e4\u00e4 huoltotarvetta.<\/p>\n<h2>N\u00e4in 4BYH\/D4BYHS-3.9 -munuaispavun ulosvet\u00e4j\u00e4 (6-rivinen) toimii<\/h2>\n<p>4BYH\/D4BYHS-3.9 -munnuaispapujen ulosvet\u00e4j\u00e4 toimii kuudella rivill\u00e4 vetovarsia, jotka nostavat kidneypavut hell\u00e4varaisesti mutta tehokkaasti maasta. Rakenne varmistaa, ett\u00e4 pavut eiv\u00e4t vaurioidu, ja laite k\u00e4ytt\u00e4\u00e4 vain v\u00e4h\u00e4n tehoa teht\u00e4v\u00e4n suorittamiseen. Sen edistynyt k\u00e4ytt\u00f6mekanismi mahdollistaa synkronoidun vedon, mik\u00e4 lis\u00e4\u00e4 nopeutta ja s\u00e4ilytt\u00e4\u00e4 tarkkuuden. Kun pavut on nostettu, ne ker\u00e4t\u00e4\u00e4n turvallisesti ja varastoidaan jatkok\u00e4sittely\u00e4 varten, jolloin sadon menetys on mahdollisimman pieni.<\/p>\n<p style=\"text-align: center;\"><img loading=\"lazy\" decoding=\"async\" class=\"alignnone  wp-image-454\" src=\"https:\/\/square-balers.com\/wp-content\/uploads\/2025\/12\/ep-4BYHD4BYHS-3.9-Kidney-Bean-Puller-2-1.webp\" alt=\"Munuaispavun irrotin\" width=\"407\" height=\"407\" srcset=\"https:\/\/square-balers.com\/wp-content\/uploads\/2025\/12\/ep-4BYHD4BYHS-3.9-Kidney-Bean-Puller-2-1.webp 264w, https:\/\/square-balers.com\/wp-content\/uploads\/2025\/12\/ep-4BYHD4BYHS-3.9-Kidney-Bean-Puller-2-1-150x150.webp 150w, https:\/\/square-balers.com\/wp-content\/uploads\/2025\/12\/ep-4BYHD4BYHS-3.9-Kidney-Bean-Puller-2-1-12x12.webp 12w, https:\/\/square-balers.com\/wp-content\/uploads\/2025\/12\/ep-4BYHD4BYHS-3.9-Kidney-Bean-Puller-2-1-100x100.webp 100w\" sizes=\"(max-width: 407px) 100vw, 407px\" \/><\/p>\n<h2>T\u00e4rkeimm\u00e4t sovellusskenaariot<\/h2>\n<h3>1. Suuret maatilat<\/h3>\n<p>4BYH\/D4BYHS-3.9 -munuaispavunpoiminta sopii erinomaisesti laajamittaisiin viljelyoperaatioihin, joissa korjattavien papujen m\u00e4\u00e4r\u00e4 on liian suuri tehokkaaseen k\u00e4sity\u00f6h\u00f6n.<\/p>\n<h3>2. Kaupallinen k\u00e4ytt\u00f6<\/h3>\n<p>T\u00e4m\u00e4 kone on suunniteltu kaupalliseen papujen korjuuseen, jossa tehokkuus, nopeus ja kustannustehokkuus ovat ensiarvoisen t\u00e4rkeit\u00e4 voittojen maksimoimiseksi.<\/p>\n<h3>3. Pienet maatilat<\/h3>\n<p>Vaikka t\u00e4m\u00e4 kone sopii suurempiin tiloihin, se voi hy\u00f6dytt\u00e4\u00e4 my\u00f6s pienviljelij\u00f6it\u00e4, jotka haluavat lis\u00e4t\u00e4 sadonkorjuukapasiteettiaan ilman manuaalisiin menetelmiin liittyvi\u00e4 korkeita ty\u00f6voimakustannuksia.<\/p>\n<h3>4. Luomuviljely<\/h3>\n<p>Hell\u00e4varainen mutta tehokas vetomekanismi tekee 4BYH\/D4BYHS-3.9:st\u00e4 ihanteellisen luomutiloille, joilla sadon s\u00e4ilytt\u00e4minen on olennaista luomusertifikaatin yll\u00e4pit\u00e4miseksi.<\/p>\n<h3>5. Viljelykiertopellot<\/h3>\n<p>T\u00e4m\u00e4 kone sopii t\u00e4ydellisesti pelloille, joilla on viljelykierto. Sen monipuolisuus mahdollistaa sen k\u00e4yt\u00f6n erilaisten viljelykasvien kanssa viljelykierrossa minimaalisella seisokkiajalla.<\/p>\n<h3>6. Sadonkorjuu erilaisissa s\u00e4\u00e4olosuhteissa<\/h3>\n<p>Koneen rakenne mahdollistaa tehokkaan toiminnan erilaisissa s\u00e4\u00e4olosuhteissa kuivista ilmastoista kosteampiin peltoihin, mik\u00e4 varmistaa tasaisen suorituskyvyn koko sadonkorjuukauden ajan.<\/p>\n<h2>Kuinka valita oikea 4BYH\/D4BYHS-3.9 kidneypavun ulosvet\u00e4j\u00e4<\/h2>\n<h3>1. Tilan koko<\/h3>\n<p>Tilasi koko on keskeinen tekij\u00e4 oikean mallin valinnassa. Suuremmilla pelloilla 6-rivinen ulosvet\u00e4j\u00e4 tarjoaa parhaan tehokkuuden, kun taas pienemm\u00e4t tilat voivat hy\u00f6ty\u00e4 kompaktimmasta rakenteesta.<\/p>\n<h3>2. Papulajikkeet<\/h3>\n<p>Eri papulajikkeet vaativat erityisi\u00e4 laitteita optimaalisen sadon saavuttamiseksi. Varmista, ett\u00e4 ulosvet\u00e4j\u00e4 on yhteensopiva kasvattamasi kidneypapulajikkeen kanssa, jotta sato ei vahingoitu.<\/p>\n<h3>3. Virtavaatimukset<\/h3>\n<p>Arvioi koneen tehokapasiteetti varmistaaksesi, ett\u00e4 se sopii tilasi laitteisiin ja infrastruktuuriin. Kest\u00e4v\u00e4 virtal\u00e4hde varmistaa sujuvan toiminnan ilman keskeytyksi\u00e4.<\/p>\n<h3>4. Maastotyyppi<\/h3>\n<p>Ota huomioon, millaisella maastolla tilasi sijaitsee. 4BYH\/D4BYHS-3.9 -munuaispavun nostin on suunniteltu toimimaan erilaisissa maastoissa, mutta tietyt muutokset voivat olla tarpeen erityisen kivisill\u00e4 tai ep\u00e4tasaisilla pelloilla.<\/p>\n<h3>5. Budjetti<\/h3>\n<p>Vaikka 4BYH\/D4BYHS-3.9 on investointi, on t\u00e4rke\u00e4\u00e4 arvioida sen kustannustehokkuutta pitk\u00e4ll\u00e4 aikav\u00e4lill\u00e4. Etsi malleja, jotka sopivat budjettiisi ja tarjoavat samalla korkean sijoitetun p\u00e4\u00e4oman tuoton parantuneen tehokkuuden ansiosta.<\/p>\n<h3>6. Myynnin j\u00e4lkeinen tuki<\/h3>\n<p>Varmista, ett\u00e4 valmistaja tarjoaa luotettavaa j\u00e4lkimarkkinointipalvelua, mukaan lukien huolto ja varaosien saatavuus. Oikea tuki varmistaa, ett\u00e4 investointisi pysyy toimintakunnossa useiden sadonkorjuukausien ajan.<\/p>\n<h2>4BYH\/D4BYHS-3.9 -munuaispavunpoimijan huolto<\/h2>\n<p>4BYH\/D4BYHS-3.9 -munuaispavunulkimen kunnossapidossa suositellaan moottorin, vetovarsien ja voimansiirtoj\u00e4rjestelm\u00e4n s\u00e4\u00e4nn\u00f6llisi\u00e4 tarkastuksia. Puhdista kone jokaisen k\u00e4ytt\u00f6kerran j\u00e4lkeen lian kertymisen est\u00e4miseksi ja voitele liikkuvat osat k\u00e4ytt\u00f6oppaan mukaisesti. Aikatauluta ammattimainen huolto vuosittain optimaalisen suorituskyvyn varmistamiseksi, erityisesti ennen sadonkorjuukautta.<\/p>\n<p style=\"text-align: center;\"><img loading=\"lazy\" decoding=\"async\" class=\"alignnone  wp-image-455\" src=\"https:\/\/square-balers.com\/wp-content\/uploads\/2025\/12\/ep-4BYHD4BYHS-3.9-Kidney-Bean-Puller-3-1.webp\" alt=\"Munuaispavun irrotin\" width=\"425\" height=\"425\" srcset=\"https:\/\/square-balers.com\/wp-content\/uploads\/2025\/12\/ep-4BYHD4BYHS-3.9-Kidney-Bean-Puller-3-1.webp 273w, https:\/\/square-balers.com\/wp-content\/uploads\/2025\/12\/ep-4BYHD4BYHS-3.9-Kidney-Bean-Puller-3-1-150x150.webp 150w, https:\/\/square-balers.com\/wp-content\/uploads\/2025\/12\/ep-4BYHD4BYHS-3.9-Kidney-Bean-Puller-3-1-12x12.webp 12w, https:\/\/square-balers.com\/wp-content\/uploads\/2025\/12\/ep-4BYHD4BYHS-3.9-Kidney-Bean-Puller-3-1-100x100.webp 100w\" sizes=\"(max-width: 425px) 100vw, 425px\" \/><\/p>\n<h2>Asiakasarvostelut<\/h2>\n<p>\u201d4BYH\/D4BYHS-3.9 -munuaispavunpoiminta on mullistanut tilamme toiminnan. Olemme v\u00e4hent\u00e4neet manuaalista ty\u00f6t\u00e4 yli 50%:ll\u00e4, ja pavut korjataan mahdollisimman v\u00e4h\u00e4isin vaurioin. Eritt\u00e4in suositeltavaa suurviljelij\u00f6ille!\u201d<br \/>\n\u2013 John Doe \u2013 Yhdysvallat<\/p>\n<p>\u201dPienen tilan omistajana ep\u00e4r\u00f6in investoida t\u00e4llaisiin laitteisiin. Kuusirivinen ulosvet\u00e4j\u00e4 on kuitenkin parantanut tehokkuuttani, ja pystyn nyt kilpailemaan suurempien tilojen kanssa. Se on todella edullinen ja tehokas.\u201d<br \/>\n\u2013 Alice Green \u2013 Kanada<\/p>\n<p>\u201dOlen k\u00e4ytt\u00e4nyt 4BYH\/D4BYHS-3.9 -kidneypapujen nyppij\u00e4\u00e4 nyt kauden, ja se on toiminut moitteettomasti. Kone on kest\u00e4v\u00e4, helppok\u00e4ytt\u00f6inen ja s\u00e4\u00e4st\u00e4\u00e4 paljon aikaa. Jokaisen pennin arvoinen.\u201d<br \/>\n\u2013 Li Wei \u2013 Kiina<\/p>\n<p>\u201dT\u00e4m\u00e4 kone on v\u00e4ltt\u00e4m\u00e4t\u00f6n kaupalliselle kidneypapujen tuotannollemme. Se k\u00e4sittelee papuja hell\u00e4varaisesti ja tehokkaasti varmistaen korkealaatuisen sadon joka kerta.\u201d<br \/>\n\u2013 Mohammed Ali \u2013 Egypti<\/p>\n<p>\u201dErinomainen suorituskyky ja luotettava palvelu. Kone toimii sujuvasti my\u00f6s vaikeissa s\u00e4\u00e4olosuhteissa, ja yrityksen asiakaspalvelu oli huippuluokkaa.\u201d<br \/>\n\u2013 Katherine Black \u2013 Iso-Britannia<\/p>\n<h2>Miksi valita tuotteemme?<\/h2>\n<p>Tarjoamme nopeita r\u00e4\u00e4t\u00e4l\u00f6intipalveluita varmistaaksemme, ett\u00e4 4BYH\/D4BYHS-3.9 -munaispavunpoiminta vastaa juuri sinun viljelytarpeitasi. Vahva huoltotiimimme varmistaa parhaan mahdollisen asiakaskokemuksen ja tarjoamme tuotteelle 3 vuoden takuun mielenrauhan takaamiseksi. Tuemme maailmanlaajuista nopeaa toimitusta t\u00e4ytt\u00e4\u00e4ksemme kaikki tilaustarpeet ja meill\u00e4 on k\u00e4yt\u00f6ss\u00e4 vankka j\u00e4lkimarkkinointij\u00e4rjestelm\u00e4, joka hoitaa huollon ja osien vaihdon tehokkaasti.<\/p>\n<h2>Tuotemainonta<\/h2>\n<p>Tutustu 4BYH\/D4BYHS-3.9 -munnuutajaan jo t\u00e4n\u00e4\u00e4n ja koe, miten se voi mullistaa papujen korjuutoimintasi. Tuotantokykymme takaavat korkeimpien laatustandardien t\u00e4yttymisen, ja kilpailukykyinen hintamme tekee siit\u00e4 edullisen vaihtoehdon sek\u00e4 pienille ett\u00e4 suurille tiloille. Munuuaujanuijan lis\u00e4ksi tarjoamme my\u00f6s erilaisia \u200b\u200blis\u00e4varusteita ja niihin liittyvi\u00e4 tuotteita kaikkiin viljelytarpeisiisi.<\/p>\n<p>Ryhdy toimeen nyt! Ota yhteytt\u00e4 keskustellaksesi tarpeistasi ja tehd\u00e4ksesi tilauksen. Anna meid\u00e4n auttaa sinua optimoimaan sadonkorjuusi parhailla saatavilla olevilla kidneypapujen korjuulaitteilla.<\/p>\n<p style=\"text-align: center;\"><img loading=\"lazy\" decoding=\"async\" class=\"alignnone  wp-image-456\" src=\"https:\/\/square-balers.com\/wp-content\/uploads\/2025\/12\/ep-4BYHD4BYHS-3.9-Kidney-Bean-Puller-4-1.webp\" alt=\"Munuaispavun irrotin\" width=\"426\" height=\"426\" srcset=\"https:\/\/square-balers.com\/wp-content\/uploads\/2025\/12\/ep-4BYHD4BYHS-3.9-Kidney-Bean-Puller-4-1.webp 274w, https:\/\/square-balers.com\/wp-content\/uploads\/2025\/12\/ep-4BYHD4BYHS-3.9-Kidney-Bean-Puller-4-1-150x150.webp 150w, https:\/\/square-balers.com\/wp-content\/uploads\/2025\/12\/ep-4BYHD4BYHS-3.9-Kidney-Bean-Puller-4-1-12x12.webp 12w, https:\/\/square-balers.com\/wp-content\/uploads\/2025\/12\/ep-4BYHD4BYHS-3.9-Kidney-Bean-Puller-4-1-100x100.webp 100w\" sizes=\"(max-width: 426px) 100vw, 426px\" \/><\/p>\n<h2>Usein kysytyt kysymykset<\/h2>\n<p><strong>Mik\u00e4 on 4BYH\/D4BYHS-3.9 -munuaispavun ulosvedin?<\/strong><\/p>\n<p>4BYH\/D4BYHS-3.9 -munuaispavun nostin on suunniteltu laajamittaiseen sadonkorjuuseen kuusirivisen\u00e4, joten se sopii tiloille, joilla on laajoja papuviljelmi\u00e4. Se voi korjata useita hehtaareja p\u00e4iv\u00e4ss\u00e4 pelto-olosuhteista riippuen.<\/p>\n<p><strong>Voiko kidneypapujen nyppimist\u00e4 k\u00e4ytt\u00e4\u00e4 muiden papulajikkeiden kanssa?<\/strong><\/p>\n<p>Kyll\u00e4, vaikka kone on suunniteltu erityisesti kidneypapuja varten, sit\u00e4 voidaan k\u00e4ytt\u00e4\u00e4 my\u00f6s muiden, samankaltaisten papulajikkeiden korjuuseen. Asetuksia on kuitenkin suositeltavaa s\u00e4\u00e4t\u00e4\u00e4 eri viljelykasveille.<\/p>\n<p><strong>Kuinka usein kidneypavun irrotin tulisi huoltaa?<\/strong><\/p>\n<p>On suositeltavaa suorittaa s\u00e4\u00e4nn\u00f6lliset huoltotarkastukset jokaisen k\u00e4ytt\u00f6kerran j\u00e4lkeen ja ajoittaa kattava huolto vuosittain, jotta kone toimii parhaalla mahdollisella tavalla.<\/p>\n<p><strong>Millaisessa maastossa kidneypavun nyht\u00f6laite pystyy selviytym\u00e4\u00e4n?<\/strong><\/p>\n<p>Kone on riitt\u00e4v\u00e4n monipuolinen selviytym\u00e4\u00e4n erilaisista maastoista, mukaan lukien tasaiset ja hieman ep\u00e4tasaiset pellot. Se voi kuitenkin vaatia muutoksia eritt\u00e4in kivisill\u00e4 tai jyrkill\u00e4 maastoilla.<\/p>\n<p><strong>Onko 4BYH\/D4BYHS-3.9 -munuaispavun ulosvet\u00e4j\u00e4 helppok\u00e4ytt\u00f6inen?<\/strong><\/p>\n<p>Kyll\u00e4, kone on suunniteltu helppok\u00e4ytt\u00f6iseksi. Yksinkertaisen k\u00e4ytt\u00f6liittym\u00e4n ja intuitiivisten s\u00e4\u00e4timien ansiosta jopa v\u00e4h\u00e4n teknist\u00e4 kokemusta omaavat maanviljelij\u00e4t voivat k\u00e4ytt\u00e4\u00e4 ulosvet\u00e4j\u00e4\u00e4 tehokkaasti lyhyen perehdytyksen j\u00e4lkeen.<\/p>\n<p>gzl:n muokkaama<\/p>\n<p><!-- More FAQs here as per the requirements --><\/p>\n<p>&nbsp;<\/p>","protected":false},"excerpt":{"rendered":"<p>Paranna viljelysi tehokkuutta 4BYH\/D4BYHS-3.9 -munuaispavunpoimijalla (6-rivinen). Kest\u00e4v\u00e4ksi ja tarkaksi suunniteltu innovatiivinen ty\u00f6kalu varmistaa nopean ja puhtaan papujen korjuun. S\u00e4\u00e4st\u00e4 aikaa ja vaivaa samalla maksimoiden sadon. T\u00e4ydellinen suurille tiloille. Hanki omasi jo t\u00e4n\u00e4\u00e4n ja koe huippuluokan suorituskyky! Tilaa nyt nopeaan toimitukseen.<\/p>","protected":false},"featured_media":453,"template":"","meta":{"_et_pb_use_builder":"","_et_pb_old_content":"","_et_gb_content_width":""},"product_brand":[],"product_cat":[23],"product_tag":[],"class_list":{"0":"post-451","1":"product","2":"type-product","3":"status-publish","4":"has-post-thumbnail","6":"product_cat-mower-tedder","8":"first","9":"instock","10":"shipping-taxable","11":"product-type-simple"},"_links":{"self":[{"href":"https:\/\/square-balers.com\/fi\/wp-json\/wp\/v2\/product\/451","targetHints":{"allow":["GET"]}}],"collection":[{"href":"https:\/\/square-balers.com\/fi\/wp-json\/wp\/v2\/product"}],"about":[{"href":"https:\/\/square-balers.com\/fi\/wp-json\/wp\/v2\/types\/product"}],"wp:featuredmedia":[{"embeddable":true,"href":"https:\/\/square-balers.com\/fi\/wp-json\/wp\/v2\/media\/453"}],"wp:attachment":[{"href":"https:\/\/square-balers.com\/fi\/wp-json\/wp\/v2\/media?parent=451"}],"wp:term":[{"taxonomy":"product_brand","embeddable":true,"href":"https:\/\/square-balers.com\/fi\/wp-json\/wp\/v2\/product_brand?post=451"},{"taxonomy":"product_cat","embeddable":true,"href":"https:\/\/square-balers.com\/fi\/wp-json\/wp\/v2\/product_cat?post=451"},{"taxonomy":"product_tag","embeddable":true,"href":"https:\/\/square-balers.com\/fi\/wp-json\/wp\/v2\/product_tag?post=451"}],"curies":[{"name":"wp","href":"https:\/\/api.w.org\/{rel}","templated":true}]}}