{"id":458,"date":"2025-12-22T03:47:48","date_gmt":"2025-12-22T03:47:48","guid":{"rendered":"https:\/\/square-balers.com\/?post_type=product&#038;p=458"},"modified":"2025-12-22T09:03:46","modified_gmt":"2025-12-22T09:03:46","slug":"9f-70-silppuri","status":"publish","type":"product","link":"https:\/\/square-balers.com\/fi\/tuote\/9f-70-silppuri\/","title":{"rendered":"9F-70 Silppuri"},"content":{"rendered":"<p>9F-70-rehunjauhin on edistyksellinen kone, joka on suunniteltu rehun k\u00e4sittelyyn, mik\u00e4 tekee siit\u00e4 ratkaisevan t\u00e4rke\u00e4n laitteen maatalousteollisuudessa. T\u00e4t\u00e4 monipuolista konetta k\u00e4ytet\u00e4\u00e4n p\u00e4\u00e4asiassa erilaisten rehujen jauhamiseen ja jauhamiseen, mik\u00e4 parantaa el\u00e4inten rehun laatua. Sen korkea tehokkuus ja kest\u00e4vyys tekev\u00e4t siit\u00e4 korvaamattoman sek\u00e4 pieniss\u00e4 ett\u00e4 suurissa maatiloilla.<\/p>\n<h2>Tekniset tiedot<\/h2>\n<table style=\"border-color: #000000;\">\n<thead>\n<tr>\n<th>Sarjanumero<\/th>\n<th>Tuote<\/th>\n<th>Yksikk\u00f6<\/th>\n<th>Tekniset tiedot<\/th>\n<\/tr>\n<\/thead>\n<tbody>\n<tr>\n<td>1<\/td>\n<td>Mallin nimi<\/td>\n<td>\/<\/td>\n<td>9F-70-tyyppinen rehunmurskain<\/td>\n<\/tr>\n<tr>\n<td>2<\/td>\n<td>Rakennetyyppi<\/td>\n<td>\/<\/td>\n<td>Kiinte\u00e4 toiminto<\/td>\n<\/tr>\n<tr>\n<td>3<\/td>\n<td>Ajotapa<\/td>\n<td>\/<\/td>\n<td>Kiinte\u00e4 teho<\/td>\n<\/tr>\n<tr>\n<td>4<\/td>\n<td>Virtatyyppi<\/td>\n<td>\/<\/td>\n<td>Dieselmoottori<\/td>\n<\/tr>\n<tr>\n<td>5<\/td>\n<td>Moottorin nimellisteho<\/td>\n<td>kW<\/td>\n<td>191<\/td>\n<\/tr>\n<tr>\n<td>6<\/td>\n<td>Kotelon valmistusmenetelm\u00e4<\/td>\n<td>\/<\/td>\n<td>Hitsattu tyyppi<\/td>\n<\/tr>\n<tr>\n<td>7<\/td>\n<td>Roottorin rakennetyyppi<\/td>\n<td>\/<\/td>\n<td>Vasaranpalan tyyppi<\/td>\n<\/tr>\n<tr>\n<td>8<\/td>\n<td>Vasaranpalojen lukum\u00e4\u00e4r\u00e4<\/td>\n<td>pala<\/td>\n<td>64<\/td>\n<\/tr>\n<tr>\n<td>9<\/td>\n<td>Roottorin kiekon halkaisija<\/td>\n<td>mm<\/td>\n<td>450<\/td>\n<\/tr>\n<tr>\n<td>10<\/td>\n<td>Roottorin ty\u00f6halkaisija<\/td>\n<td>mm<\/td>\n<td>700<\/td>\n<\/tr>\n<tr>\n<td>11<\/td>\n<td>Vasaranpalojen lukum\u00e4\u00e4r\u00e4<\/td>\n<td>pala<\/td>\n<td>64<\/td>\n<\/tr>\n<tr>\n<td>12<\/td>\n<td>Murskauskammion leveys<\/td>\n<td>mm<\/td>\n<td>1100<\/td>\n<\/tr>\n<tr>\n<td>13<\/td>\n<td>Kokonaismitat (P \u00d7 L \u00d7 K)<\/td>\n<td>mm<\/td>\n<td>7700 \u00d7 2600 \u00d7 2900<\/td>\n<\/tr>\n<tr>\n<td>14<\/td>\n<td>Voimanottoakselin nopeus<\/td>\n<td>kierrosta minuutissa<\/td>\n<td>1800<\/td>\n<\/tr>\n<tr>\n<td>15<\/td>\n<td>Py\u00f6r\u00e4nj\u00e4lki<\/td>\n<td>mm<\/td>\n<td>2200<\/td>\n<\/tr>\n<tr>\n<td>16<\/td>\n<td>Tuottavuus<\/td>\n<td>tonni\/h<\/td>\n<td>5-20<\/td>\n<\/tr>\n<tr>\n<td>17<\/td>\n<td>Rakenteellinen paino<\/td>\n<td>kg<\/td>\n<td>5500<\/td>\n<\/tr>\n<tr>\n<td>18<\/td>\n<td>Ruokintamenetelm\u00e4<\/td>\n<td>\/<\/td>\n<td>Sylinterim\u00e4inen sy\u00f6tt\u00f6j\u00e4rjestelm\u00e4<\/td>\n<\/tr>\n<\/tbody>\n<\/table>\n<h2>Tuotteen m\u00e4\u00e4ritelm\u00e4<\/h2>\n<p>9F-70-rehunjauhin on tehokas kone, joka on suunniteltu murskaamaan, jauhamaan ja jauhamaan rehukasveja el\u00e4inten rehuksi. Tehokkaan moottorinsa ja tarkkuustekniikkansa ansiosta t\u00e4m\u00e4 jauhin k\u00e4sittelee tehokkaasti hein\u00e4\u00e4, ruohoa ja muita kasvimateriaaleja parantaen el\u00e4inten rehun ravintoarvoa. Se sopii t\u00e4ydellisesti maanviljelij\u00f6ille, jotka vaativat tasaista ja luotettavaa suorituskyky\u00e4 karjanrehun k\u00e4sittelyss\u00e4.<\/p>\n<h2>Mit\u00e4 ongelmia 9F-70-rehuhiomakone ratkaisee?<\/h2>\n<p>9F-70-rehujauhin ratkaisee useita maatalousalan ongelmia, mukaan lukien:<\/p>\n<ul>\n<li><strong>Rehuntuotannon tehokkuus:<\/strong> Kone jauhaa rehun nopeasti ja tehokkaasti, mik\u00e4 lyhent\u00e4\u00e4 rehun valmisteluun kuluvaa aikaa.<\/li>\n<li><strong>Laadunvalvonta:<\/strong> Se varmistaa tasaisen jauhatuskoon, mik\u00e4 on ratkaisevan t\u00e4rke\u00e4\u00e4 rehun ravintosis\u00e4ll\u00f6n maksimoimiseksi.<\/li>\n<li><strong>Parempi el\u00e4inten terveys:<\/strong> Jauhamalla hienoksi rehua kone parantaa sulavuutta, mik\u00e4 johtaa ravintoaineiden parempaan imeytymiseen.<\/li>\n<li><strong>Ty\u00f6voimakustannusten aleneminen:<\/strong> Kone automatisoi perinteisesti ty\u00f6voimavaltaisen prosessin ja alentaa k\u00e4ytt\u00f6kustannuksia.<\/li>\n<li><strong>Monipuolisuus:<\/strong> Se pystyy k\u00e4sittelem\u00e4\u00e4n monenlaisia \u200b\u200brehutyyppej\u00e4, joten se sopii erilaisiin maatalouden tarpeisiin.<\/li>\n<\/ul>\n<h2>Tuotteen edut<\/h2>\n<p>9F-70-rehuhiomakone tarjoaa lukuisia etuja, mik\u00e4 tekee siit\u00e4 ensiluokkaisen valinnan maanviljelij\u00f6ille ymp\u00e4ri maailmaa. T\u00e4ss\u00e4 ovat t\u00e4rkeimm\u00e4t edut:<\/p>\n<ul>\n<li><strong>Korkea jauhatustehokkuus:<\/strong> 9F-70-rehunhiomakone on varustettu tehokkailla moottoreilla, jotka tarjoavat nopean ja tasaisen jauhatustehon, jolloin voit k\u00e4sitell\u00e4 suuria m\u00e4\u00e4ri\u00e4 rehua nopeasti.<\/li>\n<li><strong>Kest\u00e4vyys ja pitk\u00e4ik\u00e4isyys:<\/strong> Korkealaatuisista materiaaleista valmistettu jauhin on suunniteltu kest\u00e4m\u00e4\u00e4n my\u00f6s vaativissa ty\u00f6olosuhteissa. T\u00e4m\u00e4 pitk\u00e4ik\u00e4isyys takaa sijoitetun p\u00e4\u00e4oman korkean tuoton ajan my\u00f6t\u00e4.<\/li>\n<li><strong>Monipuolisuus:<\/strong> Se pystyy k\u00e4sittelem\u00e4\u00e4n erilaisia \u200b\u200brehutyyppej\u00e4 ruohoista hein\u00e4\u00e4n, mik\u00e4 tekee siit\u00e4 joustavan ratkaisun erilaisiin maatalouden tarpeisiin.<\/li>\n<li><strong>V\u00e4h\u00e4inen huoltotarve:<\/strong> Kone on suunniteltu helposti huollettavaksi, ja siin\u00e4 on yksinkertaiset komponentit, jotka vaativat vain v\u00e4h\u00e4n huoltoa.<\/li>\n<li><strong>Kompakti muotoilu:<\/strong> Tehokkaista ominaisuuksistaan \u200b\u200bhuolimatta 9F-70 on kompakti ja helppo varastoida, joten se sopii erinomaisesti pienille ja keskisuurille tiloille, joilla tilaa on rajoitetusti.<\/li>\n<\/ul>\n<h2>N\u00e4in 9F-70-rehuhiomakone toimii<\/h2>\n<p>9F-70-rehunjauhin toimii vankan ter\u00e4- ja vasaraj\u00e4rjestelm\u00e4n avulla, joka murskaa ja jauhaa rehun. Kun rehu saapuu jauhatuskammioon, tehokas moottori py\u00f6ritt\u00e4\u00e4 py\u00f6rivi\u00e4 teri\u00e4, jotka silppuavat ja murskaavat materiaalin pienemmiksi, tasalaatuisiksi paloiksi. Jauhimen rakenne minimoi tehoh\u00e4vi\u00f6n, mik\u00e4 tekee prosessista eritt\u00e4in energiatehokkaan. T\u00e4m\u00e4 j\u00e4rjestelm\u00e4 pystyy k\u00e4sittelem\u00e4\u00e4n monenlaisia \u200b\u200bmateriaaleja kovista varsista pehme\u00e4mpiin lehtiin, ja tarjoaa optimaaliset tulokset jokaisessa er\u00e4ss\u00e4.<\/p>\n<p style=\"text-align: center;\"><img loading=\"lazy\" decoding=\"async\" class=\"alignnone wp-image-459\" src=\"https:\/\/square-balers.com\/wp-content\/uploads\/2025\/12\/ep-9F-70-Forage-Grinder-1-1-1-300x300.webp\" alt=\"Silppuri\" width=\"374\" height=\"374\" \/><\/p>\n<h2>9F-70-rehuhiomakoneen t\u00e4rkeimm\u00e4t k\u00e4ytt\u00f6kohteet<\/h2>\n<p>9F-70-silppuria k\u00e4ytet\u00e4\u00e4n monenlaisissa maataloustilanteissa. Sen monipuolisuus tekee siit\u00e4 sopivan erilaisiin k\u00e4ytt\u00f6tarkoituksiin:<\/p>\n<ul>\n<li><strong>El\u00e4inrehun tuotanto:<\/strong> Jauhin sopii erinomaisesti karjan rehun valmistukseen, varmistaen, ett\u00e4 ne saavat ravitsevaa ja helposti sulavaa rehua.<\/li>\n<li><strong>Hein\u00e4njalostus:<\/strong> Se on tehokas hein\u00e4n jauhamisessa lypsy- ja lihakarjalle, mik\u00e4 edist\u00e4\u00e4 karjan terveytt\u00e4.<\/li>\n<li><strong>Ruohonleikkuu:<\/strong> K\u00e4ytet\u00e4\u00e4n laiduntavien el\u00e4inten ruohon k\u00e4sittelyyn, mik\u00e4 parantaa rehun laatua jokaisella jauhatuksella.<\/li>\n<li><strong>Rehun jauhaminen:<\/strong> Se sopii erinomaisesti muiden rehukasvien jauhamiseen, mik\u00e4 parantaa niiden ravintoarvoa erilaisille tuotantoel\u00e4imille.<\/li>\n<li><strong>S\u00e4il\u00f6rehun valmistus:<\/strong> 9F-70 voi auttaa s\u00e4il\u00f6rehun valmistuksessa jauhamalla rehun sopivan kokoiseksi k\u00e4ymist\u00e4 varten.<\/li>\n<li><strong>Pienimuotoinen maatalous:<\/strong> Kompaktin rakenteensa ansiosta se sopii erinomaisesti pienempiin maatiloihin, jotka silti vaativat tehokasta rehun k\u00e4sittely\u00e4.<\/li>\n<\/ul>\n<h2>Kuinka valita oikea 9F-70-rehuhiomakone<\/h2>\n<p>Kun valitset oikean 9F-70-silppurin, ota huomioon seuraavat tekij\u00e4t varmistaaksesi, ett\u00e4 teet tietoon perustuvan p\u00e4\u00e4t\u00f6ksen:<\/p>\n<ul>\n<li><strong>K\u00e4sittelykapasiteetti:<\/strong> M\u00e4\u00e4rit\u00e4, kuinka paljon rehua sinun on k\u00e4sitelt\u00e4v\u00e4 p\u00e4ivitt\u00e4in tai viikoittain. Valitse malli, joka t\u00e4ytt\u00e4\u00e4 tai ylitt\u00e4\u00e4 vaatimuksesi optimaalisen tehokkuuden saavuttamiseksi.<\/li>\n<li><strong>Virtavaatimukset:<\/strong> Varmista, ett\u00e4 jauhimen moottorin teho vastaa jauhatettavan rehun tyyppi\u00e4, erityisesti kovempien materiaalien, kuten varsien, kohdalla.<\/li>\n<li><strong>Koko ja tila:<\/strong> Pienemmille tiloille valitse kompakti hiomakone, kuten 9F-70, joka ei vie liikaa tilaa ja tarjoaa silti korkean suorituskyvyn.<\/li>\n<li><strong>Helppohoitoisuus:<\/strong> Etsi helposti puhdistettavia ja huollettavia kahvimyllyj\u00e4. Mit\u00e4 yksinkertaisempi muotoilu, sit\u00e4 v\u00e4hemm\u00e4n aikaa kuluu huoltoon.<\/li>\n<li><strong>Budjetti:<\/strong> Mieti budjettiasi ja jauhimen hintaa suhteessa sen ominaisuuksiin ja mahdollisuuksiin. Tasapainota kustannukset haluttuun tuottoon l\u00f6yt\u00e4\u00e4ksesi parhaan vastineen rahalle.<\/li>\n<li><strong>Tuotemerkin maine:<\/strong> Valitse luotettava valmistaja, joka tunnetaan laadukkaista tuotteista ja asiakaspalvelusta.<\/li>\n<\/ul>\n<h2>9F-70-silppurin huoltovinkkej\u00e4<\/h2>\n<p>Jotta 9F-70-silppurisi toimisi tehokkaasti vuosien ajan, s\u00e4\u00e4nn\u00f6llinen huolto on avainasemassa. Noudata n\u00e4it\u00e4 vinkkej\u00e4 optimaalisen suorituskyvyn saavuttamiseksi:<\/p>\n<ul>\n<li><strong>Puhdista s\u00e4\u00e4nn\u00f6llisesti:<\/strong> Puhdista jauhin jokaisen k\u00e4ytt\u00f6kerran j\u00e4lkeen mahdollisista rehunj\u00e4\u00e4mist\u00e4. T\u00e4m\u00e4 est\u00e4\u00e4 tukkeutumisen ja varmistaa sujuvan toiminnan seuraavalla k\u00e4ytt\u00f6kerralla.<\/li>\n<li><strong>Tarkista kuluminen:<\/strong> Tarkista ter\u00e4t ja vasarat s\u00e4\u00e4nn\u00f6llisesti. Vaihda ne, kun kulumisen merkkej\u00e4 on havaittavissa, jotta hiontateho s\u00e4ilyy.<\/li>\n<li><strong>Voitelu:<\/strong> Levit\u00e4 voiteluainetta liikkuviin osiin kitkan v\u00e4hent\u00e4miseksi ja kulumisen est\u00e4miseksi. Noudata valmistajan suosituksia oikean tyyppisest\u00e4 voiteluaineesta.<\/li>\n<li><strong>Tarkasta s\u00e4hk\u00f6komponentit:<\/strong> Tarkista moottori ja johdotus s\u00e4\u00e4nn\u00f6llisesti varmistaaksesi, ettei s\u00e4hk\u00f6j\u00e4rjestelm\u00e4ss\u00e4 ole ongelmia. Varmista, ett\u00e4 kaikki toimii ennen jokaista k\u00e4ytt\u00f6kertaa.<\/li>\n<li><strong>Oikea s\u00e4ilytys:<\/strong> S\u00e4ilyt\u00e4 jauhinmylly\u00e4 kuivassa ja viile\u00e4ss\u00e4 paikassa, jotta se ei ruostu ja vahingoitu muuten kosteuden tai \u00e4\u00e4rimm\u00e4isten l\u00e4mp\u00f6tilojen vuoksi.<\/li>\n<\/ul>\n<h2>Asiakasarvostelut<\/h2>\n<p>\u201dOlen k\u00e4ytt\u00e4nyt 9F-70-rehujauhinta viimeisen vuoden ajan, ja se on parantanut rehuntuotantoamme huomattavasti. Jauhin on helppok\u00e4ytt\u00f6inen, ja olemme huomanneet karjanrehun laadun parantuneen. Suosittelen sit\u00e4 l\u00e4mpim\u00e4sti kaikille, jotka etsiv\u00e4t luotettavaa ja kest\u00e4v\u00e4\u00e4 jauhinta!\u201d<br \/>\n\u2014 <strong>John Smith, Yhdysvallat<\/strong><\/p>\n<p>\u201d9F-70-rehujauhin on erinomainen laite. Olemme k\u00e4ytt\u00e4neet sit\u00e4 pienell\u00e4 tilallamme hein\u00e4n ja ruohon jauhamiseen lehmillemme. Se on toiminut moitteettomasti ja s\u00e4\u00e4st\u00e4\u00e4 paljon aikaamme manuaaliseen jauhamiseen verrattuna.\u201d<br \/>\n\u2014 <strong>Alice Chen, Australia<\/strong><\/p>\n<p>\u201dLoistava jauhin, joka on tehnyt maataloustoiminnastamme paljon tehokkaampaa. Kone on tehokas ja jauhaa rehun t\u00e4ydelliseen kokoon. My\u00f6s toimittajan palvelu oli erinomaista.\u201d<br \/>\n\u2014 <strong>David Lee, Iso-Britannia<\/strong><\/p>\n<p>\u201dOlemme k\u00e4ytt\u00e4neet t\u00e4t\u00e4 jauhinkonetta jo useita kuukausia, ja se on ylitt\u00e4nyt odotuksemme. Se k\u00e4sittelee sek\u00e4 pehmeit\u00e4 ett\u00e4 kovia rehumateriaaleja ilman ongelmia. Eritt\u00e4in kest\u00e4v\u00e4 kone!\u201d<br \/>\n\u2014 <strong>Maria Garc\u00eda, Espanja<\/strong><\/p>\n<p>\u201d9F-70 on paras rehunhiontakone, jota olemme koskaan k\u00e4ytt\u00e4neet. Se k\u00e4sittelee kaikenlaisia \u200b\u200brehuja helposti, ja sen huolto on suoraviivaista. Olen eritt\u00e4in tyytyv\u00e4inen investointiin.\u201d<br \/>\n\u2014 <strong>Ravi Kumar, Intia<\/strong><\/p>\n<h2>Miksi valita juuri meid\u00e4n tuotteemme?<\/h2>\n<p>Kun valitset yrityksemme 9F-70-rehuhiomakoneen, saat ensiluokkaisen tuotteen ja erinomaisen palvelun. Tarjoamme:<\/p>\n<ul>\n<li><strong>Nopeat r\u00e4\u00e4t\u00e4l\u00f6intipalvelut:<\/strong> Tarvitsetko erityist\u00e4 kokoonpanoa? Voimme r\u00e4\u00e4t\u00e4l\u00f6id\u00e4 jauhimen erityistarpeidesi mukaan.<\/li>\n<li><strong>3 vuoden takuu:<\/strong> Tuotteillamme on 3 vuoden takuu, mik\u00e4 takaa mielenrauhan ja pitk\u00e4aikaisen luotettavuuden.<\/li>\n<li><strong>Maailmanlaajuinen nopea toimitus:<\/strong> Tarjoamme nopean toimituksen kaikkialle maailmaan, varmistaen tilaustesi oikea-aikaisen toimituksen.<\/li>\n<li><strong>Kattava myynnin j\u00e4lkeinen tuki:<\/strong> Asiakaspalvelumme on aina k\u00e4ytett\u00e4viss\u00e4si auttaakseen kaikissa oston j\u00e4lkeen ilmeneviss\u00e4 ongelmissa.<\/li>\n<\/ul>\n<p>9F-70:n lis\u00e4ksi <a href=\"https:\/\/square-balers.com\/fi\/tuote\/9fz-2-0-sormipyorainen-heinakone\/\">Silppuri<\/a>Tarjoamme my\u00f6s laajan valikoiman lis\u00e4varusteita ja niihin liittyvi\u00e4 tuotteita, kuten teri\u00e4, moottoreita ja muita hiomakoneita. Tutustu koko tuotevalikoimaamme ja ota selv\u00e4\u00e4, kuinka voimme auttaa parantamaan maataloustoimintaasi. Tuotteemme on suunniteltu kest\u00e4viksi, tehokkaiksi ja edullisiksi, mik\u00e4 varmistaa, ett\u00e4 saat parhaan vastineen investoinnillesi.<\/p>\n<h2>Tutustu tuotevalikoimaamme ja ota meihin yhteytt\u00e4 jo t\u00e4n\u00e4\u00e4n!<\/h2>\n<p>\u00c4l\u00e4 missaa tilaisuutta parantaa maatalouden toimintojasi 9F-70-rehujauhimella. Ota meihin yhteytt\u00e4 jo t\u00e4n\u00e4\u00e4n saadaksesi lis\u00e4tietoja t\u00e4st\u00e4 tuotteesta, sen hinnasta ja siit\u00e4, miten se voi hy\u00f6dytt\u00e4\u00e4 karjanrehun tuotantoasi. Olemme sitoutuneet tarjoamaan korkealaatuisia tuotteita ja erinomaista asiakaspalvelua tarpeidesi t\u00e4ytt\u00e4miseksi.<\/p>\n<h2>Usein kysytyt kysymykset<\/h2>\n<ol>\n<li><strong>Mik\u00e4 on 9F-70-rehuhiomakoneen kapasiteetti?<\/strong><br \/>\n9F-70-rehunjauhimella on suuri kapasiteetti ja se pystyy k\u00e4sittelem\u00e4\u00e4n suuria m\u00e4\u00e4ri\u00e4 rehua lyhyess\u00e4 ajassa, joten se sopii erinomaisesti sek\u00e4 pieniin ett\u00e4 suuriin tiloihin.<\/li>\n<li><strong>Pystyyk\u00f6 9F-70-rehuhiomakone k\u00e4sittelem\u00e4\u00e4n kovia materiaaleja?<\/strong><br \/>\nKyll\u00e4, jauhin on suunniteltu k\u00e4sittelem\u00e4\u00e4n erilaisia \u200b\u200brehulajeja, mukaan lukien sitkeit\u00e4 varsia ja kuituisia materiaaleja, varmistaen sujuvan toiminnan ja optimaalisen suorituskyvyn.<\/li>\n<li><strong>Miten huollan 9F-70-silppuria?<\/strong><br \/>\nS\u00e4\u00e4nn\u00f6lliseen huoltoon kuuluu puhdistus jokaisen k\u00e4ytt\u00f6kerran j\u00e4lkeen, terien kulumisen tarkastus, liikkuvien osien voitelu ja asianmukaisten s\u00e4ilytysolosuhteiden varmistaminen.<\/li>\n<li><strong>Onko 9F-70-silppuria helppo k\u00e4ytt\u00e4\u00e4?<\/strong><br \/>\nKyll\u00e4, 9F-70 on k\u00e4ytt\u00e4j\u00e4yst\u00e4v\u00e4llinen, siin\u00e4 on yksinkertaiset hallintalaitteet ja minimaaliset asennusvaatimukset, joten sit\u00e4 on helppo k\u00e4ytt\u00e4\u00e4 kaiken tasoisille viljelij\u00f6ille.<\/li>\n<li><strong>Mitk\u00e4 ovat 9F-70-rehuhiomakoneen mitat?<\/strong><br \/>\n9F-70 on suunniteltu kompaktiksi, joten se sopii erinomaisesti rajoitetusti tilaa omaaville maatiloille. Tarkat mitat ovat saatavilla pyynn\u00f6st\u00e4.<\/li>\n<li><strong>Sopiiko jauhin pienille tiloille?<\/strong><br \/>\nKyll\u00e4, 9F-70 sopii t\u00e4ydellisesti pienille ja keskisuurille maatiloille kokonsa, tehokkuutensa ja kohtuuhintaisuutensa ansiosta.<\/li>\n<li><strong>Mink\u00e4 tyyppist\u00e4 rehua 9F-70 voi jauhaa?<\/strong><br \/>\n9F-70 voi jauhaa monenlaista rehua, kuten hein\u00e4\u00e4, ruohoa ja muita rehukasveja.<\/li>\n<li><strong>Vaatiiko 9F-70 erityiskoulutusta?<\/strong><br \/>\nVaikka peruskoulutus on suositeltavaa, laitteen intuitiivisen rakenteen ansiosta useimmat k\u00e4ytt\u00e4j\u00e4t osaavat k\u00e4ytt\u00e4\u00e4 sit\u00e4 minimaalisella opastuksella.<\/li>\n<li><strong>Kuinka kauan 9F-70-silppuri kest\u00e4\u00e4?<\/strong><br \/>\nAsianmukaisella huollolla 9F-70 on rakennettu kest\u00e4m\u00e4\u00e4n useita vuosia, tarjoamalla luotettavaa suorituskyky\u00e4 ja korkean sijoitetun p\u00e4\u00e4oman tuoton.<\/li>\n<li><strong>Mik\u00e4 on 9F-70-rehuhiomakoneen hinta?<\/strong><br \/>\nHinta vaihtelee ominaisuuksien ja r\u00e4\u00e4t\u00e4l\u00f6innin mukaan, mutta 9F-70 tarjoaa erinomaista vastinetta rahalle suorituskykyns\u00e4 suhteen. Ota yhteytt\u00e4 saadaksesi tarkan tarjouksen.<\/li>\n<li><strong>Voinko k\u00e4ytt\u00e4\u00e4 9F-70:t\u00e4 muiden materiaalien hiomiseen?<\/strong><br \/>\nVaikka se on ensisijaisesti suunniteltu rehunkorjuuseen, 9F-70 voi k\u00e4sitell\u00e4 my\u00f6s muita orgaanisia materiaaleja, kuten maissinvarsia tai pieni\u00e4 jyvi\u00e4.<\/li>\n<li><strong>Mik\u00e4 takuu 9F-70-rehuhiomakoneeseen kuuluu?<\/strong><br \/>\n9F-70-mallilla on kolmen vuoden takuu, joka kattaa kaikki valmistusvirheet tai jauhatuslaitteen suorituskykyyn liittyv\u00e4t ongelmat.<\/li>\n<li><strong>Onko 9F-70:lle saatavilla j\u00e4lkimarkkinointitukea?<\/strong><br \/>\nKyll\u00e4, tarjoamme kattavaa myynnin j\u00e4lkeist\u00e4 tukea, mukaan lukien huolto-ohjeet ja vianetsint\u00e4apu.<\/li>\n<li><strong>Miten voin tilata 9F-70-rehuhiomakoneen?<\/strong><br \/>\nVoit ottaa meihin yhteytt\u00e4 suoraan verkkosivujemme kautta tai puhelimitse tehd\u00e4ksesi tilauksen tai tiedustellaksesi tuotteistamme.<\/li>\n<li><strong>Onko 9F-70-silppuriin saatavilla toimitusvaihtoehtoa?<\/strong><br \/>\nKyll\u00e4, tarjoamme 9F-70-koneelle maailmanlaajuisen toimituksen, mik\u00e4 varmistaa, ett\u00e4 se saapuu sijaintiisi nopeasti ja turvallisesti.<\/li>\n<\/ol>\n<p>gzl:n muokkaama<\/p>","protected":false},"excerpt":{"rendered":"<p>Tutustu rehunjauhattimeen \u2013 tehokkaaseen rehun k\u00e4sittelyyn suunniteltuun ty\u00f6kaluun. Kest\u00e4vist\u00e4 materiaaleista ja edistyneest\u00e4 teknologiasta valmistettu se takaa korkean suorituskyvyn ja luotettavuuden. T\u00e4ydellinen maanviljelij\u00f6ille ja maatalousalan ammattilaisille. Paranna tuottavuuttasi jo t\u00e4n\u00e4\u00e4n \u2013 osta nyt ja koe vertaansa vailla oleva jauhatusteho!<\/p>","protected":false},"featured_media":459,"template":"","meta":{"_et_pb_use_builder":"","_et_pb_old_content":"","_et_gb_content_width":""},"product_brand":[],"product_cat":[24],"product_tag":[],"class_list":{"0":"post-458","1":"product","2":"type-product","3":"status-publish","4":"has-post-thumbnail","6":"product_cat-other-series-products","8":"first","9":"instock","10":"shipping-taxable","11":"product-type-simple"},"_links":{"self":[{"href":"https:\/\/square-balers.com\/fi\/wp-json\/wp\/v2\/product\/458","targetHints":{"allow":["GET"]}}],"collection":[{"href":"https:\/\/square-balers.com\/fi\/wp-json\/wp\/v2\/product"}],"about":[{"href":"https:\/\/square-balers.com\/fi\/wp-json\/wp\/v2\/types\/product"}],"wp:featuredmedia":[{"embeddable":true,"href":"https:\/\/square-balers.com\/fi\/wp-json\/wp\/v2\/media\/459"}],"wp:attachment":[{"href":"https:\/\/square-balers.com\/fi\/wp-json\/wp\/v2\/media?parent=458"}],"wp:term":[{"taxonomy":"product_brand","embeddable":true,"href":"https:\/\/square-balers.com\/fi\/wp-json\/wp\/v2\/product_brand?post=458"},{"taxonomy":"product_cat","embeddable":true,"href":"https:\/\/square-balers.com\/fi\/wp-json\/wp\/v2\/product_cat?post=458"},{"taxonomy":"product_tag","embeddable":true,"href":"https:\/\/square-balers.com\/fi\/wp-json\/wp\/v2\/product_tag?post=458"}],"curies":[{"name":"wp","href":"https:\/\/api.w.org\/{rel}","templated":true}]}}