{"id":461,"date":"2025-12-22T08:07:20","date_gmt":"2025-12-22T08:07:20","guid":{"rendered":"https:\/\/square-balers.com\/?post_type=product&#038;p=461"},"modified":"2025-12-22T08:26:37","modified_gmt":"2025-12-22T08:26:37","slug":"9fz-2-0-sormipyorainen-heinakone","status":"publish","type":"product","link":"https:\/\/square-balers.com\/fi\/tuote\/9fz-2-0-sormipyorainen-heinakone\/","title":{"rendered":"9FZ-2.0 sormipy\u00f6r\u00e4inen hein\u00e4hara"},"content":{"rendered":"<p>9FZ-2.0 sormipy\u00f6r\u00e4inen hein\u00e4kone on edistyksellinen maatalouskone, joka on suunniteltu parantamaan hein\u00e4nkeruun ja kuivauksen tehokkuutta. Sen kest\u00e4v\u00e4 rakenne ja k\u00e4ytt\u00e4j\u00e4yst\u00e4v\u00e4llinen k\u00e4ytt\u00f6 tekev\u00e4t siit\u00e4 v\u00e4ltt\u00e4m\u00e4tt\u00f6m\u00e4n ty\u00f6kalun maanviljelij\u00f6ille ja maatalousalan ammattilaisille hein\u00e4nk\u00e4sittelyn optimoimiseksi. T\u00e4m\u00e4 hein\u00e4nk\u00e4\u00e4nt\u00e4j\u00e4 varmistaa, ett\u00e4 hein\u00e4 levittyy tasaisesti ja kuivuu nopeasti, mik\u00e4 maksimoi maatalouden tuottavuuden.<\/p>\n<h2>Tekniset tiedot<\/h2>\n<table style=\"border-color: #000000;\">\n<thead>\n<tr>\n<th>Sarjanumero<\/th>\n<th>Tuote<\/th>\n<th>Yksikk\u00f6<\/th>\n<th>Tekniset tiedot<\/th>\n<\/tr>\n<\/thead>\n<tbody>\n<tr>\n<td>1<\/td>\n<td>Tuotteen nimi<\/td>\n<td>\/<\/td>\n<td>9FZ-2.0 Sormilevyn K\u00e4\u00e4nt\u00f6laite<\/td>\n<\/tr>\n<tr>\n<td>2<\/td>\n<td>Kiinnitysmenetelm\u00e4<\/td>\n<td>\/<\/td>\n<td>Asennettu tyyppi<\/td>\n<\/tr>\n<tr>\n<td>3<\/td>\n<td>Taittomekanismin tyyppi<\/td>\n<td>\/<\/td>\n<td>Hydraulinen tyyppi<\/td>\n<\/tr>\n<tr>\n<td>4<\/td>\n<td>Hampaiden m\u00e4\u00e4r\u00e4<\/td>\n<td>\/<\/td>\n<td>120 (40 hammasta\/levy \u00d7 3 levy\u00e4)<\/td>\n<\/tr>\n<tr>\n<td>5<\/td>\n<td>Sormipy\u00f6r\u00e4n m\u00e4\u00e4r\u00e4<\/td>\n<td>\/<\/td>\n<td>(Huomautus: Sis\u00e4lt\u00f6 kopioitu, t\u00e4ydennys odottaa loppua)<\/td>\n<\/tr>\n<tr>\n<td>6<\/td>\n<td>Sormipy\u00f6r\u00e4n halkaisija<\/td>\n<td>mm<\/td>\n<td>\u03a61500<\/td>\n<\/tr>\n<tr>\n<td>7<\/td>\n<td>K\u00e4\u00e4nt\u00f6leveys<\/td>\n<td>m<\/td>\n<td>2<\/td>\n<\/tr>\n<tr>\n<td>8<\/td>\n<td>Vastaava tehoalue<\/td>\n<td>kW<\/td>\n<td>\u226525,73<\/td>\n<\/tr>\n<tr>\n<td>9<\/td>\n<td>K\u00e4ytt\u00f6nopeusalue<\/td>\n<td>KM\/H<\/td>\n<td>7-10<\/td>\n<\/tr>\n<tr>\n<td>10<\/td>\n<td>Kokonaismitat (k\u00e4ytt\u00f6tila, P \u00d7 L \u00d7 K)<\/td>\n<td>mm<\/td>\n<td>3500 \u00d7 3500 \u00d7 1500<\/td>\n<\/tr>\n<tr>\n<td>11<\/td>\n<td>Koneen paino<\/td>\n<td>kg<\/td>\n<td>372<\/td>\n<\/tr>\n<tr>\n<td>12<\/td>\n<td>Tuotteen toteutusstandardi<\/td>\n<td>\/<\/td>\n<td>JB\/T7766-2011<\/td>\n<\/tr>\n<\/tbody>\n<\/table>\n<h2>Tuotteen m\u00e4\u00e4ritelm\u00e4<\/h2>\n<p>9FZ-2.0 sormipy\u00f6r\u00e4inen hein\u00e4kone on mekaaninen laite, jota k\u00e4ytet\u00e4\u00e4n hein\u00e4ntekoon, jossa tuore hein\u00e4 levitet\u00e4\u00e4n nopeamman kuivumisen takaamiseksi. Siin\u00e4 on py\u00f6r\u00e4pohjainen rakenne, jossa on useita sormia, jotka p\u00f6yhiv\u00e4t ja levitt\u00e4v\u00e4t hein\u00e4\u00e4 varovasti pellolle. T\u00e4m\u00e4 varmistaa tasaisen jakautumisen, v\u00e4hent\u00e4\u00e4 homeen riski\u00e4 ja nopeuttaa kuivumisprosessia. Se on erityisen tehokas laajamittaisessa hein\u00e4ntuotannossa.<\/p>\n<h2>K\u00e4sitellyt ongelmat ja sovellukset<\/h2>\n<p>9FZ-2.0 sormipy\u00f6r\u00e4inen hein\u00e4p\u00f6yhin ratkaisee useita hein\u00e4ntuotannon keskeisi\u00e4 haasteita. Sit\u00e4 k\u00e4ytet\u00e4\u00e4n p\u00e4\u00e4asiassa:<\/p>\n<ul>\n<li>Varmista hein\u00e4n tasainen levitys tehokkaan kuivumisen takaamiseksi<\/li>\n<li>Est\u00e4 hein\u00e4n paakkuuntuminen, joka voi johtaa ep\u00e4tasaiseen kuivumiseen tai homeen muodostumiseen<\/li>\n<li>Nopeuta hein\u00e4n kuivumista, mik\u00e4 on ratkaisevan t\u00e4rke\u00e4\u00e4 rehun laadun s\u00e4ilytt\u00e4miseksi<\/li>\n<li>V\u00e4henn\u00e4 manuaalista ty\u00f6t\u00e4 hein\u00e4ntekoprosessissa<\/li>\n<li>Paranna maatilojen kokonaistuottavuutta ja toiminnan tehokkuutta<\/li>\n<\/ul>\n<h2>Tuotteen edut<\/h2>\n<h3>1. Korkea hy\u00f6tysuhde<\/h3>\n<p>9FZ-2.0 sormipy\u00f6r\u00e4inen hein\u00e4p\u00f6yhin on suunniteltu maksimoimaan hein\u00e4n levitysnopeus, mik\u00e4 lyhent\u00e4\u00e4 merkitt\u00e4v\u00e4sti kuivumiseen tarvittavaa aikaa. Sen kest\u00e4v\u00e4t py\u00f6r\u00e4t ja useat sormet varmistavat, ett\u00e4 hein\u00e4 jakautuu tasaisesti pellolle ja kuivuu nopeasti ja tasaisesti.<\/p>\n<h3>2. Kest\u00e4v\u00e4 rakenne<\/h3>\n<p>Korkealaatuisista materiaaleista valmistettu 9FZ-2.0 on suunniteltu kest\u00e4m\u00e4\u00e4n ankaria maatalousolosuhteita. Komponentit, mukaan lukien sormipy\u00f6r\u00e4t, on valmistettu vahvoista metalliseoksista, mik\u00e4 varmistaa pitk\u00e4ik\u00e4isen suorituskyvyn my\u00f6s raskaassa k\u00e4yt\u00f6ss\u00e4.<\/p>\n<h3>3. V\u00e4h\u00e4inen huoltotarve<\/h3>\n<p>T\u00e4m\u00e4 kone on suunniteltu yksinkertaisuus mieless\u00e4 pit\u00e4en, joten sit\u00e4 on helppo huoltaa ja korjata. Sen komponentit ovat helposti saatavilla ja huollettavissa, mik\u00e4 v\u00e4hent\u00e4\u00e4 seisokkiaikoja ja varmistaa sujuvan toiminnan.<\/p>\n<h3>4. Monipuolinen k\u00e4ytt\u00f6<\/h3>\n<p>9FZ-2.0 sormipy\u00f6r\u00e4p\u00f6yhint\u00e4 voidaan k\u00e4ytt\u00e4\u00e4 erilaisissa pelto-olosuhteissa ja erilaisten rehukasvien kanssa. Ty\u00f6skentelitp\u00e4 sitten ruohon, sinimailasen tai muiden kasvien kanssa, t\u00e4m\u00e4 p\u00f6yhin tarjoaa optimaaliset tulokset.<\/p>\n<h3>5. K\u00e4ytt\u00e4j\u00e4yst\u00e4v\u00e4llinen suunnittelu<\/h3>\n<p>Koneen suunnittelussa on korostettu helppok\u00e4ytt\u00f6isyytt\u00e4 ja selkeit\u00e4 hallintalaitteita, jotka vaativat vain v\u00e4h\u00e4n koulutusta. Kuljettaja voi nopeasti s\u00e4\u00e4t\u00e4\u00e4 koneen erilaisiin olosuhteisiin sopivaksi, mik\u00e4 varmistaa sujuvan ja tehokkaan hein\u00e4ntekoprosessin.<\/p>\n<h2>N\u00e4in 9FZ-2.0 sormipy\u00f6r\u00e4inen hein\u00e4harja toimii<\/h2>\n<p>9FZ-2.0-sormipy\u00f6r\u00e4hein\u00e4kone toimii py\u00f6ritt\u00e4m\u00e4ll\u00e4 sormipy\u00f6ri\u00e4\u00e4n pellolla. N\u00e4m\u00e4 useilla sormilla varustetut py\u00f6r\u00e4t nostavat ja p\u00f6yhiv\u00e4t hein\u00e4\u00e4 varovasti py\u00f6riess\u00e4\u00e4n. Koneen liikkuessa eteenp\u00e4in se levitt\u00e4\u00e4 hein\u00e4n tasaisesti pellolle est\u00e4en paakkuuntumisen ja varmistaen tasaisen kuivumisen. Koneen nopeutta ja py\u00f6rien kulmaa voidaan s\u00e4\u00e4t\u00e4\u00e4 erityyppisten heinien ja vaihtelevien pelto-olosuhteiden mukaan.<\/p>\n<h2>9FZ-2.0 sormipy\u00f6r\u00e4p\u00f6yhimen t\u00e4rkeimm\u00e4t k\u00e4ytt\u00f6kohteet<\/h2>\n<ul>\n<li><strong>Laajamittainen hein\u00e4nviljely:<\/strong> V\u00e4ltt\u00e4m\u00e4t\u00f6n viljelij\u00f6ille, jotka tarvitsevat tehokasta suurten hein\u00e4m\u00e4\u00e4rien k\u00e4sittely\u00e4.<\/li>\n<li><strong>Nurmikan hoito:<\/strong> Hy\u00f6dyllinen ruohon levitt\u00e4miseen ja kuivaamiseen pelloilla, mik\u00e4 varmistaa rehun laadun.<\/li>\n<li><strong>Alfalfan k\u00e4sittely:<\/strong> T\u00e4ydellinen sinimailasen hein\u00e4n levitt\u00e4miseen, joka on t\u00e4rke\u00e4 karjanrehun sato.<\/li>\n<li><strong>Luomuviljely:<\/strong> Keskeinen ty\u00f6kalu luomuhein\u00e4n tuotannossa, jossa suositaan luonnollisia kuivausmenetelmi\u00e4.<\/li>\n<li><strong>Rehun s\u00e4il\u00f6nt\u00e4:<\/strong> Auttaa s\u00e4ilytt\u00e4m\u00e4\u00e4n rehun ravintoarvon varmistamalla nopean ja tasaisen kuivumisen.<\/li>\n<li><strong>Karjatilat:<\/strong> Ihanteellinen tiloille, jotka tarvitsevat korkealaatuista hein\u00e4\u00e4 osana karjanrehua.<\/li>\n<\/ul>\n<h2>Kuinka valita oikea 9FZ-2.0 sormipy\u00f6r\u00e4inen p\u00f6yhin<\/h2>\n<h3>1. Ota huomioon toimintasi koko<\/h3>\n<p>Jos sinulla on suuri maatila, tarvitset p\u00f6yhimen, jolla on suurempi ty\u00f6leveys ja suurempi kapasiteetti. 9FZ-2.0 sormipy\u00f6r\u00e4p\u00f6yhin tarjoaa erilaisia \u200b\u200bkokoonpanoja erikokoisille tiloille.<\/p>\n<h3>2. Arvioi kentt\u00e4olosuhteet<\/h3>\n<p>Peltosi maasto voi vaikuttaa p\u00f6yhinkoneesi suorituskykyyn. Varmista, ett\u00e4 valitsemasi kone selviytyy tarvittaessa ep\u00e4tasaisesta tai m\u00e4kisest\u00e4 maastosta.<\/p>\n<h3>3. Arvioi hein\u00e4n tyyppi<\/h3>\n<p>Erilaiset hein\u00e4tyypit saattavat vaatia erilaisia \u200b\u200bp\u00f6yhint\u00e4menetelmi\u00e4. 9FZ-2.0 soveltuu erilaisille rehukasveille, kuten sinimailaiselle, ruoholle ja sekakasveille.<\/p>\n<h3>4. Tarkista koneen kapasiteetti<\/h3>\n<p>Varmista, ett\u00e4 p\u00f6yhinkoneen kapasiteetti vastaa tuotantotarpeitasi. 9FZ-2.0:n suuri kapasiteetti tekee siit\u00e4 sopivan suurempiin tiloihin, jotka haluavat lis\u00e4t\u00e4 tuottavuutta.<\/p>\n<h3>5. Kest\u00e4vyys ja materiaali<\/h3>\n<p>Koneen materiaalirakenne on ratkaisevan t\u00e4rke\u00e4 pitk\u00e4ik\u00e4isyyden kannalta. Etsi kone, joka on valmistettu kest\u00e4vist\u00e4 materiaaleista kest\u00e4m\u00e4\u00e4n p\u00e4ivitt\u00e4isen k\u00e4yt\u00f6n rasitukset pellolla.<\/p>\n<h3>6. Hinta ja takuu<\/h3>\n<p>Hinta on t\u00e4rke\u00e4 tekij\u00e4, mutta on my\u00f6s t\u00e4rke\u00e4\u00e4 ottaa huomioon koneen takuu ja huoltopalvelut. 9FZ-2.0-sormipy\u00f6r\u00e4hein\u00e4koneella on kattava takuu mielenrauhan takaamiseksi.<\/p>\n<h2>9FZ-2.0 sormipy\u00f6r\u00e4p\u00f6yhimen huolto<\/h2>\n<p>9FZ-2.0-sormipy\u00f6r\u00e4hein\u00e4n huolto on yksinkertaista ja v\u00e4ltt\u00e4m\u00e4t\u00f6nt\u00e4 sen pitk\u00e4n k\u00e4ytt\u00f6i\u00e4n varmistamiseksi. Py\u00f6rien ja sormien s\u00e4\u00e4nn\u00f6llinen puhdistus on t\u00e4rke\u00e4\u00e4 hein\u00e4n kertymisen est\u00e4miseksi. Liikkuvien osien voitelu ja kulumisen tarkistaminen s\u00e4\u00e4nn\u00f6llisesti pident\u00e4v\u00e4t koneen k\u00e4ytt\u00f6ik\u00e4\u00e4. Lis\u00e4ksi on t\u00e4rke\u00e4\u00e4 tarkistaa hihnat ja mekaaniset komponentit s\u00e4\u00e4nn\u00f6llisesti mahdollisten vaurioiden tai virheasennon varalta.<\/p>\n<p style=\"text-align: center;\"><img loading=\"lazy\" decoding=\"async\" class=\"alignnone wp-image-462\" src=\"https:\/\/square-balers.com\/wp-content\/uploads\/2025\/12\/ep-9FZ-2.0-Finger-Wheel-Tedding-Machine-1-1-1-300x300.webp\" alt=\"Hein\u00e4kone\" width=\"371\" height=\"371\" \/><\/p>\n<h2>Asiakasarvostelut<\/h2>\n<p>T\u00e4ss\u00e4 on mit\u00e4 asiakkaamme eri maista ovat sanoneet 9FZ-2.0 sormipy\u00f6r\u00e4isest\u00e4 p\u00f6yhinkoneesta:<\/p>\n<h3>Arvostelu 1<\/h3>\n<p>9FZ-2.0 on mullistus maatilallamme. Olemme k\u00e4ytt\u00e4neet sit\u00e4 nyt muutaman kuukauden, ja se on lyhent\u00e4nyt kuivumisaikaamme huomattavasti. Se on luotettava ja eritt\u00e4in tehokas. Hein\u00e4n laatu on parantunut valtavasti ja olemme pystyneet korjaamaan enemm\u00e4n hein\u00e4\u00e4 v\u00e4hemm\u00e4ll\u00e4 ty\u00f6ll\u00e4.<\/p>\n<p><strong>\u2013 John, Yhdysvallat<\/strong><\/p>\n<h3>Arvostelu 2<\/h3>\n<p>Etsimme hein\u00e4konetta, joka pystyisi hoitamaan suuret peltomme. 9FZ-2.0 ylitti odotuksemme. Se levitt\u00e4\u00e4 hein\u00e4n tasaisesti ja toimii hyvin m\u00e4kisess\u00e4 maastossa. Suosittelen sit\u00e4 l\u00e4mpim\u00e4sti kaikille, joilla on laajamittainen hein\u00e4nkorjuu.<\/p>\n<p><strong>\u2013 Maria, Kanada<\/strong><\/p>\n<h3>Arvostelu 3<\/h3>\n<p>Olen k\u00e4ytt\u00e4nyt t\u00e4t\u00e4 konetta alfalfan tuotantoon ja olen eritt\u00e4in tyytyv\u00e4inen siihen. Kone on helppo huoltaa ja hein\u00e4 kuivuu nopeasti ja tasaisesti. Rakenne on kest\u00e4v\u00e4, ja odotan sen kest\u00e4v\u00e4n useita kausia.<\/p>\n<p><strong>\u2013 Ahmed, Egypti<\/strong><\/p>\n<h3>Arvostelu 4<\/h3>\n<p>T\u00e4m\u00e4 kone on ollut loistava sijoitus. Sit\u00e4 on helppo k\u00e4ytt\u00e4\u00e4 ja tulokset ovat erinomaisia. Olemme s\u00e4\u00e4st\u00e4neet paljon aikaa ja vaivaa siit\u00e4 l\u00e4htien, kun aloitimme sen k\u00e4yt\u00f6n. Jos etsit luotettavaa hein\u00e4ntekokonetta, t\u00e4m\u00e4 on se.<\/p>\n<p><strong>\u2013 Sophie, Australia<\/strong><\/p>\n<h3>Arvostelu 5<\/h3>\n<p>Olemme k\u00e4ytt\u00e4neet 9FZ-2.0:aa nurmikkomme hoitoon, ja siit\u00e4 on ollut valtavasti apua. Se on paljon nopeampi kuin manuaaliset menetelm\u00e4t, ja hein\u00e4 kuivuu tasaisemmin. Olemme my\u00f6s huomanneet v\u00e4hemm\u00e4n homeongelmia hein\u00e4ss\u00e4mme, mik\u00e4 on iso plussa.<\/p>\n<p><strong>\u2013 Lucas, Brasilia<\/strong><\/p>\n<h2>Miksi valita tuotteemme<\/h2>\n<p>Tarjoamme r\u00e4\u00e4t\u00e4l\u00f6ityj\u00e4 ratkaisuja ja voimme personoida ne nopeasti varmistaaksemme, ett\u00e4 koneet vastaavat t\u00e4ydellisesti tilasi erityistarpeita. Erinomainen asiakaspalvelutiimimme on valmiina vastaamaan kaikkiin kysymyksiisi ja huolenaiheisiisi. Lis\u00e4ksi tarjoamme kolmen vuoden takuun mielenrauhasi takaamiseksi. Nopean maailmanlaajuisen toimituksen ja kattavan j\u00e4lkimarkkinointituen ansiosta olemme sitoutuneet t\u00e4ytt\u00e4m\u00e4\u00e4n maatalouskonetarpeesi.<\/p>\n<h2>Tutustu tuotteisiimme<\/h2>\n<p>9FZ-2.0 sormipy\u00f6r\u00e4p\u00f6yhimen lis\u00e4ksi tarjoamme laajan valikoiman muita maatalouskoneita ja -lis\u00e4varusteita maataloustoimintojesi tehostamiseksi.<a href=\"https:\/\/square-balers.com\/fi\/tuote\/9f-70-silppuri\/\"> tehokkaat hein\u00e4nkorjuukoneet<\/a> Osiin ja huoltosarjoihin asti tarjoamme kaiken tarvittavan tuottavuuden parantamiseksi ja maatilasi huipputehokkuuden varmistamiseksi.<\/p>\n<p>Ota meihin yhteytt\u00e4 jo t\u00e4n\u00e4\u00e4n ostaaksesi 9FZ-2.0 sormipy\u00f6r\u00e4hein\u00e4koneen ja tutustuaksesi koko maatalouskonevalikoimaamme!<\/p>\n<h2>Usein kysytyt kysymykset<\/h2>\n<p><strong>1. Mik\u00e4 erottaa 9FZ-2.0 -sormipy\u00f6r\u00e4hein\u00e4koneen muista malleista?<\/strong><\/p>\n<p>9FZ-2.0 sormipy\u00f6r\u00e4inen hein\u00e4p\u00f6yhin tunnetaan korkeasta tehokkuudestaan, kest\u00e4v\u00e4st\u00e4 rakenteestaan \u200b\u200bja monipuolisuudestaan. Se pystyy k\u00e4sittelem\u00e4\u00e4n erilaisia \u200b\u200bhein\u00e4- ja pelto-olosuhteita varmistaen tasaisen levityksen ja nopeamman kuivumisen. Sen k\u00e4ytt\u00e4j\u00e4yst\u00e4v\u00e4llinen muotoilu tekee siit\u00e4 sopivan kaiken tasoisille k\u00e4ytt\u00e4jille.<\/p>\n<p><strong>2. Voiko 9FZ-2.0 -sormipy\u00f6r\u00e4hein\u00e4konetta k\u00e4ytt\u00e4\u00e4 ep\u00e4tasaisessa maastossa?<\/strong><\/p>\n<p>Kyll\u00e4, 9FZ-2.0 on suunniteltu selviytym\u00e4\u00e4n erilaisista maastoista, kuten ep\u00e4tasaisista tai m\u00e4kisist\u00e4 pelloista. Sen tukevat py\u00f6r\u00e4t ja s\u00e4\u00e4dett\u00e4v\u00e4t asetukset mahdollistavat hyv\u00e4n suorituskyvyn my\u00f6s haastavissa pelto-olosuhteissa.<\/p>\n<p><strong>3. Millaista huoltoa 9FZ-2.0 vaatii?<\/strong><\/p>\n<p>9FZ-2.0 sormipy\u00f6r\u00e4inen hein\u00e4p\u00f6yhin vaatii s\u00e4\u00e4nn\u00f6llist\u00e4 puhdistusta hein\u00e4n kertymisen est\u00e4miseksi. On my\u00f6s t\u00e4rke\u00e4\u00e4 voidella liikkuvat osat, tarkistaa kuluminen ja repe\u00e4m\u00e4t sek\u00e4 hihnojen oikea kohdistus. S\u00e4\u00e4nn\u00f6llinen huolto pident\u00e4\u00e4 koneen k\u00e4ytt\u00f6ik\u00e4\u00e4 ja varmistaa optimaalisen suorituskyvyn.<\/p>\n<p><strong>4. Kuinka nopeasti 9FZ-2.0 -sormipy\u00f6r\u00e4hein\u00e4kone kuivaa hein\u00e4\u00e4?<\/strong><\/p>\n<p>9FZ-2.0 lyhent\u00e4\u00e4 merkitt\u00e4v\u00e4sti kuivumisaikaa levitt\u00e4m\u00e4ll\u00e4 hein\u00e4n tasaisesti pellolle. T\u00e4m\u00e4 edist\u00e4\u00e4 kosteuden nopeampaa haihtumista ja varmistaa, ett\u00e4 hein\u00e4 kuivuu tasaisesti lyhyemm\u00e4ss\u00e4 ajassa manuaalisiin menetelmiin verrattuna.<\/p>\n<p><strong>5. Sopiiko 9FZ-2.0 luomuviljelyyn?<\/strong><\/p>\n<p>Kyll\u00e4, 9FZ-2.0 sopii erinomaisesti luomuviljelyyn. Sen hell\u00e4varainen levitystoiminto s\u00e4ilytt\u00e4\u00e4 rehun laadun vahingoittamatta sit\u00e4, mik\u00e4 tekee siit\u00e4 erinomaisen valinnan viljelij\u00f6ille, jotka luottavat luonnollisiin kuivausmenetelmiin.<\/p>\n<p><strong>6. Mik\u00e4 takuu 9FZ-2.0 -sormipy\u00f6r\u00e4isell\u00e4 p\u00f6yhimell\u00e4 on?<\/strong><\/p>\n<p>Tarjoamme 9FZ-2.0 -sormipy\u00f6r\u00e4iselle p\u00f6yhinkoneelle 3 vuoden takuun, joka kattaa valmistusvirheet ja varmistaa luotettavan tuen koneen koko k\u00e4ytt\u00f6i\u00e4n ajan.<\/p>\n<p><strong>7. Voinko k\u00e4ytt\u00e4\u00e4 9FZ-2.0-mallia erityyppisille rehuille?<\/strong><\/p>\n<p>Kyll\u00e4, 9FZ-2.0 sormipy\u00f6r\u00e4inen p\u00f6yhin on riitt\u00e4v\u00e4n monipuolinen k\u00e4sittelem\u00e4\u00e4n erilaisia \u200b\u200brehukasveja, kuten ruohoa, sinimailasta ja muita viljelykasveja, varmistaen tasaisen suorituskyvyn erilaisissa maatalouden tarpeissa.<\/p>\n<p><strong>8. Kuinka helppoa 9FZ-2.0 -sormipy\u00f6r\u00e4p\u00f6yhint\u00e4 on k\u00e4ytt\u00e4\u00e4?<\/strong><\/p>\n<p>9FZ-2.0 on suunniteltu k\u00e4ytt\u00e4j\u00e4yst\u00e4v\u00e4llisill\u00e4 ohjaimilla, joiden avulla kuljettajien on helppo s\u00e4\u00e4t\u00e4\u00e4 konetta pelto-olosuhteiden mukaan. Jopa ensikertalaiset oppivat nopeasti k\u00e4ytt\u00e4m\u00e4\u00e4n konetta tehokkaasti.<\/p>\n<p><strong>9. Mik\u00e4 on 9FZ-2.0 sormipy\u00f6r\u00e4p\u00f6yhimen ty\u00f6leveys?<\/strong><\/p>\n<p>9FZ-2.0-sormipy\u00f6r\u00e4p\u00f6yhint\u00e4 on saatavana useissa eri kokoonpanoissa, ja sen ty\u00f6leveydet sopivat erikokoisille tiloille. Leveys mahdollistaa tehokkaan p\u00f6yhinn\u00e4n suuremmillakin pelloilla ja varmistaa maksimaalisen tuottavuuden.<\/p>\n<p><strong>10. Onko 9FZ-2.0 -sormipy\u00f6r\u00e4hein\u00e4kone helppo huoltaa?<\/strong><\/p>\n<p>Kyll\u00e4, 9FZ-2.0 on suunniteltu helposti huollettavaksi. Sen komponentit ovat helposti saatavilla, ja s\u00e4\u00e4nn\u00f6llisell\u00e4 puhdistuksella ja voitelulla kone voi toimia tehokkaasti useita vuosia.<\/p>\n<p><strong>11. Miten 9FZ-2.0 vertautuu muihin hein\u00e4nkorjuukoneisiin?<\/strong><\/p>\n<p>9FZ-2.0 erottuu edukseen tehokkaan suorituskykyns\u00e4, kest\u00e4vyytens\u00e4 ja erilaisiin pelto-olosuhteisiin sopeutumiskykyns\u00e4 ansiosta. Sen vankka rakenne ja suuri kapasiteetti tekev\u00e4t siit\u00e4 luotettavan valinnan laajamittaisiin hein\u00e4nkorjuut\u00f6ihin.<\/p>\n<p><strong>12. V\u00e4hent\u00e4\u00e4k\u00f6 9FZ-2.0 -sormipy\u00f6r\u00e4inen p\u00f6yhinkone ty\u00f6voimaa?<\/strong><\/p>\n<p>Kyll\u00e4, 9FZ-2.0 v\u00e4hent\u00e4\u00e4 ty\u00f6voimaa automatisoimalla hein\u00e4n p\u00f6yhinn\u00e4n, joka perinteisesti vaati merkitt\u00e4v\u00e4\u00e4 manuaalista ty\u00f6t\u00e4. Kone varmistaa nopean ja tasaisen levityksen, mik\u00e4 v\u00e4hent\u00e4\u00e4 laajan manuaalisen ty\u00f6n tarvetta.<\/p>\n<p><strong>13. Voidaanko 9FZ-2.0:aa k\u00e4ytt\u00e4\u00e4 erilaisissa s\u00e4\u00e4olosuhteissa?<\/strong><\/p>\n<p>Kyll\u00e4, 9FZ-2.0 on suunniteltu toimimaan erilaisissa s\u00e4\u00e4olosuhteissa. Sen kest\u00e4v\u00e4 rakenne varmistaa, ett\u00e4 se toimii luotettavasti my\u00f6s haastavissa ymp\u00e4rist\u00f6iss\u00e4.<\/p>\n<p><strong>14. Kuinka kauan tulosten n\u00e4keminen 9FZ-2.0 -sormipy\u00f6r\u00e4isell\u00e4 hein\u00e4p\u00f6yhimell\u00e4 kest\u00e4\u00e4?<\/strong><\/p>\n<p>K\u00e4ytt\u00e4j\u00e4t huomaavat yleens\u00e4 hein\u00e4n kuivuvan nopeammin jo ensimm\u00e4isell\u00e4 k\u00e4ytt\u00f6kerralla. Tasainen levitys ja tehokas kuivuminen varmistavat, ett\u00e4 hein\u00e4 on varastointia tai jatkok\u00e4sittely\u00e4 varten lyhyemm\u00e4ss\u00e4 ajassa verrattuna perinteisiin menetelmiin.<\/p>\n<p><strong>15. Onko 9FZ-2.0:lle olemassa maailmanlaajuinen tukiverkosto?<\/strong><\/p>\n<p>Kyll\u00e4, tarjoamme maailmanlaajuista asiakastukea ja j\u00e4lkimarkkinointipalveluita, mik\u00e4 varmistaa, ett\u00e4 saat apua sijainnistasi riippumatta. Tarjoamme my\u00f6s koulutusta ja resursseja, joiden avulla saat kaiken irti 9FZ-2.0-moottoristasi.<\/p>\n<p>gzl:n muokkaama<\/p>","protected":false},"excerpt":{"rendered":"<p>Paranna hein\u00e4n laatua 9FZ-2.0 sormipy\u00f6r\u00e4isell\u00e4 hein\u00e4koneella! T\u00e4m\u00e4 tehokas ja kest\u00e4v\u00e4 hein\u00e4kone varmistaa hein\u00e4n nopeamman ja tasaisemman levityksen. Se sopii t\u00e4ydellisesti suurille maatiloille, sill\u00e4 se parantaa tuottavuutta ja lyhent\u00e4\u00e4 kuivumisaikaa. Tutustu hein\u00e4nteon tulevaisuuteen luotettavan ja helppok\u00e4ytt\u00f6isen koneemme avulla. Hanki omasi jo t\u00e4n\u00e4\u00e4n ja paranna tilasi tuottoa!<\/p>","protected":false},"featured_media":462,"template":"","meta":{"_et_pb_use_builder":"","_et_pb_old_content":"","_et_gb_content_width":""},"product_brand":[],"product_cat":[24],"product_tag":[],"class_list":{"0":"post-461","1":"product","2":"type-product","3":"status-publish","4":"has-post-thumbnail","6":"product_cat-other-series-products","8":"first","9":"instock","10":"shipping-taxable","11":"product-type-simple"},"_links":{"self":[{"href":"https:\/\/square-balers.com\/fi\/wp-json\/wp\/v2\/product\/461","targetHints":{"allow":["GET"]}}],"collection":[{"href":"https:\/\/square-balers.com\/fi\/wp-json\/wp\/v2\/product"}],"about":[{"href":"https:\/\/square-balers.com\/fi\/wp-json\/wp\/v2\/types\/product"}],"wp:featuredmedia":[{"embeddable":true,"href":"https:\/\/square-balers.com\/fi\/wp-json\/wp\/v2\/media\/462"}],"wp:attachment":[{"href":"https:\/\/square-balers.com\/fi\/wp-json\/wp\/v2\/media?parent=461"}],"wp:term":[{"taxonomy":"product_brand","embeddable":true,"href":"https:\/\/square-balers.com\/fi\/wp-json\/wp\/v2\/product_brand?post=461"},{"taxonomy":"product_cat","embeddable":true,"href":"https:\/\/square-balers.com\/fi\/wp-json\/wp\/v2\/product_cat?post=461"},{"taxonomy":"product_tag","embeddable":true,"href":"https:\/\/square-balers.com\/fi\/wp-json\/wp\/v2\/product_tag?post=461"}],"curies":[{"name":"wp","href":"https:\/\/api.w.org\/{rel}","templated":true}]}}