{"id":230,"date":"2025-11-24T09:48:04","date_gmt":"2025-11-24T09:48:04","guid":{"rendered":"https:\/\/square-balers.com\/?post_type=product&#038;p=230"},"modified":"2025-12-18T03:02:34","modified_gmt":"2025-12-18T03:02:34","slug":"macchina-per-lo-sradicamento-dei-fagioli-rossi-4byh-3-25","status":"publish","type":"product","link":"https:\/\/square-balers.com\/it\/prodotto\/macchina-per-lo-sradicamento-dei-fagioli-rossi-4byh-3-25\/","title":{"rendered":"Macchina per lo sradicamento dei fagioli rossi tipo 4BYH-3.25 (5 creste)"},"content":{"rendered":"<p data-start=\"306\" data-end=\"335\">La macchina per lo sradicamento dei fagioli rossi modello 4BYH-3.25 (5 solchi) \u00e8 una macchina agricola avanzata progettata per migliorare l'efficienza della raccolta dei fagioli. Questa macchina \u00e8 specificamente progettata per la raccolta dei fagioli rossi, riducendo al minimo i danni al raccolto e rendendola ideale per le operazioni agricole su larga scala. \u00c8 dotata di cinque solchi per garantire prestazioni ottimali in diverse condizioni di campo.<\/p>\n<h2 data-start=\"306\" data-end=\"335\">Specifiche tecniche<\/h2>\n<div class=\"_tableContainer_1rjym_1\">\n<div class=\"group _tableWrapper_1rjym_13 flex w-fit flex-col-reverse\" tabindex=\"-1\">\n<table class=\"w-fit min-w-(--thread-content-width)\" style=\"border-color: #000000;\" data-start=\"337\" data-end=\"1514\">\n<thead data-start=\"337\" data-end=\"418\">\n<tr data-start=\"337\" data-end=\"418\">\n<th data-start=\"337\" data-end=\"367\" data-col-size=\"sm\">Articolo<\/th>\n<th data-start=\"367\" data-end=\"384\" data-col-size=\"sm\">Unit\u00e0<\/th>\n<th data-start=\"384\" data-end=\"418\" data-col-size=\"md\">Specifica<\/th>\n<\/tr>\n<\/thead>\n<tbody data-start=\"501\" data-end=\"1514\">\n<tr data-start=\"501\" data-end=\"603\">\n<td data-start=\"501\" data-end=\"532\" data-col-size=\"sm\">Nome del modello<\/td>\n<td data-col-size=\"sm\" data-start=\"532\" data-end=\"549\">–<\/td>\n<td data-col-size=\"md\" data-start=\"549\" data-end=\"603\">4BYH-3.25 Macchina per lo sradicamento dei fagioli rossi (5 creste)<\/td>\n<\/tr>\n<tr data-start=\"604\" data-end=\"685\">\n<td data-start=\"604\" data-end=\"635\" data-col-size=\"sm\">Metodo di connessione<\/td>\n<td data-col-size=\"sm\" data-start=\"635\" data-end=\"652\">–<\/td>\n<td data-col-size=\"md\" data-start=\"652\" data-end=\"685\">Tipo di trazione<\/td>\n<\/tr>\n<tr data-start=\"686\" data-end=\"767\">\n<td data-start=\"686\" data-end=\"717\" data-col-size=\"sm\">Meccanismo di prelievo<\/td>\n<td data-col-size=\"sm\" data-start=\"717\" data-end=\"734\">–<\/td>\n<td data-col-size=\"md\" data-start=\"734\" data-end=\"767\">Tipo a molla<\/td>\n<\/tr>\n<tr data-start=\"768\" data-end=\"850\">\n<td data-start=\"768\" data-end=\"799\" data-col-size=\"sm\">Larghezza di lavoro<\/td>\n<td data-col-size=\"sm\" data-start=\"799\" data-end=\"816\">M<\/td>\n<td data-col-size=\"md\" data-start=\"816\" data-end=\"850\">3.25<\/td>\n<\/tr>\n<tr data-start=\"851\" data-end=\"933\">\n<td data-start=\"851\" data-end=\"882\" data-col-size=\"sm\">Gamma di alimentazione<\/td>\n<td data-col-size=\"sm\" data-start=\"882\" data-end=\"899\">kW<\/td>\n<td data-col-size=\"md\" data-start=\"899\" data-end=\"933\">103-132<\/td>\n<\/tr>\n<tr data-start=\"934\" data-end=\"1016\">\n<td data-start=\"934\" data-end=\"965\" data-col-size=\"sm\">Gamma di velocit\u00e0 di lavoro<\/td>\n<td data-col-size=\"sm\" data-start=\"965\" data-end=\"982\">chilometri all'ora<\/td>\n<td data-col-size=\"md\" data-start=\"982\" data-end=\"1016\">6-10<\/td>\n<\/tr>\n<tr data-start=\"1017\" data-end=\"1099\">\n<td data-start=\"1017\" data-end=\"1048\" data-col-size=\"sm\">Dimensioni complessive<\/td>\n<td data-col-size=\"sm\" data-start=\"1048\" data-end=\"1065\">mm<\/td>\n<td data-col-size=\"md\" data-start=\"1065\" data-end=\"1099\">3800\u00d73400\u00d71500<\/td>\n<\/tr>\n<tr data-start=\"1100\" data-end=\"1182\">\n<td data-start=\"1100\" data-end=\"1131\" data-col-size=\"sm\">Potenza in uscita Velocit\u00e0<\/td>\n<td data-col-size=\"sm\" data-start=\"1131\" data-end=\"1148\">giri\/min<\/td>\n<td data-col-size=\"md\" data-start=\"1148\" data-end=\"1182\">540<\/td>\n<\/tr>\n<tr data-start=\"1183\" data-end=\"1265\">\n<td data-start=\"1183\" data-end=\"1214\" data-col-size=\"sm\">Distanza della ruota<\/td>\n<td data-col-size=\"sm\" data-start=\"1214\" data-end=\"1231\">mm<\/td>\n<td data-col-size=\"md\" data-start=\"1231\" data-end=\"1265\">3250<\/td>\n<\/tr>\n<tr data-start=\"1266\" data-end=\"1348\">\n<td data-start=\"1266\" data-end=\"1297\" data-col-size=\"sm\">Efficienza produttiva<\/td>\n<td data-col-size=\"sm\" data-start=\"1297\" data-end=\"1314\">hm\u00b2\/h<\/td>\n<td data-col-size=\"md\" data-start=\"1314\" data-end=\"1348\">1.95-3.25<\/td>\n<\/tr>\n<tr data-start=\"1349\" data-end=\"1431\">\n<td data-start=\"1349\" data-end=\"1380\" data-col-size=\"sm\">Conteggio degli operatori<\/td>\n<td data-col-size=\"sm\" data-start=\"1380\" data-end=\"1397\">persone<\/td>\n<td data-col-size=\"md\" data-start=\"1397\" data-end=\"1431\">1<\/td>\n<\/tr>\n<tr data-start=\"1432\" data-end=\"1514\">\n<td data-start=\"1432\" data-end=\"1463\" data-col-size=\"sm\">Peso totale della macchina<\/td>\n<td data-col-size=\"sm\" data-start=\"1463\" data-end=\"1480\">kg<\/td>\n<td data-col-size=\"md\" data-start=\"1480\" data-end=\"1514\">1540<\/td>\n<\/tr>\n<\/tbody>\n<\/table>\n<h2>Definizione del prodotto<\/h2>\n<\/div>\n<\/div>\n<p>La macchina per lo sradicamento dei fagioli rossi tipo 4BYH-3.25 (5 creste) \u00e8 uno strumento agricolo altamente efficiente per lo sradicamento dei fagioli rossi. Il suo esclusivo design a cinque creste aiuta a separare e raccogliere i fagioli riducendo al minimo i danni alle colture. Questa macchina \u00e8 ideale per la produzione agricola su larga scala, volta a migliorare l'efficienza della raccolta e ridurre i costi di manodopera.<\/p>\n<h2>Risoluzione dei problemi e usi<\/h2>\n<p>L'estirpazione dei fagioli rossi \u00e8 un'operazione che richiede molto tempo e manodopera, soprattutto nelle grandi aziende agricole. La 4BYH-3.25 risolve questo problema automatizzando il processo di raccolta, migliorando significativamente la velocit\u00e0 e l'efficienza. Progettata per affrontare terreni accidentati, questa macchina offre prestazioni costanti su diversi tipi di terreno. Inoltre, riduce significativamente i costi di manodopera associati ai tradizionali metodi di raccolta manuale.<\/p>\n<p>Lo scopo principale della macchina \u00e8 la raccolta automatica dei fagioli rossi, consentendo agli agricoltori di raccogliere i raccolti in modo efficiente con il minimo intervento umano. Progettata per operazioni agricole su larga scala, riduce i tempi di movimentazione delle colture e semplifica il processo di produzione agricola.<\/p>\n<h2>Vantaggi del prodotto<\/h2>\n<h3>1. Alta efficienza<\/h3>\n<p>La macchina per lo sradicamento dei fagioli rossi modello 4BYH-3.25 (5 creste) \u00e8 progettata per migliorare significativamente la velocit\u00e0 di raccolta. Pu\u00f2 lavorare grandi campi in una frazione del tempo che richiederebbe il lavoro manuale, riducendo drasticamente i tempi di raccolta dei fagioli rossi.<\/p>\n<h3>2. Riduce al minimo i danni alle colture<\/h3>\n<p>Questa macchina utilizza un sistema sofisticato per sradicare delicatamente i fagioli rossi senza danneggiare la pianta o i fagioli, garantendo un raccolto di qualit\u00e0 superiore. A differenza della raccolta manuale, che pu\u00f2 danneggiare i fagioli pi\u00f9 delicati, la macchina garantisce che il raccolto rimanga intatto, preservandone il valore.<\/p>\n<h3>3. Design versatile<\/h3>\n<p>Il design a 5 creste consente una facile navigazione in diverse condizioni di campo, inclusi terreni irregolari o accidentati. Questa versatilit\u00e0 lo rende adatto a diversi tipi di ambienti agricoli, rendendolo un investimento prezioso per gli agricoltori che operano in condizioni di campo diverse.<\/p>\n<h3>4. Costruzione durevole<\/h3>\n<p>Costruita con materiali di alta qualit\u00e0, la macchina Tipo 4BYH-3.25 \u00e8 progettata per resistere all'uso continuo in ambienti agricoli difficili. La sua struttura robusta garantisce una lunga durata, anche in condizioni di lavoro gravose, riducendo al minimo la necessit\u00e0 di riparazioni frequenti.<\/p>\n<h3>5. Conveniente<\/h3>\n<p>Sebbene l'investimento iniziale in questa macchina possa essere superiore a quello del lavoro manuale, si ripaga rapidamente riducendo i costi di manodopera, aumentando la velocit\u00e0 di raccolta e migliorando l'efficienza dell'intero processo. Ci\u00f2 si traduce in risparmi a lungo termine per le aziende agricole su larga scala.<\/p>\n<p style=\"text-align: center;\"><img loading=\"lazy\" decoding=\"async\" class=\"alignnone size-medium wp-image-283\" src=\"https:\/\/square-balers.com\/wp-content\/uploads\/2025\/11\/ep-Type-4BYH-3.25-Kidney-Bean-Uprooting-Machine-5-Ridges-31-300x300.webp\" alt=\"Macchina sradicatrice\" width=\"300\" height=\"300\" srcset=\"https:\/\/square-balers.com\/wp-content\/uploads\/2025\/11\/ep-Type-4BYH-3.25-Kidney-Bean-Uprooting-Machine-5-Ridges-31-300x300.webp 300w, https:\/\/square-balers.com\/wp-content\/uploads\/2025\/11\/ep-Type-4BYH-3.25-Kidney-Bean-Uprooting-Machine-5-Ridges-31-150x150.webp 150w, https:\/\/square-balers.com\/wp-content\/uploads\/2025\/11\/ep-Type-4BYH-3.25-Kidney-Bean-Uprooting-Machine-5-Ridges-31-12x12.webp 12w, https:\/\/square-balers.com\/wp-content\/uploads\/2025\/11\/ep-Type-4BYH-3.25-Kidney-Bean-Uprooting-Machine-5-Ridges-31-100x100.webp 100w, https:\/\/square-balers.com\/wp-content\/uploads\/2025\/11\/ep-Type-4BYH-3.25-Kidney-Bean-Uprooting-Machine-5-Ridges-31.webp 348w\" sizes=\"(max-width: 300px) 100vw, 300px\" \/><\/p>\n<h2>Come funziona la macchina per lo sradicamento dei fagioli rossi tipo 4BYH-3.25<\/h2>\n<p>La macchina per lo sradicamento dei fagioli rossi tipo 4BYH-3.25 (5 creste) utilizza un sistema di creste progettato per separare ed estirpare efficacemente i fagioli rossi dal terreno. Le creste convesse della macchina perforano il terreno, estraendo delicatamente i fagioli dalle radici senza danneggiarli. Il sistema scuote delicatamente la pianta per staccare i fagioli, assicurando che vengano raccolti e trasportati in un'area di raccolta per l'ulteriore lavorazione.<\/p>\n<h2>Applicazioni principali<\/h2>\n<p>La macchina per lo sradicamento dei fagioli rossi modello 4BYH-3.25 \u00e8 adatta a una variet\u00e0 di applicazioni agricole, in particolare a quelle che richiedono la raccolta su larga scala di fagioli rossi. Di seguito sono riportate le sue principali applicazioni:<\/p>\n<h3>1. Coltivazione di fagioli su larga scala<\/h3>\n<p>Ideale per le aziende agricole che producono fagioli rossi su scala commerciale, la macchina \u00e8 in grado di gestire campi di grandi dimensioni e migliorare l'efficienza complessiva delle operazioni di raccolta.<\/p>\n<h3>2. Agricoltura biologica<\/h3>\n<p>Per le aziende agricole biologiche, dove \u00e8 fondamentale ridurre al minimo la manipolazione del terreno, questa macchina rappresenta un modo efficiente per sradicare i fagioli senza danneggiare l'ambiente circostante o la struttura del terreno.<\/p>\n<h3>3. Sistemi di rotazione delle colture<\/h3>\n<p>La macchina \u00e8 estremamente efficace nei sistemi di rotazione delle colture, dove la tempestivit\u00e0 dei raccolti \u00e8 fondamentale per rispettare i programmi di semina delle colture successive.<\/p>\n<h3>4. Impianti di lavorazione dei fagioli<\/h3>\n<p>Gli impianti di lavorazione dei fagioli possono utilizzare il modello 4BYH-3.25 per accelerare la fase di raccolta, aumentando la produttivit\u00e0 dei fagioli dal campo alla fabbrica per la lavorazione.<\/p>\n<h3>5. Aziende agricole di ricerca<\/h3>\n<p>Le aziende agricole di ricerca che conducono esperimenti sulle variet\u00e0 di fagioli e sui tempi di raccolta possono utilizzare la macchina per standardizzare il processo di sradicamento, garantendo risultati di analisi coerenti.<\/p>\n<h3>6. Aziende agricole familiari<\/h3>\n<p>Anche le aziende agricole pi\u00f9 piccole, a conduzione familiare, possono trarre vantaggio dalle capacit\u00e0 di questa macchina, che consente loro di raccogliere i fagioli in modo pi\u00f9 efficiente e di ridurre la necessit\u00e0 di manodopera, che spesso rappresenta un fattore limitante.<\/p>\n<h2>Come scegliere il tipo giusto di macchina per lo sradicamento dei fagioli rossi 4BYH-3.25 (5 creste)<\/h2>\n<p>La scelta della macchina giusta dipende da diversi fattori. Di seguito sono riportati alcuni aspetti chiave per aiutarti a prendere una decisione consapevole:<\/p>\n<h3>1. Dimensione del campo<\/h3>\n<p>Se la vostra azienda agricola \u00e8 di grandi dimensioni, l'elevata capacit\u00e0 della macchina Tipo 4BYH-3.25 vi garantir\u00e0 una raccolta dei fagioli rapida ed efficiente. Per campi pi\u00f9 piccoli, potrebbe essere sufficiente una macchina meno potente.<\/p>\n<h3>2. Tipo di terreno<\/h3>\n<p>Assicuratevi che la macchina scelta sia adatta al tipo di terreno che avete a disposizione. Il design a 5 creste consente alla macchina di lavorare in modo efficiente anche su terreni irregolari, rendendola ideale per diverse condizioni del terreno.<\/p>\n<h3>3. Variet\u00e0 di fagioli<\/h3>\n<p>Diverse variet\u00e0 di fagioli rossi possono avere requisiti di raccolta specifici. Assicuratevi che il modello 4BYH-3.25 sia compatibile con la specifica variet\u00e0 che coltivate, garantendo una gestione ottimale del raccolto.<\/p>\n<h3>4. Bilancio<\/h3>\n<p>Sebbene il costo iniziale possa essere pi\u00f9 elevato, il risparmio di manodopera a lungo termine e la maggiore efficienza del raccolto rendono questa macchina una soluzione conveniente per le attivit\u00e0 agricole su larga scala.<\/p>\n<h3>5. Requisiti di manutenzione<\/h3>\n<p>Quando scegli la tua macchina, considera la facilit\u00e0 di manutenzione. Il modello 4BYH-3.25 \u00e8 progettato per durare a lungo, ma \u00e8 importante considerare anche la manutenzione necessaria per prestazioni ottimali a lungo termine.<\/p>\n<h3>6. Assistenza post-vendita<\/h3>\n<p>Scegliete un fornitore che offra un supporto post-vendita completo, che includa formazione e assistenza per la risoluzione dei problemi. Questo vi garantir\u00e0 di ottenere il massimo dalla vostra macchina per tutta la sua durata.<\/p>\n<p style=\"text-align: center;\"><img loading=\"lazy\" decoding=\"async\" class=\"alignnone size-medium wp-image-284\" src=\"https:\/\/square-balers.com\/wp-content\/uploads\/2025\/11\/ep-Type-4BYH-3.25-Kidney-Bean-Uprooting-Machine-5-Ridges-41-300x300.webp\" alt=\"Macchina sradicatrice\" width=\"300\" height=\"300\" srcset=\"https:\/\/square-balers.com\/wp-content\/uploads\/2025\/11\/ep-Type-4BYH-3.25-Kidney-Bean-Uprooting-Machine-5-Ridges-41-300x300.webp 300w, https:\/\/square-balers.com\/wp-content\/uploads\/2025\/11\/ep-Type-4BYH-3.25-Kidney-Bean-Uprooting-Machine-5-Ridges-41-150x150.webp 150w, https:\/\/square-balers.com\/wp-content\/uploads\/2025\/11\/ep-Type-4BYH-3.25-Kidney-Bean-Uprooting-Machine-5-Ridges-41-12x12.webp 12w, https:\/\/square-balers.com\/wp-content\/uploads\/2025\/11\/ep-Type-4BYH-3.25-Kidney-Bean-Uprooting-Machine-5-Ridges-41-100x100.webp 100w, https:\/\/square-balers.com\/wp-content\/uploads\/2025\/11\/ep-Type-4BYH-3.25-Kidney-Bean-Uprooting-Machine-5-Ridges-41.webp 357w\" sizes=\"(max-width: 300px) 100vw, 300px\" \/><\/p>\n<h2>Suggerimenti per la manutenzione della macchina per lo sradicamento dei fagioli rossi tipo 4BYH-3.25<\/h2>\n<p>Per garantire la longevit\u00e0 e le prestazioni della vostra macchina per lo sradicamento dei fagioli rossi modello 4BYH-3.25, \u00e8 essenziale sottoporla a manutenzione regolare. Ecco alcuni consigli chiave per la manutenzione:<\/p>\n<ul>\n<li>Controllare regolarmente che le creste e i denti non presentino segni di usura. Sostituirli se necessario per mantenere prestazioni ottimali.<\/li>\n<li>Mantenere la macchina pulita per evitare accumuli di sporco o detriti che potrebbero ostacolarne il funzionamento.<\/li>\n<li>Lubrificare regolarmente le parti mobili per garantire un funzionamento regolare e prevenire ruggine o corrosione.<\/li>\n<li>Ispezionare periodicamente il motore e le altre parti meccaniche per individuare eventuali segni di danni o usura ed eseguire tempestivamente le riparazioni necessarie.<\/li>\n<li>Seguire il programma di manutenzione del produttore per garantire che tutti i componenti vengano sottoposti a manutenzione agli intervalli appropriati, per la massima efficienza.<\/li>\n<\/ul>\n<h2>Recensioni dei clienti<\/h2>\n<p>Le recensioni dei clienti sono essenziali per comprendere i vantaggi pratici di un prodotto. Di seguito sono riportate alcune esperienze reali di clienti che hanno utilizzato il modello 4BYH-3.25. <a href=\"https:\/\/square-balers.com\/wp-admin\/post.php?post=231&amp;action=edit\">Macchina per sradicare i fagioli rossi<\/a>.<\/p>\n<p>\"Questa macchina ha rappresentato una svolta per noi. La nostra azienda agricola faceva molto affidamento sul lavoro manuale per la raccolta dei fagioli rossi, un'operazione estremamente dispendiosa in termini di tempo e denaro. Il modello 4BYH-3.25 ha ridotto significativamente i costi di manodopera e migliorato l'efficienza. Ora possiamo raccogliere un campo molto pi\u00f9 grande in una frazione del tempo. Altamente consigliato!\"<\/p>\n<p>\u2013 <strong>John, Stati Uniti<\/strong><\/p>\n<p>\"Come azienda agricola biologica, avevamo bisogno di una macchina che non disturbasse troppo il terreno. Il modello 4BYH-3.25 svolge un lavoro eccellente nello sradicare delicatamente i fagioli, preservando l'integrit\u00e0 del terreno. \u00c8 diventato una parte essenziale del nostro processo di raccolta.\"<\/p>\n<p>\u2013 <strong>Maria, Spagna<\/strong><\/p>\n<p>\"Abbiamo acquistato questa macchina per la nostra grande azienda agricola e ha superato le nostre aspettative. Gestisce i terreni accidentati dei nostri terreni senza problemi e la sua velocit\u00e0 ha aumentato notevolmente la nostra produttivit\u00e0. Vale ogni centesimo!\"<\/p>\n<p>\u2013 <strong>Michael, Australia<\/strong><\/p>\n<p>\"Inizialmente ero titubante a causa del prezzo, ma dopo aver utilizzato questa macchina per una stagione, posso affermare con sicurezza che vale l'investimento. Il Tipo 4BYH-3.25 ci ha fatto risparmiare innumerevoli ore di lavoro e ha ridotto significativamente la nostra forza lavoro. Un rapporto qualit\u00e0-prezzo fantastico!\"<\/p>\n<p>\u2013 <strong>Alice, Regno Unito<\/strong><\/p>\n<p>\"Gestiamo un'azienda agricola di ricerca e avevamo bisogno di una macchina in grado di fornire risultati costanti. Il Tipo 4BYH-3.25 ha fornito esattamente ci\u00f2 di cui avevamo bisogno. \u00c8 facile da usare e garantisce uno sradicamento preciso, essenziale per i nostri esperimenti.\"<\/p>\n<p>\u2013 <strong>Carlos, Brasile<\/strong><\/p>\n<h2>Perch\u00e9 scegliere il nostro prodotto?<\/h2>\n<p>Offriamo la macchina per lo sradicamento dei fagioli rossi modello 4BYH-3.25 con rapide opzioni di personalizzazione, che vi consentono di adattarla alle vostre esigenze specifiche. Il nostro solido supporto post-vendita vi garantisce assistenza in qualsiasi momento. Una garanzia di tre anni vi offre tranquillit\u00e0 e il nostro servizio post-vendita garantir\u00e0 il perfetto funzionamento delle vostre macchine. Offriamo inoltre spedizioni rapide in tutto il mondo per soddisfare in modo efficiente e rapido le vostre esigenze di ordine, garantendo che le vostre attivit\u00e0 di produzione agricola non subiscano interruzioni.<\/p>\n<p>Ci impegniamo a fornire prodotti di alta qualit\u00e0, prezzi accessibili e un servizio clienti eccellente, rendendoci la scelta migliore per le vostre esigenze in fatto di attrezzature agricole. Oltre alla macchina per lo sradicamento dei fagioli rossi tipo 4BYH-3.25, forniamo altri accessori e prodotti correlati per supportare le vostre attivit\u00e0. Esplorate la nostra gamma completa di prodotti e contattateci oggi stesso per iniziare!<\/p>\n<p style=\"text-align: center;\"><img loading=\"lazy\" decoding=\"async\" class=\"size-medium wp-image-282 aligncenter\" src=\"https:\/\/square-balers.com\/wp-content\/uploads\/2025\/11\/ep-Type-4BYH-3.25-Kidney-Bean-Uprooting-Machine-5-Ridges-21-300x300.webp\" alt=\"Macchina sradicatrice\" width=\"300\" height=\"300\" srcset=\"https:\/\/square-balers.com\/wp-content\/uploads\/2025\/11\/ep-Type-4BYH-3.25-Kidney-Bean-Uprooting-Machine-5-Ridges-21-300x300.webp 300w, https:\/\/square-balers.com\/wp-content\/uploads\/2025\/11\/ep-Type-4BYH-3.25-Kidney-Bean-Uprooting-Machine-5-Ridges-21-150x150.webp 150w, https:\/\/square-balers.com\/wp-content\/uploads\/2025\/11\/ep-Type-4BYH-3.25-Kidney-Bean-Uprooting-Machine-5-Ridges-21-12x12.webp 12w, https:\/\/square-balers.com\/wp-content\/uploads\/2025\/11\/ep-Type-4BYH-3.25-Kidney-Bean-Uprooting-Machine-5-Ridges-21-100x100.webp 100w, https:\/\/square-balers.com\/wp-content\/uploads\/2025\/11\/ep-Type-4BYH-3.25-Kidney-Bean-Uprooting-Machine-5-Ridges-21.webp 370w\" sizes=\"(max-width: 300px) 100vw, 300px\" \/><\/p>\n<h2>Domande frequenti<\/h2>\n<p><strong>1. Qual \u00e8 la dimensione massima del campo che la macchina per lo sradicamento dei fagioli rossi tipo 4BYH-3.25 pu\u00f2 gestire?<\/strong><\/p>\n<p>Il modello 4BYH-3.25 \u00e8 progettato per aziende agricole di grandi dimensioni, in grado di gestire campi fino a 100 acri o pi\u00f9, a seconda delle condizioni del terreno e del terreno.<\/p>\n<p><strong>2. Quanto tempo ci vuole per raccogliere un acro di fagioli rossi con il tipo 4BYH-3.25?<\/strong><\/p>\n<p>In media, la macchina pu\u00f2 raccogliere un acro di fagioli rossi in poche ore, a seconda del terreno e della densit\u00e0 delle colture.<\/p>\n<p><strong>3. Il modello 4BYH-3.25 \u00e8 adatto alle piccole aziende agricole?<\/strong><\/p>\n<p>Sebbene la macchina sia ottimizzata per le aziende agricole di grandi dimensioni, anche le aziende pi\u00f9 piccole possono trarre vantaggio dalla sua efficienza se dispongono di campi di medie e grandi dimensioni. Per i campi pi\u00f9 piccoli, una macchina meno potente potrebbe essere pi\u00f9 economica.<\/p>\n<p><strong>4. In che modo la macchina riduce al minimo i danni ai fagioli rossi durante lo sradicamento?<\/strong><\/p>\n<p>Il design a 5 creste garantisce che i fagioli vengano sradicati delicatamente senza esercitare una forza eccessiva, riducendo il rischio di danneggiare i raccolti.<\/p>\n<p><strong>5. Il tipo 4BYH-3.25 pu\u00f2 essere utilizzato nell'agricoltura biologica?<\/strong><\/p>\n<p>S\u00ec, questa macchina \u00e8 ideale per l'agricoltura biologica poich\u00e9 riduce al minimo la perturbazione del terreno e al contempo raccoglie in modo efficiente i fagioli rossi.<\/p>\n<p><strong>6. Che tipo di manutenzione richiede il modello 4BYH-3.25?<\/strong><\/p>\n<p>La manutenzione ordinaria include la lubrificazione delle parti mobili, la pulizia della macchina e il controllo dell'usura di denti e nervature. Seguire il programma di manutenzione indicato dal produttore per prestazioni ottimali.<\/p>\n<p><strong>7. Il modello 4BYH-3.25 \u00e8 in grado di gestire diversi tipi di terreno?<\/strong><\/p>\n<p>S\u00ec, la macchina \u00e8 progettata per funzionare efficacemente in diverse condizioni del terreno, tra cui terreni argillosi, limosi e sabbiosi.<\/p>\n<p><strong>8. Esiste una garanzia per il tipo 4BYH-3.25?<\/strong><\/p>\n<p>S\u00ec, il modello 4BYH-3.25 \u00e8 coperto da una garanzia di 3 anni per garantirne longevit\u00e0 e prestazioni. Offriamo anche assistenza post-vendita per risolvere eventuali problemi.<\/p>\n<p><strong>9. Quanto \u00e8 veloce la consegna per gli ordini internazionali?<\/strong><\/p>\n<p>Offriamo spedizioni rapide in tutto il mondo, garantendo che il tuo ordine arrivi entro poche settimane, a seconda della tua posizione.<\/p>\n<p><strong>10. Il tipo 4BYH-3.25 pu\u00f2 essere personalizzato per esigenze specifiche?<\/strong><\/p>\n<p>S\u00ec, offriamo opzioni di personalizzazione per adattare la macchina alle specifiche esigenze della tua azienda agricola, garantendo le migliori prestazioni per i tuoi raccolti.<\/p>\n<p><strong>11. Qual \u00e8 il costo della macchina per lo sradicamento dei fagioli rossi tipo 4BYH-3.25?<\/strong><\/p>\n<p>Il prezzo della macchina dipende dalle specifiche e dalle opzioni di personalizzazione. Contattateci per un preventivo dettagliato in base alle vostre esigenze.<\/p>\n<p><strong>12. Quanto \u00e8 facile utilizzare il modello 4BYH-3.25?<\/strong><\/p>\n<p>La macchina \u00e8 intuitiva e dotata di comandi semplici che consentono agli operatori di iniziare a utilizzarla senza bisogno di una formazione specializzata.<\/p>\n<p><strong>13. Il modello 4BYH-3.25 funziona in condizioni di terreno bagnato?<\/strong><\/p>\n<p>Sebbene la macchina offra prestazioni migliori in condizioni di terreno da asciutto a moderatamente umido, pu\u00f2 comunque gestire terreni bagnati, ma potrebbe essere necessario regolarla per ottenere prestazioni ottimali.<\/p>\n<p><strong>14. Il tipo 4BYH-3.25 pu\u00f2 essere utilizzato anche per altre colture oltre ai fagioli rossi?<\/strong><\/p>\n<p>Sebbene sia stata progettata principalmente per i fagioli rossi, la macchina pu\u00f2 essere adattata per l'uso con altri tipi di legumi e piccole colture che richiedono un delicato sradicamento.<\/p>\n<p><strong>15. Il modello 4BYH-3.25 ha un elevato consumo di carburante?<\/strong><\/p>\n<p>No, la macchina \u00e8 progettata per consumare meno carburante, riducendo al minimo i costi operativi e massimizzando la produttivit\u00e0 sul campo.<\/p>\n<p>modificato da gzl<\/p>\n<p>&nbsp;<\/p>","protected":false},"excerpt":{"rendered":"<p>Scopri la macchina per lo sradicamento dei fagioli rossi modello 4BYH-3.25, dotata di un design a 5 creste per una raccolta pi\u00f9 rapida ed efficiente. Massimizza la produttivit\u00e0 e riduci al minimo i costi di manodopera con questa attrezzatura ad alte prestazioni. Perfetta per gli agricoltori che cercano affidabilit\u00e0 e precisione. Acquistala subito e aumenta l'efficienza del tuo raccolto!<\/p>","protected":false},"featured_media":285,"template":"","meta":{"_et_pb_use_builder":"","_et_pb_old_content":"","_et_gb_content_width":""},"product_brand":[],"product_cat":[22],"product_tag":[],"class_list":{"0":"post-230","1":"product","2":"type-product","3":"status-publish","4":"has-post-thumbnail","6":"product_cat-kidney-bean-puller","8":"first","9":"instock","10":"shipping-taxable","11":"product-type-simple"},"_links":{"self":[{"href":"https:\/\/square-balers.com\/it\/wp-json\/wp\/v2\/product\/230","targetHints":{"allow":["GET"]}}],"collection":[{"href":"https:\/\/square-balers.com\/it\/wp-json\/wp\/v2\/product"}],"about":[{"href":"https:\/\/square-balers.com\/it\/wp-json\/wp\/v2\/types\/product"}],"wp:featuredmedia":[{"embeddable":true,"href":"https:\/\/square-balers.com\/it\/wp-json\/wp\/v2\/media\/285"}],"wp:attachment":[{"href":"https:\/\/square-balers.com\/it\/wp-json\/wp\/v2\/media?parent=230"}],"wp:term":[{"taxonomy":"product_brand","embeddable":true,"href":"https:\/\/square-balers.com\/it\/wp-json\/wp\/v2\/product_brand?post=230"},{"taxonomy":"product_cat","embeddable":true,"href":"https:\/\/square-balers.com\/it\/wp-json\/wp\/v2\/product_cat?post=230"},{"taxonomy":"product_tag","embeddable":true,"href":"https:\/\/square-balers.com\/it\/wp-json\/wp\/v2\/product_tag?post=230"}],"curies":[{"name":"parola chiave","href":"https:\/\/api.w.org\/{rel}","templated":true}]}}