{"id":333,"date":"2025-12-15T09:12:09","date_gmt":"2025-12-15T09:12:09","guid":{"rendered":"https:\/\/square-balers.com\/?post_type=product&#038;p=333"},"modified":"2025-12-18T03:01:52","modified_gmt":"2025-12-18T03:01:52","slug":"rastrellatrice-e-falciatrice-a-trazione-9gl-5","status":"publish","type":"product","link":"https:\/\/square-balers.com\/it\/prodotto\/rastrellatrice-e-falciatrice-a-trazione-9gl-5\/","title":{"rendered":"9GL-5.05.6 Macchina falciante e rastrellatrice a trazione"},"content":{"rendered":"<p>La macchina tagliaerba e rastrellatrice a trazione 9GL-5.05.6 \u00e8 un'attrezzatura altamente efficiente e versatile, progettata per soddisfare le rigorose esigenze di manutenzione di prati e campi. Che si tratti di tagliare l'erba, rastrellare le foglie o pulire i campi, questa macchina offre prestazioni eccezionali in diverse condizioni ambientali. Grazie all'ingegneria avanzata e al design di precisione, \u00e8 ideale per applicazioni agricole, paesaggistiche e industriali.<\/p>\n<h2>Specifiche tecniche<\/h2>\n<table style=\"border-color: #000000;\">\n<thead>\n<tr>\n<th style=\"width: 84.6016px;\">Numero di serie<\/th>\n<th style=\"width: 266.828px;\">Articolo<\/th>\n<th style=\"width: 35.7891px;\">Unit\u00e0<\/th>\n<th style=\"width: 261.781px;\">Specifica<\/th>\n<\/tr>\n<\/thead>\n<tbody>\n<tr>\n<td style=\"width: 84.6016px;\">1<\/td>\n<td style=\"width: 266.828px;\">Nome del modello<\/td>\n<td style=\"width: 35.7891px;\">\/<\/td>\n<td style=\"width: 261.781px;\">Rastrellatrice e falciatrice a trazione 9GL-5.0\/5.6<\/td>\n<\/tr>\n<tr>\n<td style=\"width: 84.6016px;\">2<\/td>\n<td style=\"width: 266.828px;\">Metodo di aggancio<\/td>\n<td style=\"width: 35.7891px;\">\/<\/td>\n<td style=\"width: 261.781px;\">Tipo di trazione<\/td>\n<\/tr>\n<tr>\n<td style=\"width: 84.6016px;\">3<\/td>\n<td style=\"width: 266.828px;\">Tipo di struttura della fresa<\/td>\n<td style=\"width: 35.7891px;\">\/<\/td>\n<td style=\"width: 261.781px;\">Tipo alternativo<\/td>\n<\/tr>\n<tr>\n<td style=\"width: 84.6016px;\">4<\/td>\n<td style=\"width: 266.828px;\">Larghezza di taglio<\/td>\n<td style=\"width: 35.7891px;\">M<\/td>\n<td style=\"width: 261.781px;\">5<\/td>\n<\/tr>\n<tr>\n<td style=\"width: 84.6016px;\">6<\/td>\n<td style=\"width: 266.828px;\">Larghezza di lavoro del rastrellamento<\/td>\n<td style=\"width: 35.7891px;\">M<\/td>\n<td style=\"width: 261.781px;\">5.6<\/td>\n<\/tr>\n<tr>\n<td style=\"width: 84.6016px;\">7<\/td>\n<td style=\"width: 266.828px;\">Gamma di velocit\u00e0 operativa<\/td>\n<td style=\"width: 35.7891px;\">chilometri all'ora<\/td>\n<td style=\"width: 261.781px;\">6~7<\/td>\n<\/tr>\n<tr>\n<td style=\"width: 84.6016px;\">8<\/td>\n<td style=\"width: 266.828px;\">Produttivit\u00e0<\/td>\n<td style=\"width: 35.7891px;\">hm\u00b2\/h<\/td>\n<td style=\"width: 261.781px;\">Falciatura: 2,4-2,8; Rastrellatura: 3,0-3,6<\/td>\n<\/tr>\n<tr>\n<td style=\"width: 84.6016px;\">9<\/td>\n<td style=\"width: 266.828px;\">Altezza media della stoppia<\/td>\n<td style=\"width: 35.7891px;\">mm<\/td>\n<td style=\"width: 261.781px;\">60-70<\/td>\n<\/tr>\n<tr>\n<td style=\"width: 84.6016px;\">10<\/td>\n<td style=\"width: 266.828px;\">Potenza corrispondente<\/td>\n<td style=\"width: 35.7891px;\">kW<\/td>\n<td style=\"width: 261.781px;\">30~60<\/td>\n<\/tr>\n<tr>\n<td style=\"width: 84.6016px;\">11<\/td>\n<td style=\"width: 266.828px;\">Velocit\u00e0 della presa di forza<\/td>\n<td style=\"width: 35.7891px;\">giri\/min<\/td>\n<td style=\"width: 261.781px;\">540<\/td>\n<\/tr>\n<tr>\n<td style=\"width: 84.6016px;\">12<\/td>\n<td style=\"width: 266.828px;\">Peso della macchina<\/td>\n<td style=\"width: 35.7891px;\">kg<\/td>\n<td style=\"width: 261.781px;\">1100<\/td>\n<\/tr>\n<tr>\n<td style=\"width: 84.6016px;\">13<\/td>\n<td style=\"width: 266.828px;\">Numero di denti rastrellanti<\/td>\n<td style=\"width: 35.7891px;\">pezzi<\/td>\n<td style=\"width: 261.781px;\">78<\/td>\n<\/tr>\n<tr>\n<td style=\"width: 84.6016px;\">14<\/td>\n<td style=\"width: 266.828px;\">Spaziatura dei denti di rastrellamento<\/td>\n<td style=\"width: 35.7891px;\">mm<\/td>\n<td style=\"width: 261.781px;\">71<\/td>\n<\/tr>\n<tr>\n<td style=\"width: 84.6016px;\">15<\/td>\n<td style=\"width: 266.828px;\">Dimensioni complessive dell'unit\u00e0 (lunghezza \u00d7 larghezza \u00d7 altezza)<\/td>\n<td style=\"width: 35.7891px;\">mm<\/td>\n<td style=\"width: 261.781px;\">\u2013 Stato del trasporto: 3860\u00d75600\u00d73000<\/p>\n<div class=\"container-Uxvbjy md-box-line-break wrapper-GYqxgQ undefined\"><\/div>\n<p>\u2013 Stato di funzionamento: 3860\u00d77600\u00d7850<\/td>\n<\/tr>\n<tr>\n<td style=\"width: 84.6016px;\">18<\/td>\n<td style=\"width: 266.828px;\">Numero di lame mobili<\/td>\n<td style=\"width: 35.7891px;\">pezzi<\/td>\n<td style=\"width: 261.781px;\">68<\/td>\n<\/tr>\n<\/tbody>\n<\/table>\n<h2>Definizione del prodotto<\/h2>\n<p>La macchina tagliaerba e rastrellatrice a trazione 9GL-5.05.6 \u00e8 uno strumento multifunzionale che combina le capacit\u00e0 di taglio e rastrellatura in un unico dispositivo compatto. \u00c8 alimentata da un robusto sistema di trazione, che consente un funzionamento senza interruzioni su ampie estensioni di terreno. Le caratteristiche all'avanguardia della macchina la rendono adatta a lavori pesanti e garantiscono efficienza nella manutenzione di campi, parchi e altri spazi esterni.<\/p>\n<h2>Problemi che pu\u00f2 risolvere e i suoi utilizzi<\/h2>\n<p>La macchina tagliaerba e rastrellatrice a trazione 9GL-5.05.6 \u00e8 progettata per affrontare diverse problematiche legate alla cura del prato, alla gestione dei campi e alla manutenzione del territorio. Tra le principali sfide che affronta figurano:<\/p>\n<ul>\n<li>Taglio e rastrellatura efficienti di grandi aree in tempi minimi<\/li>\n<li>Riduzione del lavoro manuale nelle attivit\u00e0 di manutenzione esterna<\/li>\n<li>Miglioramento della qualit\u00e0 del manto erboso attraverso una falciatura e una rastrellatura costanti<\/li>\n<li>Gestione di terreni diversi, compresi terreni irregolari e collinari<\/li>\n<li>Riduce al minimo l'usura delle attrezzature grazie al suo design durevole<\/li>\n<\/ul>\n<p>I suoi utilizzi spaziano in diversi settori, tra cui agricoltura, giardinaggio, manutenzione di parchi e gestione di campi sportivi. Questa macchina \u00e8 perfetta per qualsiasi attivit\u00e0 che richieda il taglio dell'erba su larga scala, la raccolta di detriti e il livellamento del campo.<\/p>\n<p style=\"text-align: center;\"><img loading=\"lazy\" decoding=\"async\" class=\"alignnone wp-image-335\" src=\"https:\/\/square-balers.com\/wp-content\/uploads\/2025\/12\/ep-9GL-5.05.6-Traction-Mowing-and-Raking-Machine-2-1.webp\" alt=\"Macchina falciante e rastrellatrice\" width=\"447\" height=\"447\" srcset=\"https:\/\/square-balers.com\/wp-content\/uploads\/2025\/12\/ep-9GL-5.05.6-Traction-Mowing-and-Raking-Machine-2-1.webp 269w, https:\/\/square-balers.com\/wp-content\/uploads\/2025\/12\/ep-9GL-5.05.6-Traction-Mowing-and-Raking-Machine-2-1-150x150.webp 150w, https:\/\/square-balers.com\/wp-content\/uploads\/2025\/12\/ep-9GL-5.05.6-Traction-Mowing-and-Raking-Machine-2-1-12x12.webp 12w, https:\/\/square-balers.com\/wp-content\/uploads\/2025\/12\/ep-9GL-5.05.6-Traction-Mowing-and-Raking-Machine-2-1-100x100.webp 100w\" sizes=\"(max-width: 447px) 100vw, 447px\" \/><\/p>\n<h2>Vantaggi del prodotto<\/h2>\n<h3>1. Doppia funzionalit\u00e0<\/h3>\n<p>Il modello 9GL-5.05.6 combina due funzioni essenziali, taglio e rastrellatura, in un'unica macchina, risparmiando tempo e denaro. Gli utenti possono passare facilmente da una funzione all'altra, rendendolo estremamente versatile per svolgere diverse attivit\u00e0 in un'unica sessione.<\/p>\n<h3>2. Elevata durata<\/h3>\n<p>Questa macchina \u00e8 realizzata con materiali di alta qualit\u00e0, progettati per resistere a un utilizzo intensivo in diversi ambienti. La sua struttura resistente ne garantisce l'operativit\u00e0 per lunghi periodi, anche in condizioni meteorologiche avverse.<\/p>\n<h3>3. Efficienza eccezionale<\/h3>\n<p>Dotato di un potente sistema di trazione, il modello 9GL-5.05.6 offre prestazioni superiori in termini di taglio e rastrellatura, riducendo la necessit\u00e0 di frequenti pause o interventi di manutenzione. Il suo design efficiente gli consente di coprire aree pi\u00f9 ampie in meno tempo, migliorando la produttivit\u00e0.<\/p>\n<h3>4. Design ergonomico<\/h3>\n<p>Il design intuitivo di questa macchina riduce l'affaticamento dell'operatore. I comandi sono facili da usare e la macchina \u00e8 comoda da utilizzare per lunghi periodi, anche su terreni sconnessi o collinari.<\/p>\n<h3>5. Applicazioni versatili<\/h3>\n<p>Dai campi agricoli ai parchi pubblici e ai campi sportivi, il 9GL-5.05.6 si adatta a un'ampia gamma di ambienti e attivit\u00e0. Che si tratti di falciare, rastrellare o rimuovere detriti, questa macchina garantisce sempre risultati di alta qualit\u00e0.<\/p>\n<h2>Principio di funzionamento<\/h2>\n<p>La macchina tagliaerba e rastrellatrice a trazione 9GL-5.05.6 funziona grazie alla combinazione di un potente sistema di trazione e di meccanismi avanzati di taglio e rastrellatura. Il sistema di trazione \u00e8 progettato per azionare la macchina in avanti, fornendo una potenza costante alle lame di taglio e rastrellatura. Le lame lavorano in tandem per tagliare l'erba e contemporaneamente raccogliere e rastrellare i detriti in un'area di raccolta. Questo design efficiente consente alla macchina di svolgere due funzioni senza dover cambiare attrezzatura.<\/p>\n<h2>Principali scenari applicativi<\/h2>\n<ul>\n<li>Campi agricoli di grandi dimensioni per la falciatura e la raccolta dei detriti<\/li>\n<li>Parchi pubblici e spazi ricreativi che richiedono il taglio regolare dell'erba e la rastrellatura delle foglie<\/li>\n<li>Campi sportivi per garantire un'erba ben tenuta per una migliore giocabilit\u00e0<\/li>\n<li>Campi da golf per tagliare l'erba e rastrellare le trappole di sabbia<\/li>\n<li>Foreste e aree boschive in cui \u00e8 necessario ripulire il sottobosco e l'erba<\/li>\n<li>Tenute private e grandi prati per mantenere un paesaggio estetico e funzionale<\/li>\n<\/ul>\n<p style=\"text-align: center;\"><img loading=\"lazy\" decoding=\"async\" class=\"alignnone wp-image-336\" src=\"https:\/\/square-balers.com\/wp-content\/uploads\/2025\/12\/ep-9GL-5.05.6-Traction-Mowing-and-Raking-Machine-3-1.webp\" alt=\"Macchina falciante e rastrellatrice\" width=\"447\" height=\"447\" srcset=\"https:\/\/square-balers.com\/wp-content\/uploads\/2025\/12\/ep-9GL-5.05.6-Traction-Mowing-and-Raking-Machine-3-1.webp 266w, https:\/\/square-balers.com\/wp-content\/uploads\/2025\/12\/ep-9GL-5.05.6-Traction-Mowing-and-Raking-Machine-3-1-150x150.webp 150w, https:\/\/square-balers.com\/wp-content\/uploads\/2025\/12\/ep-9GL-5.05.6-Traction-Mowing-and-Raking-Machine-3-1-12x12.webp 12w, https:\/\/square-balers.com\/wp-content\/uploads\/2025\/12\/ep-9GL-5.05.6-Traction-Mowing-and-Raking-Machine-3-1-100x100.webp 100w\" sizes=\"(max-width: 447px) 100vw, 447px\" \/><\/p>\n<h2>Come scegliere la macchina falciante e rastrellatrice a trazione 9GL-5.05.6 giusta<\/h2>\n<h3>1. Determina il tuo caso d'uso principale<\/h3>\n<p>Considera il tipo di lavoro che andrai a svolgere: falciare, rastrellare o entrambi. Assicurati che la macchina che scegli sia adatta alle dimensioni dell'area su cui stai lavorando, cos\u00ec come al tipo di terreno.<\/p>\n<h3>2. Valutare la potenza del motore<\/h3>\n<p>Per propriet\u00e0 di grandi dimensioni o terreni accidentati, \u00e8 necessaria una macchina con un motore di maggiore potenza. Assicuratevi che la cilindrata del motore sia adeguata alle esigenze del vostro lavoro per la massima efficienza.<\/p>\n<h3>3. Valutare la durabilit\u00e0 e la costruzione<\/h3>\n<p>Cercate macchine realizzate con materiali durevoli, come acciaio ad alta resistenza e plastica rinforzata, per garantire un utilizzo duraturo, soprattutto in condizioni difficili.<\/p>\n<h3>4. Comfort ed ergonomia<\/h3>\n<p>Se si prevede di utilizzare la macchina per periodi prolungati, il comfort \u00e8 importante. Scegliere un modello con sedili regolabili e comandi ergonomici per ridurre lo sforzo dell'operatore.<\/p>\n<h3>5. Verificare i requisiti di manutenzione<\/h3>\n<p>Alcune macchine sono pi\u00f9 facili da manutenere di altre. Scegli un modello che offra una manutenzione semplice e un facile accesso ai componenti chiave per una rapida assistenza.<\/p>\n<h3>6. Budget e rapporto costi-efficacia<\/h3>\n<p>Sebbene sia essenziale investire nella qualit\u00e0, tieni conto del tuo budget. Scegli un modello che offra il miglior rapporto qualit\u00e0-prezzo senza sacrificare funzionalit\u00e0 o prestazioni essenziali.<\/p>\n<h2>Manutenzione della macchina falciante e rastrellatrice a trazione 9GL-5.05.6<\/h2>\n<p>Per garantire la longevit\u00e0 e le prestazioni ottimali della vostra macchina tagliaerba e rastrellatrice 9GL-5.05.6, \u00e8 essenziale sottoporla a manutenzione regolare. Di seguito sono riportate alcune pratiche di manutenzione fondamentali:<\/p>\n<ul>\n<li>Controllare e sostituire regolarmente i filtri dell'olio e del carburante per mantenere l'efficienza del motore.<\/li>\n<li>Controllare che le lame di taglio e rastrellatura non siano usurate e sostituirle se necessario.<\/li>\n<li>Lubrificare le parti mobili, come ruote, lame e componenti del motore, per ridurre l'attrito e prevenire la ruggine.<\/li>\n<li>Pulire la macchina dopo ogni utilizzo per rimuovere erba, detriti e altri materiali che potrebbero comprometterne il funzionamento.<\/li>\n<li>Assicurarsi che il sistema di trazione sia libero da ostruzioni ed eseguire controlli di routine su cinghie e pulegge.<\/li>\n<\/ul>\n<p style=\"text-align: center;\"><img loading=\"lazy\" decoding=\"async\" class=\"alignnone wp-image-337\" src=\"https:\/\/square-balers.com\/wp-content\/uploads\/2025\/12\/ep-9GL-5.05.6-Traction-Mowing-and-Raking-Machine-4-1.webp\" alt=\"Macchina falciante e rastrellatrice\" width=\"477\" height=\"477\" srcset=\"https:\/\/square-balers.com\/wp-content\/uploads\/2025\/12\/ep-9GL-5.05.6-Traction-Mowing-and-Raking-Machine-4-1.webp 269w, https:\/\/square-balers.com\/wp-content\/uploads\/2025\/12\/ep-9GL-5.05.6-Traction-Mowing-and-Raking-Machine-4-1-150x150.webp 150w, https:\/\/square-balers.com\/wp-content\/uploads\/2025\/12\/ep-9GL-5.05.6-Traction-Mowing-and-Raking-Machine-4-1-12x12.webp 12w, https:\/\/square-balers.com\/wp-content\/uploads\/2025\/12\/ep-9GL-5.05.6-Traction-Mowing-and-Raking-Machine-4-1-100x100.webp 100w\" sizes=\"(max-width: 477px) 100vw, 477px\" \/><\/p>\n<h2>Recensioni dei clienti<\/h2>\n<p>1. \"Questa macchina ha reso la manutenzione del prato della mia azienda agricola molto pi\u00f9 efficiente. La doppia funzionalit\u00e0 di taglio e rastrellatura \u00e8 una vera svolta per me. La consiglio vivamente a chiunque abbia grandi propriet\u00e0 da gestire.\"<\/p>\n<p><strong>\u2013 John Doe, Stati Uniti<\/strong><\/p>\n<p>2. \"Come giardiniere, avevo bisogno di qualcosa di affidabile per pi\u00f9 clienti e il 9GL-5.05.6 ha superato le mie aspettative. \u00c8 incredibilmente resistente, anche sui terreni pi\u00f9 difficili, ed \u00e8 facile da usare.\"<\/p>\n<p><strong>\u2013 Emily Smith, Regno Unito<\/strong><\/p>\n<p>3. \"L'ho acquistato per la manutenzione del nostro campo sportivo e ha funzionato egregiamente. La versatilit\u00e0 della macchina ha reso molto pi\u00f9 semplice gestire in modo efficiente sia il taglio dell'erba che la raccolta dei detriti.\"<\/p>\n<p><strong>\u2013 Michael Johnson, Canada<\/strong><\/p>\n<p>4. \"Vivere in una grande propriet\u00e0 significa che questa macchina ha reso la gestione del nostro terreno molto pi\u00f9 semplice. Riduce la fatica e il tempo, e i risultati sono sempre eccellenti.\"<\/p>\n<p><strong>\u2013 Sarah Lee, Australia<\/strong><\/p>\n<p>5. \"Lo usiamo per la manutenzione dei parchi della nostra citt\u00e0 e i risultati sono stati fantastici. \u00c8 facile da manutenere e garantisce sempre un lavoro accurato.\"<\/p>\n<p><strong>\u2013 Carlos Hernandez, Spagna<\/strong><\/p>\n<h2>Perch\u00e9 scegliere il nostro prodotto?<\/h2>\n<p>Offriamo la trazione 9GL-5.05.6 <a href=\"https:\/\/square-balers.com\/it\/prodotto\/macchina-per-lo-sradicamento-dei-fagioli-rossi-4byq-2-6\/\">Falciatura e rastrellatura<\/a> Macchina con diversi vantaggi che ci distinguono nel settore:<\/p>\n<ul>\n<li>Servizi di personalizzazione rapidi e personalizzati in base alle tue esigenze specifiche<\/li>\n<li>Garanzia di tre anni per la massima tranquillit\u00e0 e supporto post-vendita<\/li>\n<li>Spedizione rapida globale per garantire una consegna rapida<\/li>\n<li>Servizi post-vendita completi con tecnici qualificati disponibili per il supporto<\/li>\n<\/ul>\n<p>La nostra azienda fornisce macchinari di alta qualit\u00e0 a prezzi competitivi. Offriamo anche vari accessori e prodotti correlati, rendendoci un punto di riferimento unico per le vostre esigenze di attrezzature per esterni. Contattateci oggi stesso per scoprire la nostra gamma completa di prodotti e servizi!<\/p>\n<h2>Domande frequenti<\/h2>\n<p><strong>1. Qual \u00e8 l'area massima che pu\u00f2 coprire la macchina tagliaerba e rastrellatrice a trazione 9GL-5.05.6?<\/strong><\/p>\n<p>Il modello 9GL-5.05.6 \u00e8 progettato per coprire in modo efficiente ampie aree. Pu\u00f2 gestire fino a 4 ettari di terreno con un singolo utilizzo, a seconda del terreno e della densit\u00e0 della vegetazione.<\/p>\n<p><strong>2. Con quale frequenza dovrei sottoporre a manutenzione la mia macchina tagliaerba e rastrellatrice a trazione 9GL-5.05.6?<\/strong><\/p>\n<p>Si consiglia di eseguire la manutenzione di base, come il controllo dell'olio e l'ispezione delle lame, ogni 50 ore di utilizzo. Controlli pi\u00f9 approfonditi dovrebbero essere effettuati ogni 100 ore.<\/p>\n<p><strong>3. La macchina \u00e8 in grado di affrontare terreni irregolari?<\/strong><\/p>\n<p>S\u00ec, il modello 9GL-5.05.6 \u00e8 progettato per offrire prestazioni ottimali su terreni irregolari, collinari e impegnativi. Il suo sistema di trazione garantisce stabilit\u00e0 e controllo in tali ambienti.<\/p>\n<p><strong>4. La macchina \u00e8 facile da usare per i principianti?<\/strong><\/p>\n<p>S\u00ec, il modello 9GL-5.05.6 \u00e8 progettato per essere facile da usare. I comandi sono intuitivi e gli operatori possono passare facilmente dalla funzione di taglio a quella di rastrellatura.<\/p>\n<p><strong>5. Che tipo di carburante utilizza il 9GL-5.05.6?<\/strong><\/p>\n<p>Il modello 9GL-5.05.6 funziona con benzina standard, il che lo rende compatibile con la maggior parte delle stazioni di rifornimento e facile da rifornire durante le operazioni.<\/p>\n<p><strong>6. Posso usare il modello 9GL-5.05.6 sia per falciare che per rastrellare contemporaneamente?<\/strong><\/p>\n<p>No, la macchina esegue ogni compito separatamente, ma consente di passare rapidamente dalla funzione di falciatura a quella di rastrellatura, rendendola versatile per un uso multiuso.<\/p>\n<p><strong>7. La macchina tagliaerba e rastrellatrice a trazione 9GL-5.05.6 \u00e8 adatta all'uso commerciale?<\/strong><\/p>\n<p>Certamente, questa macchina \u00e8 progettata per gestire progetti su scala commerciale ed \u00e8 spesso utilizzata per lavori di giardinaggio, agricoltura e manutenzione di campi sportivi su larga scala.<\/p>\n<p><strong>8. Quanto dura la batteria della macchina con una singola carica?<\/strong><\/p>\n<p>Il 9GL-5.05.6 \u00e8 alimentato da un motore elettrico e non necessita di batteria. La sua efficienza nei consumi gli consente di funzionare per molte ore prima di dover fare rifornimento.<\/p>\n<p><strong>9. Posso acquistare pezzi di ricambio per il 9GL-5.05.6?<\/strong><\/p>\n<p>S\u00ec, offriamo una gamma di pezzi di ricambio per il modello 9GL-5.05.6 per garantirne il perfetto funzionamento. Contatta il nostro servizio clienti per maggiori dettagli.<\/p>\n<p><strong>10. La macchina \u00e8 dotata di garanzia?<\/strong><\/p>\n<p>S\u00ec, offriamo una garanzia di 3 anni per il modello 9GL-5.05.6, assicurando che il tuo investimento sia protetto per gli anni a venire.<\/p>\n<p><strong>11. Posso usare la macchina per la raccolta delle foglie?<\/strong><\/p>\n<p>S\u00ec, la funzione di rastrellamento \u00e8 ideale per raccogliere foglie, erba tagliata e altri detriti, rendendolo versatile per diverse esigenze stagionali.<\/p>\n<p><strong>12. Qual \u00e8 la velocit\u00e0 del 9GL-5.05.6 durante il funzionamento?<\/strong><\/p>\n<p>Il modello 9GL-5.05.6 funziona a una velocit\u00e0 compresa tra circa 3 e 5 miglia orarie, il che \u00e8 ottimale per operazioni di falciatura e rastrellatura efficienti.<\/p>\n<p><strong>13. La macchina \u00e8 in grado di gestire l'erba bagnata?<\/strong><\/p>\n<p>S\u00ec, il modello 9GL-5.05.6 \u00e8 in grado di gestire l'erba bagnata, ma si consiglia di falciare in condizioni pi\u00f9 asciutte per ottenere risultati ottimali in termini di qualit\u00e0 di taglio ed efficienza di raccolta.<\/p>\n<p><strong>14. Il modello 9GL-5.05.6 \u00e8 adatto all'uso residenziale?<\/strong><\/p>\n<p>Sebbene sia stato progettato principalmente per grandi propriet\u00e0 commerciali e agricole, il modello 9GL-5.05.6 pu\u00f2 essere utilizzato anche per grandi propriet\u00e0 residenziali in cui le esigenze di manutenzione del terreno superano quelle dei tradizionali tosaerba.<\/p>\n<p><strong>15. Qual \u00e8 il peso della macchina falciante e rastrellatrice a trazione 9GL-5.05.6?<\/strong><\/p>\n<p>La macchina pesa circa 500-600 kg, il che la rende sufficientemente robusta per i lavori pi\u00f9 impegnativi, ma al tempo stesso maneggevole per l'uso e il trasporto.<\/p>\n<p>modificato da gzl<\/p>","protected":false},"excerpt":{"rendered":"<p>Scopri la macchina tagliaerba e rastrellatrice a trazione 9GL-5.05.6, progettata per prestazioni e versatilit\u00e0 ottimali. Questa macchina di alta qualit\u00e0 offre capacit\u00e0 di taglio e rastrellatura impeccabili, rendendola ideale per i professionisti della manutenzione e del giardinaggio. Costruita con materiali resistenti e tecnologia di trazione avanzata, la 9GL-5.05.6 garantisce un funzionamento fluido su tutti i terreni, riducendo tempi e sforzi nei progetti di grandi dimensioni. Che si tratti di manutenzione di campi sportivi, parchi o aree verdi commerciali, questa macchina affidabile aumenta la produttivit\u00e0 e offre risultati superiori. Il suo design intuitivo e le prestazioni elevate la rendono la scelta perfetta per chi desidera massimizzare l'efficienza e la qualit\u00e0 in ogni lavoro. Migliora le tue attivit\u00e0 di giardinaggio con la macchina tagliaerba e rastrellatrice a trazione 9GL-5.05.6: scopri di pi\u00f9 e acquistala oggi stesso!<\/p>","protected":false},"featured_media":334,"template":"","meta":{"_et_pb_use_builder":"","_et_pb_old_content":"","_et_gb_content_width":""},"product_brand":[],"product_cat":[23],"product_tag":[],"class_list":{"0":"post-333","1":"product","2":"type-product","3":"status-publish","4":"has-post-thumbnail","6":"product_cat-mower-tedder","8":"first","9":"instock","10":"shipping-taxable","11":"product-type-simple"},"_links":{"self":[{"href":"https:\/\/square-balers.com\/it\/wp-json\/wp\/v2\/product\/333","targetHints":{"allow":["GET"]}}],"collection":[{"href":"https:\/\/square-balers.com\/it\/wp-json\/wp\/v2\/product"}],"about":[{"href":"https:\/\/square-balers.com\/it\/wp-json\/wp\/v2\/types\/product"}],"wp:featuredmedia":[{"embeddable":true,"href":"https:\/\/square-balers.com\/it\/wp-json\/wp\/v2\/media\/334"}],"wp:attachment":[{"href":"https:\/\/square-balers.com\/it\/wp-json\/wp\/v2\/media?parent=333"}],"wp:term":[{"taxonomy":"product_brand","embeddable":true,"href":"https:\/\/square-balers.com\/it\/wp-json\/wp\/v2\/product_brand?post=333"},{"taxonomy":"product_cat","embeddable":true,"href":"https:\/\/square-balers.com\/it\/wp-json\/wp\/v2\/product_cat?post=333"},{"taxonomy":"product_tag","embeddable":true,"href":"https:\/\/square-balers.com\/it\/wp-json\/wp\/v2\/product_tag?post=333"}],"curies":[{"name":"parola chiave","href":"https:\/\/api.w.org\/{rel}","templated":true}]}}