{"id":425,"date":"2025-12-19T09:25:05","date_gmt":"2025-12-19T09:25:05","guid":{"rendered":"https:\/\/square-balers.com\/?post_type=product&#038;p=425"},"modified":"2025-12-22T01:39:33","modified_gmt":"2025-12-22T01:39:33","slug":"tosaerba-monolama-a-trazione-9gd","status":"publish","type":"product","link":"https:\/\/square-balers.com\/it\/prodotto\/tosaerba-monolama-a-trazione-9gd\/","title":{"rendered":"Tosaerba monolama con trazione 9GD-2.5 (versione aggiornata)"},"content":{"rendered":"<p>Il rasaerba monolama 9GD-2.5 Traction (versione aggiornata) \u00e8 un rasaerba all'avanguardia e ad alte prestazioni, progettato per diverse applicazioni residenziali e professionali. Combinando l'efficienza di un sistema monolama con la capacit\u00e0 di trazione, garantisce un taglio di precisione su prati di piccole e grandi dimensioni. Questo prodotto \u00e8 ideale per i proprietari di case che cercano un rasaerba efficiente e facile da usare o per i professionisti che necessitano di uno strumento durevole per la manutenzione frequente del prato.<\/p>\n<h2>Specifiche tecniche<\/h2>\n<table style=\"border-color: #000000;\">\n<thead>\n<tr>\n<th>Parametri principali<\/th>\n<th>Dettagli<\/th>\n<\/tr>\n<\/thead>\n<tbody>\n<tr>\n<td>Tipo di apparecchiatura<\/td>\n<td>Tosaerba monolama a trazione (modello 9GD-2.5)<\/td>\n<\/tr>\n<tr>\n<td>Modalit\u00e0 di connessione<\/td>\n<td>Tipo di trazione<\/td>\n<\/tr>\n<tr>\n<td>Struttura della fresa<\/td>\n<td>Tipo alternativo<\/td>\n<\/tr>\n<tr>\n<td>Larghezza di taglio<\/td>\n<td>2,5 metri<\/td>\n<\/tr>\n<tr>\n<td>Potenza di abbinamento richiesta<\/td>\n<td>15\u201335 kW<\/td>\n<\/tr>\n<tr>\n<td>Velocit\u00e0 operativa<\/td>\n<td>6\u201310 km\/h<\/td>\n<\/tr>\n<tr>\n<td>Numero di lame mobili<\/td>\n<td>34 pezzi<\/td>\n<\/tr>\n<tr>\n<td>Dimensioni complessive (L\u00d7P\u00d7A)<\/td>\n<td>2000\u00d74300\u00d7950mm<\/td>\n<\/tr>\n<tr>\n<td>Velocit\u00e0 della presa di forza<\/td>\n<td>540 giri\/min<\/td>\n<\/tr>\n<tr>\n<td>Altezza media di taglio<\/td>\n<td>50\u201370 mm<\/td>\n<\/tr>\n<tr>\n<td>Produttivit\u00e0<\/td>\n<td>2,0\u20133,0 hm\u00b2\/h<\/td>\n<\/tr>\n<tr>\n<td>Requisito dell'operatore<\/td>\n<td>1 persona<\/td>\n<\/tr>\n<tr>\n<td>Peso strutturale<\/td>\n<td>490 kg<\/td>\n<\/tr>\n<\/tbody>\n<\/table>\n<h2>Definizione del prodotto<\/h2>\n<p>Il tosaerba monolama 9GD-2.5 Traction (versione aggiornata) \u00e8 un potente tosaerba dotato di una singola lama ad alte prestazioni e di una trazione migliorata. Grazie al suo design migliorato, questo tosaerba vanta un'eccezionale precisione di taglio, efficienza e durata, rendendolo ideale sia per utenti domestici che professionali. Progettato per gestire diversi terreni e tipi di erba, questo tosaerba garantisce un'esperienza di taglio fluida e senza sforzo.<\/p>\n<h2>Problemi che risolve e utilizza<\/h2>\n<p>Questo tosaerba avanzato \u00e8 progettato per affrontare diverse sfide comuni nella cura del prato. In primo luogo, grazie al suo sistema di trazione migliorato, pu\u00f2 gestire efficacemente diversi terreni complessi, comprese aree irregolari o in pendenza. Inoltre, il suo design a lama singola ad alte prestazioni garantisce un taglio fluido e uniforme, risolvendo i problemi di taglio inefficiente e irregolare. Il tosaerba a lama singola con trazione 9GD-2.5 (versione aggiornata) \u00e8 perfetto per una vasta gamma di utilizzi, tra cui:<\/p>\n<ul>\n<li>Manutenzione di prati di piccole e medie dimensioni<\/li>\n<li>Fornire risultati di livello professionale per le aziende di paesaggistica<\/li>\n<li>Affrontare in modo efficiente erba o erbacce dure e spesse<\/li>\n<li>Facile da usare sia in ambienti residenziali che commerciali<\/li>\n<li>Gestire terreni irregolari, collinari o accidentati con facilit\u00e0<\/li>\n<\/ul>\n<h2>Vantaggi del prodotto<\/h2>\n<p>Il tosaerba monolama 9GD-2.5 Traction (versione aggiornata) offre una vasta gamma di vantaggi, rendendolo uno strumento indispensabile sia per i proprietari di case che per i professionisti:<\/p>\n<ul>\n<li><strong>Prestazioni di taglio efficienti:<\/strong> Il design a lama singola garantisce tagli pi\u00f9 puliti e precisi, consentendo una rifinitura pi\u00f9 uniforme dell'erba.<\/li>\n<li><strong>Trazione migliorata:<\/strong> Dotato di un sistema di trazione avanzato, questo tosaerba si muove senza sforzo su terreni difficili, riducendo lo sforzo dell'utente.<\/li>\n<li><strong>Costruzione durevole:<\/strong> Progettato con materiali robusti, il tosaerba garantisce longevit\u00e0 e prestazioni affidabili, anche dopo un utilizzo ripetuto su diversi tipi di prato.<\/li>\n<li><strong>Rispettoso dell'ambiente:<\/strong> Il tosaerba funziona con basse emissioni e rumore minimo, il che lo rende un'opzione pi\u00f9 silenziosa ed ecologica rispetto ai tosaerba tradizionali.<\/li>\n<li><strong>Facilit\u00e0 d'uso:<\/strong> Il design ergonomico e i comandi intuitivi del tosaerba lo rendono facile da usare per chiunque, anche per chi ha poca esperienza.<\/li>\n<\/ul>\n<h2>Come funziona il tosaerba monolama 9GD-2.5 Traction (versione aggiornata)<\/h2>\n<p>Il tosaerba monolama 9GD-2.5 Traction (versione aggiornata) funziona con un meccanismo semplice ma efficiente. Questo tosaerba \u00e8 dotato di un motore potente e il suo design monolama garantisce un taglio preciso. L'avanzato sistema di trazione migliora la manovrabilit\u00e0 del tosaerba, mantenendo velocit\u00e0 e direzione stabili anche su terreni irregolari o in pendenza. La lama rotante taglia l'erba con una resistenza minima, garantendo un taglio pi\u00f9 netto e riducendo la necessit\u00e0 di ripetuti passaggi. Questo rende il tosaerba altamente efficiente, consentendo di risparmiare tempo e fatica e creando un prato liscio e bello.<\/p>\n<p style=\"text-align: center;\"><img loading=\"lazy\" decoding=\"async\" class=\"alignnone wp-image-428\" src=\"https:\/\/square-balers.com\/wp-content\/uploads\/2025\/12\/ep-9GD-2.5-Traction-Single-Blade-Mower-Upgraded-Version-5-1-1-300x200.webp\" alt=\"Tosaerba a lama singola\" width=\"522\" height=\"348\" \/><\/p>\n<h2>Scenari di utilizzo primario<\/h2>\n<p>Il tosaerba monolama 9GD-2.5 Traction (versione aggiornata) \u00e8 ideale per una variet\u00e0 di ambienti e applicazioni:<\/p>\n<ul>\n<li><strong>Prati residenziali:<\/strong> Perfetto per i proprietari di case che necessitano di uno strumento affidabile ed efficiente per la manutenzione di prati di piccole e medie dimensioni.<\/li>\n<li><strong>Progettazione paesaggistica commerciale:<\/strong> Adatto ai giardinieri professionisti che cercano un tosaerba durevole e ad alte prestazioni, in grado di gestire un uso regolare e progetti impegnativi.<\/li>\n<li><strong>Terreni irregolari:<\/strong> Il sistema di trazione avanzato lo rende ideale per l'uso su prati irregolari, in pendenza o collinari.<\/li>\n<li><strong>Aree con erba fitta:<\/strong> La sua lama potente garantisce che anche l'erba pi\u00f9 dura e densa o le erbacce vengano gestite facilmente con il minimo sforzo.<\/li>\n<li><strong>Spazi pubblici:<\/strong> Ideale per parchi, campi da golf o altre aree pubbliche che richiedono una rasatura frequente e professionale.<\/li>\n<li><strong>Paesaggi rurali:<\/strong> Il tosaerba \u00e8 ideale per le zone rurali, dove i tipi di erba e di terreno possono variare, offrendo versatilit\u00e0 e affidabilit\u00e0.<\/li>\n<\/ul>\n<h2>Scelta del tosaerba monolama 9GD-2.5 Traction giusto (versione aggiornata)<\/h2>\n<p>Quando si sceglie il tosaerba monolama 9GD-2.5 Traction (versione aggiornata) pi\u00f9 adatto, bisogna considerare i seguenti fattori per assicurarsi che soddisfi le proprie esigenze specifiche:<\/p>\n<ul>\n<li><strong>Dimensioni del prato:<\/strong> Scegli un tosaerba adatto al tuo prato. Il modello 9GD-2.5 \u00e8 ideale per prati di piccole e medie dimensioni, ma superfici pi\u00f9 grandi potrebbero richiedere una versione pi\u00f9 potente.<\/li>\n<li><strong>Tipo di terreno:<\/strong> In caso di terreni collinari o irregolari, il sistema di trazione contribuir\u00e0 a garantire una falciatura fluida e uniforme.<\/li>\n<li><strong>Tipo di erba:<\/strong> Per prati con erba folta o erbacce, il design migliorato a lama singola \u00e8 in grado di gestire in modo efficiente anche le condizioni pi\u00f9 difficili.<\/li>\n<li><strong>Sensibilit\u00e0 al rumore:<\/strong> Per un funzionamento pi\u00f9 silenzioso, il modello 9GD-2.5 produce il minimo rumore, il che lo rende adatto alle aree residenziali in cui il rumore pu\u00f2 rappresentare un problema.<\/li>\n<li><strong>Requisiti di durabilit\u00e0:<\/strong> Se si prevede di utilizzare il tosaerba frequentemente, \u00e8 opportuno valutare la qualit\u00e0 costruttiva e i materiali impiegati per garantire prestazioni durature.<\/li>\n<li><strong>Facilit\u00e0 d'uso:<\/strong> Se la facilit\u00e0 d'uso \u00e8 una priorit\u00e0, il design ergonomico e i comandi semplici di questo tosaerba lo rendono accessibile a tutti, anche a chi ha poca esperienza.<\/li>\n<\/ul>\n<h2>Suggerimenti per la manutenzione del tosaerba monolama 9GD-2.5 Traction (versione aggiornata)<\/h2>\n<p>Una corretta manutenzione \u00e8 essenziale per mantenere la trazione 9GD-2.5 <a href=\"http:\/\/silage-balers.com\" target=\"_blank\" rel=\"noopener\">Tosaerba a lama singola<\/a> (Versione aggiornata) in condizioni ottimali:<\/p>\n<ul>\n<li><strong>Pulizia regolare:<\/strong> Dopo ogni utilizzo, pulire il tosaerba per rimuovere erba tagliata e detriti. Questo aiuta a mantenerne le prestazioni e previene intasamenti.<\/li>\n<li><strong>Affilatura della lama:<\/strong> Mantenere la lama affilata per garantire un taglio efficiente. Controllare regolarmente l'usura della lama e sostituirla se necessario.<\/li>\n<li><strong>Controllo dell'olio:<\/strong> Controllare e sostituire regolarmente l'olio per garantire il corretto funzionamento del motore.<\/li>\n<li><strong>Ispezionare gli pneumatici:<\/strong> Assicurarsi che gli pneumatici del tosaerba siano in buone condizioni e garantiscano una trazione adeguata. Verificare eventuali forature o segni di usura.<\/li>\n<li><strong>Cura della batteria:<\/strong> Per i modelli alimentati a batteria, assicurarsi che la batteria sia caricata e conservata correttamente per prolungarne la durata.<\/li>\n<\/ul>\n<h2>Recensioni dei clienti<\/h2>\n<p>Ecco alcune recensioni dei clienti da tutto il mondo:<\/p>\n<ul>\n<li>Il 9GD-2.5 \u00e8 perfetto per il mio piccolo prato. Taglia l'erba folta senza sforzo e il sistema di trazione funziona alla grande sui miei terreni collinari. Lo consiglio vivamente a chiunque cerchi un tosaerba affidabile e silenzioso. <strong>John Doe, Stati Uniti<\/strong><\/li>\n<li>Uso questo tosaerba da diversi mesi e non mi ha mai deluso. \u00c8 potente e taglia sempre in modo pulito. Il sistema di trazione \u00e8 particolarmente utile sul mio giardino irregolare. Vale ogni centesimo! <strong>Maria Lopez, Spagna<\/strong><\/li>\n<li>Questo tosaerba ha rivoluzionato la mia attivit\u00e0 di giardinaggio. \u00c8 resistente, facile da usare e offre sempre risultati professionali. L'ho usato su tutti i tipi di terreno e le sue prestazioni sono eccezionali. <strong>Henry Smith, Regno Unito<\/strong><\/li>\n<li>Adoro la silenziosit\u00e0 e l'efficienza di questo tosaerba. Ho un piccolo prato e questo tosaerba fa il suo lavoro in pochissimo tempo. Anche il sistema di trazione \u00e8 impressionante: rende molto pi\u00f9 facile tagliare l'erba su terreni in pendenza. <strong>Linda Wang, Canada<\/strong><\/li>\n<li>Il 9GD-2.5 \u00e8 il perfetto equilibrio tra potenza ed efficienza. L'ho usato in diversi progetti commerciali e ha sempre dato il massimo. La qualit\u00e0 di taglio \u00e8 eccellente e apprezzo particolarmente la fluidit\u00e0 di funzionamento su terreni accidentati. <strong>Ali Raza, Pakistan<\/strong><\/li>\n<\/ul>\n<h2>Perch\u00e9 scegliere i nostri prodotti?<\/h2>\n<p>Scegliendo il nostro tosaerba monolama 9GD-2.5 Traction (versione aggiornata), scegliete un prodotto supportato da un servizio eccezionale. Offriamo servizi di personalizzazione rapidi, un team di assistenza qualificato, una garanzia di tre anni e un'assistenza post-vendita senza pensieri. Offriamo inoltre consegne rapide in tutto il mondo per soddisfare le vostre esigenze e garantirvi la consegna puntuale del tosaerba. Grazie al nostro servizio post-vendita completo, potete essere certi che saremo al vostro fianco per supportarvi durante l'intero ciclo di vita del prodotto.<\/p>\n<p style=\"text-align: center;\"><img loading=\"lazy\" decoding=\"async\" class=\"alignnone wp-image-427\" src=\"https:\/\/square-balers.com\/wp-content\/uploads\/2025\/12\/ep-9GD-2.5-Traction-Single-Blade-Mower-Upgraded-Version-4-1-1-300x200.webp\" alt=\"Tosaerba a lama singola\" width=\"522\" height=\"348\" \/><\/p>\n<h2>Esplora la nostra gamma di prodotti<\/h2>\n<p>Non offriamo solo la trazione 9GD-2.5 <a href=\"https:\/\/square-balers.com\/it\/prodotto\/rastrello-a-ruota-diritta-9lzd-9-0\/\">Tosaerba a lama singola<\/a> (Versione aggiornata), ma offriamo anche una gamma di accessori e prodotti correlati per soddisfare le vostre esigenze di cura del prato. I nostri prodotti sono realizzati con materiali di alta qualit\u00e0, garantendo prestazioni eccellenti, durata e valore. Visitate il nostro sito web per esplorare la nostra linea completa di prodotti, inclusi pezzi di ricambio, accessori e altri tipi di attrezzature per la cura del prato.<\/p>\n<h2>Domande frequenti<\/h2>\n<p><strong>Quanto dura il tosaerba monolama 9GD-2.5 Traction con una singola carica?<\/strong><\/p>\n<p>Il modello 9GD-2.5 dura in genere fino a 3 ore con una carica completa, a seconda delle condizioni del terreno e dell'erba.<\/p>\n<p><strong>Il tosaerba \u00e8 facile da usare per i principianti?<\/strong><\/p>\n<p>S\u00ec, il 9GD-2.5 \u00e8 stato progettato pensando alla semplicit\u00e0 d'uso, con comandi intuitivi che ne rendono facile l'utilizzo per chiunque.<\/p>\n<p><strong>Il tosaerba \u00e8 in grado di gestire l'erba bagnata?<\/strong><\/p>\n<p>Sebbene dia il meglio di s\u00e9 sull'erba asciutta, il 9GD-2.5 pu\u00f2 gestire anche l'erba leggermente umida. Tuttavia, si consiglia di evitare di tagliare in condizioni di forte umidit\u00e0 per evitare la formazione di grumi.<\/p>\n<p><strong>Con quale frequenza dovrei affilare la lama?<\/strong><\/p>\n<p>La lama deve essere affilata almeno una volta ogni 3-4 mesi, a seconda della frequenza di utilizzo del tosaerba.<\/p>\n<p><strong>Qual \u00e8 il periodo di garanzia per questo tosaerba?<\/strong><\/p>\n<p>Il modello 9GD-2.5 \u00e8 coperto da una garanzia di 3 anni, che copre ricambi e manodopera. Sono disponibili anche estensioni di garanzia per una maggiore tranquillit\u00e0.<\/p>\n<p>modificato da gzl<\/p>\n<p>&nbsp;<\/p>","protected":false},"excerpt":{"rendered":"<p>Scopri il tosaerba monolama 9GD-2.5 Traction (versione aggiornata): la soluzione definitiva per un taglio del prato efficiente e fluido. Dotato di tecnologia di traino avanzata e prestazioni delle lame migliorate, questo tosaerba offre un taglio perfetto ogni volta. \u00c8 la scelta ideale per privati \u200b\u200be professionisti che richiedono affidabilit\u00e0 e precisione. Migliora la tua esperienza di taglio oggi stesso: acquistalo subito!<\/p>","protected":false},"featured_media":430,"template":"","meta":{"_et_pb_use_builder":"","_et_pb_old_content":"","_et_gb_content_width":""},"product_brand":[],"product_cat":[23],"product_tag":[],"class_list":{"0":"post-425","1":"product","2":"type-product","3":"status-publish","4":"has-post-thumbnail","6":"product_cat-mower-tedder","8":"first","9":"instock","10":"shipping-taxable","11":"product-type-simple"},"_links":{"self":[{"href":"https:\/\/square-balers.com\/it\/wp-json\/wp\/v2\/product\/425","targetHints":{"allow":["GET"]}}],"collection":[{"href":"https:\/\/square-balers.com\/it\/wp-json\/wp\/v2\/product"}],"about":[{"href":"https:\/\/square-balers.com\/it\/wp-json\/wp\/v2\/types\/product"}],"wp:featuredmedia":[{"embeddable":true,"href":"https:\/\/square-balers.com\/it\/wp-json\/wp\/v2\/media\/430"}],"wp:attachment":[{"href":"https:\/\/square-balers.com\/it\/wp-json\/wp\/v2\/media?parent=425"}],"wp:term":[{"taxonomy":"product_brand","embeddable":true,"href":"https:\/\/square-balers.com\/it\/wp-json\/wp\/v2\/product_brand?post=425"},{"taxonomy":"product_cat","embeddable":true,"href":"https:\/\/square-balers.com\/it\/wp-json\/wp\/v2\/product_cat?post=425"},{"taxonomy":"product_tag","embeddable":true,"href":"https:\/\/square-balers.com\/it\/wp-json\/wp\/v2\/product_tag?post=425"}],"curies":[{"name":"parola chiave","href":"https:\/\/api.w.org\/{rel}","templated":true}]}}