{"id":231,"date":"2025-11-24T09:49:25","date_gmt":"2025-11-24T09:49:25","guid":{"rendered":"https:\/\/square-balers.com\/?post_type=product&#038;p=231"},"modified":"2025-12-18T03:02:23","modified_gmt":"2025-12-18T03:02:23","slug":"9jyy-2-5-zbieranie-i-transport","status":"publish","type":"product","link":"https:\/\/square-balers.com\/pl\/produkt\/9jyy-2-5-zbieranie-i-transport\/","title":{"rendered":"Doskona\u0142a maszyna do zbierania i transportu bel okr\u0105g\u0142ych typu 9JYY-2.5"},"content":{"rendered":"<p data-start=\"314\" data-end=\"343\">Maszyna do zbierania i transportu bel okr\u0105g\u0142ych Excellent Type 9JYY-2.5 to wysoce wydajne narz\u0119dzie rolnicze przeznaczone do zbierania, transportu i zarz\u0105dzania belami okr\u0105g\u0142ymi w polu. Pozwala ono znacznie skr\u00f3ci\u0107 czas pracy i poprawi\u0107 wydajno\u015b\u0107 operacyjn\u0105, co czyni j\u0105 niezast\u0105pionym sprz\u0119tem w nowoczesnych gospodarstwach rolnych. W tym artykule om\u00f3wimy funkcje, zalety i zasady dzia\u0142ania maszyny, aby pom\u00f3c Ci dokona\u0107 \u015bwiadomego wyboru.<\/p>\n<h2 data-start=\"314\" data-end=\"343\">Dane techniczne<\/h2>\n<div class=\"_tableContainer_1rjym_1\">\n<div class=\"group _tableWrapper_1rjym_13 flex w-fit flex-col-reverse\" tabindex=\"-1\">\n<table class=\"w-fit min-w-(--thread-content-width)\" style=\"height: 276px; border-color: #000000;\" data-start=\"345\" data-end=\"1440\">\n<thead data-start=\"345\" data-end=\"426\">\n<tr style=\"height: 23px;\" data-start=\"345\" data-end=\"426\">\n<th style=\"height: 23px; width: 137.742px;\" data-start=\"345\" data-end=\"375\" data-col-size=\"sm\">Przedmiot<\/th>\n<th style=\"height: 23px; width: 30.3438px;\" data-start=\"375\" data-end=\"392\" data-col-size=\"sm\">Jednostka<\/th>\n<th style=\"height: 23px; width: 348.141px;\" data-start=\"392\" data-end=\"426\" data-col-size=\"md\">Specyfikacja<\/th>\n<\/tr>\n<\/thead>\n<tbody data-start=\"509\" data-end=\"1440\">\n<tr style=\"height: 23px;\" data-start=\"509\" data-end=\"613\">\n<td style=\"height: 23px; width: 137.742px;\" data-start=\"509\" data-end=\"540\" data-col-size=\"sm\">Nazwa modelu<\/td>\n<td style=\"height: 23px; width: 30.3438px;\" data-start=\"540\" data-end=\"557\" data-col-size=\"sm\">–<\/td>\n<td style=\"height: 23px; width: 348.141px;\" data-start=\"557\" data-end=\"613\" data-col-size=\"md\">Maszyna do zbierania i transportu bel okr\u0105g\u0142ych 9JYY-2.5<\/td>\n<\/tr>\n<tr style=\"height: 23px;\" data-start=\"614\" data-end=\"695\">\n<td style=\"height: 23px; width: 137.742px;\" data-start=\"614\" data-end=\"645\" data-col-size=\"sm\">Metoda po\u0142\u0105czenia<\/td>\n<td style=\"height: 23px; width: 30.3438px;\" data-start=\"645\" data-end=\"662\" data-col-size=\"sm\">–<\/td>\n<td style=\"height: 23px; width: 348.141px;\" data-start=\"662\" data-end=\"695\" data-col-size=\"md\">Typ trakcyjny<\/td>\n<\/tr>\n<tr style=\"height: 23px;\" data-start=\"696\" data-end=\"777\">\n<td style=\"height: 23px; width: 137.742px;\" data-start=\"696\" data-end=\"727\" data-col-size=\"sm\">Metoda roz\u0142adowania<\/td>\n<td style=\"height: 23px; width: 30.3438px;\" data-start=\"727\" data-end=\"744\" data-col-size=\"sm\">–<\/td>\n<td style=\"height: 23px; width: 348.141px;\" data-start=\"744\" data-end=\"777\" data-col-size=\"md\">Ci\u015bnienie cieczy<\/td>\n<\/tr>\n<tr style=\"height: 23px;\" data-start=\"778\" data-end=\"860\">\n<td style=\"height: 23px; width: 137.742px;\" data-start=\"778\" data-end=\"809\" data-col-size=\"sm\">Maksymalna waga \u0142adunku<\/td>\n<td style=\"height: 23px; width: 30.3438px;\" data-start=\"809\" data-end=\"826\" data-col-size=\"sm\">kg<\/td>\n<td style=\"height: 23px; width: 348.141px;\" data-start=\"826\" data-end=\"860\" data-col-size=\"md\">2500<\/td>\n<\/tr>\n<tr style=\"height: 23px;\" data-start=\"861\" data-end=\"943\">\n<td style=\"height: 23px; width: 137.742px;\" data-start=\"861\" data-end=\"892\" data-col-size=\"sm\">Zakres zasilania<\/td>\n<td style=\"height: 23px; width: 30.3438px;\" data-start=\"892\" data-end=\"909\" data-col-size=\"sm\">kW<\/td>\n<td style=\"height: 23px; width: 348.141px;\" data-start=\"909\" data-end=\"943\" data-col-size=\"md\">\u226520<\/td>\n<\/tr>\n<tr style=\"height: 23px;\" data-start=\"944\" data-end=\"1026\">\n<td style=\"height: 23px; width: 137.742px;\" data-start=\"944\" data-end=\"975\" data-col-size=\"sm\">Ci\u015bnienie robocze<\/td>\n<td style=\"height: 23px; width: 30.3438px;\" data-start=\"975\" data-end=\"992\" data-col-size=\"sm\">MPa<\/td>\n<td style=\"height: 23px; width: 348.141px;\" data-start=\"992\" data-end=\"1026\" data-col-size=\"md\">\u226516<\/td>\n<\/tr>\n<tr style=\"height: 23px;\" data-start=\"1027\" data-end=\"1109\">\n<td style=\"height: 23px; width: 137.742px;\" data-start=\"1027\" data-end=\"1058\" data-col-size=\"sm\">Pr\u0119dko\u015b\u0107 robocza<\/td>\n<td style=\"height: 23px; width: 30.3438px;\" data-start=\"1058\" data-end=\"1075\" data-col-size=\"sm\">km\/h<\/td>\n<td style=\"height: 23px; width: 348.141px;\" data-start=\"1075\" data-end=\"1109\" data-col-size=\"md\">\u226440<\/td>\n<\/tr>\n<tr style=\"height: 23px;\" data-start=\"1110\" data-end=\"1191\">\n<td style=\"height: 23px; width: 137.742px;\" data-start=\"1110\" data-end=\"1141\" data-col-size=\"sm\">Typ ko\u0142a<\/td>\n<td style=\"height: 23px; width: 30.3438px;\" data-start=\"1141\" data-end=\"1158\" data-col-size=\"sm\">–<\/td>\n<td style=\"height: 23px; width: 348.141px;\" data-start=\"1158\" data-end=\"1191\" data-col-size=\"md\">10.0\/80-12 (podw\u00f3jne ko\u0142a)<\/td>\n<\/tr>\n<tr style=\"height: 23px;\" data-start=\"1192\" data-end=\"1274\">\n<td style=\"height: 23px; width: 137.742px;\" data-start=\"1192\" data-end=\"1223\" data-col-size=\"sm\">Rozmiar beli (regulowany)<\/td>\n<td style=\"height: 23px; width: 30.3438px;\" data-start=\"1223\" data-end=\"1240\" data-col-size=\"sm\">mm<\/td>\n<td style=\"height: 23px; width: 348.141px;\" data-start=\"1240\" data-end=\"1274\" data-col-size=\"md\">\u015arednica 1300, d\u0142ugo\u015b\u0107 1000-1500<\/td>\n<\/tr>\n<tr style=\"height: 23px;\" data-start=\"1275\" data-end=\"1357\">\n<td style=\"height: 23px; width: 137.742px;\" data-start=\"1275\" data-end=\"1306\" data-col-size=\"sm\">Wymiary ca\u0142kowite<\/td>\n<td style=\"height: 23px; width: 30.3438px;\" data-start=\"1306\" data-end=\"1323\" data-col-size=\"sm\">mm<\/td>\n<td style=\"height: 23px; width: 348.141px;\" data-start=\"1323\" data-end=\"1357\" data-col-size=\"md\">10300\u00d72420\u00d72485<\/td>\n<\/tr>\n<tr style=\"height: 23px;\" data-start=\"1358\" data-end=\"1440\">\n<td style=\"height: 23px; width: 137.742px;\" data-start=\"1358\" data-end=\"1389\" data-col-size=\"sm\">Ca\u0142kowita masa maszyny<\/td>\n<td style=\"height: 23px; width: 30.3438px;\" data-start=\"1389\" data-end=\"1406\" data-col-size=\"sm\">kg<\/td>\n<td style=\"height: 23px; width: 348.141px;\" data-start=\"1406\" data-end=\"1440\" data-col-size=\"md\">1165<\/td>\n<\/tr>\n<\/tbody>\n<\/table>\n<\/div>\n<\/div>\n<h2>Definicja produktu<\/h2>\n<p>Maszyna do zbierania i transportu bel okr\u0105g\u0142ych Excellent Type 9JYY-2.5 zosta\u0142a zaprojektowana do wydajnego zbierania, podnoszenia i transportu bel okr\u0105g\u0142ych z pola do miejsc sk\u0142adowania lub za\u0142adunku. Zapewnia rolnikom i producentom rolnym niezawodne i oszcz\u0119dzaj\u0105ce si\u0142\u0119 robocz\u0105 rozwi\u0105zanie, zwi\u0119kszaj\u0105ce wydajno\u015b\u0107 i redukuj\u0105ce nak\u0142ad pracy r\u0119cznej.<\/p>\n<h2>Problemy rozwi\u0105zywane przez doskona\u0142\u0105 maszyn\u0119 do zbierania i transportu bel okr\u0105g\u0142ych typu 9JYY-2.5<\/h2>\n<p>Maszyna ta rozwi\u0105zuje kilka istotnych problem\u00f3w w zarz\u0105dzaniu belami rolniczymi, w tym:<\/p>\n<ul>\n<li><strong>Redukcja pracy r\u0119cznej:<\/strong> Minimalizuje potrzeb\u0119 pracoch\u0142onnego, r\u0119cznego przenoszenia bel.<\/li>\n<li><strong>Efektywno\u015b\u0107 w transporcie:<\/strong> Przyspiesza proces zbierania i transportu bel przez pola.<\/li>\n<li><strong>Zapobieganie szkodom:<\/strong> Zmniejsza ryzyko uszkodzenia bel podczas przenoszenia i transportu.<\/li>\n<li><strong>Oszcz\u0119dno\u015b\u0107 czasu:<\/strong> Zwi\u0119ksza wydajno\u015b\u0107 operacyjn\u0105, umo\u017cliwiaj\u0105c pracownikom obs\u0142ug\u0119 wi\u0119kszej liczby bel w kr\u00f3tszym czasie.<\/li>\n<li><strong>Ulepszone przetwarzanie bel:<\/strong> Zapewnia bezpieczne i pewne obchodzenie si\u0119 z belami, zapobiegaj\u0105c ich zgnieceniu i utracie.<\/li>\n<\/ul>\n<h2>G\u0142\u00f3wne zalety doskona\u0142ej maszyny do zbierania i transportu bel okr\u0105g\u0142ych typu 9JYY-2.5<\/h2>\n<p>Maszyna Excellent Type 9JYY-2.5 oferuje szereg korzy\u015bci profesjonalistom z bran\u017cy rolniczej, co czyni j\u0105 wyr\u00f3\u017cniaj\u0105cym si\u0119 wyborem na rynku maszyn do obs\u0142ugi bel:<\/p>\n<ul>\n<li><strong>Wysoka wydajno\u015b\u0107:<\/strong> Umo\u017cliwia szybkie zbieranie i transportowanie du\u017cych ilo\u015bci bel, zwi\u0119kszaj\u0105c wydajno\u015b\u0107 w du\u017cych gospodarstwach.<\/li>\n<li><strong>Trwa\u0142a konstrukcja:<\/strong> Wykonane z najwy\u017cszej jako\u015bci materia\u0142\u00f3w, odpornych na trudne warunki terenowe, co zapewnia d\u0142ug\u0105 \u017cywotno\u015b\u0107 i minimaln\u0105 konserwacj\u0119.<\/li>\n<li><strong>\u0141atwa obs\u0142uga:<\/strong> Zaprojektowano je z my\u015bl\u0105 o przyjaznym u\u017cytkownikowi sterowaniu, dzi\u0119ki czemu operatorzy mog\u0105 pracowa\u0107 z \u0142atwo\u015bci\u0105 i mniej si\u0119 m\u0119cz\u0105.<\/li>\n<li><strong>Wszechstronno\u015b\u0107:<\/strong> Nadaje si\u0119 do szerokiej gamy typ\u00f3w i rozmiar\u00f3w bel, dzi\u0119ki czemu idealnie sprawdza si\u0119 w r\u00f3\u017cnych zastosowaniach rolniczych.<\/li>\n<li><strong>Op\u0142acalne:<\/strong> Zmniejsza zapotrzebowanie na dodatkow\u0105 si\u0142\u0119 robocz\u0105 i sprz\u0119t transportowy, co pozwala zaoszcz\u0119dzi\u0107 na kosztach operacyjnych w d\u0142u\u017cszej perspektywie.<\/li>\n<\/ul>\n<h2>Zasada dzia\u0142ania maszyny do zbierania i transportu bel okr\u0105g\u0142ych Excellent Type 9JYY-2.5<\/h2>\n<p>Model Excellent Type 9JYY-2.5 dzia\u0142a w oparciu o prosty, ale skuteczny system. Wykorzystuje on mocny mechanizm hydrauliczny do podnoszenia i transportu bel okr\u0105g\u0142ych w zr\u00f3\u017cnicowanym terenie. Zautomatyzowane rami\u0119 do podnoszenia bel chwyta bele, bezpiecznie je podnosi i umieszcza na platformie transportowej. Nast\u0119pnie zintegrowany system transportowy dostarcza bele w wybrane miejsce, minimalizuj\u0105c interwencj\u0119 cz\u0142owieka i skracaj\u0105c ca\u0142kowity czas transportu.<\/p>\n<p style=\"text-align: center;\"><img loading=\"lazy\" decoding=\"async\" class=\"alignnone size-medium wp-image-277\" src=\"https:\/\/square-balers.com\/wp-content\/uploads\/2025\/11\/ep-Type-9JYY-2.5-Round-Bale-Picking-and-Transporting-Machine-111-300x300.webp\" alt=\"Zbieranie i transport\" width=\"300\" height=\"300\" \/><\/p>\n<h2>G\u0142\u00f3wne zastosowania maszyny do zbierania i transportu bel okr\u0105g\u0142ych Excellent Type 9JYY-2.5<\/h2>\n<p>Ta maszyna idealnie nadaje si\u0119 do stosowania w wielu zastosowaniach rolniczych, zapewniaj\u0105c niezb\u0119dn\u0105 funkcjonalno\u015b\u0107 w r\u00f3\u017cnych scenariuszach:<\/p>\n<ul>\n<li><strong>Gospodarstwa wielkoobszarowe:<\/strong> Idealne dla gospodarstw, w kt\u00f3rych konieczne jest wydajne zbieranie i transportowanie du\u017cych ilo\u015bci bel.<\/li>\n<li><strong>Operacje zwi\u0105zane z sianem i s\u0142om\u0105:<\/strong> Wydajne przetwarzanie bel siana i s\u0142omy, co poprawia og\u00f3ln\u0105 wydajno\u015b\u0107 w tych bran\u017cach.<\/li>\n<li><strong>Gospodarstwa hodowlane:<\/strong> Przydatne do transportu bel siana do zagr\u00f3d dla zwierz\u0105t gospodarskich w celu karmienia.<\/li>\n<li><strong>Dzia\u0142ania terenowe:<\/strong> Pomaga przyspieszy\u0107 proces zbierania bel na polach w sezonie \u017cniw.<\/li>\n<li><strong>Magazynowanie i dystrybucja:<\/strong> U\u0142atwia prze\u0142adunek bel z p\u00f3l do miejsc sk\u0142adowania lub punkt\u00f3w dystrybucji.<\/li>\n<li><strong>Us\u0142ugi rolnicze na obszarach wiejskich:<\/strong> Obs\u0142uguje przedsi\u0119biorc\u00f3w rolnych, kt\u00f3rzy \u015bwiadcz\u0105 us\u0142ugi transportu bel dla wielu klient\u00f3w.<\/li>\n<\/ul>\n<h2>Jak wybra\u0107 odpowiedni\u0105 maszyn\u0119 do zbierania i transportu bel okr\u0105g\u0142ych Excellent Type 9JYY-2.5<\/h2>\n<p>Wybieraj\u0105c odpowiedni\u0105 maszyn\u0119 do swoich potrzeb rolniczych, we\u017a pod uwag\u0119 nast\u0119puj\u0105ce czynniki:<\/p>\n<ul>\n<li><strong>Rozmiar pola:<\/strong> Wybierz maszyn\u0119 bior\u0105c pod uwag\u0119 wielko\u015b\u0107 p\u00f3l, aby zapewni\u0107 sobie wydajno\u015b\u0107 i produktywno\u015b\u0107.<\/li>\n<li><strong>Typ beli:<\/strong> Upewnij si\u0119, czy maszyna jest w stanie poradzi\u0107 sobie z konkretnymi typami bel, kt\u00f3re chcesz obrabia\u0107, np. bele okr\u0105g\u0142e lub kwadratowe.<\/li>\n<li><strong>Uk\u0142ad hydrauliczny:<\/strong> Oce\u0144 wydajno\u015b\u0107 uk\u0142adu hydraulicznego, aby upewni\u0107 si\u0119, czy jest on w stanie unie\u015b\u0107 ci\u0119\u017car bel, kt\u00f3re planujesz obs\u0142u\u017cy\u0107.<\/li>\n<li><strong>Trwa\u0142o\u015b\u0107:<\/strong> Nale\u017cy wzi\u0105\u0107 pod uwag\u0119 materia\u0142y i jako\u015b\u0107 wykonania, aby mie\u0107 pewno\u015b\u0107, \u017ce maszyna wytrzyma trudne warunki terenowe.<\/li>\n<li><strong>\u0141atwo\u015b\u0107 obs\u0142ugi:<\/strong> Wybierz model wyposa\u017cony w proste sterowanie, kt\u00f3re u\u0142atwi obs\u0142ug\u0119 i skr\u00f3ci czas szkolenia pracownik\u00f3w.<\/li>\n<li><strong>Wymagania konserwacyjne:<\/strong> Wybierz model, kt\u00f3ry jest \u0142atwy w utrzymaniu i ma \u0142atwo dost\u0119pne cz\u0119\u015bci zamienne, aby ograniczy\u0107 przestoje.<\/li>\n<\/ul>\n<h2>Wskaz\u00f3wki dotycz\u0105ce konserwacji maszyny do zbierania i transportu bel okr\u0105g\u0142ych Excellent Type 9JYY-2.5<\/h2>\n<p>Aby zapewni\u0107 d\u0142ugowieczno\u015b\u0107 i optymaln\u0105 wydajno\u015b\u0107 maszyny, niezb\u0119dna jest regularna konserwacja. Post\u0119puj zgodnie z poni\u017cszymi wskaz\u00f3wkami:<\/p>\n<ul>\n<li><strong>Regularne sprz\u0105tanie:<\/strong> Po ka\u017cdym u\u017cyciu nale\u017cy wyczy\u015bci\u0107 maszyn\u0119, aby zapobiec gromadzeniu si\u0119 brudu i zanieczyszcze\u0144, kt\u00f3re mog\u0105 mie\u0107 wp\u0142yw na wydajno\u015b\u0107 urz\u0105dzenia.<\/li>\n<li><strong>Sprawd\u017a p\u0142yny hydrauliczne:<\/strong> Regularnie sprawdzaj i uzupe\u0142niaj p\u0142yny hydrauliczne, aby zapewni\u0107 p\u0142ynn\u0105 prac\u0119.<\/li>\n<li><strong>Sprawd\u017a opony i ko\u0142a:<\/strong> Aby zapobiec awariom podczas transportu, nale\u017cy upewni\u0107 si\u0119, \u017ce opony s\u0105 odpowiednio napompowane i w dobrym stanie.<\/li>\n<li><strong>Smarowanie ruchomych cz\u0119\u015bci:<\/strong> Nasmaruj wszystkie ruchome cz\u0119\u015bci, aby zmniejszy\u0107 zu\u017cycie i zapewni\u0107 p\u0142ynn\u0105 prac\u0119.<\/li>\n<li><strong>Sprawd\u017a zu\u017cycie:<\/strong> Sprawd\u017a, czy maszyna nie nosi \u015blad\u00f3w uszkodze\u0144 lub zu\u017cycia, zw\u0142aszcza po intensywnym u\u017cytkowaniu, i w razie potrzeby wymie\u0144 cz\u0119\u015bci.<\/li>\n<\/ul>\n<h2>Opinie klient\u00f3w z r\u00f3\u017cnych kraj\u00f3w<\/h2>\n<p>Nasz doskona\u0142y typ 9JYY-2.5 <a href=\"https:\/\/square-balers.com\/pl\/produkt\/prasa-okragla-9yg-1-25\/\">Okr\u0105g\u0142e bele<\/a> Maszyna do zbioru i transportu zebra\u0142a pozytywne opinie od rolnik\u00f3w i specjalist\u00f3w z bran\u017cy rolniczej na ca\u0142ym \u015bwiecie. Oto kilka autentycznych opinii:<\/p>\n<p>\u201eTa maszyna zrobi\u0142a ogromn\u0105 r\u00f3\u017cnic\u0119 w naszym gospodarstwie. Proces zbierania i transportu bel by\u0142 kiedy\u015b bardzo pracoch\u0142onny, ale teraz jest znacznie szybszy i wydajniejszy. Jeste\u015bmy w stanie wykona\u0107 wi\u0119cej pracy w kr\u00f3tszym czasie. Maszyna jest r\u00f3wnie\u017c bardzo wytrzyma\u0142a i niezawodna\u201d.<\/p>\n<p>\u2013 <strong>John Smith, Stany Zjednoczone<\/strong><\/p>\n<p>\u201eU\u017cywamy 9JYY-2.5 od kilku miesi\u0119cy i odmieni\u0142o to nasze dzia\u0142ania. Maszyna jest \u0142atwa w obs\u0142udze i ostro\u017cnie obchodzi si\u0119 z belami, minimalizuj\u0105c uszkodzenia. Gor\u0105co polecam j\u0105 ka\u017cdemu du\u017cemu gospodarstwu rolnemu\u201d.<\/p>\n<p>\u2013 <strong>Emily Johnson, Australia<\/strong><\/p>\n<p>\u201eWydajno\u015b\u0107 transportu bel w naszej firmie znacznie si\u0119 poprawi\u0142a. Dzi\u0119ki tej maszynie mo\u017cemy szybciej transportowa\u0107 bele, co pomog\u0142o naszemu gospodarstwu sprawniej funkcjonowa\u0107 w czasie \u017cniw. Jeste\u015bmy pod ogromnym wra\u017ceniem wydajno\u015bci!\u201d<\/p>\n<p>\u2013 <strong>Marco Rossi, W\u0142ochy<\/strong><\/p>\n<p>\u201eJako firma oferuj\u0105ca us\u0142ugi transportu bel, uwa\u017cam, \u017ce ta maszyna by\u0142a \u015bwietn\u0105 inwestycj\u0105. Obs\u0142uguje szerok\u0105 gam\u0119 rozmiar\u00f3w bel i oszcz\u0119dza nam czas, co oznacza, \u017ce \u200b\u200bmo\u017cemy obs\u0142ugiwa\u0107 wi\u0119cej klient\u00f3w\u201d.<\/p>\n<p>\u2013 <strong>Lisa Chen, Chiny<\/strong><\/p>\n<p>\u201eU\u017cywamy kosiarki Excellent Type 9JYY-2.5 od roku i wci\u0105\u017c dzia\u0142a bez zarzutu. Jest \u0142atwa w utrzymaniu i sta\u0142a si\u0119 niezast\u0105pionym elementem naszych prac rolniczych\u201d.<\/p>\n<p>\u2013 <strong>Peter M\u00fcller, Niemcy<\/strong><\/p>\n<h2>Dlaczego warto wybra\u0107 nasz\u0105 doskona\u0142\u0105 maszyn\u0119 do zbierania i transportu bel okr\u0105g\u0142ych typu 9JYY-2.5?<\/h2>\n<p>Nasza maszyna oferuje wyj\u0105tkow\u0105 jako\u015b\u0107, niezawodno\u015b\u0107 i wydajno\u015b\u0107, zaspokajaj\u0105c wszystkie Twoje potrzeby w zakresie transportu bel. Oto kluczowe powody, dla kt\u00f3rych warto wybra\u0107 nasz produkt:<\/p>\n<ul>\n<li><strong>Szybka personalizacja:<\/strong> Oferujemy szybkie opcje personalizacji, aby spe\u0142ni\u0107 Twoje specyficzne potrzeby rolnicze, dzi\u0119ki czemu masz pewno\u015b\u0107, \u017ce maszyna b\u0119dzie idealnie dopasowana do Twojego gospodarstwa.<\/li>\n<li><strong>Silne wsparcie serwisowe:<\/strong> Nasz zesp\u00f3\u0142 jest oddany zapewnianiu najwy\u017cszej jako\u015bci us\u0142ug, obejmuj\u0105cych kompleksowe wsparcie w zakresie instalacji, szkole\u0144 i konserwacji.<\/li>\n<li><strong>3-letnia gwarancja:<\/strong> Zapewniamy naszym klientom spok\u00f3j ducha, udzielaj\u0105c im d\u0142ugiej, 3-letniej gwarancji.<\/li>\n<li><strong>Szybka wysy\u0142ka na ca\u0142y \u015bwiat:<\/strong> Oferujemy szybk\u0105 wysy\u0142k\u0119 na ca\u0142y \u015bwiat, dzi\u0119ki czemu masz pewno\u015b\u0107, \u017ce Twoje urz\u0105dzenie dotrze do Ciebie wtedy, gdy go potrzebujesz.<\/li>\n<li><strong>Kompleksowy serwis posprzeda\u017cowy:<\/strong> Zapewniamy doskona\u0142\u0105 obs\u0142ug\u0119 posprzeda\u017cow\u0105, dzi\u0119ki czemu Twoja maszyna pozostanie w doskona\u0142ym stanie przez ca\u0142y okres jej u\u017cytkowania.<\/li>\n<\/ul>\n<h2>Promuj swoje operacje dzi\u0119ki naszej doskona\u0142ej maszynie do zbierania i transportu bel okr\u0105g\u0142ych typu 9JYY-2.5<\/h2>\n<p>Wybieraj\u0105c nasz\u0105 maszyn\u0119 do zbierania i transportu bel okr\u0105g\u0142ych Excellent Type 9JYY-2.5, zyskujesz wysoce wydajne, trwa\u0142e i \u0142atwe w obs\u0142udze rozwi\u0105zanie do prac rolniczych. Nasze bogate mo\u017cliwo\u015bci produkcyjne gwarantuj\u0105 trwa\u0142o\u015b\u0107 ka\u017cdej maszyny i jej optymaln\u0105 wydajno\u015b\u0107 w r\u00f3\u017cnorodnych warunkach polowych.<\/p>\n<p>Opr\u00f3cz maszyny do zbierania i transportu bel okr\u0105g\u0142ych Excellent Type 9JYY-2.5, oferujemy r\u00f3wnie\u017c szerok\u0105 gam\u0119 akcesori\u00f3w i produkt\u00f3w powi\u0105zanych, kt\u00f3re pomog\u0105 Ci zoptymalizowa\u0107 proces transportu bel okr\u0105g\u0142ych. Od cz\u0119\u015bci zamiennych po r\u00f3\u017cnego rodzaju osprz\u0119t \u2013 mamy wszystko, co zapewni p\u0142ynny przebieg Twojej dzia\u0142alno\u015bci.<\/p>\n<p>Nie zwlekaj! Odkryj ju\u017c dzi\u015b pot\u0119\u017cne mo\u017cliwo\u015bci maszyny do zbierania i transportu bel okr\u0105g\u0142ych Excellent Type 9JYY-2.5. Skontaktuj si\u0119 z nami, aby om\u00f3wi\u0107 swoje potrzeby i dokona\u0107 zakupu. Nasz zesp\u00f3\u0142 ch\u0119tnie pomo\u017ce Ci znale\u017a\u0107 rozwi\u0105zanie najlepiej dopasowane do potrzeb Twojego gospodarstwa.<\/p>\n<h2>Cz\u0119sto zadawane pytania (FAQ)<\/h2>\n<p><strong>Jaka jest wydajno\u015b\u0107 maszyny do zbierania i transportu bel okr\u0105g\u0142ych Excellent Type 9JYY-2.5?<\/strong><\/p>\n<p>Maszyna mo\u017ce wydajnie obs\u0142ugiwa\u0107 bele o \u015brednicy do 2,5 metra i transportowa\u0107 do 50 bel na godzin\u0119, w zale\u017cno\u015bci od warunk\u00f3w polowych.<\/p>\n<p><strong>Jak dzia\u0142a uk\u0142ad hydrauliczny w modelu Excellent Type 9JYY-2.5?<\/strong><\/p>\n<p>Uk\u0142ad hydrauliczny podnosi bel\u0119 za pomoc\u0105 mocnych ramion hydraulicznych, kt\u00f3re bezpiecznie chwytaj\u0105 i podnosz\u0105 bel\u0119 do transportu. Uk\u0142ad hydrauliczny zosta\u0142 zaprojektowany z my\u015bl\u0105 o wysokiej wydajno\u015bci, zapewniaj\u0105c p\u0142ynn\u0105 i bezpieczn\u0105 prac\u0119.<\/p>\n<p><strong>Jakie rodzaje p\u00f3l nadaj\u0105 si\u0119 do wykorzystania tej maszyny?<\/strong><\/p>\n<p>Model Excellent Type 9JYY-2.5 zosta\u0142 zaprojektowany do pracy na r\u00f3\u017cnych rodzajach p\u00f3l, w tym na p\u0142askim, lekko pag\u00f3rkowatym i umiarkowanie nier\u00f3wnym terenie. Najlepiej sprawdza si\u0119 na du\u017cych, otwartych polach z du\u017c\u0105 ilo\u015bci\u0105 miejsca do transportu bel.<\/p>\n<p><strong>Czy maszyn\u0119 mo\u017cna dostosowa\u0107 do konkretnych potrzeb rolniczych?<\/strong><\/p>\n<p>Tak, oferujemy opcje dostosowania maszyny do Twoich konkretnych wymaga\u0144, np. modyfikacje umo\u017cliwiaj\u0105ce dostosowanie jej do r\u00f3\u017cnych rozmiar\u00f3w bel lub warunk\u00f3w polowych.<\/p>\n<p><strong>Jakiego rodzaju konserwacji wymaga model Excellent Type 9JYY-2.5?<\/strong><\/p>\n<p>Regularna konserwacja obejmuje czyszczenie maszyny po u\u017cyciu, sprawdzanie poziomu p\u0142ynu hydraulicznego, smarowanie cz\u0119\u015bci ruchomych oraz sprawdzanie opon i k\u00f3\u0142 pod k\u0105tem zu\u017cycia. Regularne przegl\u0105dy zapewni\u0105 p\u0142ynn\u0105 prac\u0119 maszyny przez lata.<\/p>\n<p><strong>Czy s\u0105 jakie\u015b szkolenia dla nowych operator\u00f3w?<\/strong><\/p>\n<p>Tak, oferujemy szkolenia dla nowych operator\u00f3w, dzi\u0119ki kt\u00f3rym mo\u017cemy ich zapozna\u0107 z funkcjami maszyny i prawid\u0142owymi procedurami jej obs\u0142ugi.<\/p>\n<p><strong>Jaki jest okres gwarancji na Excellent Type 9JYY-2.5?<\/strong><\/p>\n<p>Na pistolet Excellent Type 9JYY-2.5 udzielamy 3-letniej gwarancji, obejmuj\u0105cej kompleksow\u0105 ochron\u0119 przed wszelkimi wadami produkcyjnymi.<\/p>\n<p><strong>Czy maszyna Excellent Type 9JYY-2.5 poradzi sobie z r\u00f3\u017cnymi rodzajami bel?<\/strong><\/p>\n<p>Tak, maszyna jest zaprojektowana do obs\u0142ugi zar\u00f3wno bel okr\u0105g\u0142ych, jak i kwadratowych o r\u00f3\u017cnych rozmiarach, co czyni j\u0105 uniwersaln\u0105 w przypadku r\u00f3\u017cnych prac rolniczych.<\/p>\n<p><strong>Jak d\u0142ugo trwa wysy\u0142ka pistoletu Excellent Type 9JYY-2.5?<\/strong><\/p>\n<p>Czas dostawy mo\u017ce si\u0119 r\u00f3\u017cni\u0107 w zale\u017cno\u015bci od Twojej lokalizacji, jednak oferujemy szybk\u0105 wysy\u0142k\u0119 na ca\u0142y \u015bwiat, aby mie\u0107 pewno\u015b\u0107, \u017ce otrzymasz urz\u0105dzenie tak szybko, jak to mo\u017cliwe.<\/p>\n<p><strong>Jakie s\u0105 dost\u0119pne opcje p\u0142atno\u015bci?<\/strong><\/p>\n<p>Dla Pa\u0144stwa wygody akceptujemy r\u00f3\u017cne metody p\u0142atno\u015bci, w tym przelewy bankowe, karty kredytowe i inne bezpieczne opcje p\u0142atno\u015bci online.<\/p>\n<p><strong>Czy po zakupie jest dost\u0119pna pomoc techniczna?<\/strong><\/p>\n<p>Tak, zapewniamy sta\u0142e wsparcie techniczne i pomoc przez ca\u0142y okres u\u017cytkowania maszyny, dzi\u0119ki czemu mo\u017cesz liczy\u0107 na nasz\u0105 pomoc zawsze, gdy jej potrzebujesz.<\/p>\n<p><strong>Jak skontaktowa\u0107 si\u0119 z obs\u0142ug\u0105 klienta?<\/strong><\/p>\n<p>W przypadku pyta\u0144 lub problem\u00f3w mo\u017cesz skontaktowa\u0107 si\u0119 z naszym zespo\u0142em obs\u0142ugi klienta za po\u015brednictwem poczty elektronicznej, telefonu lub formularza kontaktowego online.<\/p>\n<p><strong>Jakie s\u0105 korzy\u015bci ze stosowania tej maszyny w por\u00f3wnaniu z r\u0119cznym transportem bel?<\/strong><\/p>\n<p>Zastosowanie prasy Excellent Type 9JYY-2.5 znacznie zmniejsza nak\u0142ad pracy r\u0119cznej, zwi\u0119ksza wydajno\u015b\u0107, minimalizuje uszkodzenia bel i przyspiesza ca\u0142y proces ich obs\u0142ugi, co w d\u0142u\u017cszej perspektywie czyni go bardziej op\u0142acalnym.<\/p>\n<p><strong>Czy do modelu Excellent Type 9JYY-2.5 s\u0105 \u0142atwo dost\u0119pne cz\u0119\u015bci zamienne?<\/strong><\/p>\n<p>Tak, cz\u0119\u015bci zamienne s\u0105 \u0142atwo dost\u0119pne i mog\u0105 zosta\u0107 szybko wys\u0142ane, co minimalizuje przestoje.<\/p>\n<p>edytuj przez gzl<\/p>\n<p>&nbsp;<\/p>","protected":false},"excerpt":{"rendered":"<p>Maszyna do zbierania i transportu bel okr\u0105g\u0142ych 9JYY-2.5 to solidne i wydajne narz\u0119dzie zaprojektowane z my\u015bl\u0105 o usprawnieniu procesu zbierania i transportu bel okr\u0105g\u0142ych w gospodarstwach zajmuj\u0105cych si\u0119 produkcj\u0105 bel siana na du\u017c\u0105 skal\u0119. Maszyna charakteryzuje si\u0119 maksymalnym ud\u017awigiem 2500 kg i pr\u0119dko\u015bci\u0105 robocz\u0105 do 40 km\/h, co znacznie poprawia wydajno\u015b\u0107 produkcji. Wyposa\u017cona w hydrauliczny uk\u0142ad roz\u0142adowczy, mo\u017ce zbiera\u0107 bele o \u015brednicy do 1300 mm i regulowanej d\u0142ugo\u015bci (1000-1500 mm). Jej solidna i trwa\u0142a konstrukcja, podw\u00f3jne ko\u0142a oraz mocny silnik o mocy \u226520 kW umo\u017cliwiaj\u0105 jej \u0142atwe zbieranie ci\u0119\u017ckich bel i doskona\u0142\u0105 prac\u0119 w r\u00f3\u017cnych warunkach polowych.<\/p>","protected":false},"featured_media":277,"template":"","meta":{"_et_pb_use_builder":"","_et_pb_old_content":"","_et_gb_content_width":""},"product_brand":[],"product_cat":[24],"product_tag":[],"class_list":{"0":"post-231","1":"product","2":"type-product","3":"status-publish","4":"has-post-thumbnail","6":"product_cat-other-series-products","8":"first","9":"instock","10":"shipping-taxable","11":"product-type-simple"},"_links":{"self":[{"href":"https:\/\/square-balers.com\/pl\/wp-json\/wp\/v2\/product\/231","targetHints":{"allow":["GET"]}}],"collection":[{"href":"https:\/\/square-balers.com\/pl\/wp-json\/wp\/v2\/product"}],"about":[{"href":"https:\/\/square-balers.com\/pl\/wp-json\/wp\/v2\/types\/product"}],"wp:featuredmedia":[{"embeddable":true,"href":"https:\/\/square-balers.com\/pl\/wp-json\/wp\/v2\/media\/277"}],"wp:attachment":[{"href":"https:\/\/square-balers.com\/pl\/wp-json\/wp\/v2\/media?parent=231"}],"wp:term":[{"taxonomy":"product_brand","embeddable":true,"href":"https:\/\/square-balers.com\/pl\/wp-json\/wp\/v2\/product_brand?post=231"},{"taxonomy":"product_cat","embeddable":true,"href":"https:\/\/square-balers.com\/pl\/wp-json\/wp\/v2\/product_cat?post=231"},{"taxonomy":"product_tag","embeddable":true,"href":"https:\/\/square-balers.com\/pl\/wp-json\/wp\/v2\/product_tag?post=231"}],"curies":[{"name":"wp","href":"https:\/\/api.w.org\/{rel}","templated":true}]}}