{"id":343,"date":"2025-12-15T09:38:35","date_gmt":"2025-12-15T09:38:35","guid":{"rendered":"https:\/\/square-balers.com\/?post_type=product&#038;p=343"},"modified":"2025-12-18T02:59:58","modified_gmt":"2025-12-18T02:59:58","slug":"kosiarka-jednoostrzowa-o-9-predkosciach-trakcji","status":"publish","type":"product","link":"https:\/\/square-balers.com\/pl\/produkt\/kosiarka-jednoostrzowa-o-9-predkosciach-trakcji\/","title":{"rendered":"Kosiarka trakcyjna 9GD-2.5 z jednym ostrzem (wersja ulepszona)"},"content":{"rendered":"<p>Kosiarka 9GD-2.5 Traction Single-Blade (wersja ulepszona) to zaawansowana, wysokowydajna kosiarka przeznaczona dla profesjonalnych architekt\u00f3w krajobrazu i u\u017cytkownik\u00f3w komercyjnych. Zaprojektowana z my\u015bl\u0105 o trwa\u0142o\u015bci, kosiarka zapewnia doskona\u0142\u0105 wydajno\u015b\u0107 koszenia i przyczepno\u015b\u0107, gwarantuj\u0105c nieskazitelny trawnik w ka\u017cdych warunkach. Dzi\u0119ki ulepszonej konstrukcji, zoptymalizowanej pod k\u0105tem zwi\u0119kszonej trwa\u0142o\u015bci i funkcjonalno\u015bci, jest idealnym narz\u0119dziem do piel\u0119gnacji trawnik\u00f3w na du\u017c\u0105 skal\u0119.<\/p>\n<table style=\"border-color: #000000;\">\n<thead>\n<tr>\n<th>Numer seryjny<\/th>\n<th>Przedmiot<\/th>\n<th>Jednostka<\/th>\n<th>Specyfikacja<\/th>\n<\/tr>\n<\/thead>\n<tbody>\n<tr>\n<td>1<\/td>\n<td>Nazwa modelu<\/td>\n<td>\/<\/td>\n<td>Kosiarka trakcyjna z jednym no\u017cem 9GD-2.5<\/td>\n<\/tr>\n<tr>\n<td>2<\/td>\n<td>Metoda zaczepiania<\/td>\n<td>\/<\/td>\n<td>Typ trakcji<\/td>\n<\/tr>\n<tr>\n<td>3<\/td>\n<td>Typ konstrukcji no\u017ca<\/td>\n<td>\/<\/td>\n<td>Typ posuwisto-zwrotny<\/td>\n<\/tr>\n<tr>\n<td>4<\/td>\n<td>Szeroko\u015b\u0107 ci\u0119cia<\/td>\n<td>M<\/td>\n<td>2.5<\/td>\n<\/tr>\n<tr>\n<td>5<\/td>\n<td>Dopasowany zakres mocy<\/td>\n<td>kW<\/td>\n<td>15-35<\/td>\n<\/tr>\n<tr>\n<td>6<\/td>\n<td>Zakres pr\u0119dko\u015bci roboczej<\/td>\n<td>km\/h<\/td>\n<td>6~10<\/td>\n<\/tr>\n<tr>\n<td>7<\/td>\n<td>Liczba ruchomych ostrzy<\/td>\n<td>szt.<\/td>\n<td>34<\/td>\n<\/tr>\n<tr>\n<td>8<\/td>\n<td>Wymiary ca\u0142kowite (d\u0142ugo\u015b\u0107 \u00d7 szeroko\u015b\u0107 \u00d7 wysoko\u015b\u0107)<\/td>\n<td>mm<\/td>\n<td>2000\u00d74300\u00d7950<\/td>\n<\/tr>\n<tr>\n<td>10<\/td>\n<td>Pr\u0119dko\u015b\u0107 WOM<\/td>\n<td>obr.\/min<\/td>\n<td>540<\/td>\n<\/tr>\n<tr>\n<td>11<\/td>\n<td>\u015arednia wysoko\u015b\u0107 zarostu<\/td>\n<td>mm<\/td>\n<td>50-70<\/td>\n<\/tr>\n<tr>\n<td>12<\/td>\n<td>Wydajno\u015b\u0107<\/td>\n<td>hm\u00b2\/h<\/td>\n<td>2.0-3.0<\/td>\n<\/tr>\n<tr>\n<td>13<\/td>\n<td>Liczba operator\u00f3w<\/td>\n<td>osoba<\/td>\n<td>1<\/td>\n<\/tr>\n<tr>\n<td>14<\/td>\n<td>Masa konstrukcyjna<\/td>\n<td>kg<\/td>\n<td>490<\/td>\n<\/tr>\n<\/tbody>\n<\/table>\n<p>Kosiarka 9GD-2.5 Traction Single-Blade (wersja ulepszona) to wytrzyma\u0142a kosiarka z nap\u0119dem trakcyjnym, przeznaczona do pracy w szerokim zakresie teren\u00f3w. Kosiarka wyposa\u017cona jest w pojedyncze ostrze, kt\u00f3re skutecznie kosi traw\u0119, zapewniaj\u0105c jednocze\u015bnie doskona\u0142\u0105 przyczepno\u015b\u0107, dzi\u0119ki czemu idealnie nadaje si\u0119 do du\u017cych trawnik\u00f3w i trudnego terenu. \u0141\u0105czy moc z precyzj\u0105, zapewniaj\u0105c p\u0142ynne koszenie i wyj\u0105tkowe rezultaty za ka\u017cdym razem.<\/p>\n<h2>Typowe problemy i przypadki u\u017cycia<\/h2>\n<p>Typowe problemy, z kt\u00f3rymi radzi sobie ten produkt, to nier\u00f3wne koszenie, trudno\u015bci z manewrowaniem na zboczach lub nier\u00f3wnym terenie oraz potrzeba kosiarki, kt\u00f3ra poradzi sobie z piel\u0119gnacj\u0105 trawnik\u00f3w o du\u017cej intensywno\u015bci. Model 9GD-2.5 zosta\u0142 zaprojektowany do du\u017cych trawnik\u00f3w, obiekt\u00f3w komercyjnych oraz obszar\u00f3w, gdzie wymagana jest wysoka przyczepno\u015b\u0107 i r\u00f3wnomierna wydajno\u015b\u0107 koszenia. Ta kosiarka idealnie nadaje si\u0119 do:<\/p>\n<h2>Firmy zajmuj\u0105ce si\u0119 komercyjnym kszta\u0142towaniem krajobrazu<\/h2>\n<ol>\n<li>Du\u017ce nieruchomo\u015bci mieszkalne z rozleg\u0142ymi trawnikami<\/li>\n<li>Boiska sportowe i pola golfowe<\/li>\n<li>Parki publiczne i tereny rekreacyjne<\/li>\n<li>Us\u0142ugi komunalne<\/li>\n<li>Zastosowania rolnicze wymagaj\u0105ce r\u00f3wnomiernego koszenia trawy<\/li>\n<\/ol>\n<h2>Zalety produktu<\/h2>\n<h3>1. Wysoka przyczepno\u015b\u0107 i stabilno\u015b\u0107<\/h3>\n<p>Ulepszony system trakcji zapewnia stabilno\u015b\u0107 na r\u00f3\u017cnych nawierzchniach, nawet na stromych zboczach i nier\u00f3wnym terenie. Pozwala to na bezpieczniejsz\u0105 prac\u0119 i bardziej powtarzalne rezultaty w trudnych warunkach.<\/p>\n<h3>2. Wydajne ci\u0119cie<\/h3>\n<p>Wyposa\u017cona w pojedyncze, wysokowydajne ostrze, kosiarka 9GD-2.5 zapewnia czyste i precyzyjne ci\u0119cie za ka\u017cdym razem. Konstrukcja ostrza minimalizuje zbrylanie si\u0119 trawy i zwi\u0119ksza wydajno\u015b\u0107 koszenia, nawet w g\u0119stych zaro\u015blach.<\/p>\n<h3>3. Zwi\u0119kszona trwa\u0142o\u015b\u0107<\/h3>\n<p>Wykonana z wytrzyma\u0142ych, wysokiej jako\u015bci materia\u0142\u00f3w, kosiarka ta jest zaprojektowana tak, aby sprosta\u0107 wymaganiom regularnego u\u017cytkowania komercyjnego. Ulepszona wersja zawiera ulepszone komponenty zapewniaj\u0105ce d\u0142ugotrwa\u0142\u0105 wydajno\u015b\u0107, zmniejszaj\u0105c cz\u0119stotliwo\u015b\u0107 napraw i konserwacji.<\/p>\n<h3>4. \u0141atwa manewrowo\u015b\u0107<\/h3>\n<p>Pomimo swojej solidnej konstrukcji, 9GD-2.5 pozostaje niezwykle zwrotny dzi\u0119ki ergonomicznej konstrukcji i przyjaznemu u\u017cytkownikowi sterowaniu. Zapewnia to \u0142atwo\u015b\u0107 obs\u0142ugi nawet przez d\u0142u\u017cszy czas, zmniejszaj\u0105c zm\u0119czenie podczas u\u017cytkowania.<\/p>\n<h3>5. Wszechstronny i adaptowalny<\/h3>\n<p>Niezale\u017cnie od tego, czy piel\u0119gnujesz du\u017ce posiad\u0142o\u015bci, parki publiczne, czy pola golfowe, ta kosiarka dopasowuje si\u0119 do r\u00f3\u017cnych rodzaj\u00f3w trawy i terenu. Radzi sobie ze wszystkim, od g\u0119stej, wysokiej trawy po delikatniejsze trawniki, co czyni j\u0105 wszechstronnym wyborem dla ka\u017cdego profesjonalnego gospodarstwa zajmuj\u0105cego si\u0119 piel\u0119gnacj\u0105 trawnik\u00f3w.<\/p>\n<p style=\"text-align: center;\"><img loading=\"lazy\" decoding=\"async\" class=\"alignnone wp-image-346\" src=\"https:\/\/square-balers.com\/wp-content\/uploads\/2025\/12\/5-1.webp\" alt=\"Kosiarka jednoostrzowa\" width=\"431\" height=\"431\" srcset=\"https:\/\/square-balers.com\/wp-content\/uploads\/2025\/12\/5-1.webp 259w, https:\/\/square-balers.com\/wp-content\/uploads\/2025\/12\/5-1-150x150.webp 150w, https:\/\/square-balers.com\/wp-content\/uploads\/2025\/12\/5-1-12x12.webp 12w, https:\/\/square-balers.com\/wp-content\/uploads\/2025\/12\/5-1-100x100.webp 100w\" sizes=\"(max-width: 431px) 100vw, 431px\" \/><\/p>\n<h2>Jak dzia\u0142a kosiarka jednoostrzowa 9GD-2.5<\/h2>\n<p>Model 9GD-2.5 wykorzystuje mocny mechanizm nap\u0119dowy, kt\u00f3ry zapewnia kontrol\u0119 i stabilno\u015b\u0107 podczas pracy. Silnik kosiarki nap\u0119dza pojedyncze ostrze tn\u0105ce, zoptymalizowane pod k\u0105tem wysokiej wydajno\u015bci i precyzji. Zaawansowany system trakcji zapewnia stabilno\u015b\u0107 kosiarki nawet na trudnych zboczach, gwarantuj\u0105c r\u00f3wnomierne koszenie w zr\u00f3\u017cnicowanym terenie. Ulepszona wersja wykorzystuje zaawansowane rozwi\u0105zania techniczne, oferuj\u0105c p\u0142ynniejsz\u0105 obs\u0142ug\u0119 i zwi\u0119kszon\u0105 trwa\u0142o\u015b\u0107, co jest szczeg\u00f3lnie przydatne w piel\u0119gnacji trawnik\u00f3w na poziomie komercyjnym.<\/p>\n<h2>Odpowiednie przypadki u\u017cycia<\/h2>\n<p>Karabin 9GD-2.5 idealnie sprawdza si\u0119 w nast\u0119puj\u0105cych sytuacjach:<\/p>\n<ul>\n<li><strong>Du\u017ce trawniki na posesjach:<\/strong> Doskonale nadaje si\u0119 do szerokich trawnik\u00f3w, zapewniaj\u0105c r\u00f3wnomierne ci\u0119cie i efektywne pokrycie.<\/li>\n<li><strong>Projektowanie krajobrazu komercyjnego:<\/strong> Idealne dla profesjonalnych projektant\u00f3w krajobrazu, kt\u00f3rzy potrzebuj\u0105 niezawodnego sprz\u0119tu do zarz\u0105dzania du\u017cymi posesjami.<\/li>\n<li><strong>Boiska sportowe:<\/strong> Gwarantuje precyzyjne ci\u0119cie nawet w trudnych warunkach, nadaje si\u0119 do boisk pi\u0142karskich i innych obiekt\u00f3w sportowych.<\/li>\n<li><strong>Pola golfowe:<\/strong> Pomaga w utrzymaniu p\u00f3l golfowych z dok\u0142adno\u015bci\u0105 i wysok\u0105 wydajno\u015bci\u0105, w\u0142\u0105czaj\u0105c w to greeny i fairwaye.<\/li>\n<li><strong>Parki i tereny rekreacyjne:<\/strong> Idealne rozwi\u0105zanie do utrzymania czysto\u015bci przestrzeni publicznych, w kt\u00f3rych priorytetem jest wygl\u0105d i funkcjonalno\u015b\u0107.<\/li>\n<li><strong>\u015arodowiska rolnicze:<\/strong> Dobrze sprawdza si\u0119 przy koszeniu trawy i ro\u015blin okrywowych na terenach wiejskich i rolniczych, gdzie inne kosiarki mog\u0105 mie\u0107 trudno\u015bci.<\/li>\n<\/ul>\n<h2>Jak wybra\u0107 odpowiedni\u0105 kosiark\u0119 jednoostrzow\u0105 9GD-2.5 Traction<\/h2>\n<p>Wybieraj\u0105c kosiark\u0119, nale\u017cy wzi\u0105\u0107 pod uwag\u0119 nast\u0119puj\u0105ce czynniki:<\/p>\n<ul>\n<li><strong>Teren:<\/strong> Oce\u0144 teren, na kt\u00f3rym b\u0119dziesz u\u017cywa\u0107 kosiarki. Je\u015bli musisz kosi\u0107 na stromych zboczach, upewnij si\u0119, \u017ce kosiarka zapewnia wystarczaj\u0105c\u0105 przyczepno\u015b\u0107.<\/li>\n<li><strong>Rodzaj trawy:<\/strong> R\u00f3\u017cne rodzaje trawy wymagaj\u0105 r\u00f3\u017cnych metod koszenia. Model 9GD-2.5 jest wystarczaj\u0105co wszechstronny, aby kosi\u0107 r\u00f3\u017cne rodzaje trawy, ale wa\u017cne jest, aby dopasowa\u0107 kosiark\u0119 do swoich konkretnych potrzeb.<\/li>\n<li><strong>Cz\u0119stotliwo\u015b\u0107 u\u017cytkowania:<\/strong> Do zastosowa\u0144 komercyjnych lub cz\u0119stego u\u017cytkowania wybierz model o zwi\u0119kszonej trwa\u0142o\u015bci i \u0142atwych opcjach konserwacji.<\/li>\n<li><strong>Szeroko\u015b\u0107 ci\u0119cia:<\/strong> We\u017a pod uwag\u0119 wielko\u015b\u0107 obszar\u00f3w, kt\u00f3re chcesz skosi\u0107. Szersze ostrze tn\u0105ce mo\u017ce skr\u00f3ci\u0107 czas potrzebny na koszenie du\u017cych trawnik\u00f3w lub p\u00f3l.<\/li>\n<li><strong>Obs\u0142uga i komfort:<\/strong> Upewnij si\u0119, \u017ce kosiarka ma ergonomiczne elementy steruj\u0105ce, aby u\u0142atwi\u0107 jej obs\u0142ug\u0119 przez d\u0142u\u017cszy czas, zw\u0142aszcza je\u015bli zamierzasz u\u017cywa\u0107 jej cz\u0119sto.<\/li>\n<li><strong>Bud\u017cet:<\/strong> Upewnij si\u0119, \u017ce kosiarka mie\u015bci si\u0119 w Twoim bud\u017cecie, spe\u0142niaj\u0105c jednocze\u015bnie Twoje wymagania operacyjne. Model 9GD-2.5 oferuje doskona\u0142y balans mi\u0119dzy wydajno\u015bci\u0105 a przyst\u0119pn\u0105 cen\u0105.<\/li>\n<\/ul>\n<p style=\"text-align: center;\"><img loading=\"lazy\" decoding=\"async\" class=\"alignnone wp-image-345\" src=\"https:\/\/square-balers.com\/wp-content\/uploads\/2025\/12\/4-1.webp\" alt=\"Kosiarka jednoostrzowa\" width=\"441\" height=\"441\" srcset=\"https:\/\/square-balers.com\/wp-content\/uploads\/2025\/12\/4-1.webp 260w, https:\/\/square-balers.com\/wp-content\/uploads\/2025\/12\/4-1-150x150.webp 150w, https:\/\/square-balers.com\/wp-content\/uploads\/2025\/12\/4-1-12x12.webp 12w, https:\/\/square-balers.com\/wp-content\/uploads\/2025\/12\/4-1-100x100.webp 100w\" sizes=\"(max-width: 441px) 100vw, 441px\" \/><\/p>\n<h2>Wskaz\u00f3wki dotycz\u0105ce konserwacji kosiarki jednoostrzowej 9GD-2.5<\/h2>\n<p>Prawid\u0142owa konserwacja jest kluczowa dla zapewnienia wydajnej pracy kosiarki 9GD-2.5 przez wiele lat. Post\u0119puj zgodnie z poni\u017cszymi wskaz\u00f3wkami:<\/p>\n<ul>\n<li><strong>Regularne sprz\u0105tanie:<\/strong> Po ka\u017cdym u\u017cyciu wyczy\u015b\u0107 kosiark\u0119, aby usun\u0105\u0107 wszelkie zanieczyszczenia, skoszon\u0105 traw\u0119 i nagromadzony brud.<\/li>\n<li><strong>Ostrzenie ostrzy:<\/strong> Regularnie ostrz no\u017ce tn\u0105ce, aby zachowa\u0107 ich wydajno\u015b\u0107 i zapewni\u0107 czyste ci\u0119cie. T\u0119pe ostrza mog\u0105 utrudnia\u0107 prac\u0119 kosiarki, co prowadzi do nier\u00f3wnego ci\u0119cia.<\/li>\n<li><strong>Piel\u0119gnacja silnika:<\/strong> Utrzymuj silnik w czysto\u015bci i dobrym smarowaniu. Regularnie sprawdzaj poziom oleju i wymieniaj go w razie potrzeby, aby zapewni\u0107 optymaln\u0105 wydajno\u015b\u0107.<\/li>\n<li><strong>Sprawd\u017a uk\u0142ad trakcyjny:<\/strong> Upewnij si\u0119, \u017ce uk\u0142ad trakcyjny dzia\u0142a prawid\u0142owo, gdy\u017c odgrywa on kluczow\u0105 rol\u0119 w pokonywaniu przez kosiark\u0119 pochy\u0142o\u015bci i nier\u00f3wnego terenu.<\/li>\n<li><strong>Sk\u0142adowanie:<\/strong> Przechowuj kosiark\u0119 w suchym i czystym miejscu, aby chroni\u0107 j\u0105 przed czynnikami atmosferycznymi, gdy nie jest u\u017cywana. Wyd\u0142u\u017cy to jej \u017cywotno\u015b\u0107 i zapobiegnie niepotrzebnemu zu\u017cyciu.<\/li>\n<\/ul>\n<h2>Opinie klient\u00f3w<\/h2>\n<p>Oto kilka opinii klient\u00f3w z ca\u0142ego \u015bwiata:<\/p>\n<p>\u201eU\u017cywam kosiarki 9GD-2.5 od kilku miesi\u0119cy w mojej firmie zajmuj\u0105cej si\u0119 kszta\u0142towaniem krajobrazu i jestem pod ogromnym wra\u017ceniem jej wydajno\u015bci. Z \u0142atwo\u015bci\u0105 radzi sobie ze zboczami i nier\u00f3wnym terenem, z czym moja stara kosiarka mia\u0142a problemy. Jest wydajna, niezawodna, a rezultaty s\u0105 zawsze idealne.\u201d<\/p>\n<p><strong>\u2013 John, Stany Zjednoczone<\/strong><\/p>\n<p>\u201eJako kierownik ds. utrzymania p\u00f3l golfowych, testowa\u0142em kilka kosiarek, ale \u017cadna nie dor\u00f3wnywa\u0142a wydajno\u015bci i przyczepno\u015bci 9GD-2.5. Zapewnia naszym greenom g\u0142adkie i r\u00f3wne ci\u0119cie za ka\u017cdym razem. Warta ka\u017cdej z\u0142ot\u00f3wki.\u201d<\/p>\n<p><strong>\u2013 Lisa, Wielka Brytania<\/strong><\/p>\n<p>\u201eU\u017cywamy tej kosiarki do piel\u0119gnacji parku publicznego i zaoszcz\u0119dzi\u0142a nam mn\u00f3stwo czasu. Jest trwa\u0142a i dzia\u0142a dobrze nawet po intensywnym u\u017cytkowaniu. Gor\u0105co polecam j\u0105 ka\u017cdemu, kto zajmuje si\u0119 piel\u0119gnacj\u0105 du\u017cych obszar\u00f3w.\u201d<\/p>\n<p><strong>\u2013 Mark, Kanada<\/strong><\/p>\n<p>\u201eZarz\u0105dzam du\u017cym gospodarstwem rolnym, a ta kosiarka zmieni\u0142a moje \u017cycie. Jest bardzo \u0142atwa w manewrowaniu, a ci\u0119cie jest zawsze czyste i profesjonalne. Jestem bardzo zadowolony z zakupu.\u201d<\/p>\n<p><strong>\u2013 Anna, Australia<\/strong><\/p>\n<p>\u201eTa kosiarka jest fantastyczna do rolnictwa. Bez problemu radzi sobie z g\u0119st\u0105 traw\u0105 i jest \u0142atwa w utrzymaniu. Wydajno\u015b\u0107 jest znakomita i jestem pewien, \u017ce pos\u0142u\u017cy d\u0142ugo.\u201d<\/p>\n<p><strong>\u2013 Michael, Niemcy<\/strong><\/p>\n<p style=\"text-align: center;\"><img loading=\"lazy\" decoding=\"async\" class=\"alignnone wp-image-344\" src=\"https:\/\/square-balers.com\/wp-content\/uploads\/2025\/12\/3-1.webp\" alt=\"\" width=\"420\" height=\"420\" srcset=\"https:\/\/square-balers.com\/wp-content\/uploads\/2025\/12\/3-1.webp 246w, https:\/\/square-balers.com\/wp-content\/uploads\/2025\/12\/3-1-150x150.webp 150w, https:\/\/square-balers.com\/wp-content\/uploads\/2025\/12\/3-1-12x12.webp 12w, https:\/\/square-balers.com\/wp-content\/uploads\/2025\/12\/3-1-100x100.webp 100w\" sizes=\"(max-width: 420px) 100vw, 420px\" \/><\/p>\n<h2>Dlaczego warto wybra\u0107 nasze produkty<\/h2>\n<p>Oferujemy szybk\u0105 us\u0142ug\u0119 personalizacji, dostosowan\u0105 do Twoich indywidualnych potrzeb, gwarantuj\u0105c, \u017ce otrzymasz produkt spe\u0142niaj\u0105cy Twoje wymagania. Dzi\u0119ki 3-letniej gwarancji i najwy\u017cszej klasy obs\u0142udze posprzeda\u017cowej zapewniamy bezstresow\u0105 obs\u0142ug\u0119. Nasza globalna, szybka wysy\u0142ka gwarantuje terminow\u0105 dostaw\u0119 zam\u00f3wie\u0144, niezale\u017cnie od Twojej lokalizacji. Nasza szeroka oferta produkt\u00f3w obejmuje r\u00f3wnie\u017c inne akcesoria i sprz\u0119t uzupe\u0142niaj\u0105cy Tw\u00f3j zakup.<\/p>\n<h2>Promuj kosiark\u0119 jednoostrzow\u0105 9GD-2.5<\/h2>\n<p>Nie przegap okazji, aby ulepszy\u0107 sw\u00f3j sprz\u0119t do piel\u0119gnacji trawnika o kosiark\u0119 9GD-2.5 Traction Single-Blade (wersja ulepszona). Dzi\u0119ki naszym mo\u017cliwo\u015bciom produkcyjnym, wyj\u0105tkowej jako\u015bci produkt\u00f3w, konkurencyjnym cenom i doskona\u0142ej obs\u0142udze klienta, gwarantujemy, \u017ce otrzymasz najlepsz\u0105 inwestycj\u0119. Dodatkowo oferujemy szerok\u0105 gam\u0119 akcesori\u00f3w i produkt\u00f3w powi\u0105zanych, kt\u00f3re zaspokoj\u0105 wszystkie Twoje potrzeby w zakresie piel\u0119gnacji trawnika. Skontaktuj si\u0119 z nami ju\u017c dzi\u015b, aby dowiedzie\u0107 si\u0119 wi\u0119cej i z\u0142o\u017cy\u0107 zam\u00f3wienie!<\/p>\n<h2>Cz\u0119sto zadawane pytania<\/h2>\n<p><strong>Jaka jest szeroko\u015b\u0107 koszenia kosiarki jednoostrzowej 9GD-2.5 (wersja ulepszona)?<\/strong><\/p>\n<p>Model 9GD-2.5 charakteryzuje si\u0119 szeroko\u015bci\u0105 koszenia 2,5 metra, co pozwala na wydajne i szybkie koszenie du\u017cych obszar\u00f3w, redukuj\u0105c liczb\u0119 przejazd\u00f3w wymaganych w przypadku szerokich trawnik\u00f3w lub p\u00f3l. Ta szeroko\u015b\u0107 koszenia sprawia, \u017ce \u200b\u200bkosiarka idealnie nadaje si\u0119 zar\u00f3wno do obiekt\u00f3w komercyjnych, jak i du\u017cych posesji mieszkalnych.<\/p>\n<p><strong>Jak dzia\u0142a uk\u0142ad trakcyjny w kosiarce 9GD-2.5?<\/strong><\/p>\n<p>System trakcji w kosiarce 9GD-2.5 dzia\u0142a poprzez sta\u0142e przekazywanie mocy na tylne ko\u0142a, co gwarantuje stabilno\u015b\u0107 i kontrol\u0119 podczas koszenia na nier\u00f3wnych powierzchniach lub stromych zboczach. Ulepszona wersja oferuje lepsz\u0105 przyczepno\u015b\u0107, zapewniaj\u0105c doskona\u0142\u0105 wydajno\u015b\u0107 w trudnym terenie, dzi\u0119ki czemu idealnie nadaje si\u0119 do u\u017cytku na polach golfowych, w parkach i na innych du\u017cych posesjach.<\/p>\n<p><strong>Czy mog\u0119 u\u017cywa\u0107 urz\u0105dzenia 9GD-2.5 do koszenia mokrej trawy?<\/strong><\/p>\n<p>Chocia\u017c kosiarka 9GD-2.5 sprawdza si\u0119 dobrze w wi\u0119kszo\u015bci warunk\u00f3w, koszenie mokrej trawy nie jest zalecane dla uzyskania optymalnej wydajno\u015bci. Mokra trawa mo\u017ce zatka\u0107 kosiark\u0119, co mo\u017ce wp\u0142yn\u0105\u0107 na wydajno\u015b\u0107 koszenia i uszkodzi\u0107 ostrze. Aby uzyska\u0107 najlepsze rezultaty, ko\u015b, gdy trawa jest sucha lub lekko wilgotna.<\/p>\n<p><strong>Jaki jest okres gwarancji na kosiark\u0119 jednoostrzow\u0105 9GD-2.5?<\/strong><\/p>\n<p>Model 9GD-2.5 jest obj\u0119ty 3-letni\u0105 gwarancj\u0105, dzi\u0119ki czemu mo\u017cesz korzysta\u0107 z kosiarki bez obaw. W tym okresie wszelkie wady produkcyjne zostan\u0105 naprawione, a w razie potrzeby dostarczymy cz\u0119\u015bci zamienne, co czyni j\u0105 doskona\u0142\u0105 inwestycj\u0105 w d\u0142ugoterminowe rozwi\u0105zania do piel\u0119gnacji trawnika.<\/p>\n<p><strong>Jak konserwowa\u0107 kosiark\u0119 9GD-2.5, aby zapewni\u0107 jej optymaln\u0105 wydajno\u015b\u0107?<\/strong><\/p>\n<p>Konserwacja kosiarki 9GD-2.5 jest prosta i wymaga regularnych czynno\u015bci, takich jak czyszczenie kosiarki po u\u017cyciu, ostrzenie ostrza co 25-30 godzin pracy oraz sprawdzanie oleju i uk\u0142adu nap\u0119dowego. Prawid\u0142owa konserwacja zapewnia, \u017ce \u200b\u200bkosiarka pozostanie w doskona\u0142ym stanie i zapewni niezawodn\u0105 prac\u0119 przez lata.<\/p>\n<p><strong>Czy mog\u0119 u\u017cywa\u0107 kosiarki 9GD-2.5 na pag\u00f3rkowatym lub nier\u00f3wnym terenie?<\/strong><\/p>\n<p>Tak, kosiarka 9GD-2.5 zosta\u0142a zaprojektowana specjalnie do pracy w terenie pag\u00f3rkowatym lub nier\u00f3wnym. Ulepszony system trakcji zapewnia lepsz\u0105 stabilno\u015b\u0107 i przyczepno\u015b\u0107, umo\u017cliwiaj\u0105c \u0142atwe pokonywanie zboczy i trudnych warunk\u00f3w gruntowych bez utraty wydajno\u015bci koszenia.<\/p>\n<p><strong>Z jakimi rodzajami trawy poradzi sobie kosiarka 9GD-2.5?<\/strong><\/p>\n<p>Model 9GD-2.5 nadaje si\u0119 do r\u00f3\u017cnych rodzaj\u00f3w trawy, od g\u0119stych i grubych po drobne i delikatne. Jego wydajny, pojedynczy system tn\u0105cy zapewnia r\u00f3wnomierne i czyste koszenie w r\u00f3\u017cnych warunkach, dzi\u0119ki czemu idealnie nadaje si\u0119 na pola golfowe, boiska sportowe i do zagospodarowania terenu w obiektach komercyjnych.<\/p>\n<p><strong>Czy kosiark\u0105 9GD-2.5 \u0142atwo si\u0119 manewruje?<\/strong><\/p>\n<p>Pomimo du\u017cych rozmiar\u00f3w i solidnej konstrukcji, model 9GD-2.5 jest zaskakuj\u0105co \u0142atwy w manewrowaniu. Ergonomiczna konstrukcja uchwyt\u00f3w w po\u0142\u0105czeniu z zaawansowanym systemem trakcji pozwala operatorom zachowa\u0107 precyzyjn\u0105 kontrol\u0119 nawet podczas d\u0142ugotrwa\u0142ego u\u017cytkowania. Zaprojektowano go tak, aby zminimalizowa\u0107 zm\u0119czenie operatora, maksymalizuj\u0105c jednocze\u015bnie wydajno\u015b\u0107.<\/p>\n<p><strong>Jakiego rodzaju konserwacji wymaga 9GD-2.5 poza sezonem?<\/strong><\/p>\n<p>Poza sezonem nale\u017cy przechowywa\u0107 kosiark\u0119 w suchym i czystym miejscu. Nale\u017cy wykonywa\u0107 podstawowe czynno\u015bci konserwacyjne, takie jak sprawdzanie zu\u017cycia ostrza i ostrzenie go w razie potrzeby. Wa\u017cne jest r\u00f3wnie\u017c sprawdzenie poziomu oleju silnikowego i usuni\u0119cie resztek trawy lub brudu, kt\u00f3re mog\u0142y nagromadzi\u0107 si\u0119 w podzespo\u0142ach kosiarki.<\/p>\n<p><strong>Jak szybko kosiarka 9GD-2.5 du\u017ce trawniki lub pola?<\/strong><\/p>\n<p>Model 9GD-2.5 umo\u017cliwia szybkie koszenie du\u017cych obszar\u00f3w dzi\u0119ki du\u017cej szeroko\u015bci koszenia wynosz\u0105cej 2,5 metra. W przypadku profesjonalnych prac ogrodniczych lub du\u017cych trawnik\u00f3w przydomowych, kosiarka oferuje wydajne rozwi\u0105zanie, skracaj\u0105c czas koszenia, a jednocze\u015bnie gwarantuj\u0105c wysok\u0105 jako\u015b\u0107 koszenia.<\/p>\n<p><strong>Czy kosiarka 9GD-2.5 radzi sobie skutecznie z traw\u0105 o r\u00f3\u017cnej wysoko\u015bci?<\/strong><\/p>\n<p>Tak, kosiarka 9GD-2.5 jest wyposa\u017cona w regulowan\u0105 wysoko\u015b\u0107 koszenia, co pozwala jej poradzi\u0107 sobie z traw\u0105 o r\u00f3\u017cnej wysoko\u015bci. Niezale\u017cnie od tego, czy masz do czynienia z kr\u00f3tk\u0105, starannie przyci\u0119t\u0105 traw\u0105, czy z wysokimi, zaro\u015bni\u0119tymi terenami, kosiarka zapewnia czyste i precyzyjne ci\u0119cie, odpowiednie do r\u00f3\u017cnych rodzaj\u00f3w trawy i potrzeb piel\u0119gnacyjnych.<\/p>\n<p><strong>Jakie s\u0105 najwa\u017cniejsze cechy ulepszonej wersji kosiarki 9GD-2.5?<\/strong><\/p>\n<p>Ulepszona wersja kosiarki 9GD-2.5 oferuje szereg udoskonale\u0144, w tym bardziej wytrzyma\u0142y system trakcji, ulepszon\u0105 konstrukcj\u0119 ostrza dla p\u0142ynniejszego ci\u0119cia oraz mocniejsze materia\u0142y konstrukcyjne dla wi\u0119kszej trwa\u0142o\u015bci. Te udoskonalenia zapewniaj\u0105 wydajniejsze i trwalsze koszenie nawet w trudnych warunkach.<\/p>\n<p><strong>Jak d\u0142ugo wytrzyma kosiarka 9GD-2.5 przy regularnym u\u017cytkowaniu?<\/strong><\/p>\n<p>Przy odpowiedniej konserwacji, model 9GD-2.5 mo\u017ce s\u0142u\u017cy\u0107 przez wiele lat. Wysokiej jako\u015bci materia\u0142y, w tym trwa\u0142e metalowe komponenty i mocny silnik, zosta\u0142y zaprojektowane tak, aby wytrzyma\u0107 regularne u\u017cytkowanie. Regularne zabiegi konserwacyjne, takie jak wymiana oleju i ostrzenie ostrzy, mog\u0105 znacznie wyd\u0142u\u017cy\u0107 jego \u017cywotno\u015b\u0107.<\/p>\n<p><strong>Czy obs\u0142uga pistoletu 9GD-2.5 wymaga specjalnego przeszkolenia?<\/strong><\/p>\n<p>Model 9GD-2.5 zosta\u0142 zaprojektowany z my\u015bl\u0105 o \u0142atwo\u015bci obs\u0142ugi, intuicyjnym sterowaniu i ergonomicznej konstrukcji. Chocia\u017c nie jest wymagane specjalne szkolenie, wa\u017cne jest dok\u0142adne zapoznanie si\u0119 z instrukcj\u0105 obs\u0142ugi, aby zapewni\u0107 bezpieczn\u0105 i wydajn\u0105 obs\u0142ug\u0119, szczeg\u00f3lnie w przypadku os\u00f3b niezaznajomionych z kosiarkami komercyjnymi.<\/p>\n<p><strong>Czy mog\u0119 kupi\u0107 cz\u0119\u015bci zamienne do kosiarki 9GD-2.5?<\/strong><\/p>\n<p>Tak, cz\u0119\u015bci zamienne do kosiarki 9GD-2.5 s\u0105 \u0142atwo dost\u0119pne. Mo\u017cna je zam\u00f3wi\u0107 bezpo\u015brednio w naszym dziale serwisowym, aby zapewni\u0107 kompatybilno\u015b\u0107 i wydajno\u015b\u0107. Regularna wymiana cz\u0119\u015bci, takich jak ostrze tn\u0105ce, ko\u0142a trakcyjne i filtry, zapewni optymaln\u0105 prac\u0119 kosiarki.<\/p>\n<p>edytuj przez gzl<\/p>","protected":false},"excerpt":{"rendered":"<p>Przedstawiamy kosiark\u0119 trakcyjn\u0105 9GD-2.5 z pojedynczym ostrzem (wersja ulepszona), zaprojektowan\u0105 z my\u015bl\u0105 o precyzji, wydajno\u015bci i trwa\u0142o\u015bci. Ta zaawansowana kosiarka charakteryzuje si\u0119 konstrukcj\u0105 z pojedynczym ostrzem, kt\u00f3ra zapewnia czyste i r\u00f3wnomierne ci\u0119cie wszystkich rodzaj\u00f3w trawy, gwarantuj\u0105c profesjonalny efekt za ka\u017cdym razem. Dzi\u0119ki ulepszonej przyczepno\u015bci i zwi\u0119kszonej trwa\u0142o\u015bci, kosiarka zapewnia p\u0142ynn\u0105 prac\u0119 nawet w trudnym terenie, dzi\u0119ki czemu idealnie nadaje si\u0119 zar\u00f3wno do piel\u0119gnacji teren\u00f3w przydomowych, jak i komercyjnych. Ulepszona wersja oferuje wi\u0119ksz\u0105 moc, mniejsze wymagania konserwacyjne i intuicyjne sterowanie, co czyni j\u0105 idealnym wyborem dla os\u00f3b poszukuj\u0105cych niezawodnej wydajno\u015bci i \u0142atwo\u015bci obs\u0142ugi. Niezale\u017cnie od tego, czy kosisz du\u017ce trawniki, czy skomplikowane tereny, kosiarka trakcyjna 9GD-2.5 to idealne narz\u0119dzie do uzyskania nieskazitelnych rezultat\u00f3w. Ulepsz swoje wra\u017cenia z koszenia i zwi\u0119ksz swoj\u0105 produktywno\u015b\u0107 \u2014 odkryj korzy\u015bci ju\u017c dzi\u015b!<\/p>","protected":false},"featured_media":347,"template":"","meta":{"_et_pb_use_builder":"","_et_pb_old_content":"","_et_gb_content_width":""},"product_brand":[],"product_cat":[23],"product_tag":[],"class_list":{"0":"post-343","1":"product","2":"type-product","3":"status-publish","4":"has-post-thumbnail","6":"product_cat-mower-tedder","8":"first","9":"instock","10":"shipping-taxable","11":"product-type-simple"},"_links":{"self":[{"href":"https:\/\/square-balers.com\/pl\/wp-json\/wp\/v2\/product\/343","targetHints":{"allow":["GET"]}}],"collection":[{"href":"https:\/\/square-balers.com\/pl\/wp-json\/wp\/v2\/product"}],"about":[{"href":"https:\/\/square-balers.com\/pl\/wp-json\/wp\/v2\/types\/product"}],"wp:featuredmedia":[{"embeddable":true,"href":"https:\/\/square-balers.com\/pl\/wp-json\/wp\/v2\/media\/347"}],"wp:attachment":[{"href":"https:\/\/square-balers.com\/pl\/wp-json\/wp\/v2\/media?parent=343"}],"wp:term":[{"taxonomy":"product_brand","embeddable":true,"href":"https:\/\/square-balers.com\/pl\/wp-json\/wp\/v2\/product_brand?post=343"},{"taxonomy":"product_cat","embeddable":true,"href":"https:\/\/square-balers.com\/pl\/wp-json\/wp\/v2\/product_cat?post=343"},{"taxonomy":"product_tag","embeddable":true,"href":"https:\/\/square-balers.com\/pl\/wp-json\/wp\/v2\/product_tag?post=343"}],"curies":[{"name":"wp","href":"https:\/\/api.w.org\/{rel}","templated":true}]}}