{"id":350,"date":"2025-12-16T03:33:50","date_gmt":"2025-12-16T03:33:50","guid":{"rendered":"https:\/\/square-balers.com\/?post_type=product&#038;p=350"},"modified":"2025-12-19T02:03:17","modified_gmt":"2025-12-19T02:03:17","slug":"kosiarka-jednoostrzowa-9gd-2-5-z-trakcja","status":"publish","type":"product","link":"https:\/\/square-balers.com\/pl\/produkt\/kosiarka-jednoostrzowa-9gd-2-5-z-trakcja\/","title":{"rendered":"Kosiarka trakcyjna 9GD-2.5 z jednym ostrzem"},"content":{"rendered":"<p>Kosiarka 9GD-2.5 Traction Single-Blade to solidne i wydajne urz\u0105dzenie zaprojektowane z my\u015bl\u0105 o r\u00f3\u017cnorodnych potrzebach w rolnictwie i architekturze krajobrazu. Ta kosiarka charakteryzuje si\u0119 doskona\u0142\u0105 wydajno\u015bci\u0105 i \u0142atwo\u015bci\u0105 konserwacji, dzi\u0119ki czemu idealnie nadaje si\u0119 zar\u00f3wno dla profesjonalist\u00f3w, jak i majsterkowicz\u00f3w, kt\u00f3rzy chc\u0105 upro\u015bci\u0107 sobie koszenie trawnika. Niezale\u017cnie od tego, czy piel\u0119gnujesz du\u017ce trawniki, pola czy parki, kosiarka 9GD-2.5 bez trudu poradzi sobie z ka\u017cdym rodzajem g\u0119stej ro\u015blinno\u015bci z niezr\u00f3wnan\u0105 precyzj\u0105 i wydajno\u015bci\u0105.<\/p>\n<h2>Specyfikacja techniczna<\/h2>\n<table style=\"height: 394px; border-color: #000000;\">\n<thead>\n<tr style=\"height: 47px;\">\n<th style=\"height: 47px; width: 94.25px;\">Numer seryjny<\/th>\n<th style=\"height: 47px; width: 282.148px;\">Przedmiot<\/th>\n<th style=\"height: 47px; width: 42.8125px;\">Jednostka<\/th>\n<th style=\"height: 47px; width: 229.789px;\">Specyfikacja<\/th>\n<\/tr>\n<\/thead>\n<tbody>\n<tr style=\"height: 47px;\">\n<td style=\"height: 47px; width: 94.25px;\">1<\/td>\n<td style=\"height: 47px; width: 282.148px;\">Nazwa modelu<\/td>\n<td style=\"height: 47px; width: 42.8125px;\">\/<\/td>\n<td style=\"height: 47px; width: 229.789px;\">Kosiarka trakcyjna z jednym no\u017cem 9GD-2.5<\/td>\n<\/tr>\n<tr style=\"height: 23px;\">\n<td style=\"height: 23px; width: 94.25px;\">2<\/td>\n<td style=\"height: 23px; width: 282.148px;\">Metoda zaczepiania<\/td>\n<td style=\"height: 23px; width: 42.8125px;\">\/<\/td>\n<td style=\"height: 23px; width: 229.789px;\">Typ trakcji<\/td>\n<\/tr>\n<tr style=\"height: 23px;\">\n<td style=\"height: 23px; width: 94.25px;\">3<\/td>\n<td style=\"height: 23px; width: 282.148px;\">Typ konstrukcji no\u017ca<\/td>\n<td style=\"height: 23px; width: 42.8125px;\">\/<\/td>\n<td style=\"height: 23px; width: 229.789px;\">Typ posuwisto-zwrotny<\/td>\n<\/tr>\n<tr style=\"height: 23px;\">\n<td style=\"height: 23px; width: 94.25px;\">4<\/td>\n<td style=\"height: 23px; width: 282.148px;\">Szeroko\u015b\u0107 ci\u0119cia<\/td>\n<td style=\"height: 23px; width: 42.8125px;\">M<\/td>\n<td style=\"height: 23px; width: 229.789px;\">2.5<\/td>\n<\/tr>\n<tr style=\"height: 23px;\">\n<td style=\"height: 23px; width: 94.25px;\">5<\/td>\n<td style=\"height: 23px; width: 282.148px;\">Dopasowany zakres mocy<\/td>\n<td style=\"height: 23px; width: 42.8125px;\">kW<\/td>\n<td style=\"height: 23px; width: 229.789px;\">15-35<\/td>\n<\/tr>\n<tr style=\"height: 23px;\">\n<td style=\"height: 23px; width: 94.25px;\">6<\/td>\n<td style=\"height: 23px; width: 282.148px;\">Zakres pr\u0119dko\u015bci roboczej<\/td>\n<td style=\"height: 23px; width: 42.8125px;\">km\/h<\/td>\n<td style=\"height: 23px; width: 229.789px;\">6~10<\/td>\n<\/tr>\n<tr style=\"height: 23px;\">\n<td style=\"height: 23px; width: 94.25px;\">7<\/td>\n<td style=\"height: 23px; width: 282.148px;\">Liczba ruchomych ostrzy<\/td>\n<td style=\"height: 23px; width: 42.8125px;\">szt.<\/td>\n<td style=\"height: 23px; width: 229.789px;\">34<\/td>\n<\/tr>\n<tr style=\"height: 47px;\">\n<td style=\"height: 47px; width: 94.25px;\">8<\/td>\n<td style=\"height: 47px; width: 282.148px;\">Wymiary ca\u0142kowite (d\u0142ugo\u015b\u0107 \u00d7 szeroko\u015b\u0107 \u00d7 wysoko\u015b\u0107)<\/td>\n<td style=\"height: 47px; width: 42.8125px;\">mm<\/td>\n<td style=\"height: 47px; width: 229.789px;\">2000\u00d74300\u00d7950<\/td>\n<\/tr>\n<tr style=\"height: 23px;\">\n<td style=\"height: 23px; width: 94.25px;\">10<\/td>\n<td style=\"height: 23px; width: 282.148px;\">Pr\u0119dko\u015b\u0107 WOM<\/td>\n<td style=\"height: 23px; width: 42.8125px;\">obr.\/min<\/td>\n<td style=\"height: 23px; width: 229.789px;\">540<\/td>\n<\/tr>\n<tr style=\"height: 23px;\">\n<td style=\"height: 23px; width: 94.25px;\">11<\/td>\n<td style=\"height: 23px; width: 282.148px;\">\u015arednia wysoko\u015b\u0107 zarostu<\/td>\n<td style=\"height: 23px; width: 42.8125px;\">mm<\/td>\n<td style=\"height: 23px; width: 229.789px;\">50-70<\/td>\n<\/tr>\n<tr style=\"height: 23px;\">\n<td style=\"height: 23px; width: 94.25px;\">12<\/td>\n<td style=\"height: 23px; width: 282.148px;\">Wydajno\u015b\u0107<\/td>\n<td style=\"height: 23px; width: 42.8125px;\">hm\u00b2\/h<\/td>\n<td style=\"height: 23px; width: 229.789px;\">2.0-3.0<\/td>\n<\/tr>\n<tr style=\"height: 23px;\">\n<td style=\"height: 23px; width: 94.25px;\">13<\/td>\n<td style=\"height: 23px; width: 282.148px;\">Liczba operator\u00f3w<\/td>\n<td style=\"height: 23px; width: 42.8125px;\">osoba<\/td>\n<td style=\"height: 23px; width: 229.789px;\">1<\/td>\n<\/tr>\n<tr style=\"height: 23px;\">\n<td style=\"height: 23px; width: 94.25px;\">14<\/td>\n<td style=\"height: 23px; width: 282.148px;\">Masa konstrukcyjna<\/td>\n<td style=\"height: 23px; width: 42.8125px;\">kg<\/td>\n<td style=\"height: 23px; width: 229.789px;\">490<\/td>\n<\/tr>\n<\/tbody>\n<\/table>\n<h2>Definicja produktu<\/h2>\n<p>Kosiarka 9GD-2.5 Traction Single-Blade to niezwykle wszechstronna kosiarka z pojedynczym ostrzem, zaprojektowana do \u0142atwego koszenia du\u017cych powierzchni trawy, chwast\u00f3w i innej ro\u015blinno\u015bci. Jej zaawansowany system trakcji zapewnia stabilno\u015b\u0107 i zwrotno\u015b\u0107, gwarantuj\u0105c p\u0142ynne koszenie nawet na nier\u00f3wnym terenie. Wytrzyma\u0142e ostrza gwarantuj\u0105 sta\u0142\u0105 wydajno\u015b\u0107 i efektywno\u015b\u0107 w r\u00f3\u017cnych warunkach \u015brodowiskowych.<\/p>\n<h2>Problemy, kt\u00f3re mo\u017ce rozwi\u0105za\u0107 i zastosowania<\/h2>\n<p>Ta pot\u0119\u017cna kosiarka zosta\u0142a zaprojektowana, aby sprosta\u0107 licznym wyzwaniom, z kt\u00f3rymi borykaj\u0105 si\u0119 projektanci krajobrazu, rolnicy i w\u0142a\u015bciciele nieruchomo\u015bci. Oto niekt\u00f3re z problem\u00f3w, kt\u00f3re rozwi\u0105zuje:<\/p>\n<ul>\n<li><strong>Zarz\u0105dzanie nier\u00f3wnym terenem:<\/strong> System trakcji zapewnia, \u017ce \u200b\u200bnawet na nier\u00f3wnych lub pag\u00f3rkowatych nawierzchniach kosiarka porusza si\u0119 bez po\u015blizgu i utraty kontroli nad maszyn\u0105.<\/li>\n<li><strong>Efektywno\u015b\u0107 czasowa:<\/strong> Dzi\u0119ki pojedynczemu, mocnemu ostrzu zmniejsza si\u0119 konieczno\u015b\u0107 wykonywania wielu przejazd\u00f3w, co pozwala zaoszcz\u0119dzi\u0107 cenny czas przy koszeniu wi\u0119kszych ilo\u015bci trawy.<\/li>\n<li><strong>Odporno\u015b\u0107 na tward\u0105 traw\u0119 i chwasty:<\/strong> Bez problemu radzi sobie z grub\u0105, tward\u0105 traw\u0105 i chwastami, z kt\u00f3rymi cz\u0119sto nie radz\u0105 sobie standardowe kosiarki.<\/li>\n<li><strong>Redukcja si\u0142y roboczej:<\/strong> Wydajny mechanizm koszenia wymaga mniejszej ingerencji cz\u0142owieka, co zmniejsza ilo\u015b\u0107 czasu i energii potrzebnej do piel\u0119gnacji trawnika lub pola.<\/li>\n<li><strong>Ekonomiczna eksploatacja:<\/strong> Kosiarka zosta\u0142a zaprojektowana z my\u015bl\u0105 o d\u0142ugotrwa\u0142ym u\u017cytkowaniu i minimalnej konserwacji, co pozwala obni\u017cy\u0107 og\u00f3lne koszty eksploatacji w zastosowaniach komercyjnych.<\/li>\n<\/ul>\n<p style=\"text-align: center;\"><img loading=\"lazy\" decoding=\"async\" class=\"alignnone wp-image-351\" src=\"https:\/\/square-balers.com\/wp-content\/uploads\/2025\/12\/ep-9GD-2.5-Traction-Single-Blade-Mower-1-1-300x195.webp\" alt=\"Kosiarka jednoostrzowa\" width=\"458\" height=\"298\" \/><\/p>\n<h2>Zalety produktu<\/h2>\n<ul>\n<li><strong>Wysoka moc trakcyjna:<\/strong> Zaawansowany system trakcji gwarantuje doskona\u0142\u0105 przyczepno\u015b\u0107 i kontrol\u0119 nawet na pochy\u0142ych i nier\u00f3wnych nawierzchniach, zwi\u0119kszaj\u0105c og\u00f3ln\u0105 stabilno\u015b\u0107 i \u0142atwo\u015b\u0107 obs\u0142ugi.<\/li>\n<li><strong>Trwa\u0142a konstrukcja z jednym ostrzem:<\/strong> Mechanizm pojedynczego ostrza zapewnia czyste i wydajne ci\u0119cie, minimalizuj\u0105c potrzeb\u0119 cz\u0119stej wymiany ostrza lub konserwacji.<\/li>\n<li><strong>Mocny silnik:<\/strong> Wyposa\u017cona w wydajny silnik kosiarka 9GD-2.5 zapewnia niezawodn\u0105 moc do koszenia du\u017cych powierzchni, nawet w trudnych warunkach.<\/li>\n<li><strong>\u0141atwo\u015b\u0107 u\u017cytkowania:<\/strong> Intuicyjny system sterowania i ergonomiczna konstrukcja sprawiaj\u0105, \u017ce kosiarka jest \u0142atwa w obs\u0142udze, co zmniejsza zm\u0119czenie u\u017cytkownika podczas d\u0142ugich sesji koszenia.<\/li>\n<li><strong>Niskie wymagania konserwacyjne:<\/strong> Kosiarka zosta\u0142a zaprojektowana tak, aby by\u0142a trwa\u0142a i \u0142atwa w utrzymaniu. Wymaga minimalnej konserwacji, dzi\u0119ki czemu u\u017cytkownicy mog\u0105 skupi\u0107 si\u0119 na swojej pracy, zamiast martwi\u0107 si\u0119 o naprawy.<\/li>\n<\/ul>\n<h2>Jak dzia\u0142a kosiarka jednoostrzowa 9GD-2.5<\/h2>\n<p>Model 9GD-2.5 wykorzystuje pojedynczy, wysokowydajny n\u00f3\u017c nap\u0119dzany solidnym silnikiem. System trakcji zapewnia stabilno\u015b\u0107 kosiarki nawet na nier\u00f3wnym terenie. Obracaj\u0105ce si\u0119 no\u017ce precyzyjnie kosz\u0105 trawnik lub ro\u015blinno\u015b\u0107, skutecznie oczyszczaj\u0105c obszar roboczy. Zaawansowany mechanizm trakcji dostosowuje pr\u0119dko\u015b\u0107 i kierunek jazdy kosiarki, umo\u017cliwiaj\u0105c u\u017cytkownikom \u0142atwe poruszanie si\u0119 po zr\u00f3\u017cnicowanym terenie.<\/p>\n<h2>Zastosowania kosiarki jednoostrzowej 9GD-2.5<\/h2>\n<p>Kosiarka z pojedynczym ostrzem 9GD-2.5 Traction nadaje si\u0119 do pracy w r\u00f3\u017cnych warunkach i scenariuszach, w tym:<\/p>\n<ul>\n<li><strong>Pola rolnicze:<\/strong> Doskonale nadaje si\u0119 do usuwania trawy i chwast\u00f3w z du\u017cych p\u00f3l, szczeg\u00f3lnie w gospodarstwach rolniczych.<\/li>\n<li><strong>Projektowanie krajobrazu i utrzymanie teren\u00f3w zielonych:<\/strong> Doskonale nadaje si\u0119 do koszenia park\u00f3w publicznych, p\u00f3l golfowych i du\u017cych trawnik\u00f3w przydomowych.<\/li>\n<li><strong>Boiska sportowe:<\/strong> Doskonale nadaje si\u0119 do piel\u0119gnacji trawy na boiskach do pi\u0142ki no\u017cnej, futbolu ameryka\u0144skiego i krykieta ze wzgl\u0119du na mo\u017cliwo\u015b\u0107 r\u00f3wnomiernego koszenia.<\/li>\n<li><strong>Tereny le\u015bne i zalesione:<\/strong> Przydatny do wycinania zaro\u015bli i mniejszych drzew podczas prac le\u015bnych.<\/li>\n<li><strong>Projektowanie krajobrazu komercyjnego:<\/strong> Idealne dla firm zajmuj\u0105cych si\u0119 kszta\u0142towaniem krajobrazu, potrzebuj\u0105cych wytrzyma\u0142ej kosiarki do koszenia du\u017cych posesji.<\/li>\n<li><strong>Utrzymanie komunalne:<\/strong> \u015awietnie nadaje si\u0119 dla w\u0142adz miast i miasteczek zajmuj\u0105cych si\u0119 utrzymaniem teren\u00f3w publicznych, takich jak autostrady, pobocza dr\u00f3g i parki publiczne.<\/li>\n<\/ul>\n<h2>Jak wybra\u0107 odpowiedni\u0105 kosiark\u0119 jednoostrzow\u0105 9GD-2.5 Traction<\/h2>\n<p>Wybieraj\u0105c 9GD-2.5, nale\u017cy wzi\u0105\u0107 pod uwag\u0119 nast\u0119puj\u0105ce czynniki:<\/p>\n<ul>\n<li><strong>Typ terenu:<\/strong> We\u017a pod uwag\u0119, czy teren jest p\u0142aski, czy nier\u00f3wny. System trakcji zapewnia optymaln\u0105 wydajno\u015b\u0107 na obu rodzajach nawierzchni.<\/li>\n<li><strong>Wielko\u015b\u0107 obszaru:<\/strong> W przypadku du\u017cych obszar\u00f3w, w celu zwi\u0119kszenia wydajno\u015bci, korzystne mo\u017ce okaza\u0107 si\u0119 zastosowanie kosiarki z szerszym ostrzem lub mocniejszym silnikiem.<\/li>\n<li><strong>Cz\u0119stotliwo\u015b\u0107 u\u017cytkowania:<\/strong> W przypadku regularnego, komercyjnego u\u017cytkowania, warto zwr\u00f3ci\u0107 uwag\u0119 na dodatkowe cechy, takie jak zwi\u0119kszona trwa\u0142o\u015b\u0107 i \u0142atwo\u015b\u0107 konserwacji.<\/li>\n<li><strong>Warunki klimatyczne:<\/strong> Upewnij si\u0119, \u017ce kosiarka jest w stanie wytrzyma\u0107 specyficzne warunki pogodowe panuj\u0105ce w Twoim regionie, na przyk\u0142ad ekstremalne upa\u0142y lub opady deszczu.<\/li>\n<li><strong>Bud\u017cet:<\/strong> Wybierz model, kt\u00f3ry mie\u015bci si\u0119 w Twoim bud\u017cecie i kt\u00f3ry jednocze\u015bnie zapewnia wydajno\u015b\u0107 i niezawodno\u015b\u0107 potrzebn\u0105 do wykonywania Twoich zada\u0144.<\/li>\n<li><strong>Serwis posprzeda\u017cowy:<\/strong> Upewnij si\u0119, \u017ce producent zapewnia odpowiednie wsparcie, obejmuj\u0105ce gwarancj\u0119, cz\u0119\u015bci i opcje serwisowe.<\/li>\n<\/ul>\n<h2>Konserwacja kosiarki jednoostrzowej 9GD-2.5<\/h2>\n<p>W\u0142a\u015bciwa konserwacja gwarantuje, \u017ce kosiarka 9GD-2.5 pozostanie w optymalnym stanie technicznym przez wiele lat:<\/p>\n<ul>\n<li><strong>Piel\u0119gnacja ostrza:<\/strong> Regularnie sprawdzaj i ostrz ostrze, aby zapewni\u0107 jego wydajno\u015b\u0107 ci\u0119cia. T\u0119pe ostrze mo\u017ce obni\u017cy\u0107 wydajno\u015b\u0107 i spowodowa\u0107 niepotrzebne zu\u017cycie silnika.<\/li>\n<li><strong>Kontrola oleju i paliwa:<\/strong> Regularnie wymieniaj olej i sprawdzaj poziom paliwa, aby utrzyma\u0107 wydajno\u015b\u0107 silnika. Zapobiega to zatykaniu si\u0119 i zapewnia p\u0142ynn\u0105 prac\u0119 kosiarki.<\/li>\n<li><strong>Czyszczenie po u\u017cyciu:<\/strong> Po ka\u017cdym u\u017cyciu wyczy\u015b\u0107 kosiark\u0119, aby usun\u0105\u0107 zanieczyszczenia, brud i traw\u0119, kt\u00f3re mog\u0105 si\u0119 gromadzi\u0107. Zapobiega to rdzewieniu i uszkodzeniom z biegiem czasu.<\/li>\n<li><strong>Ci\u015bnienie w oponach:<\/strong> Upewnij si\u0119, \u017ce opony s\u0105 odpowiednio napompowane, aby zachowa\u0107 przyczepno\u015b\u0107 i zapobiec nier\u00f3wnomiernemu zu\u017cyciu.<\/li>\n<li><strong>Kontrola uk\u0142adu trakcyjnego:<\/strong> Regularnie sprawdzaj uk\u0142ad trakcyjny, aby upewni\u0107 si\u0119, \u017ce dzia\u0142a prawid\u0142owo, szczeg\u00f3lnie po intensywnym u\u017cytkowaniu. W razie potrzeby dokr\u0119\u0107 lub wymie\u0144 cz\u0119\u015bci.<\/li>\n<\/ul>\n<p><img loading=\"lazy\" decoding=\"async\" class=\"alignnone wp-image-352 aligncenter\" src=\"https:\/\/square-balers.com\/wp-content\/uploads\/2025\/12\/ep-9GD-2.5-Traction-Single-Blade-Mower-2-1-300x198.webp\" alt=\"Kosiarka jednoostrzowa\" width=\"464\" height=\"306\" srcset=\"https:\/\/square-balers.com\/wp-content\/uploads\/2025\/12\/ep-9GD-2.5-Traction-Single-Blade-Mower-2-1-300x198.webp 300w, https:\/\/square-balers.com\/wp-content\/uploads\/2025\/12\/ep-9GD-2.5-Traction-Single-Blade-Mower-2-1-18x12.webp 18w, https:\/\/square-balers.com\/wp-content\/uploads\/2025\/12\/ep-9GD-2.5-Traction-Single-Blade-Mower-2-1.webp 391w\" sizes=\"(max-width: 464px) 100vw, 464px\" \/><\/p>\n<h2>Opinie klient\u00f3w<\/h2>\n<p>\u201eModel 9GD-2.5 znacznie poprawi\u0142 wydajno\u015b\u0107 naszych prac ogrodniczych. Dzia\u0142a cuda na du\u017cych polach, nawet z tward\u0105 traw\u0105 i chwastami. System trakcji zapewnia stabilno\u015b\u0107 nawet na pag\u00f3rkowatym terenie, a ci\u0119cie jest precyzyjne. Gor\u0105co polecam t\u0119 kosiark\u0119 ka\u017cdemu, kto zajmuje si\u0119 ogrodnictwem!\u201d<br \/>\n<strong>\u2013 John, Stany Zjednoczone<\/strong><\/p>\n<p>\u201eU\u017cywamy kosiarki 9GD-2.5 od miesi\u0119cy i odmieni\u0142a ona nasze gospodarstwo. Z \u0142atwo\u015bci\u0105 radzi sobie zar\u00f3wno z traw\u0105, jak i lekkimi zaro\u015blami, a jej konserwacja jest prosta. To niezawodna i trwa\u0142a kosiarka, zdecydowanie warta inwestycji\u201d.<br \/>\n<strong>\u2013 Emma, \u200b\u200bAustralia<\/strong><\/p>\n<p>\u201e\u015awietna wydajno\u015b\u0107! Kosiarka jest \u0142atwa w obs\u0142udze, a uk\u0142ad trakcyjny idealnie sprawdza si\u0119 na nier\u00f3wnym terenie. Utrzymujemy kilka boisk sportowych, a ta kosiarka znacznie skr\u00f3ci\u0142a nam czas konserwacji. Solidny sprz\u0119t!\u201d<br \/>\n<strong>\u2013 Michael, Wielka Brytania<\/strong><\/p>\n<p>\u201eJeste\u015bmy pod wra\u017ceniem kosiarki 9GD-2.5. Moc i wydajno\u015b\u0107 koszenia s\u0105 doskona\u0142e, a obs\u0142uga kosiarki jest wygodna. Jest o wiele \u0142atwiejsza w obs\u0142udze ni\u017c nasz poprzedni model i jak dot\u0105d nie mieli\u015bmy z ni\u0105 \u017cadnych problem\u00f3w\u201d.<br \/>\n<strong>\u2013 Sofia, Kanada<\/strong><\/p>\n<p>\u201eKupi\u0142em t\u0119 kosiark\u0119 do mojej firmy ogrodniczej i okaza\u0142a si\u0119 prawdziwym atutem. System trakcji dzia\u0142a bez zarzutu na ka\u017cdym terenie, a kosiarka jest \u0142atwa w utrzymaniu. Solidna maszyna dla ka\u017cdego, kto potrzebuje wydajno\u015bci na profesjonalnym poziomie.\u201d<br \/>\n<strong>\u2013 David, Nowa Zelandia<\/strong><\/p>\n<h2>Dlaczego warto wybra\u0107 nasz produkt<\/h2>\n<p>Nasza przyczepno\u015b\u0107 9GD-2.5 <a href=\"https:\/\/square-balers.com\/pl\/produkt\/kosiarka-jednoostrzowa-o-9-predkosciach-trakcji\/\">Kosiarka jednoostrzowa<\/a> Wyr\u00f3\u017cnia si\u0119 szybk\u0105 personalizacj\u0105 i doskona\u0142ym wsparciem posprzeda\u017cowym. Oferujemy trzyletni\u0105 gwarancj\u0119, daj\u0105c Ci spok\u00f3j ducha przy ka\u017cdym zakupie. Nasze rozbudowane mo\u017cliwo\u015bci wysy\u0142ki na ca\u0142y \u015bwiat gwarantuj\u0105 szybk\u0105 dostaw\u0119, dostosowan\u0105 do Twoich indywidualnych potrzeb. Co wi\u0119cej, nasz zesp\u00f3\u0142 obs\u0142ugi klienta jest zawsze do Twojej dyspozycji, zapewniaj\u0105c p\u0142ynny i bezproblemowy proces od zakupu po wsparcie posprzeda\u017cowe.<\/p>\n<h2>Odkryj wi\u0119cej produkt\u00f3w<\/h2>\n<p>Opr\u00f3cz 9GD-2.5 Traction Single-Blade <a href=\"http:\/\/farm-equipment-parts.com\" target=\"_blank\" rel=\"noopener\">Kosiarka<\/a>Oferujemy szeroki asortyment wysokiej jako\u015bci cz\u0119\u015bci i powi\u0105zanego wyposa\u017cenia, kt\u00f3re spe\u0142ni\u0105 Pa\u0144stwa potrzeby. Od wymiennych \u0142opatek po zaawansowane systemy trakcyjne, nasze produkty zosta\u0142y zaprojektowane tak, aby zapewnia\u0107 wyj\u0105tkow\u0105 wydajno\u015b\u0107. Jeste\u015bmy dumni z naszych konkurencyjnych cen, doskona\u0142ej obs\u0142ugi klienta i najwy\u017cszej jako\u015bci produkt\u00f3w. Skontaktuj si\u0119 z nami ju\u017c dzi\u015b, aby dowiedzie\u0107 si\u0119 wi\u0119cej i zapozna\u0107 si\u0119 z naszym pe\u0142nym katalogiem.<\/p>\n<p>Skontaktuj si\u0119 z nami ju\u017c teraz i odkryj idealne rozwi\u0105zanie dla Twoich potrzeb w zakresie koszenia! Nie przegap wydajno\u015bci i niezawodno\u015bci kosiarki 9GD-2.5 Traction Single-Blade Mower!<\/p>\n<p style=\"text-align: center;\"><img loading=\"lazy\" decoding=\"async\" class=\"alignnone wp-image-353\" src=\"https:\/\/square-balers.com\/wp-content\/uploads\/2025\/12\/ep-9GD-2.5-Traction-Single-Blade-Mower-3-1-300x194.webp\" alt=\"Kosiarka jednoostrzowa\" width=\"452\" height=\"292\" srcset=\"https:\/\/square-balers.com\/wp-content\/uploads\/2025\/12\/ep-9GD-2.5-Traction-Single-Blade-Mower-3-1-300x194.webp 300w, https:\/\/square-balers.com\/wp-content\/uploads\/2025\/12\/ep-9GD-2.5-Traction-Single-Blade-Mower-3-1-18x12.webp 18w, https:\/\/square-balers.com\/wp-content\/uploads\/2025\/12\/ep-9GD-2.5-Traction-Single-Blade-Mower-3-1.webp 386w\" sizes=\"(max-width: 452px) 100vw, 452px\" \/><\/p>\n<h2>Cz\u0119sto zadawane pytania<\/h2>\n<p><strong>Jak kosiarka jednoostrzowa 9GD-2.5 Traction sprawdza si\u0119 na pag\u00f3rkowatym terenie?<\/strong><\/p>\n<p>Zaawansowany system trakcji kosiarki 9GD-2.5 zapewnia stabiln\u0105 prac\u0119 na nier\u00f3wnych nawierzchniach, dzi\u0119ki czemu idealnie nadaje si\u0119 do jazdy po pag\u00f3rkowatym terenie. Kosiarka zachowuje doskona\u0142\u0105 przyczepno\u015b\u0107 i stabilno\u015b\u0107, umo\u017cliwiaj\u0105c \u0142atwe pokonywanie wzniesie\u0144.<\/p>\n<p><strong>Jaki jest harmonogram konserwacji kosiarki 9GD-2.5?<\/strong><\/p>\n<p>Regularna konserwacja obejmuje sprawdzanie ostro\u015bci ostrza, czyszczenie kosiarki po u\u017cyciu oraz dbanie o to, aby silnik mia\u0142 \u015bwie\u017cy olej. Wa\u017cne jest r\u00f3wnie\u017c okresowe sprawdzanie uk\u0142adu trakcyjnego i ci\u015bnienia w oponach.<\/p>\n<p><strong>Czy 9GD-2.5 mo\u017cna wykorzystywa\u0107 w celach komercyjnych?<\/strong><\/p>\n<p>Tak, kosiarka 9GD-2.5 jest przeznaczona zar\u00f3wno do u\u017cytku domowego, jak i komercyjnego. Jest trwa\u0142a, wydajna i mo\u017ce obs\u0142ugiwa\u0107 du\u017ce powierzchnie, dzi\u0119ki czemu idealnie nadaje si\u0119 do firm zajmuj\u0105cych si\u0119 kszta\u0142towaniem krajobrazu lub konserwacj\u0105 boisk sportowych.<\/p>\n<p><strong>Jak wybra\u0107 odpowiedni model 9GD-2.5 dla moich potrzeb?<\/strong><\/p>\n<p>Wybieraj\u0105c model, we\u017a pod uwag\u0119 takie czynniki, jak rodzaj terenu, wielko\u015b\u0107 obszaru i cz\u0119stotliwo\u015b\u0107 u\u017cytkowania. Nasz zesp\u00f3\u0142 pomo\u017ce Ci wybra\u0107 najlepsz\u0105 konfiguracj\u0119, dostosowan\u0105 do Twoich indywidualnych potrzeb.<\/p>\n<p><strong>Jaka jest gwarancja na kosiark\u0119 trakcyjn\u0105 9GD-2.5?<\/strong><\/p>\n<p>Model 9GD-2.5 obj\u0119ty jest 3-letni\u0105 gwarancj\u0105, kt\u00f3ra zabezpiecza przed wadami produkcyjnymi i daje pewno\u015b\u0107 co do trwa\u0142o\u015bci produktu.<\/p>\n<p>edytuj przez gzl<\/p>","protected":false},"excerpt":{"rendered":"<p>Osi\u0105gnij profesjonaln\u0105 piel\u0119gnacj\u0119 trawnika z kosiark\u0105 jednoostrzow\u0105 9GD-2.5 Traction. Zaprojektowana z my\u015bl\u0105 o wyj\u0105tkowej przyczepno\u015bci i precyzyjnym koszeniu, kosiarka ta charakteryzuje si\u0119 trwa\u0142o\u015bci\u0105 i wydajno\u015bci\u0105. Idealna dla w\u0142a\u015bcicieli dom\u00f3w i projektant\u00f3w krajobrazu poszukuj\u0105cych niezawodnego, \u0142atwego w obs\u0142udze narz\u0119dzia, kt\u00f3re zapewni nieskazitelne rezultaty. Dzi\u0119ki zaawansowanym funkcjom i doskona\u0142ej jako\u015bci wykonania, kosiarka 9GD-2.5 zapewnia p\u0142ynne i wydajne koszenie za ka\u017cdym razem. Przenie\u015b piel\u0119gnacj\u0119 trawnika na wy\u017cszy poziom dzi\u0119ki idealnemu po\u0142\u0105czeniu mocy, kontroli i precyzji koszenia. Zam\u00f3w ju\u017c teraz i ciesz si\u0119 nieskazitelnym trawnikiem przez ca\u0142y rok!<\/p>","protected":false},"featured_media":354,"template":"","meta":{"_et_pb_use_builder":"","_et_pb_old_content":"","_et_gb_content_width":""},"product_brand":[],"product_cat":[23],"product_tag":[],"class_list":{"0":"post-350","1":"product","2":"type-product","3":"status-publish","4":"has-post-thumbnail","6":"product_cat-mower-tedder","8":"first","9":"instock","10":"shipping-taxable","11":"product-type-simple"},"_links":{"self":[{"href":"https:\/\/square-balers.com\/pl\/wp-json\/wp\/v2\/product\/350","targetHints":{"allow":["GET"]}}],"collection":[{"href":"https:\/\/square-balers.com\/pl\/wp-json\/wp\/v2\/product"}],"about":[{"href":"https:\/\/square-balers.com\/pl\/wp-json\/wp\/v2\/types\/product"}],"wp:featuredmedia":[{"embeddable":true,"href":"https:\/\/square-balers.com\/pl\/wp-json\/wp\/v2\/media\/354"}],"wp:attachment":[{"href":"https:\/\/square-balers.com\/pl\/wp-json\/wp\/v2\/media?parent=350"}],"wp:term":[{"taxonomy":"product_brand","embeddable":true,"href":"https:\/\/square-balers.com\/pl\/wp-json\/wp\/v2\/product_brand?post=350"},{"taxonomy":"product_cat","embeddable":true,"href":"https:\/\/square-balers.com\/pl\/wp-json\/wp\/v2\/product_cat?post=350"},{"taxonomy":"product_tag","embeddable":true,"href":"https:\/\/square-balers.com\/pl\/wp-json\/wp\/v2\/product_tag?post=350"}],"curies":[{"name":"wp","href":"https:\/\/api.w.org\/{rel}","templated":true}]}}