{"id":362,"date":"2025-12-16T07:51:50","date_gmt":"2025-12-16T07:51:50","guid":{"rendered":"https:\/\/square-balers.com\/?post_type=product&#038;p=362"},"modified":"2025-12-18T02:59:20","modified_gmt":"2025-12-18T02:59:20","slug":"prasa-okragla-9yg-1-25a","status":"publish","type":"product","link":"https:\/\/square-balers.com\/pl\/produkt\/prasa-okragla-9yg-1-25a\/","title":{"rendered":"Prasa okr\u0105g\u0142a 9YG-1.25A"},"content":{"rendered":"<p>Prasa zwijaj\u0105ca 9YG-1.25A to innowacyjne narz\u0119dzie rolnicze, zaprojektowane do wydajnego zbierania i zag\u0119szczania resztek po\u017cniwnych, takich jak siano, s\u0142oma i kiszonka, w kompaktowe, okr\u0105g\u0142e bele. Maszyna ta jest idealna dla rolnik\u00f3w poszukuj\u0105cych niezawodnego rozwi\u0105zania do zarz\u0105dzania produkcj\u0105 roln\u0105 na du\u017c\u0105 skal\u0119. Dzi\u0119ki zaawansowanej technologii i solidnej konstrukcji, oferuje ona zar\u00f3wno trwa\u0142o\u015b\u0107, jak i \u0142atwo\u015b\u0107 obs\u0142ugi, co czyni j\u0105 godnym zaufania wyborem dla potrzeb nowoczesnego rolnictwa.<\/p>\n<h2>Specyfikacja techniczna<\/h2>\n<table style=\"height: 540px;\">\n<thead>\n<tr style=\"height: 18px;\">\n<th style=\"width: 26.5234px; height: 18px;\">NIE.<\/th>\n<th style=\"width: 200px; height: 18px;\">Przedmiot<\/th>\n<th style=\"width: 53px; height: 18px;\">Jednostka<\/th>\n<th style=\"width: 150px; height: 18px;\">Specyfikacja<\/th>\n<\/tr>\n<\/thead>\n<tbody>\n<tr style=\"height: 18px;\">\n<td style=\"width: 26.5234px; height: 18px;\">1<\/td>\n<td style=\"width: 200px; height: 18px;\">Nazwa modelu<\/td>\n<td style=\"width: 53px; height: 18px;\">\/<\/td>\n<td style=\"width: 150px; height: 18px;\">Prasa okr\u0105g\u0142a 9YG-1.25A<\/td>\n<\/tr>\n<tr style=\"height: 18px;\">\n<td style=\"width: 26.5234px; height: 18px;\">2<\/td>\n<td style=\"width: 200px; height: 18px;\">Metoda zaczepiania<\/td>\n<td style=\"width: 53px; height: 18px;\">\/<\/td>\n<td style=\"width: 150px; height: 18px;\">Typ trakcji<\/td>\n<\/tr>\n<tr style=\"height: 18px;\">\n<td style=\"width: 26.5234px; height: 18px;\">3<\/td>\n<td style=\"width: 200px; height: 18px;\">Szeroko\u015b\u0107 pobierania<\/td>\n<td style=\"width: 53px; height: 18px;\">mm<\/td>\n<td style=\"width: 150px; height: 18px;\">2150<\/td>\n<\/tr>\n<tr style=\"height: 18px;\">\n<td style=\"width: 26.5234px; height: 18px;\">4<\/td>\n<td style=\"width: 200px; height: 18px;\">Typ struktury selektora<\/td>\n<td style=\"width: 53px; height: 18px;\">\/<\/td>\n<td style=\"width: 150px; height: 18px;\">Typ z\u0119ba spr\u0119\u017cynowego<\/td>\n<\/tr>\n<tr style=\"height: 36px;\">\n<td style=\"width: 26.5234px; height: 36px;\">5<\/td>\n<td style=\"width: 200px; height: 36px;\">Typ konstrukcji podajnika<\/td>\n<td style=\"width: 53px; height: 36px;\">\/<\/td>\n<td style=\"width: 150px; height: 36px;\">Ko\u0142o palcowe + typ rolkowy<\/td>\n<\/tr>\n<tr style=\"height: 36px;\">\n<td style=\"width: 26.5234px; height: 36px;\">6<\/td>\n<td style=\"width: 200px; height: 36px;\">Typ konstrukcji prasy z komor\u0105 kompresyjn\u0105<\/td>\n<td style=\"width: 53px; height: 36px;\">\/<\/td>\n<td style=\"width: 150px; height: 36px;\">Typ rolki<\/td>\n<\/tr>\n<tr style=\"height: 36px;\">\n<td style=\"width: 26.5234px; height: 36px;\">7<\/td>\n<td style=\"width: 200px; height: 36px;\">Szeroko\u015b\u0107 komory spr\u0119\u017cania<\/td>\n<td style=\"width: 53px; height: 36px;\">mm<\/td>\n<td style=\"width: 150px; height: 36px;\">1250<\/td>\n<\/tr>\n<tr style=\"height: 36px;\">\n<td style=\"width: 26.5234px; height: 36px;\">8<\/td>\n<td style=\"width: 200px; height: 36px;\">\u015arednica komory spr\u0119\u017cania<\/td>\n<td style=\"width: 53px; height: 36px;\">mm<\/td>\n<td style=\"width: 150px; height: 36px;\">\u03a61200<\/td>\n<\/tr>\n<tr style=\"height: 36px;\">\n<td style=\"width: 26.5234px; height: 36px;\">9<\/td>\n<td style=\"width: 200px; height: 36px;\">Liczba tocz\u0105cych si\u0119 element\u00f3w roboczych<\/td>\n<td style=\"width: 53px; height: 36px;\">szt.<\/td>\n<td style=\"width: 150px; height: 36px;\">18 (Rolki)<\/td>\n<\/tr>\n<tr style=\"height: 18px;\">\n<td style=\"width: 26.5234px; height: 18px;\">10<\/td>\n<td style=\"width: 200px; height: 18px;\">\u015arednica wa\u0142ka tocznego<\/td>\n<td style=\"width: 53px; height: 18px;\">mm<\/td>\n<td style=\"width: 150px; height: 18px;\">\u03a6222<\/td>\n<\/tr>\n<tr style=\"height: 18px;\">\n<td style=\"width: 26.5234px; height: 18px;\">11<\/td>\n<td style=\"width: 200px; height: 18px;\">Metoda belowania<\/td>\n<td style=\"width: 53px; height: 18px;\">\/<\/td>\n<td style=\"width: 150px; height: 18px;\">Owijanie siatk\u0105<\/td>\n<\/tr>\n<tr style=\"height: 18px;\">\n<td style=\"width: 26.5234px; height: 18px;\">12<\/td>\n<td style=\"width: 200px; height: 18px;\">Dopasowana moc<\/td>\n<td style=\"width: 53px; height: 18px;\">kw<\/td>\n<td style=\"width: 150px; height: 18px;\">\u226575<\/td>\n<\/tr>\n<tr style=\"height: 18px;\">\n<td style=\"width: 26.5234px; height: 18px;\">13<\/td>\n<td style=\"width: 200px; height: 18px;\">Masa konstrukcyjna<\/td>\n<td style=\"width: 53px; height: 18px;\">kg<\/td>\n<td style=\"width: 150px; height: 18px;\">4472<\/td>\n<\/tr>\n<tr style=\"height: 18px;\">\n<td style=\"width: 26.5234px; height: 18px;\">14<\/td>\n<td style=\"width: 200px; height: 18px;\">Pr\u0119dko\u015b\u0107 WOM<\/td>\n<td style=\"width: 53px; height: 18px;\">obr.\/min<\/td>\n<td style=\"width: 150px; height: 18px;\">540-1000<\/td>\n<\/tr>\n<tr style=\"height: 36px;\">\n<td style=\"width: 26.5234px; height: 36px;\">15<\/td>\n<td style=\"width: 200px; height: 36px;\">Wymiary ca\u0142kowite (stan roboczy, d\u0142. \u00d7 szer. \u00d7 wys.)<\/td>\n<td style=\"width: 53px; height: 36px;\">mm<\/td>\n<td style=\"width: 150px; height: 36px;\">4400\u00d72850\u00d72400<\/td>\n<\/tr>\n<tr style=\"height: 18px;\">\n<td style=\"width: 26.5234px; height: 18px;\">16<\/td>\n<td style=\"width: 200px; height: 18px;\">Kontrola g\u0119sto\u015bci beli<\/td>\n<td style=\"width: 53px; height: 18px;\">\/<\/td>\n<td style=\"width: 150px; height: 18px;\">Kontrola czujnika<\/td>\n<\/tr>\n<tr style=\"height: 18px;\">\n<td style=\"width: 26.5234px; height: 18px;\">17<\/td>\n<td style=\"width: 200px; height: 18px;\">Rozmiar beli (\u015brednica \u00d7 szeroko\u015b\u0107)<\/td>\n<td style=\"width: 53px; height: 18px;\">mm<\/td>\n<td style=\"width: 150px; height: 18px;\">\u03a61300\u00d71250<\/td>\n<\/tr>\n<tr style=\"height: 18px;\">\n<td style=\"width: 26.5234px; height: 18px;\">18<\/td>\n<td style=\"width: 200px; height: 18px;\">G\u0119sto\u015b\u0107 beli<\/td>\n<td style=\"width: 53px; height: 18px;\">kg\/m\u00b3<\/td>\n<td style=\"width: 150px; height: 18px;\">100-200<\/td>\n<\/tr>\n<tr style=\"height: 18px;\">\n<td style=\"width: 26.5234px; height: 18px;\">19<\/td>\n<td style=\"width: 200px; height: 18px;\">Wydajno\u015b\u0107<\/td>\n<td style=\"width: 53px; height: 18px;\">bele\/h<\/td>\n<td style=\"width: 150px; height: 18px;\">40~100<\/td>\n<\/tr>\n<tr style=\"height: 18px;\">\n<td style=\"width: 26.5234px; height: 18px;\">20<\/td>\n<td style=\"width: 200px; height: 18px;\">\u015alady k\u00f3\u0142<\/td>\n<td style=\"width: 53px; height: 18px;\">mm<\/td>\n<td style=\"width: 150px; height: 18px;\">2450<\/td>\n<\/tr>\n<tr style=\"height: 18px;\">\n<td style=\"width: 26.5234px; height: 18px;\">21<\/td>\n<td style=\"width: 200px; height: 18px;\">Pr\u0119dko\u015b\u0107 robocza<\/td>\n<td style=\"width: 53px; height: 18px;\">km\/h<\/td>\n<td style=\"width: 150px; height: 18px;\">5-35<\/td>\n<\/tr>\n<tr style=\"height: 36px;\">\n<td style=\"width: 26.5234px; height: 36px;\">22<\/td>\n<td style=\"width: 200px; height: 36px;\">Specyfikacja siatki do bel (d\u0142ugo\u015b\u0107 \u00d7 szeroko\u015b\u0107)<\/td>\n<td style=\"width: 53px; height: 36px;\">\/<\/td>\n<td style=\"width: 150px; height: 36px;\">2000\u00d71,25 cala? \/bela<\/td>\n<\/tr>\n<\/tbody>\n<\/table>\n<p><img loading=\"lazy\" decoding=\"async\" class=\"alignnone size-medium wp-image-363 aligncenter\" src=\"https:\/\/square-balers.com\/wp-content\/uploads\/2025\/12\/EP-9YG-1.25A-Round-Baler-1-1-1-1-300x300.webp\" alt=\"Prasa okr\u0105g\u0142a\" width=\"300\" height=\"300\" \/><\/p>\n<h2>Definicja produktu<\/h2>\n<p>Prasa zwijaj\u0105ca 9YG-1.25A to wydajna maszyna rolnicza przeznaczona do formowania zwartych bel okr\u0105g\u0142ych z r\u00f3\u017cnego rodzaju resztek po\u017cniwnych. Maszyna jest wyposa\u017cona w nowoczesne rozwi\u0105zania poprawiaj\u0105ce wydajno\u015b\u0107 operacyjn\u0105, takie jak automatyczny system podawania, trwa\u0142e cz\u0119\u015bci i \u0142atwy w obs\u0142udze interfejs.<\/p>\n<h2>Problemy, kt\u00f3re rozwi\u0105zuje i wykorzystuje<\/h2>\n<p>Prasa zwijaj\u0105ca 9YG-1.25A zosta\u0142a zaprojektowana specjalnie z my\u015bl\u0105 o wyzwaniach stoj\u0105cych przed wsp\u00f3\u0142czesnymi rolnikami. Znacznie redukuje nak\u0142ad pracy i czas potrzebny do belowania siana, jednocze\u015bnie zwi\u0119kszaj\u0105c efektywno\u015b\u0107 magazynowania i transportu materia\u0142\u00f3w rolniczych. Produkt ten idealnie nadaje si\u0119 do stosowania w du\u017cych gospodarstwach zajmuj\u0105cych si\u0119 produkcj\u0105 siana i s\u0142omy, zwi\u0119kszaj\u0105c wydajno\u015b\u0107 i redukuj\u0105c koszty og\u00f3lne.<\/p>\n<h2>Zalety prasy okr\u0105g\u0142ej 9YG-1.25A<\/h2>\n<ul>\n<li><strong>Zwi\u0119kszona wydajno\u015b\u0107:<\/strong> Maszyna wykorzystuje system belowania o du\u017cej pr\u0119dko\u015bci, kt\u00f3ry gwarantuje szybkie przetwarzanie, umo\u017cliwiaj\u0105c u\u017cytkownikom obr\u00f3bk\u0119 wi\u0119kszego obszaru w kr\u00f3tszym czasie.<\/li>\n<li><strong>Trwa\u0142a konstrukcja:<\/strong> Wykonana z materia\u0142\u00f3w najwy\u017cszej jako\u015bci prasa jest zaprojektowana tak, aby wytrzyma\u0107 trudne warunki pracy i zagwarantowa\u0107 d\u0142ugowieczno\u015b\u0107 przy intensywnym u\u017cytkowaniu.<\/li>\n<li><strong>Op\u0142acalne:<\/strong> Model 9YG-1.25A pozwala obni\u017cy\u0107 koszty pracy i zwi\u0119kszy\u0107 oszcz\u0119dno\u015b\u0107 paliwa, dzi\u0119ki czemu jest niezwykle ekonomicznym rozwi\u0105zaniem dla du\u017cych gospodarstw rolnych.<\/li>\n<li><strong>\u0141atwa obs\u0142uga:<\/strong> Dzi\u0119ki przyjaznemu dla u\u017cytkownika interfejsowi i automatycznemu mechanizmowi podawania prasa jest \u0142atwa w obs\u0142udze nawet dla niedo\u015bwiadczonych operator\u00f3w.<\/li>\n<li><strong>Korzy\u015bci dla \u015brodowiska:<\/strong> Dzi\u0119ki prasowaniu resztek w bele maszyna redukuje ilo\u015b\u0107 odpad\u00f3w i przyczynia si\u0119 do efektywniejszego zarz\u0105dzania gruntami oraz utylizacji odpad\u00f3w w gospodarstwach rolnych.<\/li>\n<\/ul>\n<h2>Jak dzia\u0142a prasa okr\u0105g\u0142a 9YG-1.25A<\/h2>\n<p>Prasa zwijaj\u0105ca 9YG-1.25A wykorzystuje szereg obrotowych rolek i automatyczny system podawania do zbierania, prasowania i formowania bel okr\u0105g\u0142ych z materia\u0142\u00f3w rolniczych. Automatyczny system podawania maszyny zapewnia ci\u0105g\u0142\u0105 prac\u0119, a komora prasowania zapewnia \u015bcis\u0142e upakowanie bel, zmniejszaj\u0105c ich obj\u0119to\u015b\u0107 i u\u0142atwiaj\u0105c ich przenoszenie, przechowywanie i transport. Dodatkowo, uk\u0142ad hydrauliczny prasy zapewnia precyzyjne sterowanie, zwi\u0119kszaj\u0105c og\u00f3ln\u0105 wydajno\u015b\u0107 maszyny.<\/p>\n<h2>G\u0142\u00f3wne zastosowania prasy okr\u0105g\u0142ej 9YG-1.25A<\/h2>\n<ul>\n<li><strong>Produkcja siana:<\/strong> Doskonale nadaje si\u0119 do zbierania i prasowania wysuszonej trawy w zwarte bele przeznaczone na pasz\u0119 dla zwierz\u0105t gospodarskich.<\/li>\n<li><strong>Prasowanie s\u0142omy:<\/strong> Doskonale nadaje si\u0119 do zbierania pszenicy, ry\u017cu i innych resztek s\u0142omy w celu formowania zwartych bel przeznaczonych do przechowywania lub przetwarzania.<\/li>\n<li><strong>Produkcja kiszonki:<\/strong> Doskonale nadaje si\u0119 do belowania kiszonki, kt\u00f3ra jest przechowywana w celu karmienia zwierz\u0105t gospodarskich w miesi\u0105cach zimowych.<\/li>\n<li><strong>Gospodarka odpadami rolniczymi:<\/strong> Skuteczne prasowanie odpad\u00f3w rolniczych w \u0142atwe w obs\u0142udze bele, gotowe do utylizacji lub recyklingu.<\/li>\n<li><strong>Efektywno\u015b\u0107 transportu:<\/strong> Wyprodukowane bele s\u0105 \u0142atwe w transporcie, co pozwala ograniczy\u0107 koszty zwi\u0105zane ze sk\u0142adowaniem i przemieszczaniem du\u017cych ilo\u015bci materia\u0142\u00f3w rolniczych.<\/li>\n<li><strong>Zapobieganie po\u017carom:<\/strong> Prasa do s\u0142omy kompresuje resztki po\u017cniwne w bele, co pozwala ograniczy\u0107 zagro\u017cenie po\u017carem na polach poprzez zapobieganie gromadzeniu si\u0119 materia\u0142\u00f3w \u0142atwopalnych.<\/li>\n<\/ul>\n<h2>Jak wybra\u0107 odpowiedni\u0105 pras\u0119 okr\u0105g\u0142\u0105 9YG-1.25A<\/h2>\n<ul>\n<li><strong>Zrozum wielko\u015b\u0107 swojego gospodarstwa:<\/strong> Wybierz pras\u0119 odpowiadaj\u0105c\u0105 skali Twojego gospodarstwa i wymaganiom produkcyjnym, aby zapewni\u0107 wydajno\u015b\u0107 i produktywno\u015b\u0107.<\/li>\n<li><strong>We\u017a pod uwag\u0119 rodzaje upraw:<\/strong> Prasa jest uniwersalna, ale wa\u017cne jest, aby upewni\u0107 si\u0119, \u017ce jest dostosowana do konkretnych uprawianych ro\u015blin, takich jak siano, s\u0142oma czy kiszonka.<\/li>\n<li><strong>Sprawd\u017a pojemno\u015b\u0107 prasy:<\/strong> We\u017a pod uwag\u0119 rozmiar i wag\u0119 beli, kt\u00f3re odpowiadaj\u0105 Twoim mo\u017cliwo\u015bciom transportowym i magazynowym. Upewnij si\u0119, \u017ce spe\u0142niaj\u0105 one Twoje potrzeby operacyjne.<\/li>\n<li><strong>Oce\u0144 trwa\u0142o\u015b\u0107:<\/strong> Poszukaj maszyny, kt\u00f3ra sprosta warunkom i klimatowi panuj\u0105cym w Twoim gospodarstwie. Model 9YG-1.25A oferuje d\u0142ugotrwa\u0142\u0105 niezawodno\u015b\u0107.<\/li>\n<li><strong>We\u017a pod uwag\u0119 sw\u00f3j bud\u017cet:<\/strong> Model 9YG-1.25A jest ekonomicznym rozwi\u0105zaniem, ale nale\u017cy oceni\u0107 w\u0142asne mo\u017cliwo\u015bci finansowe pod k\u0105tem inwestycji w sprz\u0119t i korzy\u015bci d\u0142ugoterminowych.<\/li>\n<li><strong>Sprawd\u017a serwis posprzeda\u017cowy:<\/strong> Wybierz dostawc\u0119, kt\u00f3ry oferuje doskona\u0142\u0105 obs\u0142ug\u0119 klienta, gwarancj\u0119 i wsparcie w zakresie cz\u0119\u015bci zamiennych, aby mie\u0107 pewno\u015b\u0107, \u017ce Twoja inwestycja jest dobrze chroniona.<\/li>\n<\/ul>\n<h2>Konserwacja prasy okr\u0105g\u0142ej 9YG-1.25A<\/h2>\n<p>Konserwacja 9YG-1.25A <a href=\"https:\/\/square-balers.com\/pl\/produkt\/prasa-okragla-9yg-1-0\/\">Prasa okr\u0105g\u0142a<\/a> Ma kluczowe znaczenie dla zapewnienia jej d\u0142ugowieczno\u015bci i optymalnej wydajno\u015bci. Regularna konserwacja obejmuje kontrol\u0119 uk\u0142adu hydraulicznego, czyszczenie mechanizmu podaj\u0105cego, inspekcj\u0119 komory belowania oraz smarowanie cz\u0119\u015bci ruchomych. Regularna wymiana zu\u017cytych podzespo\u0142\u00f3w, takich jak rolki, pasy i p\u0142yny hydrauliczne, r\u00f3wnie\u017c wyd\u0142u\u017ca \u017cywotno\u015b\u0107 maszyny. Zawsze nale\u017cy przestrzega\u0107 zalece\u0144 producenta dotycz\u0105cych konserwacji, aby zapewni\u0107 najlepsze rezultaty.<\/p>\n<h2>Opinie klient\u00f3w<\/h2>\n<p>\u201ePrasa zwijaj\u0105ca 9YG-1.25A znacznie usprawni\u0142a nasz\u0105 produkcj\u0119 siana. Maszyna dzia\u0142a doskonale nawet w trudnych warunkach, a koszty robocizny znacznie spad\u0142y. Jest \u0142atwa w obs\u0142udze, a bele s\u0105 idealnie zwarte. Gor\u0105co polecam!\u201d<br \/>\n<strong>\u2014\u2014Jan Kowalski, <\/strong><strong>USA<\/strong><\/p>\n<p>\u201eJako gospodarstwo specjalizuj\u0105ce si\u0119 w produkcji kiszonki, 9YG-1.25A stanowi idealne uzupe\u0142nienie naszej dzia\u0142alno\u015bci. Maszyna jest niezawodna, a bele s\u0105 jednorodne i dobrze zag\u0119szczone, co znacznie u\u0142atwia przechowywanie i transport\u201d.<br \/>\n<strong>\u2014\u2014Emily Nguyen, <\/strong><strong>Kanada<\/strong><\/p>\n<p>\u201eKupili\u015bmy 9YG-1.25A w zesz\u0142ym sezonie i jeste\u015bmy pod wra\u017ceniem jego wydajno\u015bci. Bez problemu radzi sobie z du\u017cymi ilo\u015bciami s\u0142omy, a bele s\u0105 ciasno upakowane, co poprawia efektywno\u015b\u0107 magazynowania. Jeste\u015bmy bardzo zadowoleni z tej inwestycji\u201d.<br \/>\n<strong>\u2014\u2014David Johnson, <\/strong><strong>Wielka Brytania<\/strong><\/p>\n<p>\u201eMaszyna jest \u0142atwa w utrzymaniu, a obs\u0142uga posprzeda\u017cowa jest wyj\u0105tkowa. U\u017cywamy 9YG-1.25A zar\u00f3wno do belowania siana, jak i s\u0142omy i pod ka\u017cdym wzgl\u0119dem przekroczy\u0142a nasze oczekiwania\u201d.<br \/>\n<strong>\u2014\u2014Maria Lopez, <\/strong><strong>Meksyk<\/strong><\/p>\n<p>\u201eKorzystaj\u0105c w przesz\u0142o\u015bci z r\u00f3\u017cnych pras, mog\u0119 \u015bmia\u0142o powiedzie\u0107, \u017ce model 9YG-1.25A wyr\u00f3\u017cnia si\u0119 trwa\u0142o\u015bci\u0105 i wydajno\u015bci\u0105. Wp\u0142yn\u0105\u0142 on znacz\u0105co na nasze dzia\u0142ania i pozwala nam wykonywa\u0107 zadania szybciej ni\u017c kiedykolwiek wcze\u015bniej\u201d.<br \/>\n<strong>\u2014\u2014Antonio Ferreira, <\/strong><strong>Brazylia<\/strong><\/p>\n<h2>Dlaczego warto wybra\u0107 nasz\u0105 pras\u0119 okr\u0105g\u0142\u0105 9YG-1.25A?<\/h2>\n<p>Oferujemy szybk\u0105 obs\u0142ug\u0119 klienta, dostarczaj\u0105c spersonalizowane rozwi\u0105zania, dopasowane do Twoich indywidualnych potrzeb. Nasz do\u015bwiadczony zesp\u00f3\u0142 serwisowy gwarantuje najwy\u017cszej jako\u015bci obs\u0142ug\u0119 klienta przez ca\u0142y okres u\u017cytkowania urz\u0105dzenia. Dzi\u0119ki 3-letniej gwarancji i doskona\u0142ej obs\u0142udze posprzeda\u017cowej mo\u017cesz mie\u0107 pewno\u015b\u0107, \u017ce Tw\u00f3j zakup jest bezpieczny. Dodatkowo, oferujemy szybk\u0105 wysy\u0142k\u0119 na ca\u0142y \u015bwiat, gwarantuj\u0105c szybk\u0105 dostaw\u0119 zam\u00f3wienia. Nasze kompleksowe wsparcie posprzeda\u017cowe gwarantuje, \u017ce zawsze jeste\u015bmy do Twojej dyspozycji, gdy nas potrzebujesz.<\/p>\n<p>Z dum\u0105 oferujemy pras\u0119 zwijaj\u0105c\u0105 9YG-1.25A, niezawodne i ekonomiczne rozwi\u0105zanie dla Twojego rolnictwa. Dzi\u0119ki zaawansowanej technologii, solidnej konstrukcji i wydajnej pracy, ten produkt oferuje doskona\u0142\u0105 warto\u015b\u0107 dla gospodarstw rolnych na du\u017c\u0105 skal\u0119. Nasze zaanga\u017cowanie w jako\u015b\u0107, konkurencyjne ceny i wyj\u0105tkowa obs\u0142uga klienta gwarantuj\u0105 Ci najlepsze mo\u017cliwe do\u015bwiadczenia. Opr\u00f3cz modelu 9YG-1.25A oferujemy r\u00f3wnie\u017c r\u00f3\u017cnorodne akcesoria i produkty powi\u0105zane, kt\u00f3re uzupe\u0142ni\u0105 Twoje potrzeby w zakresie maszyn rolniczych. Skontaktuj si\u0119 z nami, aby uzyska\u0107 wi\u0119cej informacji i pozna\u0107 bli\u017cej ten niesamowity produkt.<\/p>\n<p>Skontaktuj si\u0119 z nami ju\u017c dzi\u015b, aby dokona\u0107 zakupu i usprawni\u0107 dzia\u0142alno\u015b\u0107 swojego gospodarstwa dzi\u0119ki prasie zwijaj\u0105cej 9YG-1.25A!<\/p>\n<h2>Cz\u0119sto zadawane pytania<\/h2>\n<ol>\n<li><strong>Jaka jest pojemno\u015b\u0107 prasy okr\u0105g\u0142ej 9YG-1.25A?<\/strong> Prasa zwijaj\u0105ca 9YG-1.25A charakteryzuje si\u0119 wydajn\u0105 wydajno\u015bci\u0105, odpowiedni\u0105 dla \u015brednich i du\u017cych gospodarstw rolnych. Z \u0142atwo\u015bci\u0105 radzi sobie z du\u017cymi ilo\u015bciami siana, s\u0142omy i kiszonki, zapewniaj\u0105c wysok\u0105 przepustowo\u015b\u0107 i wydajno\u015b\u0107.<\/li>\n<li><strong>Czy prasa zwijaj\u0105ca 9YG-1.25A mo\u017ce by\u0107 u\u017cywana w r\u00f3\u017cnych warunkach pogodowych?<\/strong> Tak, model 9YG-1.25A jest przeznaczony do pracy w r\u00f3\u017cnych warunkach pogodowych, w tym w \u015brodowisku wilgotnym, suchym i mokrym. Jednak dla optymalnej wydajno\u015bci konieczna jest odpowiednia konserwacja i piel\u0119gnacja.<\/li>\n<li><strong>Jak d\u0142ugo wytrzyma prasa okr\u0105g\u0142a 9YG-1.25A?<\/strong> Przy odpowiedniej konserwacji prasa zwijaj\u0105ca 9YG-1.25A jest zaprojektowana tak, aby s\u0142u\u017cy\u0107 przez wiele lat. Trwa\u0142a konstrukcja i wysokiej jako\u015bci materia\u0142y gwarantuj\u0105 d\u0142ugotrwa\u0142\u0105 niezawodno\u015b\u0107 i wydajno\u015b\u0107.<\/li>\n<li><strong>Czy prasa zwijaj\u0105ca 9YG-1.25A jest \u0142atwa w transporcie?<\/strong> Tak, model 9YG-1.25A zosta\u0142 zaprojektowany z my\u015bl\u0105 o kompaktowych wymiarach i \u0142atwo\u015bci transportu. Jego lekka konstrukcja pozwala na \u0142atwe przemieszczanie mi\u0119dzy polami, optymalizuj\u0105c elastyczno\u015b\u0107 operacyjn\u0105.<\/li>\n<li><strong>Jaki rodzaj gwarancji obejmuje prasa okr\u0105g\u0142a 9YG-1.25A?<\/strong> Model 9YG-1.25A obj\u0119ty jest 3-letni\u0105 gwarancj\u0105, obejmuj\u0105c\u0105 wszelkie wady produkcyjne i zapewniaj\u0105c\u0105 kupuj\u0105cemu spok\u00f3j ducha. Dodatkowo, nasze wsparcie posprzeda\u017cowe zapewnia ci\u0105g\u0142\u0105 pomoc przez ca\u0142y okres u\u017cytkowania urz\u0105dzenia.<\/li>\n<li><strong>Czy mog\u0119 dosta\u0107 cz\u0119\u015bci zamienne do prasy okr\u0105g\u0142ej 9YG-1.25A?<\/strong> Tak, oferujemy pe\u0142n\u0105 gam\u0119 cz\u0119\u015bci zamiennych i akcesori\u00f3w do prasy okr\u0105g\u0142ej 9YG-1.25A, co gwarantuje ci\u0105g\u0142\u0105 wydajno\u015b\u0107 i niezawodno\u015b\u0107.<\/li>\n<li><strong>Jaka jest cena prasy okr\u0105g\u0142ej 9YG-1.25A?<\/strong> Cena prasy okr\u0105g\u0142ej 9YG-1.25A zale\u017cy od opcji personalizacji, miejsca dostawy i wielko\u015bci zam\u00f3wienia. Skontaktuj si\u0119 z nami, aby otrzyma\u0107 indywidualn\u0105 wycen\u0119 dostosowan\u0105 do Twoich indywidualnych potrzeb.<\/li>\n<li><strong>Jak konserwowa\u0107 pras\u0119 okr\u0105g\u0142\u0105 9YG-1.25A?<\/strong> Regularna konserwacja obejmuje kontrol\u0119 uk\u0142adu hydraulicznego, czyszczenie mechanizmu podaj\u0105cego oraz wymian\u0119 zu\u017cytych podzespo\u0142\u00f3w, takich jak rolki i paski. Aby uzyska\u0107 najlepsze rezultaty, nale\u017cy przestrzega\u0107 zalece\u0144 producenta dotycz\u0105cych konserwacji.<\/li>\n<li><strong>Ile kosztuje prasa zwijaj\u0105ca 9YG-1.25A w r\u00f3\u017cnych krajach?<\/strong> Koszt mo\u017ce si\u0119 r\u00f3\u017cni\u0107 w zale\u017cno\u015bci od Twojej lokalizacji i op\u0142at za dostaw\u0119. Skontaktuj si\u0119 z naszymi lokalnymi przedstawicielami, aby uzyska\u0107 dok\u0142adn\u0105 cen\u0119 w oparciu o Tw\u00f3j region.<\/li>\n<li><strong>Czy prasa zwijaj\u0105ca 9YG-1.25A nadaje si\u0119 do zbioru kiszonki?<\/strong> Tak, model 9YG-1.25A doskonale nadaje si\u0119 do prasowania kiszonki, co czyni go znakomitym wyborem dla rolnik\u00f3w zajmuj\u0105cych si\u0119 produkcj\u0105 kiszonki.<\/li>\n<li><strong>Jaki jest maksymalny rozmiar beli, kt\u00f3r\u0105 mo\u017ce formowa\u0107 prasa okr\u0105g\u0142a 9YG-1.25A?<\/strong> Prasa zwijaj\u0105ca 9YG-1.25A produkuje zwarte i jednolite bele o maksymalnej \u015brednicy 1,25 metra, dzi\u0119ki czemu idealnie nadaj\u0105 si\u0119 do przechowywania i transportu.<\/li>\n<li><strong>Czy prasa zwijaj\u0105ca 9YG-1.25A mo\u017ce by\u0107 u\u017cywana do r\u00f3\u017cnych rodzaj\u00f3w upraw?<\/strong> Tak, jest wszechstronny i mo\u017cna go stosowa\u0107 do zbioru szerokiej gamy upraw, w tym siana, s\u0142omy, kiszonki i innych pozosta\u0142o\u015bci rolniczych.<\/li>\n<li><strong>Jakiego rodzaju serwis posprzeda\u017cowy oferujecie?<\/strong> Zapewniamy kompleksowe wsparcie posprzeda\u017cowe, obejmuj\u0105ce 3-letni\u0105 gwarancj\u0119, pomoc w rozwi\u0105zywaniu problem\u00f3w oraz \u0142atwo dost\u0119pne cz\u0119\u015bci zamienne, aby mie\u0107 pewno\u015b\u0107, \u017ce maszyna b\u0119dzie dzia\u0142a\u0107 bezawaryjnie przez lata.<\/li>\n<li><strong>Czy prasa zwijaj\u0105ca 9YG-1.25A mo\u017ce by\u0107 stosowana w ma\u0142ych gospodarstwach?<\/strong> Chocia\u017c model 9YG-1.25A zaprojektowano z my\u015bl\u0105 o zastosowaniach na \u015bredni\u0105 i du\u017c\u0105 skal\u0119, po odpowiednim dostosowaniu do potrzeb operacyjnych sprawdzi si\u0119 r\u00f3wnie\u017c w ma\u0142ych gospodarstwach rolnych.<\/li>\n<li><strong>Jak zam\u00f3wi\u0107 pras\u0119 zwijaj\u0105c\u0105 9YG-1.25A?<\/strong> Mo\u017cesz skontaktowa\u0107 si\u0119 z nami bezpo\u015brednio za po\u015brednictwem naszej strony internetowej lub dzia\u0142u obs\u0142ugi klienta, aby zada\u0107 pytania i z\u0142o\u017cy\u0107 zam\u00f3wienie. Oferujemy szybk\u0105 wysy\u0142k\u0119 na ca\u0142y \u015bwiat.<\/li>\n<\/ol>\n<p>edytuj przez gzl<\/p>","protected":false},"excerpt":{"rendered":"<p>Odkryj pras\u0119 zwijaj\u0105c\u0105 9YG-1.25, zaprojektowan\u0105 z my\u015bl\u0105 o najwy\u017cszej wydajno\u015bci i efektywno\u015bci. Idealna do du\u017cych gospodarstw, zapewnia szybkie i niezawodne belowanie przy minimalnej konserwacji. Zwi\u0119ksz swoj\u0105 wydajno\u015b\u0107 dzi\u0119ki zaawansowanym funkcjom i trwa\u0142ej konstrukcji. Chcesz zwi\u0119kszy\u0107 swoje zbiory? Skontaktuj si\u0119 z nami ju\u017c teraz, aby um\u00f3wi\u0107 si\u0119 na prezentacj\u0119 lub dowiedzie\u0107 si\u0119 wi\u0119cej o naszym produkcie!<\/p>","protected":false},"featured_media":363,"template":"","meta":{"_et_pb_use_builder":"","_et_pb_old_content":"","_et_gb_content_width":""},"product_brand":[],"product_cat":[21],"product_tag":[],"class_list":{"0":"post-362","1":"product","2":"type-product","3":"status-publish","4":"has-post-thumbnail","6":"product_cat-round-baler-rake","8":"first","9":"instock","10":"shipping-taxable","11":"product-type-simple"},"_links":{"self":[{"href":"https:\/\/square-balers.com\/pl\/wp-json\/wp\/v2\/product\/362","targetHints":{"allow":["GET"]}}],"collection":[{"href":"https:\/\/square-balers.com\/pl\/wp-json\/wp\/v2\/product"}],"about":[{"href":"https:\/\/square-balers.com\/pl\/wp-json\/wp\/v2\/types\/product"}],"wp:featuredmedia":[{"embeddable":true,"href":"https:\/\/square-balers.com\/pl\/wp-json\/wp\/v2\/media\/363"}],"wp:attachment":[{"href":"https:\/\/square-balers.com\/pl\/wp-json\/wp\/v2\/media?parent=362"}],"wp:term":[{"taxonomy":"product_brand","embeddable":true,"href":"https:\/\/square-balers.com\/pl\/wp-json\/wp\/v2\/product_brand?post=362"},{"taxonomy":"product_cat","embeddable":true,"href":"https:\/\/square-balers.com\/pl\/wp-json\/wp\/v2\/product_cat?post=362"},{"taxonomy":"product_tag","embeddable":true,"href":"https:\/\/square-balers.com\/pl\/wp-json\/wp\/v2\/product_tag?post=362"}],"curies":[{"name":"wp","href":"https:\/\/api.w.org\/{rel}","templated":true}]}}