{"id":364,"date":"2025-12-16T08:04:33","date_gmt":"2025-12-16T08:04:33","guid":{"rendered":"https:\/\/square-balers.com\/?post_type=product&#038;p=364"},"modified":"2025-12-19T01:46:23","modified_gmt":"2025-12-19T01:46:23","slug":"prasa-okragla-9yg-2-24d-s9000-beyond","status":"publish","type":"product","link":"https:\/\/square-balers.com\/pl\/produkt\/prasa-okragla-9yg-2-24d-s9000-beyond\/","title":{"rendered":"Prasa okr\u0105g\u0142a 9YG-2.24D (S9000 Beyond)"},"content":{"rendered":"<p>Prasa zwijaj\u0105ca 9YG-2.24D (S9000 Beyond) to najnowocze\u015bniejsza maszyna rolnicza zaprojektowana do wydajnego prasowania i belowania s\u0142omy, siana i innych materia\u0142\u00f3w organicznych w jednolite, okr\u0105g\u0142e bele. Ta wytrzyma\u0142a prasa jest wyposa\u017cona w zaawansowane funkcje zapewniaj\u0105ce stabiln\u0105 prac\u0119, niskie koszty konserwacji i wysok\u0105 wydajno\u015b\u0107. Niezale\u017cnie od tego, czy jeste\u015b rolnikiem prowadz\u0105cym dzia\u0142alno\u015b\u0107 na du\u017c\u0105 skal\u0119, czy dostawc\u0105 us\u0142ug rolniczych, ta maszyna sprawdzi si\u0119 w najbardziej wymagaj\u0105cych warunkach pracy.<\/p>\n<h2>Specyfikacja techniczna<\/h2>\n<table style=\"border-color: #000000;\">\n<thead>\n<tr>\n<th>Numer seryjny<\/th>\n<th>Przedmiot<\/th>\n<th>Jednostka<\/th>\n<th>Specyfikacja<\/th>\n<\/tr>\n<\/thead>\n<tbody>\n<tr>\n<td>1<\/td>\n<td>Nazwa modelu<\/td>\n<td>\/<\/td>\n<td>Prasa okr\u0105g\u0142a 9YG-2.24D (S9000 Beyond)<\/td>\n<\/tr>\n<tr>\n<td>2<\/td>\n<td>Metoda zaczepiania<\/td>\n<td>\/<\/td>\n<td>Typ trakcji<\/td>\n<\/tr>\n<tr>\n<td>3<\/td>\n<td>Szeroko\u015b\u0107 pobierania<\/td>\n<td>mm<\/td>\n<td>2240<\/td>\n<\/tr>\n<tr>\n<td>4<\/td>\n<td>Typ struktury selektora<\/td>\n<td>\/<\/td>\n<td>Typ z\u0119ba spr\u0119\u017cynowego<\/td>\n<\/tr>\n<tr>\n<td>5<\/td>\n<td>Typ konstrukcji urz\u0105dzenia podaj\u0105cego<\/td>\n<td>\/<\/td>\n<td>Pr\u0119t z\u0119baty + typ rolkowy<\/td>\n<\/tr>\n<tr>\n<td>6<\/td>\n<td>Typ konstrukcji prasy z komor\u0105 kompresyjn\u0105<\/td>\n<td>\/<\/td>\n<td>Typ rolki<\/td>\n<\/tr>\n<tr>\n<td>7<\/td>\n<td>Szeroko\u015b\u0107 komory spr\u0119\u017cania<\/td>\n<td>mm<\/td>\n<td>1400<\/td>\n<\/tr>\n<tr>\n<td>8<\/td>\n<td>\u015arednica komory spr\u0119\u017cania<\/td>\n<td>mm<\/td>\n<td>\u03a6 1200<\/td>\n<\/tr>\n<tr>\n<td>9<\/td>\n<td>Liczba cz\u0119\u015bci roboczych komory spr\u0119\u017cania<\/td>\n<td>szt.<\/td>\n<td>18 (Rolki)<\/td>\n<\/tr>\n<tr>\n<td>10<\/td>\n<td>\u015arednica wa\u0142ka tocznego<\/td>\n<td>mm<\/td>\n<td>\u03a6 222<\/td>\n<\/tr>\n<tr>\n<td>11<\/td>\n<td>Metoda wi\u0105zania<\/td>\n<td>\/<\/td>\n<td>Owijanie siatk\u0105<\/td>\n<\/tr>\n<tr>\n<td>12<\/td>\n<td>Dopasowana moc<\/td>\n<td>kw<\/td>\n<td>55-100<\/td>\n<\/tr>\n<tr>\n<td>13<\/td>\n<td>Masa konstrukcyjna<\/td>\n<td>kg<\/td>\n<td>4570<\/td>\n<\/tr>\n<tr>\n<td>14<\/td>\n<td>Pr\u0119dko\u015b\u0107 WOM<\/td>\n<td>obr.\/min<\/td>\n<td>720<\/td>\n<\/tr>\n<tr>\n<td>15<\/td>\n<td>Wymiary ca\u0142kowite (d\u0142ugo\u015b\u0107 \u00d7 szeroko\u015b\u0107 \u00d7 wysoko\u015b\u0107)<\/td>\n<td>mm<\/td>\n<td>4600\u00d73010\u00d72370 (stan roboczy)<\/td>\n<\/tr>\n<tr>\n<td>16<\/td>\n<td>Kontrola g\u0119sto\u015bci beli<\/td>\n<td>\/<\/td>\n<td>Kontrola czujnika<\/td>\n<\/tr>\n<tr>\n<td>17<\/td>\n<td>Wymiary beli (\u015brednica \u00d7 szeroko\u015b\u0107)<\/td>\n<td>mm<\/td>\n<td>\u03a6 1300\u00d71400<\/td>\n<\/tr>\n<tr>\n<td>18<\/td>\n<td>G\u0119sto\u015b\u0107 beli<\/td>\n<td>kg\/m\u00b3<\/td>\n<td>100-200<\/td>\n<\/tr>\n<tr>\n<td>19<\/td>\n<td>Wydajno\u015b\u0107<\/td>\n<td>bele\/h<\/td>\n<td>40~100<\/td>\n<\/tr>\n<tr>\n<td>20<\/td>\n<td>Rozstaw osi<\/td>\n<td>mm<\/td>\n<td>2600<\/td>\n<\/tr>\n<tr>\n<td>21<\/td>\n<td>Pr\u0119dko\u015b\u0107 robocza<\/td>\n<td>km\/h<\/td>\n<td>5-35<\/td>\n<\/tr>\n<tr>\n<td>22<\/td>\n<td>Specyfikacja siatki na bele (d\u0142ugo\u015b\u0107 \u00d7 szeroko\u015b\u0107)<\/td>\n<td>\/<\/td>\n<td>2000\u00d71,4 m\/rolka<\/td>\n<\/tr>\n<\/tbody>\n<\/table>\n<h2>Definicja produktu<\/h2>\n<p>Prasa zwijaj\u0105ca 9YG-2.24D (S9000 Beyond) to zaawansowana prasa zwijaj\u0105ca, zaprojektowana specjalnie do zastosowa\u0144 rolniczych. Skutecznie prasuje resztki po\u017cniwne, takie jak siano, s\u0142oma i kiszonka, w okr\u0105g\u0142e bele, optymalizuj\u0105c procesy magazynowania i transportu. Dzi\u0119ki zaawansowanej technologii zapewnia p\u0142ynn\u0105 i niezawodn\u0105 prac\u0119 nawet w trudnych warunkach pracy.<\/p>\n<h2>Rozwi\u0105zane problemy i zastosowania<\/h2>\n<p>Prasa zwijaj\u0105ca 9YG-2.24D (S9000 Beyond) rozwi\u0105zuje kilka typowych problem\u00f3w, z kt\u00f3rymi borykaj\u0105 si\u0119 wsp\u00f3\u0142czesne gospodarstwa rolne. Nale\u017c\u0105 do nich:<\/p>\n<ul>\n<li>Nier\u00f3wnomierny rozmiar i jako\u015b\u0107 beli<\/li>\n<li>Trudno\u015bci w zarz\u0105dzaniu du\u017cymi ilo\u015bciami resztek po\u017cniwnych<\/li>\n<li>Czasoch\u0142onne procesy r\u0119cznego belowania<\/li>\n<li>Wyd\u0142u\u017cony czas przestoju operacyjnego spowodowany awari\u0105 sprz\u0119tu<\/li>\n<li>Ograniczona zdolno\u015b\u0107 adaptacji do r\u00f3\u017cnych typ\u00f3w upraw i warunk\u00f3w \u015brodowiskowych<\/li>\n<\/ul>\n<p>Produkt ten idealnie nadaje si\u0119 do stosowania w r\u00f3\u017cnych zastosowaniach rolniczych, w tym:<\/p>\n<ul>\n<li>Prasowanie siana i s\u0142omy<\/li>\n<li>Zbi\u00f3r i belowanie kiszonki<\/li>\n<li>Dzia\u0142alno\u015b\u0107 rolnicza na du\u017c\u0105 skal\u0119<\/li>\n<li>Produkcja pasz dla zwierz\u0105t gospodarskich<\/li>\n<li>Gospodarka odpadami w \u015brodowisku rolniczym<\/li>\n<li>Efektywne przechowywanie i transport siana<\/li>\n<\/ul>\n<p style=\"text-align: center;\"><img loading=\"lazy\" decoding=\"async\" class=\"alignnone wp-image-367\" src=\"https:\/\/square-balers.com\/wp-content\/uploads\/2025\/12\/6-1-1.webp\" alt=\"Prasa okr\u0105g\u0142a\" width=\"447\" height=\"447\" srcset=\"https:\/\/square-balers.com\/wp-content\/uploads\/2025\/12\/6-1-1.webp 285w, https:\/\/square-balers.com\/wp-content\/uploads\/2025\/12\/6-1-1-150x150.webp 150w, https:\/\/square-balers.com\/wp-content\/uploads\/2025\/12\/6-1-1-12x12.webp 12w, https:\/\/square-balers.com\/wp-content\/uploads\/2025\/12\/6-1-1-100x100.webp 100w\" sizes=\"(max-width: 447px) 100vw, 447px\" \/><\/p>\n<h2>Zalety produktu<\/h2>\n<h3>1. Wysoka wydajno\u015b\u0107<\/h3>\n<p>Prasa zwijaj\u0105ca 9YG-2.24D (S9000 Beyond) zosta\u0142a zaprojektowana z my\u015bl\u0105 o wysokowydajnym belowaniu, umo\u017cliwiaj\u0105c wykonywanie zada\u0144 belowania na du\u017c\u0105 skal\u0119 w kr\u00f3tszym czasie. Jej mocny silnik i zaawansowany uk\u0142ad hydrauliczny wsp\u00f3\u0142pracuj\u0105 ze sob\u0105, aby zmaksymalizowa\u0107 wydajno\u015b\u0107, redukuj\u0105c konieczno\u015b\u0107 cz\u0119stych przestoj\u00f3w.<\/p>\n<h3>2. Solidna konstrukcja<\/h3>\n<p>Zaprojektowana z my\u015bl\u0105 o pracy w trudnych warunkach, ta prasa posiada mocn\u0105, wytrzyma\u0142\u0105 ram\u0119, kt\u00f3ra poradzi sobie z du\u017cym obci\u0105\u017ceniem. Wzmocniona konstrukcja gwarantuje d\u0142ug\u0105 \u017cywotno\u015b\u0107, zmniejszaj\u0105c ryzyko awarii i wyd\u0142u\u017caj\u0105c og\u00f3ln\u0105 \u017cywotno\u015b\u0107 maszyny.<\/p>\n<h3>3. \u0141atwa obs\u0142uga<\/h3>\n<p>Wyposa\u017cona w przyjazne dla u\u017cytkownika sterowanie prasa zwijaj\u0105ca 9YG-2.24D (S9000 Beyond) oferuje bezproblemow\u0105 obs\u0142ug\u0119 operatorom o ka\u017cdym poziomie do\u015bwiadczenia. Intuicyjny interfejs u\u0142atwia regulacj\u0119 ustawie\u0144 i monitorowanie procesu belowania.<\/p>\n<h3>4. Wszechstronno\u015b\u0107<\/h3>\n<p>Ta prasa zosta\u0142a zaprojektowana z my\u015bl\u0105 o wydajnej pracy z r\u00f3\u017cnymi rodzajami upraw, w tym sianem, s\u0142om\u0105 i kiszonk\u0105. Mo\u017ce by\u0107 dostosowana do r\u00f3\u017cnych warunk\u00f3w rolniczych, co czyni j\u0105 doskona\u0142ym wyborem dla zr\u00f3\u017cnicowanych potrzeb rolniczych.<\/p>\n<h3>5. Niskie koszty utrzymania<\/h3>\n<p>Dzi\u0119ki wysokiej jako\u015bci materia\u0142om i zaawansowanej konstrukcji prasa zwijaj\u0105ca 9YG-2.24D (S9000 Beyond) wymaga minimalnej konserwacji. Jej innowacyjna konstrukcja zmniejsza zu\u017cycie, oszcz\u0119dzaj\u0105c czas i koszty zwi\u0105zane z naprawami i wymian\u0105 cz\u0119\u015bci.<\/p>\n<h2>Jak dzia\u0142a prasa zwijaj\u0105ca 9YG-2.24D (S9000 Beyond)<\/h2>\n<p>Prasa do belowania bel okr\u0105g\u0142ych 9YG-2.24D (S9000 Beyond) wykorzystuje zaawansowany uk\u0142ad hydrauliczny do podawania materia\u0142u do \u015bci\u015ble kontrolowanej komory prasowania, gdzie jest on prasowany do kszta\u0142tu cylindrycznego. Prasa wykorzystuje szereg rolek i przeno\u015bnik\u00f3w ta\u015bmowych do formowania bel okr\u0105g\u0142ych, kt\u00f3re nast\u0119pnie s\u0105 automatycznie wi\u0105zane wytrzyma\u0142ymi linami lub siatkami. Ten ci\u0105g\u0142y proces zapewnia jednolity rozmiar bel, co u\u0142atwia i usprawnia przechowywanie i transport.<\/p>\n<h2>G\u0142\u00f3wne zastosowania<\/h2>\n<p>Prasa zwijaj\u0105ca 9YG-2.24D (S9000 Beyond) zosta\u0142a zaprojektowana do r\u00f3\u017cnych zastosowa\u0144 w sektorze rolniczym:<\/p>\n<ul>\n<li>Efektywne zbieranie i belowanie siana na pasz\u0119 dla zwierz\u0105t gospodarskich<\/li>\n<li>Produkcja bel s\u0142omy na \u015bci\u00f3\u0142k\u0119<\/li>\n<li>Prasowanie kiszonki do d\u0142ugoterminowego przechowywania i skarmiania<\/li>\n<li>Zarz\u0105dzanie resztkami po\u017cniwnymi w celu poprawy jako\u015bci gleby<\/li>\n<li>Zmniejszenie ilo\u015bci odpad\u00f3w i odpad\u00f3w polowych<\/li>\n<li>Optymalizacja przestrzeni w celu \u0142atwiejszego przechowywania i transportu du\u017cych ilo\u015bci materia\u0142\u00f3w<\/li>\n<\/ul>\n<h2>Wyb\u00f3r odpowiedniej prasy okr\u0105g\u0142ej 9YG-2.24D (S9000 Beyond)<\/h2>\n<h3>1. We\u017a pod uwag\u0119 wielko\u015b\u0107 swojego gospodarstwa<\/h3>\n<p>Je\u015bli prowadzisz gospodarstwo rolne na du\u017c\u0105 skal\u0119, potrzebujesz prasy, kt\u00f3ra sprawnie poradzi sobie z du\u017cymi obj\u0119to\u015bciami. Model 9YG-2.24D idealnie nadaje si\u0119 do du\u017cych gospodarstw rolnych ze wzgl\u0119du na du\u017c\u0105 wydajno\u015b\u0107 i szybko\u015b\u0107 pracy.<\/p>\n<h3>2. Oce\u0144 rodzaje upraw<\/h3>\n<p>Prasa zwijaj\u0105ca 9YG-2.24D (S9000 Beyond) nadaje si\u0119 do zbioru szerokiej gamy upraw. Upewnij si\u0119, \u017ce ustawienia i funkcje maszyny s\u0105 dostosowane do najcz\u0119\u015bciej przetwarzanych upraw, takich jak siano, s\u0142oma czy kiszonka.<\/p>\n<h3>3. Szukaj trwa\u0142o\u015bci<\/h3>\n<p>Wybierz pras\u0119, kt\u00f3ra sprosta trudnym warunkom panuj\u0105cym w Twoim gospodarstwie. Model 9YG-2.24D charakteryzuje si\u0119 solidn\u0105 ram\u0105 i wysokiej jako\u015bci materia\u0142ami, dzi\u0119ki czemu idealnie nadaje si\u0119 do gospodarstw o \u200b\u200btrudnych warunkach.<\/p>\n<h3>4. Sprawd\u017a \u0142atwo\u015b\u0107 konserwacji<\/h3>\n<p>Wybieraj\u0105c pras\u0119, we\u017a pod uwag\u0119 \u0142atwo\u015b\u0107 konserwacji. Model 9YG-2.24D zosta\u0142 zaprojektowany z my\u015bl\u0105 o minimalnej konserwacji, dzi\u0119ki czemu mo\u017cesz po\u015bwi\u0119ci\u0107 wi\u0119cej czasu na obs\u0142ug\u0119 maszyny, a mniej na naprawy.<\/p>\n<h3>5. Zapewnij komfort operatora<\/h3>\n<p>Prasa powinna by\u0107 \u0142atwa w obs\u0142udze dla operator\u00f3w, z intuicyjnym sterowaniem i ergonomicznymi funkcjami. Model 9YG-2.24D zapewnia komfortowe \u015brodowisko pracy, gwarantuj\u0105c operatorom wydajn\u0105 prac\u0119 bez wysi\u0142ku.<\/p>\n<h3>6. Przejrzyj opcje serwisu i gwarancji<\/h3>\n<p>Upewnij si\u0119, \u017ce wybrana prasa jest obj\u0119ta kompleksowym serwisem i gwarancj\u0105. Model 9YG-2.24D obj\u0119ty jest 3-letni\u0105 gwarancj\u0105, zapewniaj\u0105c\u0105 spok\u00f3j ducha dzi\u0119ki wsparciu posprzeda\u017cowemu i pomocy technicznej.<\/p>\n<p style=\"text-align: center;\"><img loading=\"lazy\" decoding=\"async\" class=\"alignnone wp-image-366\" src=\"https:\/\/square-balers.com\/wp-content\/uploads\/2025\/12\/5-1-1.webp\" alt=\"Prasa okr\u0105g\u0142a\" width=\"435\" height=\"435\" srcset=\"https:\/\/square-balers.com\/wp-content\/uploads\/2025\/12\/5-1-1.webp 289w, https:\/\/square-balers.com\/wp-content\/uploads\/2025\/12\/5-1-1-150x150.webp 150w, https:\/\/square-balers.com\/wp-content\/uploads\/2025\/12\/5-1-1-12x12.webp 12w, https:\/\/square-balers.com\/wp-content\/uploads\/2025\/12\/5-1-1-100x100.webp 100w\" sizes=\"(max-width: 435px) 100vw, 435px\" \/><\/p>\n<h2>Metody konserwacji prasy okr\u0105g\u0142ej 9YG-2.24D (S9000 Beyond)<\/h2>\n<p>Konserwacja prasy zwijaj\u0105cej 9YG-2.24D (S9000 Beyond) jest kluczowa dla zapewnienia jej d\u0142ugowieczno\u015bci i wydajno\u015bci. Oto kilka wskaz\u00f3wek dotycz\u0105cych konserwacji:<\/p>\n<ul>\n<li>Regularnie sprawdzaj i smaruj ruchome cz\u0119\u015bci, aby zapobiega\u0107 ich zu\u017cyciu.<\/li>\n<li>Sprawd\u017a paski i rolki, aby upewni\u0107 si\u0119, \u017ce s\u0105 prawid\u0142owo wyr\u00f3wnane i napr\u0119\u017cone.<\/li>\n<li>Po ka\u017cdym u\u017cyciu nale\u017cy wyczy\u015bci\u0107 urz\u0105dzenie, aby zapobiec gromadzeniu si\u0119 zanieczyszcze\u0144, kt\u00f3re mog\u0105 negatywnie wp\u0142ywa\u0107 na jego wydajno\u015b\u0107.<\/li>\n<li>Wymie\u0144 zu\u017cyte cz\u0119\u015bci, takie jak prowadnice sznurka lub siatki, aby zapewni\u0107 p\u0142ynne dzia\u0142anie.<\/li>\n<li>Sprawd\u017a poziom p\u0142ynu hydraulicznego i upewnij si\u0119, \u017ce w uk\u0142adzie nie ma wyciek\u00f3w.<\/li>\n<\/ul>\n<h2>Opinie klient\u00f3w<\/h2>\n<p>Oto kilka opinii zadowolonych klient\u00f3w z ca\u0142ego \u015bwiata:<\/p>\n<p>\u201ePrasa zwijaj\u0105ca 9YG-2.24D odmieni\u0142a nasze gospodarstwo. Jest niezwykle szybka i wydajna, dzi\u0119ki czemu proces belowania przebiega znacznie szybciej i p\u0142ynniej. Zauwa\u017cyli\u015bmy znaczn\u0105 popraw\u0119 jako\u015bci naszych bel, a przestoje praktycznie znikn\u0119\u0142y\u201d.<\/p>\n<p><strong>\u2013 John, Stany Zjednoczone<\/strong><\/p>\n<p>\u201eU\u017cywam 9YG-2.24D od ponad roku i okaza\u0142a si\u0119 jedn\u0105 z najlepszych inwestycji w naszym gospodarstwie. Bez problemu radzi sobie z r\u00f3\u017cnymi uprawami i utrzymuje sta\u0142y rozmiar bel. Gor\u0105co polecam!\u201d<\/p>\n<p><strong>\u2013 Maria, Brazylia<\/strong><\/p>\n<p>\u201eTrwa\u0142o\u015b\u0107 i niezawodno\u015b\u0107 prasy zwijaj\u0105cej 9YG-2.24D s\u0105 niezr\u00f3wnane. Nawet w trudnych warunkach dzia\u0142a bez wi\u0119kszych problem\u00f3w. Jest r\u00f3wnie\u017c bardzo \u0142atwa w obs\u0142udze, co czyni j\u0105 doskona\u0142ym wyborem dla rolnik\u00f3w o ka\u017cdym poziomie zaawansowania\u201d.<\/p>\n<p><strong>\u2013 Stefan, Niemcy<\/strong><\/p>\n<p>\u201eWypr\u00f3bowali\u015bmy ju\u017c kilka pras, ale \u017cadna nie dor\u00f3wnuje 9YG-2.24D. Jest szybka, wydajna i wymaga minimalnej konserwacji. Nasza dzia\u0142alno\u015b\u0107 sta\u0142a si\u0119 znacznie bardziej usprawniona, a koszty znacz\u0105co spad\u0142y\u201d.<\/p>\n<p><strong>\u2013 Ahmed, Egipt<\/strong><\/p>\n<p>\u201eTa prasa przeros\u0142a nasze oczekiwania. Jest kompaktowa, ale wydajna. Okr\u0105g\u0142e bele s\u0105 idealnie uformowane, a jako\u015b\u0107 maszyny jest imponuj\u0105ca. Nie m\u00f3g\u0142bym by\u0107 bardziej zadowolony z tego zakupu.\u201d<\/p>\n<p><strong>\u2013 Paul, Australia<\/strong><\/p>\n<h2>Dlaczego warto wybra\u0107 nasz produkt?<\/h2>\n<p>Wyb\u00f3r obiektywu 9YG-2.24D <a href=\"https:\/\/square-balers.com\/pl\/produkt\/prasa-okragla-9yg-1-25a\/\">Prasa okr\u0105g\u0142a<\/a> (S9000 Beyond) gwarantuje, \u017ce inwestujesz w produkt wysokiej jako\u015bci o niezr\u00f3wnanej trwa\u0142o\u015bci i wydajno\u015bci. Zale\u017cy nam na zadowoleniu klienta, co znajduje odzwierciedlenie w naszych szybkich us\u0142ugach personalizacji, solidnym wsparciu posprzeda\u017cowym i kompleksowej, trzyletniej gwarancji. Oferujemy r\u00f3wnie\u017c globaln\u0105 dostaw\u0119 ekspresow\u0105, aby zapewni\u0107 terminow\u0105 dostaw\u0119 produkt\u00f3w, niezale\u017cnie od ich lokalizacji. Dzi\u0119ki naszej rozbudowanej sieci serwisowej mo\u017cesz liczy\u0107 na ci\u0105g\u0142e wsparcie przez ca\u0142y cykl \u017cycia produktu.<\/p>\n<p>Dowiedz si\u0119 wi\u0119cej o prasie zwijaj\u0105cej 9YG-2.24D (S9000 Beyond) i przekonaj si\u0119, jak mo\u017ce ona zrewolucjonizowa\u0107 Twoj\u0105 produkcj\u0119 roln\u0105. Nasze zaawansowane zaplecze produkcyjne i sta\u0142e zaanga\u017cowanie w jako\u015b\u0107 gwarantuj\u0105, \u017ce otrzymasz najlepszy sprz\u0119t w bardzo konkurencyjnej cenie. Opr\u00f3cz modelu 9YG-2.24D oferujemy r\u00f3wnie\u017c pe\u0142n\u0105 gam\u0119 akcesori\u00f3w i produkt\u00f3w powi\u0105zanych, kt\u00f3re zaspokoj\u0105 Twoje potrzeby w zakresie maszyn rolniczych. Skontaktuj si\u0119 z nami ju\u017c dzi\u015b, aby uzyska\u0107 wi\u0119cej informacji lub dokona\u0107 zakupu!<\/p>\n<p style=\"text-align: center;\"><img loading=\"lazy\" decoding=\"async\" class=\"alignnone wp-image-365\" src=\"https:\/\/square-balers.com\/wp-content\/uploads\/2025\/12\/4-1-1.webp\" alt=\"Prasa okr\u0105g\u0142a\" width=\"450\" height=\"450\" srcset=\"https:\/\/square-balers.com\/wp-content\/uploads\/2025\/12\/4-1-1.webp 282w, https:\/\/square-balers.com\/wp-content\/uploads\/2025\/12\/4-1-1-150x150.webp 150w, https:\/\/square-balers.com\/wp-content\/uploads\/2025\/12\/4-1-1-12x12.webp 12w, https:\/\/square-balers.com\/wp-content\/uploads\/2025\/12\/4-1-1-100x100.webp 100w\" sizes=\"(max-width: 450px) 100vw, 450px\" \/><\/p>\n<h2>Cz\u0119sto zadawane pytania (FAQ)<\/h2>\n<ol>\n<li><strong>Jakie s\u0105 najwa\u017cniejsze cechy prasy zwijaj\u0105cej 9YG-2.24D (S9000 Beyond)?<\/strong><br \/>\nPrasa zwijaj\u0105ca 9YG-2.24D (S9000 Beyond) charakteryzuje si\u0119 wysok\u0105 wydajno\u015bci\u0105 prasowania, solidn\u0105 konstrukcj\u0105, \u0142atwo\u015bci\u0105 obs\u0142ugi, wszechstronno\u015bci\u0105 w zakresie r\u00f3\u017cnych upraw i niskimi wymaganiami konserwacyjnymi. Te cechy gwarantuj\u0105 jej doskona\u0142\u0105 wydajno\u015b\u0107 w wymagaj\u0105cych warunkach rolniczych, zapewniaj\u0105c niezmiennie wysok\u0105 jako\u015b\u0107 bel.<\/li>\n<li><strong>Jak dzia\u0142a prasa zwijaj\u0105ca 9YG-2.24D?<\/strong><br \/>\nPrasa zwijaj\u0105ca 9YG-2.24D wykorzystuje zaawansowany uk\u0142ad hydrauliczny do podawania i prasowania materia\u0142u ro\u015blinnego w kszta\u0142t cylindryczny. Materia\u0142 jest owijany sznurkiem lub siatk\u0105 w celu bezpiecznego wi\u0105zania, a maszyna pracuje w trybie ci\u0105g\u0142ym, wytwarzaj\u0105c jednolite bele.<\/li>\n<li><strong>Jakiego rodzaju plony mo\u017ce obs\u0142u\u017cy\u0107 prasa zwijaj\u0105ca 9YG-2.24D?<\/strong><br \/>\nModel 9YG-2.24D jest wszechstronny i mo\u017ce pracowa\u0107 z r\u00f3\u017cnymi uprawami, takimi jak siano, s\u0142oma i kiszonka. Zosta\u0142 zaprojektowany z my\u015bl\u0105 o wysokiej wydajno\u015bci w przypadku r\u00f3\u017cnych materia\u0142\u00f3w, gwarantuj\u0105c wydajne belowanie w ka\u017cdym \u015brodowisku rolniczym.<\/li>\n<li><strong>Jakie s\u0105 wymagania konserwacyjne tej prasy?<\/strong><br \/>\nRegularna konserwacja obejmuje sprawdzanie i smarowanie cz\u0119\u015bci ruchomych, inspekcj\u0119 pas\u00f3w i rolek, czyszczenie maszyny po u\u017cyciu oraz monitorowanie poziomu p\u0142ynu hydraulicznego. Czynno\u015bci te pomagaj\u0105 zapewni\u0107 optymaln\u0105 wydajno\u015b\u0107 prasy.<\/li>\n<li><strong>Czy prasa zwijaj\u0105ca 9YG-2.24D mo\u017ce by\u0107 u\u017cywana w trudnych warunkach pogodowych?<\/strong><br \/>\nTak, model 9YG-2.24D zosta\u0142 zaprojektowany do pracy w trudnych warunkach rolniczych, w tym w trudnych warunkach pogodowych. Jego solidna rama i trwa\u0142e podzespo\u0142y zapewniaj\u0105 niezawodn\u0105 prac\u0119 nawet w ekstremalnych warunkach.<\/li>\n<li><strong>Jaki rodzaj gwarancji obejmuje prasa zwijaj\u0105ca 9YG-2.24D?<\/strong><br \/>\nModel 9YG-2.24D obj\u0119ty jest kompleksow\u0105, 3-letni\u0105 gwarancj\u0105 obejmuj\u0105c\u0105 wady produkcyjne oraz zapewniaj\u0105c\u0105 spok\u00f3j ducha dzi\u0119ki wsparciu posprzeda\u017cowemu i serwisowi.<\/li>\n<li><strong>Jak szybki jest proces belowania przy u\u017cyciu tej maszyny?<\/strong><br \/>\nModel 9YG-2.24D zosta\u0142 zaprojektowany z my\u015bl\u0105 o wysokowydajnym belowaniu. Jego du\u017ca pr\u0119dko\u015b\u0107 robocza umo\u017cliwia szybkie belowanie du\u017cych ilo\u015bci materia\u0142u, oszcz\u0119dzaj\u0105c cenny czas w sezonie zbior\u00f3w.<\/li>\n<li><strong>Czy obs\u0142uga 9YG-2.24D jest \u0142atwa?<\/strong><br \/>\nTak, model 9YG-2.24D oferuje przyjazne dla u\u017cytkownika sterowanie, kt\u00f3re u\u0142atwia obs\u0142ug\u0119 operatorom o ka\u017cdym poziomie do\u015bwiadczenia. Intuicyjny interfejs umo\u017cliwia szybk\u0105 zmian\u0119 ustawie\u0144 podczas pracy.<\/li>\n<li><strong>Czy obs\u0142uga tej prasy wymaga specjalnego przeszkolenia?<\/strong><br \/>\nChocia\u017c model 9YG-2.24D zaprojektowano z my\u015bl\u0105 o \u0142atwo\u015bci u\u017cytkowania, zaleca si\u0119 odbycie podstawowego szkolenia z zakresu obs\u0142ugi prasy i zasad bezpiecze\u0144stwa, aby zagwarantowa\u0107 optymaln\u0105 wydajno\u015b\u0107 i bezpieczne u\u017cytkowanie.<\/li>\n<li><strong>Czy prasa zwijaj\u0105ca 9YG-2.24D mo\u017ce by\u0107 u\u017cywana do zbioru kiszonki?<\/strong><br \/>\nTak, model 9YG-2.24D nadaje si\u0119 do belowania kiszonki. Regulowane ustawienia sprawiaj\u0105, \u017ce jest on skuteczny w przypadku r\u00f3\u017cnych rodzaj\u00f3w materia\u0142\u00f3w organicznych, w tym kiszonki, siana i s\u0142omy.<\/li>\n<li><strong>Jaka jest przewidywana \u017cywotno\u015b\u0107 prasy zwijaj\u0105cej 9YG-2.24D?<\/strong><br \/>\nPrzy regularnej konserwacji i prawid\u0142owym u\u017cytkowaniu, 9YG-2.24D mo\u017ce s\u0142u\u017cy\u0107 przez wiele lat. Wysokiej jako\u015bci konstrukcja i trwa\u0142e komponenty zapewniaj\u0105 d\u0142ug\u0105 \u017cywotno\u015b\u0107.<\/li>\n<li><strong>Gdzie mog\u0119 otrzyma\u0107 cz\u0119\u015bci zamienne do prasy zwijaj\u0105cej 9YG-2.24D?<\/strong><br \/>\nOferujemy kompleksow\u0105 sie\u0107 cz\u0119\u015bci zamiennych. Mo\u017cesz skontaktowa\u0107 si\u0119 z naszym dzia\u0142em obs\u0142ugi klienta, aby uzyska\u0107 pomoc w zam\u00f3wieniu cz\u0119\u015bci do swojej prasy, dzi\u0119ki czemu Twoja maszyna pozostanie w doskona\u0142ym stanie.<\/li>\n<li><strong>Czy mog\u0119 dostosowa\u0107 pras\u0119 zwijaj\u0105c\u0105 9YG-2.24D do moich konkretnych potrzeb?<\/strong><br \/>\nTak, oferujemy opcje personalizacji, aby dostosowa\u0107 model 9YG-2.24D do konkretnych potrzeb rolniczych. Nasz zesp\u00f3\u0142 pomo\u017ce Ci dostosowa\u0107 maszyn\u0119 do Twoich potrzeb operacyjnych.<\/li>\n<li><strong>Jak \u0142atwy jest transport prasy okr\u0105g\u0142ej 9YG-2.24D?<\/strong><br \/>\nModel 9YG-2.24D zosta\u0142 zaprojektowany z my\u015bl\u0105 o \u0142atwym transporcie. Jego kompaktowa konstrukcja i solidna konstrukcja u\u0142atwiaj\u0105 przemieszczanie mi\u0119dzy r\u00f3\u017cnymi miejscami w gospodarstwie, zw\u0142aszcza z odpowiednim osprz\u0119tem do holowania.<\/li>\n<\/ol>\n<p>edytuj przez gzl<\/p>","protected":false},"excerpt":{"rendered":"<p>Odkryj pras\u0119 zwijaj\u0105c\u0105 9YG-2.24D (S9000 Beyond) \u2013 zaprojektowana z my\u015bl\u0105 o najwy\u017cszej wydajno\u015bci i trwa\u0142o\u015bci, ta prasa idealnie nadaje si\u0119 do du\u017cych gospodarstw rolnych. Jej doskona\u0142a wydajno\u015b\u0107 zapewnia wy\u017csze plony i mniejsze wymagania konserwacyjne. Zmodernizuj sw\u00f3j sprz\u0119t rolniczy ju\u017c dzi\u015b, aby zapewni\u0107 sobie p\u0142ynniejsz\u0105 prac\u0119 i wi\u0119ksz\u0105 wydajno\u015b\u0107. Kup j\u0105 ju\u017c dzi\u015b i przekonaj si\u0119 o mocy najnowocze\u015bniejszej technologii!<\/p>","protected":false},"featured_media":368,"template":"","meta":{"_et_pb_use_builder":"","_et_pb_old_content":"","_et_gb_content_width":""},"product_brand":[],"product_cat":[21],"product_tag":[],"class_list":{"0":"post-364","1":"product","2":"type-product","3":"status-publish","4":"has-post-thumbnail","6":"product_cat-round-baler-rake","8":"first","9":"instock","10":"shipping-taxable","11":"product-type-simple"},"_links":{"self":[{"href":"https:\/\/square-balers.com\/pl\/wp-json\/wp\/v2\/product\/364","targetHints":{"allow":["GET"]}}],"collection":[{"href":"https:\/\/square-balers.com\/pl\/wp-json\/wp\/v2\/product"}],"about":[{"href":"https:\/\/square-balers.com\/pl\/wp-json\/wp\/v2\/types\/product"}],"wp:featuredmedia":[{"embeddable":true,"href":"https:\/\/square-balers.com\/pl\/wp-json\/wp\/v2\/media\/368"}],"wp:attachment":[{"href":"https:\/\/square-balers.com\/pl\/wp-json\/wp\/v2\/media?parent=364"}],"wp:term":[{"taxonomy":"product_brand","embeddable":true,"href":"https:\/\/square-balers.com\/pl\/wp-json\/wp\/v2\/product_brand?post=364"},{"taxonomy":"product_cat","embeddable":true,"href":"https:\/\/square-balers.com\/pl\/wp-json\/wp\/v2\/product_cat?post=364"},{"taxonomy":"product_tag","embeddable":true,"href":"https:\/\/square-balers.com\/pl\/wp-json\/wp\/v2\/product_tag?post=364"}],"curies":[{"name":"wp","href":"https:\/\/api.w.org\/{rel}","templated":true}]}}