{"id":381,"date":"2025-12-16T09:45:03","date_gmt":"2025-12-16T09:45:03","guid":{"rendered":"https:\/\/square-balers.com\/?post_type=product&#038;p=381"},"modified":"2025-12-18T02:57:50","modified_gmt":"2025-12-18T02:57:50","slug":"9-3-2-koszenie-i-wyrownywanie-trawy","status":"publish","type":"product","link":"https:\/\/square-balers.com\/pl\/produkt\/9-3-2-koszenie-i-wyrownywanie-trawy\/","title":{"rendered":"9GQY-3.2 Maszyna do koszenia i wyg\u0142adzania trawy"},"content":{"rendered":"<p>Kosiarka i wyr\u00f3wnywarka trawy 9GQY-3.2 to zaawansowane i wydajne narz\u0119dzie zaprojektowane z my\u015bl\u0105 o zr\u00f3\u017cnicowanych potrzebach nowoczesnego zarz\u0105dzania gruntami. Niezale\u017cnie od tego, czy zajmujesz si\u0119 rolnictwem, kszta\u0142towaniem krajobrazu, czy rekultywacj\u0105 grunt\u00f3w, maszyna ta upraszcza takie zadania, jak koszenie trawnik\u00f3w i wyr\u00f3wnywanie terenu, zapewniaj\u0105c doskona\u0142\u0105 wydajno\u015b\u0107 i oszcz\u0119dno\u015b\u0107 czasu.<\/p>\n<h2>Specyfikacja techniczna<\/h2>\n<table style=\"border-color: #000000;\">\n<thead>\n<tr>\n<th>Numer seryjny<\/th>\n<th>Przedmiot<\/th>\n<th>Jednostka<\/th>\n<th>Specyfikacja<\/th>\n<\/tr>\n<\/thead>\n<tbody>\n<tr>\n<td>1<\/td>\n<td>Nazwa modelu<\/td>\n<td>\/<\/td>\n<td>9GQY-3.2 Kosiarka-kondycjoner<\/td>\n<\/tr>\n<tr>\n<td>2<\/td>\n<td>Metoda trakcji\/zaczepiania<\/td>\n<td>\/<\/td>\n<td>Typ boczno-ci\u0105gniony<\/td>\n<\/tr>\n<tr>\n<td>3<\/td>\n<td>Szeroko\u015b\u0107 ci\u0119cia<\/td>\n<td>M<\/td>\n<td>3.2<\/td>\n<\/tr>\n<tr>\n<td>4<\/td>\n<td>Struktura no\u017ca<\/td>\n<td>\/<\/td>\n<td>Typ obrotowy<\/td>\n<\/tr>\n<tr>\n<td>5<\/td>\n<td>Ilo\u015b\u0107 dysk\u00f3w ostrzowych<\/td>\n<td>szt.<\/td>\n<td>8<\/td>\n<\/tr>\n<tr>\n<td>6<\/td>\n<td>Typ od\u017cywki<\/td>\n<td>\/<\/td>\n<td>Od\u017cywka Strike-Tooth<\/td>\n<\/tr>\n<tr>\n<td>7<\/td>\n<td>Szeroko\u015b\u0107 rozprzestrzeniania<\/td>\n<td>M<\/td>\n<td>0.8-2.2<\/td>\n<\/tr>\n<tr>\n<td>8<\/td>\n<td>Dopasowany zakres mocy<\/td>\n<td>kW\/KM<\/td>\n<td>\u226580,88\/110<\/td>\n<\/tr>\n<tr>\n<td>9<\/td>\n<td>Zakres pr\u0119dko\u015bci roboczej<\/td>\n<td>km\/h<\/td>\n<td>6~15<\/td>\n<\/tr>\n<tr>\n<td>10<\/td>\n<td>Pr\u0119dko\u015b\u0107 WOM<\/td>\n<td>obr.\/min<\/td>\n<td>540-1000<\/td>\n<\/tr>\n<tr>\n<td>11<\/td>\n<td>Ilo\u015b\u0107 ruchomych ostrzy<\/td>\n<td>szt.<\/td>\n<td>16<\/td>\n<\/tr>\n<tr>\n<td>12<\/td>\n<td>Wymiary ca\u0142kowite (d\u0142. \u00d7 szer. \u00d7 wys.)<\/td>\n<td>mm<\/td>\n<td>6750\u00d73500\u00d72000<\/td>\n<\/tr>\n<tr>\n<td>13<\/td>\n<td>\u015arednia wysoko\u015b\u0107 koszenia<\/td>\n<td>mm<\/td>\n<td>\u226550<\/td>\n<\/tr>\n<tr>\n<td>14<\/td>\n<td>Liczba operator\u00f3w<\/td>\n<td>osoba<\/td>\n<td>1<\/td>\n<\/tr>\n<tr>\n<td>15<\/td>\n<td>Masa konstrukcyjna<\/td>\n<td>kg<\/td>\n<td>2185<\/td>\n<\/tr>\n<\/tbody>\n<\/table>\n<h2>Definicja produktu<\/h2>\n<p>Kosiarka i wyr\u00f3wnywarka trawy 9GQY-3.2 to specjalistyczne urz\u0105dzenie przeznaczone do koszenia i wyr\u00f3wnywania trawnik\u00f3w oraz powierzchni gruntowych. \u0141\u0105czy w sobie dwie podstawowe funkcje: koszenie i wyr\u00f3wnywanie nier\u00f3wnego terenu, dzi\u0119ki czemu idealnie nadaje si\u0119 do zastosowa\u0144 rolniczych i ogrodniczych. Ta kompaktowa maszyna doskonale nadaje si\u0119 do piel\u0119gnacji du\u017cych obszar\u00f3w ziemi, zapewniaj\u0105c jednocze\u015bnie g\u0142adk\u0105 i r\u00f3wn\u0105 powierzchni\u0119 do p\u00f3\u017aniejszego u\u017cytkowania.<\/p>\n<h2>Problemy rozwi\u0105zywane przez maszyn\u0119 do koszenia i wyg\u0142adzania trawy 9GQY-3.2<\/h2>\n<p>Wsp\u00f3\u0142czesne rolnictwo i kszta\u0142towanie krajobrazu cz\u0119sto napotykaj\u0105 trudno\u015bci w utrzymaniu du\u017cych obszar\u00f3w ziemi. Nier\u00f3wny teren i przero\u015bni\u0119te chwasty mog\u0105 zak\u0142\u00f3ca\u0107 r\u00f3\u017cne dzia\u0142ania, od prac rolniczych po rekreacj\u0119. Kosiarka i wyr\u00f3wnywarka trawy 9GQY-3.2 skutecznie rozwi\u0105zuje te problemy, sprawnie kosz\u0105c i wyr\u00f3wnuj\u0105c trawnik w jednym przej\u015bciu. Skraca czas i wysi\u0142ek potrzebny na przygotowanie terenu, zwi\u0119ksza wydajno\u015b\u0107 i umo\u017cliwia wykorzystanie ziemi do r\u00f3\u017cnych cel\u00f3w, takich jak sadzenie, kszta\u0142towanie krajobrazu czy budownictwo.<\/p>\n<h2>Zalety produktu<\/h2>\n<ul>\n<li><strong>Podw\u00f3jna funkcjonalno\u015b\u0107<\/strong>:Model 9GQY-3.2 \u0142\u0105czy w jednym urz\u0105dzeniu dwie wa\u017cne funkcje \u2014 koszenie i wyr\u00f3wnywanie trawy \u2014 zwi\u0119kszaj\u0105c tym samym wydajno\u015b\u0107 i redukuj\u0105c potrzeb\u0119 stosowania wielu urz\u0105dze\u0144.<\/li>\n<li><strong>Wydajna wydajno\u015b\u0107<\/strong>:Dzi\u0119ki mocnym silnikom i precyzyjnym ostrzom maszyna ta zapewnia r\u00f3wnomierne i r\u00f3wnomierne koszenie trawy, a jednocze\u015bnie wyr\u00f3wnuje teren, oszcz\u0119dzaj\u0105c czas i wysi\u0142ek.<\/li>\n<li><strong>Wszechstronno\u015b\u0107<\/strong>:Model 9GQY-3.2 nadaje si\u0119 do r\u00f3\u017cnych zastosowa\u0144, m.in. w rolnictwie, kszta\u0142towaniu krajobrazu, na boiskach sportowych i obszarach mieszkalnych. Stanowi wszechstronne rozwi\u0105zanie do szerokiego zakresu zada\u0144 zwi\u0105zanych z zarz\u0105dzaniem gruntami.<\/li>\n<li><strong>Trwa\u0142o\u015b\u0107<\/strong>Wykonany z wysokiej jako\u015bci materia\u0142\u00f3w, model 9GQY-3.2 jest niezwykle trwa\u0142y. Jego solidna konstrukcja gwarantuje odporno\u015b\u0107 na trudne warunki pracy, oferuj\u0105c d\u0142ugotrwa\u0142\u0105 niezawodno\u015b\u0107 i minimaln\u0105 konserwacj\u0119.<\/li>\n<li><strong>\u0141atwo\u015b\u0107 u\u017cytkowania<\/strong>:Wyposa\u017cona w przyjazne dla u\u017cytkownika elementy steruj\u0105ce i intuicyjne funkcje, maszyna ta jest \u0142atwa w obs\u0142udze, dzi\u0119ki czemu mog\u0105 z niej korzysta\u0107 zar\u00f3wno profesjonali\u015bci, jak i nowicjusze w zarz\u0105dzaniu gruntami.<\/li>\n<\/ul>\n<h2>Zasada dzia\u0142ania maszyny do koszenia i wyg\u0142adzania trawy 9GQY-3.2<\/h2>\n<p>Maszyna do koszenia i wyr\u00f3wnywania trawy 9GQY-3.2 dzia\u0142a w oparciu o kombinacj\u0119 ostrzy tn\u0105cych i mechanizm\u00f3w wyr\u00f3wnywania. Ostrza tn\u0105ce zosta\u0142y zaprojektowane z my\u015bl\u0105 o wydajnym koszeniu trawy i ro\u015blinno\u015bci, zapewniaj\u0105c czyste i ostre ci\u0119cie. Jednocze\u015bnie system poziomowania maszyny wyg\u0142adza nier\u00f3wne pod\u0142o\u017ce, rozbija ubit\u0105 gleb\u0119 i niweluje nier\u00f3wno\u015bci. Ten dwufunkcyjny system jest nap\u0119dzany niezawodnym silnikiem, co zapewnia sp\u00f3jn\u0105 wydajno\u015b\u0107 w zr\u00f3\u017cnicowanym terenie.<\/p>\n<p style=\"text-align: center;\"><img loading=\"lazy\" decoding=\"async\" class=\"alignnone wp-image-384\" src=\"https:\/\/square-balers.com\/wp-content\/uploads\/2025\/12\/4-1-1-1.webp\" alt=\"Ci\u0119cie i sp\u0142aszczanie\" width=\"437\" height=\"437\" srcset=\"https:\/\/square-balers.com\/wp-content\/uploads\/2025\/12\/4-1-1-1.webp 245w, https:\/\/square-balers.com\/wp-content\/uploads\/2025\/12\/4-1-1-1-150x150.webp 150w, https:\/\/square-balers.com\/wp-content\/uploads\/2025\/12\/4-1-1-1-12x12.webp 12w, https:\/\/square-balers.com\/wp-content\/uploads\/2025\/12\/4-1-1-1-100x100.webp 100w\" sizes=\"(max-width: 437px) 100vw, 437px\" \/><\/p>\n<h2>G\u0142\u00f3wne zastosowania maszyny do koszenia i wyg\u0142adzania trawy 9GQY-3.2<\/h2>\n<h3>1. Przygotowanie grunt\u00f3w rolnych<\/h3>\n<p>Model 9GQY-3.2 idealnie nadaje si\u0119 do przygotowywania p\u00f3l uprawnych, zapewniaj\u0105c oczyszczenie terenu z przero\u015bni\u0119tej trawy i wyr\u00f3wnanie go pod upraw\u0119. Zmniejsza to nak\u0142ad pracy r\u0119cznej w trakcie przygotowania gruntu, co czyni go narz\u0119dziem oszcz\u0119dzaj\u0105cym czas rolnik\u00f3w.<\/p>\n<h3>2. Projekty zagospodarowania terenu<\/h3>\n<p>W architekturze krajobrazu maszyna doskonale sprawdza si\u0119 przy piel\u0119gnacji ogrod\u00f3w, park\u00f3w i teren\u00f3w rekreacyjnych. Pomaga utrzyma\u0107 traw\u0119 na optymalnej wysoko\u015bci i zapewnia g\u0142adkie, r\u00f3wne powierzchnie, co ma znaczenie estetyczne i funkcjonalne.<\/p>\n<h3>3. Utrzymanie boisk sportowych<\/h3>\n<p>Boiska sportowe wymagaj\u0105 zadbanej trawy i p\u0142askich nawierzchni, aby zapewni\u0107 optymaln\u0105 gr\u0119. 9GQY-3.2 gwarantuje, \u017ce trawa zostanie przyci\u0119ta do odpowiedniej d\u0142ugo\u015bci, a teren wyr\u00f3wnany, co zapewni p\u0142ynne i bezpieczne warunki do gry.<\/p>\n<h3>4. Piel\u0119gnacja trawnik\u00f3w przydomowych<\/h3>\n<p>W\u0142a\u015bciciele dom\u00f3w i osoby zajmuj\u0105ce si\u0119 piel\u0119gnacj\u0105 trawnik\u00f3w u\u017cywaj\u0105 urz\u0105dzenia 9GQY-3.2 do piel\u0119gnacji trawnik\u00f3w przydomowych, zapewniaj\u0105c im zadbany wygl\u0105d, r\u00f3wnomiernie przyci\u0119t\u0105 traw\u0119 i r\u00f3wne powierzchnie.<\/p>\n<h3>5. Przygotowanie placu budowy<\/h3>\n<p>Przed rozpocz\u0119ciem prac budowlanych, 9GQY-3.2 pomaga w oczyszczeniu trawy i wyr\u00f3wnaniu terenu. Dzi\u0119ki temu teren jest odpowiednio przygotowany do dalszych prac, takich jak wykopy czy uk\u0142adanie fundament\u00f3w.<\/p>\n<h3>6. Konserwacja pola golfowego<\/h3>\n<p>Pola golfowe wymagaj\u0105 precyzyjnego koszenia trawy i wyr\u00f3wnywania nawierzchni, aby zapewni\u0107 doskona\u0142e warunki do gry. Model 9GQY-3.2 spe\u0142nia te wymagania, zapewniaj\u0105c sp\u00f3jn\u0105 wydajno\u015b\u0107 na du\u017cych obszarach.<\/p>\n<h2>Jak wybra\u0107 odpowiedni\u0105 kosiark\u0119 i wyr\u00f3wnywark\u0119 trawy 9GQY-3.2<\/h2>\n<h3>1. Typ terenu<\/h3>\n<p>We\u017a pod uwag\u0119 rodzaj terenu, na kt\u00f3rym b\u0119dziesz pracowa\u0107. Je\u015bli pracujesz na p\u0142askich polach, podstawowy model mo\u017ce wystarczy\u0107, ale na nier\u00f3wnym terenie wybierz maszyn\u0119 z regulowanymi ustawieniami, aby uzyska\u0107 bardziej wydajne wyr\u00f3wnywanie terenu.<\/p>\n<h3>2. Wielko\u015b\u0107 obszaru<\/h3>\n<p>Rozmiar obszaru, kt\u00f3ry chcesz pokry\u0107, determinuje rozmiar i moc maszyny. Wi\u0119ksze obszary wymagaj\u0105 mocniejszych maszyn o wi\u0119kszych mo\u017cliwo\u015bciach ci\u0119cia i sp\u0142aszczania.<\/p>\n<h3>3. Cz\u0119stotliwo\u015b\u0107 u\u017cytkowania<\/h3>\n<p>Je\u015bli maszyna b\u0119dzie u\u017cywana cz\u0119sto, wybierz model z trwa\u0142ych materia\u0142\u00f3w i silnikiem o wysokiej wydajno\u015bci. Zapewni to d\u0142ug\u0105 \u017cywotno\u015b\u0107 i zmniejszy ryzyko awarii.<\/p>\n<h3>4. Wymagania konserwacyjne<\/h3>\n<p>Wybierz model z \u0142atwym dost\u0119pem do cz\u0119\u015bci zamiennych i minimalnymi wymaganiami konserwacyjnymi. Maszyna o niskich wymaganiach konserwacyjnych pozwoli zaoszcz\u0119dzi\u0107 czas i pieni\u0105dze w d\u0142u\u017cszej perspektywie.<\/p>\n<h3>5. Bud\u017cet<\/h3>\n<p>Wybieraj\u0105c model, we\u017a pod uwag\u0119 sw\u00f3j bud\u017cet. Chocia\u017c modele z wy\u017cszej p\u00f3\u0142ki mog\u0105 oferowa\u0107 zaawansowane funkcje, modele w ni\u017cszych cenach nadal zapewniaj\u0105 skuteczne koszenie i wyr\u00f3wnywanie trawy w przypadku mniejszych projekt\u00f3w.<\/p>\n<h3>6. \u0141atwo\u015b\u0107 obs\u0142ugi<\/h3>\n<p>Aby u\u0142atwi\u0107 obs\u0142ug\u0119, wybierz model z intuicyjnym sterowaniem i czyteln\u0105 instrukcj\u0105. Przyjazna dla u\u017cytkownika maszyna zapewni p\u0142ynn\u0105 prac\u0119, zw\u0142aszcza osobom bez do\u015bwiadczenia w obs\u0142udze ci\u0119\u017ckiego sprz\u0119tu.<\/p>\n<h2>Konserwacja maszyny do koszenia i wyg\u0142adzania trawy 9GQY-3.2<\/h2>\n<p>Regularna konserwacja jest niezb\u0119dna, aby utrzyma\u0107 kosiark\u0119 i wyr\u00f3wnywark\u0119 trawy 9GQY-3.2 w optymalnym stanie technicznym. Obejmuje to takie czynno\u015bci, jak ostrzenie ostrzy tn\u0105cych, sprawdzanie poziomu oleju silnikowego i czyszczenie maszyny po ka\u017cdym u\u017cyciu. Zawsze nale\u017cy przestrzega\u0107 zalece\u0144 producenta dotycz\u0105cych konserwacji, aby wyd\u0142u\u017cy\u0107 \u017cywotno\u015b\u0107 urz\u0105dzenia. Dodatkowo nale\u017cy sprawdza\u0107 mechanizm wyr\u00f3wnywania pod k\u0105tem zu\u017cycia i niezw\u0142ocznie wymienia\u0107 zu\u017cyte cz\u0119\u015bci. Prawid\u0142owe przechowywanie w suchym, chronionym miejscu r\u00f3wnie\u017c pomo\u017ce zapobiec rdzewieniu i innym uszkodzeniom.<\/p>\n<p style=\"text-align: center;\"><img loading=\"lazy\" decoding=\"async\" class=\"alignnone wp-image-385\" src=\"https:\/\/square-balers.com\/wp-content\/uploads\/2025\/12\/5-1-1-1.webp\" alt=\"Ci\u0119cie i sp\u0142aszczanie\" width=\"427\" height=\"427\" srcset=\"https:\/\/square-balers.com\/wp-content\/uploads\/2025\/12\/5-1-1-1.webp 254w, https:\/\/square-balers.com\/wp-content\/uploads\/2025\/12\/5-1-1-1-150x150.webp 150w, https:\/\/square-balers.com\/wp-content\/uploads\/2025\/12\/5-1-1-1-12x12.webp 12w, https:\/\/square-balers.com\/wp-content\/uploads\/2025\/12\/5-1-1-1-100x100.webp 100w\" sizes=\"(max-width: 427px) 100vw, 427px\" \/><\/p>\n<h2>Opinie klient\u00f3w<\/h2>\n<p>Poni\u017cej znajduj\u0105 si\u0119 opinie klient\u00f3w z r\u00f3\u017cnych kraj\u00f3w i bran\u017c, kt\u00f3rym spodoba\u0142a si\u0119 maszyna do koszenia i wyg\u0142adzania trawy 9GQY-3.2:<\/p>\n<p>\u201eKupili\u015bmy 9GQY-3.2, aby utrzyma\u0107 nasze grunty rolne i to odmieni\u0142o nasze \u017cycie. Po\u0142\u0105czenie koszenia i wyr\u00f3wnywania terenu w jednym przeje\u017adzie pozwoli\u0142o nam zaoszcz\u0119dzi\u0107 mn\u00f3stwo czasu. Jest \u0142atwy w obs\u0142udze, a jego trwa\u0142o\u015b\u0107 jest imponuj\u0105ca. Gor\u0105co polecam t\u0119 maszyn\u0119 ka\u017cdemu w\u0142a\u015bcicielowi gospodarstwa!\u201d<br \/>\n\u2013 <strong>Jan Kowalski, USA<\/strong><\/p>\n<p>\u201eJako architekt krajobrazu, u\u017cywa\u0142em wielu kosiarek do trawy, ale \u017cadna nie by\u0142a tak wydajna i niezawodna jak 9GQY-3.2. Bez problemu radzi sobie z nier\u00f3wnym terenem i idealnie go wyr\u00f3wnuje. Moi klienci s\u0105 zawsze zadowoleni z rezultat\u00f3w. Ta maszyna to must-have dla profesjonalnych architekt\u00f3w krajobrazu.\u201d<br \/>\n\u2013 <strong>Jane Smith, Kanada<\/strong><\/p>\n<p>\u201eW naszej firmie zajmuj\u0105cej si\u0119 utrzymaniem p\u00f3l golfowych potrzebujemy precyzyjnego i szybkiego koszenia oraz wyr\u00f3wnywania trawy. 9GQY-3.2 przewy\u017cszy\u0142 nasze oczekiwania w obu tych obszarach. Jest wytrzyma\u0142y, niezawodny i znacznie skr\u00f3ci\u0142 czas konserwacji. Warty ka\u017cdej z\u0142ot\u00f3wki.\u201d<br \/>\n\u2013 <strong>Mark Williams, Wielka Brytania<\/strong><\/p>\n<p>\u201e9GQY-3.2 to fantastyczny produkt do piel\u0119gnacji du\u017cych p\u00f3l. Pom\u00f3g\u0142 nam szybko i sprawnie przygotowa\u0107 plac budowy. Maszyna jest solidna i \u0142atwa w obs\u0142udze, dzi\u0119ki czemu praca jest znacznie p\u0142ynniejsza. Gor\u0105co j\u0105 polecamy.\u201d<br \/>\n\u2013 <strong>Lucas Hernandez, Meksyk<\/strong><\/p>\n<p>\u201eJako w\u0142a\u015bciciel domu z du\u017cym trawnikiem, wypr\u00f3bowa\u0142em kilka maszyn, ale 9GQY-3.2 jest zdecydowanie najlepsza. R\u00f3wnomiernie kosi traw\u0119 i bez wysi\u0142ku wyr\u00f3wnuje teren. M\u00f3j trawnik nigdy nie wygl\u0105da\u0142 lepiej, a maszyna jest \u0142atwa w obs\u0142udze i utrzymaniu.\u201d<br \/>\n\u2013 <strong>Emily Chen, Australia<\/strong><\/p>\n<h2>Dlaczego warto wybra\u0107 nasz produkt<\/h2>\n<p>Wyb\u00f3r 9GQY-3.2 Grass <a href=\"https:\/\/square-balers.com\/pl\/produkt\/prasa-okragla-9yg-2-24d-s9000-classic\/\">Ci\u0119cie i sp\u0142aszczanie<\/a> Maszyna oznacza inwestycj\u0119 w niezawodny, trwa\u0142y i wydajny sprz\u0119t. Oferujemy szybk\u0105 personalizacj\u0119, aby zapewni\u0107, \u017ce produkty spe\u0142niaj\u0105 Twoje indywidualne potrzeby. Dzi\u0119ki trzyletniej gwarancji i doskona\u0142emu wsparciu posprzeda\u017cowemu mo\u017cesz liczy\u0107 na nasz\u0105 sta\u0142\u0105 pomoc. Oferujemy r\u00f3wnie\u017c szybk\u0105 wysy\u0142k\u0119 na ca\u0142y \u015bwiat, aby sprosta\u0107 Twoim pilnym zam\u00f3wieniom. Zale\u017cy nam na zadowoleniu klienta i zapewniamy kompleksowy serwis posprzeda\u017cowy, aby zapewni\u0107 p\u0142ynne dzia\u0142anie produkt\u00f3w.<\/p>\n<p>Jeste\u015bmy dumni z naszych du\u017cych mo\u017cliwo\u015bci produkcyjnych i najwy\u017cszej jako\u015bci produkt\u00f3w. Konkurencyjne ceny i doskona\u0142a obs\u0142uga klienta wyr\u00f3\u017cniaj\u0105 nas na tle wielu dostawc\u00f3w. Opr\u00f3cz 9GQY-3.2 oferujemy r\u00f3wnie\u017c szereg powi\u0105zanych produkt\u00f3w i akcesori\u00f3w, kt\u00f3re pomog\u0105 Ci utrzyma\u0107 sprz\u0119t w optymalnym stanie. Skontaktuj si\u0119 z nami w dowolnym momencie, aby dowiedzie\u0107 si\u0119 wi\u0119cej i zapozna\u0107 si\u0119 z nasz\u0105 bogat\u0105 ofert\u0105 rozwi\u0105za\u0144 dla wszystkich Twoich potrzeb w zakresie zarz\u0105dzania gruntami. Z niecierpliwo\u015bci\u0105 czekamy na Twoj\u0105 wsp\u00f3\u0142prac\u0119!<\/p>\n<p style=\"text-align: center;\"><img loading=\"lazy\" decoding=\"async\" class=\"alignnone wp-image-383\" src=\"https:\/\/square-balers.com\/wp-content\/uploads\/2025\/12\/3-1-1.webp\" alt=\"Ci\u0119cie i sp\u0142aszczanie\" width=\"447\" height=\"447\" srcset=\"https:\/\/square-balers.com\/wp-content\/uploads\/2025\/12\/3-1-1.webp 246w, https:\/\/square-balers.com\/wp-content\/uploads\/2025\/12\/3-1-1-150x150.webp 150w, https:\/\/square-balers.com\/wp-content\/uploads\/2025\/12\/3-1-1-12x12.webp 12w, https:\/\/square-balers.com\/wp-content\/uploads\/2025\/12\/3-1-1-100x100.webp 100w\" sizes=\"(max-width: 447px) 100vw, 447px\" \/><\/p>\n<h2>Cz\u0119sto zadawane pytania (FAQ)<\/h2>\n<ol>\n<li><strong>Jak dzia\u0142a maszyna do koszenia i wyg\u0142adzania trawy 9GQY-3.2?<\/strong><br \/>\nModel 9GQY-3.2 dzia\u0142a za pomoc\u0105 ostrych ostrzy tn\u0105cych, kt\u00f3re \u015bcinaj\u0105 traw\u0119, jednocze\u015bnie wyr\u00f3wnuj\u0105c nier\u00f3wne powierzchnie dzi\u0119ki mechanizmowi wyr\u00f3wnuj\u0105cemu. Maszyna wykorzystuje mocny silnik do nap\u0119dzania obu proces\u00f3w, zapewniaj\u0105c wydajno\u015b\u0107 na du\u017cych obszarach.<\/li>\n<li><strong>W jakim terenie poradzi sobie 9GQY-3.2?<\/strong><br \/>\nModel 9GQY-3.2 zosta\u0142 zaprojektowany do pracy w zr\u00f3\u017cnicowanym terenie, od p\u0142askich p\u00f3l uprawnych po nier\u00f3wne tereny. Dzia\u0142a skutecznie na trawie, ziemi i lekko ubitych glebach, zapewniaj\u0105c g\u0142adk\u0105 powierzchni\u0119 po ka\u017cdym u\u017cyciu.<\/li>\n<li><strong>Czy 9GQY-3.2 nadaje si\u0119 do zastosowa\u0144 komercyjnych?<\/strong><br \/>\nTak, model 9GQY-3.2 idealnie nadaje si\u0119 do zastosowa\u0144 komercyjnych, w tym do prac ogrodniczych, na polach golfowych, w rolnictwie i na placach budowy. Jego trwa\u0142o\u015b\u0107 i wydajno\u015b\u0107 sprawiaj\u0105, \u017ce jest to niezawodne narz\u0119dzie do ci\u0119\u017ckich zada\u0144.<\/li>\n<li><strong>Czy urz\u0105dzenie 9GQY-3.2 mo\u017cna stosowa\u0107 do piel\u0119gnacji trawnik\u00f3w przydomowych?<\/strong><br \/>\nZdecydowanie. Model 9GQY-3.2 jest kompaktowy i \u0142atwy w obs\u0142udze, co czyni go doskona\u0142ym wyborem dla w\u0142a\u015bcicieli dom\u00f3w, kt\u00f3rzy musz\u0105 dba\u0107 o du\u017ce trawniki. Zapewnia profesjonalne rezultaty przy minimalnym wysi\u0142ku.<\/li>\n<li><strong>Jak konserwowa\u0107 maszyn\u0119 do koszenia i wyg\u0142adzania trawy 9GQY-3.2?<\/strong><br \/>\nRegularna konserwacja obejmuje sprawdzanie stanu no\u017cy pod k\u0105tem zu\u017cycia, czyszczenie maszyny po u\u017cyciu, wymian\u0119 oleju silnikowego oraz kontrol\u0119 mechanizmu sp\u0142aszczaj\u0105cego. Aby zapewni\u0107 optymaln\u0105 wydajno\u015b\u0107, nale\u017cy przestrzega\u0107 zalece\u0144 producenta.<\/li>\n<li><strong>Jaka jest gwarancja na 9GQY-3.2?<\/strong><br \/>\nModel 9GQY-3.2 obj\u0119ty jest 3-letni\u0105 gwarancj\u0105, kt\u00f3ra obejmuje wady materia\u0142owe i wykonawcze. W razie jakichkolwiek problem\u00f3w nasz zesp\u00f3\u0142 obs\u0142ugi posprzeda\u017cowej jest do Pa\u0144stwa dyspozycji.<\/li>\n<li><strong>Jak d\u0142ugo trwa wysy\u0142ka 9GQY-3.2?<\/strong><br \/>\nCzas dostawy r\u00f3\u017cni si\u0119 w zale\u017cno\u015bci od Twojej lokalizacji. Oferujemy szybk\u0105 wysy\u0142k\u0119 na ca\u0142y \u015bwiat, aby zapewni\u0107 szybk\u0105 dostaw\u0119 Twojego zam\u00f3wienia, niezale\u017cnie od Twojej lokalizacji.<\/li>\n<li><strong>Czy obs\u0142uga urz\u0105dzenia 9GQY-3.2 jest \u0142atwa?<\/strong><br \/>\nTak, maszyna zosta\u0142a zaprojektowana z my\u015bl\u0105 o \u0142atwym w obs\u0142udze sterowaniu, kt\u00f3re u\u0142atwia obs\u0142ug\u0119 zar\u00f3wno profesjonalistom, jak i pocz\u0105tkuj\u0105cym. Dla Pa\u0144stwa wygody do\u0142\u0105czono szczeg\u00f3\u0142ow\u0105 instrukcj\u0119.<\/li>\n<li><strong>Czy model 9GQY-3.2 mo\u017cna dostosowa\u0107 do konkretnych potrzeb?<\/strong><br \/>\nOferujemy szybk\u0105 us\u0142ug\u0119 personalizacji, aby zapewni\u0107, \u017ce 9GQY-3.2 idealnie spe\u0142ni Twoje wymagania. Skontaktuj si\u0119 z naszym zespo\u0142em obs\u0142ugi klienta, aby om\u00f3wi\u0107 opcje personalizacji.<\/li>\n<li><strong>Jak zam\u00f3wi\u0107 maszyn\u0119 do koszenia i wyg\u0142adzania trawy 9GQY-3.2?<\/strong><br \/>\nAby zam\u00f3wi\u0107 9GQY-3.2, wystarczy skontaktowa\u0107 si\u0119 z naszym dzia\u0142em sprzeda\u017cy lub odwiedzi\u0107 nasz\u0105 stron\u0119 internetow\u0105. Oferujemy mo\u017cliwo\u015b\u0107 zakupu bezpo\u015bredniego i ch\u0119tnie odpowiemy na wszelkie pytania.<\/li>\n<li><strong>Czy 9GQY-3.2 jest przyjazny dla \u015brodowiska?<\/strong><br \/>\nModel 9GQY-3.2 zosta\u0142 zaprojektowany z my\u015bl\u0105 o energooszcz\u0119dno\u015bci, zapewniaj\u0105c minimalny wp\u0142yw na \u015brodowisko podczas eksploatacji. Spe\u0142nia bran\u017cowe normy dotycz\u0105ce emisji i utylizacji odpad\u00f3w.<\/li>\n<li><strong>W jakich bran\u017cach wykorzystuje si\u0119 9GQY-3.2?<\/strong><br \/>\nModel 9GQY-3.2 jest wykorzystywany w r\u00f3\u017cnych bran\u017cach, w tym w rolnictwie, architekturze krajobrazu, zarz\u0105dzaniu boiskami sportowymi i budownictwie. Jego wszechstronno\u015b\u0107 sprawia, \u017ce \u200b\u200bjest cennym narz\u0119dziem w wielu sektorach.<\/li>\n<li><strong>Czy mog\u0119 u\u017cywa\u0107 9GQY-3.2 na nier\u00f3wnym lub kamienistym terenie?<\/strong><br \/>\nChocia\u017c model 9GQY-3.2 zosta\u0142 zaprojektowany do pracy w nier\u00f3wnym terenie, nie nadaje si\u0119 do pracy na bardzo kamienistych lub mocno ubitych nawierzchniach. W takich warunkach zaleca si\u0119 u\u017cycie maszyny przeznaczonej do pracy w trudniejszych warunkach.<\/li>\n<li><strong>Jak d\u0142ugo wytrzyma 9GQY-3.2?<\/strong><br \/>\nPrzy odpowiedniej konserwacji, 9GQY-3.2 mo\u017ce s\u0142u\u017cy\u0107 przez wiele lat. Urz\u0105dzenie jest wykonane z wysokiej jako\u015bci materia\u0142\u00f3w i zaprojektowane tak, aby wytrzyma\u0107 intensywne u\u017cytkowanie.<\/li>\n<li><strong>Czym model 9GQY-3.2 r\u00f3\u017cni si\u0119 od innych kosiarek do trawy?<\/strong><br \/>\nModel 9GQY-3.2 wyr\u00f3\u017cnia si\u0119 podw\u00f3jn\u0105 funkcjonalno\u015bci\u0105, \u0142\u0105cz\u0105c koszenie trawy i wyr\u00f3wnywanie terenu w jednym urz\u0105dzeniu. Zapewnia to wi\u0119ksz\u0105 wygod\u0119 i wydajno\u015b\u0107 ni\u017c u\u017cywanie oddzielnych narz\u0119dzi do ka\u017cdego zadania.<\/li>\n<\/ol>\n<p>edytuj przez gzl<\/p>\n<p>&nbsp;<\/p>","protected":false},"excerpt":{"rendered":"<p>Odkryj wydajn\u0105 kosiark\u0119 i wyr\u00f3wnywark\u0119 trawy 9GQY-3.2, zaprojektowan\u0105 z my\u015bl\u0105 o wydajnej piel\u0119gnacji trawnik\u00f3w. Dzi\u0119ki zaawansowanej technologii ci\u0119cia zapewnia g\u0142adkie, r\u00f3wnomierne wyko\u0144czenie wszystkich powierzchni zewn\u0119trznych. Wytrzyma\u0142a, niezawodna i \u0142atwa w obs\u0142udze \u2013 idealna zar\u00f3wno dla profesjonalist\u00f3w, jak i w\u0142a\u015bcicieli dom\u00f3w. Kup teraz, aby odmieni\u0107 swoje do\u015bwiadczenia z piel\u0119gnacj\u0105 trawnika!<\/p>","protected":false},"featured_media":386,"template":"","meta":{"_et_pb_use_builder":"","_et_pb_old_content":"","_et_gb_content_width":""},"product_brand":[],"product_cat":[23],"product_tag":[],"class_list":{"0":"post-381","1":"product","2":"type-product","3":"status-publish","4":"has-post-thumbnail","6":"product_cat-mower-tedder","8":"first","9":"instock","10":"shipping-taxable","11":"product-type-simple"},"_links":{"self":[{"href":"https:\/\/square-balers.com\/pl\/wp-json\/wp\/v2\/product\/381","targetHints":{"allow":["GET"]}}],"collection":[{"href":"https:\/\/square-balers.com\/pl\/wp-json\/wp\/v2\/product"}],"about":[{"href":"https:\/\/square-balers.com\/pl\/wp-json\/wp\/v2\/types\/product"}],"wp:featuredmedia":[{"embeddable":true,"href":"https:\/\/square-balers.com\/pl\/wp-json\/wp\/v2\/media\/386"}],"wp:attachment":[{"href":"https:\/\/square-balers.com\/pl\/wp-json\/wp\/v2\/media?parent=381"}],"wp:term":[{"taxonomy":"product_brand","embeddable":true,"href":"https:\/\/square-balers.com\/pl\/wp-json\/wp\/v2\/product_brand?post=381"},{"taxonomy":"product_cat","embeddable":true,"href":"https:\/\/square-balers.com\/pl\/wp-json\/wp\/v2\/product_cat?post=381"},{"taxonomy":"product_tag","embeddable":true,"href":"https:\/\/square-balers.com\/pl\/wp-json\/wp\/v2\/product_tag?post=381"}],"curies":[{"name":"wp","href":"https:\/\/api.w.org\/{rel}","templated":true}]}}