{"id":388,"date":"2025-12-18T03:18:12","date_gmt":"2025-12-18T03:18:12","guid":{"rendered":"https:\/\/square-balers.com\/?post_type=product&#038;p=388"},"modified":"2025-12-19T01:45:24","modified_gmt":"2025-12-19T01:45:24","slug":"kosiarka-z-podwojnym-ostrzem-9gs-5-0","status":"publish","type":"product","link":"https:\/\/square-balers.com\/pl\/produkt\/kosiarka-z-podwojnym-ostrzem-9gs-5-0\/","title":{"rendered":"Kosiarka trakcyjna z podw\u00f3jnym ostrzem 9GS-5.0"},"content":{"rendered":"<p>Kosiarka 9GS-5.0 Traction Double-Blade to wydajny i wytrzyma\u0142y sprz\u0119t do piel\u0119gnacji trawnik\u00f3w, zaprojektowany z my\u015bl\u0105 o u\u0142atwieniu i zwi\u0119kszeniu efektywno\u015bci koszenia. Wyposa\u017cona jest w system podw\u00f3jnych ostrzy zapewniaj\u0105cy precyzyjne ci\u0119cie oraz ergonomiczn\u0105 konstrukcj\u0119 zapewniaj\u0105c\u0105 komfort u\u017cytkowania. Dzi\u0119ki mocnemu systemowi trakcji, kosiarka doskonale nadaje si\u0119 zar\u00f3wno do piel\u0119gnacji trawnik\u00f3w przydomowych, jak i komercyjnych. Jej wszechstronno\u015b\u0107 i niezawodno\u015b\u0107 sprawi\u0142y, \u017ce sta\u0142a si\u0119 ulubionym urz\u0105dzeniem zar\u00f3wno profesjonalist\u00f3w, jak i entuzjast\u00f3w.<\/p>\n<h2>Specyfikacja techniczna<\/h2>\n<table style=\"border-color: #000000;\">\n<thead>\n<tr>\n<th>Parametry rdzeniowe<\/th>\n<th>Bli\u017csze dane<\/th>\n<\/tr>\n<\/thead>\n<tbody>\n<tr>\n<td>Typ sprz\u0119tu<\/td>\n<td>Kosiarka z podw\u00f3jnym ci\u0119ciem i posuwisto-zwrotnym uk\u0142adem trakcyjnym<\/td>\n<\/tr>\n<tr>\n<td>Dopasowana moc<\/td>\n<td>20\u201330 kW (odpowiednie do mocy ci\u0105gnika)<\/td>\n<\/tr>\n<tr>\n<td>Pojemno\u015b\u0107 operacyjna<\/td>\n<td>Szeroko\u015b\u0107 koszenia 5m, wydajno\u015b\u0107 2,4\u20132,8 ha na godzin\u0119<\/td>\n<\/tr>\n<tr>\n<td>Parametry operacyjne<\/td>\n<td>Pr\u0119dko\u015b\u0107 robocza 6\u20137 km\/h, wysoko\u015b\u0107 \u015bcierniska 60\u201370 mm<\/td>\n<\/tr>\n<tr>\n<td>Wymiary i waga<\/td>\n<td>Wymiary ca\u0142kowite: 2800\u00d75630\u00d71500 mm, waga: 750 kg<\/td>\n<\/tr>\n<\/tbody>\n<\/table>\n<h2>Definicja produktu<\/h2>\n<p>Kosiarka 9GS-5.0 Traction Double-Blade to najnowocze\u015bniejsza kosiarka do trawy wyposa\u017cona w system tn\u0105cy z podw\u00f3jnym ostrzem i solidny mechanizm nap\u0119dowy. Zapewnia wyj\u0105tkow\u0105 precyzj\u0119 ci\u0119cia i trwa\u0142o\u015b\u0107, dzi\u0119ki czemu idealnie nadaje si\u0119 do piel\u0119gnacji du\u017cych trawnik\u00f3w. Idealnie nadaje si\u0119 dla profesjonalist\u00f3w, kt\u00f3rzy potrzebuj\u0105 niezawodnego i wydajnego sprz\u0119tu do piel\u0119gnacji trawnik\u00f3w zar\u00f3wno przydomowych, jak i komercyjnych.<\/p>\n<h2>Rozwi\u0105zane problemy i zastosowania<\/h2>\n<p>Kosiarka 9GS-5.0 Traction Double-Blade rozwi\u0105zuje kilka kluczowych problem\u00f3w w piel\u0119gnacji trawnik\u00f3w. Pomaga u\u017cytkownikom uzyska\u0107 czyste i r\u00f3wne ci\u0119cie, skraca czas koszenia dzi\u0119ki wydajnej konstrukcji z podw\u00f3jnym ostrzem i minimalizuje wysi\u0142ek potrzebny do koszenia du\u017cych obszar\u00f3w dzi\u0119ki mocnemu systemowi trakcji. Jej wszechstronne zastosowanie sprawia, \u017ce \u200b\u200bnadaje si\u0119 do r\u00f3\u017cnych rodzaj\u00f3w trawnik\u00f3w i warunk\u00f3w koszenia. Niezale\u017cnie od tego, czy masz do czynienia z g\u0119st\u0105 traw\u0105, nier\u00f3wnym terenem, czy stromymi zboczami, ta kosiarka poradzi sobie ze wszystkim. Kosiarka zosta\u0142a r\u00f3wnie\u017c zaprojektowana tak, aby ograniczy\u0107 potrzeb\u0119 cz\u0119stej konserwacji, zapewniaj\u0105c d\u0142ugotrwa\u0142\u0105 wydajno\u015b\u0107 i niezawodno\u015b\u0107.<\/p>\n<p style=\"text-align: center;\"><img loading=\"lazy\" decoding=\"async\" class=\"alignnone wp-image-391\" src=\"https:\/\/square-balers.com\/wp-content\/uploads\/2025\/12\/ep-9GS-5.0-Traction-Double-Blade-Mower-2-1.webp\" alt=\"Kosiarka dwuostrzowa\" width=\"450\" height=\"450\" srcset=\"https:\/\/square-balers.com\/wp-content\/uploads\/2025\/12\/ep-9GS-5.0-Traction-Double-Blade-Mower-2-1.webp 254w, https:\/\/square-balers.com\/wp-content\/uploads\/2025\/12\/ep-9GS-5.0-Traction-Double-Blade-Mower-2-1-150x150.webp 150w, https:\/\/square-balers.com\/wp-content\/uploads\/2025\/12\/ep-9GS-5.0-Traction-Double-Blade-Mower-2-1-12x12.webp 12w, https:\/\/square-balers.com\/wp-content\/uploads\/2025\/12\/ep-9GS-5.0-Traction-Double-Blade-Mower-2-1-100x100.webp 100w\" sizes=\"(max-width: 450px) 100vw, 450px\" \/><\/p>\n<h2>Zalety produktu<\/h2>\n<p>Oto najwa\u017cniejsze zalety kosiarki dwuostrzowej 9GS-5.0:<\/p>\n<ul>\n<li><strong>Zaawansowana technologia podw\u00f3jnego ostrza:<\/strong> System dw\u00f3ch ostrzy zapewnia doskona\u0142\u0105 wydajno\u015b\u0107 ci\u0119cia, umo\u017cliwiaj\u0105c g\u0142adkie, czyste i r\u00f3wnomierne koszenie wielu rodzaj\u00f3w trawy.<\/li>\n<li><strong>Mocny uk\u0142ad trakcyjny:<\/strong> Wyposa\u017cona w solidny mechanizm trakcyjny kosiarka gwarantuje doskona\u0142\u0105 zwrotno\u015b\u0107 i kontrol\u0119 na trudnym terenie, w tym na stromych zboczach i nier\u00f3wnym pod\u0142o\u017cu.<\/li>\n<li><strong>Zwi\u0119kszona trwa\u0142o\u015b\u0107:<\/strong> Wykonana z wysokiej jako\u015bci materia\u0142\u00f3w kosiarka 9GS-5.0 jest przystosowana do cz\u0119stego u\u017cytkowania i trudnych warunk\u00f3w koszenia, co gwarantuje d\u0142ug\u0105 \u017cywotno\u015b\u0107.<\/li>\n<li><strong>Niskie wymagania konserwacyjne:<\/strong> Dzi\u0119ki zaawansowanej in\u017cynierii i przyjaznej u\u017cytkownikowi konstrukcji kosiarka ta wymaga minimalnej konserwacji, co zmniejsza czas i koszty zwi\u0105zane z utrzymaniem.<\/li>\n<li><strong>Ergonomiczna konstrukcja:<\/strong> Ergonomiczne cechy kosiarki gwarantuj\u0105 komfortowe koszenie nawet podczas d\u0142u\u017cszych prac, redukuj\u0105c obci\u0105\u017cenie operatora.<\/li>\n<\/ul>\n<h2>Jak to dzia\u0142a<\/h2>\n<p>Kosiarka 9GS-5.0 Traction Double-Blade Mower dzia\u0142a dzi\u0119ki po\u0142\u0105czeniu podw\u00f3jnego systemu tn\u0105cego z wydajnym mechanizmem trakcyjnym. Podw\u00f3jne ostrza obracaj\u0105 si\u0119 jednocze\u015bnie, zapewniaj\u0105c precyzyjne koszenie i czyste, r\u00f3wnomierne wyko\u0144czenie trawnika przy ka\u017cdym przeje\u017adzie. System trakcyjny nap\u0119dza ko\u0142a kosiarki, umo\u017cliwiaj\u0105c p\u0142ynne poruszanie si\u0119 po trawniku. Taka konstrukcja umo\u017cliwia kosiarce p\u0142ynne poruszanie si\u0119 po nier\u00f3wnym lub pag\u00f3rkowatym terenie bez konieczno\u015bci u\u017cycia nadmiernej si\u0142y przez operatora. Uk\u0142ad nap\u0119dowy jest zr\u00f3wnowa\u017cony, co optymalizuje zar\u00f3wno wydajno\u015b\u0107 koszenia, jak i zwrotno\u015b\u0107.<\/p>\n<h2>G\u0142\u00f3wne zastosowania<\/h2>\n<p>Kosiarka trakcyjna 9GS-5.0 z podw\u00f3jnym ostrzem nadaje si\u0119 do r\u00f3\u017cnych \u015brodowisk i scenariuszy. Oto g\u0142\u00f3wne zastosowania:<\/p>\n<ul>\n<li><strong>Trawniki przydomowe:<\/strong> Idealne rozwi\u0105zanie dla w\u0142a\u015bcicieli dom\u00f3w, kt\u00f3rzy chc\u0105 utrzyma\u0107 zadbany trawnik przy minimalnym wysi\u0142ku.<\/li>\n<li><strong>Krajobrazy komercyjne:<\/strong> Idealne dla profesjonalist\u00f3w zajmuj\u0105cych si\u0119 kszta\u0142towaniem krajobrazu, kt\u00f3rzy potrzebuj\u0105 niezawodnego i wydajnego sprz\u0119tu do utrzymania wi\u0119kszych nieruchomo\u015bci komercyjnych.<\/li>\n<li><strong>Pola golfowe:<\/strong> Zaprojektowana z my\u015bl\u0105 o precyzji, \u015bwietnie nadaje si\u0119 do koszenia fairway\u00f3w i green\u00f3w na polach golfowych.<\/li>\n<li><strong>Parki i tereny rekreacyjne:<\/strong> Nadaje si\u0119 do utrzymania przestrzeni publicznych i teren\u00f3w rekreacyjnych, zapewniaj\u0105c czyste i atrakcyjne otoczenie.<\/li>\n<li><strong>Driving Range'y golfowe:<\/strong> Jego trwa\u0142o\u015b\u0107 i wydajno\u015b\u0107 sprawiaj\u0105, \u017ce doskonale nadaje si\u0119 do piel\u0119gnacji rozleg\u0142ych obszar\u00f3w trawiastych na polach golfowych.<\/li>\n<li><strong>Boiska sportowe:<\/strong> Doskonale nadaje si\u0119 do koszenia boisk sportowych, zapewniaj\u0105c r\u00f3wnomiern\u0105 i dobrze utrzyman\u0105 nawierzchni\u0119 do gry.<\/li>\n<\/ul>\n<h2>Jak wybra\u0107 odpowiedni\u0105 kosiark\u0119 9GS-5.0 z podw\u00f3jnym ostrzem<\/h2>\n<p>Wybieraj\u0105c kosiark\u0119 dwuostrzow\u0105 9GS-5.0, nale\u017cy wzi\u0105\u0107 pod uwag\u0119 nast\u0119puj\u0105ce czynniki:<\/p>\n<ul>\n<li><strong>Szeroko\u015b\u0107 ci\u0119cia:<\/strong> Szeroko\u015b\u0107 koszenia wp\u0142ywa na szybko\u015b\u0107 koszenia du\u017cych obszar\u00f3w. Wybierz szeroko\u015b\u0107 pasuj\u0105c\u0105 do rozmiaru trawnika lub terenu, na kt\u00f3rym pracujesz.<\/li>\n<li><strong>Moc silnika:<\/strong> Upewnij si\u0119, \u017ce kosiarka ma wystarczaj\u0105c\u0105 moc, aby poradzi\u0107 sobie z terenem i rodzajami trawy w Twojej okolicy. Mocniejsze silniki idealnie sprawdzaj\u0105 si\u0119 w trudnych warunkach.<\/li>\n<li><strong>Trwa\u0142o\u015b\u0107:<\/strong> Wybierz kosiark\u0119 o solidnej konstrukcji, kt\u00f3ra wytrzyma trudy cz\u0119stego u\u017cytkowania.<\/li>\n<li><strong>Waga:<\/strong> Nale\u017cy wzi\u0105\u0107 pod uwag\u0119 wag\u0119 kosiarki, aby u\u0142atwi\u0107 manewrowanie, zw\u0142aszcza je\u015bli zamierzasz pracowa\u0107 na pag\u00f3rkowatym lub nier\u00f3wnym terenie.<\/li>\n<li><strong>Ergonomia:<\/strong> Zwr\u00f3\u0107 uwag\u0119 na takie funkcje, jak regulowane uchwyty i mechanizmy redukuj\u0105ce wibracje, aby zwi\u0119kszy\u0107 komfort podczas d\u0142ugich sesji koszenia.<\/li>\n<li><strong>Wymagania konserwacyjne:<\/strong> Wybierz model odpowiadaj\u0105cy Twojemu preferowanemu trybowi konserwacji, z \u0142atwo dost\u0119pnymi cz\u0119\u015bciami, umo\u017cliwiaj\u0105cymi szybk\u0105 i prost\u0105 konserwacj\u0119.<\/li>\n<\/ul>\n<p style=\"text-align: center;\"><img loading=\"lazy\" decoding=\"async\" class=\"alignnone wp-image-392\" src=\"https:\/\/square-balers.com\/wp-content\/uploads\/2025\/12\/ep-9GS-5.0-Traction-Double-Blade-Mower-3.jpg\" alt=\"Kosiarka dwuostrzowa\" width=\"435\" height=\"435\" srcset=\"https:\/\/square-balers.com\/wp-content\/uploads\/2025\/12\/ep-9GS-5.0-Traction-Double-Blade-Mower-3.jpg 266w, https:\/\/square-balers.com\/wp-content\/uploads\/2025\/12\/ep-9GS-5.0-Traction-Double-Blade-Mower-3-150x150.jpg 150w, https:\/\/square-balers.com\/wp-content\/uploads\/2025\/12\/ep-9GS-5.0-Traction-Double-Blade-Mower-3-12x12.jpg 12w, https:\/\/square-balers.com\/wp-content\/uploads\/2025\/12\/ep-9GS-5.0-Traction-Double-Blade-Mower-3-100x100.jpg 100w\" sizes=\"(max-width: 435px) 100vw, 435px\" \/><\/p>\n<h2>Wskaz\u00f3wki dotycz\u0105ce konserwacji kosiarki z podw\u00f3jnym ostrzem 9GS-5.0<\/h2>\n<p>Prawid\u0142owa konserwacja gwarantuje d\u0142ugowieczno\u015b\u0107 i optymaln\u0105 wydajno\u015b\u0107 kosiarki 9GS-5.0 Traction Double-Blade. Oto kilka kluczowych wskaz\u00f3wek dotycz\u0105cych konserwacji:<\/p>\n<ul>\n<li><strong>Standardowe ostrzenie ostrzy:<\/strong> Upewnij si\u0119, \u017ce ostrza kosiarki s\u0105 ostre, aby zapewni\u0107 r\u00f3wne i czyste ci\u0119cie. T\u0119pe ostrza mog\u0105 uszkodzi\u0107 traw\u0119 i wp\u0142yn\u0105\u0107 na wydajno\u015b\u0107 koszenia.<\/li>\n<li><strong>Wyczy\u015b\u0107 kosiark\u0119 po ka\u017cdym u\u017cyciu:<\/strong> Po ka\u017cdym u\u017cyciu kosiarki nale\u017cy usun\u0105\u0107 z niej skoszon\u0105 traw\u0119 i inne zanieczyszczenia, aby zapobiec zatkaniu urz\u0105dzenia i zu\u017cyciu jego podzespo\u0142\u00f3w.<\/li>\n<li><strong>Sprawd\u017a olej silnikowy:<\/strong> Regularnie sprawdzaj i wymieniaj olej silnikowy, aby zachowa\u0107 wydajno\u015b\u0107 silnika i zapobiec jego przegrzaniu.<\/li>\n<li><strong>Sprawd\u017a opony:<\/strong> Upewnij si\u0119, \u017ce opony s\u0105 odpowiednio napompowane, aby unikn\u0105\u0107 nier\u00f3wnomiernego koszenia i zapewni\u0107 przyczepno\u015b\u0107 na r\u00f3\u017cnym terenie.<\/li>\n<li><strong>Smarowanie ruchomych cz\u0119\u015bci:<\/strong> Smarowanie ruchomych cz\u0119\u015bci kosiarki zmniejsza tarcie i zu\u017cycie, zapewniaj\u0105c p\u0142ynn\u0105 prac\u0119 i wyd\u0142u\u017caj\u0105c \u017cywotno\u015b\u0107 urz\u0105dzenia.<\/li>\n<\/ul>\n<h2>Opinie klient\u00f3w<\/h2>\n<h3>Opinie klient\u00f3w z r\u00f3\u017cnych kraj\u00f3w<\/h3>\n<p>\u201eU\u017cywam 9GS-5.0 od kilku miesi\u0119cy na moim polu golfowym i musz\u0119 przyzna\u0107, \u017ce przeros\u0142o moje oczekiwania. Podw\u00f3jne ostrza zapewniaj\u0105 niezwykle czyste ci\u0119cie, a system trakcji pozwala mi bez problemu pokonywa\u0107 strome zbocza na naszym polu. Oszcz\u0119dza nam to czas i zmniejsza zu\u017cycie innego sprz\u0119tu\u201d.<br \/>\n<strong>\u2013 John Smith, Stany Zjednoczone<\/strong><\/p>\n<p>\u201eJako projektant krajobrazu potrzebuj\u0119 sprz\u0119tu, kt\u00f3ry poradzi sobie z najr\u00f3\u017cniejszymi zadaniami. Model 9GS-5.0 jest mocny, wydajny i \u0142atwy w utrzymaniu. Wydajno\u015b\u0107 na moich posesjach komercyjnych by\u0142a fantastyczna, a klienci bardzo pozytywnie mnie ocenili. Zdecydowanie polecam!\u201d<br \/>\n<strong>\u2013 Michael Liu, Kanada<\/strong><\/p>\n<p>\u201eMam du\u017cy trawnik przydomowy, a kosiarka 9GS-5.0 znacznie u\u0142atwi\u0142a mi koszenie. System trakcji \u015bwietnie sprawdza si\u0119 na moim nier\u00f3wnym trawniku, a ja uwielbiam to, jak kosiarka sunie po g\u0119stej trawie bez zatrzymywania si\u0119. Warto by\u0142o zainwestowa\u0107!\u201d<br \/>\n<strong>\u2013 Emma Kowalski, Wielka Brytania<\/strong><\/p>\n<p>\u201eTa kosiarka to doskona\u0142y wyb\u00f3r dla ka\u017cdego, kto zajmuje si\u0119 piel\u0119gnacj\u0105 trawnik\u00f3w. Jest trwa\u0142a, mocna i zapewnia p\u0142ynne ci\u0119cie za ka\u017cdym razem. U\u017cywa\u0142em jej na r\u00f3\u017cnych terenach komercyjnych i nie m\u00f3g\u0142bym by\u0107 bardziej zadowolony z jej wydajno\u015bci\u201d.<br \/>\n<strong>\u2013 Antonio Garcia, Hiszpania<\/strong><\/p>\n<p>\u201eKupi\u0142em kosiark\u0119 9GS-5.0 do mojego du\u017cego parku i odmieni\u0142a ona moje \u017cycie. Precyzja koszenia jest niesamowita, a moc kosiarki jest idealna do tego zadania. Zaoszcz\u0119dzi\u0142a nam mn\u00f3stwo czasu w por\u00f3wnaniu ze starszym sprz\u0119tem, kt\u00f3rego u\u017cywali\u015bmy\u201d.<br \/>\n<strong>\u2013 Sophie Lemoine, Francja<\/strong><\/p>\n<h2>Dlaczego warto wybra\u0107 nasz produkt<\/h2>\n<p>Nasza kosiarka 9GS-5.0 Traction Double-Blade wyr\u00f3\u017cnia si\u0119 jako\u015bci\u0105, niezawodno\u015bci\u0105 i wydajno\u015bci\u0105. Oferujemy szybk\u0105 personalizacj\u0119, dostosowan\u0105 do indywidualnych potrzeb, wspieran\u0105 przez silny zesp\u00f3\u0142 obs\u0142ugi posprzeda\u017cowej. Dzi\u0119ki 3-letniej gwarancji nasz produkt zapewnia spok\u00f3j ducha i bezproblemow\u0105 eksploatacj\u0119. Zapewniamy szybk\u0105 wysy\u0142k\u0119 na ca\u0142y \u015bwiat, aby spe\u0142ni\u0107 Twoje wymagania dotycz\u0105ce zam\u00f3wienia, a nasz kompleksowy serwis posprzeda\u017cowy gwarantuje Twoj\u0105 satysfakcj\u0119.<\/p>\n<p>Wybierz nasz\u0105 kosiark\u0119 9GS-5.0 Traction Double-Blade ze wzgl\u0119du na jej niezr\u00f3wnan\u0105 wydajno\u015b\u0107 i trwa\u0142o\u015b\u0107. Ponadto, nasza firma s\u0142ynie z du\u017cych mo\u017cliwo\u015bci produkcyjnych, doskona\u0142ej jako\u015bci produkt\u00f3w, konkurencyjnych cen i wyj\u0105tkowej obs\u0142ugi klienta. Oferujemy r\u00f3wnie\u017c szerok\u0105 gam\u0119 produkt\u00f3w i akcesori\u00f3w, kt\u00f3re pomog\u0105 Ci w piel\u0119gnacji trawnika.<\/p>\n<p>Nie przegap okazji na udoskonalenie piel\u0119gnacji trawnika dzi\u0119ki kosiarce 9GS-5.0 Traction <a href=\"https:\/\/square-balers.com\/pl\/produkt\/9-3-2-koszenie-i-wyrownywanie-trawy\/\">Kosiarka dwuostrzowa<\/a>Skontaktuj si\u0119 z nami ju\u017c dzi\u015b, aby dowiedzie\u0107 si\u0119 wi\u0119cej i z\u0142o\u017cy\u0107 zam\u00f3wienie!<\/p>\n<p style=\"text-align: center;\"><img loading=\"lazy\" decoding=\"async\" class=\"alignnone wp-image-393\" src=\"https:\/\/square-balers.com\/wp-content\/uploads\/2025\/12\/ep-9GS-5.0-Traction-Double-Blade-Mower-4-1.webp\" alt=\"Kosiarka dwuostrzowa\" width=\"428\" height=\"428\" srcset=\"https:\/\/square-balers.com\/wp-content\/uploads\/2025\/12\/ep-9GS-5.0-Traction-Double-Blade-Mower-4-1.webp 263w, https:\/\/square-balers.com\/wp-content\/uploads\/2025\/12\/ep-9GS-5.0-Traction-Double-Blade-Mower-4-1-150x150.webp 150w, https:\/\/square-balers.com\/wp-content\/uploads\/2025\/12\/ep-9GS-5.0-Traction-Double-Blade-Mower-4-1-12x12.webp 12w, https:\/\/square-balers.com\/wp-content\/uploads\/2025\/12\/ep-9GS-5.0-Traction-Double-Blade-Mower-4-1-100x100.webp 100w\" sizes=\"(max-width: 428px) 100vw, 428px\" \/><\/p>\n<h2>Cz\u0119sto zadawane pytania (FAQ)<\/h2>\n<p data-start=\"284\" data-end=\"598\"><strong data-start=\"284\" data-end=\"341\">1. Czym jest kosiarka dwuostrzowa i jak dzia\u0142a?<\/strong><br data-start=\"341\" data-end=\"344\" \/>Kosiarka z podw\u00f3jnym ostrzem posiada dwa ostrza, kt\u00f3re wsp\u00f3\u0142pracuj\u0105 ze sob\u0105, zapewniaj\u0105c czystsze i wydajniejsze ci\u0119cie. Ten typ kosiarki jest przeznaczony dla w\u0142a\u015bcicieli dom\u00f3w i ogrodnik\u00f3w, kt\u00f3rzy potrzebuj\u0105 wydajnego rozwi\u0105zania do du\u017cych trawnik\u00f3w i intensywnych prac kosz\u0105cych.<\/p>\n<p data-start=\"600\" data-end=\"916\"><strong data-start=\"600\" data-end=\"680\">2. Co sprawia, \u017ce \u200b\u200bkosiarka z podw\u00f3jnym ostrzem 9GS-5.0 idealnie nadaje si\u0119 do du\u017cych trawnik\u00f3w?<\/strong><br data-start=\"680\" data-end=\"683\" \/>Opona 9GS-5.0 Traction <a href=\"https:\/\/square-balers.com\/pl\/produkt\/9-3-2-koszenie-i-wyrownywanie-trawy\/\">Kosiarka dwuostrzowa do du\u017cych trawnik\u00f3w<\/a> Zosta\u0142a zaprojektowana z my\u015bl\u0105 o trudnych, rozleg\u0142ych terenach. \u0141\u0105czy zaawansowan\u0105 technologi\u0119 trakcji z podw\u00f3jnym ostrzem tn\u0105cym, zapewniaj\u0105c \u0142atwo\u015b\u0107 i precyzj\u0119 koszenia du\u017cych posesji.<\/p>\n<p data-start=\"918\" data-end=\"1231\"><strong data-start=\"918\" data-end=\"989\">3. Jak wybra\u0107 najlepsz\u0105 kosiark\u0119 do trawy o du\u017cej wytrzyma\u0142o\u015bci, kt\u00f3ra spe\u0142ni moje potrzeby?<\/strong><br data-start=\"989\" data-end=\"992\" \/>Wybieraj\u0105c wytrzyma\u0142\u0105 kosiark\u0119 do trawy, we\u017a pod uwag\u0119 takie czynniki, jak wielko\u015b\u0107 trawnika, moc silnika, konstrukcja ostrza i \u0142atwo\u015b\u0107 konserwacji. W przypadku wi\u0119kszych trawnik\u00f3w kosiarka z podw\u00f3jnym ostrzem, taka jak kosiarka trakcyjna 9GS-5.0, b\u0119dzie doskona\u0142ym wyborem.<\/p>\n<p data-start=\"1233\" data-end=\"1542\"><strong data-start=\"1233\" data-end=\"1290\">4. Jakie s\u0105 korzy\u015bci z posiadania kosiarki do trawy?<\/strong><br data-start=\"1290\" data-end=\"1293\" \/>Kosiarka do trawnik\u00f3w zosta\u0142a zaprojektowana z my\u015bl\u0105 o koszeniu trawnik\u00f3w o skomplikowanych kszta\u0142tach, zapewniaj\u0105c czyste i r\u00f3wne ci\u0119cie. Modele takie jak kosiarka dwuostrzowa 9GS-5.0 idealnie nadaj\u0105 si\u0119 zar\u00f3wno dla profesjonalnych projektant\u00f3w krajobrazu, jak i w\u0142a\u015bcicieli dom\u00f3w, kt\u00f3rzy chc\u0105 utrzyma\u0107 nieskazitelny trawnik.<\/p>\n<p data-start=\"1544\" data-end=\"1820\"><strong data-start=\"1544\" data-end=\"1614\">5. Czy kosiarka dwuostrzowa poradzi sobie z tward\u0105 traw\u0105 i nier\u00f3wnym terenem?<\/strong><br data-start=\"1614\" data-end=\"1617\" \/>Tak, kosiarka dwuostrzowa idealnie nadaje si\u0119 do koszenia twardej trawy i nier\u00f3wnego terenu. Podw\u00f3jne ostrza wsp\u00f3\u0142pracuj\u0105 ze sob\u0105, aby zwi\u0119kszy\u0107 wydajno\u015b\u0107 koszenia, u\u0142atwiaj\u0105c utrzymanie r\u00f3wnego, r\u00f3wnego trawnika.<\/p>\n<p data-start=\"1822\" data-end=\"2130\"><strong data-start=\"1822\" data-end=\"1906\">6. Jak dba\u0107 o kosiark\u0119 dwuostrzow\u0105 9GS-5.0, aby zapewni\u0107 jej optymaln\u0105 wydajno\u015b\u0107?<\/strong><br data-start=\"1906\" data-end=\"1909\" \/>Aby utrzyma\u0107 kosiark\u0119 9GS-5.0 z podw\u00f3jnym ostrzem, nale\u017cy regularnie czy\u015bci\u0107 ostrza, sprawdza\u0107 poziom oleju i sprawdza\u0107 zu\u017cycie opon. Prawid\u0142owa konserwacja zapewnia kosiarce doskona\u0142y stan techniczny, szczeg\u00f3lnie w przypadku du\u017cych trawnik\u00f3w.<\/p>\n<p data-start=\"2132\" data-end=\"2473\"><strong data-start=\"2132\" data-end=\"2206\">7. Czy kosiarka dwuostrzowa 9GS-5.0 nadaje si\u0119 do u\u017cytku przydomowego?<\/strong><br data-start=\"2206\" data-end=\"2209\" \/>Tak, kosiarka dwuostrzowa 9GS-5.0 do du\u017cych trawnik\u00f3w idealnie nadaje si\u0119 do u\u017cytku domowego, szczeg\u00f3lnie na rozleg\u0142ych posesjach. Jej solidna konstrukcja i wydajny mechanizm tn\u0105cy sprawiaj\u0105, \u017ce jest to doskona\u0142y wyb\u00f3r dla w\u0142a\u015bcicieli dom\u00f3w, kt\u00f3rzy potrzebuj\u0105 mocnego sprz\u0119tu do koszenia.<\/p>\n<p data-start=\"2475\" data-end=\"2802\"><strong data-start=\"2475\" data-end=\"2532\">8. Na co zwr\u00f3ci\u0107 uwag\u0119 przy wyborze wytrzyma\u0142ej kosiarki do trawy?<\/strong><br data-start=\"2532\" data-end=\"2535\" \/>Szukaj\u0105c wytrzyma\u0142ej kosiarki do trawy, upewnij si\u0119, \u017ce ma mocny silnik, trwa\u0142e ostrza i funkcje takie jak kontrola trakcji. Kosiarka dwuostrzowa 9GS-5.0 wyr\u00f3\u017cnia si\u0119 pod ka\u017cdym wzgl\u0119dem, oferuj\u0105c niezawodn\u0105 wydajno\u015b\u0107 na du\u017cych trawnikach i w trudnych warunkach koszenia.<\/p>\n<p data-start=\"2804\" data-end=\"3102\"><strong data-start=\"2804\" data-end=\"2884\">9. Czy kosiark\u0119 dwuostrzow\u0105 9GS-5.0 Traction Double-Blade mo\u017cna stosowa\u0107 na terenie pag\u00f3rkowatym?<\/strong><br data-start=\"2884\" data-end=\"2887\" \/>Tak, kosiarka 9GS-5.0 Traction Double-Blade zosta\u0142a zaprojektowana do koszenia w trudnym terenie, w tym na wzg\u00f3rzach. Jej uk\u0142ad trakcyjny zapewnia dodatkow\u0105 stabilno\u015b\u0107, gwarantuj\u0105c p\u0142ynne koszenie na zboczach i nier\u00f3wnych powierzchniach.<\/p>\n<p data-start=\"3104\" data-end=\"3419\">10. <strong>Co sprawia, \u017ce<\/strong> <strong data-start=\"3125\" data-end=\"3196\">Czy kosiarka dwuostrzowa 9GS-5.0 jest wydajniejsza od modeli z pojedynczym ostrzem?<\/strong><br data-start=\"3196\" data-end=\"3199\" \/>Kosiarka dwuostrzowa 9GS-5.0 oferuje lepsz\u0105 wydajno\u015b\u0107 koszenia w por\u00f3wnaniu z kosiarkami jednoostrzowymi. Dwa ostrza pracuj\u0105 w tandemie, zapewniaj\u0105c czystsze ci\u0119cie, skracaj\u0105c czas koszenia i poprawiaj\u0105c jako\u015b\u0107 trawnika.<\/p>\n<p data-start=\"3421\" data-end=\"3723\"><strong data-start=\"3421\" data-end=\"3492\">11. Jak mog\u0119 przed\u0142u\u017cy\u0107 \u017cywotno\u015b\u0107 mojej kosiarki do trawy?<\/strong><br data-start=\"3492\" data-end=\"3495\" \/>Aby przed\u0142u\u017cy\u0107 \u017cywotno\u015b\u0107 kosiarki ogrodowej, regularnie wykonuj czynno\u015bci konserwacyjne, takie jak wymiana oleju, ostrzenie ostrzy i czyszczenie. Utrzymanie kosiarki w dobrym stanie pomo\u017ce Ci utrzyma\u0107 pi\u0119kny trawnik przez ca\u0142y rok.<\/p>\n<p data-start=\"3725\" data-end=\"4019\"><strong data-start=\"3725\" data-end=\"3813\">12. Jaki jest najlepszy spos\u00f3b przechowywania kosiarki do trawy Heavy-Duty poza sezonem?<\/strong><br data-start=\"3813\" data-end=\"3816\" \/>Prawid\u0142owe przechowywanie kosiarki Heavy Duty obejmuje jej dok\u0142adne czyszczenie, spuszczanie paliwa i przechowywanie w suchym, ch\u0142odnym miejscu. Prawid\u0142owe przechowywanie kosiarki gwarantuje jej gotowo\u015b\u0107 do u\u017cycia w razie potrzeby.<\/p>\n<p data-start=\"4021\" data-end=\"4324\"><strong data-start=\"4021\" data-end=\"4093\">13. Czy kosiarki dwuostrzowe nadaj\u0105 si\u0119 do komercyjnego kszta\u0142towania krajobrazu?<\/strong><br data-start=\"4093\" data-end=\"4096\" \/><strong>Tak, kosiarki z podw\u00f3jnym ostrzem, takie jak 9GS-5.0, s\u0105<\/strong>Idealne do komercyjnego kszta\u0142towania krajobrazu. Oferuj\u0105 wydajne i wysokiej jako\u015bci koszenie du\u017cych trawnik\u00f3w, park\u00f3w i posesji, co czyni je doskona\u0142ym wyborem dla profesjonalnych architekt\u00f3w krajobrazu.<\/p>\n<p data-start=\"4326\" data-end=\"4637\"><strong data-start=\"4326\" data-end=\"4403\">14. Jak mog\u0119 rozwi\u0105za\u0107 problemy z kosiark\u0105 dwuostrzow\u0105 9GS-5.0?<\/strong><br data-start=\"4403\" data-end=\"4406\" \/>Je\u015bli masz do\u015bwiadczenie<strong>W przypadku problem\u00f3w z kosiark\u0105 dwuostrzow\u0105 9GS-5.0 sprawd\u017a<\/strong> Paliwo, upewnij si\u0119, \u017ce ostrza s\u0105 ostre i sprawd\u017a silnik pod k\u0105tem zator\u00f3w. Je\u015bli problem b\u0119dzie si\u0119 powtarza\u0142, zapoznaj si\u0119 z instrukcj\u0105 obs\u0142ugi lub skontaktuj si\u0119 z dzia\u0142em obs\u0142ugi klienta.<\/p>\n<p data-start=\"4639\" data-end=\"5032\"><strong data-start=\"4639\" data-end=\"4736\">15. Jakie s\u0105 najwa\u017cniejsze cechy kosiarki dwuostrzowej 9GS-5.0 przeznaczonej do du\u017cych trawnik\u00f3w?<\/strong><br data-start=\"4736\" data-end=\"4739\" \/>Th<strong>e 9GS-5.0 Kosiarka z podw\u00f3jnym ostrzem trakcyjnym do du\u017cych trawnik\u00f3w<\/strong>Wyposa\u017cona w mocny silnik, system podw\u00f3jnych \u0142opat i ulepszon\u0105 kontrol\u0119 trakcji, idealnie nadaje si\u0119 do du\u017cych posesji. Jej konstrukcja koncentruje si\u0119 na wydajno\u015bci, trwa\u0142o\u015bci i \u0142atwo\u015bci u\u017cytkowania, gwarantuj\u0105c profesjonalne rezultaty za ka\u017cdym razem.<\/p>\n<p data-start=\"4639\" data-end=\"5032\">edytuj przez gzl<\/p>\n<p><!-- Continue adding more FAQs here following the same pattern --><\/p>","protected":false},"excerpt":{"rendered":"<p>Odkryj wydajn\u0105 kosiark\u0119 9GS-5.0 Traction Double-Blade, zaprojektowan\u0105 z my\u015bl\u0105 o najwy\u017cszej wydajno\u015bci i efektywno\u015bci w piel\u0119gnacji trawnik\u00f3w. Dzi\u0119ki zaawansowanej technologii trakcji i podw\u00f3jnym ostrzom zapewnia czystsze i szybsze koszenie, gwarantuj\u0105c profesjonalne rezultaty. Chcesz ulepszy\u0107 swoje do\u015bwiadczenie z koszeniem? Zam\u00f3w ju\u017c teraz i ciesz si\u0119 nieskazitelnym trawnikiem z \u0142atwo\u015bci\u0105!<\/p>","protected":false},"featured_media":389,"template":"","meta":{"_et_pb_use_builder":"","_et_pb_old_content":"","_et_gb_content_width":""},"product_brand":[],"product_cat":[23],"product_tag":[],"class_list":{"0":"post-388","1":"product","2":"type-product","3":"status-publish","4":"has-post-thumbnail","6":"product_cat-mower-tedder","8":"first","9":"instock","10":"shipping-taxable","11":"product-type-simple"},"_links":{"self":[{"href":"https:\/\/square-balers.com\/pl\/wp-json\/wp\/v2\/product\/388","targetHints":{"allow":["GET"]}}],"collection":[{"href":"https:\/\/square-balers.com\/pl\/wp-json\/wp\/v2\/product"}],"about":[{"href":"https:\/\/square-balers.com\/pl\/wp-json\/wp\/v2\/types\/product"}],"wp:featuredmedia":[{"embeddable":true,"href":"https:\/\/square-balers.com\/pl\/wp-json\/wp\/v2\/media\/389"}],"wp:attachment":[{"href":"https:\/\/square-balers.com\/pl\/wp-json\/wp\/v2\/media?parent=388"}],"wp:term":[{"taxonomy":"product_brand","embeddable":true,"href":"https:\/\/square-balers.com\/pl\/wp-json\/wp\/v2\/product_brand?post=388"},{"taxonomy":"product_cat","embeddable":true,"href":"https:\/\/square-balers.com\/pl\/wp-json\/wp\/v2\/product_cat?post=388"},{"taxonomy":"product_tag","embeddable":true,"href":"https:\/\/square-balers.com\/pl\/wp-json\/wp\/v2\/product_tag?post=388"}],"curies":[{"name":"wp","href":"https:\/\/api.w.org\/{rel}","templated":true}]}}