{"id":419,"date":"2025-12-19T03:31:38","date_gmt":"2025-12-19T03:31:38","guid":{"rendered":"https:\/\/square-balers.com\/?post_type=product&#038;p=419"},"modified":"2025-12-22T01:48:50","modified_gmt":"2025-12-22T01:48:50","slug":"9lzy-9-0-grabie-kolkowe-z-palcami","status":"publish","type":"product","link":"https:\/\/square-balers.com\/pl\/produkt\/9lzy-9-0-grabie-kolkowe-z-palcami\/","title":{"rendered":"9LZY-9.0 Zgrabiarki palcowe"},"content":{"rendered":"<p>Zgrabiarka ko\u0142owa Finger Wheel Rake9LZY-9.0 to niezb\u0119dne narz\u0119dzie w maszynach rolniczych, kt\u00f3re odgrywa kluczow\u0105 rol\u0119 w zbiorze siana, szczeg\u00f3lnie w procesie grabienia. Zaprojektowana z my\u015bl\u0105 o efektywnym u\u017cytkowaniu rolniczym, ta zgrabiarka oferuje najlepsze rozwi\u0105zania do zbioru siana na du\u017c\u0105 skal\u0119, oferuj\u0105c niezr\u00f3wnan\u0105 trwa\u0142o\u015b\u0107 i wydajno\u015b\u0107. Niezale\u017cnie od tego, czy jeste\u015b rolnikiem, czy przedsi\u0119biorc\u0105, zgrabiarka ko\u0142owa Finger Wheel Rake9LZY-9.0 to idealny wyb\u00f3r, aby zmaksymalizowa\u0107 wydajno\u015b\u0107 zbioru siana.<\/p>\n<h2>Specyfikacja techniczna<\/h2>\n<table style=\"border-color: #000000;\">\n<thead>\n<tr>\n<th>Parametry rdzeniowe<\/th>\n<th>Bli\u017csze dane<\/th>\n<\/tr>\n<\/thead>\n<tbody>\n<tr>\n<td>Typ sprz\u0119tu<\/td>\n<td>Grabie trakcyjne z ko\u0142em palcowym (model 9LZY-9.0)<\/td>\n<\/tr>\n<tr>\n<td>Tryb po\u0142\u0105czenia<\/td>\n<td>Typ trakcyjny<\/td>\n<\/tr>\n<tr>\n<td>Wymagana moc dopasowania<\/td>\n<td>50\u201355 kW<\/td>\n<\/tr>\n<tr>\n<td>Wymiary robocze (d\u0142. \u00d7 szer. \u00d7 wys.)<\/td>\n<td>8,4\u00d711\u00d71,75 m<\/td>\n<\/tr>\n<tr>\n<td>Waga maszyny<\/td>\n<td>1100 kg<\/td>\n<\/tr>\n<tr>\n<td>Szeroko\u015b\u0107 robocza<\/td>\n<td>9m<\/td>\n<\/tr>\n<tr>\n<td>Pr\u0119dko\u015b\u0107 robocza<\/td>\n<td>8\u201310 km\/h<\/td>\n<\/tr>\n<tr>\n<td>Pr\u0119dko\u015b\u0107 transportu<\/td>\n<td>12 km\/h<\/td>\n<\/tr>\n<tr>\n<td>Liczba k\u00f3\u0142ek palcowych<\/td>\n<td>15<\/td>\n<\/tr>\n<tr>\n<td>Liczba z\u0119b\u00f3w<\/td>\n<td>900 (60 z\u0119b\u00f3w na ko\u0142o \u00d7 15 k\u00f3\u0142)<\/td>\n<\/tr>\n<tr>\n<td>Wymagania operatora<\/td>\n<td>1 osoba<\/td>\n<\/tr>\n<tr>\n<td>Szeroko\u015b\u0107 pryzmy<\/td>\n<td>0,8\u20131,2 m<\/td>\n<\/tr>\n<tr>\n<td>Wsp\u00f3\u0142czynnik strat grabienia<\/td>\n<td>\u22642%<\/td>\n<\/tr>\n<tr>\n<td>Wydajno\u015b\u0107<\/td>\n<td>7,2\u20139 hm\u00b2\/h<\/td>\n<\/tr>\n<\/tbody>\n<\/table>\n<h2>Definicja produktu<\/h2>\n<p>Zgrabiarka ko\u0142owa palczasta 9LZY-9.0 to wydajna maszyna rolnicza przeznaczona do zgrabiania siana. Urz\u0105dzenie wykorzystuje wiele k\u00f3\u0142 palczastych, aby efektywnie zbiera\u0107 i uk\u0142ada\u0107 siano w r\u00f3wne pokosy, gotowe do zbioru i sk\u0142adowania. Maszyna zapewnia doskona\u0142\u0105 prac\u0119 w r\u00f3\u017cnych rodzajach terenu i z \u0142atwo\u015bci\u0105 radzi sobie z r\u00f3\u017cnymi rodzajami siana, co czyni j\u0105 niezawodnym wyborem dla gospodarstw rolnych na du\u017c\u0105 skal\u0119.<\/p>\n<h2>Problemy, kt\u00f3re rozwi\u0105zuje i jego zastosowania<\/h2>\n<p>Zgrabiarka ko\u0142owa palczasta 9LZY-9.0 zosta\u0142a zaprojektowana, aby rozwi\u0105za\u0107 kilka typowych problem\u00f3w zwi\u0105zanych ze zbiorem siana. Nale\u017c\u0105 do nich:<\/p>\n<ul>\n<li>Zapewnienie wydajnego zbioru siana i jego organizacji w celu \u0142atwego transportu.<\/li>\n<li>Obni\u017cenie koszt\u00f3w pracy poprzez przyspieszenie procesu grabienia siana.<\/li>\n<li>Zapewnia elastyczno\u015b\u0107 w dostosowywaniu si\u0119 do r\u00f3\u017cnych typ\u00f3w siana i zr\u00f3\u017cnicowanego terenu.<\/li>\n<li>Minimalizacja strat siana podczas grabienia, co cz\u0119sto stanowi problem w przypadku tradycyjnych metod.<\/li>\n<\/ul>\n<p>Te grabie s\u0142u\u017c\u0105 g\u0142\u00f3wnie do grabienia siana, ale mo\u017cna je r\u00f3wnie\u017c dostosowa\u0107 do innych zastosowa\u0144 rolniczych, takich jak grabienie trawy, s\u0142omy i innych podobnych upraw. Ich wszechstronno\u015b\u0107 sprawia, \u017ce \u200b\u200bs\u0105 one podstawowym narz\u0119dziem w nowoczesnych gospodarstwach rolnych na ca\u0142ym \u015bwiecie.<\/p>\n<h2>Zalety produktu<\/h2>\n<ul>\n<li><strong>Efektywny zbi\u00f3r siana:<\/strong> Innowacyjna konstrukcja grabi umo\u017cliwia szybkie i wydajne grabienie, co zwi\u0119ksza wydajno\u015b\u0107 i oszcz\u0119dza czas w sezonie \u017cniw.<\/li>\n<li><strong>Trwa\u0142a konstrukcja:<\/strong> Wykonane z materia\u0142\u00f3w najwy\u017cszej jako\u015bci grabie gwarantuj\u0105 d\u0142ugotrwa\u0142\u0105 wydajno\u015b\u0107 nawet przy intensywnym u\u017cytkowaniu w trudnych warunkach rolniczych.<\/li>\n<li><strong>Elastyczna adaptacja:<\/strong> Zgrabiark\u0119 mo\u017cna ustawi\u0107 w r\u00f3\u017cnych pozycjach k\u00f3\u0142, co zapewnia jej efektywn\u0105 prac\u0119 na r\u00f3\u017cnych rodzajach terenu i przy r\u00f3\u017cnych rodzajach siana.<\/li>\n<li><strong>Ekonomiczna eksploatacja:<\/strong> Dzi\u0119ki minimalnej konserwacji i trwa\u0142ym cz\u0119\u015bciom grabie nie wymagaj\u0105 cz\u0119stych napraw, co czyni je op\u0142acaln\u0105 inwestycj\u0105 dla rolnik\u00f3w.<\/li>\n<li><strong>\u0141atwy w u\u017cyciu:<\/strong> Prosta, a zarazem solidna konstrukcja pozwala rolnikom i operatorom na \u0142atw\u0105 obs\u0142ug\u0119 grabi, przy minimalnym przeszkoleniu i do\u015bwiadczeniu.<\/li>\n<\/ul>\n<h2>Zasada dzia\u0142ania grabi palcowych 9LZY-9.0<\/h2>\n<p>Zasada dzia\u0142ania zgrabiarki palcowej 9LZY-9.0 opiera si\u0119 na efektywnym wykorzystaniu obrotowych k\u00f3\u0142 palcowych, kt\u00f3re zgarniaj\u0105 siano w pokosy. Podczas holowania maszyny za ci\u0105gnikiem, ko\u0142a palcowe obracaj\u0105 si\u0119 z kontrolowan\u0105 pr\u0119dko\u015bci\u0105, przeczesuj\u0105c siano i zbieraj\u0105c je w r\u00f3wne rz\u0119dy. K\u0105t i wysoko\u015b\u0107 zgrabiarki mo\u017cna regulowa\u0107 w zale\u017cno\u015bci od warunk\u00f3w, zapewniaj\u0105c optymalne zbieranie siana bez uszkadzania plonu. Konstrukcja zgrabiarki minimalizuje straty plonu, jednocze\u015bnie u\u0142atwiaj\u0105c zbieranie i transport.<\/p>\n<h2>G\u0142\u00f3wne mo\u017cliwe scenariusze<\/h2>\n<p>Zgrabiarki palczaste 9LZY-9.0 s\u0105 najcz\u0119\u015bciej stosowane w nast\u0119puj\u0105cych zastosowaniach rolniczych:<\/p>\n<ul>\n<li><strong>Zbi\u00f3r siana:<\/strong> Doskonale nadaje si\u0119 do tworzenia pokos\u00f3w podczas grabienia siana na \u0142\u0105kach i polach.<\/li>\n<li><strong>Zbi\u00f3rka s\u0142omy:<\/strong> Nadaje si\u0119 do zbierania s\u0142omy po zbiorach zb\u00f3\u017c, skraca czas prac polowych.<\/li>\n<li><strong>Grabienie trawy:<\/strong> Doskonale nadaje si\u0119 do porz\u0105dkowania i zbierania trawy na kiszonk\u0119 lub do piel\u0119gnacji pastwisk.<\/li>\n<li><strong>Zbi\u00f3r plon\u00f3w zimowych:<\/strong> Skuteczny przy grabieniu i zbiorze ro\u015blin ozimych, takich jak lucerna czy koniczyna.<\/li>\n<li><strong>Rolnictwo na du\u017c\u0105 skal\u0119:<\/strong> Zaprojektowane do stosowania w gospodarstwach komercyjnych i du\u017cych gospodarstwach rolnych wymagaj\u0105cych ci\u0119\u017ckiego sprz\u0119tu.<\/li>\n<li><strong>Zarz\u0105dzanie traw\u0105 i chwastami:<\/strong> Pomaga w zbieraniu trawy i chwast\u00f3w, aby \u0142atwiej je utylizowa\u0107 lub kompostowa\u0107 w praktykach rolnictwa ekologicznego.<\/li>\n<\/ul>\n<h2>Jak wybra\u0107 odpowiedni\u0105 grabie palcow\u0105 9LZY-9.0 z ko\u0142em palcowym<\/h2>\n<p>Wybieraj\u0105c grabie palcowe 9LZY-9.0, nale\u017cy wzi\u0105\u0107 pod uwag\u0119 nast\u0119puj\u0105ce czynniki:<\/p>\n<ul>\n<li><strong>Rozmiar pola:<\/strong> Wybierz grabie dopasowane do wielko\u015bci swojego pola, aby zapewni\u0107 maksymaln\u0105 wydajno\u015b\u0107. Wi\u0119ksze grabie pozwol\u0105 na obrobienie wi\u0119kszego obszaru w kr\u00f3tszym czasie.<\/li>\n<li><strong>Typ terenu:<\/strong> Je\u015bli Twoje pole ma nier\u00f3wny lub pag\u00f3rkowaty teren, poszukaj grabi, kt\u00f3rych wysoko\u015b\u0107 i k\u0105t mo\u017cna regulowa\u0107, aby radzi\u0142y sobie z takimi warunkami.<\/li>\n<li><strong>Kompatybilno\u015b\u0107 z ci\u0105gnikiem:<\/strong> Aby zapewni\u0107 prawid\u0142owe dzia\u0142anie, nale\u017cy upewni\u0107 si\u0119, \u017ce grabie s\u0105 kompatybilne z systemem zaczepu ci\u0105gnika.<\/li>\n<li><strong>Konfiguracja ko\u0142a grabi\u0105cego:<\/strong> We\u017a pod uwag\u0119 liczb\u0119 k\u00f3\u0142 i ich konfiguracj\u0119. Wi\u0119ksza liczba k\u00f3\u0142 mo\u017ce poprawi\u0107 wydajno\u015b\u0107 grabienia.<\/li>\n<li><strong>Trwa\u0142o\u015b\u0107:<\/strong> Szukaj grabi wykonanych z materia\u0142\u00f3w wysokiej jako\u015bci, aby mie\u0107 pewno\u015b\u0107, \u017ce wytrzymaj\u0105 trudy intensywnego u\u017cytkowania w rolnictwie.<\/li>\n<li><strong>\u0141atwo\u015b\u0107 konserwacji:<\/strong> \u0141atwa w serwisowaniu i konserwacji grabie pozwol\u0105 zaoszcz\u0119dzi\u0107 czas i obni\u017cy\u0107 ca\u0142kowity koszt posiadania.<\/li>\n<\/ul>\n<h2>Metody konserwacji grabi palcowych 9LZY-9.0<\/h2>\n<p>Prawid\u0142owa konserwacja grabi Finger Wheel Rake9LZY-9.0 zapewnia jej d\u0142ugowieczno\u015b\u0107 i optymaln\u0105 wydajno\u015b\u0107. Poni\u017cej przedstawiamy kilka podstawowych czynno\u015bci konserwacyjnych:<\/p>\n<ul>\n<li><strong>Regularna kontrola:<\/strong> Okresowo sprawdzaj ko\u0142a, palce i ram\u0119 grabi pod k\u0105tem zu\u017cycia. Natychmiast wymie\u0144 wszelkie uszkodzone lub zu\u017cyte cz\u0119\u015bci, aby unikn\u0105\u0107 dalszych uszkodze\u0144.<\/li>\n<li><strong>Smarowanie:<\/strong> Zadbaj o to, aby wszystkie ruchome cz\u0119\u015bci, takie jak osie k\u00f3\u0142 i z\u0142\u0105cza, by\u0142y odpowiednio smarowane, aby zmniejszy\u0107 tarcie i zapobiec rdzewieniu.<\/li>\n<li><strong>Czyszczenie:<\/strong> Po ka\u017cdym u\u017cyciu nale\u017cy dok\u0142adnie wyczy\u015bci\u0107 grabie, aby usun\u0105\u0107 brud, zanieczyszczenia i resztki po\u017cniwne, kt\u00f3re mog\u0105 zatka\u0107 ruchome cz\u0119\u015bci i zmniejszy\u0107 wydajno\u015b\u0107.<\/li>\n<li><strong>Dokr\u0119canie \u015brub:<\/strong> Regularnie sprawdzaj i dokr\u0119caj poluzowane \u015bruby i nakr\u0119tki, aby zapobiec jakimkolwiek uszkodzeniom mechanicznym podczas pracy.<\/li>\n<li><strong>Sk\u0142adowanie:<\/strong> Gdy grabie nie s\u0105 u\u017cywane, nale\u017cy je przechowywa\u0107 w suchym i os\u0142oni\u0119tym miejscu, aby chroni\u0107 je przed dzia\u0142aniem warunk\u00f3w atmosferycznych i korozj\u0105.<\/li>\n<\/ul>\n<h2>Opinie klient\u00f3w<\/h2>\n<p>\u201eZgrabiarka ko\u0142owa Finger Wheel Rake9LZY-9.0 to doskona\u0142e narz\u0119dzie dla naszego gospodarstwa. U\u017cywamy jej w ka\u017cdym sezonie do zgrabiania siana i nigdy nas nie zawodzi. Proces zgrabiania jest o wiele szybszy w por\u00f3wnaniu z naszymi starymi metodami r\u0119cznymi. Gor\u0105co polecam j\u0105 ka\u017cdemu, kto prowadzi dzia\u0142alno\u015b\u0107 na du\u017c\u0105 skal\u0119!\u201d<\/p>\n<p><strong>John Adams, Stany Zjednoczone<\/strong><\/p>\n<p>\u201eTa zgrabiarka zrobi\u0142a ogromn\u0105 r\u00f3\u017cnic\u0119 w naszym zbiorze siana. Jest prosta w obs\u0142udze i nie wymaga wielu czynno\u015bci konserwacyjnych. Jako\u015b\u0107 wykonania jest solidna, a odk\u0105d zacz\u0119li\u015bmy jej u\u017cywa\u0107, zauwa\u017cyli\u015bmy spadek koszt\u00f3w operacyjnych\u201d.<\/p>\n<p><strong>Marko Petrovic, Serbia<\/strong><\/p>\n<p>\u201eU\u017cywamy zgrabiarki Finger Wheel Rake9LZY-9.0 od ponad roku i sprawdza si\u0119 znakomicie. Zgrabiarka idealnie dopasowuje si\u0119 do naszych p\u00f3l i z \u0142atwo\u015bci\u0105 radzi sobie zar\u00f3wno na pag\u00f3rkowatym, jak i p\u0142askim terenie. \u015awietna inwestycja dla naszego gospodarstwa.\u201d<\/p>\n<p><strong>Alicia Lopez, Hiszpania<\/strong><\/p>\n<p>\u201eTo jedno z najlepszych narz\u0119dzi rolniczych, jakie kupili\u015bmy. Zgrabiarka zbiera siano szybko i sprawnie, a prace polowe wykonujemy w po\u0142owie czasu, jaki wcze\u015bniej zajmowa\u0142o. Jestem bardzo zadowolony z wydajno\u015bci.\u201d<\/p>\n<p><strong>John Robertson, Kanada<\/strong><\/p>\n<p>\u201eJako w\u0142a\u015bciciel ma\u0142ego gospodarstwa, ta zgrabiarka pomog\u0142a nam znacznie zredukowa\u0107 nak\u0142ad pracy. Jest \u0142atwa w obs\u0142udze i utrzymuje siano w doskona\u0142ym stanie do przechowywania. Poleci\u0142bym ten produkt ka\u017cdemu w bran\u017cy rolniczej.\u201d<\/p>\n<p><strong>Emma Thomas, Australia<\/strong><\/p>\n<h2>Dlaczego warto wybra\u0107 nasz produkt?<\/h2>\n<p>Nasza grabie palczaste 9LZY-9.0 to najlepszy wyb\u00f3r dla Twoich potrzeb rolniczych z nast\u0119puj\u0105cych powod\u00f3w:<\/p>\n<ul>\n<li><strong>Szybka personalizacja:<\/strong> Zapewniamy szybk\u0105 personalizacj\u0119 us\u0142ug, aby spe\u0142ni\u0107 Twoje szczeg\u00f3lne wymagania.<\/li>\n<li><strong>Silne wsparcie serwisowe:<\/strong> Nasz oddany zesp\u00f3\u0142 obs\u0142ugi klienta jest zawsze do Pa\u0144stwa dyspozycji, aby pom\u00f3c w przypadku jakichkolwiek pyta\u0144 lub problem\u00f3w.<\/li>\n<li><strong>3-letnia gwarancja:<\/strong> Nasz produkt obj\u0119ty jest trzyletni\u0105 gwarancj\u0105, co zapewnia spok\u00f3j ducha i d\u0142ugotrwa\u0142\u0105 trwa\u0142o\u015b\u0107.<\/li>\n<li><strong>Wysy\u0142ka mi\u0119dzynarodowa:<\/strong> Oferujemy szybk\u0105 dostaw\u0119 na ca\u0142y \u015bwiat, dzi\u0119ki czemu masz pewno\u015b\u0107, \u017ce Twoje zam\u00f3wienie dotrze do Ciebie niezw\u0142ocznie.<\/li>\n<li><strong>Kompleksowe wsparcie posprzeda\u017cowe:<\/strong> Zapewniamy kompleksowe wsparcie posprzeda\u017cowe \u2013 od instalacji po konserwacj\u0119 \u2013 aby zapewni\u0107 bezproblemowe dzia\u0142anie Twojego sprz\u0119tu.<\/li>\n<\/ul>\n<h2>Odkryj wi\u0119cej produkt\u00f3w<\/h2>\n<p>Opr\u00f3cz zgrabiarki palcowej 9LZY-9.0 oferujemy szerok\u0105 gam\u0119 innych maszyn i akcesori\u00f3w rolniczych. Jeste\u015bmy dumni z naszych solidnych mo\u017cliwo\u015bci produkcyjnych, wysokiej jako\u015bci produkt\u00f3w i konkurencyjnych cen. Nasza obs\u0142uga zorientowana na klienta gwarantuje, \u017ce ka\u017cdy produkt spe\u0142ni Pa\u0144stwa oczekiwania. Zapoznaj si\u0119 z nasz\u0105 ofert\u0105 i skontaktuj si\u0119 z nami ju\u017c dzi\u015b, aby dokona\u0107 zakupu lub uzyska\u0107 informacje o naszych produktach.<\/p>\n<h2>Cz\u0119sto zadawane pytania<\/h2>\n<p><strong>Do czego s\u0142u\u017cy Finger Wheel Rake9LZY-9.0?<\/strong><\/p>\n<p>Ten <a href=\"https:\/\/square-balers.com\/pl\/produkt\/9lzd-9-0-grabie-kolkowe-z-palcami\/\">Zgrabiarki palcowe<\/a> 9LZY-9.0 s\u0142u\u017cy g\u0142\u00f3wnie do zgrabiania siana, ale mo\u017ce by\u0107 r\u00f3wnie\u017c u\u017cywany do zgrabiania innych upraw, takich jak s\u0142oma, trawa i chwasty. Pomaga rolnikom szybko i sprawnie zbiera\u0107 siano w r\u00f3wne pokosy do dalszego przetwarzania lub przechowywania.<\/p>\n<p><strong>Jak dostosowa\u0107 grabie do r\u00f3\u017cnego rodzaju terenu?<\/strong><\/p>\n<p>Zgrabiarka posiada regulowane po\u0142o\u017cenie k\u00f3\u0142, co pozwala na dostosowanie jej do r\u00f3\u017cnych warunk\u00f3w terenowych. Wystarczy dostosowa\u0107 k\u0105t i wysoko\u015b\u0107 zgrabiarki, aby dostosowa\u0107 j\u0105 do pag\u00f3rkowatego lub nier\u00f3wnego terenu i zapewni\u0107 optymaln\u0105 wydajno\u015b\u0107.<\/p>\n<p><strong>Jakiej konserwacji wymagaj\u0105 grabie tarczowe?<\/strong><\/p>\n<p>Regularna konserwacja grabi palczastych obejmuje smarowanie ruchomych cz\u0119\u015bci, kontrol\u0119 zu\u017cycia, czyszczenie, dokr\u0119canie \u015brub i prawid\u0142owe przechowywanie, gdy nie s\u0105 u\u017cywane.<\/p>\n<p><strong>Czy mog\u0119 u\u017cywa\u0107 grabi do r\u00f3\u017cnych rodzaj\u00f3w siana?<\/strong><\/p>\n<p>Tak, zgrabiarka Finger Wheel Rake9LZY-9.0 jest wszechstronna i mo\u017ce by\u0107 u\u017cywana do r\u00f3\u017cnych rodzaj\u00f3w siana, w tym lucerny, koniczyny i trawy. Jej regulowane ustawienia pomagaj\u0105 w pracy z r\u00f3\u017cnymi rodzajami siana.<\/p>\n<p><strong>Czy grabie s\u0105 kompatybilne ze wszystkimi traktorami?<\/strong><\/p>\n<p>Wi\u0119kszo\u015b\u0107 ci\u0105gnik\u00f3w mo\u017ce by\u0107 u\u017cywana z zgrabiark\u0105 Finger Wheel Rake9LZY-9.0, pod warunkiem, \u017ce s\u0105 one kompatybilne z systemem zaczepu zgrabiarki. Wa\u017cne jest, aby upewni\u0107 si\u0119, \u017ce ci\u0105gnik ma odpowiedni\u0105 moc, aby skutecznie holowa\u0107 zgrabiark\u0119.<\/p>\n<p>edytuj przez gzl<\/p>\n<p>&nbsp;<\/p>","protected":false},"excerpt":{"rendered":"<p>Odkryj zgrabiark\u0119 ko\u0142ow\u0105 9LZY-9.0 \u2013 wysokowydajne narz\u0119dzie do efektywnego zgrabiania siana i s\u0142omy. Zaprojektowana z my\u015bl\u0105 o trwa\u0142o\u015bci i precyzji, ta zgrabiarka zapewnia r\u00f3wnomierne i efektywne rozprowadzanie. Idealna dla rolnik\u00f3w, kt\u00f3rzy chc\u0105 zwi\u0119kszy\u0107 produktywno\u015b\u0107 i zaoszcz\u0119dzi\u0107 czas. Kup swoj\u0105 ju\u017c dzi\u015b i ciesz si\u0119 najwy\u017csz\u0105 jako\u015bci\u0105 w ka\u017cdej zgrabiarce!<\/p>","protected":false},"featured_media":420,"template":"","meta":{"_et_pb_use_builder":"","_et_pb_old_content":"","_et_gb_content_width":""},"product_brand":[],"product_cat":[23],"product_tag":[],"class_list":{"0":"post-419","1":"product","2":"type-product","3":"status-publish","4":"has-post-thumbnail","6":"product_cat-mower-tedder","8":"first","9":"instock","10":"shipping-taxable","11":"product-type-simple"},"_links":{"self":[{"href":"https:\/\/square-balers.com\/pl\/wp-json\/wp\/v2\/product\/419","targetHints":{"allow":["GET"]}}],"collection":[{"href":"https:\/\/square-balers.com\/pl\/wp-json\/wp\/v2\/product"}],"about":[{"href":"https:\/\/square-balers.com\/pl\/wp-json\/wp\/v2\/types\/product"}],"wp:featuredmedia":[{"embeddable":true,"href":"https:\/\/square-balers.com\/pl\/wp-json\/wp\/v2\/media\/420"}],"wp:attachment":[{"href":"https:\/\/square-balers.com\/pl\/wp-json\/wp\/v2\/media?parent=419"}],"wp:term":[{"taxonomy":"product_brand","embeddable":true,"href":"https:\/\/square-balers.com\/pl\/wp-json\/wp\/v2\/product_brand?post=419"},{"taxonomy":"product_cat","embeddable":true,"href":"https:\/\/square-balers.com\/pl\/wp-json\/wp\/v2\/product_cat?post=419"},{"taxonomy":"product_tag","embeddable":true,"href":"https:\/\/square-balers.com\/pl\/wp-json\/wp\/v2\/product_tag?post=419"}],"curies":[{"name":"wp","href":"https:\/\/api.w.org\/{rel}","templated":true}]}}