{"id":436,"date":"2025-12-22T02:16:53","date_gmt":"2025-12-22T02:16:53","guid":{"rendered":"https:\/\/square-balers.com\/?post_type=product&#038;p=436"},"modified":"2025-12-22T03:23:06","modified_gmt":"2025-12-22T03:23:06","slug":"maszyna-do-koszenia-i-splaszczania-trawy","status":"publish","type":"product","link":"https:\/\/square-balers.com\/pl\/produkt\/maszyna-do-koszenia-i-splaszczania-trawy\/","title":{"rendered":"9GQY-3.2 Maszyna do koszenia i wyg\u0142adzania trawy"},"content":{"rendered":"<p>Maszyna do koszenia i sp\u0142aszczania trawy 9GQY-3.2 to wysokowydajne narz\u0119dzie przeznaczone do cel\u00f3w rolniczych, w szczeg\u00f3lno\u015bci do koszenia trawy i innych ro\u015blin pastewnych. Jej wszechstronno\u015b\u0107 pozwala jej na zaspokojenie potrzeb r\u00f3\u017cnych ga\u0142\u0119zi przemys\u0142u, zw\u0142aszcza hodowli zwierz\u0105t gospodarskich, gdzie odgrywa kluczow\u0105 rol\u0119 w przygotowywaniu paszy. Maszyna ta upraszcza proces koszenia i sp\u0142aszczania trawy, zapewniaj\u0105c jej gotowo\u015b\u0107 do karmienia byd\u0142a, owiec, k\u00f3z i innych zwierz\u0105t gospodarskich. Dzi\u0119ki zaawansowanej konstrukcji i in\u017cynierii, maszyna 9GQY-3.2 oferuje doskona\u0142\u0105 wydajno\u015b\u0107 i niezawodno\u015b\u0107, co czyni j\u0105 niezb\u0119dnym elementem nowoczesnego rolnictwa.<\/p>\n<h2>Specyfikacja techniczna<\/h2>\n<table style=\"border-color: #000000;\">\n<thead>\n<tr>\n<th>Numer seryjny<\/th>\n<th>Przedmiot<\/th>\n<th>Jednostka<\/th>\n<th>Specyfikacja<\/th>\n<\/tr>\n<\/thead>\n<tbody>\n<tr>\n<td>1<\/td>\n<td>Nazwa modelu<\/td>\n<td>\/<\/td>\n<td>Kosiarka-rozdrabniarka typu 9GQY-3.2<\/td>\n<\/tr>\n<tr>\n<td>2<\/td>\n<td>Metoda holowania\/zaczepiania<\/td>\n<td>\/<\/td>\n<td>Typ holowany bokiem<\/td>\n<\/tr>\n<tr>\n<td>3<\/td>\n<td>Szeroko\u015b\u0107 ci\u0119cia<\/td>\n<td>M<\/td>\n<td>3.2<\/td>\n<\/tr>\n<tr>\n<td>4<\/td>\n<td>Typ konstrukcji no\u017ca<\/td>\n<td>\/<\/td>\n<td>Typ obrotowy<\/td>\n<\/tr>\n<tr>\n<td>5<\/td>\n<td>Liczba tarcz tn\u0105cych<\/td>\n<td>sztuka<\/td>\n<td>8<\/td>\n<\/tr>\n<tr>\n<td>6<\/td>\n<td>Typ kruszarki<\/td>\n<td>\/<\/td>\n<td>Kruszarka z\u0119bata<\/td>\n<\/tr>\n<tr>\n<td>7<\/td>\n<td>Szeroko\u015b\u0107 rozprzestrzeniania<\/td>\n<td>M<\/td>\n<td>0.8-2.2<\/td>\n<\/tr>\n<tr>\n<td>8<\/td>\n<td>Dopasowany zakres mocy<\/td>\n<td>kW\/KM<\/td>\n<td>\u226580,88\/110<\/td>\n<\/tr>\n<tr>\n<td>9<\/td>\n<td>Zakres pr\u0119dko\u015bci roboczej<\/td>\n<td>km\/h<\/td>\n<td>6\u201315<\/td>\n<\/tr>\n<tr>\n<td>10<\/td>\n<td>Pr\u0119dko\u015b\u0107 WOM<\/td>\n<td>obr.\/min<\/td>\n<td>540-1000<\/td>\n<\/tr>\n<tr>\n<td>11<\/td>\n<td>Liczba ruchomych ostrzy<\/td>\n<td>sztuka<\/td>\n<td>16<\/td>\n<\/tr>\n<tr>\n<td>12<\/td>\n<td>Wymiary ca\u0142kowite (d\u0142. \u00d7 szer. \u00d7 wys.)<\/td>\n<td>mm<\/td>\n<td>6750\u00d73500\u00d72000<\/td>\n<\/tr>\n<tr>\n<td>13<\/td>\n<td>\u015arednia wysoko\u015b\u0107 koszenia \u015bcierniska<\/td>\n<td>mm<\/td>\n<td>\u226550<\/td>\n<\/tr>\n<tr>\n<td>14<\/td>\n<td>Liczba operator\u00f3w<\/td>\n<td>osoba<\/td>\n<td>1<\/td>\n<\/tr>\n<tr>\n<td>15<\/td>\n<td>Waga strukturalna<\/td>\n<td>kg<\/td>\n<td>2185<\/td>\n<\/tr>\n<\/tbody>\n<\/table>\n<h2>Definicja produktu<\/h2>\n<p>Kosiarka do trawy 9GQY-3.2 to specjalistyczne urz\u0105dzenie s\u0142u\u017c\u0105ce do wydajnego koszenia i wyg\u0142adzania trawy oraz ro\u015blin pastewnych. Zaprojektowana z precyzj\u0105, zwi\u0119ksza wydajno\u015b\u0107 w rolnictwie, przetwarzaj\u0105c surow\u0105 traw\u0119 na jednolite, \u0142atwe w obr\u00f3bce porcje, nadaj\u0105ce si\u0119 do przetwarzania pasz.<\/p>\n<h2>Problemy rozwi\u0105zywane przez kosiark\u0119 do trawy 9GQY-3.2<\/h2>\n<p>Maszyna ta rozwi\u0105zuje szereg typowych problem\u00f3w, z jakimi borykaj\u0105 si\u0119 rolnicy zajmuj\u0105cy si\u0119 zarz\u0105dzaniem u\u017cytkami zielonymi, w tym:<\/p>\n<ul>\n<li>Nier\u00f3wnomierne rozmiary koszonej trawy i nier\u00f3wnomierne roz\u0142o\u017cenie<\/li>\n<li>Czasoch\u0142onne r\u0119czne koszenie trawy<\/li>\n<li>Wzrost koszt\u00f3w pracy w przygotowaniu paszy<\/li>\n<li>Niemo\u017cno\u015b\u0107 efektywnego radzenia sobie z du\u017cymi ilo\u015bciami trawy<\/li>\n<li>Niedostateczna precyzja ci\u0119cia wp\u0142ywa na jako\u015b\u0107 podawania<\/li>\n<\/ul>\n<h2>Zastosowania kosiarki do trawy 9GQY-3.2<\/h2>\n<p>9GQY-3.2 jest stosowany przede wszystkim w nast\u0119puj\u0105cych zastosowaniach:<\/p>\n<ul>\n<li>Ci\u0119cie paszy na potrzeby przetw\u00f3rstwa pasz dla zwierz\u0105t gospodarskich<\/li>\n<li>Przygotowanie trawy do kiszonki<\/li>\n<li>Koszenie i wyg\u0142adzanie trawy na \u015bci\u00f3\u0142k\u0119 dla zwierz\u0105t<\/li>\n<li>Zarz\u0105dzanie i utrzymanie u\u017cytk\u00f3w zielonych<\/li>\n<li>Produkcja pasz dla byd\u0142a mlecznego, k\u00f3z i owiec<\/li>\n<li>Przetwarzanie siana w celu d\u0142ugoterminowego przechowywania<\/li>\n<\/ul>\n<h2>Zalety produktu<\/h2>\n<p>Kosiarka do trawy 9GQY-3.2 oferuje szereg zalet, m.in.:<\/p>\n<ul>\n<li><strong>Wysoka wydajno\u015b\u0107:<\/strong> Maszyna pracuje szybko i mo\u017ce poradzi\u0107 sobie z du\u017cymi ilo\u015bciami trawy w kr\u00f3tkim czasie, co znacznie zwi\u0119ksza wydajno\u015b\u0107.<\/li>\n<li><strong>Ci\u0119cie precyzyjne:<\/strong> Dzi\u0119ki zaawansowanemu mechanizmowi tn\u0105cemu maszyna zapewnia r\u00f3wnomierne i dok\u0142adne ci\u0119cie, co poprawia jako\u015b\u0107 paszy dla zwierz\u0105t.<\/li>\n<li><strong>Trwa\u0142o\u015b\u0107:<\/strong> Wykonany z wytrzyma\u0142ych materia\u0142\u00f3w, model 9GQY-3.2 zaprojektowano tak, aby wytrzyma\u0142 trudne warunki zewn\u0119trzne i zapewnia\u0142 d\u0142ugotrwa\u0142\u0105 wydajno\u015b\u0107.<\/li>\n<li><strong>Niskie koszty utrzymania:<\/strong> Maszyna ta wymaga minimalnej konserwacji, co pozwala zaoszcz\u0119dzi\u0107 na kosztach eksploatacji i przestojach.<\/li>\n<li><strong>Wszechstronno\u015b\u0107:<\/strong> Model 9GQY-3.2 jest odpowiedni do szerokiej gamy rodzaj\u00f3w pasz i odmian traw i zaspokaja potrzeby r\u00f3\u017cnych gospodarstw rolnych.<\/li>\n<\/ul>\n<h2>Zasada dzia\u0142ania kosiarki do trawy 9GQY-3.2<\/h2>\n<p>9GQY-3.2 <a href=\"https:\/\/square-balers.com\/pl\/produkt\/kosiarka-trakcyjna-z-pojedynczym-ostrzem-9-1-0\/\">maszyna do koszenia trawy<\/a> Wykorzystuje zestaw ostrych, obracaj\u0105cych si\u0119 ostrzy do ci\u0119cia trawy i innych ro\u015blin pastewnych na \u0142atwe do utrzymania rozmiary. Maszyna jest wyposa\u017cona w mocny silnik, kt\u00f3ry nap\u0119dza ostrza, aby skutecznie ci\u0105\u0107 materia\u0142. Po skoszeniu trawa jest sp\u0142aszczana, aby u\u0142atwi\u0107 jej przetwarzanie lub przechowywanie. Mechanizm tn\u0105cy zosta\u0142 zaprojektowany tak, aby zminimalizowa\u0107 straty i zapewni\u0107 wysok\u0105 jako\u015b\u0107 paszy.<\/p>\n<p style=\"text-align: center;\"><img loading=\"lazy\" decoding=\"async\" class=\"alignnone size-medium wp-image-437\" src=\"https:\/\/square-balers.com\/wp-content\/uploads\/2025\/12\/1-1-1-300x300.webp\" alt=\"Maszyna do ci\u0119cia i sp\u0142aszczania\" width=\"300\" height=\"300\" \/><\/p>\n<h2>G\u0142\u00f3wne scenariusze zastosowa\u0144<\/h2>\n<p>Model 9GQY-3.2 nadaje si\u0119 do r\u00f3\u017cnych zastosowa\u0144 rolniczych, w tym:<\/p>\n<ul>\n<li><strong>Gospodarstwa wielkoobszarowe:<\/strong> Doskonale nadaje si\u0119 do prac wymagaj\u0105cych intensywnego ci\u0119cia i przetwarzania paszy.<\/li>\n<li><strong>Gospodarstwa hodowlane:<\/strong> Doskonale nadaje si\u0119 do gospodarstw, w kt\u00f3rych trawa stanowi podstawowe \u017ar\u00f3d\u0142o paszy dla zwierz\u0105t.<\/li>\n<li><strong>Produkcja kiszonki:<\/strong> Skuteczny w przygotowywaniu trawy do kiszonki, co jest kluczow\u0105 metod\u0105 konserwacji paszy.<\/li>\n<li><strong>Zak\u0142ady przetw\u00f3rstwa pasz:<\/strong> Stosowany do przygotowywania paszy dla fabryk pasz dla zwierz\u0105t.<\/li>\n<li><strong>Gospodarstwa rolne ma\u0142ych gospodarstw:<\/strong> Nawet ma\u0142e gospodarstwa rolne korzystaj\u0105 z wydajno\u015bci i \u0142atwo\u015bci obs\u0142ugi tych maszyn.<\/li>\n<li><strong>Utrzymanie u\u017cytk\u00f3w zielonych:<\/strong> Pomaga w zarz\u0105dzaniu i utrzymaniu zdrowych pastwisk w celu zapewnienia optymalnego wypasu zwierz\u0105t gospodarskich.<\/li>\n<\/ul>\n<h2>Jak wybra\u0107 odpowiedni\u0105 kosiark\u0119 do trawy 9GQY-3.2<\/h2>\n<p>Wybieraj\u0105c kosiark\u0119 do trawy 9GQY-3.2, nale\u017cy wzi\u0105\u0107 pod uwag\u0119 nast\u0119puj\u0105ce czynniki:<\/p>\n<ul>\n<li><strong>Obj\u0119to\u015b\u0107 trawy do przetworzenia:<\/strong> Wybierz maszyn\u0119 o odpowiedniej wydajno\u015bci, aby zagwarantowa\u0107 wydajno\u015b\u0107.<\/li>\n<li><strong>Rodzaj paszy:<\/strong> Upewnij si\u0119, \u017ce maszyna jest dostosowana do rodzaju trawy lub paszy, kt\u00f3r\u0105 planujesz kosi\u0107.<\/li>\n<li><strong>Wymagania dotycz\u0105ce zasilania:<\/strong> Sprawd\u017a, czy moc silnika jest odpowiednia do Twoich potrzeb, zw\u0142aszcza w przypadku koszenia twardszej trawy.<\/li>\n<li><strong>Trwa\u0142o\u015b\u0107 maszyny:<\/strong> Wybierz maszyn\u0119, kt\u00f3ra wytrzyma warunki panuj\u0105ce w Twoim gospodarstwie, niezale\u017cnie od tego, czy b\u0119d\u0105 to ekstremalne warunki pogodowe, czy intensywne u\u017cytkowanie.<\/li>\n<li><strong>Wymagania konserwacyjne:<\/strong> Wybierz maszyn\u0119 o niskich wymaganiach konserwacyjnych, aby ograniczy\u0107 przestoje i koszty operacyjne.<\/li>\n<li><strong>\u0141atwo\u015b\u0107 obs\u0142ugi:<\/strong> Wybierz model przyjazny u\u017cytkownikowi, gwarantuj\u0105cy \u0142atwo\u015b\u0107 obs\u0142ugi wszystkim operatorom w gospodarstwie.<\/li>\n<\/ul>\n<h2>Metody konserwacji kosiarki do trawy 9GQY-3.2<\/h2>\n<p>Aby zapewni\u0107 optymaln\u0105 wydajno\u015b\u0107, niezb\u0119dna jest regularna konserwacja 9GQY-3.2. Kluczowe czynno\u015bci konserwacyjne obejmuj\u0105:<\/p>\n<ul>\n<li>Regularnie czy\u015b\u0107 ostrza, aby zapobiec ich zatykaniu.<\/li>\n<li>Sprawd\u017a silnik i wymie\u0144 wszystkie zu\u017cyte cz\u0119\u015bci.<\/li>\n<li>Smaruj ruchome cz\u0119\u015bci, aby zmniejszy\u0107 tarcie i zapobiec zu\u017cyciu.<\/li>\n<li>Sprawd\u017a paski i ko\u0142a pasowe pod k\u0105tem zu\u017cycia i wymie\u0144 je w razie potrzeby.<\/li>\n<li>Upewnij si\u0119, \u017ce elementy elektryczne dzia\u0142aj\u0105 prawid\u0142owo.<\/li>\n<\/ul>\n<h2>Opinie klient\u00f3w<\/h2>\n<p><strong>\u201eTa kosiarka do trawy to dok\u0142adnie to, czego potrzebowali\u015bmy na naszym gospodarstwie. Znacznie obni\u017cy\u0142a nasze koszty pracy i poprawi\u0142a jako\u015b\u0107 paszy dla naszego byd\u0142a. Precyzja ci\u0119cia jest bez zarzutu, a maszyna jest bardzo \u0142atwa w obs\u0142udze. Gor\u0105co polecam!\u201d<\/strong><br \/>\n\u2014 John Smith, Stany Zjednoczone<\/p>\n<p><strong>\u201eU\u017cywamy 9GQY-3.2 od kilku miesi\u0119cy i odmieni\u0142o to nasz\u0105 codzienn\u0105 dzia\u0142alno\u015b\u0107. Maszyna jest trwa\u0142a, wydajna i wymaga minimalnej konserwacji. Zaoszcz\u0119dzi\u0142a nam mn\u00f3stwo czasu i pieni\u0119dzy\u201d.<\/strong><br \/>\n\u2014 Maria Fernandez, Hiszpania<\/p>\n<p><strong>\u201e\u015awietna maszyna, naprawd\u0119 pomaga w przetwarzaniu paszy dla owiec. Mechanizm tn\u0105cy jest mocny i zauwa\u017cyli\u015bmy znaczn\u0105 popraw\u0119 jako\u015bci paszy.\u201d<\/strong><br \/>\n\u2014 Ahmed Al-Mansoori, ZEA<\/p>\n<p><strong>\u201eJako drobny rolnik, pocz\u0105tkowo by\u0142em sceptyczny co do zakupu tak du\u017cej maszyny, ale okaza\u0142a si\u0119 fantastyczna. Skraca czas przygotowywania paszy i znacznie zwi\u0119ksza wydajno\u015b\u0107 mojej dzia\u0142alno\u015bci\u201d.<\/strong><br \/>\n\u2014 Sarah Adams, Australia<\/p>\n<p><strong>\u201eU\u017cywamy tej maszyny od kilku tygodni i przeros\u0142a nasze oczekiwania. Jest niesamowicie szybka i r\u00f3wnomiernie kosi traw\u0119, zapewniaj\u0105c lepsz\u0105 jako\u015b\u0107 paszy dla naszych kr\u00f3w mlecznych\u201d.<\/strong><br \/>\n\u2014 David Lee, Wielka Brytania<\/p>\n<h2>Dlaczego warto wybra\u0107 nasz produkt?<\/h2>\n<p>Oferujemy kosiark\u0119 do trawy 9GQY-3.2 z mo\u017cliwo\u015bci\u0105 szybkiej personalizacji i solidnym serwisem posprzeda\u017cowym. Udzielamy trzyletniej gwarancji i dbamy o szybk\u0105 realizacj\u0119 wszystkich Pa\u0144stwa potrzeb serwisowych. Nasza globalna sie\u0107 wysy\u0142kowa gwarantuje szybk\u0105 dostaw\u0119, niezale\u017cnie od Pa\u0144stwa lokalizacji, a kompleksowy serwis posprzeda\u017cowy zapewnia pe\u0142ne wsparcie przez ca\u0142y okres u\u017cytkowania.<\/p>\n<p>Dodatkowo oferujemy szerok\u0105 gam\u0119 akcesori\u00f3w i produkt\u00f3w powi\u0105zanych, kt\u00f3re uzupe\u0142niaj\u0105 model 9GQY-3.2, zapewniaj\u0105c wszystko, czego potrzebujesz do optymalnej pracy w gospodarstwie. Nasze produkty charakteryzuj\u0105 si\u0119 konkurencyjnymi cenami bez uszczerbku na jako\u015bci, a my s\u0142u\u017cymy pomoc\u0105 na ka\u017cdym etapie zakupu i instalacji.<\/p>\n<h2>Poznaj ju\u017c dzi\u015b kosiark\u0119 do trawy 9GQY-3.2!<\/h2>\n<p>Skontaktuj si\u0119 z nami ju\u017c dzi\u015b, aby dowiedzie\u0107 si\u0119 wi\u0119cej o kosiarce do trawy 9GQY-3.2 i o tym, jak mo\u017ce ona usprawni\u0107 Twoje prace rolnicze. Nasz do\u015bwiadczony zesp\u00f3\u0142 ch\u0119tnie odpowie na wszystkie Twoje pytania i pomo\u017ce Ci dokona\u0107 najlepszego wyboru. Zapoznaj si\u0119 z nasz\u0105 szerok\u0105 ofert\u0105 sprz\u0119tu i akcesori\u00f3w rolniczych i przekonaj si\u0119 o najwy\u017cszej jako\u015bci, obs\u0142udze i cenie.<\/p>\n<h2>Cz\u0119sto zadawane pytania (FAQ)<\/h2>\n<ol>\n<li><strong>Jaka jest wydajno\u015b\u0107 koszenia maszyny do ci\u0119cia i wyg\u0142adzania trawy 9GQY-3.2?<\/strong><br \/>\nMaszyna do koszenia i sp\u0142aszczania trawy 9GQY-3.2 ma wydajno\u015b\u0107 ci\u0119cia do 3 ton na godzin\u0119, w zale\u017cno\u015bci od rodzaju przetwarzanej paszy.<\/li>\n<li><strong>Czy maszyna do koszenia i wyg\u0142adzania trawy 9GQY-3.2 poradzi sobie z mokr\u0105 traw\u0105?<\/strong><br \/>\nTak, maszyna do koszenia i sp\u0142aszczania trawy 9GQY-3.2 nadaje si\u0119 do koszenia mokrej trawy, jednak najwi\u0119ksz\u0105 wydajno\u015b\u0107 uzyskuje si\u0119 podczas przetwarzania suchej paszy na pasz\u0119.<\/li>\n<li><strong>Jak d\u0142ugo wytrzymuje maszyna do koszenia i sp\u0142aszczania trawy 9GQY-3.2?<\/strong><br \/>\nPrzy prawid\u0142owej konserwacji maszyna do koszenia i wyg\u0142adzania trawy 9GQY-3.2 mo\u017ce s\u0142u\u017cy\u0107 nawet 10 lat lub d\u0142u\u017cej, w zale\u017cno\u015bci od sposobu u\u017cytkowania i piel\u0119gnacji.<\/li>\n<li><strong>Czy maszyna do koszenia i wyg\u0142adzania trawy 9GQY-3.2 nadaje si\u0119 do ma\u0142ych gospodarstw?<\/strong><br \/>\nTak, ta maszyna jest na tyle uniwersalna, \u017ce \u200b\u200bmo\u017cna jej u\u017cywa\u0107 zar\u00f3wno w gospodarstwach na du\u017c\u0105, jak i ma\u0142\u0105 skal\u0119.<\/li>\n<li><strong>Jakiego typu silnika u\u017cywa maszyna do koszenia i wyg\u0142adzania trawy 9GQY-3.2?<\/strong><br \/>\nMaszyna do koszenia i wyg\u0142adzania trawy 9GQY-3.2 jest wyposa\u017cona w mocny silnik elektryczny, kt\u00f3ry zapewnia sta\u0142\u0105 i niezawodn\u0105 wydajno\u015b\u0107.<\/li>\n<li><strong>Czy maszyn\u0119 do koszenia i wyg\u0142adzania trawy 9GQY-3.2 mo\u017cna stosowa\u0107 do koszenia siana?<\/strong><br \/>\nTak, maszyna nadaje si\u0119 r\u00f3wnie\u017c do koszenia siana i przygotowywania go do przechowywania lub przetwarzania paszy.<\/li>\n<li><strong>Jaki jest okres gwarancji na kosiark\u0119 do trawy 9GQY-3.2 Grass Cutting and Flattening Machine?<\/strong><br \/>\nNa maszyn\u0119 do koszenia i wyr\u00f3wnywania trawy 9GQY-3.2 udzielamy 3-letniej gwarancji, kt\u00f3ra obejmuje wszelkie wady produkcyjne i problemy z wydajno\u015bci\u0105.<\/li>\n<li><strong>Jaki jest harmonogram konserwacji maszyny do koszenia i wyg\u0142adzania trawy 9GQY-3.2?<\/strong><br \/>\nZalecamy przeprowadzanie rutynowej konserwacji co 50\u2013100 godzin pracy, obejmuj\u0105cej ostrzenie ostrzy i sprawdzanie stopnia zu\u017cycia.<\/li>\n<li><strong>Czy maszyna do koszenia i wyg\u0142adzania trawy 9GQY-3.2 jest \u0142atwa w obs\u0142udze?<\/strong><br \/>\nTak, maszyna zosta\u0142a zaprojektowana z my\u015bl\u0105 o \u0142atwej obs\u0142udze, z przyjaznymi dla u\u017cytkownika elementami steruj\u0105cymi i minimaln\u0105 konieczno\u015bci\u0105 konfiguracji.<\/li>\n<li><strong>Czy maszyn\u0119 do koszenia i wyg\u0142adzania trawy 9GQY-3.2 mo\u017cna dostosowa\u0107 do indywidualnych potrzeb?<\/strong><br \/>\nTak, oferujemy opcje dostosowywania do Twoich konkretnych potrzeb i wymaga\u0144.<\/li>\n<li><strong>W jaki spos\u00f3b maszyna do koszenia i sp\u0142aszczania trawy 9GQY-3.2 poprawia jako\u015b\u0107 paszy?<\/strong><br \/>\nPrecyzyjne koszenie 9GQY-3.2 gwarantuje r\u00f3wnomierne ci\u0119cie trawy, co poprawia strawno\u015b\u0107 i warto\u015b\u0107 od\u017cywcz\u0105 paszy dla zwierz\u0105t.<\/li>\n<li><strong>Czy mog\u0119 kupi\u0107 cz\u0119\u015bci zamienne do kosiarki i wyr\u00f3wnywarki trawy 9GQY-3.2?<\/strong><br \/>\nTak, oferujemy pe\u0142n\u0105 gam\u0119 cz\u0119\u015bci zamiennych do modelu 9GQY-3.2, aby mie\u0107 pewno\u015b\u0107, \u017ce Twoja maszyna pozostanie w doskona\u0142ym stanie technicznym.<\/li>\n<li><strong>Jak szybko po z\u0142o\u017ceniu zam\u00f3wienia mog\u0119 otrzyma\u0107 maszyn\u0119 do koszenia i wyg\u0142adzania trawy 9GQY-3.2?<\/strong><br \/>\nOferujemy szybk\u0105 wysy\u0142k\u0119 na ca\u0142y \u015bwiat, zazwyczaj w ci\u0105gu 1\u20132 tygodni, w zale\u017cno\u015bci od Twojej lokalizacji.<\/li>\n<li><strong>Jakie s\u0105 wymagania dotycz\u0105ce zasilania maszyny do koszenia i wyg\u0142adzania trawy 9GQY-3.2?<\/strong><br \/>\nUrz\u0105dzenie dzia\u0142a na standardowym napi\u0119ciu 220 V, co zapewnia kompatybilno\u015b\u0107 w wi\u0119kszo\u015bci region\u00f3w.<\/li>\n<\/ol>\n<p>edytuj przez gzl<\/p>","protected":false},"excerpt":{"rendered":"<p>Odkryj kosiark\u0119 i wyr\u00f3wnywark\u0119 trawy 9GQY-3.2, zaprojektowan\u0105 z my\u015bl\u0105 o precyzji i wydajno\u015bci. Jako zaufany producent, oferujemy wysokiej jako\u015bci, trwa\u0142e maszyny idealne dla profesjonalnych architekt\u00f3w krajobrazu i ekspert\u00f3w w rolnictwie. Ulepsz sw\u00f3j sprz\u0119t dzi\u0119ki naszym niezawodnym i ekonomicznym rozwi\u0105zaniom. Skontaktuj si\u0119 z nami ju\u017c dzi\u015b, aby uzyska\u0107 wycen\u0119 i wi\u0119cej szczeg\u00f3\u0142\u00f3w!<\/p>","protected":false},"featured_media":437,"template":"","meta":{"_et_pb_use_builder":"","_et_pb_old_content":"","_et_gb_content_width":""},"product_brand":[],"product_cat":[23],"product_tag":[],"class_list":{"0":"post-436","1":"product","2":"type-product","3":"status-publish","4":"has-post-thumbnail","6":"product_cat-mower-tedder","8":"first","9":"instock","10":"shipping-taxable","11":"product-type-simple"},"_links":{"self":[{"href":"https:\/\/square-balers.com\/pl\/wp-json\/wp\/v2\/product\/436","targetHints":{"allow":["GET"]}}],"collection":[{"href":"https:\/\/square-balers.com\/pl\/wp-json\/wp\/v2\/product"}],"about":[{"href":"https:\/\/square-balers.com\/pl\/wp-json\/wp\/v2\/types\/product"}],"wp:featuredmedia":[{"embeddable":true,"href":"https:\/\/square-balers.com\/pl\/wp-json\/wp\/v2\/media\/437"}],"wp:attachment":[{"href":"https:\/\/square-balers.com\/pl\/wp-json\/wp\/v2\/media?parent=436"}],"wp:term":[{"taxonomy":"product_brand","embeddable":true,"href":"https:\/\/square-balers.com\/pl\/wp-json\/wp\/v2\/product_brand?post=436"},{"taxonomy":"product_cat","embeddable":true,"href":"https:\/\/square-balers.com\/pl\/wp-json\/wp\/v2\/product_cat?post=436"},{"taxonomy":"product_tag","embeddable":true,"href":"https:\/\/square-balers.com\/pl\/wp-json\/wp\/v2\/product_tag?post=436"}],"curies":[{"name":"wp","href":"https:\/\/api.w.org\/{rel}","templated":true}]}}