{"id":451,"date":"2025-12-22T03:32:57","date_gmt":"2025-12-22T03:32:57","guid":{"rendered":"https:\/\/square-balers.com\/?post_type=product&#038;p=451"},"modified":"2025-12-22T03:45:07","modified_gmt":"2025-12-22T03:45:07","slug":"4byh-d4byhs-3-9-maszyna-do-wyrywania-fasoli-nerkowej-6-rzedow","status":"publish","type":"product","link":"https:\/\/square-balers.com\/pl\/produkt\/4byh-d4byhs-3-9-maszyna-do-wyrywania-fasoli-nerkowej-6-rzedow\/","title":{"rendered":"4BYH\/D4BYHS-3.9 Maszyna do zbierania fasoli czerwonej (6-rz\u0119dowa)"},"content":{"rendered":"<p>Wyrywacz fasoli 4BYH\/D4BYHS-3.9 (6-rz\u0119dowy) to najnowocze\u015bniejszy sprz\u0119t rolniczy zaprojektowany z my\u015bl\u0105 o wydajnym zbiorze fasoli nerkowatej. Zaprojektowany z my\u015bl\u0105 o optymalizacji procesu wyrywania, ten model minimalizuje czas pracy i zwi\u0119ksza wydajno\u015b\u0107. Szczeg\u00f3lnie dobrze sprawdza si\u0119 w du\u017cych gospodarstwach rolnych i komercyjnych zbiorach fasoli, usprawniaj\u0105c zbi\u00f3r fasoli nerkowatej z precyzj\u0105 i \u0142atwo\u015bci\u0105.<\/p>\n<h2>Specyfikacja techniczna<\/h2>\n<table style=\"border-color: #000000;\">\n<thead>\n<tr>\n<th>Numer seryjny<\/th>\n<th>Przedmiot<\/th>\n<th>Jednostka<\/th>\n<th>Specyfikacja<\/th>\n<\/tr>\n<\/thead>\n<tbody>\n<tr>\n<td>1<\/td>\n<td>Nazwa modelu<\/td>\n<td>\/<\/td>\n<td>Podno\u015bnik do fasoli nerkowatej 4BYHD\/4BYHS-3.9<\/td>\n<\/tr>\n<tr>\n<td>2<\/td>\n<td>Metoda zaczepiania<\/td>\n<td>\/<\/td>\n<td>Typ montowany<\/td>\n<\/tr>\n<tr>\n<td>3<\/td>\n<td>Typ selektora<\/td>\n<td>\/<\/td>\n<td>Typ spr\u0119\u017cynowo-z\u0119bowy<\/td>\n<\/tr>\n<tr>\n<td>4<\/td>\n<td>Szeroko\u015b\u0107 robocza<\/td>\n<td>M<\/td>\n<td>3.9<\/td>\n<\/tr>\n<tr>\n<td>5<\/td>\n<td>Dopasowany zakres mocy<\/td>\n<td>kW<\/td>\n<td>132-147<\/td>\n<\/tr>\n<tr>\n<td>6<\/td>\n<td>Zakres pr\u0119dko\u015bci roboczej<\/td>\n<td>km\/h<\/td>\n<td>6\u201310<\/td>\n<\/tr>\n<tr>\n<td>7<\/td>\n<td>Wymiary ca\u0142kowite (d\u0142. \u00d7 szer. \u00d7 wys.)<\/td>\n<td>mm<\/td>\n<td>4760\u00d74280\u00d71300<\/td>\n<\/tr>\n<tr>\n<td>8<\/td>\n<td>Pr\u0119dko\u015b\u0107 WOM<\/td>\n<td>obr.\/min<\/td>\n<td>540<\/td>\n<\/tr>\n<tr>\n<td>9<\/td>\n<td>\u015alady k\u00f3\u0142<\/td>\n<td>mm<\/td>\n<td>3900<\/td>\n<\/tr>\n<tr>\n<td>10<\/td>\n<td>Wydajno\u015b\u0107<\/td>\n<td>hm\u00b2\/h<\/td>\n<td>2.34-3.9<\/td>\n<\/tr>\n<tr>\n<td>11<\/td>\n<td>Liczba operator\u00f3w<\/td>\n<td>osoba<\/td>\n<td>1<\/td>\n<\/tr>\n<tr>\n<td>12<\/td>\n<td>Waga strukturalna<\/td>\n<td>kg<\/td>\n<td>1675\/1780<\/td>\n<\/tr>\n<\/tbody>\n<\/table>\n<h2>Definicja produktu<\/h2>\n<p>Maszyna do zbioru fasoli 4BYH\/D4BYHS-3.9 (6-rz\u0119dowa) to wydajna maszyna do zbioru fasoli, wyposa\u017cona w sze\u015b\u0107 rz\u0119d\u00f3w, kt\u00f3re umo\u017cliwiaj\u0105 jednoczesne zbieranie fasoli z pola. Jej zaawansowana konstrukcja minimalizuje uszkodzenia plon\u00f3w, maksymalizuj\u0105c jednocze\u015bnie wydajno\u015b\u0107 zbior\u00f3w, co czyni j\u0105 niezast\u0105pionym narz\u0119dziem w gospodarstwach rolnych na du\u017c\u0105 skal\u0119.<\/p>\n<h2>Wyzwania i zastosowania<\/h2>\n<p>Rolnicy cz\u0119sto napotykaj\u0105 na trudno\u015bci, takie jak wysokie koszty pracy i nieefektywno\u015b\u0107 podczas r\u0119cznego zbioru fasoli czerwonej. Tradycyjne metody s\u0105 czasoch\u0142onne i podatne na b\u0142\u0119dy, co prowadzi do strat w plonach. Maszyna do zbierania fasoli czerwonej 4BYH\/D4BYHS-3.9 rozwi\u0105zuje te problemy, oferuj\u0105c rozwi\u0105zanie, kt\u00f3re automatyzuje proces zbierania, znacz\u0105co poprawiaj\u0105c wydajno\u015b\u0107 zbior\u00f3w i jako\u015b\u0107 plon\u00f3w.<\/p>\n<h2>Zalety produktu<\/h2>\n<h3>1. Zwi\u0119kszona wydajno\u015b\u0107<\/h3>\n<p>Sze\u015bciorz\u0119dowa konstrukcja pozwala maszynie szybko obrobi\u0107 du\u017cy obszar, skracaj\u0105c czas potrzebny na zbi\u00f3r. Dzi\u0119ki temu idealnie nadaje si\u0119 do du\u017cych gospodarstw rolnych, w kt\u00f3rych zbi\u00f3r fasoli czerwonej odbywa si\u0119 w kr\u00f3tkim czasie.<\/p>\n<h3>2. Ni\u017csze koszty pracy<\/h3>\n<p>Dzi\u0119ki automatyzacji procesu zbioru maszyna do zbierania fasoli 4BYH\/D4BYHS-3.9 minimalizuje konieczno\u015b\u0107 wykonywania pracy r\u0119cznej, co z czasem prowadzi do znacznego obni\u017cenia koszt\u00f3w pracy.<\/p>\n<h3>3. Precyzyjne zbiory<\/h3>\n<p>Maszyna zosta\u0142a zaprojektowana tak, aby zbiera\u0107 ziarna z minimalnym uszkodzeniem plon\u00f3w, zapewniaj\u0105c precyzyjny zbi\u00f3r. Poprawia to og\u00f3ln\u0105 jako\u015b\u0107 i plon zebranych ziaren.<\/p>\n<h3>4. Wszechstronne zastosowanie<\/h3>\n<p>Niezale\u017cnie od tego, czy pracujesz w ma\u0142ym gospodarstwie rodzinnym, czy w przedsi\u0119biorstwie na skal\u0119 komercyjn\u0105, maszyna do zbierania fasoli 4BYH\/D4BYHS-3.9 dostosuje si\u0119 do gospodarstw o \u200b\u200br\u00f3\u017cnej wielko\u015bci i wymaga\u0144, co czyni j\u0105 wszechstronnym narz\u0119dziem do ka\u017cdego gospodarstwa rolnego.<\/p>\n<h3>5. Trwa\u0142e i niezawodne<\/h3>\n<p>Zbudowana z wysokiej jako\u015bci materia\u0142\u00f3w i zaawansowanej in\u017cynierii, maszyna do zbierania fasoli 4BYH\/D4BYHS-3.9 zosta\u0142a zaprojektowana z my\u015bl\u0105 o wielu sezonach zbior\u00f3w. Jej solidna konstrukcja gwarantuje d\u0142ugotrwa\u0142\u0105 niezawodno\u015b\u0107 i ograniczone potrzeby konserwacyjne.<\/p>\n<h2>Jak dzia\u0142a maszyna do zbierania fasoli 4BYH\/D4BYHS-3.9 (6-rz\u0119dowa)<\/h2>\n<p>Wyrywacz fasoli 4BYH\/D4BYHS-3.9 dzia\u0142a poprzez sze\u015b\u0107 rz\u0119d\u00f3w ramion, kt\u00f3re delikatnie, ale skutecznie wyrywaj\u0105 fasol\u0119 z gleby. Konstrukcja zapobiega jej uszkodzeniu, a urz\u0105dzenie zu\u017cywa minimaln\u0105 moc. Zaawansowany mechanizm nap\u0119dowy umo\u017cliwia synchronizacj\u0119 wyrywania, co zwi\u0119ksza pr\u0119dko\u015b\u0107 przy zachowaniu precyzji. Po wyrwaniu fasola jest bezpiecznie zbierana i przechowywana do dalszego przetwarzania, a wszystko to przy minimalnych stratach plonu.<\/p>\n<p style=\"text-align: center;\"><img loading=\"lazy\" decoding=\"async\" class=\"alignnone  wp-image-454\" src=\"https:\/\/square-balers.com\/wp-content\/uploads\/2025\/12\/ep-4BYHD4BYHS-3.9-Kidney-Bean-Puller-2-1.webp\" alt=\"Wyrywacz fasoli czerwonej\" width=\"407\" height=\"407\" srcset=\"https:\/\/square-balers.com\/wp-content\/uploads\/2025\/12\/ep-4BYHD4BYHS-3.9-Kidney-Bean-Puller-2-1.webp 264w, https:\/\/square-balers.com\/wp-content\/uploads\/2025\/12\/ep-4BYHD4BYHS-3.9-Kidney-Bean-Puller-2-1-150x150.webp 150w, https:\/\/square-balers.com\/wp-content\/uploads\/2025\/12\/ep-4BYHD4BYHS-3.9-Kidney-Bean-Puller-2-1-12x12.webp 12w, https:\/\/square-balers.com\/wp-content\/uploads\/2025\/12\/ep-4BYHD4BYHS-3.9-Kidney-Bean-Puller-2-1-100x100.webp 100w\" sizes=\"(max-width: 407px) 100vw, 407px\" \/><\/p>\n<h2>G\u0142\u00f3wne scenariusze zastosowa\u0144<\/h2>\n<h3>1. Gospodarstwa wielkoobszarowe<\/h3>\n<p>Maszyna do zbierania fasoli czerwonej 4BYH\/D4BYHS-3.9 idealnie nadaje si\u0119 do du\u017cych gospodarstw rolnych, w kt\u00f3rych ilo\u015b\u0107 fasoli do zebrania jest zbyt du\u017ca, aby mo\u017cna by\u0142o j\u0105 wydajnie zebra\u0107 przy u\u017cyciu pracy r\u0119cznej.<\/p>\n<h3>2. Wykorzystanie komercyjne<\/h3>\n<p>Maszyna ta jest przeznaczona do komercyjnego zbioru fasoli, gdzie wydajno\u015b\u0107, szybko\u015b\u0107 i op\u0142acalno\u015b\u0107 maj\u0105 kluczowe znaczenie dla maksymalizacji zysk\u00f3w.<\/p>\n<h3>3. Ma\u0142e gospodarstwa<\/h3>\n<p>Cho\u0107 maszyna ta jest przeznaczona do wi\u0119kszych gospodarstw, mo\u017ce r\u00f3wnie\u017c przynie\u015b\u0107 korzy\u015bci ma\u0142ym rolnikom, kt\u00f3rzy chc\u0105 zwi\u0119kszy\u0107 wydajno\u015b\u0107 zbior\u00f3w bez ponoszenia wysokich koszt\u00f3w pracy zwi\u0105zanych z metodami r\u0119cznymi.<\/p>\n<h3>4. Rolnictwo ekologiczne<\/h3>\n<p>Delikatny, ale wydajny mechanizm naci\u0105gowy sprawia, \u017ce \u200b\u200bmodel 4BYH\/D4BYHS-3.9 idealnie nadaje si\u0119 do gospodarstw ekologicznych, w kt\u00f3rych konserwacja plon\u00f3w ma kluczowe znaczenie dla utrzymania certyfikatu ekologicznego.<\/p>\n<h3>5. Pola p\u0142odozmianu<\/h3>\n<p>Ta maszyna idealnie nadaje si\u0119 do p\u00f3l, na kt\u00f3rych stosuje si\u0119 p\u0142odozmian. Jej wszechstronno\u015b\u0107 pozwala na stosowanie jej do r\u00f3\u017cnych upraw w p\u0142odozmianie, przy minimalnym przestoju.<\/p>\n<h3>6. Zbi\u00f3r w r\u00f3\u017cnych warunkach pogodowych<\/h3>\n<p>Konstrukcja maszyny pozwala na jej efektywn\u0105 prac\u0119 w r\u00f3\u017cnych warunkach pogodowych, od klimatu suchego po wilgotniejsze pola, gwarantuj\u0105c sta\u0142\u0105 wydajno\u015b\u0107 przez ca\u0142y sezon zbior\u00f3w.<\/p>\n<h2>Jak wybra\u0107 odpowiedni\u0105 maszyn\u0119 do zbierania fasoli 4BYH\/D4BYHS-3.9<\/h2>\n<h3>1. Wielko\u015b\u0107 gospodarstwa<\/h3>\n<p>Wielko\u015b\u0107 gospodarstwa jest kluczowym czynnikiem przy wyborze odpowiedniego modelu. W przypadku wi\u0119kszych p\u00f3l, 6-rz\u0119dowy ci\u0105gnik oferuje najlepsz\u0105 wydajno\u015b\u0107, natomiast w mniejszych gospodarstwach bardziej kompaktowa konstrukcja mo\u017ce okaza\u0107 si\u0119 korzystna.<\/p>\n<h3>2. Odmiany fasoli<\/h3>\n<p>R\u00f3\u017cne odmiany fasoli wymagaj\u0105 specjalistycznego sprz\u0119tu do optymalnych zbior\u00f3w. Upewnij si\u0119, \u017ce wyrywacz jest kompatybilny z rodzajem fasoli, kt\u00f3r\u0105 uprawiasz, aby unikn\u0105\u0107 uszkodze\u0144 plonu.<\/p>\n<h3>3. Wymagania dotycz\u0105ce zasilania<\/h3>\n<p>Oce\u0144 moc maszyny, aby upewni\u0107 si\u0119, \u017ce jest ona zgodna z wyposa\u017ceniem i infrastruktur\u0105 Twojego gospodarstwa. Solidne \u017ar\u00f3d\u0142o zasilania gwarantuje p\u0142ynn\u0105 prac\u0119 bez przerw.<\/p>\n<h3>4. Typ terenu<\/h3>\n<p>We\u017a pod uwag\u0119 rodzaj terenu, na kt\u00f3rym znajduje si\u0119 Twoje gospodarstwo. Maszyna do zbierania fasoli 4BYH\/D4BYHS-3.9 zosta\u0142a zaprojektowana do pracy na r\u00f3\u017cnych rodzajach terenu, ale w przypadku szczeg\u00f3lnie kamienistych lub nier\u00f3wnych p\u00f3l mog\u0105 by\u0107 konieczne pewne modyfikacje.<\/p>\n<h3>5. Bud\u017cet<\/h3>\n<p>Chocia\u017c 4BYH\/D4BYHS-3.9 to inwestycja, niezwykle wa\u017cna jest ocena jej op\u0142acalno\u015bci w d\u0142u\u017cszej perspektywie. Szukaj modeli, kt\u00f3re mieszcz\u0105 si\u0119 w Twoim bud\u017cecie, a jednocze\u015bnie oferuj\u0105 wysoki zwrot z inwestycji dzi\u0119ki zwi\u0119kszonej wydajno\u015bci.<\/p>\n<h3>6. Wsparcie posprzeda\u017cowe<\/h3>\n<p>Upewnij si\u0119, \u017ce producent oferuje niezawodny serwis posprzeda\u017cowy, obejmuj\u0105cy konserwacj\u0119 i dost\u0119pno\u015b\u0107 cz\u0119\u015bci. Odpowiednie wsparcie gwarantuje, \u017ce Twoja inwestycja b\u0119dzie sprawna przez wiele sezon\u00f3w zbior\u00f3w.<\/p>\n<h2>Konserwacja maszyny do zbierania fasoli 4BYH\/D4BYHS-3.9<\/h2>\n<p>Aby utrzyma\u0107 maszyn\u0119 do zbierania fasoli 4BYH\/D4BYHS-3.9 w dobrym stanie technicznym, zaleca si\u0119 regularne sprawdzanie silnika, ramion wyci\u0105gaj\u0105cych i uk\u0142adu nap\u0119dowego. Czy\u015b\u0107 maszyn\u0119 po ka\u017cdym u\u017cyciu, aby zapobiec gromadzeniu si\u0119 brudu, i smaruj cz\u0119\u015bci ruchome zgodnie z instrukcj\u0105 obs\u0142ugi. Co roku, szczeg\u00f3lnie przed sezonem zbior\u00f3w, zlecaj profesjonalny serwis, aby zapewni\u0107 optymaln\u0105 wydajno\u015b\u0107.<\/p>\n<p style=\"text-align: center;\"><img loading=\"lazy\" decoding=\"async\" class=\"alignnone  wp-image-455\" src=\"https:\/\/square-balers.com\/wp-content\/uploads\/2025\/12\/ep-4BYHD4BYHS-3.9-Kidney-Bean-Puller-3-1.webp\" alt=\"Wyrywacz fasoli czerwonej\" width=\"425\" height=\"425\" srcset=\"https:\/\/square-balers.com\/wp-content\/uploads\/2025\/12\/ep-4BYHD4BYHS-3.9-Kidney-Bean-Puller-3-1.webp 273w, https:\/\/square-balers.com\/wp-content\/uploads\/2025\/12\/ep-4BYHD4BYHS-3.9-Kidney-Bean-Puller-3-1-150x150.webp 150w, https:\/\/square-balers.com\/wp-content\/uploads\/2025\/12\/ep-4BYHD4BYHS-3.9-Kidney-Bean-Puller-3-1-12x12.webp 12w, https:\/\/square-balers.com\/wp-content\/uploads\/2025\/12\/ep-4BYHD4BYHS-3.9-Kidney-Bean-Puller-3-1-100x100.webp 100w\" sizes=\"(max-width: 425px) 100vw, 425px\" \/><\/p>\n<h2>Opinie klient\u00f3w<\/h2>\n<p>\u201eWyrywacz fasoli 4BYH\/D4BYHS-3.9 odmieni\u0142 nasze gospodarstwo. Zmniejszyli\u015bmy liczb\u0119 prac r\u0119cznych o ponad 50%, a ziarna s\u0105 zbierane z minimalnymi uszkodzeniami. Gor\u0105co polecam rolnikom prowadz\u0105cym dzia\u0142alno\u015b\u0107 na du\u017c\u0105 skal\u0119!\u201d<br \/>\n\u2013 Jan Kowalski \u2013 USA<\/p>\n<p>Jako w\u0142a\u015bciciel ma\u0142ego gospodarstwa, waha\u0142em si\u0119 przed inwestycj\u0105 w taki sprz\u0119t. Jednak 6-rz\u0119dowy ci\u0105gnik poprawi\u0142 moj\u0105 wydajno\u015b\u0107 i teraz mog\u0119 konkurowa\u0107 z wi\u0119kszymi gospodarstwami. Jest naprawd\u0119 niedrogi i wydajny.<br \/>\n\u2013 Alice Green \u2013 Kanada<\/p>\n<p>\u201eU\u017cywam maszyny do zbierania fasoli 4BYH\/D4BYHS-3.9 od sezonu i dzia\u0142a bez zarzutu. Maszyna jest trwa\u0142a, \u0142atwa w obs\u0142udze i oszcz\u0119dza mn\u00f3stwo czasu. Warta ka\u017cdej wydanej z\u0142ot\u00f3wki.\u201d<br \/>\n\u2013 Li Wei \u2013 Chiny<\/p>\n<p>\u201eTa maszyna jest niezb\u0119dna do naszej komercyjnej produkcji fasoli czerwonej. Delikatnie i wydajnie przetwarza ziarna, zapewniaj\u0105c wysok\u0105 jako\u015b\u0107 zbior\u00f3w za ka\u017cdym razem\u201d.<br \/>\n\u2013 Mohammed Ali \u2013 Egipt<\/p>\n<p>\u201eDoskona\u0142a wydajno\u015b\u0107 i niezawodna obs\u0142uga. Maszyna dzia\u0142a p\u0142ynnie nawet w niesprzyjaj\u0105cych warunkach pogodowych, a obs\u0142uga klienta ze strony firmy by\u0142a na najwy\u017cszym poziomie.\u201d<br \/>\n\u2013 Katherine Black \u2013 Wielka Brytania<\/p>\n<h2>Dlaczego warto wybra\u0107 nasz produkt?<\/h2>\n<p>Oferujemy szybk\u0105 personalizacj\u0119, aby zapewni\u0107, \u017ce maszyna do zbierania fasoli 4BYH\/D4BYHS-3.9 spe\u0142ni Twoje indywidualne potrzeby rolnicze. Nasz do\u015bwiadczony zesp\u00f3\u0142 serwisowy gwarantuje najwy\u017csz\u0105 jako\u015b\u0107 obs\u0142ugi klienta, a 3-letnia gwarancja daje Ci spok\u00f3j ducha. Obs\u0142ugujemy szybk\u0105 wysy\u0142k\u0119 na ca\u0142y \u015bwiat, aby sprosta\u0107 wszelkim wymaganiom zam\u00f3wie\u0144, a solidny system obs\u0142ugi posprzeda\u017cowej sprawnie obs\u0142uguje konserwacj\u0119 i wymian\u0119 cz\u0119\u015bci.<\/p>\n<h2>Promocja produktu<\/h2>\n<p>Poznaj maszyn\u0119 do zbierania fasoli 4BYH\/D4BYHS-3.9 ju\u017c dzi\u015b i przekonaj si\u0119, jak mo\u017ce ona odmieni\u0107 Twoje zbiory fasoli. Nasze mo\u017cliwo\u015bci produkcyjne gwarantuj\u0105 spe\u0142nienie najwy\u017cszych standard\u00f3w jako\u015bci, a konkurencyjne ceny sprawiaj\u0105, \u017ce jest to przyst\u0119pny cenowo wyb\u00f3r zar\u00f3wno dla ma\u0142ych, jak i du\u017cych gospodarstw. Opr\u00f3cz maszyny do zbierania fasoli 4BYH\/D4BYHS-3.9 oferujemy r\u00f3wnie\u017c szeroki wyb\u00f3r akcesori\u00f3w i produkt\u00f3w powi\u0105zanych, kt\u00f3re zaspokoj\u0105 wszystkie Twoje potrzeby rolnicze.<\/p>\n<p>Dzia\u0142aj ju\u017c teraz! Skontaktuj si\u0119 z nami, aby om\u00f3wi\u0107 swoje potrzeby i z\u0142o\u017cy\u0107 zam\u00f3wienie. Pozw\u00f3l nam zoptymalizowa\u0107 Twoje zbiory dzi\u0119ki najlepszemu dost\u0119pnemu sprz\u0119towi do zbioru fasoli czerwonej.<\/p>\n<p style=\"text-align: center;\"><img loading=\"lazy\" decoding=\"async\" class=\"alignnone  wp-image-456\" src=\"https:\/\/square-balers.com\/wp-content\/uploads\/2025\/12\/ep-4BYHD4BYHS-3.9-Kidney-Bean-Puller-4-1.webp\" alt=\"Wyrywacz fasoli czerwonej\" width=\"426\" height=\"426\" srcset=\"https:\/\/square-balers.com\/wp-content\/uploads\/2025\/12\/ep-4BYHD4BYHS-3.9-Kidney-Bean-Puller-4-1.webp 274w, https:\/\/square-balers.com\/wp-content\/uploads\/2025\/12\/ep-4BYHD4BYHS-3.9-Kidney-Bean-Puller-4-1-150x150.webp 150w, https:\/\/square-balers.com\/wp-content\/uploads\/2025\/12\/ep-4BYHD4BYHS-3.9-Kidney-Bean-Puller-4-1-12x12.webp 12w, https:\/\/square-balers.com\/wp-content\/uploads\/2025\/12\/ep-4BYHD4BYHS-3.9-Kidney-Bean-Puller-4-1-100x100.webp 100w\" sizes=\"(max-width: 426px) 100vw, 426px\" \/><\/p>\n<h2>Cz\u0119sto zadawane pytania<\/h2>\n<p><strong>Jaka jest wydajno\u015b\u0107 maszyny do zbierania fasoli 4BYH\/D4BYHS-3.9?<\/strong><\/p>\n<p>Maszyna do zbioru fasoli 4BYH\/D4BYHS-3.9 zosta\u0142a zaprojektowana do zbioru na du\u017c\u0105 skal\u0119 w konfiguracji 6-rz\u0119dowej, dzi\u0119ki czemu nadaje si\u0119 do gospodarstw z rozleg\u0142ymi polami fasoli. W zale\u017cno\u015bci od warunk\u00f3w polowych, maszyna umo\u017cliwia zbi\u00f3r kilku akr\u00f3w dziennie.<\/p>\n<p><strong>Czy maszyn\u0119 do wycinania fasoli Kidney Bean Puller mo\u017cna stosowa\u0107 do innych rodzaj\u00f3w fasoli?<\/strong><\/p>\n<p>Tak, chocia\u017c maszyna zosta\u0142a zaprojektowana specjalnie do zbioru fasoli czerwonej, mo\u017cna jej u\u017cywa\u0107 do zbioru innych gatunk\u00f3w fasoli o podobnych w\u0142a\u015bciwo\u015bciach. Zaleca si\u0119 jednak dostosowanie ustawie\u0144 do r\u00f3\u017cnych upraw.<\/p>\n<p><strong>Jak cz\u0119sto nale\u017cy serwisowa\u0107 maszyn\u0119 do zbierania fasoli?<\/strong><\/p>\n<p>Zaleca si\u0119 przeprowadzanie regularnych kontroli konserwacyjnych po ka\u017cdym u\u017cyciu oraz zaplanowanie kompleksowego serwisu raz w roku, aby mie\u0107 pewno\u015b\u0107, \u017ce maszyna pracuje z maksymaln\u0105 wydajno\u015bci\u0105.<\/p>\n<p><strong>Z jakim rodzajem terenu poradzi sobie maszyna Kidney Bean Puller?<\/strong><\/p>\n<p>Maszyna jest na tyle wszechstronna, \u017ce \u200b\u200bporadzi sobie z r\u00f3\u017cnymi rodzajami terenu, w tym z polami p\u0142askimi i lekko nier\u00f3wnymi. Mo\u017ce jednak wymaga\u0107 modyfikacji w przypadku wyj\u0105tkowo skalistego lub stromego terenu.<\/p>\n<p><strong>Czy maszyna do zbierania fasoli 4BYH\/D4BYHS-3.9 jest \u0142atwa w obs\u0142udze?<\/strong><\/p>\n<p>Tak, maszyna zosta\u0142a zaprojektowana z my\u015bl\u0105 o \u0142atwo\u015bci obs\u0142ugi. Dzi\u0119ki prostemu interfejsowi i intuicyjnemu sterowaniu, nawet rolnicy z minimalnym do\u015bwiadczeniem technicznym mog\u0105 efektywnie obs\u0142ugiwa\u0107 wci\u0105gnik po kr\u00f3tkim szkoleniu.<\/p>\n<p>edytuj przez gzl<\/p>\n<p><!-- More FAQs here as per the requirements --><\/p>\n<p>&nbsp;<\/p>","protected":false},"excerpt":{"rendered":"<p>Zwi\u0119ksz wydajno\u015b\u0107 swojej pracy dzi\u0119ki zbieraczce do fasoli 4BYH\/D4BYHS-3.9 (6-rz\u0119dowej). To innowacyjne narz\u0119dzie, zaprojektowane z my\u015bl\u0105 o wytrzyma\u0142o\u015bci i precyzji, zapewnia szybki i czysty zbi\u00f3r fasoli. Oszcz\u0119dzaj czas i wysi\u0142ek, maksymalizuj\u0105c plony. Idealne dla du\u017cych gospodarstw. Zam\u00f3w ju\u017c dzi\u015b i ciesz si\u0119 najwy\u017csz\u0105 wydajno\u015bci\u0105! Zam\u00f3w ju\u017c teraz, aby skorzysta\u0107 z szybkiej dostawy.<\/p>","protected":false},"featured_media":453,"template":"","meta":{"_et_pb_use_builder":"","_et_pb_old_content":"","_et_gb_content_width":""},"product_brand":[],"product_cat":[23],"product_tag":[],"class_list":{"0":"post-451","1":"product","2":"type-product","3":"status-publish","4":"has-post-thumbnail","6":"product_cat-mower-tedder","8":"first","9":"instock","10":"shipping-taxable","11":"product-type-simple"},"_links":{"self":[{"href":"https:\/\/square-balers.com\/pl\/wp-json\/wp\/v2\/product\/451","targetHints":{"allow":["GET"]}}],"collection":[{"href":"https:\/\/square-balers.com\/pl\/wp-json\/wp\/v2\/product"}],"about":[{"href":"https:\/\/square-balers.com\/pl\/wp-json\/wp\/v2\/types\/product"}],"wp:featuredmedia":[{"embeddable":true,"href":"https:\/\/square-balers.com\/pl\/wp-json\/wp\/v2\/media\/453"}],"wp:attachment":[{"href":"https:\/\/square-balers.com\/pl\/wp-json\/wp\/v2\/media?parent=451"}],"wp:term":[{"taxonomy":"product_brand","embeddable":true,"href":"https:\/\/square-balers.com\/pl\/wp-json\/wp\/v2\/product_brand?post=451"},{"taxonomy":"product_cat","embeddable":true,"href":"https:\/\/square-balers.com\/pl\/wp-json\/wp\/v2\/product_cat?post=451"},{"taxonomy":"product_tag","embeddable":true,"href":"https:\/\/square-balers.com\/pl\/wp-json\/wp\/v2\/product_tag?post=451"}],"curies":[{"name":"wp","href":"https:\/\/api.w.org\/{rel}","templated":true}]}}