{"id":466,"date":"2025-12-22T08:58:01","date_gmt":"2025-12-22T08:58:01","guid":{"rendered":"https:\/\/square-balers.com\/?post_type=product&#038;p=466"},"modified":"2025-12-23T03:08:50","modified_gmt":"2025-12-23T03:08:50","slug":"zintegrowana-maszyna-do-belowania-i-owijania","status":"publish","type":"product","link":"https:\/\/square-balers.com\/pl\/produkt\/zintegrowana-maszyna-do-belowania-i-owijania\/","title":{"rendered":"Zintegrowana maszyna do belowania i owijania 9YCM-850"},"content":{"rendered":"<p>Zintegrowana maszyna do belowania i owijania 9YCM-850 to zaawansowane urz\u0105dzenie rolnicze, zaprojektowane do p\u0142ynnego wykonywania funkcji belowania i owijania. Ta zaawansowana maszyna \u0142\u0105czy w sobie wysok\u0105 wydajno\u015b\u0107 i wszechstronno\u015b\u0107, co czyni j\u0105 niezb\u0119dnym narz\u0119dziem w gospodarstwach rolnych wymagaj\u0105cych wysokiej jako\u015bci pakowania siana lub kiszonki. Zaprojektowano j\u0105 z my\u015bl\u0105 o zwi\u0119kszeniu wydajno\u015bci, obni\u017ceniu koszt\u00f3w pracy i zapewnieniu w\u0142a\u015bciwej konserwacji produkt\u00f3w rolnych.<\/p>\n<h2>Specyfikacja techniczna<\/h2>\n<table style=\"border-color: #000000;\">\n<thead>\n<tr>\n<th>Numer seryjny<\/th>\n<th>Przedmiot<\/th>\n<th>Jednostka<\/th>\n<th>Specyfikacja<\/th>\n<\/tr>\n<\/thead>\n<tbody>\n<tr>\n<td>1<\/td>\n<td>Nazwa produktu<\/td>\n<td>\/<\/td>\n<td>Zintegrowana maszyna do belowania i owijania 9YCM-850<\/td>\n<\/tr>\n<tr>\n<td>2<\/td>\n<td>Rozmiar beli (\u015brednica \u00d7 d\u0142ugo\u015b\u0107)<\/td>\n<td>cm<\/td>\n<td>\u03a685-90\u00d785<\/td>\n<\/tr>\n<tr>\n<td>3<\/td>\n<td>Obj\u0119to\u015b\u0107 beli<\/td>\n<td>m\u00b3<\/td>\n<td>0.48-0.54<\/td>\n<\/tr>\n<tr>\n<td>4<\/td>\n<td>Obj\u0119to\u015b\u0107 leja<\/td>\n<td>m\u00b3<\/td>\n<td>2.5<\/td>\n<\/tr>\n<tr>\n<td>5<\/td>\n<td>Dopasowana moc<\/td>\n<td>\/<\/td>\n<td>\u2265120 KM<\/td>\n<\/tr>\n<tr>\n<td>6<\/td>\n<td>Wymiary ca\u0142kowite sprz\u0119tu (d\u0142. \u00d7 szer. \u00d7 wys.)<\/td>\n<td>M<\/td>\n<td>7,00\u00d72,19\u00d73,03<\/td>\n<\/tr>\n<tr>\n<td>7<\/td>\n<td>Specyfikacja opon<\/td>\n<td>\/<\/td>\n<td>295\/60-15<\/td>\n<\/tr>\n<tr>\n<td>8<\/td>\n<td>Wyj\u015bcie WOM<\/td>\n<td>obr.\/min<\/td>\n<td>540<\/td>\n<\/tr>\n<tr>\n<td>9<\/td>\n<td>Wymagania hydrauliczne<\/td>\n<td>\/<\/td>\n<td>1\u00d71\/2 cala 1\u00d73\/4 cala<\/td>\n<\/tr>\n<tr>\n<td>10<\/td>\n<td>Wymagania elektryczne<\/td>\n<td>\/<\/td>\n<td>12 V pr\u0105du sta\u0142ego<\/td>\n<\/tr>\n<tr>\n<td>11<\/td>\n<td>System sterowania<\/td>\n<td>\/<\/td>\n<td>Elektroniczny system sterowania<\/td>\n<\/tr>\n<tr>\n<td>12<\/td>\n<td>Wydajno\u015b\u0107<\/td>\n<td>bele\/godzin\u0119<\/td>\n<td>30-40<\/td>\n<\/tr>\n<\/tbody>\n<\/table>\n<h2>Definicja produktu<\/h2>\n<p>Zintegrowana maszyna do belowania i owijania 9YCM-850 to system, kt\u00f3ry automatyzuje procesy belowania i owijania materia\u0142\u00f3w rolniczych, takich jak siano i kiszonka. To zintegrowane rozwi\u0105zanie eliminuje potrzeb\u0119 stosowania oddzielnych urz\u0105dze\u0144 do belowania i pakowania, poprawiaj\u0105c tym samym wydajno\u015b\u0107 i sp\u00f3jno\u015b\u0107 operacyjn\u0105. Zosta\u0142o ono zaprojektowane specjalnie dla ma\u0142ych i \u015brednich gospodarstw rolnych, kt\u00f3re chc\u0105 usprawni\u0107 swoje procesy produkcji rolnej.<\/p>\n<h2>Jakie problemy rozwi\u0105zuje zintegrowana belownica i owijarka 9YCM-850?<\/h2>\n<p>Maszyna 9YCM-850 rozwi\u0105zuje szereg problem\u00f3w, z kt\u00f3rymi borykaj\u0105 si\u0119 rolnicy i przedsi\u0119biorstwa rolne. Rozwi\u0105zuje problemy takie jak nier\u00f3wnomierne pakowanie, uci\u0105\u017cliwa obs\u0142uga r\u0119czna oraz trudno\u015bci w obs\u0142udze du\u017cych ilo\u015bci materia\u0142\u00f3w. Maszyna zapewnia wysok\u0105 jako\u015b\u0107 belowania i pakowania, minimalizuj\u0105c r\u0119czn\u0105 interwencj\u0119, co pozwala obni\u017cy\u0107 koszty eksploatacji i poprawi\u0107 efektywno\u015b\u0107 konserwacji siana i kiszonki.<\/p>\n<h2>Zastosowania zintegrowanej maszyny do belowania i owijania 9YCM-850<\/h2>\n<p>Maszyna ta jest wykorzystywana w r\u00f3\u017cnych zastosowaniach rolniczych, takich jak:<\/p>\n<ul>\n<li>Produkcja siana i kiszonki<\/li>\n<li>Zapewnienie skutecznej konserwacji plon\u00f3w na pasz\u0119 dla zwierz\u0105t gospodarskich<\/li>\n<li>Poprawa jako\u015bci przechowywanej paszy<\/li>\n<li>Obni\u017canie koszt\u00f3w pracy w gospodarstwach rolnych<\/li>\n<li>Zwi\u0119kszanie efektywno\u015bci operacyjnej gospodarstw \u015bredniej wielko\u015bci<\/li>\n<li>Zapewniamy automatyczne belowanie i owijanie wielu rodzaj\u00f3w upraw<\/li>\n<\/ul>\n<h2>Zalety produktu<\/h2>\n<ul>\n<li><strong>Zwi\u0119kszona wydajno\u015b\u0107:<\/strong> Urz\u0105dzenie 9YCM-850 automatyzuje zar\u00f3wno belowanie, jak i owijanie, oszcz\u0119dzaj\u0105c czas i redukuj\u0105c konieczno\u015b\u0107 wykonywania pracy r\u0119cznej.<\/li>\n<li><strong>Sta\u0142a jako\u015b\u0107:<\/strong> Maszyna ta zapewnia r\u00f3wnomierne owijanie, co jest kluczowe dla konserwacji siana i kiszonki.<\/li>\n<li><strong>Trwa\u0142o\u015b\u0107:<\/strong> Maszyna wykonana z materia\u0142\u00f3w najwy\u017cszej jako\u015bci, przeznaczona jest do d\u0142ugotrwa\u0142ego u\u017cytkowania w trudnych warunkach rolniczych.<\/li>\n<li><strong>Op\u0142acalne:<\/strong> \u0141\u0105cz\u0105c oba procesy w jednej maszynie, rolnicy obni\u017caj\u0105 koszty zakupu i utrzymania oddzielnych urz\u0105dze\u0144 do belowania i owijania.<\/li>\n<li><strong>Wszechstronny:<\/strong> Nadaje si\u0119 do szerokiej gamy materia\u0142\u00f3w rolniczych, co czyni j\u0105 idealnym narz\u0119dziem do zaspokojenia zr\u00f3\u017cnicowanych potrzeb rolnictwa.<\/li>\n<\/ul>\n<h2><a href=\"https:\/\/square-balers.com\/pl\/produkt\/maszyna-do-zbierania-i-transportu-bel\/\">Jak dzia\u0142a zintegrowana maszyna do belowania i owijania 9YCM-850<\/a><\/h2>\n<p>Zintegrowana maszyna do belowania i owijania 9YCM-850 dzia\u0142a poprzez zbieranie siana lub kiszonki za pomoc\u0105 zaawansowanego mechanizmu podaj\u0105cego. Materia\u0142 jest nast\u0119pnie prasowany w ciasne, jednolite bele. Nast\u0119pnie maszyna owija bele trwa\u0142\u0105 foli\u0105, aby zabezpieczy\u0107 ich zawarto\u015b\u0107. Zintegrowany charakter systemu gwarantuje p\u0142ynny proces belowania i owijania, eliminuj\u0105c potrzeb\u0119 stosowania dodatkowych maszyn i zwi\u0119kszaj\u0105c wydajno\u015b\u0107.<\/p>\n<p style=\"text-align: center;\"><img loading=\"lazy\" decoding=\"async\" class=\"alignnone wp-image-468\" src=\"https:\/\/square-balers.com\/wp-content\/uploads\/2025\/12\/ep-9YCM-850-Baling-and-Wrapping-Integrated-Machine-1-1-300x300.webp\" alt=\"Zintegrowana maszyna do belowania i owijania\" width=\"411\" height=\"411\" \/><\/p>\n<h2>G\u0142\u00f3wne scenariusze zastosowa\u0144<\/h2>\n<ul>\n<li><strong>Ma\u0142e gospodarstwa:<\/strong> Idealne dla gospodarstw rolnych na ma\u0142\u0105 skal\u0119, poszukuj\u0105cych wydajnych i niedrogich rozwi\u0105za\u0144 w zakresie belowania i owijania.<\/li>\n<li><strong>Przechowywanie paszy dla zwierz\u0105t gospodarskich:<\/strong> Zapewnia prawid\u0142owe przechowywanie siana i kiszonki na pasz\u0119 dla zwierz\u0105t poza sezonem.<\/li>\n<li><strong>Uprawy o wysokiej wydajno\u015bci:<\/strong> Nadaje si\u0119 do produkcji siana i kiszonki na du\u017c\u0105 skal\u0119, maksymalizuj\u0105c wydajno\u015b\u0107.<\/li>\n<li><strong>Sp\u00f3\u0142dzielnie rolnicze:<\/strong> Pomaga sp\u00f3\u0142dzielniom rolniczym zarz\u0105dza\u0107 potrzebami zwi\u0105zanymi z belowaniem i owijaniem s\u0142omy w wielu gospodarstwach jednocze\u015bnie.<\/li>\n<li><strong>Regiony wra\u017cliwe na klimat:<\/strong> Niezb\u0119dne w regionach o surowym klimacie, gdzie zachowanie jako\u015bci siana i kiszonki ma kluczowe znaczenie.<\/li>\n<li><strong>Rolnictwo ekologiczne:<\/strong> Idealne dla gospodarstw ekologicznych, kt\u00f3re potrzebuj\u0105 wydajnych i zr\u00f3wnowa\u017conych rozwi\u0105za\u0144 w zakresie konserwacji siana i kiszonki.<\/li>\n<\/ul>\n<h2>Jak wybra\u0107 odpowiedni\u0105 zintegrowan\u0105 pras\u0119 do belowania i owijania 9YCM-850<\/h2>\n<p>Wyb\u00f3r w\u0142a\u015bciwej maszyny 9YCM-850 zale\u017cy od kilku czynnik\u00f3w, w tym:<\/p>\n<ul>\n<li><strong>Wielko\u015b\u0107 gospodarstwa:<\/strong> Wielko\u015b\u0107 gospodarstwa okre\u015bla wydajno\u015b\u0107 i wymagania dotycz\u0105ce maszyny.<\/li>\n<li><strong>Rodzaj uprawy:<\/strong> Nale\u017cy wzi\u0105\u0107 pod uwag\u0119 rodzaj przetwarzanych plon\u00f3w, poniewa\u017c niekt\u00f3re gatunki mog\u0105 wymaga\u0107 innych technik belowania.<\/li>\n<li><strong>\u015arodowisko operacyjne:<\/strong> Wybierz maszyn\u0119, kt\u00f3ra wytrzyma konkretne warunki pogodowe i terenowe panuj\u0105ce w Twoim gospodarstwie.<\/li>\n<li><strong>Bud\u017cet:<\/strong> Upewnij si\u0119, \u017ce maszyna mie\u015bci si\u0119 w Twoim bud\u017cecie, uwzgl\u0119dniaj\u0105c koszty konserwacji i eksploatacji.<\/li>\n<li><strong>Wsparcie konserwacyjne:<\/strong> Szukaj maszyn, kt\u00f3re maj\u0105 zapewnione silne wsparcie posprzeda\u017cowe i sie\u0107 serwisow\u0105.<\/li>\n<li><strong>Efektywno\u015b\u0107 energetyczna:<\/strong> Wybierz maszyn\u0119, kt\u00f3ra minimalizuje zu\u017cycie energii, maksymalizuj\u0105c jednocze\u015bnie wydajno\u015b\u0107.<\/li>\n<\/ul>\n<h2>Wskaz\u00f3wki dotycz\u0105ce konserwacji zintegrowanej maszyny do belowania i owijania 9YCM-850<\/h2>\n<p>Aby zapewni\u0107 sprawne dzia\u0142anie maszyny, niezb\u0119dna jest regularna konserwacja. Do najwa\u017cniejszych zada\u0144 konserwacyjnych nale\u017c\u0105:<\/p>\n<ul>\n<li>Regularne sprawdzanie uk\u0142adu hydraulicznego pod k\u0105tem wyciek\u00f3w i zu\u017cycia.<\/li>\n<li>Czyszczenie urz\u0105dzenia po ka\u017cdym u\u017cyciu w celu zapobiegania gromadzeniu si\u0119 zanieczyszcze\u0144.<\/li>\n<li>Smarowanie ruchomych cz\u0119\u015bci w celu zapewnienia ich p\u0142ynnej pracy.<\/li>\n<li>Kontrola mechanizmu owijaj\u0105cego foli\u0119 i wymiana w razie potrzeby.<\/li>\n<li>Regularne przeprowadzanie przegl\u0105d\u00f3w silnika i uk\u0142adu elektrycznego w celu unikni\u0119cia awarii.<\/li>\n<\/ul>\n<h2>Opinie klient\u00f3w<\/h2>\n<p>Poni\u017cej znajduj\u0105 si\u0119 opinie klient\u00f3w z r\u00f3\u017cnych kraj\u00f3w, przedstawiaj\u0105ce ich do\u015bwiadczenia z urz\u0105dzeniem do belowania i owijania 9YCM-850:<\/p>\n<h3>Opinia klienta 1<\/h3>\n<p>Prasa 9YCM-850 odmieni\u0142a nasze gospodarstwo. Nie musimy ju\u017c martwi\u0107 si\u0119 o nieefektywno\u015b\u0107 oddzielnych pras do belowania i owijania. Po\u0142\u0105czenie obu proces\u00f3w w jednym systemie obni\u017cy\u0142o nasze koszty pracy i poprawi\u0142o jako\u015b\u0107 przechowywania siana. Jest \u0142atwa w obs\u0142udze, a jej trwa\u0142o\u015b\u0107 jest imponuj\u0105ca.<\/p>\n<p><strong>\u2013 John, Stany Zjednoczone<\/strong><\/p>\n<h3>Opinia klienta 2<\/h3>\n<p>Szukali\u015bmy bardziej wydajnego sposobu na przetwarzanie naszej kiszonki i model 9YCM-850 spe\u0142ni\u0142 nasze oczekiwania. Maszyna jest niezawodna, a owijka jest idealnie szczelna, dzi\u0119ki czemu mo\u017cemy zachowa\u0107 pasz\u0119 na zim\u0119. Maszyna jest \u0142atwa w obs\u0142udze i konserwacji, co pozwala nam zaoszcz\u0119dzi\u0107 czas i pieni\u0105dze.<\/p>\n<p><strong>\u2013 Maria, Hiszpania<\/strong><\/p>\n<h3>Opinia klienta 3<\/h3>\n<p>Jako w\u0142a\u015bciciel ma\u0142ego gospodarstwa potrzebowa\u0142em rozwi\u0105zania, kt\u00f3re by\u0142oby zar\u00f3wno niedrogie, jak i wydajne. Model 9YCM-850 przer\u00f3s\u0142 moje oczekiwania. Jest kompaktowy, a jednocze\u015bnie wydajny i pozwoli\u0142 nam zautomatyzowa\u0107 proces belowania i owijania. Jako\u015b\u0107 naszego siana znacznie si\u0119 poprawi\u0142a, a koszty pracy spad\u0142y.<\/p>\n<p><strong>\u2013 Ahmed, Egipt<\/strong><\/p>\n<h3>Opinia klienta 4<\/h3>\n<p>Maszyna okaza\u0142a si\u0119 niezawodnym atutem w naszym gospodarstwie. Bez problemu radzi sobie ze wszystkim, od belowania po owijanie. Zaoszcz\u0119dzili\u015bmy mn\u00f3stwo czasu i wysi\u0142ku, szczeg\u00f3lnie w szczycie sezonu. Obs\u0142uga klienta r\u00f3wnie\u017c by\u0142a na najwy\u017cszym poziomie, zapewniaj\u0105c nam wszelkie niezb\u0119dne wsparcie w zakresie instalacji i konserwacji.<\/p>\n<p><strong>\u2013 Li Wei, Chiny<\/strong><\/p>\n<h3>Opinia klienta 5<\/h3>\n<p>Model 9YCM-850 to doskona\u0142y wyb\u00f3r dla gospodarstw takich jak nasze, kt\u00f3re przetwarzaj\u0105 du\u017ce ilo\u015bci siana. Jest wydajny, a jako\u015b\u0107 owijania jest niezmiennie wysoka. Doceniam minimalny czas przestoju na konserwacj\u0119 i niezawodne wsparcie posprzeda\u017cowe. Dzi\u0119ki niemu nasza dzia\u0142alno\u015b\u0107 przebiega znacznie sprawniej.<\/p>\n<p><strong>\u2013 Marco, W\u0142ochy<\/strong><\/p>\n<h2>Dlaczego warto wybra\u0107 nasze produkty?<\/h2>\n<p>Oferujemy szybk\u0105 personalizacj\u0119, dostosowan\u0105 do specyficznych potrzeb Twojego gospodarstwa. Nasz do\u015bwiadczony zesp\u00f3\u0142 serwisowy gwarantuje doskona\u0142e wsparcie przez ca\u0142y okres u\u017cytkowania maszyny. Dzi\u0119ki 3-letniej gwarancji i kompleksowemu serwisowi posprzeda\u017cowemu mo\u017cesz by\u0107 pewien niezawodno\u015bci naszych produkt\u00f3w. Oferujemy r\u00f3wnie\u017c szybk\u0105 wysy\u0142k\u0119 na ca\u0142y \u015bwiat, aby szybko zrealizowa\u0107 Twoje zam\u00f3wienie.<\/p>\n<h2>O nas<\/h2>\n<p>Nasza firma specjalizuje si\u0119 w wysokiej jako\u015bci maszynach rolniczych, a zintegrowana prasa do belowania i owijania 9YCM-850 to tylko jeden z przyk\u0142ad\u00f3w naszego zaanga\u017cowania w d\u0105\u017cenie do doskona\u0142o\u015bci. Opr\u00f3cz tej maszyny oferujemy r\u00f3wnie\u017c szerok\u0105 gam\u0119 produkt\u00f3w i akcesori\u00f3w. Nasze produkty s\u0105 projektowane z my\u015bl\u0105 o trwa\u0142o\u015bci, wydajno\u015bci i op\u0142acalno\u015bci. Niezale\u017cnie od tego, czy szukasz pras do belowania, system\u00f3w owijania, czy innych narz\u0119dzi rolniczych, mamy rozwi\u0105zania, kt\u00f3re spe\u0142ni\u0105 Twoje potrzeby.<\/p>\n<p><strong>Skontaktuj si\u0119 z nami ju\u017c dzi\u015b, aby pozna\u0107 zintegrowan\u0105 pras\u0119 i owijark\u0119 9YCM-850 i przenie\u015b\u0107 swoje operacje rolnicze na wy\u017cszy poziom!<\/strong><\/p>\n<h2>Cz\u0119sto zadawane pytania (FAQ)<\/h2>\n<h3>1. Jak dzia\u0142a zintegrowana maszyna do belowania i owijania 9YCM-850?<\/h3>\n<p>Model 9YCM-850 \u0142\u0105czy funkcje belowania i owijania w jeden p\u0142ynny proces, zwi\u0119kszaj\u0105c wydajno\u015b\u0107 i redukuj\u0105c nak\u0142ad pracy r\u0119cznej. Prasuje siano lub kiszonk\u0119 w ciasno upakowane bele i owija je foli\u0105 ochronn\u0105, aby chroni\u0107 zawarto\u015b\u0107.<\/p>\n<h3>2. Czy model 9YCM-850 nadaje si\u0119 do ma\u0142ych gospodarstw?<\/h3>\n<p>Tak, kosiarka 9YCM-850 to idealne rozwi\u0105zanie dla ma\u0142ych i \u015brednich gospodarstw. Jej kompaktowa konstrukcja i wydajno\u015b\u0107 sprawiaj\u0105, \u017ce doskonale sprawdza si\u0119 w gospodarstwach o ograniczonej przestrzeni i zasobach.<\/p>\n<h3>3. Jakie rodzaje upraw mo\u017ce obs\u0142u\u017cy\u0107 maszyna 9YCM-850?<\/h3>\n<p>Model 9YCM-850 to wszechstronny model, kt\u00f3ry mo\u017ce pracowa\u0107 z r\u00f3\u017cnymi materia\u0142ami rolniczymi, takimi jak siano, kiszonka i inne rodzaje ro\u015blin paszowych.<\/p>\n<h3>4. Jakie s\u0105 koszty utrzymania zintegrowanej maszyny do belowania i owijania 9YCM-850?<\/h3>\n<p>Koszty utrzymania s\u0105 stosunkowo niskie. Regularne smarowanie, czyszczenie i okazjonalna wymiana cz\u0119\u015bci zapewniaj\u0105 wydajn\u0105 prac\u0119 maszyny przez lata.<\/p>\n<h3>5. Ile czasu zajmuje owini\u0119cie beli przy u\u017cyciu maszyny 9YCM-850?<\/h3>\n<p>Proces owijania trwa zazwyczaj zaledwie kilka minut, w zale\u017cno\u015bci od rozmiaru beli i przetwarzanego materia\u0142u.<\/p>\n<h3>6. Czy model 9YCM-850 mo\u017cna stosowa\u0107 w gospodarstwach rolnych na du\u017c\u0105 skal\u0119?<\/h3>\n<p>Tak, model 9YCM-850 nadaje si\u0119 do operacji na du\u017c\u0105 skal\u0119, zapewniaj\u0105c wysok\u0105 produktywno\u015b\u0107 i sp\u00f3jn\u0105 wydajno\u015b\u0107 nawet przy intensywnym u\u017cytkowaniu.<\/p>\n<h3>7. Czy obs\u0142uga urz\u0105dzenia 9YCM-850 wymaga specjalnego przeszkolenia?<\/h3>\n<p>Chocia\u017c model 9YCM-850 jest \u0142atwy w obs\u0142udze, zaleca si\u0119 podstawowe szkolenie w celu zapewnienia optymalnej obs\u0142ugi i bezpiecze\u0144stwa. Zapewniamy szkolenia i wsparcie dla wszystkich klient\u00f3w.<\/p>\n<h3>8. Jak\u0105 gwarancj\u0119 oferuje zintegrowana maszyna do belowania i owijania 9YCM-850?<\/h3>\n<p>Model 9YCM-850 obj\u0119ty jest 3-letni\u0105 gwarancj\u0105 obejmuj\u0105c\u0105 wszelkie wady produkcyjne i zapewniaj\u0105c\u0105 spok\u00f3j ducha przy d\u0142ugotrwa\u0142ym u\u017cytkowaniu.<\/p>\n<h3>9. Czy zintegrowana maszyna do belowania i owijania 9YCM-850 jest energooszcz\u0119dna?<\/h3>\n<p>Tak, model 9YCM-850 zosta\u0142 zaprojektowany z my\u015bl\u0105 o wydajnej pracy, minimalizuj\u0105c zu\u017cycie energii przy jednoczesnej maksymalizacji wydajno\u015bci, co czyni go op\u0142acalnym wyborem dla rolnik\u00f3w.<\/p>\n<h3>10. Jaka jest cena zintegrowanej maszyny do belowania i owijania 9YCM-850?<\/h3>\n<p>Cena maszyny zale\u017cy od Pa\u0144stwa indywidualnych wymaga\u0144 i opcji personalizacji. Prosimy o kontakt w celu uzyskania spersonalizowanej wyceny, dopasowanej do Pa\u0144stwa potrzeb.<\/p>\n<h3>11. Jak z\u0142o\u017cy\u0107 zam\u00f3wienie na zintegrowan\u0105 maszyn\u0119 do belowania i owijania 9YCM-850?<\/h3>\n<p>Zam\u00f3wienia mo\u017cesz sk\u0142ada\u0107 bezpo\u015brednio na naszej stronie internetowej lub kontaktuj\u0105c si\u0119 z naszym dzia\u0142em sprzeda\u017cy, kt\u00f3ry udzieli Ci pomocy w sfinalizowaniu zam\u00f3wienia i ustaleniu szczeg\u00f3\u0142\u00f3w wysy\u0142ki.<\/p>\n<h3>12. Jakie wsparcie posprzeda\u017cowe jest dost\u0119pne dla zintegrowanej maszyny do belowania i owijania 9YCM-850?<\/h3>\n<p>Oferujemy kompleksowe wsparcie posprzeda\u017cowe, obejmuj\u0105ce us\u0142ugi konserwacyjne, pomoc w rozwi\u0105zywaniu problem\u00f3w i dost\u0119pno\u015b\u0107 cz\u0119\u015bci zamiennych do modelu 9YCM-850.<\/p>\n<h3>13. Jak dzia\u0142a system owijania w zintegrowanej prasie do belowania i owijania 9YCM-850?<\/h3>\n<p>W modelu 9YCM-850 zastosowano mechanizm owijania foli\u0105, kt\u00f3ry bezpiecznie owija ka\u017cd\u0105 bel\u0119, gwarantuj\u0105c optymaln\u0105 konserwacj\u0119 siana lub kiszonki.<\/p>\n<h3>14. Czy zintegrowan\u0105 pras\u0119 do belowania i owijania 9YCM-850 mo\u017cna stosowa\u0107 w rolnictwie ekologicznym?<\/h3>\n<p>Tak, model 9YCM-850 nadaje si\u0119 do gospodarstw ekologicznych, gdy\u017c umo\u017cliwia wydajne i zr\u00f3wnowa\u017cone przechowywanie organicznego siana i kiszonki bez konieczno\u015bci stosowania chemicznych \u015brodk\u00f3w konserwuj\u0105cych.<\/p>\n<h3>15. Czy dla modelu 9YCM-850 dost\u0119pna jest wysy\u0142ka mi\u0119dzynarodowa?<\/h3>\n<p>Tak, oferujemy wysy\u0142k\u0119 na ca\u0142y \u015bwiat, aby zapewni\u0107 naszym klientom na ca\u0142ym \u015bwiecie dost\u0119p do modelu 9YCM-850 i innych produkt\u00f3w z naszej oferty.<\/p>\n<p>edytuj przez gzl<\/p>","protected":false},"excerpt":{"rendered":"<p>Odkryj zintegrowan\u0105 pras\u0119 do belowania i owijania 9YCM-850 \u2013 najlepsze rozwi\u0105zanie do wydajnego i wysokiej jako\u015bci belowania i owijania. Ta innowacyjna maszyna, idealna do zastosowa\u0144 w rolnictwie, przemy\u015ble i pakowaniu, \u0142\u0105czy precyzj\u0119, szybko\u015b\u0107 i niezawodno\u015b\u0107. Zwi\u0119ksz swoj\u0105 wydajno\u015b\u0107 dzi\u0119ki zaawansowanej technologii i obni\u017c koszty pracy. Kliknij teraz, aby dowiedzie\u0107 si\u0119 wi\u0119cej i kupi\u0107 swoj\u0105 ju\u017c dzi\u015b!<\/p>","protected":false},"featured_media":468,"template":"","meta":{"_et_pb_use_builder":"","_et_pb_old_content":"","_et_gb_content_width":""},"product_brand":[],"product_cat":[24],"product_tag":[],"class_list":{"0":"post-466","1":"product","2":"type-product","3":"status-publish","4":"has-post-thumbnail","6":"product_cat-other-series-products","8":"first","9":"instock","10":"shipping-taxable","11":"product-type-simple"},"_links":{"self":[{"href":"https:\/\/square-balers.com\/pl\/wp-json\/wp\/v2\/product\/466","targetHints":{"allow":["GET"]}}],"collection":[{"href":"https:\/\/square-balers.com\/pl\/wp-json\/wp\/v2\/product"}],"about":[{"href":"https:\/\/square-balers.com\/pl\/wp-json\/wp\/v2\/types\/product"}],"wp:featuredmedia":[{"embeddable":true,"href":"https:\/\/square-balers.com\/pl\/wp-json\/wp\/v2\/media\/468"}],"wp:attachment":[{"href":"https:\/\/square-balers.com\/pl\/wp-json\/wp\/v2\/media?parent=466"}],"wp:term":[{"taxonomy":"product_brand","embeddable":true,"href":"https:\/\/square-balers.com\/pl\/wp-json\/wp\/v2\/product_brand?post=466"},{"taxonomy":"product_cat","embeddable":true,"href":"https:\/\/square-balers.com\/pl\/wp-json\/wp\/v2\/product_cat?post=466"},{"taxonomy":"product_tag","embeddable":true,"href":"https:\/\/square-balers.com\/pl\/wp-json\/wp\/v2\/product_tag?post=466"}],"curies":[{"name":"wp","href":"https:\/\/api.w.org\/{rel}","templated":true}]}}