{"id":229,"date":"2025-11-24T09:51:24","date_gmt":"2025-11-24T09:51:24","guid":{"rendered":"https:\/\/square-balers.com\/?post_type=product&#038;p=229"},"modified":"2025-12-18T03:02:00","modified_gmt":"2025-12-18T03:02:00","slug":"maquina-de-arrancar-feijao-carioca-4byq-2-6","status":"publish","type":"product","link":"https:\/\/square-balers.com\/pt\/produto\/maquina-de-arrancar-feijao-carioca-4byq-2-6\/","title":{"rendered":"M\u00e1quina de Arrancar Feij\u00e3o Tipo 4BYQ-2.6 (Empurr\u00e3o Frontal com 4 Sulcos)"},"content":{"rendered":"<p>A desenraizadora de feij\u00e3o-carioca Tipo 4BYQ-2.6 (com sistema de empurr\u00e3o frontal de quatro sulcos) \u00e9 uma ferramenta agr\u00edcola de \u00faltima gera\u00e7\u00e3o, projetada para auxiliar na desenraizamento eficiente do feij\u00e3o-carioca. Ela emprega tecnologia avan\u00e7ada para garantir alta efici\u00eancia na extra\u00e7\u00e3o do feij\u00e3o, mantendo a qualidade da colheita. Esta m\u00e1quina minimiza o trabalho manual, proporcionando uma solu\u00e7\u00e3o mais r\u00e1pida e eficiente para a produ\u00e7\u00e3o agr\u00edcola em larga escala. O sistema de empurr\u00e3o frontal de quatro sulcos aumenta a produtividade, tornando-a uma ferramenta essencial na agricultura moderna.<\/p>\n<h2 data-start=\"304\" data-end=\"333\">Especifica\u00e7\u00f5es t\u00e9cnicas<\/h2>\n<div class=\"_tableContainer_1rjym_1\">\n<div class=\"group _tableWrapper_1rjym_13 flex w-fit flex-col-reverse\" tabindex=\"-1\">\n<table class=\"w-fit min-w-(--thread-content-width)\" style=\"border-color: #000000;\" data-start=\"335\" data-end=\"1523\">\n<thead data-start=\"335\" data-end=\"416\">\n<tr data-start=\"335\" data-end=\"416\">\n<th data-start=\"335\" data-end=\"365\" data-col-size=\"sm\">Item<\/th>\n<th data-start=\"365\" data-end=\"382\" data-col-size=\"sm\">Unidade<\/th>\n<th data-start=\"382\" data-end=\"416\" data-col-size=\"md\">Especifica\u00e7\u00e3o<\/th>\n<\/tr>\n<\/thead>\n<tbody data-start=\"499\" data-end=\"1523\">\n<tr data-start=\"499\" data-end=\"612\">\n<td data-start=\"499\" data-end=\"530\" data-col-size=\"sm\">Nome do modelo<\/td>\n<td data-col-size=\"sm\" data-start=\"530\" data-end=\"547\">–<\/td>\n<td data-col-size=\"md\" data-start=\"547\" data-end=\"612\">4BYQ-2.6 M\u00e1quina de Arrancar Feij\u00e3o (Empurr\u00e3o Frontal com 4 Sulcos)<\/td>\n<\/tr>\n<tr data-start=\"613\" data-end=\"694\">\n<td data-start=\"613\" data-end=\"644\" data-col-size=\"sm\">M\u00e9todo de conex\u00e3o<\/td>\n<td data-col-size=\"sm\" data-start=\"644\" data-end=\"661\">–<\/td>\n<td data-col-size=\"md\" data-start=\"661\" data-end=\"694\">Tipo de tra\u00e7\u00e3o<\/td>\n<\/tr>\n<tr data-start=\"695\" data-end=\"776\">\n<td data-start=\"695\" data-end=\"726\" data-col-size=\"sm\">Mecanismo de capta\u00e7\u00e3o<\/td>\n<td data-col-size=\"sm\" data-start=\"726\" data-end=\"743\">–<\/td>\n<td data-col-size=\"md\" data-start=\"743\" data-end=\"776\">Tipo mola<\/td>\n<\/tr>\n<tr data-start=\"777\" data-end=\"859\">\n<td data-start=\"777\" data-end=\"808\" data-col-size=\"sm\">Largura de trabalho<\/td>\n<td data-col-size=\"sm\" data-start=\"808\" data-end=\"825\">m<\/td>\n<td data-col-size=\"md\" data-start=\"825\" data-end=\"859\">2.6<\/td>\n<\/tr>\n<tr data-start=\"860\" data-end=\"942\">\n<td data-start=\"860\" data-end=\"891\" data-col-size=\"sm\">Faixa de alimenta\u00e7\u00e3o<\/td>\n<td data-col-size=\"sm\" data-start=\"891\" data-end=\"908\">kW<\/td>\n<td data-col-size=\"md\" data-start=\"908\" data-end=\"942\">66-88<\/td>\n<\/tr>\n<tr data-start=\"943\" data-end=\"1025\">\n<td data-start=\"943\" data-end=\"974\" data-col-size=\"sm\">Faixa de velocidade de trabalho<\/td>\n<td data-col-size=\"sm\" data-start=\"974\" data-end=\"991\">km\/h<\/td>\n<td data-col-size=\"md\" data-start=\"991\" data-end=\"1025\">6-10<\/td>\n<\/tr>\n<tr data-start=\"1026\" data-end=\"1108\">\n<td data-start=\"1026\" data-end=\"1057\" data-col-size=\"sm\">Dimens\u00f5es gerais<\/td>\n<td data-col-size=\"sm\" data-start=\"1057\" data-end=\"1074\">mm<\/td>\n<td data-col-size=\"md\" data-start=\"1074\" data-end=\"1108\">2333\u00d72870\u00d71182<\/td>\n<\/tr>\n<tr data-start=\"1109\" data-end=\"1191\">\n<td data-start=\"1109\" data-end=\"1140\" data-col-size=\"sm\">Velocidade de sa\u00edda de pot\u00eancia<\/td>\n<td data-col-size=\"sm\" data-start=\"1140\" data-end=\"1157\">r\/min<\/td>\n<td data-col-size=\"md\" data-start=\"1157\" data-end=\"1191\">540<\/td>\n<\/tr>\n<tr data-start=\"1192\" data-end=\"1274\">\n<td data-start=\"1192\" data-end=\"1223\" data-col-size=\"sm\">Dist\u00e2ncia da roda<\/td>\n<td data-col-size=\"sm\" data-start=\"1223\" data-end=\"1240\">mm<\/td>\n<td data-col-size=\"md\" data-start=\"1240\" data-end=\"1274\">2600<\/td>\n<\/tr>\n<tr data-start=\"1275\" data-end=\"1357\">\n<td data-start=\"1275\" data-end=\"1306\" data-col-size=\"sm\">Efici\u00eancia de produ\u00e7\u00e3o<\/td>\n<td data-col-size=\"sm\" data-start=\"1306\" data-end=\"1323\">hm\u00b2\/h<\/td>\n<td data-col-size=\"md\" data-start=\"1323\" data-end=\"1357\">1.56-2.6<\/td>\n<\/tr>\n<tr data-start=\"1358\" data-end=\"1440\">\n<td data-start=\"1358\" data-end=\"1389\" data-col-size=\"sm\">Contagem de operadores<\/td>\n<td data-col-size=\"sm\" data-start=\"1389\" data-end=\"1406\">pessoas<\/td>\n<td data-col-size=\"md\" data-start=\"1406\" data-end=\"1440\">1<\/td>\n<\/tr>\n<tr data-start=\"1441\" data-end=\"1523\">\n<td data-start=\"1441\" data-end=\"1472\" data-col-size=\"sm\">Qualidade estrutural<\/td>\n<td data-col-size=\"sm\" data-start=\"1472\" data-end=\"1489\">kg<\/td>\n<td data-col-size=\"md\" data-start=\"1489\" data-end=\"1523\">1100<\/td>\n<\/tr>\n<\/tbody>\n<\/table>\n<\/div>\n<\/div>\n<h2>Defini\u00e7\u00e3o do produto<\/h2>\n<p>A desenraizadora de feij\u00e3o-carioca tipo 4BYQ-2.6 (com empuxo frontal de 4 ranhuras) \u00e9 um dispositivo agr\u00edcola inovador projetado para desenraizar feij\u00e3o-carioca com precis\u00e3o. Seu design meticuloso empurra as plantas para a frente e as arranca sem causar danos significativos, aumentando a efici\u00eancia e preservando as vagens para a colheita. Esta m\u00e1quina \u00e9 ideal para o cultivo de feij\u00e3o-carioca em larga escala, otimizando a velocidade de produ\u00e7\u00e3o e reduzindo a m\u00e3o de obra.<\/p>\n<h2>Problema resolvido e aplica\u00e7\u00f5es<\/h2>\n<p>Esta m\u00e1quina resolve diversos problemas comuns no cultivo de feij\u00e3o. Os m\u00e9todos tradicionais de colheita geralmente exigem opera\u00e7\u00e3o manual, o que consome muito tempo e m\u00e3o de obra. Com a 4BYQ-2.6, os agricultores podem colher feij\u00e3o de forma r\u00e1pida e eficiente, reduzindo custos com m\u00e3o de obra e aumentando a produtividade. Al\u00e9m disso, a m\u00e1quina minimiza os danos \u00e0s plantas durante a colheita, garantindo um fornecimento de feij\u00e3o de maior qualidade para o mercado.<\/p>\n<h2>Vantagens do produto<\/h2>\n<h3>1. Processo de desenraizamento eficiente<\/h3>\n<p>A desenraizadora de feij\u00e3o-carioca tipo 4BYQ-2.6 possui um mecanismo de empurr\u00e3o frontal com 4 ranhuras que arranca os feij\u00f5es de forma eficaz, sem danific\u00e1-los. Esse m\u00e9todo melhora a efici\u00eancia do processo de desenraizamento, permitindo que os agricultores concluam as tarefas mais rapidamente e reduzindo os custos de m\u00e3o de obra.<\/p>\n<h3>2. Durabilidade<\/h3>\n<p>Fabricada com materiais de alta qualidade, esta m\u00e1quina foi projetada para suportar os rigores do ambiente agr\u00edcola. Sua resist\u00eancia ao desgaste garante longa vida \u00fatil com manuten\u00e7\u00e3o m\u00ednima.<\/p>\n<h3>3. F\u00e1cil de operar<\/h3>\n<p>Equipada com uma interface e controles intuitivos, a Type 4BYQ-2.6 \u00e9 f\u00e1cil de operar. Os agricultores podem aprender rapidamente a usar a m\u00e1quina, economizando tempo de treinamento e permitindo que se concentrem na produtividade.<\/p>\n<h3>4. Baixa necessidade de manuten\u00e7\u00e3o<\/h3>\n<p>A manuten\u00e7\u00e3o \u00e9 m\u00ednima, tornando-a uma solu\u00e7\u00e3o economicamente vi\u00e1vel para o cultivo de feij\u00e3o-carioca. A m\u00e1quina foi projetada para exigir reparos e substitui\u00e7\u00f5es de pe\u00e7as com menos frequ\u00eancia, reduzindo o tempo de inatividade operacional e garantindo um desempenho consistente.<\/p>\n<h3>5. Ecologicamente correto<\/h3>\n<p>A m\u00e1quina 4BYQ-2.6 reduz a necessidade de produtos qu\u00edmicos e outros insumos nocivos, tornando-se uma solu\u00e7\u00e3o ecol\u00f3gica para a agricultura moderna. Seu design ajuda a preservar o meio ambiente, apoiando pr\u00e1ticas agr\u00edcolas sustent\u00e1veis.<\/p>\n<p style=\"text-align: center;\"><img loading=\"lazy\" decoding=\"async\" class=\"alignnone wp-image-272\" src=\"https:\/\/square-balers.com\/wp-content\/uploads\/2025\/11\/ep-Type-4BYQ-2.6-Kidney-Bean-Uprooting-Machine-4-Ridge-Forward-Push-41-300x300.webp\" alt=\"M\u00e1quina de arrancar pela raiz\" width=\"475\" height=\"475\" srcset=\"https:\/\/square-balers.com\/wp-content\/uploads\/2025\/11\/ep-Type-4BYQ-2.6-Kidney-Bean-Uprooting-Machine-4-Ridge-Forward-Push-41-300x300.webp 300w, https:\/\/square-balers.com\/wp-content\/uploads\/2025\/11\/ep-Type-4BYQ-2.6-Kidney-Bean-Uprooting-Machine-4-Ridge-Forward-Push-41-150x150.webp 150w, https:\/\/square-balers.com\/wp-content\/uploads\/2025\/11\/ep-Type-4BYQ-2.6-Kidney-Bean-Uprooting-Machine-4-Ridge-Forward-Push-41-12x12.webp 12w, https:\/\/square-balers.com\/wp-content\/uploads\/2025\/11\/ep-Type-4BYQ-2.6-Kidney-Bean-Uprooting-Machine-4-Ridge-Forward-Push-41-100x100.webp 100w, https:\/\/square-balers.com\/wp-content\/uploads\/2025\/11\/ep-Type-4BYQ-2.6-Kidney-Bean-Uprooting-Machine-4-Ridge-Forward-Push-41.webp 358w\" sizes=\"(max-width: 475px) 100vw, 475px\" \/><\/p>\n<h2>Como funciona o Type 4BYQ-2.6<\/h2>\n<p>A colhedora de feij\u00e3o-carioca Tipo 4BYQ-2.6 opera atrav\u00e9s de um sistema exclusivo de empurr\u00e3o frontal com 4 cristas. A estrutura em forma de crista da m\u00e1quina impulsiona a planta para a frente, arrancando cuidadosamente os feij\u00f5es do solo. Esse movimento frontal minimiza o impacto nos feij\u00f5es, preservando sua integridade e qualidade para uma colheita f\u00e1cil. Al\u00e9m disso, a m\u00e1quina emprega tecnologia avan\u00e7ada para controlar a profundidade e o \u00e2ngulo do empurr\u00e3o, otimizando o processo de colheita. Esse mecanismo tamb\u00e9m reduz o impacto no solo, tornando a opera\u00e7\u00e3o mais suave e eficiente.<\/p>\n<h2>Principais aplica\u00e7\u00f5es da m\u00e1quina de arrancar feij\u00e3o-carioca tipo 4BYQ-2.6<\/h2>\n<p>A desenraizadora de feij\u00e3o-carioca tipo 4BYQ-2.6 \u00e9 vers\u00e1til e pode ser usada em diversos ambientes agr\u00edcolas. Abaixo est\u00e3o seis aplica\u00e7\u00f5es principais desta m\u00e1quina:<\/p>\n<h3>1. Grandes Fazendas de Feij\u00e3o-Cabo<\/h3>\n<p>Ideal para grandes planta\u00e7\u00f5es de feij\u00e3o, a m\u00e1quina ajuda a arrancar os feij\u00f5es de forma eficiente, reduzindo os custos de m\u00e3o de obra e aumentando a produtividade geral.<\/p>\n<h3>2. Agricultura Org\u00e2nica<\/h3>\n<p>Como a m\u00e1quina causa perturba\u00e7\u00e3o m\u00ednima do solo, ela \u00e9 ideal para pr\u00e1ticas de agricultura org\u00e2nica, onde a manuten\u00e7\u00e3o da sa\u00fade do solo \u00e9 uma prioridade m\u00e1xima.<\/p>\n<h3>3. Produ\u00e7\u00e3o de Sementes<\/h3>\n<p>A m\u00e1quina \u00e9 ideal para fazendas focadas na produ\u00e7\u00e3o de sementes de feij\u00e3o, pois garante que os gr\u00e3os sejam arrancados delicadamente, preservando a qualidade das sementes.<\/p>\n<h3>4. Colheita de feij\u00e3o-carioca em condi\u00e7\u00f5es de seca<\/h3>\n<p>A 4BYQ-2.6 \u00e9 altamente eficaz para a colheita de feij\u00e3o-carioca em condi\u00e7\u00f5es de seca, onde o arranque manual se torna mais dif\u00edcil.<\/p>\n<h3>5. Instala\u00e7\u00f5es de Pesquisa Agr\u00edcola<\/h3>\n<p>Institui\u00e7\u00f5es de pesquisa e instala\u00e7\u00f5es de testes agr\u00edcolas podem utilizar esta m\u00e1quina para experimentos envolvendo a colheita de feij\u00e3o, garantindo resultados precisos e consistentes.<\/p>\n<h3>6. Servi\u00e7os de Agricultura Personalizada<\/h3>\n<p>Os prestadores de servi\u00e7os agr\u00edcolas podem usar essa m\u00e1quina para oferecer servi\u00e7os eficientes de desenraizamento a v\u00e1rias fazendas, aumentando a produtividade de propriedades menores sem exigir investimentos significativos.<\/p>\n<h2>Como escolher o tipo certo de m\u00e1quina de arrancar feij\u00e3o 4BYQ-2.6<\/h2>\n<p>Escolher a m\u00e1quina certa envolve considerar diversos fatores que garantir\u00e3o o desempenho ideal para suas necessidades espec\u00edficas. Veja como fazer a melhor escolha:<\/p>\n<h3>1. Tamanho da Fazenda<\/h3>\n<p>Considere o tamanho da sua fazenda. Fazendas maiores podem exigir uma vers\u00e3o mais potente da m\u00e1quina para lidar com colheitas extensas de forma eficiente.<\/p>\n<h3>2. Tipo de solo<\/h3>\n<p>Diferentes tipos de solo podem exigir diferentes configura\u00e7\u00f5es da m\u00e1quina. Certifique-se de que a 4BYQ-2.6 seja compat\u00edvel com o solo da sua propriedade para obter o melhor desempenho.<\/p>\n<h3>3. Variedade de Feij\u00e3o<\/h3>\n<p>Diferentes variedades de feij\u00e3o podem ter estruturas radiculares diferentes. Escolha a m\u00e1quina que seja compat\u00edvel com o sistema radicular do feij\u00e3o que voc\u00ea cultiva.<\/p>\n<h3>4. Or\u00e7amento<\/h3>\n<p>Certifique-se de que a m\u00e1quina se encaixa no seu or\u00e7amento, sem deixar de atender \u00e0s necessidades operacionais da sua fazenda. Considere a economia a longo prazo com custos de m\u00e3o de obra e manuten\u00e7\u00e3o.<\/p>\n<h3>5. Suporte de Manuten\u00e7\u00e3o<\/h3>\n<p>Escolha uma m\u00e1quina de um fornecedor que ofere\u00e7a suporte de manuten\u00e7\u00e3o completo e f\u00e1cil acesso a pe\u00e7as de reposi\u00e7\u00e3o para minimizar o tempo de inatividade.<\/p>\n<h3>6. Op\u00e7\u00f5es de personaliza\u00e7\u00e3o<\/h3>\n<p>Verifique se a m\u00e1quina pode ser personalizada para atender \u00e0s suas necessidades espec\u00edficas. Algumas fazendas podem exigir ajustes exclusivos com base em seus requisitos operacionais.<\/p>\n<p style=\"text-align: center;\"><img loading=\"lazy\" decoding=\"async\" class=\"alignnone wp-image-271\" src=\"https:\/\/square-balers.com\/wp-content\/uploads\/2025\/11\/ep-Type-4BYQ-2.6-Kidney-Bean-Uprooting-Machine-4-Ridge-Forward-Push-31-300x300.webp\" alt=\"M\u00e1quina de arrancar pela raiz\" width=\"462\" height=\"462\" srcset=\"https:\/\/square-balers.com\/wp-content\/uploads\/2025\/11\/ep-Type-4BYQ-2.6-Kidney-Bean-Uprooting-Machine-4-Ridge-Forward-Push-31-300x300.webp 300w, https:\/\/square-balers.com\/wp-content\/uploads\/2025\/11\/ep-Type-4BYQ-2.6-Kidney-Bean-Uprooting-Machine-4-Ridge-Forward-Push-31-150x150.webp 150w, https:\/\/square-balers.com\/wp-content\/uploads\/2025\/11\/ep-Type-4BYQ-2.6-Kidney-Bean-Uprooting-Machine-4-Ridge-Forward-Push-31-12x12.webp 12w, https:\/\/square-balers.com\/wp-content\/uploads\/2025\/11\/ep-Type-4BYQ-2.6-Kidney-Bean-Uprooting-Machine-4-Ridge-Forward-Push-31-100x100.webp 100w, https:\/\/square-balers.com\/wp-content\/uploads\/2025\/11\/ep-Type-4BYQ-2.6-Kidney-Bean-Uprooting-Machine-4-Ridge-Forward-Push-31.webp 351w\" sizes=\"(max-width: 462px) 100vw, 462px\" \/><\/p>\n<h2>M\u00e9todos de manuten\u00e7\u00e3o para a m\u00e1quina de arrancar feij\u00e3o-carioca tipo 4BYQ-2.6<\/h2>\n<p>A manuten\u00e7\u00e3o adequada garante a longevidade e o desempenho do modelo 4BYQ-2.6. Aqui est\u00e3o algumas dicas importantes de manuten\u00e7\u00e3o:<\/p>\n<h3>1. Limpeza regular<\/h3>\n<p>Ap\u00f3s cada utiliza\u00e7\u00e3o, limpe a m\u00e1quina para remover a sujidade e os detritos, evitando entupimentos e desgaste das pe\u00e7as m\u00f3veis.<\/p>\n<h3>2. Lubrifica\u00e7\u00e3o<\/h3>\n<p>Lubrifique regularmente as partes m\u00f3veis da m\u00e1quina para reduzir o atrito e evitar danos aos componentes.<\/p>\n<h3>3. Inspe\u00e7\u00e3o de pe\u00e7as de desgaste<\/h3>\n<p>Verifique o estado de pe\u00e7as como l\u00e2minas e rebarbas para detectar sinais de desgaste. Substitua-as conforme necess\u00e1rio para manter o funcionamento eficiente.<\/p>\n<h3>4. Calibra\u00e7\u00e3o<\/h3>\n<p>Certifique-se de que a m\u00e1quina esteja calibrada corretamente para se adequar \u00e0s condi\u00e7\u00f5es espec\u00edficas do solo e da cultura de feij\u00e3o da sua fazenda. Isso melhorar\u00e1 a efici\u00eancia geral.<\/p>\n<h3>5. Armazenando a m\u00e1quina<\/h3>\n<p>Guarde a m\u00e1quina em local seco e abrigado quando n\u00e3o estiver em uso para proteg\u00ea-la de danos causados \u200b\u200bpelas intemp\u00e9ries.<\/p>\n<h2>Avalia\u00e7\u00f5es de clientes<\/h2>\n<p>\u201cRecentemente, investimos na colhedora Type 4BYQ-2.6 para nossa grande planta\u00e7\u00e3o de feij\u00e3o-carioca, e os resultados t\u00eam sido fant\u00e1sticos. Ela \u00e9 r\u00e1pida, eficiente e f\u00e1cil de operar. Nossos tempos de colheita foram reduzidos significativamente e estamos vendo melhores rendimentos devido ao menor dano aos gr\u00e3os. \u00c9 um \u00f3timo investimento para qualquer pessoa no ramo de feij\u00e3o-carioca.\u201d<\/p>\n<p><strong>\u2013 John Doe, EUA<\/strong><\/p>\n<p>\u201cComo uma pequena fazenda org\u00e2nica, precis\u00e1vamos de uma solu\u00e7\u00e3o que fosse suave para o nosso solo e para os nossos feij\u00f5es. O modelo 4BYQ-2.6 atendeu \u00e0s nossas expectativas. \u00c9 ecologicamente correto e nos ajuda a preservar a qualidade da nossa colheita, ao mesmo tempo que aumenta a produtividade. Recomendo muito!\u201d<\/p>\n<p><strong>\u2013 Emma Lee, Austr\u00e1lia<\/strong><\/p>\n<p>\u201cEstamos usando a 4BYQ-2.6 h\u00e1 v\u00e1rios meses e ela se mostrou confi\u00e1vel e dur\u00e1vel. A m\u00e1quina funciona mesmo nas condi\u00e7\u00f5es mais secas, o que a torna ideal para o nosso clima local. A economia com m\u00e3o de obra foi substancial.\u201d<\/p>\n<p><strong>\u2013 Carlos Mendoza, M\u00e9xico<\/strong><\/p>\n<p>\u201cO suporte do fabricante foi excepcional. A m\u00e1quina \u00e9 bem constru\u00edda e f\u00e1cil de operar. Ela nos permitiu colher feij\u00e3o-carioca com muito mais efici\u00eancia. A garantia e o servi\u00e7o p\u00f3s-venda nos d\u00e3o tranquilidade.\u201d<\/p>\n<p><strong>\u2013 Marie Dupont, Fran\u00e7a<\/strong><\/p>\n<p>\u201cObservamos um aumento significativo na efici\u00eancia desde que come\u00e7amos a usar a colhedora Type 4BYQ-2.6. Ela \u00e9 dur\u00e1vel, requer pouca manuten\u00e7\u00e3o e tem um \u00f3timo custo-benef\u00edcio. Se voc\u00ea busca uma solu\u00e7\u00e3o confi\u00e1vel para grandes planta\u00e7\u00f5es de feij\u00e3o, esta \u00e9 a ideal!\u201d<\/p>\n<p><strong>\u2013 Li Wei, China<\/strong><\/p>\n<h2>Por que escolher nossos produtos?<\/h2>\n<p>Oferecemos servi\u00e7os de personaliza\u00e7\u00e3o r\u00e1pidos, suporte ao cliente eficiente e garantia de 3 anos, garantindo uma experi\u00eancia de compra sem preocupa\u00e7\u00f5es. Nossos produtos s\u00e3o enviados rapidamente para todo o mundo, e nosso servi\u00e7o p\u00f3s-venda \u00e9 robusto, atendendo \u00e0s necessidades dos clientes onde quer que estejam. Com mais de 20 anos de experi\u00eancia na fabrica\u00e7\u00e3o de m\u00e1quinas agr\u00edcolas, garantimos produtos de alta qualidade a pre\u00e7os competitivos.<\/p>\n<h2>Explore mais e entre em contato.<\/h2>\n<p>Al\u00e9m do feij\u00e3o-carioca tipo 4BYQ-2.6 <a href=\"https:\/\/square-balers.com\/pt\/produto\/type-9jyy-2-5-round-bale-picking-and-transporting-machine\/\">M\u00e1quina de arrancar pela raiz<\/a>Oferecemos uma variedade de produtos e acess\u00f3rios relacionados que podem melhorar a efici\u00eancia da sua fazenda. Nossa equipe de suporte ao cliente est\u00e1 sempre pronta para ajudar com quaisquer d\u00favidas ou necessidades de personaliza\u00e7\u00e3o. Explore nossa linha de produtos e entre em contato conosco hoje mesmo para fazer seu pedido e otimizar suas opera\u00e7\u00f5es agr\u00edcolas.<\/p>\n<h2 style=\"text-align: center;\"><img loading=\"lazy\" decoding=\"async\" class=\"alignnone wp-image-273\" src=\"https:\/\/square-balers.com\/wp-content\/uploads\/2025\/11\/ep-Type-4BYQ-2.6-Kidney-Bean-Uprooting-Machine-4-Ridge-Forward-Push-51-300x300.webp\" alt=\"M\u00e1quina de arrancar pela raiz\" width=\"486\" height=\"486\" srcset=\"https:\/\/square-balers.com\/wp-content\/uploads\/2025\/11\/ep-Type-4BYQ-2.6-Kidney-Bean-Uprooting-Machine-4-Ridge-Forward-Push-51-300x300.webp 300w, https:\/\/square-balers.com\/wp-content\/uploads\/2025\/11\/ep-Type-4BYQ-2.6-Kidney-Bean-Uprooting-Machine-4-Ridge-Forward-Push-51-150x150.webp 150w, https:\/\/square-balers.com\/wp-content\/uploads\/2025\/11\/ep-Type-4BYQ-2.6-Kidney-Bean-Uprooting-Machine-4-Ridge-Forward-Push-51-12x12.webp 12w, https:\/\/square-balers.com\/wp-content\/uploads\/2025\/11\/ep-Type-4BYQ-2.6-Kidney-Bean-Uprooting-Machine-4-Ridge-Forward-Push-51-100x100.webp 100w, https:\/\/square-balers.com\/wp-content\/uploads\/2025\/11\/ep-Type-4BYQ-2.6-Kidney-Bean-Uprooting-Machine-4-Ridge-Forward-Push-51.webp 340w\" sizes=\"(max-width: 486px) 100vw, 486px\" \/><\/h2>\n<h2>Perguntas frequentes (FAQ)<\/h2>\n<ol>\n<li><strong>Qual \u00e9 a fun\u00e7\u00e3o principal do Type 4BYQ-2.6? <a href=\"http:\/\/farm-baler.com\" target=\"_blank\" rel=\"noopener\">M\u00e1quina de arrancar feij\u00e3o<\/a>?<\/strong><br \/>\nA principal fun\u00e7\u00e3o desta m\u00e1quina \u00e9 arrancar feij\u00f5es do solo de forma eficiente. Ela utiliza um sistema de empurr\u00e3o frontal com 4 dentes que minimiza os danos aos feij\u00f5es e aumenta a velocidade da colheita.<\/li>\n<li><strong>Como funciona o mecanismo de impulso frontal de 4 arestas?<\/strong><br \/>\nO mecanismo de empurrar para a frente com quatro sulcos impulsiona os feij\u00f5es atrav\u00e9s do solo, arrancando-os cuidadosamente e preservando sua qualidade e estrutura. Essa t\u00e9cnica reduz os danos \u00e0s plantas, garantindo uma colheita de melhor qualidade.<\/li>\n<li><strong>O modelo 4BYQ-2.6 pode ser usado para outros tipos de culturas?<\/strong><br \/>\nEmbora seja otimizado para feij\u00e3o-carioca, o modelo 4BYQ-2.6 tamb\u00e9m pode ser adaptado para outras culturas com estruturas radiculares semelhantes. Consulte o fabricante para ajustes espec\u00edficos.<\/li>\n<li><strong>O modelo 4BYQ-2.6 \u00e9 f\u00e1cil de manter?<\/strong><br \/>\nSim, a m\u00e1quina requer manuten\u00e7\u00e3o m\u00ednima, incluindo limpeza regular, lubrifica\u00e7\u00e3o e substitui\u00e7\u00e3o ocasional de pe\u00e7as. Isso garante um desempenho suave e confi\u00e1vel durante toda a sua vida \u00fatil.<\/li>\n<li><strong>Qual \u00e9 o per\u00edodo de garantia da m\u00e1quina de arrancar feij\u00e3o-carioca tipo 4BYQ-2.6?<\/strong><br \/>\nA m\u00e1quina vem com garantia de 3 anos, garantindo prote\u00e7\u00e3o contra defeitos de fabrica\u00e7\u00e3o e proporcionando tranquilidade aos compradores.<\/li>\n<li><strong>Quanto tempo leva para receber a m\u00e1quina ap\u00f3s fazer o pedido?<\/strong><br \/>\nOs prazos de entrega variam de acordo com a localiza\u00e7\u00e3o, mas oferecemos envio r\u00e1pido para todo o mundo, garantindo que sua m\u00e1quina chegue no menor tempo poss\u00edvel.<\/li>\n<li><strong>A m\u00e1quina \u00e9 adequada para agricultura org\u00e2nica?<\/strong><br \/>\nSim, o modelo 4BYQ-2.6 \u00e9 perfeito para agricultura org\u00e2nica, pois minimiza a perturba\u00e7\u00e3o do solo, mantendo sua integridade e apoiando pr\u00e1ticas sustent\u00e1veis.<\/li>\n<li><strong>O modelo 4BYQ-2.6 pode ser usado em pequenas propriedades rurais?<\/strong><br \/>\nSim, a m\u00e1quina \u00e9 vers\u00e1til e pode ser usada eficazmente tanto em pequenas propriedades agr\u00edcolas quanto em grandes opera\u00e7\u00f5es.<\/li>\n<li><strong>Qual \u00e9 a capacidade do Type 4BYQ-2.6?<\/strong><br \/>\nA m\u00e1quina \u00e9 capaz de lidar com grandes \u00e1reas de forma eficiente, tornando-a ideal para opera\u00e7\u00f5es de cultivo de feij\u00e3o em larga escala.<\/li>\n<li><strong>O que devo fazer se a m\u00e1quina apresentar defeito?<\/strong><br \/>\nCaso a m\u00e1quina apresente algum defeito, voc\u00ea pode entrar em contato com nossa equipe de atendimento ao cliente para obter suporte e solu\u00e7\u00e3o de problemas. Tamb\u00e9m oferecemos servi\u00e7os de reparo e pe\u00e7as de reposi\u00e7\u00e3o.<\/li>\n<li><strong>Qual o pre\u00e7o do Type 4BYQ-2.6?<\/strong><br \/>\nO custo do modelo 4BYQ-2.6 varia de acordo com a personaliza\u00e7\u00e3o e a localiza\u00e7\u00e3o. Entre em contato conosco para obter um or\u00e7amento personalizado.<\/li>\n<li><strong>A m\u00e1quina pode ser personalizada para atender a necessidades espec\u00edficas?<\/strong><br \/>\nSim, oferecemos op\u00e7\u00f5es de personaliza\u00e7\u00e3o para o modelo 4BYQ-2.6 para atender \u00e0s necessidades e condi\u00e7\u00f5es espec\u00edficas de cada fazenda.<\/li>\n<li><strong>Qual \u00e9 o prazo de entrega?<\/strong><br \/>\nO prazo de entrega varia dependendo da localiza\u00e7\u00e3o, mas garantimos envio r\u00e1pido para todos os pa\u00edses, geralmente dentro de algumas semanas.<\/li>\n<li><strong>Existe algum treinamento dispon\u00edvel para o uso do Type 4BYQ-2.6?<\/strong><br \/>\nSim, oferecemos treinamento sobre como operar a m\u00e1quina de forma eficaz, garantindo a m\u00e1xima produtividade.<\/li>\n<\/ol>\n<p>editado por gzl<\/p>","protected":false},"excerpt":{"rendered":"<p>A colhedora de feij\u00e3o 4BYQ-2.6 \u00e9 uma ferramenta agr\u00edcola de alto desempenho projetada para a colheita eficiente de feij\u00e3o. Com uma largura de trabalho de 2,6 metros e uma pot\u00eancia entre 66 e 88 kW, esta m\u00e1quina pode cobrir grandes \u00e1reas de forma r\u00e1pida e eficaz. Seu mecanismo de recolhimento por mola garante danos m\u00ednimos \u00e0s plantas, enquanto a velocidade de trabalho ajust\u00e1vel (6-10 km\/h) e a alta efici\u00eancia de produ\u00e7\u00e3o (1,56-2,6 hectares por hora) maximizam a produtividade. Projetada para opera\u00e7\u00e3o por um \u00fanico operador, a 4BYQ-2.6 \u00e9 ideal para planta\u00e7\u00f5es de feij\u00e3o, oferecendo durabilidade, facilidade de uso e opera\u00e7\u00e3o r\u00e1pida para otimizar o processo de colheita.<\/p>","protected":false},"featured_media":274,"template":"","meta":{"_et_pb_use_builder":"","_et_pb_old_content":"","_et_gb_content_width":""},"product_brand":[],"product_cat":[22],"product_tag":[],"class_list":{"0":"post-229","1":"product","2":"type-product","3":"status-publish","4":"has-post-thumbnail","6":"product_cat-kidney-bean-puller","8":"first","9":"instock","10":"shipping-taxable","11":"product-type-simple"},"_links":{"self":[{"href":"https:\/\/square-balers.com\/pt\/wp-json\/wp\/v2\/product\/229","targetHints":{"allow":["GET"]}}],"collection":[{"href":"https:\/\/square-balers.com\/pt\/wp-json\/wp\/v2\/product"}],"about":[{"href":"https:\/\/square-balers.com\/pt\/wp-json\/wp\/v2\/types\/product"}],"wp:featuredmedia":[{"embeddable":true,"href":"https:\/\/square-balers.com\/pt\/wp-json\/wp\/v2\/media\/274"}],"wp:attachment":[{"href":"https:\/\/square-balers.com\/pt\/wp-json\/wp\/v2\/media?parent=229"}],"wp:term":[{"taxonomy":"product_brand","embeddable":true,"href":"https:\/\/square-balers.com\/pt\/wp-json\/wp\/v2\/product_brand?post=229"},{"taxonomy":"product_cat","embeddable":true,"href":"https:\/\/square-balers.com\/pt\/wp-json\/wp\/v2\/product_cat?post=229"},{"taxonomy":"product_tag","embeddable":true,"href":"https:\/\/square-balers.com\/pt\/wp-json\/wp\/v2\/product_tag?post=229"}],"curies":[{"name":"wp","href":"https:\/\/api.w.org\/{rel}","templated":true}]}}