{"id":364,"date":"2025-12-16T08:04:33","date_gmt":"2025-12-16T08:04:33","guid":{"rendered":"https:\/\/square-balers.com\/?post_type=product&#038;p=364"},"modified":"2025-12-19T01:46:23","modified_gmt":"2025-12-19T01:46:23","slug":"enfardadeira-redonda-9yg-2-24d-s9000-alem","status":"publish","type":"product","link":"https:\/\/square-balers.com\/pt\/produto\/enfardadeira-redonda-9yg-2-24d-s9000-alem\/","title":{"rendered":"Enfardadeira redonda 9YG-2.24D (S9000 Beyond)"},"content":{"rendered":"<p>A enfardadeira de fardos redondos 9YG-2.24D (S9000 Beyond) \u00e9 um equipamento agr\u00edcola de \u00faltima gera\u00e7\u00e3o, projetado para compactar e enfardar palha, feno e outros materiais org\u00e2nicos em fardos redondos uniformes de forma eficiente. Esta enfardadeira robusta est\u00e1 equipada com recursos avan\u00e7ados que garantem desempenho est\u00e1vel, baixos custos de manuten\u00e7\u00e3o e alta produtividade. Seja voc\u00ea um grande produtor rural ou um prestador de servi\u00e7os agr\u00edcolas, esta m\u00e1quina pode lidar com os ambientes operacionais mais exigentes.<\/p>\n<h2>Especifica\u00e7\u00f5es t\u00e9cnicas<\/h2>\n<table style=\"border-color: #000000;\">\n<thead>\n<tr>\n<th>N\u00famero de s\u00e9rie<\/th>\n<th>Item<\/th>\n<th>Unidade<\/th>\n<th>Especifica\u00e7\u00e3o<\/th>\n<\/tr>\n<\/thead>\n<tbody>\n<tr>\n<td>1<\/td>\n<td>Nome do modelo<\/td>\n<td>\/<\/td>\n<td>Enfardadeira redonda 9YG-2.24D (S9000 Beyond)<\/td>\n<\/tr>\n<tr>\n<td>2<\/td>\n<td>M\u00e9todo de engate<\/td>\n<td>\/<\/td>\n<td>Tipo de tra\u00e7\u00e3o<\/td>\n<\/tr>\n<tr>\n<td>3<\/td>\n<td>Largura de sele\u00e7\u00e3o<\/td>\n<td>mm<\/td>\n<td>2240<\/td>\n<\/tr>\n<tr>\n<td>4<\/td>\n<td>Tipo de estrutura do seletor<\/td>\n<td>\/<\/td>\n<td>Tipo de dente de mola<\/td>\n<\/tr>\n<tr>\n<td>5<\/td>\n<td>Tipo de estrutura do dispositivo de alimenta\u00e7\u00e3o<\/td>\n<td>\/<\/td>\n<td>Tipo haste dentada + rolete<\/td>\n<\/tr>\n<tr>\n<td>6<\/td>\n<td>Tipo de estrutura da enfardadeira de c\u00e2mara de compress\u00e3o<\/td>\n<td>\/<\/td>\n<td>Tipo de rolo<\/td>\n<\/tr>\n<tr>\n<td>7<\/td>\n<td>Largura da c\u00e2mara de compress\u00e3o<\/td>\n<td>mm<\/td>\n<td>1400<\/td>\n<\/tr>\n<tr>\n<td>8<\/td>\n<td>Di\u00e2metro da c\u00e2mara de compress\u00e3o<\/td>\n<td>mm<\/td>\n<td>\u03a6 1200<\/td>\n<\/tr>\n<tr>\n<td>9<\/td>\n<td>N\u00famero de pe\u00e7as funcionais da c\u00e2mara de compress\u00e3o<\/td>\n<td>pe\u00e7as<\/td>\n<td>18 (Rolos)<\/td>\n<\/tr>\n<tr>\n<td>10<\/td>\n<td>Di\u00e2metro do rolo de rolamento<\/td>\n<td>mm<\/td>\n<td>\u03a6 222<\/td>\n<\/tr>\n<tr>\n<td>11<\/td>\n<td>M\u00e9todo de liga\u00e7\u00e3o<\/td>\n<td>\/<\/td>\n<td>Envolt\u00f3rio de rede<\/td>\n<\/tr>\n<tr>\n<td>12<\/td>\n<td>Poder de correspond\u00eancia<\/td>\n<td>kW<\/td>\n<td>55-100<\/td>\n<\/tr>\n<tr>\n<td>13<\/td>\n<td>Massa estrutural<\/td>\n<td>kg<\/td>\n<td>4570<\/td>\n<\/tr>\n<tr>\n<td>14<\/td>\n<td>Velocidade da TDP<\/td>\n<td>r\/min<\/td>\n<td>720<\/td>\n<\/tr>\n<tr>\n<td>15<\/td>\n<td>Dimens\u00f5es totais (Comprimento \u00d7 Largura \u00d7 Altura)<\/td>\n<td>mm<\/td>\n<td>4600\u00d73010\u00d72370 (Estado de funcionamento)<\/td>\n<\/tr>\n<tr>\n<td>16<\/td>\n<td>Controle da densidade dos fardos<\/td>\n<td>\/<\/td>\n<td>Controle de sensores<\/td>\n<\/tr>\n<tr>\n<td>17<\/td>\n<td>Dimens\u00f5es do fardo (di\u00e2metro \u00d7 largura)<\/td>\n<td>mm<\/td>\n<td>\u03a6 1300\u00d71400<\/td>\n<\/tr>\n<tr>\n<td>18<\/td>\n<td>Densidade do fardo<\/td>\n<td>Kg\/m\u00b3<\/td>\n<td>100-200<\/td>\n<\/tr>\n<tr>\n<td>19<\/td>\n<td>Produtividade<\/td>\n<td>fardos\/h<\/td>\n<td>40~100<\/td>\n<\/tr>\n<tr>\n<td>20<\/td>\n<td>Dist\u00e2ncia entre eixos<\/td>\n<td>mm<\/td>\n<td>2600<\/td>\n<\/tr>\n<tr>\n<td>21<\/td>\n<td>Velocidade de opera\u00e7\u00e3o<\/td>\n<td>Km\/h<\/td>\n<td>5-35<\/td>\n<\/tr>\n<tr>\n<td>22<\/td>\n<td>Especifica\u00e7\u00f5es da rede para fardos (Comprimento \u00d7 Largura)<\/td>\n<td>\/<\/td>\n<td>2000\u00d71,4m\/rolo<\/td>\n<\/tr>\n<\/tbody>\n<\/table>\n<h2>Defini\u00e7\u00e3o do produto<\/h2>\n<p>A enfardadeira de fardos redondos 9YG-2.24D (S9000 Beyond) \u00e9 uma enfardadeira avan\u00e7ada projetada especificamente para aplica\u00e7\u00f5es agr\u00edcolas. Ela compacta com efici\u00eancia res\u00edduos de colheita, como feno, palha e silagem, em fardos redondos, otimizando os processos de armazenamento e transporte. Gra\u00e7as \u00e0 sua tecnologia avan\u00e7ada, garante uma opera\u00e7\u00e3o suave e confi\u00e1vel mesmo em condi\u00e7\u00f5es de trabalho adversas.<\/p>\n<h2>Problemas resolvidos e usos<\/h2>\n<p>A enfardadeira de fardos redondos 9YG-2.24D (S9000 Beyond) resolve diversos problemas comuns enfrentados nas opera\u00e7\u00f5es agr\u00edcolas modernas. Entre eles:<\/p>\n<ul>\n<li>Tamanho e qualidade inconsistentes dos fardos<\/li>\n<li>Dificuldade em gerir grandes volumes de res\u00edduos agr\u00edcolas.<\/li>\n<li>Processos manuais de enfardamento demorados<\/li>\n<li>Aumento do tempo de inatividade operacional devido a falhas de equipamentos.<\/li>\n<li>Adaptabilidade limitada a diferentes tipos de culturas e condi\u00e7\u00f5es ambientais.<\/li>\n<\/ul>\n<p>Este produto \u00e9 ideal para uso em diversos cen\u00e1rios agr\u00edcolas, incluindo:<\/p>\n<ul>\n<li>enfardamento de feno e palha<\/li>\n<li>Coleta e enfardamento de silagem<\/li>\n<li>opera\u00e7\u00f5es agr\u00edcolas em larga escala<\/li>\n<li>produ\u00e7\u00e3o de ra\u00e7\u00e3o animal<\/li>\n<li>Gest\u00e3o de res\u00edduos em ambientes agr\u00edcolas<\/li>\n<li>Armazenamento e transporte eficientes de feno<\/li>\n<\/ul>\n<p style=\"text-align: center;\"><img loading=\"lazy\" decoding=\"async\" class=\"alignnone wp-image-367\" src=\"https:\/\/square-balers.com\/wp-content\/uploads\/2025\/12\/6-1-1.webp\" alt=\"Enfardadeira redonda\" width=\"447\" height=\"447\" srcset=\"https:\/\/square-balers.com\/wp-content\/uploads\/2025\/12\/6-1-1.webp 285w, https:\/\/square-balers.com\/wp-content\/uploads\/2025\/12\/6-1-1-150x150.webp 150w, https:\/\/square-balers.com\/wp-content\/uploads\/2025\/12\/6-1-1-12x12.webp 12w, https:\/\/square-balers.com\/wp-content\/uploads\/2025\/12\/6-1-1-100x100.webp 100w\" sizes=\"(max-width: 447px) 100vw, 447px\" \/><\/p>\n<h2>Vantagens do produto<\/h2>\n<h3>1. Alta Efici\u00eancia<\/h3>\n<p>A enfardadeira de fardos redondos 9YG-2.24D (S9000 Beyond) foi projetada para enfardamento de alta efici\u00eancia, garantindo que voc\u00ea possa concluir tarefas de enfardamento em grande escala em menos tempo. Seu motor potente e sistema hidr\u00e1ulico avan\u00e7ado trabalham em conjunto para maximizar a produ\u00e7\u00e3o, reduzindo a necessidade de paradas frequentes.<\/p>\n<h3>2. Constru\u00e7\u00e3o Robusta<\/h3>\n<p>Constru\u00edda para suportar condi\u00e7\u00f5es adversas, esta enfardadeira possui uma estrutura robusta e dur\u00e1vel capaz de lidar com cargas de trabalho pesadas. Sua estrutura refor\u00e7ada garante longa vida \u00fatil, reduzindo o risco de avarias e aumentando o tempo de opera\u00e7\u00e3o da m\u00e1quina.<\/p>\n<h3>3. Opera\u00e7\u00e3o f\u00e1cil<\/h3>\n<p>Equipada com controles f\u00e1ceis de usar, a enfardadeira de fardos redondos 9YG-2.24D (S9000 Beyond) oferece opera\u00e7\u00e3o perfeita para operadores de todos os n\u00edveis de experi\u00eancia. A interface intuitiva facilita o ajuste das configura\u00e7\u00f5es e o monitoramento do processo de enfardamento.<\/p>\n<h3>4. Versatilidade<\/h3>\n<p>Esta enfardadeira foi projetada para trabalhar com efici\u00eancia com diversos tipos de culturas, incluindo feno, palha e silagem. Ela se adapta a diferentes ambientes agr\u00edcolas, tornando-se uma excelente op\u00e7\u00e3o para diversas necessidades do setor.<\/p>\n<h3>5. Baixa manuten\u00e7\u00e3o<\/h3>\n<p>Gra\u00e7as aos seus materiais e engenharia de alta qualidade, a enfardadeira de fardos redondos 9YG-2.24D (S9000 Beyond) requer manuten\u00e7\u00e3o m\u00ednima. Seu design inovador reduz o desgaste, economizando tempo e custos associados a reparos e substitui\u00e7\u00e3o de pe\u00e7as.<\/p>\n<h2>Como funciona a enfardadeira de fardos redondos 9YG-2.24D (S9000 Beyond)<\/h2>\n<p>A enfardadeira de fardos redondos 9YG-2.24D (S9000 Beyond) utiliza um sistema hidr\u00e1ulico avan\u00e7ado para alimentar as colheitas em uma c\u00e2mara de enfardamento com controle preciso, onde s\u00e3o comprimidas em formato cil\u00edndrico. A enfardadeira utiliza uma s\u00e9rie de rolos e correias transportadoras para formar fardos redondos, que s\u00e3o ent\u00e3o amarrados automaticamente com cordas ou redes resistentes. Esse processo cont\u00ednuo garante o tamanho uniforme dos fardos, tornando o armazenamento e o transporte mais convenientes e eficientes.<\/p>\n<h2>Principais aplica\u00e7\u00f5es<\/h2>\n<p>A enfardadeira redonda 9YG-2.24D (S9000 Beyond) foi projetada para diversas aplica\u00e7\u00f5es no setor agr\u00edcola:<\/p>\n<ul>\n<li>Coleta e enfardamento eficientes de feno para alimenta\u00e7\u00e3o animal.<\/li>\n<li>Produ\u00e7\u00e3o de fardos de palha para material de cama.<\/li>\n<li>Enfardamento de silagem para armazenamento a longo prazo e alimenta\u00e7\u00e3o animal.<\/li>\n<li>Gest\u00e3o de res\u00edduos de colheita para melhoria do solo<\/li>\n<li>Reduzir os detritos e res\u00edduos no campo.<\/li>\n<li>Otimiza\u00e7\u00e3o do espa\u00e7o para facilitar o armazenamento e o transporte de grandes volumes de material.<\/li>\n<\/ul>\n<h2>Como escolher a enfardadeira de fardos redondos 9YG-2.24D certa (S9000 Beyond)<\/h2>\n<h3>1. Considere o tamanho da sua fazenda<\/h3>\n<p>Se voc\u00ea administra uma fazenda de grande escala, precisar\u00e1 de uma enfardadeira capaz de lidar com grandes volumes de forma eficiente. A 9YG-2.24D \u00e9 perfeita para grandes fazendas devido \u00e0 sua alta capacidade e velocidade de opera\u00e7\u00e3o.<\/p>\n<h3>2. Avaliar os tipos de culturas<\/h3>\n<p>A enfardadeira redonda 9YG-2.24D (S9000 Beyond) \u00e9 adequada para uma ampla variedade de culturas. Certifique-se de que as configura\u00e7\u00f5es e os recursos da m\u00e1quina estejam de acordo com os tipos espec\u00edficos de culturas que voc\u00ea processa com mais frequ\u00eancia, como feno, palha ou silagem.<\/p>\n<h3>3. Procure por durabilidade<\/h3>\n<p>Escolha uma enfardadeira que suporte as condi\u00e7\u00f5es adversas da sua fazenda. A 9YG-2.24D possui uma estrutura robusta e materiais de alta qualidade, sendo ideal para fazendas com ambientes desafiadores.<\/p>\n<h3>4. Verifique a facilidade de manuten\u00e7\u00e3o.<\/h3>\n<p>Ao escolher uma enfardadeira, leve em considera\u00e7\u00e3o a facilidade de manuten\u00e7\u00e3o. A 9YG-2.24D foi projetada para exigir o m\u00ednimo de manuten\u00e7\u00e3o, garantindo que voc\u00ea passe mais tempo operando a m\u00e1quina e menos tempo com reparos.<\/p>\n<h3>5. Garanta o conforto do operador<\/h3>\n<p>A enfardadeira deve ser f\u00e1cil de usar para os operadores, com controles intuitivos e recursos ergon\u00f4micos. A 9YG-2.24D proporciona um ambiente de trabalho confort\u00e1vel, garantindo que os operadores possam trabalhar com efici\u00eancia e sem esfor\u00e7o.<\/p>\n<h3>6. Analise as op\u00e7\u00f5es de servi\u00e7o e garantia.<\/h3>\n<p>Certifique-se de que a enfardadeira escolhida ofere\u00e7a um bom suporte t\u00e9cnico e garantia. A 9YG-2.24D oferece 3 anos de garantia, garantindo tranquilidade com suporte e assist\u00eancia p\u00f3s-venda.<\/p>\n<p style=\"text-align: center;\"><img loading=\"lazy\" decoding=\"async\" class=\"alignnone wp-image-366\" src=\"https:\/\/square-balers.com\/wp-content\/uploads\/2025\/12\/5-1-1.webp\" alt=\"Enfardadeira redonda\" width=\"435\" height=\"435\" srcset=\"https:\/\/square-balers.com\/wp-content\/uploads\/2025\/12\/5-1-1.webp 289w, https:\/\/square-balers.com\/wp-content\/uploads\/2025\/12\/5-1-1-150x150.webp 150w, https:\/\/square-balers.com\/wp-content\/uploads\/2025\/12\/5-1-1-12x12.webp 12w, https:\/\/square-balers.com\/wp-content\/uploads\/2025\/12\/5-1-1-100x100.webp 100w\" sizes=\"(max-width: 435px) 100vw, 435px\" \/><\/p>\n<h2>M\u00e9todos de manuten\u00e7\u00e3o para a enfardadeira de fardos redondos 9YG-2.24D (S9000 Beyond)<\/h2>\n<p>A manuten\u00e7\u00e3o da enfardadeira de fardos redondos 9YG-2.24D (S9000 Beyond) \u00e9 crucial para garantir sua longevidade e desempenho. Aqui est\u00e3o algumas dicas de manuten\u00e7\u00e3o:<\/p>\n<ul>\n<li>Verifique e lubrifique regularmente as pe\u00e7as m\u00f3veis para evitar desgaste.<\/li>\n<li>Inspecione as correias e os roletes para garantir que estejam devidamente alinhados e tensionados.<\/li>\n<li>Limpe a m\u00e1quina ap\u00f3s cada utiliza\u00e7\u00e3o para evitar o ac\u00famulo de res\u00edduos, que podem prejudicar o desempenho.<\/li>\n<li>Substitua as pe\u00e7as desgastadas, como os guias da corda ou da rede, para garantir um funcionamento adequado.<\/li>\n<li>Verifique os n\u00edveis do fluido hidr\u00e1ulico e certifique-se de que n\u00e3o haja vazamentos no sistema.<\/li>\n<\/ul>\n<h2>Avalia\u00e7\u00f5es de clientes<\/h2>\n<p>Aqui est\u00e3o alguns depoimentos de clientes satisfeitos do mundo todo:<\/p>\n<p>\u201cA enfardadeira de fardos redondos 9YG-2.24D revolucionou a nossa fazenda. Ela \u00e9 incrivelmente r\u00e1pida e eficiente, tornando o processo de enfardamento muito mais \u00e1gil e tranquilo. Observamos uma melhora significativa na qualidade dos nossos fardos, e o tempo de inatividade \u00e9 praticamente inexistente.\u201d<\/p>\n<p><strong>\u2013 John, EUA<\/strong><\/p>\n<p>\u201cJ\u00e1 uso a 9YG-2.24D h\u00e1 mais de um ano e ela se provou um dos melhores investimentos para a nossa fazenda. Ela lida com uma variedade de culturas sem esfor\u00e7o e mant\u00e9m a consist\u00eancia no tamanho dos fardos. Altamente recomendada!\u201d<\/p>\n<p><strong>\u2013 Maria, Brasil<\/strong><\/p>\n<p>\u201cA durabilidade e a confiabilidade da enfardadeira redonda 9YG-2.24D s\u00e3o incompar\u00e1veis. Mesmo em condi\u00e7\u00f5es adversas, ela continua funcionando sem grandes problemas. Al\u00e9m disso, \u00e9 muito f\u00e1cil de operar, o que a torna uma \u00f3tima op\u00e7\u00e3o para agricultores de todos os n\u00edveis de experi\u00eancia.\u201d<\/p>\n<p><strong>\u2013 Stefan, Alemanha<\/strong><\/p>\n<p>\u201cJ\u00e1 experimentamos v\u00e1rias enfardadeiras, mas nenhuma se compara \u00e0 9YG-2.24D. Ela \u00e9 r\u00e1pida, eficiente e requer pouqu\u00edssima manuten\u00e7\u00e3o. Nossa opera\u00e7\u00e3o ficou muito mais \u00e1gil e reduzimos os custos significativamente.\u201d<\/p>\n<p><strong>\u2013 Ahmed, Egito<\/strong><\/p>\n<p>\u201cEsta enfardadeira superou as nossas expectativas. \u00c9 compacta, mas potente. Os fardos redondos ficam perfeitamente formados e a qualidade da m\u00e1quina \u00e9 impressionante. N\u00e3o poderia estar mais satisfeito com esta compra.\u201d<\/p>\n<p><strong>\u2013 Paul, Austr\u00e1lia<\/strong><\/p>\n<h2>Por que escolher nosso produto?<\/h2>\n<p>Escolhendo o 9YG-2.24D <a href=\"https:\/\/square-balers.com\/pt\/produto\/9yg-1-25a-enfardadeira-redonda\/\">Enfardadeira redonda<\/a> (S9000 Beyond) garante que voc\u00ea est\u00e1 investindo em um produto de alta qualidade com durabilidade e efici\u00eancia incompar\u00e1veis. Nosso compromisso com a satisfa\u00e7\u00e3o do cliente se reflete em nossos servi\u00e7os de personaliza\u00e7\u00e3o \u00e1geis, suporte p\u00f3s-venda robusto e garantia abrangente de tr\u00eas anos. Oferecemos tamb\u00e9m entrega expressa global para garantir que seus produtos cheguem no prazo, n\u00e3o importa onde estejam. Com nossa extensa rede de servi\u00e7os, voc\u00ea recebe suporte cont\u00ednuo durante todo o ciclo de vida do produto.<\/p>\n<p>Saiba mais sobre a enfardadeira de fardos redondos 9YG-2.24D (S9000 Beyond) e veja como ela pode revolucionar sua produ\u00e7\u00e3o agr\u00edcola. Nossas instala\u00e7\u00f5es de produ\u00e7\u00e3o de \u00faltima gera\u00e7\u00e3o e nosso compromisso inabal\u00e1vel com a qualidade garantem que voc\u00ea obtenha o melhor equipamento a um pre\u00e7o altamente competitivo. Al\u00e9m da 9YG-2.24D, tamb\u00e9m oferecemos uma linha completa de acess\u00f3rios e produtos relacionados para atender \u00e0s suas diversas necessidades em m\u00e1quinas agr\u00edcolas. Entre em contato conosco hoje mesmo para obter mais informa\u00e7\u00f5es ou para comprar!<\/p>\n<p style=\"text-align: center;\"><img loading=\"lazy\" decoding=\"async\" class=\"alignnone wp-image-365\" src=\"https:\/\/square-balers.com\/wp-content\/uploads\/2025\/12\/4-1-1.webp\" alt=\"Enfardadeira redonda\" width=\"450\" height=\"450\" srcset=\"https:\/\/square-balers.com\/wp-content\/uploads\/2025\/12\/4-1-1.webp 282w, https:\/\/square-balers.com\/wp-content\/uploads\/2025\/12\/4-1-1-150x150.webp 150w, https:\/\/square-balers.com\/wp-content\/uploads\/2025\/12\/4-1-1-12x12.webp 12w, https:\/\/square-balers.com\/wp-content\/uploads\/2025\/12\/4-1-1-100x100.webp 100w\" sizes=\"(max-width: 450px) 100vw, 450px\" \/><\/p>\n<h2>Perguntas frequentes (FAQ)<\/h2>\n<ol>\n<li><strong>Quais s\u00e3o as principais caracter\u00edsticas da enfardadeira redonda 9YG-2.24D (S9000 Beyond)?<\/strong><br \/>\nA enfardadeira redonda 9YG-2.24D (S9000 Beyond) apresenta alta efici\u00eancia de enfardamento, constru\u00e7\u00e3o robusta, facilidade de opera\u00e7\u00e3o, versatilidade para diferentes culturas e baixa necessidade de manuten\u00e7\u00e3o. Esses atributos garantem um bom desempenho em ambientes agr\u00edcolas exigentes, produzindo fardos de alta qualidade de forma consistente.<\/li>\n<li><strong>Como funciona a enfardadeira de fardos redondos 9YG-2.24D?<\/strong><br \/>\nA enfardadeira de fardos redondos 9YG-2.24D utiliza um sistema hidr\u00e1ulico avan\u00e7ado para alimentar e compactar o material da colheita em formato cil\u00edndrico. O material \u00e9 ent\u00e3o envolvido com corda ou rede para uma amarra\u00e7\u00e3o segura, e a m\u00e1quina opera continuamente, produzindo fardos uniformes.<\/li>\n<li><strong>Que tipo de culturas a enfardadeira redonda 9YG-2.24D pode processar?<\/strong><br \/>\nA enfardadeira 9YG-2.24D \u00e9 vers\u00e1til e pode lidar com diversas culturas, como feno, palha e silagem. Ela foi projetada para oferecer alto desempenho em diferentes materiais, garantindo opera\u00e7\u00f5es de enfardamento eficientes em qualquer ambiente agr\u00edcola.<\/li>\n<li><strong>Qual \u00e9 a necessidade de manuten\u00e7\u00e3o para esta enfardadeira?<\/strong><br \/>\nA manuten\u00e7\u00e3o regular envolve a verifica\u00e7\u00e3o e lubrifica\u00e7\u00e3o das pe\u00e7as m\u00f3veis, a inspe\u00e7\u00e3o das correias e roletes, a limpeza da m\u00e1quina ap\u00f3s o uso e o monitoramento dos n\u00edveis de fluido hidr\u00e1ulico. Essas a\u00e7\u00f5es ajudam a garantir que a enfardadeira opere com desempenho m\u00e1ximo.<\/li>\n<li><strong>A enfardadeira redonda 9YG-2.24D pode ser usada em condi\u00e7\u00f5es clim\u00e1ticas adversas?<\/strong><br \/>\nSim, o 9YG-2.24D foi projetado para lidar com ambientes agr\u00edcolas exigentes, incluindo condi\u00e7\u00f5es clim\u00e1ticas adversas. Sua estrutura robusta e componentes dur\u00e1veis \u200b\u200bgarantem opera\u00e7\u00e3o confi\u00e1vel mesmo em condi\u00e7\u00f5es extremas.<\/li>\n<li><strong>Que tipo de garantia acompanha a enfardadeira redonda 9YG-2.24D?<\/strong><br \/>\nO modelo 9YG-2.24D vem com uma garantia abrangente de 3 anos que cobre defeitos de fabrica\u00e7\u00e3o e oferece tranquilidade com suporte e servi\u00e7o p\u00f3s-venda.<\/li>\n<li><strong>Qual a velocidade do processo de enfardamento com esta m\u00e1quina?<\/strong><br \/>\nA enfardadeira 9YG-2.24D foi projetada para enfardamento de alta efici\u00eancia. Sua alta velocidade de opera\u00e7\u00e3o garante que grandes quantidades de material possam ser enfardadas rapidamente, economizando tempo valioso durante a \u00e9poca da colheita.<\/li>\n<li><strong>O modelo 9YG-2.24D \u00e9 f\u00e1cil de operar?<\/strong><br \/>\nSim, o 9YG-2.24D possui controles f\u00e1ceis de usar, que permitem a opera\u00e7\u00e3o por pessoas de todos os n\u00edveis de experi\u00eancia. A interface intuitiva permite ajustes r\u00e1pidos nas configura\u00e7\u00f5es durante a opera\u00e7\u00e3o.<\/li>\n<li><strong>Esta enfardadeira requer treinamento especial para operar?<\/strong><br \/>\nEmbora a enfardadeira 9YG-2.24D seja projetada para facilitar o uso, recomenda-se treinamento b\u00e1sico sobre a opera\u00e7\u00e3o da enfardadeira e pr\u00e1ticas de seguran\u00e7a para garantir o desempenho ideal e o uso seguro.<\/li>\n<li><strong>A enfardadeira redonda 9YG-2.24D pode ser usada para silagem?<\/strong><br \/>\nSim, a 9YG-2.24D \u00e9 adequada para enfardamento de silagem. Suas configura\u00e7\u00f5es ajust\u00e1veis \u200b\u200ba tornam eficaz para diferentes tipos de materiais org\u00e2nicos, incluindo silagem, feno e palha.<\/li>\n<li><strong>Qual \u00e9 a vida \u00fatil esperada da enfardadeira de fardos redondos 9YG-2.24D?<\/strong><br \/>\nCom manuten\u00e7\u00e3o regular e uso adequado, o 9YG-2.24D pode durar muitos anos. A constru\u00e7\u00e3o de alta qualidade e os componentes dur\u00e1veis \u200b\u200bgarantem uma longa vida \u00fatil.<\/li>\n<li><strong>Como posso obter pe\u00e7as de reposi\u00e7\u00e3o para a enfardadeira de fardos redondos 9YG-2.24D?<\/strong><br \/>\nOferecemos uma rede completa de pe\u00e7as de reposi\u00e7\u00e3o. Voc\u00ea pode entrar em contato com nosso servi\u00e7o de atendimento ao cliente para obter ajuda na encomenda de pe\u00e7as para sua enfardadeira, garantindo que sua m\u00e1quina permane\u00e7a em perfeitas condi\u00e7\u00f5es.<\/li>\n<li><strong>Posso personalizar a enfardadeira de fardos redondos 9YG-2.24D para atender \u00e0s minhas necessidades espec\u00edficas?<\/strong><br \/>\nSim, oferecemos op\u00e7\u00f5es de personaliza\u00e7\u00e3o para adaptar a 9YG-2.24D \u00e0s suas necessidades agr\u00edcolas espec\u00edficas. Nossa equipe pode ajud\u00e1-lo a ajustar a m\u00e1quina para atender \u00e0s suas necessidades operacionais.<\/li>\n<li><strong>Qu\u00e3o f\u00e1cil \u00e9 transportar a enfardadeira de fardos redondos 9YG-2.24D?<\/strong><br \/>\nO 9YG-2.24D foi projetado para facilitar o transporte. Seu design compacto e constru\u00e7\u00e3o robusta tornam f\u00e1cil a movimenta\u00e7\u00e3o entre diferentes locais na fazenda, especialmente com os acess\u00f3rios de reboque adequados.<\/li>\n<\/ol>\n<p>editado por gzl<\/p>","protected":false},"excerpt":{"rendered":"<p>Descubra a enfardadeira redonda 9YG-2.24D (S9000 Beyond) \u2013 projetada para m\u00e1xima efici\u00eancia e durabilidade, esta enfardadeira \u00e9 ideal para grandes propriedades rurais. Seu desempenho superior garante maiores rendimentos e menos manuten\u00e7\u00e3o. Atualize seus equipamentos agr\u00edcolas agora mesmo para opera\u00e7\u00f5es mais suaves e maior produtividade. Adquira a sua hoje e experimente o poder da tecnologia de ponta!<\/p>","protected":false},"featured_media":368,"template":"","meta":{"_et_pb_use_builder":"","_et_pb_old_content":"","_et_gb_content_width":""},"product_brand":[],"product_cat":[21],"product_tag":[],"class_list":{"0":"post-364","1":"product","2":"type-product","3":"status-publish","4":"has-post-thumbnail","6":"product_cat-round-baler-rake","8":"first","9":"instock","10":"shipping-taxable","11":"product-type-simple"},"_links":{"self":[{"href":"https:\/\/square-balers.com\/pt\/wp-json\/wp\/v2\/product\/364","targetHints":{"allow":["GET"]}}],"collection":[{"href":"https:\/\/square-balers.com\/pt\/wp-json\/wp\/v2\/product"}],"about":[{"href":"https:\/\/square-balers.com\/pt\/wp-json\/wp\/v2\/types\/product"}],"wp:featuredmedia":[{"embeddable":true,"href":"https:\/\/square-balers.com\/pt\/wp-json\/wp\/v2\/media\/368"}],"wp:attachment":[{"href":"https:\/\/square-balers.com\/pt\/wp-json\/wp\/v2\/media?parent=364"}],"wp:term":[{"taxonomy":"product_brand","embeddable":true,"href":"https:\/\/square-balers.com\/pt\/wp-json\/wp\/v2\/product_brand?post=364"},{"taxonomy":"product_cat","embeddable":true,"href":"https:\/\/square-balers.com\/pt\/wp-json\/wp\/v2\/product_cat?post=364"},{"taxonomy":"product_tag","embeddable":true,"href":"https:\/\/square-balers.com\/pt\/wp-json\/wp\/v2\/product_tag?post=364"}],"curies":[{"name":"wp","href":"https:\/\/api.w.org\/{rel}","templated":true}]}}