{"id":388,"date":"2025-12-18T03:18:12","date_gmt":"2025-12-18T03:18:12","guid":{"rendered":"https:\/\/square-balers.com\/?post_type=product&#038;p=388"},"modified":"2025-12-19T01:45:24","modified_gmt":"2025-12-19T01:45:24","slug":"cortador-de-grama-de-tracao-dupla-9gs-5-0","status":"publish","type":"product","link":"https:\/\/square-balers.com\/pt\/produto\/cortador-de-grama-de-tracao-dupla-9gs-5-0\/","title":{"rendered":"Cortador de grama de tra\u00e7\u00e3o com l\u00e2mina dupla 9GS-5.0"},"content":{"rendered":"<p>O cortador de grama de tra\u00e7\u00e3o dupla 9GS-5.0 \u00e9 um equipamento de alto desempenho e durabilidade, projetado para tornar as tarefas de corte de grama mais f\u00e1ceis e eficientes. Possui um sistema de l\u00e2mina dupla para corte preciso e um design ergon\u00f4mico para maior conforto do usu\u00e1rio. Com seu potente sistema de tra\u00e7\u00e3o, o cortador \u00e9 ideal tanto para uso residencial quanto comercial. Sua versatilidade e confiabilidade o tornaram um dos favoritos entre profissionais e entusiastas.<\/p>\n<h2>Especifica\u00e7\u00f5es t\u00e9cnicas<\/h2>\n<table style=\"border-color: #000000;\">\n<thead>\n<tr>\n<th>Par\u00e2metros principais<\/th>\n<th>Detalhes<\/th>\n<\/tr>\n<\/thead>\n<tbody>\n<tr>\n<td>Tipo de equipamento<\/td>\n<td>Cortador de grama de tra\u00e7\u00e3o rec\u00edproca com corte duplo<\/td>\n<\/tr>\n<tr>\n<td>Poder de correspond\u00eancia<\/td>\n<td>20\u201330 kW (adequado para tratores)<\/td>\n<\/tr>\n<tr>\n<td>Capacidade operacional<\/td>\n<td>Largura de corte de 5 m, produtividade de 2,4 a 2,8 hectares por hora.<\/td>\n<\/tr>\n<tr>\n<td>Par\u00e2metros de opera\u00e7\u00e3o<\/td>\n<td>Velocidade de opera\u00e7\u00e3o de 6 a 7 km\/h, altura do toco de 60 a 70 mm<\/td>\n<\/tr>\n<tr>\n<td>Dimens\u00f5es e Peso<\/td>\n<td>Dimens\u00f5es totais: 2800\u00d75630\u00d71500 mm, peso: 750 kg<\/td>\n<\/tr>\n<\/tbody>\n<\/table>\n<h2>Defini\u00e7\u00e3o do produto<\/h2>\n<p>O cortador de grama de tra\u00e7\u00e3o com l\u00e2mina dupla 9GS-5.0 \u00e9 um equipamento de \u00faltima gera\u00e7\u00e3o, projetado com um sistema de corte de l\u00e2mina dupla e um mecanismo de tra\u00e7\u00e3o robusto. Este cortador oferece precis\u00e3o de corte e durabilidade excepcionais, sendo ideal para a manuten\u00e7\u00e3o de grandes \u00e1reas gramadas. \u00c9 perfeito para profissionais que necessitam de equipamentos confi\u00e1veis \u200b\u200be de alto desempenho para projetos de jardinagem residenciais e comerciais.<\/p>\n<h2>Problemas resolvidos e usos<\/h2>\n<p>O cortador de grama de l\u00e2mina dupla com tra\u00e7\u00e3o 9GS-5.0 resolve diversos problemas comuns no cuidado com o gramado. Ele ajuda os usu\u00e1rios a obter um corte limpo e uniforme, reduz o tempo de corte com seu design eficiente de l\u00e2mina dupla e minimiza o esfor\u00e7o necess\u00e1rio para cortar grandes \u00e1reas com seu potente sistema de tra\u00e7\u00e3o. Sua versatilidade o torna adequado para diversos tipos de gramado e condi\u00e7\u00f5es de corte. Seja grama alta, terreno irregular ou declives acentuados, este cortador de grama d\u00e1 conta do recado. Al\u00e9m disso, o cortador foi projetado para reduzir a necessidade de manuten\u00e7\u00e3o frequente, proporcionando desempenho e confiabilidade duradouros.<\/p>\n<p style=\"text-align: center;\"><img loading=\"lazy\" decoding=\"async\" class=\"alignnone wp-image-391\" src=\"https:\/\/square-balers.com\/wp-content\/uploads\/2025\/12\/ep-9GS-5.0-Traction-Double-Blade-Mower-2-1.webp\" alt=\"Cortador de grama de l\u00e2mina dupla\" width=\"450\" height=\"450\" srcset=\"https:\/\/square-balers.com\/wp-content\/uploads\/2025\/12\/ep-9GS-5.0-Traction-Double-Blade-Mower-2-1.webp 254w, https:\/\/square-balers.com\/wp-content\/uploads\/2025\/12\/ep-9GS-5.0-Traction-Double-Blade-Mower-2-1-150x150.webp 150w, https:\/\/square-balers.com\/wp-content\/uploads\/2025\/12\/ep-9GS-5.0-Traction-Double-Blade-Mower-2-1-12x12.webp 12w, https:\/\/square-balers.com\/wp-content\/uploads\/2025\/12\/ep-9GS-5.0-Traction-Double-Blade-Mower-2-1-100x100.webp 100w\" sizes=\"(max-width: 450px) 100vw, 450px\" \/><\/p>\n<h2>Vantagens do produto<\/h2>\n<p>Aqui est\u00e3o as principais vantagens do cortador de grama de tra\u00e7\u00e3o com l\u00e2mina dupla 9GS-5.0:<\/p>\n<ul>\n<li><strong>Tecnologia avan\u00e7ada de l\u00e2mina dupla:<\/strong> O sistema de l\u00e2minas duplas oferece desempenho de corte superior, proporcionando um corte suave, limpo e uniforme em uma ampla variedade de tipos de grama.<\/li>\n<li><strong>Sistema de tra\u00e7\u00e3o potente:<\/strong> Equipado com um mecanismo de tra\u00e7\u00e3o robusto, este cortador de relva garante excelente manobrabilidade e controlo em terrenos dif\u00edceis, incluindo declives acentuados e terrenos irregulares.<\/li>\n<li><strong>Durabilidade aprimorada:<\/strong> Fabricado com materiais de alta qualidade, o 9GS-5.0 foi projetado para suportar uso frequente e condi\u00e7\u00f5es de corte desafiadoras, garantindo uma longa vida \u00fatil.<\/li>\n<li><strong>Baixa necessidade de manuten\u00e7\u00e3o:<\/strong> Com engenharia avan\u00e7ada e design intuitivo, este cortador de grama requer manuten\u00e7\u00e3o m\u00ednima, reduzindo o tempo e o custo associados \u00e0 conserva\u00e7\u00e3o.<\/li>\n<li><strong>Design ergon\u00f4mico:<\/strong> As caracter\u00edsticas ergon\u00f4micas do cortador de grama garantem uma experi\u00eancia de corte confort\u00e1vel, mesmo durante per\u00edodos prolongados de uso, reduzindo o esfor\u00e7o do operador.<\/li>\n<\/ul>\n<h2>Como funciona<\/h2>\n<p>O cortador de grama de l\u00e2mina dupla 9GS-5.0 com tra\u00e7\u00e3o opera atrav\u00e9s de uma combina\u00e7\u00e3o de seu sistema de corte de l\u00e2mina dupla e mecanismo de tra\u00e7\u00e3o eficiente. As l\u00e2minas duplas giram simultaneamente para criar um movimento de corte preciso, garantindo um acabamento limpo e uniforme a cada passada. O sistema de tra\u00e7\u00e3o do cortador aciona as rodas, permitindo um movimento suave sobre o gramado. Esse design permite que o cortador deslize sobre terrenos acidentados ou montanhosos sem exigir for\u00e7a excessiva do operador. O sistema de pot\u00eancia \u00e9 balanceado, otimizando tanto o desempenho de corte quanto a manobrabilidade.<\/p>\n<h2>Aplica\u00e7\u00f5es principais<\/h2>\n<p>O cortador de grama de tra\u00e7\u00e3o com l\u00e2mina dupla 9GS-5.0 \u00e9 adequado para uma variedade de ambientes e cen\u00e1rios. Aqui est\u00e3o as principais aplica\u00e7\u00f5es:<\/p>\n<ul>\n<li><strong>Gramados residenciais:<\/strong> Ideal para propriet\u00e1rios que desejam manter um gramado bem cuidado com o m\u00ednimo de esfor\u00e7o.<\/li>\n<li><strong>Paisagens comerciais:<\/strong> Ideal para profissionais de paisagismo que precisam de equipamentos confi\u00e1veis \u200b\u200be eficientes para a manuten\u00e7\u00e3o de grandes propriedades comerciais.<\/li>\n<li><strong>Campos de golfe:<\/strong> Projetada para precis\u00e3o, sendo uma \u00f3tima op\u00e7\u00e3o para cortar a grama dos fairways e greens de campos de golfe.<\/li>\n<li><strong>Parques e \u00e1reas de lazer:<\/strong> Adequado para a manuten\u00e7\u00e3o de espa\u00e7os p\u00fablicos e \u00e1reas de lazer, garantindo um ambiente limpo e atraente.<\/li>\n<li><strong>Campos de treino de golfe:<\/strong> Sua durabilidade e efici\u00eancia o tornam perfeito para a manuten\u00e7\u00e3o das vastas \u00e1reas gramadas encontradas em campos de golfe.<\/li>\n<li><strong>Campos Esportivos:<\/strong> Ideal para cortar a relva de campos desportivos, garantindo uma superf\u00edcie de jogo uniforme e bem cuidada.<\/li>\n<\/ul>\n<h2>Como escolher o cortador de grama de tra\u00e7\u00e3o com l\u00e2mina dupla 9GS-5.0 ideal<\/h2>\n<p>Ao selecionar um cortador de grama de tra\u00e7\u00e3o com l\u00e2mina dupla 9GS-5.0, considere os seguintes fatores:<\/p>\n<ul>\n<li><strong>Largura de corte:<\/strong> A largura de corte influencia a rapidez com que voc\u00ea consegue cortar grandes \u00e1reas. Escolha uma largura adequada ao tamanho do gramado ou da \u00e1rea ajardinada em que voc\u00ea est\u00e1 trabalhando.<\/li>\n<li><strong>Pot\u00eancia do motor:<\/strong> Certifique-se de que o cortador de grama tenha pot\u00eancia suficiente para lidar com o terreno e os tipos de grama da sua regi\u00e3o. Motores mais potentes s\u00e3o ideais para condi\u00e7\u00f5es dif\u00edceis.<\/li>\n<li><strong>Durabilidade:<\/strong> Escolha um cortador de grama com uma constru\u00e7\u00e3o robusta que suporte as exig\u00eancias do uso frequente.<\/li>\n<li><strong>Peso:<\/strong> Considere o peso do cortador de grama para facilitar a manobrabilidade, especialmente se voc\u00ea for trabalhar em terrenos acidentados ou irregulares.<\/li>\n<li><strong>Ergonomia:<\/strong> Procure por recursos como al\u00e7as ajust\u00e1veis \u200b\u200be mecanismos de redu\u00e7\u00e3o de vibra\u00e7\u00e3o para aumentar o conforto durante longas sess\u00f5es de corte de grama.<\/li>\n<li><strong>Requisitos de manuten\u00e7\u00e3o:<\/strong> Escolha um modelo que se adapte \u00e0 sua rotina de manuten\u00e7\u00e3o preferida, com pe\u00e7as de f\u00e1cil acesso para uma manuten\u00e7\u00e3o r\u00e1pida e simples.<\/li>\n<\/ul>\n<p style=\"text-align: center;\"><img loading=\"lazy\" decoding=\"async\" class=\"alignnone wp-image-392\" src=\"https:\/\/square-balers.com\/wp-content\/uploads\/2025\/12\/ep-9GS-5.0-Traction-Double-Blade-Mower-3.jpg\" alt=\"Cortador de grama de l\u00e2mina dupla\" width=\"435\" height=\"435\" srcset=\"https:\/\/square-balers.com\/wp-content\/uploads\/2025\/12\/ep-9GS-5.0-Traction-Double-Blade-Mower-3.jpg 266w, https:\/\/square-balers.com\/wp-content\/uploads\/2025\/12\/ep-9GS-5.0-Traction-Double-Blade-Mower-3-150x150.jpg 150w, https:\/\/square-balers.com\/wp-content\/uploads\/2025\/12\/ep-9GS-5.0-Traction-Double-Blade-Mower-3-12x12.jpg 12w, https:\/\/square-balers.com\/wp-content\/uploads\/2025\/12\/ep-9GS-5.0-Traction-Double-Blade-Mower-3-100x100.jpg 100w\" sizes=\"(max-width: 435px) 100vw, 435px\" \/><\/p>\n<h2>Dicas de manuten\u00e7\u00e3o para o cortador de grama de tra\u00e7\u00e3o com l\u00e2mina dupla 9GS-5.0<\/h2>\n<p>A manuten\u00e7\u00e3o adequada garante a longevidade e o desempenho ideal do seu cortador de grama de tra\u00e7\u00e3o com l\u00e2mina dupla 9GS-5.0. Aqui est\u00e3o algumas dicas importantes de manuten\u00e7\u00e3o:<\/p>\n<ul>\n<li><strong>Afia\u00e7\u00e3o regular da l\u00e2mina:<\/strong> Certifique-se de que as l\u00e2minas do cortador de grama estejam afiadas para um corte uniforme e preciso. L\u00e2minas cegas podem danificar a grama e afetar a efici\u00eancia do corte.<\/li>\n<li><strong>Limpe o cortador de grama ap\u00f3s cada uso:<\/strong> Remova os restos de grama e detritos do cortador de grama ap\u00f3s cada uso para evitar entupimentos e desgaste dos componentes.<\/li>\n<li><strong>Verifique o n\u00edvel de \u00f3leo do motor:<\/strong> Verifique e troque regularmente o \u00f3leo do motor para manter o desempenho do motor e evitar o superaquecimento.<\/li>\n<li><strong>Inspecione os pneus:<\/strong> Certifique-se de que os pneus estejam devidamente calibrados para evitar cortes irregulares e manter a tra\u00e7\u00e3o em terrenos variados.<\/li>\n<li><strong>Lubrifique as partes m\u00f3veis:<\/strong> Lubrifique as partes m\u00f3veis do cortador de grama para reduzir o atrito e o desgaste, garantindo um funcionamento suave e prolongando a vida \u00fatil da m\u00e1quina.<\/li>\n<\/ul>\n<h2>Avalia\u00e7\u00f5es de clientes<\/h2>\n<h3>Avalia\u00e7\u00f5es de clientes de diferentes pa\u00edses<\/h3>\n<p>\u201cTenho usado a 9GS-5.0 nos \u00faltimos meses no meu campo de golfe e devo dizer que ela superou minhas expectativas. As l\u00e2minas duplas proporcionam um corte extremamente limpo e o sistema de tra\u00e7\u00e3o me permite enfrentar as inclina\u00e7\u00f5es \u00edngremes do nosso campo sem problemas. Isso nos economiza tempo e reduz o desgaste de outros equipamentos.\u201d<br \/>\n<strong>\u2013 John Smith, EUA<\/strong><\/p>\n<p>\u201cComo paisagista, preciso de equipamentos que aguentem todos os tipos de trabalho. O 9GS-5.0 \u00e9 robusto, eficiente e f\u00e1cil de manter. O desempenho nas minhas propriedades comerciais tem sido fant\u00e1stico e recebi \u00f3timos feedbacks dos meus clientes. Recomendo sem d\u00favida!\u201d<br \/>\n<strong>\u2013 Michael Liu, Canad\u00e1<\/strong><\/p>\n<p>\u201cTenho um gramado residencial grande, e o 9GS-5.0 tornou a tarefa de cortar a grama muito mais f\u00e1cil. O sistema de tra\u00e7\u00e3o \u00e9 \u00f3timo para o meu terreno irregular, e adoro como ele desliza sobre a grama alta sem travar. Valeu o investimento!\u201d<br \/>\n<strong>\u2013 Emma Kowalski, Reino Unido<\/strong><\/p>\n<p>\u201cEste cortador de grama \u00e9 uma \u00f3tima op\u00e7\u00e3o para quem trabalha com jardinagem. \u00c9 dur\u00e1vel, potente e proporciona um corte perfeito sempre. Tenho usado em diversas propriedades comerciais e n\u00e3o poderia estar mais satisfeito com seu desempenho.\u201d<br \/>\n<strong>\u2013 Antonio Garcia, Espanha<\/strong><\/p>\n<p>\u201cComprei o 9GS-5.0 para o meu grande parque e ele fez toda a diferen\u00e7a. A precis\u00e3o de corte \u00e9 not\u00e1vel e a pot\u00eancia do cortador \u00e9 ideal para o trabalho. Economizamos muito tempo em compara\u00e7\u00e3o com os equipamentos antigos que us\u00e1vamos.\u201d<br \/>\n<strong>\u2013 Sophie Lemoine, Fran\u00e7a<\/strong><\/p>\n<h2>Por que escolher nosso produto?<\/h2>\n<p>Nosso cortador de grama de tra\u00e7\u00e3o com l\u00e2mina dupla 9GS-5.0 se destaca pela qualidade, confiabilidade e desempenho. Oferecemos servi\u00e7os de personaliza\u00e7\u00e3o \u00e1geis para atender \u00e0s suas necessidades espec\u00edficas, com o suporte de uma equipe de p\u00f3s-venda dedicada. Com 3 anos de garantia, nosso produto garante tranquilidade e opera\u00e7\u00e3o sem problemas. Oferecemos envio r\u00e1pido para todo o mundo para atender \u00e0s suas necessidades de pedido, e nosso abrangente servi\u00e7o de p\u00f3s-venda garante sua satisfa\u00e7\u00e3o.<\/p>\n<p>Escolha o nosso Cortador de Grama de Tra\u00e7\u00e3o com L\u00e2mina Dupla 9GS-5.0 pela sua performance e durabilidade incompar\u00e1veis. Al\u00e9m disso, a nossa empresa \u00e9 reconhecida pela sua forte capacidade de produ\u00e7\u00e3o, excelente qualidade de produto, pre\u00e7os competitivos e servi\u00e7o ao cliente excepcional. Oferecemos tamb\u00e9m uma vasta gama de produtos e acess\u00f3rios relacionados para atender \u00e0s suas necessidades de cuidados com o gramado.<\/p>\n<p>N\u00e3o perca a oportunidade de melhorar o cuidado com o seu gramado com a 9GS-5.0 Traction. <a href=\"https:\/\/square-balers.com\/pt\/produto\/9-3-2-corte-e-nivelamento-de-grama\/\">Cortador de grama de l\u00e2mina dupla<\/a>Entre em contato conosco hoje mesmo para saber mais e fazer seu pedido!<\/p>\n<p style=\"text-align: center;\"><img loading=\"lazy\" decoding=\"async\" class=\"alignnone wp-image-393\" src=\"https:\/\/square-balers.com\/wp-content\/uploads\/2025\/12\/ep-9GS-5.0-Traction-Double-Blade-Mower-4-1.webp\" alt=\"Cortador de grama de l\u00e2mina dupla\" width=\"428\" height=\"428\" srcset=\"https:\/\/square-balers.com\/wp-content\/uploads\/2025\/12\/ep-9GS-5.0-Traction-Double-Blade-Mower-4-1.webp 263w, https:\/\/square-balers.com\/wp-content\/uploads\/2025\/12\/ep-9GS-5.0-Traction-Double-Blade-Mower-4-1-150x150.webp 150w, https:\/\/square-balers.com\/wp-content\/uploads\/2025\/12\/ep-9GS-5.0-Traction-Double-Blade-Mower-4-1-12x12.webp 12w, https:\/\/square-balers.com\/wp-content\/uploads\/2025\/12\/ep-9GS-5.0-Traction-Double-Blade-Mower-4-1-100x100.webp 100w\" sizes=\"(max-width: 428px) 100vw, 428px\" \/><\/p>\n<h2>Perguntas frequentes (FAQ)<\/h2>\n<p data-start=\"284\" data-end=\"598\"><strong data-start=\"284\" data-end=\"341\">1. O que \u00e9 um cortador de grama de l\u00e2mina dupla e como ele funciona?<\/strong><br data-start=\"341\" data-end=\"344\" \/>Um cortador de grama de l\u00e2mina dupla possui duas l\u00e2minas que trabalham em conjunto para proporcionar um corte mais limpo e eficiente. Este tipo de cortador de grama \u00e9 projetado para propriet\u00e1rios de casas e paisagistas que precisam de uma solu\u00e7\u00e3o de alto desempenho para gramados grandes e tarefas de corte pesado.<\/p>\n<p data-start=\"600\" data-end=\"916\"><strong data-start=\"600\" data-end=\"680\">2. O que torna o cortador de grama de tra\u00e7\u00e3o com l\u00e2mina dupla 9GS-5.0 ideal para gramados grandes?<\/strong><br data-start=\"680\" data-end=\"683\" \/>A tra\u00e7\u00e3o 9GS-5.0 <a href=\"https:\/\/square-balers.com\/pt\/produto\/9-3-2-corte-e-nivelamento-de-grama\/\">Cortador de grama com l\u00e2mina dupla para gramados grandes<\/a> Foi projetado para lidar com \u00e1reas extensas e de dif\u00edcil acesso. Combina tecnologia de tra\u00e7\u00e3o avan\u00e7ada com corte de l\u00e2mina dupla, garantindo que voc\u00ea possa cortar grandes propriedades com facilidade e precis\u00e3o.<\/p>\n<p data-start=\"918\" data-end=\"1231\"><strong data-start=\"918\" data-end=\"989\">3. Como escolher o cortador de grama de alta resist\u00eancia mais adequado \u00e0s minhas necessidades?<\/strong><br data-start=\"989\" data-end=\"992\" \/>Ao escolher um cortador de grama robusto, considere fatores como o tamanho do gramado, a pot\u00eancia do motor, o design da l\u00e2mina e a facilidade de manuten\u00e7\u00e3o. Para gramados maiores, um cortador de grama com l\u00e2mina dupla, como o 9GS-5.0 Traction Double-Blade Mower, \u00e9 uma \u00f3tima op\u00e7\u00e3o.<\/p>\n<p data-start=\"1233\" data-end=\"1542\"><strong data-start=\"1233\" data-end=\"1290\">4. Quais s\u00e3o os benef\u00edcios de um cortador de grama para paisagismo?<\/strong><br data-start=\"1290\" data-end=\"1293\" \/>Um cortador de grama para paisagismo \u00e9 projetado para lidar com gramados de formatos complexos, garantindo cortes limpos e uniformes. Modelos como o cortador de grama de l\u00e2mina dupla 9GS-5.0 s\u00e3o perfeitos tanto para paisagistas profissionais quanto para propriet\u00e1rios de casas que desejam manter um gramado impec\u00e1vel.<\/p>\n<p data-start=\"1544\" data-end=\"1820\"><strong data-start=\"1544\" data-end=\"1614\">5. Um cortador de grama com l\u00e2mina dupla consegue lidar com grama alta e terrenos irregulares?<\/strong><br data-start=\"1614\" data-end=\"1617\" \/>Sim, um cortador de grama com l\u00e2minas duplas \u00e9 ideal para cortar grama alta e terrenos irregulares. As l\u00e2minas duplas trabalham juntas para melhorar a efici\u00eancia do corte, facilitando a manuten\u00e7\u00e3o de um gramado uniforme e liso.<\/p>\n<p data-start=\"1822\" data-end=\"2130\"><strong data-start=\"1822\" data-end=\"1906\">6. Como fa\u00e7o para manter o cortador de grama de l\u00e2mina dupla 9GS-5.0 funcionando da melhor forma poss\u00edvel?<\/strong><br data-start=\"1906\" data-end=\"1909\" \/>Para manter o cortador de grama de l\u00e2mina dupla 9GS-5.0 em \u00f3timas condi\u00e7\u00f5es, limpe as l\u00e2minas regularmente, verifique o \u00f3leo e inspecione os pneus quanto ao desgaste. A manuten\u00e7\u00e3o adequada garante que o cortador de grama permane\u00e7a funcionando perfeitamente, especialmente em gramados grandes.<\/p>\n<p data-start=\"2132\" data-end=\"2473\"><strong data-start=\"2132\" data-end=\"2206\">7. O cortador de grama de l\u00e2mina dupla 9GS-5.0 \u00e9 adequado para uso residencial?<\/strong><br data-start=\"2206\" data-end=\"2209\" \/>Sim, o cortador de grama de l\u00e2mina dupla 9GS-5.0 para gramados grandes \u00e9 perfeito para uso residencial, especialmente para quem tem propriedades extensas. Sua constru\u00e7\u00e3o robusta e mecanismo de corte eficiente o tornam uma \u00f3tima op\u00e7\u00e3o para propriet\u00e1rios que precisam de um equipamento de corte potente.<\/p>\n<p data-start=\"2475\" data-end=\"2802\"><strong data-start=\"2475\" data-end=\"2532\">8. O que devo procurar em um cortador de grama robusto?<\/strong><br data-start=\"2532\" data-end=\"2535\" \/>Ao procurar um cortador de grama robusto, certifique-se de que ele tenha um motor potente, l\u00e2minas dur\u00e1veis \u200b\u200be recursos como controle de tra\u00e7\u00e3o. O cortador de grama de l\u00e2mina dupla 9GS-5.0 se destaca em todos esses aspectos, oferecendo desempenho confi\u00e1vel para gramados grandes e condi\u00e7\u00f5es de corte dif\u00edceis.<\/p>\n<p data-start=\"2804\" data-end=\"3102\"><strong data-start=\"2804\" data-end=\"2884\">9. O cortador de grama de tra\u00e7\u00e3o com l\u00e2mina dupla 9GS-5.0 pode ser usado em terrenos acidentados?<\/strong><br data-start=\"2884\" data-end=\"2887\" \/>Sim, o cortador de grama de l\u00e2mina dupla com tra\u00e7\u00e3o 9GS-5.0 foi projetado para terrenos desafiadores, incluindo colinas. Seu sistema de tra\u00e7\u00e3o proporciona estabilidade extra, garantindo uma experi\u00eancia de corte suave em declives e superf\u00edcies irregulares.<\/p>\n<p data-start=\"3104\" data-end=\"3419\">10. <strong>O que torna o<\/strong> <strong data-start=\"3125\" data-end=\"3196\">O cortador de grama de l\u00e2mina dupla 9GS-5.0 \u00e9 mais eficiente do que os modelos de l\u00e2mina \u00fanica?<\/strong><br data-start=\"3196\" data-end=\"3199\" \/>O cortador de grama de l\u00e2mina dupla 9GS-5.0 oferece desempenho de corte superior em compara\u00e7\u00e3o com cortadores de grama de l\u00e2mina \u00fanica. As duas l\u00e2minas trabalham em conjunto para proporcionar um corte mais limpo, reduzindo o tempo de corte e melhorando a qualidade do seu gramado.<\/p>\n<p data-start=\"3421\" data-end=\"3723\"><strong data-start=\"3421\" data-end=\"3492\">11. Como posso prolongar a vida \u00fatil do meu cortador de grama para paisagismo?<\/strong><br data-start=\"3492\" data-end=\"3495\" \/>Para prolongar a vida \u00fatil do seu cortador de grama, realize manuten\u00e7\u00f5es regulares, como troca de \u00f3leo, afia\u00e7\u00e3o das l\u00e2minas e limpeza. Manter seu cortador em boas condi\u00e7\u00f5es ajudar\u00e1 voc\u00ea a manter um gramado bonito o ano todo.<\/p>\n<p data-start=\"3725\" data-end=\"4019\"><strong data-start=\"3725\" data-end=\"3813\">12. Qual a melhor maneira de guardar um cortador de grama de alta pot\u00eancia fora de temporada?<\/strong><br data-start=\"3813\" data-end=\"3816\" \/>O armazenamento adequado de um cortador de grama de alta pot\u00eancia inclui limp\u00e1-lo completamente, drenar o combust\u00edvel e mant\u00ea-lo em um local seco e fresco. Armazenar seu cortador de grama corretamente garante que ele esteja pronto para uso quando necess\u00e1rio.<\/p>\n<p data-start=\"4021\" data-end=\"4324\"><strong data-start=\"4021\" data-end=\"4093\">13. Os cortadores de grama com l\u00e2mina dupla s\u00e3o adequados para paisagismo comercial?<\/strong><br data-start=\"4093\" data-end=\"4096\" \/><strong>Sim, cortadores de grama de l\u00e2mina dupla como o 9GS-5.0 s\u00e3o ex<\/strong>Excelentes para paisagismo comercial. Oferecem corte eficiente e de alta qualidade para grandes gramados, parques e propriedades, tornando-as uma \u00f3tima op\u00e7\u00e3o para paisagistas profissionais.<\/p>\n<p data-start=\"4326\" data-end=\"4637\"><strong data-start=\"4326\" data-end=\"4403\">14. Como posso solucionar problemas com meu cortador de grama de l\u00e2mina dupla 9GS-5.0?<\/strong><br data-start=\"4403\" data-end=\"4406\" \/>Se voc\u00ea tem experi\u00eancia<strong>Se estiver com problemas com o cortador de grama de l\u00e2mina dupla 9GS-5.0, verifique<\/strong> Verifique o n\u00edvel de combust\u00edvel, certifique-se de que as l\u00e2minas estejam afiadas e inspecione o motor em busca de obstru\u00e7\u00f5es. Se o problema persistir, consulte o manual do usu\u00e1rio ou entre em contato com o suporte ao cliente.<\/p>\n<p data-start=\"4639\" data-end=\"5032\"><strong data-start=\"4639\" data-end=\"4736\">15. Quais s\u00e3o as principais caracter\u00edsticas do cortador de grama de tra\u00e7\u00e3o com l\u00e2mina dupla 9GS-5.0 para gramados grandes?<\/strong><br data-start=\"4736\" data-end=\"4739\" \/>O<strong>e 9GS-5.0 Cortador de grama de tra\u00e7\u00e3o com l\u00e2mina dupla para gramados grandes apresenta<\/strong>Com um motor potente, sistema de l\u00e2minas duplas e controle de tra\u00e7\u00e3o aprimorado, \u00e9 perfeita para grandes propriedades. Seu design prioriza efici\u00eancia, durabilidade e facilidade de uso, garantindo resultados profissionais em todas as situa\u00e7\u00f5es.<\/p>\n<p data-start=\"4639\" data-end=\"5032\">editado por gzl<\/p>\n<p><!-- Continue adding more FAQs here following the same pattern --><\/p>","protected":false},"excerpt":{"rendered":"<p>Descubra o potente cortador de grama de tra\u00e7\u00e3o com l\u00e2minas duplas 9GS-5.0, projetado para oferecer efici\u00eancia e desempenho superiores no cuidado com o gramado. Com tecnologia de tra\u00e7\u00e3o avan\u00e7ada e l\u00e2minas duplas, ele garante um corte mais limpo e r\u00e1pido para resultados profissionais. Pronto para aprimorar sua experi\u00eancia de corte de grama? Encomende agora e conquiste gramados impec\u00e1veis \u200b\u200bcom facilidade!<\/p>","protected":false},"featured_media":389,"template":"","meta":{"_et_pb_use_builder":"","_et_pb_old_content":"","_et_gb_content_width":""},"product_brand":[],"product_cat":[23],"product_tag":[],"class_list":{"0":"post-388","1":"product","2":"type-product","3":"status-publish","4":"has-post-thumbnail","6":"product_cat-mower-tedder","8":"first","9":"instock","10":"shipping-taxable","11":"product-type-simple"},"_links":{"self":[{"href":"https:\/\/square-balers.com\/pt\/wp-json\/wp\/v2\/product\/388","targetHints":{"allow":["GET"]}}],"collection":[{"href":"https:\/\/square-balers.com\/pt\/wp-json\/wp\/v2\/product"}],"about":[{"href":"https:\/\/square-balers.com\/pt\/wp-json\/wp\/v2\/types\/product"}],"wp:featuredmedia":[{"embeddable":true,"href":"https:\/\/square-balers.com\/pt\/wp-json\/wp\/v2\/media\/389"}],"wp:attachment":[{"href":"https:\/\/square-balers.com\/pt\/wp-json\/wp\/v2\/media?parent=388"}],"wp:term":[{"taxonomy":"product_brand","embeddable":true,"href":"https:\/\/square-balers.com\/pt\/wp-json\/wp\/v2\/product_brand?post=388"},{"taxonomy":"product_cat","embeddable":true,"href":"https:\/\/square-balers.com\/pt\/wp-json\/wp\/v2\/product_cat?post=388"},{"taxonomy":"product_tag","embeddable":true,"href":"https:\/\/square-balers.com\/pt\/wp-json\/wp\/v2\/product_tag?post=388"}],"curies":[{"name":"wp","href":"https:\/\/api.w.org\/{rel}","templated":true}]}}