{"id":419,"date":"2025-12-19T03:31:38","date_gmt":"2025-12-19T03:31:38","guid":{"rendered":"https:\/\/square-balers.com\/?post_type=product&#038;p=419"},"modified":"2025-12-22T01:48:50","modified_gmt":"2025-12-22T01:48:50","slug":"9lzy-9-0-ancinho-de-roda-de-dedo","status":"publish","type":"product","link":"https:\/\/square-balers.com\/pt\/produto\/9lzy-9-0-ancinho-de-roda-de-dedo\/","title":{"rendered":"Ancinho de roda de dedo 9LZY-9.0"},"content":{"rendered":"<p>O Ancinho de Rodas com Dedos 9LZY-9.0 \u00e9 uma ferramenta essencial para a agricultura, desempenhando um papel crucial na coleta de feno, principalmente durante o processo de rastelagem. Projetado para uso agr\u00edcola eficiente, este ancinho oferece as melhores solu\u00e7\u00f5es para a colheita de feno em larga escala, proporcionando durabilidade e desempenho incompar\u00e1veis. Seja voc\u00ea um agricultor ou um prestador de servi\u00e7os, o Ancinho de Rodas com Dedos 9LZY-9.0 \u00e9 a escolha ideal para maximizar a produtividade nas opera\u00e7\u00f5es de coleta de feno.<\/p>\n<h2>Especifica\u00e7\u00f5es t\u00e9cnicas<\/h2>\n<table style=\"border-color: #000000;\">\n<thead>\n<tr>\n<th>Par\u00e2metros principais<\/th>\n<th>Detalhes<\/th>\n<\/tr>\n<\/thead>\n<tbody>\n<tr>\n<td>Tipo de equipamento<\/td>\n<td>Ancinho de tra\u00e7\u00e3o com roda de dedo (Modelo 9LZY-9.0)<\/td>\n<\/tr>\n<tr>\n<td>Modo de conex\u00e3o<\/td>\n<td>Tipo de tra\u00e7\u00e3o<\/td>\n<\/tr>\n<tr>\n<td>Pot\u00eancia de correspond\u00eancia necess\u00e1ria<\/td>\n<td>50\u201355 kW<\/td>\n<\/tr>\n<tr>\n<td>Dimens\u00f5es operacionais (C\u00d7L\u00d7A)<\/td>\n<td>8,4\u00d711\u00d71,75m<\/td>\n<\/tr>\n<tr>\n<td>Peso da m\u00e1quina<\/td>\n<td>1100 kg<\/td>\n<\/tr>\n<tr>\n<td>Largura operacional<\/td>\n<td>9m<\/td>\n<\/tr>\n<tr>\n<td>Velocidade de opera\u00e7\u00e3o<\/td>\n<td>8\u201310 km\/h<\/td>\n<\/tr>\n<tr>\n<td>Velocidade de transporte<\/td>\n<td>12 km\/h<\/td>\n<\/tr>\n<tr>\n<td>N\u00famero de rodas de dedo<\/td>\n<td>15<\/td>\n<\/tr>\n<tr>\n<td>N\u00famero de dentes<\/td>\n<td>900 (60 dentes por roda \u00d7 15 rodas)<\/td>\n<\/tr>\n<tr>\n<td>Requisitos do operador<\/td>\n<td>1 pessoa<\/td>\n<\/tr>\n<tr>\n<td>Largura da leira<\/td>\n<td>0,8\u20131,2 m<\/td>\n<\/tr>\n<tr>\n<td>Taxa de perda por rastelagem<\/td>\n<td>\u22642%<\/td>\n<\/tr>\n<tr>\n<td>Produtividade<\/td>\n<td>7,2\u20139 hm\u00b2\/h<\/td>\n<\/tr>\n<\/tbody>\n<\/table>\n<h2>Defini\u00e7\u00e3o do produto<\/h2>\n<p>O Ancinho de Rodas com Dedos 9LZY-9.0 \u00e9 uma m\u00e1quina agr\u00edcola de alto desempenho projetada para tarefas de enleiramento de feno. Este produto utiliza m\u00faltiplas rodas com dedos para coletar e organizar o feno de forma eficiente em leiras organizadas, prontas para colheita e armazenamento. A m\u00e1quina garante excelente opera\u00e7\u00e3o em diversos tipos de terreno e pode lidar com diferentes tipos de feno com facilidade, tornando-se uma escolha confi\u00e1vel para opera\u00e7\u00f5es agr\u00edcolas em larga escala.<\/p>\n<h2>Problemas que resolve e suas aplica\u00e7\u00f5es<\/h2>\n<p>O ancinho de rodas com dedos 9LZY-9.0 foi projetado para solucionar diversos desafios comuns na colheita de feno. Entre eles:<\/p>\n<ul>\n<li>Garantir a coleta e organiza\u00e7\u00e3o eficientes do feno para facilitar o transporte.<\/li>\n<li>Reduzir os custos de m\u00e3o de obra acelerando o processo de recolhimento do feno.<\/li>\n<li>Proporcionando flexibilidade para se adaptar a diferentes tipos de feno e terrenos variados.<\/li>\n<li>Minimizar a perda de feno durante o processo de recolhimento, que costuma ser uma preocupa\u00e7\u00e3o nos m\u00e9todos tradicionais.<\/li>\n<\/ul>\n<p>Este ancinho \u00e9 usado principalmente para recolher feno, mas tamb\u00e9m pode ser adaptado para outras aplica\u00e7\u00f5es agr\u00edcolas, como recolher grama, palha e outras culturas semelhantes. Sua funcionalidade vers\u00e1til o torna uma ferramenta essencial para fazendas modernas em todo o mundo.<\/p>\n<h2>Vantagens do produto<\/h2>\n<ul>\n<li><strong>Coleta eficiente de feno:<\/strong> O design inovador do ancinho permite um recolhimento r\u00e1pido e eficiente, aumentando a produtividade e economizando tempo durante a \u00e9poca da colheita.<\/li>\n<li><strong>Constru\u00e7\u00e3o dur\u00e1vel:<\/strong> Fabricado com materiais de alta qualidade, o ancinho garante um desempenho duradouro mesmo sob uso intenso em ambientes agr\u00edcolas adversos.<\/li>\n<li><strong>Adaptabilidade flex\u00edvel:<\/strong> O ancinho pode ser ajustado para diversas posi\u00e7\u00f5es das rodas, garantindo seu funcionamento eficaz em diferentes tipos de terreno e com uma variedade de tipos de feno.<\/li>\n<li><strong>Opera\u00e7\u00e3o com boa rela\u00e7\u00e3o custo-benef\u00edcio:<\/strong> Com manuten\u00e7\u00e3o m\u00ednima e pe\u00e7as dur\u00e1veis, o ancinho reduz a necessidade de reparos frequentes, tornando-se um investimento economicamente vantajoso para os agricultores.<\/li>\n<li><strong>F\u00e1cil de usar:<\/strong> O design simples, por\u00e9m robusto, permite que agricultores e operadores usem o ancinho facilmente com treinamento ou experi\u00eancia m\u00ednimos.<\/li>\n<\/ul>\n<h2>Princ\u00edpio de funcionamento do ancinho de dedo 9LZY-9.0 Ancinho de dedo<\/h2>\n<p>O princ\u00edpio de funcionamento do Ancinho de Rodas de Dedos 9LZY-9.0 baseia-se na utiliza\u00e7\u00e3o eficiente de rodas de dedos girat\u00f3rias que varrem o feno para formar leiras. \u00c0 medida que a m\u00e1quina \u00e9 rebocada por um trator, as rodas de dedos giram a uma velocidade controlada, penteando o feno e reunindo-o em uma fileira organizada. O \u00e2ngulo e a altura do ancinho podem ser ajustados para se adequarem a diferentes condi\u00e7\u00f5es, garantindo a coleta ideal do feno sem danificar a colheita. O design do ancinho minimiza a perda de colheita, ao mesmo tempo que facilita a coleta e o transporte.<\/p>\n<h2>Principais cen\u00e1rios de aplica\u00e7\u00e3o<\/h2>\n<p>O ancinho de rodas com dedos 9LZY-9.0 \u00e9 mais comumente usado nos seguintes cen\u00e1rios agr\u00edcolas:<\/p>\n<ul>\n<li><strong>Colheita de feno:<\/strong> Ideal para criar leiras durante a colheita do feno em pastagens e campos.<\/li>\n<li><strong>Cole\u00e7\u00e3o de palha:<\/strong> Adequado para recolher palha ap\u00f3s a colheita de gr\u00e3os, reduzindo o tempo de trabalho no campo.<\/li>\n<li><strong>Rastelar a grama:<\/strong> Ideal para organizar e recolher feno para silagem ou manejo de pastagens.<\/li>\n<li><strong>Cole\u00e7\u00e3o de inverno:<\/strong> Eficiente para rastelar e recolher culturas de inverno como alfafa ou trevo.<\/li>\n<li><strong>Agricultura em larga escala:<\/strong> Projetado para uso em fazendas comerciais e grandes opera\u00e7\u00f5es agr\u00edcolas que exigem maquin\u00e1rio pesado.<\/li>\n<li><strong>Controle de grama e ervas daninhas:<\/strong> Auxilia na coleta de grama e ervas daninhas para facilitar o descarte ou a compostagem em pr\u00e1ticas de agricultura org\u00e2nica.<\/li>\n<\/ul>\n<h2>Como escolher o ancinho de dedo certo9LZY-9.0 Ancinho de dedo<\/h2>\n<p>Ao selecionar um ancinho de rodas com dedos 9LZY-9.0, \u00e9 importante considerar os seguintes fatores:<\/p>\n<ul>\n<li><strong>Tamanho do campo:<\/strong> Escolha um ancinho adequado ao tamanho do seu campo para garantir a m\u00e1xima efici\u00eancia. Um ancinho maior cobrir\u00e1 uma \u00e1rea maior em menos tempo.<\/li>\n<li><strong>Tipo de terreno:<\/strong> Se o seu campo tiver terreno irregular ou acidentado, procure um ancinho que possa ser ajustado em altura e \u00e2ngulo para lidar com essas condi\u00e7\u00f5es.<\/li>\n<li><strong>Compatibilidade com tratores:<\/strong> Certifique-se de que o ancinho seja compat\u00edvel com o sistema de engate do seu trator para garantir o funcionamento adequado.<\/li>\n<li><strong>Configura\u00e7\u00e3o da roda de rastelo:<\/strong> Considere o n\u00famero de rodas e sua configura\u00e7\u00e3o. Um n\u00famero maior de rodas pode melhorar a efici\u00eancia da coleta.<\/li>\n<li><strong>Durabilidade:<\/strong> Procure um ancinho feito com materiais de alta qualidade para garantir que ele suporte as exig\u00eancias do uso agr\u00edcola pesado.<\/li>\n<li><strong>Facilidade de manuten\u00e7\u00e3o:<\/strong> Um ancinho que seja f\u00e1cil de reparar e manter economizar\u00e1 tempo e reduzir\u00e1 o custo total de propriedade.<\/li>\n<\/ul>\n<h2>M\u00e9todos de manuten\u00e7\u00e3o para ancinho de rodas de dedo 9LZY-9.0 Ancinho de rodas de dedo<\/h2>\n<p>A manuten\u00e7\u00e3o adequada do seu ancinho de dedo Finger Wheel Rake9LZY-9.0 garante sua longevidade e desempenho ideal. Abaixo est\u00e3o algumas pr\u00e1ticas essenciais de manuten\u00e7\u00e3o:<\/p>\n<ul>\n<li><strong>Inspe\u00e7\u00e3o regular:<\/strong> Verifique periodicamente as rodas, os dentes e a estrutura do ancinho quanto a desgaste. Substitua imediatamente quaisquer pe\u00e7as danificadas ou desgastadas para evitar maiores danos.<\/li>\n<li><strong>Lubrifica\u00e7\u00e3o:<\/strong> Certifique-se de que todas as pe\u00e7as m\u00f3veis, como os eixos e juntas das rodas, estejam devidamente lubrificadas para reduzir o atrito e evitar a ferrugem.<\/li>\n<li><strong>Limpeza:<\/strong> Ap\u00f3s cada utiliza\u00e7\u00e3o, limpe bem o ancinho para remover a sujidade, os detritos e os restos de colheita, que podem obstruir as partes m\u00f3veis e reduzir a efici\u00eancia.<\/li>\n<li><strong>Aperto dos parafusos:<\/strong> Verifique e aperte regularmente quaisquer parafusos ou porcas soltos para evitar falhas mec\u00e2nicas durante o funcionamento.<\/li>\n<li><strong>Armazenar:<\/strong> Quando n\u00e3o estiver em uso, guarde o ancinho em local seco e abrigado para proteg\u00ea-lo das intemp\u00e9ries e da corros\u00e3o.<\/li>\n<\/ul>\n<h2>Avalia\u00e7\u00f5es de clientes<\/h2>\n<p>\"O ancinho de dedo com roda 9LZY-9.0 \u00e9 uma ferramenta excelente para a nossa fazenda. Usamos em todas as temporadas para recolher o feno e ele nunca decepciona. O processo de recolhimento \u00e9 muito mais r\u00e1pido em compara\u00e7\u00e3o com os nossos antigos m\u00e9todos manuais. Recomendo fortemente para qualquer pessoa com uma opera\u00e7\u00e3o em grande escala!\"<\/p>\n<p><strong>John Adams, EUA<\/strong><\/p>\n<p>\u201cEste ancinho fez uma enorme diferen\u00e7a na nossa coleta de feno. \u00c9 simples de usar e n\u00e3o requer muita manuten\u00e7\u00e3o. A qualidade de constru\u00e7\u00e3o \u00e9 s\u00f3lida e notamos uma redu\u00e7\u00e3o nos nossos custos operacionais desde que come\u00e7amos a us\u00e1-lo.\u201d<\/p>\n<p><strong>Marko Petrovic, S\u00e9rvia<\/strong><\/p>\n<p>\u201cEstamos usando o ancinho de rodas Finger Wheel 9LZY-9.0 h\u00e1 mais de um ano e ele tem sido \u00f3timo. O ancinho se ajusta perfeitamente aos nossos campos e lida com facilidade tanto com terrenos acidentados quanto planos. Um excelente investimento para nossa fazenda.\u201d<\/p>\n<p><strong>Alicia Lopez, Espanha<\/strong><\/p>\n<p>\u201cEsta \u00e9 uma das melhores ferramentas agr\u00edcolas que j\u00e1 compramos. O ancinho recolhe o feno de forma r\u00e1pida e eficiente, e o nosso trabalho no campo \u00e9 feito na metade do tempo que lev\u00e1vamos antes. Estamos muito satisfeitos com o desempenho.\u201d<\/p>\n<p><strong>John Robertson, Canad\u00e1<\/strong><\/p>\n<p>\u201cComo pequeno agricultor, este ancinho ajudou a reduzir significativamente nosso trabalho. \u00c9 f\u00e1cil de operar e mant\u00e9m nosso feno em \u00f3timas condi\u00e7\u00f5es para armazenamento. Eu recomendaria este produto a qualquer pessoa no setor agr\u00edcola.\u201d<\/p>\n<p><strong>Emma Thomas, Austr\u00e1lia<\/strong><\/p>\n<h2>Por que escolher nosso produto?<\/h2>\n<p>Nosso ancinho de rodas com dedos 9LZY-9.0 \u00e9 a melhor escolha para as suas necessidades agr\u00edcolas pelos seguintes motivos:<\/p>\n<ul>\n<li><strong>Personaliza\u00e7\u00e3o r\u00e1pida:<\/strong> Oferecemos servi\u00e7os de personaliza\u00e7\u00e3o r\u00e1pida para atender \u00e0s suas necessidades espec\u00edficas.<\/li>\n<li><strong>Suporte de servi\u00e7o robusto:<\/strong> Nossa dedicada equipe de atendimento ao cliente est\u00e1 sempre dispon\u00edvel para ajud\u00e1-lo(a) com quaisquer d\u00favidas ou problemas.<\/li>\n<li><strong>Garantia de 3 anos:<\/strong> Nosso produto vem com garantia de tr\u00eas anos, garantindo tranquilidade e durabilidade a longo prazo.<\/li>\n<li><strong>Envio internacional:<\/strong> Oferecemos entrega r\u00e1pida em todo o mundo, garantindo que seu pedido chegue at\u00e9 voc\u00ea prontamente.<\/li>\n<li><strong>Suporte p\u00f3s-venda completo:<\/strong> Desde a instala\u00e7\u00e3o at\u00e9 a manuten\u00e7\u00e3o, oferecemos suporte p\u00f3s-venda completo para garantir o bom funcionamento do seu equipamento.<\/li>\n<\/ul>\n<h2>Explore mais produtos<\/h2>\n<p>Al\u00e9m do Ancinho de Rodas com Dedos 9LZY-9.0, oferecemos uma ampla gama de outras m\u00e1quinas agr\u00edcolas e acess\u00f3rios. Orgulhamo-nos da nossa robusta capacidade de produ\u00e7\u00e3o, produtos de alta qualidade e pre\u00e7os competitivos. O nosso servi\u00e7o focado no cliente garante que cada produto atenda \u00e0s suas necessidades espec\u00edficas. Explore a nossa cole\u00e7\u00e3o e entre em contato conosco hoje mesmo para comprar ou obter mais informa\u00e7\u00f5es sobre os nossos produtos.<\/p>\n<h2>Perguntas frequentes<\/h2>\n<p><strong>Para que serve o ancinho de dedo Finger Wheel Rake9LZY-9.0?<\/strong><\/p>\n<p>O <a href=\"https:\/\/square-balers.com\/pt\/produto\/9lzd-9-0-ancinho-de-roda-de-dedo\/\">Ancinho de roda de dedo<\/a> A 9LZY-9.0 \u00e9 usada principalmente para recolher feno, mas tamb\u00e9m pode ser usada para recolher outras culturas, como palha, grama e ervas daninhas. Ela ajuda os agricultores a coletar feno de forma r\u00e1pida e eficiente em leiras organizadas para posterior processamento ou armazenamento.<\/p>\n<p><strong>Como fa\u00e7o para ajustar o rastelo para diferentes tipos de terreno?<\/strong><\/p>\n<p>O ancinho possui rodas com posi\u00e7\u00e3o ajust\u00e1vel, permitindo sua adapta\u00e7\u00e3o a diversos tipos de terreno. Basta ajustar o \u00e2ngulo e a altura do ancinho para se adequar a terrenos acidentados ou irregulares e garantir o melhor desempenho.<\/p>\n<p><strong>Que tipo de manuten\u00e7\u00e3o requer o ancinho de rodas com dedos?<\/strong><\/p>\n<p>A manuten\u00e7\u00e3o regular do ancinho de rodas inclui a lubrifica\u00e7\u00e3o das pe\u00e7as m\u00f3veis, a inspe\u00e7\u00e3o de desgaste, a limpeza, o aperto dos parafusos e o armazenamento adequado quando n\u00e3o estiver em uso.<\/p>\n<p><strong>Posso usar o ancinho em diferentes tipos de feno?<\/strong><\/p>\n<p>Sim, o ancinho de dedo com roda 9LZY-9.0 \u00e9 vers\u00e1til e pode ser usado em v\u00e1rios tipos de feno, incluindo alfafa, trevo e grama. Suas configura\u00e7\u00f5es ajust\u00e1veis \u200b\u200bajudam no manuseio de diferentes condi\u00e7\u00f5es de feno.<\/p>\n<p><strong>O ancinho \u00e9 compat\u00edvel com todos os tratores?<\/strong><\/p>\n<p>A maioria dos tratores pode ser usada com o ancinho de rodas Finger Wheel 9LZY-9.0, desde que sejam compat\u00edveis com o sistema de engate do ancinho. \u00c9 importante garantir que o trator tenha a pot\u00eancia adequada para rebocar o ancinho de forma eficaz.<\/p>\n<p>editado por gzl<\/p>\n<p>&nbsp;<\/p>","protected":false},"excerpt":{"rendered":"<p>Descubra o ancinho de dedo 9LZY-9.0 \u2013 uma ferramenta de alto desempenho para recolher feno e palha com efici\u00eancia. Projetado para durabilidade e precis\u00e3o, este ancinho garante uma distribui\u00e7\u00e3o uniforme e eficaz. Perfeito para agricultores que buscam aumentar a produtividade e economizar tempo. Adquira o seu hoje mesmo e experimente a qualidade superior em cada ancinho!<\/p>","protected":false},"featured_media":420,"template":"","meta":{"_et_pb_use_builder":"","_et_pb_old_content":"","_et_gb_content_width":""},"product_brand":[],"product_cat":[23],"product_tag":[],"class_list":{"0":"post-419","1":"product","2":"type-product","3":"status-publish","4":"has-post-thumbnail","6":"product_cat-mower-tedder","8":"first","9":"instock","10":"shipping-taxable","11":"product-type-simple"},"_links":{"self":[{"href":"https:\/\/square-balers.com\/pt\/wp-json\/wp\/v2\/product\/419","targetHints":{"allow":["GET"]}}],"collection":[{"href":"https:\/\/square-balers.com\/pt\/wp-json\/wp\/v2\/product"}],"about":[{"href":"https:\/\/square-balers.com\/pt\/wp-json\/wp\/v2\/types\/product"}],"wp:featuredmedia":[{"embeddable":true,"href":"https:\/\/square-balers.com\/pt\/wp-json\/wp\/v2\/media\/420"}],"wp:attachment":[{"href":"https:\/\/square-balers.com\/pt\/wp-json\/wp\/v2\/media?parent=419"}],"wp:term":[{"taxonomy":"product_brand","embeddable":true,"href":"https:\/\/square-balers.com\/pt\/wp-json\/wp\/v2\/product_brand?post=419"},{"taxonomy":"product_cat","embeddable":true,"href":"https:\/\/square-balers.com\/pt\/wp-json\/wp\/v2\/product_cat?post=419"},{"taxonomy":"product_tag","embeddable":true,"href":"https:\/\/square-balers.com\/pt\/wp-json\/wp\/v2\/product_tag?post=419"}],"curies":[{"name":"wp","href":"https:\/\/api.w.org\/{rel}","templated":true}]}}