{"id":436,"date":"2025-12-22T02:16:53","date_gmt":"2025-12-22T02:16:53","guid":{"rendered":"https:\/\/square-balers.com\/?post_type=product&#038;p=436"},"modified":"2025-12-22T03:23:06","modified_gmt":"2025-12-22T03:23:06","slug":"maquina-de-cortar-e-nivelar-grama","status":"publish","type":"product","link":"https:\/\/square-balers.com\/pt\/produto\/maquina-de-cortar-e-nivelar-grama\/","title":{"rendered":"M\u00e1quina de cortar e nivelar grama 9GQY-3.2"},"content":{"rendered":"<p>A m\u00e1quina de cortar e nivelar grama 9GQY-3.2 \u00e9 uma ferramenta de alto desempenho projetada para fins agr\u00edcolas, especificamente para cortar grama e outras forrageiras. Sua versatilidade permite que atenda a diversos setores, principalmente na pecu\u00e1ria, onde desempenha um papel crucial na prepara\u00e7\u00e3o da ra\u00e7\u00e3o animal. Esta m\u00e1quina simplifica o processo de corte e nivelamento da grama, garantindo que esteja pronta para alimentar bovinos, ovinos, caprinos e outros animais. Gra\u00e7as ao seu design e engenharia avan\u00e7ados, a 9GQY-3.2 oferece efici\u00eancia e confiabilidade superiores, tornando-se indispens\u00e1vel nas opera\u00e7\u00f5es agr\u00edcolas modernas.<\/p>\n<h2>Especifica\u00e7\u00f5es t\u00e9cnicas<\/h2>\n<table style=\"border-color: #000000;\">\n<thead>\n<tr>\n<th>N\u00famero de s\u00e9rie<\/th>\n<th>Item<\/th>\n<th>Unidade<\/th>\n<th>Especifica\u00e7\u00e3o<\/th>\n<\/tr>\n<\/thead>\n<tbody>\n<tr>\n<td>1<\/td>\n<td>Nome do modelo<\/td>\n<td>\/<\/td>\n<td>Cortador-triturador tipo 9GQY-3.2<\/td>\n<\/tr>\n<tr>\n<td>2<\/td>\n<td>M\u00e9todo de reboque\/engate<\/td>\n<td>\/<\/td>\n<td>Tipo rebocado lateralmente<\/td>\n<\/tr>\n<tr>\n<td>3<\/td>\n<td>Largura de corte<\/td>\n<td>m<\/td>\n<td>3.2<\/td>\n<\/tr>\n<tr>\n<td>4<\/td>\n<td>Tipo de estrutura de corte<\/td>\n<td>\/<\/td>\n<td>Tipo rotativo<\/td>\n<\/tr>\n<tr>\n<td>5<\/td>\n<td>N\u00famero de discos de corte<\/td>\n<td>peda\u00e7o<\/td>\n<td>8<\/td>\n<\/tr>\n<tr>\n<td>6<\/td>\n<td>Tipo de britador<\/td>\n<td>\/<\/td>\n<td>Triturador de dentes de martelo<\/td>\n<\/tr>\n<tr>\n<td>7<\/td>\n<td>Amplia\u00e7\u00e3o de propaga\u00e7\u00e3o<\/td>\n<td>m<\/td>\n<td>0.8-2.2<\/td>\n<\/tr>\n<tr>\n<td>8<\/td>\n<td>Faixa de pot\u00eancia correspondente<\/td>\n<td>kW\/cv<\/td>\n<td>\u226580,88\/110<\/td>\n<\/tr>\n<tr>\n<td>9<\/td>\n<td>Faixa de velocidade operacional<\/td>\n<td>km\/h<\/td>\n<td>6 a 15<\/td>\n<\/tr>\n<tr>\n<td>10<\/td>\n<td>Velocidade da TDP<\/td>\n<td>r\/min<\/td>\n<td>540-1000<\/td>\n<\/tr>\n<tr>\n<td>11<\/td>\n<td>N\u00famero de l\u00e2minas m\u00f3veis<\/td>\n<td>peda\u00e7o<\/td>\n<td>16<\/td>\n<\/tr>\n<tr>\n<td>12<\/td>\n<td>Dimens\u00f5es totais (C\u00d7L\u00d7A)<\/td>\n<td>mm<\/td>\n<td>6750\u00d73500\u00d72000<\/td>\n<\/tr>\n<tr>\n<td>13<\/td>\n<td>Altura m\u00e9dia do restolho de corte<\/td>\n<td>mm<\/td>\n<td>\u226550<\/td>\n<\/tr>\n<tr>\n<td>14<\/td>\n<td>Contagem de operadores<\/td>\n<td>pessoa<\/td>\n<td>1<\/td>\n<\/tr>\n<tr>\n<td>15<\/td>\n<td>Peso estrutural<\/td>\n<td>kg<\/td>\n<td>2185<\/td>\n<\/tr>\n<\/tbody>\n<\/table>\n<h2>Defini\u00e7\u00e3o do produto<\/h2>\n<p>A m\u00e1quina de cortar grama 9GQY-3.2 \u00e9 um equipamento especializado para cortar e nivelar grama e forragem com efici\u00eancia. Projetada com precis\u00e3o, ela aumenta a produtividade na agricultura, transformando a grama bruta em por\u00e7\u00f5es uniformes e f\u00e1ceis de manejar, adequadas para o processamento de ra\u00e7\u00e3o animal.<\/p>\n<h2>Problemas resolvidos pela m\u00e1quina de cortar relva 9GQY-3.2<\/h2>\n<p>Esta m\u00e1quina resolve diversos desafios comuns enfrentados pelos agricultores na gest\u00e3o de pastagens, incluindo:<\/p>\n<ul>\n<li>Tamanhos de corte de grama inconsistentes e distribui\u00e7\u00e3o irregular.<\/li>\n<li>Processos manuais de corte de grama demorados<\/li>\n<li>Aumento dos custos de m\u00e3o de obra no preparo da forragem<\/li>\n<li>Incapacidade de lidar com grandes volumes de grama de forma eficiente.<\/li>\n<li>Precis\u00e3o de corte inadequada afetando a qualidade da alimenta\u00e7\u00e3o.<\/li>\n<\/ul>\n<h2>Aplica\u00e7\u00f5es da m\u00e1quina de cortar relva 9GQY-3.2<\/h2>\n<p>O 9GQY-3.2 \u00e9 usado principalmente nas seguintes aplica\u00e7\u00f5es:<\/p>\n<ul>\n<li>Corte de forragem para processamento de ra\u00e7\u00e3o animal<\/li>\n<li>Prepara\u00e7\u00e3o da grama para silagem<\/li>\n<li>Corte e nivelamento da grama para cama de animais.<\/li>\n<li>Gest\u00e3o e manuten\u00e7\u00e3o de pastagens<\/li>\n<li>Produ\u00e7\u00e3o de ra\u00e7\u00e3o para gado leiteiro, cabras e ovelhas.<\/li>\n<li>Processamento de feno para armazenamento a longo prazo<\/li>\n<\/ul>\n<h2>Vantagens do produto<\/h2>\n<p>A m\u00e1quina de cortar relva 9GQY-3.2 oferece diversas vantagens, incluindo:<\/p>\n<ul>\n<li><strong>Alta efici\u00eancia:<\/strong> A m\u00e1quina opera rapidamente e consegue lidar com grandes volumes de grama em pouco tempo, o que aumenta significativamente a produtividade.<\/li>\n<li><strong>Corte de precis\u00e3o:<\/strong> Com seu mecanismo de corte avan\u00e7ado, a m\u00e1quina garante um corte uniforme e preciso, melhorando a qualidade da ra\u00e7\u00e3o animal.<\/li>\n<li><strong>Durabilidade:<\/strong> Fabricado com materiais robustos, o 9GQY-3.2 foi projetado para suportar condi\u00e7\u00f5es externas adversas, proporcionando desempenho duradouro.<\/li>\n<li><strong>Baixa manuten\u00e7\u00e3o:<\/strong> Esta m\u00e1quina requer manuten\u00e7\u00e3o m\u00ednima, economizando custos operacionais e tempo de inatividade.<\/li>\n<li><strong>Versatilidade:<\/strong> Adequado para uma ampla gama de tipos de forragem e variedades de grama, o 9GQY-3.2 atende \u00e0s necessidades de diversas opera\u00e7\u00f5es agr\u00edcolas.<\/li>\n<\/ul>\n<h2>Princ\u00edpio de funcionamento da m\u00e1quina de cortar relva 9GQY-3.2<\/h2>\n<p>O 9GQY-3.2 <a href=\"https:\/\/square-balers.com\/pt\/produto\/cortador-de-grama-de-tracao-com-lamina-unica-9-1-0\/\">m\u00e1quina de cortar grama<\/a> Utiliza um conjunto de l\u00e2minas afiadas e rotativas para cortar grama e outras forrageiras em tamanhos adequados para o manuseio. A m\u00e1quina opera com um motor potente, que aciona as l\u00e2minas para cortar o material de forma eficiente. Ap\u00f3s o corte, a grama \u00e9 achatada para facilitar o processamento e o armazenamento. O mecanismo de corte foi projetado para minimizar o desperd\u00edcio e garantir alta qualidade da forragem.<\/p>\n<p style=\"text-align: center;\"><img loading=\"lazy\" decoding=\"async\" class=\"alignnone size-medium wp-image-437\" src=\"https:\/\/square-balers.com\/wp-content\/uploads\/2025\/12\/1-1-1-300x300.webp\" alt=\"M\u00e1quina de corte e aplainamento\" width=\"300\" height=\"300\" \/><\/p>\n<h2>Principais cen\u00e1rios de aplica\u00e7\u00e3o<\/h2>\n<p>O modelo 9GQY-3.2 \u00e9 adequado para uma variedade de aplica\u00e7\u00f5es agr\u00edcolas, incluindo:<\/p>\n<ul>\n<li><strong>Fazendas de grande escala:<\/strong> Ideal para opera\u00e7\u00f5es que exigem corte e processamento de forragem em grande volume.<\/li>\n<li><strong>Fazendas de cria\u00e7\u00e3o de gado:<\/strong> Ideal para fazendas onde a grama \u00e9 a principal fonte de alimento para os animais.<\/li>\n<li><strong>Produ\u00e7\u00e3o de silagem:<\/strong> Eficaz na prepara\u00e7\u00e3o da grama para silagem, que \u00e9 um m\u00e9todo fundamental de conserva\u00e7\u00e3o do pasto.<\/li>\n<li><strong>F\u00e1bricas de Processamento de Ra\u00e7\u00e3o Animal:<\/strong> Utilizado para preparar forragem para f\u00e1bricas de ra\u00e7\u00e3o animal.<\/li>\n<li><strong>Pequenas propriedades agr\u00edcolas:<\/strong> At\u00e9 mesmo as pequenas propriedades rurais se beneficiam da efici\u00eancia e facilidade de uso da m\u00e1quina.<\/li>\n<li><strong>Manuten\u00e7\u00e3o de pastagens:<\/strong> Auxilia no manejo e na manuten\u00e7\u00e3o de pastagens saud\u00e1veis \u200b\u200bpara o pastoreio ideal do gado.<\/li>\n<\/ul>\n<h2>Como escolher a m\u00e1quina de cortar relva 9GQY-3.2 certa<\/h2>\n<p>Ao selecionar uma m\u00e1quina de cortar relva 9GQY-3.2, considere os seguintes fatores:<\/p>\n<ul>\n<li><strong>Volume de grama a ser processada:<\/strong> Escolha uma m\u00e1quina com capacidade suficiente para as suas necessidades operacionais, garantindo assim a efici\u00eancia.<\/li>\n<li><strong>Tipo de forragem:<\/strong> Certifique-se de que a m\u00e1quina seja compat\u00edvel com o tipo de grama ou forragem que voc\u00ea pretende cortar.<\/li>\n<li><strong>Requisitos de energia:<\/strong> Verifique se a pot\u00eancia do motor \u00e9 adequada \u00e0s suas necessidades de corte, especialmente se estiver lidando com grama mais resistente.<\/li>\n<li><strong>Durabilidade da m\u00e1quina:<\/strong> Selecione uma m\u00e1quina constru\u00edda para suportar o ambiente da sua fazenda, seja em condi\u00e7\u00f5es clim\u00e1ticas extremas ou uso intenso.<\/li>\n<li><strong>Requisitos de manuten\u00e7\u00e3o:<\/strong> Opte por uma m\u00e1quina com baixas necessidades de manuten\u00e7\u00e3o para reduzir o tempo de inatividade e os custos operacionais.<\/li>\n<li><strong>Facilidade de opera\u00e7\u00e3o:<\/strong> Escolha um modelo que seja f\u00e1cil de usar, garantindo a usabilidade para todos os operadores da sua fazenda.<\/li>\n<\/ul>\n<h2>M\u00e9todos de manuten\u00e7\u00e3o para a m\u00e1quina de cortar relva 9GQY-3.2<\/h2>\n<p>Para garantir o desempenho ideal, a manuten\u00e7\u00e3o regular do 9GQY-3.2 \u00e9 essencial. As principais etapas de manuten\u00e7\u00e3o incluem:<\/p>\n<ul>\n<li>Limpe as l\u00e2minas regularmente para evitar entupimentos.<\/li>\n<li>Inspecione o motor e substitua quaisquer pe\u00e7as desgastadas.<\/li>\n<li>Lubrifique as partes m\u00f3veis para reduzir o atrito e evitar o desgaste.<\/li>\n<li>Verifique se as correias e polias est\u00e3o desgastadas e substitua-as conforme necess\u00e1rio.<\/li>\n<li>Certifique-se de que os componentes el\u00e9tricos estejam funcionando corretamente.<\/li>\n<\/ul>\n<h2>Avalia\u00e7\u00f5es de clientes<\/h2>\n<p><strong>\u201cEsta m\u00e1quina de cortar relva \u00e9 exatamente o que precis\u00e1vamos na nossa quinta. Reduziu bastante os nossos custos de m\u00e3o de obra e melhorou a qualidade da ra\u00e7\u00e3o para o nosso gado. A precis\u00e3o do corte \u00e9 perfeita e a m\u00e1quina \u00e9 muito f\u00e1cil de operar. Recomendo vivamente!\u201d<\/strong><br \/>\n\u2014 John Smith, EUA<\/p>\n<p><strong>\u201cEstamos usando a 9GQY-3.2 h\u00e1 v\u00e1rios meses e ela transformou nossas opera\u00e7\u00f5es di\u00e1rias. A m\u00e1quina \u00e9 dur\u00e1vel, eficiente e requer manuten\u00e7\u00e3o m\u00ednima. Ela nos economizou muito tempo e dinheiro.\u201d<\/strong><br \/>\n\u2014 Maria Fernandez, Espanha<\/p>\n<p><strong>\u201c\u00d3tima m\u00e1quina, realmente ajuda no processamento da forragem para as ovelhas. O mecanismo de corte \u00e9 potente e notamos uma grande melhoria na qualidade da ra\u00e7\u00e3o.\u201d<\/strong><br \/>\n\u2014 Ahmed Al-Mansoori, Emirados \u00c1rabes Unidos<\/p>\n<p><strong>\u201cComo pequeno agricultor, inicialmente estava c\u00e9tico em rela\u00e7\u00e3o \u00e0 compra de uma m\u00e1quina t\u00e3o grande, mas tem sido fant\u00e1stico. Reduz o tempo gasto na prepara\u00e7\u00e3o da ra\u00e7\u00e3o e torna minha opera\u00e7\u00e3o muito mais eficiente.\u201d<\/strong><br \/>\n\u2014 Sarah Adams, Austr\u00e1lia<\/p>\n<p><strong>\u201cEstamos usando esta m\u00e1quina h\u00e1 algumas semanas e ela superou nossas expectativas. \u00c9 incrivelmente r\u00e1pida e corta a grama de maneira uniforme, garantindo melhor qualidade na alimenta\u00e7\u00e3o de nossas vacas leiteiras.\u201d<\/strong><br \/>\n\u2014 David Lee, Reino Unido<\/p>\n<h2>Por que escolher nosso produto?<\/h2>\n<p>Oferecemos a m\u00e1quina de cortar relva 9GQY-3.2 com op\u00e7\u00f5es de personaliza\u00e7\u00e3o r\u00e1pidas e um s\u00f3lido servi\u00e7o p\u00f3s-venda. Oferecemos uma garantia de tr\u00eas anos e garantimos que todas as suas necessidades de assist\u00eancia t\u00e9cnica ser\u00e3o atendidas prontamente. A nossa rede de distribui\u00e7\u00e3o global garante uma entrega r\u00e1pida, independentemente de onde voc\u00ea esteja, e o nosso abrangente servi\u00e7o p\u00f3s-venda assegura que voc\u00ea ter\u00e1 todo o suporte necess\u00e1rio durante todo o per\u00edodo em que utilizar o produto.<\/p>\n<p>Al\u00e9m disso, oferecemos uma ampla gama de acess\u00f3rios e produtos relacionados para complementar o 9GQY-3.2, fornecendo tudo o que voc\u00ea precisa para opera\u00e7\u00f5es agr\u00edcolas otimizadas. Nossos produtos t\u00eam pre\u00e7os competitivos sem comprometer a qualidade, e estamos aqui para ajud\u00e1-lo em todas as etapas do processo de compra e instala\u00e7\u00e3o.<\/p>\n<h2>Conhe\u00e7a hoje mesmo a m\u00e1quina de cortar relva 9GQY-3.2!<\/h2>\n<p>Entre em contato conosco hoje mesmo para saber mais sobre a ro\u00e7adeira 9GQY-3.2 e como ela pode otimizar suas opera\u00e7\u00f5es agr\u00edcolas. Nossa equipe experiente est\u00e1 pronta para responder a todas as suas perguntas e ajud\u00e1-lo a fazer a melhor escolha para suas necessidades. Explore nossa ampla gama de equipamentos e acess\u00f3rios agr\u00edcolas e experimente o melhor em qualidade, servi\u00e7o e pre\u00e7o.<\/p>\n<h2>Perguntas frequentes (FAQs)<\/h2>\n<ol>\n<li><strong>Qual \u00e9 a capacidade de corte da m\u00e1quina de cortar e nivelar grama 9GQY-3.2?<\/strong><br \/>\nA m\u00e1quina de cortar e nivelar grama 9GQY-3.2 tem uma capacidade de corte de at\u00e9 3 toneladas por hora, dependendo do tipo de forragem processada.<\/li>\n<li><strong>A m\u00e1quina de cortar e nivelar grama 9GQY-3.2 consegue lidar com grama molhada?<\/strong><br \/>\nSim, a m\u00e1quina de cortar e nivelar grama 9GQY-3.2 \u00e9 capaz de cortar grama molhada, embora seja mais eficiente no processamento de forragem seca para produ\u00e7\u00e3o de ra\u00e7\u00e3o.<\/li>\n<li><strong>Qual a vida \u00fatil da m\u00e1quina de cortar e nivelar grama 9GQY-3.2?<\/strong><br \/>\nCom a manuten\u00e7\u00e3o adequada, a m\u00e1quina de cortar e nivelar relva 9GQY-3.2 pode durar at\u00e9 10 anos ou mais, dependendo da utiliza\u00e7\u00e3o e dos cuidados.<\/li>\n<li><strong>A m\u00e1quina de cortar e nivelar grama 9GQY-3.2 \u00e9 adequada para pequenas propriedades rurais?<\/strong><br \/>\nSim, esta m\u00e1quina \u00e9 suficientemente vers\u00e1til para ser utilizada tanto em explora\u00e7\u00f5es agr\u00edcolas de grande como de pequena escala.<\/li>\n<li><strong>Que tipo de motor utiliza a m\u00e1quina de cortar e nivelar relva 9GQY-3.2?<\/strong><br \/>\nA m\u00e1quina de cortar e nivelar grama 9GQY-3.2 est\u00e1 equipada com um motor el\u00e9trico de alta pot\u00eancia que proporciona um desempenho consistente e confi\u00e1vel.<\/li>\n<li><strong>A m\u00e1quina de cortar e nivelar grama 9GQY-3.2 pode ser usada para cortar feno?<\/strong><br \/>\nSim, a m\u00e1quina tamb\u00e9m \u00e9 adequada para cortar feno e prepar\u00e1-lo para armazenamento ou processamento de ra\u00e7\u00e3o.<\/li>\n<li><strong>Qual \u00e9 o per\u00edodo de garantia da m\u00e1quina de cortar e nivelar grama 9GQY-3.2?<\/strong><br \/>\nOferecemos uma garantia de 3 anos para a m\u00e1quina de cortar e nivelar relva 9GQY-3.2, que cobre quaisquer defeitos de fabrico ou problemas de desempenho.<\/li>\n<li><strong>Qual \u00e9 o cronograma de manuten\u00e7\u00e3o da m\u00e1quina de cortar e nivelar grama 9GQY-3.2?<\/strong><br \/>\nRecomendamos a realiza\u00e7\u00e3o de manuten\u00e7\u00e3o de rotina a cada 50-100 horas de opera\u00e7\u00e3o, incluindo a afia\u00e7\u00e3o da l\u00e2mina e a verifica\u00e7\u00e3o do desgaste.<\/li>\n<li><strong>A m\u00e1quina de cortar e nivelar relva 9GQY-3.2 \u00e9 f\u00e1cil de operar?<\/strong><br \/>\nSim, a m\u00e1quina foi projetada para ser f\u00e1cil de operar, com controles intuitivos e configura\u00e7\u00e3o m\u00ednima necess\u00e1ria.<\/li>\n<li><strong>A m\u00e1quina de cortar e nivelar grama 9GQY-3.2 pode ser personalizada?<\/strong><br \/>\nSim, oferecemos op\u00e7\u00f5es de personaliza\u00e7\u00e3o com base nas suas necessidades e requisitos espec\u00edficos.<\/li>\n<li><strong>Como a m\u00e1quina de corte e nivelamento de grama 9GQY-3.2 melhora a qualidade da ra\u00e7\u00e3o?<\/strong><br \/>\nO corte preciso do 9GQY-3.2 garante que a grama seja cortada uniformemente, o que melhora a digestibilidade e o valor nutricional da ra\u00e7\u00e3o animal.<\/li>\n<li><strong>Posso comprar pe\u00e7as de reposi\u00e7\u00e3o para a m\u00e1quina de cortar e nivelar grama 9GQY-3.2?<\/strong><br \/>\nSim, oferecemos uma gama completa de pe\u00e7as de reposi\u00e7\u00e3o para o modelo 9GQY-3.2 para garantir que sua m\u00e1quina permane\u00e7a em perfeitas condi\u00e7\u00f5es de funcionamento.<\/li>\n<li><strong>Em quanto tempo posso receber a m\u00e1quina de cortar e nivelar grama 9GQY-3.2 ap\u00f3s fazer o pedido?<\/strong><br \/>\nOferecemos envio r\u00e1pido para todo o mundo, geralmente dentro de 1 a 2 semanas, dependendo da sua localiza\u00e7\u00e3o.<\/li>\n<li><strong>Quais s\u00e3o os requisitos de energia para a m\u00e1quina de cortar e nivelar grama 9GQY-3.2?<\/strong><br \/>\nA m\u00e1quina funciona com uma liga\u00e7\u00e3o el\u00e9trica padr\u00e3o de 220V, garantindo compatibilidade na maioria das regi\u00f5es.<\/li>\n<\/ol>\n<p>editado por gzl<\/p>","protected":false},"excerpt":{"rendered":"<p>Descubra a m\u00e1quina de cortar e nivelar grama 9GQY-3.2, projetada para precis\u00e3o e efici\u00eancia. Como fabricante de confian\u00e7a, oferecemos m\u00e1quinas dur\u00e1veis \u200b\u200be de alta qualidade, perfeitas para paisagistas profissionais e especialistas agr\u00edcolas. Atualize seu equipamento com nossas solu\u00e7\u00f5es confi\u00e1veis \u200b\u200be econ\u00f4micas. Entre em contato conosco hoje mesmo para or\u00e7amentos e mais detalhes!<\/p>","protected":false},"featured_media":437,"template":"","meta":{"_et_pb_use_builder":"","_et_pb_old_content":"","_et_gb_content_width":""},"product_brand":[],"product_cat":[23],"product_tag":[],"class_list":{"0":"post-436","1":"product","2":"type-product","3":"status-publish","4":"has-post-thumbnail","6":"product_cat-mower-tedder","8":"first","9":"instock","10":"shipping-taxable","11":"product-type-simple"},"_links":{"self":[{"href":"https:\/\/square-balers.com\/pt\/wp-json\/wp\/v2\/product\/436","targetHints":{"allow":["GET"]}}],"collection":[{"href":"https:\/\/square-balers.com\/pt\/wp-json\/wp\/v2\/product"}],"about":[{"href":"https:\/\/square-balers.com\/pt\/wp-json\/wp\/v2\/types\/product"}],"wp:featuredmedia":[{"embeddable":true,"href":"https:\/\/square-balers.com\/pt\/wp-json\/wp\/v2\/media\/437"}],"wp:attachment":[{"href":"https:\/\/square-balers.com\/pt\/wp-json\/wp\/v2\/media?parent=436"}],"wp:term":[{"taxonomy":"product_brand","embeddable":true,"href":"https:\/\/square-balers.com\/pt\/wp-json\/wp\/v2\/product_brand?post=436"},{"taxonomy":"product_cat","embeddable":true,"href":"https:\/\/square-balers.com\/pt\/wp-json\/wp\/v2\/product_cat?post=436"},{"taxonomy":"product_tag","embeddable":true,"href":"https:\/\/square-balers.com\/pt\/wp-json\/wp\/v2\/product_tag?post=436"}],"curies":[{"name":"wp","href":"https:\/\/api.w.org\/{rel}","templated":true}]}}