{"id":451,"date":"2025-12-22T03:32:57","date_gmt":"2025-12-22T03:32:57","guid":{"rendered":"https:\/\/square-balers.com\/?post_type=product&#038;p=451"},"modified":"2025-12-22T03:45:07","modified_gmt":"2025-12-22T03:45:07","slug":"4byh-d4byhs-3-9-extrator-de-feijao-carioca-6-fileiras","status":"publish","type":"product","link":"https:\/\/square-balers.com\/pt\/produto\/4byh-d4byhs-3-9-extrator-de-feijao-carioca-6-fileiras\/","title":{"rendered":"4BYH\/D4BYHS-3.9 Descascador de Feij\u00e3o-Cabo (6 Fileiras)"},"content":{"rendered":"<p>A colhedora de feij\u00e3o-carioca 4BYH\/D4BYHS-3.9 (6 linhas) \u00e9 um equipamento agr\u00edcola de \u00faltima gera\u00e7\u00e3o projetado para a colheita eficiente de feij\u00e3o-carioca. Desenvolvida para otimizar o processo de colheita, esta m\u00e1quina minimiza o tempo de trabalho e aumenta a produtividade. \u00c9 particularmente adequada para grandes propriedades rurais e colheitas comerciais de feij\u00e3o, simplificando a tarefa de coleta com precis\u00e3o e facilidade.<\/p>\n<h2>Especifica\u00e7\u00f5es t\u00e9cnicas<\/h2>\n<table style=\"border-color: #000000;\">\n<thead>\n<tr>\n<th>N\u00famero de s\u00e9rie<\/th>\n<th>Item<\/th>\n<th>Unidade<\/th>\n<th>Especifica\u00e7\u00e3o<\/th>\n<\/tr>\n<\/thead>\n<tbody>\n<tr>\n<td>1<\/td>\n<td>Nome do modelo<\/td>\n<td>\/<\/td>\n<td>Levantador de Feij\u00e3o Tipo 4BYHD\/4BYHS-3.9<\/td>\n<\/tr>\n<tr>\n<td>2<\/td>\n<td>M\u00e9todo de engate<\/td>\n<td>\/<\/td>\n<td>Tipo Montado<\/td>\n<\/tr>\n<tr>\n<td>3<\/td>\n<td>Tipo de selecionador<\/td>\n<td>\/<\/td>\n<td>Tipo de dente de mola<\/td>\n<\/tr>\n<tr>\n<td>4<\/td>\n<td>Largura de trabalho<\/td>\n<td>m<\/td>\n<td>3.9<\/td>\n<\/tr>\n<tr>\n<td>5<\/td>\n<td>Faixa de pot\u00eancia correspondente<\/td>\n<td>kW<\/td>\n<td>132-147<\/td>\n<\/tr>\n<tr>\n<td>6<\/td>\n<td>Faixa de velocidade operacional<\/td>\n<td>km\/h<\/td>\n<td>6 a 10<\/td>\n<\/tr>\n<tr>\n<td>7<\/td>\n<td>Dimens\u00f5es totais (C\u00d7L\u00d7A)<\/td>\n<td>mm<\/td>\n<td>4760\u00d74280\u00d71300<\/td>\n<\/tr>\n<tr>\n<td>8<\/td>\n<td>Velocidade da TDP<\/td>\n<td>r\/min<\/td>\n<td>540<\/td>\n<\/tr>\n<tr>\n<td>9<\/td>\n<td>Esteira da roda<\/td>\n<td>mm<\/td>\n<td>3900<\/td>\n<\/tr>\n<tr>\n<td>10<\/td>\n<td>Produtividade<\/td>\n<td>hm\u00b2\/h<\/td>\n<td>2.34-3.9<\/td>\n<\/tr>\n<tr>\n<td>11<\/td>\n<td>Contagem de operadores<\/td>\n<td>pessoa<\/td>\n<td>1<\/td>\n<\/tr>\n<tr>\n<td>12<\/td>\n<td>Peso estrutural<\/td>\n<td>kg<\/td>\n<td>1675\/1780<\/td>\n<\/tr>\n<\/tbody>\n<\/table>\n<h2>Defini\u00e7\u00e3o do produto<\/h2>\n<p>A colhedora de feij\u00e3o-carioca 4BYH\/D4BYHS-3.9 (6 linhas) \u00e9 uma m\u00e1quina de alto desempenho equipada com seis linhas para colher feij\u00e3o-carioca simultaneamente do campo. Seu design avan\u00e7ado garante danos m\u00ednimos \u00e0 lavoura e maximiza a efici\u00eancia da colheita, tornando-a uma ferramenta indispens\u00e1vel para opera\u00e7\u00f5es agr\u00edcolas em larga escala.<\/p>\n<h2>Desafios e Aplica\u00e7\u00f5es<\/h2>\n<p>Os agricultores frequentemente enfrentam desafios como altos custos de m\u00e3o de obra e inefici\u00eancia na colheita manual de feij\u00e3o-carioca. Os m\u00e9todos tradicionais s\u00e3o demorados e propensos a erros, levando \u00e0 perda de safras. A colhedora de feij\u00e3o-carioca 4BYH\/D4BYHS-3.9 resolve esses problemas ao automatizar o processo de colheita, melhorando significativamente a produtividade e a qualidade da safra.<\/p>\n<h2>Vantagens do produto<\/h2>\n<h3>1. Maior efici\u00eancia<\/h3>\n<p>O design de 6 linhas permite que a m\u00e1quina cubra uma grande \u00e1rea rapidamente, reduzindo o tempo necess\u00e1rio para a colheita. Isso a torna ideal para opera\u00e7\u00f5es agr\u00edcolas em larga escala que precisam colher feij\u00e3o-carioca em um curto per\u00edodo.<\/p>\n<h3>2. Redu\u00e7\u00e3o dos custos de m\u00e3o de obra<\/h3>\n<p>Ao automatizar o processo de colheita, a colhedora de feij\u00e3o-carioca 4BYH\/D4BYHS-3.9 minimiza a necessidade de m\u00e3o de obra manual, resultando em uma redu\u00e7\u00e3o significativa dos custos de m\u00e3o de obra ao longo do tempo.<\/p>\n<h3>3. Colheita de Precis\u00e3o<\/h3>\n<p>A m\u00e1quina foi projetada para colher feij\u00f5es causando o m\u00ednimo de danos \u00e0 planta\u00e7\u00e3o, garantindo uma colheita precisa. Isso melhora a qualidade e a produtividade geral dos feij\u00f5es colhidos.<\/p>\n<h3>4. Aplica\u00e7\u00e3o vers\u00e1til<\/h3>\n<p>Quer voc\u00ea trabalhe em uma pequena fazenda familiar ou em uma opera\u00e7\u00e3o de escala comercial, a colhedora de feij\u00e3o-carioca 4BYH\/D4BYHS-3.9 se adapta a diferentes tamanhos e necessidades de fazendas, tornando-se uma ferramenta vers\u00e1til para qualquer configura\u00e7\u00e3o agr\u00edcola.<\/p>\n<h3>5. Dur\u00e1vel e confi\u00e1vel<\/h3>\n<p>Fabricada com materiais de alta qualidade e engenharia avan\u00e7ada, a colhedora de feij\u00e3o-carioca 4BYH\/D4BYHS-3.9 foi projetada para durar v\u00e1rias safras. Sua constru\u00e7\u00e3o robusta garante confiabilidade a longo prazo e reduz a necessidade de manuten\u00e7\u00e3o.<\/p>\n<h2>Como funciona o extrator de feij\u00e3o-carioca 4BYH\/D4BYHS-3.9 (6 fileiras)<\/h2>\n<p>A colhedora de feij\u00e3o-carioca 4BYH\/D4BYHS-3.9 opera utilizando seis fileiras de bra\u00e7os de tra\u00e7\u00e3o que arrancam os feij\u00f5es-carioca do solo de forma suave, por\u00e9m eficiente. O design garante que os feij\u00f5es n\u00e3o sejam danificados e o equipamento utiliza o m\u00ednimo de energia para realizar a tarefa. Seu mecanismo de acionamento avan\u00e7ado permite a extra\u00e7\u00e3o sincronizada, o que aumenta a velocidade, mantendo a precis\u00e3o. Ap\u00f3s a extra\u00e7\u00e3o, os feij\u00f5es s\u00e3o coletados e armazenados com seguran\u00e7a para processamento posterior, minimizando as perdas na colheita.<\/p>\n<p style=\"text-align: center;\"><img loading=\"lazy\" decoding=\"async\" class=\"alignnone  wp-image-454\" src=\"https:\/\/square-balers.com\/wp-content\/uploads\/2025\/12\/ep-4BYHD4BYHS-3.9-Kidney-Bean-Puller-2-1.webp\" alt=\"Puxador de Feij\u00e3o-carioca\" width=\"407\" height=\"407\" srcset=\"https:\/\/square-balers.com\/wp-content\/uploads\/2025\/12\/ep-4BYHD4BYHS-3.9-Kidney-Bean-Puller-2-1.webp 264w, https:\/\/square-balers.com\/wp-content\/uploads\/2025\/12\/ep-4BYHD4BYHS-3.9-Kidney-Bean-Puller-2-1-150x150.webp 150w, https:\/\/square-balers.com\/wp-content\/uploads\/2025\/12\/ep-4BYHD4BYHS-3.9-Kidney-Bean-Puller-2-1-12x12.webp 12w, https:\/\/square-balers.com\/wp-content\/uploads\/2025\/12\/ep-4BYHD4BYHS-3.9-Kidney-Bean-Puller-2-1-100x100.webp 100w\" sizes=\"(max-width: 407px) 100vw, 407px\" \/><\/p>\n<h2>Principais cen\u00e1rios de aplica\u00e7\u00e3o<\/h2>\n<h3>1. Fazendas de grande escala<\/h3>\n<p>A colhedora de feij\u00e3o-carioca 4BYH\/D4BYHS-3.9 \u00e9 ideal para opera\u00e7\u00f5es agr\u00edcolas em larga escala, onde o volume de feij\u00e3o a ser colhido \u00e9 muito grande para ser gerenciado com efici\u00eancia pelo trabalho manual.<\/p>\n<h3>2. Uso Comercial<\/h3>\n<p>Esta m\u00e1quina foi projetada para a colheita comercial de feij\u00e3o, onde efici\u00eancia, velocidade e custo-benef\u00edcio s\u00e3o fundamentais para maximizar os lucros.<\/p>\n<h3>3. Pequenas Fazendas<\/h3>\n<p>Embora seja mais adequada para opera\u00e7\u00f5es de grande porte, esta m\u00e1quina tamb\u00e9m pode beneficiar pequenos agricultores que desejam aumentar sua capacidade de colheita sem os altos custos de m\u00e3o de obra associados aos m\u00e9todos manuais.<\/p>\n<h3>4. Agricultura Org\u00e2nica<\/h3>\n<p>O mecanismo de tra\u00e7\u00e3o suave, por\u00e9m eficiente, torna o 4BYH\/D4BYHS-3.9 ideal para fazendas org\u00e2nicas, onde a preserva\u00e7\u00e3o da colheita \u00e9 essencial para manter a certifica\u00e7\u00e3o org\u00e2nica.<\/p>\n<h3>5. Campos de Rota\u00e7\u00e3o de Culturas<\/h3>\n<p>Esta m\u00e1quina \u00e9 perfeita para campos que praticam rota\u00e7\u00e3o de culturas. Sua versatilidade permite o uso em diversos tipos de culturas em rota\u00e7\u00e3o, com tempo de inatividade m\u00ednimo.<\/p>\n<h3>6. Colheita em diversas condi\u00e7\u00f5es clim\u00e1ticas<\/h3>\n<p>O design da m\u00e1quina permite que ela funcione eficazmente em diversas condi\u00e7\u00f5es clim\u00e1ticas, desde climas secos at\u00e9 campos mais \u00famidos, garantindo um desempenho consistente durante toda a \u00e9poca da colheita.<\/p>\n<h2>Como escolher o extrator de feij\u00e3o 4BYH\/D4BYHS-3.9 correto<\/h2>\n<h3>1. Tamanho da fazenda<\/h3>\n<p>O tamanho da sua propriedade rural \u00e9 um fator crucial na escolha do modelo ideal. Para campos maiores, a colhedora de 6 linhas oferece a melhor efici\u00eancia, enquanto propriedades menores podem se beneficiar de um design mais compacto.<\/p>\n<h3>2. Variedades de Feij\u00e3o<\/h3>\n<p>Diferentes variedades de feij\u00e3o exigem equipamentos espec\u00edficos para uma colheita ideal. Certifique-se de que o arrancador seja compat\u00edvel com o tipo de feij\u00e3o que voc\u00ea cultiva para evitar danos \u00e0 sua planta\u00e7\u00e3o.<\/p>\n<h3>3. Requisitos de energia<\/h3>\n<p>Avalie a capacidade de pot\u00eancia da m\u00e1quina para garantir que ela seja compat\u00edvel com os equipamentos e a infraestrutura da sua fazenda. Uma fonte de energia robusta garante uma opera\u00e7\u00e3o est\u00e1vel e sem interrup\u00e7\u00f5es.<\/p>\n<h3>4. Tipo de terreno<\/h3>\n<p>Considere o tipo de terreno em que sua fazenda est\u00e1 localizada. A colhedora de feij\u00e3o-carioca 4BYH\/D4BYHS-3.9 foi projetada para lidar com diversos tipos de terreno, mas algumas modifica\u00e7\u00f5es podem ser necess\u00e1rias para campos particularmente rochosos ou irregulares.<\/p>\n<h3>5. Or\u00e7amento<\/h3>\n<p>Embora o modelo 4BYH\/D4BYHS-3.9 represente um investimento, \u00e9 fundamental avaliar sua rela\u00e7\u00e3o custo-benef\u00edcio a longo prazo. Busque modelos que se encaixem no seu or\u00e7amento e que ofere\u00e7am um alto retorno sobre o investimento por meio de maior efici\u00eancia.<\/p>\n<h3>6. Suporte p\u00f3s-venda<\/h3>\n<p>Certifique-se de que o fabricante ofere\u00e7a um servi\u00e7o p\u00f3s-venda confi\u00e1vel, incluindo manuten\u00e7\u00e3o e disponibilidade de pe\u00e7as. O suporte adequado garante que seu investimento permane\u00e7a operacional por muitas safras.<\/p>\n<h2>Manuten\u00e7\u00e3o do Extrator de Feij\u00e3o-Reino 4BYH\/D4BYHS-3.9<\/h2>\n<p>Para manter a colhedora de feij\u00e3o-carioca 4BYH\/D4BYHS-3.9 em bom estado, recomenda-se a verifica\u00e7\u00e3o regular do motor, dos bra\u00e7os de tra\u00e7\u00e3o e do sistema de transmiss\u00e3o. Limpe a m\u00e1quina ap\u00f3s cada utiliza\u00e7\u00e3o para evitar o ac\u00famulo de sujeira e lubrifique as pe\u00e7as m\u00f3veis conforme especificado no manual do usu\u00e1rio. Agende uma revis\u00e3o profissional anual para garantir o desempenho ideal, principalmente antes da \u00e9poca da colheita.<\/p>\n<p style=\"text-align: center;\"><img loading=\"lazy\" decoding=\"async\" class=\"alignnone  wp-image-455\" src=\"https:\/\/square-balers.com\/wp-content\/uploads\/2025\/12\/ep-4BYHD4BYHS-3.9-Kidney-Bean-Puller-3-1.webp\" alt=\"Puxador de Feij\u00e3o-carioca\" width=\"425\" height=\"425\" srcset=\"https:\/\/square-balers.com\/wp-content\/uploads\/2025\/12\/ep-4BYHD4BYHS-3.9-Kidney-Bean-Puller-3-1.webp 273w, https:\/\/square-balers.com\/wp-content\/uploads\/2025\/12\/ep-4BYHD4BYHS-3.9-Kidney-Bean-Puller-3-1-150x150.webp 150w, https:\/\/square-balers.com\/wp-content\/uploads\/2025\/12\/ep-4BYHD4BYHS-3.9-Kidney-Bean-Puller-3-1-12x12.webp 12w, https:\/\/square-balers.com\/wp-content\/uploads\/2025\/12\/ep-4BYHD4BYHS-3.9-Kidney-Bean-Puller-3-1-100x100.webp 100w\" sizes=\"(max-width: 425px) 100vw, 425px\" \/><\/p>\n<h2>Avalia\u00e7\u00f5es de clientes<\/h2>\n<p>\u201cA colhedora de feij\u00e3o-carioca 4BYH\/D4BYHS-3.9 revolucionou nossa fazenda. Reduzimos o trabalho manual em mais de 50 toneladas e a colheita de feij\u00e3o sofre danos m\u00ednimos. Altamente recomendada para grandes produtores!\u201d<br \/>\n\u2013 John Doe \u2013 EUA<\/p>\n<p>\u201cComo pequeno agricultor, eu estava hesitante em investir em um equipamento desse tipo. No entanto, o colhedor de 6 linhas melhorou minha efici\u00eancia e agora consigo competir com fazendas maiores. \u00c9 realmente acess\u00edvel e eficiente.\u201d<br \/>\n\u2013 Alice Green \u2013 Canad\u00e1<\/p>\n<p>\"Estou usando o debulhador de feij\u00e3o 4BYH\/D4BYHS-3.9 h\u00e1 uma temporada e ele tem funcionado perfeitamente. A m\u00e1quina \u00e9 dur\u00e1vel, f\u00e1cil de usar e economiza muito tempo. Vale cada centavo.\"<br \/>\n\u2013 Li Wei \u2013 China<\/p>\n<p>\u201cEsta m\u00e1quina \u00e9 essencial para a nossa produ\u00e7\u00e3o comercial de feij\u00e3o-carioca. Ela manuseia os gr\u00e3os com cuidado e efici\u00eancia, garantindo colheitas de alta qualidade sempre.\u201d<br \/>\n\u2013 Muhammad Ali \u2013 Egito<\/p>\n<p>\u201cDesempenho excelente e servi\u00e7o confi\u00e1vel. A m\u00e1quina funciona perfeitamente mesmo em condi\u00e7\u00f5es clim\u00e1ticas adversas, e o atendimento ao cliente da empresa foi de primeira qualidade.\u201d<br \/>\n\u2013 Katherine Black \u2013 Reino Unido<\/p>\n<h2>Por que escolher nosso produto?<\/h2>\n<p>Oferecemos servi\u00e7os de personaliza\u00e7\u00e3o r\u00e1pidos para garantir que a colhedora de feij\u00e3o-carioca 4BYH\/D4BYHS-3.9 atenda \u00e0s suas necessidades espec\u00edficas de cultivo. Nossa equipe de atendimento ao cliente altamente qualificada garante a melhor experi\u00eancia poss\u00edvel, e oferecemos uma garantia de 3 anos para sua tranquilidade. Disponibilizamos envios r\u00e1pidos para todo o mundo, atendendo a qualquer demanda de pedidos, e contamos com um sistema robusto de p\u00f3s-venda para lidar com manuten\u00e7\u00e3o e substitui\u00e7\u00e3o de pe\u00e7as de forma eficiente.<\/p>\n<h2>Promo\u00e7\u00e3o de Produtos<\/h2>\n<p>Descubra hoje mesmo a colhedora de feij\u00e3o-carioca 4BYH\/D4BYHS-3.9 e veja como ela pode transformar suas opera\u00e7\u00f5es de colheita. Nossa capacidade de produ\u00e7\u00e3o garante o atendimento aos mais altos padr\u00f5es de qualidade, e nossos pre\u00e7os competitivos a tornam uma op\u00e7\u00e3o acess\u00edvel tanto para pequenas quanto para grandes propriedades rurais. Al\u00e9m da colhedora de feij\u00e3o-carioca, tamb\u00e9m oferecemos uma variedade de acess\u00f3rios e produtos relacionados para atender a todas as suas necessidades agr\u00edcolas.<\/p>\n<p>Aja agora! Entre em contato conosco para discutir suas necessidades e fazer seu pedido. Deixe-nos ajud\u00e1-lo a otimizar sua colheita com os melhores equipamentos de colheita de feij\u00e3o-carioca dispon\u00edveis.<\/p>\n<p style=\"text-align: center;\"><img loading=\"lazy\" decoding=\"async\" class=\"alignnone  wp-image-456\" src=\"https:\/\/square-balers.com\/wp-content\/uploads\/2025\/12\/ep-4BYHD4BYHS-3.9-Kidney-Bean-Puller-4-1.webp\" alt=\"Puxador de Feij\u00e3o-carioca\" width=\"426\" height=\"426\" srcset=\"https:\/\/square-balers.com\/wp-content\/uploads\/2025\/12\/ep-4BYHD4BYHS-3.9-Kidney-Bean-Puller-4-1.webp 274w, https:\/\/square-balers.com\/wp-content\/uploads\/2025\/12\/ep-4BYHD4BYHS-3.9-Kidney-Bean-Puller-4-1-150x150.webp 150w, https:\/\/square-balers.com\/wp-content\/uploads\/2025\/12\/ep-4BYHD4BYHS-3.9-Kidney-Bean-Puller-4-1-12x12.webp 12w, https:\/\/square-balers.com\/wp-content\/uploads\/2025\/12\/ep-4BYHD4BYHS-3.9-Kidney-Bean-Puller-4-1-100x100.webp 100w\" sizes=\"(max-width: 426px) 100vw, 426px\" \/><\/p>\n<h2>Perguntas frequentes<\/h2>\n<p><strong>Qual \u00e9 a capacidade do extrator de feij\u00e3o 4BYH\/D4BYHS-3.9?<\/strong><\/p>\n<p>A colhedora de feij\u00e3o-carioca 4BYH\/D4BYHS-3.9 foi projetada para colheitas em larga escala com uma configura\u00e7\u00e3o de 6 linhas, sendo ideal para fazendas com extensas planta\u00e7\u00f5es de feij\u00e3o. Ela pode colher v\u00e1rios hectares por dia, dependendo das condi\u00e7\u00f5es do campo.<\/p>\n<p><strong>O puxador de feij\u00e3o pode ser usado para outros tipos de feij\u00e3o?<\/strong><\/p>\n<p>Sim, embora a m\u00e1quina seja projetada especificamente para feij\u00e3o-carioca, ela pode ser usada para colher outros tipos de feij\u00e3o com caracter\u00edsticas semelhantes. No entanto, recomenda-se ajustar as configura\u00e7\u00f5es para cada tipo de cultura.<\/p>\n<p><strong>Com que frequ\u00eancia o extrator de feij\u00e3o deve ser submetido a manuten\u00e7\u00e3o?<\/strong><\/p>\n<p>\u00c9 recomend\u00e1vel realizar verifica\u00e7\u00f5es de manuten\u00e7\u00e3o regulares ap\u00f3s cada utiliza\u00e7\u00e3o e agendar uma revis\u00e3o completa anualmente para garantir que a m\u00e1quina funcione com o m\u00e1ximo desempenho.<\/p>\n<p><strong>Que tipo de terreno o extrator de feij\u00e3o-fradinho consegue enfrentar?<\/strong><\/p>\n<p>A m\u00e1quina \u00e9 suficientemente vers\u00e1til para lidar com diversos tipos de terreno, incluindo campos planos e ligeiramente irregulares. No entanto, pode ser necess\u00e1rio fazer modifica\u00e7\u00f5es em terrenos extremamente rochosos ou \u00edngremes.<\/p>\n<p><strong>O extrator de feij\u00e3o 4BYH\/D4BYHS-3.9 \u00e9 f\u00e1cil de operar?<\/strong><\/p>\n<p>Sim, a m\u00e1quina foi projetada para ser f\u00e1cil de usar. Com uma interface simples e controles intuitivos, mesmo os agricultores com pouca experi\u00eancia t\u00e9cnica podem operar o colhedor de forma eficaz ap\u00f3s um breve treinamento.<\/p>\n<p>editado por gzl<\/p>\n<p><!-- More FAQs here as per the requirements --><\/p>\n<p>&nbsp;<\/p>","protected":false},"excerpt":{"rendered":"<p>Aumente a efici\u00eancia da sua lavoura com a colhedora de feij\u00e3o-carioca 4BYH\/D4BYHS-3.9 (6 linhas). Projetada para durabilidade e precis\u00e3o, esta ferramenta inovadora garante uma colheita r\u00e1pida e limpa. Economize tempo e esfor\u00e7o, maximizando a produtividade. Perfeita para grandes lavouras. Adquira a sua hoje mesmo e experimente um desempenho de alto n\u00edvel! Encomende agora para entrega r\u00e1pida.<\/p>","protected":false},"featured_media":453,"template":"","meta":{"_et_pb_use_builder":"","_et_pb_old_content":"","_et_gb_content_width":""},"product_brand":[],"product_cat":[23],"product_tag":[],"class_list":{"0":"post-451","1":"product","2":"type-product","3":"status-publish","4":"has-post-thumbnail","6":"product_cat-mower-tedder","8":"first","9":"instock","10":"shipping-taxable","11":"product-type-simple"},"_links":{"self":[{"href":"https:\/\/square-balers.com\/pt\/wp-json\/wp\/v2\/product\/451","targetHints":{"allow":["GET"]}}],"collection":[{"href":"https:\/\/square-balers.com\/pt\/wp-json\/wp\/v2\/product"}],"about":[{"href":"https:\/\/square-balers.com\/pt\/wp-json\/wp\/v2\/types\/product"}],"wp:featuredmedia":[{"embeddable":true,"href":"https:\/\/square-balers.com\/pt\/wp-json\/wp\/v2\/media\/453"}],"wp:attachment":[{"href":"https:\/\/square-balers.com\/pt\/wp-json\/wp\/v2\/media?parent=451"}],"wp:term":[{"taxonomy":"product_brand","embeddable":true,"href":"https:\/\/square-balers.com\/pt\/wp-json\/wp\/v2\/product_brand?post=451"},{"taxonomy":"product_cat","embeddable":true,"href":"https:\/\/square-balers.com\/pt\/wp-json\/wp\/v2\/product_cat?post=451"},{"taxonomy":"product_tag","embeddable":true,"href":"https:\/\/square-balers.com\/pt\/wp-json\/wp\/v2\/product_tag?post=451"}],"curies":[{"name":"wp","href":"https:\/\/api.w.org\/{rel}","templated":true}]}}