{"id":461,"date":"2025-12-22T08:07:20","date_gmt":"2025-12-22T08:07:20","guid":{"rendered":"https:\/\/square-balers.com\/?post_type=product&#038;p=461"},"modified":"2025-12-22T08:26:37","modified_gmt":"2025-12-22T08:26:37","slug":"maquina-de-amassar-com-roda-de-dedos-9fz-2-0","status":"publish","type":"product","link":"https:\/\/square-balers.com\/pt\/produto\/maquina-de-amassar-com-roda-de-dedos-9fz-2-0\/","title":{"rendered":"M\u00e1quina de espalhar com roda de dedos 9FZ-2.0"},"content":{"rendered":"<p>A m\u00e1quina de espalhar feno com rodas de dedos 9FZ-2.0 \u00e9 um equipamento agr\u00edcola avan\u00e7ado projetado para melhorar a efici\u00eancia na coleta e secagem do feno. Sua constru\u00e7\u00e3o robusta e opera\u00e7\u00e3o intuitiva a tornam uma ferramenta essencial para agricultores e profissionais do setor agr\u00edcola otimizarem o processamento do feno. Esta m\u00e1quina garante que o feno seja espalhado uniformemente e seque rapidamente, maximizando assim a produtividade agr\u00edcola.<\/p>\n<h2>Especifica\u00e7\u00f5es t\u00e9cnicas<\/h2>\n<table style=\"border-color: #000000;\">\n<thead>\n<tr>\n<th>N\u00famero de s\u00e9rie<\/th>\n<th>Item<\/th>\n<th>Unidade<\/th>\n<th>Especifica\u00e7\u00e3o<\/th>\n<\/tr>\n<\/thead>\n<tbody>\n<tr>\n<td>1<\/td>\n<td>Nome do produto<\/td>\n<td>\/<\/td>\n<td>9FZ-2.0 Torneiro de Discos de Dedo<\/td>\n<\/tr>\n<tr>\n<td>2<\/td>\n<td>M\u00e9todo de engate<\/td>\n<td>\/<\/td>\n<td>Tipo Montado<\/td>\n<\/tr>\n<tr>\n<td>3<\/td>\n<td>Tipo de mecanismo de dobragem<\/td>\n<td>\/<\/td>\n<td>Tipo hidr\u00e1ulico<\/td>\n<\/tr>\n<tr>\n<td>4<\/td>\n<td>Quantidade de dentes<\/td>\n<td>\/<\/td>\n<td>120 (40 dentes\/disco \u00d7 3 discos)<\/td>\n<\/tr>\n<tr>\n<td>5<\/td>\n<td>Quantidade de rodas de dedo<\/td>\n<td>\/<\/td>\n<td>(Nota: Conte\u00fado duplicado, aguardando complementa\u00e7\u00e3o)<\/td>\n<\/tr>\n<tr>\n<td>6<\/td>\n<td>Di\u00e2metro da roda de dedo<\/td>\n<td>mm<\/td>\n<td>\u03a61500<\/td>\n<\/tr>\n<tr>\n<td>7<\/td>\n<td>Largura de giro<\/td>\n<td>m<\/td>\n<td>2<\/td>\n<\/tr>\n<tr>\n<td>8<\/td>\n<td>Faixa de pot\u00eancia correspondente<\/td>\n<td>kW<\/td>\n<td>\u226525,73<\/td>\n<\/tr>\n<tr>\n<td>9<\/td>\n<td>Faixa de velocidade operacional<\/td>\n<td>KM\/H<\/td>\n<td>7-10<\/td>\n<\/tr>\n<tr>\n<td>10<\/td>\n<td>Dimens\u00f5es gerais (em funcionamento, C\u00d7L\u00d7A)<\/td>\n<td>mm<\/td>\n<td>3500\u00d73500\u00d71500<\/td>\n<\/tr>\n<tr>\n<td>11<\/td>\n<td>Peso da m\u00e1quina<\/td>\n<td>kg<\/td>\n<td>372<\/td>\n<\/tr>\n<tr>\n<td>12<\/td>\n<td>Padr\u00e3o de Execu\u00e7\u00e3o do Produto<\/td>\n<td>\/<\/td>\n<td>JB\/T7766-2011<\/td>\n<\/tr>\n<\/tbody>\n<\/table>\n<h2>Defini\u00e7\u00e3o do produto<\/h2>\n<p>A m\u00e1quina de espalhar feno com rodas e dedos 9FZ-2.0 \u00e9 um dispositivo mec\u00e2nico utilizado para espalhar o feno rec\u00e9m-cortado, acelerando sua secagem. Possui um design com rodas e m\u00faltiplos dedos que delicadamente afofam e espalham o feno pelo campo. Isso garante uma distribui\u00e7\u00e3o uniforme, reduzindo o risco de mofo e acelerando o processo de secagem. \u00c9 particularmente eficaz para opera\u00e7\u00f5es de produ\u00e7\u00e3o de feno em larga escala.<\/p>\n<h2>Problemas abordados e aplica\u00e7\u00f5es<\/h2>\n<p>A m\u00e1quina de espalhar feno com rodas de dedos 9FZ-2.0 resolve diversos desafios importantes na produ\u00e7\u00e3o de feno. Ela \u00e9 usada principalmente para:<\/p>\n<ul>\n<li>Garanta uma distribui\u00e7\u00e3o uniforme do feno para uma secagem eficiente.<\/li>\n<li>Evite que o feno se aglomere, o que pode levar a uma secagem irregular ou ao desenvolvimento de mofo.<\/li>\n<li>Aumentar a velocidade de secagem do feno \u00e9 crucial para preservar a qualidade da forragem.<\/li>\n<li>Reduzir o trabalho manual no processo de espalhamento de feno.<\/li>\n<li>Aumentar a produtividade geral e a efici\u00eancia operacional nas fazendas.<\/li>\n<\/ul>\n<h2>Vantagens do produto<\/h2>\n<h3>1. Alta Efici\u00eancia<\/h3>\n<p>A espalhadora de feno com rodas de dedos 9FZ-2.0 foi projetada para maximizar a velocidade de espalhamento do feno, reduzindo significativamente o tempo necess\u00e1rio para a secagem. Suas rodas robustas e m\u00faltiplos dedos garantem que o feno seja distribu\u00eddo uniformemente pelo campo, assegurando uma secagem r\u00e1pida e uniforme.<\/p>\n<h3>2. Constru\u00e7\u00e3o Dur\u00e1vel<\/h3>\n<p>Fabricado com materiais de alta qualidade, o 9FZ-2.0 foi projetado para suportar as condi\u00e7\u00f5es agr\u00edcolas mais severas. Os componentes, incluindo as rodas dentadas, s\u00e3o feitos de ligas met\u00e1licas resistentes, garantindo um desempenho duradouro mesmo sob uso intenso.<\/p>\n<h3>3. Baixa manuten\u00e7\u00e3o<\/h3>\n<p>Esta m\u00e1quina foi projetada com a simplicidade em mente, facilitando a manuten\u00e7\u00e3o e o reparo. Seus componentes s\u00e3o acess\u00edveis e f\u00e1ceis de reparar, reduzindo o tempo de inatividade e garantindo que sua opera\u00e7\u00e3o funcione sem problemas.<\/p>\n<h3>4. Opera\u00e7\u00e3o vers\u00e1til<\/h3>\n<p>A m\u00e1quina de espalhar forragem com rodas de dedos 9FZ-2.0 pode ser usada em diversas condi\u00e7\u00f5es de campo e com diferentes tipos de forragem. Seja para grama, alfafa ou outras culturas, esta m\u00e1quina proporciona resultados \u00f3timos.<\/p>\n<h3>5. Design intuitivo<\/h3>\n<p>O design da m\u00e1quina prioriza a facilidade de uso, com controles intuitivos que exigem treinamento m\u00ednimo. O operador pode ajustar rapidamente a m\u00e1quina para se adequar a diferentes condi\u00e7\u00f5es, garantindo um processo de espalhamento de feno suave e eficiente.<\/p>\n<h2>Como funciona a m\u00e1quina de espalhar com roda de dedos 9FZ-2.0<\/h2>\n<p>A m\u00e1quina de espalhar feno com rodas de dedos 9FZ-2.0 funciona girando suas rodas de dedos pelo campo. Essas rodas, equipadas com m\u00faltiplos dedos, levantam e soltam o feno delicadamente enquanto giram. Conforme a m\u00e1quina avan\u00e7a, ela espalha o feno uniformemente pelo campo, evitando a forma\u00e7\u00e3o de torr\u00f5es e garantindo uma secagem uniforme. A velocidade e o \u00e2ngulo das rodas da m\u00e1quina s\u00e3o ajust\u00e1veis \u200b\u200bpara se adaptarem a diferentes tipos de feno e \u00e0s variadas condi\u00e7\u00f5es do campo.<\/p>\n<h2>Principais aplica\u00e7\u00f5es da m\u00e1quina de espalhar palha com roda de dedos 9FZ-2.0<\/h2>\n<ul>\n<li><strong>Cultivo de feno em larga escala:<\/strong> Essencial para agricultores que precisam gerenciar grandes quantidades de feno de forma eficiente.<\/li>\n<li><strong>Manuten\u00e7\u00e3o de pastagens:<\/strong> \u00datil para espalhar e secar a erva nos campos, garantindo a qualidade da forragem.<\/li>\n<li><strong>Processamento da alfafa:<\/strong> Ideal para espalhar feno de alfafa, uma cultura crucial para a alimenta\u00e7\u00e3o do gado.<\/li>\n<li><strong>Agricultura org\u00e2nica:<\/strong> Uma ferramenta fundamental na produ\u00e7\u00e3o de feno org\u00e2nico, onde os m\u00e9todos de secagem natural s\u00e3o preferidos.<\/li>\n<li><strong>Conserva\u00e7\u00e3o de forragem:<\/strong> Ajuda a manter o valor nutricional da forragem, garantindo uma secagem r\u00e1pida e uniforme.<\/li>\n<li><strong>Fazendas de cria\u00e7\u00e3o de gado:<\/strong> Ideal para fazendas que necessitam de feno de alta qualidade como parte do fornecimento de ra\u00e7\u00e3o para o gado.<\/li>\n<\/ul>\n<h2>Como escolher a m\u00e1quina de amassar com roda de dedos 9FZ-2.0 certa<\/h2>\n<h3>1. Considere o tamanho da sua opera\u00e7\u00e3o<\/h3>\n<p>Se voc\u00ea administra uma fazenda grande, precisar\u00e1 de uma m\u00e1quina de espalhar feno com uma largura de trabalho maior e maior capacidade. A m\u00e1quina de espalhar feno com rodas de dedo 9FZ-2.0 oferece v\u00e1rias configura\u00e7\u00f5es para atender a diferentes tamanhos de fazenda.<\/p>\n<h3>2. Avaliar as condi\u00e7\u00f5es do campo<\/h3>\n<p>O tipo de terreno pode afetar o desempenho da sua m\u00e1quina de espalhar feno. Certifique-se de que a m\u00e1quina escolhida seja capaz de lidar com terrenos irregulares ou acidentados, se necess\u00e1rio.<\/p>\n<h3>3. Avalie o tipo de feno.<\/h3>\n<p>Diferentes tipos de feno podem exigir diferentes m\u00e9todos de espalhamento. O 9FZ-2.0 \u00e9 adapt\u00e1vel a v\u00e1rios tipos de forragem, incluindo alfafa, gram\u00edneas e culturas mistas.<\/p>\n<h3>4. Verifique a capacidade da m\u00e1quina<\/h3>\n<p>Certifique-se de que a capacidade da m\u00e1quina de espalhar for adequada \u00e0s suas necessidades de produ\u00e7\u00e3o. O modelo 9FZ-2.0 possui alta capacidade, sendo ideal para opera\u00e7\u00f5es de maior porte que buscam aumentar a produtividade.<\/p>\n<h3>5. Durabilidade e Material<\/h3>\n<p>A qualidade dos materiais utilizados na constru\u00e7\u00e3o da m\u00e1quina \u00e9 crucial para sua durabilidade. Procure por uma m\u00e1quina feita com materiais resistentes, capazes de suportar o uso di\u00e1rio intenso em campo.<\/p>\n<h3>6. Pre\u00e7o e Garantia<\/h3>\n<p>O pre\u00e7o \u00e9 um fator importante, mas tamb\u00e9m \u00e9 fundamental considerar a garantia e o servi\u00e7o p\u00f3s-venda da m\u00e1quina. A m\u00e1quina de espalhar l\u00e3 com roda de dedo 9FZ-2.0 vem com uma garantia completa para sua tranquilidade.<\/p>\n<h2>Manuten\u00e7\u00e3o da m\u00e1quina de espalhar palha com roda de dedos 9FZ-2.0<\/h2>\n<p>A manuten\u00e7\u00e3o da m\u00e1quina de espalhar feno com rodas de dedos 9FZ-2.0 \u00e9 simples e essencial para garantir sua longevidade. A limpeza regular das rodas e dos dedos \u00e9 importante para evitar o ac\u00famulo de feno. Lubrificar as partes m\u00f3veis e verificar periodicamente o desgaste ajudar\u00e1 a prolongar a vida \u00fatil da m\u00e1quina. Al\u00e9m disso, \u00e9 importante inspecionar regularmente as correias e os componentes mec\u00e2nicos em busca de sinais de danos ou desalinhamento.<\/p>\n<p style=\"text-align: center;\"><img loading=\"lazy\" decoding=\"async\" class=\"alignnone wp-image-462\" src=\"https:\/\/square-balers.com\/wp-content\/uploads\/2025\/12\/ep-9FZ-2.0-Finger-Wheel-Tedding-Machine-1-1-1-300x300.webp\" alt=\"M\u00e1quina de espalhe\" width=\"371\" height=\"371\" \/><\/p>\n<h2>Avalia\u00e7\u00f5es de clientes<\/h2>\n<p>Eis o que nossos clientes de diversos pa\u00edses t\u00eam a dizer sobre a m\u00e1quina de espalhar l\u00e3 com roda de dedos 9FZ-2.0:<\/p>\n<h3>An\u00e1lise 1<\/h3>\n<p>A 9FZ-2.0 revolucionou a nossa fazenda. J\u00e1 a utilizamos h\u00e1 alguns meses e ela reduziu drasticamente o tempo de secagem. \u00c9 confi\u00e1vel e muito eficiente. Observamos uma grande melhora na qualidade do feno e conseguimos colher mais feno com menos m\u00e3o de obra.<\/p>\n<p><strong>\u2013 John, EUA<\/strong><\/p>\n<h3>An\u00e1lise 2<\/h3>\n<p>Est\u00e1vamos procurando uma m\u00e1quina de espalhar feno que desse conta dos nossos grandes campos. A 9FZ-2.0 superou nossas expectativas. Ela espalha o feno uniformemente e funciona bem em terrenos acidentados. Recomendo fortemente para quem tem uma grande opera\u00e7\u00e3o de produ\u00e7\u00e3o de feno.<\/p>\n<p><strong>\u2013 Maria, Canad\u00e1<\/strong><\/p>\n<h3>An\u00e1lise 3<\/h3>\n<p>Tenho usado esta m\u00e1quina para a produ\u00e7\u00e3o de alfafa e estou muito satisfeito com ela. A m\u00e1quina \u00e9 f\u00e1cil de manter e o feno seca de forma r\u00e1pida e uniforme. O design \u00e9 robusto e espero que dure por muitas temporadas.<\/p>\n<p><strong>\u2013 Ahmed, Egito<\/strong><\/p>\n<h3>Avalia\u00e7\u00e3o 4<\/h3>\n<p>Esta m\u00e1quina foi um investimento fant\u00e1stico. \u00c9 simples de operar e os resultados s\u00e3o excelentes. Economizamos muito tempo e esfor\u00e7o desde que come\u00e7amos a us\u00e1-la. Se voc\u00ea procura uma m\u00e1quina de espalhar feno confi\u00e1vel, esta \u00e9 a ideal.<\/p>\n<p><strong>\u2013 Sophie, Austr\u00e1lia<\/strong><\/p>\n<h3>Avalia\u00e7\u00e3o 5<\/h3>\n<p>Temos usado a 9FZ-2.0 para a manuten\u00e7\u00e3o de nossos pastos e ela tem sido de grande ajuda. \u00c9 muito mais r\u00e1pida do que os m\u00e9todos manuais e o feno seca de maneira mais uniforme. Tamb\u00e9m notamos menos problemas com mofo no feno, o que \u00e9 uma grande vantagem.<\/p>\n<p><strong>\u2013 Lucas, Brasil<\/strong><\/p>\n<h2>Por que escolher nosso produto?<\/h2>\n<p>Oferecemos solu\u00e7\u00f5es personalizadas e podemos adapt\u00e1-las rapidamente para garantir que as m\u00e1quinas atendam perfeitamente \u00e0s necessidades espec\u00edficas da sua fazenda. Nossa excelente equipe de atendimento ao cliente est\u00e1 pronta para responder a quaisquer perguntas ou d\u00favidas que voc\u00ea possa ter. Al\u00e9m disso, oferecemos uma garantia de tr\u00eas anos para sua tranquilidade. Com envio r\u00e1pido para todo o mundo e suporte p\u00f3s-venda completo, estamos comprometidos em atender \u00e0s suas necessidades de equipamentos agr\u00edcolas.<\/p>\n<h2>Explore nossos produtos<\/h2>\n<p>Juntamente com a m\u00e1quina de espalhar forragem com roda de dedos 9FZ-2.0, oferecemos uma ampla gama de outros equipamentos e acess\u00f3rios agr\u00edcolas para otimizar suas opera\u00e7\u00f5es agr\u00edcolas.<a href=\"https:\/\/square-balers.com\/pt\/produto\/triturador-de-forragem-9f-70\/\"> m\u00e1quinas de espalhar feno de alta efici\u00eancia<\/a> Desde pe\u00e7as e kits de manuten\u00e7\u00e3o, fornecemos tudo o que voc\u00ea precisa para melhorar a produtividade e garantir que sua fazenda opere com m\u00e1xima efici\u00eancia.<\/p>\n<p>Entre em contato conosco hoje mesmo para adquirir a Espalhadora de Alimentos com Roda de Dedos 9FZ-2.0 e explore nossa linha completa de equipamentos agr\u00edcolas!<\/p>\n<h2>Perguntas frequentes<\/h2>\n<p><strong>1. O que diferencia a m\u00e1quina de espalhar gr\u00e3os 9FZ-2.0 Finger Wheel de outros modelos?<\/strong><\/p>\n<p>A m\u00e1quina de espalhar feno com rodas de dedos 9FZ-2.0 \u00e9 conhecida por sua alta efici\u00eancia, constru\u00e7\u00e3o dur\u00e1vel e versatilidade. Ela pode lidar com diversos tipos de feno e condi\u00e7\u00f5es de campo, garantindo uma distribui\u00e7\u00e3o uniforme e secagem mais r\u00e1pida. Seu design intuitivo a torna acess\u00edvel para operadores de todos os n\u00edveis de experi\u00eancia.<\/p>\n<p><strong>2. A m\u00e1quina de espalhar feno com roda de dedos 9FZ-2.0 pode ser usada em terrenos irregulares?<\/strong><\/p>\n<p>Sim, o 9FZ-2.0 foi projetado para lidar com diversos tipos de terreno, incluindo campos irregulares ou acidentados. Suas rodas robustas e configura\u00e7\u00f5es ajust\u00e1veis \u200b\u200bpermitem um bom desempenho mesmo em condi\u00e7\u00f5es de campo desafiadoras.<\/p>\n<p><strong>3. Que tipo de manuten\u00e7\u00e3o o 9FZ-2.0 requer?<\/strong><\/p>\n<p>A m\u00e1quina de espalhar feno com rodas de dedos 9FZ-2.0 requer limpeza regular para evitar o ac\u00famulo de feno. Tamb\u00e9m \u00e9 importante lubrificar as pe\u00e7as m\u00f3veis, inspecionar quanto a desgaste e verificar o alinhamento correto das correias. A manuten\u00e7\u00e3o de rotina prolongar\u00e1 a vida \u00fatil da m\u00e1quina e garantir\u00e1 o desempenho ideal.<\/p>\n<p><strong>4. Qual a velocidade de secagem do feno com a m\u00e1quina de espalhar feno com roda de dedos 9FZ-2.0?<\/strong><\/p>\n<p>O modelo 9FZ-2.0 reduz significativamente o tempo de secagem, distribuindo o feno uniformemente pelo campo. Isso promove uma evapora\u00e7\u00e3o mais r\u00e1pida da umidade, garantindo que o feno seque de maneira uniforme em um per\u00edodo mais curto em compara\u00e7\u00e3o com os m\u00e9todos manuais.<\/p>\n<p><strong>5. O modelo 9FZ-2.0 \u00e9 adequado para agricultura org\u00e2nica?<\/strong><\/p>\n<p>Sim, o 9FZ-2.0 \u00e9 ideal para agricultura org\u00e2nica. Sua a\u00e7\u00e3o de espalhamento suave preserva a qualidade da forragem sem causar danos, tornando-o uma excelente op\u00e7\u00e3o para agricultores que dependem de m\u00e9todos de secagem natural.<\/p>\n<p><strong>6. Qual a garantia da m\u00e1quina de espalhar l\u00e3 com roda de dedo 9FZ-2.0?<\/strong><\/p>\n<p>Oferecemos uma garantia de 3 anos para a m\u00e1quina de espalhar l\u00e3 com roda de dedos 9FZ-2.0, que cobre defeitos de fabrica\u00e7\u00e3o e garante suporte confi\u00e1vel durante toda a vida \u00fatil da m\u00e1quina.<\/p>\n<p><strong>7. Posso usar o 9FZ-2.0 para diferentes tipos de forragem?<\/strong><\/p>\n<p>Sim, a m\u00e1quina de espalhar forragem com rodas de dedos 9FZ-2.0 \u00e9 vers\u00e1til o suficiente para lidar com diferentes tipos de forragem, incluindo grama, alfafa e outras culturas, garantindo um desempenho consistente para diversas necessidades agr\u00edcolas.<\/p>\n<p><strong>8. Qu\u00e3o f\u00e1cil \u00e9 operar a m\u00e1quina de espalhar l\u00e3 com roda de dedo 9FZ-2.0?<\/strong><\/p>\n<p>A 9FZ-2.0 foi projetada com controles intuitivos, facilitando o ajuste da m\u00e1quina pelos operadores de acordo com as condi\u00e7\u00f5es do campo. Mesmo usu\u00e1rios iniciantes podem aprender rapidamente a operar a m\u00e1quina com efici\u00eancia.<\/p>\n<p><strong>9. Qual \u00e9 a largura de trabalho da m\u00e1quina de espalhar l\u00e3 com roda de dedos 9FZ-2.0?<\/strong><\/p>\n<p>A m\u00e1quina de espalhamento de feno com rodas de dedos 9FZ-2.0 est\u00e1 dispon\u00edvel em v\u00e1rias configura\u00e7\u00f5es, com larguras de trabalho que se adaptam a diferentes tamanhos de fazendas. A largura permite o espalhamento eficiente em campos maiores, garantindo a m\u00e1xima produtividade.<\/p>\n<p><strong>10. A m\u00e1quina de espalhar l\u00e3 com roda de dedo 9FZ-2.0 \u00e9 f\u00e1cil de manter?<\/strong><\/p>\n<p>Sim, a 9FZ-2.0 foi projetada para facilitar a manuten\u00e7\u00e3o. Seus componentes s\u00e3o acess\u00edveis e, com limpeza e lubrifica\u00e7\u00e3o regulares, a m\u00e1quina pode operar com efici\u00eancia por muitos anos.<\/p>\n<p><strong>11. Como a 9FZ-2.0 se compara a outras m\u00e1quinas de espalhar feno?<\/strong><\/p>\n<p>A 9FZ-2.0 destaca-se pelo seu alto desempenho, durabilidade e adaptabilidade a diferentes condi\u00e7\u00f5es de campo. Seu design robusto e alta capacidade a tornam uma escolha confi\u00e1vel para opera\u00e7\u00f5es de fena\u00e7\u00e3o em larga escala.<\/p>\n<p><strong>12. A m\u00e1quina de espalhar l\u00e3 com roda de dedos 9FZ-2.0 reduz a necessidade de m\u00e3o de obra?<\/strong><\/p>\n<p>Sim, a 9FZ-2.0 reduz a m\u00e3o de obra ao automatizar o processo de espalhamento do feno, que tradicionalmente exigia um esfor\u00e7o manual consider\u00e1vel. A m\u00e1quina garante uma distribui\u00e7\u00e3o r\u00e1pida e uniforme, reduzindo a necessidade de trabalho manual extensivo.<\/p>\n<p><strong>13. O 9FZ-2.0 pode ser usado em diversas condi\u00e7\u00f5es clim\u00e1ticas?<\/strong><\/p>\n<p>Sim, o 9FZ-2.0 foi projetado para operar em diversas condi\u00e7\u00f5es clim\u00e1ticas. Sua constru\u00e7\u00e3o robusta garante um desempenho confi\u00e1vel mesmo em ambientes desafiadores.<\/p>\n<p><strong>14. Quanto tempo leva para ver resultados com a m\u00e1quina de espalhar l\u00e3 com roda de dedo 9FZ-2.0?<\/strong><\/p>\n<p>Os usu\u00e1rios geralmente notam tempos de secagem de feno mais r\u00e1pidos j\u00e1 na primeira utiliza\u00e7\u00e3o. A distribui\u00e7\u00e3o uniforme e a secagem eficiente garantem que o feno esteja pronto para armazenamento ou processamento posterior em menos tempo em compara\u00e7\u00e3o com os m\u00e9todos tradicionais.<\/p>\n<p><strong>15. Existe uma rede de suporte global para o 9FZ-2.0?<\/strong><\/p>\n<p>Sim, oferecemos suporte ao cliente global e servi\u00e7os p\u00f3s-venda, garantindo que voc\u00ea possa obter assist\u00eancia independentemente de onde esteja. Tamb\u00e9m fornecemos treinamento e recursos para ajud\u00e1-lo a aproveitar ao m\u00e1ximo seu 9FZ-2.0.<\/p>\n<p>editado por gzl<\/p>","protected":false},"excerpt":{"rendered":"<p>Aumente a qualidade do seu feno com a Espalhadora de Feno com Rodas de Dedos 9FZ-2.0! Projetada para efici\u00eancia e durabilidade, esta espalhadora avan\u00e7ada garante uma distribui\u00e7\u00e3o mais r\u00e1pida e uniforme do feno. Perfeita para grandes fazendas, ela aumenta a produtividade e reduz o tempo de secagem. Explore o futuro da espalhagem de feno com nossa m\u00e1quina confi\u00e1vel e f\u00e1cil de usar. Adquira a sua hoje mesmo e melhore a produ\u00e7\u00e3o da sua fazenda!<\/p>","protected":false},"featured_media":462,"template":"","meta":{"_et_pb_use_builder":"","_et_pb_old_content":"","_et_gb_content_width":""},"product_brand":[],"product_cat":[24],"product_tag":[],"class_list":{"0":"post-461","1":"product","2":"type-product","3":"status-publish","4":"has-post-thumbnail","6":"product_cat-other-series-products","8":"first","9":"instock","10":"shipping-taxable","11":"product-type-simple"},"_links":{"self":[{"href":"https:\/\/square-balers.com\/pt\/wp-json\/wp\/v2\/product\/461","targetHints":{"allow":["GET"]}}],"collection":[{"href":"https:\/\/square-balers.com\/pt\/wp-json\/wp\/v2\/product"}],"about":[{"href":"https:\/\/square-balers.com\/pt\/wp-json\/wp\/v2\/types\/product"}],"wp:featuredmedia":[{"embeddable":true,"href":"https:\/\/square-balers.com\/pt\/wp-json\/wp\/v2\/media\/462"}],"wp:attachment":[{"href":"https:\/\/square-balers.com\/pt\/wp-json\/wp\/v2\/media?parent=461"}],"wp:term":[{"taxonomy":"product_brand","embeddable":true,"href":"https:\/\/square-balers.com\/pt\/wp-json\/wp\/v2\/product_brand?post=461"},{"taxonomy":"product_cat","embeddable":true,"href":"https:\/\/square-balers.com\/pt\/wp-json\/wp\/v2\/product_cat?post=461"},{"taxonomy":"product_tag","embeddable":true,"href":"https:\/\/square-balers.com\/pt\/wp-json\/wp\/v2\/product_tag?post=461"}],"curies":[{"name":"wp","href":"https:\/\/api.w.org\/{rel}","templated":true}]}}