{"id":466,"date":"2025-12-22T08:58:01","date_gmt":"2025-12-22T08:58:01","guid":{"rendered":"https:\/\/square-balers.com\/?post_type=product&#038;p=466"},"modified":"2025-12-23T03:08:50","modified_gmt":"2025-12-23T03:08:50","slug":"maquina-integrada-de-enfardamento-e-embalagem","status":"publish","type":"product","link":"https:\/\/square-balers.com\/pt\/produto\/maquina-integrada-de-enfardamento-e-embalagem\/","title":{"rendered":"M\u00e1quina integrada de enfardamento e embalagem 9YCM-850"},"content":{"rendered":"<p>A enfardadeira e embaladora integrada 9YCM-850 \u00e9 um equipamento agr\u00edcola avan\u00e7ado projetado para executar as fun\u00e7\u00f5es de enfardamento e embalagem de forma integrada. Esta m\u00e1quina de \u00faltima gera\u00e7\u00e3o combina alta efici\u00eancia e versatilidade, tornando-se uma ferramenta indispens\u00e1vel em opera\u00e7\u00f5es agr\u00edcolas que exigem embalagens de feno ou silagem de alta qualidade. Ela foi projetada para aumentar a produtividade, reduzir os custos de m\u00e3o de obra e garantir a conserva\u00e7\u00e3o adequada dos produtos.<\/p>\n<h2>Especifica\u00e7\u00f5es t\u00e9cnicas<\/h2>\n<table style=\"border-color: #000000;\">\n<thead>\n<tr>\n<th>N\u00famero de s\u00e9rie<\/th>\n<th>Item<\/th>\n<th>Unidade<\/th>\n<th>Especifica\u00e7\u00e3o<\/th>\n<\/tr>\n<\/thead>\n<tbody>\n<tr>\n<td>1<\/td>\n<td>Nome do produto<\/td>\n<td>\/<\/td>\n<td>M\u00e1quina Integrada de Enfardamento e Embalagem 9YCM-850<\/td>\n<\/tr>\n<tr>\n<td>2<\/td>\n<td>Dimens\u00f5es do fardo (di\u00e2metro \u00d7 comprimento)<\/td>\n<td>cm<\/td>\n<td>\u03a685-90\u00d785<\/td>\n<\/tr>\n<tr>\n<td>3<\/td>\n<td>Volume do fardo<\/td>\n<td>m\u00b3<\/td>\n<td>0.48-0.54<\/td>\n<\/tr>\n<tr>\n<td>4<\/td>\n<td>Volume da tremonha<\/td>\n<td>m\u00b3<\/td>\n<td>2.5<\/td>\n<\/tr>\n<tr>\n<td>5<\/td>\n<td>Poder de correspond\u00eancia<\/td>\n<td>\/<\/td>\n<td>\u2265120HP<\/td>\n<\/tr>\n<tr>\n<td>6<\/td>\n<td>Dimens\u00f5es totais do equipamento (C\u00d7L\u00d7A)<\/td>\n<td>m<\/td>\n<td>7,00\u00d72,19\u00d73,03<\/td>\n<\/tr>\n<tr>\n<td>7<\/td>\n<td>Especifica\u00e7\u00f5es do pneu<\/td>\n<td>\/<\/td>\n<td>295\/60-15<\/td>\n<\/tr>\n<tr>\n<td>8<\/td>\n<td>Sa\u00edda da tomada de for\u00e7a<\/td>\n<td>rpm<\/td>\n<td>540<\/td>\n<\/tr>\n<tr>\n<td>9<\/td>\n<td>Requisito hidr\u00e1ulico<\/td>\n<td>\/<\/td>\n<td>1\u00d71\/2 pol. 1\u00d73\/4 pol.<\/td>\n<\/tr>\n<tr>\n<td>10<\/td>\n<td>Requisitos El\u00e9tricos<\/td>\n<td>\/<\/td>\n<td>12V CC<\/td>\n<\/tr>\n<tr>\n<td>11<\/td>\n<td>Sistema de controle<\/td>\n<td>\/<\/td>\n<td>Sistema de controle eletr\u00f4nico<\/td>\n<\/tr>\n<tr>\n<td>12<\/td>\n<td>Produtividade<\/td>\n<td>fardos\/hora<\/td>\n<td>30-40<\/td>\n<\/tr>\n<\/tbody>\n<\/table>\n<h2>Defini\u00e7\u00e3o do produto<\/h2>\n<p>A enfardadeira e embaladora integrada 9YCM-850 \u00e9 um sistema combinado que automatiza os processos de enfardamento e embalagem de materiais agr\u00edcolas como feno e silagem. Essa solu\u00e7\u00e3o integrada elimina a necessidade de equipamentos separados para enfardamento e embalagem, melhorando assim a efici\u00eancia e a consist\u00eancia operacional. Ela foi projetada especificamente para pequenas e m\u00e9dias propriedades rurais que buscam otimizar seus processos de produ\u00e7\u00e3o agr\u00edcola.<\/p>\n<h2>Que problemas a enfardadeira e embaladora integrada 9YCM-850 resolve?<\/h2>\n<p>A m\u00e1quina 9YCM-850 resolve diversos desafios enfrentados por agricultores e empresas agr\u00edcolas. Ela soluciona problemas como enfardamento irregular, opera\u00e7\u00e3o manual complexa e dificuldade no manuseio de grandes quantidades de materiais. A m\u00e1quina garante enfardamento e embalagem de alta qualidade, minimizando a interven\u00e7\u00e3o manual, reduzindo assim os custos operacionais e melhorando a efici\u00eancia da conserva\u00e7\u00e3o de feno e silagem.<\/p>\n<h2>Aplica\u00e7\u00f5es da m\u00e1quina integrada de enfardamento e embalagem 9YCM-850<\/h2>\n<p>Esta m\u00e1quina \u00e9 utilizada em diversos cen\u00e1rios agr\u00edcolas, tais como:<\/p>\n<ul>\n<li>Produ\u00e7\u00e3o de feno e silagem<\/li>\n<li>Garantir a conserva\u00e7\u00e3o eficaz das colheitas para alimenta\u00e7\u00e3o animal.<\/li>\n<li>Melhorar a qualidade da forragem armazenada.<\/li>\n<li>Redu\u00e7\u00e3o dos custos de m\u00e3o de obra nas opera\u00e7\u00f5es agr\u00edcolas<\/li>\n<li>Aumentar a efici\u00eancia operacional das fazendas de m\u00e9dio porte.<\/li>\n<li>Fornecendo enfardamento e embalagem automatizados para diversos tipos de culturas.<\/li>\n<\/ul>\n<h2>Vantagens do produto<\/h2>\n<ul>\n<li><strong>Maior efici\u00eancia:<\/strong> A 9YCM-850 automatiza tanto o enfardamento quanto o embrulho, economizando tempo e reduzindo a necessidade de m\u00e3o de obra manual.<\/li>\n<li><strong>Qualidade consistente:<\/strong> Esta m\u00e1quina garante um envolvimento uniforme, o que \u00e9 crucial para a conserva\u00e7\u00e3o do feno e da silagem.<\/li>\n<li><strong>Durabilidade:<\/strong> Fabricada com materiais de alta qualidade, a m\u00e1quina foi projetada para uso prolongado em ambientes agr\u00edcolas adversos.<\/li>\n<li><strong>Custo-benef\u00edcio:<\/strong> Ao combinar ambos os processos em uma \u00fanica m\u00e1quina, os agricultores reduzem o custo de aquisi\u00e7\u00e3o e manuten\u00e7\u00e3o de equipamentos separados para enfardamento e embalagem.<\/li>\n<li><strong>Vers\u00e1til:<\/strong> \u00c9 adequado para uma ampla gama de materiais agr\u00edcolas, tornando-se uma ferramenta ideal para diversas necessidades da agricultura.<\/li>\n<\/ul>\n<h2><a href=\"https:\/\/square-balers.com\/pt\/produto\/maquina-de-separacao-e-transporte-de-fardos\/\">Como funciona a enfardadeira e embaladora integrada 9YCM-850<\/a><\/h2>\n<p>A enfardadeira e embaladora integrada 9YCM-850 opera recolhendo o feno ou a silagem atrav\u00e9s de seu mecanismo de alimenta\u00e7\u00e3o avan\u00e7ado. O material \u00e9 ent\u00e3o compactado em fardos uniformes e firmes. Em seguida, a m\u00e1quina envolve os fardos com uma pel\u00edcula resistente para preservar o conte\u00fado. A integra\u00e7\u00e3o do sistema garante que os processos de enfardamento e embalagem sejam cont\u00ednuos, eliminando a necessidade de m\u00e1quinas adicionais e aumentando a efici\u00eancia.<\/p>\n<p style=\"text-align: center;\"><img loading=\"lazy\" decoding=\"async\" class=\"alignnone wp-image-468\" src=\"https:\/\/square-balers.com\/wp-content\/uploads\/2025\/12\/ep-9YCM-850-Baling-and-Wrapping-Integrated-Machine-1-1-300x300.webp\" alt=\"M\u00e1quina integrada de enfardamento e embalagem\" width=\"411\" height=\"411\" \/><\/p>\n<h2>Principais cen\u00e1rios de aplica\u00e7\u00e3o<\/h2>\n<ul>\n<li><strong>Pequenas propriedades rurais:<\/strong> Ideal para pequenas propriedades agr\u00edcolas que buscam solu\u00e7\u00f5es de enfardamento e embalagem eficientes e acess\u00edveis.<\/li>\n<li><strong>Armazenamento de ra\u00e7\u00e3o para animais:<\/strong> Garante que o feno e a silagem sejam armazenados adequadamente para alimenta\u00e7\u00e3o animal durante a entressafra.<\/li>\n<li><strong>Opera\u00e7\u00f5es de cultivo de alto rendimento:<\/strong> Adequado para a produ\u00e7\u00e3o em larga escala de feno e silagem, maximizando a produ\u00e7\u00e3o.<\/li>\n<li><strong>Cooperativas Agr\u00edcolas:<\/strong> Auxilia cooperativas agr\u00edcolas a gerenciar simultaneamente as necessidades de enfardamento e embalagem de v\u00e1rias fazendas.<\/li>\n<li><strong>Regi\u00f5es sens\u00edveis ao clima:<\/strong> Essencial em regi\u00f5es com climas rigorosos, onde a preserva\u00e7\u00e3o da qualidade do feno e da silagem \u00e9 crucial.<\/li>\n<li><strong>Agricultura org\u00e2nica:<\/strong> Ideal para fazendas org\u00e2nicas que precisam de solu\u00e7\u00f5es eficientes e sustent\u00e1veis \u200b\u200bpara a conserva\u00e7\u00e3o de feno e silagem.<\/li>\n<\/ul>\n<h2>Como selecionar a m\u00e1quina integrada de enfardamento e embalagem 9YCM-850 adequada<\/h2>\n<p>A escolha da m\u00e1quina 9YCM-850 adequada depende de v\u00e1rios fatores, incluindo:<\/p>\n<ul>\n<li><strong>Tamanho da fazenda:<\/strong> O tamanho da sua fazenda determinar\u00e1 a capacidade e a produ\u00e7\u00e3o necess\u00e1rias da m\u00e1quina.<\/li>\n<li><strong>Tipo de cultivo:<\/strong> Considere o tipo de cultura que est\u00e1 processando, pois certas culturas podem exigir t\u00e9cnicas de enfardamento diferentes.<\/li>\n<li><strong>Ambiente operacional:<\/strong> Escolha uma m\u00e1quina que suporte as condi\u00e7\u00f5es clim\u00e1ticas e o terreno espec\u00edficos da sua fazenda.<\/li>\n<li><strong>Or\u00e7amento:<\/strong> Certifique-se de que a m\u00e1quina se encaixa no seu or\u00e7amento, incluindo os custos de manuten\u00e7\u00e3o e opera\u00e7\u00e3o.<\/li>\n<li><strong>Suporte de manuten\u00e7\u00e3o:<\/strong> Procure m\u00e1quinas que ofere\u00e7am um suporte p\u00f3s-venda robusto e redes de assist\u00eancia t\u00e9cnica confi\u00e1veis.<\/li>\n<li><strong>Efici\u00eancia energ\u00e9tica:<\/strong> Escolha uma m\u00e1quina que minimize o consumo de energia e maximize a produ\u00e7\u00e3o.<\/li>\n<\/ul>\n<h2>Dicas de manuten\u00e7\u00e3o para a m\u00e1quina integrada de enfardamento e embalagem 9YCM-850<\/h2>\n<p>Para manter sua m\u00e1quina funcionando com efici\u00eancia, \u00e9 essencial realizar manuten\u00e7\u00f5es regulares. As principais tarefas de manuten\u00e7\u00e3o incluem:<\/p>\n<ul>\n<li>Verificar regularmente o sistema hidr\u00e1ulico quanto a vazamentos e desgaste.<\/li>\n<li>Limpe a m\u00e1quina ap\u00f3s cada utiliza\u00e7\u00e3o para evitar o ac\u00famulo de res\u00edduos.<\/li>\n<li>Lubrifica\u00e7\u00e3o das pe\u00e7as m\u00f3veis para garantir um funcionamento suave.<\/li>\n<li>Inspecionar o mecanismo da pel\u00edcula de embalagem e substitu\u00ed-lo quando necess\u00e1rio.<\/li>\n<li>Realizar verifica\u00e7\u00f5es regulares do motor e dos sistemas el\u00e9tricos para evitar avarias.<\/li>\n<\/ul>\n<h2>Avalia\u00e7\u00f5es de clientes<\/h2>\n<p>Aqui est\u00e3o alguns coment\u00e1rios de clientes de diferentes pa\u00edses, destacando suas experi\u00eancias com a enfardadeira e embaladora integrada 9YCM-850:<\/p>\n<h3>Avalia\u00e7\u00e3o do cliente 1<\/h3>\n<p>A 9YCM-850 revolucionou nossa fazenda. N\u00e3o precisamos mais nos preocupar com a inefici\u00eancia de m\u00e1quinas separadas para enfardamento e embalagem. A integra\u00e7\u00e3o dos dois processos em um \u00fanico sistema reduziu nossos custos de m\u00e3o de obra e melhorou a qualidade do armazenamento do feno. \u00c9 f\u00e1cil de usar e a durabilidade \u00e9 impressionante.<\/p>\n<p><strong>\u2013 John, EUA<\/strong><\/p>\n<h3>Avalia\u00e7\u00e3o do cliente 2<\/h3>\n<p>Est\u00e1vamos procurando uma maneira mais eficiente de manusear nossa silagem, e a 9YCM-850 atendeu \u00e0s nossas expectativas. A m\u00e1quina \u00e9 confi\u00e1vel e o ensilamento \u00e9 perfeitamente herm\u00e9tico, preservando nossa forragem para o inverno. A m\u00e1quina \u00e9 f\u00e1cil de operar e manter, o que nos economiza tempo e dinheiro.<\/p>\n<p><strong>\u2013 Maria, Espanha<\/strong><\/p>\n<h3>Avalia\u00e7\u00e3o do cliente 3<\/h3>\n<p>Como propriet\u00e1rio de uma pequena fazenda, eu precisava de uma solu\u00e7\u00e3o que fosse acess\u00edvel e eficiente. A 9YCM-850 superou minhas expectativas. Ela \u00e9 compacta, por\u00e9m potente, e nos permitiu automatizar o processo de enfardamento e embalagem. A qualidade do nosso feno melhorou significativamente e nossos custos com m\u00e3o de obra diminu\u00edram.<\/p>\n<p><strong>\u2013 Ahmed, Egito<\/strong><\/p>\n<h3>Avalia\u00e7\u00e3o do cliente 4<\/h3>\n<p>A m\u00e1quina tem sido um recurso confi\u00e1vel em nossa fazenda. Ela realiza todas as tarefas, desde enfardamento at\u00e9 embalagem, sem problemas. Economizamos muito tempo e esfor\u00e7o, especialmente durante a alta temporada. O atendimento ao cliente tamb\u00e9m foi excelente, fornecendo todo o suporte necess\u00e1rio para instala\u00e7\u00e3o e manuten\u00e7\u00e3o.<\/p>\n<p><strong>\u2013 Li Wei, China<\/strong><\/p>\n<h3>Avalia\u00e7\u00e3o do cliente 5<\/h3>\n<p>A 9YCM-850 \u00e9 uma excelente escolha para fazendas como a nossa, que lidam com grandes volumes de feno. \u00c9 eficiente e a qualidade do enfardamento \u00e9 sempre \u00f3tima. Aprecio o tempo m\u00ednimo de inatividade para manuten\u00e7\u00e3o e o suporte p\u00f3s-venda confi\u00e1vel. Isso tornou nossas opera\u00e7\u00f5es muito mais tranquilas.<\/p>\n<p><strong>\u2013 Marco, It\u00e1lia<\/strong><\/p>\n<h2>Por que escolher nossos produtos?<\/h2>\n<p>Oferecemos servi\u00e7os de personaliza\u00e7\u00e3o r\u00e1pida para atender \u00e0s necessidades espec\u00edficas da sua fazenda. Nossa equipe de servi\u00e7o altamente qualificada garante excelente suporte durante toda a vida \u00fatil da sua m\u00e1quina. Com 3 anos de garantia e um servi\u00e7o p\u00f3s-venda completo, voc\u00ea pode ter total confian\u00e7a na confiabilidade dos nossos produtos. Tamb\u00e9m oferecemos envio internacional r\u00e1pido para atender \u00e0s suas necessidades de pedido prontamente.<\/p>\n<h2>Sobre n\u00f3s<\/h2>\n<p>Nossa empresa \u00e9 especializada em m\u00e1quinas agr\u00edcolas de alta qualidade, e a enfardadeira e embaladora integrada 9YCM-850 \u00e9 apenas um exemplo do nosso compromisso com a excel\u00eancia. Al\u00e9m desta m\u00e1quina, tamb\u00e9m oferecemos uma ampla gama de produtos e acess\u00f3rios relacionados. Nossos produtos s\u00e3o fabricados com foco em durabilidade, efici\u00eancia e custo-benef\u00edcio. Se voc\u00ea procura enfardadeiras, sistemas de embalagem ou outras ferramentas agr\u00edcolas, temos as solu\u00e7\u00f5es para atender \u00e0s suas necessidades.<\/p>\n<p><strong>Entre em contato conosco hoje mesmo para conhecer a enfardadeira e embaladora integrada 9YCM-850 e leve suas opera\u00e7\u00f5es agr\u00edcolas para o pr\u00f3ximo n\u00edvel!<\/strong><\/p>\n<h2>Perguntas frequentes (FAQs)<\/h2>\n<h3>1. Como funciona a enfardadeira e embaladora integrada 9YCM-850?<\/h3>\n<p>A enfardadeira 9YCM-850 combina as fun\u00e7\u00f5es de enfardamento e embalagem em um \u00fanico processo cont\u00ednuo, aumentando a efici\u00eancia e reduzindo o trabalho manual. Ela compacta feno ou silagem em fardos bem cheios e os envolve em filme protetor para preservar o conte\u00fado.<\/p>\n<h3>2. O modelo 9YCM-850 \u00e9 adequado para pequenas propriedades rurais?<\/h3>\n<p>Sim, o 9YCM-850 \u00e9 uma solu\u00e7\u00e3o ideal para pequenas e m\u00e9dias propriedades rurais. Seu design compacto e sua efici\u00eancia o tornam perfeito para fazendas com espa\u00e7o e recursos limitados.<\/p>\n<h3>3. Que tipos de culturas o 9YCM-850 pode processar?<\/h3>\n<p>A 9YCM-850 \u00e9 vers\u00e1til e pode lidar com diversos materiais agr\u00edcolas, como feno, silagem e outros tipos de forragem.<\/p>\n<h3>4. Qual \u00e9 o custo de manuten\u00e7\u00e3o da enfardadeira e embaladora integrada 9YCM-850?<\/h3>\n<p>O custo de manuten\u00e7\u00e3o \u00e9 relativamente baixo. Lubrifica\u00e7\u00e3o regular, limpeza e substitui\u00e7\u00e3o ocasional de pe\u00e7as garantem que a m\u00e1quina continue a funcionar de forma eficiente durante anos.<\/p>\n<h3>5. Quanto tempo leva para embalar um fardo usando a 9YCM-850?<\/h3>\n<p>O processo de embalagem normalmente leva apenas alguns minutos, dependendo do tamanho do fardo e do material que est\u00e1 sendo processado.<\/p>\n<h3>6. O modelo 9YCM-850 pode ser usado em opera\u00e7\u00f5es agr\u00edcolas de grande escala?<\/h3>\n<p>Sim, a 9YCM-850 \u00e9 adequada para opera\u00e7\u00f5es em larga escala, oferecendo alta produtividade e desempenho consistente mesmo sob uso intenso.<\/p>\n<h3>7. O 9YCM-850 requer algum treinamento especial para operar?<\/h3>\n<p>Embora o 9YCM-850 seja f\u00e1cil de usar, recomenda-se treinamento b\u00e1sico para garantir opera\u00e7\u00e3o e seguran\u00e7a ideais. Oferecemos treinamento e suporte a todos os clientes.<\/p>\n<h3>8. Qual a garantia oferecida para a enfardadeira e embaladora integrada 9YCM-850?<\/h3>\n<p>O modelo 9YCM-850 vem com uma garantia de 3 anos que cobre quaisquer defeitos de fabrica\u00e7\u00e3o e proporciona tranquilidade para uso a longo prazo.<\/p>\n<h3>9. A enfardadeira e embaladora integrada 9YCM-850 \u00e9 energeticamente eficiente?<\/h3>\n<p>Sim, o 9YCM-850 foi projetado para operar com efici\u00eancia, minimizando o consumo de energia e maximizando a produ\u00e7\u00e3o, o que o torna uma op\u00e7\u00e3o economicamente vi\u00e1vel para os agricultores.<\/p>\n<h3>10. Qual \u00e9 o pre\u00e7o da enfardadeira e embaladora integrada 9YCM-850?<\/h3>\n<p>O pre\u00e7o da m\u00e1quina varia de acordo com suas necessidades espec\u00edficas e op\u00e7\u00f5es de personaliza\u00e7\u00e3o. Entre em contato conosco para obter um or\u00e7amento personalizado com base nas suas necessidades.<\/p>\n<h3>11. Como fa\u00e7o para encomendar a m\u00e1quina integrada de enfardamento e embalagem 9YCM-850?<\/h3>\n<p>Voc\u00ea pode fazer um pedido diretamente pelo nosso site ou entrando em contato com nossa equipe de vendas para obter ajuda na finaliza\u00e7\u00e3o do seu pedido e nos detalhes de envio.<\/p>\n<h3>12. Que tipo de suporte p\u00f3s-venda est\u00e1 dispon\u00edvel para a enfardadeira e embaladora integrada 9YCM-850?<\/h3>\n<p>Oferecemos suporte p\u00f3s-venda completo, incluindo servi\u00e7os de manuten\u00e7\u00e3o, assist\u00eancia na resolu\u00e7\u00e3o de problemas e disponibilidade de pe\u00e7as de reposi\u00e7\u00e3o para o 9YCM-850.<\/p>\n<h3>13. Como funciona o sistema de embalagem da enfardadeira e embaladora integrada 9YCM-850?<\/h3>\n<p>A 9YCM-850 utiliza um mecanismo de envolvimento em filme que envolve cada fardo de forma segura, garantindo a preserva\u00e7\u00e3o ideal do feno ou da silagem em seu interior.<\/p>\n<h3>14. A enfardadeira e embaladora integrada 9YCM-850 pode ser usada na agricultura org\u00e2nica?<\/h3>\n<p>Sim, o modelo 9YCM-850 \u00e9 adequado para fazendas org\u00e2nicas, pois permite o armazenamento eficiente e sustent\u00e1vel de feno e silagem org\u00e2nicos sem a necessidade de conservantes qu\u00edmicos.<\/p>\n<h3>15. O envio internacional est\u00e1 dispon\u00edvel para o modelo 9YCM-850?<\/h3>\n<p>Sim, oferecemos envio internacional para garantir que nossos clientes em todo o mundo possam ter acesso ao 9YCM-850 e a outros produtos da nossa linha.<\/p>\n<p>editado por gzl<\/p>","protected":false},"excerpt":{"rendered":"<p>Descubra a enfardadeira e embaladora integrada 9YCM-850 \u2013 a solu\u00e7\u00e3o definitiva para enfardamento e embalagem eficientes e de alta qualidade. Perfeita para as necessidades agr\u00edcolas, industriais e de embalagem, esta m\u00e1quina inovadora combina precis\u00e3o, velocidade e confiabilidade. Aumente sua produtividade com tecnologia avan\u00e7ada e reduza os custos de m\u00e3o de obra. Clique agora para saber mais e adquira a sua hoje mesmo!<\/p>","protected":false},"featured_media":468,"template":"","meta":{"_et_pb_use_builder":"","_et_pb_old_content":"","_et_gb_content_width":""},"product_brand":[],"product_cat":[24],"product_tag":[],"class_list":{"0":"post-466","1":"product","2":"type-product","3":"status-publish","4":"has-post-thumbnail","6":"product_cat-other-series-products","8":"first","9":"instock","10":"shipping-taxable","11":"product-type-simple"},"_links":{"self":[{"href":"https:\/\/square-balers.com\/pt\/wp-json\/wp\/v2\/product\/466","targetHints":{"allow":["GET"]}}],"collection":[{"href":"https:\/\/square-balers.com\/pt\/wp-json\/wp\/v2\/product"}],"about":[{"href":"https:\/\/square-balers.com\/pt\/wp-json\/wp\/v2\/types\/product"}],"wp:featuredmedia":[{"embeddable":true,"href":"https:\/\/square-balers.com\/pt\/wp-json\/wp\/v2\/media\/468"}],"wp:attachment":[{"href":"https:\/\/square-balers.com\/pt\/wp-json\/wp\/v2\/media?parent=466"}],"wp:term":[{"taxonomy":"product_brand","embeddable":true,"href":"https:\/\/square-balers.com\/pt\/wp-json\/wp\/v2\/product_brand?post=466"},{"taxonomy":"product_cat","embeddable":true,"href":"https:\/\/square-balers.com\/pt\/wp-json\/wp\/v2\/product_cat?post=466"},{"taxonomy":"product_tag","embeddable":true,"href":"https:\/\/square-balers.com\/pt\/wp-json\/wp\/v2\/product_tag?post=466"}],"curies":[{"name":"wp","href":"https:\/\/api.w.org\/{rel}","templated":true}]}}