{"id":229,"date":"2025-11-24T09:51:24","date_gmt":"2025-11-24T09:51:24","guid":{"rendered":"https:\/\/square-balers.com\/?post_type=product&#038;p=229"},"modified":"2025-12-18T03:02:00","modified_gmt":"2025-12-18T03:02:00","slug":"4byq-2-6-maskin-for-att-roja-upp-kidneybonor","status":"publish","type":"product","link":"https:\/\/square-balers.com\/sv\/produkt\/4byq-2-6-maskin-for-att-roja-upp-kidneybonor\/","title":{"rendered":"Maskin f\u00f6r uppryckning av kidneyb\u00f6nor typ 4BYQ-2.6 (4-kantig fram\u00e5tskjutning)"},"content":{"rendered":"<p>Maskinen f\u00f6r uppryckning av kidneyb\u00f6nor av typ 4BYQ-2.6 (4-runds fram\u00e5tskjutande) \u00e4r ett toppmodernt jordbruksredskap utformat f\u00f6r att effektivt upprycka kidneyb\u00f6nor. Den anv\u00e4nder avancerad teknik f\u00f6r att s\u00e4kerst\u00e4lla h\u00f6g effektivitet vid b\u00f6nutvinning samtidigt som gr\u00f6dans kvalitet bibeh\u00e5lls. Maskinen minimerar manuellt arbete och ger en snabbare och effektivare l\u00f6sning f\u00f6r storskalig jordbruksproduktion. Det fram\u00e5tskjutande systemet med fyra r\u00e4nder \u00f6kar produktiviteten, vilket g\u00f6r den till ett viktigt verktyg i modernt jordbruk.<\/p>\n<h2 data-start=\"304\" data-end=\"333\">Tekniska specifikationer<\/h2>\n<div class=\"_tableContainer_1rjym_1\">\n<div class=\"group _tableWrapper_1rjym_13 flex w-fit flex-col-reverse\" tabindex=\"-1\">\n<table class=\"w-fit min-w-(--thread-content-width)\" style=\"border-color: #000000;\" data-start=\"335\" data-end=\"1523\">\n<thead data-start=\"335\" data-end=\"416\">\n<tr data-start=\"335\" data-end=\"416\">\n<th data-start=\"335\" data-end=\"365\" data-col-size=\"sm\">Punkt<\/th>\n<th data-start=\"365\" data-end=\"382\" data-col-size=\"sm\">Enhet<\/th>\n<th data-start=\"382\" data-end=\"416\" data-col-size=\"md\">Specifikation<\/th>\n<\/tr>\n<\/thead>\n<tbody data-start=\"499\" data-end=\"1523\">\n<tr data-start=\"499\" data-end=\"612\">\n<td data-start=\"499\" data-end=\"530\" data-col-size=\"sm\">Modellnamn<\/td>\n<td data-col-size=\"sm\" data-start=\"530\" data-end=\"547\">–<\/td>\n<td data-col-size=\"md\" data-start=\"547\" data-end=\"612\">4BYQ-2.6 Kidneyb\u00f6nsuppryckningsmaskin (4-r\u00e4sars fram\u00e5tskjutning)<\/td>\n<\/tr>\n<tr data-start=\"613\" data-end=\"694\">\n<td data-start=\"613\" data-end=\"644\" data-col-size=\"sm\">Anslutningsmetod<\/td>\n<td data-col-size=\"sm\" data-start=\"644\" data-end=\"661\">–<\/td>\n<td data-col-size=\"md\" data-start=\"661\" data-end=\"694\">Dragkraftstyp<\/td>\n<\/tr>\n<tr data-start=\"695\" data-end=\"776\">\n<td data-start=\"695\" data-end=\"726\" data-col-size=\"sm\">Upptagningsmekanism<\/td>\n<td data-col-size=\"sm\" data-start=\"726\" data-end=\"743\">–<\/td>\n<td data-col-size=\"md\" data-start=\"743\" data-end=\"776\">Fj\u00e4derliknande<\/td>\n<\/tr>\n<tr data-start=\"777\" data-end=\"859\">\n<td data-start=\"777\" data-end=\"808\" data-col-size=\"sm\">Arbetsbredd<\/td>\n<td data-col-size=\"sm\" data-start=\"808\" data-end=\"825\">m<\/td>\n<td data-col-size=\"md\" data-start=\"825\" data-end=\"859\">2.6<\/td>\n<\/tr>\n<tr data-start=\"860\" data-end=\"942\">\n<td data-start=\"860\" data-end=\"891\" data-col-size=\"sm\">Str\u00f6mf\u00f6rs\u00f6rjningsintervall<\/td>\n<td data-col-size=\"sm\" data-start=\"891\" data-end=\"908\">kW<\/td>\n<td data-col-size=\"md\" data-start=\"908\" data-end=\"942\">66-88<\/td>\n<\/tr>\n<tr data-start=\"943\" data-end=\"1025\">\n<td data-start=\"943\" data-end=\"974\" data-col-size=\"sm\">Arbetshastighetsomr\u00e5de<\/td>\n<td data-col-size=\"sm\" data-start=\"974\" data-end=\"991\">km\/h<\/td>\n<td data-col-size=\"md\" data-start=\"991\" data-end=\"1025\">6-10<\/td>\n<\/tr>\n<tr data-start=\"1026\" data-end=\"1108\">\n<td data-start=\"1026\" data-end=\"1057\" data-col-size=\"sm\">Totala m\u00e5tt<\/td>\n<td data-col-size=\"sm\" data-start=\"1057\" data-end=\"1074\">mm<\/td>\n<td data-col-size=\"md\" data-start=\"1074\" data-end=\"1108\">2333\u00d72870\u00d71182<\/td>\n<\/tr>\n<tr data-start=\"1109\" data-end=\"1191\">\n<td data-start=\"1109\" data-end=\"1140\" data-col-size=\"sm\">Uteffekt Hastighet<\/td>\n<td data-col-size=\"sm\" data-start=\"1140\" data-end=\"1157\">varv\/min<\/td>\n<td data-col-size=\"md\" data-start=\"1157\" data-end=\"1191\">540<\/td>\n<\/tr>\n<tr data-start=\"1192\" data-end=\"1274\">\n<td data-start=\"1192\" data-end=\"1223\" data-col-size=\"sm\">Hjulavst\u00e5nd<\/td>\n<td data-col-size=\"sm\" data-start=\"1223\" data-end=\"1240\">mm<\/td>\n<td data-col-size=\"md\" data-start=\"1240\" data-end=\"1274\">2600<\/td>\n<\/tr>\n<tr data-start=\"1275\" data-end=\"1357\">\n<td data-start=\"1275\" data-end=\"1306\" data-col-size=\"sm\">Produktionseffektivitet<\/td>\n<td data-col-size=\"sm\" data-start=\"1306\" data-end=\"1323\">hm\u00b2\/h<\/td>\n<td data-col-size=\"md\" data-start=\"1323\" data-end=\"1357\">1.56-2.6<\/td>\n<\/tr>\n<tr data-start=\"1358\" data-end=\"1440\">\n<td data-start=\"1358\" data-end=\"1389\" data-col-size=\"sm\">Antal operat\u00f6rer<\/td>\n<td data-col-size=\"sm\" data-start=\"1389\" data-end=\"1406\">personer<\/td>\n<td data-col-size=\"md\" data-start=\"1406\" data-end=\"1440\">1<\/td>\n<\/tr>\n<tr data-start=\"1441\" data-end=\"1523\">\n<td data-start=\"1441\" data-end=\"1472\" data-col-size=\"sm\">Strukturell kvalitet<\/td>\n<td data-col-size=\"sm\" data-start=\"1472\" data-end=\"1489\">kg<\/td>\n<td data-col-size=\"md\" data-start=\"1489\" data-end=\"1523\">1100<\/td>\n<\/tr>\n<\/tbody>\n<\/table>\n<\/div>\n<\/div>\n<h2>Produktdefinition<\/h2>\n<p>Maskinen f\u00f6r uppryckning av kidneyb\u00f6nor av typ 4BYQ-2.6 (4-runds fram\u00e5tg\u00e5ende tryck) \u00e4r en innovativ jordbruksanordning som \u00e4r utformad f\u00f6r att upprycka kidneyb\u00f6nor med precision. Den \u00e4r noggrant utformad f\u00f6r att trycka plantor fram\u00e5t och upprycka dem utan att orsaka betydande skador, vilket \u00f6kar effektiviteten och bevarar baljorna f\u00f6r sk\u00f6rd. Maskinen \u00e4r idealisk f\u00f6r storskalig odling av kidneyb\u00f6nor, optimerar produktionshastigheten och minskar manuellt arbete.<\/p>\n<h2>Problem l\u00f6st och till\u00e4mpningar<\/h2>\n<p>Denna maskin l\u00f6ser flera vanliga problem vid b\u00f6nodling. Traditionella metoder f\u00f6r b\u00f6nsk\u00f6rd kr\u00e4ver vanligtvis manuell drift, vilket \u00e4r b\u00e5de tidskr\u00e4vande och arbetsintensivt. Med 4BYQ-2.6 kan b\u00f6nder sk\u00f6rda b\u00f6nor snabbt och effektivt, vilket minskar arbetskostnaderna och \u00f6kar avkastningen. Dessutom minimerar maskinen skador p\u00e5 plantorna under sk\u00f6rden, vilket s\u00e4kerst\u00e4ller en h\u00f6gre kvalitet p\u00e5 b\u00f6norna till marknaden.<\/p>\n<h2>Produktf\u00f6rdelar<\/h2>\n<h3>1. Effektiv uppryckningsprocess<\/h3>\n<p>B\u00f6nuppryckningsmaskinen av typ 4BYQ-2.6 har en fram\u00e5triktad tryckmekanism med fyra \u00e5sar som effektivt ryckar upp b\u00f6norna utan att skada dem. Denna metod f\u00f6rb\u00e4ttrar effektiviteten i uppryckningsprocessen, vilket g\u00f6r det m\u00f6jligt f\u00f6r jordbrukare att slutf\u00f6ra uppgifter snabbare samtidigt som de minskar arbetskostnaderna.<\/p>\n<h3>2. H\u00e5llbarhet<\/h3>\n<p>Denna maskin \u00e4r byggd med h\u00f6gkvalitativa material och konstruerad f\u00f6r att klara av p\u00e5frestningarna i jordbruksmilj\u00f6er. Den \u00e4r slitstark, vilket s\u00e4kerst\u00e4ller att maskinen ger l\u00e5ngvarig service med minimalt underh\u00e5ll.<\/p>\n<h3>3. L\u00e4tt att anv\u00e4nda<\/h3>\n<p>Utrustad med ett anv\u00e4ndarv\u00e4nligt gr\u00e4nssnitt och kontroller \u00e4r typ 4BYQ-2.6 enkel att anv\u00e4nda. Lantbrukare kan snabbt l\u00e4ra sig anv\u00e4nda maskinen, vilket sparar tid under utbildningen och l\u00e5ter dem fokusera p\u00e5 produktivitet.<\/p>\n<h3>4. L\u00e5ga underh\u00e5llskrav<\/h3>\n<p>Underh\u00e5llet \u00e4r minimalt, vilket g\u00f6r den till en kostnadseffektiv l\u00f6sning f\u00f6r odling av kidneyb\u00f6nor. Maskinen \u00e4r konstruerad f\u00f6r att kr\u00e4va mindre frekventa reparationer och reservdelsbyten, vilket minskar driftstopp och s\u00e4kerst\u00e4ller j\u00e4mn prestanda.<\/p>\n<h3>5. Milj\u00f6v\u00e4nlig<\/h3>\n<p>4BYQ-2.6-maskinen minskar behovet av kemikalier och andra skadliga insatsvaror, vilket g\u00f6r den till en milj\u00f6v\u00e4nlig l\u00f6sning f\u00f6r modernt jordbruk. Dess design bidrar till att bevara den omgivande milj\u00f6n och st\u00f6der h\u00e5llbara jordbruksmetoder.<\/p>\n<p style=\"text-align: center;\"><img loading=\"lazy\" decoding=\"async\" class=\"alignnone wp-image-272\" src=\"https:\/\/square-balers.com\/wp-content\/uploads\/2025\/11\/ep-Type-4BYQ-2.6-Kidney-Bean-Uprooting-Machine-4-Ridge-Forward-Push-41-300x300.webp\" alt=\"Uppryckningsmaskin\" width=\"475\" height=\"475\" srcset=\"https:\/\/square-balers.com\/wp-content\/uploads\/2025\/11\/ep-Type-4BYQ-2.6-Kidney-Bean-Uprooting-Machine-4-Ridge-Forward-Push-41-300x300.webp 300w, https:\/\/square-balers.com\/wp-content\/uploads\/2025\/11\/ep-Type-4BYQ-2.6-Kidney-Bean-Uprooting-Machine-4-Ridge-Forward-Push-41-150x150.webp 150w, https:\/\/square-balers.com\/wp-content\/uploads\/2025\/11\/ep-Type-4BYQ-2.6-Kidney-Bean-Uprooting-Machine-4-Ridge-Forward-Push-41-12x12.webp 12w, https:\/\/square-balers.com\/wp-content\/uploads\/2025\/11\/ep-Type-4BYQ-2.6-Kidney-Bean-Uprooting-Machine-4-Ridge-Forward-Push-41-100x100.webp 100w, https:\/\/square-balers.com\/wp-content\/uploads\/2025\/11\/ep-Type-4BYQ-2.6-Kidney-Bean-Uprooting-Machine-4-Ridge-Forward-Push-41.webp 358w\" sizes=\"(max-width: 475px) 100vw, 475px\" \/><\/p>\n<h2>Hur typ 4BYQ-2.6 fungerar<\/h2>\n<p>Kidneyb\u00f6nsuppryckningsmaskinen av typ 4BYQ-2.6 arbetar med ett unikt fram\u00e5triktat trycksystem med fyra \u00e5sar. Maskinens \u00e5sliknande struktur driver plantan fram\u00e5t och drar f\u00f6rsiktigt b\u00f6norna ur jorden. Denna fram\u00e5tr\u00f6relse minimerar st\u00f6rningar av b\u00f6norna, vilket bevarar deras integritet och kvalitet f\u00f6r enkel sk\u00f6rd. Dessutom anv\u00e4nder maskinen avancerad teknik f\u00f6r att kontrollera djupet och vinkeln p\u00e5 trycket, vilket optimerar sk\u00f6rdeprocessen. Denna mekanism minskar ocks\u00e5 markst\u00f6rningar, vilket g\u00f6r driften smidigare och effektivare.<\/p>\n<h2>Huvudsakliga anv\u00e4ndningsomr\u00e5den f\u00f6r maskin f\u00f6r uppryckning av kidneyb\u00f6nor av typ 4BYQ-2.6<\/h2>\n<p>Kidneyb\u00f6nsuppryckningsmaskinen av typ 4BYQ-2.6 \u00e4r m\u00e5ngsidig och kan anv\u00e4ndas i olika jordbruksmilj\u00f6er. Nedan f\u00f6ljer sex viktiga anv\u00e4ndningsomr\u00e5den f\u00f6r denna maskin:<\/p>\n<h3>1. Storskaliga kidneyb\u00f6nsodlingar<\/h3>\n<p>Perfekt f\u00f6r storskaliga kidneyb\u00f6nsodlingar, maskinen hj\u00e4lper till att effektivt uppr\u00f6ja b\u00f6norna, vilket minskar arbetskostnaderna och \u00f6kar den totala produktiviteten.<\/p>\n<h3>2. Ekologiskt jordbruk<\/h3>\n<p>Eftersom maskinen orsakar minimal markst\u00f6rning \u00e4r den idealisk f\u00f6r ekologiska jordbruksmetoder, d\u00e4r det \u00e4r h\u00f6gsta prioritet att uppr\u00e4tth\u00e5lla jordens h\u00e4lsa.<\/p>\n<h3>3. Fr\u00f6produktion<\/h3>\n<p>Maskinen \u00e4r v\u00e4l l\u00e4mpad f\u00f6r g\u00e5rdar som fokuserar p\u00e5 att producera kidneyb\u00f6nsfr\u00f6n, eftersom den s\u00e4kerst\u00e4ller att b\u00f6norna rycks upp varsamt med r\u00f6tterna, vilket bevarar fr\u00f6kvaliteten.<\/p>\n<h3>4. Sk\u00f6rd av kidneyb\u00f6nor under torra f\u00f6rh\u00e5llanden<\/h3>\n<p>4BYQ-2.6 \u00e4r mycket effektiv f\u00f6r att sk\u00f6rda kidneyb\u00f6nor i torra f\u00f6rh\u00e5llanden, d\u00e4r manuell uppryckning blir mer utmanande.<\/p>\n<h3>5. Jordbruksforskningsanl\u00e4ggningar<\/h3>\n<p>Forskningsinstitutioner och jordbrukstestanl\u00e4ggningar kan anv\u00e4nda denna maskin f\u00f6r experiment som involverar sk\u00f6rd av kidneyb\u00f6nor, vilket s\u00e4kerst\u00e4ller exakta och konsekventa resultat.<\/p>\n<h3>6. Anpassade jordbrukstj\u00e4nster<\/h3>\n<p>Leverant\u00f6rer av jordbrukstj\u00e4nster kan anv\u00e4nda den h\u00e4r maskinen f\u00f6r att erbjuda effektiva uppryckningstj\u00e4nster till flera g\u00e5rdar, vilket \u00f6kar produktiviteten f\u00f6r mindre g\u00e5rdar utan att kr\u00e4va betydande investeringar.<\/p>\n<h2>Hur man v\u00e4ljer r\u00e4tt typ 4BYQ-2.6 kidneyb\u00f6nuppryckningsmaskin<\/h2>\n<p>Att v\u00e4lja r\u00e4tt maskin inneb\u00e4r att man beaktar flera faktorer som s\u00e4kerst\u00e4ller optimal prestanda f\u00f6r just dina behov. S\u00e5 h\u00e4r g\u00f6r du det b\u00e4sta valet:<\/p>\n<h3>1. G\u00e5rdens storlek<\/h3>\n<p>T\u00e4nk p\u00e5 storleken p\u00e5 din g\u00e5rd. St\u00f6rre g\u00e5rdar kan kr\u00e4va en kraftfullare version av maskinen f\u00f6r att hantera omfattande sk\u00f6rd effektivt.<\/p>\n<h3>2. Jordtyp<\/h3>\n<p>Olika jordtyper kan kr\u00e4va olika konfigurationer av maskinen. Se till att 4BYQ-2.6 \u00e4r kompatibel med jorden p\u00e5 din g\u00e5rd f\u00f6r b\u00e4sta prestanda.<\/p>\n<h3>3. B\u00f6nsort<\/h3>\n<p>Olika sorter av kidneyb\u00f6nor kan ha olika rotstrukturer. V\u00e4lj en maskin som \u00e4r kompatibel med rotsystemet hos de b\u00f6nor du odlar.<\/p>\n<h3>4. Budget<\/h3>\n<p>Se till att maskinen passar din budget samtidigt som den uppfyller g\u00e5rdens driftskrav. \u00d6verv\u00e4g l\u00e5ngsiktiga besparingar p\u00e5 arbetskrafts- och underh\u00e5llskostnader.<\/p>\n<h3>5. Underh\u00e5llsst\u00f6d<\/h3>\n<p>V\u00e4lj en maskin fr\u00e5n en leverant\u00f6r som erbjuder omfattande underh\u00e5llssupport och enkel tillg\u00e5ng till reservdelar f\u00f6r att minimera driftstopp.<\/p>\n<h3>6. Anpassningsalternativ<\/h3>\n<p>Kontrollera om maskinen kan anpassas f\u00f6r att m\u00f6ta dina specifika behov. Vissa g\u00e5rdar kan kr\u00e4va unika justeringar baserat p\u00e5 deras driftskrav.<\/p>\n<p style=\"text-align: center;\"><img loading=\"lazy\" decoding=\"async\" class=\"alignnone wp-image-271\" src=\"https:\/\/square-balers.com\/wp-content\/uploads\/2025\/11\/ep-Type-4BYQ-2.6-Kidney-Bean-Uprooting-Machine-4-Ridge-Forward-Push-31-300x300.webp\" alt=\"Uppryckningsmaskin\" width=\"462\" height=\"462\" srcset=\"https:\/\/square-balers.com\/wp-content\/uploads\/2025\/11\/ep-Type-4BYQ-2.6-Kidney-Bean-Uprooting-Machine-4-Ridge-Forward-Push-31-300x300.webp 300w, https:\/\/square-balers.com\/wp-content\/uploads\/2025\/11\/ep-Type-4BYQ-2.6-Kidney-Bean-Uprooting-Machine-4-Ridge-Forward-Push-31-150x150.webp 150w, https:\/\/square-balers.com\/wp-content\/uploads\/2025\/11\/ep-Type-4BYQ-2.6-Kidney-Bean-Uprooting-Machine-4-Ridge-Forward-Push-31-12x12.webp 12w, https:\/\/square-balers.com\/wp-content\/uploads\/2025\/11\/ep-Type-4BYQ-2.6-Kidney-Bean-Uprooting-Machine-4-Ridge-Forward-Push-31-100x100.webp 100w, https:\/\/square-balers.com\/wp-content\/uploads\/2025\/11\/ep-Type-4BYQ-2.6-Kidney-Bean-Uprooting-Machine-4-Ridge-Forward-Push-31.webp 351w\" sizes=\"(max-width: 462px) 100vw, 462px\" \/><\/p>\n<h2>Underh\u00e5llsmetoder f\u00f6r typ 4BYQ-2.6 kidneyb\u00f6nsuppryckningsmaskin<\/h2>\n<p>Korrekt underh\u00e5ll s\u00e4kerst\u00e4ller l\u00e5ng livsl\u00e4ngd och prestanda f\u00f6r typ 4BYQ-2.6. H\u00e4r \u00e4r n\u00e5gra viktiga underh\u00e5llstips:<\/p>\n<h3>1. Regelbunden reng\u00f6ring<\/h3>\n<p>Reng\u00f6r maskinen efter varje anv\u00e4ndning f\u00f6r att avl\u00e4gsna smuts och skr\u00e4p, f\u00f6r att f\u00f6rhindra igens\u00e4ttning och slitage p\u00e5 r\u00f6rliga delar.<\/p>\n<h3>2. Sm\u00f6rjning<\/h3>\n<p>Sm\u00f6rj maskinens r\u00f6rliga delar regelbundet f\u00f6r att minska friktion och f\u00f6rhindra skador p\u00e5 komponenter.<\/p>\n<h3>3. Inspektion av slitdelar<\/h3>\n<p>Kontrollera skicket p\u00e5 delar som \u00e5sar och knivar f\u00f6r tecken p\u00e5 slitage. Byt ut dem vid behov f\u00f6r att bibeh\u00e5lla effektiv drift.<\/p>\n<h3>4. Kalibrering<\/h3>\n<p>Se till att maskinen \u00e4r korrekt kalibrerad f\u00f6r att matcha de specifika jord- och b\u00f6nf\u00f6rh\u00e5llandena p\u00e5 din g\u00e5rd. Detta kommer att f\u00f6rb\u00e4ttra den totala effektiviteten.<\/p>\n<h3>5. F\u00f6rvaring av maskinen<\/h3>\n<p>F\u00f6rvara maskinen p\u00e5 en torr och skyddad plats n\u00e4r den inte anv\u00e4nds f\u00f6r att skydda den mot v\u00e4derrelaterade skador.<\/p>\n<h2>Kundrecensioner<\/h2>\n<p>\u201dVi investerade nyligen i en typ 4BYQ-2.6 till v\u00e5r stora kidneyb\u00f6nsodling, och resultaten har varit fantastiska. Den \u00e4r snabb, effektiv och enkel att anv\u00e4nda. V\u00e5ra sk\u00f6rdetider har minskat avsev\u00e4rt, och vi ser b\u00e4ttre avkastning tack vare mindre skador p\u00e5 b\u00f6norna. Det \u00e4r en utm\u00e4rkt investering f\u00f6r alla som arbetar med kidneyb\u00f6nsbranschen.\u201d<\/p>\n<p><strong>\u2013 John Doe, USA<\/strong><\/p>\n<p>\u201dSom en sm\u00e5skalig ekologisk g\u00e5rd beh\u00f6vde vi en l\u00f6sning som var skonsam mot v\u00e5r jord och v\u00e5ra b\u00f6nor. Typ 4BYQ-2.6 uppfyllde v\u00e5ra f\u00f6rv\u00e4ntningar. Den \u00e4r milj\u00f6v\u00e4nlig och hj\u00e4lper oss att bevara v\u00e5r gr\u00f6dkvalitet samtidigt som den \u00f6kar produktiviteten. Rekommenderas starkt!\u201d<\/p>\n<p><strong>\u2013 Emma Lee, Australien<\/strong><\/p>\n<p>\u201dVi har anv\u00e4nt 4BYQ-2.6 i flera m\u00e5nader nu, och den har visat sig vara p\u00e5litlig och h\u00e5llbar. Maskinen fungerar \u00e4ven i de torraste f\u00f6rh\u00e5llandena, vilket g\u00f6r den idealisk f\u00f6r v\u00e5rt lokala klimat. Kostnadsbesparingarna i arbetskraft har varit betydande.\u201d<\/p>\n<p><strong>\u2013 Carlos Mendoza, Mexiko<\/strong><\/p>\n<p>\u201dSupporten fr\u00e5n tillverkaren var enast\u00e5ende. Maskinen \u00e4r v\u00e4lbyggd och enkel att anv\u00e4nda. Den har gjort det m\u00f6jligt f\u00f6r oss att sk\u00f6rda kidneyb\u00f6nor mycket mer effektivt. Garantin och eftermarknadsservicen ger oss sinnesro.\u201d<\/p>\n<p><strong>\u2013 Marie Dupont, Frankrike<\/strong><\/p>\n<p>\u201dVi har sett en betydande \u00f6kning av effektiviteten sedan vi b\u00f6rjade anv\u00e4nda typ 4BYQ-2.6. Den \u00e4r h\u00e5llbar, kr\u00e4ver lite underh\u00e5ll och \u00e4r kostnadseffektiv. Om du letar efter en p\u00e5litlig l\u00f6sning f\u00f6r stora b\u00f6nodlingar \u00e4r det h\u00e4r den r\u00e4tta l\u00f6sningen!\u201d<\/p>\n<p><strong>\u2013 Li Wei, Kina<\/strong><\/p>\n<h2>Varf\u00f6r v\u00e4lja v\u00e5ra produkter?<\/h2>\n<p>Vi erbjuder snabba anpassningstj\u00e4nster, stark kundsupport och 3 \u00e5rs garanti, vilket garanterar en bekymmersfri k\u00f6pupplevelse. V\u00e5ra produkter levereras med snabb global leverans och v\u00e5r eftermarknadsservice \u00e4r robust och m\u00f6ter kundernas behov oavsett var de befinner sig. Med \u00f6ver 20 \u00e5rs expertis inom tillverkning av jordbruksmaskiner s\u00e4kerst\u00e4ller vi produkter av h\u00f6gsta kvalitet till konkurrenskraftiga priser.<\/p>\n<h2>Utforska mer och kontakta oss<\/h2>\n<p>Ut\u00f6ver kidneyb\u00f6nan av typ 4BYQ-2.6 <a href=\"https:\/\/square-balers.com\/sv\/produkt\/type-9jyy-2-5-round-bale-picking-and-transporting-machine\/\">Uppryckningsmaskin<\/a>, erbjuder vi en m\u00e4ngd olika relaterade produkter och tillbeh\u00f6r som kan f\u00f6rb\u00e4ttra din g\u00e5rds effektivitet. V\u00e5rt engagerade kundsupportteam \u00e4r alltid redo att hj\u00e4lpa till med alla fr\u00e5gor eller behov av anpassning. Utforska v\u00e5rt produktsortiment och kontakta oss idag f\u00f6r att l\u00e4gga din best\u00e4llning och f\u00f6rb\u00e4ttra din jordbruksverksamhet.<\/p>\n<h2 style=\"text-align: center;\"><img loading=\"lazy\" decoding=\"async\" class=\"alignnone wp-image-273\" src=\"https:\/\/square-balers.com\/wp-content\/uploads\/2025\/11\/ep-Type-4BYQ-2.6-Kidney-Bean-Uprooting-Machine-4-Ridge-Forward-Push-51-300x300.webp\" alt=\"Uppryckningsmaskin\" width=\"486\" height=\"486\" srcset=\"https:\/\/square-balers.com\/wp-content\/uploads\/2025\/11\/ep-Type-4BYQ-2.6-Kidney-Bean-Uprooting-Machine-4-Ridge-Forward-Push-51-300x300.webp 300w, https:\/\/square-balers.com\/wp-content\/uploads\/2025\/11\/ep-Type-4BYQ-2.6-Kidney-Bean-Uprooting-Machine-4-Ridge-Forward-Push-51-150x150.webp 150w, https:\/\/square-balers.com\/wp-content\/uploads\/2025\/11\/ep-Type-4BYQ-2.6-Kidney-Bean-Uprooting-Machine-4-Ridge-Forward-Push-51-12x12.webp 12w, https:\/\/square-balers.com\/wp-content\/uploads\/2025\/11\/ep-Type-4BYQ-2.6-Kidney-Bean-Uprooting-Machine-4-Ridge-Forward-Push-51-100x100.webp 100w, https:\/\/square-balers.com\/wp-content\/uploads\/2025\/11\/ep-Type-4BYQ-2.6-Kidney-Bean-Uprooting-Machine-4-Ridge-Forward-Push-51.webp 340w\" sizes=\"(max-width: 486px) 100vw, 486px\" \/><\/h2>\n<h2>Vanliga fr\u00e5gor (FAQ)<\/h2>\n<ol>\n<li><strong>Vad \u00e4r den prim\u00e4ra funktionen hos typ 4BYQ-2.6? <a href=\"http:\/\/farm-baler.com\" target=\"_blank\" rel=\"noopener\">Kidneyb\u00f6nuppryckningsmaskin<\/a>?<\/strong><br \/>\nMaskinens prim\u00e4ra funktion \u00e4r att effektivt rycka upp kidneyb\u00f6norna ur jorden. Den anv\u00e4nder ett fram\u00e5triktat skjutsystem med fyra kammare som minimerar skador p\u00e5 b\u00f6norna och \u00f6kar sk\u00f6rdehastigheten.<\/li>\n<li><strong>Hur fungerar 4-r\u00e4smekanismen f\u00f6r fram\u00e5tskjutning?<\/strong><br \/>\nDen fram\u00e5triktade mekanismen med fyra \u00e5sar trycker kidneyb\u00f6norna fram\u00e5t genom jorden och rycker f\u00f6rsiktigt upp dem med r\u00f6tterna samtidigt som deras kvalitet och struktur bibeh\u00e5lls. Denna teknik minskar v\u00e4xtskador och s\u00e4kerst\u00e4ller en sk\u00f6rd av b\u00e4ttre kvalitet.<\/li>\n<li><strong>Kan typ 4BYQ-2.6 anv\u00e4ndas f\u00f6r andra typer av gr\u00f6dor?<\/strong><br \/>\n\u00c4ven om den \u00e4r optimerad f\u00f6r kidneyb\u00f6nor kan typ 4BYQ-2.6 \u00e4ven anpassas f\u00f6r andra gr\u00f6dor med liknande rotstrukturer. Kontakta tillverkaren f\u00f6r specifika justeringar.<\/li>\n<li><strong>\u00c4r typ 4BYQ-2.6 l\u00e4tt att underh\u00e5lla?<\/strong><br \/>\nJa, maskinen kr\u00e4ver minimalt underh\u00e5ll, med regelbunden reng\u00f6ring, sm\u00f6rjning och enstaka delar. Detta s\u00e4kerst\u00e4ller smidig och p\u00e5litlig prestanda under hela dess livsl\u00e4ngd.<\/li>\n<li><strong>Vilken \u00e4r garantiperioden f\u00f6r maskinen f\u00f6r uppryckning av kidneyb\u00f6nor av typ 4BYQ-2.6?<\/strong><br \/>\nMaskinen levereras med 3 \u00e5rs garanti, vilket garanterar skydd mot tillverkningsfel och ger k\u00f6parna sinnesro.<\/li>\n<li><strong>Hur l\u00e5ng tid tar det att f\u00e5 maskinen efter att man lagt en best\u00e4llning?<\/strong><br \/>\nLeveranstiderna varierar beroende p\u00e5 plats, men vi erbjuder snabb global frakt, vilket s\u00e4kerst\u00e4ller att din maskin anl\u00e4nder inom kortast m\u00f6jliga tid.<\/li>\n<li><strong>\u00c4r maskinen l\u00e4mplig f\u00f6r ekologiskt jordbruk?<\/strong><br \/>\nJa, typ 4BYQ-2.6 \u00e4r perfekt f\u00f6r ekologiskt jordbruk eftersom den minimerar markst\u00f6rningar, bibeh\u00e5ller jordens integritet och st\u00f6der h\u00e5llbara metoder.<\/li>\n<li><strong>Kan typ 4BYQ-2.6 anv\u00e4ndas p\u00e5 sm\u00e5skaliga g\u00e5rdar?<\/strong><br \/>\nJa, maskinen \u00e4r m\u00e5ngsidig och kan anv\u00e4ndas effektivt p\u00e5 b\u00e5de sm\u00e5skaliga g\u00e5rdar och storskaliga verksamheter.<\/li>\n<li><strong>Vilken kapacitet har typ 4BYQ-2.6?<\/strong><br \/>\nMaskinen kan hantera stora ytor effektivt, vilket g\u00f6r den idealisk f\u00f6r storskalig b\u00f6nodling.<\/li>\n<li><strong>Vad ska jag g\u00f6ra om maskinen inte fungerar?<\/strong><br \/>\nOm maskinen inte fungerar kan du kontakta v\u00e5r kundtj\u00e4nst f\u00f6r fels\u00f6kning och hj\u00e4lp. Vi erbjuder \u00e4ven reparation och reservdelstj\u00e4nster.<\/li>\n<li><strong>Hur mycket kostar typ 4BYQ-2.6?<\/strong><br \/>\nKostnaden f\u00f6r typ 4BYQ-2.6 varierar beroende p\u00e5 anpassning och plats. Kontakta oss f\u00f6r en personlig offert.<\/li>\n<li><strong>Kan maskinen anpassas f\u00f6r att passa specifika behov?<\/strong><br \/>\nJa, vi erbjuder anpassningsalternativ f\u00f6r typ 4BYQ-2.6 f\u00f6r att m\u00f6ta specifika krav och f\u00f6rh\u00e5llanden p\u00e5 g\u00e5rden.<\/li>\n<li><strong>Hur l\u00e5ng \u00e4r leveranstiden?<\/strong><br \/>\nLeveranstiden varierar beroende p\u00e5 plats, men vi garanterar snabb leverans till alla l\u00e4nder, vanligtvis inom n\u00e5gra veckor.<\/li>\n<li><strong>Finns utbildning tillg\u00e4nglig f\u00f6r att anv\u00e4nda typ 4BYQ-2.6?<\/strong><br \/>\nJa, vi erbjuder utbildning i hur man anv\u00e4nder maskinen effektivt, vilket s\u00e4kerst\u00e4ller maximal produktivitet.<\/li>\n<\/ol>\n<p>redigerad av gzl<\/p>","protected":false},"excerpt":{"rendered":"<p>4BYQ-2.6 kidneyb\u00f6nsuppryckningsmaskinen \u00e4r ett h\u00f6gpresterande jordbruksredskap utformat f\u00f6r effektiv sk\u00f6rd av kidneyb\u00f6nor. Med en arbetsbredd p\u00e5 2,6 meter och ett effektomr\u00e5de p\u00e5 66-88 kW kan denna maskin t\u00e4cka stora omr\u00e5den snabbt och effektivt. Dess fj\u00e4derliknande upptagningsmekanism s\u00e4kerst\u00e4ller minimala skador p\u00e5 v\u00e4xterna, medan den justerbara arbetshastigheten (6-10 km\/h) och h\u00f6ga produktionseffektiviteten (1,56-2,6 hektar per timme) maximerar produktiviteten. 4BYQ-2.6 \u00e4r utformad f\u00f6r anv\u00e4ndning av en enda operat\u00f6r och \u00e4r idealisk f\u00f6r b\u00f6nodlingar, eftersom den erbjuder h\u00e5llbarhet, anv\u00e4ndarv\u00e4nlighet och snabb drift f\u00f6r att effektivisera sk\u00f6rdsprocessen av kidneyb\u00f6nor.<\/p>","protected":false},"featured_media":274,"template":"","meta":{"_et_pb_use_builder":"","_et_pb_old_content":"","_et_gb_content_width":""},"product_brand":[],"product_cat":[22],"product_tag":[],"class_list":{"0":"post-229","1":"product","2":"type-product","3":"status-publish","4":"has-post-thumbnail","6":"product_cat-kidney-bean-puller","8":"first","9":"instock","10":"shipping-taxable","11":"product-type-simple"},"_links":{"self":[{"href":"https:\/\/square-balers.com\/sv\/wp-json\/wp\/v2\/product\/229","targetHints":{"allow":["GET"]}}],"collection":[{"href":"https:\/\/square-balers.com\/sv\/wp-json\/wp\/v2\/product"}],"about":[{"href":"https:\/\/square-balers.com\/sv\/wp-json\/wp\/v2\/types\/product"}],"wp:featuredmedia":[{"embeddable":true,"href":"https:\/\/square-balers.com\/sv\/wp-json\/wp\/v2\/media\/274"}],"wp:attachment":[{"href":"https:\/\/square-balers.com\/sv\/wp-json\/wp\/v2\/media?parent=229"}],"wp:term":[{"taxonomy":"product_brand","embeddable":true,"href":"https:\/\/square-balers.com\/sv\/wp-json\/wp\/v2\/product_brand?post=229"},{"taxonomy":"product_cat","embeddable":true,"href":"https:\/\/square-balers.com\/sv\/wp-json\/wp\/v2\/product_cat?post=229"},{"taxonomy":"product_tag","embeddable":true,"href":"https:\/\/square-balers.com\/sv\/wp-json\/wp\/v2\/product_tag?post=229"}],"curies":[{"name":"wp","href":"https:\/\/api.w.org\/{rel}","templated":true}]}}