{"id":231,"date":"2025-11-24T09:49:25","date_gmt":"2025-11-24T09:49:25","guid":{"rendered":"https:\/\/square-balers.com\/?post_type=product&#038;p=231"},"modified":"2025-12-18T03:02:23","modified_gmt":"2025-12-18T03:02:23","slug":"9jyy-2-5-plockning-och-transport","status":"publish","type":"product","link":"https:\/\/square-balers.com\/sv\/produkt\/9jyy-2-5-plockning-och-transport\/","title":{"rendered":"Utm\u00e4rkt maskin f\u00f6r plockning och transport av rundbalar av typ 9JYY-2.5"},"content":{"rendered":"<p data-start=\"314\" data-end=\"343\">Den utm\u00e4rkta rundbalsplocknings- och transportmaskinen av typen 9JYY-2.5 \u00e4r ett mycket effektivt jordbruksredskap utformat f\u00f6r insamling, transport och hantering av rundbalar p\u00e5 f\u00e4ltet. Den kan avsev\u00e4rt minska arbetstiden och f\u00f6rb\u00e4ttra driftseffektiviteten, vilket g\u00f6r den till en oumb\u00e4rlig maskin f\u00f6r moderna g\u00e5rdar. Den h\u00e4r artikeln kommer att utforska maskinens funktioner, f\u00f6rdelar och arbetsprinciper f\u00f6r att hj\u00e4lpa dig att fatta ett v\u00e4lgrundat beslut.<\/p>\n<h2 data-start=\"314\" data-end=\"343\">Tekniska specifikationer<\/h2>\n<div class=\"_tableContainer_1rjym_1\">\n<div class=\"group _tableWrapper_1rjym_13 flex w-fit flex-col-reverse\" tabindex=\"-1\">\n<table class=\"w-fit min-w-(--thread-content-width)\" style=\"height: 276px; border-color: #000000;\" data-start=\"345\" data-end=\"1440\">\n<thead data-start=\"345\" data-end=\"426\">\n<tr style=\"height: 23px;\" data-start=\"345\" data-end=\"426\">\n<th style=\"height: 23px; width: 137.742px;\" data-start=\"345\" data-end=\"375\" data-col-size=\"sm\">Punkt<\/th>\n<th style=\"height: 23px; width: 30.3438px;\" data-start=\"375\" data-end=\"392\" data-col-size=\"sm\">Enhet<\/th>\n<th style=\"height: 23px; width: 348.141px;\" data-start=\"392\" data-end=\"426\" data-col-size=\"md\">Specifikation<\/th>\n<\/tr>\n<\/thead>\n<tbody data-start=\"509\" data-end=\"1440\">\n<tr style=\"height: 23px;\" data-start=\"509\" data-end=\"613\">\n<td style=\"height: 23px; width: 137.742px;\" data-start=\"509\" data-end=\"540\" data-col-size=\"sm\">Modellnamn<\/td>\n<td style=\"height: 23px; width: 30.3438px;\" data-start=\"540\" data-end=\"557\" data-col-size=\"sm\">–<\/td>\n<td style=\"height: 23px; width: 348.141px;\" data-start=\"557\" data-end=\"613\" data-col-size=\"md\">9JYY-2.5 rundbalsplocknings- och transportmaskin<\/td>\n<\/tr>\n<tr style=\"height: 23px;\" data-start=\"614\" data-end=\"695\">\n<td style=\"height: 23px; width: 137.742px;\" data-start=\"614\" data-end=\"645\" data-col-size=\"sm\">Anslutningsmetod<\/td>\n<td style=\"height: 23px; width: 30.3438px;\" data-start=\"645\" data-end=\"662\" data-col-size=\"sm\">–<\/td>\n<td style=\"height: 23px; width: 348.141px;\" data-start=\"662\" data-end=\"695\" data-col-size=\"md\">Dragkraftstyp<\/td>\n<\/tr>\n<tr style=\"height: 23px;\" data-start=\"696\" data-end=\"777\">\n<td style=\"height: 23px; width: 137.742px;\" data-start=\"696\" data-end=\"727\" data-col-size=\"sm\">Utmatningsmetod<\/td>\n<td style=\"height: 23px; width: 30.3438px;\" data-start=\"727\" data-end=\"744\" data-col-size=\"sm\">–<\/td>\n<td style=\"height: 23px; width: 348.141px;\" data-start=\"744\" data-end=\"777\" data-col-size=\"md\">V\u00e4tsketryck<\/td>\n<\/tr>\n<tr style=\"height: 23px;\" data-start=\"778\" data-end=\"860\">\n<td style=\"height: 23px; width: 137.742px;\" data-start=\"778\" data-end=\"809\" data-col-size=\"sm\">Maxvikt<\/td>\n<td style=\"height: 23px; width: 30.3438px;\" data-start=\"809\" data-end=\"826\" data-col-size=\"sm\">kg<\/td>\n<td style=\"height: 23px; width: 348.141px;\" data-start=\"826\" data-end=\"860\" data-col-size=\"md\">2500<\/td>\n<\/tr>\n<tr style=\"height: 23px;\" data-start=\"861\" data-end=\"943\">\n<td style=\"height: 23px; width: 137.742px;\" data-start=\"861\" data-end=\"892\" data-col-size=\"sm\">Str\u00f6mf\u00f6rs\u00f6rjningsintervall<\/td>\n<td style=\"height: 23px; width: 30.3438px;\" data-start=\"892\" data-end=\"909\" data-col-size=\"sm\">kW<\/td>\n<td style=\"height: 23px; width: 348.141px;\" data-start=\"909\" data-end=\"943\" data-col-size=\"md\">\u226520<\/td>\n<\/tr>\n<tr style=\"height: 23px;\" data-start=\"944\" data-end=\"1026\">\n<td style=\"height: 23px; width: 137.742px;\" data-start=\"944\" data-end=\"975\" data-col-size=\"sm\">Arbetstryck<\/td>\n<td style=\"height: 23px; width: 30.3438px;\" data-start=\"975\" data-end=\"992\" data-col-size=\"sm\">MPa<\/td>\n<td style=\"height: 23px; width: 348.141px;\" data-start=\"992\" data-end=\"1026\" data-col-size=\"md\">\u226516<\/td>\n<\/tr>\n<tr style=\"height: 23px;\" data-start=\"1027\" data-end=\"1109\">\n<td style=\"height: 23px; width: 137.742px;\" data-start=\"1027\" data-end=\"1058\" data-col-size=\"sm\">Driftshastighet<\/td>\n<td style=\"height: 23px; width: 30.3438px;\" data-start=\"1058\" data-end=\"1075\" data-col-size=\"sm\">km\/h<\/td>\n<td style=\"height: 23px; width: 348.141px;\" data-start=\"1075\" data-end=\"1109\" data-col-size=\"md\">\u226440<\/td>\n<\/tr>\n<tr style=\"height: 23px;\" data-start=\"1110\" data-end=\"1191\">\n<td style=\"height: 23px; width: 137.742px;\" data-start=\"1110\" data-end=\"1141\" data-col-size=\"sm\">Hjultyp<\/td>\n<td style=\"height: 23px; width: 30.3438px;\" data-start=\"1141\" data-end=\"1158\" data-col-size=\"sm\">–<\/td>\n<td style=\"height: 23px; width: 348.141px;\" data-start=\"1158\" data-end=\"1191\" data-col-size=\"md\">10.0\/80-12 (Dubbla hjul)<\/td>\n<\/tr>\n<tr style=\"height: 23px;\" data-start=\"1192\" data-end=\"1274\">\n<td style=\"height: 23px; width: 137.742px;\" data-start=\"1192\" data-end=\"1223\" data-col-size=\"sm\">Balstorlek (justerbar)<\/td>\n<td style=\"height: 23px; width: 30.3438px;\" data-start=\"1223\" data-end=\"1240\" data-col-size=\"sm\">mm<\/td>\n<td style=\"height: 23px; width: 348.141px;\" data-start=\"1240\" data-end=\"1274\" data-col-size=\"md\">Diameter 1300, l\u00e4ngd 1000-1500<\/td>\n<\/tr>\n<tr style=\"height: 23px;\" data-start=\"1275\" data-end=\"1357\">\n<td style=\"height: 23px; width: 137.742px;\" data-start=\"1275\" data-end=\"1306\" data-col-size=\"sm\">Totala m\u00e5tt<\/td>\n<td style=\"height: 23px; width: 30.3438px;\" data-start=\"1306\" data-end=\"1323\" data-col-size=\"sm\">mm<\/td>\n<td style=\"height: 23px; width: 348.141px;\" data-start=\"1323\" data-end=\"1357\" data-col-size=\"md\">10300\u00d72420\u00d72485<\/td>\n<\/tr>\n<tr style=\"height: 23px;\" data-start=\"1358\" data-end=\"1440\">\n<td style=\"height: 23px; width: 137.742px;\" data-start=\"1358\" data-end=\"1389\" data-col-size=\"sm\">Total maskinvikt<\/td>\n<td style=\"height: 23px; width: 30.3438px;\" data-start=\"1389\" data-end=\"1406\" data-col-size=\"sm\">kg<\/td>\n<td style=\"height: 23px; width: 348.141px;\" data-start=\"1406\" data-end=\"1440\" data-col-size=\"md\">1165<\/td>\n<\/tr>\n<\/tbody>\n<\/table>\n<\/div>\n<\/div>\n<h2>Produktdefinition<\/h2>\n<p>Den utm\u00e4rkta rundbalsplocknings- och transportmaskinen av typen 9JYY-2.5 \u00e4r konstruerad f\u00f6r att effektivt samla in, lyfta och transportera rundbalar fr\u00e5n f\u00e4ltet till lagrings- eller lastningsutrymmen. Den ger lantbrukare och jordbruksproduktion en p\u00e5litlig och arbetsbesparande l\u00f6sning, vilket \u00f6kar produktiviteten och minskar manuellt arbete.<\/p>\n<h2>Problem som \u00e5tg\u00e4rdas av den utm\u00e4rkta rundbalsplocknings- och transportmaskinen av typ 9JYY-2.5<\/h2>\n<p>Denna maskin hanterar flera kritiska utmaningar inom jordbruksbalhantering, inklusive:<\/p>\n<ul>\n<li><strong>Minskning av manuellt arbete:<\/strong> Minimerar behovet av arbetsintensiv manuell hantering av balar.<\/li>\n<li><strong>Effektivitet inom transport:<\/strong> Snabbare upptagning och transport av balar \u00f6ver f\u00e4lt.<\/li>\n<li><strong>Skadef\u00f6rebyggande:<\/strong> Minskar risken f\u00f6r skador p\u00e5 balar under hantering och transport.<\/li>\n<li><strong>Tidsbesparande:<\/strong> \u00d6kar den operativa effektiviteten, vilket g\u00f6r att arbetarna kan hantera fler balar p\u00e5 kortare tid.<\/li>\n<li><strong>F\u00f6rb\u00e4ttrad balhantering:<\/strong> S\u00e4kerst\u00e4ller s\u00e4ker hantering av balar, vilket f\u00f6rhindrar krossning och f\u00f6rlust.<\/li>\n<\/ul>\n<h2>Viktiga f\u00f6rdelar med den utm\u00e4rkta rundbalsplocknings- och transportmaskinen av typ 9JYY-2.5<\/h2>\n<p>Excellent Type 9JYY-2.5 erbjuder m\u00e5nga f\u00f6rdelar f\u00f6r lantbruksproffs, vilket g\u00f6r den till ett utm\u00e4rkt val p\u00e5 marknaden f\u00f6r balhanteringsmaskiner:<\/p>\n<ul>\n<li><strong>H\u00f6g effektivitet:<\/strong> Kan snabbt samla in och transportera stora m\u00e4ngder balar, vilket \u00f6kar produktiviteten p\u00e5 stora g\u00e5rdar.<\/li>\n<li><strong>H\u00e5llbar konstruktion:<\/strong> Tillverkad med h\u00f6gkvalitativa material f\u00f6r att klara tuffa f\u00e4ltf\u00f6rh\u00e5llanden, vilket s\u00e4kerst\u00e4ller l\u00e5ng livsl\u00e4ngd och minimalt underh\u00e5ll.<\/li>\n<li><strong>Enkel anv\u00e4ndning:<\/strong> Utformad med anv\u00e4ndarv\u00e4nliga kontroller, vilket g\u00f6r att operat\u00f6rerna kan arbeta med l\u00e4tthet och minska tr\u00f6ttheten hos dem.<\/li>\n<li><strong>M\u00e5ngsidighet:<\/strong> L\u00e4mplig f\u00f6r en m\u00e4ngd olika baltyper och storlekar, vilket g\u00f6r den idealisk f\u00f6r olika jordbruksupps\u00e4ttningar.<\/li>\n<li><strong>Kostnadseffektiv:<\/strong> Minskar behovet av ytterligare arbetskraft och transportutrustning, vilket sparar driftskostnader \u00f6ver tid.<\/li>\n<\/ul>\n<h2>Arbetsprincip f\u00f6r den utm\u00e4rkta typen 9JYY-2.5 rundbalsplocknings- och transportmaskinen<\/h2>\n<p>Excellent Type 9JYY-2.5 anv\u00e4nder ett enkelt men effektivt system. Den anv\u00e4nder en kraftfull hydraulisk mekanism f\u00f6r att plocka upp och transportera rundbalar \u00f6ver olika terr\u00e4nger. Maskinens automatiserade balplockarm griper tag i balarna, lyfter dem s\u00e4kert och placerar dem p\u00e5 transportplattformen. D\u00e4refter levererar det integrerade transportsystemet balarna till \u00f6nskad plats, vilket minimerar m\u00e4nsklig inblandning och minskar den totala hanteringstiden.<\/p>\n<p style=\"text-align: center;\"><img loading=\"lazy\" decoding=\"async\" class=\"alignnone size-medium wp-image-277\" src=\"https:\/\/square-balers.com\/wp-content\/uploads\/2025\/11\/ep-Type-9JYY-2.5-Round-Bale-Picking-and-Transporting-Machine-111-300x300.webp\" alt=\"Plockning och transport\" width=\"300\" height=\"300\" \/><\/p>\n<h2>Viktiga anv\u00e4ndningsomr\u00e5den f\u00f6r den utm\u00e4rkta rundbalsplocknings- och transportmaskinen av typen 9JYY-2.5<\/h2>\n<p>Denna maskin \u00e4r idealisk f\u00f6r m\u00e5nga jordbruksmilj\u00f6er och erbjuder viktiga funktioner i en m\u00e4ngd olika scenarier:<\/p>\n<ul>\n<li><strong>Storskaliga g\u00e5rdar:<\/strong> Perfekt f\u00f6r g\u00e5rdar som beh\u00f6ver samla in och transportera stora m\u00e4ngder balar effektivt.<\/li>\n<li><strong>H\u00f6- och halmhantering:<\/strong> Hanterar h\u00f6- och halmbalar effektivt, vilket f\u00f6rb\u00e4ttrar den totala produktiviteten i dessa branscher.<\/li>\n<li><strong>Boskapsg\u00e5rdar:<\/strong> Anv\u00e4ndbar f\u00f6r att transportera h\u00f6balar till djurstall f\u00f6r utfodring.<\/li>\n<li><strong>F\u00e4ltoperationer:<\/strong> Hj\u00e4lper till att p\u00e5skynda baluppsamlingsprocessen p\u00e5 f\u00e4lten under sk\u00f6rdes\u00e4songen.<\/li>\n<li><strong>Lagring och distribution:<\/strong> Underl\u00e4ttar \u00f6verf\u00f6ring av balar fr\u00e5n f\u00e4lt till lagringsutrymmen eller distributionspunkter.<\/li>\n<li><strong>Landsbygdsjordbrukstj\u00e4nster:<\/strong> Betj\u00e4nar jordbruksentrepren\u00f6rer som tillhandah\u00e5ller baltransporttj\u00e4nster till flera kunder.<\/li>\n<\/ul>\n<h2>Hur man v\u00e4ljer r\u00e4tt utm\u00e4rkt typ 9JYY-2.5 rundbalsplocknings- och transportmaskin<\/h2>\n<p>N\u00e4r du v\u00e4ljer r\u00e4tt maskin f\u00f6r dina jordbruksbehov, t\u00e4nk p\u00e5 f\u00f6ljande faktorer:<\/p>\n<ul>\n<li><strong>F\u00e4ltstorlek:<\/strong> V\u00e4lj en maskin baserat p\u00e5 storleken p\u00e5 dina f\u00e4lt f\u00f6r att s\u00e4kerst\u00e4lla effektivitet och produktivitet.<\/li>\n<li><strong>Baltyp:<\/strong> Se till att maskinen kan hantera de specifika typer av balar du arbetar med, till exempel rundbalar eller fyrkantiga balar.<\/li>\n<li><strong>Hydrauliskt system:<\/strong> Utv\u00e4rdera den hydrauliska kapaciteten f\u00f6r att s\u00e4kerst\u00e4lla att den kan lyfta vikten av de balar du planerar att hantera.<\/li>\n<li><strong>Varaktighet:<\/strong> T\u00e4nk p\u00e5 material och konstruktionskvalitet f\u00f6r att s\u00e4kerst\u00e4lla att maskinen h\u00e5ller i tuffa f\u00e4ltf\u00f6rh\u00e5llanden.<\/li>\n<li><strong>Enkel anv\u00e4ndning:<\/strong> V\u00e4lj en modell som erbjuder enkla kontroller f\u00f6r enklare anv\u00e4ndning och minskad utbildningstid f\u00f6r arbetarna.<\/li>\n<li><strong>Underh\u00e5llskrav:<\/strong> V\u00e4lj en modell som \u00e4r l\u00e4tt att underh\u00e5lla och har l\u00e4ttillg\u00e4ngliga reservdelar f\u00f6r att minska stillest\u00e5ndstiden.<\/li>\n<\/ul>\n<h2>Underh\u00e5llstips f\u00f6r den utm\u00e4rkta rundbalsplocknings- och transportmaskinen av typ 9JYY-2.5<\/h2>\n<p>F\u00f6r att s\u00e4kerst\u00e4lla maskinens l\u00e5nga livsl\u00e4ngd och optimala prestanda \u00e4r regelbundet underh\u00e5ll viktigt. F\u00f6lj dessa tips:<\/p>\n<ul>\n<li><strong>Regelbunden reng\u00f6ring:<\/strong> Reng\u00f6r maskinen efter varje anv\u00e4ndning f\u00f6r att f\u00f6rhindra ansamling av smuts och skr\u00e4p, vilket kan p\u00e5verka prestandan.<\/li>\n<li><strong>Kontrollera hydraulv\u00e4tskor:<\/strong> Kontrollera och fyll regelbundet p\u00e5 hydraulv\u00e4tskor f\u00f6r att bibeh\u00e5lla smidig drift.<\/li>\n<li><strong>Kontrollera d\u00e4ck och hjul:<\/strong> Se till att d\u00e4cken \u00e4r ordentligt pumpade och i gott skick f\u00f6r att f\u00f6rhindra haverier under transport.<\/li>\n<li><strong>Sm\u00f6rj r\u00f6rliga delar:<\/strong> Sm\u00f6rj alla r\u00f6rliga komponenter f\u00f6r att minska slitage och s\u00e4kerst\u00e4lla smidig drift.<\/li>\n<li><strong>Kontrollera slitage:<\/strong> Inspektera maskinen f\u00f6r tecken p\u00e5 skador eller slitage, s\u00e4rskilt efter intensiv anv\u00e4ndning, och byt ut delar vid behov.<\/li>\n<\/ul>\n<h2>Kundrecensioner fr\u00e5n olika l\u00e4nder<\/h2>\n<p>V\u00e5r utm\u00e4rkta typ 9JYY-2.5 <a href=\"https:\/\/square-balers.com\/sv\/produkt\/9yg-1-25-rundbalpress\/\">Rundbal<\/a> Plock- och transportmaskinen har f\u00e5tt positiv feedback fr\u00e5n lantbrukare och lantbruksproffs \u00f6ver hela v\u00e4rlden. H\u00e4r \u00e4r n\u00e5gra verkliga recensioner:<\/p>\n<p>\u201dDen h\u00e4r maskinen har gjort en enorm skillnad p\u00e5 v\u00e5r g\u00e5rd. Balplockning och transportering brukade vara s\u00e5 arbetsintensivt, men nu \u00e4r det mycket snabbare och mer effektivt. Vi kan f\u00e5 mer arbete gjort p\u00e5 kortare tid. Den \u00e4r ocks\u00e5 mycket robust och p\u00e5litlig.\u201d<\/p>\n<p>\u2013 <strong>John Smith, USA<\/strong><\/p>\n<p>\u201dVi har anv\u00e4nt 9JYY-2.5 i n\u00e5gra m\u00e5nader nu, och den har revolutionerat v\u00e5r verksamhet. Maskinen \u00e4r l\u00e4tt att anv\u00e4nda och hanterar balar varsamt, vilket minskar skador. Rekommenderas starkt f\u00f6r alla storskaliga g\u00e5rdar.\u201d<\/p>\n<p>\u2013 <strong>Emily Johnson, Australien<\/strong><\/p>\n<p>\u201dEffektiviteten i baltransporten har f\u00f6rb\u00e4ttrats avsev\u00e4rt i v\u00e5r verksamhet. Med den h\u00e4r maskinen kan vi flytta balar snabbare, vilket har hj\u00e4lpt v\u00e5r g\u00e5rd att fungera smidigare under sk\u00f6rdetiden. V\u00e4ldigt imponerad av prestandan!\u201d<\/p>\n<p>\u2013 <strong>Marco Rossi, Italien<\/strong><\/p>\n<p>\u201dSom entrepren\u00f6r som erbjuder baltransporttj\u00e4nster har den h\u00e4r maskinen varit en utm\u00e4rkt investering. Den kan hantera en m\u00e4ngd olika balstorlekar och sparar tid, vilket inneb\u00e4r att vi kan ta oss an fler kunder.\u201d<\/p>\n<p>\u2013 <strong>Lisa Chen, Kina<\/strong><\/p>\n<p>\u201dVi har anv\u00e4nt Excellent Type 9JYY-2.5 i ett \u00e5r nu, och den fungerar fortfarande bra. Den \u00e4r l\u00e4tt att underh\u00e5lla och har blivit en oumb\u00e4rlig del av v\u00e5r jordbruksverksamhet.\u201d<\/p>\n<p>\u2013 <strong>Peter M\u00fcller, Tyskland<\/strong><\/p>\n<h2>Varf\u00f6r v\u00e4lja v\u00e5r utm\u00e4rkta rundbalsplocknings- och transportmaskin av typ 9JYY-2.5?<\/h2>\n<p>V\u00e5r maskin erbjuder exceptionell kvalitet, tillf\u00f6rlitlighet och effektivitet f\u00f6r alla dina balhanteringsbehov. H\u00e4r \u00e4r de viktigaste anledningarna att v\u00e4lja v\u00e5r produkt:<\/p>\n<ul>\n<li><strong>Snabb anpassning:<\/strong> Vi erbjuder snabba anpassningsalternativ f\u00f6r att m\u00f6ta dina specifika jordbruksbehov, vilket s\u00e4kerst\u00e4ller att maskinen passar perfekt f\u00f6r din verksamhet.<\/li>\n<li><strong>Starkt servicest\u00f6d:<\/strong> V\u00e5rt team \u00e4r dedikerade till att erbjuda enast\u00e5ende service, inklusive omfattande support f\u00f6r installation, utbildning och underh\u00e5ll.<\/li>\n<li><strong>3 \u00e5rs garanti:<\/strong> Vi erbjuder en gener\u00f6s 3-\u00e5rsgaranti, vilket garanterar v\u00e5ra kunder sinnesro.<\/li>\n<li><strong>Global snabb leverans:<\/strong> Vi st\u00f6der snabb global frakt, vilket s\u00e4kerst\u00e4ller att din maskin kommer fram n\u00e4r du beh\u00f6ver den.<\/li>\n<li><strong>Omfattande eftermarknadsservice:<\/strong> Vi erbjuder utm\u00e4rkt eftermarknadssupport och s\u00e4kerst\u00e4ller att din maskin h\u00e5ller sig i toppskick under hela sin livsl\u00e4ngd.<\/li>\n<\/ul>\n<h2>Fr\u00e4mja din verksamhet med v\u00e5r utm\u00e4rkta rundbalsplocknings- och transportmaskin av typ 9JYY-2.5<\/h2>\n<p>Genom att v\u00e4lja v\u00e5r utm\u00e4rkta rundbalsplocknings- och transportmaskin av typ 9JYY-2.5 f\u00e5r du en mycket effektiv, h\u00e5llbar och l\u00e4ttanv\u00e4nd l\u00f6sning f\u00f6r jordbruksdrift. V\u00e5r starka tillverkningskapacitet s\u00e4kerst\u00e4ller att varje maskin \u00e4r h\u00e5llbar och fungerar optimalt under en m\u00e4ngd olika f\u00e4ltf\u00f6rh\u00e5llanden.<\/p>\n<p>F\u00f6rutom rundbalsplocknings- och transportmaskinen Excellent Type 9JYY-2.5 erbjuder vi \u00e4ven ett brett utbud av tillbeh\u00f6r och relaterade produkter som hj\u00e4lper dig att optimera din rundbalshantering. Fr\u00e5n reservdelar till olika redskap har vi allt f\u00f6r att s\u00e4kerst\u00e4lla att din verksamhet g\u00e5r smidigt.<\/p>\n<p>Tveka inte! Utforska de kraftfulla funktionerna hos Excellent Type 9JYY-2.5 rundbalsplocknings- och transportmaskin idag. Kontakta oss f\u00f6r att diskutera dina behov och g\u00f6ra ett k\u00f6p. V\u00e5rt team \u00e4r redo att hj\u00e4lpa dig hitta den l\u00f6sning som passar b\u00e4st f\u00f6r din g\u00e5rd.<\/p>\n<h2>Vanliga fr\u00e5gor (FAQ)<\/h2>\n<p><strong>Vilken kapacitet har den utm\u00e4rkta typen 9JYY-2.5 rundbalsplocknings- och transportmaskinen?<\/strong><\/p>\n<p>Maskinen kan effektivt hantera balar upp till 2,5 meter i diameter och kan transportera upp till 50 balar per timme beroende p\u00e5 f\u00e4ltf\u00f6rh\u00e5llandena.<\/p>\n<p><strong>Hur fungerar hydraulsystemet i Excellent Type 9JYY-2.5?<\/strong><\/p>\n<p>Hydraulsystemet lyfter balen med hj\u00e4lp av kraftfulla hydraularmar, som s\u00e4kert griper tag i och lyfter balen f\u00f6r transport. Hydraulsystemet \u00e4r konstruerat f\u00f6r h\u00f6g effektivitet, vilket garanterar smidig och s\u00e4ker drift.<\/p>\n<p><strong>Vilka typer av f\u00e4lt \u00e4r l\u00e4mpliga f\u00f6r att anv\u00e4nda den h\u00e4r maskinen?<\/strong><\/p>\n<p>Excellent Type 9JYY-2.5 \u00e4r konstruerad f\u00f6r en m\u00e4ngd olika f\u00e4lttyper, inklusive platt, l\u00e4tt kuperad och m\u00e5ttligt oj\u00e4mn terr\u00e4ng. Den fungerar b\u00e4st p\u00e5 stora \u00f6ppna f\u00e4lt med gott om utrymme f\u00f6r baltransport.<\/p>\n<p><strong>Kan maskinen anpassas f\u00f6r specifika jordbruksbehov?<\/strong><\/p>\n<p>Ja, vi erbjuder anpassningsalternativ f\u00f6r maskinen f\u00f6r att m\u00f6ta dina specifika krav, till exempel modifieringar f\u00f6r att passa olika balstorlekar eller f\u00e4ltf\u00f6rh\u00e5llanden.<\/p>\n<p><strong>Vilken typ av underh\u00e5ll kr\u00e4ver Excellent Type 9JYY-2.5?<\/strong><\/p>\n<p>Regelbundet underh\u00e5ll inkluderar reng\u00f6ring av maskinen efter anv\u00e4ndning, kontroll av hydraulv\u00e4tskeniv\u00e5er, sm\u00f6rjning av r\u00f6rliga delar och inspektion av d\u00e4ck och hjul f\u00f6r slitage. Rutinm\u00e4ssiga inspektioner s\u00e4kerst\u00e4ller att maskinen fungerar problemfritt i m\u00e5nga \u00e5r.<\/p>\n<p><strong>Finns det n\u00e5gon utbildning f\u00f6r nya operat\u00f6rer?<\/strong><\/p>\n<p>Ja, vi erbjuder utbildning f\u00f6r nya f\u00f6rare och s\u00e4kerst\u00e4ller att de \u00e4r bekanta med maskinens funktioner och korrekta hanteringsprocedurer.<\/p>\n<p><strong>Vilken \u00e4r garantiperioden f\u00f6r Excellent Type 9JYY-2.5?<\/strong><\/p>\n<p>Vi erbjuder 3 \u00e5rs garanti f\u00f6r Excellent Type 9JYY-2.5, vilket ger omfattande t\u00e4ckning f\u00f6r eventuella tillverkningsfel.<\/p>\n<p><strong>Kan Excellent Type 9JYY-2.5 hantera olika typer av balar?<\/strong><\/p>\n<p>Ja, maskinen \u00e4r konstruerad f\u00f6r att hantera b\u00e5de runda och fyrkantiga balar i olika storlekar, vilket g\u00f6r den m\u00e5ngsidig f\u00f6r olika jordbruksverksamheter.<\/p>\n<p><strong>Hur l\u00e5ng tid tar det att skicka Excellent Type 9JYY-2.5?<\/strong><\/p>\n<p>Leveranstiderna varierar beroende p\u00e5 din plats, men vi erbjuder snabb global frakt f\u00f6r att s\u00e4kerst\u00e4lla att du f\u00e5r din maskin s\u00e5 snabbt som m\u00f6jligt.<\/p>\n<p><strong>Vilka betalningsalternativ finns tillg\u00e4ngliga?<\/strong><\/p>\n<p>Vi accepterar en m\u00e4ngd olika betalningsmetoder, inklusive bank\u00f6verf\u00f6ringar, kreditkort och andra s\u00e4kra onlinebetalningsalternativ f\u00f6r din bekv\u00e4mlighet.<\/p>\n<p><strong>Finns teknisk support tillg\u00e4nglig efter k\u00f6pet?<\/strong><\/p>\n<p>Ja, vi erbjuder kontinuerlig teknisk support och assistans under hela maskinens livsl\u00e4ngd, vilket s\u00e4kerst\u00e4ller att du f\u00e5r hj\u00e4lp n\u00e4rhelst det beh\u00f6vs.<\/p>\n<p><strong>Hur kontaktar jag kundsupport?<\/strong><\/p>\n<p>Du kan n\u00e5 v\u00e5r kundsupport via e-post, telefon eller v\u00e5rt kontaktformul\u00e4r online f\u00f6r att f\u00e5 hj\u00e4lp med eventuella fr\u00e5gor eller problem.<\/p>\n<p><strong>Vilka \u00e4r f\u00f6rdelarna med att anv\u00e4nda den h\u00e4r maskinen j\u00e4mf\u00f6rt med manuell balhantering?<\/strong><\/p>\n<p>Genom att anv\u00e4nda Excellent Type 9JYY-2.5 minskas manuellt arbete drastiskt, effektiviteten \u00f6kas, skador p\u00e5 balar minimeras och hela balhanteringsprocessen p\u00e5skyndas, vilket g\u00f6r den mer kostnadseffektiv p\u00e5 l\u00e5ng sikt.<\/p>\n<p><strong>Finns reservdelar l\u00e4tt tillg\u00e4ngliga f\u00f6r Excellent Type 9JYY-2.5?<\/strong><\/p>\n<p>Ja, reservdelar finns l\u00e4ttillg\u00e4ngliga och kan skickas till dig snabbt f\u00f6r att minimera stillest\u00e5ndstiden.<\/p>\n<p>redigerad av gzl<\/p>\n<p>&nbsp;<\/p>","protected":false},"excerpt":{"rendered":"<p>9JYY-2.5 rundbalsplocknings- och transportmaskinen \u00e4r ett robust och effektivt verktyg utformat f\u00f6r att effektivisera processen att plocka upp och transportera rundbalar i storskaliga h\u00f6balsodlingar. Maskinen har en maximal lastkapacitet p\u00e5 2500 kg och en driftshastighet p\u00e5 upp till 40 km\/h, vilket avsev\u00e4rt f\u00f6rb\u00e4ttrar produktionseffektiviteten. Utrustad med ett hydrauliskt avlastningssystem kan den hantera balar upp till 1300 mm i diameter, med justerbar ball\u00e4ngd (1000-1500 mm). Dess robusta och h\u00e5llbara struktur, dubbelhjulsdesign och kraftfulla motor med en effekt p\u00e5 \u226520 kW g\u00f6r att den enkelt kan hantera tunga balar och prestera utm\u00e4rkt under olika f\u00e4ltf\u00f6rh\u00e5llanden.<\/p>","protected":false},"featured_media":277,"template":"","meta":{"_et_pb_use_builder":"","_et_pb_old_content":"","_et_gb_content_width":""},"product_brand":[],"product_cat":[24],"product_tag":[],"class_list":{"0":"post-231","1":"product","2":"type-product","3":"status-publish","4":"has-post-thumbnail","6":"product_cat-other-series-products","8":"first","9":"instock","10":"shipping-taxable","11":"product-type-simple"},"_links":{"self":[{"href":"https:\/\/square-balers.com\/sv\/wp-json\/wp\/v2\/product\/231","targetHints":{"allow":["GET"]}}],"collection":[{"href":"https:\/\/square-balers.com\/sv\/wp-json\/wp\/v2\/product"}],"about":[{"href":"https:\/\/square-balers.com\/sv\/wp-json\/wp\/v2\/types\/product"}],"wp:featuredmedia":[{"embeddable":true,"href":"https:\/\/square-balers.com\/sv\/wp-json\/wp\/v2\/media\/277"}],"wp:attachment":[{"href":"https:\/\/square-balers.com\/sv\/wp-json\/wp\/v2\/media?parent=231"}],"wp:term":[{"taxonomy":"product_brand","embeddable":true,"href":"https:\/\/square-balers.com\/sv\/wp-json\/wp\/v2\/product_brand?post=231"},{"taxonomy":"product_cat","embeddable":true,"href":"https:\/\/square-balers.com\/sv\/wp-json\/wp\/v2\/product_cat?post=231"},{"taxonomy":"product_tag","embeddable":true,"href":"https:\/\/square-balers.com\/sv\/wp-json\/wp\/v2\/product_tag?post=231"}],"curies":[{"name":"wp","href":"https:\/\/api.w.org\/{rel}","templated":true}]}}