{"id":350,"date":"2025-12-16T03:33:50","date_gmt":"2025-12-16T03:33:50","guid":{"rendered":"https:\/\/square-balers.com\/?post_type=product&#038;p=350"},"modified":"2025-12-19T02:03:17","modified_gmt":"2025-12-19T02:03:17","slug":"9gd-2-5-taktsklippare-med-enkel-kniv","status":"publish","type":"product","link":"https:\/\/square-balers.com\/sv\/produkt\/9gd-2-5-taktsklippare-med-enkel-kniv\/","title":{"rendered":"9GD-2.5 Traktionsklippare med ett blad"},"content":{"rendered":"<p>9GD-2.5 Traction Single-Blade Mower \u00e4r en robust och effektiv utrustning designad f\u00f6r olika jordbruks- och landskapsarkitekturbehov. Denna gr\u00e4sklippare har \u00f6verl\u00e4gsen prestanda och enkelt underh\u00e5ll, vilket g\u00f6r den idealisk f\u00f6r b\u00e5de proffs och g\u00f6r-det-sj\u00e4lv-entusiaster som vill f\u00f6renkla sin gr\u00e4sklippningsresa. Oavsett om du underh\u00e5ller stora gr\u00e4smattor, f\u00e4lt eller parker, hanterar 9GD-2.5 enkelt alla typer av t\u00e4t vegetation med o\u00f6vertr\u00e4ffad precision och effektivitet.<\/p>\n<h2>Teknisk specifikation<\/h2>\n<table style=\"height: 394px; border-color: #000000;\">\n<thead>\n<tr style=\"height: 47px;\">\n<th style=\"height: 47px; width: 94.25px;\">Serienummer<\/th>\n<th style=\"height: 47px; width: 282.148px;\">Punkt<\/th>\n<th style=\"height: 47px; width: 42.8125px;\">Enhet<\/th>\n<th style=\"height: 47px; width: 229.789px;\">Specifikation<\/th>\n<\/tr>\n<\/thead>\n<tbody>\n<tr style=\"height: 47px;\">\n<td style=\"height: 47px; width: 94.25px;\">1<\/td>\n<td style=\"height: 47px; width: 282.148px;\">Modellnamn<\/td>\n<td style=\"height: 47px; width: 42.8125px;\">\/<\/td>\n<td style=\"height: 47px; width: 229.789px;\">9GD-2.5 Traktionsklippare med en kniv<\/td>\n<\/tr>\n<tr style=\"height: 23px;\">\n<td style=\"height: 23px; width: 94.25px;\">2<\/td>\n<td style=\"height: 23px; width: 282.148px;\">Hitching-metoden<\/td>\n<td style=\"height: 23px; width: 42.8125px;\">\/<\/td>\n<td style=\"height: 23px; width: 229.789px;\">Dragtyp<\/td>\n<\/tr>\n<tr style=\"height: 23px;\">\n<td style=\"height: 23px; width: 94.25px;\">3<\/td>\n<td style=\"height: 23px; width: 282.148px;\">Typ av sk\u00e4rstruktur<\/td>\n<td style=\"height: 23px; width: 42.8125px;\">\/<\/td>\n<td style=\"height: 23px; width: 229.789px;\">Fram- och \u00e5terg\u00e5ende typ<\/td>\n<\/tr>\n<tr style=\"height: 23px;\">\n<td style=\"height: 23px; width: 94.25px;\">4<\/td>\n<td style=\"height: 23px; width: 282.148px;\">Sk\u00e4rbredd<\/td>\n<td style=\"height: 23px; width: 42.8125px;\">m<\/td>\n<td style=\"height: 23px; width: 229.789px;\">2.5<\/td>\n<\/tr>\n<tr style=\"height: 23px;\">\n<td style=\"height: 23px; width: 94.25px;\">5<\/td>\n<td style=\"height: 23px; width: 282.148px;\">Matchande effektomr\u00e5de<\/td>\n<td style=\"height: 23px; width: 42.8125px;\">kW<\/td>\n<td style=\"height: 23px; width: 229.789px;\">15-35<\/td>\n<\/tr>\n<tr style=\"height: 23px;\">\n<td style=\"height: 23px; width: 94.25px;\">6<\/td>\n<td style=\"height: 23px; width: 282.148px;\">Driftshastighetsomr\u00e5de<\/td>\n<td style=\"height: 23px; width: 42.8125px;\">km\/h<\/td>\n<td style=\"height: 23px; width: 229.789px;\">6~10<\/td>\n<\/tr>\n<tr style=\"height: 23px;\">\n<td style=\"height: 23px; width: 94.25px;\">7<\/td>\n<td style=\"height: 23px; width: 282.148px;\">Antal r\u00f6rliga blad<\/td>\n<td style=\"height: 23px; width: 42.8125px;\">st<\/td>\n<td style=\"height: 23px; width: 229.789px;\">34<\/td>\n<\/tr>\n<tr style=\"height: 47px;\">\n<td style=\"height: 47px; width: 94.25px;\">8<\/td>\n<td style=\"height: 47px; width: 282.148px;\">Totala m\u00e5tt (l\u00e4ngd \u00d7 bredd \u00d7 h\u00f6jd)<\/td>\n<td style=\"height: 47px; width: 42.8125px;\">mm<\/td>\n<td style=\"height: 47px; width: 229.789px;\">2000\u00d74300\u00d7950<\/td>\n<\/tr>\n<tr style=\"height: 23px;\">\n<td style=\"height: 23px; width: 94.25px;\">10<\/td>\n<td style=\"height: 23px; width: 282.148px;\">Kraftuttagshastighet<\/td>\n<td style=\"height: 23px; width: 42.8125px;\">varv\/min<\/td>\n<td style=\"height: 23px; width: 229.789px;\">540<\/td>\n<\/tr>\n<tr style=\"height: 23px;\">\n<td style=\"height: 23px; width: 94.25px;\">11<\/td>\n<td style=\"height: 23px; width: 282.148px;\">Genomsnittlig stubbh\u00f6jd<\/td>\n<td style=\"height: 23px; width: 42.8125px;\">mm<\/td>\n<td style=\"height: 23px; width: 229.789px;\">50-70<\/td>\n<\/tr>\n<tr style=\"height: 23px;\">\n<td style=\"height: 23px; width: 94.25px;\">12<\/td>\n<td style=\"height: 23px; width: 282.148px;\">Produktivitet<\/td>\n<td style=\"height: 23px; width: 42.8125px;\">hm\u00b2\/h<\/td>\n<td style=\"height: 23px; width: 229.789px;\">2.0-3.0<\/td>\n<\/tr>\n<tr style=\"height: 23px;\">\n<td style=\"height: 23px; width: 94.25px;\">13<\/td>\n<td style=\"height: 23px; width: 282.148px;\">Antal operat\u00f6rer<\/td>\n<td style=\"height: 23px; width: 42.8125px;\">person<\/td>\n<td style=\"height: 23px; width: 229.789px;\">1<\/td>\n<\/tr>\n<tr style=\"height: 23px;\">\n<td style=\"height: 23px; width: 94.25px;\">14<\/td>\n<td style=\"height: 23px; width: 282.148px;\">Strukturell massa<\/td>\n<td style=\"height: 23px; width: 42.8125px;\">kg<\/td>\n<td style=\"height: 23px; width: 229.789px;\">490<\/td>\n<\/tr>\n<\/tbody>\n<\/table>\n<h2>Produktdefinition<\/h2>\n<p>9GD-2.5 Traction Single-Blade Mower \u00e4r en mycket m\u00e5ngsidig enkelbladig dragklippare som \u00e4r utformad f\u00f6r att enkelt hantera stora ytor med gr\u00e4s, ogr\u00e4s och annan vegetation. Dess avancerade dragsystem ger stabilitet och man\u00f6vrerbarhet, vilket garanterar en smidig klippupplevelse \u00e4ven i oj\u00e4mn terr\u00e4ng. Slitstarka knivar s\u00e4kerst\u00e4ller bibeh\u00e5llen prestanda och effektivitet under en m\u00e4ngd olika milj\u00f6f\u00f6rh\u00e5llanden.<\/p>\n<h2>Problem den kan l\u00f6sa och anv\u00e4nder<\/h2>\n<p>Denna kraftfulla gr\u00e4sklippare \u00e4r utformad f\u00f6r att l\u00f6sa flera utmaningar som landskapsarkitekter, jordbrukare och fastighets\u00e4gare st\u00e5r inf\u00f6r. N\u00e5gra av de problem den \u00e5tg\u00e4rdar inkluderar:<\/p>\n<ul>\n<li><strong>Hantering av oj\u00e4mn terr\u00e4ng:<\/strong> Dragsystemet s\u00e4kerst\u00e4ller att gr\u00e4sklipparen fungerar utan att slira eller tappa kontrollen \u00e4ven p\u00e5 oj\u00e4mna eller kuperade ytor.<\/li>\n<li><strong>Tidseffektivitet:<\/strong> Med ett enda kraftfullt blad minskar behovet av flera \u00f6verfarter, vilket sparar v\u00e4rdefull tid vid st\u00f6rre klippjobb.<\/li>\n<li><strong>H\u00e5llbarhet f\u00f6r tufft gr\u00e4s och ogr\u00e4s:<\/strong> Den hanterar enkelt tjockt, segt gr\u00e4s och ogr\u00e4s, vilket ofta \u00e4r sv\u00e5rt f\u00f6r vanliga gr\u00e4sklippare att hantera.<\/li>\n<li><strong>Arbetskraftsreduktion:<\/strong> Dess effektiva klippmekanism kr\u00e4ver mindre m\u00e4nsklig inblandning, vilket minskar den tid och energi som beh\u00f6vs f\u00f6r underh\u00e5ll av gr\u00e4smatta eller f\u00e4lt.<\/li>\n<li><strong>Kostnadseffektiv drift:<\/strong> Denna gr\u00e4sklippare \u00e4r konstruerad f\u00f6r l\u00e5ngvarig anv\u00e4ndning med minimalt underh\u00e5ll och kan minska de totala driftskostnaderna f\u00f6r kommersiellt bruk.<\/li>\n<\/ul>\n<p style=\"text-align: center;\"><img loading=\"lazy\" decoding=\"async\" class=\"alignnone wp-image-351\" src=\"https:\/\/square-balers.com\/wp-content\/uploads\/2025\/12\/ep-9GD-2.5-Traction-Single-Blade-Mower-1-1-300x195.webp\" alt=\"Enkelbladsklippare\" width=\"458\" height=\"298\" \/><\/p>\n<h2>Produktf\u00f6rdelar<\/h2>\n<ul>\n<li><strong>H\u00f6g dragkraft:<\/strong> Det avancerade dragsystemet ger \u00f6verl\u00e4gset grepp och kontroll, \u00e4ven p\u00e5 sluttande eller oj\u00e4mna ytor, vilket f\u00f6rb\u00e4ttrar den \u00f6vergripande stabiliteten och g\u00f6r den enklare att anv\u00e4nda.<\/li>\n<li><strong>H\u00e5llbar design med ett enda blad:<\/strong> Enkelbladsmekanismen s\u00e4kerst\u00e4ller ett rent och effektivt snitt, vilket minimerar behovet av frekventa bladbyten eller underh\u00e5ll.<\/li>\n<li><strong>Kraftfull motor:<\/strong> Utrustad med en h\u00f6gpresterande motor erbjuder 9GD-2.5 p\u00e5litlig kraft f\u00f6r att hantera stora klippuppgifter, \u00e4ven under tuffa f\u00f6rh\u00e5llanden.<\/li>\n<li><strong>Anv\u00e4ndarv\u00e4nlighet:<\/strong> Med ett intuitivt styrsystem och ergonomisk design \u00e4r denna gr\u00e4sklippare enkel att anv\u00e4nda, vilket minskar anv\u00e4ndartr\u00f6tthet under l\u00e5nga klipppass.<\/li>\n<li><strong>L\u00e5ga underh\u00e5llskrav:<\/strong> Gr\u00e4sklipparen \u00e4r konstruerad f\u00f6r att vara h\u00e5llbar och enkel att underh\u00e5lla, vilket g\u00f6r att anv\u00e4ndarna kan fokusera p\u00e5 sitt arbete ist\u00e4llet f\u00f6r att oroa sig f\u00f6r reparationer.<\/li>\n<\/ul>\n<h2>S\u00e5 fungerar 9GD-2.5 Traction enkelbladsklipparen<\/h2>\n<p>9GD-2.5 drivs med ett enda h\u00f6geffektivt knivblad som drivs av en robust motor. Dragsystemet s\u00e4kerst\u00e4ller att gr\u00e4sklipparen f\u00f6rblir stabil \u00e4ven p\u00e5 oj\u00e4mn mark. N\u00e4r knivarna roterar klipper de gr\u00e4smattan eller vegetationen exakt och rensar effektivt arbetsomr\u00e5det. Den avancerade dragmekanismen justerar gr\u00e4sklipparens hastighet och riktning, vilket g\u00f6r att anv\u00e4ndarna enkelt kan hantera olika terr\u00e4nger.<\/p>\n<h2>Anv\u00e4ndningsomr\u00e5den f\u00f6r 9GD-2.5 Traction enkelbladsklippare<\/h2>\n<p>9GD-2.5 Traction Single-Blade-gr\u00e4sklipparen \u00e4r l\u00e4mplig f\u00f6r flera milj\u00f6er och scenarier, inklusive:<\/p>\n<ul>\n<li><strong>Jordbruksf\u00e4lt:<\/strong> Idealisk f\u00f6r att rensa stora f\u00e4lt fr\u00e5n gr\u00e4s och ogr\u00e4s, s\u00e4rskilt inom jordbruksverksamhet.<\/li>\n<li><strong>Landskapsarkitektur och markunderh\u00e5ll:<\/strong> Perfekt f\u00f6r gr\u00e4sklippning i parker, golfbanor och stora gr\u00e4smattor i bost\u00e4der.<\/li>\n<li><strong>Idrottsplatser:<\/strong> Utm\u00e4rkt f\u00f6r att underh\u00e5lla gr\u00e4set p\u00e5 fotbolls-, fotbolls- eller cricketplaner tack vare dess j\u00e4mna klippf\u00f6rm\u00e5ga.<\/li>\n<li><strong>Skogsbruk och skogsomr\u00e5den:<\/strong> Anv\u00e4ndbar f\u00f6r r\u00f6jning av buskar och mindre tr\u00e4d i skogsbruk.<\/li>\n<li><strong>Kommersiell landskapsarkitektur:<\/strong> Perfekt f\u00f6r landskapsarkitekter som beh\u00f6ver en kraftig gr\u00e4sklippare f\u00f6r att hantera stora fastigheter.<\/li>\n<li><strong>Kommunalt underh\u00e5ll:<\/strong> V\u00e4l l\u00e4mpad f\u00f6r stads- eller kommunstyrelser som underh\u00e5ller offentliga omr\u00e5den som motorv\u00e4gar, v\u00e4gkanter och parker.<\/li>\n<\/ul>\n<h2>Hur man v\u00e4ljer r\u00e4tt 9GD-2.5 Traction enkelbladsklippare<\/h2>\n<p>N\u00e4r du v\u00e4ljer 9GD-2.5, t\u00e4nk p\u00e5 f\u00f6ljande faktorer:<\/p>\n<ul>\n<li><strong>Terr\u00e4ngtyp:<\/strong> T\u00e4nk p\u00e5 om terr\u00e4ngen \u00e4r platt eller oj\u00e4mn. Dragkraftssystemet s\u00e4kerst\u00e4ller optimal prestanda p\u00e5 b\u00e5da typerna av underlag.<\/li>\n<li><strong>Omr\u00e5dets storlek:<\/strong> F\u00f6r stora ytor kan en gr\u00e4sklippare med ett bredare blad eller en kraftfullare motor vara f\u00f6rdelaktig f\u00f6r att f\u00f6rb\u00e4ttra effektiviteten.<\/li>\n<li><strong>Anv\u00e4ndningsfrekvens:<\/strong> F\u00f6r regelbunden, kommersiell anv\u00e4ndning, leta efter ytterligare funktioner som f\u00f6rb\u00e4ttrad h\u00e5llbarhet och enkelt underh\u00e5ll.<\/li>\n<li><strong>Klimatf\u00f6rh\u00e5llanden:<\/strong> Se till att gr\u00e4sklipparen klarar de specifika v\u00e4derf\u00f6rh\u00e5llandena i din region, s\u00e5som extrem v\u00e4rme eller regn.<\/li>\n<li><strong>Budget:<\/strong> V\u00e4lj en modell som passar din budget och samtidigt ger den prestanda och tillf\u00f6rlitlighet som kr\u00e4vs f\u00f6r dina uppgifter.<\/li>\n<li><strong>Eftermarknadsservice:<\/strong> Se till att tillverkaren tillhandah\u00e5ller tillr\u00e4ckligt med support, inklusive garanti, delar och servicealternativ.<\/li>\n<\/ul>\n<h2>Underh\u00e5ll av 9GD-2.5 Traction enkelbladsklippare<\/h2>\n<p>Korrekt underh\u00e5ll s\u00e4kerst\u00e4ller att din 9GD-2.5-gr\u00e4sklippare f\u00f6rblir i optimalt skick i m\u00e5nga \u00e5r fram\u00f6ver:<\/p>\n<ul>\n<li><strong>Knivv\u00e5rd:<\/strong> Kontrollera och slipa regelbundet bladet f\u00f6r att s\u00e4kerst\u00e4lla att det f\u00f6rblir effektivt vid sk\u00e4rning. Ett sl\u00f6t blad kan minska prestandan och orsaka on\u00f6digt slitage p\u00e5 motorn.<\/li>\n<li><strong>Olje- och br\u00e4nslekontroller:<\/strong> Byt olja och kontrollera br\u00e4nsleniv\u00e5n regelbundet f\u00f6r att bibeh\u00e5lla motorns prestanda. Detta f\u00f6rhindrar igens\u00e4ttningar och h\u00e5ller gr\u00e4sklipparen ig\u00e5ng smidigt.<\/li>\n<li><strong>Reng\u00f6ring efter anv\u00e4ndning:<\/strong> Reng\u00f6r gr\u00e4sklipparen efter varje anv\u00e4ndning f\u00f6r att ta bort skr\u00e4p, smuts och gr\u00e4s som kan samlas. Detta f\u00f6rhindrar rost och skador med tiden.<\/li>\n<li><strong>D\u00e4cktryck:<\/strong> Se till att d\u00e4cken \u00e4r ordentligt pumpade f\u00f6r att bibeh\u00e5lla greppet och f\u00f6rhindra oj\u00e4mnt slitage.<\/li>\n<li><strong>Inspektion av dragkraftssystemet:<\/strong> Kontrollera regelbundet att dragkraftssystemet fungerar korrekt, s\u00e4rskilt efter intensiv anv\u00e4ndning. Dra \u00e5t eller byt ut delar vid behov.<\/li>\n<\/ul>\n<p><img loading=\"lazy\" decoding=\"async\" class=\"alignnone wp-image-352 aligncenter\" src=\"https:\/\/square-balers.com\/wp-content\/uploads\/2025\/12\/ep-9GD-2.5-Traction-Single-Blade-Mower-2-1-300x198.webp\" alt=\"Enkelbladsklippare\" width=\"464\" height=\"306\" srcset=\"https:\/\/square-balers.com\/wp-content\/uploads\/2025\/12\/ep-9GD-2.5-Traction-Single-Blade-Mower-2-1-300x198.webp 300w, https:\/\/square-balers.com\/wp-content\/uploads\/2025\/12\/ep-9GD-2.5-Traction-Single-Blade-Mower-2-1-18x12.webp 18w, https:\/\/square-balers.com\/wp-content\/uploads\/2025\/12\/ep-9GD-2.5-Traction-Single-Blade-Mower-2-1.webp 391w\" sizes=\"(max-width: 464px) 100vw, 464px\" \/><\/p>\n<h2>Kundrecensioner<\/h2>\n<p>\u201d9GD-2.5 har f\u00f6rb\u00e4ttrat v\u00e5r effektivitet inom landskapsarkitektur avsev\u00e4rt. Den g\u00f6r underverk p\u00e5 stora f\u00e4lt, \u00e4ven med h\u00e5rt gr\u00e4s och ogr\u00e4s. Dragsystemet h\u00e5ller den stabil \u00e4ven i kuperad terr\u00e4ng, och klippningen \u00e4r exakt. Rekommenderar starkt denna gr\u00e4sklippare till alla som arbetar med landskapsarkitektur!\u201d<br \/>\n<strong>\u2013 John, USA<\/strong><\/p>\n<p>\u201dVi har anv\u00e4nt 9GD-2.5 i flera m\u00e5nader nu, och den har revolutionerat v\u00e5r g\u00e5rd. Den hanterar b\u00e5de gr\u00e4s och l\u00e4tt buskage med l\u00e4tthet, och underh\u00e5llet \u00e4r enkelt. En p\u00e5litlig och h\u00e5llbar gr\u00e4sklippare, definitivt v\u00e4rd investeringen.\u201d<br \/>\n<strong>\u2013 Emma, \u200b\u200bAustralien<\/strong><\/p>\n<p>\u201dFantastisk prestanda! Gr\u00e4sklipparen \u00e4r l\u00e4tt att hantera och dragsystemet \u00e4r perfekt f\u00f6r oj\u00e4mn mark. Vi underh\u00e5ller flera idrottsplatser och den h\u00e4r gr\u00e4sklipparen har minskat v\u00e5r underh\u00e5llstid dramatiskt. En gedigen utrustning!\u201d<br \/>\n<strong>\u2013 Michael, Storbritannien<\/strong><\/p>\n<p>\u201dVi har blivit imponerade av 9GD-2.5. Klippkraften och effektiviteten \u00e4r utm\u00e4rkt, och gr\u00e4sklipparen \u00e4r bekv\u00e4m att anv\u00e4nda. Den \u00e4r mycket enklare att anv\u00e4nda \u00e4n v\u00e5r tidigare modell, och vi har inte haft n\u00e5gra problem med den hittills.\u201d<br \/>\n<strong>\u2013 Sofia, Kanada<\/strong><\/p>\n<p>\u201dJag k\u00f6pte den h\u00e4r gr\u00e4sklipparen till mitt landskapsarkitektf\u00f6retag, och den har varit en riktig tillg\u00e5ng. Dragsystemet fungerar felfritt i alla terr\u00e4nger, och gr\u00e4sklipparen \u00e4r l\u00e4tt att underh\u00e5lla. En gedigen maskin f\u00f6r alla som beh\u00f6ver prestanda p\u00e5 professionell niv\u00e5.\u201d<br \/>\n<strong>\u2013 David, Nya Zeeland<\/strong><\/p>\n<h2>Varf\u00f6r v\u00e4lja v\u00e5r produkt<\/h2>\n<p>V\u00e5r 9GD-2.5-dragkraft <a href=\"https:\/\/square-balers.com\/sv\/produkt\/9-taktsklippare-med-en-kniv\/\">Enkelbladsklippare<\/a> utm\u00e4rker sig f\u00f6r sina snabba anpassningstj\u00e4nster och \u00f6verl\u00e4gsna eftermarknadssupport. Vi erbjuder tre \u00e5rs garanti, vilket ger dig sinnesro vid varje k\u00f6p. V\u00e5ra robusta globala leveransm\u00f6jligheter s\u00e4kerst\u00e4ller snabb leverans f\u00f6r att m\u00f6ta dina specifika best\u00e4llningsbehov. Dessutom \u00e4r v\u00e5r kundtj\u00e4nst alltid redo att hj\u00e4lpa dig, vilket garanterar en smidig och smidig upplevelse fr\u00e5n k\u00f6p till eftermarknadssupport.<\/p>\n<h2>Utforska fler produkter<\/h2>\n<p>Ut\u00f6ver 9GD-2.5 Traction Single-Blade <a href=\"http:\/\/farm-equipment-parts.com\" target=\"_blank\" rel=\"noopener\">Gr\u00e4sklippare<\/a>, erbjuder vi ett brett utbud av h\u00f6gkvalitativa delar och relaterad utrustning f\u00f6r att komplettera dina behov. Fr\u00e5n reservblad till avancerade dragsystem \u00e4r v\u00e5ra produkter utformade f\u00f6r att ge exceptionell prestanda. Vi \u00e4r stolta \u00f6ver v\u00e5ra konkurrenskraftiga priser, utm\u00e4rkta kundservice och f\u00f6rstklassiga produktkvalitet. Kontakta oss idag f\u00f6r att l\u00e4ra dig mer och utforska v\u00e5r fullst\u00e4ndiga katalog.<\/p>\n<p>Kontakta oss nu och uppt\u00e4ck den perfekta l\u00f6sningen f\u00f6r dina klippbehov! Missa inte effektiviteten och tillf\u00f6rlitligheten hos 9GD-2.5 Traction Single-Blade Mower!<\/p>\n<p style=\"text-align: center;\"><img loading=\"lazy\" decoding=\"async\" class=\"alignnone wp-image-353\" src=\"https:\/\/square-balers.com\/wp-content\/uploads\/2025\/12\/ep-9GD-2.5-Traction-Single-Blade-Mower-3-1-300x194.webp\" alt=\"Enkelbladsklippare\" width=\"452\" height=\"292\" srcset=\"https:\/\/square-balers.com\/wp-content\/uploads\/2025\/12\/ep-9GD-2.5-Traction-Single-Blade-Mower-3-1-300x194.webp 300w, https:\/\/square-balers.com\/wp-content\/uploads\/2025\/12\/ep-9GD-2.5-Traction-Single-Blade-Mower-3-1-18x12.webp 18w, https:\/\/square-balers.com\/wp-content\/uploads\/2025\/12\/ep-9GD-2.5-Traction-Single-Blade-Mower-3-1.webp 386w\" sizes=\"(max-width: 452px) 100vw, 452px\" \/><\/p>\n<h2>Vanliga fr\u00e5gor<\/h2>\n<p><strong>Hur presterar 9GD-2.5 Traction Single-Blade Mower i kuperad terr\u00e4ng?<\/strong><\/p>\n<p>9GD-2.5:s avancerade dragkraftssystem s\u00e4kerst\u00e4ller stabil drift p\u00e5 oj\u00e4mna ytor, vilket g\u00f6r den idealisk f\u00f6r kuperad terr\u00e4ng. Gr\u00e4sklipparen bibeh\u00e5ller utm\u00e4rkt grepp och stabilitet, vilket g\u00f6r att du enkelt kan navigera i sluttningar.<\/p>\n<p><strong>Vad \u00e4r underh\u00e5llsschemat f\u00f6r 9GD-2.5-gr\u00e4sklipparen?<\/strong><\/p>\n<p>Regelbundet underh\u00e5ll inkluderar att kontrollera knivens sk\u00e4rpa, reng\u00f6ra gr\u00e4sklipparen efter anv\u00e4ndning och se till att motorn har ny olja. Det \u00e4r ocks\u00e5 viktigt att regelbundet kontrollera drivsystemet och d\u00e4cktrycket.<\/p>\n<p><strong>Kan 9GD-2.5 anv\u00e4ndas f\u00f6r kommersiella \u00e4ndam\u00e5l?<\/strong><\/p>\n<p>Ja, 9GD-2.5 \u00e4r utformad f\u00f6r b\u00e5de bostads- och kommersiellt bruk. Den \u00e4r h\u00e5llbar, effektiv och kan hantera stora ytor, vilket g\u00f6r den perfekt f\u00f6r landskapsarkitekter eller underh\u00e5ll av idrottsplatser.<\/p>\n<p><strong>Hur v\u00e4ljer jag r\u00e4tt 9GD-2.5-modell f\u00f6r mina behov?<\/strong><\/p>\n<p>T\u00e4nk p\u00e5 faktorer som terr\u00e4ngtyp, omr\u00e5desstorlek och anv\u00e4ndningsfrekvens n\u00e4r du v\u00e4ljer en modell. V\u00e5rt team kan hj\u00e4lpa dig att v\u00e4lja den b\u00e4sta konfigurationen baserat p\u00e5 dina specifika krav.<\/p>\n<p><strong>Vilken garanti g\u00e4ller f\u00f6r 9GD-2.5-traktorgr\u00e4sklipparen?<\/strong><\/p>\n<p>9GD-2.5 levereras med 3 \u00e5rs garanti, vilket garanterar skydd mot tillverkningsfel och ger dig f\u00f6rtroende f\u00f6r produktens l\u00e5nga livsl\u00e4ngd.<\/p>\n<p>redigerad av gzl<\/p>","protected":false},"excerpt":{"rendered":"<p>Uppn\u00e5 professionell gr\u00e4smattev\u00e5rd med 9GD-2.5 Traction Single-Blade Mower. Denna gr\u00e4sklippare \u00e4r designad f\u00f6r exceptionellt grepp och precis klippning och byggd f\u00f6r h\u00e5llbarhet och prestanda. Perfekt f\u00f6r hus\u00e4gare och landskapsarkitekter som s\u00f6ker ett p\u00e5litligt, l\u00e4ttanv\u00e4nt verktyg som ger felfria resultat. Med sina avancerade funktioner och \u00f6verl\u00e4gsna byggkvalitet garanterar 9GD-2.5 en smidig och effektiv klippupplevelse varje g\u00e5ng. Ta din gr\u00e4smattev\u00e5rd till n\u00e4sta niv\u00e5 med den perfekta blandningen av kraft, kontroll och klippprecision. Best\u00e4ll nu f\u00f6r en skinande ren gr\u00e4smatta \u00e5ret runt!<\/p>","protected":false},"featured_media":354,"template":"","meta":{"_et_pb_use_builder":"","_et_pb_old_content":"","_et_gb_content_width":""},"product_brand":[],"product_cat":[23],"product_tag":[],"class_list":{"0":"post-350","1":"product","2":"type-product","3":"status-publish","4":"has-post-thumbnail","6":"product_cat-mower-tedder","8":"first","9":"instock","10":"shipping-taxable","11":"product-type-simple"},"_links":{"self":[{"href":"https:\/\/square-balers.com\/sv\/wp-json\/wp\/v2\/product\/350","targetHints":{"allow":["GET"]}}],"collection":[{"href":"https:\/\/square-balers.com\/sv\/wp-json\/wp\/v2\/product"}],"about":[{"href":"https:\/\/square-balers.com\/sv\/wp-json\/wp\/v2\/types\/product"}],"wp:featuredmedia":[{"embeddable":true,"href":"https:\/\/square-balers.com\/sv\/wp-json\/wp\/v2\/media\/354"}],"wp:attachment":[{"href":"https:\/\/square-balers.com\/sv\/wp-json\/wp\/v2\/media?parent=350"}],"wp:term":[{"taxonomy":"product_brand","embeddable":true,"href":"https:\/\/square-balers.com\/sv\/wp-json\/wp\/v2\/product_brand?post=350"},{"taxonomy":"product_cat","embeddable":true,"href":"https:\/\/square-balers.com\/sv\/wp-json\/wp\/v2\/product_cat?post=350"},{"taxonomy":"product_tag","embeddable":true,"href":"https:\/\/square-balers.com\/sv\/wp-json\/wp\/v2\/product_tag?post=350"}],"curies":[{"name":"wp","href":"https:\/\/api.w.org\/{rel}","templated":true}]}}