{"id":364,"date":"2025-12-16T08:04:33","date_gmt":"2025-12-16T08:04:33","guid":{"rendered":"https:\/\/square-balers.com\/?post_type=product&#038;p=364"},"modified":"2025-12-19T01:46:23","modified_gmt":"2025-12-19T01:46:23","slug":"9yg-2-24d-rundbalpress-s9000-beyond","status":"publish","type":"product","link":"https:\/\/square-balers.com\/sv\/produkt\/9yg-2-24d-rundbalpress-s9000-beyond\/","title":{"rendered":"9YG-2.24D rundbalpress (S9000 Beyond)"},"content":{"rendered":"<p>9YG-2.24D rundbalspress (S9000 Beyond) \u00e4r en banbrytande jordbruksmaskin utformad f\u00f6r att effektivt komprimera och pressa halm, h\u00f6 och annat organiskt material till j\u00e4mna rundbalar. Denna h\u00e5llbara balpress \u00e4r utrustad med avancerade funktioner f\u00f6r att s\u00e4kerst\u00e4lla stabil prestanda, l\u00e5ga underh\u00e5llskostnader och h\u00f6g produktivitet. Oavsett om du \u00e4r en storskalig jordbrukare eller en leverant\u00f6r av jordbrukstj\u00e4nster, kan denna maskin hantera de mest kr\u00e4vande driftsmilj\u00f6erna.<\/p>\n<h2>Teknisk specifikation<\/h2>\n<table style=\"border-color: #000000;\">\n<thead>\n<tr>\n<th>Serienummer<\/th>\n<th>Punkt<\/th>\n<th>Enhet<\/th>\n<th>Specifikation<\/th>\n<\/tr>\n<\/thead>\n<tbody>\n<tr>\n<td>1<\/td>\n<td>Modellnamn<\/td>\n<td>\/<\/td>\n<td>9YG-2.24D rundbalpress (S9000 Beyond)<\/td>\n<\/tr>\n<tr>\n<td>2<\/td>\n<td>Hitching-metoden<\/td>\n<td>\/<\/td>\n<td>Dragtyp<\/td>\n<\/tr>\n<tr>\n<td>3<\/td>\n<td>Plockbredd<\/td>\n<td>mm<\/td>\n<td>2240<\/td>\n<\/tr>\n<tr>\n<td>4<\/td>\n<td>Typ av v\u00e4ljarstruktur<\/td>\n<td>\/<\/td>\n<td>Fj\u00e4dertandstyp<\/td>\n<\/tr>\n<tr>\n<td>5<\/td>\n<td>Strukturtyp f\u00f6r matningsanordning<\/td>\n<td>\/<\/td>\n<td>Tandad st\u00e5ng + rulletyp<\/td>\n<\/tr>\n<tr>\n<td>6<\/td>\n<td>Kompressionskammarbalpressens strukturtyp<\/td>\n<td>\/<\/td>\n<td>Rulltyp<\/td>\n<\/tr>\n<tr>\n<td>7<\/td>\n<td>Kompressionskammarens bredd<\/td>\n<td>mm<\/td>\n<td>1400<\/td>\n<\/tr>\n<tr>\n<td>8<\/td>\n<td>Kompressionskammardiameter<\/td>\n<td>mm<\/td>\n<td>\u03a6 1200<\/td>\n<\/tr>\n<tr>\n<td>9<\/td>\n<td>Antal arbetande delar i kompressionskammaren<\/td>\n<td>st<\/td>\n<td>18 (V\u00e4ltar)<\/td>\n<\/tr>\n<tr>\n<td>10<\/td>\n<td>Diameter p\u00e5 rullande rulle<\/td>\n<td>mm<\/td>\n<td>\u03a6 222<\/td>\n<\/tr>\n<tr>\n<td>11<\/td>\n<td>Bindningsmetod<\/td>\n<td>\/<\/td>\n<td>N\u00e4tlindning<\/td>\n<\/tr>\n<tr>\n<td>12<\/td>\n<td>Matchande kraft<\/td>\n<td>kW<\/td>\n<td>55-100<\/td>\n<\/tr>\n<tr>\n<td>13<\/td>\n<td>Strukturell massa<\/td>\n<td>kg<\/td>\n<td>4570<\/td>\n<\/tr>\n<tr>\n<td>14<\/td>\n<td>Kraftuttagshastighet<\/td>\n<td>varv\/min<\/td>\n<td>720<\/td>\n<\/tr>\n<tr>\n<td>15<\/td>\n<td>Totala m\u00e5tt (l\u00e4ngd \u00d7 bredd \u00d7 h\u00f6jd)<\/td>\n<td>mm<\/td>\n<td>4600\u00d73010\u00d72370 (arbetsl\u00e4ge)<\/td>\n<\/tr>\n<tr>\n<td>16<\/td>\n<td>Kontroll av baldensitet<\/td>\n<td>\/<\/td>\n<td>Sensorkontroll<\/td>\n<\/tr>\n<tr>\n<td>17<\/td>\n<td>Balm\u00e5tt (diameter \u00d7 bredd)<\/td>\n<td>mm<\/td>\n<td>\u03a6 1300\u00d71400<\/td>\n<\/tr>\n<tr>\n<td>18<\/td>\n<td>Baldensitet<\/td>\n<td>kg\/m\u00b3<\/td>\n<td>100-200<\/td>\n<\/tr>\n<tr>\n<td>19<\/td>\n<td>Produktivitet<\/td>\n<td>balar\/h<\/td>\n<td>40~100<\/td>\n<\/tr>\n<tr>\n<td>20<\/td>\n<td>Hjulbas<\/td>\n<td>mm<\/td>\n<td>2600<\/td>\n<\/tr>\n<tr>\n<td>21<\/td>\n<td>Driftshastighet<\/td>\n<td>km\/h<\/td>\n<td>5-35<\/td>\n<\/tr>\n<tr>\n<td>22<\/td>\n<td>Specifikation f\u00f6r baln\u00e4t (l\u00e4ngd \u00d7 bredd)<\/td>\n<td>\/<\/td>\n<td>2000\u00d71,4 m\/rulle<\/td>\n<\/tr>\n<\/tbody>\n<\/table>\n<h2>Produktdefinition<\/h2>\n<p>9YG-2.24D rundbalspress (S9000 Beyond) \u00e4r en avancerad rundbalspress som \u00e4r speciellt utformad f\u00f6r jordbruks\u00e4ndam\u00e5l. Den komprimerar effektivt gr\u00f6dorester som h\u00f6, halm och ensilage till rundbalar, vilket optimerar lagrings- och transportprocesser. Tack vare sin avancerade teknik s\u00e4kerst\u00e4ller den smidig och p\u00e5litlig drift \u00e4ven under tuffa arbetsf\u00f6rh\u00e5llanden.<\/p>\n<h2>L\u00f6sta problem och anv\u00e4ndningsomr\u00e5den<\/h2>\n<p>Rundbalspressen 9YG-2.24D (S9000 Beyond) \u00e5tg\u00e4rdar flera vanliga problem som uppst\u00e5r i moderna jordbruksverksamheter. Dessa inkluderar:<\/p>\n<ul>\n<li>Inkonsekvent balstorlek och kvalitet<\/li>\n<li>Sv\u00e5righeter att hantera stora volymer gr\u00f6dorester<\/li>\n<li>Tidskr\u00e4vande manuella balningsprocesser<\/li>\n<li>\u00d6kad driftstoppstid p\u00e5 grund av utrustningsfel<\/li>\n<li>Begr\u00e4nsad anpassningsf\u00f6rm\u00e5ga till olika gr\u00f6dtyper och milj\u00f6f\u00f6rh\u00e5llanden<\/li>\n<\/ul>\n<p>Denna produkt \u00e4r idealisk f\u00f6r anv\u00e4ndning i olika jordbruksmilj\u00f6er, inklusive:<\/p>\n<ul>\n<li>Balpressning av h\u00f6 och halm<\/li>\n<li>Ensilageuppsamling och balning<\/li>\n<li>Storskalig jordbruksverksamhet<\/li>\n<li>Produktion av djurfoder<\/li>\n<li>Avfallshantering i jordbruksmilj\u00f6er<\/li>\n<li>Effektiv h\u00f6lagring och transport<\/li>\n<\/ul>\n<p style=\"text-align: center;\"><img loading=\"lazy\" decoding=\"async\" class=\"alignnone wp-image-367\" src=\"https:\/\/square-balers.com\/wp-content\/uploads\/2025\/12\/6-1-1.webp\" alt=\"Rundbalpress\" width=\"447\" height=\"447\" srcset=\"https:\/\/square-balers.com\/wp-content\/uploads\/2025\/12\/6-1-1.webp 285w, https:\/\/square-balers.com\/wp-content\/uploads\/2025\/12\/6-1-1-150x150.webp 150w, https:\/\/square-balers.com\/wp-content\/uploads\/2025\/12\/6-1-1-12x12.webp 12w, https:\/\/square-balers.com\/wp-content\/uploads\/2025\/12\/6-1-1-100x100.webp 100w\" sizes=\"(max-width: 447px) 100vw, 447px\" \/><\/p>\n<h2>Produktf\u00f6rdelar<\/h2>\n<h3>1. H\u00f6g effektivitet<\/h3>\n<p>Rundbalspressen 9YG-2.24D (S9000 Beyond) \u00e4r konstruerad f\u00f6r h\u00f6geffektiv balpressning, vilket s\u00e4kerst\u00e4ller att du kan slutf\u00f6ra storskaliga balpressningsuppgifter p\u00e5 kortare tid. Dess kraftfulla motor och avancerade hydraulsystem arbetar tillsammans f\u00f6r att maximera produktionen, vilket minskar behovet av t\u00e4ta stopp.<\/p>\n<h3>2. Robust konstruktion<\/h3>\n<p>Denna balpress \u00e4r byggd f\u00f6r att klara tuffa f\u00f6rh\u00e5llanden och har en stark och h\u00e5llbar ram som klarar tunga arbetsbelastningar. Dess f\u00f6rst\u00e4rkta struktur s\u00e4kerst\u00e4ller l\u00e5ng livsl\u00e4ngd, vilket minskar risken f\u00f6r haverier och f\u00f6rb\u00e4ttrar maskinens totala livsl\u00e4ngd.<\/p>\n<h3>3. Enkel anv\u00e4ndning<\/h3>\n<p>Utrustad med anv\u00e4ndarv\u00e4nliga kontroller erbjuder 9YG-2.24D rundbalspress (S9000 Beyond) s\u00f6ml\u00f6s drift f\u00f6r f\u00f6rare p\u00e5 alla erfarenhetsniv\u00e5er. Det intuitiva gr\u00e4nssnittet g\u00f6r det enklare att justera inst\u00e4llningar och \u00f6vervaka balningsprocessen.<\/p>\n<h3>4. M\u00e5ngsidighet<\/h3>\n<p>Denna balpress \u00e4r konstruerad f\u00f6r att arbeta effektivt med en m\u00e4ngd olika gr\u00f6dor, inklusive h\u00f6, halm och ensilage. Den kan anpassa sig till olika jordbruksmilj\u00f6er, vilket g\u00f6r den till ett utm\u00e4rkt val f\u00f6r olika jordbruksbehov.<\/p>\n<h3>5. L\u00e5gt underh\u00e5ll<\/h3>\n<p>Tack vare h\u00f6gkvalitativa material och konstruktion kr\u00e4ver 9YG-2.24D rundbalspress (S9000 Beyond) minimalt underh\u00e5ll. Dess innovativa design minskar slitage, vilket sparar tid och kostnader i samband med reparationer och reservdelsbyten.<\/p>\n<h2>S\u00e5 fungerar 9YG-2.24D rundbalspressen (S9000 Beyond)<\/h2>\n<p>Rundbalspressen 9YG-2.24D (S9000 Beyond) anv\u00e4nder ett avancerat hydraulsystem f\u00f6r att mata gr\u00f6dor in i en noggrant kontrollerad pressningskammare, d\u00e4r de komprimeras till en cylindrisk form. Balpressen anv\u00e4nder en serie valsar och transportband f\u00f6r att forma rundbalar, som sedan automatiskt binds samman med slitstarka rep eller n\u00e4t. Denna kontinuerliga process s\u00e4kerst\u00e4ller en j\u00e4mn balstorlek, vilket g\u00f6r lagring och transport mer bekv\u00e4m och effektiv.<\/p>\n<h2>Huvudsakliga till\u00e4mpningar<\/h2>\n<p>9YG-2.24D rundbalspress (S9000 Beyond) \u00e4r konstruerad f\u00f6r olika till\u00e4mpningar inom jordbrukssektorn:<\/p>\n<ul>\n<li>Effektiv h\u00f6insamling och balning f\u00f6r djurfoder<\/li>\n<li>Produktion av halmbalar f\u00f6r str\u00f6material<\/li>\n<li>Balning av ensilage f\u00f6r l\u00e5ngtidslagring och utfodring<\/li>\n<li>Hantering av gr\u00f6dorester f\u00f6r jordf\u00f6rb\u00e4ttring<\/li>\n<li>Minska skr\u00e4p och avfall p\u00e5 f\u00e4ltet<\/li>\n<li>Optimering av utrymme f\u00f6r enklare lagring och transport av stora materialvolymer<\/li>\n<\/ul>\n<h2>Att v\u00e4lja r\u00e4tt 9YG-2.24D rundbalspress (S9000 Beyond)<\/h2>\n<h3>1. T\u00e4nk p\u00e5 din g\u00e5rdsstorlek<\/h3>\n<p>Om du driver en storskalig g\u00e5rd beh\u00f6ver du en balpress som kan hantera h\u00f6ga volymer effektivt. 9YG-2.24D \u00e4r perfekt f\u00f6r stora g\u00e5rdar tack vare sin h\u00f6ga kapacitet och snabba driftshastighet.<\/p>\n<h3>2. Utv\u00e4rdera gr\u00f6dtyper<\/h3>\n<p>Rundbalspressen 9YG-2.24D (S9000 Beyond) \u00e4r l\u00e4mplig f\u00f6r en m\u00e4ngd olika gr\u00f6dor. Se till att maskinens inst\u00e4llningar och funktioner \u00e4r anpassade till de specifika gr\u00f6dor du hanterar oftast, s\u00e5som h\u00f6, halm eller ensilage.<\/p>\n<h3>3. Leta efter h\u00e5llbarhet<\/h3>\n<p>V\u00e4lj en balpress som klarar de tuffa f\u00f6rh\u00e5llandena p\u00e5 din g\u00e5rd. 9YG-2.24D har en robust ram och h\u00f6gkvalitativa material, vilket g\u00f6r den idealisk f\u00f6r g\u00e5rdar med kr\u00e4vande milj\u00f6er.<\/p>\n<h3>4. Kontrollera hur enkelt underh\u00e5llet \u00e4r<\/h3>\n<p>T\u00e4nk p\u00e5 hur enkelt underh\u00e5llet \u00e4r n\u00e4r du v\u00e4ljer en balpress. 9YG-2.24D \u00e4r konstruerad f\u00f6r minimalt underh\u00e5ll, vilket s\u00e4kerst\u00e4ller att du l\u00e4gger mer tid p\u00e5 att anv\u00e4nda maskinen och mindre tid p\u00e5 reparationer.<\/p>\n<h3>5. S\u00e4kerst\u00e4ll f\u00f6rarens komfort<\/h3>\n<p>Balpressen ska vara enkel f\u00f6r operat\u00f6rerna att anv\u00e4nda, med intuitiva kontroller och ergonomiska funktioner. 9YG-2.24D ger en bekv\u00e4m arbetsmilj\u00f6 som s\u00e4kerst\u00e4ller att operat\u00f6rerna kan arbeta effektivt utan anstr\u00e4ngning.<\/p>\n<h3>6. Granska service- och garantialternativ<\/h3>\n<p>Se till att den balpress du v\u00e4ljer har stark service och garanti. 9YG-2.24D erbjuder 3 \u00e5rs garanti, vilket garanterar trygghet med support och hj\u00e4lp efter k\u00f6pet.<\/p>\n<p style=\"text-align: center;\"><img loading=\"lazy\" decoding=\"async\" class=\"alignnone wp-image-366\" src=\"https:\/\/square-balers.com\/wp-content\/uploads\/2025\/12\/5-1-1.webp\" alt=\"Rundbalpress\" width=\"435\" height=\"435\" srcset=\"https:\/\/square-balers.com\/wp-content\/uploads\/2025\/12\/5-1-1.webp 289w, https:\/\/square-balers.com\/wp-content\/uploads\/2025\/12\/5-1-1-150x150.webp 150w, https:\/\/square-balers.com\/wp-content\/uploads\/2025\/12\/5-1-1-12x12.webp 12w, https:\/\/square-balers.com\/wp-content\/uploads\/2025\/12\/5-1-1-100x100.webp 100w\" sizes=\"(max-width: 435px) 100vw, 435px\" \/><\/p>\n<h2>Underh\u00e5llsmetoder f\u00f6r 9YG-2.24D rundbalspress (S9000 Beyond)<\/h2>\n<p>Att underh\u00e5lla 9YG-2.24D rundbalspress (S9000 Beyond) \u00e4r avg\u00f6rande f\u00f6r att s\u00e4kerst\u00e4lla dess livsl\u00e4ngd och prestanda. H\u00e4r \u00e4r n\u00e5gra tips f\u00f6r underh\u00e5ll:<\/p>\n<ul>\n<li>Kontrollera och sm\u00f6rj regelbundet r\u00f6rliga delar f\u00f6r att f\u00f6rhindra slitage.<\/li>\n<li>Kontrollera remmarna och rullarna f\u00f6r att s\u00e4kerst\u00e4lla att de \u00e4r korrekt justerade och sp\u00e4nda.<\/li>\n<li>Reng\u00f6r maskinen efter varje anv\u00e4ndning f\u00f6r att f\u00f6rhindra att skr\u00e4p samlas, vilket kan f\u00f6rs\u00e4mra prestandan.<\/li>\n<li>Byt ut slitna delar som sn\u00f6re eller n\u00e4tstyrningar f\u00f6r att s\u00e4kerst\u00e4lla problemfri drift.<\/li>\n<li>Kontrollera hydraulv\u00e4tskeniv\u00e5erna och se till att inga l\u00e4ckor finns i systemet.<\/li>\n<\/ul>\n<h2>Kundrecensioner<\/h2>\n<p>H\u00e4r \u00e4r n\u00e5gra recensioner fr\u00e5n n\u00f6jda kunder v\u00e4rlden \u00f6ver:<\/p>\n<p>\u201d9YG-2.24D rundbalspressen har revolutionerat v\u00e5r g\u00e5rd. Den \u00e4r otroligt snabb och effektiv, vilket g\u00f6r balningsprocessen mycket snabbare och smidigare. Vi har sett en betydande f\u00f6rb\u00e4ttring av kvaliteten p\u00e5 v\u00e5ra balar, och stillest\u00e5ndstiden \u00e4r n\u00e4stan obefintlig.\u201d<\/p>\n<p><strong>\u2013 John, USA<\/strong><\/p>\n<p>\u201dJag har anv\u00e4nt 9YG-2.24D i \u00f6ver ett \u00e5r nu, och den har visat sig vara en av de b\u00e4sta investeringarna f\u00f6r v\u00e5r g\u00e5rd. Den hanterar en m\u00e4ngd olika gr\u00f6dor utan anstr\u00e4ngning och bibeh\u00e5ller en j\u00e4mn balstorlek. Rekommenderas starkt!\u201d<\/p>\n<p><strong>\u2013 Maria, Brasilien<\/strong><\/p>\n<p>\u201dH\u00e5llbarheten och tillf\u00f6rlitligheten hos 9YG-2.24D rundbalspress \u00e4r o\u00f6vertr\u00e4ffad. \u00c4ven under kr\u00e4vande f\u00f6rh\u00e5llanden forts\u00e4tter den att fungera utan n\u00e5gra st\u00f6rre problem. Den \u00e4r ocks\u00e5 mycket enkel att anv\u00e4nda, vilket g\u00f6r den till ett utm\u00e4rkt val f\u00f6r alla typer av lantbrukare.\u201d<\/p>\n<p><strong>\u2013 Stefan, Tyskland<\/strong><\/p>\n<p>\u201dVi har provat flera balpressar tidigare, men ingen kan m\u00e4ta sig med 9YG-2.24D. Den \u00e4r snabb, effektiv och kr\u00e4ver v\u00e4ldigt lite underh\u00e5ll. V\u00e5r verksamhet har blivit mycket mer effektiv och vi har minskat kostnaderna avsev\u00e4rt.\u201d<\/p>\n<p><strong>\u2013 Ahmed, Egypten<\/strong><\/p>\n<p>\u201dDenna balpress har \u00f6vertr\u00e4ffat v\u00e5ra f\u00f6rv\u00e4ntningar. Den \u00e4r kompakt, men kraftfull. Rundbalarna \u00e4r perfekt formade och maskinens kvalitet \u00e4r imponerande. Jag kunde inte vara n\u00f6jdare med det h\u00e4r k\u00f6pet.\u201d<\/p>\n<p><strong>\u2013 Paul, Australien<\/strong><\/p>\n<h2>Varf\u00f6r v\u00e4lja v\u00e5r produkt?<\/h2>\n<p>Att v\u00e4lja 9YG-2.24D <a href=\"https:\/\/square-balers.com\/sv\/produkt\/9yg-1-25a-rundbalpress\/\">Rundbalpress<\/a> (S9000 Beyond) garanterar att du investerar i en h\u00f6gkvalitativ produkt med o\u00f6vertr\u00e4ffad h\u00e5llbarhet och effektivitet. Vi str\u00e4var efter kundn\u00f6jdhet, vilket \u00e5terspeglas i v\u00e5ra snabba anpassningstj\u00e4nster, starka eftermarknadssupport och omfattande tre\u00e5riga garanti. Vi erbjuder \u00e4ven global expressleverans f\u00f6r att s\u00e4kerst\u00e4lla att dina produkter kommer fram i tid, oavsett var de befinner sig. Med v\u00e5rt omfattande servicen\u00e4tverk kan du f\u00e5 kontinuerlig support under hela produktens livscykel.<\/p>\n<p>L\u00e4s mer om rundbalspressen 9YG-2.24D (S9000 Beyond) och se hur den kan revolutionera din jordbruksproduktion. V\u00e5ra avancerade produktionsanl\u00e4ggningar och orubbliga engagemang f\u00f6r kvalitet s\u00e4kerst\u00e4ller att du f\u00e5r den b\u00e4sta utrustningen till ett mycket konkurrenskraftigt pris. Ut\u00f6ver 9YG-2.24D erbjuder vi \u00e4ven ett komplett utbud av tillbeh\u00f6r och relaterade produkter f\u00f6r att m\u00f6ta dina olika behov av jordbruksmaskiner. Kontakta oss idag f\u00f6r mer information eller f\u00f6r att k\u00f6pa!<\/p>\n<p style=\"text-align: center;\"><img loading=\"lazy\" decoding=\"async\" class=\"alignnone wp-image-365\" src=\"https:\/\/square-balers.com\/wp-content\/uploads\/2025\/12\/4-1-1.webp\" alt=\"Rundbalpress\" width=\"450\" height=\"450\" srcset=\"https:\/\/square-balers.com\/wp-content\/uploads\/2025\/12\/4-1-1.webp 282w, https:\/\/square-balers.com\/wp-content\/uploads\/2025\/12\/4-1-1-150x150.webp 150w, https:\/\/square-balers.com\/wp-content\/uploads\/2025\/12\/4-1-1-12x12.webp 12w, https:\/\/square-balers.com\/wp-content\/uploads\/2025\/12\/4-1-1-100x100.webp 100w\" sizes=\"(max-width: 450px) 100vw, 450px\" \/><\/p>\n<h2>Vanliga fr\u00e5gor (FAQ)<\/h2>\n<ol>\n<li><strong>Vilka \u00e4r de viktigaste funktionerna hos 9YG-2.24D rundbalspress (S9000 Beyond)?<\/strong><br \/>\nRundbalspressen 9YG-2.24D (S9000 Beyond) har h\u00f6geffektiv balpressning, robust konstruktion, enkel anv\u00e4ndning, m\u00e5ngsidighet f\u00f6r olika gr\u00f6dor och l\u00e5ga underh\u00e5llskrav. Dessa egenskaper s\u00e4kerst\u00e4ller att den presterar bra i kr\u00e4vande jordbruksmilj\u00f6er och producerar balar av konsekvent h\u00f6g kvalitet.<\/li>\n<li><strong>Hur fungerar 9YG-2.24D rundbalspressen?<\/strong><br \/>\n9YG-2.24D rundbalspress anv\u00e4nder ett avancerat hydraulsystem f\u00f6r att mata och komprimera gr\u00f6dmaterial till en cylindrisk form. Materialet lindas in med sn\u00f6re eller n\u00e4t f\u00f6r s\u00e4ker bindning, och maskinen arbetar kontinuerligt och producerar j\u00e4mna balar.<\/li>\n<li><strong>Vilka typer av gr\u00f6dor kan 9YG-2.24D rundbalpressen hantera?<\/strong><br \/>\n9YG-2.24D \u00e4r m\u00e5ngsidig och kan hantera olika gr\u00f6dor som h\u00f6, halm och ensilage. Den \u00e4r konstruerad f\u00f6r att ge h\u00f6g prestanda f\u00f6r olika material, vilket s\u00e4kerst\u00e4ller effektiva balningsoperationer f\u00f6r alla jordbruksmilj\u00f6er.<\/li>\n<li><strong>Vad \u00e4r underh\u00e5llskravet f\u00f6r denna balpress?<\/strong><br \/>\nRegelbundet underh\u00e5ll innefattar kontroll och sm\u00f6rjning av r\u00f6rliga delar, inspektion av remmar och rullar, reng\u00f6ring av maskinen efter anv\u00e4ndning och \u00f6vervakning av hydraulv\u00e4tskeniv\u00e5er. Dessa \u00e5tg\u00e4rder bidrar till att s\u00e4kerst\u00e4lla att balpressen fungerar med maximal prestanda.<\/li>\n<li><strong>Kan 9YG-2.24D rundbalspressen anv\u00e4ndas i tuffa v\u00e4derf\u00f6rh\u00e5llanden?<\/strong><br \/>\nJa, 9YG-2.24D \u00e4r konstruerad f\u00f6r att hantera tuffa jordbruksmilj\u00f6er, inklusive h\u00e5rda v\u00e4derf\u00f6rh\u00e5llanden. Dess robusta ram och h\u00e5llbara komponenter s\u00e4kerst\u00e4ller tillf\u00f6rlitlig drift \u00e4ven under extrema f\u00f6rh\u00e5llanden.<\/li>\n<li><strong>Vilken typ av garanti ing\u00e5r i 9YG-2.24D rundbalspress?<\/strong><br \/>\n9YG-2.24D levereras med en omfattande 3-\u00e5rsgaranti som t\u00e4cker tillverkningsfel och ger trygghet med support och service efter k\u00f6pet.<\/li>\n<li><strong>Hur snabb \u00e4r balningsprocessen med den h\u00e4r maskinen?<\/strong><br \/>\n9YG-2.24D \u00e4r konstruerad f\u00f6r h\u00f6geffektiv balpressning. Dess h\u00f6ga driftshastighet s\u00e4kerst\u00e4ller att stora m\u00e4ngder material kan balas snabbt, vilket sparar v\u00e4rdefull tid under sk\u00f6rdes\u00e4songen.<\/li>\n<li><strong>\u00c4r 9YG-2.24D l\u00e4tt att anv\u00e4nda?<\/strong><br \/>\nJa, 9YG-2.24D har anv\u00e4ndarv\u00e4nliga kontroller som g\u00f6r den enkel att anv\u00e4nda f\u00f6r operat\u00f6rer oavsett erfarenhetsniv\u00e5. Det intuitiva gr\u00e4nssnittet m\u00f6jligg\u00f6r snabba justeringar av inst\u00e4llningar under drift.<\/li>\n<li><strong>Kr\u00e4ver denna balpress s\u00e4rskild utbildning f\u00f6r att anv\u00e4ndas?<\/strong><br \/>\n\u00c4ven om 9YG-2.24D \u00e4r konstruerad f\u00f6r enkel anv\u00e4ndning, rekommenderas grundl\u00e4ggande utbildning i balpressens drift och s\u00e4kerhetsrutiner f\u00f6r att s\u00e4kerst\u00e4lla optimal prestanda och s\u00e4ker anv\u00e4ndning.<\/li>\n<li><strong>Kan 9YG-2.24D rundbalpressen anv\u00e4ndas f\u00f6r ensilage?<\/strong><br \/>\nJa, 9YG-2.24D \u00e4r l\u00e4mplig f\u00f6r ensilagebalning. Dess justerbara inst\u00e4llningar g\u00f6r den effektiv f\u00f6r olika typer av organiskt material, inklusive ensilage, h\u00f6 och halm.<\/li>\n<li><strong>Vad \u00e4r den f\u00f6rv\u00e4ntade livsl\u00e4ngden f\u00f6r 9YG-2.24D rundbalspress?<\/strong><br \/>\nMed regelbundet underh\u00e5ll och korrekt anv\u00e4ndning kan 9YG-2.24D h\u00e5lla i m\u00e5nga \u00e5r. Den h\u00f6gkvalitativa konstruktionen och de h\u00e5llbara komponenterna s\u00e4kerst\u00e4ller en l\u00e5ng livsl\u00e4ngd.<\/li>\n<li><strong>Hur kan jag f\u00e5 tag p\u00e5 reservdelar till 9YG-2.24D rundbalspress?<\/strong><br \/>\nVi erbjuder ett helt\u00e4ckande n\u00e4tverk av reservdelar. Du kan kontakta v\u00e5r kundtj\u00e4nst f\u00f6r att f\u00e5 hj\u00e4lp med att best\u00e4lla delar till din balpress, s\u00e5 att din maskin h\u00e5lls i toppskick.<\/li>\n<li><strong>Kan jag anpassa 9YG-2.24D rundbalspressen efter mina specifika behov?<\/strong><br \/>\nJa, vi erbjuder anpassningsalternativ f\u00f6r att skr\u00e4ddarsy 9YG-2.24D till dina specifika jordbruksbehov. V\u00e5rt team kan hj\u00e4lpa dig att justera maskinen s\u00e5 att den passar dina driftsbehov.<\/li>\n<li><strong>Hur enkelt \u00e4r det att transportera 9YG-2.24D rundbalspressen?<\/strong><br \/>\n9YG-2.24D \u00e4r konstruerad f\u00f6r enkel transport. Dess kompakta design och robusta konstruktion g\u00f6r den enkel att flytta mellan olika platser p\u00e5 g\u00e5rden, s\u00e4rskilt med r\u00e4tt redskap f\u00f6r bogsering.<\/li>\n<\/ol>\n<p>redigerad av gzl<\/p>","protected":false},"excerpt":{"rendered":"<p>Uppt\u00e4ck rundbalspressen 9YG-2.24D (S9000 Beyond) \u2013 designad f\u00f6r ultimat effektivitet och h\u00e5llbarhet, \u00e4r denna balpress idealisk f\u00f6r stora g\u00e5rdar. Dess \u00f6verl\u00e4gsna prestanda garanterar h\u00f6gre avkastning och mindre underh\u00e5ll. Uppgradera din jordbruksutrustning nu f\u00f6r smidigare drift och h\u00f6gre produktivitet. Skaffa den idag och upplev kraften i den senaste tekniken!<\/p>","protected":false},"featured_media":368,"template":"","meta":{"_et_pb_use_builder":"","_et_pb_old_content":"","_et_gb_content_width":""},"product_brand":[],"product_cat":[21],"product_tag":[],"class_list":{"0":"post-364","1":"product","2":"type-product","3":"status-publish","4":"has-post-thumbnail","6":"product_cat-round-baler-rake","8":"first","9":"instock","10":"shipping-taxable","11":"product-type-simple"},"_links":{"self":[{"href":"https:\/\/square-balers.com\/sv\/wp-json\/wp\/v2\/product\/364","targetHints":{"allow":["GET"]}}],"collection":[{"href":"https:\/\/square-balers.com\/sv\/wp-json\/wp\/v2\/product"}],"about":[{"href":"https:\/\/square-balers.com\/sv\/wp-json\/wp\/v2\/types\/product"}],"wp:featuredmedia":[{"embeddable":true,"href":"https:\/\/square-balers.com\/sv\/wp-json\/wp\/v2\/media\/368"}],"wp:attachment":[{"href":"https:\/\/square-balers.com\/sv\/wp-json\/wp\/v2\/media?parent=364"}],"wp:term":[{"taxonomy":"product_brand","embeddable":true,"href":"https:\/\/square-balers.com\/sv\/wp-json\/wp\/v2\/product_brand?post=364"},{"taxonomy":"product_cat","embeddable":true,"href":"https:\/\/square-balers.com\/sv\/wp-json\/wp\/v2\/product_cat?post=364"},{"taxonomy":"product_tag","embeddable":true,"href":"https:\/\/square-balers.com\/sv\/wp-json\/wp\/v2\/product_tag?post=364"}],"curies":[{"name":"wp","href":"https:\/\/api.w.org\/{rel}","templated":true}]}}